{"id":73797,"date":"2025-08-06T14:56:20","date_gmt":"2025-08-06T14:56:20","guid":{"rendered":"https:\/\/velarogverkfaeri.is\/?post_type=product&#038;p=73797"},"modified":"2025-08-20T05:02:34","modified_gmt":"2025-08-20T05:02:34","slug":"technomax-ce-40pp-skapur-f-skammbyssur","status":"publish","type":"product","link":"https:\/\/velarogverkfaeri.is\/en\/lykillausnir\/oryggisvorur\/byssuskapar\/product\/technomax-ce-40pp-skapur-f-skammbyssur\/","title":{"rendered":"TECHNOMAX CE\/40PP Sk\u00e1pur f. skammbyssur"},"content":{"rendered":"<p data-start=\"103\" data-end=\"178\"><strong data-start=\"103\" data-end=\"176\">Technomax CE\/40PP rafr\u00e6nn byssusk\u00e1pur<\/strong><\/p>\n<ul data-start=\"180\" data-end=\"981\">\n<li data-start=\"180\" data-end=\"230\">\n<p data-start=\"182\" data-end=\"230\">Hur\u00f0 og framhli\u00f0 8 mm \u00feykk, kassi 3 mm \u00feykkur.<\/p>\n<\/li>\n<li data-start=\"231\" data-end=\"321\">\n<p data-start=\"233\" data-end=\"321\">Laser-skur\u00f0ur, l\u00e6sing stj\u00f3rna\u00f0 af mj\u00f6g \u00e1rei\u00f0anlegu rafr\u00e6nu t\u00e6ki me\u00f0 \u00f3t\u00edmabundnu minni.<\/p>\n<\/li>\n<li data-start=\"322\" data-end=\"379\">\n<p data-start=\"324\" data-end=\"379\">Opnun\/lokun me\u00f0 st\u00fdringarr\u00f3fa og l\u00e6sing me\u00f0 rafsegli.<\/p>\n<\/li>\n<li data-start=\"380\" data-end=\"455\">\n<p data-start=\"382\" data-end=\"455\">Innbyggt rafmagn me\u00f0 4 stk. 1,5 V alkaline rafhl\u00f6\u00f0um (ekki innifaldar).<\/p>\n<\/li>\n<li data-start=\"456\" data-end=\"502\">\n<p data-start=\"458\" data-end=\"502\">M\u00e1lmhnappabor\u00f0 me\u00f0 4 s\u00e9rh\u00e6f\u00f0um LED-lj\u00f3sum.<\/p>\n<\/li>\n<li data-start=\"547\" data-end=\"632\">\n<p data-start=\"549\" data-end=\"632\">Hlj\u00f3\u00f0- og lj\u00f3smerki fyrir sta\u00f0festingu \u00e1 takka, villum e\u00f0a l\u00e1gu rafhl\u00f6\u00f0ustigi.<\/p>\n<\/li>\n<li data-start=\"633\" data-end=\"676\">\n<p data-start=\"635\" data-end=\"676\">St\u00e1lh\u00fa\u00f0a\u00f0ir deadbolts, \u00d8 22 mm.<\/p>\n<\/li>\n<li data-start=\"677\" data-end=\"715\">\n<p data-start=\"679\" data-end=\"715\">3 festingarg\u00f6t \u00e1 bakhli\u00f0 og festingarskr\u00fafur innifaldar.<\/p>\n<\/li>\n<li data-start=\"849\" data-end=\"882\">\n<p data-start=\"851\" data-end=\"882\">Ney\u00f0aropnun me\u00f0 lykli, votta\u00f0ur samkv\u00e6mt UNI EN 1300 (EVO-LOCK).<\/p>\n<\/li>\n<\/ul>\n<p>\n<br \/>H\u00e6\u00f0: 47 cm<\/p>\n<p>Breidd: 36 cm<\/p>\n<p>D\u00fdpt: 14 cm<\/p>","protected":false},"excerpt":{"rendered":"<p>Tegund:&nbsp;CE\/40PP<\/p>","protected":false},"featured_media":74745,"comment_status":"closed","ping_status":"closed","template":"","meta":[],"product_brand":[],"product_cat":[949,517,602],"product_tag":[],"class_list":{"0":"post-73797","1":"product","2":"type-product","3":"status-publish","4":"has-post-thumbnail","6":"product_cat-byssuskapar","7":"product_cat-lykillausnir","8":"product_cat-oryggisvorur","10":"first","11":"instock","12":"taxable","13":"shipping-taxable","14":"purchasable","15":"product-type-simple"},"yoast_head":"<!-- This site is optimized with the Yoast SEO plugin v27.3 - https:\/\/yoast.com\/product\/yoast-seo-wordpress\/ -->\n<title>TECHNOMAX CE\/40PP Sk\u00e1pur f. skammbyssur - V\u00e9lar &amp; Verkf\u00e6ri<\/title>\n<meta name=\"robots\" content=\"index, follow, max-snippet:-1, max-image-preview:large, max-video-preview:-1\" \/>\n<link rel=\"canonical\" href=\"https:\/\/velarogverkfaeri.is\/en\/lykillausnir\/oryggisvorur\/verdmaetaskapar-oryggisvorur\/product\/technomax-ce-40pp-skapur-f-skammbyssur\/\" \/>\n<meta property=\"og:locale\" content=\"en_US\" \/>\n<meta property=\"og:type\" content=\"article\" \/>\n<meta property=\"og:title\" content=\"TECHNOMAX CE\/40PP Sk\u00e1pur f. skammbyssur - V\u00e9lar &amp; Verkf\u00e6ri\" \/>\n<meta property=\"og:description\" content=\"Tegund:&nbsp;CE\/40PP\" \/>\n<meta property=\"og:url\" content=\"https:\/\/velarogverkfaeri.is\/en\/lykillausnir\/oryggisvorur\/verdmaetaskapar-oryggisvorur\/product\/technomax-ce-40pp-skapur-f-skammbyssur\/\" \/>\n<meta property=\"og:site_name\" content=\"V\u00e9lar &amp; Verkf\u00e6ri\" \/>\n<meta property=\"article:publisher\" content=\"https:\/\/www.facebook.com\/VelarOgVerkfaeri\" \/>\n<meta property=\"article:modified_time\" content=\"2025-08-20T05:02:34+00:00\" \/>\n<meta name=\"twitter:card\" content=\"summary_large_image\" \/>\n<meta name=\"twitter:label1\" content=\"Est. reading time\" \/>\n\t<meta name=\"twitter:data1\" content=\"1 minute\" \/>\n<script type=\"application\/ld+json\" class=\"yoast-schema-graph\">{\"@context\":\"https:\\\/\\\/schema.org\",\"@graph\":[{\"@type\":\"WebPage\",\"@id\":\"https:\\\/\\\/velarogverkfaeri.is\\\/lykillausnir\\\/oryggisvorur\\\/verdmaetaskapar-oryggisvorur\\\/product\\\/technomax-ce-40pp-skapur-f-skammbyssur\\\/\",\"url\":\"https:\\\/\\\/velarogverkfaeri.is\\\/lykillausnir\\\/oryggisvorur\\\/verdmaetaskapar-oryggisvorur\\\/product\\\/technomax-ce-40pp-skapur-f-skammbyssur\\\/\",\"name\":\"TECHNOMAX CE\\\/40PP Sk\u00e1pur f. skammbyssur - V\u00e9lar &amp; Verkf\u00e6ri\",\"isPartOf\":{\"@id\":\"https:\\\/\\\/velarogverkfaeri.is\\\/en\\\/#website\"},\"primaryImageOfPage\":{\"@id\":\"https:\\\/\\\/velarogverkfaeri.is\\\/lykillausnir\\\/oryggisvorur\\\/verdmaetaskapar-oryggisvorur\\\/product\\\/technomax-ce-40pp-skapur-f-skammbyssur\\\/#primaryimage\"},\"image\":{\"@id\":\"https:\\\/\\\/velarogverkfaeri.is\\\/lykillausnir\\\/oryggisvorur\\\/verdmaetaskapar-oryggisvorur\\\/product\\\/technomax-ce-40pp-skapur-f-skammbyssur\\\/#primaryimage\"},\"thumbnailUrl\":\"https:\\\/\\\/velarogverkfaeri.is\\\/wp-content\\\/uploads\\\/2025\\\/08\\\/a1c7b5e4-770f-43dd-a37d-3eeaeb740e19.jpg\",\"datePublished\":\"2025-08-06T14:56:20+00:00\",\"dateModified\":\"2025-08-20T05:02:34+00:00\",\"breadcrumb\":{\"@id\":\"https:\\\/\\\/velarogverkfaeri.is\\\/lykillausnir\\\/oryggisvorur\\\/verdmaetaskapar-oryggisvorur\\\/product\\\/technomax-ce-40pp-skapur-f-skammbyssur\\\/#breadcrumb\"},\"inLanguage\":\"en-US\",\"potentialAction\":[{\"@type\":\"ReadAction\",\"target\":[\"https:\\\/\\\/velarogverkfaeri.is\\\/lykillausnir\\\/oryggisvorur\\\/verdmaetaskapar-oryggisvorur\\\/product\\\/technomax-ce-40pp-skapur-f-skammbyssur\\\/\"]}]},{\"@type\":\"ImageObject\",\"inLanguage\":\"en-US\",\"@id\":\"https:\\\/\\\/velarogverkfaeri.is\\\/lykillausnir\\\/oryggisvorur\\\/verdmaetaskapar-oryggisvorur\\\/product\\\/technomax-ce-40pp-skapur-f-skammbyssur\\\/#primaryimage\",\"url\":\"https:\\\/\\\/velarogverkfaeri.is\\\/wp-content\\\/uploads\\\/2025\\\/08\\\/a1c7b5e4-770f-43dd-a37d-3eeaeb740e19.jpg\",\"contentUrl\":\"https:\\\/\\\/velarogverkfaeri.is\\\/wp-content\\\/uploads\\\/2025\\\/08\\\/a1c7b5e4-770f-43dd-a37d-3eeaeb740e19.jpg\",\"width\":640,\"height\":640},{\"@type\":\"BreadcrumbList\",\"@id\":\"https:\\\/\\\/velarogverkfaeri.is\\\/lykillausnir\\\/oryggisvorur\\\/verdmaetaskapar-oryggisvorur\\\/product\\\/technomax-ce-40pp-skapur-f-skammbyssur\\\/#breadcrumb\",\"itemListElement\":[{\"@type\":\"ListItem\",\"position\":1,\"name\":\"Home\",\"item\":\"https:\\\/\\\/velarogverkfaeri.is\\\/\"},{\"@type\":\"ListItem\",\"position\":2,\"name\":\"Vefverslun\",\"item\":\"https:\\\/\\\/velarogverkfaeri.is\\\/vefverslun\\\/\"},{\"@type\":\"ListItem\",\"position\":3,\"name\":\"TECHNOMAX CE\\\/40PP Sk\u00e1pur f. skammbyssur\"}]},{\"@type\":\"WebSite\",\"@id\":\"https:\\\/\\\/velarogverkfaeri.is\\\/en\\\/#website\",\"url\":\"https:\\\/\\\/velarogverkfaeri.is\\\/en\\\/\",\"name\":\"V\u00e9lar & Verkf\u00e6ri\",\"description\":\"Umbo\u00f0s- og heildverslun fr\u00e1 \u00e1rinu 1919\",\"publisher\":{\"@id\":\"https:\\\/\\\/velarogverkfaeri.is\\\/en\\\/#organization\"},\"potentialAction\":[{\"@type\":\"SearchAction\",\"target\":{\"@type\":\"EntryPoint\",\"urlTemplate\":\"https:\\\/\\\/velarogverkfaeri.is\\\/en\\\/?s={search_term_string}\"},\"query-input\":{\"@type\":\"PropertyValueSpecification\",\"valueRequired\":true,\"valueName\":\"search_term_string\"}}],\"inLanguage\":\"en-US\"},{\"@type\":\"Organization\",\"@id\":\"https:\\\/\\\/velarogverkfaeri.is\\\/en\\\/#organization\",\"name\":\"V\u00e9lar & Verkf\u00e6ri\",\"url\":\"https:\\\/\\\/velarogverkfaeri.is\\\/en\\\/\",\"logo\":{\"@type\":\"ImageObject\",\"inLanguage\":\"en-US\",\"@id\":\"https:\\\/\\\/velarogverkfaeri.is\\\/en\\\/#\\\/schema\\\/logo\\\/image\\\/\",\"url\":\"https:\\\/\\\/velarogverkfaeri.is\\\/wp-content\\\/uploads\\\/2021\\\/10\\\/vv_logo_350x100.png\",\"contentUrl\":\"https:\\\/\\\/velarogverkfaeri.is\\\/wp-content\\\/uploads\\\/2021\\\/10\\\/vv_logo_350x100.png\",\"width\":350,\"height\":100,\"caption\":\"V\u00e9lar & Verkf\u00e6ri\"},\"image\":{\"@id\":\"https:\\\/\\\/velarogverkfaeri.is\\\/en\\\/#\\\/schema\\\/logo\\\/image\\\/\"},\"sameAs\":[\"https:\\\/\\\/www.facebook.com\\\/VelarOgVerkfaeri\"]}]}<\/script>\n<!-- \/ Yoast SEO plugin. -->","yoast_head_json":{"title":"TECHNOMAX CE\/40PP Sk\u00e1pur f. skammbyssur - V\u00e9lar &amp; Verkf\u00e6ri","robots":{"index":"index","follow":"follow","max-snippet":"max-snippet:-1","max-image-preview":"max-image-preview:large","max-video-preview":"max-video-preview:-1"},"canonical":"https:\/\/velarogverkfaeri.is\/en\/lykillausnir\/oryggisvorur\/verdmaetaskapar-oryggisvorur\/product\/technomax-ce-40pp-skapur-f-skammbyssur\/","og_locale":"en_US","og_type":"article","og_title":"TECHNOMAX CE\/40PP Sk\u00e1pur f. skammbyssur - V\u00e9lar &amp; Verkf\u00e6ri","og_description":"Tegund:&nbsp;CE\/40PP","og_url":"https:\/\/velarogverkfaeri.is\/en\/lykillausnir\/oryggisvorur\/verdmaetaskapar-oryggisvorur\/product\/technomax-ce-40pp-skapur-f-skammbyssur\/","og_site_name":"V\u00e9lar &amp; Verkf\u00e6ri","article_publisher":"https:\/\/www.facebook.com\/VelarOgVerkfaeri","article_modified_time":"2025-08-20T05:02:34+00:00","twitter_card":"summary_large_image","twitter_misc":{"Est. reading time":"1 minute"},"schema":{"@context":"https:\/\/schema.org","@graph":[{"@type":"WebPage","@id":"https:\/\/velarogverkfaeri.is\/lykillausnir\/oryggisvorur\/verdmaetaskapar-oryggisvorur\/product\/technomax-ce-40pp-skapur-f-skammbyssur\/","url":"https:\/\/velarogverkfaeri.is\/lykillausnir\/oryggisvorur\/verdmaetaskapar-oryggisvorur\/product\/technomax-ce-40pp-skapur-f-skammbyssur\/","name":"TECHNOMAX CE\/40PP Sk\u00e1pur f. skammbyssur - V\u00e9lar &amp; Verkf\u00e6ri","isPartOf":{"@id":"https:\/\/velarogverkfaeri.is\/en\/#website"},"primaryImageOfPage":{"@id":"https:\/\/velarogverkfaeri.is\/lykillausnir\/oryggisvorur\/verdmaetaskapar-oryggisvorur\/product\/technomax-ce-40pp-skapur-f-skammbyssur\/#primaryimage"},"image":{"@id":"https:\/\/velarogverkfaeri.is\/lykillausnir\/oryggisvorur\/verdmaetaskapar-oryggisvorur\/product\/technomax-ce-40pp-skapur-f-skammbyssur\/#primaryimage"},"thumbnailUrl":"https:\/\/velarogverkfaeri.is\/wp-content\/uploads\/2025\/08\/a1c7b5e4-770f-43dd-a37d-3eeaeb740e19.jpg","datePublished":"2025-08-06T14:56:20+00:00","dateModified":"2025-08-20T05:02:34+00:00","breadcrumb":{"@id":"https:\/\/velarogverkfaeri.is\/lykillausnir\/oryggisvorur\/verdmaetaskapar-oryggisvorur\/product\/technomax-ce-40pp-skapur-f-skammbyssur\/#breadcrumb"},"inLanguage":"en-US","potentialAction":[{"@type":"ReadAction","target":["https:\/\/velarogverkfaeri.is\/lykillausnir\/oryggisvorur\/verdmaetaskapar-oryggisvorur\/product\/technomax-ce-40pp-skapur-f-skammbyssur\/"]}]},{"@type":"ImageObject","inLanguage":"en-US","@id":"https:\/\/velarogverkfaeri.is\/lykillausnir\/oryggisvorur\/verdmaetaskapar-oryggisvorur\/product\/technomax-ce-40pp-skapur-f-skammbyssur\/#primaryimage","url":"https:\/\/velarogverkfaeri.is\/wp-content\/uploads\/2025\/08\/a1c7b5e4-770f-43dd-a37d-3eeaeb740e19.jpg","contentUrl":"https:\/\/velarogverkfaeri.is\/wp-content\/uploads\/2025\/08\/a1c7b5e4-770f-43dd-a37d-3eeaeb740e19.jpg","width":640,"height":640},{"@type":"BreadcrumbList","@id":"https:\/\/velarogverkfaeri.is\/lykillausnir\/oryggisvorur\/verdmaetaskapar-oryggisvorur\/product\/technomax-ce-40pp-skapur-f-skammbyssur\/#breadcrumb","itemListElement":[{"@type":"ListItem","position":1,"name":"Home","item":"https:\/\/velarogverkfaeri.is\/"},{"@type":"ListItem","position":2,"name":"Vefverslun","item":"https:\/\/velarogverkfaeri.is\/vefverslun\/"},{"@type":"ListItem","position":3,"name":"TECHNOMAX CE\/40PP Sk\u00e1pur f. skammbyssur"}]},{"@type":"WebSite","@id":"https:\/\/velarogverkfaeri.is\/en\/#website","url":"https:\/\/velarogverkfaeri.is\/en\/","name":"V\u00e9lar & Verkf\u00e6ri","description":"Umbo\u00f0s- og heildverslun fr\u00e1 \u00e1rinu 1919","publisher":{"@id":"https:\/\/velarogverkfaeri.is\/en\/#organization"},"potentialAction":[{"@type":"SearchAction","target":{"@type":"EntryPoint","urlTemplate":"https:\/\/velarogverkfaeri.is\/en\/?s={search_term_string}"},"query-input":{"@type":"PropertyValueSpecification","valueRequired":true,"valueName":"search_term_string"}}],"inLanguage":"en-US"},{"@type":"Organization","@id":"https:\/\/velarogverkfaeri.is\/en\/#organization","name":"V\u00e9lar & Verkf\u00e6ri","url":"https:\/\/velarogverkfaeri.is\/en\/","logo":{"@type":"ImageObject","inLanguage":"en-US","@id":"https:\/\/velarogverkfaeri.is\/en\/#\/schema\/logo\/image\/","url":"https:\/\/velarogverkfaeri.is\/wp-content\/uploads\/2021\/10\/vv_logo_350x100.png","contentUrl":"https:\/\/velarogverkfaeri.is\/wp-content\/uploads\/2021\/10\/vv_logo_350x100.png","width":350,"height":100,"caption":"V\u00e9lar & Verkf\u00e6ri"},"image":{"@id":"https:\/\/velarogverkfaeri.is\/en\/#\/schema\/logo\/image\/"},"sameAs":["https:\/\/www.facebook.com\/VelarOgVerkfaeri"]}]}},"_links":{"self":[{"href":"https:\/\/velarogverkfaeri.is\/en\/wp-json\/wp\/v2\/product\/73797","targetHints":{"allow":["GET"]}}],"collection":[{"href":"https:\/\/velarogverkfaeri.is\/en\/wp-json\/wp\/v2\/product"}],"about":[{"href":"https:\/\/velarogverkfaeri.is\/en\/wp-json\/wp\/v2\/types\/product"}],"replies":[{"embeddable":true,"href":"https:\/\/velarogverkfaeri.is\/en\/wp-json\/wp\/v2\/comments?post=73797"}],"wp:featuredmedia":[{"embeddable":true,"href":"https:\/\/velarogverkfaeri.is\/en\/wp-json\/wp\/v2\/media\/74745"}],"wp:attachment":[{"href":"https:\/\/velarogverkfaeri.is\/en\/wp-json\/wp\/v2\/media?parent=73797"}],"wp:term":[{"taxonomy":"product_brand","embeddable":true,"href":"https:\/\/velarogverkfaeri.is\/en\/wp-json\/wp\/v2\/product_brand?post=73797"},{"taxonomy":"product_cat","embeddable":true,"href":"https:\/\/velarogverkfaeri.is\/en\/wp-json\/wp\/v2\/product_cat?post=73797"},{"taxonomy":"product_tag","embeddable":true,"href":"https:\/\/velarogverkfaeri.is\/en\/wp-json\/wp\/v2\/product_tag?post=73797"}],"curies":[{"name":"wp","href":"https:\/\/api.w.org\/{rel}","templated":true}]}}