{"id":73070,"date":"2025-06-28T15:56:31","date_gmt":"2025-06-28T15:56:31","guid":{"rendered":"https:\/\/velarogverkfaeri.is\/?post_type=product&#038;p=73070"},"modified":"2026-01-02T14:46:25","modified_gmt":"2026-01-02T14:46:25","slug":"frost-butler-klosettrulluhaldariklosettbursti-svartur-n1988-b","status":"publish","type":"product","link":"https:\/\/velarogverkfaeri.is\/en\/honnunarlausnir\/badherbergi\/rulluhaldarar\/product\/frost-butler-klosettrulluhaldariklosettbursti-svartur-n1988-b\/","title":{"rendered":"FROST Butler Kl\u00f3settr\u00falluhaldari+kl\u00f3settbursti Svartur N1988-B"},"content":{"rendered":"<p><img decoding=\"async\" src=\"data:image\/png;base64,iVBORw0KGgoAAAANSUhEUgAAAQIAAADrCAYAAACCc5iuAAAAAXNSR0IArs4c6QAAAARnQU1BAACxjwv8YQUAAAAJcEhZcwAADsMAAA7DAcdvqGQAACc5SURBVHhe7Z0NbFxVlufP7EZqL4PGXnpGZiYSdm92qFKiONVZ5CBanaSXwW3RIl2TTQWv6aTNjIOCGM84AhqjOBlDnKV6AcW0QZMZwsYkIRQxnTbObtpj6J0kdLPEykDhCE8VPVbbzKKJd6dbNkK9bilS7bkf77Peq3r1FX\/9f9JN3qt33\/e7\/3vOfc\/n\/Nb8r+cyBABY0fwr\/T8AYAUDIQAAQAgAABACAAADIQAAQAgAABACAAADIQAAQAgAABACAAADIQAAQAgAABACAAADIQAAUNn\/DHn+s3G6cHmaZufnqaqqlsJNmyl8s1643PhihpLvjdHUv8zTfFUV3bruHtoaqtILlynzc5S6fIlSv+Rznq+imnAjbd1YS8v8rPMyP5em93\/yiXzu5bMQ3kx3rq1eMtelfBbBZ+do71drKfTdMzT15dvpG3c3UM38RxT\/+m0UaX+ZLs+palNHGqntvJq2mKaj0dup7g+5\/D5fvJuMUqt+yyqN1PxIP42k5\/X6Ln7SbdatMbfF5ffd29HFsU8u7aN6Qz7MT9PQI41Us\/47lJj+EtV\/jW96PdGFJ\/icv9pBQ5P6uD57mbbc0U9Tak4x\/TJF9X5v\/R3bPm8xjidGR6d13YKvi+t8b2qkvkm9KUHe69JNF3TVLK7P0eUjMar7g3so\/sE8C8Bm+kakmqZeuY9u\/UqM+t7TN\/j6Jeq8pZ1G1FwwZk5Q8y2P0WU9m5PJforYj53Lrfqc6m6x\/f47t3mfKxfH81fQ\/fBgboz6+B7duvVZSs5XU\/hu8Sx8iVKv7qAQr2teFx8uPKH38xUWU3Pf7TTkt5pxvK5nVl6D6MvOZ60QhEVQcvnnwUxLNWUiT41lZrOWf5q5+GRjhlaFMm0vnMp0baFMy5vuOrby+alMC5GwUjLUOuhd55\/eznRtVHVqtx\/LTH\/uUUeX5FMhtS0KZeJXveuIMvv+c5mtfA459ysKn2tbLdfZeCCT\/FX28muJWKaGajPRo2OZkX11GVrbm0m56piF66pjy3NNRAlyXUT51SeZoYd5v7Ku\/zkHvS6yfD6WiTdy3epYJvFP2ctnrxzIRHhbm548l0m+1MTbjGWGXHVylenn+fmgqszed7yXO8qHBzJh4zpsfCxz0X48b9quZ8L2+6\/GM0e3VVvL\/K51IfdDlA\/75TMTefztzDWP5eZ1OezVLtxlLNMT0ufFpWb3YJ51Ps0kdlZx3So+1089lhdWymIRXDi4ixK\/2UPxfSEPU6iaNh14m5JPfYkG\/uI7FL+of\/Zj1Zf0RA6+3Eg9b\/TTVp6cOdtOG\/aO0qxakkXVKj2Rh6qGPTRyoZf4xvlzPU1934rRwEwddf3gMQp72H01247RhcO1NLSXrZYjuboSJuCxSYJcFwG7Y83Pv0tDrdX6B2+CXhfu8mhk7z3UNUbU\/MLzFP2y\/tlG1drHaOTNGKWfuY8ij+SxprKYoR+9wRuneRr4ofg\/D5MpSon\/q\/fQxQsHaJPH8Ujs51dVR22n3qb4Rj3vRyH3Y26U2rZ20IXVB2jgAFuH+mc74rq89dJmuryf3af+PM8Ct5yqf60nmdkTj7HlpWc8qabo9vt4tV308Lbc9zoIZRCCMRo6yabwti20NceFDO87lf9GFMLq3dTZqiZnT++innwCE4RQB8X3cOuenePHMpup\/l3UJW5OYwc9nONcyn6uBVNNzU9xI2F55FMpifnzj1LLad5I1R7q3O7\/wNXc+yIN7C7igfxsmF7X7X\/++Jlg7gE3mpZXemlTQUIaos6\/eYzYg6PUZL5GmY85SvxpjBJ8WaLf+zMK5ziO2l2P015+pJJPfMfppvnQfG+Tnpqm+EMut9KN2O+\/q6NaNVcSZRACfthEq8nbY9VRJ\/ei4kZcm5lRP5VIeEODnpqnH\/3PcT1dCDM0cnyU\/7XYev8uqpq6Rtf0vMkXg9S1Py0nw99uynPx+VwP77mxA0UfvEwD9kuwehs9uGWG+FRKIE3xRweVKG5vyin0onE2HxDiUxgzw7bGP3+SXn9PT+dC9IL3FnF11z5EnY28m+t6vlguHqK9cpyhiaL5jmPVZmreLibG+fnR1zIHNX\/yIh3domcmumnv8fK0lXyUb7DwH6cdDcqTjepGXJPKUTr1dSE9xQ\/UZ8U88R9R4qU0\/T89J2nYJF0ON\/Pnz9CQnKqirZvq5FROtnAPGqBauZi6+DJd+N96RlJLkcYS+4oPztBx3Xlu\/doGNZGL1cJM1dOBmKbXXxmj5taYFs2A7gFbn4UKjqKW7txSav85T4m\/elk16I2b6c4Ab8S2NulefvhvaOAzNelPLbW92EthPXfhkT+TlkelKYMQ1FCNuItjh+iJ4XxHXEt\/\/N3Nerp0piatLjAcKqLVTaYpqSdNbq729PdGzhu+7+1Uv1pP5iREbQ9ZQlVpUh8ra8VOTY3XmQQn9ZNzprjXrw7SgNhk3x3T0wGYHKaBiSZq6XuI2nTHGsQ9CK+7XU8VTnhdAEHLxRfnKDGsp8MhaeHmo+rfN2gLcoxeHw7Qw6\/poIHHjed5lDqfGM1rSZRKGYSgkaK7xF1kv6nlNqqLHvJ\/rcfUNnXQ3nV5zKlAzNP7PzMe\/jqKfqvwRjczOqwGnhw00cCVDtcNHqekOQYRonBAzanfch\/VTnzksY8yw27LwGk9baN+3xgN3KtnCmaekpeN68vnvEZP5mPzN6mZr1cqgD88NXySUtt2UvRm4xliArgHt\/5u8QJXxUJfEu9dMl+NhtcFfOaqa+jf6snLP7kUqFFHDhyjvfpQ8w8clk5ZXIOt33vWNKdnRp+j6FdrqebOduobTWf7Y6ubaG9TqeYZ88Gz1KPfB0cOD1LPWjUdlPmJ5+jbjwYwQwXXp2mqGFdt4zfpwdCtlR0ruD5HQ52ParelnPA5B2jMWdy8mVq21wV4KzFNQ6+l5ci3uD5bt+8K5B7Mh3ZTvJTnZ\/PjLI7Frz\/1cbDhTAdrQtbbqL\/Xbz3ysaqR4q\/u1tapGDh8jlKljm3koDxjBKt3U+LHexy96Pz4IHVFG6nmltup+YkTlJwpn3EzP3mCWr71HE2xwdX8\/Bhd2BdEmdN05Lv30JY\/4vLV26jmjkPZboEf01NW3bUbTP8tP43U82Gv55hDSfyPbnUef\/R1qrvlNjWqX3amKWV6Gw3BLQK+Jy2nBmlvPqtp4gQdnbjPGmz72jbLPTj7t773pmrNZooEcs18uJkbZQlff6bSlgsWWVOEOzoznT0Q7UNVUy8d3amPdeIQdZ6s3MBh2QYLa7awYv38FHXe5VLb6zN0ob+D7vxKLbsN\/XT5l\/r3IJgPvK3c0UCh756j+u8NUvL\/fEJDD3t9u+BFiPa9+jZdfIfLh5\/S7JUDub8ZWMx8q1edxzvv0vSvPqGBMrxHvtGkfjhIU9u+zW6B\/mHVZss9mDlJQxU2hYvG3isX8vqyKKop+sKL7GopKjlwWDYhkKy+j+LvfEKzvzhHfa0NWQ10ZpQb9lfuob7scS1vzAfeVq6M0\/RPBym+r6mkv2EQH3u8sC+gicg33DyXX876fry0IKziHvj5wl\/bBcG6f3M0+4WeLAtpSpyeNt0CA8s9mKHjbxXzOvgGYG\/8FTTVTapj9NcvGQPslRs4LF0IJvup2eVrV9Vupr3H3qVZ7q3eP9pBW+2m3PUx6nqgsv5OUDb9p116NNdJ8ji7MnpaUhey3IECTLsbhvxmQE+XDT5nc9yFz7mcVunEGUpMx6htu6ursLkHMyfeCu663UDCIcsNTQb9MOn6b\/QEU1tHt+rJoNTues4cA6vUwGFZLIJrEynvbwiqaimyu5dGfj5H197ppWaj1bG\/03O20i9EAtAQoW\/oSYtpuvDSJVdjZ7+yqC8F5+kyu0WOD30qQhm+GciijsJ36MkCmTrTTfFRf+VIvnGSplp3UrPbtF4C7kH9uiJsL\/sY038IFzDGpFkVoi79VaR4PisxcFi6ENTeSvUXR+nv8piONXd10NDPx8xPb0cuLwLTj83qmt\/T0yZpSk3oSZM62nq30dCCvRpTTNPf\/bfLNPvberaC1PxuuYWATfX\/aHzumqZkUHeOSZ7v5wfV73jGaejEDNX8\/bPZ4z9c\/vKS8YXqInUP7tps+uxe3254wlak8anwprs3Z7nMgdh4gF59WI8FVWDgsHQhkB\/gnKOh8wF6ePG99w8ek+b4\/Nxi8LQbKZ5wvu0QHxm972G+Rb65Td9AFoqgQvDFOL2f3lTAiHvx1G9\/iTpL\/FbGTdWW+8w3HsG\/zxffXDRQZJ2edfPBW3R8bg+99aFr7McoH\/536tIasijdg5vvoxbj60lWxyB\/9juTTmu\/vpH+87biBXvTU8eoTWuBHDj8FzVdDso2WDj0l89SMoi5snGTNMerqkv76q1cVFU79Xnm0iilvlyT\/XUhWzSGn\/bjnwXrqebPv0Uj924u\/+tDL1Zz4yvltZoXtTups1Vdn+TFsWCDVBNvUYKaaKvPm7XLr71I1LE7x+BmA0V3G0qwGN2DKmr58z3q+Zi4RO8HGET98GeX1MS2h6itpFefTRT\/a+NzbDVwWC7KJgQ0\/Rzt7Q9gKs2oP+hp3mT8wdBiYoZ+9Kq+aVnU0d7\/oj7wmDnzVoCPQmYocfwcRXc6R8aXFlXU\/GS3es3KojYU4KG\/\/MrLRH+y0+fV7Bi9fpzoj7+Z+95Hvm0M4i5W9+AA9ckvNkcpkc8Svs515FefDRQ\/bDTi4qnZ9jwd1V+Lzs6V711i+YSASe6PUefF3Ac3+7fn6EL1HtrnHjFeBMye3089OT42rGp6Vv2p7fSLdDTPnz2LbXX93wPUswjPsyDWdFDi+6LhnqO\/yueXpvvpL05zr\/XnPh94XTxDA\/PsbjTqeT827qQHtUWxON8eVFPLK4PUwo\/CyH99MefA3czJfraQWNy+f4o6c7qIczQrvrHJa1Xzvr+fJ25GEZRHCKr20Mjnn9LFwyH60X1fp85RHzH47AS1PZGmzh\/m+Fty+6uWMhDsT07naeb8Y3TnjkH1jcDvVdO\/kb+74R7yxauUYDE42tJOQz4fR4nPl5sfmaH4a4\/l\/Fv1gt5D269LGa5RIX+KW9\/xNiUPN9LlR3dQfMKnB\/zlOWprfpnuTDxPUa\/vm0QgjxbxV3tsTuc190MUMXyHmRepL+8fs3lQyLU1KGSd6iYauNBPWz87RNEnLnl+WyI\/Y3\/kEm36\/hi935H7K8TZ8z+go6yziRP6GcyF+KOkpwr\/25qceIUtKqwMZlo2WuG4Zq+eynTeVZupvasj0zf0bib1i08yyR+fyvR1NGZqVzdl+q7MuNYXZTzT18TrrOZihAuTpUr9JktHZiRrPZ9yrsNcj\/tja3vVxrZcpcpWR5RcocBkmcmkTu3OhKtqM5s6nssM\/XQ8M\/2L8cz7Q8cy8dZQpia0O5P4udd6XP7huUyz3m\/NKts+eVvqePga\/YNR3++6UKZGb6O81yX3tq6905tprq3KhFt7MwM\/HuNzdt7b+IXskFkjHR77W1Wt92c\/17lM6oUm\/bsVVswoxvl2nrNv33Z9RLHfR3MfouQ4r4Luh0f557czcT6GqlAsEz92LpPka5L66WCm78EGPma+Ju\/kDiOmro\/rfOX9yLPfz9\/NdNVx3Vyh8AooZY9ibGBEdb0moxmLaLdLK6prIK6zJTF+if7X1G9oXp5nNdVvEt\/CL6uzdDFPsxNjdCE1p895md7bAlmQKMafjdFQqpqa7w76mb0\/FRMCAMDSoayDhQCApQmEAAAAIQAAQAgAAAyEAAAAIQAAQAgAAAyEAAAAIQAAQAgAAAyEAAAAIQAAQAgAAAyEAAAAIQAAQAgAAAyEAAAAIQAAQAgAAAyEAAAAIQAAQAgAAAyEAAAAIQAAQAgAAAyEAAAAIVjezNHII7dT1U3VVBc9QVP6V4tSl4PlAoRgOTN5grqOz8jJmdHHqe89OWlR6nKwbIAQLGeu\/0ZP+FDqcrBsgBAsZ0J7KP5grZysbXqWOu+SkxalLgfLBqRFBwDAIgAAQAgAAAyEAAAAIQAAQAgAAAyEAAAAIQAAQAgAAAyEAAAAIQAAQAgAAAyEAAAAIQAAQAgAAAyEAAAAIQAAQAgAAAyEAAAAIQAAQAgAAAyEAAAAIQAAQAiYUWq7qVqm9XKUO\/qtFF+T\/RS5qZH6JvX8Emek3X6uxnmNUt+RaaLz7bZlttI+Ktd1Xq92GtG\/GkwdaaSI2I4NsT\/3b879OLcjtmEsy1oPVAQIgablzTma\/7VRxilO3RS2i8ENRDaEiux7mvruqKYoDdrOtZeS67nx3tFNyRBXufeYbRmXq70UphDFn2ySWxhpj1GiVa0\/xP9HTYFQpD5OUyRUp+eUCERP6xkDIaw7Bs1rnjo8TlHjfHlZdD9R\/KraN+2PLRsBXsxACDypo84r\/KBOdFPPeZ5d00HJX49R5xq1dKkydSRGXRFuxMdUo1Y0UUtrmlITDdRyr9WAFSwc93cTHR7U5z5KCW7ULdvV+s1PskicPmPrzcXyGG9HTQvLIZrk+bVyocnU8ElKsYgMyHpE9fvGaP5KB9Uby9buoqjYH1\/3OB\/bwDCsgkoDIfAlRBF+gJNpfgjdroGcN8xaLkavaNQ7Ypm9wrT1M3Xtv5sWAJvM4f1pIhYhyyJxui9tQpwEcn\/t1KZNffG73Karl1ZM09BrabMRG4j6XevGZa\/clWW+H6KuiRjF92mBmExTUlwXYTmY8LrGdTl\/hq2FndSsZ2WPf+UARfS8Qh1HeJ1jIybCohA7EKJgIH9zU8C1lq5Qe7+0htQy4YrkdnFWGhACX+oozE9w9kOoesmI4UoI0\/l0t818TVPXxzvVsjdjlNrfYJriqcMhnj+kHjrZ4BtoSNTjMhThhi8aMJvmoh6t7aWU7CWFOR+jJDdUY3\/JHfbxikFKckMWy0QPK3tXR49vwI14wtWI+RjEsSW5odeHGij12rDNHeH9Hhyk8OEDZsNWNFDYsIzW8Pb0pGAqPW5r4E3UrHt8LyKhtG9DtIuEn2AoAl5rwemTRG+Ia81u31p2aW46Qy1ivV+z5cfrZIngCgNCUDDCbVCNTpL+iFJ6UmH50xTaIP3rtm2qRxWNzWDkrLORZZvZmslhGrD3ylnmsrX9ghCDdWd3ShHwRO63kG2Lnp4C10\/sMBqiHmsoakwk2LWWtPZq90YJPJmWi7L8VjoQAl+mKZX07pEco+4HuRfUvwdHbVv0YOZ21nezoNjMbAMpNKIHs\/YpBt88zeW8sFUgVhNm9cENlLJZDqI3d5jkYr+Gr+7AdozSVTAQFofNWshDlghOnKQhvV37uRV3nqBQIAR+yB5RtA1XD8eNqOs090RiVFv0aG\/s0gsKQfVKYcPcN4vHgKTs6WKmC2EWT\/M\/F2JQkHvig40UuZ9oSA\/OKUapZ79z\/EBYLG5f3e0KKHTjd40P+KN75CzUdryEN7d7AMoBhMATNQ6QYj+9x9PP1T0rM\/KM6MkLp3m78GktH1YNcnkMWq3ZRm3s01o+rBrkKub9uup505RyNHA1BiFeCZrujrZY3AOLxhuGrmfUYKQ8d934hXBk1\/fGfe727dRv22WNuWjRLcr1AQUBIdAkdlimd9VNDeo1m6PX1Egf3aqf2C4GmyxhCIwcFBw3Tf6wfHd+zGoM4q2BFAb1KjNiuhGq0fr59v5vDVhA1p+ktqvjFE\/G9LbUuQ48wJaJw8IQZr6edNF8jM\/3tFo\/yv8PyfWEcLjfJuRAfKvwJpnnHk32Wm4KX9+hw0Rd63kZu0vWq0tQSX6LzcyMngYArFBgEQAAIAQAAAgBAICBEAAAIAQAAAgBAICBEAAAIAQAAAgBAICBEAAAIAQAAAgBAICBEAAAIAQAAAhBhVDBQ8xowyZ+v7swIvS6w5a5CVovCEUmHLEvq0wuBnAjgBAsWwKKjkAISjEJRxyRmHVSGM+gKGCxAyFYjNzghCrFJhyRAU\/XipiKgjqKPhASiSBgFSxBIAQLiuq1DdPa7L3dJr+cN8zvdmq7w2WiD9vMetkj6ziEPCVCqsntCtPf03QvPuGIDBk+YYRz19t5YFt2eDfjfJCMZNECIaggzjiIoqjGqciXuMRABVIlo97TvF1HPEFbkg+ZbCXGDV+nbOOlwtyXPb2IE+gVg1FTVMIRsc2rG6hLrtNAyafn\/PMk2I8TyUgWHRCCCuJMrGo8yJq8iUs07kQj9x7gxqEmFbYkH57hxoNRTMIR2aOv\/4jier2WsywIvmMESEaymIEQLBRBE5fIesEThxRL4QlHtCuQla3Jnv4NLBUgBAtF0MQlsp5HBqSygYQjAEKwcARNXCLr2VwGmaFYTZaL4hKOqLcEWet5pkkDix0IwYIRNHEJ13tDvL\/X9c5ucI0R+KFTnO3Q4uL71oApMuGIeM0oxxPs6+UYkASLFyQ4WXKItw1qhN5KUQZAacAiWPQIl8H2WlG6BgWkFwMgALAIlgDiNV14vzVyb34bAECZgBAAAOAaAAAgBAAABkIAAIAQAAAgBAAABkIAAIAQAAAgBAAABkIAAIAQAAAgBAAABkJwwxF\/RuzON6B+y4oXIJOO5I7aq6L+5ssloLafFfSkCBwJTWTxOr7y7Q\/cGCAENxwVGixx1t5405ScCFGYrDiBgpGzg7bAnZUjmJgoRMzCsBFRWZZjFT8+UHkgBAuACA3mSARy\/gwlWnspHmFBMP\/aeJpSSaKW7a4Yhi6aj3nEOawY6pgiIXcUJbDUgRAsBCIgqZkYRGUMEgFBhUBYloKyEowAJH45Bp29uXYxZL1GamvndRzuxnBW7gKxXRE9mU7H9HZcgVAcOI8pMDqvoukO6XlZ2tvlMQVKzQYqBoRgIdCBSxPy4RdhwUkFBBUCcfqM8rknudEZgUC54Vg5BudoKOKdY3DqSIy6qJdSsl4vN25naPTU\/o907gKdOIS3oeIO8sLWQW1ZNNGAX7o1cUwiUYmIX6gbct4GLBr9DpLHroKpsNDY8yyuG7clfQELBYRgQVDjBMm0GEwTvazOWyAFQoUuFzkHSacPE2MF2fkDtGCYuFOONVHPYWfXbW3DL4R5HmSOhZBKiCoE5U22YDyzM2leYytDioBtHEG4QRSjFjPPYq+V9AUsGBCCBUKGEBfJQuT4gDEgKEKEkwxdLpYpX1z55SJFmGlOr+\/mBunOdSAEpcL+u4h2bLcWZNYlj+xMmhQfT9gRsl25QVbiVLBYgBAsFMINSKZpRI8PGIj0X6mPh7nxG72m6r2dI\/WiuM13lQ5MWRk3Fj\/xCR8epKQMxW6lUncmTgWLBQjBQiHcAPqIEh\/r8QGDe3dSS\/IkDZDVa7oTkKiBQ\/f7e51w5LVhPTg4Sj22gKflQO7XNvgoxyQmLDPfEyMvwv16PXF+ZIyPiG10Y4xgEQAhWDBET88N4rQ7ryH37GzmG+MDEjbJU2wRGIlEwvuJ\/fTs9\/f1+wYpTt0UlvXOUMQ1RuCHfJ0p3hrIRu7\/1kAMLKYeOKm3738cbuQ4wEQ3RaWL0EQDcmxBbSNKu2xjBLneWIBKgijGyxjRg4c\/7r2B3xkUg2j83RS56vOmAtwQYBEsI8Q3BdZnvco1WHQJSyf7KWJza5RrUPlszyA3sAiWE6KRyTcKGvPbgMWFECz5EZNEvI6ENbDQQAgAAHANAAAQAgAAAyEAAEAIAAAQAgAAAyEAAEAIAAAQAgAAAyEAAEAIAAAQAgAAs2KEwBEF2FZKjp4bIAlJKXgf9wL\/zX4p5yz\/+rDU4xd\/uiyug8cxGBGSdQCVIPe9Ys\/GEmJlWQRrjQi\/uugAGYv+hruOOyUi\/qyvnPgsDUIyHqIR6chAJoVxE+S+L9Vno0ysbNdARv4JUeKgPfZ\/gciAnjc220\/9tl0UzgpeuvKIRPjeOTJGiUCvIWppzRODIch9L8ezsYRY8WME7mCaDjPRnhxEmrQeZqPLTJYJR4w67dYylYhEJfNQy23msdiGIxFJbkSo85SR80BiT2xi7Ecfkz6+NttxmcFLci0TOM7Zw5x3BRkxjsO8NvnWZ9T1srbhe\/09iGxnQbSHdZ8cpgER+mydns9BkCCqKynQKgYLRTRho3flhuGdSIQf8Pu7KaKTcsxf7aXkDnsD0PD60dMxvf44RZIuM\/U0\/6ZzAgy1pm0BPdmquNJhxSh0M2HEIVRFHqNZXzS+BuqKDKpjE8lLeL9WiHTBICXX6SjIbPKmbFGF\/ZexH77eds5v8j7c7ogjUQsjGqIZzDT\/+jJACe\/ftKh8r78PIef+jVwQgUKl2++7H0HqLBMgBDbyJRIxzcQ1HZT0cAecSUvrqPPpmJwyae01I\/EUFEIsy38liho9rGx8IYo\/qSIRjbQ3UPIBdwKUGMX36UjJ8uG247NM5Fvg\/fYYEYplDgO3T64iJxvmubRUjPN3JTJxu1AD92sRsEVQCpbIxY7avwrhrhK8IC9jcUAIZPYeETMvVyIRbtRXuKc1IwRzyTJb1fo3JEZgVmIRFfNPmNVd3LsP7BORkEvryWQiEoclwj36RHbeBDleoRurSMpiJG3Nncgkzdc1xOt12yyToIlcnMg8ECKEu8MaCYB53\/W8F0HqLBNWvBDIXlw+sPkSiQgxMH4btIXnNlDry+xFC4Ewqz9ml0X07jJHYWkPsPSP3ZYIF7l9O6Z7MEoJdouMhpjbv2YL5o0xZ76DvNffB5EnYeIk9Txjs0YCYN13f4LUWS6sbCGQPj1Ry9PK3\/ZPJKLeW1uvklRWIbcZqvIDGKYs++4HXWME5eL8Ie6dQyoxim6I0YMbKCXNbDWeUUij8EQ2sG7qcQ38Zb9O0+7Bjhi7ErZG40pkotZnd+ZTPc8YeRgMQQ2WyMVNE7W0plmELGskL6777kmQOsuIlSUErkG3qh1s7l81svQy8pXRuEcikSYakAOExrpqcM5cz4DXH2rlRinrsCg84Boj8IMfupwj5FnHLbIJGz2lyHnIPbEYWLMdW+nRi13nzGY68bXJOmdGvc7k3tyelMVj\/Yg45tv0YokaRzEHKH2vf26kANvHI9zku++CIHWWMYhiXElEAxc9da43AssCJClZ6mCwsIxIU9Z83aVdg0ho+ZuW8g2D\/bsGsNSARVBWRM\/IvrKek4Nty9waUMlKkKRkqQMhAADANQAAQAgAAAyEAAAAIQAAQAgAAAyEAAAAIQAAQAgAAAyEAAAAIQAAQAgAAAyEAACw0oVARR7yjIIjYgmIZQWEGS8cEYHYFULcCyO6T6AYhMY5GSXoei7k+eeLDqT++tD60+ulSsD7sIyBRVBIxhwfZByCigpGUNSfQSftcf+u7qKB9ZYYLI+Ga6MgkQR+QAiYojPmlIwKiJoVELRYZNBSHcvQYE0HxVvtEY8D4go\/DpY3EAImaMYclZXHZXKzCR3en1Yx70yrwGmeOzP\/WJmF2s67TFIdINTch2fPLbbt0wOuEWHMsxt98zElNsJyEQE56XTM2rbhAunizoIkromyInyyNLlwXCP78Tv2Y1vfdc7ZwVE1nvX4WsiQ52nqcls9Rl3XNcy1bCUDIRAEyZjDD3I0aYX3lpmKnuEHSQbcZMvBjEYkGrfNPJcBPO0Nx8os5AyMyeu5sik54\/4bNNGAb4hvXiazFVm5AewNq37fGB83T7QawU25IekgnXKfcl0rirADvyxNNqTQmNeIt5uMaWFx76dBr599zp4ZpHzrqQCpYREeXUdI8j+G3MtWOhACSYCMOcJUtqUZE8k4PNGJNszsQVmmuct0N1FugikOMrlGEUiTXjUY0ehFRl\/\/HtwpKjIpiR95szSp62aF\/9YRikXyETmvhVPguJb5M0gZ5K+X6xjyHd\/KBkKgyZsxx2Gaxth18EE2YCOkuSrCHA+S+MRhth4cLzmxhnAJlCB49+Cyp7UlT42+pn8uChFW3RAeXXYMssskrocQnEFqES6JsUya5UL8uGfOmUFKELRermPItQxACAzyZMwZeUYkDTESjY5RPKIXuJH5A41EqLaSL88AC02XDAKq67+xSy8Ijnx74eH3+qZhk4lSrGNNPt2gFxSDSvrSYpjvZjF6biEG+jfp9sS02yIauVHXK4OUQZB6uY4h3\/GtbCAEJgEy5iTTqheSjVb+ko3OPNRlPqRq4DCYL8q9ljYcpPCoycCoPIRuv3eUevanXclH7Bi5Bdk6KCkzk854ZJjvjLRwRM8trSmbeyIHNbmE1LWxxjFUY81OZBq0Xo5jyLkMQAhs5MqYIzPzGtlw7ieKiwFCLQyyAcplYgBL9FyDFDEH7GKUYEsi7ytCOZZgma6J7dzr2YTBQjQKH59f+s72fav9E\/eCxv5VWjY20UUD0MlUu9brek+Lgbfik6fKwUgz45JwidjaEGMB4rhkWnTrmJKHB6lzjRrsy5tBSg8KetaTwqvOQQiF7zFw1VzLVjoIZw4AgEUAAIAQAAAYCAEAAEIAAIAQAAAYCAEAAEIAAIAQAAAYCAEAAEIAAIAQAAAYCAEAAEIAAIAQAAAYCEEFcIQc42IPIOqPChtW7mCaxrFkH4MK9lF0AhRPcp1D6ecnzwWRhysChKCsqIfdHu1YRdwNKgaVIbzWnbeBOX+GEnoyL64IQ2iQyw8IQTkxYgDao96s6aChw84QWTecSIMzbwMjIhaHW2MlB0gFywMIQRmRadI8Ap+KEFn28N0O1yFHz+pdT1kdbe06YQj\/7he01GTdTkfeBrGNodeI2rZv0PMaz2Qn7ELYkogc7PZIkpLFsHY7uPjGBFTnYe3Pmc8g7zXSUaXL7UqtVCAEZUPlOvCNGKxxJtlQIb69HuZ89RLJDWrZsSYlNDmjJIdU4E7DPdCZnKKOQ+UG75nsRMULNJKIPN3rTpKSTWr\/SZ0MRYcg92jIU0diMu6giiTM9WwBX\/MmIhEisP4ktfE+ypYuboUDIbihqCQbVkThJuphtyE7yUb+ev5Rib2RAVZ1sFWRySkVCbnWF+HGAyY7yYeZDKVOJhEhl1sicIqXyjmgcJ+7CmNuNvhktxYBv2xPoBggBGWjjsKRfIlM1AOfHYbbTdB6BSBCiE+cpKFJnfEnK2S701QvJdmJwyqSeR48cLgh3ZRcq3\/Pd+5CMETUYiNrEigLEIIyokKFZ\/d+VkJRFY9fpVbLRdB6haDyNgw8c8g7k1NZk53Y8EzdxqJzcJDCZvr2QWrTS\/KeO1sbySvKVVrINzHLDQhBOZF5AgYp6hggE763eOgPULNOsmGZ+H7JR4LWKwwhVKnTg56ZnBTlSXZiJVLV2\/HZn2k9SRFSk9nn7vW6kt2YN2OU8EyYCooBQlBWlD9rT6LhTjDiTLLhn\/wkaD1B3rcGBiKtG\/\/nmckpV7ITVxIRR5IUtbaD8OENlJDH3UBd1EuprEFFY+xA50I8u1MOQBrC4Dx3\/V2GexuG6AY5b5AXJDgBAMAiAABACAAADIQAAAAhAABACAAADIQAgBUP0f8HiV2DfRo2SDoAAAAASUVORK5CYII=\" alt=\"\"><\/p>","protected":false},"excerpt":{"rendered":"<p>Tegund:&nbsp;N1988-B<\/p>","protected":false},"featured_media":78268,"comment_status":"closed","ping_status":"closed","template":"","meta":[],"product_brand":[],"product_cat":[542,518,551],"product_tag":[1012],"class_list":{"0":"post-73070","1":"product","2":"type-product","3":"status-publish","4":"has-post-thumbnail","6":"product_cat-badherbergi","7":"product_cat-honnunarlausnir","8":"product_cat-rulluhaldarar","9":"product_tag-frost","11":"first","12":"instock","13":"taxable","14":"shipping-taxable","15":"purchasable","16":"product-type-simple"},"yoast_head":"<!-- This site is optimized with the Yoast SEO plugin v27.3 - https:\/\/yoast.com\/product\/yoast-seo-wordpress\/ -->\n<title>FROST Butler Kl\u00f3settr\u00falluhaldari+kl\u00f3settbursti Svartur N1988-B - V\u00e9lar &amp; Verkf\u00e6ri<\/title>\n<meta name=\"robots\" content=\"index, follow, max-snippet:-1, max-image-preview:large, max-video-preview:-1\" \/>\n<link rel=\"canonical\" href=\"https:\/\/velarogverkfaeri.is\/en\/lykillausnir\/badherbergi-lykillausnir\/salernirsrulluhaldarar\/product\/frost-butler-klosettrulluhaldariklosettbursti-svartur-n1988-b\/\" \/>\n<meta property=\"og:locale\" content=\"en_US\" \/>\n<meta property=\"og:type\" content=\"article\" \/>\n<meta property=\"og:title\" content=\"FROST Butler Kl\u00f3settr\u00falluhaldari+kl\u00f3settbursti Svartur N1988-B - V\u00e9lar &amp; Verkf\u00e6ri\" \/>\n<meta property=\"og:description\" content=\"Tegund:&nbsp;N1988-B\" \/>\n<meta property=\"og:url\" content=\"https:\/\/velarogverkfaeri.is\/en\/lykillausnir\/badherbergi-lykillausnir\/salernirsrulluhaldarar\/product\/frost-butler-klosettrulluhaldariklosettbursti-svartur-n1988-b\/\" \/>\n<meta property=\"og:site_name\" content=\"V\u00e9lar &amp; Verkf\u00e6ri\" \/>\n<meta property=\"article:publisher\" content=\"https:\/\/www.facebook.com\/VelarOgVerkfaeri\" \/>\n<meta property=\"article:modified_time\" content=\"2026-01-02T14:46:25+00:00\" \/>\n<meta name=\"twitter:card\" content=\"summary_large_image\" \/>\n<script type=\"application\/ld+json\" class=\"yoast-schema-graph\">{\"@context\":\"https:\\\/\\\/schema.org\",\"@graph\":[{\"@type\":\"WebPage\",\"@id\":\"https:\\\/\\\/velarogverkfaeri.is\\\/lykillausnir\\\/badherbergi-lykillausnir\\\/salernirsrulluhaldarar\\\/product\\\/frost-butler-klosettrulluhaldariklosettbursti-svartur-n1988-b\\\/\",\"url\":\"https:\\\/\\\/velarogverkfaeri.is\\\/lykillausnir\\\/badherbergi-lykillausnir\\\/salernirsrulluhaldarar\\\/product\\\/frost-butler-klosettrulluhaldariklosettbursti-svartur-n1988-b\\\/\",\"name\":\"FROST Butler Kl\u00f3settr\u00falluhaldari+kl\u00f3settbursti Svartur N1988-B - V\u00e9lar &amp; Verkf\u00e6ri\",\"isPartOf\":{\"@id\":\"https:\\\/\\\/velarogverkfaeri.is\\\/en\\\/#website\"},\"primaryImageOfPage\":{\"@id\":\"https:\\\/\\\/velarogverkfaeri.is\\\/lykillausnir\\\/badherbergi-lykillausnir\\\/salernirsrulluhaldarar\\\/product\\\/frost-butler-klosettrulluhaldariklosettbursti-svartur-n1988-b\\\/#primaryimage\"},\"image\":{\"@id\":\"https:\\\/\\\/velarogverkfaeri.is\\\/lykillausnir\\\/badherbergi-lykillausnir\\\/salernirsrulluhaldarar\\\/product\\\/frost-butler-klosettrulluhaldariklosettbursti-svartur-n1988-b\\\/#primaryimage\"},\"thumbnailUrl\":\"https:\\\/\\\/velarogverkfaeri.is\\\/wp-content\\\/uploads\\\/2025\\\/11\\\/b5c56972-a5bd-4bcf-8425-5044c2e7d735-scaled.jpg\",\"datePublished\":\"2025-06-28T15:56:31+00:00\",\"dateModified\":\"2026-01-02T14:46:25+00:00\",\"breadcrumb\":{\"@id\":\"https:\\\/\\\/velarogverkfaeri.is\\\/lykillausnir\\\/badherbergi-lykillausnir\\\/salernirsrulluhaldarar\\\/product\\\/frost-butler-klosettrulluhaldariklosettbursti-svartur-n1988-b\\\/#breadcrumb\"},\"inLanguage\":\"en-US\",\"potentialAction\":[{\"@type\":\"ReadAction\",\"target\":[\"https:\\\/\\\/velarogverkfaeri.is\\\/lykillausnir\\\/badherbergi-lykillausnir\\\/salernirsrulluhaldarar\\\/product\\\/frost-butler-klosettrulluhaldariklosettbursti-svartur-n1988-b\\\/\"]}]},{\"@type\":\"ImageObject\",\"inLanguage\":\"en-US\",\"@id\":\"https:\\\/\\\/velarogverkfaeri.is\\\/lykillausnir\\\/badherbergi-lykillausnir\\\/salernirsrulluhaldarar\\\/product\\\/frost-butler-klosettrulluhaldariklosettbursti-svartur-n1988-b\\\/#primaryimage\",\"url\":\"https:\\\/\\\/velarogverkfaeri.is\\\/wp-content\\\/uploads\\\/2025\\\/11\\\/b5c56972-a5bd-4bcf-8425-5044c2e7d735-scaled.jpg\",\"contentUrl\":\"https:\\\/\\\/velarogverkfaeri.is\\\/wp-content\\\/uploads\\\/2025\\\/11\\\/b5c56972-a5bd-4bcf-8425-5044c2e7d735-scaled.jpg\",\"width\":2417,\"height\":2560},{\"@type\":\"BreadcrumbList\",\"@id\":\"https:\\\/\\\/velarogverkfaeri.is\\\/lykillausnir\\\/badherbergi-lykillausnir\\\/salernirsrulluhaldarar\\\/product\\\/frost-butler-klosettrulluhaldariklosettbursti-svartur-n1988-b\\\/#breadcrumb\",\"itemListElement\":[{\"@type\":\"ListItem\",\"position\":1,\"name\":\"Home\",\"item\":\"https:\\\/\\\/velarogverkfaeri.is\\\/\"},{\"@type\":\"ListItem\",\"position\":2,\"name\":\"Vefverslun\",\"item\":\"https:\\\/\\\/velarogverkfaeri.is\\\/vefverslun\\\/\"},{\"@type\":\"ListItem\",\"position\":3,\"name\":\"FROST Butler Kl\u00f3settr\u00falluhaldari+kl\u00f3settbursti Svartur N1988-B\"}]},{\"@type\":\"WebSite\",\"@id\":\"https:\\\/\\\/velarogverkfaeri.is\\\/en\\\/#website\",\"url\":\"https:\\\/\\\/velarogverkfaeri.is\\\/en\\\/\",\"name\":\"V\u00e9lar & Verkf\u00e6ri\",\"description\":\"Umbo\u00f0s- og heildverslun fr\u00e1 \u00e1rinu 1919\",\"publisher\":{\"@id\":\"https:\\\/\\\/velarogverkfaeri.is\\\/en\\\/#organization\"},\"potentialAction\":[{\"@type\":\"SearchAction\",\"target\":{\"@type\":\"EntryPoint\",\"urlTemplate\":\"https:\\\/\\\/velarogverkfaeri.is\\\/en\\\/?s={search_term_string}\"},\"query-input\":{\"@type\":\"PropertyValueSpecification\",\"valueRequired\":true,\"valueName\":\"search_term_string\"}}],\"inLanguage\":\"en-US\"},{\"@type\":\"Organization\",\"@id\":\"https:\\\/\\\/velarogverkfaeri.is\\\/en\\\/#organization\",\"name\":\"V\u00e9lar & Verkf\u00e6ri\",\"url\":\"https:\\\/\\\/velarogverkfaeri.is\\\/en\\\/\",\"logo\":{\"@type\":\"ImageObject\",\"inLanguage\":\"en-US\",\"@id\":\"https:\\\/\\\/velarogverkfaeri.is\\\/en\\\/#\\\/schema\\\/logo\\\/image\\\/\",\"url\":\"https:\\\/\\\/velarogverkfaeri.is\\\/wp-content\\\/uploads\\\/2021\\\/10\\\/vv_logo_350x100.png\",\"contentUrl\":\"https:\\\/\\\/velarogverkfaeri.is\\\/wp-content\\\/uploads\\\/2021\\\/10\\\/vv_logo_350x100.png\",\"width\":350,\"height\":100,\"caption\":\"V\u00e9lar & Verkf\u00e6ri\"},\"image\":{\"@id\":\"https:\\\/\\\/velarogverkfaeri.is\\\/en\\\/#\\\/schema\\\/logo\\\/image\\\/\"},\"sameAs\":[\"https:\\\/\\\/www.facebook.com\\\/VelarOgVerkfaeri\"]}]}<\/script>\n<!-- \/ Yoast SEO plugin. -->","yoast_head_json":{"title":"FROST Butler Kl\u00f3settr\u00falluhaldari+kl\u00f3settbursti Svartur N1988-B - V\u00e9lar &amp; Verkf\u00e6ri","robots":{"index":"index","follow":"follow","max-snippet":"max-snippet:-1","max-image-preview":"max-image-preview:large","max-video-preview":"max-video-preview:-1"},"canonical":"https:\/\/velarogverkfaeri.is\/en\/lykillausnir\/badherbergi-lykillausnir\/salernirsrulluhaldarar\/product\/frost-butler-klosettrulluhaldariklosettbursti-svartur-n1988-b\/","og_locale":"en_US","og_type":"article","og_title":"FROST Butler Kl\u00f3settr\u00falluhaldari+kl\u00f3settbursti Svartur N1988-B - V\u00e9lar &amp; Verkf\u00e6ri","og_description":"Tegund:&nbsp;N1988-B","og_url":"https:\/\/velarogverkfaeri.is\/en\/lykillausnir\/badherbergi-lykillausnir\/salernirsrulluhaldarar\/product\/frost-butler-klosettrulluhaldariklosettbursti-svartur-n1988-b\/","og_site_name":"V\u00e9lar &amp; Verkf\u00e6ri","article_publisher":"https:\/\/www.facebook.com\/VelarOgVerkfaeri","article_modified_time":"2026-01-02T14:46:25+00:00","twitter_card":"summary_large_image","schema":{"@context":"https:\/\/schema.org","@graph":[{"@type":"WebPage","@id":"https:\/\/velarogverkfaeri.is\/lykillausnir\/badherbergi-lykillausnir\/salernirsrulluhaldarar\/product\/frost-butler-klosettrulluhaldariklosettbursti-svartur-n1988-b\/","url":"https:\/\/velarogverkfaeri.is\/lykillausnir\/badherbergi-lykillausnir\/salernirsrulluhaldarar\/product\/frost-butler-klosettrulluhaldariklosettbursti-svartur-n1988-b\/","name":"FROST Butler Kl\u00f3settr\u00falluhaldari+kl\u00f3settbursti Svartur N1988-B - V\u00e9lar &amp; Verkf\u00e6ri","isPartOf":{"@id":"https:\/\/velarogverkfaeri.is\/en\/#website"},"primaryImageOfPage":{"@id":"https:\/\/velarogverkfaeri.is\/lykillausnir\/badherbergi-lykillausnir\/salernirsrulluhaldarar\/product\/frost-butler-klosettrulluhaldariklosettbursti-svartur-n1988-b\/#primaryimage"},"image":{"@id":"https:\/\/velarogverkfaeri.is\/lykillausnir\/badherbergi-lykillausnir\/salernirsrulluhaldarar\/product\/frost-butler-klosettrulluhaldariklosettbursti-svartur-n1988-b\/#primaryimage"},"thumbnailUrl":"https:\/\/velarogverkfaeri.is\/wp-content\/uploads\/2025\/11\/b5c56972-a5bd-4bcf-8425-5044c2e7d735-scaled.jpg","datePublished":"2025-06-28T15:56:31+00:00","dateModified":"2026-01-02T14:46:25+00:00","breadcrumb":{"@id":"https:\/\/velarogverkfaeri.is\/lykillausnir\/badherbergi-lykillausnir\/salernirsrulluhaldarar\/product\/frost-butler-klosettrulluhaldariklosettbursti-svartur-n1988-b\/#breadcrumb"},"inLanguage":"en-US","potentialAction":[{"@type":"ReadAction","target":["https:\/\/velarogverkfaeri.is\/lykillausnir\/badherbergi-lykillausnir\/salernirsrulluhaldarar\/product\/frost-butler-klosettrulluhaldariklosettbursti-svartur-n1988-b\/"]}]},{"@type":"ImageObject","inLanguage":"en-US","@id":"https:\/\/velarogverkfaeri.is\/lykillausnir\/badherbergi-lykillausnir\/salernirsrulluhaldarar\/product\/frost-butler-klosettrulluhaldariklosettbursti-svartur-n1988-b\/#primaryimage","url":"https:\/\/velarogverkfaeri.is\/wp-content\/uploads\/2025\/11\/b5c56972-a5bd-4bcf-8425-5044c2e7d735-scaled.jpg","contentUrl":"https:\/\/velarogverkfaeri.is\/wp-content\/uploads\/2025\/11\/b5c56972-a5bd-4bcf-8425-5044c2e7d735-scaled.jpg","width":2417,"height":2560},{"@type":"BreadcrumbList","@id":"https:\/\/velarogverkfaeri.is\/lykillausnir\/badherbergi-lykillausnir\/salernirsrulluhaldarar\/product\/frost-butler-klosettrulluhaldariklosettbursti-svartur-n1988-b\/#breadcrumb","itemListElement":[{"@type":"ListItem","position":1,"name":"Home","item":"https:\/\/velarogverkfaeri.is\/"},{"@type":"ListItem","position":2,"name":"Vefverslun","item":"https:\/\/velarogverkfaeri.is\/vefverslun\/"},{"@type":"ListItem","position":3,"name":"FROST Butler Kl\u00f3settr\u00falluhaldari+kl\u00f3settbursti Svartur N1988-B"}]},{"@type":"WebSite","@id":"https:\/\/velarogverkfaeri.is\/en\/#website","url":"https:\/\/velarogverkfaeri.is\/en\/","name":"V\u00e9lar & Verkf\u00e6ri","description":"Umbo\u00f0s- og heildverslun fr\u00e1 \u00e1rinu 1919","publisher":{"@id":"https:\/\/velarogverkfaeri.is\/en\/#organization"},"potentialAction":[{"@type":"SearchAction","target":{"@type":"EntryPoint","urlTemplate":"https:\/\/velarogverkfaeri.is\/en\/?s={search_term_string}"},"query-input":{"@type":"PropertyValueSpecification","valueRequired":true,"valueName":"search_term_string"}}],"inLanguage":"en-US"},{"@type":"Organization","@id":"https:\/\/velarogverkfaeri.is\/en\/#organization","name":"V\u00e9lar & Verkf\u00e6ri","url":"https:\/\/velarogverkfaeri.is\/en\/","logo":{"@type":"ImageObject","inLanguage":"en-US","@id":"https:\/\/velarogverkfaeri.is\/en\/#\/schema\/logo\/image\/","url":"https:\/\/velarogverkfaeri.is\/wp-content\/uploads\/2021\/10\/vv_logo_350x100.png","contentUrl":"https:\/\/velarogverkfaeri.is\/wp-content\/uploads\/2021\/10\/vv_logo_350x100.png","width":350,"height":100,"caption":"V\u00e9lar & Verkf\u00e6ri"},"image":{"@id":"https:\/\/velarogverkfaeri.is\/en\/#\/schema\/logo\/image\/"},"sameAs":["https:\/\/www.facebook.com\/VelarOgVerkfaeri"]}]}},"_links":{"self":[{"href":"https:\/\/velarogverkfaeri.is\/en\/wp-json\/wp\/v2\/product\/73070","targetHints":{"allow":["GET"]}}],"collection":[{"href":"https:\/\/velarogverkfaeri.is\/en\/wp-json\/wp\/v2\/product"}],"about":[{"href":"https:\/\/velarogverkfaeri.is\/en\/wp-json\/wp\/v2\/types\/product"}],"replies":[{"embeddable":true,"href":"https:\/\/velarogverkfaeri.is\/en\/wp-json\/wp\/v2\/comments?post=73070"}],"wp:featuredmedia":[{"embeddable":true,"href":"https:\/\/velarogverkfaeri.is\/en\/wp-json\/wp\/v2\/media\/78268"}],"wp:attachment":[{"href":"https:\/\/velarogverkfaeri.is\/en\/wp-json\/wp\/v2\/media?parent=73070"}],"wp:term":[{"taxonomy":"product_brand","embeddable":true,"href":"https:\/\/velarogverkfaeri.is\/en\/wp-json\/wp\/v2\/product_brand?post=73070"},{"taxonomy":"product_cat","embeddable":true,"href":"https:\/\/velarogverkfaeri.is\/en\/wp-json\/wp\/v2\/product_cat?post=73070"},{"taxonomy":"product_tag","embeddable":true,"href":"https:\/\/velarogverkfaeri.is\/en\/wp-json\/wp\/v2\/product_tag?post=73070"}],"curies":[{"name":"wp","href":"https:\/\/api.w.org\/{rel}","templated":true}]}}