{"id":73005,"date":"2025-06-24T08:56:27","date_gmt":"2025-06-24T08:56:27","guid":{"rendered":"https:\/\/velarogverkfaeri.is\/?post_type=product&#038;p=73005"},"modified":"2026-03-10T02:45:38","modified_gmt":"2026-03-10T02:45:38","slug":"beslag-design-vibe-plain-hurdarhandfang-svart-fyrir-thyskar-laesingar-752030-41e","status":"publish","type":"product","link":"https:\/\/velarogverkfaeri.is\/en\/lykillausnir\/hurdabunadur-lykillausnir\/hurdarhunar-hurdabunadur-lykillausnir\/product\/beslag-design-vibe-plain-hurdarhandfang-svart-fyrir-thyskar-laesingar-752030-41e\/","title":{"rendered":"BESLAG DESIGN VIBE PLAIN Hur\u00f0arhandfang Svart fyrir \u00de\u00fdskar l\u00e6singar 752030-41E"},"content":{"rendered":"<p><img decoding=\"async\" src=\"data:image\/png;base64,iVBORw0KGgoAAAANSUhEUgAAAaIAAABjCAYAAADZyATKAAAAAXNSR0IArs4c6QAAAARnQU1BAACxjwv8YQUAAAAJcEhZcwAADsMAAA7DAcdvqGQAABUFSURBVHhe7d0PbJPnnQfwb2+RkgnpTMXmZExXnybFGZPOFJ2SwE0EpAJhK05omz8aSpNrr8mowFm74nY65Eptgd51pZtC0o7EQqLJdmJOpQWjNcRIgLOJkEhwMVIjjMYwEghbR5VXalRekem957UfJ7bjOE6G84L5fqRXeX\/v877P6zdBv5+f532Nn9AEEBERGeQf5E8iIiJDsBAREZGhWIiIiMhQLERERGQoFiIiIjIUCxERERmKhYiIiAzFQkRERIZiISIiIkOxEBERkaFYiIiIyFDLVohURZVrOXSlD4fPRGTwd3qQfaWT6\/6JiB4Ry1OIbrvRWNqG\/ikZL1LkRAvWvz8mowxu+eGZ+FoGf6cH2Vc6ue6fiB5ON0U+\/GE1qn8cX9rRf1u2JQnB\/bwLfhnls2UpRJFToyh\/3QTvYHajokC3G4llx7x9P7pbymX0aEq9JiJ6TH0xCpPrNE7\/Mb50oG61bEsQ\/OQwPOEwlmEuyXDLUIhC8PzJgnqnHYUD3pRfqgpFn7KbVhEcDkCfqFLvRhC8MIxQJIJIRIE6LTYWFcNiih4wS1UQuuyDd8CPYIZpP1UJwi\/O658Qfclt81Gv+TP2N29fU\/J1TkUQOOOF73IkFktprylOXEdwWB4jNxFR\/gr9tQhrrTKYz4gLrum92GuTcTozeUfPSz4EIvEMoiKi58bhYHKuiefbdO1z+lheuS9EE33wramHtWArmsxeeJJui\/jh3NeJLocT\/i\/1WEXoykWMh+9g\/MJFXLwwjpD+eznrRPWxkL5DlDLsQuPuTgRgRaX4gwY+84tyN1fw0zY4Pg6hZIMNKy+5UOPwQZFtSaaD6GveCefoStg2lCD0sQPtv0vuMVNfoWNOHDjmQst7Q4C1Epa7PWh+ph2+6A7zXJMu4Mabhzy48y0bir84gOqGvmgx1oW6W9A+wHtIRPkmEiqC9XsySEfxof23a9HtsKJIbkonmnc+caG9W+SldcUYfasa7YNjcDtcGBK5sUz1oHlXF4IzxSiWb2fb3aipcWNscLaPwHs1oo+0WTK39C\/Gy6Wrh1q1nlsy8Du1hqNhGeiGtNZvN2ueSRlKQ7tbRUuCz1u1yo4bsfVbvVrz7pNayiExSfv1aK3vjsfWpfDRBs15QQYJotv9MpDG3306675udGzS\/vmt87EgLvihVvvG7LZ01\/TkTzxJ13H10KaZPsOfd2q9l+7FAiLKE\/e00aMOzfEzsfxkm7bp3zu10aRkNql59jq0IbltTt5IcKOjUns6MS\/dF\/n0yQatN6G\/8NFazeGTgZ5vRXtivtX7KHt7VEbC\/fOa87lOTWa+ZZPjEZGoziNlqCjQp6TEUrYRpsGTM+\/6o0orUJ467ZZB5IwPxS12LHRISAwzV4rRTfS8coGpCP6x1LFTCJ5BC+o3ylCylc\/ek1q4r3vYurlKrkulddh6\/VTG+0LWDeVJ12FdZ8XkZGzdvH0PmtYVxgIiyhOFKG\/rQMevxfK70zj34VPoealrZkYneKQdV1\/uwNYsc2J5ecLcXYEVaxursDHhWLPNipsTCTlvTVVSvrWU2lAl8tCMgu\/D9rdxBGW4XHJbiIY9CJZaEIpOSekLULHKB8912b4EXyuFsJhlkIkYjk5ej59XLkV1+GB7idwhQbEFGbtcTF8zLHhq1SRkXSEimmuVHa1WH07dFOvXu+A4a0XZTS+8A7HFHwrF7ktfW+K9G\/MCuW0OM4rTPDiRazktRP6BSTS9Uwd7rX1meeXnNvhOLL3eftMUwXg2hxeoWGmbPW98qSpNM8oIh5JHaakW09eMAAK3LCiWERFRRt9tQu9vWsUIpRKVcllbXIK1+s\/V+T07krtCNO1D\/91tsK+QcdyaepSPeESazkSBMs9njsy1TVA\/SrwBl56ltg7h4970DycksaB+ZxCdnyXuqYh3I76ZG4XZ9OX9LLldGezE2I+aMDtwnv+a0lLVlCdeiCjvKF703K5D\/VNivdAEs9mctJiKCmHSf6bm0TyTs0KkDvRB2WHH3DpuRdOWMfQNyzCNqheK0fMLN7zHfHMLlqkOHYeAg9U70X6kH\/1HXGhp7pq73+omdOwaRe0zjXDJ\/dp2HU57z8bcfBz\/EWhD42td6D\/RhTdfckF5dq94pVIWfdl\/EEZ7Qzu6Tnjh3t+Itgv1OP6qRbYucE1p+PZ9B5s+Sb2fRUSPtMuHsbOhDQePeUUeacPm50fRdKRpkdNn+ecJ\/YkFuf5wmVIQmS6C2TT\/kFT\/fI5SIN5FZNhHl+1+0XOKUYvJbEpTQGPS9RU6sh4HS0fQvV2FEhHjohXzvIPJ4ppm6COibxSisEDGRJQnYnlC1UdA2eSCx8DDW4geIbOFSG4gIqKs5fjxbSIiosw4IiIiIkNxRERERIZiISIiIkOxEBERkaFYiIiIyFAsREREZCgWIiIiMhQLERERGYqFiIiIDMVCREREhmIhIiIiQ7EQERGRoViIiIjIUCxERERkqGUrRKqiyrUcutKHw2ciMliEpR73oBh9fiIiAy1PIbrtRmNpG\/qnZLxIkRMtWP9+ui\/5TnHLD8\/E1zJYhKUe96AYfX4iWl53x9DVvB6uczKOE9vdrzWi+ofrsP6H1Wj5NCgbpHMurH+mGtU\/ji+HkUVmfOgtSyGKnBpF+esmeAezGxUFut1Jv1zz9v3obimX0aMv9fqI6DEy4UbbL+\/A+i9A+J7cFldgQc1\/n8DpP1\/GyJ9PoulSGw5OyDYhdCWMF3tO4\/Qf48sbyIfMuAyFKATPnyyod9pROOBFcilSoehTdtMqgsMB6JNT6t0IgheGEYpEENG\/131abCwqhsUUPWCWqiB02QfvgB\/BDNN+qhKEX5zXPyH6ktuyMe9xU\/I1TUUQOCPar6XrVVzXhB\/eM+Ka9FGgeK3xl5j2+uLEfsFhL3yXI4t6rUT0CFnzCrr\/yw5rkYwTmcwwF8p1FGLrditCIRkKwWARrN+TQUYyt4qfET1PDgdnc82Untt8CERSssxMbkttT9PHA5b7QjTRB9+aelgLtqLJ7IUn6VaIH859nehyOOH\/Uo9VUfEvYjx8B+MXLuLihXGE9N\/FWSeqj83+NZRhFxp3dyIAKyqtYoTxmV+Uu7mCn7bB8XEIJRtsWHnJhRqHD4psyyTTcaFjThz4xIX27nEU2cqg9jdj8\/6E8Y0yhsMvtaHzVkn0tQ3t34k397XBeVZvnOf6dAE33jzkwZ1v2VD8xQFUN\/RFC7Mu1N2C9gHeQyJ6rEwr8J4rRv1GGYuMEF5RJrJeNmK51e1wYUgcUaa6UVPjxtignrtEbltXjMB7NWgfnM2Is7kt1j76VrVoH0vow4PmXV0I5qIY6V8VnktXD7VqPbdk4HdqDUfDMtANaa3fbtY8kzKUhna3ipYEn7dqlR03Yuu3erXm3Se1lENikvbr0VrfHY+tS+GjDZrzggwSLeK4Gx2V2tNJ7fc0z4u1Wq+8rPNvNWu98euNmtROvlKitX4uQyHd9T35E0\/SNV09tGnmnOHPO7XeS\/diARHlBT2XJOaFuLDvQ83xswZt07+K3PgXuTHqhnbybYdoc2it9Zu0bT87qYXvy6Y5RG59siEpt+rnK3t7VEbC\/fOa87lO0WvMnNx2P9ZHb0If4aO1msMngwcoxyMiUU1HylBRoE9DiaVsI0yDJ2fe6UeVVqA8ddotg8gZH4pb7FjokJAYWq7cUBI7r1xgKoJ\/LN3YaVY2x5WX2+SarlDEZihf6es+9N+2o351tEEywWazyPX5WTeUJ12TdZ0Vk5OxdfP2PWhaNzNeJ6I8Zt7yBjp+fQKn\/6cO\/r2N6LsuG2CB\/Z0O0daB7t+fw8mfBtH2ug8pE2yz1lQl5VZLqQ1VIs\/MKPg+bH8bR+LjEEm5rcCKtY1V2JjQh9lmxc2JzDl0KXJbiIY9CJZaEIpOQ+kLULHKB8\/ML3bxvlYKYTHLIBMxfJy8Hj+vXIrq8MH2ErnDPJZ6nHRvhUmUJiKiv09hqR0d7q3o\/5VPbklWuOZF1N3ywi\/jxTOjOOlNcxbMFnHUg5fTQuQfmETTO3Ww19pnlld+boPvRMojiYvwTVME49kcXqBipW32vPGlqnSBMrHU46JWYuXt4Jz7Vbm6wUdEeW61SPw3w8mzSHkod4Vo2of+u9tgXyHjuDX1KB\/xICDD9BQo83zmyFzbBPWjhW+YWWrrED7uzerhhERLPS6mHHu2+3E44QYgFB86j6ZWzvmvLy1VZTEjehwN+6A8uy39KORaL\/qtL2KrDB9lOStE6kAflB32NNNUVjRtGUPfsAzTqHqhGD2\/cMN7zDe3YJnq0HEIOFi9E+1H+tF\/xIWW5q65+61uQseuUdQ+0wiX3K9tVxYf\/lrqcZLl1W7UDTdgc0Mb2ve1oe2De6j7qQ1FBXIHIeP1peHb9x1s+uTBz8sS0cNEhX\/\/ZuxsPQj3QD+69A+2\/r4CR16OlSHlszZUv+RC1wkv3Pt3YvN7xfjgQH58vvIJ\/YkFuf5wmVIQmS6C2TT\/lJj+mRylwJRxH122+6Va6nGpgr9qg++Fbux5Sm7QZXF9M\/QR0TcKUZhQzIgoT6kiNygqCk1mzEkP0yqULxVghWhLnW16hD28hShfTAdw8OVhNH26Bws\/O0dE9PhhIXrA1HMu1HwcRsXGbVgLPzzDRWj69QewL\/bpFCKixwQLUY7o03r3ivJr+ExElAssREREZKgc\/88KREREmbEQERGRoViIiIjIUCxERERkKBYiIiIyFAsREREZioWIiIgMxUJERESGYiEiIiJDsRAREZGhWIiIiMhQLERERGSoZStEqqLKtRy60ofDZ4z+dvcA+n7py\/Ad8wu1ExE9XpanEN12o7G0Df1TMl6kyIkWrH8\/iy\/rvuWHZ+JrGeTGwq8lDP8fgpj\/VSzUTkT5TBnpQlttNdY\/vR7rn29H\/zXZMEcI7udd8Msony1LIYqcGkX56yZ4B7MbFQW63UhM9ebt+9Hd8nB8N\/tiX0vkjBvemzIgosdcBMH7O3Bk4DRG\/ncEI79\/BVf3vImxadmcIPjJYXjCYSzDXJLhlqEQheD5kwX1TjsKB7wpv1QVij5lN60iOByITlfpXygXvDCMUCSCSESBqv+BiophMUUPmKUqCF32wTvgRzDDtJ+qBOEX5\/VPiL7ktiT6d8CnHj+lIHWTqsjj072WqfTnUJUIQuJaAtFriaT0Kc474Yf3jLjulHMRUb4yo3yjBYUyQoEN9T+axGjqm9URF1zTe7HXJuN0RJ6K5sdo\/vGJPBNPJCoiem4cDsbaZ8RzXZr2OX0sr9wXook++NbUw1qwFU1mLzxJN0f8cO7rRJfDCf+XeqwidOUixsN3MH7hIi5eGEdI\/72cdaL6WEjfIUoZdqFxdycCsKLSKkZQn\/lFuZsr+GkbHB+HULLBhpWXXKhx+KDIthkFARx0eJLu2fg\/2ozaj4Iy0gXw4at9uKOvpryW4Kct2Ll\/FCvXVaLkViccr\/XNvBbluriWm3cQuqRfy0WE7sqG6XG49x2A5\/9KYFsVwIFtjei7LdumfHiz9rA4IxE9Du59JZJcgQx0ig\/tv12LbocVRXJTOqFjThz4xIX2bpHj1hVj9K1qtA+Owe1wYUjkxjLVg+ZdXQjOFKNYvp1td6Omxo2xwdk+Au\/ViD7mZMnc07+hNZeuHmrVem7JwO\/UGo6GZaAb0lq\/3ax5JmUoDe1uFS0JPm\/VKjtuxNZv9WrNu09qKYfEJO3Xo7W+Ox5bl8JHGzTnBRkkOP9Gs9Ybf1n3hzTnf3q0nt0HtKtyk\/bFAa053m\/KORreOB9bj7t0QHv63zo1uYd2o6NV6\/yLDKLENT\/ZkHzNov9Nb43G1r8a13o7hrTE3xIR5an749qBF2fzhSYym2evQxuS+WFOLkxwo6NSezoxx4ncpeeW3oTcEj5aqzl8MkiTe\/Q+yt6WuUd3\/7zmfC7x9SyPHI+IRHUeKUNFQWxqKlK2EabBk8lPjJVWoDx1qiuDyBkfilvsWOiQkBhmrtxQEjuvXGAqgn9s7tipakshfMOxIak64AW216FmXQieiegmBP8QRMWzlliQIDRwCpa6KhlJ68T1yNV5ralKvuY1FbAqk7H1FTY0ObaKATwR5Tv9PhBe34N4dgkeacfVlzuwNcucWF6eMHdXYMXaxipsTDjWbLPi5kRCzkvJPZZSG6o2JGSsgu\/D9rdxJM4HLYfcFqJhD4KlFoSi02z6AlSs8sFzXbYvwddKISzZZGkxHJ28Hj+vXIrq8MH2ErlDgi31MJ3Tn01R4T1XhB0bxB9wRwVCogDp97h8Nyuw43vRPZNNm7N7LUREKZTBdhws2I\/96+SG611wnLWi7KYXXvGGWF\/8oVDs\/vO1Jd67MVsW+abWjOLVcnUZ5bQQ+Qcm0fROHey19pnllZ\/b4Dux9Hr7TVME49kcXqBipW32vPGlqnTmNuGsgipUTfswNiX+4P9Yjyp9vnZ1DSpuikJ6\/RTGf7Bj5h1LEjHSCyUN74iIFqYXofa\/7sXxV61yi\/DdJvT+plWMUCpRKZe1xSVYq\/9cnSZv5ZHcFSKR2PvvboN9hYzj1tSjfMSzwM14Bco8nzky1zZB\/SjxBlx6lto6hI975z6ckFYh7FsAz3ujKK6LD1PNqFmnwN0dwto003I6\/RzBj\/uTzqGc8sCXdIdRweQi7\/2pU8Y8uUJEuac\/bOW8thfdiUVIV2iC2WxOWkxFhTDpP1PzaJ7JWSFSB\/qg7LDPPqY4w4qmLWPoG5ZhGlUvFKPnF254j\/nmFixTHToOAQerd6L9SD\/6j7jQ0tw1d7\/VTejYNYraZxrhkvu17Tqc9PmkRIUbbQieLUZ9fJgsmHdYMT5sST8tpxPnON46jraGdnSd6EfXvha4vrRjb8K\/L8uzVQi8fxD9on0sm9HTzS5U\/5MDPhkSUR65chibW0eBv3TC+ZoYFcnF+P8RxlhP6E8syPWHy5SCyHQRzKb5h6T6Z46UAvEuIsM+umz3WzL9s0hfimGPSbxzSXcKVVzLV+JaVmV3fn1EVLgiR6+ViOgh8\/AWIiIieizk+PFtIiKizFiIiIjIUCxERERkKBYiIiIyFAsREREZioWIiIgMxUJERESGYiEiIiJDsRAREZGhWIiIiMhQLERERGQoFiIiIjIUCxERERmKhYiIiAzFQkRERIZiISIiIkOxEBERkaFYiIiIyEDA\/wP76rtJNGwZWgAAAABJRU5ErkJggg==\" alt=\"\"><\/p>","protected":false},"excerpt":{"rendered":"<p>Tegund:&nbsp;752030-41E<\/p>","protected":false},"featured_media":81075,"comment_status":"closed","ping_status":"closed","template":"","meta":[],"product_brand":[],"product_cat":[597,667,517],"product_tag":[],"class_list":{"0":"post-73005","1":"product","2":"type-product","3":"status-publish","4":"has-post-thumbnail","6":"product_cat-hurdabunadur-lykillausnir","7":"product_cat-hurdarhunar-hurdabunadur-lykillausnir","8":"product_cat-lykillausnir","10":"first","11":"instock","12":"taxable","13":"shipping-taxable","14":"purchasable","15":"product-type-simple"},"yoast_head":"<!-- This site is optimized with the Yoast SEO plugin v27.3 - https:\/\/yoast.com\/product\/yoast-seo-wordpress\/ -->\n<title>BESLAG DESIGN VIBE PLAIN Hur\u00f0arhandfang Svart fyrir \u00de\u00fdskar l\u00e6singar 752030-41E - V\u00e9lar &amp; Verkf\u00e6ri<\/title>\n<meta name=\"robots\" content=\"index, follow, max-snippet:-1, max-image-preview:large, max-video-preview:-1\" \/>\n<link rel=\"canonical\" href=\"https:\/\/velarogverkfaeri.is\/en\/lykillausnir\/adgangskerfi\/product\/beslag-design-vibe-plain-hurdarhandfang-svart-fyrir-thyskar-laesingar-752030-41e\/\" \/>\n<meta property=\"og:locale\" content=\"en_US\" \/>\n<meta property=\"og:type\" content=\"article\" \/>\n<meta property=\"og:title\" content=\"BESLAG DESIGN VIBE PLAIN Hur\u00f0arhandfang Svart fyrir \u00de\u00fdskar l\u00e6singar 752030-41E - V\u00e9lar &amp; Verkf\u00e6ri\" \/>\n<meta property=\"og:description\" content=\"Tegund:&nbsp;752030-41E\" \/>\n<meta property=\"og:url\" content=\"https:\/\/velarogverkfaeri.is\/en\/lykillausnir\/adgangskerfi\/product\/beslag-design-vibe-plain-hurdarhandfang-svart-fyrir-thyskar-laesingar-752030-41e\/\" \/>\n<meta property=\"og:site_name\" content=\"V\u00e9lar &amp; Verkf\u00e6ri\" \/>\n<meta property=\"article:publisher\" content=\"https:\/\/www.facebook.com\/VelarOgVerkfaeri\" \/>\n<meta property=\"article:modified_time\" content=\"2026-03-10T02:45:38+00:00\" \/>\n<meta name=\"twitter:card\" content=\"summary_large_image\" \/>\n<script type=\"application\/ld+json\" class=\"yoast-schema-graph\">{\"@context\":\"https:\\\/\\\/schema.org\",\"@graph\":[{\"@type\":\"WebPage\",\"@id\":\"https:\\\/\\\/velarogverkfaeri.is\\\/lykillausnir\\\/adgangskerfi\\\/product\\\/beslag-design-vibe-plain-hurdarhandfang-svart-fyrir-thyskar-laesingar-752030-41e\\\/\",\"url\":\"https:\\\/\\\/velarogverkfaeri.is\\\/lykillausnir\\\/adgangskerfi\\\/product\\\/beslag-design-vibe-plain-hurdarhandfang-svart-fyrir-thyskar-laesingar-752030-41e\\\/\",\"name\":\"BESLAG DESIGN VIBE PLAIN Hur\u00f0arhandfang Svart fyrir \u00de\u00fdskar l\u00e6singar 752030-41E - V\u00e9lar &amp; Verkf\u00e6ri\",\"isPartOf\":{\"@id\":\"https:\\\/\\\/velarogverkfaeri.is\\\/en\\\/#website\"},\"primaryImageOfPage\":{\"@id\":\"https:\\\/\\\/velarogverkfaeri.is\\\/lykillausnir\\\/adgangskerfi\\\/product\\\/beslag-design-vibe-plain-hurdarhandfang-svart-fyrir-thyskar-laesingar-752030-41e\\\/#primaryimage\"},\"image\":{\"@id\":\"https:\\\/\\\/velarogverkfaeri.is\\\/lykillausnir\\\/adgangskerfi\\\/product\\\/beslag-design-vibe-plain-hurdarhandfang-svart-fyrir-thyskar-laesingar-752030-41e\\\/#primaryimage\"},\"thumbnailUrl\":\"https:\\\/\\\/velarogverkfaeri.is\\\/wp-content\\\/uploads\\\/2026\\\/03\\\/ac686934-a80d-4204-a5e3-a0ac20cb1b70.png\",\"datePublished\":\"2025-06-24T08:56:27+00:00\",\"dateModified\":\"2026-03-10T02:45:38+00:00\",\"breadcrumb\":{\"@id\":\"https:\\\/\\\/velarogverkfaeri.is\\\/lykillausnir\\\/adgangskerfi\\\/product\\\/beslag-design-vibe-plain-hurdarhandfang-svart-fyrir-thyskar-laesingar-752030-41e\\\/#breadcrumb\"},\"inLanguage\":\"en-US\",\"potentialAction\":[{\"@type\":\"ReadAction\",\"target\":[\"https:\\\/\\\/velarogverkfaeri.is\\\/lykillausnir\\\/adgangskerfi\\\/product\\\/beslag-design-vibe-plain-hurdarhandfang-svart-fyrir-thyskar-laesingar-752030-41e\\\/\"]}]},{\"@type\":\"ImageObject\",\"inLanguage\":\"en-US\",\"@id\":\"https:\\\/\\\/velarogverkfaeri.is\\\/lykillausnir\\\/adgangskerfi\\\/product\\\/beslag-design-vibe-plain-hurdarhandfang-svart-fyrir-thyskar-laesingar-752030-41e\\\/#primaryimage\",\"url\":\"https:\\\/\\\/velarogverkfaeri.is\\\/wp-content\\\/uploads\\\/2026\\\/03\\\/ac686934-a80d-4204-a5e3-a0ac20cb1b70.png\",\"contentUrl\":\"https:\\\/\\\/velarogverkfaeri.is\\\/wp-content\\\/uploads\\\/2026\\\/03\\\/ac686934-a80d-4204-a5e3-a0ac20cb1b70.png\",\"width\":811,\"height\":625},{\"@type\":\"BreadcrumbList\",\"@id\":\"https:\\\/\\\/velarogverkfaeri.is\\\/lykillausnir\\\/adgangskerfi\\\/product\\\/beslag-design-vibe-plain-hurdarhandfang-svart-fyrir-thyskar-laesingar-752030-41e\\\/#breadcrumb\",\"itemListElement\":[{\"@type\":\"ListItem\",\"position\":1,\"name\":\"Home\",\"item\":\"https:\\\/\\\/velarogverkfaeri.is\\\/\"},{\"@type\":\"ListItem\",\"position\":2,\"name\":\"Vefverslun\",\"item\":\"https:\\\/\\\/velarogverkfaeri.is\\\/vefverslun\\\/\"},{\"@type\":\"ListItem\",\"position\":3,\"name\":\"BESLAG DESIGN VIBE PLAIN Hur\u00f0arhandfang Svart fyrir \u00de\u00fdskar l\u00e6singar 752030-41E\"}]},{\"@type\":\"WebSite\",\"@id\":\"https:\\\/\\\/velarogverkfaeri.is\\\/en\\\/#website\",\"url\":\"https:\\\/\\\/velarogverkfaeri.is\\\/en\\\/\",\"name\":\"V\u00e9lar & Verkf\u00e6ri\",\"description\":\"Umbo\u00f0s- og heildverslun fr\u00e1 \u00e1rinu 1919\",\"publisher\":{\"@id\":\"https:\\\/\\\/velarogverkfaeri.is\\\/en\\\/#organization\"},\"potentialAction\":[{\"@type\":\"SearchAction\",\"target\":{\"@type\":\"EntryPoint\",\"urlTemplate\":\"https:\\\/\\\/velarogverkfaeri.is\\\/en\\\/?s={search_term_string}\"},\"query-input\":{\"@type\":\"PropertyValueSpecification\",\"valueRequired\":true,\"valueName\":\"search_term_string\"}}],\"inLanguage\":\"en-US\"},{\"@type\":\"Organization\",\"@id\":\"https:\\\/\\\/velarogverkfaeri.is\\\/en\\\/#organization\",\"name\":\"V\u00e9lar & Verkf\u00e6ri\",\"url\":\"https:\\\/\\\/velarogverkfaeri.is\\\/en\\\/\",\"logo\":{\"@type\":\"ImageObject\",\"inLanguage\":\"en-US\",\"@id\":\"https:\\\/\\\/velarogverkfaeri.is\\\/en\\\/#\\\/schema\\\/logo\\\/image\\\/\",\"url\":\"https:\\\/\\\/velarogverkfaeri.is\\\/wp-content\\\/uploads\\\/2021\\\/10\\\/vv_logo_350x100.png\",\"contentUrl\":\"https:\\\/\\\/velarogverkfaeri.is\\\/wp-content\\\/uploads\\\/2021\\\/10\\\/vv_logo_350x100.png\",\"width\":350,\"height\":100,\"caption\":\"V\u00e9lar & Verkf\u00e6ri\"},\"image\":{\"@id\":\"https:\\\/\\\/velarogverkfaeri.is\\\/en\\\/#\\\/schema\\\/logo\\\/image\\\/\"},\"sameAs\":[\"https:\\\/\\\/www.facebook.com\\\/VelarOgVerkfaeri\"]}]}<\/script>\n<!-- \/ Yoast SEO plugin. -->","yoast_head_json":{"title":"BESLAG DESIGN VIBE PLAIN Hur\u00f0arhandfang Svart fyrir \u00de\u00fdskar l\u00e6singar 752030-41E - V\u00e9lar &amp; Verkf\u00e6ri","robots":{"index":"index","follow":"follow","max-snippet":"max-snippet:-1","max-image-preview":"max-image-preview:large","max-video-preview":"max-video-preview:-1"},"canonical":"https:\/\/velarogverkfaeri.is\/en\/lykillausnir\/adgangskerfi\/product\/beslag-design-vibe-plain-hurdarhandfang-svart-fyrir-thyskar-laesingar-752030-41e\/","og_locale":"en_US","og_type":"article","og_title":"BESLAG DESIGN VIBE PLAIN Hur\u00f0arhandfang Svart fyrir \u00de\u00fdskar l\u00e6singar 752030-41E - V\u00e9lar &amp; Verkf\u00e6ri","og_description":"Tegund:&nbsp;752030-41E","og_url":"https:\/\/velarogverkfaeri.is\/en\/lykillausnir\/adgangskerfi\/product\/beslag-design-vibe-plain-hurdarhandfang-svart-fyrir-thyskar-laesingar-752030-41e\/","og_site_name":"V\u00e9lar &amp; Verkf\u00e6ri","article_publisher":"https:\/\/www.facebook.com\/VelarOgVerkfaeri","article_modified_time":"2026-03-10T02:45:38+00:00","twitter_card":"summary_large_image","schema":{"@context":"https:\/\/schema.org","@graph":[{"@type":"WebPage","@id":"https:\/\/velarogverkfaeri.is\/lykillausnir\/adgangskerfi\/product\/beslag-design-vibe-plain-hurdarhandfang-svart-fyrir-thyskar-laesingar-752030-41e\/","url":"https:\/\/velarogverkfaeri.is\/lykillausnir\/adgangskerfi\/product\/beslag-design-vibe-plain-hurdarhandfang-svart-fyrir-thyskar-laesingar-752030-41e\/","name":"BESLAG DESIGN VIBE PLAIN Hur\u00f0arhandfang Svart fyrir \u00de\u00fdskar l\u00e6singar 752030-41E - V\u00e9lar &amp; Verkf\u00e6ri","isPartOf":{"@id":"https:\/\/velarogverkfaeri.is\/en\/#website"},"primaryImageOfPage":{"@id":"https:\/\/velarogverkfaeri.is\/lykillausnir\/adgangskerfi\/product\/beslag-design-vibe-plain-hurdarhandfang-svart-fyrir-thyskar-laesingar-752030-41e\/#primaryimage"},"image":{"@id":"https:\/\/velarogverkfaeri.is\/lykillausnir\/adgangskerfi\/product\/beslag-design-vibe-plain-hurdarhandfang-svart-fyrir-thyskar-laesingar-752030-41e\/#primaryimage"},"thumbnailUrl":"https:\/\/velarogverkfaeri.is\/wp-content\/uploads\/2026\/03\/ac686934-a80d-4204-a5e3-a0ac20cb1b70.png","datePublished":"2025-06-24T08:56:27+00:00","dateModified":"2026-03-10T02:45:38+00:00","breadcrumb":{"@id":"https:\/\/velarogverkfaeri.is\/lykillausnir\/adgangskerfi\/product\/beslag-design-vibe-plain-hurdarhandfang-svart-fyrir-thyskar-laesingar-752030-41e\/#breadcrumb"},"inLanguage":"en-US","potentialAction":[{"@type":"ReadAction","target":["https:\/\/velarogverkfaeri.is\/lykillausnir\/adgangskerfi\/product\/beslag-design-vibe-plain-hurdarhandfang-svart-fyrir-thyskar-laesingar-752030-41e\/"]}]},{"@type":"ImageObject","inLanguage":"en-US","@id":"https:\/\/velarogverkfaeri.is\/lykillausnir\/adgangskerfi\/product\/beslag-design-vibe-plain-hurdarhandfang-svart-fyrir-thyskar-laesingar-752030-41e\/#primaryimage","url":"https:\/\/velarogverkfaeri.is\/wp-content\/uploads\/2026\/03\/ac686934-a80d-4204-a5e3-a0ac20cb1b70.png","contentUrl":"https:\/\/velarogverkfaeri.is\/wp-content\/uploads\/2026\/03\/ac686934-a80d-4204-a5e3-a0ac20cb1b70.png","width":811,"height":625},{"@type":"BreadcrumbList","@id":"https:\/\/velarogverkfaeri.is\/lykillausnir\/adgangskerfi\/product\/beslag-design-vibe-plain-hurdarhandfang-svart-fyrir-thyskar-laesingar-752030-41e\/#breadcrumb","itemListElement":[{"@type":"ListItem","position":1,"name":"Home","item":"https:\/\/velarogverkfaeri.is\/"},{"@type":"ListItem","position":2,"name":"Vefverslun","item":"https:\/\/velarogverkfaeri.is\/vefverslun\/"},{"@type":"ListItem","position":3,"name":"BESLAG DESIGN VIBE PLAIN Hur\u00f0arhandfang Svart fyrir \u00de\u00fdskar l\u00e6singar 752030-41E"}]},{"@type":"WebSite","@id":"https:\/\/velarogverkfaeri.is\/en\/#website","url":"https:\/\/velarogverkfaeri.is\/en\/","name":"V\u00e9lar & Verkf\u00e6ri","description":"Umbo\u00f0s- og heildverslun fr\u00e1 \u00e1rinu 1919","publisher":{"@id":"https:\/\/velarogverkfaeri.is\/en\/#organization"},"potentialAction":[{"@type":"SearchAction","target":{"@type":"EntryPoint","urlTemplate":"https:\/\/velarogverkfaeri.is\/en\/?s={search_term_string}"},"query-input":{"@type":"PropertyValueSpecification","valueRequired":true,"valueName":"search_term_string"}}],"inLanguage":"en-US"},{"@type":"Organization","@id":"https:\/\/velarogverkfaeri.is\/en\/#organization","name":"V\u00e9lar & Verkf\u00e6ri","url":"https:\/\/velarogverkfaeri.is\/en\/","logo":{"@type":"ImageObject","inLanguage":"en-US","@id":"https:\/\/velarogverkfaeri.is\/en\/#\/schema\/logo\/image\/","url":"https:\/\/velarogverkfaeri.is\/wp-content\/uploads\/2021\/10\/vv_logo_350x100.png","contentUrl":"https:\/\/velarogverkfaeri.is\/wp-content\/uploads\/2021\/10\/vv_logo_350x100.png","width":350,"height":100,"caption":"V\u00e9lar & Verkf\u00e6ri"},"image":{"@id":"https:\/\/velarogverkfaeri.is\/en\/#\/schema\/logo\/image\/"},"sameAs":["https:\/\/www.facebook.com\/VelarOgVerkfaeri"]}]}},"_links":{"self":[{"href":"https:\/\/velarogverkfaeri.is\/en\/wp-json\/wp\/v2\/product\/73005","targetHints":{"allow":["GET"]}}],"collection":[{"href":"https:\/\/velarogverkfaeri.is\/en\/wp-json\/wp\/v2\/product"}],"about":[{"href":"https:\/\/velarogverkfaeri.is\/en\/wp-json\/wp\/v2\/types\/product"}],"replies":[{"embeddable":true,"href":"https:\/\/velarogverkfaeri.is\/en\/wp-json\/wp\/v2\/comments?post=73005"}],"wp:featuredmedia":[{"embeddable":true,"href":"https:\/\/velarogverkfaeri.is\/en\/wp-json\/wp\/v2\/media\/81075"}],"wp:attachment":[{"href":"https:\/\/velarogverkfaeri.is\/en\/wp-json\/wp\/v2\/media?parent=73005"}],"wp:term":[{"taxonomy":"product_brand","embeddable":true,"href":"https:\/\/velarogverkfaeri.is\/en\/wp-json\/wp\/v2\/product_brand?post=73005"},{"taxonomy":"product_cat","embeddable":true,"href":"https:\/\/velarogverkfaeri.is\/en\/wp-json\/wp\/v2\/product_cat?post=73005"},{"taxonomy":"product_tag","embeddable":true,"href":"https:\/\/velarogverkfaeri.is\/en\/wp-json\/wp\/v2\/product_tag?post=73005"}],"curies":[{"name":"wp","href":"https:\/\/api.w.org\/{rel}","templated":true}]}}