{"id":73004,"date":"2025-06-24T08:41:18","date_gmt":"2025-06-24T08:41:18","guid":{"rendered":"https:\/\/velarogverkfaeri.is\/?post_type=product&#038;p=73004"},"modified":"2026-03-09T15:00:51","modified_gmt":"2026-03-09T15:00:51","slug":"beslag-design-vibe-grip-hurdarhandfang-svart-fyrir-thyskar-laesingar-752035-41e","status":"publish","type":"product","link":"https:\/\/velarogverkfaeri.is\/en\/lykillausnir\/hurdabunadur-lykillausnir\/hurdarhunar-hurdabunadur-lykillausnir\/product\/beslag-design-vibe-grip-hurdarhandfang-svart-fyrir-thyskar-laesingar-752035-41e\/","title":{"rendered":"BESLAG DESIGN VIBE GRIP Hur\u00f0arhandfang Svart fyrir \u00de\u00fdskar l\u00e6singar 752035-41E"},"content":{"rendered":"<p><img decoding=\"async\" src=\"data:image\/png;base64,iVBORw0KGgoAAAANSUhEUgAAAaMAAABhCAYAAAB7ws7\/AAAAAXNSR0IArs4c6QAAAARnQU1BAACxjwv8YQUAAAAJcEhZcwAADsMAAA7DAcdvqGQAABT6SURBVHhe7d0PbJPnnQfwb2+RnAnpTMXmZExXnybFGZPOFJ2SwE0EpAJhK05Ymz8aSpNrr8mowFm74nY65Eptgd51pZtC0o7EQqLJdmJOpQWjNcRIgLOJkEhwMVIjjMYwEghbR5VXalRekem957UfO7bjJE5qeCH5fqRXeX\/v877P6zdBv5+f532Nn9AEEBERGegf5E8iIiLDsBgREZHhWIyIiMhwLEZERGQ4FiMiIjIcixERERmOxYiIiAzHYkRERIZjMSIiIsOxGBERkeFYjIiIyHAsRkREZLgHUoxURZVrD9CVXhw+E5XB15TPvrJ50P0TET3m8l+MbnvQUNKKvkkZL1D0RDPWvzcqozncCsA7\/pUMvqZ89pXNg+6fiB5NN0U+\/GEVqn6cWNrQd1u2pQnD85wbARktR3kvRtFTIyh7zQzfQG6jo2CXB6mlx7J9P7qay2T0eMq8JiJapj4fgdl9Gqf\/lFjaUbtatqUIfXwY3kgED2FO6ZGV52IUhvfPVtS5HDD1+zJ+sSoUffpuSkVoKAh90kq9G0XowhDC0SiiUQXqlNhYWASrOXbANFVB+LIfvv4AQnNMAapKCAFx3sC46Etum416LTBnf7P2NSlf52QUwTM++C9H47GU9ZoSxHWEhuQxchMRLV3hvxVirU0Gsxl2wz21F3vtMs4mmXf0vORHMJrIICqiem4cCqXnmkS+zdY+o49HQ36L0Xgv\/GvqYCvYikaLD9602yQBuPZ1oNPpQuALPVYRvnIRY5E7GLtwERcvjCGs\/27OulB1LKzvEKMMudGwuwNB2FAh\/qjBTwOi5M0U+qQVzo\/CKN5gx8pLblQ7\/VBkW5qpEHqbdsI1shL2DcUIf+RE2+\/Te5yrr\/AxFw4cc6P53UHAVgHr3W40PdMGf2yHWa5JF\/TgjUNe3PmWHUWfH0BVfW+sIOvCXc1o6+c9JaKlJhouhO17MshG8aPtd2vR5bShUG7KJpZ3PnajrUvkpXVFGHmzCm0Do\/A43RgUubFU9aJpVydCyYIUz7fT7R5UV3swOjDdR\/DdatFH1ixpDP2bXvPl6qEWrfuWDAIurf5oRAa6Qa3l202ad0KG0uDuFtGS4rMWraL9Rnz9Vo\/WtPuklnFIXNp+3VrLO2PxdSlytF5zXZBBitj2gAyksXeezrmvG+2btH9+83w8SAh9oNW8Pr0t2zU9+VNv2nVcPbQp2Wfksw6t59K9eEBES8Q9beSoU3P+XCw\/3aZt+vcObSQtmU1o3r1ObVBum5E3Utxor9CeTs1L90U+fbJe60npL3K0RnP6ZaDnW9Gemm\/1PkrfGpGRcP+85vpJhyYzn+HyODISVXq4FOUF+vSUWEo3wjxwMvnuP6akHGWZU3BziJ7xo6jZgfkOCYsh50oxyomdVy4wFyIwmjmGCsM7YEXdRhlK9rLpe1Tz93UPWzdXynWppBZbr5+a8z6RbUNZ2nXY1tkwMRFft2zfg8Z1pnhAREuECWWt7Wj\/jVh+fxrnPngK3S92Jmd2QkfacPWldmzNMSeWlaXM4xXYsLahEhtTjrXYbbg5npLz1lSm5VtriR2VIg8lFXwf9r+PISRDo+WvGA15ESqxIhybntIXoHyVH97rsn0RvlJMsFpkMBcxNJ24njivXApr8f72YrlDiiIr5uxyIX0lWfHUqgnI2kJENNMqB1psfpy6Kdavd8J51obSmz74+uNLIByO36e+tsh7OZZ5ctsMFhRleZjCKHkrRoH+CTS+XQtHjSO5vPwLO\/wnFl93v2mOYiyXwwtUrLRPnzexVJZkGW1EwumjtUwL6SspiOAtK4pkREQ0p+82oue3LWKkUoEKuawtKsZa\/efq5TlLkp9iNOVH391tcKyQccKaOpQNe0WqnosCZZbPJFlqGqF+mHpTLjtrTS0ix33ZH1hIY0XdzhA6Pk3dUxHvSvzJm4e59OX7NL1dGejA6I8aMT2Inv2aslLVjCdhiGjJUXzovl2LuqfEuskMi8WStpgLTTDrPzPz6DKRl2Kk9vdC2eHAzHpuQ+OWUfQOyTCLyueL0P1LD3zH\/DOLlrkW7YeAg1U70XakD31H3Ghu6py53+pGtO8aQc0zDXDL\/Vp3Hc56D8fSdBz\/EWxFw6ud6DvRiTdedEN5dq94pVIOfTl+EEFbfRs6T\/jg2d+A1gt1OP6KVbbOc01Z+Pd9B5s+zry\/RUSPtcuHsbO+FQeP+UQeacXm50bQeKRxgVNpy8cT+lMMct04kwqiU4WwmGcfnuqf31EKxLuJOfbR5bpf7Jxi9GK2mLMU0bhsfYWPrMfBkmF0bVehRMX4aMUs72RyuKYkfWT0DRNMBTImoiUinidUfSSUSy5Yxh6NYvQYmS5GcgMREX1teXy0m4iIaHE4MiIiIsNxZERERIZjMSIiIsOxGBERkeFYjIiIyHAsRkREZDgWIyIiMhyLERERGY7FiIiIDMdiREREhmMxIiIiw7EYERGR4ViMiIjIcCxGRERkuAdSjFRFlWsP0JVeHD4TlcECLPa4fDH6\/EREj6D8F6PbHjSUtKJvUsYLFD3RjPXvZfvC8Ay3AvCOfyWDBVjscfli9PmJ6OG6O4rOpvVwn5NxgtjuebUBVT9ch\/U\/rELzJyHZIJ1zY\/0zVaj6cWI5jBwy42Mr78UoemoEZa+Z4RvIbXQU7PKk\/YIt2\/ejq7lMRo+\/zOsjomVk3IPWX92B7V+AyD25LaHAiur\/PoHTf7mM4b+cROOlVhwcl21C+EoEL3Sfxuk\/JZbXsXQy40x5LkZheP9sRZ3LAVO\/D+nlSIWiT99NqQgNBaFPVKl3owhdGEI4GkVU\/574KbGxsAhWc+yAaaqC8GU\/fP0BhOaYAlSVEALivIFx0ZfclotZj5uUr2kyiuAZ0X4tW6\/iusYD8J0R16SPBsVrTbzErNeXIPYLDfngvxxd0GslosfImpfR9V8O2AplnMpsgcUk12HC1u02hMMyFEKhQti+J4M5ydwqfkb1PDkUms41k3pu8yMYzcgyydyW2Z6lj4ckv8VovBf+NXWwFWxFo8UHb9qtkQBc+zrQ6XQh8IUeq6LyX8RY5A7GLlzExQtjCOu\/j7MuVB2b\/osoQ2407O5AEDZU2MRI49OAKHkzhT5phfOjMIo32LHykhvVTj8U2TaXuY4LH3PhwMdutHWNodBeCrWvCZv3p4xzlFEcfrEVHbeKY69tcP9OvLGvFa6zeuMs16cLevDGIS\/ufMuOos8PoKq+N1acdeGuZrT1854S0bIypcB3rgh1G2UsMkJkRanIermI51aP041BcUSp6kF1tQejA3ruErltXRGC71ajbWA6I07ntnj7yJtVon00pQ8vmnZ1IvQwC5L+teP5cvVQi9Z9SwYBl1Z\/NCID3aDW8u0mzTshQ2lwd4toSfFZi1bRfiO+fqtHa9p9Uss4JC5tv26t5Z2x+LoUOVqvuS7IINUCjrvRXqE9ndZ+T\/O+UKP1yMs6\/2aT1pO43pgJ7eTLxVrLZzIUsl3fkz\/1pl3T1UObkueMfNah9Vy6Fw+IaEnQc0lqXkiI+D\/QnD+v1zb9q8iNf5UbY25oJ99yijan1lK3Sdv285Na5L5smkHk1ifr03Krfr7St0ZkJNw\/r7l+0iF6jZuR2+7H++hJ6SNytEZz+mXwEORxZCSq6nApygv0KSmxlG6EeeBk8h1\/TEk5yjKn4OYQPeNHUbMD8x0SFsPMlRuK4+eVC8yFCIxmG0NNy+W4sjK7XNOZRGyB8qW+7kffbQfqVscaJDPsdqtcn51tQ1naNdnW2TAxEV+3bN+DxnXJsTsRLWGWLa+j\/TcncPp\/ahHY24De67IBVjjebhdt7ej6wzmc\/FkIra\/5kTHZNm1NZVputZbYUSnyTFLB92H\/+xhSH5FIy20FNqxtqMTGlD4sdhtujs+dQ\/Mpf8VoyItQiRXh2JSUvgDlq\/zwJn+5C\/eVYoLVIoO5iKHkxPXEeeVSWIv3txfLHWax2OOkeyvMojwREX09phIH2j1b0fdrv9ySzrTmBdTe8iEg44WzoCjtjXMOLFZx1MOTt2IU6J9A49u1cNQ4ksvLv7DDfyLjccUF+KY5irFcDi9QsdI+fd7EUlkyT6lY7HExK7HydmjG\/auHfdOPiJaI1SL534ykzyYtI\/kpRlN+9N3dBscKGSesqUPZsBdBGWanQJnlM0mWmkaoH85\/E81aU4vIcV9ODyykWuxxcWXYsz2Awyk3BaH40XE0s3rOfn1ZqSoLGtFyNOSH8uy27KORaz3os72ArTJcivJSjNT+Xig7HFmmrGxo3DKK3iEZZlH5fBG6f+mB75h\/ZtEy16L9EHCwaifajvSh74gbzU2dM\/db3Yj2XSOoeaYBbrlf664cPiC22OMk6ytdqB2qx+b6VrTta0Xr+\/dQ+zM7CgvkDsKc15eFf993sOnjhzdPS0RGUBHYvxk7Ww7C09+HTv3Dr38ox5GX4qVI+bQVVS+60XnCB8\/+ndj8bhHeP7CUP2UEPKE\/xSDXjTOpIDpVCIt59ukx\/TM7SoF5zn10ue6XabHHZQr9uhX+57uw5ym5QZfD9SXpI6NvmGBKKWhEtESpIjcoKkxmC2akhykVyhcKsEK0Zc46LUGPRjFaKqaCOPjSEBo\/2YP5n6kjIqIEFqOvQT3nRvVHEZRv3Ia1CMA7VIjG37wPx0KfWiEiWuZYjPJAn+K7V7g8htJERA8CixERERkuj\/8DAxER0eKwGBERkeFYjIiIyHAsRkREZDgWIyIiMhyLERERGY7FiIiIDMdiREREhmMxIiIiw7EYERGR4ViMiIjIcCxGRERkuAdSjFRFlWsP0JVeHD5j9LfFB9H7K\/8c31k\/XzsREenyX4xue9BQ0oq+SRkvUPREM9a\/l8MXf98KwDv+lQwejPlfSwSBP4Yw+6uYr52IljJluBOtNVVY\/\/R6rH+uDX3XZMMMYXiecyMgo+Uo78UoemoEZa+Z4RvIbXQU7PIgNd1btu9HV\/Oj8V3vC30t0TMe+G7KgIiWuShC93fgSP9pDP\/vMIb\/8DKu7nkDo1OyOUXo48PwRiJ4CHNKj6w8F6MwvH+2os7lgKnfl\/GLVaHo03dTKkJDwdjUlf6ldKELQwhHo4hGFaj6H6mwCFZz7IBpqoLwZT98\/QGE5pgCVJUQAuK8gXHRl9yWRv9O+czjJxVkblIVeXy21zKZ\/RyqEkVYXEswdi3RjD7FeccD8J0R151xLiJaqiwo22iFSUYosKPuRxMYyXzDOuyGe2ov9tplnI3IU7H8GMs\/fpFnEolERVTPjUOheHtSItdlaZ\/Rx6Mhv8VovBf+NXWwFWxFo8UHb9rNkgBc+zrQ6XQh8IUeqwhfuYixyB2MXbiIixfGENZ\/N2ddqDoW1neIUYbcaNjdgSBsqLCJkdSnAVHyZgp90grnR2EUb7Bj5SU3qp1+KLItqSCIg05v2j2cwIebUfNhSEa6ID54pRd39NWM1xL6pBk7949g5boKFN\/qgPPV3uRrUa6La7l5B+FL+rVcRPiubJgag2ffAXj\/rxj2VUEc2NaA3tuybdKPN2oOizMS0XJw70uR5ApkoFP8aPvdWnQ5bSiUm7IJH3PhwMdutHWJHLeuCCNvVqFtYBQepxuDIjeWql407epEKFmQ4vl2ut2D6moPRgem+wi+Wy36mJEljaN\/02u+XD3UonXfkkHApdUfjchAN6i1fLtJ807IUBrc3SJaUnzWolW034iv3+rRmnaf1DIOiUvbr1treWcsvi5FjtZrrgsySHH+9SatJ\/Gy7g9qrv\/0at27D2hX5Sbt8wNaU6LfjHPUv34+vp5w6YD29L91aHIP7UZ7i9bxVxnEiGt+sj79mkX\/m94cia9\/Oab1tA9qqb8lIlqi7o9pB16YzheayGzevU5tUOaHGbkwxY32Cu3p1BwncpeeW3pSckvkaI3m9MsgS+7R+yh9S+Ye3f3zmusnqa\/HWHkcGYkqPVyK8oL4NFW0dCPMAyfTnyQrKUdZ5rTXHKJn\/ChqdmC+Q8JiyLlyQ3H8vHKBuRCB0ZljqMotJviH4sNTtd8HbK9F9bowvOOxTQj9MYTyZ63xIEW4\/xSstZUyktaJ65Grs1pTmX7Na8phUybi6yvsaHRuFYN5Ilrq9PtCeG0PEtkldKQNV19qx9Ycc2JZWco8XoENaxsqsTHlWIvdhpvjKTkvI\/dYS+yo3JCSsQq+D\/vfx5A6L2Sk\/BWjIS9CJVaEY1Nu+gKUr\/LDe122L8JXignWXDK1GJpOXE+cVy6FtXh\/e7HcIcWWOpjP6c+sqPCdK8SODeKPuKMcYVGE9Hte\/pvl2PG92J7ppiy5vRYiogzKQBsOFuzH\/nVyw\/VOOM\/aUHrTB594U6wvgXA4fj\/62iLv5VisC3xja0HRarn6CMhbMQr0T6Dx7Vo4ahzJ5eVf2OE\/sfi6+01zFGO5HF6gYqV9+ryJpbIkeetwWkElKqf8GJ0Uf\/R\/rEOlPn+7uhrlN0UxvX4KYz\/YkXznkkaM+MJpwzwiovnphajtb3tx\/BWb3CJ8txE9v20RI5UKVMhlbVEx1uo\/V2fJW8tAfoqRSO59d7fBsULGCWvqUDbsnecGvQJlls8kWWoaoX6YelMuO2tNLSLHfTMfWMjKBMcWwPvuCIpqE0NWC6rXKfB0hbE2yxSdTj9H6KO+tHMop7zwp911VDCxwPuB6uSj9UQLEeWP\/gCW69pedKUWIp3JDIvFkraYC00w6z8z8+gykZdipPb3QtnhmH6EMcmGxi2j6B2SYRaVzxeh+5ce+I75ZxYtcy3aDwEHq3ai7Ugf+o640dzUOXO\/1Y1o3zWCmmca4Jb7te46nPb5pVSmjXaEzhahLjFkFiw7bBgbsmafotOJcxxvGUNrfRs6T\/Shc18z3F84sDfl35j12UoE3zuIPtE+msso6mYnqv7JCb8MiWgJuXIYm1tGgL92wPWqGB3Jxfj\/OebR9IT+FINcN86kguhUISzm2Yen+meSlALxbmKOfXS57rdo+meVvhDDH7N4B5PtFKq4li\/FtazK7fz6yMi04gG9ViKix8SjUYyIiGhZy+Oj3URERIvDYkRERIZjMSIiIsOxGBERkeFYjIiIyHAsRkREZDgWIyIiMhyLERERGY7FiIiIDMdiREREhmMxIiIiw7EYERGR4ViMiIjIcCxGRERkOBYjIiIyGPD\/X\/LHOdLYE3UAAAAASUVORK5CYII=\" alt=\"\"><\/p>\n<p><\/p>","protected":false},"excerpt":{"rendered":"<p>Tegund:&nbsp;752035-41E<\/p>","protected":false},"featured_media":81071,"comment_status":"closed","ping_status":"closed","template":"","meta":[],"product_brand":[],"product_cat":[597,667,517],"product_tag":[],"class_list":{"0":"post-73004","1":"product","2":"type-product","3":"status-publish","4":"has-post-thumbnail","6":"product_cat-hurdabunadur-lykillausnir","7":"product_cat-hurdarhunar-hurdabunadur-lykillausnir","8":"product_cat-lykillausnir","10":"first","11":"instock","12":"taxable","13":"shipping-taxable","14":"purchasable","15":"product-type-simple"},"yoast_head":"<!-- This site is optimized with the Yoast SEO plugin v27.3 - https:\/\/yoast.com\/product\/yoast-seo-wordpress\/ -->\n<title>BESLAG DESIGN VIBE GRIP Hur\u00f0arhandfang Svart fyrir \u00de\u00fdskar l\u00e6singar 752035-41E - V\u00e9lar &amp; Verkf\u00e6ri<\/title>\n<meta name=\"robots\" content=\"index, follow, max-snippet:-1, max-image-preview:large, max-video-preview:-1\" \/>\n<link rel=\"canonical\" href=\"https:\/\/velarogverkfaeri.is\/en\/lykillausnir\/hurdabunadur-lykillausnir\/hurdarhunar-hurdabunadur-lykillausnir\/product\/beslag-design-vibe-grip-hurdarhandfang-svart-fyrir-thyskar-laesingar-752035-41e\/\" \/>\n<meta property=\"og:locale\" content=\"en_US\" \/>\n<meta property=\"og:type\" content=\"article\" \/>\n<meta property=\"og:title\" content=\"BESLAG DESIGN VIBE GRIP Hur\u00f0arhandfang Svart fyrir \u00de\u00fdskar l\u00e6singar 752035-41E - V\u00e9lar &amp; Verkf\u00e6ri\" \/>\n<meta property=\"og:description\" content=\"Tegund:&nbsp;752035-41E\" \/>\n<meta property=\"og:url\" content=\"https:\/\/velarogverkfaeri.is\/en\/lykillausnir\/hurdabunadur-lykillausnir\/hurdarhunar-hurdabunadur-lykillausnir\/product\/beslag-design-vibe-grip-hurdarhandfang-svart-fyrir-thyskar-laesingar-752035-41e\/\" \/>\n<meta property=\"og:site_name\" content=\"V\u00e9lar &amp; Verkf\u00e6ri\" \/>\n<meta property=\"article:publisher\" content=\"https:\/\/www.facebook.com\/VelarOgVerkfaeri\" \/>\n<meta property=\"article:modified_time\" content=\"2026-03-09T15:00:51+00:00\" \/>\n<meta name=\"twitter:card\" content=\"summary_large_image\" \/>\n<script type=\"application\/ld+json\" class=\"yoast-schema-graph\">{\"@context\":\"https:\\\/\\\/schema.org\",\"@graph\":[{\"@type\":\"WebPage\",\"@id\":\"https:\\\/\\\/velarogverkfaeri.is\\\/lykillausnir\\\/hurdabunadur-lykillausnir\\\/hurdarhunar-hurdabunadur-lykillausnir\\\/product\\\/beslag-design-vibe-grip-hurdarhandfang-svart-fyrir-thyskar-laesingar-752035-41e\\\/\",\"url\":\"https:\\\/\\\/velarogverkfaeri.is\\\/lykillausnir\\\/hurdabunadur-lykillausnir\\\/hurdarhunar-hurdabunadur-lykillausnir\\\/product\\\/beslag-design-vibe-grip-hurdarhandfang-svart-fyrir-thyskar-laesingar-752035-41e\\\/\",\"name\":\"BESLAG DESIGN VIBE GRIP Hur\u00f0arhandfang Svart fyrir \u00de\u00fdskar l\u00e6singar 752035-41E - V\u00e9lar &amp; Verkf\u00e6ri\",\"isPartOf\":{\"@id\":\"https:\\\/\\\/velarogverkfaeri.is\\\/en\\\/#website\"},\"primaryImageOfPage\":{\"@id\":\"https:\\\/\\\/velarogverkfaeri.is\\\/lykillausnir\\\/hurdabunadur-lykillausnir\\\/hurdarhunar-hurdabunadur-lykillausnir\\\/product\\\/beslag-design-vibe-grip-hurdarhandfang-svart-fyrir-thyskar-laesingar-752035-41e\\\/#primaryimage\"},\"image\":{\"@id\":\"https:\\\/\\\/velarogverkfaeri.is\\\/lykillausnir\\\/hurdabunadur-lykillausnir\\\/hurdarhunar-hurdabunadur-lykillausnir\\\/product\\\/beslag-design-vibe-grip-hurdarhandfang-svart-fyrir-thyskar-laesingar-752035-41e\\\/#primaryimage\"},\"thumbnailUrl\":\"https:\\\/\\\/velarogverkfaeri.is\\\/wp-content\\\/uploads\\\/2026\\\/03\\\/19137956-52d3-4382-8260-101593a99cc9.png\",\"datePublished\":\"2025-06-24T08:41:18+00:00\",\"dateModified\":\"2026-03-09T15:00:51+00:00\",\"breadcrumb\":{\"@id\":\"https:\\\/\\\/velarogverkfaeri.is\\\/lykillausnir\\\/hurdabunadur-lykillausnir\\\/hurdarhunar-hurdabunadur-lykillausnir\\\/product\\\/beslag-design-vibe-grip-hurdarhandfang-svart-fyrir-thyskar-laesingar-752035-41e\\\/#breadcrumb\"},\"inLanguage\":\"en-US\",\"potentialAction\":[{\"@type\":\"ReadAction\",\"target\":[\"https:\\\/\\\/velarogverkfaeri.is\\\/lykillausnir\\\/hurdabunadur-lykillausnir\\\/hurdarhunar-hurdabunadur-lykillausnir\\\/product\\\/beslag-design-vibe-grip-hurdarhandfang-svart-fyrir-thyskar-laesingar-752035-41e\\\/\"]}]},{\"@type\":\"ImageObject\",\"inLanguage\":\"en-US\",\"@id\":\"https:\\\/\\\/velarogverkfaeri.is\\\/lykillausnir\\\/hurdabunadur-lykillausnir\\\/hurdarhunar-hurdabunadur-lykillausnir\\\/product\\\/beslag-design-vibe-grip-hurdarhandfang-svart-fyrir-thyskar-laesingar-752035-41e\\\/#primaryimage\",\"url\":\"https:\\\/\\\/velarogverkfaeri.is\\\/wp-content\\\/uploads\\\/2026\\\/03\\\/19137956-52d3-4382-8260-101593a99cc9.png\",\"contentUrl\":\"https:\\\/\\\/velarogverkfaeri.is\\\/wp-content\\\/uploads\\\/2026\\\/03\\\/19137956-52d3-4382-8260-101593a99cc9.png\",\"width\":755,\"height\":589},{\"@type\":\"BreadcrumbList\",\"@id\":\"https:\\\/\\\/velarogverkfaeri.is\\\/lykillausnir\\\/hurdabunadur-lykillausnir\\\/hurdarhunar-hurdabunadur-lykillausnir\\\/product\\\/beslag-design-vibe-grip-hurdarhandfang-svart-fyrir-thyskar-laesingar-752035-41e\\\/#breadcrumb\",\"itemListElement\":[{\"@type\":\"ListItem\",\"position\":1,\"name\":\"Home\",\"item\":\"https:\\\/\\\/velarogverkfaeri.is\\\/\"},{\"@type\":\"ListItem\",\"position\":2,\"name\":\"Vefverslun\",\"item\":\"https:\\\/\\\/velarogverkfaeri.is\\\/vefverslun\\\/\"},{\"@type\":\"ListItem\",\"position\":3,\"name\":\"BESLAG DESIGN VIBE GRIP Hur\u00f0arhandfang Svart fyrir \u00de\u00fdskar l\u00e6singar 752035-41E\"}]},{\"@type\":\"WebSite\",\"@id\":\"https:\\\/\\\/velarogverkfaeri.is\\\/en\\\/#website\",\"url\":\"https:\\\/\\\/velarogverkfaeri.is\\\/en\\\/\",\"name\":\"V\u00e9lar & Verkf\u00e6ri\",\"description\":\"Umbo\u00f0s- og heildverslun fr\u00e1 \u00e1rinu 1919\",\"publisher\":{\"@id\":\"https:\\\/\\\/velarogverkfaeri.is\\\/en\\\/#organization\"},\"potentialAction\":[{\"@type\":\"SearchAction\",\"target\":{\"@type\":\"EntryPoint\",\"urlTemplate\":\"https:\\\/\\\/velarogverkfaeri.is\\\/en\\\/?s={search_term_string}\"},\"query-input\":{\"@type\":\"PropertyValueSpecification\",\"valueRequired\":true,\"valueName\":\"search_term_string\"}}],\"inLanguage\":\"en-US\"},{\"@type\":\"Organization\",\"@id\":\"https:\\\/\\\/velarogverkfaeri.is\\\/en\\\/#organization\",\"name\":\"V\u00e9lar & Verkf\u00e6ri\",\"url\":\"https:\\\/\\\/velarogverkfaeri.is\\\/en\\\/\",\"logo\":{\"@type\":\"ImageObject\",\"inLanguage\":\"en-US\",\"@id\":\"https:\\\/\\\/velarogverkfaeri.is\\\/en\\\/#\\\/schema\\\/logo\\\/image\\\/\",\"url\":\"https:\\\/\\\/velarogverkfaeri.is\\\/wp-content\\\/uploads\\\/2021\\\/10\\\/vv_logo_350x100.png\",\"contentUrl\":\"https:\\\/\\\/velarogverkfaeri.is\\\/wp-content\\\/uploads\\\/2021\\\/10\\\/vv_logo_350x100.png\",\"width\":350,\"height\":100,\"caption\":\"V\u00e9lar & Verkf\u00e6ri\"},\"image\":{\"@id\":\"https:\\\/\\\/velarogverkfaeri.is\\\/en\\\/#\\\/schema\\\/logo\\\/image\\\/\"},\"sameAs\":[\"https:\\\/\\\/www.facebook.com\\\/VelarOgVerkfaeri\"]}]}<\/script>\n<!-- \/ Yoast SEO plugin. -->","yoast_head_json":{"title":"BESLAG DESIGN VIBE GRIP Hur\u00f0arhandfang Svart fyrir \u00de\u00fdskar l\u00e6singar 752035-41E - V\u00e9lar &amp; Verkf\u00e6ri","robots":{"index":"index","follow":"follow","max-snippet":"max-snippet:-1","max-image-preview":"max-image-preview:large","max-video-preview":"max-video-preview:-1"},"canonical":"https:\/\/velarogverkfaeri.is\/en\/lykillausnir\/hurdabunadur-lykillausnir\/hurdarhunar-hurdabunadur-lykillausnir\/product\/beslag-design-vibe-grip-hurdarhandfang-svart-fyrir-thyskar-laesingar-752035-41e\/","og_locale":"en_US","og_type":"article","og_title":"BESLAG DESIGN VIBE GRIP Hur\u00f0arhandfang Svart fyrir \u00de\u00fdskar l\u00e6singar 752035-41E - V\u00e9lar &amp; Verkf\u00e6ri","og_description":"Tegund:&nbsp;752035-41E","og_url":"https:\/\/velarogverkfaeri.is\/en\/lykillausnir\/hurdabunadur-lykillausnir\/hurdarhunar-hurdabunadur-lykillausnir\/product\/beslag-design-vibe-grip-hurdarhandfang-svart-fyrir-thyskar-laesingar-752035-41e\/","og_site_name":"V\u00e9lar &amp; Verkf\u00e6ri","article_publisher":"https:\/\/www.facebook.com\/VelarOgVerkfaeri","article_modified_time":"2026-03-09T15:00:51+00:00","twitter_card":"summary_large_image","schema":{"@context":"https:\/\/schema.org","@graph":[{"@type":"WebPage","@id":"https:\/\/velarogverkfaeri.is\/lykillausnir\/hurdabunadur-lykillausnir\/hurdarhunar-hurdabunadur-lykillausnir\/product\/beslag-design-vibe-grip-hurdarhandfang-svart-fyrir-thyskar-laesingar-752035-41e\/","url":"https:\/\/velarogverkfaeri.is\/lykillausnir\/hurdabunadur-lykillausnir\/hurdarhunar-hurdabunadur-lykillausnir\/product\/beslag-design-vibe-grip-hurdarhandfang-svart-fyrir-thyskar-laesingar-752035-41e\/","name":"BESLAG DESIGN VIBE GRIP Hur\u00f0arhandfang Svart fyrir \u00de\u00fdskar l\u00e6singar 752035-41E - V\u00e9lar &amp; Verkf\u00e6ri","isPartOf":{"@id":"https:\/\/velarogverkfaeri.is\/en\/#website"},"primaryImageOfPage":{"@id":"https:\/\/velarogverkfaeri.is\/lykillausnir\/hurdabunadur-lykillausnir\/hurdarhunar-hurdabunadur-lykillausnir\/product\/beslag-design-vibe-grip-hurdarhandfang-svart-fyrir-thyskar-laesingar-752035-41e\/#primaryimage"},"image":{"@id":"https:\/\/velarogverkfaeri.is\/lykillausnir\/hurdabunadur-lykillausnir\/hurdarhunar-hurdabunadur-lykillausnir\/product\/beslag-design-vibe-grip-hurdarhandfang-svart-fyrir-thyskar-laesingar-752035-41e\/#primaryimage"},"thumbnailUrl":"https:\/\/velarogverkfaeri.is\/wp-content\/uploads\/2026\/03\/19137956-52d3-4382-8260-101593a99cc9.png","datePublished":"2025-06-24T08:41:18+00:00","dateModified":"2026-03-09T15:00:51+00:00","breadcrumb":{"@id":"https:\/\/velarogverkfaeri.is\/lykillausnir\/hurdabunadur-lykillausnir\/hurdarhunar-hurdabunadur-lykillausnir\/product\/beslag-design-vibe-grip-hurdarhandfang-svart-fyrir-thyskar-laesingar-752035-41e\/#breadcrumb"},"inLanguage":"en-US","potentialAction":[{"@type":"ReadAction","target":["https:\/\/velarogverkfaeri.is\/lykillausnir\/hurdabunadur-lykillausnir\/hurdarhunar-hurdabunadur-lykillausnir\/product\/beslag-design-vibe-grip-hurdarhandfang-svart-fyrir-thyskar-laesingar-752035-41e\/"]}]},{"@type":"ImageObject","inLanguage":"en-US","@id":"https:\/\/velarogverkfaeri.is\/lykillausnir\/hurdabunadur-lykillausnir\/hurdarhunar-hurdabunadur-lykillausnir\/product\/beslag-design-vibe-grip-hurdarhandfang-svart-fyrir-thyskar-laesingar-752035-41e\/#primaryimage","url":"https:\/\/velarogverkfaeri.is\/wp-content\/uploads\/2026\/03\/19137956-52d3-4382-8260-101593a99cc9.png","contentUrl":"https:\/\/velarogverkfaeri.is\/wp-content\/uploads\/2026\/03\/19137956-52d3-4382-8260-101593a99cc9.png","width":755,"height":589},{"@type":"BreadcrumbList","@id":"https:\/\/velarogverkfaeri.is\/lykillausnir\/hurdabunadur-lykillausnir\/hurdarhunar-hurdabunadur-lykillausnir\/product\/beslag-design-vibe-grip-hurdarhandfang-svart-fyrir-thyskar-laesingar-752035-41e\/#breadcrumb","itemListElement":[{"@type":"ListItem","position":1,"name":"Home","item":"https:\/\/velarogverkfaeri.is\/"},{"@type":"ListItem","position":2,"name":"Vefverslun","item":"https:\/\/velarogverkfaeri.is\/vefverslun\/"},{"@type":"ListItem","position":3,"name":"BESLAG DESIGN VIBE GRIP Hur\u00f0arhandfang Svart fyrir \u00de\u00fdskar l\u00e6singar 752035-41E"}]},{"@type":"WebSite","@id":"https:\/\/velarogverkfaeri.is\/en\/#website","url":"https:\/\/velarogverkfaeri.is\/en\/","name":"V\u00e9lar & Verkf\u00e6ri","description":"Umbo\u00f0s- og heildverslun fr\u00e1 \u00e1rinu 1919","publisher":{"@id":"https:\/\/velarogverkfaeri.is\/en\/#organization"},"potentialAction":[{"@type":"SearchAction","target":{"@type":"EntryPoint","urlTemplate":"https:\/\/velarogverkfaeri.is\/en\/?s={search_term_string}"},"query-input":{"@type":"PropertyValueSpecification","valueRequired":true,"valueName":"search_term_string"}}],"inLanguage":"en-US"},{"@type":"Organization","@id":"https:\/\/velarogverkfaeri.is\/en\/#organization","name":"V\u00e9lar & Verkf\u00e6ri","url":"https:\/\/velarogverkfaeri.is\/en\/","logo":{"@type":"ImageObject","inLanguage":"en-US","@id":"https:\/\/velarogverkfaeri.is\/en\/#\/schema\/logo\/image\/","url":"https:\/\/velarogverkfaeri.is\/wp-content\/uploads\/2021\/10\/vv_logo_350x100.png","contentUrl":"https:\/\/velarogverkfaeri.is\/wp-content\/uploads\/2021\/10\/vv_logo_350x100.png","width":350,"height":100,"caption":"V\u00e9lar & Verkf\u00e6ri"},"image":{"@id":"https:\/\/velarogverkfaeri.is\/en\/#\/schema\/logo\/image\/"},"sameAs":["https:\/\/www.facebook.com\/VelarOgVerkfaeri"]}]}},"_links":{"self":[{"href":"https:\/\/velarogverkfaeri.is\/en\/wp-json\/wp\/v2\/product\/73004","targetHints":{"allow":["GET"]}}],"collection":[{"href":"https:\/\/velarogverkfaeri.is\/en\/wp-json\/wp\/v2\/product"}],"about":[{"href":"https:\/\/velarogverkfaeri.is\/en\/wp-json\/wp\/v2\/types\/product"}],"replies":[{"embeddable":true,"href":"https:\/\/velarogverkfaeri.is\/en\/wp-json\/wp\/v2\/comments?post=73004"}],"wp:featuredmedia":[{"embeddable":true,"href":"https:\/\/velarogverkfaeri.is\/en\/wp-json\/wp\/v2\/media\/81071"}],"wp:attachment":[{"href":"https:\/\/velarogverkfaeri.is\/en\/wp-json\/wp\/v2\/media?parent=73004"}],"wp:term":[{"taxonomy":"product_brand","embeddable":true,"href":"https:\/\/velarogverkfaeri.is\/en\/wp-json\/wp\/v2\/product_brand?post=73004"},{"taxonomy":"product_cat","embeddable":true,"href":"https:\/\/velarogverkfaeri.is\/en\/wp-json\/wp\/v2\/product_cat?post=73004"},{"taxonomy":"product_tag","embeddable":true,"href":"https:\/\/velarogverkfaeri.is\/en\/wp-json\/wp\/v2\/product_tag?post=73004"}],"curies":[{"name":"wp","href":"https:\/\/api.w.org\/{rel}","templated":true}]}}