{"id":72810,"date":"2025-06-12T08:56:19","date_gmt":"2025-06-12T08:56:19","guid":{"rendered":"https:\/\/velarogverkfaeri.is\/?post_type=product&#038;p=72810"},"modified":"2025-10-24T11:54:37","modified_gmt":"2025-10-24T11:54:37","slug":"mediclinics-speedflow-plus-handthurrkublasari-350w-hepa-m-ionizer","status":"publish","type":"product","link":"https:\/\/velarogverkfaeri.is\/en\/lykillausnir\/badherbergi-lykillausnir\/handthurrkublasarar\/product\/mediclinics-speedflow-plus-handthurrkublasari-350w-hepa-m-ionizer\/","title":{"rendered":"MEDICLINICS Speedflow Plus Hand\u00feurrkubl\u00e1sari 350w HEPA m. Ionizer svartur M17AB-I"},"content":{"rendered":"<p><strong data-start=\"82\" data-end=\"124\">Speedflow\u00ae Plus l\u00ednan af hand\u00feurrkurum<\/strong> fellur undir vistv\u00e6na \u201eeco-fast\u201c v\u00f6ruflokkinn, en me\u00f0 vi\u00f0b\u00e6ttum g\u00e6\u00f0um \u00fear sem h\u00fan uppfyllir ADAAG kr\u00f6fur um a\u00f0gengi \u00ed almenningssalernum. \u00deessi regluger\u00f0 krefst \u00feess a\u00f0 d\u00fdpt \u00feurrkarans fari ekki yfir 100 mm til a\u00f0 au\u00f0velda a\u00f0gengi fatla\u00f0ra inni \u00e1 salerninu.<\/p>\n<p>N\u00fdi <strong data-start=\"408\" data-end=\"442\">Speedflow\u00ae Plus hand\u00feurrkarinn<\/strong> hentar s\u00e9rstaklega vel \u00e1 st\u00f6\u00f0um me\u00f0 mikilli umfer\u00f0, svo sem \u00e1 flugv\u00f6llum, \u00ed verslunarmi\u00f0st\u00f6\u00f0vum, \u00ed\u00fer\u00f3ttah\u00fasum o.fl.<\/p>\n<p>\u00deessi hand\u00feurrkari hefur mj\u00f6g l\u00e1ga orkunotkun. Me\u00f0 h\u00e1marksafli upp \u00e1 850 W ey\u00f0ir hann, eftir stillingum, a\u00f0eins \u00e1 bilinu 0,6 til 2,8 W \u00e1 \u00feurrkunarlotu og 0,4 W \u00ed bi\u00f0st\u00f6\u00f0u, sem er me\u00f0 \u00fev\u00ed l\u00e6gsta \u00e1 marka\u00f0num.<br \/><span data-start=\"797\" data-end=\"821\"><br \/><b>Hra\u00f0ur og hlj\u00f3\u00f0l\u00e1tur<\/b><\/span>: h\u00e1markshra\u00f0i lofts 400 km\/klst. og h\u00e1va\u00f0i 57\u201365 dBA. \u00deurrkar hendur \u00e1 a\u00f0eins 12 sek\u00fandum.<\/p>\n<p><strong data-start=\"918\" data-end=\"940\">Stillanlegur m\u00f3tor<\/strong> sem gerir kleift a\u00f0 stilla aflnotkun \u00e1 bilinu 180\u2013850 W.<\/p>\n<p>Hef\u00f0bundinn b\u00fana\u00f0ur er <strong data-start=\"1026\" data-end=\"1042\">HEPA agnas\u00eda<\/strong> sem s\u00edar svifryk. A\u00f0 auki er h\u00e6gt a\u00f0 f\u00e1 innbygg\u00f0an j\u00f3nara (\u201eIon Hygenic\u201c) sem hreinsar lofti\u00f0.<\/p>\n<p><strong data-start=\"1327\" data-end=\"1347\">Rofi \u201eON\/OFF\u201c<\/strong> \u00e1 rafeindat\u00f6flu gerir m\u00f6gulegt a\u00f0 kveikja\/sl\u00f6kkva.<\/p>\n<p><strong data-start=\"1413\" data-end=\"1446\">Skynjarav\u00f6rn<\/strong>: Ef kyrrst\u00e6\u00f0ur hlutur er greindur fyrir framan skynjarann st\u00f6\u00f0vast \u00feurrkarinn sj\u00e1lfkrafa eftir 3\u20135 sek\u00fandur af \u00f6ryggis\u00e1st\u00e6\u00f0um.<\/p>\n<p><strong data-start=\"1579\" data-end=\"1608\">Sj\u00e1lfvirk \u00f6ryggissl\u00f6kkvun<\/strong>: eftir 30 sek\u00fandna samfellda notkun slekkur t\u00e6ki\u00f0 \u00e1 s\u00e9r sj\u00e1lfkrafa.<\/p>","protected":false},"excerpt":{"rendered":"<p>Tegund:&nbsp;M17AB-I<\/p>","protected":false},"featured_media":74755,"comment_status":"closed","ping_status":"closed","template":"","meta":[],"product_brand":[],"product_cat":[580,613,517],"product_tag":[],"class_list":{"0":"post-72810","1":"product","2":"type-product","3":"status-publish","4":"has-post-thumbnail","6":"product_cat-badherbergi-lykillausnir","7":"product_cat-handthurrkublasarar","8":"product_cat-lykillausnir","10":"first","11":"instock","12":"taxable","13":"shipping-taxable","14":"purchasable","15":"product-type-simple"},"yoast_head":"<!-- This site is optimized with the Yoast SEO plugin v27.3 - https:\/\/yoast.com\/product\/yoast-seo-wordpress\/ -->\n<title>MEDICLINICS Speedflow Plus Hand\u00feurrkubl\u00e1sari 350w HEPA m. Ionizer svartur M17AB-I - V\u00e9lar &amp; Verkf\u00e6ri<\/title>\n<meta name=\"robots\" content=\"index, follow, max-snippet:-1, max-image-preview:large, max-video-preview:-1\" \/>\n<link rel=\"canonical\" href=\"https:\/\/velarogverkfaeri.is\/en\/lykillausnir\/badherbergi-lykillausnir\/handthurrkublasarar\/product\/mediclinics-speedflow-plus-handthurrkublasari-350w-hepa-m-ionizer\/\" \/>\n<meta property=\"og:locale\" content=\"en_US\" \/>\n<meta property=\"og:type\" content=\"article\" \/>\n<meta property=\"og:title\" content=\"MEDICLINICS Speedflow Plus Hand\u00feurrkubl\u00e1sari 350w HEPA m. Ionizer svartur M17AB-I - V\u00e9lar &amp; Verkf\u00e6ri\" \/>\n<meta property=\"og:description\" content=\"Tegund:&nbsp;M17AB-I\" \/>\n<meta property=\"og:url\" content=\"https:\/\/velarogverkfaeri.is\/en\/lykillausnir\/badherbergi-lykillausnir\/handthurrkublasarar\/product\/mediclinics-speedflow-plus-handthurrkublasari-350w-hepa-m-ionizer\/\" \/>\n<meta property=\"og:site_name\" content=\"V\u00e9lar &amp; Verkf\u00e6ri\" \/>\n<meta property=\"article:publisher\" content=\"https:\/\/www.facebook.com\/VelarOgVerkfaeri\" \/>\n<meta property=\"article:modified_time\" content=\"2025-10-24T11:54:37+00:00\" \/>\n<meta property=\"og:image\" content=\"https:\/\/velarogverkfaeri.is\/wp-content\/uploads\/2025\/08\/c58ac1d6-469c-40a2-8e2c-15d72734483c.png\" \/>\n\t<meta property=\"og:image:width\" content=\"296\" \/>\n\t<meta property=\"og:image:height\" content=\"271\" \/>\n\t<meta property=\"og:image:type\" content=\"image\/png\" \/>\n<meta name=\"twitter:card\" content=\"summary_large_image\" \/>\n<meta name=\"twitter:label1\" content=\"Est. reading time\" \/>\n\t<meta name=\"twitter:data1\" content=\"1 minute\" \/>\n<script type=\"application\/ld+json\" class=\"yoast-schema-graph\">{\"@context\":\"https:\\\/\\\/schema.org\",\"@graph\":[{\"@type\":\"WebPage\",\"@id\":\"https:\\\/\\\/velarogverkfaeri.is\\\/lykillausnir\\\/badherbergi-lykillausnir\\\/handthurrkublasarar\\\/product\\\/mediclinics-speedflow-plus-handthurrkublasari-350w-hepa-m-ionizer\\\/\",\"url\":\"https:\\\/\\\/velarogverkfaeri.is\\\/lykillausnir\\\/badherbergi-lykillausnir\\\/handthurrkublasarar\\\/product\\\/mediclinics-speedflow-plus-handthurrkublasari-350w-hepa-m-ionizer\\\/\",\"name\":\"MEDICLINICS Speedflow Plus Hand\u00feurrkubl\u00e1sari 350w HEPA m. Ionizer svartur M17AB-I - V\u00e9lar &amp; Verkf\u00e6ri\",\"isPartOf\":{\"@id\":\"https:\\\/\\\/velarogverkfaeri.is\\\/en\\\/#website\"},\"primaryImageOfPage\":{\"@id\":\"https:\\\/\\\/velarogverkfaeri.is\\\/lykillausnir\\\/badherbergi-lykillausnir\\\/handthurrkublasarar\\\/product\\\/mediclinics-speedflow-plus-handthurrkublasari-350w-hepa-m-ionizer\\\/#primaryimage\"},\"image\":{\"@id\":\"https:\\\/\\\/velarogverkfaeri.is\\\/lykillausnir\\\/badherbergi-lykillausnir\\\/handthurrkublasarar\\\/product\\\/mediclinics-speedflow-plus-handthurrkublasari-350w-hepa-m-ionizer\\\/#primaryimage\"},\"thumbnailUrl\":\"https:\\\/\\\/velarogverkfaeri.is\\\/wp-content\\\/uploads\\\/2025\\\/08\\\/c58ac1d6-469c-40a2-8e2c-15d72734483c.png\",\"datePublished\":\"2025-06-12T08:56:19+00:00\",\"dateModified\":\"2025-10-24T11:54:37+00:00\",\"breadcrumb\":{\"@id\":\"https:\\\/\\\/velarogverkfaeri.is\\\/lykillausnir\\\/badherbergi-lykillausnir\\\/handthurrkublasarar\\\/product\\\/mediclinics-speedflow-plus-handthurrkublasari-350w-hepa-m-ionizer\\\/#breadcrumb\"},\"inLanguage\":\"en-US\",\"potentialAction\":[{\"@type\":\"ReadAction\",\"target\":[\"https:\\\/\\\/velarogverkfaeri.is\\\/lykillausnir\\\/badherbergi-lykillausnir\\\/handthurrkublasarar\\\/product\\\/mediclinics-speedflow-plus-handthurrkublasari-350w-hepa-m-ionizer\\\/\"]}]},{\"@type\":\"ImageObject\",\"inLanguage\":\"en-US\",\"@id\":\"https:\\\/\\\/velarogverkfaeri.is\\\/lykillausnir\\\/badherbergi-lykillausnir\\\/handthurrkublasarar\\\/product\\\/mediclinics-speedflow-plus-handthurrkublasari-350w-hepa-m-ionizer\\\/#primaryimage\",\"url\":\"https:\\\/\\\/velarogverkfaeri.is\\\/wp-content\\\/uploads\\\/2025\\\/08\\\/c58ac1d6-469c-40a2-8e2c-15d72734483c.png\",\"contentUrl\":\"https:\\\/\\\/velarogverkfaeri.is\\\/wp-content\\\/uploads\\\/2025\\\/08\\\/c58ac1d6-469c-40a2-8e2c-15d72734483c.png\",\"width\":296,\"height\":271},{\"@type\":\"BreadcrumbList\",\"@id\":\"https:\\\/\\\/velarogverkfaeri.is\\\/lykillausnir\\\/badherbergi-lykillausnir\\\/handthurrkublasarar\\\/product\\\/mediclinics-speedflow-plus-handthurrkublasari-350w-hepa-m-ionizer\\\/#breadcrumb\",\"itemListElement\":[{\"@type\":\"ListItem\",\"position\":1,\"name\":\"Home\",\"item\":\"https:\\\/\\\/velarogverkfaeri.is\\\/\"},{\"@type\":\"ListItem\",\"position\":2,\"name\":\"Vefverslun\",\"item\":\"https:\\\/\\\/velarogverkfaeri.is\\\/vefverslun\\\/\"},{\"@type\":\"ListItem\",\"position\":3,\"name\":\"MEDICLINICS Speedflow Plus Hand\u00feurrkubl\u00e1sari 350w HEPA m. Ionizer svartur M17AB-I\"}]},{\"@type\":\"WebSite\",\"@id\":\"https:\\\/\\\/velarogverkfaeri.is\\\/en\\\/#website\",\"url\":\"https:\\\/\\\/velarogverkfaeri.is\\\/en\\\/\",\"name\":\"V\u00e9lar & Verkf\u00e6ri\",\"description\":\"Umbo\u00f0s- og heildverslun fr\u00e1 \u00e1rinu 1919\",\"publisher\":{\"@id\":\"https:\\\/\\\/velarogverkfaeri.is\\\/en\\\/#organization\"},\"potentialAction\":[{\"@type\":\"SearchAction\",\"target\":{\"@type\":\"EntryPoint\",\"urlTemplate\":\"https:\\\/\\\/velarogverkfaeri.is\\\/en\\\/?s={search_term_string}\"},\"query-input\":{\"@type\":\"PropertyValueSpecification\",\"valueRequired\":true,\"valueName\":\"search_term_string\"}}],\"inLanguage\":\"en-US\"},{\"@type\":\"Organization\",\"@id\":\"https:\\\/\\\/velarogverkfaeri.is\\\/en\\\/#organization\",\"name\":\"V\u00e9lar & Verkf\u00e6ri\",\"url\":\"https:\\\/\\\/velarogverkfaeri.is\\\/en\\\/\",\"logo\":{\"@type\":\"ImageObject\",\"inLanguage\":\"en-US\",\"@id\":\"https:\\\/\\\/velarogverkfaeri.is\\\/en\\\/#\\\/schema\\\/logo\\\/image\\\/\",\"url\":\"https:\\\/\\\/velarogverkfaeri.is\\\/wp-content\\\/uploads\\\/2021\\\/10\\\/vv_logo_350x100.png\",\"contentUrl\":\"https:\\\/\\\/velarogverkfaeri.is\\\/wp-content\\\/uploads\\\/2021\\\/10\\\/vv_logo_350x100.png\",\"width\":350,\"height\":100,\"caption\":\"V\u00e9lar & Verkf\u00e6ri\"},\"image\":{\"@id\":\"https:\\\/\\\/velarogverkfaeri.is\\\/en\\\/#\\\/schema\\\/logo\\\/image\\\/\"},\"sameAs\":[\"https:\\\/\\\/www.facebook.com\\\/VelarOgVerkfaeri\"]}]}<\/script>\n<!-- \/ Yoast SEO plugin. -->","yoast_head_json":{"title":"MEDICLINICS Speedflow Plus Hand\u00feurrkubl\u00e1sari 350w HEPA m. Ionizer svartur M17AB-I - V\u00e9lar &amp; Verkf\u00e6ri","robots":{"index":"index","follow":"follow","max-snippet":"max-snippet:-1","max-image-preview":"max-image-preview:large","max-video-preview":"max-video-preview:-1"},"canonical":"https:\/\/velarogverkfaeri.is\/en\/lykillausnir\/badherbergi-lykillausnir\/handthurrkublasarar\/product\/mediclinics-speedflow-plus-handthurrkublasari-350w-hepa-m-ionizer\/","og_locale":"en_US","og_type":"article","og_title":"MEDICLINICS Speedflow Plus Hand\u00feurrkubl\u00e1sari 350w HEPA m. Ionizer svartur M17AB-I - V\u00e9lar &amp; Verkf\u00e6ri","og_description":"Tegund:&nbsp;M17AB-I","og_url":"https:\/\/velarogverkfaeri.is\/en\/lykillausnir\/badherbergi-lykillausnir\/handthurrkublasarar\/product\/mediclinics-speedflow-plus-handthurrkublasari-350w-hepa-m-ionizer\/","og_site_name":"V\u00e9lar &amp; Verkf\u00e6ri","article_publisher":"https:\/\/www.facebook.com\/VelarOgVerkfaeri","article_modified_time":"2025-10-24T11:54:37+00:00","og_image":[{"width":296,"height":271,"url":"https:\/\/velarogverkfaeri.is\/wp-content\/uploads\/2025\/08\/c58ac1d6-469c-40a2-8e2c-15d72734483c.png","type":"image\/png"}],"twitter_card":"summary_large_image","twitter_misc":{"Est. reading time":"1 minute"},"schema":{"@context":"https:\/\/schema.org","@graph":[{"@type":"WebPage","@id":"https:\/\/velarogverkfaeri.is\/lykillausnir\/badherbergi-lykillausnir\/handthurrkublasarar\/product\/mediclinics-speedflow-plus-handthurrkublasari-350w-hepa-m-ionizer\/","url":"https:\/\/velarogverkfaeri.is\/lykillausnir\/badherbergi-lykillausnir\/handthurrkublasarar\/product\/mediclinics-speedflow-plus-handthurrkublasari-350w-hepa-m-ionizer\/","name":"MEDICLINICS Speedflow Plus Hand\u00feurrkubl\u00e1sari 350w HEPA m. Ionizer svartur M17AB-I - V\u00e9lar &amp; Verkf\u00e6ri","isPartOf":{"@id":"https:\/\/velarogverkfaeri.is\/en\/#website"},"primaryImageOfPage":{"@id":"https:\/\/velarogverkfaeri.is\/lykillausnir\/badherbergi-lykillausnir\/handthurrkublasarar\/product\/mediclinics-speedflow-plus-handthurrkublasari-350w-hepa-m-ionizer\/#primaryimage"},"image":{"@id":"https:\/\/velarogverkfaeri.is\/lykillausnir\/badherbergi-lykillausnir\/handthurrkublasarar\/product\/mediclinics-speedflow-plus-handthurrkublasari-350w-hepa-m-ionizer\/#primaryimage"},"thumbnailUrl":"https:\/\/velarogverkfaeri.is\/wp-content\/uploads\/2025\/08\/c58ac1d6-469c-40a2-8e2c-15d72734483c.png","datePublished":"2025-06-12T08:56:19+00:00","dateModified":"2025-10-24T11:54:37+00:00","breadcrumb":{"@id":"https:\/\/velarogverkfaeri.is\/lykillausnir\/badherbergi-lykillausnir\/handthurrkublasarar\/product\/mediclinics-speedflow-plus-handthurrkublasari-350w-hepa-m-ionizer\/#breadcrumb"},"inLanguage":"en-US","potentialAction":[{"@type":"ReadAction","target":["https:\/\/velarogverkfaeri.is\/lykillausnir\/badherbergi-lykillausnir\/handthurrkublasarar\/product\/mediclinics-speedflow-plus-handthurrkublasari-350w-hepa-m-ionizer\/"]}]},{"@type":"ImageObject","inLanguage":"en-US","@id":"https:\/\/velarogverkfaeri.is\/lykillausnir\/badherbergi-lykillausnir\/handthurrkublasarar\/product\/mediclinics-speedflow-plus-handthurrkublasari-350w-hepa-m-ionizer\/#primaryimage","url":"https:\/\/velarogverkfaeri.is\/wp-content\/uploads\/2025\/08\/c58ac1d6-469c-40a2-8e2c-15d72734483c.png","contentUrl":"https:\/\/velarogverkfaeri.is\/wp-content\/uploads\/2025\/08\/c58ac1d6-469c-40a2-8e2c-15d72734483c.png","width":296,"height":271},{"@type":"BreadcrumbList","@id":"https:\/\/velarogverkfaeri.is\/lykillausnir\/badherbergi-lykillausnir\/handthurrkublasarar\/product\/mediclinics-speedflow-plus-handthurrkublasari-350w-hepa-m-ionizer\/#breadcrumb","itemListElement":[{"@type":"ListItem","position":1,"name":"Home","item":"https:\/\/velarogverkfaeri.is\/"},{"@type":"ListItem","position":2,"name":"Vefverslun","item":"https:\/\/velarogverkfaeri.is\/vefverslun\/"},{"@type":"ListItem","position":3,"name":"MEDICLINICS Speedflow Plus Hand\u00feurrkubl\u00e1sari 350w HEPA m. Ionizer svartur M17AB-I"}]},{"@type":"WebSite","@id":"https:\/\/velarogverkfaeri.is\/en\/#website","url":"https:\/\/velarogverkfaeri.is\/en\/","name":"V\u00e9lar & Verkf\u00e6ri","description":"Umbo\u00f0s- og heildverslun fr\u00e1 \u00e1rinu 1919","publisher":{"@id":"https:\/\/velarogverkfaeri.is\/en\/#organization"},"potentialAction":[{"@type":"SearchAction","target":{"@type":"EntryPoint","urlTemplate":"https:\/\/velarogverkfaeri.is\/en\/?s={search_term_string}"},"query-input":{"@type":"PropertyValueSpecification","valueRequired":true,"valueName":"search_term_string"}}],"inLanguage":"en-US"},{"@type":"Organization","@id":"https:\/\/velarogverkfaeri.is\/en\/#organization","name":"V\u00e9lar & Verkf\u00e6ri","url":"https:\/\/velarogverkfaeri.is\/en\/","logo":{"@type":"ImageObject","inLanguage":"en-US","@id":"https:\/\/velarogverkfaeri.is\/en\/#\/schema\/logo\/image\/","url":"https:\/\/velarogverkfaeri.is\/wp-content\/uploads\/2021\/10\/vv_logo_350x100.png","contentUrl":"https:\/\/velarogverkfaeri.is\/wp-content\/uploads\/2021\/10\/vv_logo_350x100.png","width":350,"height":100,"caption":"V\u00e9lar & Verkf\u00e6ri"},"image":{"@id":"https:\/\/velarogverkfaeri.is\/en\/#\/schema\/logo\/image\/"},"sameAs":["https:\/\/www.facebook.com\/VelarOgVerkfaeri"]}]}},"_links":{"self":[{"href":"https:\/\/velarogverkfaeri.is\/en\/wp-json\/wp\/v2\/product\/72810","targetHints":{"allow":["GET"]}}],"collection":[{"href":"https:\/\/velarogverkfaeri.is\/en\/wp-json\/wp\/v2\/product"}],"about":[{"href":"https:\/\/velarogverkfaeri.is\/en\/wp-json\/wp\/v2\/types\/product"}],"replies":[{"embeddable":true,"href":"https:\/\/velarogverkfaeri.is\/en\/wp-json\/wp\/v2\/comments?post=72810"}],"wp:featuredmedia":[{"embeddable":true,"href":"https:\/\/velarogverkfaeri.is\/en\/wp-json\/wp\/v2\/media\/74755"}],"wp:attachment":[{"href":"https:\/\/velarogverkfaeri.is\/en\/wp-json\/wp\/v2\/media?parent=72810"}],"wp:term":[{"taxonomy":"product_brand","embeddable":true,"href":"https:\/\/velarogverkfaeri.is\/en\/wp-json\/wp\/v2\/product_brand?post=72810"},{"taxonomy":"product_cat","embeddable":true,"href":"https:\/\/velarogverkfaeri.is\/en\/wp-json\/wp\/v2\/product_cat?post=72810"},{"taxonomy":"product_tag","embeddable":true,"href":"https:\/\/velarogverkfaeri.is\/en\/wp-json\/wp\/v2\/product_tag?post=72810"}],"curies":[{"name":"wp","href":"https:\/\/api.w.org\/{rel}","templated":true}]}}