{"id":72570,"date":"2025-06-01T13:11:18","date_gmt":"2025-06-01T13:11:18","guid":{"rendered":"https:\/\/velarogverkfaeri.is\/?post_type=product&#038;p=72570"},"modified":"2025-08-19T12:35:48","modified_gmt":"2025-08-19T12:35:48","slug":"bahco-blikkklippa-vinstri-06mm-12mm","status":"publish","type":"product","link":"https:\/\/velarogverkfaeri.is\/en\/verkfaeralausnir\/handverkfaeri\/klippur-og-skaeri\/product\/bahco-blikkklippa-vinstri-06mm-12mm\/","title":{"rendered":"BAHCO Blikkklippa Vinstri 0,6mm 1,2mm"},"content":{"rendered":"<p>Hausinn er hanna\u00f0ur \u00feannig a\u00f0 h\u00e6gt s\u00e9 a\u00f0 klippa me\u00f0 h\u00f6nd og verkf\u00e6ri fyrir ofan vinnustykki\u00f0.<\/p>\n<p>\u00de\u00e6gileg PVC h\u00fa\u00f0u\u00f0 handf\u00f6ng sem gefa gott grip.<\/p>\n<p><img decoding=\"async\" src=\"data:image\/png;base64,iVBORw0KGgoAAAANSUhEUgAABw8AAAB0CAYAAABzCH3LAAAAAXNSR0IArs4c6QAAAARnQU1BAACxjwv8YQUAAAAJcEhZcwAADsMAAA7DAcdvqGQAACavSURBVHhe7d17dNX1me\/xTy7kSm6EJAiBcE+4BhSIVAFHRLRStAo4LQ5zQWkrUzmnre3qosdxOnVm9TjOqkw9uEqpSuvUQdAaLwiKDoggt0C45ML9TsIlJIRAQi77\/J7v3kFAZCfcNe\/XWnvtvb+\/397Z\/\/zWk9\/zfJ\/vN6RXVqZPAAAAAAAAAAAAAFq8kFmzZlE8BADgIoqKihQTE6Po6Gj3iIyMVFhYmEJCQtwDAAAAAAAAAL4uQgPPAAAAAAAAAAAAAFo4iocAAAAAAAAAAAAAHIqHAAAAAAAAAAAAAByKhwAAAAAAAAAAAAAciocAAAAAAAAAAAAAHIqHAAAAAAAAAAAAAByKhwAAAAAAAAAAAAAciocAAAAAAAAAAAAAHIqHAAAAAAAAAAAAAByKhwAAAAAAAAAAAAAciocAAAAAAAAAAAAAHIqHAAAAAAAAAAAAAByKhwAAAAAAAAAAAAAciocAAAAAAAAAAAAAHIqHAAAAAAAAAAAAAJyQWbNm+QKvAQDABRQVFSkmJkbR0dHuERkZqbCwMIWEhLgHAAAAAAAAmqa+vl7Hysq0bcsWtYqIVPmxY6qpqVZVVZVOnqgKnOUXEhqihMRERXjntWnTRomJCWpoaFC\/7GyFh4eruqYmcCaAK4niIQAAQVA8BAAAAAAAuDLWrl6t5cs+VeXxSp2uPd3k3IrP5y9lWG6mR\/fu+pu\/\/ztVnTzpxgBcWSxbCgAAAAAAAAAALpsVAkNtsrW9vsDDJmOXlR3zHmWqr69TWGioO78pDzvXHtXV1Tp48KBOnjylUO\/9F\/6Od649A7h0dB4CABAEnYcAAAAAAADBVZ86pS1FxW4J0gulTGyoeMsW7dyx0xUEL1VEZKQGDR6s2NiYwMjnGhp8SklNVVbvXm6JVADNR\/EQAIAgKB4CzfPGG2+od+\/eysrKCowAANAyEAMBAC3djm3b9PZbuWrXrp3CW7UKjJ7LcimXUzhsVO9rkM6rbtj31tg+iN7zd\/\/mEbc\/IoDmo3gIAEAQFA+B5iFxCgBoqYiBAICWzHIlpSUlen\/BAk14+GHXHXg97Nu7VwvfW6Dxf\/2w4hMSAqMAmoM9DwEAAAAAAAAAwGU7VlamNkltFBcfHxi59mwCeIPPpyOHjwRGADQXxUMAAABcd7aUDMvJAABaImIgAODrwvYXLC0tVUREhHtcLwkJCWrdOlbR0VEKDaUEAlyKsLFjxz4deA0AAC7gyJEjatWq1ZlHeHi4++eTZUuBCyssLFRKSoratm0bGPlyJ06c0LJly\/T+++8rLy9P+\/fv18mTJ+Xz+dy1Zg+uMwDAVwUxEADQkjXU12vD+ny1imil9I4dA6PXXnx8vHZu36GoqCilpqW52AqgeSgeAgAQBMVDIDi7GWu8Hs5PnJ597Gx79+7VH\/\/4R+3cuVM9e\/Z0s0MPHjyoDRs2aNWqVVq7dq22bdumsrIy1dbWuv0z7Bpk5igA4EZCDAQAwM9i3movjnXt2l1pN7ULjF579jsKNxfo1KlT6tylywVjMYCLC5k1axZldwAALqKoqMitlx8dHe0ekZGRLoFj\/3zyDyjgl5ubq4qKCndNWCI0KSlJiYmJbqbnyJEj3fuz7d69W3PmzFHHjh31wAMPuHONLdtmN3iWLD1w4ID27NnjOjHsu42dl56erk6dOql9+\/Zq06aN+xtciwCA64UYCACAX0x0tF556WXd+o1vqGOn69d5aFauWKEd27frO488EhgB0BwUDwEACILiIRDcggULXPK0rq4uMOJ36623atKkSa5botGhQ4f0+9\/\/3iU\/x40b5xKfF2Pfefz4cfc569SwZKrto1FTU+OuybS0NPddloRNTU1V69atXYcwAADXAjEQAAC\/mupqvf7n\/9ZDD49XdExMYPT62LNrt1Z99pke+bu\/VbX3uwA0D8uWAgAQBMuWAsFZB4R1Uhw+fDgwItdp8Z3vfMd1RjSyjoo\/\/\/nPLuFpx+w5GLve7DxbAq5bt24aOHCgBg0apF69erkx+05b2m316tVuqbdNmza5jg0bN3bdNhb8AQC40oiBAAD4lR05ovz169WlW1e1josLjF4f0dExWrd2rbp07+biIYDmoXgIAEAQFA+B4CIiIly3g+3V1Nh5MWrUKA0ZMsS9Nrbv0wcffOCWdHvkkUfOLNPWXHbd2bVo+0PZ8m19+vTRLbfcogEDBigjI8Ndo7ZvVH5+vlauXKm8vDzt2LFD5eXlqq+vP+c6BgDgchEDAQDw27Nrj0pKD2rAwIFu1abryWLfpk0bXXd+fHx8YBRAU1E8BAAgCIqHQNMkJye768WWVLMl1MaPH39OV4V1RsyfP1+33XabsrKyrmgnhH2XLS+ckpKi7t276+abb3YP+zvW\/VFZWani4uIznRlHjx5V7969A58GAODyEAMBAC2d5UmOHjns9u7NHjjwuk9UsShbXFioLl26KOESJ+0ALRnFQwAAgqB4CDSNXRe2hJrtEzp69Gj17NkzcMTPEpe2T5MlVteuXavt27e7G8va2lqX+LySnRB2bVoniHV22EzTfv36uWXe+vfv75aXs99p+0QBAHAlEAMBAC2dxbODBw6o7nSt+nox5\/y9gK81m1iza+cutWmTrJTUVDU0NASOAGiKkFmzZvkCrwEAwAVYEsj+6bTZ4\/awpTcaZ4tTPAT8Kioq3M2hLctm14wtnRYbG+v2XGrcnN5u1uy9JUttSTXbH2r\/\/v1uGTXrjLBEpiU5rWOjXbt2bp+oqKgorjMAwA2NGAgAgN\/\/fPSR6uvqNeb+sWf2320Om0wTHRPjCpANvgadPn3aTa6xyTYWZ0O9uBgaFuZeB2N5nL\/Mf0ORXjwd8Vd3BEYBNBXFQwAAgqB4CAT37rvvui7d86+Jffv2uUSpXTN2gxcXF+du\/o4fP+5uDO1hN4K2H4VdX5ZctQSsJVLturNkqiVSLaGamprq9pSyzwAAcKMgBgIAIBfDcue\/qaS2yfqrkXcGRpvOJtzs2LZNGzdsVI0VHr2Y2advH912+zB9tmK52ze4nRcP7xo9WlUnTwY+dXFLP\/5YJSUlGjfhYYWGsd8v0BwUDwEACILiIRCcJT\/PXwbGrpO33npLhw4dckv+2s3gxIkTXZfF7NmzXUJ0zJgxrmPjxRdf1MiRI11y1fZjevjhh93nrDPjwIEDLrFqCVdLqHbo0MF91pZes\/d0ZgAAridiIAAA\/iW8X579Bw0aPEi9+\/YNjDaNdRi+9867Kti4SadrahQWHqZwL342eHGza\/fuqjx+XPv37Vfnrl30g6mPq9o7pym2Fm9R3po1+ocpj6mqqiowCqAp2PMQAIAg2PMQCM6SpI1dFI0Pu062bNmiyspKl1i1G8KhQ4eeSY5awjMnJ8clRdetW+e6KqwrwxKlo0aNcsnRPn36uH2aBgwY4JaBs++1PaM2bNiglStXXnDfKLtO7W8DAHAtEAMBAJCiIqNUsGmT+vbvp5jY2MBocBa\/tm3dqiUffazaulovHrbW0Ntv17Dhw5R2003asH69jh07JoXI7ec7eMhg1dXXBz59cVGRkSoqLFSPzEzyN0AzUTwELkmF1sz5rV77cLlWrPj8sXr9LtW07aGMpCuwlMz2d\/UfL+VqRUU7De2RFBhsvqqdn+l\/Vm\/WkdCblJ4UERgF0BwUD4FLV1xc7JZta+yOSE9Pd10Wlui066dHjx5u+RlLptoyN9bla3tBWULVbiKNXW\/W9ZuSkqLu3btr4MCBLpnaq1cvJScn6+TJk9rq3WyuWbPGJWQ3eTeslny1cdOYyOV6BQBcS8RAAEBLctyLcfnr1il7wABFRDQ9B2nd+wvefkdHjx5Vq\/BWGv3Ne5Qz9FYlevHTJtJY174tZ2rxsrnFw8rK41q\/fr0yOvv3IwbQdBQPgUtSowP5edrt3Y8lZPRTj05pSo6q0qGjZTpQuFutemerfVTg1Et1bKtWFB2RUnpdVvHw1LaPtXD1DtWkDFT\/Dpf7o4CWieIhcOms66KgoEBZWVlKSEhw14zNGrXuisZ9nSxxah0VdrNoxy2penbi9Hx2jl2L9n2WiL1QZ4bta9HYmZGXl+c6M6y7w\/6mfW\/jdQwAwNVCDAQAtCSHDx9WwaYCde3R3e3T21R1tXVuAox168fGxuiOkXcqOibGHbPlSdskJ2vN6tUujjW3eGjLnhYVFKpDegdXjATQdBQPgUvyefGw619N0j2Du6tHn36KK1ml7eVVOpXQR3H5v9VLucu1veSwVi96R6Up31CPVlv10fy5eu+DJVq2Kk\/FpaFK7dJecdao6Duqwvfna+7bH2jZ2mIdOVmjMu+7\/MXD0ECn4\/YzhcmdC\/7dfX95mve9bbxfdHCdPnh7vhYsWqpP8\/K1uzJRyUfe05xPSt0vrtqdpxXbItQ7u70oIQLNQ\/EQuHSWON24caOGDx\/ubvSsG+L48eOue8KWWDtx4oS7ybROCluKzZKmNd4N4pAhQ740cXohdq51bDR2Ztx8880aPHiw68ywv2t\/Y\/ny5Vq6dKlb5s06O7KzswOfBgDgyiMGAgBaEreU9hEvrnlxqFUzOg9tP0PrWLSu+ZTUVPX3YlRkZGTgqFx8tL0QLUY2t3ho37Nr506ld+qktl6ctC5GAE3DVDPgKju0a68iO\/dTx5gdWvTqW1p\/UEq++Q7lZISpbNv\/6LV5a1Rh5y1\/QwsKSlWT1EvDc7qo6pC\/6Nck5Wv0+p8Xq7AkTB1vHamcdOnA1i2qSB+hO7MS3CkJWSP1rRFdRIM+AOBasqVl7IatXbt2bj8n64awrou2bdsqLS1N27ZtczNI27Rp45Zfs+Tp5bCbQZuxunfvXrd0m3VcWOLW\/q4tnWO\/o2PHjmrfvn3gEwAAXB3EQABAS2GTrG3Pw\/j4eLfcdnNEejEqLNQ\/acY6DWu92Hg2O97UYuH5orzf0tr7Tfv37HUTdwA0HcVD4DIdWLdQixYt1ILXX9KinTaSpqxu\/oKd6TX2H\/XI\/aOVVbFRm6q8gcy7NO6OQbrtgQeVk+i9L1mnTSWl2lpgJcQ0Df\/2fRo0+A799V297ONNcmjTOh3ySQk5D+rbtw30vvsxPTH5PmW176Quqf4+w8jUruqRkawrsBsjAABNZolTW1rNEqO2PJslTW3GqN1UWiJ1z549LrHamNS0Tl\/b86IpLOFqe0fZkm\/WUTFv3jzNnDlTv\/nNbzR79mwtXrzYJWJtWbd7771Xjz\/+uH7yk5\/oe9\/7nu66667AtwAAcHUQAwEALYXFvFOnTnnxro1iYprXuhAXn6DwVv79ea0L0fZObGSrP1V732tx71LYb\/L5GlTixcRL\/Q6gpaJ4CFymit0btWnjRhXuqVJ4dHsNenC8BllRsFFgRcOqyuPuOTUtNVDAS5N\/wmeFjldVyYuNnjZKbvxsM1ZCrKr0B9X27dLcs7y\/EN4q8BIAgOvIbiKtu8I2p7cZqLbMjCVRbWaqJVRtzI4b68SwpdculDi1WaK2XM3WrVv1ySef6LXXXtMLL7yg559\/Xq+88oqWLVvmui169Oih+++\/Xz\/4wQ80bdo0Pfroo7rvvvvcknAdOnRwy7qxzxMA4FogBgIAWgorzB09esR1CDb4mjYRplFdfZ26duvqf+3FvNWfrVJoSIi\/IHnylBYv+lCna2rc8UthE2nst9n3AWg69jwELsnnex72euAnmnTfNzT0G99QzuB+ykjylwbLty1X0WEpJcu\/J2F45S6t3FqmqqiOGtwzWaEqVcHSDdpfnazMoX3Uaof3uiZMqYE9DVW2VSuKjwT2PIwJ\/L3WyrjZf\/zIluXaYoe97884vVkb9teoNrGbbu5kGxLXecE2VNbxX3Ngg9btrlJsxi3q34HdDoFLwZ6HQHAbNmxwe1zYUmn79u078yguLnZ7LVnSs7Cw0HVZVFVVuX2fioqK3HN1dbU715Zvs+OW3OzZs6f279\/vvvfTTz\/Vxx9\/7BKm9t6uyaioKLevU05Oju644w6NGDFCt9xyixuzRKxt0G\/XK9coAOBqIwYCAFo6m+iSt3qN2iS3Ufv09MBo01h+xfY63OLFxhNenCw\/5p8wY3sVfvThhzp06JB3ls8V\/5q756EJDQnVnt173J7AFBCBpqN4CFySz4uHjcXB851fPAxNiFDlpkIdOrhPe0+HqGL9Yq08WCu1y9HdOT0VW5GvTSXHtHv3MbWqO6Cln25QpS3F7YqH8SrbskbbK6p0pLxBKl2m5Rsr5Q573z+gs0\/b1+9S2f7tKmkIV1lert745JDa9vG+98gGrdtVpaqaWjWEx6lTihUXATQHxUMgOEty2gb3tt+S3dxZ94TdmFlXRVxcnJuJag\/ruLDl2uw8u8G0BOeJEydcgrWgoMAt52ZLy2zevNklWsvLy905mZmZGjp0qEuSDhs2zHVRdO3aVSkpKa6jw65LrkcAwPVADAQAtHQ2+WX1ylXqmZWp5LZtA6NNYzHTYqQ9du3a7ZYptRhYWlLq4uCwESO0d88efyy14mHOEPe6qU6frtH6devUxYudtgcigKYJmTVrFuV2oNkqtGbOLC097O88vLdbYPgsOxf8u94sOO945VZ99PaHKiypUk1YlNp0vlV33zNI7SO9Y76j2pSbqyXbj6omIlk92odr685SqfeD+tG9XVW3f5nmvbVGB05JkW27qH3IVu086+\/XHFynjz7+VFsPVqsuMlbte92lb93ZQ7Gnd+ijP+VqfXmdwtvdoUcmDtIFap0ALsJmhts\/wpYAsoftTWNJIYqHwBfZ\/ktz5szRqFGjlJWVFRj1s2SpFeNtDyZLtB48eNB1ZFii1BKfNov0pptucg\/rnEhOTnY3i3YMAIAbHTEQANBStfLi1Z9emaN77vumEryY1hyWV7H9f60geHD\/AZWWlLh9D2Pj4tS+Q3s3PucPL6nm9Gm19+LklMd\/oOYUNKwQOe+\/52rYiOHKPC8+A\/hyFA8BAAiC4iHQdO+++67+8pe\/qH\/\/\/nrsscfc0mqNrLti5syZOnr0qDp16qR27dq5PZgsSWqzTO06I0kKAPiqIgYCAFqqivJy5b7xpv7+sUebtaSosbzKodJSbd2yVUltkpSV1UuxrWNdR751JR4rK9PM376gWisepqdr4qS\/OSfGBlNfV6c35s1X79691H\/gQDehB0BwLFsKAEAQLFsKNI3t2TRv3jzXRWHJ0dTUVHXs2DFwVG42qXVbWPF9ypQp6tu3r9u83rotrChv19XVYrNVbUk5+122p9TOnTvd3wYA4EogBgIAWrKSAwe1dcsWdevZw8W15rCsSt7atfpw0QfaHtgD2PZObB0b6\/YKzl+3Tju2bVeDz6dbBg9Wt+7d\/R9sIpsEbsue2u9qn96BfQ+BJqJ4CABAEBQPgeAsMZmbm+s6dU1DQ4PKyspc94XdrDWyGaLLly9Xz549lZCQEBi9Muwm0H6HdXfYnlM7duzQxo0b9dlnn2np0qXusXLlSre3lC0Vd+uttwY+CQDApSMGAgBauq1bt6qy\/Lj69u\/X7E56Oz8pMUmFBQU6XnHci6FHXSFy48YNWrniMxUVFHoxrt517d85auQ5sbUpLEYWed99qrpanbt0IY8DNBHLlgIAEATLlgLBrV271u3zZJ0NZxszZozGjh175lqpra3Viy++6JZsu\/\/++91Yc1lS1pawsVmotn+FdVJYotSSoceOHXPjdo51ecTFxbl9o6wDJCUlxS0NFx8f765pmwwAAMDlIgYCAFoymxyTn7dOxcVF+tYDD1xSniQsNEz79+3VsqWfaN\/+\/ar3YmZtXZ0rLIa3ClfnjM4aeffdriPR4mlzrVm1SoUFhXr4u99xMRJAcBQPAQAIguIhENxLL72kvXv3umvCkpl2A2nXSlJSkiZOnOgSlo2s62Lx4sX6\/ve\/75KZX8Y6KKqrq1VZWekSopYYbXxUVFS4Y8auS1v2rW3bti5Bas\/2dy1par\/DrlcAAK4WYiAAoCWzWLNi2acudt056q4zMaq5bGKLfTaiVYSOH69Q2dGjapOcrPj4BNXV17nYevr06cDZzbN\/7z59\/NFHmvzYo6q5xO8AWhqKhwAABEHxEAiusdvCrglbui0rK0uZmZmu+6HxmmlkXRGvvPKKS7Dasmm275KdYzebx48fP9NBYUu+WdLUbhBtxmlsbKxLiDZ2UFg3hSVMbdw+z\/UIALgeiIEAgJasoaFe77\/7niK8eHT3Pfe4+HfD8fn06pw\/6tvjHlKMFzsBBEfxEACAICgeAs3zxhtvqHfv3i55+mUsQWrdF5s3bz6zxJpdTzbb1JZUs6SoJUftcfYya5ZA5boDANyoiIEAgJbGltOeP3euemZmatCQIYHRG8upkyf16h\/\/pJGjRqlL1y6BUQAXQ\/EQAIAgKB4CzdOUxGkj66iwjg3bt8Kuq8al3s7u0gAA4KuCGAgAaGliY2L04syZGjZsuDrfoIU5K3C+OW+eevfpq+yBA+TzURIBggkNPAMAAADXnG1Wb8uuNXZXWKGepCkAoCUgBgIAvg5sIkx4WLhS01IDIzee2JhYJbdJdl3+NlEHQHAUDwEAAAAAAAAAQLOVlpbqdHW1WreOC4zceCIiIxSfEK8D+\/er2vutAIKjeAgAAAAAAAAAAJrt6JEjqm9oUEVFeWDkxmPdkXX1DTp06JBqKB4CTULxEAAAAFfUgw8+2KS9ngAA+LohBgIAWppjR8sU27q1IqOiAiM3ppva36S606cVF3fjdkgCNxKKhwAAAAAAAAAAoNmscJiUlKSoG7x42DG9o8JbtVJV1cnACICLCZk1a5Yv8BoAAFxAUVGRYmJiFB0d7R62uXZYWJhCQkLcAwAAAAAAoCX64P33VX6sXP0GZKu+rk4+341XbggN9fdQfbJkqe755r3K6NLFvQfw5SgeAgAQBMVDAAAAAACAL\/r0k0+0bcsWRURE3tA5kvr6evf7BucMUY\/MzMAogC9D8RAAgCAoHgIAAAAAAABoKdjzEAAAAAAAAAAAAIBD8RAAAAAAAAAAAACAQ\/EQAAAAAAAAAAAAgEPxEAAAAAAAAAAAAIBD8RAAAAAAAAAAAACAQ\/EQAAAAAAAAAAAAgEPxEAAAAAAAAAAAAIBD8RAAAAAAAAAAAACAQ\/EQAAAAAAAAAAAAgEPxEAAAAAAAAAAAAIBD8RAAAAAAAAAAAACAQ\/EQAAAAAAAAAAAAgEPxEAAAAAAAAAAAAIBD8RAAAAAAAAAAAACAQ\/EQAAAAAAAAAAAAgEPxEAAAAAAAAAAAAIBD8RAAAAAAAAAAAACAQ\/EQAAAAAAAAAAAAgEPxEAAAAAAAAAAAAIBD8RAAAAAAAAAAAACAQ\/EQAAAAAAAAAAAAgBNSWVnpC7wGAAAXsHTpUsXHxysxMdE9R0dHKyIiQqGhoQoJCQmcBQAAAAAAAABffXQeAgAAAAAAAAAAAHAoHgIAAAAAAAAAAABwKB4CAAAAAAAAAAAAcCgeAgAAAAAAAAAAAHAoHgIAAAAAAAAAAABwKB4CAAAAAAAAAAAAcCgeAgAAAAAAAAAAAHAoHgIAAAAAAAAAAABwKB4CAAAAAAAAAAAAcCgeAgAAAAAAAAAAAHAoHgIAAAAAAAAAAABwKB4CAAAAAAAAAAAAcCgeAldayQs6\/eO2F3zUrvOfUr96mk4\/lf75safuVO3qQ\/6DZ1Sr7uVun5\/z3h43Wjc78P6sR+2vvq3az\/bI584AAOD6KX17usZkpyguLk5x6bdr8ourVBE49gX7czX9vr5KsXO9R0r2GE1\/uzRwEACAr6JqFT93uz8O5szQ7sDoGUdX6XdTblf3FH\/sCxorAQD4qqorVe7Px6hvY8xL6asxP89VaV3geIU\/JqYn2fEU9b1vunL3B46ZYMcBXFUUD4GrppNCsiee+2jjDRf+TA2vvSpVVSuk4zjvkeq93iDfa0NVW+j\/pFP4T\/JtvMgtZOoY\/3d6n\/cd+0S+129W3ewP1BA4DADAtVaxYLJu+e4MLdmRoCHjRyuzKl9znxyp+377hdSpd\/JcTew7UTOW7lZ1z9GadG+2tGOJ3lpbEjgBAICvnuLn79Kgp\/MD785TvUQ\/zhmpH\/85X6XJIzRh\/BClVVwkVgIA8JVVobmTumvib5dod12mRv\/daGVrt5bkrpe746sr1oyx\/phY0XW0JgxN0O6lMzQxZ6oWVjXhOICrjuIhcNUMUcik59XqrEd4hlS\/e7W\/Q7DXy2r1v170HgUK7WUDFfLt9ncXqmGDaufNli+0v9TWP\/QF\/X7p\/17v8xE\/+md3NfsKvq\/6LYHjAABcU7v1ytNzXefE6D+s1eI\/zNOaxU\/KC33K\/\/kvtbBxdmnAql9NVa6N3Ttb+9bO0wtzl+lw0RrNfzLbf8JZFk7xz1Qd9N3Juj3dP+v09p\/nauHzE\/2zWJPSvfdL\/F0bCyb7Z7XmTNTkEenudcpt05W7yLvRDHREpo+YriW0eAAArrDi52\/XoF98SeHQRI3Qc+\/N1pMz13gx7x3N\/sNirZ052h3Kf\/2tL3YpNiemEf8AADeSFb\/U1LftxWjN3rVG8\/5znpYd3KY1b\/5U2eHe8Af\/V9PzvOdOT2rZynmavWitZt\/rva+Yo+m\/9yJisOPnq1ii6YH4Z1394+7r7l4Pep7JOcClongIXDXVUsFs1c6Zpto3Z6v+kPfeE5bzuBTtvSj+qWpfm6261+6Rr9h7Hz1OocM6uXPq3\/2+fOXei+EvKjTVDV1ch6kKzbIX3p3gxg1uCACAa6pqpZYW2IvRmvDNBDekm+\/XhDR7sUQrzwlP+Xr\/TYuLUZry99n67PnpmvrD6ZqxWcqI9J9xIcVLS3X3kxOU4cXY\/N9O1Lg\/JOqJX4xVQl2F9366XgnMwXEKlqh01E81wQut1RtmaOJDv1PiD\/+Pxno\/rSJvhqb\/kZtIAMCVlXnvBGWnTdCr\/zkhMHIBPSfoqUcyvQjoV350l\/9FWju5kHkhzYlpxD8AwA0gf+FblhlV1KOPKXulF39+OFXTX1gvdfBHwPyVS9xz2vj7\/cVEJWjseP+EmuJPV2p1kOP+LGujUs357hjNyKtQwuAn9MyTGSry7h0BXB6Kh8BV844aZv9MvvxX5Vv2M9X\/uo9q873QljRO4Q9PVkjDIflW\/0wNq9fIFzZIod\/7jcJjvY+VvKD6pVukxB8p7L6e\/q9qgpCb\/Of6ygmOAIDroLRE\/vRnghIsnjmJSky251LtPic8lQTeV+t3EwZp3C9maM7L3g3lQ4OUcvfvvth5ETBh5jt6atpTmtLb3mXqqddf0JRp\/6qfuvdejD27u3H8\/9M7v3hCT03JdG8zn56vFx59Qv\/6pP99db17AgDgyun5hJZtm62xX1oFPFfF6l9q4i9sJmmCpvzvCWcKil\/QnJhG\/AMA3ABKDvhvAKt\/P06DHpquGS\/P0YxfeK\/TR+p3Oz4\/npiU6J5NVOvAJNTdJSoKcvyc28uqJcpdai8maPaiZ\/TEtFc1\/2l\/3ANw6SgeAldawiiFffNHCrn9ZYX92xFFPLtdYQOto7BCvo\/nqz5\/mupfni1f9DCFTs5T2PiJUv0aNcz4pupKDqlu7j\/JNi4MiStVw5+myXfA\/7Xa+JRql3x5V6HvoH+90pDEJt6pAgBwJaW1U2f3okIVZ\/agKFf5UXtOU8Y54SlJiS5DGqUR\/7ZMh49V6nD+cxphQ6u9G8sV9uIC3IzTz0We9\/4c4ee1MIZ\/aUoWAIBrrmLRj3Xbnc\/KFjnN\/tViPTfUP35BzYlpxD8AwA0gKcEff6KGP6NlJZWqPLxJzw33BupWafrMVWrX3n+DWH7Mll7zqz4RWFs7o52yghw\/5\/aycSJr72xlBe4Roy52rwigSSgeAldadE+F9Bym0LvHKCzCex+aoJDOgdkuNeVqWPOqf8\/DnF8rvHcnhd36vELtcMMGNeRtlwIJV99e7zzrWmyMkYfekW\/bOfNqzvDt\/g81FNmrBKlffzcGAMA1FZuj4a4DcKHmvhe4qct7S3Nd6BqhHAtPVdWB5WX6K2eUPVcrKrGzu7GL6jRA2e4O0Dun0p4BAPiaqPNi25n11Sq06lcjlf6QddonaMSza\/ThNLojAABfL\/2H3O2eq6MS1dlWponK0ICB\/pJf9Yljys5xU0dV+vpbyncryFQo9\/WFbizzthwNDnL8nKkxjRNZC\/JVFFiNpvrsVWkAXBKKh8AV5tv7H6qf8W3VP52u0zOnqXbmnap76wN3LCRnvMK6DXOvtfRO\/\/Hf9FZDoQ0kKKTLUIX\/\/Iginvv8EeoSsZ6ReYqY7DKtftaJaPspep+vnfGv\/m7F3i8qrOkrnQIAcAVlaMq\/TLJpLFr4D7do5D+M06CRz7olSLP\/7SmN+Giq0tulKGXEDG8sShN+OMV\/7g+66\/YJUzUuZ6RmWKExYYr+9k7vGQCAr4OqhZra2Yt\/Kbdrxo5S5U7qo5G\/XuU\/1nuEMjbP0I9\/OFVTf73w3CXYAAD4Cov69jRNsRu+RVPV\/bZxmjphkEY+7274NGXSaOnep\/TMzd7bPc\/q9pxxmnz3LZq8wA5P0jOPZgQ\/frbYERprXY2aq8kP\/VJzfz9VDz1ty4IDuBwUD4ErLKTj4wp9aKpCEiKlba\/Kt22DFN1fIWOXK\/yOVIXe8bLC7hknRVb7j+89pJCkYQr56xVq1SvwJU1hnYjWmdj4+fF5Cp88iosaAHDdRN39gtb+1xMa0bVCq15fqOLYbE14drHe\/ccMRcUl+meHJgaehz6nzYue0diuUv6COVq4JUoZw5\/UvPznNIQlZgAAXxeRgaW6wxOV6N0D7ioOdOebglzNeXmO\/\/FGcaA7HwCAr4HwIXouf7Ge+VaGtGGh5iwoVlTXEXpy\/ubAUt0ZeiJ3sZ77TrYSdizU3BUV3v3gE3p15Qsa7fbQD3b8bGmaNGeenugfpYqPntXkn+cra\/g5C5sCuAQhlZWVbgVFAABwYUuXLlV8fLwSExPdc3R0tCIiIhQaGqqQkJDAWQAAAAAAALjWKt6eqolvZ2rSvZ0VVb1ev3vyWS2pSNCURfsuvq8wgC9FkxIAAAAAAAAAAPhqikyTVv6LJk+aqIlTntXK5BF64r\/WUjgELgOdhwAABEHnIQAAAAAAAICWgs5DAAAAAAAAAAAAAA7FQwAAAAAAAAAAAAAOxUMAAAAAAAAAAAAADsVDAAAAAAAAAAAAAA7FQwAAAAAAAAAAAAAOxUMAAAAAAAAAAAAADsVDAAAAAAAAAAAAAA7FQwAAAAAAAAAAAAAe6f8DwplKV6hXfLIAAAAASUVORK5CYII=\" alt=\"\"><\/p>","protected":false},"excerpt":{"rendered":"<p>Tegund:&nbsp;584D<\/p>","protected":false},"featured_media":74774,"comment_status":"closed","ping_status":"closed","template":"","meta":[],"product_brand":[],"product_cat":[588,769,515],"product_tag":[],"class_list":{"0":"post-72570","1":"product","2":"type-product","3":"status-publish","4":"has-post-thumbnail","6":"product_cat-handverkfaeri","7":"product_cat-klippur-og-skaeri","8":"product_cat-verkfaeralausnir","10":"first","11":"instock","12":"taxable","13":"shipping-taxable","14":"purchasable","15":"product-type-simple"},"yoast_head":"<!-- This site is optimized with the Yoast SEO plugin v27.3 - https:\/\/yoast.com\/product\/yoast-seo-wordpress\/ -->\n<title>BAHCO Blikkklippa Vinstri 0,6mm 1,2mm - V\u00e9lar &amp; Verkf\u00e6ri<\/title>\n<meta name=\"robots\" content=\"index, follow, max-snippet:-1, max-image-preview:large, max-video-preview:-1\" \/>\n<link rel=\"canonical\" href=\"https:\/\/velarogverkfaeri.is\/en\/verkfaeralausnir\/handverkfaeri\/klippur-og-skaeri\/product\/bahco-blikkklippa-vinstri-06mm-12mm\/\" \/>\n<meta property=\"og:locale\" content=\"en_US\" \/>\n<meta property=\"og:type\" content=\"article\" \/>\n<meta property=\"og:title\" content=\"BAHCO Blikkklippa Vinstri 0,6mm 1,2mm - V\u00e9lar &amp; Verkf\u00e6ri\" \/>\n<meta property=\"og:description\" content=\"Tegund:&nbsp;584D\" \/>\n<meta property=\"og:url\" content=\"https:\/\/velarogverkfaeri.is\/en\/verkfaeralausnir\/handverkfaeri\/klippur-og-skaeri\/product\/bahco-blikkklippa-vinstri-06mm-12mm\/\" \/>\n<meta property=\"og:site_name\" content=\"V\u00e9lar &amp; Verkf\u00e6ri\" \/>\n<meta property=\"article:publisher\" content=\"https:\/\/www.facebook.com\/VelarOgVerkfaeri\" \/>\n<meta property=\"article:modified_time\" content=\"2025-08-19T12:35:48+00:00\" \/>\n<meta name=\"twitter:card\" content=\"summary_large_image\" \/>\n<script type=\"application\/ld+json\" class=\"yoast-schema-graph\">{\"@context\":\"https:\\\/\\\/schema.org\",\"@graph\":[{\"@type\":\"WebPage\",\"@id\":\"https:\\\/\\\/velarogverkfaeri.is\\\/verkfaeralausnir\\\/handverkfaeri\\\/klippur-og-skaeri\\\/product\\\/bahco-blikkklippa-vinstri-06mm-12mm\\\/\",\"url\":\"https:\\\/\\\/velarogverkfaeri.is\\\/verkfaeralausnir\\\/handverkfaeri\\\/klippur-og-skaeri\\\/product\\\/bahco-blikkklippa-vinstri-06mm-12mm\\\/\",\"name\":\"BAHCO Blikkklippa Vinstri 0,6mm 1,2mm - V\u00e9lar &amp; Verkf\u00e6ri\",\"isPartOf\":{\"@id\":\"https:\\\/\\\/velarogverkfaeri.is\\\/en\\\/#website\"},\"primaryImageOfPage\":{\"@id\":\"https:\\\/\\\/velarogverkfaeri.is\\\/verkfaeralausnir\\\/handverkfaeri\\\/klippur-og-skaeri\\\/product\\\/bahco-blikkklippa-vinstri-06mm-12mm\\\/#primaryimage\"},\"image\":{\"@id\":\"https:\\\/\\\/velarogverkfaeri.is\\\/verkfaeralausnir\\\/handverkfaeri\\\/klippur-og-skaeri\\\/product\\\/bahco-blikkklippa-vinstri-06mm-12mm\\\/#primaryimage\"},\"thumbnailUrl\":\"https:\\\/\\\/velarogverkfaeri.is\\\/wp-content\\\/uploads\\\/2025\\\/08\\\/cd101961-93c5-4b10-bb30-cf5a4e8dd0cb.png\",\"datePublished\":\"2025-06-01T13:11:18+00:00\",\"dateModified\":\"2025-08-19T12:35:48+00:00\",\"breadcrumb\":{\"@id\":\"https:\\\/\\\/velarogverkfaeri.is\\\/verkfaeralausnir\\\/handverkfaeri\\\/klippur-og-skaeri\\\/product\\\/bahco-blikkklippa-vinstri-06mm-12mm\\\/#breadcrumb\"},\"inLanguage\":\"en-US\",\"potentialAction\":[{\"@type\":\"ReadAction\",\"target\":[\"https:\\\/\\\/velarogverkfaeri.is\\\/verkfaeralausnir\\\/handverkfaeri\\\/klippur-og-skaeri\\\/product\\\/bahco-blikkklippa-vinstri-06mm-12mm\\\/\"]}]},{\"@type\":\"ImageObject\",\"inLanguage\":\"en-US\",\"@id\":\"https:\\\/\\\/velarogverkfaeri.is\\\/verkfaeralausnir\\\/handverkfaeri\\\/klippur-og-skaeri\\\/product\\\/bahco-blikkklippa-vinstri-06mm-12mm\\\/#primaryimage\",\"url\":\"https:\\\/\\\/velarogverkfaeri.is\\\/wp-content\\\/uploads\\\/2025\\\/08\\\/cd101961-93c5-4b10-bb30-cf5a4e8dd0cb.png\",\"contentUrl\":\"https:\\\/\\\/velarogverkfaeri.is\\\/wp-content\\\/uploads\\\/2025\\\/08\\\/cd101961-93c5-4b10-bb30-cf5a4e8dd0cb.png\",\"width\":2048,\"height\":1175},{\"@type\":\"BreadcrumbList\",\"@id\":\"https:\\\/\\\/velarogverkfaeri.is\\\/verkfaeralausnir\\\/handverkfaeri\\\/klippur-og-skaeri\\\/product\\\/bahco-blikkklippa-vinstri-06mm-12mm\\\/#breadcrumb\",\"itemListElement\":[{\"@type\":\"ListItem\",\"position\":1,\"name\":\"Home\",\"item\":\"https:\\\/\\\/velarogverkfaeri.is\\\/\"},{\"@type\":\"ListItem\",\"position\":2,\"name\":\"Vefverslun\",\"item\":\"https:\\\/\\\/velarogverkfaeri.is\\\/vefverslun\\\/\"},{\"@type\":\"ListItem\",\"position\":3,\"name\":\"BAHCO Blikkklippa Vinstri 0,6mm 1,2mm\"}]},{\"@type\":\"WebSite\",\"@id\":\"https:\\\/\\\/velarogverkfaeri.is\\\/en\\\/#website\",\"url\":\"https:\\\/\\\/velarogverkfaeri.is\\\/en\\\/\",\"name\":\"V\u00e9lar & Verkf\u00e6ri\",\"description\":\"Umbo\u00f0s- og heildverslun fr\u00e1 \u00e1rinu 1919\",\"publisher\":{\"@id\":\"https:\\\/\\\/velarogverkfaeri.is\\\/en\\\/#organization\"},\"potentialAction\":[{\"@type\":\"SearchAction\",\"target\":{\"@type\":\"EntryPoint\",\"urlTemplate\":\"https:\\\/\\\/velarogverkfaeri.is\\\/en\\\/?s={search_term_string}\"},\"query-input\":{\"@type\":\"PropertyValueSpecification\",\"valueRequired\":true,\"valueName\":\"search_term_string\"}}],\"inLanguage\":\"en-US\"},{\"@type\":\"Organization\",\"@id\":\"https:\\\/\\\/velarogverkfaeri.is\\\/en\\\/#organization\",\"name\":\"V\u00e9lar & Verkf\u00e6ri\",\"url\":\"https:\\\/\\\/velarogverkfaeri.is\\\/en\\\/\",\"logo\":{\"@type\":\"ImageObject\",\"inLanguage\":\"en-US\",\"@id\":\"https:\\\/\\\/velarogverkfaeri.is\\\/en\\\/#\\\/schema\\\/logo\\\/image\\\/\",\"url\":\"https:\\\/\\\/velarogverkfaeri.is\\\/wp-content\\\/uploads\\\/2021\\\/10\\\/vv_logo_350x100.png\",\"contentUrl\":\"https:\\\/\\\/velarogverkfaeri.is\\\/wp-content\\\/uploads\\\/2021\\\/10\\\/vv_logo_350x100.png\",\"width\":350,\"height\":100,\"caption\":\"V\u00e9lar & Verkf\u00e6ri\"},\"image\":{\"@id\":\"https:\\\/\\\/velarogverkfaeri.is\\\/en\\\/#\\\/schema\\\/logo\\\/image\\\/\"},\"sameAs\":[\"https:\\\/\\\/www.facebook.com\\\/VelarOgVerkfaeri\"]}]}<\/script>\n<!-- \/ Yoast SEO plugin. -->","yoast_head_json":{"title":"BAHCO Blikkklippa Vinstri 0,6mm 1,2mm - V\u00e9lar &amp; Verkf\u00e6ri","robots":{"index":"index","follow":"follow","max-snippet":"max-snippet:-1","max-image-preview":"max-image-preview:large","max-video-preview":"max-video-preview:-1"},"canonical":"https:\/\/velarogverkfaeri.is\/en\/verkfaeralausnir\/handverkfaeri\/klippur-og-skaeri\/product\/bahco-blikkklippa-vinstri-06mm-12mm\/","og_locale":"en_US","og_type":"article","og_title":"BAHCO Blikkklippa Vinstri 0,6mm 1,2mm - V\u00e9lar &amp; Verkf\u00e6ri","og_description":"Tegund:&nbsp;584D","og_url":"https:\/\/velarogverkfaeri.is\/en\/verkfaeralausnir\/handverkfaeri\/klippur-og-skaeri\/product\/bahco-blikkklippa-vinstri-06mm-12mm\/","og_site_name":"V\u00e9lar &amp; Verkf\u00e6ri","article_publisher":"https:\/\/www.facebook.com\/VelarOgVerkfaeri","article_modified_time":"2025-08-19T12:35:48+00:00","twitter_card":"summary_large_image","schema":{"@context":"https:\/\/schema.org","@graph":[{"@type":"WebPage","@id":"https:\/\/velarogverkfaeri.is\/verkfaeralausnir\/handverkfaeri\/klippur-og-skaeri\/product\/bahco-blikkklippa-vinstri-06mm-12mm\/","url":"https:\/\/velarogverkfaeri.is\/verkfaeralausnir\/handverkfaeri\/klippur-og-skaeri\/product\/bahco-blikkklippa-vinstri-06mm-12mm\/","name":"BAHCO Blikkklippa Vinstri 0,6mm 1,2mm - V\u00e9lar &amp; Verkf\u00e6ri","isPartOf":{"@id":"https:\/\/velarogverkfaeri.is\/en\/#website"},"primaryImageOfPage":{"@id":"https:\/\/velarogverkfaeri.is\/verkfaeralausnir\/handverkfaeri\/klippur-og-skaeri\/product\/bahco-blikkklippa-vinstri-06mm-12mm\/#primaryimage"},"image":{"@id":"https:\/\/velarogverkfaeri.is\/verkfaeralausnir\/handverkfaeri\/klippur-og-skaeri\/product\/bahco-blikkklippa-vinstri-06mm-12mm\/#primaryimage"},"thumbnailUrl":"https:\/\/velarogverkfaeri.is\/wp-content\/uploads\/2025\/08\/cd101961-93c5-4b10-bb30-cf5a4e8dd0cb.png","datePublished":"2025-06-01T13:11:18+00:00","dateModified":"2025-08-19T12:35:48+00:00","breadcrumb":{"@id":"https:\/\/velarogverkfaeri.is\/verkfaeralausnir\/handverkfaeri\/klippur-og-skaeri\/product\/bahco-blikkklippa-vinstri-06mm-12mm\/#breadcrumb"},"inLanguage":"en-US","potentialAction":[{"@type":"ReadAction","target":["https:\/\/velarogverkfaeri.is\/verkfaeralausnir\/handverkfaeri\/klippur-og-skaeri\/product\/bahco-blikkklippa-vinstri-06mm-12mm\/"]}]},{"@type":"ImageObject","inLanguage":"en-US","@id":"https:\/\/velarogverkfaeri.is\/verkfaeralausnir\/handverkfaeri\/klippur-og-skaeri\/product\/bahco-blikkklippa-vinstri-06mm-12mm\/#primaryimage","url":"https:\/\/velarogverkfaeri.is\/wp-content\/uploads\/2025\/08\/cd101961-93c5-4b10-bb30-cf5a4e8dd0cb.png","contentUrl":"https:\/\/velarogverkfaeri.is\/wp-content\/uploads\/2025\/08\/cd101961-93c5-4b10-bb30-cf5a4e8dd0cb.png","width":2048,"height":1175},{"@type":"BreadcrumbList","@id":"https:\/\/velarogverkfaeri.is\/verkfaeralausnir\/handverkfaeri\/klippur-og-skaeri\/product\/bahco-blikkklippa-vinstri-06mm-12mm\/#breadcrumb","itemListElement":[{"@type":"ListItem","position":1,"name":"Home","item":"https:\/\/velarogverkfaeri.is\/"},{"@type":"ListItem","position":2,"name":"Vefverslun","item":"https:\/\/velarogverkfaeri.is\/vefverslun\/"},{"@type":"ListItem","position":3,"name":"BAHCO Blikkklippa Vinstri 0,6mm 1,2mm"}]},{"@type":"WebSite","@id":"https:\/\/velarogverkfaeri.is\/en\/#website","url":"https:\/\/velarogverkfaeri.is\/en\/","name":"V\u00e9lar & Verkf\u00e6ri","description":"Umbo\u00f0s- og heildverslun fr\u00e1 \u00e1rinu 1919","publisher":{"@id":"https:\/\/velarogverkfaeri.is\/en\/#organization"},"potentialAction":[{"@type":"SearchAction","target":{"@type":"EntryPoint","urlTemplate":"https:\/\/velarogverkfaeri.is\/en\/?s={search_term_string}"},"query-input":{"@type":"PropertyValueSpecification","valueRequired":true,"valueName":"search_term_string"}}],"inLanguage":"en-US"},{"@type":"Organization","@id":"https:\/\/velarogverkfaeri.is\/en\/#organization","name":"V\u00e9lar & Verkf\u00e6ri","url":"https:\/\/velarogverkfaeri.is\/en\/","logo":{"@type":"ImageObject","inLanguage":"en-US","@id":"https:\/\/velarogverkfaeri.is\/en\/#\/schema\/logo\/image\/","url":"https:\/\/velarogverkfaeri.is\/wp-content\/uploads\/2021\/10\/vv_logo_350x100.png","contentUrl":"https:\/\/velarogverkfaeri.is\/wp-content\/uploads\/2021\/10\/vv_logo_350x100.png","width":350,"height":100,"caption":"V\u00e9lar & Verkf\u00e6ri"},"image":{"@id":"https:\/\/velarogverkfaeri.is\/en\/#\/schema\/logo\/image\/"},"sameAs":["https:\/\/www.facebook.com\/VelarOgVerkfaeri"]}]}},"_links":{"self":[{"href":"https:\/\/velarogverkfaeri.is\/en\/wp-json\/wp\/v2\/product\/72570","targetHints":{"allow":["GET"]}}],"collection":[{"href":"https:\/\/velarogverkfaeri.is\/en\/wp-json\/wp\/v2\/product"}],"about":[{"href":"https:\/\/velarogverkfaeri.is\/en\/wp-json\/wp\/v2\/types\/product"}],"replies":[{"embeddable":true,"href":"https:\/\/velarogverkfaeri.is\/en\/wp-json\/wp\/v2\/comments?post=72570"}],"wp:featuredmedia":[{"embeddable":true,"href":"https:\/\/velarogverkfaeri.is\/en\/wp-json\/wp\/v2\/media\/74774"}],"wp:attachment":[{"href":"https:\/\/velarogverkfaeri.is\/en\/wp-json\/wp\/v2\/media?parent=72570"}],"wp:term":[{"taxonomy":"product_brand","embeddable":true,"href":"https:\/\/velarogverkfaeri.is\/en\/wp-json\/wp\/v2\/product_brand?post=72570"},{"taxonomy":"product_cat","embeddable":true,"href":"https:\/\/velarogverkfaeri.is\/en\/wp-json\/wp\/v2\/product_cat?post=72570"},{"taxonomy":"product_tag","embeddable":true,"href":"https:\/\/velarogverkfaeri.is\/en\/wp-json\/wp\/v2\/product_tag?post=72570"}],"curies":[{"name":"wp","href":"https:\/\/api.w.org\/{rel}","templated":true}]}}