{"id":72453,"date":"2025-05-30T12:56:21","date_gmt":"2025-05-30T12:56:21","guid":{"rendered":"https:\/\/velarogverkfaeri.is\/?post_type=product&#038;p=72453"},"modified":"2026-02-17T01:01:16","modified_gmt":"2026-02-17T01:01:16","slug":"frost-handlaugartaeki-eldhustaeki-rydfr-burstad-f1989-basin-mixer-tap-1989","status":"publish","type":"product","link":"https:\/\/velarogverkfaeri.is\/en\/honnunarlausnir\/badherbergi\/hreinlaetistaeki-badherbergi\/product\/frost-handlaugartaeki-eldhustaeki-rydfr-burstad-f1989-basin-mixer-tap-1989\/","title":{"rendered":"FROST Handlaugart\u00e6ki\/Eldh\u00fast\u00e6ki Ry\u00f0fr bursta\u00f0 F1989 BASIN MIXER TAP 1989"},"content":{"rendered":"<p>ELDH\u00daSBL\u00d6NDUNART\u00c6KI\u00d0 1989 er fullkomin vi\u00f0b\u00f3t vi\u00f0 eldh\u00fasi\u00f0 \u00feitt. Einf\u00f6ld og gl\u00e6sileg h\u00f6nnunin fr\u00e1 B\u00f8nnelycke MDD fellur fullkomlega a\u00f0 v\u00f6rum \u00far NOVA2 l\u00ednunni fr\u00e1 FROST. ELDH\u00daSBL\u00d6NDUNART\u00c6KI\u00d0 1989 er eldh\u00faskrani me\u00f0 \u00fatdraganlegum st\u00fat og vatnssparandi loftbl\u00f6ndunart\u00e6ki. \u00dea\u00f0 b\u00fd\u00f0ur upp \u00e1 fram\u00farskarandi notagildi og er umhverfisv\u00e6nt. Blandarinn er me\u00f0 3\/8&#8243; sl\u00f6ngu og \u00fearf gat me\u00f0 34 mm \u00feverm\u00e1l fyrir uppsetningu. Allar v\u00f6rurnar eru \u00far ry\u00f0fr\u00edu st\u00e1li og eru sannkalla\u00f0ar g\u00e6\u00f0av\u00f6rur. Blandarinn er f\u00e1anlegur \u00ed n\u00edu Frost \u00e1fer\u00f0um og hentar \u00fev\u00ed hva\u00f0a eldh\u00fasi sem er.<\/p>","protected":false},"excerpt":{"rendered":"<p>Gl\u00e6silegt bl\u00f6ndunart\u00e6ki fr\u00e1 danska h\u00f6nnunarmerkinu FROST.<\/p>","protected":false},"featured_media":77525,"comment_status":"closed","ping_status":"closed","template":"","meta":[],"product_brand":[],"product_cat":[542,518,550],"product_tag":[1076,1012],"class_list":{"0":"post-72453","1":"product","2":"type-product","3":"status-publish","4":"has-post-thumbnail","6":"product_cat-badherbergi","7":"product_cat-honnunarlausnir","8":"product_cat-hreinlaetistaeki-badherbergi","9":"product_tag-burstadrydfritt","10":"product_tag-frost","12":"first","13":"instock","14":"taxable","15":"shipping-taxable","16":"purchasable","17":"product-type-simple"},"yoast_head":"<!-- This site is optimized with the Yoast SEO plugin v27.3 - https:\/\/yoast.com\/product\/yoast-seo-wordpress\/ -->\n<title>FROST Handlaugart\u00e6ki\/Eldh\u00fast\u00e6ki Ry\u00f0fr bursta\u00f0 F1989 BASIN MIXER TAP 1989 - V\u00e9lar &amp; Verkf\u00e6ri<\/title>\n<meta name=\"robots\" content=\"index, follow, max-snippet:-1, max-image-preview:large, max-video-preview:-1\" \/>\n<link rel=\"canonical\" href=\"https:\/\/velarogverkfaeri.is\/en\/lykillausnir\/badherbergi-lykillausnir\/hreinlaetistaeki-badherbergi-lykillausnir\/product\/frost-handlaugartaeki-eldhustaeki-rydfr-burstad-f1989-basin-mixer-tap-1989\/\" \/>\n<meta property=\"og:locale\" content=\"en_US\" \/>\n<meta property=\"og:type\" content=\"article\" \/>\n<meta property=\"og:title\" content=\"FROST Handlaugart\u00e6ki\/Eldh\u00fast\u00e6ki Ry\u00f0fr bursta\u00f0 F1989 BASIN MIXER TAP 1989 - V\u00e9lar &amp; Verkf\u00e6ri\" \/>\n<meta property=\"og:description\" content=\"Gl\u00e6silegt bl\u00f6ndunart\u00e6ki fr\u00e1 danska h\u00f6nnunarmerkinu FROST.\" \/>\n<meta property=\"og:url\" content=\"https:\/\/velarogverkfaeri.is\/en\/lykillausnir\/badherbergi-lykillausnir\/hreinlaetistaeki-badherbergi-lykillausnir\/product\/frost-handlaugartaeki-eldhustaeki-rydfr-burstad-f1989-basin-mixer-tap-1989\/\" \/>\n<meta property=\"og:site_name\" content=\"V\u00e9lar &amp; Verkf\u00e6ri\" \/>\n<meta property=\"article:publisher\" content=\"https:\/\/www.facebook.com\/VelarOgVerkfaeri\" \/>\n<meta property=\"article:modified_time\" content=\"2026-02-17T01:01:16+00:00\" \/>\n<meta name=\"twitter:card\" content=\"summary_large_image\" \/>\n<meta name=\"twitter:label1\" content=\"Est. reading time\" \/>\n\t<meta name=\"twitter:data1\" content=\"1 minute\" \/>\n<script type=\"application\/ld+json\" class=\"yoast-schema-graph\">{\"@context\":\"https:\\\/\\\/schema.org\",\"@graph\":[{\"@type\":\"WebPage\",\"@id\":\"https:\\\/\\\/velarogverkfaeri.is\\\/lykillausnir\\\/badherbergi-lykillausnir\\\/hreinlaetistaeki-badherbergi-lykillausnir\\\/product\\\/frost-handlaugartaeki-eldhustaeki-rydfr-burstad-f1989-basin-mixer-tap-1989\\\/\",\"url\":\"https:\\\/\\\/velarogverkfaeri.is\\\/lykillausnir\\\/badherbergi-lykillausnir\\\/hreinlaetistaeki-badherbergi-lykillausnir\\\/product\\\/frost-handlaugartaeki-eldhustaeki-rydfr-burstad-f1989-basin-mixer-tap-1989\\\/\",\"name\":\"FROST Handlaugart\u00e6ki\\\/Eldh\u00fast\u00e6ki Ry\u00f0fr bursta\u00f0 F1989 BASIN MIXER TAP 1989 - V\u00e9lar &amp; Verkf\u00e6ri\",\"isPartOf\":{\"@id\":\"https:\\\/\\\/velarogverkfaeri.is\\\/en\\\/#website\"},\"primaryImageOfPage\":{\"@id\":\"https:\\\/\\\/velarogverkfaeri.is\\\/lykillausnir\\\/badherbergi-lykillausnir\\\/hreinlaetistaeki-badherbergi-lykillausnir\\\/product\\\/frost-handlaugartaeki-eldhustaeki-rydfr-burstad-f1989-basin-mixer-tap-1989\\\/#primaryimage\"},\"image\":{\"@id\":\"https:\\\/\\\/velarogverkfaeri.is\\\/lykillausnir\\\/badherbergi-lykillausnir\\\/hreinlaetistaeki-badherbergi-lykillausnir\\\/product\\\/frost-handlaugartaeki-eldhustaeki-rydfr-burstad-f1989-basin-mixer-tap-1989\\\/#primaryimage\"},\"thumbnailUrl\":\"https:\\\/\\\/velarogverkfaeri.is\\\/wp-content\\\/uploads\\\/2025\\\/11\\\/7ca0d6d1-257b-4c74-94ef-6900caecd06e-scaled.jpg\",\"datePublished\":\"2025-05-30T12:56:21+00:00\",\"dateModified\":\"2026-02-17T01:01:16+00:00\",\"breadcrumb\":{\"@id\":\"https:\\\/\\\/velarogverkfaeri.is\\\/lykillausnir\\\/badherbergi-lykillausnir\\\/hreinlaetistaeki-badherbergi-lykillausnir\\\/product\\\/frost-handlaugartaeki-eldhustaeki-rydfr-burstad-f1989-basin-mixer-tap-1989\\\/#breadcrumb\"},\"inLanguage\":\"en-US\",\"potentialAction\":[{\"@type\":\"ReadAction\",\"target\":[\"https:\\\/\\\/velarogverkfaeri.is\\\/lykillausnir\\\/badherbergi-lykillausnir\\\/hreinlaetistaeki-badherbergi-lykillausnir\\\/product\\\/frost-handlaugartaeki-eldhustaeki-rydfr-burstad-f1989-basin-mixer-tap-1989\\\/\"]}]},{\"@type\":\"ImageObject\",\"inLanguage\":\"en-US\",\"@id\":\"https:\\\/\\\/velarogverkfaeri.is\\\/lykillausnir\\\/badherbergi-lykillausnir\\\/hreinlaetistaeki-badherbergi-lykillausnir\\\/product\\\/frost-handlaugartaeki-eldhustaeki-rydfr-burstad-f1989-basin-mixer-tap-1989\\\/#primaryimage\",\"url\":\"https:\\\/\\\/velarogverkfaeri.is\\\/wp-content\\\/uploads\\\/2025\\\/11\\\/7ca0d6d1-257b-4c74-94ef-6900caecd06e-scaled.jpg\",\"contentUrl\":\"https:\\\/\\\/velarogverkfaeri.is\\\/wp-content\\\/uploads\\\/2025\\\/11\\\/7ca0d6d1-257b-4c74-94ef-6900caecd06e-scaled.jpg\",\"width\":2417,\"height\":2560},{\"@type\":\"BreadcrumbList\",\"@id\":\"https:\\\/\\\/velarogverkfaeri.is\\\/lykillausnir\\\/badherbergi-lykillausnir\\\/hreinlaetistaeki-badherbergi-lykillausnir\\\/product\\\/frost-handlaugartaeki-eldhustaeki-rydfr-burstad-f1989-basin-mixer-tap-1989\\\/#breadcrumb\",\"itemListElement\":[{\"@type\":\"ListItem\",\"position\":1,\"name\":\"Home\",\"item\":\"https:\\\/\\\/velarogverkfaeri.is\\\/\"},{\"@type\":\"ListItem\",\"position\":2,\"name\":\"Vefverslun\",\"item\":\"https:\\\/\\\/velarogverkfaeri.is\\\/vefverslun\\\/\"},{\"@type\":\"ListItem\",\"position\":3,\"name\":\"FROST Handlaugart\u00e6ki\\\/Eldh\u00fast\u00e6ki Ry\u00f0fr bursta\u00f0 F1989 BASIN MIXER TAP 1989\"}]},{\"@type\":\"WebSite\",\"@id\":\"https:\\\/\\\/velarogverkfaeri.is\\\/en\\\/#website\",\"url\":\"https:\\\/\\\/velarogverkfaeri.is\\\/en\\\/\",\"name\":\"V\u00e9lar & Verkf\u00e6ri\",\"description\":\"Umbo\u00f0s- og heildverslun fr\u00e1 \u00e1rinu 1919\",\"publisher\":{\"@id\":\"https:\\\/\\\/velarogverkfaeri.is\\\/en\\\/#organization\"},\"potentialAction\":[{\"@type\":\"SearchAction\",\"target\":{\"@type\":\"EntryPoint\",\"urlTemplate\":\"https:\\\/\\\/velarogverkfaeri.is\\\/en\\\/?s={search_term_string}\"},\"query-input\":{\"@type\":\"PropertyValueSpecification\",\"valueRequired\":true,\"valueName\":\"search_term_string\"}}],\"inLanguage\":\"en-US\"},{\"@type\":\"Organization\",\"@id\":\"https:\\\/\\\/velarogverkfaeri.is\\\/en\\\/#organization\",\"name\":\"V\u00e9lar & Verkf\u00e6ri\",\"url\":\"https:\\\/\\\/velarogverkfaeri.is\\\/en\\\/\",\"logo\":{\"@type\":\"ImageObject\",\"inLanguage\":\"en-US\",\"@id\":\"https:\\\/\\\/velarogverkfaeri.is\\\/en\\\/#\\\/schema\\\/logo\\\/image\\\/\",\"url\":\"https:\\\/\\\/velarogverkfaeri.is\\\/wp-content\\\/uploads\\\/2021\\\/10\\\/vv_logo_350x100.png\",\"contentUrl\":\"https:\\\/\\\/velarogverkfaeri.is\\\/wp-content\\\/uploads\\\/2021\\\/10\\\/vv_logo_350x100.png\",\"width\":350,\"height\":100,\"caption\":\"V\u00e9lar & Verkf\u00e6ri\"},\"image\":{\"@id\":\"https:\\\/\\\/velarogverkfaeri.is\\\/en\\\/#\\\/schema\\\/logo\\\/image\\\/\"},\"sameAs\":[\"https:\\\/\\\/www.facebook.com\\\/VelarOgVerkfaeri\"]}]}<\/script>\n<!-- \/ Yoast SEO plugin. -->","yoast_head_json":{"title":"FROST Handlaugart\u00e6ki\/Eldh\u00fast\u00e6ki Ry\u00f0fr bursta\u00f0 F1989 BASIN MIXER TAP 1989 - V\u00e9lar &amp; Verkf\u00e6ri","robots":{"index":"index","follow":"follow","max-snippet":"max-snippet:-1","max-image-preview":"max-image-preview:large","max-video-preview":"max-video-preview:-1"},"canonical":"https:\/\/velarogverkfaeri.is\/en\/lykillausnir\/badherbergi-lykillausnir\/hreinlaetistaeki-badherbergi-lykillausnir\/product\/frost-handlaugartaeki-eldhustaeki-rydfr-burstad-f1989-basin-mixer-tap-1989\/","og_locale":"en_US","og_type":"article","og_title":"FROST Handlaugart\u00e6ki\/Eldh\u00fast\u00e6ki Ry\u00f0fr bursta\u00f0 F1989 BASIN MIXER TAP 1989 - V\u00e9lar &amp; Verkf\u00e6ri","og_description":"Gl\u00e6silegt bl\u00f6ndunart\u00e6ki fr\u00e1 danska h\u00f6nnunarmerkinu FROST.","og_url":"https:\/\/velarogverkfaeri.is\/en\/lykillausnir\/badherbergi-lykillausnir\/hreinlaetistaeki-badherbergi-lykillausnir\/product\/frost-handlaugartaeki-eldhustaeki-rydfr-burstad-f1989-basin-mixer-tap-1989\/","og_site_name":"V\u00e9lar &amp; Verkf\u00e6ri","article_publisher":"https:\/\/www.facebook.com\/VelarOgVerkfaeri","article_modified_time":"2026-02-17T01:01:16+00:00","twitter_card":"summary_large_image","twitter_misc":{"Est. reading time":"1 minute"},"schema":{"@context":"https:\/\/schema.org","@graph":[{"@type":"WebPage","@id":"https:\/\/velarogverkfaeri.is\/lykillausnir\/badherbergi-lykillausnir\/hreinlaetistaeki-badherbergi-lykillausnir\/product\/frost-handlaugartaeki-eldhustaeki-rydfr-burstad-f1989-basin-mixer-tap-1989\/","url":"https:\/\/velarogverkfaeri.is\/lykillausnir\/badherbergi-lykillausnir\/hreinlaetistaeki-badherbergi-lykillausnir\/product\/frost-handlaugartaeki-eldhustaeki-rydfr-burstad-f1989-basin-mixer-tap-1989\/","name":"FROST Handlaugart\u00e6ki\/Eldh\u00fast\u00e6ki Ry\u00f0fr bursta\u00f0 F1989 BASIN MIXER TAP 1989 - V\u00e9lar &amp; Verkf\u00e6ri","isPartOf":{"@id":"https:\/\/velarogverkfaeri.is\/en\/#website"},"primaryImageOfPage":{"@id":"https:\/\/velarogverkfaeri.is\/lykillausnir\/badherbergi-lykillausnir\/hreinlaetistaeki-badherbergi-lykillausnir\/product\/frost-handlaugartaeki-eldhustaeki-rydfr-burstad-f1989-basin-mixer-tap-1989\/#primaryimage"},"image":{"@id":"https:\/\/velarogverkfaeri.is\/lykillausnir\/badherbergi-lykillausnir\/hreinlaetistaeki-badherbergi-lykillausnir\/product\/frost-handlaugartaeki-eldhustaeki-rydfr-burstad-f1989-basin-mixer-tap-1989\/#primaryimage"},"thumbnailUrl":"https:\/\/velarogverkfaeri.is\/wp-content\/uploads\/2025\/11\/7ca0d6d1-257b-4c74-94ef-6900caecd06e-scaled.jpg","datePublished":"2025-05-30T12:56:21+00:00","dateModified":"2026-02-17T01:01:16+00:00","breadcrumb":{"@id":"https:\/\/velarogverkfaeri.is\/lykillausnir\/badherbergi-lykillausnir\/hreinlaetistaeki-badherbergi-lykillausnir\/product\/frost-handlaugartaeki-eldhustaeki-rydfr-burstad-f1989-basin-mixer-tap-1989\/#breadcrumb"},"inLanguage":"en-US","potentialAction":[{"@type":"ReadAction","target":["https:\/\/velarogverkfaeri.is\/lykillausnir\/badherbergi-lykillausnir\/hreinlaetistaeki-badherbergi-lykillausnir\/product\/frost-handlaugartaeki-eldhustaeki-rydfr-burstad-f1989-basin-mixer-tap-1989\/"]}]},{"@type":"ImageObject","inLanguage":"en-US","@id":"https:\/\/velarogverkfaeri.is\/lykillausnir\/badherbergi-lykillausnir\/hreinlaetistaeki-badherbergi-lykillausnir\/product\/frost-handlaugartaeki-eldhustaeki-rydfr-burstad-f1989-basin-mixer-tap-1989\/#primaryimage","url":"https:\/\/velarogverkfaeri.is\/wp-content\/uploads\/2025\/11\/7ca0d6d1-257b-4c74-94ef-6900caecd06e-scaled.jpg","contentUrl":"https:\/\/velarogverkfaeri.is\/wp-content\/uploads\/2025\/11\/7ca0d6d1-257b-4c74-94ef-6900caecd06e-scaled.jpg","width":2417,"height":2560},{"@type":"BreadcrumbList","@id":"https:\/\/velarogverkfaeri.is\/lykillausnir\/badherbergi-lykillausnir\/hreinlaetistaeki-badherbergi-lykillausnir\/product\/frost-handlaugartaeki-eldhustaeki-rydfr-burstad-f1989-basin-mixer-tap-1989\/#breadcrumb","itemListElement":[{"@type":"ListItem","position":1,"name":"Home","item":"https:\/\/velarogverkfaeri.is\/"},{"@type":"ListItem","position":2,"name":"Vefverslun","item":"https:\/\/velarogverkfaeri.is\/vefverslun\/"},{"@type":"ListItem","position":3,"name":"FROST Handlaugart\u00e6ki\/Eldh\u00fast\u00e6ki Ry\u00f0fr bursta\u00f0 F1989 BASIN MIXER TAP 1989"}]},{"@type":"WebSite","@id":"https:\/\/velarogverkfaeri.is\/en\/#website","url":"https:\/\/velarogverkfaeri.is\/en\/","name":"V\u00e9lar & Verkf\u00e6ri","description":"Umbo\u00f0s- og heildverslun fr\u00e1 \u00e1rinu 1919","publisher":{"@id":"https:\/\/velarogverkfaeri.is\/en\/#organization"},"potentialAction":[{"@type":"SearchAction","target":{"@type":"EntryPoint","urlTemplate":"https:\/\/velarogverkfaeri.is\/en\/?s={search_term_string}"},"query-input":{"@type":"PropertyValueSpecification","valueRequired":true,"valueName":"search_term_string"}}],"inLanguage":"en-US"},{"@type":"Organization","@id":"https:\/\/velarogverkfaeri.is\/en\/#organization","name":"V\u00e9lar & Verkf\u00e6ri","url":"https:\/\/velarogverkfaeri.is\/en\/","logo":{"@type":"ImageObject","inLanguage":"en-US","@id":"https:\/\/velarogverkfaeri.is\/en\/#\/schema\/logo\/image\/","url":"https:\/\/velarogverkfaeri.is\/wp-content\/uploads\/2021\/10\/vv_logo_350x100.png","contentUrl":"https:\/\/velarogverkfaeri.is\/wp-content\/uploads\/2021\/10\/vv_logo_350x100.png","width":350,"height":100,"caption":"V\u00e9lar & Verkf\u00e6ri"},"image":{"@id":"https:\/\/velarogverkfaeri.is\/en\/#\/schema\/logo\/image\/"},"sameAs":["https:\/\/www.facebook.com\/VelarOgVerkfaeri"]}]}},"_links":{"self":[{"href":"https:\/\/velarogverkfaeri.is\/en\/wp-json\/wp\/v2\/product\/72453","targetHints":{"allow":["GET"]}}],"collection":[{"href":"https:\/\/velarogverkfaeri.is\/en\/wp-json\/wp\/v2\/product"}],"about":[{"href":"https:\/\/velarogverkfaeri.is\/en\/wp-json\/wp\/v2\/types\/product"}],"replies":[{"embeddable":true,"href":"https:\/\/velarogverkfaeri.is\/en\/wp-json\/wp\/v2\/comments?post=72453"}],"wp:featuredmedia":[{"embeddable":true,"href":"https:\/\/velarogverkfaeri.is\/en\/wp-json\/wp\/v2\/media\/77525"}],"wp:attachment":[{"href":"https:\/\/velarogverkfaeri.is\/en\/wp-json\/wp\/v2\/media?parent=72453"}],"wp:term":[{"taxonomy":"product_brand","embeddable":true,"href":"https:\/\/velarogverkfaeri.is\/en\/wp-json\/wp\/v2\/product_brand?post=72453"},{"taxonomy":"product_cat","embeddable":true,"href":"https:\/\/velarogverkfaeri.is\/en\/wp-json\/wp\/v2\/product_cat?post=72453"},{"taxonomy":"product_tag","embeddable":true,"href":"https:\/\/velarogverkfaeri.is\/en\/wp-json\/wp\/v2\/product_tag?post=72453"}],"curies":[{"name":"wp","href":"https:\/\/api.w.org\/{rel}","templated":true}]}}