{"id":72442,"date":"2025-05-30T11:56:27","date_gmt":"2025-05-30T11:56:27","guid":{"rendered":"https:\/\/velarogverkfaeri.is\/?post_type=product&#038;p=72442"},"modified":"2026-02-18T01:02:38","modified_gmt":"2026-02-18T01:02:38","slug":"frost-handlaugartaeki-eldhustaeki-f1993-rydfritt-burstad-basin-mixer-tap-1993","status":"publish","type":"product","link":"https:\/\/velarogverkfaeri.is\/en\/honnunarlausnir\/heimilid\/eldhus\/blondunartaeki-eldhus\/product\/frost-handlaugartaeki-eldhustaeki-f1993-rydfritt-burstad-basin-mixer-tap-1993\/","title":{"rendered":"FROST Handlaugart\u00e6ki\/Eldh\u00fast\u00e6ki F1993 Ry\u00f0fr\u00edtt bursta\u00f0 BASIN MIXER TAP 1993"},"content":{"rendered":"<p>HANDLAUGARB\u00d6NDUNART\u00c6KI\u00d0 1993 er fullkomin vi\u00f0b\u00f3t vi\u00f0 eldh\u00fas og ba\u00f0herbergi. Einf\u00f6ld og gl\u00e6sileg h\u00f6nnun B\u00f8nnelycke MDD fellur fullkomlega a\u00f0 v\u00f6rum \u00far NOVA2 l\u00ednunni og m\u00e1 einnig sameina \u00f6\u00f0rum v\u00f6rum fr\u00e1 Frost fyrir h\u00e1g\u00e6\u00f0a og samr\u00e6mda heildar\u00fatkomu. HANDLAUGARB\u00d6NDUNART\u00c6KI\u00d0 1993 er me\u00f0 fastan st\u00fat, 207 mm \u00e1 lengd, og vatnssparandi loftbl\u00f6ndunart\u00e6ki. \u00dea\u00f0 b\u00fd\u00f0ur upp \u00e1 fram\u00farskarandi notagildi og er umhverfisv\u00e6nt. Blandarinn er me\u00f0 3\/8&#8243; sl\u00f6ngu og \u00fearf gat me\u00f0 34 mm \u00feverm\u00e1l fyrir uppsetningu. Allar v\u00f6rurnar eru \u00far ry\u00f0fr\u00edu st\u00e1li og eru sannkalla\u00f0ar g\u00e6\u00f0av\u00f6rur. Blandarinn er f\u00e1anlegur \u00ed n\u00edu Frost \u00e1fer\u00f0um og hentar \u00fev\u00ed fullkomlega \u00ed hva\u00f0a eldh\u00fas e\u00f0a ba\u00f0herbergi sem er.<\/p>","protected":false},"excerpt":{"rendered":"<p>Gl\u00e6silegt bl\u00f6ndunart\u00e6ki fr\u00e1 FROST fyrir eldh\u00fasi\u00f0.<\/p>","protected":false},"featured_media":77524,"comment_status":"closed","ping_status":"closed","template":"","meta":[],"product_brand":[],"product_cat":[1057,565,544,518],"product_tag":[],"class_list":{"0":"post-72442","1":"product","2":"type-product","3":"status-publish","4":"has-post-thumbnail","6":"product_cat-blondunartaeki-eldhus","7":"product_cat-eldhus","8":"product_cat-heimilid","9":"product_cat-honnunarlausnir","11":"first","12":"instock","13":"taxable","14":"shipping-taxable","15":"purchasable","16":"product-type-simple"},"yoast_head":"<!-- This site is optimized with the Yoast SEO plugin v27.3 - https:\/\/yoast.com\/product\/yoast-seo-wordpress\/ -->\n<title>FROST Handlaugart\u00e6ki\/Eldh\u00fast\u00e6ki F1993 Ry\u00f0fr\u00edtt bursta\u00f0 BASIN MIXER TAP 1993 - V\u00e9lar &amp; Verkf\u00e6ri<\/title>\n<meta name=\"robots\" content=\"index, follow, max-snippet:-1, max-image-preview:large, max-video-preview:-1\" \/>\n<link rel=\"canonical\" href=\"https:\/\/velarogverkfaeri.is\/en\/uncategorized\/product\/frost-handlaugartaeki-eldhustaeki-f1993-rydfritt-burstad-basin-mixer-tap-1993\/\" \/>\n<meta property=\"og:locale\" content=\"en_US\" \/>\n<meta property=\"og:type\" content=\"article\" \/>\n<meta property=\"og:title\" content=\"FROST Handlaugart\u00e6ki\/Eldh\u00fast\u00e6ki F1993 Ry\u00f0fr\u00edtt bursta\u00f0 BASIN MIXER TAP 1993 - V\u00e9lar &amp; Verkf\u00e6ri\" \/>\n<meta property=\"og:description\" content=\"Gl\u00e6silegt bl\u00f6ndunart\u00e6ki fr\u00e1 FROST fyrir eldh\u00fasi\u00f0.\" \/>\n<meta property=\"og:url\" content=\"https:\/\/velarogverkfaeri.is\/en\/uncategorized\/product\/frost-handlaugartaeki-eldhustaeki-f1993-rydfritt-burstad-basin-mixer-tap-1993\/\" \/>\n<meta property=\"og:site_name\" content=\"V\u00e9lar &amp; Verkf\u00e6ri\" \/>\n<meta property=\"article:publisher\" content=\"https:\/\/www.facebook.com\/VelarOgVerkfaeri\" \/>\n<meta property=\"article:modified_time\" content=\"2026-02-18T01:02:38+00:00\" \/>\n<meta name=\"twitter:card\" content=\"summary_large_image\" \/>\n<meta name=\"twitter:label1\" content=\"Est. reading time\" \/>\n\t<meta name=\"twitter:data1\" content=\"1 minute\" \/>\n<script type=\"application\/ld+json\" class=\"yoast-schema-graph\">{\"@context\":\"https:\\\/\\\/schema.org\",\"@graph\":[{\"@type\":\"WebPage\",\"@id\":\"https:\\\/\\\/velarogverkfaeri.is\\\/uncategorized\\\/product\\\/frost-handlaugartaeki-eldhustaeki-f1993-rydfritt-burstad-basin-mixer-tap-1993\\\/\",\"url\":\"https:\\\/\\\/velarogverkfaeri.is\\\/uncategorized\\\/product\\\/frost-handlaugartaeki-eldhustaeki-f1993-rydfritt-burstad-basin-mixer-tap-1993\\\/\",\"name\":\"FROST Handlaugart\u00e6ki\\\/Eldh\u00fast\u00e6ki F1993 Ry\u00f0fr\u00edtt bursta\u00f0 BASIN MIXER TAP 1993 - V\u00e9lar &amp; Verkf\u00e6ri\",\"isPartOf\":{\"@id\":\"https:\\\/\\\/velarogverkfaeri.is\\\/en\\\/#website\"},\"primaryImageOfPage\":{\"@id\":\"https:\\\/\\\/velarogverkfaeri.is\\\/uncategorized\\\/product\\\/frost-handlaugartaeki-eldhustaeki-f1993-rydfritt-burstad-basin-mixer-tap-1993\\\/#primaryimage\"},\"image\":{\"@id\":\"https:\\\/\\\/velarogverkfaeri.is\\\/uncategorized\\\/product\\\/frost-handlaugartaeki-eldhustaeki-f1993-rydfritt-burstad-basin-mixer-tap-1993\\\/#primaryimage\"},\"thumbnailUrl\":\"https:\\\/\\\/velarogverkfaeri.is\\\/wp-content\\\/uploads\\\/2025\\\/11\\\/ab0e1c40-233b-4542-a4da-87fa1dc803fc.jpg\",\"datePublished\":\"2025-05-30T11:56:27+00:00\",\"dateModified\":\"2026-02-18T01:02:38+00:00\",\"breadcrumb\":{\"@id\":\"https:\\\/\\\/velarogverkfaeri.is\\\/uncategorized\\\/product\\\/frost-handlaugartaeki-eldhustaeki-f1993-rydfritt-burstad-basin-mixer-tap-1993\\\/#breadcrumb\"},\"inLanguage\":\"en-US\",\"potentialAction\":[{\"@type\":\"ReadAction\",\"target\":[\"https:\\\/\\\/velarogverkfaeri.is\\\/uncategorized\\\/product\\\/frost-handlaugartaeki-eldhustaeki-f1993-rydfritt-burstad-basin-mixer-tap-1993\\\/\"]}]},{\"@type\":\"ImageObject\",\"inLanguage\":\"en-US\",\"@id\":\"https:\\\/\\\/velarogverkfaeri.is\\\/uncategorized\\\/product\\\/frost-handlaugartaeki-eldhustaeki-f1993-rydfritt-burstad-basin-mixer-tap-1993\\\/#primaryimage\",\"url\":\"https:\\\/\\\/velarogverkfaeri.is\\\/wp-content\\\/uploads\\\/2025\\\/11\\\/ab0e1c40-233b-4542-a4da-87fa1dc803fc.jpg\",\"contentUrl\":\"https:\\\/\\\/velarogverkfaeri.is\\\/wp-content\\\/uploads\\\/2025\\\/11\\\/ab0e1c40-233b-4542-a4da-87fa1dc803fc.jpg\",\"width\":650,\"height\":650},{\"@type\":\"BreadcrumbList\",\"@id\":\"https:\\\/\\\/velarogverkfaeri.is\\\/uncategorized\\\/product\\\/frost-handlaugartaeki-eldhustaeki-f1993-rydfritt-burstad-basin-mixer-tap-1993\\\/#breadcrumb\",\"itemListElement\":[{\"@type\":\"ListItem\",\"position\":1,\"name\":\"Home\",\"item\":\"https:\\\/\\\/velarogverkfaeri.is\\\/\"},{\"@type\":\"ListItem\",\"position\":2,\"name\":\"Vefverslun\",\"item\":\"https:\\\/\\\/velarogverkfaeri.is\\\/vefverslun\\\/\"},{\"@type\":\"ListItem\",\"position\":3,\"name\":\"FROST Handlaugart\u00e6ki\\\/Eldh\u00fast\u00e6ki F1993 Ry\u00f0fr\u00edtt bursta\u00f0 BASIN MIXER TAP 1993\"}]},{\"@type\":\"WebSite\",\"@id\":\"https:\\\/\\\/velarogverkfaeri.is\\\/en\\\/#website\",\"url\":\"https:\\\/\\\/velarogverkfaeri.is\\\/en\\\/\",\"name\":\"V\u00e9lar & Verkf\u00e6ri\",\"description\":\"Umbo\u00f0s- og heildverslun fr\u00e1 \u00e1rinu 1919\",\"publisher\":{\"@id\":\"https:\\\/\\\/velarogverkfaeri.is\\\/en\\\/#organization\"},\"potentialAction\":[{\"@type\":\"SearchAction\",\"target\":{\"@type\":\"EntryPoint\",\"urlTemplate\":\"https:\\\/\\\/velarogverkfaeri.is\\\/en\\\/?s={search_term_string}\"},\"query-input\":{\"@type\":\"PropertyValueSpecification\",\"valueRequired\":true,\"valueName\":\"search_term_string\"}}],\"inLanguage\":\"en-US\"},{\"@type\":\"Organization\",\"@id\":\"https:\\\/\\\/velarogverkfaeri.is\\\/en\\\/#organization\",\"name\":\"V\u00e9lar & Verkf\u00e6ri\",\"url\":\"https:\\\/\\\/velarogverkfaeri.is\\\/en\\\/\",\"logo\":{\"@type\":\"ImageObject\",\"inLanguage\":\"en-US\",\"@id\":\"https:\\\/\\\/velarogverkfaeri.is\\\/en\\\/#\\\/schema\\\/logo\\\/image\\\/\",\"url\":\"https:\\\/\\\/velarogverkfaeri.is\\\/wp-content\\\/uploads\\\/2021\\\/10\\\/vv_logo_350x100.png\",\"contentUrl\":\"https:\\\/\\\/velarogverkfaeri.is\\\/wp-content\\\/uploads\\\/2021\\\/10\\\/vv_logo_350x100.png\",\"width\":350,\"height\":100,\"caption\":\"V\u00e9lar & Verkf\u00e6ri\"},\"image\":{\"@id\":\"https:\\\/\\\/velarogverkfaeri.is\\\/en\\\/#\\\/schema\\\/logo\\\/image\\\/\"},\"sameAs\":[\"https:\\\/\\\/www.facebook.com\\\/VelarOgVerkfaeri\"]}]}<\/script>\n<!-- \/ Yoast SEO plugin. -->","yoast_head_json":{"title":"FROST Handlaugart\u00e6ki\/Eldh\u00fast\u00e6ki F1993 Ry\u00f0fr\u00edtt bursta\u00f0 BASIN MIXER TAP 1993 - V\u00e9lar &amp; Verkf\u00e6ri","robots":{"index":"index","follow":"follow","max-snippet":"max-snippet:-1","max-image-preview":"max-image-preview:large","max-video-preview":"max-video-preview:-1"},"canonical":"https:\/\/velarogverkfaeri.is\/en\/uncategorized\/product\/frost-handlaugartaeki-eldhustaeki-f1993-rydfritt-burstad-basin-mixer-tap-1993\/","og_locale":"en_US","og_type":"article","og_title":"FROST Handlaugart\u00e6ki\/Eldh\u00fast\u00e6ki F1993 Ry\u00f0fr\u00edtt bursta\u00f0 BASIN MIXER TAP 1993 - V\u00e9lar &amp; Verkf\u00e6ri","og_description":"Gl\u00e6silegt bl\u00f6ndunart\u00e6ki fr\u00e1 FROST fyrir eldh\u00fasi\u00f0.","og_url":"https:\/\/velarogverkfaeri.is\/en\/uncategorized\/product\/frost-handlaugartaeki-eldhustaeki-f1993-rydfritt-burstad-basin-mixer-tap-1993\/","og_site_name":"V\u00e9lar &amp; Verkf\u00e6ri","article_publisher":"https:\/\/www.facebook.com\/VelarOgVerkfaeri","article_modified_time":"2026-02-18T01:02:38+00:00","twitter_card":"summary_large_image","twitter_misc":{"Est. reading time":"1 minute"},"schema":{"@context":"https:\/\/schema.org","@graph":[{"@type":"WebPage","@id":"https:\/\/velarogverkfaeri.is\/uncategorized\/product\/frost-handlaugartaeki-eldhustaeki-f1993-rydfritt-burstad-basin-mixer-tap-1993\/","url":"https:\/\/velarogverkfaeri.is\/uncategorized\/product\/frost-handlaugartaeki-eldhustaeki-f1993-rydfritt-burstad-basin-mixer-tap-1993\/","name":"FROST Handlaugart\u00e6ki\/Eldh\u00fast\u00e6ki F1993 Ry\u00f0fr\u00edtt bursta\u00f0 BASIN MIXER TAP 1993 - V\u00e9lar &amp; Verkf\u00e6ri","isPartOf":{"@id":"https:\/\/velarogverkfaeri.is\/en\/#website"},"primaryImageOfPage":{"@id":"https:\/\/velarogverkfaeri.is\/uncategorized\/product\/frost-handlaugartaeki-eldhustaeki-f1993-rydfritt-burstad-basin-mixer-tap-1993\/#primaryimage"},"image":{"@id":"https:\/\/velarogverkfaeri.is\/uncategorized\/product\/frost-handlaugartaeki-eldhustaeki-f1993-rydfritt-burstad-basin-mixer-tap-1993\/#primaryimage"},"thumbnailUrl":"https:\/\/velarogverkfaeri.is\/wp-content\/uploads\/2025\/11\/ab0e1c40-233b-4542-a4da-87fa1dc803fc.jpg","datePublished":"2025-05-30T11:56:27+00:00","dateModified":"2026-02-18T01:02:38+00:00","breadcrumb":{"@id":"https:\/\/velarogverkfaeri.is\/uncategorized\/product\/frost-handlaugartaeki-eldhustaeki-f1993-rydfritt-burstad-basin-mixer-tap-1993\/#breadcrumb"},"inLanguage":"en-US","potentialAction":[{"@type":"ReadAction","target":["https:\/\/velarogverkfaeri.is\/uncategorized\/product\/frost-handlaugartaeki-eldhustaeki-f1993-rydfritt-burstad-basin-mixer-tap-1993\/"]}]},{"@type":"ImageObject","inLanguage":"en-US","@id":"https:\/\/velarogverkfaeri.is\/uncategorized\/product\/frost-handlaugartaeki-eldhustaeki-f1993-rydfritt-burstad-basin-mixer-tap-1993\/#primaryimage","url":"https:\/\/velarogverkfaeri.is\/wp-content\/uploads\/2025\/11\/ab0e1c40-233b-4542-a4da-87fa1dc803fc.jpg","contentUrl":"https:\/\/velarogverkfaeri.is\/wp-content\/uploads\/2025\/11\/ab0e1c40-233b-4542-a4da-87fa1dc803fc.jpg","width":650,"height":650},{"@type":"BreadcrumbList","@id":"https:\/\/velarogverkfaeri.is\/uncategorized\/product\/frost-handlaugartaeki-eldhustaeki-f1993-rydfritt-burstad-basin-mixer-tap-1993\/#breadcrumb","itemListElement":[{"@type":"ListItem","position":1,"name":"Home","item":"https:\/\/velarogverkfaeri.is\/"},{"@type":"ListItem","position":2,"name":"Vefverslun","item":"https:\/\/velarogverkfaeri.is\/vefverslun\/"},{"@type":"ListItem","position":3,"name":"FROST Handlaugart\u00e6ki\/Eldh\u00fast\u00e6ki F1993 Ry\u00f0fr\u00edtt bursta\u00f0 BASIN MIXER TAP 1993"}]},{"@type":"WebSite","@id":"https:\/\/velarogverkfaeri.is\/en\/#website","url":"https:\/\/velarogverkfaeri.is\/en\/","name":"V\u00e9lar & Verkf\u00e6ri","description":"Umbo\u00f0s- og heildverslun fr\u00e1 \u00e1rinu 1919","publisher":{"@id":"https:\/\/velarogverkfaeri.is\/en\/#organization"},"potentialAction":[{"@type":"SearchAction","target":{"@type":"EntryPoint","urlTemplate":"https:\/\/velarogverkfaeri.is\/en\/?s={search_term_string}"},"query-input":{"@type":"PropertyValueSpecification","valueRequired":true,"valueName":"search_term_string"}}],"inLanguage":"en-US"},{"@type":"Organization","@id":"https:\/\/velarogverkfaeri.is\/en\/#organization","name":"V\u00e9lar & Verkf\u00e6ri","url":"https:\/\/velarogverkfaeri.is\/en\/","logo":{"@type":"ImageObject","inLanguage":"en-US","@id":"https:\/\/velarogverkfaeri.is\/en\/#\/schema\/logo\/image\/","url":"https:\/\/velarogverkfaeri.is\/wp-content\/uploads\/2021\/10\/vv_logo_350x100.png","contentUrl":"https:\/\/velarogverkfaeri.is\/wp-content\/uploads\/2021\/10\/vv_logo_350x100.png","width":350,"height":100,"caption":"V\u00e9lar & Verkf\u00e6ri"},"image":{"@id":"https:\/\/velarogverkfaeri.is\/en\/#\/schema\/logo\/image\/"},"sameAs":["https:\/\/www.facebook.com\/VelarOgVerkfaeri"]}]}},"_links":{"self":[{"href":"https:\/\/velarogverkfaeri.is\/en\/wp-json\/wp\/v2\/product\/72442","targetHints":{"allow":["GET"]}}],"collection":[{"href":"https:\/\/velarogverkfaeri.is\/en\/wp-json\/wp\/v2\/product"}],"about":[{"href":"https:\/\/velarogverkfaeri.is\/en\/wp-json\/wp\/v2\/types\/product"}],"replies":[{"embeddable":true,"href":"https:\/\/velarogverkfaeri.is\/en\/wp-json\/wp\/v2\/comments?post=72442"}],"wp:featuredmedia":[{"embeddable":true,"href":"https:\/\/velarogverkfaeri.is\/en\/wp-json\/wp\/v2\/media\/77524"}],"wp:attachment":[{"href":"https:\/\/velarogverkfaeri.is\/en\/wp-json\/wp\/v2\/media?parent=72442"}],"wp:term":[{"taxonomy":"product_brand","embeddable":true,"href":"https:\/\/velarogverkfaeri.is\/en\/wp-json\/wp\/v2\/product_brand?post=72442"},{"taxonomy":"product_cat","embeddable":true,"href":"https:\/\/velarogverkfaeri.is\/en\/wp-json\/wp\/v2\/product_cat?post=72442"},{"taxonomy":"product_tag","embeddable":true,"href":"https:\/\/velarogverkfaeri.is\/en\/wp-json\/wp\/v2\/product_tag?post=72442"}],"curies":[{"name":"wp","href":"https:\/\/api.w.org\/{rel}","templated":true}]}}