{"id":72374,"date":"2025-05-27T12:26:21","date_gmt":"2025-05-27T12:26:21","guid":{"rendered":"https:\/\/velarogverkfaeri.is\/?post_type=product&#038;p=72374"},"modified":"2026-02-25T08:46:21","modified_gmt":"2026-02-25T08:46:21","slug":"bgs-smurolia-100ml","status":"publish","type":"product","link":"https:\/\/velarogverkfaeri.is\/en\/verkfaeralausnir\/efnavorur-verkfaeralausnir\/smurefni-efnavorur-verkfaeralausnir\/product\/bgs-smurolia-100ml\/","title":{"rendered":"BGS Smurol\u00eda 100ml"},"content":{"rendered":"<p><img decoding=\"async\" src=\"data:image\/png;base64,iVBORw0KGgoAAAANSUhEUgAAAVgAAABNCAYAAADjAHzcAAAAAXNSR0IArs4c6QAAAARnQU1BAACxjwv8YQUAAAAJcEhZcwAADsMAAA7DAcdvqGQAABVMSURBVHhe7Z1\/aBtnmse\/ewRW4hKEaIoU2iMDLWflEqp1W2I3PrC4\/mG5OaJ1KJGbQm5I2ERu6RpzpHbzR074j8Zu6RpdSR0XNshhm1ql1FXZrOUFwwSa1i5NVYe0lo\/mbso2RCIbtCJZrELK3PvOjOSRLI3kH+PEzfOBN9E772jmfZ\/3fR+9z6uxvr9YWFhQQBAEQaw5\/6D\/TxAEQawx5GAJgiAsghwsQRCERZCDJQiCsAhysARBEBZBDpYgCMIiyMESBEFYBDlYgiAIiyAHSxAEYRHkYAmCICyCHCxBEIRFkIMlCIKwCHKwBEEQFkEOliAIwiLIwRIEQVgEOViCIAiLIAdLEARhEeRgCYIgLIIcLEEQhEWQgyUIgrCIdXWwuQtdELbYYT+S0I9YRQbRf7dD6J9lr2VEnrZDvFB+fJ24m0LkWSfs9kZErunHaiAPNa6DjYDEETsah2Q9V8YXfXBv6UQsp+fvOcZ+XAXXImi0i7DeuvWxXn1dwn3Xt\/ViPgZmXnXDHozhfmrWujpY6YMoGk+nsfB7v37EKlwQ\/7gA+aRXzxeodtxCrsURvXYM0u0kuh\/Tj20Edg8gfXsMQYeeJ34+\/Ez7tukN5ltiQdxPzVpHBytD\/gZwPPSAzdjv5pDaug2uTXqeIIgHhnVzsIkjO9DHHGzseTsLl\/UQLTeDSFBgeXZsixvNryaQu6ueDlwQYfdHkHinE8KWKuH19Ti6mnj4zd7v3IHOd1LI60XVwt\/F4zzcEBCektBXuMbjImLXtfNwN4P4y81w8uOGVDE8qdYOHo4+HwO+6cMOVlY5HM9B6m\/Xtk7YOUIwitmCDVRymBniNtDK3S19SNzSizg1bND+dgJneN2ejrAWV+DuLKKFujub0XdRD7CMoTTvi+ejmDlbqIcTvv6ZxVDM2P5i0vvsVgJ9LSx048e2COgcMrxvPorOx\/XzH+9EdF4\/Xhcrt0sRvn3TYkfzm3pZnfXJf3MGnbsK1zbYrJad2CvzvjaQM4xL4z04VWw6e1JAI2uLhhZOL24\/5NW5p47fZfRt7ovIok0KqcJYUsfam7FinZ1NfZByrL2v6nOI1\/NsoW4mNuSY+QXOLeOcXewn43YLr0\/HuRnD2PYh\/EVtG6qsalyWsbCwoCwr\/d+nSuwPMWW0PH34qfK\/lc4vpjllYCeU4IeG\/JNQvMclJX2b5W9OK2GWF45Pa+UfBhVWPaWpf1rJ8vKSa7F0c1wRHQ4lMDKnZFk+K48pLORR\/KNptXz8IBTP63Psdel9y4\/DJSpjcpbls0rypEdB67Ais\/PkER97PaTMZdn7skklzM4NjPLzDHVQUx3t2DmgzC15n5bm3vAqeLJXkX7g+awivxdUXKzdODi+tPx2VpnuZ\/ntvcq0eq\/aNsCmJiU8U6nei+W9U9r5aXZvmy2kSLz86oDiQVAZ56\/L++IHdh+bTQlNadeRXnEowtEJrf1qmaD0fsnLkkrvdl6\/pP4+SellttHsKCvDrayupw33NrFTeT8uxy78vt07bey97L7FdqVZ+x2Kg9k5rV6\/zvrcnlBCNocSjOnnTXWz6wWU6E1WVsNOtframKSXbIrrFUnr1y\/DWp35Nc1sOhVSbPr4XZCHFd92QREK\/bnAbAK\/Vs+6+5bZzSEooT8abMJsnFSvV5rUsQSvEv6S1eN2Wpk4KrCxxeZFjzYveBu8aFKGvmPnm9mwfD5l55ThvbayORtQhq\/yMVQ6Z+deZ691W5aP\/ZKxvabj0jzdOwfLB4OLTQjjOV\/zgSQudnx5uSHJp5kD3BvVJlAhxdh7ntSMUe5IqzlY32l58f2pATYItIG3eJ5Wluz3lOSLqZ52VO0giQ00l9J7qfS4OjjUgVKpnDn7Bijix\/XZwFVw9BUSL7e9JBmO8ft5lIGr7HX5JCwOTi2NH6psX57GDuh5bpvytvNrqRMiq0T3sQ+ig2NKMq1NAvNkvM8K7HIzrcg\/sPuo7fIroZcExcXurU5i9Zw663MzqUx8nNSdMk9avfh9ze1Uq69LjydfE5izDCsT35XVxcymt8eVIOuzMe7QRv2s78eZs9DvealXcRXeV2\/fGs\/j6TZzvsa8IS0ZS+oc0B26eozZd6\/ef2Y2rDSfsqzv5DTrzwpzln+Q6HUqd7ClY5t\/wOhje03HpXm6d49pZbPItzSiQc+qNHjhxYKeYWx1Vt2wXsilITzlhU3Pq+xshOdH\/XWduFxsDVFgewM8+svGVh9SkwnIPHa8M4t4TIbvSUErNFJPO6qSRTbfjMZ\/0bM6nl2FWlQq98D7FGs\/C5nqsYHTab7nLTxqaD9cEKp9EfeYwEoX8XgKdRTQ\/G8OzPxZUsO4fCaG8U+a0PwrVsRto2+PqOEWT3zL5K85Zh0bgqNzGNgehdjAwj0WJornF0NIc1Zgl80OuB4qHPkc77+Xhi\/gg6O4N15nfTZvg\/3bMJqdhTZpW1\/8vipV7VSrr0vxnJhGYp+MwTZ2PxbCtvcz+\/ICM5tu8qF9bxzSF4A0+Tk6\/H742pyIX5QhX2Kh83M+1lsVqFbnx5rR5pjB5BS\/cx6Zj8YR383aoJUuoWQsbeK2dsCxWcty+zoKQ9HMhpXmk431nctR7M+SOetyl9TdSOnY9sCzU39p2bhcyr1zsE4nbJeSKNne+Goaks0Jp541w+5wQ748W7Kvlr8sIbXVAbueXw2uvUH4LvZgBx8E2wJIvphAuFUvNLKqdrBzbNNIfqtndVJXCx1aqXwW01M2flvLbVAvTb8WkT3bDvcWO5yeIdhHYwg9wgq4bXYPgYVvPFJaTF92Q7ibRy7nRNvJcUynF5BNicgdERH5XrumOSuwy7yExJXCLpsfIxfDSL3Yhkih4+qtz2dh+PttGPiu0J5p9Fab4SXU6msjrC63WMB9dBgTV7NYuBGFl9m3b5IVmdmUOYem1gZIl85g8oIfbbuZk2kNIDsZZ052njnc5T4904SOQ1mc+TXfq3TC85Yd0fOhqg6tbsxsWGk+XWcLHPYhYezPVWHZuFzKvXOwe7oR3jqIYydntA1stkocfGUQ9ldE1q21cR3oRnCqG+I5zfD5TByh3ybgP9yx+gHAvyDY1wW5R0L6JjP8bRljPU2VV9OrakcTuvvd7PwwZtQvaPgqQUTovFrIYOUnnYvlrPNn3zyGQRtrN5s81tqgTu4k0LU\/At\/pOaSzzFbZaQzv0+++5xi6M2F0n0shX7BNix3tZzNshTOLU14BL5zV6m77W45ZnUUsJcvOatS2i\/hpmV1aOzD2l1+q7+b8sqEbk2MenGoVkeB+d0X1ySP19qk6nyet1ddGchg\/4sYzhTH1Uw7pnA22Ley1mU0ZQosf2ddfQ\/Rf2+Hjq\/Mn29ExE0b404DqcJdDfrILgWEfhr9OI8scUHZmGAH+wbmmlNmQz6dHyubTgWaEv+Jr4DXCsnG5lHvnYNnnbfeUhBfmg+rKh68SpTb2qVHvM6qb\/YheHYHzdKP6LaXTcwp4I4n3D6zFY2ACxO4A5LcDaNimhxDudgx+xU1ezuraIbwyiYm2GQQFfh8nmmI+xEYWnxMWmJOXnk9p5VucCEz5MX4pDC+fPJbaoE5YHUIvCYh3N0PQQz7nrsLTGB6EL0UhjPjg1G2TfF7C2GHugJswcDkK94hWd3szW6WNsrCMFfFvg3f0m4dltewyfNlolz7kX\/8c0b2ls8SxNwqpN4WO5waRylevTwl7whj\/TQrio7yt2yD+JYTe\/XpZDWr19SIuiO9JEK\/pY+rRY8j0sAhqDy8zsymDO1TmGpqf8+kOqQlt+\/PIFxzuMrA9G0Joexw9LYJmE1bnHUdi0Fz5KjC1IZtPfzLOpzaMt0xA6qm4ubFCVjYuV8Iv2NKYf4tIlDCDPncIzotJ9KqbQWy18e4LED5iTjchrt\/qcCOQiaLdKyE0H0WA+3W2mpROeNDxUwzZt+qJRcrJIOr3QX5rDuHCnhlxT8ica4d3KoT50YAWvd2R0LerAz+ez2JIdfZELe7hCvb+5scfb2Dum4waJoCFEelbMvBI9Q31B5pcCqnv9dX93RwymVzZFwzL4G4SErrRRc713sPGfe67FOQ7Wjb\/9wzSOQECTYK6oRVsFfgD1scOhxG\/pjkO174BxN7tRtM6Rt8bhcwnXQgcjWJW3UezwXs4ingkQH+9ttHhf2zTHcCxc7PafqjNC3E0vrjHTtSEHCxBEIRF0BYBQRCERZCDJQiCsAhysARBEBZBDpYgCMIiyMESBEFYBDlYgiAIiyAHSxAEYRHkYAmCICyCHCxBEIRFkIO9H+E6SdU0tAhrMZH1vh9loUtYi3FzPYr2LQLCV7TsEqn9XAJdql5VZRsRpZCDLSGDxKlBJFb9e2wPIrOIvhxl\/\/58uR9loVfNlSi6zhp67RERE7dlhJ\/Qskuk9i+OIbprGOmFKKwW3\/85QA62hDSmR8Ywr\/96ELEM7qQQPyvhhp4lNgb5VBzRS9V6banUvnyNOeOH3D+vDxkLWT8Hy0MvZw\/iF\/uKWjzOJhGxgjZEoXxSK9fksfNIvdOpybao53chzn\/I+W4Cor0dUeNKk4dHrWe0HwOuKslrJtXNr9mMwUwKfbsMIZCZfLKRfApngjuKP0zc\/KquoWR6T43UedFgkz5I6i\/eV8FU0thEyprbp0wGvZKsd7mcctcnRiNXuT7vu4e5vWLo4O8rhKl1yh+nipLRmpR1qtieCraZCkNQr6\/JUpfKqPM+XAxdzdpiKhtdoEzWezmy0PwXxhY1p\/RUlNA2sE7jppKNeXuc\/8HqdL5DPa7JynMbFsZHmdQ+G0M7TqSK53PbWyKPXe+c2wjwX9NaVlqpqqyqUAkFu8PKtKo0mVXmRgKKwxZUxotSwlBch8YUmUtls\/dkRwOqzPGELqutnq\/LBnPVSKO65GLeTJJXU6WsJtXNlSeDBeVJ\/brV5ZNL08RRm+IoqJSqMtH13TP7sag4HAUZYpafCStNm9j5FZVo2bWqShrXkLLmqplGeWZ2vqpoapT1vhlVApu8Sm9C1tp7dVgJOAoS3Etlp+dO+xfVOcsVSOuVP1ZVQf3KsFrntDJ2YLE95rbR7GpUs9X6T6+DWVvMZKOL7SiX9V6GLDRv0yafMmSUlt5XpnKrp3UZNyY2NrZJS8Y5sNTG5eeb2mGF8tj1zrmNkNZ5i8CDgbO98KpKkzYIh6KIPBtD5IPCysKPwbcCcKlaFxmMnY0jeCIMn3qAnz+A1zZHMPIZO\/NQCNMfTGgrVraiHTvvQ3CvC\/hsBJHNr2HgkAc2\/nukDzUhfCLIwtcx7VyG72QYAf2anoMivBclJLWiJTgcbuSuSJi+nodtZy+SfO9pye+c5uHe9z6k3wU0lVJ2z9CLHsTZ6qNA5XuyNg5F8cx\/RyE+pgl82J7oRbS\/stIoPosgfL0XI\/1N2n1sAsQ\/yEgcdLIasJXtyTR63w6j6SFWtskG7\/EowrZBnJlS3w24ehE57tXsouPqiaD3Ce3emQ+iiB8II9zqYrVkl39MxECvDZGzMyxXdn3eH4ffh3yhE85KSjosiLSzODJ1SUIql4djfxRZVZivjH+0szNTkC6m2ErcATb5kFTlQZZpmzJM25J3IzAmIbJPC3Qde0IQd8YhXVKzjBwm\/7MZIYxgfsRfNRy2HR0s2s6xvxOdeTZO2MoPX0qQGvzwq\/Vm\/c3KPNfSSKtnGlmncVPVxmtDVTuYzsXq46O+ObcxWGcH60VDiSw0cwJPCUjnChLXRpnfBeT+WghPComHLHmuugu0BCDOxDDBvebkGGJ7RXTy3wE2leTVqCbVXYmq8skl2LBtyzzCLXpYw5IaShlC3cr35G0U0LxTG5wFhH+uoudlKmlsLmWtUkEG3SjrzeWuC+GfsR35v3GDV7q+DQ7WrsqCcPXKYAcRvToAgYW7DQ8bt42WaZsyTNtSS3q7oqz3UqrKQj\/tg28+gQT\/sXYuyPjRGOQW79IPl\/UaN1VtvDastTx2fXNuY7DODnYW8\/yTrQgbfJdluB2VRKbZp+5WG0IJg6yunqJ7WfEmHwKHphG7kIH05zj8BwKsyximssbLxUQ+uYQZhNvCsPXLxftNHzcOumrwNsqYZh8aRuT\/qfJdvKmksbmUdT1wuWvb0YlSu\/GkfoNc6foZ5jwkyJVWsPXKH9\/JIbe1DeEPp5G+nUXqSA7iYb7HWss2AhqYP8n93VB+bb74FINpW2pKb1eQ9V4Org4EWyT0\/Io5Di7I+LWIRL9PLzSyTuOmqo0tZkXy2PXOuY3BOjvYFPoOD2JW\/ZY+D\/mciO6pILoPVBpULnQebsOZE2FIGT6QNJljt7sHM\/onvC8oYno0hEisDZ3P6Z\/mNWSNzdkGwZXFjeKXBSbyySbkv4ng1Af1fOayNvaI+Py3IqK6NE3+yiDEkxVWehxTSWNzKet6cB0Q0Xa2D+GLmhYZl7sW3W70fMZLy2Sn1esH0Pw6m9Tc9C43c3ncPvxcRr3yx9+egld4QW8\/W4fn2LTfwsLHOmwjbBeQiESQUisrI3pyiI0wDfO2GKksvb1E1nsZyG+3oeuHbkgycxDMocix+qSGLBs3VW0MuB9hy45baWtWiCuSx17ZnLtfWWcHG8TwiSyO\/RMPF5xoPG1DZDoKf3FboBTbgSiSL6bQ5eEhlBOeQTtGLg+hqRC27emEeIWFYq0dCBSvUUPW2BQvxP5GjLXy+vFvo83kk400IfzxMbYy0L4t3Xb4BkInAnqZOba2YUi\/s+HM01qYuO03WXatXnbnSphLGptKWdcDDyWnRaRe9qjfanMZcPu7s0UFUS47bbx+28c+TEzpkcHmAPp6ZHS5WZn6LX+d8se7BzA76i62\/5lRL6K\/15R7K9rmdFB7H8NzYhzDjw6jkYf62zqROhpmI0zHrC11Sm+XynrrB+tAONiDwPcRBHZq9eZPe7S\/Oas6klLWadyY2fi5PnTLXXCz49pTBGvJSuSx651zG4P10+Tij\/LsSuIUPaBMrAb+uNl\/NWJuRVs+6wP\/i6\/QwxKSx7Ud03zmDF4Q4gjIEyvW1yc2Juu8giWIB4CffsSN1DzUnS1Ohoe\/LrjVpy+IBwlysASxxjSdTOC1O33wFP4IYH8S4sXIhn3UiFg5JNtNEARhEbSCJQiCsAhysARBEBZBDpYgCMIiyMESBEFYBDlYgiAIiyAHSxAEYRHkYAmCICyCHCxBEIRFkIMlCIKwCHKwBEEQFkEOliAIwiLIwRIEQVgEOViCIAiLIAdLEARhEeRgCYIgLIIcLEEQhEWQgyUIgrAIcrAEQRAWQQ6WIAjCEoD\/B2vqNL52m4uBAAAAAElFTkSuQmCC\" alt=\"\"><\/p>\n<p><\/p>","protected":false},"excerpt":{"rendered":"<p>Tegund:&nbsp;80880<\/p>","protected":false},"featured_media":73527,"comment_status":"closed","ping_status":"closed","template":"","meta":[],"product_brand":[],"product_cat":[586,805,515],"product_tag":[],"class_list":{"0":"post-72374","1":"product","2":"type-product","3":"status-publish","4":"has-post-thumbnail","6":"product_cat-efnavorur-verkfaeralausnir","7":"product_cat-smurefni-efnavorur-verkfaeralausnir","8":"product_cat-verkfaeralausnir","10":"first","11":"instock","12":"taxable","13":"shipping-taxable","14":"purchasable","15":"product-type-simple"},"yoast_head":"<!-- This site is optimized with the Yoast SEO plugin v27.3 - https:\/\/yoast.com\/product\/yoast-seo-wordpress\/ -->\n<title>BGS Smurol\u00eda 100ml - V\u00e9lar &amp; Verkf\u00e6ri<\/title>\n<meta name=\"robots\" content=\"index, follow, max-snippet:-1, max-image-preview:large, max-video-preview:-1\" \/>\n<link rel=\"canonical\" href=\"https:\/\/velarogverkfaeri.is\/en\/lykillausnir\/adgangskerfi\/product\/bgs-smurolia-100ml\/\" \/>\n<meta property=\"og:locale\" content=\"en_US\" \/>\n<meta property=\"og:type\" content=\"article\" \/>\n<meta property=\"og:title\" content=\"BGS Smurol\u00eda 100ml - V\u00e9lar &amp; Verkf\u00e6ri\" \/>\n<meta property=\"og:description\" content=\"Tegund:&nbsp;80880\" \/>\n<meta property=\"og:url\" content=\"https:\/\/velarogverkfaeri.is\/en\/lykillausnir\/adgangskerfi\/product\/bgs-smurolia-100ml\/\" \/>\n<meta property=\"og:site_name\" content=\"V\u00e9lar &amp; Verkf\u00e6ri\" \/>\n<meta property=\"article:publisher\" content=\"https:\/\/www.facebook.com\/VelarOgVerkfaeri\" \/>\n<meta property=\"article:modified_time\" content=\"2026-02-25T08:46:21+00:00\" \/>\n<meta name=\"twitter:card\" content=\"summary_large_image\" \/>\n<script type=\"application\/ld+json\" class=\"yoast-schema-graph\">{\"@context\":\"https:\\\/\\\/schema.org\",\"@graph\":[{\"@type\":\"WebPage\",\"@id\":\"https:\\\/\\\/velarogverkfaeri.is\\\/lykillausnir\\\/adgangskerfi\\\/product\\\/bgs-smurolia-100ml\\\/\",\"url\":\"https:\\\/\\\/velarogverkfaeri.is\\\/lykillausnir\\\/adgangskerfi\\\/product\\\/bgs-smurolia-100ml\\\/\",\"name\":\"BGS Smurol\u00eda 100ml - V\u00e9lar &amp; Verkf\u00e6ri\",\"isPartOf\":{\"@id\":\"https:\\\/\\\/velarogverkfaeri.is\\\/en\\\/#website\"},\"primaryImageOfPage\":{\"@id\":\"https:\\\/\\\/velarogverkfaeri.is\\\/lykillausnir\\\/adgangskerfi\\\/product\\\/bgs-smurolia-100ml\\\/#primaryimage\"},\"image\":{\"@id\":\"https:\\\/\\\/velarogverkfaeri.is\\\/lykillausnir\\\/adgangskerfi\\\/product\\\/bgs-smurolia-100ml\\\/#primaryimage\"},\"thumbnailUrl\":\"https:\\\/\\\/velarogverkfaeri.is\\\/wp-content\\\/uploads\\\/2025\\\/07\\\/f387798a-dc5f-4c4b-9f4a-0b79111e4033.png\",\"datePublished\":\"2025-05-27T12:26:21+00:00\",\"dateModified\":\"2026-02-25T08:46:21+00:00\",\"breadcrumb\":{\"@id\":\"https:\\\/\\\/velarogverkfaeri.is\\\/lykillausnir\\\/adgangskerfi\\\/product\\\/bgs-smurolia-100ml\\\/#breadcrumb\"},\"inLanguage\":\"en-US\",\"potentialAction\":[{\"@type\":\"ReadAction\",\"target\":[\"https:\\\/\\\/velarogverkfaeri.is\\\/lykillausnir\\\/adgangskerfi\\\/product\\\/bgs-smurolia-100ml\\\/\"]}]},{\"@type\":\"ImageObject\",\"inLanguage\":\"en-US\",\"@id\":\"https:\\\/\\\/velarogverkfaeri.is\\\/lykillausnir\\\/adgangskerfi\\\/product\\\/bgs-smurolia-100ml\\\/#primaryimage\",\"url\":\"https:\\\/\\\/velarogverkfaeri.is\\\/wp-content\\\/uploads\\\/2025\\\/07\\\/f387798a-dc5f-4c4b-9f4a-0b79111e4033.png\",\"contentUrl\":\"https:\\\/\\\/velarogverkfaeri.is\\\/wp-content\\\/uploads\\\/2025\\\/07\\\/f387798a-dc5f-4c4b-9f4a-0b79111e4033.png\",\"width\":358,\"height\":420},{\"@type\":\"BreadcrumbList\",\"@id\":\"https:\\\/\\\/velarogverkfaeri.is\\\/lykillausnir\\\/adgangskerfi\\\/product\\\/bgs-smurolia-100ml\\\/#breadcrumb\",\"itemListElement\":[{\"@type\":\"ListItem\",\"position\":1,\"name\":\"Home\",\"item\":\"https:\\\/\\\/velarogverkfaeri.is\\\/\"},{\"@type\":\"ListItem\",\"position\":2,\"name\":\"Vefverslun\",\"item\":\"https:\\\/\\\/velarogverkfaeri.is\\\/vefverslun\\\/\"},{\"@type\":\"ListItem\",\"position\":3,\"name\":\"BGS Smurol\u00eda 100ml\"}]},{\"@type\":\"WebSite\",\"@id\":\"https:\\\/\\\/velarogverkfaeri.is\\\/en\\\/#website\",\"url\":\"https:\\\/\\\/velarogverkfaeri.is\\\/en\\\/\",\"name\":\"V\u00e9lar & Verkf\u00e6ri\",\"description\":\"Umbo\u00f0s- og heildverslun fr\u00e1 \u00e1rinu 1919\",\"publisher\":{\"@id\":\"https:\\\/\\\/velarogverkfaeri.is\\\/en\\\/#organization\"},\"potentialAction\":[{\"@type\":\"SearchAction\",\"target\":{\"@type\":\"EntryPoint\",\"urlTemplate\":\"https:\\\/\\\/velarogverkfaeri.is\\\/en\\\/?s={search_term_string}\"},\"query-input\":{\"@type\":\"PropertyValueSpecification\",\"valueRequired\":true,\"valueName\":\"search_term_string\"}}],\"inLanguage\":\"en-US\"},{\"@type\":\"Organization\",\"@id\":\"https:\\\/\\\/velarogverkfaeri.is\\\/en\\\/#organization\",\"name\":\"V\u00e9lar & Verkf\u00e6ri\",\"url\":\"https:\\\/\\\/velarogverkfaeri.is\\\/en\\\/\",\"logo\":{\"@type\":\"ImageObject\",\"inLanguage\":\"en-US\",\"@id\":\"https:\\\/\\\/velarogverkfaeri.is\\\/en\\\/#\\\/schema\\\/logo\\\/image\\\/\",\"url\":\"https:\\\/\\\/velarogverkfaeri.is\\\/wp-content\\\/uploads\\\/2021\\\/10\\\/vv_logo_350x100.png\",\"contentUrl\":\"https:\\\/\\\/velarogverkfaeri.is\\\/wp-content\\\/uploads\\\/2021\\\/10\\\/vv_logo_350x100.png\",\"width\":350,\"height\":100,\"caption\":\"V\u00e9lar & Verkf\u00e6ri\"},\"image\":{\"@id\":\"https:\\\/\\\/velarogverkfaeri.is\\\/en\\\/#\\\/schema\\\/logo\\\/image\\\/\"},\"sameAs\":[\"https:\\\/\\\/www.facebook.com\\\/VelarOgVerkfaeri\"]}]}<\/script>\n<!-- \/ Yoast SEO plugin. -->","yoast_head_json":{"title":"BGS Smurol\u00eda 100ml - V\u00e9lar &amp; Verkf\u00e6ri","robots":{"index":"index","follow":"follow","max-snippet":"max-snippet:-1","max-image-preview":"max-image-preview:large","max-video-preview":"max-video-preview:-1"},"canonical":"https:\/\/velarogverkfaeri.is\/en\/lykillausnir\/adgangskerfi\/product\/bgs-smurolia-100ml\/","og_locale":"en_US","og_type":"article","og_title":"BGS Smurol\u00eda 100ml - V\u00e9lar &amp; Verkf\u00e6ri","og_description":"Tegund:&nbsp;80880","og_url":"https:\/\/velarogverkfaeri.is\/en\/lykillausnir\/adgangskerfi\/product\/bgs-smurolia-100ml\/","og_site_name":"V\u00e9lar &amp; Verkf\u00e6ri","article_publisher":"https:\/\/www.facebook.com\/VelarOgVerkfaeri","article_modified_time":"2026-02-25T08:46:21+00:00","twitter_card":"summary_large_image","schema":{"@context":"https:\/\/schema.org","@graph":[{"@type":"WebPage","@id":"https:\/\/velarogverkfaeri.is\/lykillausnir\/adgangskerfi\/product\/bgs-smurolia-100ml\/","url":"https:\/\/velarogverkfaeri.is\/lykillausnir\/adgangskerfi\/product\/bgs-smurolia-100ml\/","name":"BGS Smurol\u00eda 100ml - V\u00e9lar &amp; Verkf\u00e6ri","isPartOf":{"@id":"https:\/\/velarogverkfaeri.is\/en\/#website"},"primaryImageOfPage":{"@id":"https:\/\/velarogverkfaeri.is\/lykillausnir\/adgangskerfi\/product\/bgs-smurolia-100ml\/#primaryimage"},"image":{"@id":"https:\/\/velarogverkfaeri.is\/lykillausnir\/adgangskerfi\/product\/bgs-smurolia-100ml\/#primaryimage"},"thumbnailUrl":"https:\/\/velarogverkfaeri.is\/wp-content\/uploads\/2025\/07\/f387798a-dc5f-4c4b-9f4a-0b79111e4033.png","datePublished":"2025-05-27T12:26:21+00:00","dateModified":"2026-02-25T08:46:21+00:00","breadcrumb":{"@id":"https:\/\/velarogverkfaeri.is\/lykillausnir\/adgangskerfi\/product\/bgs-smurolia-100ml\/#breadcrumb"},"inLanguage":"en-US","potentialAction":[{"@type":"ReadAction","target":["https:\/\/velarogverkfaeri.is\/lykillausnir\/adgangskerfi\/product\/bgs-smurolia-100ml\/"]}]},{"@type":"ImageObject","inLanguage":"en-US","@id":"https:\/\/velarogverkfaeri.is\/lykillausnir\/adgangskerfi\/product\/bgs-smurolia-100ml\/#primaryimage","url":"https:\/\/velarogverkfaeri.is\/wp-content\/uploads\/2025\/07\/f387798a-dc5f-4c4b-9f4a-0b79111e4033.png","contentUrl":"https:\/\/velarogverkfaeri.is\/wp-content\/uploads\/2025\/07\/f387798a-dc5f-4c4b-9f4a-0b79111e4033.png","width":358,"height":420},{"@type":"BreadcrumbList","@id":"https:\/\/velarogverkfaeri.is\/lykillausnir\/adgangskerfi\/product\/bgs-smurolia-100ml\/#breadcrumb","itemListElement":[{"@type":"ListItem","position":1,"name":"Home","item":"https:\/\/velarogverkfaeri.is\/"},{"@type":"ListItem","position":2,"name":"Vefverslun","item":"https:\/\/velarogverkfaeri.is\/vefverslun\/"},{"@type":"ListItem","position":3,"name":"BGS Smurol\u00eda 100ml"}]},{"@type":"WebSite","@id":"https:\/\/velarogverkfaeri.is\/en\/#website","url":"https:\/\/velarogverkfaeri.is\/en\/","name":"V\u00e9lar & Verkf\u00e6ri","description":"Umbo\u00f0s- og heildverslun fr\u00e1 \u00e1rinu 1919","publisher":{"@id":"https:\/\/velarogverkfaeri.is\/en\/#organization"},"potentialAction":[{"@type":"SearchAction","target":{"@type":"EntryPoint","urlTemplate":"https:\/\/velarogverkfaeri.is\/en\/?s={search_term_string}"},"query-input":{"@type":"PropertyValueSpecification","valueRequired":true,"valueName":"search_term_string"}}],"inLanguage":"en-US"},{"@type":"Organization","@id":"https:\/\/velarogverkfaeri.is\/en\/#organization","name":"V\u00e9lar & Verkf\u00e6ri","url":"https:\/\/velarogverkfaeri.is\/en\/","logo":{"@type":"ImageObject","inLanguage":"en-US","@id":"https:\/\/velarogverkfaeri.is\/en\/#\/schema\/logo\/image\/","url":"https:\/\/velarogverkfaeri.is\/wp-content\/uploads\/2021\/10\/vv_logo_350x100.png","contentUrl":"https:\/\/velarogverkfaeri.is\/wp-content\/uploads\/2021\/10\/vv_logo_350x100.png","width":350,"height":100,"caption":"V\u00e9lar & Verkf\u00e6ri"},"image":{"@id":"https:\/\/velarogverkfaeri.is\/en\/#\/schema\/logo\/image\/"},"sameAs":["https:\/\/www.facebook.com\/VelarOgVerkfaeri"]}]}},"_links":{"self":[{"href":"https:\/\/velarogverkfaeri.is\/en\/wp-json\/wp\/v2\/product\/72374","targetHints":{"allow":["GET"]}}],"collection":[{"href":"https:\/\/velarogverkfaeri.is\/en\/wp-json\/wp\/v2\/product"}],"about":[{"href":"https:\/\/velarogverkfaeri.is\/en\/wp-json\/wp\/v2\/types\/product"}],"replies":[{"embeddable":true,"href":"https:\/\/velarogverkfaeri.is\/en\/wp-json\/wp\/v2\/comments?post=72374"}],"wp:featuredmedia":[{"embeddable":true,"href":"https:\/\/velarogverkfaeri.is\/en\/wp-json\/wp\/v2\/media\/73527"}],"wp:attachment":[{"href":"https:\/\/velarogverkfaeri.is\/en\/wp-json\/wp\/v2\/media?parent=72374"}],"wp:term":[{"taxonomy":"product_brand","embeddable":true,"href":"https:\/\/velarogverkfaeri.is\/en\/wp-json\/wp\/v2\/product_brand?post=72374"},{"taxonomy":"product_cat","embeddable":true,"href":"https:\/\/velarogverkfaeri.is\/en\/wp-json\/wp\/v2\/product_cat?post=72374"},{"taxonomy":"product_tag","embeddable":true,"href":"https:\/\/velarogverkfaeri.is\/en\/wp-json\/wp\/v2\/product_tag?post=72374"}],"curies":[{"name":"wp","href":"https:\/\/api.w.org\/{rel}","templated":true}]}}