{"id":72225,"date":"2025-05-18T20:41:16","date_gmt":"2025-05-18T20:41:16","guid":{"rendered":"https:\/\/velarogverkfaeri.is\/?post_type=product&#038;p=72225"},"modified":"2025-10-16T15:46:59","modified_gmt":"2025-10-16T15:46:59","slug":"starrett-dosa-gatasagasett","status":"publish","type":"product","link":"https:\/\/velarogverkfaeri.is\/en\/verkfaeralausnir\/borar\/dosaborar\/product\/starrett-dosa-gatasagasett\/","title":{"rendered":"STARRETT D\u00f3sa\/Gatasagasett"},"content":{"rendered":"<p>St\u00e6r\u00f0ir:<\/p>\n<p style=\"outline: none; font-family: roboto, sans-serif; color: rgb(63, 63, 63); margin-bottom: 10px !important;\">16mm (5\/8\u2033)<\/p>\n<p style=\"outline: none; font-family: roboto, sans-serif; color: rgb(63, 63, 63); margin-bottom: 10px !important;\">20mm (25\/32\u2033)<\/p>\n<p style=\"outline: none; font-family: roboto, sans-serif; color: rgb(63, 63, 63); margin-bottom: 10px !important;\">22mm (7\/8\u2033)<\/p>\n<p style=\"outline: none; font-family: roboto, sans-serif; color: rgb(63, 63, 63); margin-bottom: 10px !important;\">25mm (1\u2033)<\/p>\n<p style=\"outline: none; font-family: roboto, sans-serif; color: rgb(63, 63, 63); margin-bottom: 10px !important;\">29mm (1.1\/8\u2033)<\/p>\n<p style=\"outline: none; font-family: roboto, sans-serif; color: rgb(63, 63, 63); margin-bottom: 10px !important;\">35mm (1.3\/8\u2033)<\/p>\n<p style=\"outline: none; font-family: roboto, sans-serif; color: rgb(63, 63, 63); margin-bottom: 10px !important;\">44mm (1.3\/4\u2033)<\/p>\n<p style=\"outline: none; font-family: roboto, sans-serif; color: rgb(63, 63, 63); margin-bottom: 10px !important;\">51mm (2\u2033)<\/p>\n<p style=\"outline: none; font-family: roboto, sans-serif; color: rgb(63, 63, 63); margin-bottom: 10px !important;\">64mm (2.1\/2\u2033)<\/p>\n<p style=\"outline: none; font-family: roboto, sans-serif; color: rgb(63, 63, 63); margin-bottom: 10px !important;\">68mm (2.11\/16\u2033)<\/p>\n<p style=\"outline: none; font-family: roboto, sans-serif; color: rgb(63, 63, 63); margin-bottom: 10px !important;\">76mm (3\u2033)<\/p>","protected":false},"excerpt":{"rendered":"<p>Tegund:&nbsp;KFC11021<\/p>","protected":false},"featured_media":74779,"comment_status":"closed","ping_status":"closed","template":"","meta":[],"product_brand":[],"product_cat":[585,807,515],"product_tag":[],"class_list":{"0":"post-72225","1":"product","2":"type-product","3":"status-publish","4":"has-post-thumbnail","6":"product_cat-borar","7":"product_cat-dosaborar","8":"product_cat-verkfaeralausnir","10":"first","11":"instock","12":"taxable","13":"shipping-taxable","14":"purchasable","15":"product-type-simple"},"yoast_head":"<!-- This site is optimized with the Yoast SEO plugin v27.3 - https:\/\/yoast.com\/product\/yoast-seo-wordpress\/ -->\n<title>STARRETT D\u00f3sa\/Gatasagasett - V\u00e9lar &amp; Verkf\u00e6ri<\/title>\n<meta name=\"robots\" content=\"index, follow, max-snippet:-1, max-image-preview:large, max-video-preview:-1\" \/>\n<link rel=\"canonical\" href=\"https:\/\/velarogverkfaeri.is\/en\/verkfaeralausnir\/borar\/dosaborar\/product\/starrett-dosa-gatasagasett\/\" \/>\n<meta property=\"og:locale\" content=\"en_US\" \/>\n<meta property=\"og:type\" content=\"article\" \/>\n<meta property=\"og:title\" content=\"STARRETT D\u00f3sa\/Gatasagasett - V\u00e9lar &amp; Verkf\u00e6ri\" \/>\n<meta property=\"og:description\" content=\"Tegund:&nbsp;KFC11021\" \/>\n<meta property=\"og:url\" content=\"https:\/\/velarogverkfaeri.is\/en\/verkfaeralausnir\/borar\/dosaborar\/product\/starrett-dosa-gatasagasett\/\" \/>\n<meta property=\"og:site_name\" content=\"V\u00e9lar &amp; Verkf\u00e6ri\" \/>\n<meta property=\"article:publisher\" content=\"https:\/\/www.facebook.com\/VelarOgVerkfaeri\" \/>\n<meta property=\"article:modified_time\" content=\"2025-10-16T15:46:59+00:00\" \/>\n<meta name=\"twitter:card\" content=\"summary_large_image\" \/>\n<script type=\"application\/ld+json\" class=\"yoast-schema-graph\">{\"@context\":\"https:\\\/\\\/schema.org\",\"@graph\":[{\"@type\":\"WebPage\",\"@id\":\"https:\\\/\\\/velarogverkfaeri.is\\\/verkfaeralausnir\\\/borar\\\/dosaborar\\\/product\\\/starrett-dosa-gatasagasett\\\/\",\"url\":\"https:\\\/\\\/velarogverkfaeri.is\\\/verkfaeralausnir\\\/borar\\\/dosaborar\\\/product\\\/starrett-dosa-gatasagasett\\\/\",\"name\":\"STARRETT D\u00f3sa\\\/Gatasagasett - V\u00e9lar &amp; Verkf\u00e6ri\",\"isPartOf\":{\"@id\":\"https:\\\/\\\/velarogverkfaeri.is\\\/en\\\/#website\"},\"primaryImageOfPage\":{\"@id\":\"https:\\\/\\\/velarogverkfaeri.is\\\/verkfaeralausnir\\\/borar\\\/dosaborar\\\/product\\\/starrett-dosa-gatasagasett\\\/#primaryimage\"},\"image\":{\"@id\":\"https:\\\/\\\/velarogverkfaeri.is\\\/verkfaeralausnir\\\/borar\\\/dosaborar\\\/product\\\/starrett-dosa-gatasagasett\\\/#primaryimage\"},\"thumbnailUrl\":\"https:\\\/\\\/velarogverkfaeri.is\\\/wp-content\\\/uploads\\\/2025\\\/08\\\/21f2afd2-1b72-4636-86f6-503e6c45840b.jpg\",\"datePublished\":\"2025-05-18T20:41:16+00:00\",\"dateModified\":\"2025-10-16T15:46:59+00:00\",\"breadcrumb\":{\"@id\":\"https:\\\/\\\/velarogverkfaeri.is\\\/verkfaeralausnir\\\/borar\\\/dosaborar\\\/product\\\/starrett-dosa-gatasagasett\\\/#breadcrumb\"},\"inLanguage\":\"en-US\",\"potentialAction\":[{\"@type\":\"ReadAction\",\"target\":[\"https:\\\/\\\/velarogverkfaeri.is\\\/verkfaeralausnir\\\/borar\\\/dosaborar\\\/product\\\/starrett-dosa-gatasagasett\\\/\"]}]},{\"@type\":\"ImageObject\",\"inLanguage\":\"en-US\",\"@id\":\"https:\\\/\\\/velarogverkfaeri.is\\\/verkfaeralausnir\\\/borar\\\/dosaborar\\\/product\\\/starrett-dosa-gatasagasett\\\/#primaryimage\",\"url\":\"https:\\\/\\\/velarogverkfaeri.is\\\/wp-content\\\/uploads\\\/2025\\\/08\\\/21f2afd2-1b72-4636-86f6-503e6c45840b.jpg\",\"contentUrl\":\"https:\\\/\\\/velarogverkfaeri.is\\\/wp-content\\\/uploads\\\/2025\\\/08\\\/21f2afd2-1b72-4636-86f6-503e6c45840b.jpg\",\"width\":997,\"height\":1118},{\"@type\":\"BreadcrumbList\",\"@id\":\"https:\\\/\\\/velarogverkfaeri.is\\\/verkfaeralausnir\\\/borar\\\/dosaborar\\\/product\\\/starrett-dosa-gatasagasett\\\/#breadcrumb\",\"itemListElement\":[{\"@type\":\"ListItem\",\"position\":1,\"name\":\"Home\",\"item\":\"https:\\\/\\\/velarogverkfaeri.is\\\/\"},{\"@type\":\"ListItem\",\"position\":2,\"name\":\"Vefverslun\",\"item\":\"https:\\\/\\\/velarogverkfaeri.is\\\/vefverslun\\\/\"},{\"@type\":\"ListItem\",\"position\":3,\"name\":\"STARRETT D\u00f3sa\\\/Gatasagasett\"}]},{\"@type\":\"WebSite\",\"@id\":\"https:\\\/\\\/velarogverkfaeri.is\\\/en\\\/#website\",\"url\":\"https:\\\/\\\/velarogverkfaeri.is\\\/en\\\/\",\"name\":\"V\u00e9lar & Verkf\u00e6ri\",\"description\":\"Umbo\u00f0s- og heildverslun fr\u00e1 \u00e1rinu 1919\",\"publisher\":{\"@id\":\"https:\\\/\\\/velarogverkfaeri.is\\\/en\\\/#organization\"},\"potentialAction\":[{\"@type\":\"SearchAction\",\"target\":{\"@type\":\"EntryPoint\",\"urlTemplate\":\"https:\\\/\\\/velarogverkfaeri.is\\\/en\\\/?s={search_term_string}\"},\"query-input\":{\"@type\":\"PropertyValueSpecification\",\"valueRequired\":true,\"valueName\":\"search_term_string\"}}],\"inLanguage\":\"en-US\"},{\"@type\":\"Organization\",\"@id\":\"https:\\\/\\\/velarogverkfaeri.is\\\/en\\\/#organization\",\"name\":\"V\u00e9lar & Verkf\u00e6ri\",\"url\":\"https:\\\/\\\/velarogverkfaeri.is\\\/en\\\/\",\"logo\":{\"@type\":\"ImageObject\",\"inLanguage\":\"en-US\",\"@id\":\"https:\\\/\\\/velarogverkfaeri.is\\\/en\\\/#\\\/schema\\\/logo\\\/image\\\/\",\"url\":\"https:\\\/\\\/velarogverkfaeri.is\\\/wp-content\\\/uploads\\\/2021\\\/10\\\/vv_logo_350x100.png\",\"contentUrl\":\"https:\\\/\\\/velarogverkfaeri.is\\\/wp-content\\\/uploads\\\/2021\\\/10\\\/vv_logo_350x100.png\",\"width\":350,\"height\":100,\"caption\":\"V\u00e9lar & Verkf\u00e6ri\"},\"image\":{\"@id\":\"https:\\\/\\\/velarogverkfaeri.is\\\/en\\\/#\\\/schema\\\/logo\\\/image\\\/\"},\"sameAs\":[\"https:\\\/\\\/www.facebook.com\\\/VelarOgVerkfaeri\"]}]}<\/script>\n<!-- \/ Yoast SEO plugin. -->","yoast_head_json":{"title":"STARRETT D\u00f3sa\/Gatasagasett - V\u00e9lar &amp; Verkf\u00e6ri","robots":{"index":"index","follow":"follow","max-snippet":"max-snippet:-1","max-image-preview":"max-image-preview:large","max-video-preview":"max-video-preview:-1"},"canonical":"https:\/\/velarogverkfaeri.is\/en\/verkfaeralausnir\/borar\/dosaborar\/product\/starrett-dosa-gatasagasett\/","og_locale":"en_US","og_type":"article","og_title":"STARRETT D\u00f3sa\/Gatasagasett - V\u00e9lar &amp; Verkf\u00e6ri","og_description":"Tegund:&nbsp;KFC11021","og_url":"https:\/\/velarogverkfaeri.is\/en\/verkfaeralausnir\/borar\/dosaborar\/product\/starrett-dosa-gatasagasett\/","og_site_name":"V\u00e9lar &amp; Verkf\u00e6ri","article_publisher":"https:\/\/www.facebook.com\/VelarOgVerkfaeri","article_modified_time":"2025-10-16T15:46:59+00:00","twitter_card":"summary_large_image","schema":{"@context":"https:\/\/schema.org","@graph":[{"@type":"WebPage","@id":"https:\/\/velarogverkfaeri.is\/verkfaeralausnir\/borar\/dosaborar\/product\/starrett-dosa-gatasagasett\/","url":"https:\/\/velarogverkfaeri.is\/verkfaeralausnir\/borar\/dosaborar\/product\/starrett-dosa-gatasagasett\/","name":"STARRETT D\u00f3sa\/Gatasagasett - V\u00e9lar &amp; Verkf\u00e6ri","isPartOf":{"@id":"https:\/\/velarogverkfaeri.is\/en\/#website"},"primaryImageOfPage":{"@id":"https:\/\/velarogverkfaeri.is\/verkfaeralausnir\/borar\/dosaborar\/product\/starrett-dosa-gatasagasett\/#primaryimage"},"image":{"@id":"https:\/\/velarogverkfaeri.is\/verkfaeralausnir\/borar\/dosaborar\/product\/starrett-dosa-gatasagasett\/#primaryimage"},"thumbnailUrl":"https:\/\/velarogverkfaeri.is\/wp-content\/uploads\/2025\/08\/21f2afd2-1b72-4636-86f6-503e6c45840b.jpg","datePublished":"2025-05-18T20:41:16+00:00","dateModified":"2025-10-16T15:46:59+00:00","breadcrumb":{"@id":"https:\/\/velarogverkfaeri.is\/verkfaeralausnir\/borar\/dosaborar\/product\/starrett-dosa-gatasagasett\/#breadcrumb"},"inLanguage":"en-US","potentialAction":[{"@type":"ReadAction","target":["https:\/\/velarogverkfaeri.is\/verkfaeralausnir\/borar\/dosaborar\/product\/starrett-dosa-gatasagasett\/"]}]},{"@type":"ImageObject","inLanguage":"en-US","@id":"https:\/\/velarogverkfaeri.is\/verkfaeralausnir\/borar\/dosaborar\/product\/starrett-dosa-gatasagasett\/#primaryimage","url":"https:\/\/velarogverkfaeri.is\/wp-content\/uploads\/2025\/08\/21f2afd2-1b72-4636-86f6-503e6c45840b.jpg","contentUrl":"https:\/\/velarogverkfaeri.is\/wp-content\/uploads\/2025\/08\/21f2afd2-1b72-4636-86f6-503e6c45840b.jpg","width":997,"height":1118},{"@type":"BreadcrumbList","@id":"https:\/\/velarogverkfaeri.is\/verkfaeralausnir\/borar\/dosaborar\/product\/starrett-dosa-gatasagasett\/#breadcrumb","itemListElement":[{"@type":"ListItem","position":1,"name":"Home","item":"https:\/\/velarogverkfaeri.is\/"},{"@type":"ListItem","position":2,"name":"Vefverslun","item":"https:\/\/velarogverkfaeri.is\/vefverslun\/"},{"@type":"ListItem","position":3,"name":"STARRETT D\u00f3sa\/Gatasagasett"}]},{"@type":"WebSite","@id":"https:\/\/velarogverkfaeri.is\/en\/#website","url":"https:\/\/velarogverkfaeri.is\/en\/","name":"V\u00e9lar & Verkf\u00e6ri","description":"Umbo\u00f0s- og heildverslun fr\u00e1 \u00e1rinu 1919","publisher":{"@id":"https:\/\/velarogverkfaeri.is\/en\/#organization"},"potentialAction":[{"@type":"SearchAction","target":{"@type":"EntryPoint","urlTemplate":"https:\/\/velarogverkfaeri.is\/en\/?s={search_term_string}"},"query-input":{"@type":"PropertyValueSpecification","valueRequired":true,"valueName":"search_term_string"}}],"inLanguage":"en-US"},{"@type":"Organization","@id":"https:\/\/velarogverkfaeri.is\/en\/#organization","name":"V\u00e9lar & Verkf\u00e6ri","url":"https:\/\/velarogverkfaeri.is\/en\/","logo":{"@type":"ImageObject","inLanguage":"en-US","@id":"https:\/\/velarogverkfaeri.is\/en\/#\/schema\/logo\/image\/","url":"https:\/\/velarogverkfaeri.is\/wp-content\/uploads\/2021\/10\/vv_logo_350x100.png","contentUrl":"https:\/\/velarogverkfaeri.is\/wp-content\/uploads\/2021\/10\/vv_logo_350x100.png","width":350,"height":100,"caption":"V\u00e9lar & Verkf\u00e6ri"},"image":{"@id":"https:\/\/velarogverkfaeri.is\/en\/#\/schema\/logo\/image\/"},"sameAs":["https:\/\/www.facebook.com\/VelarOgVerkfaeri"]}]}},"_links":{"self":[{"href":"https:\/\/velarogverkfaeri.is\/en\/wp-json\/wp\/v2\/product\/72225","targetHints":{"allow":["GET"]}}],"collection":[{"href":"https:\/\/velarogverkfaeri.is\/en\/wp-json\/wp\/v2\/product"}],"about":[{"href":"https:\/\/velarogverkfaeri.is\/en\/wp-json\/wp\/v2\/types\/product"}],"replies":[{"embeddable":true,"href":"https:\/\/velarogverkfaeri.is\/en\/wp-json\/wp\/v2\/comments?post=72225"}],"wp:featuredmedia":[{"embeddable":true,"href":"https:\/\/velarogverkfaeri.is\/en\/wp-json\/wp\/v2\/media\/74779"}],"wp:attachment":[{"href":"https:\/\/velarogverkfaeri.is\/en\/wp-json\/wp\/v2\/media?parent=72225"}],"wp:term":[{"taxonomy":"product_brand","embeddable":true,"href":"https:\/\/velarogverkfaeri.is\/en\/wp-json\/wp\/v2\/product_brand?post=72225"},{"taxonomy":"product_cat","embeddable":true,"href":"https:\/\/velarogverkfaeri.is\/en\/wp-json\/wp\/v2\/product_cat?post=72225"},{"taxonomy":"product_tag","embeddable":true,"href":"https:\/\/velarogverkfaeri.is\/en\/wp-json\/wp\/v2\/product_tag?post=72225"}],"curies":[{"name":"wp","href":"https:\/\/api.w.org\/{rel}","templated":true}]}}