{"id":71912,"date":"2025-05-10T15:56:18","date_gmt":"2025-05-10T15:56:18","guid":{"rendered":"https:\/\/velarogverkfaeri.is\/?post_type=product&#038;p=71912"},"modified":"2026-03-05T13:46:11","modified_gmt":"2026-03-05T13:46:11","slug":"usag-topplyklasett-1-4-609-1-4-eax-u06090003","status":"publish","type":"product","link":"https:\/\/velarogverkfaeri.is\/en\/verkfaeralausnir\/handverkfaeri\/topplyklasett\/product\/usag-topplyklasett-1-4-609-1-4-eax-u06090003\/","title":{"rendered":"USAG Topplyklasett 1\/4&#8243; 609 1\/4 EAX U06090003"},"content":{"rendered":"<p><img decoding=\"async\" src=\"data:image\/png;base64,iVBORw0KGgoAAAANSUhEUgAAAYAAAABoCAYAAAD4pyfkAAAAAXNSR0IArs4c6QAAAARnQU1BAACxjwv8YQUAAAAJcEhZcwAADsMAAA7DAcdvqGQAAB5oSURBVHhe7Z3NaxxJlsDfzsxhmVmaXFwY0aqGBNewbtaYXVQ08mXwwB6qbvZdYOmuP0GHBek\/kM6jAtW9zRxcRV9G+GIxKsFgDO2DDMWoPKsV5aWYw8yyl9r3XkRkRkR+66OkVr7fTLUrMzIiXrz4ehEZqvcPcwQEQRCE2vEz\/a8gCIJQM2QCEARBqCkyAQiCINQUmQAEQRBqikwAgiAINUUmAEEQhJoiE4AgCEJNuZUJYNTfgZ0d+7MHw8868CfCqN+Hkf7uw+XrZ4ZCn8qcGX7dYH7XkJeqs+wyx0xguLcD\/RN9+VPi8xD2sG72BhN9I1nPk8Ee7OwNsZQ3iW4jliyTQb9UHyn73NVRMt5qPWN99a26ivS2sL7102exE4DuYEPowNbWVvzpBjDaLzO43BVG8HGsv1aFOmeA\/3+wpK5vmpOPcFlRY6iTkdANWJDUt0rwsKm\/XaGer8CoP4TZyjr3jc0uyTKBD59mKjCXss\/dDybvT8Ep7aL71j1ggRMAWobfj2AW4uC\/1tb3NCtr2NjXwLt7d\/k8dRteFZbbsLZpOvbNM7m4jgGhCe21Tdja7OC3e8xyBzZx0F1b0ddXqedLM4EpZhpPQsQ53yum7HP3g\/MvXmEX3LfuA6V\/CuLi4gIGgwGcnZ3BN998A91uFx4+fKhDS0DW\/\/4ptDY2obOs72VAy+zeSVy5YTfulLQVcfSgA61PQxjRI0Eb1jcbcLgz1JZuAG2TB+c5hdWNBhzt4+TD4SF0osmGtit6Kh2C07IGOY5v4mEwWmWbDw9hZ2CbhXZ6CpKRVjkd\/O9QP8pxtTVHeU6fWQONB5f\/y6oVn\/J4DlNLVlsncNJ3ZDJhLIcjajz5OmFWuRN56zDQ9018t44snReUz5Up1l1Reul1REt+U+8YFOnYoOKePrLus65mVvpxfaEomN4RNCjs3NWpkXWJ5PzUgnYwgpEJTjNqkKyy+nLHZfLuI+GzNszexW3Q1Y2F11ad5\/wwvx1w2Y38Sgaw2ld63ejnVlC+E5N2hmxIdv1m6UKRHs9rE4iqe3Dbnun\/dD+qy5x60CTb0T2GJoAy9Hq9+fb2dvSh60qMDjDewfxYX2Zx9mbXfW4ymO9ifgcjdXl8QPnvzgeT9GuOvzuYn9GFjhtdI\/z8gUqdnt19Y0JUWHTt5UucvRkouTgsuyxKJiuuk9bZfLDrpuujdBA\/41+7ujyeHyT0FV9zXF1eA8tn6cR+JpGXxkmH8rDiszzRdXb5\/HxJ9gHpOyc9ztcOmxzPj7muqdxWfWXl68imZXDiUTqm\/djfkZR6TujHqVuLRHtHufkZX24tUyRjWjk8uTJJeS4hn0rf1CXn7bQPJZ95XpXXLgfGf0NX6rmEbu260hSlkamL3HamnrXjmrL5dROXL1l2P283vftP6S0gsvxt\/OvrQe1hhl3LosZl+WoIMP7RekMQooWqrYylB7Tp14In+rr5EK9nU1wMG9BqeBlbFO1vKbGPOPfjs91NZ6antGZfVEzeX0Rr5LllxTa7HcfSzwWtrMgCTisDQ5aMetnHH\/vllZU3lwktl8cmvaUGlmoGU37Zh8veyKJBlu2wNGhf29VJs7sKodYJ45U7AW2VWFYay+PoPA21nx4+s+Kh1B3Sf1F69ndc5reprundBsr5Iqq\/JnSehUkdc1qn8IH1QTKgBdgNo3pW6cTtpxS2fpafQIua3EXaa2G7HlBuipOQG0N+27ZkLAdZxvEhiuz3Z9yO7bao9WT6QD6qPwYrz612j\/G78ZVdn9y3Eu0gJ40iXVyqnflgW8c0FU148kiNDxP8X522y7IoPQHQto+Nf12IM2hlkb6HyYM8V9o14Mlhd6R4qan3F4NG3PhuBOwIm9bL8JRthHLQUtYMBsklrQPva89gtG+eN3GK6saDltcmvrP1kAHnG0Aj6\/1cRno0SW\/REl6HRadi6N3GbAQ9E4c+tMz32wkP0DM4fY93acAJH+NA\/Dia8EY\/jiF49OT665nea2204NToWU\/uqe9kzKRdYWRjvZh2YxsAHol9cqJUXyRUf3TfR1QlO41SuqjazkpDfW8dWp96UfsZztzJqA6UngBoz98M+uYdQCV0Rxz9Ic\/uWIIGGbse1zoYn+uBCC0+2v\/kfW3dkdZX4syvddLR1saNnE7gDkL71mYw6OBaIQfuYLSXap43n\/S921RoH532Vk3cDbTadFAmeYNcUXp8SIDCOhCc9PjoIa+K0HpcN3HMx7YYGWX1kcVPg334LQ2VbXgcjuHjiVoNtZ7eUKcnC5blWof2DOsJJy+1mvMomhyvALdjH6sP5KP6Y\/rqpizZaRTq4jLtrAKTwWt+P5Tddu4\/pScAeuH76tUrVhT9W+kFMIMz7kuswPEwcU6XrXA+W60663hgLWlxgDuirQPuuJfBHnQmMHxHiaEVqAflOF33CF3zaQuXmyM4jM45Y9x+hfPf9uRxcgij2Q0NNNSZ7S0MsnL113Ro8EtOxJPP5Ts5W26sQ33tH8dLhfIFGL+zdIgdnAbz3PRwkHYl1YMDWfFO\/RC4sE+xarkusd0Nx\/E2Gm1XjN8dubq7Tj6j3J4sbAVruV\/bf2uAdXFTcpiyx+f17T6QYug47UdPntR+9R3qj+7Z+yJy0ijQxeXaWXlIN4AGhVkB8OfG\/8bjbvEL\/e9iYIvoCb+pp22HCLLkXj7hr7S0XYc9XtqbJ5wTL5XBxvcOK3agL60TELQXujMwYWgVr+AI9YWDlKzdqRWOT4RtaGCnbvJqpsfbEkOKl3LyIQim8BrDTYOlMpS2sKtAe6vveqgv3b1QxjautAw8AOzjpEv6Jj2jldNe26LjLk4dBBi2utksdc6f3xlgXBM\/WGnjqmPK3\/Nor63zSaZIVowVdke56Y0ujuAI7xtJ6YTGGuuR3n1QMay6xboIVlZhc9kMGRquLxyQg3gw4cFnQOftc7Z\/UupZtdJiJucf4QjTjzRM7Y7bsJEb+4AZlHW9ZJsHNHliWvs7PIhm94e057AdbwDs0VZUSh9odl9A264Tbj\/jqDapP3a+YPmj\/hhAuNKoNEhmp1Ggi4J2RpP4cKDjcpmqLKFG0Neri7i1qFNBhyf2O5P7zf32CEbbIyWPngqCUCPSxga+R5NC9juV+4ZMAIIg1BP+mxB7w9T+G4F6ID6BBUEQasoCfwpCEARBuEvIBCAIglBTZAIQBEGoKTIBCIIg1BSZAARBEGqKTACCIAg1RSYAQRCEmiITgCAIQk2RCUAQBKGmyAQgCIJQUxY4AWjvV7k\/t6odm3g\/F53HqJ\/tDSkB\/fZHav6U7x4MSzpEmQz6pZ8lnwNVypMG\/1y2SYN+3wh1ZByjCIIgXJbFrwASv+EeMxkcFfyWvY9yM7hYXL8Bt8XVvDQJgiDcwgQQhqHr8CVCTQxhWMHnD3sPWjTpbisXhvYyVZffKxcE4eYo\/WugFxcXMBgM2Bm8cQlZzSsYbQH1YPpsHRrveuyKzXbITlslQ+jA+oMj5aYx8o+rnDQYQ58cgnC8zJ9yVfmMzCBtO5igOO8aKc43KA9yq2h+NjojDf55adsvqeUMxgszcqpytaGNKx+TXlQGn4w0aAso1okrqwljvRmfxpbDD0EQhCxKrwDM4E\/Qv3R9OZRrSDh5He+j48B3NMbBNPLeb1CD\/wwHQuW3UzlxZvd27HSbfITSwE9h6ne8fT+fncB1OVeGzDTY+iafuzTwU5g7+Add9Tx9XsAHlF4zPgV4qcO6IczsshuK0shjPITX+LSKh\/I5LgAFQRDSKT0BmMHf4F9XAgfSVcsvLf+78iLptIX8k6L1HXvqx8njWQjjH7OHRXI\/Z1vX5POUHIJXoWoa7KsU5Xxubcs0u53YsUS4GpeNXBGije87Ry9MIw9HR9r3bo6OBEEQiNITAG372PjXVSFrPxgfwZBO1IxDWLUGXAM7hZ6N2D9w5LSZtn1sJ9Yp8KkZ\/Xy0LVKRKmmcf8HwoOFtK1XjOtIwJBx9C4IgpFB6AqA9fzPom3cAVwJXAS\/Q2h2djCEgx+b6tk3zIQ5ktP+ut0SiT44Dbdpz5\/1y\/ez6SoWXypqqaVzHgHudg\/Z1TiaCINxfSk8A9ML31atXPCDSv9VeAKfT7L6AdmhvX3jQdkni2OgEJpln8Cd8Qif81kwnlzmyWT2N5tMWBI6cExj28\/7eIcmV0sCJI9pR4vcptvyCIAjp\/Pw\/Ef39hvkrnP7xT\/C3b34DT7\/Wt+AraOHA95W+Iv56+kf409+b8Bt+6Gt4+ptfwvvf\/Q5+\/\/YtvOXPGMY\/\/xl892sM\/+of4X\/eH8LbH+j+e\/jbo\/+Azj\/\/GX4\/+H307Nf\/ugR\/+XtDpfdf7+Ht5Jfwb9+5eQL8Bd6\/ncAv\/\/07aH2FMv08Jw2U6f\/+\/AO8PVTy\/PlXWJ5\/acF3v7LjYDmDryF40AIYv4VTaOm4BOV1CvBrWw\/IV9lp\/NN\/2zqxZTX6+l+Y\/vAD\/EDx\/vQXWOrKMVFBEIoRp\/A\/cfgY6KdWytFWQRCEfEpvAQmCIAj3C1kBCIIg1BRZAQiCINQUmQAEQRBqikwAgiAINUUmAEEQhJoiE4AgCEJNkQlAEAShpsgEIAiCUFNkAhAEQagpMgEIgiDUFJkABEEQaopMAIIgCDVloRMAe9naq\/I7+SPo92\/XtSHLfBsykI\/gnb2k72CGfCXv3IJc5Cxfe2ZbYN4T8hqX6QPCg\/W2A3sV\/UCXQ+l9Ef6Wq\/cVC9RBv2r5b1Rvwl3lbq8AyCew\/ipY0GBIztIeLKnrBUHO8kdBR3lKW1uUw5nLOPVB3Tys749js39p\/b0qddZbHbnTEwD7BBaSLLdhbXPLcVy\/CMjV5KInHcyVPbSVZrkDmzhB1dkhDrsErYrorZaU\/jnoi4sLGAwGcHZ2FvkEruoW0ndeQr53jx50oPVpCCPdZoOVdR7YKGxom\/8hWp7a6nTCyGewcYZCy9j9Kax2AYbkPB7N5PbGJjT+kJ0Pc9JXzuY1oeVRi2Um\/8CexWvud2CoZQmhs\/Ucpnu9KA87new8aFvhCBrdFpwORmy5cdgSleUUWih\/Z9k8N4Qxl\/cJfMB8ps9UGklZEEtfUVx9ZXB0oHH1rvTXWaatn7hcRFpcliNyoG\/i0ncv\/9w6I0iXa9DmMKUTRZxmfl6oT\/u5XN14ZbZlQ5ywMIRwjBcpHtdcvWn59VW6TvWlrxstG8ttO\/rR7cfo3S2\/ya9MPXnPROW19ZbeXqI269VLuXYu3EloAihDr9ebb29vRx+6rsrZm9359u5gfqavjw8ord35YKJvjA6ca37+4FhdaDiOlYbzzGQw3yX50uJk5nM8P9g+wP9qOI34Ok0Ggu9jXgej9GuVh0knLw8Kc8vE8DO2jNvz3TdRqeeD3Zy8tR7MNZU\/jpu8Nvi69esjKx6hZLDKSDK+oStfdi+fRJ2pssXXFN+qO4Li+HJG1+7zZXST1Z4SZWJ9WGkZnLomjufHGem7Ok3qZj4acBjnbeJ59ZAql5VHYT3Z8kxQ1kgWT88aWye+\/tx4qjy2fo5HsVaEu0fpLSCy\/G3860sTonVmrCFyAo92xTTycO4zgo9jtKBexhZas7uKVtlHDDFg+G9da53JzKcNa5a1BssNTAHDyrx0ROvpubZumg8D\/G8Ij421s2SnU5xH+CwukwtZbEOYpVjcDpYssPwEWijO7IJe6Ckn98UkdQsrz6EdzOD0fdGLQbVPH9Dz+g5qBDpdvKL3OCib7fif6ieYncKHqPx2nTXhySMSfoqpZkDbFZaVzrq2HeP7ZOomrz2pMoVdq9643WRh12cb2pxfgU75HVeIq59YN7DSsVYHCFnbg5m1akiTi\/Ru67MAW1fLKKudnw9a9L2TADp6xcTvF3CVElv1Srd2G1G6VbRXIimFO0jpCYC2fWz864XweYrdbAajfX0ShT+0VC05YGdCS147vZvgMnlQWWm57g0SlcCBeHMdWp96Ou8dGM7cAZlh3fo0oUGD5ZfMoVWj9unTXiCmvscxE2BRsnnQwGj06WwTVSC3PVV497CyBlsbLTg16ZgTUgU6Zd0EDch8qzIbQY\/KZhsvWtfjgS0ztZFy+mx2N2GLttt03PxTP9hmefKJJxt+vzAeWnnv8FaUaiNk6NhtrY8pCHeZ0hMA7fmbQd+8A1g4PHCgRbWxpU6iRB97T7UiPJDQ3qdJq5Nj5V2SS+ehytoJx7wKyOuqedDpndNH6zpv\/NjWs4F166NWD8UvfpfUoGZZfga1MvLggTGAxmXfJ9M+M703MOXZwBWFDqrEdbYn\/RJ1CwfA9oysdtRFgU5ZNwUrl3VqKzjgxgO10jXtrbsyV9hrpwmL43QgOOllHGs1K88Xji6WHlDm+iSY\/YneqZDBoe6tr8yu1G6Fm6f0BEAvfF+9esUVS\/9WfQF8PbThcYgW2x9cu2Ly+QpN7BwHo6AFT0wjv4mjp1fMo72GgwraUr1Lnr1vPm1hnvEKgD+Jjql1+711\/+QQLcsAWk+LVh9q22ZGz+s7NOnxWXTaNkFL9rVlaVL9OfqoCFvO4ePIKr38sce89kRhaOy+i\/UxGRyl19vnEYy8FahaDRXolLeUxnBk66bvW81oVeMER\/WnBmqla1suonQfOEFZ9VdF+kRsjvz6247UloLxkft3GZi3yn0CoxNPDlzhFLUe4fb4hf73TsKNbZ+Wm0NlDaHl2l7bAujTIIb3NAGGrW42owGhErR\/+q4HvR3dLcI279FeK1fOQ23jwB4N4h\/5tFF5cBmvreVYP+qUx+GJvZeLQ43WbSQnW8flrGHaWuh82eGtBVUzAYQrDRwSaFuAkkXZjaWp67LcwECD6BCG+zs8cPGpEtqnR\/lNGwhW2jiQTvl7VXLbE068dKrL6CNYwfYXDBM5Tc4\/4iCOMuprtpC1XvN1SoP7FPb2Ld2EIXR8i5xWFxtY\/bTF9COdEtqEdToFhLo2BEEIrZdrnG772xCGA52mf+Lp4giOsKxGVjoltObXL07er\/mEUazjWG6SBVckJIsOwcwhfPQC1p6ew0ecmIYDfR9rpbN1qV4pLIjSx0CFnyi0\/eQcJzX3aFKwXiQKglA7ZAKoA97ZbGWZyeAvCHVHJgBBEISacqd\/CkIQBEG4OWQCEARBqCkyAQiCINQUmQAEQRBqikwAgiAINUUmAEEQhJoiE4AgCEJNkQlAEAShpsgEIAiCUFNkAhAEQagpMgEIgiDUlFv5LSDXSTZR\/meHrxuWBfRP5vKvZI4AitwvLgz1s81j7yd97zqOThdF2q+eEln3L4P\/o3p+veQ5RNdti38E3I+nw4IaO1BPOMG3mAz68OGp+qnr64R8L8DaDf0o4nW2O02eji7LYlcApBT+vXjsAMaTEH26AYz27477uDTXhrcCOd0I8P+FHrmEG4cHd3KPaNqt56mL2rYXDoMd7cRlAsPvaTCg+8pjWOyFi\/w1qLC6Dv75KB\/I1w\/5a9Zfa8wCJwDqBOTfNMUyZBd1d+DnibVbvzvTEZfbsLa5dUdWI\/Vm9OMYAsc9ovIYZvwls1cxL\/z5ivHcRX58A2hwmPaept1njvpJt4uCTQXfzFVI9ddcP0pvAV1cXMBgMICzs7PIJ3Alt5Cll0Tki5ScXOtLx3tUTpheRpsgZ\/lt4yzTQwjDMYyj7QraciHfvUpG2so4etCB1qehypPza8AhbctwfG\/rKlMGnW63BacDE27HzSqXuj99FpeFl4HsrUlhlzMhL0Ien8wE4m69pfgEYPmnsEpOw1lHsYxuvl7cPJ1yGDjP+1tEbtq2XvQWGN93y+LrLAjJf+Ms2b5Mu3N0r+WPrHo7jkqXfCjnT7x2W1Fygt\/mojb\/AuD71wAv6dm4Tp9fYLm\/rCYNIo\/MevPam721xDrFtDuoaRWX4j1nD2dGZ4n2ubEK0\/30tp1fR27bNunmthlH9oAcoWH1edsbfvnsfHPK7uC0TS0buPdi2bL6YZo+ESfPovbotmU7bqLfmrAyOroqNAGUodfrzbe3t6MPXVdidIDxDubH+jKLsze78903Z\/pqPj8+2I6uKWx7dzCPQifH8+MJ\/TuY76JMByN1G2PND7Z35wMKs0l9DstzYKRy41He2znXjjy5Muh8LNk5LX2dWS68M9iN0+TnbB16efryKZ3r64T+MY9IVo1OL9aHIpEvpZVbbiuNlHpnOXV4Im0q8xu6UunEbcHVha0\/QqVjld1gypShe1sWxi5bKrp8iTJn5a3vGzlMmfja1Usafjkpr0EU35ZB6cfVaxzuX7v1YsoUy8PPm3wpL1sGR0c6rqezRL2mxPHr1k9DkaLbgrLHqHzi5\/DOSD+Ton+SOXfssdPyZChqjxTuy+vETbSfKjq6PKW3gMjyt\/GvrwvyLWtbXksPcLmsl9nMbIqLQs1yG9o4u7JTcJw1Y+uLlt8Ap+9dB9Vpz9EyPpcQZ31tBZEsYDkzbz7Eay1PGRnCZ\/HMTX5bnbKklMtF7YWGXcuKWu7AKlkFP1pvTyx5ldPxGUzjTGAaOfPGPCJZbdDK+q1tSaXkSz6O4RQ+YFqX0mmESjvg9AxN6HTxihznowX2ImoLeP9ZqMtK+7co58tYn+w\/Wn9P4j5L5QtmSn7+Pv6IKRJoxb0bQ\/DoSfRsEvJxHO\/xR+8AitDbi\/R+YLN7rvf917Q\/YvrsuY7WGbVPbbcbyr+DOknqXekHorIgqD9qgwS3VWwNj83zSw3Uit0eMNSqY9an1hHLbludFNdur4grY36bSatb2hYrS6myW5jtNqK9Erc0n8Kxx9InLD+BFnV\/Tru4PZJvaFveRhRXY\/db4oo6KkvpCYC2fWz860JSGlwWtNxSnWLH2e6gCtqi7QkdZjrf+Rd8ZkwOrE1nUvGcykP4uRuirAxpZJXLJX0vlCcl7IxpMRzoPcsGLtPJmTfl00\/rKmmofMc42MVlo6WumliuplOVdtpL98kFBsxG7Pg8ypeW7VTW69y\/5Y48hiPS+ecPcDoLYdUaBLKhwQBb9KcPWvf2RJtPtO9\/3ofhrA3rNDFQ3XxP7wssuJwBNFLOAKTqvUIfK2RZp2XKRNsRph6cbZk08tsM1+0VKF92mqzXofWpp2UoPmiSNfbkUrI90laPSds9BZnkqjoqS+kJgPb8zaBv3gFUgjvaTL0sy4GUxPui2lpax07mwC+MlQUWnPT4NAUPgmgRmDjRJ21P8Ia4sgwp5XJZYqvBhztD0Igsj1wiK1SdRClnvap8ae\/UL1ts0VwWlbZjCWnYYkULiAdH+3Md+5\/nemBli0tZj7OTQ+jzi1x7NWKg\/VtzoicN\/ULYKwdbqtaKkaABht5\/kKVJnTxabdCA61nViUHYgtubj1OuK2JPPrSPTu+GTB1s4KpJPZXBTbaZqmXH+t1Uea+vzGC4502yFoVjz6Wh9wO0z78epd0pvUq+WUpPAPTC99WrVyw8\/VvpBTCDFfGSlttoJXvWJ8+6XDETthzCb00X9I6AnYy8GVw1UF5ujY\/cJfRnSs2Ft13s59CqOSqYictSVoZUMsrlopaA44FlxWj5Y33l8Bnz8CzDcsdddb58miVmgmUjCnWasMzs43f6RAwOvnaZ+jQx0fYVrgAOnUEX9UnppBgT9D3bZrIHUbXNA+HjeKCnQR9XAeNxlvWvrH1H9\/jtEC1Es\/XB22Ynr636d8MZLNvrkwA62iigSS5aIdKAixO5W+1qYnF0j4MxTUSqvdnHSVPKVRF7AmN96smLrVErXZ7Y9Pd08tsMy+7UrdJVWcqXfQKjE1sCJNNYKhh78ihsj7QiCqD11ORcfAT1qjoqyy38IRjNhtabdoIsvZdPUJFNaDpv7QNoY8cbfXnMlvQIJ4ojVIKJ6pwKwc7lnAoIAggfvYA1r0Pz23yjSMy38+gUhtFJDHMaQr2559MX\/mkV+w8xWFbrhEumDOd8AsA5JWLFhcxyKV1VOQXk\/gGWOnlA+T6HPrxGvUYxabUSPadh+dNPavn5BkEIrZfqj3PyderHDaGNltjICme5ow6BOltZhefdNurYOzmBYQGGbdI7Ai8s7NKefFx3EVymKQR0MilqVvHpDgPLaMmURp7uGafteuEc5p84ssuObT1F75ir119CTPcxpoty+u3NqlOWtbCtmrpWupxhe53N4nqMdeTqOsC8g5MpPOa04jbm6ALx9WW3GVdXIXRoC\/RdI\/WEi90+Ip3mlD0CjZ7+9yi3pbv4JJKtV637c1smd+xJ6FPHj0+L5bdHVxeqD5zCC46b7LeaCjq6LLfyl8CCcLegzpsyedSG7EFcuN8s8A\/BBOEuQpYcWm7+KQxBqAGyAhAEQagpsgIQBEGoKTIBCIIg1BSZAARBEGqKTACCIAg1RSYAQRCEmiITgCAIQk2RCUAQBKGmyAQgCIJQU2QCEARBqCkyAQiCINQUmQAEQRBqikwAgiAItQTg\/wEF\/zh87REnTAAAAABJRU5ErkJggg==\" alt=\"\"><\/p>","protected":false},"excerpt":{"rendered":"<p>Tegund:&nbsp;U06090003<\/p>","protected":false},"featured_media":80944,"comment_status":"closed","ping_status":"closed","template":"","meta":[],"product_brand":[],"product_cat":[588,788,515],"product_tag":[],"class_list":{"0":"post-71912","1":"product","2":"type-product","3":"status-publish","4":"has-post-thumbnail","6":"product_cat-handverkfaeri","7":"product_cat-topplyklasett","8":"product_cat-verkfaeralausnir","10":"first","11":"instock","12":"taxable","13":"shipping-taxable","14":"purchasable","15":"product-type-simple"},"yoast_head":"<!-- This site is optimized with the Yoast SEO plugin v27.3 - https:\/\/yoast.com\/product\/yoast-seo-wordpress\/ -->\n<title>USAG Topplyklasett 1\/4&quot; 609 1\/4 EAX U06090003 - V\u00e9lar &amp; Verkf\u00e6ri<\/title>\n<meta name=\"robots\" content=\"index, follow, max-snippet:-1, max-image-preview:large, max-video-preview:-1\" \/>\n<link rel=\"canonical\" href=\"https:\/\/velarogverkfaeri.is\/en\/verkfaeralausnir\/handverkfaeri\/topplyklasett\/product\/usag-topplyklasett-1-4-609-1-4-eax-u06090003\/\" \/>\n<meta property=\"og:locale\" content=\"en_US\" \/>\n<meta property=\"og:type\" content=\"article\" \/>\n<meta property=\"og:title\" content=\"USAG Topplyklasett 1\/4&quot; 609 1\/4 EAX U06090003 - V\u00e9lar &amp; Verkf\u00e6ri\" \/>\n<meta property=\"og:description\" content=\"Tegund:&nbsp;U06090003\" \/>\n<meta property=\"og:url\" content=\"https:\/\/velarogverkfaeri.is\/en\/verkfaeralausnir\/handverkfaeri\/topplyklasett\/product\/usag-topplyklasett-1-4-609-1-4-eax-u06090003\/\" \/>\n<meta property=\"og:site_name\" content=\"V\u00e9lar &amp; Verkf\u00e6ri\" \/>\n<meta property=\"article:publisher\" content=\"https:\/\/www.facebook.com\/VelarOgVerkfaeri\" \/>\n<meta property=\"article:modified_time\" content=\"2026-03-05T13:46:11+00:00\" \/>\n<meta name=\"twitter:card\" content=\"summary_large_image\" \/>\n<script type=\"application\/ld+json\" class=\"yoast-schema-graph\">{\"@context\":\"https:\\\/\\\/schema.org\",\"@graph\":[{\"@type\":\"WebPage\",\"@id\":\"https:\\\/\\\/velarogverkfaeri.is\\\/verkfaeralausnir\\\/handverkfaeri\\\/topplyklasett\\\/product\\\/usag-topplyklasett-1-4-609-1-4-eax-u06090003\\\/\",\"url\":\"https:\\\/\\\/velarogverkfaeri.is\\\/verkfaeralausnir\\\/handverkfaeri\\\/topplyklasett\\\/product\\\/usag-topplyklasett-1-4-609-1-4-eax-u06090003\\\/\",\"name\":\"USAG Topplyklasett 1\\\/4\\\" 609 1\\\/4 EAX U06090003 - V\u00e9lar &amp; Verkf\u00e6ri\",\"isPartOf\":{\"@id\":\"https:\\\/\\\/velarogverkfaeri.is\\\/en\\\/#website\"},\"primaryImageOfPage\":{\"@id\":\"https:\\\/\\\/velarogverkfaeri.is\\\/verkfaeralausnir\\\/handverkfaeri\\\/topplyklasett\\\/product\\\/usag-topplyklasett-1-4-609-1-4-eax-u06090003\\\/#primaryimage\"},\"image\":{\"@id\":\"https:\\\/\\\/velarogverkfaeri.is\\\/verkfaeralausnir\\\/handverkfaeri\\\/topplyklasett\\\/product\\\/usag-topplyklasett-1-4-609-1-4-eax-u06090003\\\/#primaryimage\"},\"thumbnailUrl\":\"https:\\\/\\\/velarogverkfaeri.is\\\/wp-content\\\/uploads\\\/2026\\\/03\\\/aa8355bd-d04e-40c6-a57e-551b4053f8ee.png\",\"datePublished\":\"2025-05-10T15:56:18+00:00\",\"dateModified\":\"2026-03-05T13:46:11+00:00\",\"breadcrumb\":{\"@id\":\"https:\\\/\\\/velarogverkfaeri.is\\\/verkfaeralausnir\\\/handverkfaeri\\\/topplyklasett\\\/product\\\/usag-topplyklasett-1-4-609-1-4-eax-u06090003\\\/#breadcrumb\"},\"inLanguage\":\"en-US\",\"potentialAction\":[{\"@type\":\"ReadAction\",\"target\":[\"https:\\\/\\\/velarogverkfaeri.is\\\/verkfaeralausnir\\\/handverkfaeri\\\/topplyklasett\\\/product\\\/usag-topplyklasett-1-4-609-1-4-eax-u06090003\\\/\"]}]},{\"@type\":\"ImageObject\",\"inLanguage\":\"en-US\",\"@id\":\"https:\\\/\\\/velarogverkfaeri.is\\\/verkfaeralausnir\\\/handverkfaeri\\\/topplyklasett\\\/product\\\/usag-topplyklasett-1-4-609-1-4-eax-u06090003\\\/#primaryimage\",\"url\":\"https:\\\/\\\/velarogverkfaeri.is\\\/wp-content\\\/uploads\\\/2026\\\/03\\\/aa8355bd-d04e-40c6-a57e-551b4053f8ee.png\",\"contentUrl\":\"https:\\\/\\\/velarogverkfaeri.is\\\/wp-content\\\/uploads\\\/2026\\\/03\\\/aa8355bd-d04e-40c6-a57e-551b4053f8ee.png\",\"width\":756,\"height\":774},{\"@type\":\"BreadcrumbList\",\"@id\":\"https:\\\/\\\/velarogverkfaeri.is\\\/verkfaeralausnir\\\/handverkfaeri\\\/topplyklasett\\\/product\\\/usag-topplyklasett-1-4-609-1-4-eax-u06090003\\\/#breadcrumb\",\"itemListElement\":[{\"@type\":\"ListItem\",\"position\":1,\"name\":\"Home\",\"item\":\"https:\\\/\\\/velarogverkfaeri.is\\\/\"},{\"@type\":\"ListItem\",\"position\":2,\"name\":\"Vefverslun\",\"item\":\"https:\\\/\\\/velarogverkfaeri.is\\\/vefverslun\\\/\"},{\"@type\":\"ListItem\",\"position\":3,\"name\":\"USAG Topplyklasett 1\\\/4&#8243; 609 1\\\/4 EAX U06090003\"}]},{\"@type\":\"WebSite\",\"@id\":\"https:\\\/\\\/velarogverkfaeri.is\\\/en\\\/#website\",\"url\":\"https:\\\/\\\/velarogverkfaeri.is\\\/en\\\/\",\"name\":\"V\u00e9lar & Verkf\u00e6ri\",\"description\":\"Umbo\u00f0s- og heildverslun fr\u00e1 \u00e1rinu 1919\",\"publisher\":{\"@id\":\"https:\\\/\\\/velarogverkfaeri.is\\\/en\\\/#organization\"},\"potentialAction\":[{\"@type\":\"SearchAction\",\"target\":{\"@type\":\"EntryPoint\",\"urlTemplate\":\"https:\\\/\\\/velarogverkfaeri.is\\\/en\\\/?s={search_term_string}\"},\"query-input\":{\"@type\":\"PropertyValueSpecification\",\"valueRequired\":true,\"valueName\":\"search_term_string\"}}],\"inLanguage\":\"en-US\"},{\"@type\":\"Organization\",\"@id\":\"https:\\\/\\\/velarogverkfaeri.is\\\/en\\\/#organization\",\"name\":\"V\u00e9lar & Verkf\u00e6ri\",\"url\":\"https:\\\/\\\/velarogverkfaeri.is\\\/en\\\/\",\"logo\":{\"@type\":\"ImageObject\",\"inLanguage\":\"en-US\",\"@id\":\"https:\\\/\\\/velarogverkfaeri.is\\\/en\\\/#\\\/schema\\\/logo\\\/image\\\/\",\"url\":\"https:\\\/\\\/velarogverkfaeri.is\\\/wp-content\\\/uploads\\\/2021\\\/10\\\/vv_logo_350x100.png\",\"contentUrl\":\"https:\\\/\\\/velarogverkfaeri.is\\\/wp-content\\\/uploads\\\/2021\\\/10\\\/vv_logo_350x100.png\",\"width\":350,\"height\":100,\"caption\":\"V\u00e9lar & Verkf\u00e6ri\"},\"image\":{\"@id\":\"https:\\\/\\\/velarogverkfaeri.is\\\/en\\\/#\\\/schema\\\/logo\\\/image\\\/\"},\"sameAs\":[\"https:\\\/\\\/www.facebook.com\\\/VelarOgVerkfaeri\"]}]}<\/script>\n<!-- \/ Yoast SEO plugin. -->","yoast_head_json":{"title":"USAG Topplyklasett 1\/4\" 609 1\/4 EAX U06090003 - V\u00e9lar &amp; Verkf\u00e6ri","robots":{"index":"index","follow":"follow","max-snippet":"max-snippet:-1","max-image-preview":"max-image-preview:large","max-video-preview":"max-video-preview:-1"},"canonical":"https:\/\/velarogverkfaeri.is\/en\/verkfaeralausnir\/handverkfaeri\/topplyklasett\/product\/usag-topplyklasett-1-4-609-1-4-eax-u06090003\/","og_locale":"en_US","og_type":"article","og_title":"USAG Topplyklasett 1\/4\" 609 1\/4 EAX U06090003 - V\u00e9lar &amp; Verkf\u00e6ri","og_description":"Tegund:&nbsp;U06090003","og_url":"https:\/\/velarogverkfaeri.is\/en\/verkfaeralausnir\/handverkfaeri\/topplyklasett\/product\/usag-topplyklasett-1-4-609-1-4-eax-u06090003\/","og_site_name":"V\u00e9lar &amp; Verkf\u00e6ri","article_publisher":"https:\/\/www.facebook.com\/VelarOgVerkfaeri","article_modified_time":"2026-03-05T13:46:11+00:00","twitter_card":"summary_large_image","schema":{"@context":"https:\/\/schema.org","@graph":[{"@type":"WebPage","@id":"https:\/\/velarogverkfaeri.is\/verkfaeralausnir\/handverkfaeri\/topplyklasett\/product\/usag-topplyklasett-1-4-609-1-4-eax-u06090003\/","url":"https:\/\/velarogverkfaeri.is\/verkfaeralausnir\/handverkfaeri\/topplyklasett\/product\/usag-topplyklasett-1-4-609-1-4-eax-u06090003\/","name":"USAG Topplyklasett 1\/4\" 609 1\/4 EAX U06090003 - V\u00e9lar &amp; Verkf\u00e6ri","isPartOf":{"@id":"https:\/\/velarogverkfaeri.is\/en\/#website"},"primaryImageOfPage":{"@id":"https:\/\/velarogverkfaeri.is\/verkfaeralausnir\/handverkfaeri\/topplyklasett\/product\/usag-topplyklasett-1-4-609-1-4-eax-u06090003\/#primaryimage"},"image":{"@id":"https:\/\/velarogverkfaeri.is\/verkfaeralausnir\/handverkfaeri\/topplyklasett\/product\/usag-topplyklasett-1-4-609-1-4-eax-u06090003\/#primaryimage"},"thumbnailUrl":"https:\/\/velarogverkfaeri.is\/wp-content\/uploads\/2026\/03\/aa8355bd-d04e-40c6-a57e-551b4053f8ee.png","datePublished":"2025-05-10T15:56:18+00:00","dateModified":"2026-03-05T13:46:11+00:00","breadcrumb":{"@id":"https:\/\/velarogverkfaeri.is\/verkfaeralausnir\/handverkfaeri\/topplyklasett\/product\/usag-topplyklasett-1-4-609-1-4-eax-u06090003\/#breadcrumb"},"inLanguage":"en-US","potentialAction":[{"@type":"ReadAction","target":["https:\/\/velarogverkfaeri.is\/verkfaeralausnir\/handverkfaeri\/topplyklasett\/product\/usag-topplyklasett-1-4-609-1-4-eax-u06090003\/"]}]},{"@type":"ImageObject","inLanguage":"en-US","@id":"https:\/\/velarogverkfaeri.is\/verkfaeralausnir\/handverkfaeri\/topplyklasett\/product\/usag-topplyklasett-1-4-609-1-4-eax-u06090003\/#primaryimage","url":"https:\/\/velarogverkfaeri.is\/wp-content\/uploads\/2026\/03\/aa8355bd-d04e-40c6-a57e-551b4053f8ee.png","contentUrl":"https:\/\/velarogverkfaeri.is\/wp-content\/uploads\/2026\/03\/aa8355bd-d04e-40c6-a57e-551b4053f8ee.png","width":756,"height":774},{"@type":"BreadcrumbList","@id":"https:\/\/velarogverkfaeri.is\/verkfaeralausnir\/handverkfaeri\/topplyklasett\/product\/usag-topplyklasett-1-4-609-1-4-eax-u06090003\/#breadcrumb","itemListElement":[{"@type":"ListItem","position":1,"name":"Home","item":"https:\/\/velarogverkfaeri.is\/"},{"@type":"ListItem","position":2,"name":"Vefverslun","item":"https:\/\/velarogverkfaeri.is\/vefverslun\/"},{"@type":"ListItem","position":3,"name":"USAG Topplyklasett 1\/4&#8243; 609 1\/4 EAX U06090003"}]},{"@type":"WebSite","@id":"https:\/\/velarogverkfaeri.is\/en\/#website","url":"https:\/\/velarogverkfaeri.is\/en\/","name":"V\u00e9lar & Verkf\u00e6ri","description":"Umbo\u00f0s- og heildverslun fr\u00e1 \u00e1rinu 1919","publisher":{"@id":"https:\/\/velarogverkfaeri.is\/en\/#organization"},"potentialAction":[{"@type":"SearchAction","target":{"@type":"EntryPoint","urlTemplate":"https:\/\/velarogverkfaeri.is\/en\/?s={search_term_string}"},"query-input":{"@type":"PropertyValueSpecification","valueRequired":true,"valueName":"search_term_string"}}],"inLanguage":"en-US"},{"@type":"Organization","@id":"https:\/\/velarogverkfaeri.is\/en\/#organization","name":"V\u00e9lar & Verkf\u00e6ri","url":"https:\/\/velarogverkfaeri.is\/en\/","logo":{"@type":"ImageObject","inLanguage":"en-US","@id":"https:\/\/velarogverkfaeri.is\/en\/#\/schema\/logo\/image\/","url":"https:\/\/velarogverkfaeri.is\/wp-content\/uploads\/2021\/10\/vv_logo_350x100.png","contentUrl":"https:\/\/velarogverkfaeri.is\/wp-content\/uploads\/2021\/10\/vv_logo_350x100.png","width":350,"height":100,"caption":"V\u00e9lar & Verkf\u00e6ri"},"image":{"@id":"https:\/\/velarogverkfaeri.is\/en\/#\/schema\/logo\/image\/"},"sameAs":["https:\/\/www.facebook.com\/VelarOgVerkfaeri"]}]}},"_links":{"self":[{"href":"https:\/\/velarogverkfaeri.is\/en\/wp-json\/wp\/v2\/product\/71912","targetHints":{"allow":["GET"]}}],"collection":[{"href":"https:\/\/velarogverkfaeri.is\/en\/wp-json\/wp\/v2\/product"}],"about":[{"href":"https:\/\/velarogverkfaeri.is\/en\/wp-json\/wp\/v2\/types\/product"}],"replies":[{"embeddable":true,"href":"https:\/\/velarogverkfaeri.is\/en\/wp-json\/wp\/v2\/comments?post=71912"}],"wp:featuredmedia":[{"embeddable":true,"href":"https:\/\/velarogverkfaeri.is\/en\/wp-json\/wp\/v2\/media\/80944"}],"wp:attachment":[{"href":"https:\/\/velarogverkfaeri.is\/en\/wp-json\/wp\/v2\/media?parent=71912"}],"wp:term":[{"taxonomy":"product_brand","embeddable":true,"href":"https:\/\/velarogverkfaeri.is\/en\/wp-json\/wp\/v2\/product_brand?post=71912"},{"taxonomy":"product_cat","embeddable":true,"href":"https:\/\/velarogverkfaeri.is\/en\/wp-json\/wp\/v2\/product_cat?post=71912"},{"taxonomy":"product_tag","embeddable":true,"href":"https:\/\/velarogverkfaeri.is\/en\/wp-json\/wp\/v2\/product_tag?post=71912"}],"curies":[{"name":"wp","href":"https:\/\/api.w.org\/{rel}","templated":true}]}}