{"id":71911,"date":"2025-05-10T15:56:18","date_gmt":"2025-05-10T15:56:18","guid":{"rendered":"https:\/\/velarogverkfaeri.is\/?post_type=product&#038;p=71911"},"modified":"2026-03-05T13:46:09","modified_gmt":"2026-03-05T13:46:09","slug":"usag-topplyklasett-1-4-609-1-4-skx-u06090004","status":"publish","type":"product","link":"https:\/\/velarogverkfaeri.is\/en\/verkfaeralausnir\/handverkfaeri\/topplyklasett\/product\/usag-topplyklasett-1-4-609-1-4-skx-u06090004\/","title":{"rendered":"USAG Topplyklasett 1\/4&#8243; 609 1\/4 SKX U06090004"},"content":{"rendered":"<p><img decoding=\"async\" src=\"data:image\/png;base64,iVBORw0KGgoAAAANSUhEUgAAAVIAAABPCAYAAAC56k0eAAAAAXNSR0IArs4c6QAAAARnQU1BAACxjwv8YQUAAAAJcEhZcwAADsMAAA7DAcdvqGQAABKzSURBVHhe7Z3PaxxJlsffTs9h8Qwmd1wYYauhGNWCmzVmZlUY9cX0wB6qYA7ybVgELe9Zxz3qMND6C8Y6twXWpWFZiz64ansOY3RYFXYV9AhDm0UCMS73eo3aW8yCZ2EP2vdeRGRGZmVWZlaWJP\/4fuhqVVZmxu94+SIiHd+\/OmEIAADA1PzI\/gUAADAlMKQAAFARGFIAAKgIDCkAAFQEhhQAACoCQwoAABWBIQUAgIrAkAIAQEXO1ZD2tzdoY8P\/bFL3hT35jtDf3qa+\/Z5E87edeZa2Jc+Z56sxKV2zYNjZTE27\/r7ZpaE9Pm9MG\/PK4kWXtjt+6kw9bA\/s4Smh5aJt3KWF4y1U90Wvq87bVnf5nG4fKsP5GFJuzJtcAF1q0fr6evRpB9S\/d7oGYLb06dmR\/VoWeWAE\/N+lOXM8Uyqk671CTIIUco1cKQ\/3D2hkv58Z3N53BgG1tJ2vUFN+GzyjQlVU9LoPkVPtQ+U4B0M6pO6DPo3qbERXtElFLK5EDe1d4MXx9J3yapNW1tZprT1vf5ghVdL1XjFPzZU1Wl9r8TfDyx\/OoWRecn14xlwYviqWjqLXfZCcZh8qSel\/a\/\/q1SvqdDr0\/Plz+vjjj6ndbtPly5ft2QKIN3rvgBp31qh11f6WgQw1tgZRQ6q312ll0XyXIVvvUosah13qyyVBk1bXavRoo2uf4AE1XRwa5zEt3alR7x4bcT1fZw\/BGW027ptbJhxBw4o6n7nf3cenF1dp7fIj2uj4voIfnkHSKF53i\/\/ftZfqvVrxJs7jT02eNK8\/LHnXSnif0bGXLj\/\/NNiOxR+eS\/zupytenl56Xfm0ibp6ry27lxlxMC69yYeh\/n7YoNbCAXVdXImHppZLGKyrJ1sHnKKo7GXoxvXp36\/5o\/G6C7xrvDZ2fd+lcy5ex4ypi5caBy02aTRwdey1HZ+0dmA7cVZbTf4ubWsp6FMvVkUpTgUTLyfGuy69DPmrl3eXflcnY+Wq3xkbrruuyenru5MZacsKQ0gvi5R6EmL1GQ\/TL9+x\/q7xmTrN7kPuOhdfIs0WP56pEUNahq2trZMvvvgi\/MhxKfr3+b77J0\/sYRbPH96NXzfsnNzl+O73zeGT+xL\/3ZPOMP1Y77\/bOXkuB\/be8JjR6++b0OXauw\/dGXMuPE7EKzx\/2DHp0nPZeTFp8u6NhfX8pHM3Omfym30cL7cnJ\/fHymbCMTNWnhJesnxseRgmx6Hhxa43uHRH5SnhRMdaJl49mHy5ejNl4l\/r14shXm5h2jPSlkzneJgmfWNtw0+jEk+b8Lz\/RK8ZK1ubpljdJcLLKr8kaddNLEONO+oHgoYRXh+vD6Xf0etNPsbLNjwOyQsjoyxibVjw6zIZZryeNc+JfCWvyUt\/su7H28L0lB7aiyfqkzyeDUN6ejjiJ5nn4V1t0VKd6Og7bwa1zk8f+9SduySTJQ26bo\/nL\/Px6JhemkOGn9q3Iy+z+YkE9oyfUXxtey32RJKwRj+YO3VOjb2Iz5wnyMy3W1G68uAnYuhFpuXBx4tH089e4zV371yNczCiY12M4yGN7\/1e9c+lkVKei5\/x9wN6Gt7D5fMrP1dl4\/DgfCyH5Sl54jsPn3IqZO42Xg+ajmBEB\/synzlPrdsc42CHPeNt6o78cBzzVOOicWUo9UOLXB8chkmbzesnfl7yqX+aaBuxthPh2oUwz17sfNG2mot4S7IYZT6bsQUxn7wyzEHnXOs8+vDKlcsv9L79tn71OjWkG71KhJsZRk5ZaDqPqOfy9uIpHYxsG5cwY+2G28Kn9cz+nklm+od07A0MZk1pQyrDeZ\/kcS4xg5DFy9RMq7HkBl6gueSTSIcMC1wj9oclOqcW1KJG+9bgd7zx4UocU55HnaijbmzIMJfzn2YtQsrEUYDUuVtjGEMDxR1vmTtCf8Bd1TNuPtFDUDouUeNGk64vkDEkfuecKdyx19Z12GjKw71hMqu2Kg+uaOE1c6hZpAwnoHOuifnasmSHkVcW81xP7qHKdfwHWSu5pkZXwxz1aStsb\/yRaaVZ9Xetv1VqHG6F4ac\/qKejtCGVOVFnPN0caSn0KTHSQsxmThtGkpkaNVkAYFNa4yeczL\/oPJptxKvsQTlmarw5FGlolVcZZR5so0e1O67jtdg\/mIQpT5mrcnl0n9BbTlI6jmzCelOvNkmiTDjenQGblUX2RtgrTW0li9c4LfwQGLDRJDMKmb\/RIOIO2pcRhO2cp0FzxZZH+IbJGbRVnyJlOIHxkVp5ssPIL4v59hLVRzISsp61HQVpmOxNrnptUz\/+WkVFhp0dOlhYPZWwSxtSWVj6\/PPPNSHyt9RCk2KGb8ERP9kT73+pV6jvsZknV6wjcQeTCfqyQ7YI3\/saUndPApMOZxphFK4Znjikgwb8pHwUvmfI926XeNfON8KDR+wFBuxBVaw+eQh40xj5r8jY8tyLp3v4YkIuSsfh4XeyWL016VqdH6IPvHTEyoTL9kGfgvYatXh42KofcVmnmVIbTofPLVw3nUEe0GxWe1MM64vSHyTSol7ZabTVSeSUoZuC8dq6357NQ8gbXjOl3znODKNIWZj0Hzzo8VDea18SZqyfCUNuo\/brDNCH7SDySPUzo\/dmf2z\/ni08fFtbv64rbjJkDJEn0u3r+lXmLVdpU119d4W\/alwebl57Mlywh95qnszFbMiwV8\/xU5K9IfpBT5m0to+983xFvUk1ruB59a63qKtp5PtSVnqD4Jh2+LxrypKH3HmePGSuaW+Ly8Y2V06PzJGFpKVLylNWNfk3RxDUqXGbDZY9jpEXxyS4+J559Saroq7exKMjGQG4cMNysyuqUi\/htS0ORx64FF\/pZWR43z0aeQ8l6cRi7Oq0NKGN6H0dbnfSYbUNmN\/z6dPxXo\/bQJgrTveKMeJTtFV9QN+TaQK+Q9p9hneUdl12Gcr3Jq20n42350P5LvD5O8e0ec+WgVCvUytmwPLIDqNIvxUvVN6eqbf9PMvUhmTL66Oc9mBxidauzuKBxO1L3kxhBzAKzbS5RwNvHWNKPgypEX4qFn3lCgDwHpJmA\/Q3Ma7e4tiUwJACAD4MJrxjXRWI3wEAQEXO4Z+IAgDA+wUMKQAAVASGFAAAKgJDCgAAFYEhBQCAisCQAgBARWBIAQCgIjCkAABQERhSAACoCAwpAABU5KPfMvb7GSK7rnxJX+\/u0q5+9unNwk1qXLSnp0H+Pf3vuvR6qnA4Pdvf040bV+xxEWwe\/nSBbpW678NCtkb83b+9pp\/fbJBfLfr7V48r1nteHZjz+z+5RagicJqcg0cqIlhdGi16G6zKJrkTN3o+ZcrstemQfRJlL9q3QAr23cVsrD01qAPwlnD2hlSlIBKbG4sMc2K\/ybNkKsnbt0gK9l1E9q2sLL2NOgBvCWcvx6zDLbuBb4bxVFnVMTlXe8DEpWjtVlhjW+XZeNymuXo+ktJ1YU6SvHWkxqeetZOCNd99qV8hknm1aTE\/T5B\/zb5Oy2SS1Gwifw7J57Xv0qRsrfxuWM52c2CVYB55GwULJn8i0yDpid+X2Ioslo5A9vulo5EvBWyRLc32avZ3yXePau0GHXSie6M0JMo33AjZrwNzKlZXHHn9iA+89hM7P2FDZQBKIYa0DJXlmBknm2o+KdKxE6Rtx6Vyn5x0RFI1JkObkHYdk5WV81G8GmeWNO6YhOyTkycaTkIW2CcmvztZZjZi8nWTpWaTYcaPU6Vs5f6kpK8em3tjMrVefsbqp0Be4\/VlSbnPv86vZ43TD2PIdaB5SSujRNq8Mku2nYn1DkAJSg\/tZyHHbIZ1TmRuRP17Tn42T9pWBLPY0YipSzapFfPuxEsxc7ChN6eCaL6cgJFsLSRfq0Rqo3JvMwwnBfHIxKNzcrlFZGaFItfx+XSp2XT1xhhJKVuRUPG9MVFVVa0lE+9IdIDsqf53RxSoNlJK\/YgkiZN1TsmDaPgUZaIksv+dh\/TNsbnVtLSJtpBjXMZYhdisJDcAVShtSCvLMXv4BtVItObIuaoUbUC1zLUFMcoyBIxrbquKoYjtiR6M\/cjQtIh8rc7f3uEhJxt7vTdVjM3BRtyJt9mOXlRmtpocrejdtIhCuWUug6CADo0YfReXPy1gxc2eiR4PX9NjA2TmtCfLOk8111wAbSdtUg0qiTNd8z3nYaJtxzy0o7TLNIr\/kARgOkob0spyzCmoFKuSI+c6ppCYRObV1o36pKcOqIZY5gXdWwLuU3SBS8X65J5Vao7E40w3bf3tcQNWVGa2qhxtf7urc4HhfXl5kzlKKwam199pcuk5xPMN1Bs23rzzZqeQdZ4V8kDTuFoUDLZou5RYG6Ntx7SPeNr9uWAApqO0Ia0sxywdOCaByl7cnhs65sm5ipQre0S+rDCHl+xUzRU2eBzClvUeVYnxqEdd3\/N4MSzg6TEv+tRPeCzB5RTTxunojtgQJg1YUZnZinK0MhSOe4r8meA9q\/fo6b+rwbTfBVdmOzF5Y1s\/GbLOek8sD\/J9Bl7qgOvAfjWkjUrG28aw0\/Nea7MyxonX7CZKUgNQkDPXbFJt8O+8lWcmuYo9edU+sYLLg9B6+xqtzIk8rL9q767zV\/W94WsQUH1hmVYkXv+ceIWeFzhkA7nDQ+woOrdSbsI3K8bx1XZHlO7keSsz204Y3QnXaZkc+qvfJn5dSb\/xlDYfEC373qvmyZRH7Q8b1KXk2wjJNwTYIx0c0zVvBV5XuOXhkPCKk\/UTyjpLucuDMhQY47KXIXm4Ou8h18VW7Y1HHdazhkNad8Tx9WQqxp6K2otfB3Im3jaCRfOmQuaqPhNwfS9xGpI1AUAZIH73PuAZndAgxAwVAOA0gSF9T0h6iXhHEoCzA4YUAAAqcvb\/RBQAAN4zYEgBAKAiMKQAAFARGFIAAKgIDCkAAFQEhhQAACoCQwoAABWBIQUAgIrAkAIAQEVgSAEAoCIwpAAAUJFzMKSy1dlGYk\/SJLKt2uT9NJP0t709TPOQnZEmxj+ObApSJj2pyNZ2nK+sjaFnTiKfsoXcxkaJcgIAFOL8PNKxTYwj4hvyFsFoOb0rpG4MfeqIOZVd+GsEFXgAZsu5GdJ6XXZ0T\/OOjIGt1yPhi1xUj+cdwEqWRJtUnyXz1FxZKyxdAgAozjno2rtdzVepthdppTt0B3Nq0eqlnuq4R7u6J3d0t\/fppsa+OxrXnR\/XQmcmbXqc2EnfxaP7fU5IT3z\/z6y45Z4e1ewu\/i7MabTq48Y4kRYXRiKfsTxo2Me0dKdGvTCOhEY9AKAQpT1SZ0QF+SvH0zFPrdvS2XciLSXu3KJY2fxVsisbQyESy0awbJUah1YATVU+RbhNjICcM4Zg2NlRI+1EzlpBn3by5iat4Qo8cbdlesqxJ0mmx4S\/ZecjJe4+pyIUsrtdo5dZ2ktHXXr2ib1O8sHHRoOKjbEqktpzIrxnhefSjKiflvVPjuP6VJkccRxEy\/Y+FQ2sOg8MwAdIaUM6C137ENWsjwTJ9O\/i8riqY1FteA+R8PU9XVESzZNfVgE4jifUjmfm2yl6PmPpITX+wcjquwu5OuwWP76yWvWCpIUfIr78NC22CipjxnXeVUseOu8AlKa0IZ2lrr2gBkgUPjvbPLxNGATLtJrvutJur4\/JcGQQyj7b4yxS9ds9qehiOux5FNOq17TMagFpzuahoHIpAMBQ2pDOXNeevdJlNg79wREFi5+lzs9No\/kuc606H2ivXV3MX7xS\/fsc4yxEOvweuuDlyQRX1WFnimjVa1p877cKL20eCnmzAABHaUNaWdc+hfn2MjXr8aFyjNKa70MdFkd67EN6epjvkY7rsg+py8ZszLDa9PhzrjItMQoadF2MUCEd9nwKadVLWnhw3\/PTUvidWuNBGzive+zle1r3AIBifPRbxn4\/I\/5MB4+\/pTcf36IbV+xPdJEabMQu2iPhzweP6du\/zNMtvegK3bh1gfa\/\/JK+3t2lXf0c0dFHP6Kbf8vnL\/41vd5\/RLvfyO\/79GbhH6j1N3+irztfh9de+bs5+v4vNRPef+7T7vAC\/eJmPE662KCbP\/Hv43QGVyi41KCf\/td4ev7jq38J03Mgi0vWQ+7\/8V+p99U39I2eO2Bj9xv6x7+XmL6n\/d0hXfjlTWrwoebxv3\/mpcOUzeuf\/YJuXvh32vz9BfrNP\/8T\/frWLboln4U3tP9on14vmPsNnBb+\/fHDhzY+TksQUOP\/bvCZeD5jZfo\/B\/T42zf0v8ecTi23b+n7uaT2PQCgCFARfVvR17pOUate31A4oIZ9FQsAMD0wpG8x+t7naWnVw5ACMDNgSAEAoCKlF5sAAADEgSEFAICKwJACAEBFYEgBAKAiMKQAAFARGFIAAKgIDCkAAFQEhhQAACoCQwoAABWBIQUAgEoQ\/T9PtTXpBmM1XQAAAABJRU5ErkJggg==\" alt=\"\"><\/p>","protected":false},"excerpt":{"rendered":"<p>Tegund:&nbsp;U06090004<\/p>","protected":false},"featured_media":80943,"comment_status":"closed","ping_status":"closed","template":"","meta":[],"product_brand":[],"product_cat":[588,788,515],"product_tag":[],"class_list":{"0":"post-71911","1":"product","2":"type-product","3":"status-publish","4":"has-post-thumbnail","6":"product_cat-handverkfaeri","7":"product_cat-topplyklasett","8":"product_cat-verkfaeralausnir","10":"first","11":"instock","12":"taxable","13":"shipping-taxable","14":"purchasable","15":"product-type-simple"},"yoast_head":"<!-- This site is optimized with the Yoast SEO plugin v27.3 - https:\/\/yoast.com\/product\/yoast-seo-wordpress\/ -->\n<title>USAG Topplyklasett 1\/4&quot; 609 1\/4 SKX U06090004 - V\u00e9lar &amp; Verkf\u00e6ri<\/title>\n<meta name=\"robots\" content=\"index, follow, max-snippet:-1, max-image-preview:large, max-video-preview:-1\" \/>\n<link rel=\"canonical\" href=\"https:\/\/velarogverkfaeri.is\/en\/verkfaeralausnir\/handverkfaeri\/topplyklasett\/product\/usag-topplyklasett-1-4-609-1-4-skx-u06090004\/\" \/>\n<meta property=\"og:locale\" content=\"en_US\" \/>\n<meta property=\"og:type\" content=\"article\" \/>\n<meta property=\"og:title\" content=\"USAG Topplyklasett 1\/4&quot; 609 1\/4 SKX U06090004 - V\u00e9lar &amp; Verkf\u00e6ri\" \/>\n<meta property=\"og:description\" content=\"Tegund:&nbsp;U06090004\" \/>\n<meta property=\"og:url\" content=\"https:\/\/velarogverkfaeri.is\/en\/verkfaeralausnir\/handverkfaeri\/topplyklasett\/product\/usag-topplyklasett-1-4-609-1-4-skx-u06090004\/\" \/>\n<meta property=\"og:site_name\" content=\"V\u00e9lar &amp; Verkf\u00e6ri\" \/>\n<meta property=\"article:publisher\" content=\"https:\/\/www.facebook.com\/VelarOgVerkfaeri\" \/>\n<meta property=\"article:modified_time\" content=\"2026-03-05T13:46:09+00:00\" \/>\n<meta name=\"twitter:card\" content=\"summary_large_image\" \/>\n<script type=\"application\/ld+json\" class=\"yoast-schema-graph\">{\"@context\":\"https:\\\/\\\/schema.org\",\"@graph\":[{\"@type\":\"WebPage\",\"@id\":\"https:\\\/\\\/velarogverkfaeri.is\\\/verkfaeralausnir\\\/handverkfaeri\\\/topplyklasett\\\/product\\\/usag-topplyklasett-1-4-609-1-4-skx-u06090004\\\/\",\"url\":\"https:\\\/\\\/velarogverkfaeri.is\\\/verkfaeralausnir\\\/handverkfaeri\\\/topplyklasett\\\/product\\\/usag-topplyklasett-1-4-609-1-4-skx-u06090004\\\/\",\"name\":\"USAG Topplyklasett 1\\\/4\\\" 609 1\\\/4 SKX U06090004 - V\u00e9lar &amp; Verkf\u00e6ri\",\"isPartOf\":{\"@id\":\"https:\\\/\\\/velarogverkfaeri.is\\\/en\\\/#website\"},\"primaryImageOfPage\":{\"@id\":\"https:\\\/\\\/velarogverkfaeri.is\\\/verkfaeralausnir\\\/handverkfaeri\\\/topplyklasett\\\/product\\\/usag-topplyklasett-1-4-609-1-4-skx-u06090004\\\/#primaryimage\"},\"image\":{\"@id\":\"https:\\\/\\\/velarogverkfaeri.is\\\/verkfaeralausnir\\\/handverkfaeri\\\/topplyklasett\\\/product\\\/usag-topplyklasett-1-4-609-1-4-skx-u06090004\\\/#primaryimage\"},\"thumbnailUrl\":\"https:\\\/\\\/velarogverkfaeri.is\\\/wp-content\\\/uploads\\\/2026\\\/03\\\/97e2530c-76c5-47a3-b56e-f65112b3b4ae.png\",\"datePublished\":\"2025-05-10T15:56:18+00:00\",\"dateModified\":\"2026-03-05T13:46:09+00:00\",\"breadcrumb\":{\"@id\":\"https:\\\/\\\/velarogverkfaeri.is\\\/verkfaeralausnir\\\/handverkfaeri\\\/topplyklasett\\\/product\\\/usag-topplyklasett-1-4-609-1-4-skx-u06090004\\\/#breadcrumb\"},\"inLanguage\":\"en-US\",\"potentialAction\":[{\"@type\":\"ReadAction\",\"target\":[\"https:\\\/\\\/velarogverkfaeri.is\\\/verkfaeralausnir\\\/handverkfaeri\\\/topplyklasett\\\/product\\\/usag-topplyklasett-1-4-609-1-4-skx-u06090004\\\/\"]}]},{\"@type\":\"ImageObject\",\"inLanguage\":\"en-US\",\"@id\":\"https:\\\/\\\/velarogverkfaeri.is\\\/verkfaeralausnir\\\/handverkfaeri\\\/topplyklasett\\\/product\\\/usag-topplyklasett-1-4-609-1-4-skx-u06090004\\\/#primaryimage\",\"url\":\"https:\\\/\\\/velarogverkfaeri.is\\\/wp-content\\\/uploads\\\/2026\\\/03\\\/97e2530c-76c5-47a3-b56e-f65112b3b4ae.png\",\"contentUrl\":\"https:\\\/\\\/velarogverkfaeri.is\\\/wp-content\\\/uploads\\\/2026\\\/03\\\/97e2530c-76c5-47a3-b56e-f65112b3b4ae.png\",\"width\":742,\"height\":663},{\"@type\":\"BreadcrumbList\",\"@id\":\"https:\\\/\\\/velarogverkfaeri.is\\\/verkfaeralausnir\\\/handverkfaeri\\\/topplyklasett\\\/product\\\/usag-topplyklasett-1-4-609-1-4-skx-u06090004\\\/#breadcrumb\",\"itemListElement\":[{\"@type\":\"ListItem\",\"position\":1,\"name\":\"Home\",\"item\":\"https:\\\/\\\/velarogverkfaeri.is\\\/\"},{\"@type\":\"ListItem\",\"position\":2,\"name\":\"Vefverslun\",\"item\":\"https:\\\/\\\/velarogverkfaeri.is\\\/vefverslun\\\/\"},{\"@type\":\"ListItem\",\"position\":3,\"name\":\"USAG Topplyklasett 1\\\/4&#8243; 609 1\\\/4 SKX U06090004\"}]},{\"@type\":\"WebSite\",\"@id\":\"https:\\\/\\\/velarogverkfaeri.is\\\/en\\\/#website\",\"url\":\"https:\\\/\\\/velarogverkfaeri.is\\\/en\\\/\",\"name\":\"V\u00e9lar & Verkf\u00e6ri\",\"description\":\"Umbo\u00f0s- og heildverslun fr\u00e1 \u00e1rinu 1919\",\"publisher\":{\"@id\":\"https:\\\/\\\/velarogverkfaeri.is\\\/en\\\/#organization\"},\"potentialAction\":[{\"@type\":\"SearchAction\",\"target\":{\"@type\":\"EntryPoint\",\"urlTemplate\":\"https:\\\/\\\/velarogverkfaeri.is\\\/en\\\/?s={search_term_string}\"},\"query-input\":{\"@type\":\"PropertyValueSpecification\",\"valueRequired\":true,\"valueName\":\"search_term_string\"}}],\"inLanguage\":\"en-US\"},{\"@type\":\"Organization\",\"@id\":\"https:\\\/\\\/velarogverkfaeri.is\\\/en\\\/#organization\",\"name\":\"V\u00e9lar & Verkf\u00e6ri\",\"url\":\"https:\\\/\\\/velarogverkfaeri.is\\\/en\\\/\",\"logo\":{\"@type\":\"ImageObject\",\"inLanguage\":\"en-US\",\"@id\":\"https:\\\/\\\/velarogverkfaeri.is\\\/en\\\/#\\\/schema\\\/logo\\\/image\\\/\",\"url\":\"https:\\\/\\\/velarogverkfaeri.is\\\/wp-content\\\/uploads\\\/2021\\\/10\\\/vv_logo_350x100.png\",\"contentUrl\":\"https:\\\/\\\/velarogverkfaeri.is\\\/wp-content\\\/uploads\\\/2021\\\/10\\\/vv_logo_350x100.png\",\"width\":350,\"height\":100,\"caption\":\"V\u00e9lar & Verkf\u00e6ri\"},\"image\":{\"@id\":\"https:\\\/\\\/velarogverkfaeri.is\\\/en\\\/#\\\/schema\\\/logo\\\/image\\\/\"},\"sameAs\":[\"https:\\\/\\\/www.facebook.com\\\/VelarOgVerkfaeri\"]}]}<\/script>\n<!-- \/ Yoast SEO plugin. -->","yoast_head_json":{"title":"USAG Topplyklasett 1\/4\" 609 1\/4 SKX U06090004 - V\u00e9lar &amp; Verkf\u00e6ri","robots":{"index":"index","follow":"follow","max-snippet":"max-snippet:-1","max-image-preview":"max-image-preview:large","max-video-preview":"max-video-preview:-1"},"canonical":"https:\/\/velarogverkfaeri.is\/en\/verkfaeralausnir\/handverkfaeri\/topplyklasett\/product\/usag-topplyklasett-1-4-609-1-4-skx-u06090004\/","og_locale":"en_US","og_type":"article","og_title":"USAG Topplyklasett 1\/4\" 609 1\/4 SKX U06090004 - V\u00e9lar &amp; Verkf\u00e6ri","og_description":"Tegund:&nbsp;U06090004","og_url":"https:\/\/velarogverkfaeri.is\/en\/verkfaeralausnir\/handverkfaeri\/topplyklasett\/product\/usag-topplyklasett-1-4-609-1-4-skx-u06090004\/","og_site_name":"V\u00e9lar &amp; Verkf\u00e6ri","article_publisher":"https:\/\/www.facebook.com\/VelarOgVerkfaeri","article_modified_time":"2026-03-05T13:46:09+00:00","twitter_card":"summary_large_image","schema":{"@context":"https:\/\/schema.org","@graph":[{"@type":"WebPage","@id":"https:\/\/velarogverkfaeri.is\/verkfaeralausnir\/handverkfaeri\/topplyklasett\/product\/usag-topplyklasett-1-4-609-1-4-skx-u06090004\/","url":"https:\/\/velarogverkfaeri.is\/verkfaeralausnir\/handverkfaeri\/topplyklasett\/product\/usag-topplyklasett-1-4-609-1-4-skx-u06090004\/","name":"USAG Topplyklasett 1\/4\" 609 1\/4 SKX U06090004 - V\u00e9lar &amp; Verkf\u00e6ri","isPartOf":{"@id":"https:\/\/velarogverkfaeri.is\/en\/#website"},"primaryImageOfPage":{"@id":"https:\/\/velarogverkfaeri.is\/verkfaeralausnir\/handverkfaeri\/topplyklasett\/product\/usag-topplyklasett-1-4-609-1-4-skx-u06090004\/#primaryimage"},"image":{"@id":"https:\/\/velarogverkfaeri.is\/verkfaeralausnir\/handverkfaeri\/topplyklasett\/product\/usag-topplyklasett-1-4-609-1-4-skx-u06090004\/#primaryimage"},"thumbnailUrl":"https:\/\/velarogverkfaeri.is\/wp-content\/uploads\/2026\/03\/97e2530c-76c5-47a3-b56e-f65112b3b4ae.png","datePublished":"2025-05-10T15:56:18+00:00","dateModified":"2026-03-05T13:46:09+00:00","breadcrumb":{"@id":"https:\/\/velarogverkfaeri.is\/verkfaeralausnir\/handverkfaeri\/topplyklasett\/product\/usag-topplyklasett-1-4-609-1-4-skx-u06090004\/#breadcrumb"},"inLanguage":"en-US","potentialAction":[{"@type":"ReadAction","target":["https:\/\/velarogverkfaeri.is\/verkfaeralausnir\/handverkfaeri\/topplyklasett\/product\/usag-topplyklasett-1-4-609-1-4-skx-u06090004\/"]}]},{"@type":"ImageObject","inLanguage":"en-US","@id":"https:\/\/velarogverkfaeri.is\/verkfaeralausnir\/handverkfaeri\/topplyklasett\/product\/usag-topplyklasett-1-4-609-1-4-skx-u06090004\/#primaryimage","url":"https:\/\/velarogverkfaeri.is\/wp-content\/uploads\/2026\/03\/97e2530c-76c5-47a3-b56e-f65112b3b4ae.png","contentUrl":"https:\/\/velarogverkfaeri.is\/wp-content\/uploads\/2026\/03\/97e2530c-76c5-47a3-b56e-f65112b3b4ae.png","width":742,"height":663},{"@type":"BreadcrumbList","@id":"https:\/\/velarogverkfaeri.is\/verkfaeralausnir\/handverkfaeri\/topplyklasett\/product\/usag-topplyklasett-1-4-609-1-4-skx-u06090004\/#breadcrumb","itemListElement":[{"@type":"ListItem","position":1,"name":"Home","item":"https:\/\/velarogverkfaeri.is\/"},{"@type":"ListItem","position":2,"name":"Vefverslun","item":"https:\/\/velarogverkfaeri.is\/vefverslun\/"},{"@type":"ListItem","position":3,"name":"USAG Topplyklasett 1\/4&#8243; 609 1\/4 SKX U06090004"}]},{"@type":"WebSite","@id":"https:\/\/velarogverkfaeri.is\/en\/#website","url":"https:\/\/velarogverkfaeri.is\/en\/","name":"V\u00e9lar & Verkf\u00e6ri","description":"Umbo\u00f0s- og heildverslun fr\u00e1 \u00e1rinu 1919","publisher":{"@id":"https:\/\/velarogverkfaeri.is\/en\/#organization"},"potentialAction":[{"@type":"SearchAction","target":{"@type":"EntryPoint","urlTemplate":"https:\/\/velarogverkfaeri.is\/en\/?s={search_term_string}"},"query-input":{"@type":"PropertyValueSpecification","valueRequired":true,"valueName":"search_term_string"}}],"inLanguage":"en-US"},{"@type":"Organization","@id":"https:\/\/velarogverkfaeri.is\/en\/#organization","name":"V\u00e9lar & Verkf\u00e6ri","url":"https:\/\/velarogverkfaeri.is\/en\/","logo":{"@type":"ImageObject","inLanguage":"en-US","@id":"https:\/\/velarogverkfaeri.is\/en\/#\/schema\/logo\/image\/","url":"https:\/\/velarogverkfaeri.is\/wp-content\/uploads\/2021\/10\/vv_logo_350x100.png","contentUrl":"https:\/\/velarogverkfaeri.is\/wp-content\/uploads\/2021\/10\/vv_logo_350x100.png","width":350,"height":100,"caption":"V\u00e9lar & Verkf\u00e6ri"},"image":{"@id":"https:\/\/velarogverkfaeri.is\/en\/#\/schema\/logo\/image\/"},"sameAs":["https:\/\/www.facebook.com\/VelarOgVerkfaeri"]}]}},"_links":{"self":[{"href":"https:\/\/velarogverkfaeri.is\/en\/wp-json\/wp\/v2\/product\/71911","targetHints":{"allow":["GET"]}}],"collection":[{"href":"https:\/\/velarogverkfaeri.is\/en\/wp-json\/wp\/v2\/product"}],"about":[{"href":"https:\/\/velarogverkfaeri.is\/en\/wp-json\/wp\/v2\/types\/product"}],"replies":[{"embeddable":true,"href":"https:\/\/velarogverkfaeri.is\/en\/wp-json\/wp\/v2\/comments?post=71911"}],"wp:featuredmedia":[{"embeddable":true,"href":"https:\/\/velarogverkfaeri.is\/en\/wp-json\/wp\/v2\/media\/80943"}],"wp:attachment":[{"href":"https:\/\/velarogverkfaeri.is\/en\/wp-json\/wp\/v2\/media?parent=71911"}],"wp:term":[{"taxonomy":"product_brand","embeddable":true,"href":"https:\/\/velarogverkfaeri.is\/en\/wp-json\/wp\/v2\/product_brand?post=71911"},{"taxonomy":"product_cat","embeddable":true,"href":"https:\/\/velarogverkfaeri.is\/en\/wp-json\/wp\/v2\/product_cat?post=71911"},{"taxonomy":"product_tag","embeddable":true,"href":"https:\/\/velarogverkfaeri.is\/en\/wp-json\/wp\/v2\/product_tag?post=71911"}],"curies":[{"name":"wp","href":"https:\/\/api.w.org\/{rel}","templated":true}]}}