{"id":71897,"date":"2025-05-10T14:56:18","date_gmt":"2025-05-10T14:56:18","guid":{"rendered":"https:\/\/velarogverkfaeri.is\/?post_type=product&#038;p=71897"},"modified":"2026-02-09T13:47:11","modified_gmt":"2026-02-09T13:47:11","slug":"usag-skralllyklar-sett-12-stk-285-kb-ds12-u02856342","status":"publish","type":"product","link":"https:\/\/velarogverkfaeri.is\/en\/verkfaeralausnir\/handverkfaeri\/skralllyklar\/product\/usag-skralllyklar-sett-12-stk-285-kb-ds12-u02856342\/","title":{"rendered":"USAG Skralllyklar sett 12 stk 285 KB\/DS12 U02856342"},"content":{"rendered":"<p><img decoding=\"async\" src=\"data:image\/png;base64,iVBORw0KGgoAAAANSUhEUgAAAOsAAACCCAYAAACn8T9HAAAAAXNSR0IArs4c6QAAAARnQU1BAACxjwv8YQUAAAAJcEhZcwAADsMAAA7DAcdvqGQAABV0SURBVHhe7Z3PaxxJlsffeJbuQQ0isYUxshoSqwwyCOFp1RoZlsIDe6gCH9R78gyCrp7Zo4591GEP+gsane2i0aGHMW3hg1XjWXZEHexqUwJNIVrCW54p3CW3xpS9hWdWs\/Q0Pfte\/MiMzMqsX1lqVVjvgwtX5Y\/IiMh4ES9eKr75o38gwDDMyHNG\/c8wzIjDxsowlsDGyjCWwMbKMJbAxsowlsDGyjCWwMbKMJbAxsowlsDGyjCWwMbKMJbAxsowlsDGyjCWwMbKMJbAxsowlsDGyjCWwMbKMJbAxsowlsDGyjCWMFKyLpX1VSjW1Q\/CSUN+OQtT6qetiHJBFlaW0mrLMbO9DquPJwaru4MirN2pQerjZcheVNt6ogLr6wBL3coo0q+Ak1uBpXm1TYDnrxbBvP3m\/ffbhgPpvvP2djAaIyvdwFXVoFdWvE9+ugYF3L6+rY5jRpft\/aChRUGdCBpqS\/0McNCEFhmncf9XdGeD53lt4+MU1O4VoSFOOl2MgLE2oHgPb6DbPvJM5ZYhP+9AfXMd+11mlGm8jDRBj8bmGqxutnBUzEPaURtNDslYJyI9AUrbvaLaxsVZSEETDuWvU0ViN\/jly5ewubkJX3\/9Nbz\/\/vuQy+Xg\/Pnzam8PdHW7pHsEym0id6h8Lg8Lrwqey+zM52E5p29z0J0y98lzs5B6VoSKalvBcw2Uu6aboOu5bZR+GSZy2MNv6v0h14xGkE2dAxdct475iXKDQ66f0WFR4y68WsCziv7UwOzQQvnTiHxC2A2OrxPRWa4V\/PpwXYB6K\/J+iDxt6yv6ZW6bvkR0vI2DBkxdpGvK6zWvB91gXd72OkKoPvdm5D4q9z2AxbdgetQvP\/4PRH0fiLt37wpDJd68eSOM9+rVq+J3T\/x3GR7WfgJzN+dgUm0K8j28qO7Ai3cvwbXL4\/i9BLt7O\/Ad3uzlWxnITB\/BkweP4PX0NUiNy0bZwsb4ya9uQiZzCV7\/tgDlH2dgDhOX5zZh8uefwC9v4rnvPYeHpR04EueqyxHKEGheJa6RGYPq7S\/ghTjuBVRLu\/BVcxJuffJLuJnJwNjzh1DaOYJL11IwTuf+5iu44J37LVTv13DUSEGGMmFQWb8tGq087hIcle56eX1TewI7e7uBcla3SvD0PdqPDf6zB\/D9z4xzsY7ewd\/CAL6pQqkxBlcpP8pQ4+qksv4plP4P3U9VlsmDEpS\/AZj8aXudfPborFfmzHtP4fPfvRBlnpnLwKX\/rcLOuzfQdb3VVk5ifFwn9gZqT7DO35fX1zz98iHU6jUolUryU1X1STsn5+DSwRfw6a9lPc\/+\/BfwgZm3U0JiN1gbqib8+1jAntvrlcktclpQq+IshuZNOO9Z9EaNKched6G+ZzjRLo5WesSYn8FxrwXNkE\/VqKJxmdeANNzA7+IaCve637Onr+Bo1JKuWdS5M7g7ivSSObpMwQS6h62XxmwMy0LXFYhy6v2H0AwPqXF0rJMK7NdxhPzQL8vUXArHzAguZmHZHM0uTICjyjwMqC68uSp+sk4FCmv+3JSmRHLf6QwuEYmNlVxfk\/DvrtBNJ4M5UL\/bkA3TOe81kxCqkb86lPOmFt7k1VVY1R9yR7FRGSbQlcNXmE696KeBH3L\/6BrdEOf2AbmQ+hoBV7IjaVhayQJs6nPRjXXMDsKnY51QUEcd1xPkNeg04gJFQyL9szR2BjXYjW0Xp4\/ExkpzVG2ges7aF2pkrPw+OoTU2CzjXMuFmYiGKGlIYz53AabOo9WGI4r06XN+c+EcpkPzrnA6UfOpgaG5m5x\/6\/SzMSNwFJV1OY\/vlrdh1YmM5DZhQZ\/\/MRqT2sX8MCQ2VgomffTRR+IG0v99BZcE6JZhw3FpJFsPGqwOaLi5JRxLDMyRcnsLKi0HUnPY9MitxVFkK\/Cop4EjiPraI8IVrJehaJ53gOmor50QLrF5Lo5G5cgRkzwGlW8BuaTqaw\/QdereyKo+ofoTdKqTiI6SvkeNmGKEdme8+yDcffU9OdhxYefj1y\/+Fk8IjCkLY98fRYhjsJE7LXRLxZbwQ\/JQhBX3O\/MLsJxLy3MDUVl5rI40B1BBJq9BOg6404uwlDtsP0dEfwGyK7JTCURNsQzZ6RoUIyKdweiqC+l5nHvDoojUin3PUkb5ZRS1Np2H5bnd9oioyK+Kqh92jgabdRLe5+bIvS7DRFs0OHicM48j63YTZlSZA\/UVcd\/a8yCR0esirO\/VoF73ajs+Sn+Kse7FVO0GdwoJdQ4C2jboXy0xVsDGainBURmJHM2YtwnrjJVhTisj8OeGDMP0Ahsrw1gCGyvDWAIbK8NYAhsrw1gCGyvDWAIbK8NYAhsrw1gCGyvDWAIbK8NYAhsrw1jCCf9tsFz2RSoHkcvHAkvEFGLFCankDSbvEZsuoZZ5gRXLs2TdhYXHEoN1sF6dhaW48oeXDhKeQJq6n2KnG1wVxCTmhEfWKZiddgDq+xBadg67z\/COR8h6VPbq2A6Od1FyvITM20\/XReUkGRpW0VAdbWNzQ6y3FdtyAMWoxfDMwJy4GywFuuqwbyoZHOxCrUUSnkoIzUOqKXgassOGRMGwoQ11pLKMbhpSpBhBEjpRHL4CX\/lCKFT0p33FdCaxG5xYNzjCFRauKikrXNkPLqhuW3QdUh8w13QKd60JC9TDCw1fqSgxWw25wSLNulImIBUIXyVB52Mg7V7T4NU1NOZ+Wp\/bScu4bd2qgFzMG9AMu8Gh\/LTlQxFMUyttmC6sJEqtQeY3eppA6W4opQtRZq31ywyFk9cNhnH4yasq7Oz9FcYypB3cgEe\/LcM7P70Fc\/PfwvOHVfir0vWt\/Nd9qEEK\/iVSDzcDY08\/h7slpTf7lxo82fkKdr9Doyct24xMQ+jx\/s9ZqanrzX8\/gV8IIVrSBG7AmNLMTaTd64H5vE1CY8twi\/R2MY3Sb8pwRpS1i5bxX4rw2YPv4YZxbnXnHfxNnVVIf1cZarTWsciIBI+L1v\/9AD64RhrIJWiiK0t1SjrNQRpYPzvwxz\/t+Pq+z8c8neDxy9fgzJefwu37uL3mCG2tdgVhZlASu8HD0A2WrrCSI1UusFQzJM1d7QorFcPpWTUihvVwo+QrcdTAbZFQ4+4lUIXXSKbdS7KhRqDlYoT0apyWMc0P5dau9KJ1LEik\/0vidsZcdSUP6VZQ6M7X\/+Xg0rBJbKyJdYMJQ6hbNjpfRY9U\/FrPdqEhjNhXAxRqe2G0IXRreaSjS+5iokBV79q90l3Xx7WLhsUyvyQDNfpcMXJGG0FfWsfUURlp9tohtCMFw9sDhMxxkNhYE+sGC2RUuPVsC7aeGS8hIkSgogZbv0cjdlIwq4xL6OGGEaLVDkxExz98aG6Lhkbyp2ubg4dAetLuFYZB82B9HF5X7eoOGrmYo\/vXiO4M+tA6Jtef9X+tJLGxJtcNlghXuFWHuucCa6QrTDKVngtMKD3cDcPYhOatYdCdwZERGypsFwZ+pWRP2r3kypp56uXViB5U9ro\/sqpPVH571TpOpv+LnUegfNSZUHDuRuRozwyXxAGmoTHegqclcoEX4FboxUaTf38OuAtms\/9qBEsmYS4zBk9\/fRfuq2BHDZuMF+UVAabXcDb0gqVAgGk8BddEwOdzeCgCJdAeYNLHyrNFUOf12atwbewRrP1uzA\/U6ADQVlW9JEucgNk8C0dPHsCDhyog810Kc\/ka4Io8hgJMFDTzX+ZEQS4s7OUMnP3DGvzn2C0vgEYfegHUVvU1XLp2Hl6aASZRltdQvINl0cGfeh3dYKwnI1A0fvkMPL9f9OqsPjkLF745ggkV8KK6fljaagseEY3NKtT\/VoL7FEAS59dEQOvfM376zPHB6oaDIiLJx6vdGyW72unRCfN2w8aagLZnoEPX7u3t2SdzOmBjZRhLOPE\/N2QYpjfYWBnGEthYGcYS2FgZxhLYWBnGEthYGcYS2FgZxhLYWBnGEthYGcYS2FgZxhJGwFjp719XYXWt2Lacy0ct3u5ZLS+8lKs36G99O+dj1JD1ErfET5RHLavra92uWpze7Zxu9UWLDlZX1zGXzDAYnZG1VYGt2EZX7mMNKNLXmtG3E7nIwPEWrg\/yx\/\/JJFnJhB38NwHdtACY3hgZY3VdWsgd1QtLI3bd3vUMIiVfThkk8zLwovChSLJOQXppGVaGugrpdDMyUqTN63mYeFwQItHmKKDXdObPlaU8qV7bKdaTtst7iuPNYdWUDvUg99HQQlLHiNHoWQrSTgUqeqdxvlxLasiG6n3kNppaRuY1xT5TEhV3Y15vvDSW14XyGChDaNldYB92cG4df6iyS9qX1Xl4aVH5yzCRS0FtU+dbS5LSd7Vf\/46p6271JfbrexZRD3hwvKysgpcE+oyAFKmW1LwJ\/\/bPR\/DkwSNfaQFv8BdbRzD74SKc\/\/MT2PnblFIuwBsbI++ZnpNqCjvv3pASpCHVCd0oTAnTzN+rUPxHSl7jT3+EdyKlRyNkQ2mjMlRfAvQSHJXuwudPlcpCWBJVKVOUdf4yY0K5oaquIYyxhUalFCguvSpC4cszIi1q\/Hf3LmADV+XGfN+v4Qh6WalFCMYhFZIU1QoTvuoFqVHswlfNSU\/pYuz5QyjtKBnXgCQr1bVZvgx8+00FJicnpZJGh\/oS+\/U9a5OGJenWLSipeqqs3xYdtScrq\/LPhuqT2A0ehhSpB7pfC25LaCkR4v\/5xQgFwh7kPeMQ81kXe3ijEcxn\/WvESo8qQoqI7RKgUYp\/hiSqyCsm44nCXYAJ7xr0xgE89kN\/JJ3KLeDoSWnJV4q4prqhkC0dHPe6fx3Sk4IOkqRmHaTnvRx0r68ApjSsenWKUO2XMrNMZxIb61CkSA2E9i8Jf+H8tVgPGVUAGiFlpLMfeU8xnx1i0CPydROkxdtr52Ei1Bmxs7qjy6XLRmn1qlM8bKhjzKPrX1D5OY7oLukRm9eQ3oWpCc0MwViHI0VqgKPrIvbUle0Oqnnkeg4o7ykkTHsWte6OkAANI8S5HZho8wi6IEZdmjvqculPFyHyY8cX987Pt3BOPPzHW4GXWtGHA1NtJDbWYUmRmkzlFiHtduhZk8h7CtexDmVTwnR98NFCSoAWjWedDSg+xtwYcp+9I2VX9TRA0zigvNI+9K4f+4bS9yOtgWhgxxkyTfRMhm1IVI8kC+t7FPix6pn38TMyj26CYE++1KFnFSNuBQr6pu5NQNoY4LQBRd9wXy9YN4oibY55xtsVesyB6bVCyvxmdLcf6PUT9CIsnTf6bNzbFZ1JeikfKPcGLATKfSyg+73\/2K8r8ex2wLLFg1MaU3hcfNBb6vDs\/TTCgmnMySMi6jVIme8d0o96+J05HmyszGgQepYbfAbLEGysDGMJIzpnZRgmDBsrw1gCGyvDWAIbK8NYAhsrw1gCGyvDWAIbK8NYAhsrw1gCGyvDWAIbK8NYAhsrw1jCiBirqfpAnzUo9quyMBB0Xf9apH80sBKCWBCfLN+ksRQsO+YvpH8s8jiAJnIb9IfzQ1gvGl4L3F6G7iQrU\/AetiPbVpy2sk2MgLGSGp8UMPPWMuactgXYxw81W2eoki+DYShMjLz+MWlGqa8BBlDJYLpy8sZ6sAu1lgOpOWOp+fzSwIu3B+fkdW6ncnh9Y1nYyOsfC82oIOEyMMNjBHSDyU0pQj2knasR0pxg7pPHa61c2l8+l4eFVwVPT9fXmqVjSatpAZp3tKhavD5uQOeWUDKjukFqvVxJUJ\/XcUlzpRVcQB3KKyGuIZTydYOW6Qi95PNbsPp4Qmj7HlK5A8s7ZR3I+khDulXxrx2lrasXb388AWWvDMYaUXKD1bXEmTHawIS4prdLpRG3\/jScrr6\/4jsScZ+7lymURkBLOXgPxRYzvxHayoH9Rlr6\/pNSh9gfuM7Jk3hk1YZK0P\/0uz9IyhLdTy3DMsC8r7VdgP0ryoUWki0bRhqkFrgPM8rFzpOB3+thrqYMlfRytcwI4M3U6VbW0VAx73mV7uI50iUMI8tW39MuvZQTxcLCvp5DCc+iXcWR5F3yVC\/UuOkaZgOv1wA+VPnKuVh+s7wmdSjeA1hUecy6+DtybogNHm+bftUG1WFLvx0BjY9UJr19KzO4DbeT94PHOcJIaXvUaCqNLDDFudKMzmtsmdrTyDoVKMTMt8ngAvm9QrXgIwyVdJnV\/vx0DQpmnWA79NrSCBkqkdhYh6EbLF0n1TiFcfX5IiVTt1do17agVvXPN7V2hT5Tqwa7kY3bp10PWOrjynQj9H0pXfXdRKgpag1hMkxMJ4vl1Nq68jp9iquZ2sVCAK4FzUi5xmAehTZwQM9Y002H2fyOI6BXJ13optFsElcmSgNHOFM8T8jVRt7DbtrKnXSZFaYO8oiR2FiHqRtsGm3r2W730S+SKSma\/SpGbFQ3xC5apEIP2Bvt5YdedyHSjZirxaLUFGkkJcOE6VlIk5KfKJ9qXJ7g9zHTUc+YRjBdVsPlFCNoCmpay7iPqO0wNJoj5+2x97CLtnJHXWZ1zAiT2FiHrhuMiNFoYKS6u3MupomIG+bARJcWJPSAtQtqfkLzre5ICdHWywoaJshAGo3+OMbubksXeOaH6snj9IzFY6cOOszqRVUrK3mcV+KxPXo9w9BojmwLPd7DNkZWl7k3EhtrYt1gCkgE5h9Sd9fBEYhcFWE04hULiqjHGYH9W1AJRZfN1znQI6GA5nAMwq2lNwOYPe4BjYWIcrXNx0siXfU9DLmfre0ijl36uvTqCHSpHw\/gAveFOfp00DPupMN8UIFKaNTp+VWQw9BopjRaFdgw04i9h920lTvpMo8+\/6T+PzEqMANZpwiFVb8CzUigEPxeK\/j7XZwzOXVoyl+KGmygSyONxYz2Kp5toLujTKnXCJ\/QA6YgE7pKahM4DrjTi7CEectiGk10ociNItwcjkZo3JFQg9tEZ0t1QAR1BrBdAfd6vKmKDuOOuobKd3+gs\/gY869jfhGRWAHpMD8O17Gsr8bhPhpbEWQpEUpDewKi0ypAEeu+qOtd7ZKQRnMT67AAqzqg5rqQFQEq+bM7NJ8GdNGNNDrcQ9JWbhrtxcE5chrbl24vFLjDxLz7RjiY3sLy1Mi\/R9Z6dUMZ9o9phGIeFnx0cmoQ0eyQFi9jNYndYIZhfhhYN5hhLIFHVoaxBDZWhrEENlaGsQQ2VoaxBDZWhrEENlaGsQQ2VoaxBDZWhrEENlaGsQQ2VoaxBDZWhrEENlaGsQQ2VoaxBDZWhrEENlaGsQQ2VoaxBDZWhrEENlaGsQQ2VoaxBDZWhrEENlaGsQQ2VoaxBDZWhrEENlaGsQQ2VoaxBDZWhrEENlaGsQKA\/wfKywoWKr0kWwAAAABJRU5ErkJggg==\" alt=\"\"><\/p>","protected":false},"excerpt":{"rendered":"<p>Tegund:&nbsp;U02856342<\/p>","protected":false},"featured_media":79861,"comment_status":"closed","ping_status":"closed","template":"","meta":[],"product_brand":[],"product_cat":[588,780,515],"product_tag":[],"class_list":{"0":"post-71897","1":"product","2":"type-product","3":"status-publish","4":"has-post-thumbnail","6":"product_cat-handverkfaeri","7":"product_cat-skralllyklar","8":"product_cat-verkfaeralausnir","10":"first","11":"instock","12":"taxable","13":"shipping-taxable","14":"purchasable","15":"product-type-simple"},"yoast_head":"<!-- This site is optimized with the Yoast SEO plugin v27.3 - https:\/\/yoast.com\/product\/yoast-seo-wordpress\/ -->\n<title>USAG Skralllyklar sett 12 stk 285 KB\/DS12 U02856342 - V\u00e9lar &amp; Verkf\u00e6ri<\/title>\n<meta name=\"robots\" content=\"index, follow, max-snippet:-1, max-image-preview:large, max-video-preview:-1\" \/>\n<link rel=\"canonical\" href=\"https:\/\/velarogverkfaeri.is\/en\/verkfaeralausnir\/handverkfaeri\/skralllyklar\/product\/usag-skralllyklar-sett-12-stk-285-kb-ds12-u02856342\/\" \/>\n<meta property=\"og:locale\" content=\"en_US\" \/>\n<meta property=\"og:type\" content=\"article\" \/>\n<meta property=\"og:title\" content=\"USAG Skralllyklar sett 12 stk 285 KB\/DS12 U02856342 - V\u00e9lar &amp; Verkf\u00e6ri\" \/>\n<meta property=\"og:description\" content=\"Tegund:&nbsp;U02856342\" \/>\n<meta property=\"og:url\" content=\"https:\/\/velarogverkfaeri.is\/en\/verkfaeralausnir\/handverkfaeri\/skralllyklar\/product\/usag-skralllyklar-sett-12-stk-285-kb-ds12-u02856342\/\" \/>\n<meta property=\"og:site_name\" content=\"V\u00e9lar &amp; Verkf\u00e6ri\" \/>\n<meta property=\"article:publisher\" content=\"https:\/\/www.facebook.com\/VelarOgVerkfaeri\" \/>\n<meta property=\"article:modified_time\" content=\"2026-02-09T13:47:11+00:00\" \/>\n<meta name=\"twitter:card\" content=\"summary_large_image\" \/>\n<script type=\"application\/ld+json\" class=\"yoast-schema-graph\">{\"@context\":\"https:\\\/\\\/schema.org\",\"@graph\":[{\"@type\":\"WebPage\",\"@id\":\"https:\\\/\\\/velarogverkfaeri.is\\\/verkfaeralausnir\\\/handverkfaeri\\\/skralllyklar\\\/product\\\/usag-skralllyklar-sett-12-stk-285-kb-ds12-u02856342\\\/\",\"url\":\"https:\\\/\\\/velarogverkfaeri.is\\\/verkfaeralausnir\\\/handverkfaeri\\\/skralllyklar\\\/product\\\/usag-skralllyklar-sett-12-stk-285-kb-ds12-u02856342\\\/\",\"name\":\"USAG Skralllyklar sett 12 stk 285 KB\\\/DS12 U02856342 - V\u00e9lar &amp; Verkf\u00e6ri\",\"isPartOf\":{\"@id\":\"https:\\\/\\\/velarogverkfaeri.is\\\/en\\\/#website\"},\"primaryImageOfPage\":{\"@id\":\"https:\\\/\\\/velarogverkfaeri.is\\\/verkfaeralausnir\\\/handverkfaeri\\\/skralllyklar\\\/product\\\/usag-skralllyklar-sett-12-stk-285-kb-ds12-u02856342\\\/#primaryimage\"},\"image\":{\"@id\":\"https:\\\/\\\/velarogverkfaeri.is\\\/verkfaeralausnir\\\/handverkfaeri\\\/skralllyklar\\\/product\\\/usag-skralllyklar-sett-12-stk-285-kb-ds12-u02856342\\\/#primaryimage\"},\"thumbnailUrl\":\"https:\\\/\\\/velarogverkfaeri.is\\\/wp-content\\\/uploads\\\/2026\\\/02\\\/b26443f9-2902-4f11-876a-f2febc3237f2.png\",\"datePublished\":\"2025-05-10T14:56:18+00:00\",\"dateModified\":\"2026-02-09T13:47:11+00:00\",\"breadcrumb\":{\"@id\":\"https:\\\/\\\/velarogverkfaeri.is\\\/verkfaeralausnir\\\/handverkfaeri\\\/skralllyklar\\\/product\\\/usag-skralllyklar-sett-12-stk-285-kb-ds12-u02856342\\\/#breadcrumb\"},\"inLanguage\":\"en-US\",\"potentialAction\":[{\"@type\":\"ReadAction\",\"target\":[\"https:\\\/\\\/velarogverkfaeri.is\\\/verkfaeralausnir\\\/handverkfaeri\\\/skralllyklar\\\/product\\\/usag-skralllyklar-sett-12-stk-285-kb-ds12-u02856342\\\/\"]}]},{\"@type\":\"ImageObject\",\"inLanguage\":\"en-US\",\"@id\":\"https:\\\/\\\/velarogverkfaeri.is\\\/verkfaeralausnir\\\/handverkfaeri\\\/skralllyklar\\\/product\\\/usag-skralllyklar-sett-12-stk-285-kb-ds12-u02856342\\\/#primaryimage\",\"url\":\"https:\\\/\\\/velarogverkfaeri.is\\\/wp-content\\\/uploads\\\/2026\\\/02\\\/b26443f9-2902-4f11-876a-f2febc3237f2.png\",\"contentUrl\":\"https:\\\/\\\/velarogverkfaeri.is\\\/wp-content\\\/uploads\\\/2026\\\/02\\\/b26443f9-2902-4f11-876a-f2febc3237f2.png\",\"width\":563,\"height\":831},{\"@type\":\"BreadcrumbList\",\"@id\":\"https:\\\/\\\/velarogverkfaeri.is\\\/verkfaeralausnir\\\/handverkfaeri\\\/skralllyklar\\\/product\\\/usag-skralllyklar-sett-12-stk-285-kb-ds12-u02856342\\\/#breadcrumb\",\"itemListElement\":[{\"@type\":\"ListItem\",\"position\":1,\"name\":\"Home\",\"item\":\"https:\\\/\\\/velarogverkfaeri.is\\\/\"},{\"@type\":\"ListItem\",\"position\":2,\"name\":\"Vefverslun\",\"item\":\"https:\\\/\\\/velarogverkfaeri.is\\\/vefverslun\\\/\"},{\"@type\":\"ListItem\",\"position\":3,\"name\":\"USAG Skralllyklar sett 12 stk 285 KB\\\/DS12 U02856342\"}]},{\"@type\":\"WebSite\",\"@id\":\"https:\\\/\\\/velarogverkfaeri.is\\\/en\\\/#website\",\"url\":\"https:\\\/\\\/velarogverkfaeri.is\\\/en\\\/\",\"name\":\"V\u00e9lar & Verkf\u00e6ri\",\"description\":\"Umbo\u00f0s- og heildverslun fr\u00e1 \u00e1rinu 1919\",\"publisher\":{\"@id\":\"https:\\\/\\\/velarogverkfaeri.is\\\/en\\\/#organization\"},\"potentialAction\":[{\"@type\":\"SearchAction\",\"target\":{\"@type\":\"EntryPoint\",\"urlTemplate\":\"https:\\\/\\\/velarogverkfaeri.is\\\/en\\\/?s={search_term_string}\"},\"query-input\":{\"@type\":\"PropertyValueSpecification\",\"valueRequired\":true,\"valueName\":\"search_term_string\"}}],\"inLanguage\":\"en-US\"},{\"@type\":\"Organization\",\"@id\":\"https:\\\/\\\/velarogverkfaeri.is\\\/en\\\/#organization\",\"name\":\"V\u00e9lar & Verkf\u00e6ri\",\"url\":\"https:\\\/\\\/velarogverkfaeri.is\\\/en\\\/\",\"logo\":{\"@type\":\"ImageObject\",\"inLanguage\":\"en-US\",\"@id\":\"https:\\\/\\\/velarogverkfaeri.is\\\/en\\\/#\\\/schema\\\/logo\\\/image\\\/\",\"url\":\"https:\\\/\\\/velarogverkfaeri.is\\\/wp-content\\\/uploads\\\/2021\\\/10\\\/vv_logo_350x100.png\",\"contentUrl\":\"https:\\\/\\\/velarogverkfaeri.is\\\/wp-content\\\/uploads\\\/2021\\\/10\\\/vv_logo_350x100.png\",\"width\":350,\"height\":100,\"caption\":\"V\u00e9lar & Verkf\u00e6ri\"},\"image\":{\"@id\":\"https:\\\/\\\/velarogverkfaeri.is\\\/en\\\/#\\\/schema\\\/logo\\\/image\\\/\"},\"sameAs\":[\"https:\\\/\\\/www.facebook.com\\\/VelarOgVerkfaeri\"]}]}<\/script>\n<!-- \/ Yoast SEO plugin. -->","yoast_head_json":{"title":"USAG Skralllyklar sett 12 stk 285 KB\/DS12 U02856342 - V\u00e9lar &amp; Verkf\u00e6ri","robots":{"index":"index","follow":"follow","max-snippet":"max-snippet:-1","max-image-preview":"max-image-preview:large","max-video-preview":"max-video-preview:-1"},"canonical":"https:\/\/velarogverkfaeri.is\/en\/verkfaeralausnir\/handverkfaeri\/skralllyklar\/product\/usag-skralllyklar-sett-12-stk-285-kb-ds12-u02856342\/","og_locale":"en_US","og_type":"article","og_title":"USAG Skralllyklar sett 12 stk 285 KB\/DS12 U02856342 - V\u00e9lar &amp; Verkf\u00e6ri","og_description":"Tegund:&nbsp;U02856342","og_url":"https:\/\/velarogverkfaeri.is\/en\/verkfaeralausnir\/handverkfaeri\/skralllyklar\/product\/usag-skralllyklar-sett-12-stk-285-kb-ds12-u02856342\/","og_site_name":"V\u00e9lar &amp; Verkf\u00e6ri","article_publisher":"https:\/\/www.facebook.com\/VelarOgVerkfaeri","article_modified_time":"2026-02-09T13:47:11+00:00","twitter_card":"summary_large_image","schema":{"@context":"https:\/\/schema.org","@graph":[{"@type":"WebPage","@id":"https:\/\/velarogverkfaeri.is\/verkfaeralausnir\/handverkfaeri\/skralllyklar\/product\/usag-skralllyklar-sett-12-stk-285-kb-ds12-u02856342\/","url":"https:\/\/velarogverkfaeri.is\/verkfaeralausnir\/handverkfaeri\/skralllyklar\/product\/usag-skralllyklar-sett-12-stk-285-kb-ds12-u02856342\/","name":"USAG Skralllyklar sett 12 stk 285 KB\/DS12 U02856342 - V\u00e9lar &amp; Verkf\u00e6ri","isPartOf":{"@id":"https:\/\/velarogverkfaeri.is\/en\/#website"},"primaryImageOfPage":{"@id":"https:\/\/velarogverkfaeri.is\/verkfaeralausnir\/handverkfaeri\/skralllyklar\/product\/usag-skralllyklar-sett-12-stk-285-kb-ds12-u02856342\/#primaryimage"},"image":{"@id":"https:\/\/velarogverkfaeri.is\/verkfaeralausnir\/handverkfaeri\/skralllyklar\/product\/usag-skralllyklar-sett-12-stk-285-kb-ds12-u02856342\/#primaryimage"},"thumbnailUrl":"https:\/\/velarogverkfaeri.is\/wp-content\/uploads\/2026\/02\/b26443f9-2902-4f11-876a-f2febc3237f2.png","datePublished":"2025-05-10T14:56:18+00:00","dateModified":"2026-02-09T13:47:11+00:00","breadcrumb":{"@id":"https:\/\/velarogverkfaeri.is\/verkfaeralausnir\/handverkfaeri\/skralllyklar\/product\/usag-skralllyklar-sett-12-stk-285-kb-ds12-u02856342\/#breadcrumb"},"inLanguage":"en-US","potentialAction":[{"@type":"ReadAction","target":["https:\/\/velarogverkfaeri.is\/verkfaeralausnir\/handverkfaeri\/skralllyklar\/product\/usag-skralllyklar-sett-12-stk-285-kb-ds12-u02856342\/"]}]},{"@type":"ImageObject","inLanguage":"en-US","@id":"https:\/\/velarogverkfaeri.is\/verkfaeralausnir\/handverkfaeri\/skralllyklar\/product\/usag-skralllyklar-sett-12-stk-285-kb-ds12-u02856342\/#primaryimage","url":"https:\/\/velarogverkfaeri.is\/wp-content\/uploads\/2026\/02\/b26443f9-2902-4f11-876a-f2febc3237f2.png","contentUrl":"https:\/\/velarogverkfaeri.is\/wp-content\/uploads\/2026\/02\/b26443f9-2902-4f11-876a-f2febc3237f2.png","width":563,"height":831},{"@type":"BreadcrumbList","@id":"https:\/\/velarogverkfaeri.is\/verkfaeralausnir\/handverkfaeri\/skralllyklar\/product\/usag-skralllyklar-sett-12-stk-285-kb-ds12-u02856342\/#breadcrumb","itemListElement":[{"@type":"ListItem","position":1,"name":"Home","item":"https:\/\/velarogverkfaeri.is\/"},{"@type":"ListItem","position":2,"name":"Vefverslun","item":"https:\/\/velarogverkfaeri.is\/vefverslun\/"},{"@type":"ListItem","position":3,"name":"USAG Skralllyklar sett 12 stk 285 KB\/DS12 U02856342"}]},{"@type":"WebSite","@id":"https:\/\/velarogverkfaeri.is\/en\/#website","url":"https:\/\/velarogverkfaeri.is\/en\/","name":"V\u00e9lar & Verkf\u00e6ri","description":"Umbo\u00f0s- og heildverslun fr\u00e1 \u00e1rinu 1919","publisher":{"@id":"https:\/\/velarogverkfaeri.is\/en\/#organization"},"potentialAction":[{"@type":"SearchAction","target":{"@type":"EntryPoint","urlTemplate":"https:\/\/velarogverkfaeri.is\/en\/?s={search_term_string}"},"query-input":{"@type":"PropertyValueSpecification","valueRequired":true,"valueName":"search_term_string"}}],"inLanguage":"en-US"},{"@type":"Organization","@id":"https:\/\/velarogverkfaeri.is\/en\/#organization","name":"V\u00e9lar & Verkf\u00e6ri","url":"https:\/\/velarogverkfaeri.is\/en\/","logo":{"@type":"ImageObject","inLanguage":"en-US","@id":"https:\/\/velarogverkfaeri.is\/en\/#\/schema\/logo\/image\/","url":"https:\/\/velarogverkfaeri.is\/wp-content\/uploads\/2021\/10\/vv_logo_350x100.png","contentUrl":"https:\/\/velarogverkfaeri.is\/wp-content\/uploads\/2021\/10\/vv_logo_350x100.png","width":350,"height":100,"caption":"V\u00e9lar & Verkf\u00e6ri"},"image":{"@id":"https:\/\/velarogverkfaeri.is\/en\/#\/schema\/logo\/image\/"},"sameAs":["https:\/\/www.facebook.com\/VelarOgVerkfaeri"]}]}},"_links":{"self":[{"href":"https:\/\/velarogverkfaeri.is\/en\/wp-json\/wp\/v2\/product\/71897","targetHints":{"allow":["GET"]}}],"collection":[{"href":"https:\/\/velarogverkfaeri.is\/en\/wp-json\/wp\/v2\/product"}],"about":[{"href":"https:\/\/velarogverkfaeri.is\/en\/wp-json\/wp\/v2\/types\/product"}],"replies":[{"embeddable":true,"href":"https:\/\/velarogverkfaeri.is\/en\/wp-json\/wp\/v2\/comments?post=71897"}],"wp:featuredmedia":[{"embeddable":true,"href":"https:\/\/velarogverkfaeri.is\/en\/wp-json\/wp\/v2\/media\/79861"}],"wp:attachment":[{"href":"https:\/\/velarogverkfaeri.is\/en\/wp-json\/wp\/v2\/media?parent=71897"}],"wp:term":[{"taxonomy":"product_brand","embeddable":true,"href":"https:\/\/velarogverkfaeri.is\/en\/wp-json\/wp\/v2\/product_brand?post=71897"},{"taxonomy":"product_cat","embeddable":true,"href":"https:\/\/velarogverkfaeri.is\/en\/wp-json\/wp\/v2\/product_cat?post=71897"},{"taxonomy":"product_tag","embeddable":true,"href":"https:\/\/velarogverkfaeri.is\/en\/wp-json\/wp\/v2\/product_tag?post=71897"}],"curies":[{"name":"wp","href":"https:\/\/api.w.org\/{rel}","templated":true}]}}