{"id":71768,"date":"2025-05-01T17:56:23","date_gmt":"2025-05-01T17:56:23","guid":{"rendered":"https:\/\/velarogverkfaeri.is\/?post_type=product&#038;p=71768"},"modified":"2026-02-17T11:33:56","modified_gmt":"2026-02-17T11:33:56","slug":"frost-hurdarhandfang-hb103-1010","status":"publish","type":"product","link":"https:\/\/velarogverkfaeri.is\/en\/honnunarlausnir\/hurdabunadur\/hurdarhunar\/product\/frost-hurdarhandfang-hb103-1010\/","title":{"rendered":"FROST Hur\u00f0arhandfang HB103 1010"},"content":{"rendered":"<p><img decoding=\"async\" src=\"data:image\/png;base64,iVBORw0KGgoAAAANSUhEUgAAAPkAAAEJCAYAAABWqoE9AAAAAXNSR0IArs4c6QAAAARnQU1BAACxjwv8YQUAAAAJcEhZcwAADsMAAA7DAcdvqGQAACrWSURBVHhe7Z0PbBxVnud\/extp+ji09jK7MnuRsOdyR7cSxfTkkIMYTZI5Fo+VEZ7eXBx6zSRj9hwUxHrXETAY2WFDcI6eAxQzDtrsYi4mf0wTZzLGuct4DXOThBmOWCw0Rni7mYvGZg9tfLczshGa80iR+n7vT1W9qq6qrv7nuJ9\/H6mS6q5\/r6rr+97vvSp\/f7+z9JvFLBAEoS3\/Qv5PEISmkMgJQnNI5AShOSRygtAcEjlBaA6JnCA0h0ROEJpDIicIzSGRE4TmkMgJQnNI5AShOWV9d33ps2m4eGUOFpaWIBSqg0jzFojcLBfqxhfzkHpnCmb\/eQmWQiG4dcO9sC0ckgs1ZWkR0lcuQ\/pXeM5LIaiNNMG2TXWg+VnnZWkxA+\/+5BN+3\/N7IbIF7lpfs2KuS3la8s\/Ow76v1kH4u2dg9su3wzfuaYTapQ8h8fXbINr5MlxZFKvNHmmCjgti3mIOjsVuh\/p\/h9Mf4YW5yZjqxHc5UxO0PDIIE5klub2Dn\/SZ69aa+8Lpj5z7kZPtmDh1TsodebA0B2OPNEHtxu9Acu5L0PA1\/EEbAC4+gef81S4YuyrL9dnLsPXOQZgVnwRzL0NMHvfW31OOeYtRnjY4NifXLfi6OM73piYYuCp3xch7Xfrgolw1h+uLcOVIG9T\/63sh8f4SinsLfCNaA7Ov3Ae3fqUNBt6RP\/D1y9B9SydMiE\/BmD8BLbc8BlfkR1+uDkJULTtOt8pzqr9F+f73bnM\/V5xs919Bv4cLi1MwgL\/Rrdueg9RSDUTuYffClyD96k4I47bmdfHg4hPyOF\/BitI8dieMeW1mlNdxz\/JrEHvZfq+psJa8pOmfRrPxGshGn57KLuQs\/zR76cmmLKwJZztePJXt2QrZ+FnnOsr0+alsHIBFFlloH3Vf5x\/fzPZsEuvU7RjKzn3uso6cUk+Hxb4gnE185L4OmxbefT67Dc\/B97hswnPtqMN1Nh3Ipn6du\/xasi1bC3XZ2LGp7MT++iys78+mHeuYE64rypbnmrApyHVh068\/yY49jMfl63qfc9DrwqfPp7KJJly3pi2b\/Mfc5QvvHchGcV+bnzyfTb3UjPtsy4451vGb5l7A+wNC2X1vuS+3TR8cyEaM67DpsewltTxnleuZVL7\/9XT2WGuNtczrWhfye7Dpg0F+z0QffzN7zWW5eV0Ou+nCOU1lD4bleeFUu2c0zzafZpO7QrhuCM\/1U5fl9qnklvziU7sh+du9kNgfdglPamDzgTch9fSXYPgvvwOJS\/JrL9Z8Sc748OUmOPj6IGzD2flznXDHvklYEEtyCK2RM3kINe6FiYv9gD+KN9czMPCtNhier4eeHzwGEZdYrLZ1CC4eroOxfRhtHPFrApCAZeMEuS4M7CK1vPA2jLXXyC\/cCXpdsKmCiX33Qs8UQMuLL0Dsy\/JrhdD6x2DibBtknr0Poo\/kiYJymIcfvY47hyUY\/iH7Pw9X05Bm\/9fshUsXD8Bml\/Jw1PML1UPHqTchsUl+9qKQ32NxEjq2dcHFtQdg+ABGdfJrFXZd3nhpC1zpxS7NYJ57AZUT+l05iyyceAwjJvnBlRqI7bgPN9sND7f6\/9aMEkU+BWMnMTxt3QrbfC5SZP+p\/Be5ENbuge52MbswshsO5qs8ghDugsReVO7CIt5yucwO7oYeduGbuuBhn3Mp+7kWTA20PI0CwKoPT6Ukli48CvER3EloL3Tv8L6ZarcfheE9+W+2HD4bh9ektpeOnwkWsqMg4q\/0w+aCKskwdP\/tY4C9KkhfzSe4fCxC8j+1QRIvS+x7fw4Rn3LU7X4c9uEtlXriO\/aukwct25vl3BwkHnJ09Zyw4\/6beqgTn3wpUeR4IzFF5G1p6qEbWz92ka\/Nz4uvSiRyR6OcW4If\/Y9pOV8I8zBxfBL\/tdh2\/24IzV6Da\/KzyRej0NOb4bORbzfnubB4rof3Lu+gy\/svw7B6Cda2woNb5wFPpQQykHh0VFR4O5p9K3EmvJYDrGIpjPlxRdhLJ+G1d+S8H6z12l7E1V3\/EHQ34WGuy8\/FcukZ2Mf79c0Qy1eONVugZQebmcb7R15LH2r\/7Cgc2yo\/zPTBvuPl0Up5Bt7+15xNLK5sEhf5Gq8VSqehPizn8Gb5rJi7+UNIvpSB\/yc\/cRo3826Ak6ULZ2CMz4Vg2+Z6PufLVmz5AqxWLmYvvQwX\/7f8wKmDaFOQOt6H98\/AcdnobfvaHWLGj7UsdJTzgZiD116Zgpb2NlkhBgzZMWostDIR1MFdW0u8JljG5F+\/LMS6aQvcFeDJ0bZm2TqP\/y0MfyZmvamDjqP9EJGfLj7y5zxiKJUSRV4LtewXmnoGnhjPV5o6+JPvbpHzpTN71Wq6IuEiFHU1Ayk5a3JzjWv\/auKC0de8HRrWyllfwtDxkFUJVZr0xyLKUKmtdTuT4KR\/ct6suBvWBhEHhtF72uR8AK6Ow\/BMM8QHHoIO2SAGCdkjG26Xc4UT2RCgsvLji\/OQHJfzkTCPTPMR+reNMvKbgtfGA7TM67pg+HHjfp6E7icm80YA+ShR5E0Q281+IeynxG+D+tgz3o+2kLrmLti3IU+IE4glePfnxo1dD7FvFS6o+clxMYhjoxmG3+ty\/HjTkDL7\/GGIBKxPGrbeB3UzH7oco8xgV2J4RM4rNOyfguHt8kPBLEHqinF98ZzXydl8bPkmtOD1Sgfof86On4R06y6I3WzcQ0iAkP3WPyi+8gphJV4S71w2Hw9GNgS852pq4ffl7JWfXA4k2OiBIdgni5p\/EC4\/JYfr2773nBnizk8+D7Gv1kHtXZ0wMJnJ7f+sbYZ9zaWGTMj7z8FB+bwzengUDq4X80FZmnkevv1ogNCQcX0OZovpGm36JjwYvrWyffPrizDW\/ajsSpQTPOcAQs3h5i0Q31EfYPR+DsZOZ\/gIMbs+23bsDhSyL4X3QKKU+2fL41jxFb\/97MfBhgZtrAtbT23+Xj4dyMeaJki8ukdGlWwQ7nlIlzCWUHqffO0eSP54r631W5oehZ5YE9Tecju0PHECUvPl6Yczlq6egPi3nodZDIJaXpiCi\/uD1KgZOPLde2HrH+P01dug9s5nckN1L+ZmrXXX32H2l\/LTBAc\/6Hft45fEf+8T5\/HHX4f6W24To99lZw7SZg+gMXhLjr9J\/NQo7MsX7cycgGMz91kDV19rtUL2c3\/n+duE1m2BaKDukgc3o+BKeCsxnbG6RdF1RXQR5+dyB3U9CDX3w7Fdsqwzz0D3yeIH4coy8Fa7FWuaX5yC7rsdteT1ebg42AV3faUOQ\/lBuPIr+X0QzJtZme5shPB3z0PD90Yh9X8+gbGH3Z7NuxGG\/a++CZfewumDT2HhvQP+z8RXMt\/qF+fx1tsw9+tPYDjAc9KVRvqHozDb+m0M1eUXa7ZYIfv8SRgrMTytGGprWsgjvKKogdiLR7H7IyhlEK4sIuesvQ8Sb30CC788DwPtjTnim59E0X7lXhjIHSNyx7yZlem9aZj72Sgk9jeX9E48e1Hhxf0Bwzb8Mc1z+dWC54s3N4Q12HK+UPijqyBYv98iLHwhZ8tCBpIjc2aobmCF7PNw\/I1iHokuA6qwS30UF4SaNvibl4zB6uIH4UoT+dVBaHH0bUN1W2Df0NuwgK3Mu8e6YJsaXl2fgp4HSutflIvN\/3G3HPW0kzqO3Qs5z6kPWyF6AeHWssGficv5soHnbI5z4DkXHynmMnMGknNt0LHD0QwoIfv8iTeCd6eWkUjY6hqmgr5Uc\/23cgapq4db5WxQ6nY\/b445FTsIV3JLfm0m7f6MPFQH0T39MPGLRbj2Vj+0GIrC\/sXBc+XroxdNYxS+IWct5uDiS5cdQsZ+XFFvsC3BFeyq2F5SqQhleCaeQz1E7pSzBTJ7pg8Sk961Qur1kzDbvgtanOFuFYTsDRuKiJnUMZ1\/HylgTEeyJgw98m09dn8WMwhXmsjrboWGS5Pw0zzhXO3dXTD2iynzdc+JKysgHMNQt\/YP5bxJBtIzctakHrbdY4go2OMhwRz89L9egYV\/JT9WkNo\/KLfIMXz+D8YrlhlIBe1iIakLg3gTepVnGsZOzEPt3z+XO96C019dNt6cXKEh+91bzD6y27sJrmD0Z7yeuvmeLTnd2EBsOgCvPizHXooYhCtN5PzlkfMwdiFAy8zeH\/7BYzxEXlpcCT3bJkgk7U8F2Asy77qEVNFvtsofByuBoCL\/YhrezWwuYGS6eBp2vATdJb7n4SS09T7zyUDw973ZOwWNEN0gPzp5\/w04vrgX3vjAMdZiTB\/8N+iR9cOKDNlvvg\/ixlt9WPP5vlsumc9kZD+6Cf60tfjKePPTQ9Ahdc4H4f5ZzAehLANvY3\/1HKSChBCbNvMQOVRT2ttY5SJUY69X5y9PQvrLtblvvWEkYvSLfvzzYC3M0oU3YGL7lvI\/QnNjLQqrlEdLbtTtgu52cX1Sl6aCDfjMvAFJaIZtHk+Xrpw+CtC1x2egsBFiewyVr8SQPQTxv9gr7o+Zy\/BugAHJD35+Wcy0PgQdJT3+a4bE3xivAItBuKCUReQw9zzsGwwQvsyLP\/5o2Wz8cclKYh5+9Kr8QXKoh33\/WbycMH\/mjQAvNMxD8vh5iO2yjyBXFyFoebJPPGrECmsswA195ZWXAf5sl8fjySl47TjAn3zT\/7ePftsYEF2pIfsBGOBvEk5CMl8Eex3X4W8jNkLisCHQ4qltfQGOybcYFxaDP08rj8iRVG8bdF\/yP\/DC352HizV7Yb9zZHUFsHChFw76vAQXan5O\/Dnl3FE4ludPW9m+ev7vATi4As+zINZ1QfL7TJTn4a\/z9QMzg\/CXI9ja\/IXHy0mXzsDwEnYBmuRnLzbtggdlJLAyR9lrIP7KKMTxVpj4L0d9B8HmTw5iZIMV1\/dPQbdvt20RFtg7JHmjYTz29\/P4HrhQushDe2Hi80\/h0uEw\/Oi+r0P3pIfQPzsBHU9koPuHPn8LrD5uKAPB\/qxwCeYvPAZ37RwVz8D\/sAb+Jf\/eCbZsRz+CJAr9WLwTxjxe7GGvzLY8Mg+J04\/5\/q1xQc9Z1etShmtUyJ9bNnS9CanDTXDl0Z2QmPFouX51HjpaXoa7ki9AzO3dHGayEGd\/vYUhbt4QPAxRI56fPwoDef\/wyYVCrq1BIdvUNMPwxUHY9tkzEHvisuu7E\/zV6Ucuw+bvT8G7Xf5vxy1c+AEcwzo0eULeg36wP2B5usC\/1XCziwk+jWbjmyyLo4WPTmW7767L1t3dlR0Yezub\/uUn2dSPT2UHupqydWubswPvzTu2Z9N0dqAZt1mLk2HBxKeQ+I5PXdmJnO08pvNd5nbYjlr7qzH25ZhCyjps8rNX4tN8Nn1qTzYSqstu7no+O\/az6ezcL6ez744NZRPt4WxteE82+Qu37XD6h+ezLfK4tWuUY+K+RHnwGv2Dsb7XdYFsrdxHea+L\/76uvdWfbakLZSPt\/dnhH0\/hOdt\/28TFXBuiiS6X462pkcdTz3Uxm36xWX5vWTUZk3G+3efV\/SvXh03q72geg00+51XQ7+Ey\/dOb2QSWIRRuyyaGzmdTeE3SPxvNDjzYiGXGa\/KWvzWTuD6O8+W\/R57jfv52tqce1\/WzF1Omsrq1Ghjulde4aytz9VxZ7pVl4TpGANOX4X\/O\/haW+HnWQMNm9m61VmfpYAkWZqbgYnpRnrOmv22B3BC31s+mYCxdAy335H+1uyIiJwhi5VC2gTeCIFYmJHKC0BwSOUFoDomcIDSHRE4QmkMiJwjNIZEThOaQyAlCc0jkBKE5JHKC0BwSOUFoDomcIDSHRE4QmkMiJwjNIZEThOaQyAlCc0jkBKE5JHKC0BwSOUFoDomcIDSHRE4QmkMiJwjNIZEThOaQyAlCc0jkBKE5JHKC0BwSubYswsQjt0Pophqoj52AWfmtRanLiWqBRK4rV09Az3GRU3x+8nEYeIfPWpS6nKgaSOS6ki+PeanLiaqBRK4r4b2QeLCOz9Y1Pwfdd\/NZi1KXE1UDpS4mCM2hlpwgNIdEThCaQyInCM0hkROE5pDICUJzSOQEoTkkcoLQHBI5QWgOiZwgNIdEThCaQyInCM0hkROE5pDICUJzSOQEoTkkcoLQHBI5QWgOiZwgNIdEThCaQyInCM0hkROE5pDICUJzSOQEoTkk8mVhEjpuquEph2zTnYNlTz800Yn77ZyUnwrkQqdSvk6YkF\/nlL8C5SYqB4l8GYmfXYSl3xjTNCSgDyIlC0YIsOOC\/FgsVwchunPULGP68DTEeNnmYODONkjhZ1u5i61IiGWHRH7DqIfu91BUM31wsFSBloHZ8ZOQbh+F4e3ic8P+KVh6rwsaeDkXIbW\/XizAz7EHwgCpDLXmVQKJ\/IYShuh6ppc5+dkeFputM2tlb2qCgSNWOB09wrYRrWwS55I71dY8g98b+8HtrsqvWTjuGjnMwdjpDEQ2oHhLwaOcs0eabJ8ZolsxqJSTdQ\/U81e7C0QpkMhvKPUQiQKkP87gvCMs\/qgfUjsVgaJwe07fAWm5DHobUdQyGsClLMw2WmEYOQnwugi7x9pxu\/ulsLcPydbZnWg4E0Bkk3CwFyuEB1o99oPH+3iXOIezbZDGcsZglH9OHw7j52es\/ZrlxC7A+lGI3XQG4my737BzGoUeWSEQpUEiXylcHYfhmTZIGGHxui5IoECHx60bPX5ICpQvw9b7nEe\/uL0futeJ2UJa5+ROQ2SsckDR5bT6MnJY3w9jZvjuJAyJJ5vl7B0Qwc8drWLdhnAj\/9\/ELKeo7KB9F7SwjzLCIcoDifyGMgfplBRi5kNIY+sVM1vSGoiNGK08A298Ra8lh9YuRA4fkCIDaHmyHyIzJ2HMjCSYwBuhB\/oh7RMNECsPEvmNhLfeLEzGlo63em0wJltScxqSrSKGwSlD74gl\/nIgW9IcGiHCW1op8CiG3STwqoNEfsNA4dzfB2kMfQ+yvvS6VujAfqnVDxWDUMZAFcMMz68OQg+28vEdRgVQOi07WP\/Z6i9PPItlk+HzRKdswc0Kh6gmSOTLCBsBN0Lx0E3OllEMokV7G+Vy7Ptiv9h6dBWGOPSJZRv7AA5Py4G2Zoiz\/jnuW60QXPEcXUfYoNxZMLsLsZQh6klIYoUCM30QkcvERKPf1cLvYEiYlfPESoU9mtp4Ejo+mjIH1AgiKNSSE4TmkMgJQnMoXCcIzaGWnCA0h0ROEJpDIicIzSGRE4TmkMgJQnNI5AShOSRygtAcEjlBaA6JnCA0h0ROEJpDIicIzSGRFwh3GbX9XTWbVMPFEhMcrDBUp1U2CUfYORg4YpyfI\/ECTurftavXq2RveKIoSOTF0C7cR40pfRigZ6Nd6MuGYYNcgWMzgUZO7xYOsXyahuhTKGLmKgthYT5xNYPzdtsq0+jiQifERuSys22Q3ElGEzcCEnkZYIkIuPXxs6J1axnCm7rarZKYQJk7jM3TTSRWSDNfutZ68T0zoFzP\/OlymTg3ajmwbj\/AbZeT1JovOyTyMsHdU2VWEXu4zkwQrZDVsk0S30ePDFrhLrNm4i2z8pmvi6jfmy03hsob+yDNvM6VSMLWpXCUo6NTJj5g3\/vYQTGB5nir4\/qRj\/uxVW40K7TZzDRzonQxd1ScaBWsRBIKrBx4XQaUrgEL7XND\/QKvGcEhkZcJ7ik+w2yV7cweaRNebjLcZa2ZmjQg3fuhlVCA+ajdDyK8\/YhZIhsplISYo0YuNSayjayyaIZhth6GzglpDcX60LwFNo6XarObQaZkggYWaXgmWxAC5S6yBkxI53aJ7Ziz7MgZXllx11gMyQ0xOkVm7cPLEdZgFIaVJAzMsy65Q5zvGPOwe8rab7BrRhiQyCsMzylmhu7Yf8VQV8XyOhcJBczWcx1+5t8jF87whAbc1ZXhGfqKdEdmEgZmDnmoDdKnx02BeGc+8YEJnAkppwsiKgNrjKKUZIhWYgmRhKEN4vJ8ndFAoGtGmJDIywQPW936pjwUla3cTX2QKiIzCN+3zS0VW3KsLHJDX1GJ2Fxhd2K\/2CXCCILYP4siPoSE2uKb\/XCRDNGqxESlArKVZ1hllBUCseyQyMuCaEFz+6bYh3wK+7Zm2t9R6JBLCoG3bNiSW6PcYrLsmg1Ey2ZPkcymITMzSjDkAFsvhvp3stRJ6vbynPwiAlkBuIXnti4AsSyQyMsA73fPKDnAHJjZTi48w1vggtm+y57iWA405T53FuJU+6988KqIwaiG\/f0Qx8ggDfboxEi0IHKhiWfkVjnwM0YORgVgS9jAz90KwYnlg0ReDOpAE06R3kYY+42bJ7oRvsr1z+3ig0iFpzgSA2wpIwxXkyvwzCtsdF2IjT\/Oi1qhPX9O7ZXayHN0nY1iY7kxIlD3xffHBsfM\/WG5MDoBs3vgSAixfUgkTmTLUPzxs4VGFEQ5ILdWgtAcaskJQnNI5AShOSRygtAcEjlBaA6JnCA0h0ROEJpDIicIzSGRE4TmkMgJQnNI5AShOSRygtAcEjlBaA6JnCA0h0ROEJpDIq8Ubn+rLa2g7GYP0oG075CPf7rTnMHAcC912kAVgtiHbd82Z1icHJ5tuS6qxEqGRF4pmKPpzEkYU0TLvNoi68OQPKeI5uo4DM+EoeOe35df5IELsFzJFJjAhV+chcMZljmijiiOr1hRUcKE6oJEXimkY0vKNIFhPnAAHYd2Q0T6s3O4KeJuiH2jC1Ku7jIVglcWKPBoG8TlVwLm9rIoXGc4zRBX3GwoYUL1QSKvGMLI0HIrZU6qjRDZjuIHq4U3kxM4W2jV5bXzjPxStLLOZAoA40o+Mqtl5XnMPO2RmVc7tsZDu+TnIFDChGqERF5BuJGh4XnOvNN5C8jEn4HhcSEM1kLGdzgNIIUhouG6mt4wDUn+fW4yBYaVbEAkb4hJYds93x2sa4aWIFEDiq1nBGxlpIQJ1QWJvJLwfrnwPOf9cdkCcvHz8HcSkti\/zXEwZRWCklxAOKd6YyUbyCe6QpGRQzuKtSiXVUqYsBIgkVcS3i+fhvRV2R9vNVxMd0GcJSBgGUFdEjLkJmoQN\/7ywkb0hfuqMxqghAnVBYm8oojQPJWR\/XEzPGaiRfGPfwjgkqQgN68a217OLgtC4CmWFMImcPdIgRImrGxI5BWGheapc2cgZYxIc1gSBIDh09PuAmEtPfZlzcSIPHxfLthAmMM\/XYESJlQfJPJKg\/1yGBkFcPRBWWudxtbdXSBigA16G8Xo8lMAcSNcdyRT8MN\/dN0D\/twe\/zcSQjhHuClhQtVByRUIQnOoJScIzSGRE4TmkMgJQnNI5AShOSRygtAcEjlBaA6JnCA0h0ROEJpDIicIzSGRE4TmkMgJQnNI5AShOSRygtAcEjlBaA6JvFJwt1GHJ7l0IHUmQ+AOpr5\/9x0wiYLT8bUE+N+iy78l9z2u6irLJ\/fj5z9HolKQyCsFNyB0eJJzj\/UwgOHgymFmjnY31MrALJ0CZjzByiLWC8KymZtXtHlWHNyPjvnAcadVNi2jdzwRCBJ5xRBJCVRPcpaYIH6oH6Kqfxszc1RcTN2ph+73Fl3tmCrB7PhJkfCBiXVdFyTaLQtpJ8x11um8SqwsSOQVhN38RuYR4WyKrXuYiV9p4XnrbjmzqskHrPDWEa7LsJ+vc2cndDhD+XE1MQPbh\/Rtwznmfc5bcxZmeyQt4GVmCR\/kZ4Z1HirCrbVgI0dntyXf+RAlQSKvIA2tuyHCrJfZB+adBqJ1ZOI38qFxP3bp2Mr6wbFUP6R52DsNiZSSg8wEBXt\/HwBzUmXrHULh2pxcM9Dz8S6xjCUmGGlDUbNIAKMIXMoSNnAP9e1DsPReV45TrIHaOnu31MJFllUcRqWSV5xM0BtPQgd2BURkku98iFIhkVcS3i9nvus4z1ps2Tpy8fN8aKofO5vPYDhvCA+FeUjJwGJgJEg0PdxZPjIxKwhD4knZv690YgLe1RAVh1GpMPNJz35\/qk8KXOm35z0folRI5BWFheYoBIx0eX\/cGFxjjqs8HxprCQ0\/9txWkbmh2v3XEVZZgOrhXhnU8Nw9VEewv55CcZvZVXj\/Hc9Bzdqqwlpo5jT7rLJ8mc5nNUMirzAs1E1lJmV\/XH5pJF0Yx8n0Y8fl2IKZraI5OSyPWeolIzqoEG7huXfInovnuu39kGLdBt6FkN8tw\/msdkjkFYaF5vDxGQxr5Wi1hCddOH1S8WNnCRewr64kAeSDcM7BMem7bo528wQHYrZciLGEPvHYDPvQPSNKOK0iM5ea7wLg55jXuibNMKzmNV+G81ntkMgrDesXj4xC0jFazZMu4M2sCoJlIR2L9kFEhus82X\/O4Bj21V9XEi+cuyNgH1Y80mPdAT445jO6zsLuscPAEziENrJBsVGrD61uxwbvzoJItCC7F\/GzAZ6Ty7zmIvuq3\/mIpwqBnu0TnlByhaqHCaERUoeUvnFFweN1jkNsyHtkvjSW+3z0h1ryqoO9uaa8OsrDW7W\/X2GujkNqQ26SxuK5weezCqCWvAphz9MjvdaIt\/nsu0rR7XxWGiRygtAcCtcJQnNI5AShOSRygtAcEjlBaA6JnCA0h0ROEJpDIicIzSGRE4TmkMgJQnNI5AShOSRygtAcEjlBaM6qELmaDUSdSjYjcDqjlBn3cpcnQ0rRlHLO3Hq51PKLJBGuZeBlw2XS1CLI716xe2MFsXpa8vWG1bGcuAVRFfyYjnKnuWNL5SqW6iAMkfWO7DQIM8vMIcjvXq33RkBWb7i+fQgFY\/dUKxhmf+Q0Wqww3H+NjA8hGrW86wUieUW8PY\/bRJDfvRz3xgpiVffJG8KNNstjW+im+p+pGT7UUM4RuqrZTzo6rWUi2V+nDDPZpDqh4HpeXmsu2FIYcYQPmnFccRxZJlm+DqVcZvIDv2UM2zm7hNh8uRpROPzY8m2PiOtl7cPz+rsQ3aEkrmDI5BXxDfKzD87f3Y0g61QLq3vgTbUDxps+0tsIYzJk44aKRoqh+\/sgqiQQSBlOoyq4PTde5NtPQzTlCB1H8DuWQJDtuz0DPffLm5hFAz6ZTGDGMnZkEy+jub7wQ+uJGgkHWdYVDGNNm2fGKKQ2yOwkGIambckLvZZhv3ejcs5n8RjOLgJ3WVVCZp4kwcjpln97JvAYHt+MhDyvvwdh+\/FZ5QcPtJrppnwJYgOtkVX06ha5AuvPRQ4fMMXR8iRLMWS1FGboxhMK5IbovD9oiktkP7HR3m+6mBbiYZ7bX2TuqLJllNlHjIwpE52NkHrAXm6ANkgYiRL5javisezCGUjicQ8aFkzSXdXeB5YW0ka6JxZhGOfPtleTODq6NcP3S4EPWZlc813\/XMTxRUJJkX2m4Jxsq4TVLXIze4dI3Jc2bIHZhC1RmtfkLI8YtpCgtKg5oaTYviDxFgsXnJplVGQfYaFuD7bKw\/vDVmqmIuHpiG0RBLbEM\/YMrQw11xvLsmJkiOHbK0kc7WTwuoZxO+nrzvG7\/nIVF1hIzdNI2aKIAATJ2qJRZpdVLXLe+vKbkWU0QZEaSffMyfAQZ0I3vhuFOAogZkvsJ7b3TCdUaVio+zF2I1irzPOTlXZz8v6oM4LAKSd1shmysxzrlsj8+7MYebw+JXzdjS5L3uvvwfZd+FuchIPPKlFEAKzf3Zsg61QLq1fkvA8NZoJBltEk3fuMGR6KQSDWjxTPZa3HKSKdkTM0ZNuDGV5iX\/kpR5+8XEjLYp6UQYos9tQdkOahrxg\/KOSGd4WLpw8OOgbRch8pyZB9ZxuG94og2PYYjlv9dbY9djE+lZ+Rhv2jPDoyKkvv6++HyDWXHLGiiLw4fndXgqxTRawekTsGsEI7MQT\/SLH+5Y9Nps1sIJFewOWsH9kMw3ywzdhWDHTlWAbj9mPtKDi+Dgr+AUef3Au8oXxHknPKrWYpYUkSsQU1s67IQTilr1scjnPmWVSwK+ASDotHetgKy\/TLgtzto6zMt8nFHDFuYQ72eV5\/f3jlqvb\/neT73RlB1qliyJK5UjDxshbWb+RcC1ikgyJW0xETKwoaXS8TPLw0H\/nIcN2Z\/0xH+Ei8PZkjsbKglrxssBYN+6byEx+40rwV58+6R8IY2lIrvpIhkROE5lC4ThCaQyInCM0hkROE5pDICUJzSOQEoTkkcoLQHBI5QWgOiZwgNIdEThCaQyInCM0hkROE5qxikQszCFdjAvZnomxZAS6qhcNMGB0OqW4YhguB7JyMczKmoNs54Oefz7BB\/IGK9Zd31UrA36GKWeUteQEm\/R7wPzGtaGUQFPFXcCnVQumj3TC80RK6HqJUKKgCXL2s+nC9aJP+khG+cTm+acXCvd2kLZTBui5ItKumjwFxuKsS1Q2JPKBJv0gE4AiDMayN9GaEfZDZmttDZnuyASuZQccFR5gofdTMY7i2uGzfHi3XOubSmivoliFRkbCIg\/mWwUibtW+jWyInZ+IFdk1E6++RGMKB7Rqp5bcdR9necc65HnIS1\/XwWnBH1wz0OKMVY13HNfRbpjM08BbEpB9v0ljKci\/lyRGexZuE+5Jhi28aRDDhKiEz9zlTRWElM7D7h+F2jgQOdstig2YY9nQwxWU8QYJla6yKpmH\/FJYbZ9oNDzgUifQy48fk21pGija8EkMo8ErEvEa431SbrDScx2mU2+ees2vSCs\/1hI9chLm\/StMK7zL4L9MdErl0HPU16Wfhq5K1hHmEuyL9v82EBTnhsiOcNhGhuyl87vldBDzMFmJggmZJ+7xbXnuFwb3SvcibGEJcN8vdVJo0Mk90\/llWigzbtcyftMIg\/3p+ZchXPr0hkSN5Tfpt4WIbhvMecHEajq1iYiFyED92Wyj51HTJft8sTBdid295eQup5FCLnZZfFwVzjTUqFTntHMVuDLserDIZhTjrJhjLeKjMKjZsUX2TVjCCrudXBr9l+kMiZ+Qx6Z94lnmZG\/nGpiARlQuc8FRDRj40ZcpnkYyVSA\/3SpPrv75bLggOH+V36Wd6ZnXh\/u1WWVOHGuWCYhBe9HEjpDYno8VlQpff8a5Im+xKMAEb67olrTAIsp5fGfKVT29I5JwAJv2pjGg9uCD5N7nIZAc95g0oBuGC9f2wtZENPq9UxGxgRMoiZz9zEg72Zhye6CpGGiJs1UtKBiGTLCipfnlkwlpcHgUpXQY+QIhTWFwba9xACDE3n1nQ9XzK4LtMf0jkEj+Tfp58zzDgvx8gwQbbpOi5uPgyNhjEWpxRiJqDX22QxAgg72My3ne3wsnkDmytFNFbsBveo4\/N+6rqscXxAVsv4\/giywuGzezmljnVejbK9Q6xQazic6jxgT0zyQPrpmCUwPrerFw8q6lVptThUezji4GzvEkr5ACb63q8UhXnwCoBzzLgqn7LdIfcWglCc6glJwjNIZEThOaQyAlCc0jkBKE5JHKC0BwSOUFoDomcIDSHRE4QmkMiJwjNIZEThOaQyAlCc0jkBKE5JHKC0BwSOUFozqoWuc1yCSfV+NAbYZtUbhNAZ1nElD\/BQWGUr+zciaZCpgv8WuR1U63M76Ajq1Tk4gZRHViFC2hQoVcI02JKTGP4OaaNe4nT4YVYLlanyA1\/M9UZZF0XjB22WwTdaLiTyyoxG1ThJpT5fPGIwKxKkfM0SC6GjcwiSLULtoXQnuGjaKGM9cyWinubqckUvM0WvbCVkyUouBP3xx1Wm2Dgpw7vNEdLaSt7TjQwrpTZ3iXwPmcR\/YhlTXDwY\/l1Dup6xj7Yd22QxDlmceVaRuVcrHBdhuSdnYpbrncXxrPspSZ3qHJWociFb7qni6nEbsYvLIVz+3\/i5jWTKZzFG9knmQKvRPxaKOa\/ptx0\/Pjq+jMo+kOsPFPQfZv8zg1nMoio3d003fshxPmyaUisxy6BFIRfAoLZI23QA8ayfiyru800Xy9qdDvEPjouCO+7OC5njqncn80rYYUL6RGAhLE\/pbwq3mXHyq+k5A7Vz6oeePNGmPFbLqfNcBBD+Rwzfu7TriRMkOaI+ZMpeODok6cfOCkNIg3cjSZdmemDg7JlMlIlGUQOH5BRTD1ETHvp\/MkJnNfDEzP7i7BSzjVnRIImrEDcy6uSL3lC6ckdqplVKHJxo\/gnPBBm\/Lm2vw54MoVGiLimLSqdhv392PrlZl3NC7uReVRRSCiaPzmBej1YQgo3WLSSPgyKO6sa2SjYQmWfhBWB8Ct7qckdqp9V2ZILa2IlyaEB77uxllN4e4vUST7wZArF2xhXFCVlEsvXlswbiopz9ktOoF4Pv7RKvFsit\/fK4BI4YUUg\/MrOKDW5Q3WzOsN1HlY7H0+xvtuoDA2FGb8V7nkkKZC+32Z4zkftCwzRfZg90gdJrxDdmcX0whk+sMVwPsPmre56ViH5kT85gZUQUYTHbliDZgI+9hEN26+bQZCEFYHwKXvJyR2qn1XaJxc1uGq270xEYDfj90qSwPajJDTASiJ+1ivrqBSfy6CRiWPgLdILkPjIq58oxwmMY5+7AysuscRedlYuDEtft\/qhXji3y0lOwJ7b82WNkIri9XKhZUgMelnn0AhjfPCQZakRITUbEPNLWFEMnmUvOblD9UPJFQhCc2h0nSA0h0ROEJpDIicIzSGRE4TmkMgJQnNI5AShOSRygtAcEjlBaA6JnCA0h0ROEJpDIicIzSGRE4TmkMgJQnNI5AShNQD\/Hw+NBAQd0oT7AAAAAElFTkSuQmCC\" alt=\"\"><\/p>","protected":false},"excerpt":{"rendered":"<p>Tegund:&nbsp;A1010B<\/p>\n<p>B\u00e6\u00f0i innandyra og utandyra<\/p>","protected":false},"featured_media":74597,"comment_status":"closed","ping_status":"closed","template":"","meta":[],"product_brand":[],"product_cat":[518,545,571],"product_tag":[1076,1012],"class_list":{"0":"post-71768","1":"product","2":"type-product","3":"status-publish","4":"has-post-thumbnail","6":"product_cat-honnunarlausnir","7":"product_cat-hurdabunadur","8":"product_cat-hurdarhunar","9":"product_tag-burstadrydfritt","10":"product_tag-frost","12":"first","13":"instock","14":"taxable","15":"shipping-taxable","16":"purchasable","17":"product-type-simple"},"yoast_head":"<!-- This site is optimized with the Yoast SEO plugin v27.3 - https:\/\/yoast.com\/product\/yoast-seo-wordpress\/ -->\n<title>FROST Hur\u00f0arhandfang HB103 1010 - V\u00e9lar &amp; Verkf\u00e6ri<\/title>\n<meta name=\"robots\" content=\"index, follow, max-snippet:-1, max-image-preview:large, max-video-preview:-1\" \/>\n<link rel=\"canonical\" href=\"https:\/\/velarogverkfaeri.is\/en\/lykillausnir\/hurdabunadur-lykillausnir\/hurdarhunar-hurdabunadur-lykillausnir\/product\/frost-hurdarhandfang-hb103-1010\/\" \/>\n<meta property=\"og:locale\" content=\"en_US\" \/>\n<meta property=\"og:type\" content=\"article\" \/>\n<meta property=\"og:title\" content=\"FROST Hur\u00f0arhandfang HB103 1010 - V\u00e9lar &amp; Verkf\u00e6ri\" \/>\n<meta property=\"og:description\" content=\"Tegund:&nbsp;A1010BB\u00e6\u00f0i innandyra og utandyra\" \/>\n<meta property=\"og:url\" content=\"https:\/\/velarogverkfaeri.is\/en\/lykillausnir\/hurdabunadur-lykillausnir\/hurdarhunar-hurdabunadur-lykillausnir\/product\/frost-hurdarhandfang-hb103-1010\/\" \/>\n<meta property=\"og:site_name\" content=\"V\u00e9lar &amp; Verkf\u00e6ri\" \/>\n<meta property=\"article:publisher\" content=\"https:\/\/www.facebook.com\/VelarOgVerkfaeri\" \/>\n<meta property=\"article:modified_time\" content=\"2026-02-17T11:33:56+00:00\" \/>\n<meta name=\"twitter:card\" content=\"summary_large_image\" \/>\n<script type=\"application\/ld+json\" class=\"yoast-schema-graph\">{\"@context\":\"https:\\\/\\\/schema.org\",\"@graph\":[{\"@type\":\"WebPage\",\"@id\":\"https:\\\/\\\/velarogverkfaeri.is\\\/lykillausnir\\\/hurdabunadur-lykillausnir\\\/hurdarhunar-hurdabunadur-lykillausnir\\\/product\\\/frost-hurdarhandfang-hb103-1010\\\/\",\"url\":\"https:\\\/\\\/velarogverkfaeri.is\\\/lykillausnir\\\/hurdabunadur-lykillausnir\\\/hurdarhunar-hurdabunadur-lykillausnir\\\/product\\\/frost-hurdarhandfang-hb103-1010\\\/\",\"name\":\"FROST Hur\u00f0arhandfang HB103 1010 - V\u00e9lar &amp; Verkf\u00e6ri\",\"isPartOf\":{\"@id\":\"https:\\\/\\\/velarogverkfaeri.is\\\/en\\\/#website\"},\"primaryImageOfPage\":{\"@id\":\"https:\\\/\\\/velarogverkfaeri.is\\\/lykillausnir\\\/hurdabunadur-lykillausnir\\\/hurdarhunar-hurdabunadur-lykillausnir\\\/product\\\/frost-hurdarhandfang-hb103-1010\\\/#primaryimage\"},\"image\":{\"@id\":\"https:\\\/\\\/velarogverkfaeri.is\\\/lykillausnir\\\/hurdabunadur-lykillausnir\\\/hurdarhunar-hurdabunadur-lykillausnir\\\/product\\\/frost-hurdarhandfang-hb103-1010\\\/#primaryimage\"},\"thumbnailUrl\":\"https:\\\/\\\/velarogverkfaeri.is\\\/wp-content\\\/uploads\\\/2025\\\/08\\\/15c49397-6353-4c8b-81f3-885cf0a59ac9.jpg\",\"datePublished\":\"2025-05-01T17:56:23+00:00\",\"dateModified\":\"2026-02-17T11:33:56+00:00\",\"breadcrumb\":{\"@id\":\"https:\\\/\\\/velarogverkfaeri.is\\\/lykillausnir\\\/hurdabunadur-lykillausnir\\\/hurdarhunar-hurdabunadur-lykillausnir\\\/product\\\/frost-hurdarhandfang-hb103-1010\\\/#breadcrumb\"},\"inLanguage\":\"en-US\",\"potentialAction\":[{\"@type\":\"ReadAction\",\"target\":[\"https:\\\/\\\/velarogverkfaeri.is\\\/lykillausnir\\\/hurdabunadur-lykillausnir\\\/hurdarhunar-hurdabunadur-lykillausnir\\\/product\\\/frost-hurdarhandfang-hb103-1010\\\/\"]}]},{\"@type\":\"ImageObject\",\"inLanguage\":\"en-US\",\"@id\":\"https:\\\/\\\/velarogverkfaeri.is\\\/lykillausnir\\\/hurdabunadur-lykillausnir\\\/hurdarhunar-hurdabunadur-lykillausnir\\\/product\\\/frost-hurdarhandfang-hb103-1010\\\/#primaryimage\",\"url\":\"https:\\\/\\\/velarogverkfaeri.is\\\/wp-content\\\/uploads\\\/2025\\\/08\\\/15c49397-6353-4c8b-81f3-885cf0a59ac9.jpg\",\"contentUrl\":\"https:\\\/\\\/velarogverkfaeri.is\\\/wp-content\\\/uploads\\\/2025\\\/08\\\/15c49397-6353-4c8b-81f3-885cf0a59ac9.jpg\",\"width\":950,\"height\":1006},{\"@type\":\"BreadcrumbList\",\"@id\":\"https:\\\/\\\/velarogverkfaeri.is\\\/lykillausnir\\\/hurdabunadur-lykillausnir\\\/hurdarhunar-hurdabunadur-lykillausnir\\\/product\\\/frost-hurdarhandfang-hb103-1010\\\/#breadcrumb\",\"itemListElement\":[{\"@type\":\"ListItem\",\"position\":1,\"name\":\"Home\",\"item\":\"https:\\\/\\\/velarogverkfaeri.is\\\/\"},{\"@type\":\"ListItem\",\"position\":2,\"name\":\"Vefverslun\",\"item\":\"https:\\\/\\\/velarogverkfaeri.is\\\/vefverslun\\\/\"},{\"@type\":\"ListItem\",\"position\":3,\"name\":\"FROST Hur\u00f0arhandfang HB103 1010\"}]},{\"@type\":\"WebSite\",\"@id\":\"https:\\\/\\\/velarogverkfaeri.is\\\/en\\\/#website\",\"url\":\"https:\\\/\\\/velarogverkfaeri.is\\\/en\\\/\",\"name\":\"V\u00e9lar & Verkf\u00e6ri\",\"description\":\"Umbo\u00f0s- og heildverslun fr\u00e1 \u00e1rinu 1919\",\"publisher\":{\"@id\":\"https:\\\/\\\/velarogverkfaeri.is\\\/en\\\/#organization\"},\"potentialAction\":[{\"@type\":\"SearchAction\",\"target\":{\"@type\":\"EntryPoint\",\"urlTemplate\":\"https:\\\/\\\/velarogverkfaeri.is\\\/en\\\/?s={search_term_string}\"},\"query-input\":{\"@type\":\"PropertyValueSpecification\",\"valueRequired\":true,\"valueName\":\"search_term_string\"}}],\"inLanguage\":\"en-US\"},{\"@type\":\"Organization\",\"@id\":\"https:\\\/\\\/velarogverkfaeri.is\\\/en\\\/#organization\",\"name\":\"V\u00e9lar & Verkf\u00e6ri\",\"url\":\"https:\\\/\\\/velarogverkfaeri.is\\\/en\\\/\",\"logo\":{\"@type\":\"ImageObject\",\"inLanguage\":\"en-US\",\"@id\":\"https:\\\/\\\/velarogverkfaeri.is\\\/en\\\/#\\\/schema\\\/logo\\\/image\\\/\",\"url\":\"https:\\\/\\\/velarogverkfaeri.is\\\/wp-content\\\/uploads\\\/2021\\\/10\\\/vv_logo_350x100.png\",\"contentUrl\":\"https:\\\/\\\/velarogverkfaeri.is\\\/wp-content\\\/uploads\\\/2021\\\/10\\\/vv_logo_350x100.png\",\"width\":350,\"height\":100,\"caption\":\"V\u00e9lar & Verkf\u00e6ri\"},\"image\":{\"@id\":\"https:\\\/\\\/velarogverkfaeri.is\\\/en\\\/#\\\/schema\\\/logo\\\/image\\\/\"},\"sameAs\":[\"https:\\\/\\\/www.facebook.com\\\/VelarOgVerkfaeri\"]}]}<\/script>\n<!-- \/ Yoast SEO plugin. -->","yoast_head_json":{"title":"FROST Hur\u00f0arhandfang HB103 1010 - V\u00e9lar &amp; Verkf\u00e6ri","robots":{"index":"index","follow":"follow","max-snippet":"max-snippet:-1","max-image-preview":"max-image-preview:large","max-video-preview":"max-video-preview:-1"},"canonical":"https:\/\/velarogverkfaeri.is\/en\/lykillausnir\/hurdabunadur-lykillausnir\/hurdarhunar-hurdabunadur-lykillausnir\/product\/frost-hurdarhandfang-hb103-1010\/","og_locale":"en_US","og_type":"article","og_title":"FROST Hur\u00f0arhandfang HB103 1010 - V\u00e9lar &amp; Verkf\u00e6ri","og_description":"Tegund:&nbsp;A1010BB\u00e6\u00f0i innandyra og utandyra","og_url":"https:\/\/velarogverkfaeri.is\/en\/lykillausnir\/hurdabunadur-lykillausnir\/hurdarhunar-hurdabunadur-lykillausnir\/product\/frost-hurdarhandfang-hb103-1010\/","og_site_name":"V\u00e9lar &amp; Verkf\u00e6ri","article_publisher":"https:\/\/www.facebook.com\/VelarOgVerkfaeri","article_modified_time":"2026-02-17T11:33:56+00:00","twitter_card":"summary_large_image","schema":{"@context":"https:\/\/schema.org","@graph":[{"@type":"WebPage","@id":"https:\/\/velarogverkfaeri.is\/lykillausnir\/hurdabunadur-lykillausnir\/hurdarhunar-hurdabunadur-lykillausnir\/product\/frost-hurdarhandfang-hb103-1010\/","url":"https:\/\/velarogverkfaeri.is\/lykillausnir\/hurdabunadur-lykillausnir\/hurdarhunar-hurdabunadur-lykillausnir\/product\/frost-hurdarhandfang-hb103-1010\/","name":"FROST Hur\u00f0arhandfang HB103 1010 - V\u00e9lar &amp; Verkf\u00e6ri","isPartOf":{"@id":"https:\/\/velarogverkfaeri.is\/en\/#website"},"primaryImageOfPage":{"@id":"https:\/\/velarogverkfaeri.is\/lykillausnir\/hurdabunadur-lykillausnir\/hurdarhunar-hurdabunadur-lykillausnir\/product\/frost-hurdarhandfang-hb103-1010\/#primaryimage"},"image":{"@id":"https:\/\/velarogverkfaeri.is\/lykillausnir\/hurdabunadur-lykillausnir\/hurdarhunar-hurdabunadur-lykillausnir\/product\/frost-hurdarhandfang-hb103-1010\/#primaryimage"},"thumbnailUrl":"https:\/\/velarogverkfaeri.is\/wp-content\/uploads\/2025\/08\/15c49397-6353-4c8b-81f3-885cf0a59ac9.jpg","datePublished":"2025-05-01T17:56:23+00:00","dateModified":"2026-02-17T11:33:56+00:00","breadcrumb":{"@id":"https:\/\/velarogverkfaeri.is\/lykillausnir\/hurdabunadur-lykillausnir\/hurdarhunar-hurdabunadur-lykillausnir\/product\/frost-hurdarhandfang-hb103-1010\/#breadcrumb"},"inLanguage":"en-US","potentialAction":[{"@type":"ReadAction","target":["https:\/\/velarogverkfaeri.is\/lykillausnir\/hurdabunadur-lykillausnir\/hurdarhunar-hurdabunadur-lykillausnir\/product\/frost-hurdarhandfang-hb103-1010\/"]}]},{"@type":"ImageObject","inLanguage":"en-US","@id":"https:\/\/velarogverkfaeri.is\/lykillausnir\/hurdabunadur-lykillausnir\/hurdarhunar-hurdabunadur-lykillausnir\/product\/frost-hurdarhandfang-hb103-1010\/#primaryimage","url":"https:\/\/velarogverkfaeri.is\/wp-content\/uploads\/2025\/08\/15c49397-6353-4c8b-81f3-885cf0a59ac9.jpg","contentUrl":"https:\/\/velarogverkfaeri.is\/wp-content\/uploads\/2025\/08\/15c49397-6353-4c8b-81f3-885cf0a59ac9.jpg","width":950,"height":1006},{"@type":"BreadcrumbList","@id":"https:\/\/velarogverkfaeri.is\/lykillausnir\/hurdabunadur-lykillausnir\/hurdarhunar-hurdabunadur-lykillausnir\/product\/frost-hurdarhandfang-hb103-1010\/#breadcrumb","itemListElement":[{"@type":"ListItem","position":1,"name":"Home","item":"https:\/\/velarogverkfaeri.is\/"},{"@type":"ListItem","position":2,"name":"Vefverslun","item":"https:\/\/velarogverkfaeri.is\/vefverslun\/"},{"@type":"ListItem","position":3,"name":"FROST Hur\u00f0arhandfang HB103 1010"}]},{"@type":"WebSite","@id":"https:\/\/velarogverkfaeri.is\/en\/#website","url":"https:\/\/velarogverkfaeri.is\/en\/","name":"V\u00e9lar & Verkf\u00e6ri","description":"Umbo\u00f0s- og heildverslun fr\u00e1 \u00e1rinu 1919","publisher":{"@id":"https:\/\/velarogverkfaeri.is\/en\/#organization"},"potentialAction":[{"@type":"SearchAction","target":{"@type":"EntryPoint","urlTemplate":"https:\/\/velarogverkfaeri.is\/en\/?s={search_term_string}"},"query-input":{"@type":"PropertyValueSpecification","valueRequired":true,"valueName":"search_term_string"}}],"inLanguage":"en-US"},{"@type":"Organization","@id":"https:\/\/velarogverkfaeri.is\/en\/#organization","name":"V\u00e9lar & Verkf\u00e6ri","url":"https:\/\/velarogverkfaeri.is\/en\/","logo":{"@type":"ImageObject","inLanguage":"en-US","@id":"https:\/\/velarogverkfaeri.is\/en\/#\/schema\/logo\/image\/","url":"https:\/\/velarogverkfaeri.is\/wp-content\/uploads\/2021\/10\/vv_logo_350x100.png","contentUrl":"https:\/\/velarogverkfaeri.is\/wp-content\/uploads\/2021\/10\/vv_logo_350x100.png","width":350,"height":100,"caption":"V\u00e9lar & Verkf\u00e6ri"},"image":{"@id":"https:\/\/velarogverkfaeri.is\/en\/#\/schema\/logo\/image\/"},"sameAs":["https:\/\/www.facebook.com\/VelarOgVerkfaeri"]}]}},"_links":{"self":[{"href":"https:\/\/velarogverkfaeri.is\/en\/wp-json\/wp\/v2\/product\/71768","targetHints":{"allow":["GET"]}}],"collection":[{"href":"https:\/\/velarogverkfaeri.is\/en\/wp-json\/wp\/v2\/product"}],"about":[{"href":"https:\/\/velarogverkfaeri.is\/en\/wp-json\/wp\/v2\/types\/product"}],"replies":[{"embeddable":true,"href":"https:\/\/velarogverkfaeri.is\/en\/wp-json\/wp\/v2\/comments?post=71768"}],"wp:featuredmedia":[{"embeddable":true,"href":"https:\/\/velarogverkfaeri.is\/en\/wp-json\/wp\/v2\/media\/74597"}],"wp:attachment":[{"href":"https:\/\/velarogverkfaeri.is\/en\/wp-json\/wp\/v2\/media?parent=71768"}],"wp:term":[{"taxonomy":"product_brand","embeddable":true,"href":"https:\/\/velarogverkfaeri.is\/en\/wp-json\/wp\/v2\/product_brand?post=71768"},{"taxonomy":"product_cat","embeddable":true,"href":"https:\/\/velarogverkfaeri.is\/en\/wp-json\/wp\/v2\/product_cat?post=71768"},{"taxonomy":"product_tag","embeddable":true,"href":"https:\/\/velarogverkfaeri.is\/en\/wp-json\/wp\/v2\/product_tag?post=71768"}],"curies":[{"name":"wp","href":"https:\/\/api.w.org\/{rel}","templated":true}]}}