{"id":71545,"date":"2025-04-21T13:56:14","date_gmt":"2025-04-21T13:56:14","guid":{"rendered":"https:\/\/velarogverkfaeri.is\/?post_type=product&#038;p=71545"},"modified":"2026-01-07T14:46:25","modified_gmt":"2026-01-07T14:46:25","slug":"smedbo-outline-snyrtispegill-m-led-lysingu-7x-staekkun","status":"publish","type":"product","link":"https:\/\/velarogverkfaeri.is\/en\/lykillausnir\/badherbergi-lykillausnir\/snyrtispeglar-badherbergi-lykillausnir\/product\/smedbo-outline-snyrtispegill-m-led-lysingu-7x-staekkun\/","title":{"rendered":"SMEDBO Outline Snyrtispegill, standur svartur m. LED l\u00fdsingu 7x st\u00e6kkun FB444"},"content":{"rendered":"<h2 class=\"product-description-heading\" style=\"border: 0px; margin: 0px 0px 16px; padding: 0px; color: rgb(0, 0, 0); font-family: &quot;Libre Caslon Text&quot;, serif; font-weight: 400; line-height: 1.35em; font-size: 22px; white-space: normal;\"><font dir=\"auto\" style=\"border: 0px; margin: 0px; padding: 0px; vertical-align: inherit;\">L\u00fdsing<\/font><\/h2>\n<p style=\"border: 0px; margin-bottom: 0px; padding: 0px; min-height: 1.6em; font-family: Inter, sans-serif;\"><font dir=\"auto\" style=\"border: 0px; margin: 0px; padding: 0px; vertical-align: inherit;\">Me\u00f0 LED lj\u00f3si. <br \/>Fr\u00edstandandi me\u00f0 sn\u00faningsstandi \u00ed sv\u00f6rtu. <br \/>Spegil\u00feverm\u00e1l 180 mm. <br \/>Tv\u00e6r hli\u00f0ar \u2013 venjuleg og st\u00e6kkar 7 sinnum. <br \/>Endurhla\u00f0anleg rafhla\u00f0a, hle\u00f0st me\u00f0 USB (rafhla\u00f0a og sn\u00fara fylgja).<\/font><\/p>","protected":false},"excerpt":{"rendered":"<p>Tegund:&nbsp;FB444<\/p>","protected":false},"featured_media":75172,"comment_status":"closed","ping_status":"closed","template":"","meta":[],"product_brand":[],"product_cat":[580,517,626],"product_tag":[],"class_list":{"0":"post-71545","1":"product","2":"type-product","3":"status-publish","4":"has-post-thumbnail","6":"product_cat-badherbergi-lykillausnir","7":"product_cat-lykillausnir","8":"product_cat-snyrtispeglar-badherbergi-lykillausnir","10":"first","11":"instock","12":"taxable","13":"shipping-taxable","14":"purchasable","15":"product-type-simple"},"yoast_head":"<!-- This site is optimized with the Yoast SEO plugin v27.3 - https:\/\/yoast.com\/product\/yoast-seo-wordpress\/ -->\n<title>SMEDBO Outline Snyrtispegill, standur svartur m. LED l\u00fdsingu 7x st\u00e6kkun FB444 - V\u00e9lar &amp; Verkf\u00e6ri<\/title>\n<meta name=\"robots\" content=\"index, follow, max-snippet:-1, max-image-preview:large, max-video-preview:-1\" \/>\n<link rel=\"canonical\" href=\"https:\/\/velarogverkfaeri.is\/en\/lykillausnir\/badherbergi-lykillausnir\/snyrtispeglar-badherbergi-lykillausnir\/product\/smedbo-outline-snyrtispegill-m-led-lysingu-7x-staekkun\/\" \/>\n<meta property=\"og:locale\" content=\"en_US\" \/>\n<meta property=\"og:type\" content=\"article\" \/>\n<meta property=\"og:title\" content=\"SMEDBO Outline Snyrtispegill, standur svartur m. LED l\u00fdsingu 7x st\u00e6kkun FB444 - V\u00e9lar &amp; Verkf\u00e6ri\" \/>\n<meta property=\"og:description\" content=\"Tegund:&nbsp;FB444\" \/>\n<meta property=\"og:url\" content=\"https:\/\/velarogverkfaeri.is\/en\/lykillausnir\/badherbergi-lykillausnir\/snyrtispeglar-badherbergi-lykillausnir\/product\/smedbo-outline-snyrtispegill-m-led-lysingu-7x-staekkun\/\" \/>\n<meta property=\"og:site_name\" content=\"V\u00e9lar &amp; Verkf\u00e6ri\" \/>\n<meta property=\"article:publisher\" content=\"https:\/\/www.facebook.com\/VelarOgVerkfaeri\" \/>\n<meta property=\"article:modified_time\" content=\"2026-01-07T14:46:25+00:00\" \/>\n<meta property=\"og:image\" content=\"https:\/\/velarogverkfaeri.is\/wp-content\/uploads\/2025\/08\/e46102a1-9804-4fd9-ae4b-0b100ec276c8.jpg\" \/>\n\t<meta property=\"og:image:width\" content=\"1500\" \/>\n\t<meta property=\"og:image:height\" content=\"1500\" \/>\n\t<meta property=\"og:image:type\" content=\"image\/jpeg\" \/>\n<meta name=\"twitter:card\" content=\"summary_large_image\" \/>\n<script type=\"application\/ld+json\" class=\"yoast-schema-graph\">{\"@context\":\"https:\\\/\\\/schema.org\",\"@graph\":[{\"@type\":\"WebPage\",\"@id\":\"https:\\\/\\\/velarogverkfaeri.is\\\/lykillausnir\\\/badherbergi-lykillausnir\\\/snyrtispeglar-badherbergi-lykillausnir\\\/product\\\/smedbo-outline-snyrtispegill-m-led-lysingu-7x-staekkun\\\/\",\"url\":\"https:\\\/\\\/velarogverkfaeri.is\\\/lykillausnir\\\/badherbergi-lykillausnir\\\/snyrtispeglar-badherbergi-lykillausnir\\\/product\\\/smedbo-outline-snyrtispegill-m-led-lysingu-7x-staekkun\\\/\",\"name\":\"SMEDBO Outline Snyrtispegill, standur svartur m. LED l\u00fdsingu 7x st\u00e6kkun FB444 - V\u00e9lar &amp; Verkf\u00e6ri\",\"isPartOf\":{\"@id\":\"https:\\\/\\\/velarogverkfaeri.is\\\/en\\\/#website\"},\"primaryImageOfPage\":{\"@id\":\"https:\\\/\\\/velarogverkfaeri.is\\\/lykillausnir\\\/badherbergi-lykillausnir\\\/snyrtispeglar-badherbergi-lykillausnir\\\/product\\\/smedbo-outline-snyrtispegill-m-led-lysingu-7x-staekkun\\\/#primaryimage\"},\"image\":{\"@id\":\"https:\\\/\\\/velarogverkfaeri.is\\\/lykillausnir\\\/badherbergi-lykillausnir\\\/snyrtispeglar-badherbergi-lykillausnir\\\/product\\\/smedbo-outline-snyrtispegill-m-led-lysingu-7x-staekkun\\\/#primaryimage\"},\"thumbnailUrl\":\"https:\\\/\\\/velarogverkfaeri.is\\\/wp-content\\\/uploads\\\/2025\\\/08\\\/e46102a1-9804-4fd9-ae4b-0b100ec276c8.jpg\",\"datePublished\":\"2025-04-21T13:56:14+00:00\",\"dateModified\":\"2026-01-07T14:46:25+00:00\",\"breadcrumb\":{\"@id\":\"https:\\\/\\\/velarogverkfaeri.is\\\/lykillausnir\\\/badherbergi-lykillausnir\\\/snyrtispeglar-badherbergi-lykillausnir\\\/product\\\/smedbo-outline-snyrtispegill-m-led-lysingu-7x-staekkun\\\/#breadcrumb\"},\"inLanguage\":\"en-US\",\"potentialAction\":[{\"@type\":\"ReadAction\",\"target\":[\"https:\\\/\\\/velarogverkfaeri.is\\\/lykillausnir\\\/badherbergi-lykillausnir\\\/snyrtispeglar-badherbergi-lykillausnir\\\/product\\\/smedbo-outline-snyrtispegill-m-led-lysingu-7x-staekkun\\\/\"]}]},{\"@type\":\"ImageObject\",\"inLanguage\":\"en-US\",\"@id\":\"https:\\\/\\\/velarogverkfaeri.is\\\/lykillausnir\\\/badherbergi-lykillausnir\\\/snyrtispeglar-badherbergi-lykillausnir\\\/product\\\/smedbo-outline-snyrtispegill-m-led-lysingu-7x-staekkun\\\/#primaryimage\",\"url\":\"https:\\\/\\\/velarogverkfaeri.is\\\/wp-content\\\/uploads\\\/2025\\\/08\\\/e46102a1-9804-4fd9-ae4b-0b100ec276c8.jpg\",\"contentUrl\":\"https:\\\/\\\/velarogverkfaeri.is\\\/wp-content\\\/uploads\\\/2025\\\/08\\\/e46102a1-9804-4fd9-ae4b-0b100ec276c8.jpg\",\"width\":1500,\"height\":1500},{\"@type\":\"BreadcrumbList\",\"@id\":\"https:\\\/\\\/velarogverkfaeri.is\\\/lykillausnir\\\/badherbergi-lykillausnir\\\/snyrtispeglar-badherbergi-lykillausnir\\\/product\\\/smedbo-outline-snyrtispegill-m-led-lysingu-7x-staekkun\\\/#breadcrumb\",\"itemListElement\":[{\"@type\":\"ListItem\",\"position\":1,\"name\":\"Home\",\"item\":\"https:\\\/\\\/velarogverkfaeri.is\\\/\"},{\"@type\":\"ListItem\",\"position\":2,\"name\":\"Vefverslun\",\"item\":\"https:\\\/\\\/velarogverkfaeri.is\\\/vefverslun\\\/\"},{\"@type\":\"ListItem\",\"position\":3,\"name\":\"SMEDBO Outline Snyrtispegill, standur svartur m. LED l\u00fdsingu 7x st\u00e6kkun FB444\"}]},{\"@type\":\"WebSite\",\"@id\":\"https:\\\/\\\/velarogverkfaeri.is\\\/en\\\/#website\",\"url\":\"https:\\\/\\\/velarogverkfaeri.is\\\/en\\\/\",\"name\":\"V\u00e9lar & Verkf\u00e6ri\",\"description\":\"Umbo\u00f0s- og heildverslun fr\u00e1 \u00e1rinu 1919\",\"publisher\":{\"@id\":\"https:\\\/\\\/velarogverkfaeri.is\\\/en\\\/#organization\"},\"potentialAction\":[{\"@type\":\"SearchAction\",\"target\":{\"@type\":\"EntryPoint\",\"urlTemplate\":\"https:\\\/\\\/velarogverkfaeri.is\\\/en\\\/?s={search_term_string}\"},\"query-input\":{\"@type\":\"PropertyValueSpecification\",\"valueRequired\":true,\"valueName\":\"search_term_string\"}}],\"inLanguage\":\"en-US\"},{\"@type\":\"Organization\",\"@id\":\"https:\\\/\\\/velarogverkfaeri.is\\\/en\\\/#organization\",\"name\":\"V\u00e9lar & Verkf\u00e6ri\",\"url\":\"https:\\\/\\\/velarogverkfaeri.is\\\/en\\\/\",\"logo\":{\"@type\":\"ImageObject\",\"inLanguage\":\"en-US\",\"@id\":\"https:\\\/\\\/velarogverkfaeri.is\\\/en\\\/#\\\/schema\\\/logo\\\/image\\\/\",\"url\":\"https:\\\/\\\/velarogverkfaeri.is\\\/wp-content\\\/uploads\\\/2021\\\/10\\\/vv_logo_350x100.png\",\"contentUrl\":\"https:\\\/\\\/velarogverkfaeri.is\\\/wp-content\\\/uploads\\\/2021\\\/10\\\/vv_logo_350x100.png\",\"width\":350,\"height\":100,\"caption\":\"V\u00e9lar & Verkf\u00e6ri\"},\"image\":{\"@id\":\"https:\\\/\\\/velarogverkfaeri.is\\\/en\\\/#\\\/schema\\\/logo\\\/image\\\/\"},\"sameAs\":[\"https:\\\/\\\/www.facebook.com\\\/VelarOgVerkfaeri\"]}]}<\/script>\n<!-- \/ Yoast SEO plugin. -->","yoast_head_json":{"title":"SMEDBO Outline Snyrtispegill, standur svartur m. LED l\u00fdsingu 7x st\u00e6kkun FB444 - V\u00e9lar &amp; Verkf\u00e6ri","robots":{"index":"index","follow":"follow","max-snippet":"max-snippet:-1","max-image-preview":"max-image-preview:large","max-video-preview":"max-video-preview:-1"},"canonical":"https:\/\/velarogverkfaeri.is\/en\/lykillausnir\/badherbergi-lykillausnir\/snyrtispeglar-badherbergi-lykillausnir\/product\/smedbo-outline-snyrtispegill-m-led-lysingu-7x-staekkun\/","og_locale":"en_US","og_type":"article","og_title":"SMEDBO Outline Snyrtispegill, standur svartur m. LED l\u00fdsingu 7x st\u00e6kkun FB444 - V\u00e9lar &amp; Verkf\u00e6ri","og_description":"Tegund:&nbsp;FB444","og_url":"https:\/\/velarogverkfaeri.is\/en\/lykillausnir\/badherbergi-lykillausnir\/snyrtispeglar-badherbergi-lykillausnir\/product\/smedbo-outline-snyrtispegill-m-led-lysingu-7x-staekkun\/","og_site_name":"V\u00e9lar &amp; Verkf\u00e6ri","article_publisher":"https:\/\/www.facebook.com\/VelarOgVerkfaeri","article_modified_time":"2026-01-07T14:46:25+00:00","og_image":[{"width":1500,"height":1500,"url":"https:\/\/velarogverkfaeri.is\/wp-content\/uploads\/2025\/08\/e46102a1-9804-4fd9-ae4b-0b100ec276c8.jpg","type":"image\/jpeg"}],"twitter_card":"summary_large_image","schema":{"@context":"https:\/\/schema.org","@graph":[{"@type":"WebPage","@id":"https:\/\/velarogverkfaeri.is\/lykillausnir\/badherbergi-lykillausnir\/snyrtispeglar-badherbergi-lykillausnir\/product\/smedbo-outline-snyrtispegill-m-led-lysingu-7x-staekkun\/","url":"https:\/\/velarogverkfaeri.is\/lykillausnir\/badherbergi-lykillausnir\/snyrtispeglar-badherbergi-lykillausnir\/product\/smedbo-outline-snyrtispegill-m-led-lysingu-7x-staekkun\/","name":"SMEDBO Outline Snyrtispegill, standur svartur m. LED l\u00fdsingu 7x st\u00e6kkun FB444 - V\u00e9lar &amp; Verkf\u00e6ri","isPartOf":{"@id":"https:\/\/velarogverkfaeri.is\/en\/#website"},"primaryImageOfPage":{"@id":"https:\/\/velarogverkfaeri.is\/lykillausnir\/badherbergi-lykillausnir\/snyrtispeglar-badherbergi-lykillausnir\/product\/smedbo-outline-snyrtispegill-m-led-lysingu-7x-staekkun\/#primaryimage"},"image":{"@id":"https:\/\/velarogverkfaeri.is\/lykillausnir\/badherbergi-lykillausnir\/snyrtispeglar-badherbergi-lykillausnir\/product\/smedbo-outline-snyrtispegill-m-led-lysingu-7x-staekkun\/#primaryimage"},"thumbnailUrl":"https:\/\/velarogverkfaeri.is\/wp-content\/uploads\/2025\/08\/e46102a1-9804-4fd9-ae4b-0b100ec276c8.jpg","datePublished":"2025-04-21T13:56:14+00:00","dateModified":"2026-01-07T14:46:25+00:00","breadcrumb":{"@id":"https:\/\/velarogverkfaeri.is\/lykillausnir\/badherbergi-lykillausnir\/snyrtispeglar-badherbergi-lykillausnir\/product\/smedbo-outline-snyrtispegill-m-led-lysingu-7x-staekkun\/#breadcrumb"},"inLanguage":"en-US","potentialAction":[{"@type":"ReadAction","target":["https:\/\/velarogverkfaeri.is\/lykillausnir\/badherbergi-lykillausnir\/snyrtispeglar-badherbergi-lykillausnir\/product\/smedbo-outline-snyrtispegill-m-led-lysingu-7x-staekkun\/"]}]},{"@type":"ImageObject","inLanguage":"en-US","@id":"https:\/\/velarogverkfaeri.is\/lykillausnir\/badherbergi-lykillausnir\/snyrtispeglar-badherbergi-lykillausnir\/product\/smedbo-outline-snyrtispegill-m-led-lysingu-7x-staekkun\/#primaryimage","url":"https:\/\/velarogverkfaeri.is\/wp-content\/uploads\/2025\/08\/e46102a1-9804-4fd9-ae4b-0b100ec276c8.jpg","contentUrl":"https:\/\/velarogverkfaeri.is\/wp-content\/uploads\/2025\/08\/e46102a1-9804-4fd9-ae4b-0b100ec276c8.jpg","width":1500,"height":1500},{"@type":"BreadcrumbList","@id":"https:\/\/velarogverkfaeri.is\/lykillausnir\/badherbergi-lykillausnir\/snyrtispeglar-badherbergi-lykillausnir\/product\/smedbo-outline-snyrtispegill-m-led-lysingu-7x-staekkun\/#breadcrumb","itemListElement":[{"@type":"ListItem","position":1,"name":"Home","item":"https:\/\/velarogverkfaeri.is\/"},{"@type":"ListItem","position":2,"name":"Vefverslun","item":"https:\/\/velarogverkfaeri.is\/vefverslun\/"},{"@type":"ListItem","position":3,"name":"SMEDBO Outline Snyrtispegill, standur svartur m. LED l\u00fdsingu 7x st\u00e6kkun FB444"}]},{"@type":"WebSite","@id":"https:\/\/velarogverkfaeri.is\/en\/#website","url":"https:\/\/velarogverkfaeri.is\/en\/","name":"V\u00e9lar & Verkf\u00e6ri","description":"Umbo\u00f0s- og heildverslun fr\u00e1 \u00e1rinu 1919","publisher":{"@id":"https:\/\/velarogverkfaeri.is\/en\/#organization"},"potentialAction":[{"@type":"SearchAction","target":{"@type":"EntryPoint","urlTemplate":"https:\/\/velarogverkfaeri.is\/en\/?s={search_term_string}"},"query-input":{"@type":"PropertyValueSpecification","valueRequired":true,"valueName":"search_term_string"}}],"inLanguage":"en-US"},{"@type":"Organization","@id":"https:\/\/velarogverkfaeri.is\/en\/#organization","name":"V\u00e9lar & Verkf\u00e6ri","url":"https:\/\/velarogverkfaeri.is\/en\/","logo":{"@type":"ImageObject","inLanguage":"en-US","@id":"https:\/\/velarogverkfaeri.is\/en\/#\/schema\/logo\/image\/","url":"https:\/\/velarogverkfaeri.is\/wp-content\/uploads\/2021\/10\/vv_logo_350x100.png","contentUrl":"https:\/\/velarogverkfaeri.is\/wp-content\/uploads\/2021\/10\/vv_logo_350x100.png","width":350,"height":100,"caption":"V\u00e9lar & Verkf\u00e6ri"},"image":{"@id":"https:\/\/velarogverkfaeri.is\/en\/#\/schema\/logo\/image\/"},"sameAs":["https:\/\/www.facebook.com\/VelarOgVerkfaeri"]}]}},"_links":{"self":[{"href":"https:\/\/velarogverkfaeri.is\/en\/wp-json\/wp\/v2\/product\/71545","targetHints":{"allow":["GET"]}}],"collection":[{"href":"https:\/\/velarogverkfaeri.is\/en\/wp-json\/wp\/v2\/product"}],"about":[{"href":"https:\/\/velarogverkfaeri.is\/en\/wp-json\/wp\/v2\/types\/product"}],"replies":[{"embeddable":true,"href":"https:\/\/velarogverkfaeri.is\/en\/wp-json\/wp\/v2\/comments?post=71545"}],"wp:featuredmedia":[{"embeddable":true,"href":"https:\/\/velarogverkfaeri.is\/en\/wp-json\/wp\/v2\/media\/75172"}],"wp:attachment":[{"href":"https:\/\/velarogverkfaeri.is\/en\/wp-json\/wp\/v2\/media?parent=71545"}],"wp:term":[{"taxonomy":"product_brand","embeddable":true,"href":"https:\/\/velarogverkfaeri.is\/en\/wp-json\/wp\/v2\/product_brand?post=71545"},{"taxonomy":"product_cat","embeddable":true,"href":"https:\/\/velarogverkfaeri.is\/en\/wp-json\/wp\/v2\/product_cat?post=71545"},{"taxonomy":"product_tag","embeddable":true,"href":"https:\/\/velarogverkfaeri.is\/en\/wp-json\/wp\/v2\/product_tag?post=71545"}],"curies":[{"name":"wp","href":"https:\/\/api.w.org\/{rel}","templated":true}]}}