{"id":71465,"date":"2025-04-15T12:41:11","date_gmt":"2025-04-15T12:41:11","guid":{"rendered":"https:\/\/velarogverkfaeri.is\/?post_type=product&#038;p=71465"},"modified":"2026-01-14T13:30:59","modified_gmt":"2026-01-14T13:30:59","slug":"habo-sylinder-f-assa-2-stk","status":"publish","type":"product","link":"https:\/\/velarogverkfaeri.is\/en\/lykillausnir\/hurdabunadur-lykillausnir\/sylinder\/product\/habo-sylinder-f-assa-2-stk\/","title":{"rendered":"HABO Sylinder f. ASSA 2 stk"},"content":{"rendered":"<p><img decoding=\"async\" src=\"data:image\/png;base64,iVBORw0KGgoAAAANSUhEUgAAAQYAAADACAYAAADm880hAAAAAXNSR0IArs4c6QAAAARnQU1BAACxjwv8YQUAAAAJcEhZcwAADsMAAA7DAcdvqGQAACDwSURBVHhe7d0HfFRV2gbwJ72RXkgCqfSmkpBAUJpUaQKKIp9tV1ldFQu6xS0K1l1RrNhX1wIiiOiCIE2kSUKTTkJI7wlppDf43vfMDQQGEJI7Q5J5\/\/6uydzczExCznPPOffcc6xOEwghRBPW2kchhDhDgkEIYUSCQQhhRIJBCGFEgkEIYUSCQQhhRIJBCGFEgkEIYUSCQQhhRIJBCGFEgkEIYUSCQQhhRIJBCGFEgkEIYUSCQQhhRIJBCGFEgkEIYUSCQQhhRIJBCGFEgkEIYUSCQQhhRIJBCGHELNPHNzTjFVZ8swzr166Bs4uLtkeYS11dHWxs7fDAQw+jR4+e2l7BuLjU19aihrayk6XISEvD8ePHkZ6eivy8PFRV12hH0rG0UQGDvZ0dfDp2ROfATujWvTtCwsLg7uEJRwcH2Nnbw8pav\/OzjZX2SQu16mDw9fbGDSNu1PYIcykpLsLqVSsRGT1QgkFzqqEBBQUFyMrMoDBIpSBIR1l5OXx8fBFGBT0oKAg+vr5wcnaGPRV2xiWrob4O1TW1KCzIR3Z2NlKSk5GTkw0HB0f6ns4ICglFp85B8PPzgz0FRUtJMAiTkWA4q6GhHmmpqdi3dy+Ki4pgbW2FADrz9+jRA4EUBlzAr1RdbQ3ycnOReOwY0ihkGurr4ebugX79rkG3nj1hY2OjHXnlJBiEyUgwECoWhYWFWPfjGhTk56FLl67o0q0bgoJD4MLNWyt9SmBNdTXVQjKRdPwYEuLjVRNu4qRJ6nWa8xp6BYN0PgpxPgqFPbvi8O+XXlDNgttmzMTY8RPQs1dvuHTooFsoMAdHR4R37YoRI0dj5p13oxfVRN5+8w2s\/H4FhUaVdpT5STAIoeHKc3VlJT5+\/z385+OP8cjsR3HL9NvgHxgIWzs7XQPhfPz8Xj4+GD5qNJ7++z9VM+O9he8gPy8Xp0+d0o4yHwkGIQi385MTE7Hw7TdVLeGthe8hOCxc+6p5eXp54Y+PzEZoWBg+\/\/QTHDl0UL0\/c5JgEBaPrzgc2L8Pq\/73PSIiInHHnXcZagjMhLWEC+LXo83J2QWTbp6CIUOH0fv6H37+aSNqa85eCjU1CQZh2aj5cJBCYd3aHzFk2DAMGT4cdjpcNtSDjY0tomMGY\/rtM3CYag3cEarCwfTXCyQYhAWjApZw9Ag++vAD3Dr9dlwXEUE1BcMYhNbCimoP3Dl56223Iy01GT9v2oh6quGYmgSDsFg8luCZZ\/6JZ+fOQxcqfNZ0hm6VKBwCO3XGxMlTsHfXLhw5eNDQIWnCmoMEg7BIRYWF+OD9d\/H003+Db0d\/8\/clXCl6fyGhYRg1Zhw1KVYjLy9X+4JpSDAIi1NVWYk1q1aib5++6N23X+sPhUb0PiMGDECPXr2x9KvFqKoy3TgHCQZhUXisQvzRIygtLVUdjXrcn2BO1jY2GD12rPo5flz9g8nGOEgwCMtBhamivFxd+ouJiYGPr5\/2hbbF0ckZd959D3bFxSI5KUnbqy8JBmE5qCqemHAUVdXVuDYikh62kSbEBXj7+GLi5Jux8vvvUF9Xp+3VjwSDsBh1dbV4Y8ECPPDAg7DWcQ6Eq6XfNdequR6OHD6k7dGPBIOwDNSM+HnDevTv3x\/efh3bTofjxdD75xu6+vTrh4P796Na545ICQZhEbi6vejLL3Hvffeb9Pq\/OXGtp0vXburqRG5OtrZXHxIMwiLs\/3Uv+vTpAw9PL21PO0C1ho7+\/qrmkJGejlM6XqGQYBAWYdUPP+DW22cYmhBtvRnRBM8ZGd6li5plSs+brCQYRLtXXVWJutra9lVbaKJbt27IysrQdcCTBINo947Fx6NXzx5wdLry+RnbAk8vbzg4OCFPx34GCQbRvp0+jaNHj6jZmB3s29Yox8vF4zHCwsPViE69SDCIdo2HDp88WaaGPreHsQsX04WCIfH4ce1Ry0kwiHaNp0TjQUBqrYd21Ol4Dvq5Ajp3RmZGuraj5SQYRLvGHXJ2trZwdnZpN+MXLsTN1RW1tbXao5aTYBDtWnVNNZwcHeDaQb+1IFojOwdHNRWcXiQYRLvGcy\/wrco8uWq7RrUhe1ttAlsdSDCIdo2HQnOvva29foWmVaKf0d5BgkGIy6daEO23GdGI52nQiwSDEO2EnpdjJRiEEEYkGIQQRiQYhBBGJBiEEEYkGIQQRiQYhBBGJBiEEEYkGIQQRiQYhBBGJBiEEEYkGIQQRiQYhBBGJBiEEEYkGIQQRiQYhBBGJBiEEEYkGIQQRiQYhBBGJBiEEEauejCcPnUK9fX1ajbfptuphgacpv+EEOZndZoX9zOxhou8QkNDPb5bthTLli7FqfPeRll5OR6YNQtTbpuh7RHmUlJchNWrViIyeiB69Oip7W2bkhOP4dDB\/Rg+aizc3Ny0vfrh4lNVWYHioiJkZ2YiIzMD+dlZKDtZqmZtDggKRkBAAEJCw+Hh4QFnZ2dY29oaVsXSeQGc5575B+Y9\/4L2qGWubjBQTWH5N0sRHBKKQTGDtb0GK75ZBmcHe4yddLO2R5iLBMPFce32ZGkJCvLzkZJ0HFu3bkNBQT48vbwQFhKC0NAQ+PkHws3DE9VVlcjPykRKWjpSUpJRUFgEbw93REZFoUev3vDr6K++j5fQ0yMkJBiESUkwnIeKCP+tpqakID7+KLKzMlB6sgzhYWG4Yegw+Pp1hNVlTN3ORa3oRAF2xcXh0OHDcLK3Q3BYuFrCvmu37nB0dGxRQOgZDNL5KMQlcB9YFjUPvvj8M6xd84NaC3PI8Bvx+JynMI2auX7+AZcVCoxXxPL29cO4iZPw5J\/\/gpun3YIGev7Y7duxZNGXSE5KUq\/XGkgwCHER9XW12LRxAz75+CN07twZEydPwdRbbkVPagbY2rVsOTgOic5UU548ZSomT52GkNBQLPryC3z37TLU67hqdXNJMAhxPqry11HhXPzF54iN3YHf\/f5+3DhqNFX7w2BtbaMdpA9ePcrP3x\/DRtyIx56YQ02fJDzz97+hpKhIO+LqkGAQ4jzFJcV4ad6zKCkpwZ\/+8jQ6BwfruvzbhfCK3G7u7njyr09jxIgReG3+K0g+nohTV6lpIcEgRCOqKXA7\/81X56NX376YTWdwO3t7Q4egDlcNLgu9zo1jxmL8hAn4fsW3iD9yWI3pMTcJBiEYhcJxOkN\/u+xrDB02DLfNmEll9OoUDxtbW0THDMb1Q4ZizeofVM2B3585STAIQfLz8rBm5Ur07XeNuupgthrCRdhQ02JAVDRuoHD48IP31fszJwkGYfF4CP72LZvh4uqKEaNGG5oPrQD3O0RFD8T48eOx4LX5qKmu0r5iehIMwuJlZqQjdmcc7rz7Hjg4OGh7WwcOh+EjR6N7125YsXy52fobJBiE5aJ2e2VFOf790gu47\/77Yd\/KQuEMatZMufVWZGdl4uiRw2YZBCXBICzasiVfqeH43Xv00va0Tu4enuoeiz27d6GCwszUJBiExcrNzkZcXCxmzLxTt87GhMOHELd9GzasXoW1q75H3NYtqKqo0L7afNwZyR2jVVVVSElOocqOaa9SSDAIi7Xk669w9z33wsHJSdvTMnyj1YcffYR5zz+HVxa8htdefwPbftmOuro67YiW8fL2QWhomBrbUF9Pz2nCcJBgEBap\/GSpuou0S7ce2p6W4\/kYUlJTUHDiBIpLSlFcWgoPTy\/DXZM64PsrogcOxBGqlVRWVJr0kqoEg7A8dKbdsnkzIiMGqMlT9LJn726UUhg04nkWeL4FWx0vf3pSrcE\/MBCH9u\/T9piGBIOwOHz\/QV5eHrx8fGDXwrskz6CwycjIQFWTsQa+vr4IDOyk730W9DqDBsVQsG3SdpiGBIOwONyEcLC1hh8VXL1wp+AJakLU158dZxBIZ\/bAToHaI\/306NkLqalpqCg33dUJCQZhcbKzs3HqNBXcTp31aafTWZwHSaWnpdGnZzsEuVaSnZml77gDer+OTk4IoJoITy1nKmYJhuKC\/ItuVeUtv5QjxJUoPXkSVbV1cO7QQdvTQlRYuRmRnZOj7TDIzMrCM8\/8Q4090BW9Xp++fZFw9Ki2Q39mCYaZ\/zcTL7388gW3tevXof4q3FYqLBef1LmHnze99OzRA7179T6nP4FrD3xl4pHZj+DnjRt0rTl0DQ9DOgWPqZglGPr26Y35C1432p574UUMionRjhLC9Liw2lAedHBx5keGnToI7ByEGTNmIDAgQNtzVgOd+F5+8XnU1ek3ZZt\/pyDk57TxYBCiteCzdm1NDZycXeiRjuMAqPbBcyjce889sLnoVQj9Xs\/JwQHV1TXaI4M6ah7pRYJBtH9cMdA6Bfn\/p06fMiz6ojMu9kWFhUaLJ5kC33V5fsOkpqZa+6zlJBhEu+bg4MgDF1BTrV+huZgN69Zi2fLl51yZMKXzX4UnsNWLWYKBx4qXlhTTVnLuVlqqqnVCmIqTi4tau6GK70ikAmtNVX47WzvUVuk36QkHQcLRI1i8eJEaDn0+7pD08vLi1oY+6PVqqNw4nNfRWVNXrz1qObMEgw39Qyx8603a3jhn++TjD5GYeIyqYDq29YRogideqaAQKNPuLeDFYWzs7FGhwx2Pjfikt\/Trr3DoyBFtz1ke7u4YOeJGfPzfL2BHr6uXktISuHt6aY+AavoZT1MTSS9mCYYXX\/oX5jz1Z+PtyT9h2NDhsLGRFo0wDb6BqZbOpJVVFAwarkFUc7Vbpyp\/Xl4+tm\/\/RZ21mwoJDsas+2fh6b\/\/HS48ZkKvKgM9T8rxJDWtvUKvW1JUCFe9xmUQs5RIR2fni2629jqNVRfiAriTjoOgoclQZUeqRdjR\/lo9Lh9SoawsL6caybk1kL69e+Ovf\/0bpky7Ba5u7tpe\/cQfi0fXLuHaIyAzMxPBISHao5aTU7Vo13gQk4+PNyorytR4Aubf0Q9OdjYoLChQj1uCawmZWRnnzLkwOGoA\/v3Kq4gcMMAk08Xxa8ZTs4XvmVDoZzyelKQGWelFgkG0e5GRA5CcmKja4cw\/sBNqG04hPT29xc0JvlMz7pdzmxG\/7NqNl194Ti2Pr\/vkrfQ6+bk5VBOyhm9Hf7VLrcSdnIRuOq5MLsEg2r1OnYOQlJKCau2WaF6Q1tbOHmVl5S1eAo7HRCQcS9AenbUtNhb3\/e5efP3VIuTw0OUWBlBTOyiIhg4dpj0C8nJyVPOI52rQiwSDaPd4vsTgoGAkHTtmKKC0RUREICkxocVXJ3i04YmiYu3RuXLz8\/HGW2\/hXy+\/iJMlJdreluHbu+OPHsXAmMHaHiA+\/qjqX9BrpigmwSDaP2qDT5g8GYsWfaHtgKp25+bloSA\/r\/lnc\/o+PltXXWLwFNdIfqHaw9Ytm+l4bWdz0evxfI+enh5qhWz+uaoqK5GZkUHBEKrrQjkSDMIiBAWHoLqqWq3NwHh9yEmTJuHLz\/5L5a2ZJZYKZty2zbCj9r6jvR3cnJ3gQM2UC\/nsv5+itrZlg\/l4MOCB\/fvQu09fw4hOkpmZQc9bSz9fsOpo1YsEg7AIPLDpmWfnYe4\/\/6EKNIsYEI3E40nIzW5+H8D0u+7Fps3b1LZ248+YOP4m7SvnSqGzuppYpbkhRBKPJ6KSagjde\/ZUoym50zExIQGu7m7w0zoi9SLBICxGIJ1VO3TogASqjjd6Zf58\/O3pv6C8mdOkcf+FoTOTNqqFuLp7al8xtuLb5c3u7OQmw95duxDWpSv8\/DqqfYWFhWplqujogfrOK0kkGITF4Kr2I48+iq8WL0b5yZOq5hDQOQjDhg7D91Ro6+kM3FJubm7aZ8b27tvXvFWrqZaxb+8elJQUq1WzuPbD+zb\/tBEBgYEICQs\/UwvSiwSDsCiBQSEI7xKO7du2GmZUogI2fcZMFBUXIXbHL2f2NQsVTm+q1l9MUXExdu\/aeWXPT8fyGIXVP6zC2JsmGKa7p31HDx\/CgQP7MWbceN1rC0yCQVgUvqQ3hGoI3Lt\/PPGYKszOLi4YNXqMWgo\/IT5eO\/Ly5WRn4\/m5z+LJxx\/D\/1at1PYa407OxtGXl4WOLy46gTcWvIaJkyaja\/fuanfZyVJ8+P57uO32GfDRcabrpiQYhMUJpap3SFgYflq\/TrXduYnBw4sHDIjC0sVfooTO7Oqszttv4MJ+mM7cq39cg63bt2HvgYPaV4xxM6Nvv36XV+2n562sqMCCV1\/FzVOmInrQIFUz4D6KTz\/5D4YOG4a+116nHaw\/CQZhcTgIJk+ZhtLycmz9eZMqbFzobqRaQy8quG8ueBWFhSd+uwBT4a0oK8M7C99R\/RMcEpe69Onu5mqYsv438HPw63\/yn48QGRmJoSNuhJW1Derr6rB2zWrYWFlj3IRJ6ucwFQkGYXmoQPFdl4\/MfkwtOrvpp42qis+derdOvx39rrkWb7++AIeoJnDqUh2S9DzLly5Bdm6utuPSoiIGwOm3FtClUOA+heVLlyIgIED1IfCYCw6FnXGxSDyWgIk33wwnZ57M1nQkGITF4r6FJ56Yg32\/7sWPdCbmwsdn4WnTb8O48eOxcf16rF+3FuVUK+ACe76U44n4fNGiS9YSmho6fPglayEcQhupebPim2UICQ3F+ImT1Xvk1+a1KXZs344RI0cjKCRU+w7TkWAQFs3Tyxt33\/s7tZLUyu+\/OzPV4MCY6zH1lltVx+K7b7+lhh03DQcOg88\/\/wwnOTQug1uHDggL76I9Og89Vxa9\/ttvvYHEhHiMHT9RdYY21i42rl+L1atWUvNhglpoxhRXIc4nwSAsG53BfXz9MP32O5CVlYUlixeriWO55sA3Jt02cyZGjhqJF56fi9f+\/S9UaTddxW7biridO9Xnl2P40KFwcXU1PGgMGPrIt4IvXbIY8+m5r72uP+669\/eq8HPzgfs+vvryC6xfuxZ\/fGS2GgrNTSBzkGAQFo9DwMvbG7MeeBDFJUV4ad5cdWWCC6azswsiowbi7XfeU1cUHph1Hz5c+Da+Wf4NCouKtGf4bRMmTVYzm3InJd\/RyZPEfEOB8OAf7sPJ0lLMe\/5FDB9xowoP1fl44gTeX\/gO8nJz8Mxzz8PfP0C9T3OxojdxeQ2kFmi4yCvwWO9lX3+FhlOn0bN3H22vwbbNm9AtPAzjp9yi7RHmwqtBc9U1Mnogeug4+UdbwBOrbFy7Bhs3bcK4sePQp981aqyAGm1IeMTkju3bsOGnjeruTC64JaUnLzk+wcbaCq\/OXwAHJ0cUUyDwbdK5BfmI7B+JUWPGws3D48x0yNyfcfDgAfyydYsa\/jzupvFXtMYmr7Klh6saDJzIu3fGYc+ePUadMjwd99jRo3HT5CnaHmEulhwMChWJXCrwq77\/TtX6eaQkz3\/QwdXtTDOAp3LjGZoO7PsVyckpKK+sRGVFOcrLK1BNTZHammp1\/4SzkzNcXTvQGd9fhUtgQCA1FfohsFMnNYO1Qn\/7\/L17qRwkHDmCuoZ6xAy+nmoo16h7Mc4vG5fSLoKBcTjw1vgLb8Rj1\/38\/DCEqlfCvCw+GDTVVNh5JCQPP05NT0NoSKi6WuHB07Y3Kaxcy+AmAvcX8EQqfBt0fV2t6ifgwu\/o6ARHqi3Y2tqdLeja3zsPsNq2ZbMa3uxLNZOwLt0QERlpmFW6GdpNMFwMX7LxpXbfDRIMZldCbefVP0gwMC4eXOBzcrIRf+gQNmxYD1d3d0wYPwH9IwecnRylsbCf\/7Hp1wj\/n4MkkZoTK1Z8qzo8B0ZHI2pQDDoFBaFDB1c6vPmlu90HA9cYFi1eTN\/bsjn5xJXjGlxHqq3NmfMUuus483CbRsWE\/4zramuQnJREf5\/fYufOnXD3cMOAiEhEUYgGh4aq2kRjfwTj4lVeWoK8ggLs\/mUb4vbsRW5eLnrT75WvhPBMUo5OTud8T0u0+2Dg2W5qqqrVL1aYn42tDf3BOhuqvsII\/1lySPCt0EmJiYg\/ekSt7VB2soyaFdSUoPOZNRVSO2pOuFAtwM\/HC32vi0B4WBi8ff0MYdCCmsHFtPtgEKJNaFJ8uChxbYs\/8sYFn8u+tbXN2RAwQRg01e6DoaK8XF3CuZJLNUI\/angwVW+lxtC26BUMrXaAU35+PvJPtHylINE8iVQ9zucZlIVFarXBUN9Qr8tUW6J5eBFYvuwmLFOrDQa+UcQcN4sIIYy12pLn7eUNLy8v7ZEQwpzkqoS4oOysLDi7OMPD4+LToYvWRy5XCpPiy26Gy22mvbwm9NXur0rwCsE8SYa4Orh\/R0LBcrXaYCivrEAFbeLqUBVJ01cmRSsl3f7igniikOYu2ybavlYbDPZ2dmoTV0daetoVzVAk2pdWGwwd\/QN0X8FXXClpSliqVhsMvJQYb0II82u1wXBmZidxVRiuSkgXlKVqteMYeDIMK2srhPES38LseOZiOzs7k694JPTV7scxNJxquLKVgYWu3NzdJRQsmNQVhRBGWm0weHt5wYtn4xVCmJ3cKyEu6OCBA+ru1k6df3vZdtF6tPs+BnF11dbVqslyhGVqtcFQVlZmWH5cCGF2rTYY8vPykF+Qrz0SQphTqw2GU6dlgNPV1NGvI9x4rUZhkaSPQVwQdzp6ytR6FqvVXpWoralRH+0bVwQWQvwmmdpNmFbjn4XM4tSmtPvLlbwSEq8KfBb\/oRqW\/jL80TZuonm031\/j7\/PM79VwA1tudjbKTp5Uj4XlabU1hoTDh+Du7gF\/bYANv03e+OaeE\/n5OJ50nHYC0YMGwcvbWx0jLhP9Hnfv2oXU1FSEBAcjiDYvHx\/DxDhUQ6ivr8Oe2FgE0O8+ODRM+ybRFrT7psSeuB30Q1ojIysHyanJSEtNQx4FQnFxEaqrq9UqVYEBARg3dhz8\/Py07xKXhf49Nm\/ZjO2xO2BrYwN7e3u4ubnBl8IhMLATwsPDYEW1tcHDhiE0vIv2TaItaPfBUFtTTU2JUygrL0dmRgbS0lJx9MhRJCUnITc3F7XU1Ains9ldd92FzjJs9wqdxncrVmDVmjWwtbWFh7s7QoKC0atPH3Tv1g0BgYHw8fVVd1fKorZti8V2PvKt2JUVFSg8UYDa2jp1Wc1FVsS+MvRPnpaSgkqqeXlTM8zdw0PVGmS6+LZPrkowfuvN+WOm76ugcDl2LAEnThSqs2I3OlN2DgpqUji4TwMoKipEQnwCyivKYWdjiy5duyA4JFQ7pg1r7u9OtGoSDM1FP25RURE++\/RTxMbF4mRZmZrGLDg4GNOmTcPIUaMNi+nScQnx8fjwww+o+ZKs+jW4PR7YqROmTpmCcTeNh5UsuitaGQmG5qIf95ulS7Hw3YUYNmw4xk+cgNLiErz33rtwpjb1n\/70Z1zbvz\/qamtxx4zbUVNTg6lTp+K6\/hHIyszEO2+\/BQ9PTzz11J8QNXCg9qSXZvgVn4YV\/XfmLE37eK96dKEzd+M\/i+EA9emZfU3JWV80oVcwWNwpj69mLFmyBFHR0Zj96GxER0Vj9JgxeHbuPCRTzSCBmhcslT7Py8vDmNGj8fv77kdEZCQmTZ6MN956CympqThw8KA67kLq6upUDYPHA9TQxypqtlRVVqnX5pDgr1dWVqq+Eg6exmzmj\/yY+1H4WHVMOR1Dz8H4+fh5uRlUVVUpU98Jk7G4GgP\/uLwuJrUDqFkQ2LgTe3bvxmOPPYrHn5iDW6dPR2Z6Or5ZthQjR45Ev+v6nzkuJycHU26ejFl\/eAD3z5pl2H+erxcvxrZftmPmHTOxjJ7jWGIibKxt1PeNHD0G33+3Apu3bFErPfXu1QsPPfwwunbthuLiYrz26nwMvv4GZFPtZN36dSinEOArBY8\/\/gTS6T0t+vJLZGRlwrVDB3r+OzBh0mR1ZUFqDoLpVWOwmUu0z02mFeUClR8ruLq50eaq7sfgwrZ\/\/3589+1yODo5YTIVNL+OHeHm7oZBMYPR0d\/f0AjQfuEcIFu3bcWQIUPRp29fw87zrP\/xR6zbsF4tyuvr54f+FCyFhYVYv2GDWvqNayJcY\/GkJsnPmzejuKhINWu4JvDZZ\/9FYuIx5OblYkBUFDrSe4mLi0PC0Xjs3rMb3bt3R8+ePZGSkkKvsQHD6fvUAC8JBkGspSnRclxAuXNx\/vxXELtzJ6IGRKFL167aV+k3zIWNNiuONqotHEtIwPvvv4cePXogJiZGO+7CuGbi7e1DtZDH8cCDD+Lhhx5CAzUPUtPSMHv2o\/jDAw\/iCaqduFNIZefkolq7aYxxDeMROuahPz5MzZ3H0CU8HLv37sHYMWPV9\/7xoYcxhpo\/tbW1qvkjhN4sOhhcXFwwftxNuP+++9Cnd2\/8uG4tNm366dx7NKiAs0MHDmDu3GdRUlpKBfYhdA669KAqHhcwipohHh4esLaxQf+ICNhQlZ8nuQ0JC1OXSHn8gLurKx19+py5JzoFBKJPnz6wtbdTIxIbb38efP31cKL3bEfPHRwUrGo\/KlCktiB0ZtHBwFXwIcOHY8q0W\/DMs8\/CxdkZP6xcqZoAjfjMv4eq8HOfm4dMave\/8frrqpD\/1ipNXPB5BGEjWx5ARB95LIR1k4JsbW0YWdi0bHt6eKoQadQ4+pDDppGMSBSmZHHBcIqq8zzq70STaeP4zMvt\/RtuuAFp6ekopVoB1xS4D2Lt2rV4+aWX4UCF8tNPP0NPqllc7hn6nMuTjS7je3kFLiGuJosLBr7cN2fOE\/joo49QVVmp7eX9NcjIyFBrWTg5Oamp5dau\/RHvvbsQoaEhmDvvOYR35RuKdCi0lxksQlwtFhcMDo6OCKc2fmxsLFZRsyE3JwfJx4+rS5N7du9B1MBodVUiIy2NQuFd2NrZ4fobhqCiskJdvdi3bx9tv6obuYRorywuGLjt\/vv7Z1HNwBMff\/wRnnxyDp5++q9Y8vXXiIiMwJQpU9VdhR++\/wEKTpxAQUEBPv\/8M8ybO5e2Zw3bvHnYsnmz9owXcOb6bNMLtU0+1zo0z93HW9Pjf8OZQ6\/ge4S4TJY3JJrwj1yQn48tP\/+sLg1aU5t+4MBBGBQTo5oR\/HZ\/2rgBlZVVF2450AF8ybI7bRdy+OBBpFOzhC9p8pUHdWMWvebq1avh4+ODqKgo7T6L09hM78HK2gaDBg5UV0N27NgBRwdHxNxwveHJCI+dyKaazahRI+n9GRaa5QFQe3\/9Fddcey2Cg4KkeSIUuVfCLPiNS4ETbYfcK2EWEgrCMkkwCCGMSDAIIYxIMAghjJil81EI0bZIjUEIYUSCQQhhRIJBCGFEgkEIYUSCQQhhRIJBCGFEgkEIYUSCQQhhRIJBCGFEgkEIcR7g\/wFTtXcXf8cLeAAAAABJRU5ErkJggg==\" alt=\"\"><\/p>","protected":false},"excerpt":{"rendered":"<p>Tegund:&nbsp;31074<\/p>","protected":false},"featured_media":75290,"comment_status":"closed","ping_status":"closed","template":"","meta":[],"product_brand":[],"product_cat":[597,517,676],"product_tag":[],"class_list":{"0":"post-71465","1":"product","2":"type-product","3":"status-publish","4":"has-post-thumbnail","6":"product_cat-hurdabunadur-lykillausnir","7":"product_cat-lykillausnir","8":"product_cat-sylinder","10":"first","11":"instock","12":"taxable","13":"shipping-taxable","14":"purchasable","15":"product-type-simple"},"yoast_head":"<!-- This site is optimized with the Yoast SEO plugin v27.3 - https:\/\/yoast.com\/product\/yoast-seo-wordpress\/ -->\n<title>HABO Sylinder f. ASSA 2 stk - V\u00e9lar &amp; Verkf\u00e6ri<\/title>\n<meta name=\"robots\" content=\"index, follow, max-snippet:-1, max-image-preview:large, max-video-preview:-1\" \/>\n<link rel=\"canonical\" href=\"https:\/\/velarogverkfaeri.is\/en\/lykillausnir\/hurdabunadur-lykillausnir\/sylinder\/product\/habo-sylinder-f-assa-2-stk\/\" \/>\n<meta property=\"og:locale\" content=\"en_US\" \/>\n<meta property=\"og:type\" content=\"article\" \/>\n<meta property=\"og:title\" content=\"HABO Sylinder f. ASSA 2 stk - V\u00e9lar &amp; Verkf\u00e6ri\" \/>\n<meta property=\"og:description\" content=\"Tegund:&nbsp;31074\" \/>\n<meta property=\"og:url\" content=\"https:\/\/velarogverkfaeri.is\/en\/lykillausnir\/hurdabunadur-lykillausnir\/sylinder\/product\/habo-sylinder-f-assa-2-stk\/\" \/>\n<meta property=\"og:site_name\" content=\"V\u00e9lar &amp; Verkf\u00e6ri\" \/>\n<meta property=\"article:publisher\" content=\"https:\/\/www.facebook.com\/VelarOgVerkfaeri\" \/>\n<meta property=\"article:modified_time\" content=\"2026-01-14T13:30:59+00:00\" \/>\n<meta name=\"twitter:card\" content=\"summary_large_image\" \/>\n<script type=\"application\/ld+json\" class=\"yoast-schema-graph\">{\"@context\":\"https:\\\/\\\/schema.org\",\"@graph\":[{\"@type\":\"WebPage\",\"@id\":\"https:\\\/\\\/velarogverkfaeri.is\\\/lykillausnir\\\/hurdabunadur-lykillausnir\\\/sylinder\\\/product\\\/habo-sylinder-f-assa-2-stk\\\/\",\"url\":\"https:\\\/\\\/velarogverkfaeri.is\\\/lykillausnir\\\/hurdabunadur-lykillausnir\\\/sylinder\\\/product\\\/habo-sylinder-f-assa-2-stk\\\/\",\"name\":\"HABO Sylinder f. ASSA 2 stk - V\u00e9lar &amp; Verkf\u00e6ri\",\"isPartOf\":{\"@id\":\"https:\\\/\\\/velarogverkfaeri.is\\\/en\\\/#website\"},\"primaryImageOfPage\":{\"@id\":\"https:\\\/\\\/velarogverkfaeri.is\\\/lykillausnir\\\/hurdabunadur-lykillausnir\\\/sylinder\\\/product\\\/habo-sylinder-f-assa-2-stk\\\/#primaryimage\"},\"image\":{\"@id\":\"https:\\\/\\\/velarogverkfaeri.is\\\/lykillausnir\\\/hurdabunadur-lykillausnir\\\/sylinder\\\/product\\\/habo-sylinder-f-assa-2-stk\\\/#primaryimage\"},\"thumbnailUrl\":\"https:\\\/\\\/velarogverkfaeri.is\\\/wp-content\\\/uploads\\\/2025\\\/08\\\/3927fdf6-fd02-4efe-9f86-2164f12d9922.jpg\",\"datePublished\":\"2025-04-15T12:41:11+00:00\",\"dateModified\":\"2026-01-14T13:30:59+00:00\",\"breadcrumb\":{\"@id\":\"https:\\\/\\\/velarogverkfaeri.is\\\/lykillausnir\\\/hurdabunadur-lykillausnir\\\/sylinder\\\/product\\\/habo-sylinder-f-assa-2-stk\\\/#breadcrumb\"},\"inLanguage\":\"en-US\",\"potentialAction\":[{\"@type\":\"ReadAction\",\"target\":[\"https:\\\/\\\/velarogverkfaeri.is\\\/lykillausnir\\\/hurdabunadur-lykillausnir\\\/sylinder\\\/product\\\/habo-sylinder-f-assa-2-stk\\\/\"]}]},{\"@type\":\"ImageObject\",\"inLanguage\":\"en-US\",\"@id\":\"https:\\\/\\\/velarogverkfaeri.is\\\/lykillausnir\\\/hurdabunadur-lykillausnir\\\/sylinder\\\/product\\\/habo-sylinder-f-assa-2-stk\\\/#primaryimage\",\"url\":\"https:\\\/\\\/velarogverkfaeri.is\\\/wp-content\\\/uploads\\\/2025\\\/08\\\/3927fdf6-fd02-4efe-9f86-2164f12d9922.jpg\",\"contentUrl\":\"https:\\\/\\\/velarogverkfaeri.is\\\/wp-content\\\/uploads\\\/2025\\\/08\\\/3927fdf6-fd02-4efe-9f86-2164f12d9922.jpg\",\"width\":2400,\"height\":1600},{\"@type\":\"BreadcrumbList\",\"@id\":\"https:\\\/\\\/velarogverkfaeri.is\\\/lykillausnir\\\/hurdabunadur-lykillausnir\\\/sylinder\\\/product\\\/habo-sylinder-f-assa-2-stk\\\/#breadcrumb\",\"itemListElement\":[{\"@type\":\"ListItem\",\"position\":1,\"name\":\"Home\",\"item\":\"https:\\\/\\\/velarogverkfaeri.is\\\/\"},{\"@type\":\"ListItem\",\"position\":2,\"name\":\"Vefverslun\",\"item\":\"https:\\\/\\\/velarogverkfaeri.is\\\/vefverslun\\\/\"},{\"@type\":\"ListItem\",\"position\":3,\"name\":\"HABO Sylinder f. ASSA 2 stk\"}]},{\"@type\":\"WebSite\",\"@id\":\"https:\\\/\\\/velarogverkfaeri.is\\\/en\\\/#website\",\"url\":\"https:\\\/\\\/velarogverkfaeri.is\\\/en\\\/\",\"name\":\"V\u00e9lar & Verkf\u00e6ri\",\"description\":\"Umbo\u00f0s- og heildverslun fr\u00e1 \u00e1rinu 1919\",\"publisher\":{\"@id\":\"https:\\\/\\\/velarogverkfaeri.is\\\/en\\\/#organization\"},\"potentialAction\":[{\"@type\":\"SearchAction\",\"target\":{\"@type\":\"EntryPoint\",\"urlTemplate\":\"https:\\\/\\\/velarogverkfaeri.is\\\/en\\\/?s={search_term_string}\"},\"query-input\":{\"@type\":\"PropertyValueSpecification\",\"valueRequired\":true,\"valueName\":\"search_term_string\"}}],\"inLanguage\":\"en-US\"},{\"@type\":\"Organization\",\"@id\":\"https:\\\/\\\/velarogverkfaeri.is\\\/en\\\/#organization\",\"name\":\"V\u00e9lar & Verkf\u00e6ri\",\"url\":\"https:\\\/\\\/velarogverkfaeri.is\\\/en\\\/\",\"logo\":{\"@type\":\"ImageObject\",\"inLanguage\":\"en-US\",\"@id\":\"https:\\\/\\\/velarogverkfaeri.is\\\/en\\\/#\\\/schema\\\/logo\\\/image\\\/\",\"url\":\"https:\\\/\\\/velarogverkfaeri.is\\\/wp-content\\\/uploads\\\/2021\\\/10\\\/vv_logo_350x100.png\",\"contentUrl\":\"https:\\\/\\\/velarogverkfaeri.is\\\/wp-content\\\/uploads\\\/2021\\\/10\\\/vv_logo_350x100.png\",\"width\":350,\"height\":100,\"caption\":\"V\u00e9lar & Verkf\u00e6ri\"},\"image\":{\"@id\":\"https:\\\/\\\/velarogverkfaeri.is\\\/en\\\/#\\\/schema\\\/logo\\\/image\\\/\"},\"sameAs\":[\"https:\\\/\\\/www.facebook.com\\\/VelarOgVerkfaeri\"]}]}<\/script>\n<!-- \/ Yoast SEO plugin. -->","yoast_head_json":{"title":"HABO Sylinder f. ASSA 2 stk - V\u00e9lar &amp; Verkf\u00e6ri","robots":{"index":"index","follow":"follow","max-snippet":"max-snippet:-1","max-image-preview":"max-image-preview:large","max-video-preview":"max-video-preview:-1"},"canonical":"https:\/\/velarogverkfaeri.is\/en\/lykillausnir\/hurdabunadur-lykillausnir\/sylinder\/product\/habo-sylinder-f-assa-2-stk\/","og_locale":"en_US","og_type":"article","og_title":"HABO Sylinder f. ASSA 2 stk - V\u00e9lar &amp; Verkf\u00e6ri","og_description":"Tegund:&nbsp;31074","og_url":"https:\/\/velarogverkfaeri.is\/en\/lykillausnir\/hurdabunadur-lykillausnir\/sylinder\/product\/habo-sylinder-f-assa-2-stk\/","og_site_name":"V\u00e9lar &amp; Verkf\u00e6ri","article_publisher":"https:\/\/www.facebook.com\/VelarOgVerkfaeri","article_modified_time":"2026-01-14T13:30:59+00:00","twitter_card":"summary_large_image","schema":{"@context":"https:\/\/schema.org","@graph":[{"@type":"WebPage","@id":"https:\/\/velarogverkfaeri.is\/lykillausnir\/hurdabunadur-lykillausnir\/sylinder\/product\/habo-sylinder-f-assa-2-stk\/","url":"https:\/\/velarogverkfaeri.is\/lykillausnir\/hurdabunadur-lykillausnir\/sylinder\/product\/habo-sylinder-f-assa-2-stk\/","name":"HABO Sylinder f. ASSA 2 stk - V\u00e9lar &amp; Verkf\u00e6ri","isPartOf":{"@id":"https:\/\/velarogverkfaeri.is\/en\/#website"},"primaryImageOfPage":{"@id":"https:\/\/velarogverkfaeri.is\/lykillausnir\/hurdabunadur-lykillausnir\/sylinder\/product\/habo-sylinder-f-assa-2-stk\/#primaryimage"},"image":{"@id":"https:\/\/velarogverkfaeri.is\/lykillausnir\/hurdabunadur-lykillausnir\/sylinder\/product\/habo-sylinder-f-assa-2-stk\/#primaryimage"},"thumbnailUrl":"https:\/\/velarogverkfaeri.is\/wp-content\/uploads\/2025\/08\/3927fdf6-fd02-4efe-9f86-2164f12d9922.jpg","datePublished":"2025-04-15T12:41:11+00:00","dateModified":"2026-01-14T13:30:59+00:00","breadcrumb":{"@id":"https:\/\/velarogverkfaeri.is\/lykillausnir\/hurdabunadur-lykillausnir\/sylinder\/product\/habo-sylinder-f-assa-2-stk\/#breadcrumb"},"inLanguage":"en-US","potentialAction":[{"@type":"ReadAction","target":["https:\/\/velarogverkfaeri.is\/lykillausnir\/hurdabunadur-lykillausnir\/sylinder\/product\/habo-sylinder-f-assa-2-stk\/"]}]},{"@type":"ImageObject","inLanguage":"en-US","@id":"https:\/\/velarogverkfaeri.is\/lykillausnir\/hurdabunadur-lykillausnir\/sylinder\/product\/habo-sylinder-f-assa-2-stk\/#primaryimage","url":"https:\/\/velarogverkfaeri.is\/wp-content\/uploads\/2025\/08\/3927fdf6-fd02-4efe-9f86-2164f12d9922.jpg","contentUrl":"https:\/\/velarogverkfaeri.is\/wp-content\/uploads\/2025\/08\/3927fdf6-fd02-4efe-9f86-2164f12d9922.jpg","width":2400,"height":1600},{"@type":"BreadcrumbList","@id":"https:\/\/velarogverkfaeri.is\/lykillausnir\/hurdabunadur-lykillausnir\/sylinder\/product\/habo-sylinder-f-assa-2-stk\/#breadcrumb","itemListElement":[{"@type":"ListItem","position":1,"name":"Home","item":"https:\/\/velarogverkfaeri.is\/"},{"@type":"ListItem","position":2,"name":"Vefverslun","item":"https:\/\/velarogverkfaeri.is\/vefverslun\/"},{"@type":"ListItem","position":3,"name":"HABO Sylinder f. ASSA 2 stk"}]},{"@type":"WebSite","@id":"https:\/\/velarogverkfaeri.is\/en\/#website","url":"https:\/\/velarogverkfaeri.is\/en\/","name":"V\u00e9lar & Verkf\u00e6ri","description":"Umbo\u00f0s- og heildverslun fr\u00e1 \u00e1rinu 1919","publisher":{"@id":"https:\/\/velarogverkfaeri.is\/en\/#organization"},"potentialAction":[{"@type":"SearchAction","target":{"@type":"EntryPoint","urlTemplate":"https:\/\/velarogverkfaeri.is\/en\/?s={search_term_string}"},"query-input":{"@type":"PropertyValueSpecification","valueRequired":true,"valueName":"search_term_string"}}],"inLanguage":"en-US"},{"@type":"Organization","@id":"https:\/\/velarogverkfaeri.is\/en\/#organization","name":"V\u00e9lar & Verkf\u00e6ri","url":"https:\/\/velarogverkfaeri.is\/en\/","logo":{"@type":"ImageObject","inLanguage":"en-US","@id":"https:\/\/velarogverkfaeri.is\/en\/#\/schema\/logo\/image\/","url":"https:\/\/velarogverkfaeri.is\/wp-content\/uploads\/2021\/10\/vv_logo_350x100.png","contentUrl":"https:\/\/velarogverkfaeri.is\/wp-content\/uploads\/2021\/10\/vv_logo_350x100.png","width":350,"height":100,"caption":"V\u00e9lar & Verkf\u00e6ri"},"image":{"@id":"https:\/\/velarogverkfaeri.is\/en\/#\/schema\/logo\/image\/"},"sameAs":["https:\/\/www.facebook.com\/VelarOgVerkfaeri"]}]}},"_links":{"self":[{"href":"https:\/\/velarogverkfaeri.is\/en\/wp-json\/wp\/v2\/product\/71465","targetHints":{"allow":["GET"]}}],"collection":[{"href":"https:\/\/velarogverkfaeri.is\/en\/wp-json\/wp\/v2\/product"}],"about":[{"href":"https:\/\/velarogverkfaeri.is\/en\/wp-json\/wp\/v2\/types\/product"}],"replies":[{"embeddable":true,"href":"https:\/\/velarogverkfaeri.is\/en\/wp-json\/wp\/v2\/comments?post=71465"}],"wp:featuredmedia":[{"embeddable":true,"href":"https:\/\/velarogverkfaeri.is\/en\/wp-json\/wp\/v2\/media\/75290"}],"wp:attachment":[{"href":"https:\/\/velarogverkfaeri.is\/en\/wp-json\/wp\/v2\/media?parent=71465"}],"wp:term":[{"taxonomy":"product_brand","embeddable":true,"href":"https:\/\/velarogverkfaeri.is\/en\/wp-json\/wp\/v2\/product_brand?post=71465"},{"taxonomy":"product_cat","embeddable":true,"href":"https:\/\/velarogverkfaeri.is\/en\/wp-json\/wp\/v2\/product_cat?post=71465"},{"taxonomy":"product_tag","embeddable":true,"href":"https:\/\/velarogverkfaeri.is\/en\/wp-json\/wp\/v2\/product_tag?post=71465"}],"curies":[{"name":"wp","href":"https:\/\/api.w.org\/{rel}","templated":true}]}}