{"id":71438,"date":"2025-04-14T12:56:08","date_gmt":"2025-04-14T12:56:08","guid":{"rendered":"https:\/\/velarogverkfaeri.is\/?post_type=product&#038;p=71438"},"modified":"2026-02-04T12:00:56","modified_gmt":"2026-02-04T12:00:56","slug":"habo-flair-veggfesting-f-sapuskammtara-2","status":"publish","type":"product","link":"https:\/\/velarogverkfaeri.is\/en\/lykillausnir\/badherbergi-lykillausnir\/sapuskammtarar-badherbergi-lykillausnir\/product\/habo-flair-veggfesting-f-sapuskammtara-2\/","title":{"rendered":"HABO Flair Veggfesting f. s\u00e1puskammtara Hv\u00edt 150x50x70mm 31117"},"content":{"rendered":"<p><img decoding=\"async\" src=\"data:image\/png;base64,iVBORw0KGgoAAAANSUhEUgAAAO4AAAEcCAYAAADAw4iEAAAAAXNSR0IArs4c6QAAAARnQU1BAACxjwv8YQUAAAAJcEhZcwAADsMAAA7DAcdvqGQAACVnSURBVHhe7Z0HeBVF+\/YfSEgIJCGQAAkkAUIRJPSi9E7oRpqIBQELqIgCNooCfrbXroD4x\/JSFCyIShEFFKUo0nuvUvLSpHcy396TPfGQnKCm7Znj\/bvYi7NzdvdsdueeeeaZZ2byKAshhBhFXvt\/QohBULiEGAiFS4iBULiEGAiFS4iBULiEGAiFS4iBULiEGAiFS4iBULiEGAiFS4iBULiEGAiFS4iBULiEGAiFS4iBULiEGAiFS4iBULiEGAiFS4iBULiEGAiFS4iBcJZHkin27dsnR48etffSEx0dLcWKFdOfr169Ktt37JCVK1ZIvnz5pE7dulIqNlby5mW9kWkgXEL+KQ8+9KDy8\/f3uOULyKfefPstfdylS5fUsyNHqqLFiqnomBhVPDJSlShZUr0z5h2VnJysjyH\/HNa4JFN8\/\/33sm7dOnsvhcuXL8sn06bKrh07ZeasmdK8WXOZP3++JCYmWtstMmHC+3Lu3Dm55dZbZdu2rfLdt3OlRo0a9tnkH6HlS0g28N1336nwiHD10ssvKcs81mlPPf20CipQQO3fv1\/vgw0bNig\/Pz81fvx4OyU9qI2vXLmiP1sFgjp27Jg6ffq03ge4\/vHjx9WJEyeuqbld5+F\/bJ6OOXv2rLLMfH1dU6FwSbYAUVntWtWwcaNUQUAsLVu2VFWqVLlGOPi+RIkSqnv37tekuzPXKgQS2rZVy1csV63bJKiIiAhVOq6M+vqbb7QwUSBYbWh9nWeeeSa1oNixY4dq1KSxdd4K9eRTT6qIYkVVZFSUGvLE49psnzZtmipbrpwqYhUwHTp1VAcOHNDnmQaFS7IMRPPiiy+q\/AWC1JczvrRTlRZYjNWuveuuu64RKD63adNGVaxYMUPhfvrpp6pIkSIqqmQJ1aRpU32NuLJxWqyDBg9WVatVVb1791a1atdWefLmVRMmTNDnbdy4UUUULaoSb73VKjDi1T333KPq1q2rJG8enVa+fHl12223qXbt2llt8QD16KDHMrwHb4bCJVnm4MGDqnqN6qqatZ06dcpOVerixYsqNDRU14juQCj9+vVTkZGR1xVunjx5VJ8+fdTxP47rWnrp0qUqryXSgsHBavfePbpggNmN63S65RZdgEC4RS3hFo+KVBs2btDHbN+xXRUoWFDfy8KFC\/V9wUJo1769rrFRE5sG\/fEky\/z222+yaeMm6d+vv4SEhNip2n+iu4ICAwPtlBQsQUqBAgXEEpX+nBFWTSp33nmnFA4rLP7+\/hIbG6uv1aVzZykdW0qsdrJUqFBBgkND5crVK\/r3XFSudKNUqlhJH1M2rqwEFywoN9W7WWrXri0BAQFS0Npv1rSp\/PHHH\/o+TIPCJVkCYrFqRwkPD5e7777LTv0TCOfChQv2Xgo45+zZs7pP111saclniRXHuIDIIeYGDRvaKVYGtvbz5k0vfqtdndpPrM+ztiJWAeC6HvaDgoJSvzMNCpdkiRMnTshXX32lu3zyB+a3U1NALRkWFiZ79+5NJ9Ddu3eL1Ya19zwD4UH4afF3E3NGoEZPiy8FfFC4JEusWrVKLltmauuEhHQ1F4RSuXJlWbNmjZ2SAkzTtevWSY2aNY2s7bwBCpdkGtSiM2fOlEIhoRIVGWmn\/glEWctqU27btu2a8EjUwEcOH5amTZrYKeSfQuGSTIOac83atdrkjfQgXNC8WTNt2t7\/wAO6dl66dKn06dtXokpE6ZhlkjkoXJJpLl++LCdOnpBChcOkcAbt1caNG8uIZ0bI7NmzpGHDhtKyZUvthX7l1VelSny8fVQ28C8L3GWsMsk0qHF\/+uknq0b1l4YNGnp0JAFkseUrlsuSJUusY\/ylefPmEm+1fa\/HgQMHZMWKFVrs8FiD8+fPy\/fz5kn1atWkVKlSOg3Xnjd\/vu7uqVevnpw+fVoWLVokpUuX1u1rF7PnzJGiRSOkdq3aqU6qXbt2yfr166VDhw4Z3ru3QuESYiA0lQkxEAqXEAOhcMnfBs4ohAiiO8fEMMG\/C7qvDh85IhcvXrxuZJeTsI1LrgvCFXfs2CGLFy+WJUuXyN49KVFQM2bMkIiICPso3yE5OVkq3XijhAQHS3RMtFStWlWaNG4i8fHx+u\/1FicWhUs8gmyxcuVKGTp8mKxcsVLOnT2ra1xkbHhsP\/\/8c58Vbt26deXYsWPa++wakHCjJdwR1rNo3KixTnMaCpd4BFPMQKjItDCN161fL7t27tQBFzCX3x03LrWbxpeAcFu2bi1ly5TRI4nKVygvNarXkKioKB0Jtn37dj0iyWkoXOIRDMfDlrZ2QcZGljGt3\/OfgL8bIvU0KAF\/uzfEV9M5RTyCDOqpTEdm9mXRAvx9nkQLMC2tN0DhEo9gvOzJkyftPeICkVneAE1l4hF4k9HGdZ\/RgqQ0FTKqjXMT1rjEI2jbehqM\/m8GddyePXvsPWehcIlHYBKiS4T8CZxSGOjgDThqKuOnYXqkxZNH79KlS7qLApOFYa4gkrMgagjRUegOIn8C4XpD\/nO0xkUnfly5sum2xM632kekDB2b+\/13ckOlirrDPyYmRsa\/95522ZOcA6ZyZjMoCuT9+\/fL62++KW3btZV2HTrIfydO1P2\/7uAdYnB9vwf7S+OmTWTY8OF6qJ2Ddcl1wX2dOXPG3nMWR4X786Kf5ejhIzqTuG\/+\/n9OBrbwp5\/kzp53SLmycfKmlREwKdmQwYPlP6\/8xz6C5ATIoMePH7f3\/hloB7Zt105GjRpptZMLCno9Bwx4WLr36J4qXlhaH3z4oR5vu3TJUj2F6tSpU6Ve\/fry\/bzv9THeBizBQ4cO2XsOY5UijmCVtio+Pl7dcdeddkp6rJerOnTooMqUjUtdYuLipUuq5x13qODgYL3+C8kZMGF4Zp4v3lPbtm1VobAwdeTIkdQJz6d8PEWvHPDQQw\/pfVwbKwzElo5NXRNo+44dKjSskOratauetNzbwN\/iyodO41iNe+rUKdm5a6fUqVXbTkkPSud58+fJkEGDU9u8AfnyiZUx5PyFCzLn2zk6LS3W36VnW8CKcidPnZQpU6bIK6++Ip999pluJ6O0R03+6muvWaX+B3L48GH7zJSaBtON6mMWLtRTrOAYKxPq627ctEneevttvW3YsMFrzbqsgrZtRtOnotbBgIOVq1bq95j0vyRZbD1vgL5fzEjR8\/bb9fmuKKOE1glSpkxp\/c5hIuN5InwwsVOiWIWwPqZsXJye6Hzz5s3Xre1\/\/\/13\/TvweyAEE7+NyejwLnDt7Tu2y6LFi9NNC4tzkpKSdPML6\/XiPNcx2JAPlv7yiw7vRBs\/LfhbvMZhZ92wI2zatEkFBgYqS0xqzZo1avr06WrdunXXrKC2YsUKZZnO6ueff7ZTUrBeuF6K4oUXXrBTrgWlYufOnfU6MV27ddXXwLqt+L3Hn3hCDRsxTNfY\/ljLNV8+VadundSSdOfOnXrFuVHPjVbBIX8eU9myDiyx64WtsI\/rRUVF6WUxfBErkysrI9t7KVgZXo0b\/65emwfPD0t6lCpTWt12ew\/Vp29fXSNhOY8FP\/ygli9fbp+VglUIqxsqVdQLeOE6WJyrZMmSymr62EekXL9MmTKqTp06163tw8PD1ZNPPqluuvlmfQ+4F1hvW7duVW+987ZecwhpRcILq1mzZtlnKfX8C8+r+vXrq1dee1VfA8cULlJYfTz1EzX72zl6gbDgkBB9zQGPDPC4NAnyqjfgmHCnTpumBRBbqpQKCQ3RphXE2MUyk47YL+3zL75QBQoUUL\/++qvedwETzCr91IgRIzyuPQMRduzYUV8PC0ZB+L8uW6YqVKigChUqpKJjotXkKVN0AdD33nv1cVZJq8+FcCFWvMD3P\/hA7dq1S\/V7sJ9Oq3BDBTVy5Ei1bds29dbbb+m04cOH6\/N8DZivWNrSBZ7zuHfH6QKrjWUKW+1TZVksWnxBQUFqzpw59pGemTlzpgqxnunAgQP1\/vnz59UD\/fpZpnGo+ui\/H2mhv\/LKKyqoYEE1avTo65qkeF8B+QNV8xYt1PPPP68GDxmiAgIDVNv27fTCYCOeeUaNGjVKxcXFqVDrfWPtITDcyi9FLMGWLV9OPT1sqC6cS1sFRYgl1Bo1aqgBAx\/Ri5c1aNhAWRaHrlzS4v5MnMQR4SITPGK9QD8\/P3XffffphZuwQNOrr76qa8fEzrfqYyAcCOi3336zz0wBtQGE+4RVe15PuDj327lz7VSlZsyYoc+bPXu2naLUMkvQeHHPjHxW70O4yBjjxo1LvfaixYtU4cKFrUKgibJMbZ2G2gGLS+H+fRH87e7iwd9du3ZtvUSlK\/OiAMM+CuBevXp5fBcAC4GhRiwcXkQdSkqyU5WyTF6V0KaNyp8\/v16FL8CyiB56+GG9nu31wPuBKC2TXe\/jd9GuhgFpNZFS7\/2xQYNUYFB+tWr1Kn0chCt5RFt5+B7HPfrYYzpPPPPss6n3f9C6Lu7pm2++0fsu8L23CNexNm73bt3k5ZdfFqvE1LPxVb6xsgwaNEh69Oghs2fOkl27d1mNCvvgNFj3rf9Hm+N6FA4Lk6pVqth7IpbprP\/HujIurBckQdZ2\/vy169tYpnbq9UOCQ3T\/cWxMrD4eIBAdkUVWBtD7vgZCHt27PtC2W2+16Qdb7whtV7QT33jzDbEKM+nZs6csWLDAPvJa0B7FKgeHkg7JtGnTpHixYjodS5fce999YllT0tf6f\/Rzz0m37t3k\/QkTdLeQpzamO02bNxOr4NSf8Z6qV6+ulzzBUDzsW+KWcOs+kVfSvtsWLVro73FcTHS0fqc1rPNd7zuyeHGdlvYe8D26ubwBR4SLB9CgQQMZPHhw6sMHSMeMA1eTk2X58hUSUSRcki1hWCWdfUQKcEoAiMn1sD2BF5k2bC+dKwnne7iGpz5M\/J471\/tt00GcsnvGhbPo8pXL0qBRQy2Gjz76SFauWi2jRo7Sojl5+nS69wRnUK977pFVq1dqJ1+zJk1Tn9my35bJDz8ssK7zobzz1lvywP33y4fvfyBPP\/2UTJo4Ua8tdD3CQgtdE6SD6+L9uI9cwvtPi19ev9TCF+AaOM490ATXyujdWm1w+5OzOCJcvHh4AS2TJLX2dGG1VXRFi5oMDwkle9rV3lD648H+nVjajF7AX+HpvMxey0RCQ0OvKVT1e7L+4Rms37Benh31rGUhPSbRJUumHGA9GvfnA+FVrhIva9asksmTp8g9d\/e6ZuW9X5b+Ylk6QZJ4S2LqeejDf\/zxJ+S0VdPvs2rq65HZd4HzMnsu8JYhjY4IF2Fj\/fr3l25du17j9kfmOHjgoH6wMF0w6bWfVRquXr3aPiIFuPFRUsbExtopJLvBO0JXjwusuodM+9PChTJ69Gi57777pVuXrvqdYYqbwoXCUgUBM7jXPb3kD6uA\/b\/\/myBdbv2z2eEC11Ielh9wFeRWg1L\/722gC8sbcES4MFUwXAyruKGvFCYWNtTCn346TapUqyqVKlWSQoUKSccOHeSl\/7ysMwNeKtpds2bN1H1\/7dq2ta9Ishs0R9wtHdS+FW+4QQY9NkiSDiXJYwMf1WJElNS0Tz+V1q1a6ePwHodbbVS0XefMnatrVLw3WE7YXD4BrDpw9uw5+fGnlPcP8P+HH36o18VFaKu3gb+jpMvCcBhHhIvacuSzz8oNFSvKwwMe1k4ptHfr1a9niTpIpn4yNbWEHjBggOSxCuHGTRpbZtTjctddd8mC+Qt08ARqAZIzoGAsXLiwvZdS2LZv314LL69VW37+xRfy2uuv6+U7ikcWlwf699PvbOvWrTJu3DgpWKCgjB0zVr8v9+2FF1\/QAq5WrZoWb9cunXUNPnnyZBk6bJg88eQT0rFTR68ULv4+bxnq6IhwAczguVaJjJhWRDbhxcWViZNvrbQb3Cbjqt+gvsz97js8NV0ar127ViZNmiR9eve2j0gPHnBs6VK6YHB3YMB5AY+ye1srKH+gVKxUMXWZSHxX2TrGvS2TPyhID3Iokaa0rWBd31tK4OwGAoWDygU+r1y1Su7q1UtHjD304IPy9NNPy9lz5+TrGV9Jzeo19HGYxhXPGY6tWTNnytdff33Nhrhk1KyowWd8+aXElS0nL774ovTt21fefOMNadU6QSZPmnzdAfy4flrHE\/bTOg\/xDpHmygP+\/in77rjOS9t2dT\/PHUxV6w1wBgziEXiEIb5idvcNTOePP\/lY7rzjTv151+7dVi0cKGVKl7lGRC6TOCNQqLqLByI+cPCgHDl6RKJLlNSCxjHXA+1v\/KZ7AYyCBb\/r3huANBRAcHpBhK59\/L7rN1z36zoGQBL423H9tILGYmTeUFhTuMQjyOAQlbs4CKeuIV4OynNkUvIneCZYltMboHCJRzjLo2cyGjGV23ilqewt5khavPW+coLsnuUR2QzXQ\/AM2ono1mvSpMlftmczAu3cDRs3SjGrTYx2eEbOpOwGTYi07V4n8BrhwkGAl\/rd99\/L0iVL5O2339YOA2\/imZHPSqiVkdu3a6\/Xz0EXSWYznreDQgpbWu\/tPwUCxcry38yaKXt27dYBDNusrUp8vCxbtizTIsAUN9VrVNfOrEoVK0mxyOLSuGEjadmypURGRmb5vjMC9++KeXcSR4ULzx068Gd8\/ZWMfWeMLokBPIMY1OzuffQGbq5XT1atXKk\/B1j31rJFC3lk4EC5+aabdL+nL9XGab3KmQHC37Fzp4wZO0bmfz9Pv1OY4PBKx5YqpfvyM\/vMMBB\/6NChuhaHSPH8w4tGSI0aNeSpJ57U\/2c3kMqWLVt0cJDTOCpczFKBBwHBItLmV6sEPn3qlPZkoiPfPRjcG2jVurVsWL9eCoWFSYP69eXmm2\/WYZeNGjXSNbG3tH+yA4gWVlBWZnlEtBsKXxTEEDEi4\/Ced1q1JSyVRwYMyLRw91t5ZsSIEbrPv5Rl\/TRs0EB30+C+8Vs5NTsl5OINVpajwt1otVEwpA+4uh8OHjwo\/500UZ5+8imvM5XffOst6dC+vQ4eQYZzN\/O85YWaQlafF+KcVbLKVSsH9wyvMkawOY2jwoXJ5G3izAx4hCjpvc1CyAoYYAAHVVZMZczvhfebU+1NT2CeMuSr4sWL2ynZi7e0cR1tlK1bt87+ZD7IpL4ErImsBl\/gmcCSyk3SRlRlN3FxcfYnZ3FUuHAo+AqeBt6bDILpMTorK2CQQm5bVMhTOTn4BLNEegOOCveGG26wP5mPt3nAswq8v3AuZQX0tcLBlZtgzaPMTuT+V6BJhC5Lb4CmcjaR1Uzui7g8vLlNTjkJcV1vcEwBR4WLPjhfwZccUwDdKe7jcTMDoq5ye5ACfjMnu+Uwgbo34Khwa9WqZX8yG5TEvtbGhansWucns+C55FTtlxEIHHFfmSK7cZ\/Ox0kcFS7C1nwBtH3cpzL1BWDiZtUjDBGha8aXoFfZIidLxtzGl8x+kHaWx8wA725ue5XxmznVh4sC2lsKIkeFi8mrfYWstge9DTiWYC5nBVc0XG4CT3ZOWT8w+\/ft22fvOYujwvWWPrHsIKuZ3NtA1FRW\/yYIKLe7g3Df6BLKKVwhuk7jqHC9ZTmH7MDX2nLwzoaHh9t7mQN927k9dhVBIzllKoOcLBT+CY4K11v6xLIKTCi0CX2J7DCVEX2Vm3HKAKZyToqLprJFbptR5O8DC8J9QvTMgAgmFAC5Ce4b4s0J4JyKjo6295zFUeFiWJ8vgBfqLf172QUCMLIa84tr5HaNm3Yi9+zGW\/rrHRUuxrX6Cr4wPNGd7AieyK15oNxJO046O8Hz8Ja1gxwdj4s2VE7NVJCbuB5hVjO6N4HYa6x5m5XsgWF9CHm8XtgjTGl8n10Ch3mPbqjszFe4x\/r16+t5xmD+Z9Vplx04KtylS5fqB2I6eIQID\/SlqWvg4MG8Tjm9hg96FhDo4e2jqzDFEtrOCNPNbU+5JxwVLjx0sT6wVCYeITK6L3mWUctg+cycdi5ld42bE7gmAkThjHa\/NwQOOSpcXwKP0ZdMZfIneLerVq2SsmXLyqZNm7zCSnRMuPjZCRMm6OUWTQd\/C9o9eLHo4kLbHaYfhvoh0B7\/Y4PnGcciSMDV14hAB5hgaJuhNEcNhGO8ZTlHkgIEC2fq559\/LgkJCRIVFWV\/4wyOCRdB+RBuly5d7BRzQTzu5s2bpWnTpvozxIduEHia3R00rv5FiBKf8ejRvYC+RzwPpEP4CBWEuL2hLUVScAn3yy+\/lPj4+ByZt\/mf4Khwhw0bphc3Nh08QvQdNmvWzE7JGlgHuEWLFj7VXWY6EC68yljTuVy5co5H\/Tkq3DFjxkhiYqKdYi6oZTEfNCZGzyp4Ha0TWsvjQx6X1q1b26nEaShcGwh30qRJcvvtt9sp5gLhYqX8Bg0a2CmZB57LUqWxPMdIGTRokJ1KnMbbhOuoDx7tPrTrfGHLLo\/y4iVL5MzpM7JmzRo7hZD0eG\/n2b+UxYsW6f8XLVmc65OJE3OgcL0IeKM3b9ms27n79u7TC58R4gkK14tA99GkiZP0fNO7d+3SbSlCPEHhehFoJyMIA6GTCOjwtRFHJPugcAkxEAqXEAOhcAkxEAqXEAOhcAkxEAqXEAOhcAkxEAqXEAOhcAkxEAqXEAOhcAkxEAqXEAOhcAkxEAqXEAOhcAkxEAqXEAOhcAkxEAqXEAOhcAkxEAqXEAOhcAkxEAqXEAOhcAkxEAqXEAOhcAkxEAqXEAOhcAkxEAqXEAOhcAkxEAqXEAOhcAkxEAqXEAOhcA0nOTlZjh0\/Lnv37pXde\/Z43I4ePWofTXwFCtdglFIyfvx4SUy8RVq1bi2tWrXyuL362mv6WOI7ULgGM2\/+fHnkkUdkw4YNEhoSIjGxMRJbKjbdFh4RLnny5LHPIr4AhWsw8+fNk5DQUJk8abL8+uuvsmDefI\/bkEGD7TOIr0DhGgzat6hp4+Pjxd\/fX\/LmzatrVk8b8S0oXINJvDVRLl26JCtWrLBTyL8Fv5EW9udcBbUF2mbVqlWzU8wFjp\/9+\/dLTEyMnZI1Tp48KQUKFJCAgAA7xTPR0dFStHhxGTZ0qOzb\/7ucPnVadu3aJdu2bbtmO3f+vERGRtpnkcxw5MgRCQsLkx07dkiRIkWkuPXcnYQ1rsGcOXNGlixZLElJSfLmG2\/IbT16SGJiYrptzJgx9Cr7GBSuwXz22Wfy3w8\/khYtmsunn34qs2fNktmzZ6fbHh04kO1cH4PCNZj169dLRESEvPTSy9Ktazdp06aNJCQkpNvgvCK+BYVrMJFRUdqT7OfnZ6eQfwsUrsH0vKOn+Ofzly9nzJATJ05oD\/OVK1fSbVeTk+0ziK9A4RrMyRMnpWqVqvLSiy9Kx44dpU+fPtKvXz\/p37\/\/NdukSZPsM4ivQOEazPoN62XevHly+fJlWb58uXzxxRcyZcoUmTx58jXbL7\/+Qq+yj0HhGkzH9h1k3bp1f7k9N2o0vco+BoVrMKGhoVKhQoW\/3JwOFiDZTx7LhHLEhoJ5N3XqVLn77rvtFHNBFBiC\/OvXr2+nZA2MrUU3T8GCBe2UjFmzdq3MmTNHdu\/aJVeuXrVTr6VRo0bSp3dve49khk2bNknp0qVl7ty5Uq5cOalatar9jTOwxjWYrVu3SscOHWTE8OEy0WrLfjH9C48bYpnZxvUtKFyDQbTU0WNH5bn\/95wc3L9fDh046HF74\/XX2cb1MShcgzl+\/LhEhEdI927dtWkdHBzscQsMDLTPIL4ChWswNWvV0r6CY8eO2Snk3wKFazCdO3eWdu3by6jRo+SHH36Q33\/\/XQ4dOpRuQ1QV8S0oXIMpEBQkbdu0kWW\/LpMWLVpIqTKlpWRsTLptyBND6JzyMShcg\/nxxx\/lnt73SEhoiPTo0UP69ukjfXun3xo1aGSfQXwG9OM6waVLl9TEiRPtPbO5evWqWrJkib2Xdfbs2aPOnDlj72XMoEGDVJHwcPXTzz8rq62r78PTlpycbJ9BMsvGjRvV2bNn1fTp09XatWvtVOdgjWswmNoG5nLJEiVSJ4vztLEryPegcA2mfYf2curUKR2PTP5dULgGU7FiJenQqaMMHDhQnn\/+eT06yNPUNZZpZ59BfAUK12DgnPru27ly8OBBGTFihPTs2VO6du2abhv77jh6lX0MDjLIBpwaZLB9+3ZZuHDhX7Zhy1eoIE0aN7b3SGbwtkEGFG424OToIJI7cHQQISTLULiEGAiFS4iBULiEGAiFS4iBULiGcvr0aVmzZo18\/fXXMnHiRHn\/\/fflgw8+kI8\/\/lhP2YpV+i5evGgfTXwNCtcw0PWEyeES2iRI23Zt5fbbb5d7771XHnjgAb317t1bunTpIq0SWuuutj179zD4wgehcA0Dk7\/1uL2HHD58WFo0byHDhw\/Xte20adN0bTt27Fh5+OGH9UJfC378QVq0bKXXdCU+BgIwnIDD+jImo2F9+J3atWurxk2bqK1bt+r9jMAwvxlfzVBFIiLUvfffp65cuWJ\/QzIDh\/WRTIN2LaZkfeqJJ\/VE5xiylxEY5texQ0epWb26bNq0Wa9KT3wHCtcgIEY\/a\/vj5N+bQ+rChQty5txZyWeP1SW+A9+mQRQoUEBqWDXokMFDdOwsltC0rKZ0GxxYiAWfYrV516xeIzVr1dQD7onvwEEG2UBuDjJYtGiR3HvfvZJ0KEkaNGwoZcvGSUhwiOTLl08s2eouoBN\/nBCrTSarVq2SZs2byYQJ70uJqCj7CiQzeNsgA5TQjkDnVMZcb84p\/NaRI0fUY489popFRirLBlZ58uRRlims\/8crzRcYoMqXL6\/Gjx+vrHaxfSbJCnROkSyBtipq49dee0327dkj27dulQULFsg333yjZ7uwChDZu3uPbNmyRffrYiUD4ntQuIaCwfNYWgRmW7NmzaRt27YSFxcnSUlJepGv3bt3i1U720cTX4PCNYyhQ4fq2tYdBFhg2prKVeKla\/ducsutiVK+Qnnp3r27bN682T6K+BIUrmHAOQIHlQssL\/Loo4\/qieLatW0nH0+eIp9M+Vj69esv8y0TukvXrtrZRXwLCtdw0JZd8MMCubtXL5luiRexy1jVYOyYMTJlymTZf2C\/vP7GG5LsTOcBySEoXMPZvHWr5M3rJy88\/7zuEnKBNnCrlq2ketVqsnbdWjnPyCmfgsI1nEIhIZI\/MFAKFSpkp\/wJVjoIDQ2Vi5cu0VHlY1C4BrJt+3bLDJ6iJzovVaqUBIcEy\/Tp03XUlDtY4QDHxEbHMHLKx6BwDSPAql23bN6sx93WuamuNGzUSE+I\/tDDD8rPttMKy5KMGzdOEhIS5GDSQenTp4+Ocya+A4VrGPPnzZNly5bpcbePD3lcevS4TerdXE+KRhRLbcfu3LlTnh42TC+\/OWbMWGndqpVOJ74DY5WzAScnRMdAgzNnzsjZs2clPDxc8ufPr\/cRWxsdHS3FixcXPz8\/+2iSWTghOslWYAKHhYVJyZIltWgBwhzr1q0rJUqUoGh9FAqXEAOhcAkxELZxs4HcauPC+fTOO+\/odu0\/oWq1qtKhfQd7j2QGb2vjUrjZQG4J98SpkxJfOV4OHTyo9\/3z+UvePH9tNN3V6255793xf7kcJ8kYCteGws2Y63mVV69eLf0f7CerV62R\/v37S4MGDexvMgYZrk6dOvYeyQwUrg2FmzF\/1R2EAAsM4cMcVOvWrNXjcknOwu4gkmUQf\/zee+\/J\/5L+J6NGj9YFB\/l3QeEaSotmzWXSxIlSs2ZNuXTpkp1K\/i1QuIYC87hTp07StUuX1MAL8u+BwiXEQChcQgyEwiXEQChcQgyEwiXEQChcQgyEwiXEQChcQgyEwiXEQChcQgyEwiXEQChcQgyEwiXEQChcQgyEwiXEQChcQgyEwiXEQChcQgyEwiXEQChcQgyEwiXEQChcQgyEwiXEQChcQgyEwiXEQChcQgyEwiXEQChcQgyEwiXEQChcQgyEwiXEQChcQgyEwiXEQChcQgyEwiXEQChcQgyEwiXEQChcQgyEwiXEQChcQgyEwiXEQChcQgyEwiXEQChcQgyEwiXEQChcQgyEwiXEQChcQgyEwvUikpOT5fjx43Ls2DE5fPiwXLhwwf6GOM3ly5f1Ozl58qRcuXLFTnUOCteLuGRljmHDhsmdd94pHTt1ku3bt9vfEKe5evWqnDlzRvLlyycxMTF2qnNQuF5EYECAzhhbtmyR3\/f\/LqVLl7a\/IU6TP39+iYuL06ItWrSoneocFK4XkSdPHmnUqJH+XKtGTQkODtafiXeglLI\/OQ+F62U0bd5MgoKCpFbtWlrIxDsoVKiQ\/Pbbb1KhQgU7xVkcEy4yJZwxvgBKYn9\/f3sva0QUCZfatWvLjTfeaKcQb6BkyZLSrFkziYqKslOcxTHhIqOjFPMm8yMz4P6TkpL0i80OUKDdcccdcmMlCpdkTB4r4zmmnAMHDsiOHTukZs2U9pxppiG6BdavXy8bNmyQHj16yLlz5yQgIEACAwPl9OnT2uT18\/PT3kg4N\/LmzauPcU8vWLCgFj\/S8fnixYty+MgRCbMKtcKFC9u\/RMi1OCpc\/PSJEydk9+7duv\/SNNMZQouIiNBbaGio\/hsgSqQfPXpUQkJCtJCRjoIJwkU\/INJhcSA9PDxcdzWcOnVKwsLCtHABjiEkIxwVLiEkc9CrTIiBULiEGAiFS4iBULiEGAiFS4iBULiEGAiFS4iBULiEGAiFS4iBULiEGAiFS4iBULiEGAiFS4iBULiEGAiFS4iBULiEGAiFS4iBULiEGAiFS4iBULiEGAiFS4iBULiEGAiFS4iBULiEGIfI\/wcg+sbFBaGEnQAAAABJRU5ErkJggg==\" alt=\"\"><\/p>","protected":false},"excerpt":{"rendered":"<p>Tegund:&nbsp;31117<\/p>","protected":false},"featured_media":75320,"comment_status":"closed","ping_status":"closed","template":"","meta":[],"product_brand":[],"product_cat":[580,517,621],"product_tag":[],"class_list":{"0":"post-71438","1":"product","2":"type-product","3":"status-publish","4":"has-post-thumbnail","6":"product_cat-badherbergi-lykillausnir","7":"product_cat-lykillausnir","8":"product_cat-sapuskammtarar-badherbergi-lykillausnir","10":"first","11":"instock","12":"taxable","13":"shipping-taxable","14":"purchasable","15":"product-type-simple"},"yoast_head":"<!-- This site is optimized with the Yoast SEO plugin v27.3 - https:\/\/yoast.com\/product\/yoast-seo-wordpress\/ -->\n<title>HABO Flair Veggfesting f. s\u00e1puskammtara Hv\u00edt 150x50x70mm 31117 - V\u00e9lar &amp; Verkf\u00e6ri<\/title>\n<meta name=\"robots\" content=\"index, follow, max-snippet:-1, max-image-preview:large, max-video-preview:-1\" \/>\n<link rel=\"canonical\" href=\"https:\/\/velarogverkfaeri.is\/en\/lykillausnir\/badherbergi-lykillausnir\/sapuskammtarar-badherbergi-lykillausnir\/product\/habo-flair-veggfesting-f-sapuskammtara-2\/\" \/>\n<meta property=\"og:locale\" content=\"en_US\" \/>\n<meta property=\"og:type\" content=\"article\" \/>\n<meta property=\"og:title\" content=\"HABO Flair Veggfesting f. s\u00e1puskammtara Hv\u00edt 150x50x70mm 31117 - V\u00e9lar &amp; Verkf\u00e6ri\" \/>\n<meta property=\"og:description\" content=\"Tegund:&nbsp;31117\" \/>\n<meta property=\"og:url\" content=\"https:\/\/velarogverkfaeri.is\/en\/lykillausnir\/badherbergi-lykillausnir\/sapuskammtarar-badherbergi-lykillausnir\/product\/habo-flair-veggfesting-f-sapuskammtara-2\/\" \/>\n<meta property=\"og:site_name\" content=\"V\u00e9lar &amp; Verkf\u00e6ri\" \/>\n<meta property=\"article:publisher\" content=\"https:\/\/www.facebook.com\/VelarOgVerkfaeri\" \/>\n<meta property=\"article:modified_time\" content=\"2026-02-04T12:00:56+00:00\" \/>\n<meta property=\"og:image\" content=\"https:\/\/velarogverkfaeri.is\/wp-content\/uploads\/2025\/08\/baa4d682-5791-4533-b85b-8b8f3a68ff1b.jpg\" \/>\n\t<meta property=\"og:image:width\" content=\"2133\" \/>\n\t<meta property=\"og:image:height\" content=\"1600\" \/>\n\t<meta property=\"og:image:type\" content=\"image\/jpeg\" \/>\n<meta name=\"twitter:card\" content=\"summary_large_image\" \/>\n<script type=\"application\/ld+json\" class=\"yoast-schema-graph\">{\"@context\":\"https:\\\/\\\/schema.org\",\"@graph\":[{\"@type\":\"WebPage\",\"@id\":\"https:\\\/\\\/velarogverkfaeri.is\\\/lykillausnir\\\/badherbergi-lykillausnir\\\/sapuskammtarar-badherbergi-lykillausnir\\\/product\\\/habo-flair-veggfesting-f-sapuskammtara-2\\\/\",\"url\":\"https:\\\/\\\/velarogverkfaeri.is\\\/lykillausnir\\\/badherbergi-lykillausnir\\\/sapuskammtarar-badherbergi-lykillausnir\\\/product\\\/habo-flair-veggfesting-f-sapuskammtara-2\\\/\",\"name\":\"HABO Flair Veggfesting f. s\u00e1puskammtara Hv\u00edt 150x50x70mm 31117 - V\u00e9lar &amp; Verkf\u00e6ri\",\"isPartOf\":{\"@id\":\"https:\\\/\\\/velarogverkfaeri.is\\\/en\\\/#website\"},\"primaryImageOfPage\":{\"@id\":\"https:\\\/\\\/velarogverkfaeri.is\\\/lykillausnir\\\/badherbergi-lykillausnir\\\/sapuskammtarar-badherbergi-lykillausnir\\\/product\\\/habo-flair-veggfesting-f-sapuskammtara-2\\\/#primaryimage\"},\"image\":{\"@id\":\"https:\\\/\\\/velarogverkfaeri.is\\\/lykillausnir\\\/badherbergi-lykillausnir\\\/sapuskammtarar-badherbergi-lykillausnir\\\/product\\\/habo-flair-veggfesting-f-sapuskammtara-2\\\/#primaryimage\"},\"thumbnailUrl\":\"https:\\\/\\\/velarogverkfaeri.is\\\/wp-content\\\/uploads\\\/2025\\\/08\\\/baa4d682-5791-4533-b85b-8b8f3a68ff1b.jpg\",\"datePublished\":\"2025-04-14T12:56:08+00:00\",\"dateModified\":\"2026-02-04T12:00:56+00:00\",\"breadcrumb\":{\"@id\":\"https:\\\/\\\/velarogverkfaeri.is\\\/lykillausnir\\\/badherbergi-lykillausnir\\\/sapuskammtarar-badherbergi-lykillausnir\\\/product\\\/habo-flair-veggfesting-f-sapuskammtara-2\\\/#breadcrumb\"},\"inLanguage\":\"en-US\",\"potentialAction\":[{\"@type\":\"ReadAction\",\"target\":[\"https:\\\/\\\/velarogverkfaeri.is\\\/lykillausnir\\\/badherbergi-lykillausnir\\\/sapuskammtarar-badherbergi-lykillausnir\\\/product\\\/habo-flair-veggfesting-f-sapuskammtara-2\\\/\"]}]},{\"@type\":\"ImageObject\",\"inLanguage\":\"en-US\",\"@id\":\"https:\\\/\\\/velarogverkfaeri.is\\\/lykillausnir\\\/badherbergi-lykillausnir\\\/sapuskammtarar-badherbergi-lykillausnir\\\/product\\\/habo-flair-veggfesting-f-sapuskammtara-2\\\/#primaryimage\",\"url\":\"https:\\\/\\\/velarogverkfaeri.is\\\/wp-content\\\/uploads\\\/2025\\\/08\\\/baa4d682-5791-4533-b85b-8b8f3a68ff1b.jpg\",\"contentUrl\":\"https:\\\/\\\/velarogverkfaeri.is\\\/wp-content\\\/uploads\\\/2025\\\/08\\\/baa4d682-5791-4533-b85b-8b8f3a68ff1b.jpg\",\"width\":2133,\"height\":1600},{\"@type\":\"BreadcrumbList\",\"@id\":\"https:\\\/\\\/velarogverkfaeri.is\\\/lykillausnir\\\/badherbergi-lykillausnir\\\/sapuskammtarar-badherbergi-lykillausnir\\\/product\\\/habo-flair-veggfesting-f-sapuskammtara-2\\\/#breadcrumb\",\"itemListElement\":[{\"@type\":\"ListItem\",\"position\":1,\"name\":\"Home\",\"item\":\"https:\\\/\\\/velarogverkfaeri.is\\\/\"},{\"@type\":\"ListItem\",\"position\":2,\"name\":\"Vefverslun\",\"item\":\"https:\\\/\\\/velarogverkfaeri.is\\\/vefverslun\\\/\"},{\"@type\":\"ListItem\",\"position\":3,\"name\":\"HABO Flair Veggfesting f. s\u00e1puskammtara Hv\u00edt 150x50x70mm 31117\"}]},{\"@type\":\"WebSite\",\"@id\":\"https:\\\/\\\/velarogverkfaeri.is\\\/en\\\/#website\",\"url\":\"https:\\\/\\\/velarogverkfaeri.is\\\/en\\\/\",\"name\":\"V\u00e9lar & Verkf\u00e6ri\",\"description\":\"Umbo\u00f0s- og heildverslun fr\u00e1 \u00e1rinu 1919\",\"publisher\":{\"@id\":\"https:\\\/\\\/velarogverkfaeri.is\\\/en\\\/#organization\"},\"potentialAction\":[{\"@type\":\"SearchAction\",\"target\":{\"@type\":\"EntryPoint\",\"urlTemplate\":\"https:\\\/\\\/velarogverkfaeri.is\\\/en\\\/?s={search_term_string}\"},\"query-input\":{\"@type\":\"PropertyValueSpecification\",\"valueRequired\":true,\"valueName\":\"search_term_string\"}}],\"inLanguage\":\"en-US\"},{\"@type\":\"Organization\",\"@id\":\"https:\\\/\\\/velarogverkfaeri.is\\\/en\\\/#organization\",\"name\":\"V\u00e9lar & Verkf\u00e6ri\",\"url\":\"https:\\\/\\\/velarogverkfaeri.is\\\/en\\\/\",\"logo\":{\"@type\":\"ImageObject\",\"inLanguage\":\"en-US\",\"@id\":\"https:\\\/\\\/velarogverkfaeri.is\\\/en\\\/#\\\/schema\\\/logo\\\/image\\\/\",\"url\":\"https:\\\/\\\/velarogverkfaeri.is\\\/wp-content\\\/uploads\\\/2021\\\/10\\\/vv_logo_350x100.png\",\"contentUrl\":\"https:\\\/\\\/velarogverkfaeri.is\\\/wp-content\\\/uploads\\\/2021\\\/10\\\/vv_logo_350x100.png\",\"width\":350,\"height\":100,\"caption\":\"V\u00e9lar & Verkf\u00e6ri\"},\"image\":{\"@id\":\"https:\\\/\\\/velarogverkfaeri.is\\\/en\\\/#\\\/schema\\\/logo\\\/image\\\/\"},\"sameAs\":[\"https:\\\/\\\/www.facebook.com\\\/VelarOgVerkfaeri\"]}]}<\/script>\n<!-- \/ Yoast SEO plugin. -->","yoast_head_json":{"title":"HABO Flair Veggfesting f. s\u00e1puskammtara Hv\u00edt 150x50x70mm 31117 - V\u00e9lar &amp; Verkf\u00e6ri","robots":{"index":"index","follow":"follow","max-snippet":"max-snippet:-1","max-image-preview":"max-image-preview:large","max-video-preview":"max-video-preview:-1"},"canonical":"https:\/\/velarogverkfaeri.is\/en\/lykillausnir\/badherbergi-lykillausnir\/sapuskammtarar-badherbergi-lykillausnir\/product\/habo-flair-veggfesting-f-sapuskammtara-2\/","og_locale":"en_US","og_type":"article","og_title":"HABO Flair Veggfesting f. s\u00e1puskammtara Hv\u00edt 150x50x70mm 31117 - V\u00e9lar &amp; Verkf\u00e6ri","og_description":"Tegund:&nbsp;31117","og_url":"https:\/\/velarogverkfaeri.is\/en\/lykillausnir\/badherbergi-lykillausnir\/sapuskammtarar-badherbergi-lykillausnir\/product\/habo-flair-veggfesting-f-sapuskammtara-2\/","og_site_name":"V\u00e9lar &amp; Verkf\u00e6ri","article_publisher":"https:\/\/www.facebook.com\/VelarOgVerkfaeri","article_modified_time":"2026-02-04T12:00:56+00:00","og_image":[{"width":2133,"height":1600,"url":"https:\/\/velarogverkfaeri.is\/wp-content\/uploads\/2025\/08\/baa4d682-5791-4533-b85b-8b8f3a68ff1b.jpg","type":"image\/jpeg"}],"twitter_card":"summary_large_image","schema":{"@context":"https:\/\/schema.org","@graph":[{"@type":"WebPage","@id":"https:\/\/velarogverkfaeri.is\/lykillausnir\/badherbergi-lykillausnir\/sapuskammtarar-badherbergi-lykillausnir\/product\/habo-flair-veggfesting-f-sapuskammtara-2\/","url":"https:\/\/velarogverkfaeri.is\/lykillausnir\/badherbergi-lykillausnir\/sapuskammtarar-badherbergi-lykillausnir\/product\/habo-flair-veggfesting-f-sapuskammtara-2\/","name":"HABO Flair Veggfesting f. s\u00e1puskammtara Hv\u00edt 150x50x70mm 31117 - V\u00e9lar &amp; Verkf\u00e6ri","isPartOf":{"@id":"https:\/\/velarogverkfaeri.is\/en\/#website"},"primaryImageOfPage":{"@id":"https:\/\/velarogverkfaeri.is\/lykillausnir\/badherbergi-lykillausnir\/sapuskammtarar-badherbergi-lykillausnir\/product\/habo-flair-veggfesting-f-sapuskammtara-2\/#primaryimage"},"image":{"@id":"https:\/\/velarogverkfaeri.is\/lykillausnir\/badherbergi-lykillausnir\/sapuskammtarar-badherbergi-lykillausnir\/product\/habo-flair-veggfesting-f-sapuskammtara-2\/#primaryimage"},"thumbnailUrl":"https:\/\/velarogverkfaeri.is\/wp-content\/uploads\/2025\/08\/baa4d682-5791-4533-b85b-8b8f3a68ff1b.jpg","datePublished":"2025-04-14T12:56:08+00:00","dateModified":"2026-02-04T12:00:56+00:00","breadcrumb":{"@id":"https:\/\/velarogverkfaeri.is\/lykillausnir\/badherbergi-lykillausnir\/sapuskammtarar-badherbergi-lykillausnir\/product\/habo-flair-veggfesting-f-sapuskammtara-2\/#breadcrumb"},"inLanguage":"en-US","potentialAction":[{"@type":"ReadAction","target":["https:\/\/velarogverkfaeri.is\/lykillausnir\/badherbergi-lykillausnir\/sapuskammtarar-badherbergi-lykillausnir\/product\/habo-flair-veggfesting-f-sapuskammtara-2\/"]}]},{"@type":"ImageObject","inLanguage":"en-US","@id":"https:\/\/velarogverkfaeri.is\/lykillausnir\/badherbergi-lykillausnir\/sapuskammtarar-badherbergi-lykillausnir\/product\/habo-flair-veggfesting-f-sapuskammtara-2\/#primaryimage","url":"https:\/\/velarogverkfaeri.is\/wp-content\/uploads\/2025\/08\/baa4d682-5791-4533-b85b-8b8f3a68ff1b.jpg","contentUrl":"https:\/\/velarogverkfaeri.is\/wp-content\/uploads\/2025\/08\/baa4d682-5791-4533-b85b-8b8f3a68ff1b.jpg","width":2133,"height":1600},{"@type":"BreadcrumbList","@id":"https:\/\/velarogverkfaeri.is\/lykillausnir\/badherbergi-lykillausnir\/sapuskammtarar-badherbergi-lykillausnir\/product\/habo-flair-veggfesting-f-sapuskammtara-2\/#breadcrumb","itemListElement":[{"@type":"ListItem","position":1,"name":"Home","item":"https:\/\/velarogverkfaeri.is\/"},{"@type":"ListItem","position":2,"name":"Vefverslun","item":"https:\/\/velarogverkfaeri.is\/vefverslun\/"},{"@type":"ListItem","position":3,"name":"HABO Flair Veggfesting f. s\u00e1puskammtara Hv\u00edt 150x50x70mm 31117"}]},{"@type":"WebSite","@id":"https:\/\/velarogverkfaeri.is\/en\/#website","url":"https:\/\/velarogverkfaeri.is\/en\/","name":"V\u00e9lar & Verkf\u00e6ri","description":"Umbo\u00f0s- og heildverslun fr\u00e1 \u00e1rinu 1919","publisher":{"@id":"https:\/\/velarogverkfaeri.is\/en\/#organization"},"potentialAction":[{"@type":"SearchAction","target":{"@type":"EntryPoint","urlTemplate":"https:\/\/velarogverkfaeri.is\/en\/?s={search_term_string}"},"query-input":{"@type":"PropertyValueSpecification","valueRequired":true,"valueName":"search_term_string"}}],"inLanguage":"en-US"},{"@type":"Organization","@id":"https:\/\/velarogverkfaeri.is\/en\/#organization","name":"V\u00e9lar & Verkf\u00e6ri","url":"https:\/\/velarogverkfaeri.is\/en\/","logo":{"@type":"ImageObject","inLanguage":"en-US","@id":"https:\/\/velarogverkfaeri.is\/en\/#\/schema\/logo\/image\/","url":"https:\/\/velarogverkfaeri.is\/wp-content\/uploads\/2021\/10\/vv_logo_350x100.png","contentUrl":"https:\/\/velarogverkfaeri.is\/wp-content\/uploads\/2021\/10\/vv_logo_350x100.png","width":350,"height":100,"caption":"V\u00e9lar & Verkf\u00e6ri"},"image":{"@id":"https:\/\/velarogverkfaeri.is\/en\/#\/schema\/logo\/image\/"},"sameAs":["https:\/\/www.facebook.com\/VelarOgVerkfaeri"]}]}},"_links":{"self":[{"href":"https:\/\/velarogverkfaeri.is\/en\/wp-json\/wp\/v2\/product\/71438","targetHints":{"allow":["GET"]}}],"collection":[{"href":"https:\/\/velarogverkfaeri.is\/en\/wp-json\/wp\/v2\/product"}],"about":[{"href":"https:\/\/velarogverkfaeri.is\/en\/wp-json\/wp\/v2\/types\/product"}],"replies":[{"embeddable":true,"href":"https:\/\/velarogverkfaeri.is\/en\/wp-json\/wp\/v2\/comments?post=71438"}],"wp:featuredmedia":[{"embeddable":true,"href":"https:\/\/velarogverkfaeri.is\/en\/wp-json\/wp\/v2\/media\/75320"}],"wp:attachment":[{"href":"https:\/\/velarogverkfaeri.is\/en\/wp-json\/wp\/v2\/media?parent=71438"}],"wp:term":[{"taxonomy":"product_brand","embeddable":true,"href":"https:\/\/velarogverkfaeri.is\/en\/wp-json\/wp\/v2\/product_brand?post=71438"},{"taxonomy":"product_cat","embeddable":true,"href":"https:\/\/velarogverkfaeri.is\/en\/wp-json\/wp\/v2\/product_cat?post=71438"},{"taxonomy":"product_tag","embeddable":true,"href":"https:\/\/velarogverkfaeri.is\/en\/wp-json\/wp\/v2\/product_tag?post=71438"}],"curies":[{"name":"wp","href":"https:\/\/api.w.org\/{rel}","templated":true}]}}