{"id":71381,"date":"2025-04-10T09:56:07","date_gmt":"2025-04-10T09:56:07","guid":{"rendered":"https:\/\/velarogverkfaeri.is\/?post_type=product&#038;p=71381"},"modified":"2026-02-09T14:30:38","modified_gmt":"2026-02-09T14:30:38","slug":"frascio-hurdarhandfang-ice-med-lykillaufum-matt-svart-f-thyskar","status":"publish","type":"product","link":"https:\/\/velarogverkfaeri.is\/en\/lykillausnir\/hurdabunadur-lykillausnir\/hurdahandfong-m-lykillaufum\/product\/frascio-hurdarhandfang-ice-med-lykillaufum-matt-svart-f-thyskar\/","title":{"rendered":"FRASCIO Hur\u00f0arhandfang ICE me\u00f0 lykillaufum matt svart f. \u00de\u00fdskar"},"content":{"rendered":"<p><img decoding=\"async\" src=\"data:image\/png;base64,iVBORw0KGgoAAAANSUhEUgAAAPEAAACACAYAAADatY9tAAAAAXNSR0IArs4c6QAAAARnQU1BAACxjwv8YQUAAAAJcEhZcwAADsMAAA7DAcdvqGQAAA\/sSURBVHhe7d0JVFX1vgfwn0yiIIIKghDigFrO80AllvlapN5nWibOXBuclheH+669UtOW+bKWUpl2n918T8mX10y7XtBKzcSbkgMaoOAFxQHBAQREQIb\/278\/fxzT65bj4fwP389aZ+X+7aMp+3z3f9j\/vU8dYSAA0JaD+i8AaAohBtAcQgygOYQYQHMIMYDmEGIAzSHEAJpDiAE0hxADaA4hBtAcQgygOYQYQHMIMYDmEGIAzSHEAJpDiH9DXl4effHFF+Tv70+bNm1S1duVlZXR+vXryc\/Pj6ZMmaKqRFevXqWwsDBycXGhhg0b3ni1bduWrl+\/rt4FNWnChAnk5OREHh4eN45PcHAw\/fzzz\/LYd+3a9a7j98QTT6jfbXvwUIA7rFixgo4fP04xMTGUnp5OX3\/9Nb344otq703Jycn0xhtv0L59+2jSpEn06aefynpqaiqNGzeO6tevT8OGDZM1xtv84XF0dFQVqCnt27enOnXqyONWdTz4+Dz\/\/PN06dIlGjFiBLVu3VqejKu4ublRRESE2rIxHGK4KSQkRL6CgoL45CaMEKs9N5WXl4uJEyeKvn37iscff1xMnjxZ7RHihx9+EK1atRKrV6+W7ysoKFB7wBZcvHhR1KtXTxi9J1FaWioKCwtFRUWF2ivExo0bRdOmTYXRA7ux39ahO32HDRs2yNfYsWNV5W6rVq2SXa\/p06eTj4+PqlbKzMyknJwcSkxMpJ49e8pXeHi4bN2h5nEPiodCGRkZ9Mwzz8iu8+DBg2n\/\/v1y\/6lTp+SQ6NChQ\/LY9ejRQ7bAfFxtFUJ8h2bNmskXj5d+Cx\/cuXPnktH6yoPM3bIqRstLp0+flh+CPXv20AsvvCDfs23bNhnk4uJi9U6oKTz8YTxUMnpS9NRTT9FPP\/1EI0eOpMOHD8s6z13s2LGDhgwZIrveRutMw4cPl8fXJqkWGe6wdOnSu7rTxtlYGOMmMXToUGEcaHHixAkRGhp6oztdUlIivvvuO7F8+XKRl5d3o7Z48WLh7u4uu2hQs2JjY8UHH3wgj12VtWvXirp164pZs2aJzZs3i6ioKGG01nJfUVGRmDlzpnBxcRHbt2+XNVuDltiEH3\/8kRISEsjX15c+\/PBD+uyzz2TLy2dw44NBxgGX3TPuijdo0ED+Hp7l7NSpE3l6elJKSoqsQc3p0qULjRo1Sk5cVeGJS2P8S8Z4WbbOfPyqJrxcXV1ll5onvozgy5qtQYhN4EsN3D3mGWjjrCy7zDz+5SB\/\/\/33lJ2dTR999BG99dZbsktdhWc8uSvdvHlzVYGaYvSK5Kz0+fPnVaWya82XnIxGjZYsWUILFy5UeyplZWXJkAcGBqqKjalskOFOv9WdNoIocnNzxeXLl+XrwIED4sknnxQRERHCCLOcyZw3b55wc3OTXbPk5GTZfevXr59o0aKFyM\/PV38S1JRFixYJo5UVRmssj5\/RuxJ9+vSRM9Lbtm0Tr7\/+ujBaXTF\/\/nx5\/Pj4Gz0pERwcLI+\/LUKI74HHRUaXWGzZskVV7paWlibCwsJEZGSkqlSOm40zvfDx8RFGyy2MbrTo2LGj2Llz522XMuDB8NwDX+qxFB7rzpgxQ3h7e984Pv7+\/mL9+vVyf0ZGhhgxYoRo3Lix3O\/l5SW6d+8ujGGU3G8p\/Fng+ZKqsXd1mFrscfLkSQoKCrptRtZe8SUhHv8aLS0FBASo6u24yxwfHy9nsnncVIUvYRw7dozOnDlDdevWpQ4dOshLUfb8czN6GXL21vjQq4pl8KU8d3d3+TO01M\/PCJDsQvMY19nZmYyTLBktsdpbefyOHj0qu9G8yIP3N2rUSO21DJ4\/4c8OD7E4U9VhKsTLli2jadOmyX84wK14cu\/atWsUEhKiKpbBcw18kuzVq5ddnQSNoRft2rWL2rRpI1\/VYWpiq+o6J59x+S8BtdutnwP+9aO+jsoTh0lJSWpLT3yd+tZJT0t4qNlpXk+8efNmtQW1Fc\/Y8g0ivM78UQf44MGDNHr0aIsHwNp4pRivELPk5SpT3enIyEh5NuQVSLz4n1ezQO22d+9eeVLn1Wl840doaKjaYxncnf7qq6\/kHWN87Z1Xyt1rNZ0OeF5p5cqV5O3tLW+0mDp1qrzDrTpMhZivf\/Ikz9atW+UdHgMGDFB7oDbi1pdb4QMHDlDv3r3lNfSnn35a7bUMDjG3vjzRFBcXR2+++aacaNIVN4C89p4XmHCQ+edW3TGxqRC\/9957NHv2bDmzx7NrvPoFai9eY8xj1MaNG8seGn8mHkWIueXlEwSPJ\/nXPFOtK16TzeFt1apVzUxsVeH\/qc5nQ7AMvkrBS0p5JdOjnjnmP79Pnz7V7nrWNJ6955+ZJZkKMS875B8mv3BzO9z6OeA14nxN\/FFycHDQ\/vImr8W2NFPdaQBr40UkfKLgRRf2hBecFBQUyBNfdYONEANoDncxAWgOIQbQHEIMoDmEGEBzCDGA5hBiAM0hxACaQ4gBNIcQA2juoVdsXckvpPgjqZSYcoquFNjeUz6cHB0pKMCHenVuS62b+5GTE9Z66+hc9mXa+0syFRY92Ldn9O\/dkVoG+qqt2uGhQnw87Swt+vj\/aP\/h45RXUETenp5qj+24VlxMRaXF1PIxXxo\/fCBNGPEsudZ1UXtBF+u\/3U3zl0VTbv6DPdHjj68PpzmvDVdbtYPpEF+4fIWeHf2fdDmngKaMHky\/f+U5cne3\/J0Z1cX\/rITEU\/RO1Je0\/8gxmjcjXB5g0MtnX8bS3PfXUMqOP5Ozs5Oq3i0zK5eefmUORbz0HL0\/10a\/gvRR4RA\/qKLiEjFwzJuieb+JYlPsPlFebvvPUc7MzhHh05eKeu2GiZ3\/OKKqoItV0THCq\/PLouT6\/Z89feZcjmjSbZSYs\/hzVak9TE1sxf54kPbEJxtd00H0u0G9yMHB9h8h6ufjRQsiR1OLAF9aEBVNxodB7QGwD6ZCvGNvAjk7OdJr4f+mRYCrBLfwo7DQnpSUeprSMm5+Bw+APTAV4tRTmRTo60vNmlr2Kf\/W0LFdEBndfzmmB7AnpkLMX2\/hVr+e2tILX3JiFRV4BgLYFyz2ANAcQgygOYQYQHMIMYDmrBpiXhtWVl5BZWXlVn\/xI0IZ\/5cnt\/Cy\/Es83DJ8qCZTyy6fCZ9LVwvKKP5vS1XFnISkk7Tx73up6Pp1VbGelH+epV3xR+Qa6uAgf1UFSwrwa0LDBvUlR0fLtQ1Vyy6zfokml\/ssuzybmUtdh0yl5\/t3p6ljX1BV29XAvT493ipAPhC\/uqwa4sh3\/pvWbPqBWgX6UT1X3IxgTzLOXaTLV\/LpzD\/WUCPPBqpafWZDfL2klDw93FXVNpWUllI7I8B\/Wz3fCHP1L9laNcTT562Sty\/O\/0O4vE0Q7Meyz7+ldZt30Mk9fyFfb8stBjIb4idaNqc5b7yoqrYp6i\/f0tnsC7Rnw1Jq0sgCX9PKIX5QA0b9SfQcPFttmTft7ZUidORckZJ2TlXAXvxpyf8K17b\/Ls5fyFEVyzB7A8QrU5aqiu2aMDNKtHv2NXHxcp6qVA9mpwE0hxADaA4hBtAcQgygOYQYQHMIMYDmEGIAzSHEAJpDiAE0hxADaA4hBtAcQgygOYQYQHMIMYDmEGIAzSHEAJpDiAE0Z\/XH8xxKSqclf4ygloFNVRXswZJPN9Lqv8bU+ON5BvbpRutXzFZV2zRx1ke070iSxR7PY\/UQf\/7X78izgRs5OVV+NxLYh\/yr1+TXxmbEfUE+TTxVtfrMhpgq6lCrx3xV1Taln8uixl7ueoY4Lv44rVoXS1evFamK9ZzLukyJ\/0ynsAE96TG\/JqoKltS6uR9NGz9EbVmG2RDzV+8G+DZWVdvVoW0QrXx3KtV1cVaVauAQP6jqPiivJkV\/s1t4dnpZ7NiboCqgA7MPypuz+HNVqT0wsQWgOYQYQHMIMYDmEGIAzSHEAJozFWKe4i8svKa29FJeXvnVpgD2xlSIWzzmSxlZ2XTxUr6q6CMp9bT8yk1LLkQAsAWmQty\/d0cqLSujL7fsVhU98Enn6+1x8vtz27UMUFUA+2AqxEMH9qLuHVtT1P9soR1xR6m4pFTtsU0VQtCFS3k0b1k05eYV0IIZo7HcE+yOqWWXLDE1gya\/tYJycwtpwoiB1K97O\/JqaLkvlbaUsvJySsvIoo0xcRR3MInGDhtA70SOIQeHOuodoAOzyy4nGp\/J9+dGqGrtYDrE7HBSOq1c93fa\/tMh8nCrb4TY9r6ZnUN8\/kIuNWnsQb9\/+TkK\/10oebjXV3tBF1Uhjpw4XM5p3Et+fhGtiN5Ck8eEIcQPgn\/LlfxCSj+dRb8cTaVLubY30eXg4ECd2rWgDm0Cyc+nkWUWmoPVbdi6h\/6w6M9UcJVvmrl3L4o\/k8XXr9N\/\/cdEmvXqMFWtHR4qxABgO0xNbAGA7UGIATSHEANoDiEG0BxCDKA5hBhAcwgxgOYQYgDN1chijxMnTtD27dupqOj2R9cOHDiQunbtqraIfv31V9q2bRtNmDCBvL29VRUAblUjIV6+fDm9\/fbb5O7uTnXq3FxKt3jxYho3bhzl5uZSdnY2TZ8+nXbu3EkJCQnUuXNn9S4AuJXVQ1xRUUGzZ8+mNWvW0K5du8jV1VXtIdnalpaWUkREBB05coQyMzPlmliEGODerD4mzs\/Pp1OnTlH79u3J0dGRUlJSKCsri3x9falRo0bk7OxMXbp0ofHjx1OzZs3U7wKAe7F6S3zs2DGaNGkSnT17Vnan8\/LyyMXFhXr27EmffPIJNWnShEpKSuR7+\/fvT\/Hx8WiJAe7D6i3xuXPnZMvbsmVL+uabb+jw4cM0cuRIiomJoUWLFskxMnex+cW3EwLA\/Vm9JS4uLpYTVw0bNqT69Stv0r9w4QK99NJLdPLkSTp9+rSssb59+9K+ffvQEgPch9WbuosXL8pJK57AquLl5UVubm6Uk5OjKgDwoKweYu4+z5o1i6Kjo1WFKDk5Wc5Eh4SEqAoAPCirh7hTp04UGBhICxYsoFGjRtHMmTPp1VdflS00XzsGAHNMhTguLo7Ky8vV1sMJCgqS14jHjBlDR48epbVr18rrwxs2bKB+\/fqpd1VycnKSM9eWmuBat26d+hWA\/TA1sVUVPg6XjmbMmEFRUVFqC8A+PFQTx9d209LS1JZt4+WbfFmLV4oB2CPTIU5NTZXjWZ5h1gFfzlq2bBlt3bpVVQDsi+nu9Mcff0zp6ek0aNAgOb61dYWFhRQbGyvvmAoODqbdu\/X6HimAf8V0iIcOHUrvvvsudevWTY6PbV1iYqI88fAMOE+iYUwM9sZ0d9rDw4MWLlxIvXr1UhXbxgtJ+O\/bo0cPVQGwLw81scU3LrRp00Zt2TZ\/f39q2rSp2gKwP6ZCzCuqdL4pgReXANgbU2NifuutT+LQDV9mwp1RYG+sfhcTAFgWmiUAzSHEAFoj+n+H\/wV4Gz++2AAAAABJRU5ErkJggg==\" alt=\"\"><img decoding=\"async\" src=\"data:image\/png;base64,iVBORw0KGgoAAAANSUhEUgAAAEgAAABFCAYAAADpc6CZAAAAAXNSR0IArs4c6QAAAARnQU1BAACxjwv8YQUAAAAJcEhZcwAADsMAAA7DAcdvqGQAAAYySURBVHhe7Zt5TBRnGId\/7C7HwgqugApFUCmKxfsoBaSlVVRAo9WKxGChHsUDa+2hxrQesTHEUqNp0GhMa6imRq2oUTDW22qJ0nhULCIggizXwq4scuyyTGfGz2jiLrNhmd1ZM88\/Q37vAsPDzPe9M9+ME0UDEbNIyFbEDKIgDkRBHIiCOBAFcSAK4kAUxIEoiANREAc90kkzP6KqtgEXrt3F5Rv\/QveslVSEhZMTMCp0MGZMDkfIQD+4ubqQinmsFmQ0duLctdvYtPMgqmsbERzkB7mbK6kKC+ZPraxWo71dj2XJ8ViUOBW9FHJSNY3Vghg5aet\/xsCA\/vgidQbGjwyBwt2NVIVFZyeFotInOHD8As5evYXVC2dh+YIEUjUDI6i7NDW3UDOXbKECIlKoew\/KqU56DxyBmnoNNX\/VNiowMpWqVWtIahqrBmlaCv4rqcBXiz5G2JAg+hynT3IHoJ9Pb3w6exJa29px4mw+SU1jlSAVPeY0t7QhJmI4SRyHsCGB7CBd+LCCJKaxShB9SrFbd4EOyl3h6uIMiYT7iBf7IA5EQRwIUhAzHTMDaKWqHqWPq6FrbmEzelIhn7AdghLUqNUh92IBklZmYFD0YoxJWIWI2d8gMPIzTJz7LXb9dhqPKmvJp22DYAQ9KKvChu0HkLw6ExrtM7rLnYKMNanIXL8Ya5cmItC\/L37cewwrNuzClRuF5LtswPN2qHscPnWF8g9fQBWVVpKke1So6qmUr7dTfUYlUZl7cqjiMhVl6DCSKsU2oHVqLXXo5FVq1LSV1DuxS6n8W0Wk2j3qGrRUUFQqtWrzHpKYxu5HEC0Cx89ex4k\/87Ft3UKkp05HyCA\/yKQvd41pQH29vTAnPhK7f1iByio1Nu44CG1TM\/kEf9hdUHVdI47mXkdCTDhmT4ug+xMZqbwOIy1i3FBa5BLcuV+GvEv\/kAp\/2F3Qkxo1ih+pMGPyu+jt5UHSrklN\/Aiuzq64caeYPgI7SMoPdhdUUl4NH2UvBL3la\/G1nJurDBNGhrCXOk91LSTlB7sLamvXw93dFXI5982rV1EqPaA3GGAwvOFHkNzNBa2teroxNJDEMpp0bXB2lkEmk5KEH+wuKDQ4ALVqDd0xqyzulNva9Licf5fujXyh9FSQlB\/sLsi\/rzfGhAUj58zfqK1\/SlLzdNBtwc5fTkEqkyB6QtibfwQx\/c3c+CgU3HuIrOzT7D1uczC1nDN0v7T3CGLeG4EPwkeQCn\/YXZALPY7MmhKB+A\/HY8+hXNwufEwqr\/OwrBo\/7TuGAH8fbPpyPnp7WtYWWIPdBTF4Kz0RO3E0mEm+oVH3PDRB41Md1JomrExJwNtB\/iTlF0EIYpBILN8VmZTfcedVBCNIqIiCOBAFcSAK4kAUxIEoiANREAeiIA4cSxC5n2bL5THBCJI4ObF3FDu6uIWqkMvZq3dVXSNJ+Ecwgnz6eMHZWYo7RWUkeR3mMb+W1nYE+fuShH8EI4h5HIVZHMw+fh6l5TUkfQlz7znvcgGMnZ2YFDWapPwjGEGeCnd8l56EkvIqLP9+F4rLVKQC9qjZse8kso+dR9r8qejvqyQV\/hHUIB0XMw5ZW5azp9n7iWsRl7IZSemZGB6bjh37czBvejSWJSfY9Ek2QQliWDxvKg5nrcMn8ZH0rNUJtVaD8LEh2LkxDRlrU+FLj1U25fkKdPfoqbV5U3R0GKlGrY6qVWspvd5A0p7DYdbmzSGVSqD0UqCvNzO7mV+O5hvBChIKVgl6MVgyT385GvTZQ77qGqsEeXjI2VWJ4kdVJHEcauq17KM3PkpPkpjGKkHDggPYX7D7QC67xu4odBiNOH3xJpqftWHyxK6bTqsEDfDzxZy4KFy9WYitWYcdQhKz+Jh3qQD7j55DbPRojBsRQiqm6ZG3fWZ+vgXn\/rrNLgUvTY7DyNCBNl2asZSaeg1+P3kF2TkX6H+uD\/J+3YwAetsVPfK+GCMpY\/cR\/HHmGho0OrTrDRYPgraEaRc8FXJEjB2GNWlzMHRwAKmYp0cEMTAzWVVNA+6XVLCP8754TUFIKNzlGBTYD6HBA9jJxRJ6TNCbitgociAK4kAUxIEoiANREAeiIA5EQRyIgroE+B+DfBKngYZt5gAAAABJRU5ErkJggg==\" alt=\"\"><\/p>\n<p><\/p>","protected":false},"excerpt":{"rendered":"","protected":false},"featured_media":79871,"comment_status":"closed","ping_status":"closed","template":"","meta":[],"product_brand":[],"product_cat":[597,918,517],"product_tag":[],"class_list":{"0":"post-71381","1":"product","2":"type-product","3":"status-publish","4":"has-post-thumbnail","6":"product_cat-hurdabunadur-lykillausnir","7":"product_cat-hurdahandfong-m-lykillaufum","8":"product_cat-lykillausnir","10":"first","11":"instock","12":"taxable","13":"shipping-taxable","14":"purchasable","15":"product-type-simple"},"yoast_head":"<!-- This site is optimized with the Yoast SEO plugin v27.3 - https:\/\/yoast.com\/product\/yoast-seo-wordpress\/ -->\n<title>FRASCIO Hur\u00f0arhandfang ICE me\u00f0 lykillaufum matt svart f. \u00de\u00fdskar - V\u00e9lar &amp; Verkf\u00e6ri<\/title>\n<meta name=\"robots\" content=\"index, follow, max-snippet:-1, max-image-preview:large, max-video-preview:-1\" \/>\n<link rel=\"canonical\" href=\"https:\/\/velarogverkfaeri.is\/en\/lykillausnir\/adgangskerfi\/product\/frascio-hurdarhandfang-ice-med-lykillaufum-matt-svart-f-thyskar\/\" \/>\n<meta property=\"og:locale\" content=\"en_US\" \/>\n<meta property=\"og:type\" content=\"article\" \/>\n<meta property=\"og:title\" content=\"FRASCIO Hur\u00f0arhandfang ICE me\u00f0 lykillaufum matt svart f. \u00de\u00fdskar - V\u00e9lar &amp; Verkf\u00e6ri\" \/>\n<meta property=\"og:url\" content=\"https:\/\/velarogverkfaeri.is\/en\/lykillausnir\/adgangskerfi\/product\/frascio-hurdarhandfang-ice-med-lykillaufum-matt-svart-f-thyskar\/\" \/>\n<meta property=\"og:site_name\" content=\"V\u00e9lar &amp; Verkf\u00e6ri\" \/>\n<meta property=\"article:publisher\" content=\"https:\/\/www.facebook.com\/VelarOgVerkfaeri\" \/>\n<meta property=\"article:modified_time\" content=\"2026-02-09T14:30:38+00:00\" \/>\n<meta name=\"twitter:card\" content=\"summary_large_image\" \/>\n<script type=\"application\/ld+json\" class=\"yoast-schema-graph\">{\"@context\":\"https:\\\/\\\/schema.org\",\"@graph\":[{\"@type\":\"WebPage\",\"@id\":\"https:\\\/\\\/velarogverkfaeri.is\\\/lykillausnir\\\/adgangskerfi\\\/product\\\/frascio-hurdarhandfang-ice-med-lykillaufum-matt-svart-f-thyskar\\\/\",\"url\":\"https:\\\/\\\/velarogverkfaeri.is\\\/lykillausnir\\\/adgangskerfi\\\/product\\\/frascio-hurdarhandfang-ice-med-lykillaufum-matt-svart-f-thyskar\\\/\",\"name\":\"FRASCIO Hur\u00f0arhandfang ICE me\u00f0 lykillaufum matt svart f. \u00de\u00fdskar - V\u00e9lar &amp; Verkf\u00e6ri\",\"isPartOf\":{\"@id\":\"https:\\\/\\\/velarogverkfaeri.is\\\/en\\\/#website\"},\"primaryImageOfPage\":{\"@id\":\"https:\\\/\\\/velarogverkfaeri.is\\\/lykillausnir\\\/adgangskerfi\\\/product\\\/frascio-hurdarhandfang-ice-med-lykillaufum-matt-svart-f-thyskar\\\/#primaryimage\"},\"image\":{\"@id\":\"https:\\\/\\\/velarogverkfaeri.is\\\/lykillausnir\\\/adgangskerfi\\\/product\\\/frascio-hurdarhandfang-ice-med-lykillaufum-matt-svart-f-thyskar\\\/#primaryimage\"},\"thumbnailUrl\":\"https:\\\/\\\/velarogverkfaeri.is\\\/wp-content\\\/uploads\\\/2026\\\/02\\\/4292b971-ce80-47f4-b401-4c2db4f81fa5.jpg\",\"datePublished\":\"2025-04-10T09:56:07+00:00\",\"dateModified\":\"2026-02-09T14:30:38+00:00\",\"breadcrumb\":{\"@id\":\"https:\\\/\\\/velarogverkfaeri.is\\\/lykillausnir\\\/adgangskerfi\\\/product\\\/frascio-hurdarhandfang-ice-med-lykillaufum-matt-svart-f-thyskar\\\/#breadcrumb\"},\"inLanguage\":\"en-US\",\"potentialAction\":[{\"@type\":\"ReadAction\",\"target\":[\"https:\\\/\\\/velarogverkfaeri.is\\\/lykillausnir\\\/adgangskerfi\\\/product\\\/frascio-hurdarhandfang-ice-med-lykillaufum-matt-svart-f-thyskar\\\/\"]}]},{\"@type\":\"ImageObject\",\"inLanguage\":\"en-US\",\"@id\":\"https:\\\/\\\/velarogverkfaeri.is\\\/lykillausnir\\\/adgangskerfi\\\/product\\\/frascio-hurdarhandfang-ice-med-lykillaufum-matt-svart-f-thyskar\\\/#primaryimage\",\"url\":\"https:\\\/\\\/velarogverkfaeri.is\\\/wp-content\\\/uploads\\\/2026\\\/02\\\/4292b971-ce80-47f4-b401-4c2db4f81fa5.jpg\",\"contentUrl\":\"https:\\\/\\\/velarogverkfaeri.is\\\/wp-content\\\/uploads\\\/2026\\\/02\\\/4292b971-ce80-47f4-b401-4c2db4f81fa5.jpg\",\"width\":2500,\"height\":996},{\"@type\":\"BreadcrumbList\",\"@id\":\"https:\\\/\\\/velarogverkfaeri.is\\\/lykillausnir\\\/adgangskerfi\\\/product\\\/frascio-hurdarhandfang-ice-med-lykillaufum-matt-svart-f-thyskar\\\/#breadcrumb\",\"itemListElement\":[{\"@type\":\"ListItem\",\"position\":1,\"name\":\"Home\",\"item\":\"https:\\\/\\\/velarogverkfaeri.is\\\/\"},{\"@type\":\"ListItem\",\"position\":2,\"name\":\"Vefverslun\",\"item\":\"https:\\\/\\\/velarogverkfaeri.is\\\/vefverslun\\\/\"},{\"@type\":\"ListItem\",\"position\":3,\"name\":\"FRASCIO Hur\u00f0arhandfang ICE me\u00f0 lykillaufum matt svart f. \u00de\u00fdskar\"}]},{\"@type\":\"WebSite\",\"@id\":\"https:\\\/\\\/velarogverkfaeri.is\\\/en\\\/#website\",\"url\":\"https:\\\/\\\/velarogverkfaeri.is\\\/en\\\/\",\"name\":\"V\u00e9lar & Verkf\u00e6ri\",\"description\":\"Umbo\u00f0s- og heildverslun fr\u00e1 \u00e1rinu 1919\",\"publisher\":{\"@id\":\"https:\\\/\\\/velarogverkfaeri.is\\\/en\\\/#organization\"},\"potentialAction\":[{\"@type\":\"SearchAction\",\"target\":{\"@type\":\"EntryPoint\",\"urlTemplate\":\"https:\\\/\\\/velarogverkfaeri.is\\\/en\\\/?s={search_term_string}\"},\"query-input\":{\"@type\":\"PropertyValueSpecification\",\"valueRequired\":true,\"valueName\":\"search_term_string\"}}],\"inLanguage\":\"en-US\"},{\"@type\":\"Organization\",\"@id\":\"https:\\\/\\\/velarogverkfaeri.is\\\/en\\\/#organization\",\"name\":\"V\u00e9lar & Verkf\u00e6ri\",\"url\":\"https:\\\/\\\/velarogverkfaeri.is\\\/en\\\/\",\"logo\":{\"@type\":\"ImageObject\",\"inLanguage\":\"en-US\",\"@id\":\"https:\\\/\\\/velarogverkfaeri.is\\\/en\\\/#\\\/schema\\\/logo\\\/image\\\/\",\"url\":\"https:\\\/\\\/velarogverkfaeri.is\\\/wp-content\\\/uploads\\\/2021\\\/10\\\/vv_logo_350x100.png\",\"contentUrl\":\"https:\\\/\\\/velarogverkfaeri.is\\\/wp-content\\\/uploads\\\/2021\\\/10\\\/vv_logo_350x100.png\",\"width\":350,\"height\":100,\"caption\":\"V\u00e9lar & Verkf\u00e6ri\"},\"image\":{\"@id\":\"https:\\\/\\\/velarogverkfaeri.is\\\/en\\\/#\\\/schema\\\/logo\\\/image\\\/\"},\"sameAs\":[\"https:\\\/\\\/www.facebook.com\\\/VelarOgVerkfaeri\"]}]}<\/script>\n<!-- \/ Yoast SEO plugin. -->","yoast_head_json":{"title":"FRASCIO Hur\u00f0arhandfang ICE me\u00f0 lykillaufum matt svart f. \u00de\u00fdskar - V\u00e9lar &amp; Verkf\u00e6ri","robots":{"index":"index","follow":"follow","max-snippet":"max-snippet:-1","max-image-preview":"max-image-preview:large","max-video-preview":"max-video-preview:-1"},"canonical":"https:\/\/velarogverkfaeri.is\/en\/lykillausnir\/adgangskerfi\/product\/frascio-hurdarhandfang-ice-med-lykillaufum-matt-svart-f-thyskar\/","og_locale":"en_US","og_type":"article","og_title":"FRASCIO Hur\u00f0arhandfang ICE me\u00f0 lykillaufum matt svart f. \u00de\u00fdskar - V\u00e9lar &amp; Verkf\u00e6ri","og_url":"https:\/\/velarogverkfaeri.is\/en\/lykillausnir\/adgangskerfi\/product\/frascio-hurdarhandfang-ice-med-lykillaufum-matt-svart-f-thyskar\/","og_site_name":"V\u00e9lar &amp; Verkf\u00e6ri","article_publisher":"https:\/\/www.facebook.com\/VelarOgVerkfaeri","article_modified_time":"2026-02-09T14:30:38+00:00","twitter_card":"summary_large_image","schema":{"@context":"https:\/\/schema.org","@graph":[{"@type":"WebPage","@id":"https:\/\/velarogverkfaeri.is\/lykillausnir\/adgangskerfi\/product\/frascio-hurdarhandfang-ice-med-lykillaufum-matt-svart-f-thyskar\/","url":"https:\/\/velarogverkfaeri.is\/lykillausnir\/adgangskerfi\/product\/frascio-hurdarhandfang-ice-med-lykillaufum-matt-svart-f-thyskar\/","name":"FRASCIO Hur\u00f0arhandfang ICE me\u00f0 lykillaufum matt svart f. \u00de\u00fdskar - V\u00e9lar &amp; Verkf\u00e6ri","isPartOf":{"@id":"https:\/\/velarogverkfaeri.is\/en\/#website"},"primaryImageOfPage":{"@id":"https:\/\/velarogverkfaeri.is\/lykillausnir\/adgangskerfi\/product\/frascio-hurdarhandfang-ice-med-lykillaufum-matt-svart-f-thyskar\/#primaryimage"},"image":{"@id":"https:\/\/velarogverkfaeri.is\/lykillausnir\/adgangskerfi\/product\/frascio-hurdarhandfang-ice-med-lykillaufum-matt-svart-f-thyskar\/#primaryimage"},"thumbnailUrl":"https:\/\/velarogverkfaeri.is\/wp-content\/uploads\/2026\/02\/4292b971-ce80-47f4-b401-4c2db4f81fa5.jpg","datePublished":"2025-04-10T09:56:07+00:00","dateModified":"2026-02-09T14:30:38+00:00","breadcrumb":{"@id":"https:\/\/velarogverkfaeri.is\/lykillausnir\/adgangskerfi\/product\/frascio-hurdarhandfang-ice-med-lykillaufum-matt-svart-f-thyskar\/#breadcrumb"},"inLanguage":"en-US","potentialAction":[{"@type":"ReadAction","target":["https:\/\/velarogverkfaeri.is\/lykillausnir\/adgangskerfi\/product\/frascio-hurdarhandfang-ice-med-lykillaufum-matt-svart-f-thyskar\/"]}]},{"@type":"ImageObject","inLanguage":"en-US","@id":"https:\/\/velarogverkfaeri.is\/lykillausnir\/adgangskerfi\/product\/frascio-hurdarhandfang-ice-med-lykillaufum-matt-svart-f-thyskar\/#primaryimage","url":"https:\/\/velarogverkfaeri.is\/wp-content\/uploads\/2026\/02\/4292b971-ce80-47f4-b401-4c2db4f81fa5.jpg","contentUrl":"https:\/\/velarogverkfaeri.is\/wp-content\/uploads\/2026\/02\/4292b971-ce80-47f4-b401-4c2db4f81fa5.jpg","width":2500,"height":996},{"@type":"BreadcrumbList","@id":"https:\/\/velarogverkfaeri.is\/lykillausnir\/adgangskerfi\/product\/frascio-hurdarhandfang-ice-med-lykillaufum-matt-svart-f-thyskar\/#breadcrumb","itemListElement":[{"@type":"ListItem","position":1,"name":"Home","item":"https:\/\/velarogverkfaeri.is\/"},{"@type":"ListItem","position":2,"name":"Vefverslun","item":"https:\/\/velarogverkfaeri.is\/vefverslun\/"},{"@type":"ListItem","position":3,"name":"FRASCIO Hur\u00f0arhandfang ICE me\u00f0 lykillaufum matt svart f. \u00de\u00fdskar"}]},{"@type":"WebSite","@id":"https:\/\/velarogverkfaeri.is\/en\/#website","url":"https:\/\/velarogverkfaeri.is\/en\/","name":"V\u00e9lar & Verkf\u00e6ri","description":"Umbo\u00f0s- og heildverslun fr\u00e1 \u00e1rinu 1919","publisher":{"@id":"https:\/\/velarogverkfaeri.is\/en\/#organization"},"potentialAction":[{"@type":"SearchAction","target":{"@type":"EntryPoint","urlTemplate":"https:\/\/velarogverkfaeri.is\/en\/?s={search_term_string}"},"query-input":{"@type":"PropertyValueSpecification","valueRequired":true,"valueName":"search_term_string"}}],"inLanguage":"en-US"},{"@type":"Organization","@id":"https:\/\/velarogverkfaeri.is\/en\/#organization","name":"V\u00e9lar & Verkf\u00e6ri","url":"https:\/\/velarogverkfaeri.is\/en\/","logo":{"@type":"ImageObject","inLanguage":"en-US","@id":"https:\/\/velarogverkfaeri.is\/en\/#\/schema\/logo\/image\/","url":"https:\/\/velarogverkfaeri.is\/wp-content\/uploads\/2021\/10\/vv_logo_350x100.png","contentUrl":"https:\/\/velarogverkfaeri.is\/wp-content\/uploads\/2021\/10\/vv_logo_350x100.png","width":350,"height":100,"caption":"V\u00e9lar & Verkf\u00e6ri"},"image":{"@id":"https:\/\/velarogverkfaeri.is\/en\/#\/schema\/logo\/image\/"},"sameAs":["https:\/\/www.facebook.com\/VelarOgVerkfaeri"]}]}},"_links":{"self":[{"href":"https:\/\/velarogverkfaeri.is\/en\/wp-json\/wp\/v2\/product\/71381","targetHints":{"allow":["GET"]}}],"collection":[{"href":"https:\/\/velarogverkfaeri.is\/en\/wp-json\/wp\/v2\/product"}],"about":[{"href":"https:\/\/velarogverkfaeri.is\/en\/wp-json\/wp\/v2\/types\/product"}],"replies":[{"embeddable":true,"href":"https:\/\/velarogverkfaeri.is\/en\/wp-json\/wp\/v2\/comments?post=71381"}],"wp:featuredmedia":[{"embeddable":true,"href":"https:\/\/velarogverkfaeri.is\/en\/wp-json\/wp\/v2\/media\/79871"}],"wp:attachment":[{"href":"https:\/\/velarogverkfaeri.is\/en\/wp-json\/wp\/v2\/media?parent=71381"}],"wp:term":[{"taxonomy":"product_brand","embeddable":true,"href":"https:\/\/velarogverkfaeri.is\/en\/wp-json\/wp\/v2\/product_brand?post=71381"},{"taxonomy":"product_cat","embeddable":true,"href":"https:\/\/velarogverkfaeri.is\/en\/wp-json\/wp\/v2\/product_cat?post=71381"},{"taxonomy":"product_tag","embeddable":true,"href":"https:\/\/velarogverkfaeri.is\/en\/wp-json\/wp\/v2\/product_tag?post=71381"}],"curies":[{"name":"wp","href":"https:\/\/api.w.org\/{rel}","templated":true}]}}