{"id":71380,"date":"2025-04-10T09:56:07","date_gmt":"2025-04-10T09:56:07","guid":{"rendered":"https:\/\/velarogverkfaeri.is\/?post_type=product&#038;p=71380"},"modified":"2026-02-09T14:30:36","modified_gmt":"2026-02-09T14:30:36","slug":"frascio-hurdarhandfang-solaris-m-lykillaufum-matt-svart","status":"publish","type":"product","link":"https:\/\/velarogverkfaeri.is\/en\/lykillausnir\/hurdabunadur-lykillausnir\/hurdahandfong-m-lykillaufum\/product\/frascio-hurdarhandfang-solaris-m-lykillaufum-matt-svart\/","title":{"rendered":"FRASCIO Hur\u00f0arhandfang SOLARIS m. lykillaufum matt svart"},"content":{"rendered":"<p><img decoding=\"async\" src=\"data:image\/png;base64,iVBORw0KGgoAAAANSUhEUgAAAUoAAADTCAYAAADnN1o6AAAAAXNSR0IArs4c6QAAAARnQU1BAACxjwv8YQUAAAAJcEhZcwAADsMAAA7DAcdvqGQAABsqSURBVHhe7d0JvFRzH8fxX7JLSET2LYmrLipEki1LJElUSkiWUilbFCJZQiKUrWxZWihrpYUkW0lZokWyZikplKf73M\/PGc\/lxXN0Zu7cOWe+79drXt177nTXme\/819+\/XFExExGRf7RW8K+IiPwDBaWISAgFpYhICAWliEgIBaWISAgFpYhICAWliEgIBaWISAgFpYhICO3MibElS5bYV199ZdWrV7f\/\/Oc\/Nnv2bPv666\/9Y7vssovtvPPOtmDBAnv11VetRo0aVrNmTStfvrx\/XCSTJk2aZCNGjPC3edx17NjR3nrrLbv\/\/vttww03tHbt2tlee+3lH4+j8lcVC96WmOC17YcffrA+ffrYl19+aQceeKD9+OOP1qtXL1u4cKF99tlntvnmm9uvv\/5qxx57rO2xxx42ePBgD9Rtttkm+CwimfPkk09a7dq1rVmzZlarVi1buXKlXXDBBXbDDTfYJptsYo899pgdc8wxwb3jR13vGPruu+\/spptu8kBMIRR55T755JOtbdu2dsghh9iHH35o9evXt3POOccOP\/xw+\/TTT4N7i2QWj7VvvvnGpk6daj\/\/\/LP99ttvdv7559tmm23mj03CMs4UlDFUuXJlu\/766z0AUyMn3377rX3xxRc2a9Ys69evnz377LP+Cv\/ee+9Zp06d7OWXX\/YWpUhp4DG56aab2vfff29XXHGFrbvuuta4cWMf+nnmmWdsgw02CO4ZTxqjjLEJEybY22+\/bd26dbNVq1b5KzmtykWLFtlll11mderUsblz5xqjKw8\/\/LCPZ\/bt2zf43yKZQ6uRcCRO2rRpY+3bt7dq1ap5gNLS5EV92LBh\/viMo0gtyilTpvgTU3LHO++8Y6+\/\/rq\/zfgQD1omdg4++GB\/pd977739ASvZM23aNP9bZBNjgqtXrw7ey47Fixd7EM6bN88+\/vhj++mnn2zp0qV2+eWX+\/AQH+fxuNZa2e3AEtrXXntt8F56In3no0aN8lcQKVvrr7++bbzxxv42Y0F0cXr37m39+\/e3U0891QfWx40b59dGjhxpLVq08PtKdjz33HP2yy+\/BO9lx5w5c\/4YjsmWLbbYwho2bGiPPPKIPfHEE3b22Wf7mHiDBg28J\/P0009b69at\/fGaTfwePvroo+C99ETqel988cXWs2dPq1ChQnBFygIvVrRYCEv+jIxT8mrOA3LLLbe0cuXK+bXly5f\/cU3Lg7KHVQgXXXSRVaxYMbhS+s4880wbNGhQ1v\/OTN4sW7bMvy6PRx57LFljNQYtSbIi298TLWsmNocOHRpciS6ttjC\/CJrYzKbyhMz2K1m+W2+99f5oUfLA5JV9p512sq233toflDxACceS16R0sBKBiQuWbZX1sBRfn0kVusLPP\/+8vfnmm36NMCutG3gsMgZJLnCNPODaRhtt5G\/\/9f9k8sbPN336dBszZoz\/3Pw9MjnsEalF2bVrV6tXr543a5lVfffdd72Zfdxxx2V9HEIkF4wdO9ZXGrBmlfFgFvez0P\/qq6\/+48UsG2hBHXnkkTZ69GhfqsM621atWvkaRl5Mk4xhpvvuu8+qVKlidevW9Vl3\/iaPP\/54cI\/oIgUl3Ynjjz\/eJk6c6N8IYdmhQwef7VJQSr4hgJ566im7+eabvfXeqFEjO+GEE\/y50aNHj6wG5RlnnGFXXnmlr3xgMumll17y8cJTTjkl0UFJjDEWyu2II46wAw44wLbffnv\/XTB2mjaCck117969aNmyZcF7RUULFy4sKm7uFq1evTq4IpJf5s+fX\/TJJ5\/86TnQs2fPoqVLlwbvZUe7du2KiruiwXu\/y5fnZXGX\/08\/K++3bt06eC89GWn+bbfddv5KmvSmvcg\/2XHHHX1\/fS4+B\/LleUlvtrR+1khBWRywwVsikkvWXnvt4C1BpiYwI41RTp482ccA1llnneCKiPzVa6+9Zvvtt58vts4Wluhkc0w017E8KRPLs7SFUUQkhKaoRURCKChFREIoKEVEQigoRURCxGoyh33l7OFkZo+qLEz9s7eUyjmVKlXyvc8i+YwCzdmuWJQu9oYXFBT4WtRclXNByR+ZQ7OogkOxDcpGff75577BnWl+ApF\/qYbDL5jKONyfYgTch9qLLPzdfffd\/W1K0LNcQgUhJOl4\/G+77ba+dC8uBXJZIP7+++\/7tkOON8lVORGUlEMiDKnWTZVuEGxVq1a1HXbYwQ\/KWrFihVdEYV0ULUr+D79kWpEEJ6FIiFJJhGKhVHIhbMH9+DyFhYVqdUpiUXaPHXIU4+AkxLig6j7P7RtvvDG4knvKPCg554V6cZypwYFYlAqjK00rkT841dQJUVqFvErSkmQBbyoo+fZphXKjVcnOhH322cerGVHBhVDlc3GWDBXAObGQ6irZXAQskg1xDkqeu1Rnz1VlEpSEHOe3UHWb41XPO+88L41EoLGbgaMt+fhuu+3m13m14VgDWpMEHC1IWoZ8HlqN3AhIQpb7gxJwBGyTJk38RouS\/0NFl1deecUrHdE9J3xLa3+oSDbFNSgJyOHDh9sLL7zgvcJclPWgJLxoJTIxw\/auXXfd1cORmpYcmM51rtHdZoskYUmgUTKJ8ca\/28vKj0DXnDNhOEyLozOZ9OGBM3\/+fH+1okZgjRo1bP\/99\/cwpaAprdA999zTa9eJxF2cg5IjI6jpudVWWwVXc0vWgpIvQ9eXGwdecULbG2+8YY8++qgHIAO6BCSDukzGcFA\/XfCorT1CkFYoLVYCmPNk+Jx8LUKXw5BoibJvnTDlSFftkZU4U1CWnqyso2SChaAaP368nXXWWd6K69Onj917773e9SUkqQQ9YMAA7yazVIAmeDpdYsYy6W4Tyl26dPGDnvi6BCfHVhx99NH2wQcfWPPmze3kk0\/2r88su4jIX5V6UFKKfsiQId5669ixo7fgOKWNUKILfOihh\/o5F3SJS7M6OpNFl156qfXr18\/HKulu33PPPXbLLbd4F59xUsrnMyzA2KeISEqpBiVdXwZpmX0+8cQTbfDgwX7ULZM2zDxfcskl1rRp06yVa6OFSpef0\/FoRbLAdebMmb4sge431xjj5IwNWsEiIii1oGQ9JEfa0sWtXr26H3DE4nFC8q677vJZZ9ZJlsWMM8HM4Wh0txkPZbKHczU4ra5ly5Y+YUTrUi1LEUGpBCUz26yN4vxvwqZz586+dIfJErq+HB2RC4eQcYwmYclBabQgH3zwQR9LpbVLeE6aNEnV3EUk80HJmkeW3nDqG2seBw4c6Iu+2VrVrVs3n3HONS1atPAWLrPsrOWi680pekz2cASmiOS3jAclIcnSBJYpEIzMMDNxQuuSQ\/hzEa1bJpWYZJo9e7bPwlNc4IwzzvCjeBnHFJH8lbGgpIvKjhe6rLVr1\/bxSVpotCAJnFzfY01Y1qlTx89mZkae5URM7NDaZO0nY6sikp8yFpRsGSQoW7dubU888YQHC4Ut2rdv74EZFyxTOv300z04GWelQhG7g9QFF8lfGQlKtg9OmDDBW47z5s2zadOmeQWf7t27+6LvuGnUqJEPHbCT57rrrvOtlvxczNqLSP7JSFAyhsdMNrtpWFzOhA5rJHO5EOf\/w+J0FqAzXsnMOFurOnToYHfccYdvjRSR\/JJ2UDI2OWPGDKtVq5bv16Rs2r777uvjlHFG6Pfo0cPHKdmtw7pQlhGxDVNLhkTyS9pBybgkY5CrVq3yrYgUnTjqqKOsQoUKwT3ii\/HKhg0bepd74sSJHv6LFy\/2ykQikj\/SCkoWk995553e0qKG5F577eWVximcmwTsGmrcuLEPIQwaNMhn7in\/puIZIvklraCkwAXVftjTTSuLupKUK0sSJnTY5sh2y\/vvv99fDKidKSL5I3JQsuVv+vTpvoOFSQ9aWdSSZFInSdhddNBBB\/mkzksvveTbMJmsYr2oiOSHyEFJMFJkk3qSLAeiMjnrD5OIoQSCkUrrTOzUr1\/fqyKJSH6IHJSsk2SNJHUmp06d6kdkMj6ZRCw+Z+\/6okWLfCkU3W+GGVSKTSQ\/RApKdqsQkCyhefHFF33dIbtXqCqeVAwr0IpmHSW7jjh\/hxqWIpJ8kYKSg9aZvNlyyy19tpuQpDpQLpROKy2MTbJWlNMhuRGcjNGKSPJFSja6nCzAZrkMe7xZRhOnw4yiok4lrUhOe6RSOoGpxeciyRfpFEYK87KtjwXY7F6hIjj1HHO9QlC6GKO8++67vTXJTDiz4IQnxT9ESqIxwQoQDsrLljifwkjR7AceeMAqV64cXM0MlvcxNJiuSEHJbhxalMx0U4KMQreccMgMeJLxq+Ln5igJlg0xBJGt834kPuhh0eug4cButUw8Uf+NOAclJx+w9TlTjS3+BqzvLiws9E0x6YoUlJwvQzBS3Jbq5QTnNddc4zPfIvmOJynLx2hAcCRzxYoVg4+UrjgHJZs5CDQmiDNlxIgRXnj76aefDq5EF2mMkqTmB6J6OS0s9nWzIJsHiG665fstJUIbJG\/RQ2PZHWuWM3Vj6CNTLdRIQcnia8KRJUI\/\/vijF8LIVvdCRCTbIgUlTXzG5iiKQViyflITGiISRRxa3hlZ+EhIluxyiEjZIHTi1uWnwZXr33OkoCQY2Z3DAnNak+xW4X0RKVt\/HSeNA3Ik17\/nSEHJLF5qmQxvM05Jd1xEZE3FIdgjBWWVKlV8QofFocx2E5TcWFeom266rfQF55r1LnuZCuFI6yjZkcK0O0Ui3n\/\/fXvqqafs0EMPta233jq4RzLxS2cXEmMqDDWkhiBESuJx8sEHH\/gW1xdeeCFrGzHivI6SHW8XXnhhRtecTpo0yRf+P\/\/888GV6CIFJUe3siOHP8btt9\/u58icdNJJiX8FZSfSQw895Gu06tWr5+XlOMqW8BQpiTOk2JTBmUvZ6lrGOShvueUWO\/jgg309ZSbwO+f5Si5xjHbaCMo1VdzNLho4cGDRt99+W1SnTp2iLl26FBW\/egYfTa7iV6iiBg0aFI0aNaro559\/Lip+kSgqbl0GHxUpW7\/88ktRca+uaO7cucGVeOjbt29RQUFBTmdI5Flvut6kP90K0jsfDtyaMGGCl5ZjjJZuFd2EbLUWRJKsOItyukcaKSiZ7WY3Dl1uDhej2vmCBQsS3fVmXJIixVR1Jyw5vpaulYgkX1pByV7vZs2aeeuKsGRcJqnefvtt\/5lpQROUjAOxN1VEki9SUCLV\/aTeGy2rN99805cIJRGtSSq5c7gYZ3xTFIR\/k3z0hYj8T+Sg5KzrTz75xLvbzFYxwzR+\/Pjgo8nC+CvrRhleYBkUXfCWLVsGHxWRpIsclHRBaVW+88473qLcY489bMCAAYnbocMLwbhx42yzzTbzc4Hofi9fvtyXYYhIfogclGjUqJEX3CQ0OHyLQ8YeffTRRE3qMGH18ccf26xZs6xr1642Y8YMPwJDRPJHWkG5+eabW926df00wqOPPtpbWizCTtJSoSlTpvgBapyNs9VWW\/m5ObvuumvwURHJB2kFJU4\/\/XSfAeYoV4KT9ZWjR49OxNY+gr9\/\/\/5WtWpVa9q0qU\/iMLTABJaI5I+0gxJ16tSxadOmWe\/eve2LL77wcyrYAx5nK1assF69eln16tWtZs2atsUWW9jDDz\/sww1aZC6SXzISlATJhx9+6MdBtG3b1kPmtttu8+rncURrmEIf1Nlkbejxxx\/vBxSxr1utSZH8k5GgZAF2tWrVbNiwYXbYYYf5hvxNN93UunfvHssu+OzZs+2tt97yGf2LLrrIlwaxuP6oo44K7iEi+SQjQQnWFxIm7777rrVp08Zni5n9ptpOnJYMffnllzZo0CAvz0TZJ5YEMaHDDiQqMYtI\/snoM79Tp06+1Y9g7NKli3fB2RP9zDPPBPfIbZSP69Gjh59VziJ69rE\/++yzPsvNhI6I5KeMBiVjlI0bN7aXX37Zt\/h17tzZrz\/yyCO+BTCXLVy40Pr06eNDBtxatWplY8aM8ZlvQlOtSZH8lfFnP9V1CgsLPRxpidFl3X777X0h+pAhQzx4cgnDA2xNpHgob7N\/\/dprr\/UhhLlz59pZZ53lRUBEJH+VSjOJ6t9sa2Q5DdXAjz32WNtuu+18KyDbHBm\/zAUMETCbffPNN\/tedZYCDR482GbOnOm7cc4\/\/\/zgniKSz0qtP8nkDoH55JNPelgyZsk2x\/nz53srjfMsynKrIy1bys9TjJfzTY444gg799xzfUyVcVZKyHNwmohIqQ68sb6yfv36duedd1qlSpXsmmuu8Z07lCvjrB3WWjJTThmzbOGYXZb9nHLKKd61JrgZm2zRooXvKGJPd8eOHX2cUkQEkQ4XW1N0Y0eNGmX77ruv3zgV7bXXXrPPP\/\/cT25kZ88BBxzg6y85ZqI00ILkQDR2EHGj8hHjqaeddpqPQXKyJLtvGCbQxI3EEUNJcT1cjGG6sWPHej2FXJSVoARFfalXyezymWeead99953Pjj\/++OMeWpw\/Q9ecyZ+99947Yycb8nWYvebBU6FCBZszZ44VFBT47DwVyidPnuwLzHmflq5OVJS4UlCWnqw1nQjCE0880Y455hhfekPRXwpqjBgxwv+4VOihJUf3\/PDDD\/dzftk3zhZCdvfQPf+nTOc6N+7HwfOsgyQA27dv77tp6GrzeZikueSSS3xWm5Ck+79kyRK79NJLffJJISkifydrLcqSUnupUzPN3NhXzQw03XS6wizZoVoPXXOKArNDhnFDjl\/g9MdUYQqCkVdS9pUzm86icVqNoIXI\/RkXZbKGknCMSfI1uA8FLghMFbmQJFCLsvSUSVCCL8sYJcU0CDfCkX3iVBKntUkXne2EqVBj0icVktyX1h+tTFqK3HiQML7JA4T1m4w\/ErIcWUHAcqYPVY0IXK7R\/db6SEmSOAflK6+84sNwubrSpMyCsqSVK1d6S49F6oQnWwdZXsROH1qf3JiM4WMsCKdIBS1QgpFxTSZh2GLIv4QfXXg+RgAPHz7c\/2WShlYlQVtaE0YiZSmuQdm3b1+fS7jpppuCK7knJ4KyJAKRVxeOXCDQWKhOc5zlRXSRucaNMORbp1VJ95t\/CU+KWRCodMOpasTyJI6oUDhK0hGUbB1mB1zJcoA0JtbkxFAaLgyL8VxkSItxfJbVcZ2GCENZzDmkjm\/mXxo1UTFXwOe+8cYbgyu5J+eCsiT+OEzoEHr84fhWU+HIvwQnt9RyHh4MVFlnFp1\/FY6ST+h5sR6Y4EpNTKYCjhUf\/wbPJxoe9LwIWEKRcOR9Pidfg8+Xmhtg4pR\/U8\/FNcX\/YXiNSVcmVXNVTgfl30mFZerbLhmUIvmOZXiEWUpqHH9N8JwiGFPhSIMjFYSp516qJ0docuNr8vEo+HyE8r8N87IQu6AUEck2NcVERELEqkXJzHhq4oblP4xJMnHDmssaNWr40iIRkUyLTVBSLT1Vvo2g5IREzg+\/9dZbfVabZUPMmjHrJyKSSbHpelPVh0rj3bp185qWrBdjjzaLVfv16+c7bFioLiKSabEJSir+EISUQqOoBrt2Tj31VN\/+yEwfS4hYcC4ikmmx6XovWrTI14exjKB\/\/\/6+D5ziFmyB5LREwrN58+ZaKiQiGRcpVTjzuuRarWygRBu7bsB6K8YpqSF5zz33eFechbbZDknCOvU9iUhyRUqWkSNH+iLTbGLL1JVXXull0ghISrZxDC5hRQX1rl27\/lE1KFsYCmAmXkSSLVLX+\/LLL\/fQSmd\/55ri22Tj\/Pfff++nOrJrgLHJVGCzK4AqQdmsCETxAb4e5dtEJLnS7quyl5RWFS270hzuJAgrV65s1apV8\/WTdLMJRgpfcEtVDiotrN+kTBvl3rI97CAiZStSi\/Liiy\/2KuQs2eH8aza1N2jQwI477rjETqZQSYVJI5YlsZaT4yr41VHbcv\/99w\/uJSJJFDkoOSSMpTocFEZ3uG3btta0adPEBiUL3lu3bu1vE5IcZ0srltBU11sk2dIeo6TrPXXqVF+2Q3gmNSj5OR977DFvObN9kooqGqMUyQ9ppxph2bBhQ6tdu3ZiQxL8nO3atfPK0apzKZJfkptsIiIZEiko99tvPx3tWowjKphxF5FkizRGKSKST9T1FhEJoaAUEQmhoBQRCaGgFBEJoaAUEQkRadabXSrUgxTzKkbZrFgkItkXKSg7d+6sgrXF+NWxv71Zs2aRD38XkdwXKShr1arlxzBw+mGE\/54YkyZN8rJrl112WaK3b4rku0hBWVhYaEOHDrWCgoLgSn6iehKl5qi6rqAUSS49u0VEQigoRURCKChFREIoKEVEQigoRURCKChFREIoKEVEQigoRURCKChFREIoKEVEQigoRURCKChFREIoKEVEQigoRURCKChFREIoKEVEQigoRURCKChFREIoKEVEQigoRURCKChFREIoKEVEQigoRURCKChFREIoKEVEQigoRURCKChFREIoKEVEQigoRURCKChFREIoKEVEQigoRURCKChFREIoKEVEQigoRURCKChFREKUKyoWvP2vFRYW2tChQ62goCC4kp9Gjx5tDzzwgNWvXz+4IlL8pCpXzpYtW2bNmze3atWqBVclzhSUaRgzZoz17dvXqlevHlwR+T0op0yZYk2aNLE+ffoEVyXOFJRpoEU5ffp069Gjh5UvXz64KmLWqVMnq1Klij82JP40RilSCmh\/RGiDSI5SUIqIhFBQioiEiDRGueeee1qrVq1sm222Ca7EEz86A+9RzZgxwzbaaCO76qqrNEYpf9KxY0cfo7ziiiuCKxJnkYJywIABtmTJEg+HWbNm2eTJk61ixYrBR+Mh9WOnE5QrV660Nm3a+ID9WmupcS7\/o6BMlkhBWdJdd91l8+bNs969e9vq1auDq\/lj3XXXtbXXXjt4T+R3CspkSTsoBw4caAsXLvT1hCLyOwVlsqi\/KCISQkEpIhJCQSkiEkJBKSISQkEpIhJCQSkiEkJBKSISQkEpIhJCQSkiEkJBKSISQkEpIhJCQSkiEkJBKSISQkEpIhJCQSkiEkJBKSISQkEpIhJCQSkiEiIjR0FMmTLFzj77bB34LlKMA+v69+9vhYWF1rNnz+CqxFnaQTl+\/HgbNmyYVapUKa0TDUWSZPHixdayZUtr2LBhcEXiLO2g\/O2332zVqlUKSZESeFqtt956OsY4IdIOShGRpNPLnYhICAWliEgIBaWISAgFpYhICAWliEgIBaWISAgFpYhICAWliEgIBaWISAgFpYhICAWliEgIBaWISAgFpYhICAWliEgIBaWISAgFpYhICAWliMj\/ZfZf7FKmXJUdMv4AAAAASUVORK5CYII=\" alt=\"\"><\/p>","protected":false},"excerpt":{"rendered":"","protected":false},"featured_media":79870,"comment_status":"closed","ping_status":"closed","template":"","meta":[],"product_brand":[],"product_cat":[597,918,517],"product_tag":[],"class_list":{"0":"post-71380","1":"product","2":"type-product","3":"status-publish","4":"has-post-thumbnail","6":"product_cat-hurdabunadur-lykillausnir","7":"product_cat-hurdahandfong-m-lykillaufum","8":"product_cat-lykillausnir","10":"first","11":"instock","12":"taxable","13":"shipping-taxable","14":"purchasable","15":"product-type-simple"},"yoast_head":"<!-- This site is optimized with the Yoast SEO plugin v27.3 - https:\/\/yoast.com\/product\/yoast-seo-wordpress\/ -->\n<title>FRASCIO Hur\u00f0arhandfang SOLARIS m. lykillaufum matt svart - V\u00e9lar &amp; Verkf\u00e6ri<\/title>\n<meta name=\"robots\" content=\"index, follow, max-snippet:-1, max-image-preview:large, max-video-preview:-1\" \/>\n<link rel=\"canonical\" href=\"https:\/\/velarogverkfaeri.is\/en\/lykillausnir\/adgangskerfi\/product\/frascio-hurdarhandfang-solaris-m-lykillaufum-matt-svart\/\" \/>\n<meta property=\"og:locale\" content=\"en_US\" \/>\n<meta property=\"og:type\" content=\"article\" \/>\n<meta property=\"og:title\" content=\"FRASCIO Hur\u00f0arhandfang SOLARIS m. lykillaufum matt svart - V\u00e9lar &amp; Verkf\u00e6ri\" \/>\n<meta property=\"og:url\" content=\"https:\/\/velarogverkfaeri.is\/en\/lykillausnir\/adgangskerfi\/product\/frascio-hurdarhandfang-solaris-m-lykillaufum-matt-svart\/\" \/>\n<meta property=\"og:site_name\" content=\"V\u00e9lar &amp; Verkf\u00e6ri\" \/>\n<meta property=\"article:publisher\" content=\"https:\/\/www.facebook.com\/VelarOgVerkfaeri\" \/>\n<meta property=\"article:modified_time\" content=\"2026-02-09T14:30:36+00:00\" \/>\n<meta name=\"twitter:card\" content=\"summary_large_image\" \/>\n<script type=\"application\/ld+json\" class=\"yoast-schema-graph\">{\"@context\":\"https:\\\/\\\/schema.org\",\"@graph\":[{\"@type\":\"WebPage\",\"@id\":\"https:\\\/\\\/velarogverkfaeri.is\\\/lykillausnir\\\/adgangskerfi\\\/product\\\/frascio-hurdarhandfang-solaris-m-lykillaufum-matt-svart\\\/\",\"url\":\"https:\\\/\\\/velarogverkfaeri.is\\\/lykillausnir\\\/adgangskerfi\\\/product\\\/frascio-hurdarhandfang-solaris-m-lykillaufum-matt-svart\\\/\",\"name\":\"FRASCIO Hur\u00f0arhandfang SOLARIS m. lykillaufum matt svart - V\u00e9lar &amp; Verkf\u00e6ri\",\"isPartOf\":{\"@id\":\"https:\\\/\\\/velarogverkfaeri.is\\\/en\\\/#website\"},\"primaryImageOfPage\":{\"@id\":\"https:\\\/\\\/velarogverkfaeri.is\\\/lykillausnir\\\/adgangskerfi\\\/product\\\/frascio-hurdarhandfang-solaris-m-lykillaufum-matt-svart\\\/#primaryimage\"},\"image\":{\"@id\":\"https:\\\/\\\/velarogverkfaeri.is\\\/lykillausnir\\\/adgangskerfi\\\/product\\\/frascio-hurdarhandfang-solaris-m-lykillaufum-matt-svart\\\/#primaryimage\"},\"thumbnailUrl\":\"https:\\\/\\\/velarogverkfaeri.is\\\/wp-content\\\/uploads\\\/2026\\\/02\\\/ed803d9a-ee2a-4484-99bc-b848a11fc6d8.jpg\",\"datePublished\":\"2025-04-10T09:56:07+00:00\",\"dateModified\":\"2026-02-09T14:30:36+00:00\",\"breadcrumb\":{\"@id\":\"https:\\\/\\\/velarogverkfaeri.is\\\/lykillausnir\\\/adgangskerfi\\\/product\\\/frascio-hurdarhandfang-solaris-m-lykillaufum-matt-svart\\\/#breadcrumb\"},\"inLanguage\":\"en-US\",\"potentialAction\":[{\"@type\":\"ReadAction\",\"target\":[\"https:\\\/\\\/velarogverkfaeri.is\\\/lykillausnir\\\/adgangskerfi\\\/product\\\/frascio-hurdarhandfang-solaris-m-lykillaufum-matt-svart\\\/\"]}]},{\"@type\":\"ImageObject\",\"inLanguage\":\"en-US\",\"@id\":\"https:\\\/\\\/velarogverkfaeri.is\\\/lykillausnir\\\/adgangskerfi\\\/product\\\/frascio-hurdarhandfang-solaris-m-lykillaufum-matt-svart\\\/#primaryimage\",\"url\":\"https:\\\/\\\/velarogverkfaeri.is\\\/wp-content\\\/uploads\\\/2026\\\/02\\\/ed803d9a-ee2a-4484-99bc-b848a11fc6d8.jpg\",\"contentUrl\":\"https:\\\/\\\/velarogverkfaeri.is\\\/wp-content\\\/uploads\\\/2026\\\/02\\\/ed803d9a-ee2a-4484-99bc-b848a11fc6d8.jpg\",\"width\":2500,\"height\":999},{\"@type\":\"BreadcrumbList\",\"@id\":\"https:\\\/\\\/velarogverkfaeri.is\\\/lykillausnir\\\/adgangskerfi\\\/product\\\/frascio-hurdarhandfang-solaris-m-lykillaufum-matt-svart\\\/#breadcrumb\",\"itemListElement\":[{\"@type\":\"ListItem\",\"position\":1,\"name\":\"Home\",\"item\":\"https:\\\/\\\/velarogverkfaeri.is\\\/\"},{\"@type\":\"ListItem\",\"position\":2,\"name\":\"Vefverslun\",\"item\":\"https:\\\/\\\/velarogverkfaeri.is\\\/vefverslun\\\/\"},{\"@type\":\"ListItem\",\"position\":3,\"name\":\"FRASCIO Hur\u00f0arhandfang SOLARIS m. lykillaufum matt svart\"}]},{\"@type\":\"WebSite\",\"@id\":\"https:\\\/\\\/velarogverkfaeri.is\\\/en\\\/#website\",\"url\":\"https:\\\/\\\/velarogverkfaeri.is\\\/en\\\/\",\"name\":\"V\u00e9lar & Verkf\u00e6ri\",\"description\":\"Umbo\u00f0s- og heildverslun fr\u00e1 \u00e1rinu 1919\",\"publisher\":{\"@id\":\"https:\\\/\\\/velarogverkfaeri.is\\\/en\\\/#organization\"},\"potentialAction\":[{\"@type\":\"SearchAction\",\"target\":{\"@type\":\"EntryPoint\",\"urlTemplate\":\"https:\\\/\\\/velarogverkfaeri.is\\\/en\\\/?s={search_term_string}\"},\"query-input\":{\"@type\":\"PropertyValueSpecification\",\"valueRequired\":true,\"valueName\":\"search_term_string\"}}],\"inLanguage\":\"en-US\"},{\"@type\":\"Organization\",\"@id\":\"https:\\\/\\\/velarogverkfaeri.is\\\/en\\\/#organization\",\"name\":\"V\u00e9lar & Verkf\u00e6ri\",\"url\":\"https:\\\/\\\/velarogverkfaeri.is\\\/en\\\/\",\"logo\":{\"@type\":\"ImageObject\",\"inLanguage\":\"en-US\",\"@id\":\"https:\\\/\\\/velarogverkfaeri.is\\\/en\\\/#\\\/schema\\\/logo\\\/image\\\/\",\"url\":\"https:\\\/\\\/velarogverkfaeri.is\\\/wp-content\\\/uploads\\\/2021\\\/10\\\/vv_logo_350x100.png\",\"contentUrl\":\"https:\\\/\\\/velarogverkfaeri.is\\\/wp-content\\\/uploads\\\/2021\\\/10\\\/vv_logo_350x100.png\",\"width\":350,\"height\":100,\"caption\":\"V\u00e9lar & Verkf\u00e6ri\"},\"image\":{\"@id\":\"https:\\\/\\\/velarogverkfaeri.is\\\/en\\\/#\\\/schema\\\/logo\\\/image\\\/\"},\"sameAs\":[\"https:\\\/\\\/www.facebook.com\\\/VelarOgVerkfaeri\"]}]}<\/script>\n<!-- \/ Yoast SEO plugin. -->","yoast_head_json":{"title":"FRASCIO Hur\u00f0arhandfang SOLARIS m. lykillaufum matt svart - V\u00e9lar &amp; Verkf\u00e6ri","robots":{"index":"index","follow":"follow","max-snippet":"max-snippet:-1","max-image-preview":"max-image-preview:large","max-video-preview":"max-video-preview:-1"},"canonical":"https:\/\/velarogverkfaeri.is\/en\/lykillausnir\/adgangskerfi\/product\/frascio-hurdarhandfang-solaris-m-lykillaufum-matt-svart\/","og_locale":"en_US","og_type":"article","og_title":"FRASCIO Hur\u00f0arhandfang SOLARIS m. lykillaufum matt svart - V\u00e9lar &amp; Verkf\u00e6ri","og_url":"https:\/\/velarogverkfaeri.is\/en\/lykillausnir\/adgangskerfi\/product\/frascio-hurdarhandfang-solaris-m-lykillaufum-matt-svart\/","og_site_name":"V\u00e9lar &amp; Verkf\u00e6ri","article_publisher":"https:\/\/www.facebook.com\/VelarOgVerkfaeri","article_modified_time":"2026-02-09T14:30:36+00:00","twitter_card":"summary_large_image","schema":{"@context":"https:\/\/schema.org","@graph":[{"@type":"WebPage","@id":"https:\/\/velarogverkfaeri.is\/lykillausnir\/adgangskerfi\/product\/frascio-hurdarhandfang-solaris-m-lykillaufum-matt-svart\/","url":"https:\/\/velarogverkfaeri.is\/lykillausnir\/adgangskerfi\/product\/frascio-hurdarhandfang-solaris-m-lykillaufum-matt-svart\/","name":"FRASCIO Hur\u00f0arhandfang SOLARIS m. lykillaufum matt svart - V\u00e9lar &amp; Verkf\u00e6ri","isPartOf":{"@id":"https:\/\/velarogverkfaeri.is\/en\/#website"},"primaryImageOfPage":{"@id":"https:\/\/velarogverkfaeri.is\/lykillausnir\/adgangskerfi\/product\/frascio-hurdarhandfang-solaris-m-lykillaufum-matt-svart\/#primaryimage"},"image":{"@id":"https:\/\/velarogverkfaeri.is\/lykillausnir\/adgangskerfi\/product\/frascio-hurdarhandfang-solaris-m-lykillaufum-matt-svart\/#primaryimage"},"thumbnailUrl":"https:\/\/velarogverkfaeri.is\/wp-content\/uploads\/2026\/02\/ed803d9a-ee2a-4484-99bc-b848a11fc6d8.jpg","datePublished":"2025-04-10T09:56:07+00:00","dateModified":"2026-02-09T14:30:36+00:00","breadcrumb":{"@id":"https:\/\/velarogverkfaeri.is\/lykillausnir\/adgangskerfi\/product\/frascio-hurdarhandfang-solaris-m-lykillaufum-matt-svart\/#breadcrumb"},"inLanguage":"en-US","potentialAction":[{"@type":"ReadAction","target":["https:\/\/velarogverkfaeri.is\/lykillausnir\/adgangskerfi\/product\/frascio-hurdarhandfang-solaris-m-lykillaufum-matt-svart\/"]}]},{"@type":"ImageObject","inLanguage":"en-US","@id":"https:\/\/velarogverkfaeri.is\/lykillausnir\/adgangskerfi\/product\/frascio-hurdarhandfang-solaris-m-lykillaufum-matt-svart\/#primaryimage","url":"https:\/\/velarogverkfaeri.is\/wp-content\/uploads\/2026\/02\/ed803d9a-ee2a-4484-99bc-b848a11fc6d8.jpg","contentUrl":"https:\/\/velarogverkfaeri.is\/wp-content\/uploads\/2026\/02\/ed803d9a-ee2a-4484-99bc-b848a11fc6d8.jpg","width":2500,"height":999},{"@type":"BreadcrumbList","@id":"https:\/\/velarogverkfaeri.is\/lykillausnir\/adgangskerfi\/product\/frascio-hurdarhandfang-solaris-m-lykillaufum-matt-svart\/#breadcrumb","itemListElement":[{"@type":"ListItem","position":1,"name":"Home","item":"https:\/\/velarogverkfaeri.is\/"},{"@type":"ListItem","position":2,"name":"Vefverslun","item":"https:\/\/velarogverkfaeri.is\/vefverslun\/"},{"@type":"ListItem","position":3,"name":"FRASCIO Hur\u00f0arhandfang SOLARIS m. lykillaufum matt svart"}]},{"@type":"WebSite","@id":"https:\/\/velarogverkfaeri.is\/en\/#website","url":"https:\/\/velarogverkfaeri.is\/en\/","name":"V\u00e9lar & Verkf\u00e6ri","description":"Umbo\u00f0s- og heildverslun fr\u00e1 \u00e1rinu 1919","publisher":{"@id":"https:\/\/velarogverkfaeri.is\/en\/#organization"},"potentialAction":[{"@type":"SearchAction","target":{"@type":"EntryPoint","urlTemplate":"https:\/\/velarogverkfaeri.is\/en\/?s={search_term_string}"},"query-input":{"@type":"PropertyValueSpecification","valueRequired":true,"valueName":"search_term_string"}}],"inLanguage":"en-US"},{"@type":"Organization","@id":"https:\/\/velarogverkfaeri.is\/en\/#organization","name":"V\u00e9lar & Verkf\u00e6ri","url":"https:\/\/velarogverkfaeri.is\/en\/","logo":{"@type":"ImageObject","inLanguage":"en-US","@id":"https:\/\/velarogverkfaeri.is\/en\/#\/schema\/logo\/image\/","url":"https:\/\/velarogverkfaeri.is\/wp-content\/uploads\/2021\/10\/vv_logo_350x100.png","contentUrl":"https:\/\/velarogverkfaeri.is\/wp-content\/uploads\/2021\/10\/vv_logo_350x100.png","width":350,"height":100,"caption":"V\u00e9lar & Verkf\u00e6ri"},"image":{"@id":"https:\/\/velarogverkfaeri.is\/en\/#\/schema\/logo\/image\/"},"sameAs":["https:\/\/www.facebook.com\/VelarOgVerkfaeri"]}]}},"_links":{"self":[{"href":"https:\/\/velarogverkfaeri.is\/en\/wp-json\/wp\/v2\/product\/71380","targetHints":{"allow":["GET"]}}],"collection":[{"href":"https:\/\/velarogverkfaeri.is\/en\/wp-json\/wp\/v2\/product"}],"about":[{"href":"https:\/\/velarogverkfaeri.is\/en\/wp-json\/wp\/v2\/types\/product"}],"replies":[{"embeddable":true,"href":"https:\/\/velarogverkfaeri.is\/en\/wp-json\/wp\/v2\/comments?post=71380"}],"wp:featuredmedia":[{"embeddable":true,"href":"https:\/\/velarogverkfaeri.is\/en\/wp-json\/wp\/v2\/media\/79870"}],"wp:attachment":[{"href":"https:\/\/velarogverkfaeri.is\/en\/wp-json\/wp\/v2\/media?parent=71380"}],"wp:term":[{"taxonomy":"product_brand","embeddable":true,"href":"https:\/\/velarogverkfaeri.is\/en\/wp-json\/wp\/v2\/product_brand?post=71380"},{"taxonomy":"product_cat","embeddable":true,"href":"https:\/\/velarogverkfaeri.is\/en\/wp-json\/wp\/v2\/product_cat?post=71380"},{"taxonomy":"product_tag","embeddable":true,"href":"https:\/\/velarogverkfaeri.is\/en\/wp-json\/wp\/v2\/product_tag?post=71380"}],"curies":[{"name":"wp","href":"https:\/\/api.w.org\/{rel}","templated":true}]}}