{"id":71379,"date":"2025-04-10T09:56:07","date_gmt":"2025-04-10T09:56:07","guid":{"rendered":"https:\/\/velarogverkfaeri.is\/?post_type=product&#038;p=71379"},"modified":"2026-02-09T14:16:28","modified_gmt":"2026-02-09T14:16:28","slug":"frascio-hurdarhandfang-ice-med-klosettsnerilsetti-matt-svart-f-thyskar","status":"publish","type":"product","link":"https:\/\/velarogverkfaeri.is\/en\/lykillausnir\/hurdabunadur-lykillausnir\/hurdarhandfong-med-wc-snerli\/product\/frascio-hurdarhandfang-ice-med-klosettsnerilsetti-matt-svart-f-thyskar\/","title":{"rendered":"FRASCIO Hur\u00f0arhandfang ICE me\u00f0 kl\u00f3settsnerilsetti matt svart f. \u00de\u00fdskar"},"content":{"rendered":"<p><img decoding=\"async\" src=\"data:image\/png;base64,iVBORw0KGgoAAAANSUhEUgAAAPkAAAB5CAYAAAD7\/4dIAAAAAXNSR0IArs4c6QAAAARnQU1BAACxjwv8YQUAAAAJcEhZcwAADsMAAA7DAcdvqGQAAA\/VSURBVHhe7d0LVFV1vgfwr7x8gAgqCEKIImr5foCvSi3ztkidMS0T34w9fC0HH3PHbqlpy7xZS6lMm2uTd5S8OWbaOICVmomTkg80QMEBwQeCCAiIvPnf\/fvzx3RpLffxHM45m99nrbNy\/\/bBZez93f\/\/\/u\/\/3ruJ0IAxZlgO6r+MMYPikDNmcBxyxgyOQ86YwXHIGTM4DjljBschZ8zgOOSMGRyHnDGD45D\/iqKiInz22Wfw8\/PDrl27VPVu1dXV2L59O3x9fTFnzhxVBW7evImwsDC4uLigVatWtz9du3ZFZWWl+hazphkzZsDJyQnu7u63t09wcDB+\/PFHue379u17z\/Z77LHH1E\/bF57Weh8bNmzAuXPnEBMTg4yMDHz55Zd4\/vnn1dpfpKSk4LXXXsPRo0cxa9YsfPzxx7KelpaGadOmoUWLFhg3bpysEVqmncvR0VFVmLV0794dTZo0kdutfnvQ9nn22Wdx\/fp1TJgwAZ07d5YH63qurq6IiIhQS3aEQs7uNnToUPkJDAykA6DQQq7W\/KKmpkbMnDlTDB48WDz66KNi9uzZao0Q3333nQgKChKbN2+W3yspKVFrmC3Iy8sTzZs3F1rvS1RVVYnS0lJRW1ur1gqxc+dO0a5dO6H14G6vt2fcXb+PHTt2yM\/UqVNV5V6bNm2SXbv58+fD29tbVetkZ2ejoKAASUlJCAkJkZ\/w8HDZO2DWRz0wOtXKysrCU089Jbvmo0ePxrFjx+T6zMxMecp18uRJue0GDBggW3DarvaIQ34f7du3lx86X7sf2vhLly6F1nrLnYC6ffW0lhsXL16UO8nhw4fx3HPPye\/ExcXJoJeXl6tvMmuh0ytCp2JaTwxPPPEEfvjhB0ycOBGnTp2SdRo72b9\/P8aMGSO79lrrjvHjx8vta3dUi87uY+3atfd017WjudDO28TYsWOFtiOI8+fPi+HDh9\/urldUVIhvvvlGrF+\/XhQVFd2urV69Wri5uckuILOu2NhY8d5778ltV2\/r1q2iadOmYtGiRWL37t0iKipKaK29XFdWViYWLlwoXFxcxL59+2TNnnBLrtP333+PxMRE+Pj44P3338cnn3wiW25qAbQdB9oOIbt\/1NVv2bKl\/Bkape3Vqxc8PDyQmpoqa8x6+vTpg0mTJsmBtXo0sKqdf0M7X5etO22\/+gG5Zs2ayS47DcxpBwZZsycccp3oUgp1v2kEXTuqyy45nX9T0L\/99lvk5ubigw8+wBtvvCG77PVoxJa66h06dFAVZi1ar0qOql+9elVV6rrudElNa\/iwZs0arFy5Uq2pk5OTIw8CAQEBqmJH6hp0dj\/3665rQRWFhYUiPz9ffo4fPy4ef\/xxERERIbSwy5HYZcuWCVdXV9n1S0lJkd3DIUOGiI4dO4ri4mL1NzFrWbVqldBaaaG15nL7ab0zMWjQIDmiHhcXJ1599VWhtdpi+fLlcvvR9td6YiI4OFhuf3vDIf8NdF6mdbnFnj17VOVe6enpIiwsTERGRqpK3Xm71lIIb29vobX8Quumi549e4oDBw7cdamGPRga+6BLWeZC59oLFiwQXl5et7ePn5+f2L59u1yflZUlJkyYINq0aSPXe3p6iv79+wvtNE2uNxfaF2i8pv7c31J0T4a5cOECAgMD7xpRNiq65EXn31pLDX9\/f1W9G3XJExIS5Eg8nbfVo0s0Z8+exaVLl9C0aVP06NFDXmoz8u9N66XI0WctFKpiHnSp0s3NTf4OzfX70wImu+h0ju3s7AztIAytJVdr67bfmTNnZDedJsHQ+tatW6u15kHjN7Tv0CkcZcpSdId83bp1mDdvnvzFMHYnGny8desWhg4dqirmQWMddBANDQ011EFSO7XDwYMH0aVLF\/mxFN0Db\/XXeemITf9I1rjduR\/Qny19HZkGNpOTk9WSfaLr9HcOylqayaPrNJ979+7daok1VjTiTDfw0Dx\/Swf8xIkTmDx5coMGxBJoph3NsGuoy3G6u+uRkZHyaEozuOjmDJoNxBq3I0eOyIM+ze6jG3OGDx+u1pgHdde\/+OILeccfzT2gmYa\/NhvRHtC41saNG+Hl5SVvhJk7d668Q9FSdIecrv\/SINTevXvlHTojRoxQa1hjRK03teLHjx\/HwIED5RyCJ598Uq01Dwo5td40EBYfH4\/XX39dDoTZK2og6d4HmoBDQaffmyXPyXWH\/J133sHixYvlyCSNDtLsIdZ40RxvOkdu06aN7OHRPmGJkFPLTQcQOp+lP9NIu72iOfEU7qCgINsceKtH\/yh7Ppoy86CrLDRll2aCWXrkm\/7+QYMGWbRr2xDo6gP9zhqK7pDTtE76ZdOHH37A7twPaI4+zQmwJAcHB7u\/fEtz4RuS7u46Yw2NJtnQgYQmpRgJTcgpKSmRB0ZLBp9DzpjB8V1ojBkch5wxg+OQM2ZwHHLGDI5DzpjBccgZMzgOOWMGxyFnzOA45IwZ3EPNeLtRXIqE02lISs3EjRLbe0qMk6MjAv29Edq7Kzp38IWTE8+1t0dXcvNx5KcUlJY92Ntnhg3siU4BPmqJmRzyc+mXserD\/8OxU+dQVFIGLw8PtcZ23CovR1lVOTo94oPp40dixoSn0aypi1rL7MX2rw9h+bpoFBY\/2BNh\/vTqeCx5ZbxaYiaF\/Fr+DTw9+b+QX1CCOZNH4w8vPQM3t4a9s+ZB0P9aYlIm3or6HMdOn8WyBeFyB2D25ZPPY7H03S1I3f8XODs7qeq9snMK8eRLSxDxwjN4d6kdvmLYUijkepSVV4iRU14XHYbMFLtij4qaGtt\/jnh2boEIn79WNO82Thz412lVZfZiU3SM8Oz9oqio\/O1nr1+6UiDa9psklqz+VFUY0T3wFvv9CRxOSNG6vqPwu1GhcHCw\/Ufk+np7YkXkZHT098GKqGhoO4taw5jx6Q75\/iOJcHZyxCvh\/2EXAa8X3NEXYcNDkJx2EelZv7wDizGj0x3ytMxsBPj4oH07874loyH07BYI7fRCjikw1ljoDjm9Psa1RXO1ZF\/okhqpreXnZLDGgyfDMGZwHHLGDI5DzpjBccgZM7gGDznNr6uuqUV1dU2Df+gRuIT+S4Nv\/DH\/R5h+KwSzEN3TWp8KX4qbJdVI+MdaVdEnMfkCdv7zCMoqK1Wl4aT++zIOJpyWc9iDA\/1UlZmTv29bjBs1GI6O5ms\/6qe15vwUDZffmNZ6ObsQfcfMxbPD+mPu1OdU1Xa1dGuBR4P85QsjLKnBQx751v9gy67vEBTgi+bN+GYRI8m6kof8G8W49K8taO3RUlUfnt6QV1ZUwcPdTVVtU0VVFbppAf\/H5uVa2C17SbrBQz5\/2SZ5e+ryP4bL20CZcaz79Gts270fFw7\/FT5e5psspTfkj3XqgCWvPa+qtinqr1\/jcu41HN6xFm1bW\/g1zBRyPUZM+rMIGb1YLek3782NYvjEpSI1\/YqqMKP485q\/iWZdfy+uXitQFfPQe4PKS3PWqortmrEwSnR7+hWRl1+kKpbDo+uMGRyHnDGD45AzZnAccsYMjkPOmMFxyBkzOA45YwbHIWfM4DjkjBkch5wxg+OQM2ZwHHLGDI5DzpjBccgZMzgOOWMGxyFnzOA45IwZnFUe\/3QyOQNr\/hSBTgHtVJUZwZqPd2Lz32Os\/vinkYP6YfuGxapqm2Yu+gBHTyc3yOOfrBLyT\/\/+DTxausLJqe7dZMwYim\/ekq+Fzor\/DN5tPVT14ekNOWqbIOgRH1W1TRlXctDG082YIY9POIdN22Jx81aZqjScKzn5SPp3BsJGhOAR37aqysypcwdfzJs+Ri2Zh96Q06u1\/X3aqKrt6tE1EBvfnoumLs6qYiEUcj0e9kGO1hT91SHh0etFsf9Ioqowe6D3QY5LVn+qKozwwBtjBschZ8zgOOSMGRyHnDGD45AzZnC6Q06XMEpLb6kl+1JTU\/fqYsYaE90h7\/iID7JycpF3vVhV7Edy2kX5Sl1zTtRgzNbpDvmwgT1RVV2Nz\/ccUhX7QAelL\/fFy\/dnd+vkr6qMGZ\/ukI8dGYr+PTsj6n\/3YH\/8GZRXVKk1tqlWCFy7XoRl66JRWFSCFQsm83Ra1qjontZKktKyMPuNDSgsLMWMCSMxpH83eLYy30vnzaW6pgbpWTnYGROP+BPJmDpuBN6KnAIHhybqG8we6J3WOlPbJ99dGqGqzKSQk1PJGdi47Z\/Y98NJuLu20ELuptbYDgr51WuFaNvGHX948RmE\/2443N1aqLXMXtSHPHLmeDmm8muKi8uwIXoPZk8J45DfweSQ04\/dKC5FxsUc\/HQmDdcLbW8gzsHBAb26dUSPLgHw9W5t+RsBmEXs2HsYf1z1F5TcpJuafr0XRvtkeWUl\/vs\/Z2LRy+NUlZkccsaYfdA98MYYsy8ccsYMjkPOmMFxyBkzOA45YwbHIWfM4DjkjBkch5wxg7PaZJjz589j3759KCu7+9HMI0eORN++fdUS8PPPPyMuLg4zZsyAl5eXqjLGHpTVQr5+\/Xq8+eabcHNzQ5Mmv0xVXL16NaZNm4bCwkLk5uZi\/vz5OHDgABITE9G7d2\/1LcbYg7JKyGtra7F48WJs2bIFBw8eRLNmzdQayNa6qqoKEREROH36NLKzs+WcZA45Y6axyjl5cXExMjMz0b17dzg6OiI1NRU5OTnw8fFB69at4ezsjD59+mD69Olo3769+inGmCms0pKfPXsWs2bNwuXLl2V3vaioCC4uLggJCcFHH32Etm3boqKiQn532LBhSEhI4JacMRNZpSW\/cuWKbLk7deqEr776CqdOncLEiRMRExODVatWyXN06sLTh24XZYyZzioteXl5uRxYa9WqFVq0qHuIw7Vr1\/DCCy\/gwoULuHjxoqyRwYMH4+jRo9ySM2YiqzSTeXl5clCNBtjqeXp6wtXVFQUFBarCGDMHq4ScuueLFi1CdHS0qgApKSlyJH3o0KGqwhgzB6uEvFevXggICMCKFSswadIkLFy4EC+\/\/LJs4enaOWPMfHSHPD4+HjU1NWrJNIGBgfIa+ZQpU3DmzBls3bpVXh\/fsWMHhgwZor5Vx8nJSY68m2sAbtu2bepPjDUOugfe6sNJ4bNHCxYsQFRUlFpizPhMbh7p2nZ6erpasm00PZYu29FMO8YaG5NCnpaWJs+naYTcHtDlunXr1mHv3r2qwljjYVJ3\/cMPP0RGRgZGjRolz69tXWlpKWJjY+Udb8HBwTh0yL7e48bYwzAp5GPHjsXbb7+Nfv36yfNzW5eUlCQPTDSCT4N8fE7OGhOTuuvu7u5YuXIlQkNDVcW20UQb+vcOGDBAVRhrPEweeKMbS7p06aKWbJufnx\/atWunlhhrXHSHnGak2fNNIzT5hrHGRPc5OX39zie52Bu6jMZ3trHGxCp3oTHGGg43aYwZGvD\/Hivkig+zKjMAAAAASUVORK5CYII=\" alt=\"\"><img decoding=\"async\" src=\"data:image\/png;base64,iVBORw0KGgoAAAANSUhEUgAAAD8AAABFCAYAAAD95j54AAAAAXNSR0IArs4c6QAAAARnQU1BAACxjwv8YQUAAAAJcEhZcwAADsMAAA7DAcdvqGQAAAWfSURBVHhe7ZoJUFR1HMe\/sBeHiAcIAiEgICiILIdiTYkydniCmR2YjaM5Zs3gqDN0jFNT1uBkNZWjM6jppGWTkebEUHjmZDCgFCqhcoSguBhyLseyu\/\/+\/78PB2FZttw3Lb73Yd68x+\/P8vb7\/sf7HX8nQoFEcRbOkkQWL1Vk8VJFFi9VZPFSRRYvVWz27fUdXai\/1YTLVXVo13cJVsfC2dkJ4cH+CPTzxsgRblAorPetTeKvVF\/HzgO5OJJfCCcnwFWjpmd64WCYzGa0tndAOyUU616cj9lJU6FUKoTWgQwpvuraTax54zNU0vOKJXMwPXYSPNzdhFbHwmQyobyyDl8dOYWmlnZ8vHk1fQAxQqsFmPjBMBpNZHXmp0QTvpgczv+N0KEvtDguPT1Gcu5CBZm5ZCOJnfea1e9sdVKUV9XiTNElpC9OxoLZiXBz1Qgtjgsb5rFTQrBq2VxU1NQj91Sx0DIQq+KvVt\/gcyg9NZkuJsPnxcDWo2Q63zVqFX4vqxSsA7GqqF3fCTr0ERQwTrAMH9goZUuywWC8Y7DA8OlOEZDFSxVZvFSRxUsVUcR3dRvw+b6jGJ+4HNQ15oc6fBEUExfwQxm6kP\/e91CFLbzbzq57Pzd62rNY+9Z27nPYG6Vwthsmkxm7Dv6ELdu\/QUJMOCJCAmCktoKScpy\/WIEwGnJOCvHH2FEj70Zc1M1Ga1sHDZ7qcfFKDbzHeOKp5Hi4uWh4GJ2TdxbNrXrs2ZoBVxc1\/4xduOPiW+bLnONkXNzzpLr2pmAZmobGZpK65j2Skv4madN3cltx6VUyfdF68syrH5Ci0is8YOqP2Wym99GRzKy9xDN6KdnzbT63dRsMZP272cQ3IZ2UXKoU\/npodH83EW\/tc2TT+7sFy0DsPuxZLNDSpkeSNgIj3FzQ2WXA0eOFMIPgnYx0xEeHWUwyMH+cudGZa5ci5ZFp2PfdMdQ33IZapUJiTBiN1U38\/9oTu4unncXPKmFI325pQ0lZFeYlJyD4IR9us4anhxs2rEpFTV0DSi\/\/xW0sQyMGoq\/2LP2lu9WMsCA\/2ou2LTExkSEw9BihFzldJrp4OrVgJmYeXjpa6kt08Y6MLF6qyOKliixeqsjipYro4lmxQ6lQoNvQw709W6DRnHAlLqKLd9GoMGaUB6pqb3J\/3RZYmYm5w6zMLCaii\/ca7YmpEUG8vM0qp7aQtfMQT2hMDg8ULOJgd\/Huri5wp3E8KxX3GE285594LA5dXd3IzNrLMzYs29MfFgqz9Ne27Bz6oAqwbP6j8PcZy8tlNXW34ER\/NGo7ZnEodk9j+XiNwkxtJD6kIt7+5AAejovkc35qZDAOHv0Ff1bWYkXaHIQE+lL7nWfPloKGxmb8cKwQP54sonG\/LyIm+uPnM+dRdvUatu3KQWzURETZeSRY3Zyw\/\/sT2LBlNwoPf4SggKETEb2wDMyO\/bnIO30Ojc2tXFxf2ILGRkXfWyvowqjqF++zCJjNe21UKDJWLkL0pCChZWjYw4ya+wpeejoFW19fKVjvRRTxDJbEYLs52js6B4hnt2TDuS\/srdA\/vcXEu2o0mODvzRfNf4Mt4tkXGZT\/ksB0FP6XBOZwQhYvVWTxUsWq+N5Uc28h4kHDqni2o4m9e6\/rGgXL8IH5GazLWIA0GFbFs4qqh7srd0uHG2eKyniswNzqwbAqnu1gnqGN4HtZ804PvpPR0WBB1ReH8hEw3gtPzooXrBYQnJ1BuaFrJOMTlxPfhBdI9td5fC8rKx074kGjRfJrcRlJSttI3CenkRNn\/xBUWMamLefVtTqs27yDb+VUKpU81harcno\/sPJ4Y1Mrjwo3vZyGtMdn3t+W815uN7fhZMEFXCivRlOr\/p6IzFFgOzlYqDxrRjRCJ\/gN2UE2i38QkZ0cqSKLlyqyeGkC\/APslXTD2DLXiwAAAABJRU5ErkJggg==\" alt=\"\"><\/p>\n<p><\/p>","protected":false},"excerpt":{"rendered":"","protected":false},"featured_media":79869,"comment_status":"closed","ping_status":"closed","template":"","meta":[],"product_brand":[],"product_cat":[597,919,517],"product_tag":[],"class_list":{"0":"post-71379","1":"product","2":"type-product","3":"status-publish","4":"has-post-thumbnail","6":"product_cat-hurdabunadur-lykillausnir","7":"product_cat-hurdarhandfong-med-wc-snerli","8":"product_cat-lykillausnir","10":"first","11":"instock","12":"taxable","13":"shipping-taxable","14":"purchasable","15":"product-type-simple"},"yoast_head":"<!-- This site is optimized with the Yoast SEO plugin v27.3 - https:\/\/yoast.com\/product\/yoast-seo-wordpress\/ -->\n<title>FRASCIO Hur\u00f0arhandfang ICE me\u00f0 kl\u00f3settsnerilsetti matt svart f. \u00de\u00fdskar - V\u00e9lar &amp; Verkf\u00e6ri<\/title>\n<meta name=\"robots\" content=\"index, follow, max-snippet:-1, max-image-preview:large, max-video-preview:-1\" \/>\n<link rel=\"canonical\" href=\"https:\/\/velarogverkfaeri.is\/en\/lykillausnir\/adgangskerfi\/product\/frascio-hurdarhandfang-ice-med-klosettsnerilsetti-matt-svart-f-thyskar\/\" \/>\n<meta property=\"og:locale\" content=\"en_US\" \/>\n<meta property=\"og:type\" content=\"article\" \/>\n<meta property=\"og:title\" content=\"FRASCIO Hur\u00f0arhandfang ICE me\u00f0 kl\u00f3settsnerilsetti matt svart f. \u00de\u00fdskar - V\u00e9lar &amp; Verkf\u00e6ri\" \/>\n<meta property=\"og:url\" content=\"https:\/\/velarogverkfaeri.is\/en\/lykillausnir\/adgangskerfi\/product\/frascio-hurdarhandfang-ice-med-klosettsnerilsetti-matt-svart-f-thyskar\/\" \/>\n<meta property=\"og:site_name\" content=\"V\u00e9lar &amp; Verkf\u00e6ri\" \/>\n<meta property=\"article:publisher\" content=\"https:\/\/www.facebook.com\/VelarOgVerkfaeri\" \/>\n<meta property=\"article:modified_time\" content=\"2026-02-09T14:16:28+00:00\" \/>\n<meta name=\"twitter:card\" content=\"summary_large_image\" \/>\n<script type=\"application\/ld+json\" class=\"yoast-schema-graph\">{\"@context\":\"https:\\\/\\\/schema.org\",\"@graph\":[{\"@type\":\"WebPage\",\"@id\":\"https:\\\/\\\/velarogverkfaeri.is\\\/lykillausnir\\\/adgangskerfi\\\/product\\\/frascio-hurdarhandfang-ice-med-klosettsnerilsetti-matt-svart-f-thyskar\\\/\",\"url\":\"https:\\\/\\\/velarogverkfaeri.is\\\/lykillausnir\\\/adgangskerfi\\\/product\\\/frascio-hurdarhandfang-ice-med-klosettsnerilsetti-matt-svart-f-thyskar\\\/\",\"name\":\"FRASCIO Hur\u00f0arhandfang ICE me\u00f0 kl\u00f3settsnerilsetti matt svart f. \u00de\u00fdskar - V\u00e9lar &amp; Verkf\u00e6ri\",\"isPartOf\":{\"@id\":\"https:\\\/\\\/velarogverkfaeri.is\\\/en\\\/#website\"},\"primaryImageOfPage\":{\"@id\":\"https:\\\/\\\/velarogverkfaeri.is\\\/lykillausnir\\\/adgangskerfi\\\/product\\\/frascio-hurdarhandfang-ice-med-klosettsnerilsetti-matt-svart-f-thyskar\\\/#primaryimage\"},\"image\":{\"@id\":\"https:\\\/\\\/velarogverkfaeri.is\\\/lykillausnir\\\/adgangskerfi\\\/product\\\/frascio-hurdarhandfang-ice-med-klosettsnerilsetti-matt-svart-f-thyskar\\\/#primaryimage\"},\"thumbnailUrl\":\"https:\\\/\\\/velarogverkfaeri.is\\\/wp-content\\\/uploads\\\/2026\\\/02\\\/a5c8e99a-72ed-4178-8af2-b605d2f1aa36.jpg\",\"datePublished\":\"2025-04-10T09:56:07+00:00\",\"dateModified\":\"2026-02-09T14:16:28+00:00\",\"breadcrumb\":{\"@id\":\"https:\\\/\\\/velarogverkfaeri.is\\\/lykillausnir\\\/adgangskerfi\\\/product\\\/frascio-hurdarhandfang-ice-med-klosettsnerilsetti-matt-svart-f-thyskar\\\/#breadcrumb\"},\"inLanguage\":\"en-US\",\"potentialAction\":[{\"@type\":\"ReadAction\",\"target\":[\"https:\\\/\\\/velarogverkfaeri.is\\\/lykillausnir\\\/adgangskerfi\\\/product\\\/frascio-hurdarhandfang-ice-med-klosettsnerilsetti-matt-svart-f-thyskar\\\/\"]}]},{\"@type\":\"ImageObject\",\"inLanguage\":\"en-US\",\"@id\":\"https:\\\/\\\/velarogverkfaeri.is\\\/lykillausnir\\\/adgangskerfi\\\/product\\\/frascio-hurdarhandfang-ice-med-klosettsnerilsetti-matt-svart-f-thyskar\\\/#primaryimage\",\"url\":\"https:\\\/\\\/velarogverkfaeri.is\\\/wp-content\\\/uploads\\\/2026\\\/02\\\/a5c8e99a-72ed-4178-8af2-b605d2f1aa36.jpg\",\"contentUrl\":\"https:\\\/\\\/velarogverkfaeri.is\\\/wp-content\\\/uploads\\\/2026\\\/02\\\/a5c8e99a-72ed-4178-8af2-b605d2f1aa36.jpg\",\"width\":2500,\"height\":996},{\"@type\":\"BreadcrumbList\",\"@id\":\"https:\\\/\\\/velarogverkfaeri.is\\\/lykillausnir\\\/adgangskerfi\\\/product\\\/frascio-hurdarhandfang-ice-med-klosettsnerilsetti-matt-svart-f-thyskar\\\/#breadcrumb\",\"itemListElement\":[{\"@type\":\"ListItem\",\"position\":1,\"name\":\"Home\",\"item\":\"https:\\\/\\\/velarogverkfaeri.is\\\/\"},{\"@type\":\"ListItem\",\"position\":2,\"name\":\"Vefverslun\",\"item\":\"https:\\\/\\\/velarogverkfaeri.is\\\/vefverslun\\\/\"},{\"@type\":\"ListItem\",\"position\":3,\"name\":\"FRASCIO Hur\u00f0arhandfang ICE me\u00f0 kl\u00f3settsnerilsetti matt svart f. \u00de\u00fdskar\"}]},{\"@type\":\"WebSite\",\"@id\":\"https:\\\/\\\/velarogverkfaeri.is\\\/en\\\/#website\",\"url\":\"https:\\\/\\\/velarogverkfaeri.is\\\/en\\\/\",\"name\":\"V\u00e9lar & Verkf\u00e6ri\",\"description\":\"Umbo\u00f0s- og heildverslun fr\u00e1 \u00e1rinu 1919\",\"publisher\":{\"@id\":\"https:\\\/\\\/velarogverkfaeri.is\\\/en\\\/#organization\"},\"potentialAction\":[{\"@type\":\"SearchAction\",\"target\":{\"@type\":\"EntryPoint\",\"urlTemplate\":\"https:\\\/\\\/velarogverkfaeri.is\\\/en\\\/?s={search_term_string}\"},\"query-input\":{\"@type\":\"PropertyValueSpecification\",\"valueRequired\":true,\"valueName\":\"search_term_string\"}}],\"inLanguage\":\"en-US\"},{\"@type\":\"Organization\",\"@id\":\"https:\\\/\\\/velarogverkfaeri.is\\\/en\\\/#organization\",\"name\":\"V\u00e9lar & Verkf\u00e6ri\",\"url\":\"https:\\\/\\\/velarogverkfaeri.is\\\/en\\\/\",\"logo\":{\"@type\":\"ImageObject\",\"inLanguage\":\"en-US\",\"@id\":\"https:\\\/\\\/velarogverkfaeri.is\\\/en\\\/#\\\/schema\\\/logo\\\/image\\\/\",\"url\":\"https:\\\/\\\/velarogverkfaeri.is\\\/wp-content\\\/uploads\\\/2021\\\/10\\\/vv_logo_350x100.png\",\"contentUrl\":\"https:\\\/\\\/velarogverkfaeri.is\\\/wp-content\\\/uploads\\\/2021\\\/10\\\/vv_logo_350x100.png\",\"width\":350,\"height\":100,\"caption\":\"V\u00e9lar & Verkf\u00e6ri\"},\"image\":{\"@id\":\"https:\\\/\\\/velarogverkfaeri.is\\\/en\\\/#\\\/schema\\\/logo\\\/image\\\/\"},\"sameAs\":[\"https:\\\/\\\/www.facebook.com\\\/VelarOgVerkfaeri\"]}]}<\/script>\n<!-- \/ Yoast SEO plugin. -->","yoast_head_json":{"title":"FRASCIO Hur\u00f0arhandfang ICE me\u00f0 kl\u00f3settsnerilsetti matt svart f. \u00de\u00fdskar - V\u00e9lar &amp; Verkf\u00e6ri","robots":{"index":"index","follow":"follow","max-snippet":"max-snippet:-1","max-image-preview":"max-image-preview:large","max-video-preview":"max-video-preview:-1"},"canonical":"https:\/\/velarogverkfaeri.is\/en\/lykillausnir\/adgangskerfi\/product\/frascio-hurdarhandfang-ice-med-klosettsnerilsetti-matt-svart-f-thyskar\/","og_locale":"en_US","og_type":"article","og_title":"FRASCIO Hur\u00f0arhandfang ICE me\u00f0 kl\u00f3settsnerilsetti matt svart f. \u00de\u00fdskar - V\u00e9lar &amp; Verkf\u00e6ri","og_url":"https:\/\/velarogverkfaeri.is\/en\/lykillausnir\/adgangskerfi\/product\/frascio-hurdarhandfang-ice-med-klosettsnerilsetti-matt-svart-f-thyskar\/","og_site_name":"V\u00e9lar &amp; Verkf\u00e6ri","article_publisher":"https:\/\/www.facebook.com\/VelarOgVerkfaeri","article_modified_time":"2026-02-09T14:16:28+00:00","twitter_card":"summary_large_image","schema":{"@context":"https:\/\/schema.org","@graph":[{"@type":"WebPage","@id":"https:\/\/velarogverkfaeri.is\/lykillausnir\/adgangskerfi\/product\/frascio-hurdarhandfang-ice-med-klosettsnerilsetti-matt-svart-f-thyskar\/","url":"https:\/\/velarogverkfaeri.is\/lykillausnir\/adgangskerfi\/product\/frascio-hurdarhandfang-ice-med-klosettsnerilsetti-matt-svart-f-thyskar\/","name":"FRASCIO Hur\u00f0arhandfang ICE me\u00f0 kl\u00f3settsnerilsetti matt svart f. \u00de\u00fdskar - V\u00e9lar &amp; Verkf\u00e6ri","isPartOf":{"@id":"https:\/\/velarogverkfaeri.is\/en\/#website"},"primaryImageOfPage":{"@id":"https:\/\/velarogverkfaeri.is\/lykillausnir\/adgangskerfi\/product\/frascio-hurdarhandfang-ice-med-klosettsnerilsetti-matt-svart-f-thyskar\/#primaryimage"},"image":{"@id":"https:\/\/velarogverkfaeri.is\/lykillausnir\/adgangskerfi\/product\/frascio-hurdarhandfang-ice-med-klosettsnerilsetti-matt-svart-f-thyskar\/#primaryimage"},"thumbnailUrl":"https:\/\/velarogverkfaeri.is\/wp-content\/uploads\/2026\/02\/a5c8e99a-72ed-4178-8af2-b605d2f1aa36.jpg","datePublished":"2025-04-10T09:56:07+00:00","dateModified":"2026-02-09T14:16:28+00:00","breadcrumb":{"@id":"https:\/\/velarogverkfaeri.is\/lykillausnir\/adgangskerfi\/product\/frascio-hurdarhandfang-ice-med-klosettsnerilsetti-matt-svart-f-thyskar\/#breadcrumb"},"inLanguage":"en-US","potentialAction":[{"@type":"ReadAction","target":["https:\/\/velarogverkfaeri.is\/lykillausnir\/adgangskerfi\/product\/frascio-hurdarhandfang-ice-med-klosettsnerilsetti-matt-svart-f-thyskar\/"]}]},{"@type":"ImageObject","inLanguage":"en-US","@id":"https:\/\/velarogverkfaeri.is\/lykillausnir\/adgangskerfi\/product\/frascio-hurdarhandfang-ice-med-klosettsnerilsetti-matt-svart-f-thyskar\/#primaryimage","url":"https:\/\/velarogverkfaeri.is\/wp-content\/uploads\/2026\/02\/a5c8e99a-72ed-4178-8af2-b605d2f1aa36.jpg","contentUrl":"https:\/\/velarogverkfaeri.is\/wp-content\/uploads\/2026\/02\/a5c8e99a-72ed-4178-8af2-b605d2f1aa36.jpg","width":2500,"height":996},{"@type":"BreadcrumbList","@id":"https:\/\/velarogverkfaeri.is\/lykillausnir\/adgangskerfi\/product\/frascio-hurdarhandfang-ice-med-klosettsnerilsetti-matt-svart-f-thyskar\/#breadcrumb","itemListElement":[{"@type":"ListItem","position":1,"name":"Home","item":"https:\/\/velarogverkfaeri.is\/"},{"@type":"ListItem","position":2,"name":"Vefverslun","item":"https:\/\/velarogverkfaeri.is\/vefverslun\/"},{"@type":"ListItem","position":3,"name":"FRASCIO Hur\u00f0arhandfang ICE me\u00f0 kl\u00f3settsnerilsetti matt svart f. \u00de\u00fdskar"}]},{"@type":"WebSite","@id":"https:\/\/velarogverkfaeri.is\/en\/#website","url":"https:\/\/velarogverkfaeri.is\/en\/","name":"V\u00e9lar & Verkf\u00e6ri","description":"Umbo\u00f0s- og heildverslun fr\u00e1 \u00e1rinu 1919","publisher":{"@id":"https:\/\/velarogverkfaeri.is\/en\/#organization"},"potentialAction":[{"@type":"SearchAction","target":{"@type":"EntryPoint","urlTemplate":"https:\/\/velarogverkfaeri.is\/en\/?s={search_term_string}"},"query-input":{"@type":"PropertyValueSpecification","valueRequired":true,"valueName":"search_term_string"}}],"inLanguage":"en-US"},{"@type":"Organization","@id":"https:\/\/velarogverkfaeri.is\/en\/#organization","name":"V\u00e9lar & Verkf\u00e6ri","url":"https:\/\/velarogverkfaeri.is\/en\/","logo":{"@type":"ImageObject","inLanguage":"en-US","@id":"https:\/\/velarogverkfaeri.is\/en\/#\/schema\/logo\/image\/","url":"https:\/\/velarogverkfaeri.is\/wp-content\/uploads\/2021\/10\/vv_logo_350x100.png","contentUrl":"https:\/\/velarogverkfaeri.is\/wp-content\/uploads\/2021\/10\/vv_logo_350x100.png","width":350,"height":100,"caption":"V\u00e9lar & Verkf\u00e6ri"},"image":{"@id":"https:\/\/velarogverkfaeri.is\/en\/#\/schema\/logo\/image\/"},"sameAs":["https:\/\/www.facebook.com\/VelarOgVerkfaeri"]}]}},"_links":{"self":[{"href":"https:\/\/velarogverkfaeri.is\/en\/wp-json\/wp\/v2\/product\/71379","targetHints":{"allow":["GET"]}}],"collection":[{"href":"https:\/\/velarogverkfaeri.is\/en\/wp-json\/wp\/v2\/product"}],"about":[{"href":"https:\/\/velarogverkfaeri.is\/en\/wp-json\/wp\/v2\/types\/product"}],"replies":[{"embeddable":true,"href":"https:\/\/velarogverkfaeri.is\/en\/wp-json\/wp\/v2\/comments?post=71379"}],"wp:featuredmedia":[{"embeddable":true,"href":"https:\/\/velarogverkfaeri.is\/en\/wp-json\/wp\/v2\/media\/79869"}],"wp:attachment":[{"href":"https:\/\/velarogverkfaeri.is\/en\/wp-json\/wp\/v2\/media?parent=71379"}],"wp:term":[{"taxonomy":"product_brand","embeddable":true,"href":"https:\/\/velarogverkfaeri.is\/en\/wp-json\/wp\/v2\/product_brand?post=71379"},{"taxonomy":"product_cat","embeddable":true,"href":"https:\/\/velarogverkfaeri.is\/en\/wp-json\/wp\/v2\/product_cat?post=71379"},{"taxonomy":"product_tag","embeddable":true,"href":"https:\/\/velarogverkfaeri.is\/en\/wp-json\/wp\/v2\/product_tag?post=71379"}],"curies":[{"name":"wp","href":"https:\/\/api.w.org\/{rel}","templated":true}]}}