{"id":71376,"date":"2025-04-10T09:56:06","date_gmt":"2025-04-10T09:56:06","guid":{"rendered":"https:\/\/velarogverkfaeri.is\/?post_type=product&#038;p=71376"},"modified":"2026-02-09T14:30:34","modified_gmt":"2026-02-09T14:30:34","slug":"frascio-hurdarhandfang-solaris-m-klosettsnerilsetti-matt-svart","status":"publish","type":"product","link":"https:\/\/velarogverkfaeri.is\/en\/lykillausnir\/hurdabunadur-lykillausnir\/hurdarhandfong-med-wc-snerli\/product\/frascio-hurdarhandfang-solaris-m-klosettsnerilsetti-matt-svart\/","title":{"rendered":"FRASCIO Hur\u00f0arhandfang SOLARIS m. kl\u00f3settsnerilsetti matt svart"},"content":{"rendered":"<p><img decoding=\"async\" src=\"data:image\/png;base64,iVBORw0KGgoAAAANSUhEUgAAAU4AAADVCAYAAAA4hRldAAAAAXNSR0IArs4c6QAAAARnQU1BAACxjwv8YQUAAAAJcEhZcwAADsMAAA7DAcdvqGQAABtJSURBVHhe7d0JmJXz+8fxO9klJJLsSxJDg7In2bJkSRKVErKWStkiSyRLSISyZsuWKLukSLIVyl6RrFki26\/S\/Od9e47\/cP1+l77TPM85z3M+r+s618w8c5ppZs75nO96f6uVlTMREVliy0RvRURkCSk4RUQCKThFRAIpOEVEAik4RUQCKThFRAIpOEVEAik4RUQCKThFRAIpOEVEAik4RUQCaa96EZg3b5599dVX1qBBA\/vjjz9s+vTp9vXXX\/vnNt10U9tkk03sk08+sZdeeskaNmxo2267rVWvXt0\/L1KVxo8fbyNHjvT3edx17drVXn\/9dbvtttts5ZVXts6dO9vWW2\/tny9k1S8sF70vGcNr4g8\/\/GD9+\/e3L7\/80nbZZRf76aef7IILLrDZs2fbZ599Zmuuuab95z\/\/sQMPPNC23HJLGzZsmAdsvXr1oq8iUnUefPBBa9y4sbVu3doaNWpkCxYssNNOO80uv\/xyW2211ey+++6zAw44ILp34VJXPcO+++47u\/LKKz0gcwhJXtmPOOII69Spk+2xxx72\/vvvW9OmTe3EE0+0vffe2z799NPo3iJVi8faN998Y5MmTbLffvvNFi1aZKeeeqqtscYa\/tgkPNNAwZlhtWvXtssuu8wDMTci8+2339oXX3xh06ZNs4EDB9rjjz\/uLYB33nnHunXrZs8\/\/7y3OEXiwGNy9dVXt++\/\/97OO+88W3755a1ly5Y+VPTYY4\/ZSiutFN2zsGmMswiMGzfO3njjDevVq5ctXLjQX+lpdc6ZM8fOOecca9Kkic2YMcMYtbn77rt9PHTAgAHRvxapOrQqCUtip2PHjtalSxerX7++ByotUV7kR4wY4Y\/PQhZri3PixIn+RJXC8eabb9orr7zi7zO+xIOYiaLdd9\/dWwLbbLONP4AlOZMnT\/a\/RZIYU1y8eHH0UTLmzp3rwThz5kz76KOP7Oeff7Yff\/zRzj33XB9O4vM8HpdZJtmOMCF+ySWXRB8tmVj\/h6NGjfJXGMmvFVdc0VZddVV\/n7EkukT9+vWzQYMG2VFHHeUD9c8995xfe+SRR6xt27Z+X0nGE088Yb\/\/\/nv0UTI+\/PDDv4ZvkrLWWmtZ8+bN7Z577rEHHnjATjjhBB9Tb9asmfd0Hn30UevQoYM\/XpPE7+GDDz6IPloysXbVzzzzTOvbt6\/VqFEjuiL5wIsXLRrCkz8345y82vMAXXvtta1atWp+7ZdffvnrmpYjJYdVDmeccYbVrFkzuhK\/4447zoYOHZr435nJoPnz5\/v35fHIY48lcqz2oKVJViT9f6LlzUTp8OHDoyv\/LpE2Mb8YmuTM1vIETfqVrtitsMIKf7U4eaDyyr\/xxhtb3bp1\/UHKA5awrHhN4sFKByZCWCaW72Esvj+TNHSdn3zySXvttdf8GuEW1w08FhnDJBe4Rh5wbZVVVvH3\/\/lvqvLGzzdlyhQbM2aM\/9z8PSozTBJri7Nnz5626667ejOYWdu33nrLm+UHHXRQ4uMYIoXg2Wef9ZUMrJllPJnNBmw8uOiii\/56cUsCLax9993XRo8e7UuDWOfbvn17X0PJi2uWMSx16623Wp06dWzHHXf0WX3+Jvfff390j38Xa3DS\/Tj44IPthRde8P8Y4XnSSSf5bJqCU4oNgfTQQw\/ZVVdd5a37Fi1a2CGHHOLPjT59+iQanMcee6ydf\/75vrKCyalnnnnGxxuPPPLITAcnccdYKrd99tnHdt55Z9tggw38d8HY6xIjOOPSu3fvsvnz50cflZXNnj27rLx5XLZ48eLoikhxmTVrVtnHH3\/8t+dA3759y3788cfoo2R07ty5rLzrGn30p2J5Xv7xxx9\/+1n5uEOHDtFHSybRZt\/666\/vr7RZ7wqI\/C8bbbSR1wcoxOdAsTwv6e0u7c8aa3CWB3P0nogUkmWXXTZ6TxA6IRrrGOeECRN8DGG55ZaLrojIP7388su2ww47+OLvpLAkKMkx1ULHcqiQ5WDacikiEkhT2yIigRScIiKBFJwiIoEUnCIigTI5OcS+ePagMnNI1RmWGrA3lspAtWrV8r3bIsWMgtVJV2RaWuxtLykp8bWw+Zba4OSPziFkVPmheAhlsj7\/\/HPfsM+yAgKSt1T74RdO5R\/uT3EF7kPtSRYib7HFFv4+JftZnqECF5J1PP7XW289XypY6AWDc1iw\/u677\/o2SY6DybdUBSflnwhHqplTxRwE3brrrmsbbrihHzz266+\/esUX1mXR4uTf8EunlUmQEpKEKpVSKJ5KpRrCF9yPr1NaWqpWqWQWZQbZwUdxEU6aTAtOJeC5fcUVV0RX8ic1wck5OdTL40wSDhijNBpdb1qRPACoNk+o0mrkVZSWJguKc8HJj0krlRutTnZObLfddl6tiQo1hCxfi7N4qJDOiZBUj0lyUbJIEtIcnDx3qV6fbwUdnIQe599QlZzjbE855RQvBUXAsduCo0T5\/Oabb+7XeTXiGAhamwQeLUxajnwdWpXcCExCl\/uDkncE7qGHHuo3Wpz8GyrWvPjii17Jie48Yby0+1tFCkFag5PAfPjhh+2pp57yXmM+FWxwEma0IpnoYTvaZptt5mFJTU8OsOc61+ies6WT8CTgKBHFeOV\/24vLj0pXnjN1OJyMo0qZROKBNGvWLH81o0Ziw4YNbaeddvJwpcArrdStttrKa\/eJpF2ag5MjNqhpus4660RX86PggpP\/Dl1lbhwgxgl4r776qt17770eiAwQE5gMEjO5U69ePe+yV7Y1SCjSSqVFSyBzHg9fk+9FCHO4FC1V9t0Trhyhqz2+kmYKzqVXUOs4mbAhuMaOHWvHH3+8t\/L69+9vt9xyi3eVCU0qZQ8ePNi71SxNoMm+NF1oxkLpnhPSPXr08IOz+L4EKcd87L\/\/\/vbee+9ZmzZt7IgjjvDvzyy+iBSvgglOSvffeeed3rrr2rWrt\/A4BY+Qosu85557+jkhdKHjrB7P5NPZZ59tAwcO9LFOuuc333yzXX311T4kwDgrxw0wjMDYqYgUn4IITrrKDPoyu33YYYfZsGHD\/GhhJoGY2T7rrLOsVatWiZWnowXLEAGnD9LKZMHt22+\/7csg6K5zjTFSziihlSwixSXvwcl6TI4QpkvcoEEDPzCKxeyE5o033uiz2qzTzMeMNkHNYXN0zxlPZfKIc0k4DbBdu3Y+AUXrUy1PkeKS1+Bk5py1WZy\/Tvh0797dlwox+UJXmaM2CuFQN44tJTw5eI4W5h133OFjsbSGCdPx48er2r1IEclbKrHmkqU+nKrHmsshQ4b4InS2gvXq1ctntAtN27ZtvQXMLD5ryeiqc0ohk0ccOSoixSFvwUloshSCZREEJTPYTMTQ+qxbt250r8JC65dJKiatpk+f7rP8FEs49thj\/ehjxkFFJPsSD066tOzIoYvbuHFjH9+kBUcLkwAq9D3ihGeTJk38bGxm\/Fm+xEQRrVHWnjI2KyLZlnhwssWR4OzQoYM98MADHjQU6ujSpYsHaFqwLOqYY47xIGWclgpM7F5Sl10k+xINTrY7jhs3zluWM2fOtMmTJ3uFot69e\/si9LRp0aKFDzWw0+jSSy\/1raH8XKwKEJHsSjQ4GQNkppzdPix2Z4KINZqFUJi0Mlgsz4J4xjuZeWcr2EknnWTXX3+9b+UUkWxKLDgZ25w6dao1atTI95tSJm777bf3cc4040WgT58+Ps7JbiLWpbJsiW2jWqIkkk2JBSfjmoxhLly40LdOUkRjv\/32sxo1akT3SC\/GO5s3b+5d9BdeeMFfDObOneuVl0QkexIJTha333DDDd4So4bm1ltv7ZXYKSScBexqatmypQ85DB061FcGUO5OxUBEsimR4KRgB9WM2JNOK4y6mpRnyxImiNiWyfbQ2267zV8cqB0qItkTe3CyRXHKlCm+w4ZJFFph1NJkkihL2P202267+STRM88849tGmfxivaqIZEvswUlQUnSUeposP6JyO+sfs4ihB4KSSvRMFDVt2tSrPolItsQenKzTZI0mdTYnTZrkR5IyvplFLIZn7\/2cOXN86RXddYYlVHpOJFtiDU520xCYLNl5+umnfd0ju2uoup5VDEPQymYdJ7uiOL+IGp4ikh2xBicH3zMZtPbaa\/tsOqFJ9aNCKBUXF8Y2WavK6ZvcCFLGeEUkO2JNMLqoLAhneQ571Fm2k6bDoSqLOp20MjlNk0ryBKgWw4tkR6ynXFKomG2ILAhndw0V06lnWegVkJYWY5w33XSTtzaZaWeWnTClmIlIRTQuWGHCwYNJSfMplxQRv\/3226127drR1arBckKGEpdUrMHJbiFanMykU3KNwr+cIMkMe5bxK+Xn5ugNlikxZJHUeUmSHvTA6JXQkGA3XcgTd2mkOTg5GYKt2lXV+OJvwPry0tJS36SzpGINTs7nISgp9kt1d4L04osv9pl1kWLHk5blajQoOAK7Zs2a0WfilebgZHMJAceEc1UZOXKkFyJ\/9NFHoyv\/LtYxTpKcH5Dq7rTA2JfOAnEeMLrpVuy3nBjbLplDD45lfqyZrqobQyWhLdhYg5PF4IQlS5J++uknL+yRVHdERCQusQYnXQLG9ijyQXiyflMTJCJSGYXUMk90QSWhWbGLIiL5QQilbYiABlih\/J9jDU6Ckt1DLHintcluGj4Wkfz65zhrGpAjhfJ\/jjU4mSXMLcvhfcY56b6LiIQqpKCPNTjr1KnjE0QsVmU2neDkxrpG3XTTbYEvgNesev6FhnKs6zjZMcM0P0Uv3n33XXvooYdszz33tLp160b3yCb+COySYkyGoYnckIVIRTxO3nvvPd+S+9RTTyW2MSTN6zjZkXf66adX6ZrX8ePH+0aEJ598Mrry72INTo7KZccQf5zrrrvOz+E5\/PDDM\/8Ky06pu+66y9eI7brrrl5Oj6ODCVORijiDi00inFmVVFc0zcF59dVX2+677+7rOasCv3Oer+QSx5YvMYIzLuXd8rIhQ4aUffvtt2VNmjQp69GjR1n5q2v02ewqfwUra9asWdmoUaPKfvvtt7LyF42y8tZn9FmR\/Pr999\/Lynt9ZTNmzIiupMOAAQPKSkpKCiJDYp9Vp6vOqwPdENK9GA4wGzdunJfSY4yXbhjdiqRaEyJZVp5ZBdFjjTU4mU1ntxBddA5roxr8J598kumuOuOaFG2m6j3hyXHBdMVEJDsSCU72qrdu3dpbX4Qn4zpZ9cYbb\/jPTAub4GQcib21IpIdsQYnct1V6t3R8nrttdd8SVIW0dqk0j2HtXHGOkVOeJvlo0JEilHswclZ4x9\/\/LF3z5kNYwZr7Nix0WezhfFb1q0yHMGyK7rs7dq1iz4rIlkRe3DSZaXV+eabb3qLc8stt7TBgwdnbgcRLwzPPfecrbHGGn6uEt31X375xZd9iEi2xB6caNGihRcgJUQ4zIxD2+69995MTRIxAfbRRx\/ZtGnTrGfPnjZ16lQ\/MkREsieR4FxzzTVtxx139NMe999\/f2+JsSg8S0uTJk6c6AfScbbQOuus4+cObbbZZtFnRSRLEglOHHPMMT7DzNG5BCnrO0ePHp2JrYi8EAwaNMjWXXdda9WqlU8KMRTBhJiIZE9iwYkmTZrY5MmTrV+\/fvbFF1\/4OR\/sYU+zX3\/91S644AJr0KCBbbvttrbWWmvZ3Xff7cMTWvQukk2JBifB8v777\/vxGZ06dfLQufbaa706fBrRWqZwCXVGWZt68MEH+4FP7EtXa1MkuxINThaE169f30aMGGF77bWXFxhYffXVrXfv3qnssk+fPt1ef\/11XzFwxhln+FIkFvvvt99+0T1EJIsSDU6wvpFweeutt6xjx44+G83sOtWE0rRE6csvv7ShQ4d6OSrKXLEEiQkidkhRqVpEsisvz\/Bu3br51kSCskePHt5lZ0\/3Y489Ft2jsFEur0+fPn5WPIv62Yf\/+OOP+yw6E0Qikm15CU7GOFu2bGnPP\/+8b0ns3r27X7\/nnnt8y2Ihmz17tvXv39+HGLi1b9\/exowZ4zPrhKhamyLZl7dnOdWDSktLPSxpqdHF3WCDDXxh\/J133ulBVEgYTmArJcVUeZ\/995dccokPOcyYMcOOP\/54L2oiItmX1+YR1dHZhsnyHaqlH3jggbb++uv71kW2ZTL+WQgYUmC2\/KqrrvK99iw9GjZsmL399tu+W+jUU0+N7ikixSDv\/UomiwjQBx980MOTMU+2Zc6aNctbcZwHks+tmbR8KddPcWLOh9lnn33s5JNP9jFZxmkpuc9BdCJSPApiQI71nU2bNrUbbrjBatWqZRdffLHvLKI8G2cVsdaTmXjKtiWFY41ZZnTkkUd6V5wgZ2yzbdu2vuOJPeldu3b1cU4RKS6xHtYWim7vqFGjbPvtt\/cbp869\/PLL9vnnn\/vJmOw82nnnnX39J8dyxIEWJgfMscOJG5WdGI89+uijfQyTkzvZHcSwgiaCJI0YekrrYW0M6z377LNeDyKfCio4QZFj6nUye33cccfZd99957Pv999\/v4cY5\/fQlWcyaZtttqmykyP5PsyO82CqUaOGffjhh1ZSUuKz\/1RwnzBhgi9452NawjqxUtJKwbn0Cq7JRDAedthhdsABB\/hSH4ogUyBk5MiR\/semAhEtPbrze++9t5+zzL53tjyy+4ju\/P96LeA6N+63aNEiX4dJIHbp0sV3+9A15+sw6XPWWWf5rDmhyXDBvHnz7Oyzz\/bJLIWmSHEruBZnRbm94LmZbG7sC2eGm249XWeWCFGNiK48RZLZwcO4I8dVcLpmrtAGQckrLfvima1nETutStCC5P6MqzL5Qwk8xjT5HtyHgh0EqIp2SBaoxbn0Cjo4wX+PMU6KgxB2hCX73Km0TmuULj3bH3MhxyRSLjS5L61DWqG0JLnxoGF8lAcM60cZvyR0OeKDwOVMJKo2EcBco7uu9ZmSJWkOzhdffNGH7fK9kqXgg7OiBQsWeEuQRfOEKVsdWc7ETiRap9yY3OFzLFCn6AYtVIKScVEmddgSyVvCkC4\/nyOQH374YX\/LpA+tToI3rgkokXxKa3AOGDDA5yKuvPLK6Er+pCo4KyIgefXhiAoCjoXzNN9ZzkSXmmvcCEd+RFqddNd5S5hSnIOApdtO1SaWQ3Gkh8JSso7gZKszO\/Qqlj+kcRFyIisNGYbReC4yBMY8AMv4uE7DhKEv5ixyx2XzlkZOZTHXwNe+4ooroiv5k9rgrIg\/FhNEhCB\/SH6kXFjyliDllls+xIODKvTM0vNWYSnFhJ4Z65EJstxEZy7wWFGyJHg+0RChZ0bgEpKEJR\/zNfkefL3c3AITsbzNPRdD8W8YjmMSl0nafMtEcP43ufDM\/XgVg1Ok2LHsj3DLyc0DhOA5RVDmwpIGSC4Yc8+9XE+PEOXG9+TzlcHXI6SXNNzjlNngFBGJi5pgIiKBMtniZOY9NxHEciPGNJkIYs1nw4YNfSmTiEhlZS44qSafK1dHcHICJee3X3PNNT5rzjIlZuWYVRQRqYzMddWpWkQl9l69enlNT9arscecxbMDBw70HUAsnBcRqazMBScVjQhGSr9RJIRdRUcddZRv12QmkSVLLIAXEamszHXV58yZ4+vTWLYwaNAg38dOsQ62bHIaJWHapk0bLU0SkUqLNT04c7ziWrEkUJKOXUFgvRfjnNTQvPnmm73rzsLfpEOT8M79n0Qk\/WJNkEceecQXvSaJLV7nn3++l4UjMClRx7HDhBcV5nv27PlXVaSkMHTATL+IZEOsXfVzzz3XQ2xp9qeG4sehEMD333\/vp2ayq4GxzVyAs2uBKkhJVjyimALfj3J1IpJ+ifVZ2QtLq4uWX5zDqgRj7dq1rX79+r5+k245QUkhD265ykhxYf0oZekob5f0MIWIJCPWFueZZ57pVdpZIsT542zSb9asmR100EGZnZyhUgyTUCyDYi0px3vwK6a250477RTdS0TSLPbg5NA1lgZx8Brd506dOlmrVq0yG5wswO\/QoYO\/T2hyfDCtXEJUXXWRbEhsjJOu+qRJk3yZEGGa1eDk57zvvvu8Zc12TyrGaIxTJFsSSy\/Cs3nz5ta4cePMhib4OTt37uyVtVXnUySbsptgIiIxiTU4d9hhBx2lW44jPZjRF5FsiHWMU0Qki9RVFxEJpOAUEQmk4BQRCaTgFBEJpOAUEQkU66w6u2iohynmVZqSrMgkIvGJNTi7d++uAr7l+BWzP79169aVPoxfRApHrMHZqFEjP7aC0yVj\/DYFb\/z48V5m7pxzzsn0dlORYhFrcJaWltrw4cOtpKQkulKcqA5FaT2q0is4RdJPz2IRkUAKThGRQApOEZFACk4RkUAKThGRQApOEZFACk4RkUAKThGRQApOEZFACk4RkUAKThGRQApOEZFACk4RkUAKThGRQApOEZFACk4RkUAKThGRQApOEZFACk4RkUAKThGRQApOEZFACk4RkUAKThGRQApOEZFACk4RkUAKThGRQApOEZFACk4RkUAKThGRQApOEZFACk4RkUAKThGRQApOEZFACk4RkUAKThGRQApOEZFA1crKRe9XudLSUhs+fLiVlJREV4rT6NGj7fbbb7emTZtGV0TKn3zVqtn8+fOtTZs2Vr9+\/eiqpIGCMwFjxoyxAQMGWIMGDaIrIn8G58SJE+3QQw+1\/v37R1clDRScCaDFOWXKFOvTp49Vr149uipi1q1bN6tTp44\/NiQ9NMYpkke0W2Jsu0hMFJwiIoEUnCIigWId49xqq62sffv2Vq9evehKOvErYiC\/sqZOnWqrrLKKXXjhhRrjlL\/p2rWrj3Ged9550RVJg1iDc\/DgwTZv3jwPi2nTptmECROsZs2a0WfTIffrWZrgXLBggXXs2NEnAJZZRo18+X8KznSKNTgruvHGG23mzJnWr18\/W7x4cXS1eCy\/\/PK27LLLRh+J\/EnBmU6JBeeQIUNs9uzZvp5RRP6k4Ewn9RtFRAIpOEVEAik4RUQCKThFRAIpOEVEAik4RUQCKThFRAIpOEVEAik4RUQCKThFRAIpOEVEAik4RUQCKThFRAIpOEVEAik4RUQCKThFRAIpOEVEAik4RUQCJXp0xsSJE+2EE07QAfwi5TgAcNCgQVZaWmp9+\/aNrkoaJBacY8eOtREjRlitWrWW6sRIkSyZO3eutWvXzpo3bx5dkTRILDgXLVpkCxcuVGiKVMDTb4UVVtCx0SmTWHCKiGSFXuZERAIpOEVEAik4RUQCKThFRAIpOEVEAik4RUQCKThFRAIpOEVEAik4RUQCKThFRAIpOEVEAik4RUQCKThFRAIpOEVEAik4RUQCKThFRAIpOEVEgpj9H7srxkDTej8cAAAAAElFTkSuQmCC\" alt=\"\"><\/p>","protected":false},"excerpt":{"rendered":"","protected":false},"featured_media":79868,"comment_status":"closed","ping_status":"closed","template":"","meta":[],"product_brand":[],"product_cat":[597,919,517],"product_tag":[],"class_list":{"0":"post-71376","1":"product","2":"type-product","3":"status-publish","4":"has-post-thumbnail","6":"product_cat-hurdabunadur-lykillausnir","7":"product_cat-hurdarhandfong-med-wc-snerli","8":"product_cat-lykillausnir","10":"first","11":"instock","12":"taxable","13":"shipping-taxable","14":"purchasable","15":"product-type-simple"},"yoast_head":"<!-- This site is optimized with the Yoast SEO plugin v27.3 - https:\/\/yoast.com\/product\/yoast-seo-wordpress\/ -->\n<title>FRASCIO Hur\u00f0arhandfang SOLARIS m. kl\u00f3settsnerilsetti matt svart - V\u00e9lar &amp; Verkf\u00e6ri<\/title>\n<meta name=\"robots\" content=\"index, follow, max-snippet:-1, max-image-preview:large, max-video-preview:-1\" \/>\n<link rel=\"canonical\" href=\"https:\/\/velarogverkfaeri.is\/en\/lykillausnir\/adgangskerfi\/product\/frascio-hurdarhandfang-solaris-m-klosettsnerilsetti-matt-svart\/\" \/>\n<meta property=\"og:locale\" content=\"en_US\" \/>\n<meta property=\"og:type\" content=\"article\" \/>\n<meta property=\"og:title\" content=\"FRASCIO Hur\u00f0arhandfang SOLARIS m. kl\u00f3settsnerilsetti matt svart - V\u00e9lar &amp; Verkf\u00e6ri\" \/>\n<meta property=\"og:url\" content=\"https:\/\/velarogverkfaeri.is\/en\/lykillausnir\/adgangskerfi\/product\/frascio-hurdarhandfang-solaris-m-klosettsnerilsetti-matt-svart\/\" \/>\n<meta property=\"og:site_name\" content=\"V\u00e9lar &amp; Verkf\u00e6ri\" \/>\n<meta property=\"article:publisher\" content=\"https:\/\/www.facebook.com\/VelarOgVerkfaeri\" \/>\n<meta property=\"article:modified_time\" content=\"2026-02-09T14:30:34+00:00\" \/>\n<meta name=\"twitter:card\" content=\"summary_large_image\" \/>\n<script type=\"application\/ld+json\" class=\"yoast-schema-graph\">{\"@context\":\"https:\\\/\\\/schema.org\",\"@graph\":[{\"@type\":\"WebPage\",\"@id\":\"https:\\\/\\\/velarogverkfaeri.is\\\/lykillausnir\\\/adgangskerfi\\\/product\\\/frascio-hurdarhandfang-solaris-m-klosettsnerilsetti-matt-svart\\\/\",\"url\":\"https:\\\/\\\/velarogverkfaeri.is\\\/lykillausnir\\\/adgangskerfi\\\/product\\\/frascio-hurdarhandfang-solaris-m-klosettsnerilsetti-matt-svart\\\/\",\"name\":\"FRASCIO Hur\u00f0arhandfang SOLARIS m. kl\u00f3settsnerilsetti matt svart - V\u00e9lar &amp; Verkf\u00e6ri\",\"isPartOf\":{\"@id\":\"https:\\\/\\\/velarogverkfaeri.is\\\/en\\\/#website\"},\"primaryImageOfPage\":{\"@id\":\"https:\\\/\\\/velarogverkfaeri.is\\\/lykillausnir\\\/adgangskerfi\\\/product\\\/frascio-hurdarhandfang-solaris-m-klosettsnerilsetti-matt-svart\\\/#primaryimage\"},\"image\":{\"@id\":\"https:\\\/\\\/velarogverkfaeri.is\\\/lykillausnir\\\/adgangskerfi\\\/product\\\/frascio-hurdarhandfang-solaris-m-klosettsnerilsetti-matt-svart\\\/#primaryimage\"},\"thumbnailUrl\":\"https:\\\/\\\/velarogverkfaeri.is\\\/wp-content\\\/uploads\\\/2026\\\/02\\\/907f363e-9de6-4c47-8e74-919a3033c1ae.jpg\",\"datePublished\":\"2025-04-10T09:56:06+00:00\",\"dateModified\":\"2026-02-09T14:30:34+00:00\",\"breadcrumb\":{\"@id\":\"https:\\\/\\\/velarogverkfaeri.is\\\/lykillausnir\\\/adgangskerfi\\\/product\\\/frascio-hurdarhandfang-solaris-m-klosettsnerilsetti-matt-svart\\\/#breadcrumb\"},\"inLanguage\":\"en-US\",\"potentialAction\":[{\"@type\":\"ReadAction\",\"target\":[\"https:\\\/\\\/velarogverkfaeri.is\\\/lykillausnir\\\/adgangskerfi\\\/product\\\/frascio-hurdarhandfang-solaris-m-klosettsnerilsetti-matt-svart\\\/\"]}]},{\"@type\":\"ImageObject\",\"inLanguage\":\"en-US\",\"@id\":\"https:\\\/\\\/velarogverkfaeri.is\\\/lykillausnir\\\/adgangskerfi\\\/product\\\/frascio-hurdarhandfang-solaris-m-klosettsnerilsetti-matt-svart\\\/#primaryimage\",\"url\":\"https:\\\/\\\/velarogverkfaeri.is\\\/wp-content\\\/uploads\\\/2026\\\/02\\\/907f363e-9de6-4c47-8e74-919a3033c1ae.jpg\",\"contentUrl\":\"https:\\\/\\\/velarogverkfaeri.is\\\/wp-content\\\/uploads\\\/2026\\\/02\\\/907f363e-9de6-4c47-8e74-919a3033c1ae.jpg\",\"width\":2500,\"height\":999},{\"@type\":\"BreadcrumbList\",\"@id\":\"https:\\\/\\\/velarogverkfaeri.is\\\/lykillausnir\\\/adgangskerfi\\\/product\\\/frascio-hurdarhandfang-solaris-m-klosettsnerilsetti-matt-svart\\\/#breadcrumb\",\"itemListElement\":[{\"@type\":\"ListItem\",\"position\":1,\"name\":\"Home\",\"item\":\"https:\\\/\\\/velarogverkfaeri.is\\\/\"},{\"@type\":\"ListItem\",\"position\":2,\"name\":\"Vefverslun\",\"item\":\"https:\\\/\\\/velarogverkfaeri.is\\\/vefverslun\\\/\"},{\"@type\":\"ListItem\",\"position\":3,\"name\":\"FRASCIO Hur\u00f0arhandfang SOLARIS m. kl\u00f3settsnerilsetti matt svart\"}]},{\"@type\":\"WebSite\",\"@id\":\"https:\\\/\\\/velarogverkfaeri.is\\\/en\\\/#website\",\"url\":\"https:\\\/\\\/velarogverkfaeri.is\\\/en\\\/\",\"name\":\"V\u00e9lar & Verkf\u00e6ri\",\"description\":\"Umbo\u00f0s- og heildverslun fr\u00e1 \u00e1rinu 1919\",\"publisher\":{\"@id\":\"https:\\\/\\\/velarogverkfaeri.is\\\/en\\\/#organization\"},\"potentialAction\":[{\"@type\":\"SearchAction\",\"target\":{\"@type\":\"EntryPoint\",\"urlTemplate\":\"https:\\\/\\\/velarogverkfaeri.is\\\/en\\\/?s={search_term_string}\"},\"query-input\":{\"@type\":\"PropertyValueSpecification\",\"valueRequired\":true,\"valueName\":\"search_term_string\"}}],\"inLanguage\":\"en-US\"},{\"@type\":\"Organization\",\"@id\":\"https:\\\/\\\/velarogverkfaeri.is\\\/en\\\/#organization\",\"name\":\"V\u00e9lar & Verkf\u00e6ri\",\"url\":\"https:\\\/\\\/velarogverkfaeri.is\\\/en\\\/\",\"logo\":{\"@type\":\"ImageObject\",\"inLanguage\":\"en-US\",\"@id\":\"https:\\\/\\\/velarogverkfaeri.is\\\/en\\\/#\\\/schema\\\/logo\\\/image\\\/\",\"url\":\"https:\\\/\\\/velarogverkfaeri.is\\\/wp-content\\\/uploads\\\/2021\\\/10\\\/vv_logo_350x100.png\",\"contentUrl\":\"https:\\\/\\\/velarogverkfaeri.is\\\/wp-content\\\/uploads\\\/2021\\\/10\\\/vv_logo_350x100.png\",\"width\":350,\"height\":100,\"caption\":\"V\u00e9lar & Verkf\u00e6ri\"},\"image\":{\"@id\":\"https:\\\/\\\/velarogverkfaeri.is\\\/en\\\/#\\\/schema\\\/logo\\\/image\\\/\"},\"sameAs\":[\"https:\\\/\\\/www.facebook.com\\\/VelarOgVerkfaeri\"]}]}<\/script>\n<!-- \/ Yoast SEO plugin. -->","yoast_head_json":{"title":"FRASCIO Hur\u00f0arhandfang SOLARIS m. kl\u00f3settsnerilsetti matt svart - V\u00e9lar &amp; Verkf\u00e6ri","robots":{"index":"index","follow":"follow","max-snippet":"max-snippet:-1","max-image-preview":"max-image-preview:large","max-video-preview":"max-video-preview:-1"},"canonical":"https:\/\/velarogverkfaeri.is\/en\/lykillausnir\/adgangskerfi\/product\/frascio-hurdarhandfang-solaris-m-klosettsnerilsetti-matt-svart\/","og_locale":"en_US","og_type":"article","og_title":"FRASCIO Hur\u00f0arhandfang SOLARIS m. kl\u00f3settsnerilsetti matt svart - V\u00e9lar &amp; Verkf\u00e6ri","og_url":"https:\/\/velarogverkfaeri.is\/en\/lykillausnir\/adgangskerfi\/product\/frascio-hurdarhandfang-solaris-m-klosettsnerilsetti-matt-svart\/","og_site_name":"V\u00e9lar &amp; Verkf\u00e6ri","article_publisher":"https:\/\/www.facebook.com\/VelarOgVerkfaeri","article_modified_time":"2026-02-09T14:30:34+00:00","twitter_card":"summary_large_image","schema":{"@context":"https:\/\/schema.org","@graph":[{"@type":"WebPage","@id":"https:\/\/velarogverkfaeri.is\/lykillausnir\/adgangskerfi\/product\/frascio-hurdarhandfang-solaris-m-klosettsnerilsetti-matt-svart\/","url":"https:\/\/velarogverkfaeri.is\/lykillausnir\/adgangskerfi\/product\/frascio-hurdarhandfang-solaris-m-klosettsnerilsetti-matt-svart\/","name":"FRASCIO Hur\u00f0arhandfang SOLARIS m. kl\u00f3settsnerilsetti matt svart - V\u00e9lar &amp; Verkf\u00e6ri","isPartOf":{"@id":"https:\/\/velarogverkfaeri.is\/en\/#website"},"primaryImageOfPage":{"@id":"https:\/\/velarogverkfaeri.is\/lykillausnir\/adgangskerfi\/product\/frascio-hurdarhandfang-solaris-m-klosettsnerilsetti-matt-svart\/#primaryimage"},"image":{"@id":"https:\/\/velarogverkfaeri.is\/lykillausnir\/adgangskerfi\/product\/frascio-hurdarhandfang-solaris-m-klosettsnerilsetti-matt-svart\/#primaryimage"},"thumbnailUrl":"https:\/\/velarogverkfaeri.is\/wp-content\/uploads\/2026\/02\/907f363e-9de6-4c47-8e74-919a3033c1ae.jpg","datePublished":"2025-04-10T09:56:06+00:00","dateModified":"2026-02-09T14:30:34+00:00","breadcrumb":{"@id":"https:\/\/velarogverkfaeri.is\/lykillausnir\/adgangskerfi\/product\/frascio-hurdarhandfang-solaris-m-klosettsnerilsetti-matt-svart\/#breadcrumb"},"inLanguage":"en-US","potentialAction":[{"@type":"ReadAction","target":["https:\/\/velarogverkfaeri.is\/lykillausnir\/adgangskerfi\/product\/frascio-hurdarhandfang-solaris-m-klosettsnerilsetti-matt-svart\/"]}]},{"@type":"ImageObject","inLanguage":"en-US","@id":"https:\/\/velarogverkfaeri.is\/lykillausnir\/adgangskerfi\/product\/frascio-hurdarhandfang-solaris-m-klosettsnerilsetti-matt-svart\/#primaryimage","url":"https:\/\/velarogverkfaeri.is\/wp-content\/uploads\/2026\/02\/907f363e-9de6-4c47-8e74-919a3033c1ae.jpg","contentUrl":"https:\/\/velarogverkfaeri.is\/wp-content\/uploads\/2026\/02\/907f363e-9de6-4c47-8e74-919a3033c1ae.jpg","width":2500,"height":999},{"@type":"BreadcrumbList","@id":"https:\/\/velarogverkfaeri.is\/lykillausnir\/adgangskerfi\/product\/frascio-hurdarhandfang-solaris-m-klosettsnerilsetti-matt-svart\/#breadcrumb","itemListElement":[{"@type":"ListItem","position":1,"name":"Home","item":"https:\/\/velarogverkfaeri.is\/"},{"@type":"ListItem","position":2,"name":"Vefverslun","item":"https:\/\/velarogverkfaeri.is\/vefverslun\/"},{"@type":"ListItem","position":3,"name":"FRASCIO Hur\u00f0arhandfang SOLARIS m. kl\u00f3settsnerilsetti matt svart"}]},{"@type":"WebSite","@id":"https:\/\/velarogverkfaeri.is\/en\/#website","url":"https:\/\/velarogverkfaeri.is\/en\/","name":"V\u00e9lar & Verkf\u00e6ri","description":"Umbo\u00f0s- og heildverslun fr\u00e1 \u00e1rinu 1919","publisher":{"@id":"https:\/\/velarogverkfaeri.is\/en\/#organization"},"potentialAction":[{"@type":"SearchAction","target":{"@type":"EntryPoint","urlTemplate":"https:\/\/velarogverkfaeri.is\/en\/?s={search_term_string}"},"query-input":{"@type":"PropertyValueSpecification","valueRequired":true,"valueName":"search_term_string"}}],"inLanguage":"en-US"},{"@type":"Organization","@id":"https:\/\/velarogverkfaeri.is\/en\/#organization","name":"V\u00e9lar & Verkf\u00e6ri","url":"https:\/\/velarogverkfaeri.is\/en\/","logo":{"@type":"ImageObject","inLanguage":"en-US","@id":"https:\/\/velarogverkfaeri.is\/en\/#\/schema\/logo\/image\/","url":"https:\/\/velarogverkfaeri.is\/wp-content\/uploads\/2021\/10\/vv_logo_350x100.png","contentUrl":"https:\/\/velarogverkfaeri.is\/wp-content\/uploads\/2021\/10\/vv_logo_350x100.png","width":350,"height":100,"caption":"V\u00e9lar & Verkf\u00e6ri"},"image":{"@id":"https:\/\/velarogverkfaeri.is\/en\/#\/schema\/logo\/image\/"},"sameAs":["https:\/\/www.facebook.com\/VelarOgVerkfaeri"]}]}},"_links":{"self":[{"href":"https:\/\/velarogverkfaeri.is\/en\/wp-json\/wp\/v2\/product\/71376","targetHints":{"allow":["GET"]}}],"collection":[{"href":"https:\/\/velarogverkfaeri.is\/en\/wp-json\/wp\/v2\/product"}],"about":[{"href":"https:\/\/velarogverkfaeri.is\/en\/wp-json\/wp\/v2\/types\/product"}],"replies":[{"embeddable":true,"href":"https:\/\/velarogverkfaeri.is\/en\/wp-json\/wp\/v2\/comments?post=71376"}],"wp:featuredmedia":[{"embeddable":true,"href":"https:\/\/velarogverkfaeri.is\/en\/wp-json\/wp\/v2\/media\/79868"}],"wp:attachment":[{"href":"https:\/\/velarogverkfaeri.is\/en\/wp-json\/wp\/v2\/media?parent=71376"}],"wp:term":[{"taxonomy":"product_brand","embeddable":true,"href":"https:\/\/velarogverkfaeri.is\/en\/wp-json\/wp\/v2\/product_brand?post=71376"},{"taxonomy":"product_cat","embeddable":true,"href":"https:\/\/velarogverkfaeri.is\/en\/wp-json\/wp\/v2\/product_cat?post=71376"},{"taxonomy":"product_tag","embeddable":true,"href":"https:\/\/velarogverkfaeri.is\/en\/wp-json\/wp\/v2\/product_tag?post=71376"}],"curies":[{"name":"wp","href":"https:\/\/api.w.org\/{rel}","templated":true}]}}