{"id":71265,"date":"2025-03-31T10:11:07","date_gmt":"2025-03-31T10:11:07","guid":{"rendered":"https:\/\/velarogverkfaeri.is\/?post_type=product&#038;p=71265"},"modified":"2026-02-16T11:16:10","modified_gmt":"2026-02-16T11:16:10","slug":"beslag-design-hurdarhandfang-helix-200-plain-dokkbrons-assa-abloy-2014-752017-41","status":"publish","type":"product","link":"https:\/\/velarogverkfaeri.is\/en\/lykillausnir\/hurdabunadur-lykillausnir\/hurdarhunar-hurdabunadur-lykillausnir\/product\/beslag-design-hurdarhandfang-helix-200-plain-dokkbrons-assa-abloy-2014-752017-41\/","title":{"rendered":"BESLAG DESIGN Hur\u00f0arhandfang HELIX 200 PLAIN D\u00f6kkbrons ASSA ABLOY 2014 752017-41"},"content":{"rendered":"<p><img decoding=\"async\" src=\"data:image\/png;base64,iVBORw0KGgoAAAANSUhEUgAAAbQAAACSCAYAAAAttj\/ZAAAAAXNSR0IArs4c6QAAAARnQU1BAACxjwv8YQUAAAAJcEhZcwAADsMAAA7DAcdvqGQAACPGSURBVHhe7d0PbBNXvi\/wb9+NlKyQnlNx18lS3fqpEo5Y6RmQmgS6IuU+IOFuSZw+8ucuN03UXZKlj9ptt7hFj+ZWLYHqsaVbhZgViYtEk13d1EEiuLdAnKtSZ1dAUlHFlRZhtFyMBKqtR5WRGjWjzdO8M\/ZxYjuOYwcowXw\/2tHOb87MmRmH\/n4+ZybwmCaAiIjoIfdf5P8TERE91FjQiIgoJ7CgERFRTmBBIyKinMCCRkREOYEFjYiIcgILGhER5YRFFzRVUeXaffR1Hw4Ph2Vwl+5lX6nc7\/6JiCitxRW02y40rmzDwKSMsxTub8G698ZklMYtH9xXvpfBXbqXfaVyv\/snokfDtAL\/Hw6graEKG\/f75EZdEK4d61D186qZxX6SX6LjLaqghT8dRelrBnjOZjZK83e7EF++jFv3obulVEYPp+R7IiK6a9MBOH\/pgL9sD7o\/OYfz7RWyQRfAqGE\/zn12bmbp3G6UbaRbREELwv0nE+od1cgf9CCxpKlQ9KnIaRWBET\/07w7qnTACF0YQDIcRDitQp8XGgiKYDJEDZqkKgl954Rn0IZBmOlNVAvCJ8\/quiL7ktvmo13xp+5u3r0l5nZNh+Ic98H4VjsZSynuKEfcRGJHHyE1ERAtT4d3ThaIj3WhamS+3xbkZQMFPzTJIL\/ZIKJIDh0UujiUjNZrTfNeSspPIW5FDUrTP6WMJy76gXemDd1U9zHlb0GT0wJ0w4vXBIX4gTpsDvm\/1WEXw60sYD32D8QuXcOnCOIL6h\/K5A1XHg\/oOEcpIOxp3dcEPM8rFz8t\/0ifK5lyBj9tgOxpE8XoLCi+3o8bmhSLbEohvOX3NtXCMFsKyvhjBozbY\/5jYY7q+gscd6Djejpb9Q4C5HKY7PWjeZIc3ssM896Tzu\/DGQTe++XsLiv7SgaqGvkhR1wW7W2Af5PQAEc3jugt9RS+jLm+eL9q3gyhYaZJBOkG49nbA+bYdXcFiWJaPwlEp8teXLtjf1nNaCdSBZjQeCcj9BZGTHUfj2j+qQVX3GLwzffjR8XwsBy5h+l9OnI2rB1u1nlsy8Dm0hmMhGeiGtNYfN2vuCRlKQ7taRUucM61aeeeN6PqtXq1512kt6ZCohP16tNZ3x6PrUuhYg+a4IIM4ke0+GUjj767JuK8bnc9q\/+3NL6JBTOB9zfr67LZU9\/T4L9wJ93H14LMzfYbOdGm9l6eiARFRktCJVq3hZZtm+2BIuxq6qn3xkU179p+6tKt\/i7ZPjfVotldE+ysNWmVFs9Y1ljJrCje0rmfWaB2XZajT81N9b1x+Cmk9NbbZHDYnf+l9lGhvjclQJ\/K99ajMoUtUliO0MbgulqAsT59qE0vJBhjOnp4ZhUSsLENp8nRiGuFhL4paqrHQIcFBLwrFaCtyXrnAUADfWPJYLgj3WRPqN8hQspTOPrNbuK8pbNkYP3ctrKzDluufpn1uZl5fmnAf5rVmTExE141bd6NpbYppBCIiIfgXL7BxPzpf2wKz0YyKX3Zi8FejODAYHaflP70TnR92iqUf5\/6jE09+1ALn9UhTCqUoWytXdebVqNsg8rUMRUbC6lU3EYg7PjF\/mWC2VKDiaRnqSiyAP25UtwRlV9BG3AiIIW8wMtWmL0DZci\/c836oC\/teyYcpk+ea08DE9dh55VJQh0Nbi+UOcYpM4seVRjZ9zTDhyeUTkPWJiOgeW42KtYlf7Q1ry6CM+WUUJ8+A6hYzvOdSPZzJjPGJLF8oMRalz6tLQFYFzTc4gaZ36lBtrZ5Zdv7GAm\/\/4qv2jwxhjGdyeJ6KQsvseWNLRaqHp6Fg4qgxWTZ9zfDDf8uEIhkREd1Lpp8aEExOXP9vCoaiheavKCbzgjbtxcCdSlQvk3HMqnqUXnSLdJ+OAmWe31kzWpugfuBEIP5NwRRM1jqETnhSvwSSwIT62gC6TsbvqcAz6EWBjDLpy3MysV0524Wxf2qCGHRL899TSqqa+DYkEVEc4+Ytc\/KS\/99GYN6a6s1GkdNOhFBnzeQlkUdHxgVNHeyDsq0ac8cwZjRtHkPfiAxTqNhehJ69LniOe+cWPkMdOg8CB6pqYT8ygIEj7Whpds7db0UTOneMwrqpEe1yv7Ydh1M+0zI2n8Cv\/G1ofNWJgX4n3nixHcpzL4srlTLoq\/qnIdgb7HD2e+Da14i2C\/U48dLsH56095SCd89P8OzvFz89QEQ5TualtoZ2uAYH4LQ14rDpEPat0hv9OGwVeeg9kXNETmvbZMXojk40rYgcSdJj+pshcv3+mlQQni6A0TD\/tJ7++11KniHtPrpM94ucU4yiDEZDikIclaqv4JF1OLDyIrq3qlDC4vvSMiMMySNTXQb3NEMfof1dPvLzZExElMq0yDvfirxjEHknKbWoishXan7anPYo++EK2kNktqDJDUREtORl+do+ERHR0sQRGhER5QSO0IiIKCewoBERUU5gQSMiopzAgkZERDmBBY2IiHICCxoREeUEFjQiIsoJLGhERJQTWNCIiCgnsKAREVFOYEEjIqKcwIJGREQ5gQWNiIhywqILmqqocu0++roPh4fDMrhL97IvIiJachZX0G670LiyDQOTMs5SuL8F694bk1Eat3xwX\/leBncpvq\/wAFrKDyCDKyAi+uGcb8e6TVWo+nlsOTybp+6Mwdlai6qfrcW6n9XC3h+QDRSzqIIW\/nQUpa8Z4Dmb2SjN3+1KKB7GrfvQ3VIqowfAuAX7XK14EFcQHnbBc1MGRERxgl+H8ELPOZz7LLa8PpOnwv\/5PbZ1ncK5P3+Fi38+hZ0BG964KBspYhEFLQj3n0yod1Qjf9CDxJKmQtGnIqdVBEb80Cf41DthBC6MIBgOIxxWoE6LjQVFMBkiB8xSFQS\/8sIz6EMgzXSmqgTgE+f1XRF9yW3zUa\/55umvAEUr4i5AXG9YP\/ewuOakUWdsajXSl94e60oNwz8sruNaqqsQn8OVuedWlTCC4rPwRz6LMGabUu+vi55fv74xBBY5Iiaih0MgUADzUzJIYny6AqZ8GQiWf67ExFhQRomyzlsi\/0ZTzdz2OX0sYdkXtCt98K6qhzlvC5qMHrgTHkv54NjTBafNAd+3eqyKbxyXMB76BuMXLuHShXEE9Q\/lcweqjs\/+IJSRdjTu6oIfZpSbxYjupE+UzbkCH7fBdjSI4vUWFF5uR43NC0W2JZgOoK+5Fo7RQljWFyN41Ab7H+N7FNdZ45LnUOA98j4uRc49AfeLjXBeizQIQbj2dsD5th1dwWJYlo\/CUWmH90sX7G8PAeYSqAPNaDwSN\/TXz\/2SDV23ilG+thCjb9XAfjZ6lcp18Vnc\/AbBy\/pncQnBO+n3nzn\/Pht6AnK69LoLLTZP5MsCEeWSMELLSkQmytB3U1Dz5HqCReQtkZMdR+PaP6pBVfcYvDN9+NHxvOgjZcJdQrQsXT3YqvXckoHPoTUcC8lAN6S1\/rhZc0\/IUBra1Spa4pxp1co7b0TXb\/VqzbtOa0mHRCXs16O1vjseXZdCxxo0xwUZxIls98lAGn93zWxf+nU+06XFogQhcT1vjsrghtb1zBqt47IMdeKaHq\/vjbvekNZTY5u5v9Cx1sT99fZ6hzbTY2er1vVXGQjp9xfn\/x\/lie23hrSuE+PalAyJKFfc0E7\/q02zvWLTWuuf1SpfOa2F\/iabUhh\/tzkhl8zKPm9F2n\/hjmvX+yjR3hqToU7ke+vRlFlzychyhDYG18USlOVFp8zCJRtgOHs6cbSwsgylydOJaYSHvShqqcZChwQHvSgUo63IeeUCQwF8c4bcQbjPmlC\/QYaSpTT9EzNVCUaG2p4LV\/GNMiG36kpRtlau6syrUbdB3LcMASNWr7qJwHV9XZz7fCHKnpi9Rv0yC5f5MBppT5bB\/lOWxPOv2ILdzRbEzTwQUU4wofqdTnR+2InuT87j9K8DaHvNm\/rRyjUnDue9jt3zTE9ml7eizOtL49pNMFsqUPG0DHUlFsC\/tF9Eya6gjbgRWGlCMDJ9qC9A2XIv3CmTdWa+V\/JhMsognWlg4nrsvHIpqMOhrcVyhzhFJvHjypQC76u1cJwMosBSjvL1q5Gix7SMT8SfbSLu84ku+bWHsKVINs+R7f5E9CjIX\/UC6m554JPxDMUL+35gn0MUmLuQmLcyYCzKIq8+GFkVNN\/gBJreqUO1tXpm2fkbC7x38frojwxhjGdyeJ6KQsvseWNLxcoUY5VQMPNnTMPtcJWeQOcvK2A2GmE0Gu5u9DNViNVJ11htFX0vk+3Jst2fiB5dejGzBfDy8d0wp3x+9mjLvKBNezFwpxLVyYl2VT1KL7rhl2FqCpR53tAzWpugfuBEQH\/7MQ2TtQ6hE57UL4EkMKG+NoCuk\/F7KvAMelEgo3iqEgIKZltUfdpRrmdPP3cIPZ+mu0oFEzPNmeyfTIXKtx2Jct+1XgyYX8AWGULxoX2vKGY9LGbzybigqYN9ULZVpxi9mNG0eQx9IzJMoWJ7EXr2uuA57p1b+Ax16DwIHKiqhf3IAAaOtKOl2Tl3vxVN6NwxCuumRrTL\/dp2xP3SYRxj8wn8yt+GxledGOh34o0X26E893LKt4fyt+6B+aMatB\/3wLWvEW3XyrBz2cK\/EjAfY3Mnmi5YsXFHO5z9A3DuE9fxu9mrND1XAf97B8R1DWBMDCMX2n+OYQd+UulEqrdAiejhpZxsQ5XIVc5+PRfVYuP+IhzqiD379+PwpjaM4iq63rTD\/qpcfuvlG89xHtPfDJHr99ekgvB0AYyG+Sf09N9ZU\/IMaffRZbpf5JxiNGNYcBpRhRIWoySDEQt1mbFp0ee38\/Spiuv6TnwWy+Ma0u2fQB+h5SOfU5JEuSeWB5aJPMD\/xrP2wxU0IiKi+yjL1\/aJiIiWJhY0IiLKCSxoRESUE1jQiIgoJ7CgERFRTmBBIyKinMCCRkREOYEFjYiIcgILGhER5QQWNCIiygksaERElBNY0IiIKCewoBERUU5gQSMiopzAgkZERDlh0QVNVRb7bzpn4es+HB5exL\/Hutjj7pUHfX4iokfQ4grabRcaV7ZhYFLGWQr3t2Dde2MySuOWD+4r38sgC4s97l550OcnooeWet0D+6ZGuG7KDTOCcO1Yh6qfV80s9pNxX5zVAFyttWi01mKdtR3eO3L7I2RRBS386ShKXzPAczazUZq\/24X48mXcug\/dLaUyevgl3x8R0WKow+1o+\/dilD0VhDotN84IYNSwH+c+OzezdG43yrYw+lrfR9H7p9A\/eAoXP66Au9UpSuCjZREFLQj3n0yod1Qjf9CDxJKmQtGnIqdVBEb84iMWW+6EEbgwgmA4jHBYif6QCopgMkQOmKUqCH7lhWfQh0Ca6UxVCcAnzuu7IvqS2zIx73GT8pomw\/APi\/ZrqXoV93XFB8+wuCd9VCquNXaJKe8vRuwXGPHA+1U4q2slokdT\/ub9OGErRVGe3BDvZgAFPzXLIMmVHgys2oPqWF41bMG+f\/TCeVHG8WL5S52b89RrMs8lJazYI6Y57Sn6eJCyL2hX+uBdVQ9z3hY0GT1wJzwq8sGxpwtOmwO+b\/VYRfDrSxgPfYPxC5dw6cI4gvp9f+5A1fHZ7w7KSDsad3XBDzPKxc\/Lf9KX8ptF4OM22I4GUbzegsLL7aixeaHItnTSHRc87kDH79th7x5HgaUE6kAzNu6LG28pYzj8Yhu6bhVHrm1oXy3e2NMGx+d64zz3p\/O78MZBN775ewuK\/tKBqoa+SIHXBbtbYB\/kMzYiysLtIApWmmSQKHh+DOZ\/TCx2plIzAl+lyKQi\/zqOumB\/ewgwi5z3UQ2qusfgfduOrmAxLMv96HjeDu9Mcg3CtbcDzpn2UTgqRfuXcX2IvNl4JCD3f4C0LF092Kr13JKBz6E1HAvJQDektf64WXNPyFAa2tUqWuKcadXKO29E12\/1as27TmtJh0Ql7Nejtb47Hl2XQscaNMcFGcTL4rgbneXamoT2Kc39glXrlbf1xZvNWm\/sfiMmtNM7i7XWMzIUUt3f479wJ9zT1YPPzpwzdKZL6708FQ2IiJIM7SrXuv4qA2lqrEezvWITS4NWWdGsdY3NZpjRN61z9tf+2qW1xvJgvDn56YbW9UyJ9taYDHUit1uPxo7V29doHZdlqNP7qO+N6yOk9dTYEvPgA5DlCG0MroslKMvTp9fEUrIBhrOnZ0YeESvLUJo8nZhGeNiLopZqLHRIcNCLwvXF0fPKBYYC+MbSzxJnclxpqUWu6fJFbITynb7uxcDtatSviDRIBlgsqb8lxTOvL024J\/NaMyYmouvGrbvRtDY\/GhARZSD\/6Z3o\/LBTLP049x+dePKjFjivR9smJmVyyVBifjLBbKlAxdMy1JWInOiPH3GVomytXNWZV6Nug8j\/MhRZDatX3URAXs+Dkl1BG3EjIIa8wcj0mr4AZcu9cN\/FTXyv5MMUe66ZzrT4oV2PnVcuBXU4tLVY7jCPxR4nTS0ziBJHRLSE5BlQ3WKG91z0i7nZXISJ5Ocv4WDiYCMbxiJRorJjfCLbI+69rAqab3ACTe\/UodpaPbPs\/I0F3v7Fz53+yBDGeCaH56kotMyeN7ZUrFyg3Cz2uIhCFN4OzHmeN\/ftIyKiB8e00oCxrxPLVzgQgrl04dmkXJJ5QZv2YuBOJaqXyThmVT1KL7rhl2FqCpR5fmfNaG2C+oETgQWKhMlah9AJT0YvgcRb7HFRpdi91YfDZ+OOVrzoOpZcgee\/v5RUlUWRiO6CAs+JEOqssmBtboX5VO9sHp0OoPdUEerjpxEfARkXNHWwD8q26hTTb2Y0bR5D34gMU6jYXoSevS54jnvnFj5DHToPAgeqamE\/MoCBI+1oaXbO3W9FEzp3jMK6qRHtcr+2HYcX\/v2vxR4nmV7qRt1IAzY2tMG+pw1th6ZQ92sLCuJeq017fyl49\/wEz\/4+\/bM\/IqJZfhy2NqLtPZFn+p1o22TF6I5ONMWe7+eVYn+7yKPb2+EadKF9+wEU\/J9DKE31+n8Oe0x\/M0Su31+TCsLTBTAa5p\/q03+nS8kzpN1Hl+l+yRZ7XLLA79rg3d6N3U\/KDboM7m+GPkL7u3zkP2J\/2Ijo7qiKyGFqPgzGeZ7tT6tQvp1CwXztOe6HK2i5YtqPA78cQdPHu\/FozU4TES1tLGgLUM+3o+ZoCGUbKrEaPrhHCtD04SFUJ7zKT0REDxoLWob06cqpAiMMyS\/FEBHRksCCRkREOSHLvymEiIhoaWJBIyKinMCCRkREOYEFjYiIcgILGhER5QQWNCIiygksaERElBNY0IiIKCewoBERUU5gQSMiopzAgkZERDmBBY2IiHLCoguaqqhy7T76ug+Hh8MyeFD86PutF\/NfxULtRET0Q1hcQbvtQuPKNgxMyjhL4f4WrHtvTEZp3PLBfeV7GdwfC19LCL5TAcx\/FQu1ExFl6Hw71m2qQtXPY8thzGSnO2Nwttai6mdrse5ntbD3B2QDxSyqoIU\/HUXpawZ4zmY2SvN3u2Z\/KIJx6z50t5TK6MHK9lrCwy54bsqAiOgeCn4dwgs953Dus9jyOmLZKfyf32Nb1ymc+\/NXuPjnU9gZsOGNi7KRIhZR0IJw\/8mEekc18gc9SCxpKhR9KnJaRWDEH5mG0\/9hzMCFEQTDYYTDCtRpsbGgCCZD5IBZqoLgV154Bn0IpJnOVJUAfOK8viuiL7ktgTh35BriTSpI3qQq8vhU1zKZ+hyqEkZQ3Is\/ci\/hpD7Fea\/44BkW9510LiKiTAQCBTA\/JYMkxqcrYMqXgWD550pMjAVllCj2SEi9lpST1DD8wyK3XUtKUiL\/Rg5J0T6njyUs+4J2pQ\/eVfUw521Bk9EDd8LDIx8ce7rgtDng+1aPVfGN4xLGQ99g\/MIlXLowjqD+oXzuQNXx2R+EMtKOxl1d8MOMcrMY0Z30ibI5V+DjNtiOBlG83oLCy+2osXmhyLYZeX4csLkTnmn5PtgI6wfxw3M\/3n+pD9\/oq0nXEvi4BbX7RlG4thzFt7pge7Vv5lqU6+Jebn6D4GX9Xi4heEc2TI\/DtacD7v9bDMtyPzoqG9F3W7ZNevGG9bA4IxFROmGElpWILJih76ag5sn1BEG49nbA+bYdXUE9J43CUWmH90sX7G8PAeYSqAPNaDwSlxNFHnQcjWv\/qAZV3WPwzvQh8trzoo85CXeJ0f\/F6mxcPdiq9dySgc+hNRwLyUA3pLX+uFlzT8hQGtrVKlrinGnVyjtvRNdv9WrNu05rSYdEJezXo7W+Ox5dl0LHGjTHBRnE+eL1Zq03dll\/G9Ic\/9ut9ezq0K7KTdpfOrTmWL9J52h4\/YvoeszlDm3NM12a3EO70dmqdf1VBhHinh9vSLxn0f+zb45G178b13o7h7T4T4mIaK4b2ul\/tWm2V2xaa\/2zWuUrp7XQ32RTCuPvNiflopgbWtcza7SOyzLUiTz3eH1vXJ4NaT01ttm8rLf\/wh3XrvdRor01JkOdyPfWo7FMuDRlOUIbg+tiCcryolNu4ZINMJw9nfiG38oylCZP4aURHvaiqKUaCx0SHPSicH1x9LxygaEAvhRD7orN+fCORMfH6qAH2FqHmrVBuK9ENiFwKoCy50zRIE5w8FOY6ipkJK0V9yNX57WqIvGeV5XBrExE15dZ0GTbAmM0IiKahwnV73Si88NOdH9yHqd\/HUDba97Uj1auOXE473Xsnmd6EiJrla2VqzrzatRtEPlahhAZafWqmwhcl6FgXl8a126C2VKBiqdlqCuxAP6l\/SJKdgVtxI3AShOCkelDfQHKlnvhjvtQsvW9kg9TJtl+Gpi4HjuvXArqcGhrsdwhzuZ6GM77xIoKz\/kCbFsvfnzbyhAUhUwfjntvlmFbqj8I08bMroWI6D7LX\/UC6m55oGeyBIoX9v3APocoMHfB+ESWyc5YtOS\/mGdV0HyDE2h6pw7V1uqZZedvLPDexeujPzKEMZ7J4XkqCi2z540tFSvjnpLG5IlvFtNejE2KPwz\/tR4V+jzzihqU3RQF+fqnGP\/pNvH9IwUx8gwmDDeJiJYQvZjZAnj5+G6YUz4\/e7RlXtBEgRi4U4nqZTKOWVWP0ovuBV56UKDM8ztrRmsT1A+cCOhvP6ZhstYhdMIz9yWQlPJRvRlw7x9FUV1swtCImrUKXN1BrE4x3ajTzxE4OpBwDuVTN7wFMohQMJHlg1F18iF4PYiIlpZrvRgwv4AtMoTiQ\/teUcx6WMzmk3FBUwf7oGyrFqUimRlNm8fQNyLDFCq2F6Fnrwue4965hc9Qh86DwIGqWtiPDGDgSDtamp1z91vRhM4do7BuakS73K9tR9wvHSbJ32BB4PMi1MfNIxu3mTE+Yko93agT5zjROo62Bjuc\/QNw7mlB+7fVeDnutSPTcxXwv3cAA6J9LJPR3E0nqv7BBq8MiYhSUU62oerFdpF7PHDtq8XG\/UU41BH7Qu7H4U1tGMVVdL1ph\/1VufBvKUrwmP5miFy\/vyYVhKcLYDSkmCKU9N9ZU\/IMaffRZbrfoum\/y\/atGIYZjEh5ClXcy3fiXpZndn59hJa\/7D5dKxHljljuWSZyT\/JsGC3ohytoRERE91GWr+0TEREtTSxoRESUE1jQiIgoJ7CgERFRTmBBIyKinMCCRkREOYEFjYiIcgILGhER5QQWNCIiygksaERElBNY0IiIKCewoBERUU5gQSMiopzAgkZERDmBBY2IiHLCogua\/o9shsPRRVHlxiSqokCdloGUyXHz+roPh4f577MSEdFcWRc05UsnWn7eiI7BS7h0QV9Oo2vfAAKyfca0H+\/vdUPJi4YZH5fOLR\/cV76XwRgOlLdgYEnVt6V4TUT0UJhWMNZtR2PlOqwtX4eqF\/sQSBoQKMPtqLXWonbTRrR0B5DtmCDn6f9idaYmzti0hndHtQkZpzM10Kw1D0xF1rM5Lq0zrVp55w0ZaFrIf\/Xu+7zHluI1EdHDYEILhaI5UzfltWnPHrwqI+GCQ7N+MBtf7bRqtjOz+5OmZT5Cmxajjw+KsL+9FAa5aX5h9PYX4VfW\/CyPm0u95oNn0IdAivlJw4oiFMh1VbZH9h\/2IxzbXQ3DP+yB71qq7zIqlCup+5\/p77YfXr19MhImiLZ54Z85WeI1Rc1\/DkzKKdnJ+a9RVQLwDc53\/USUOwwwGkXOlPI3V8N8MygjFQPHQmhqM8sYML+0G1PdbpFt58o6H6pK9BFQivY5fSxhmRe0L90IVDdh9uNM40oPRjbsRoU+3ZjNcfGmA+hrroVjtBCW9cUIHrXB\/sfYD1cXhKvGAV9sfW8HnG\/b0RUshmX5KByVdni\/dMH+9pD4yZdAHWhG45G4CU69\/5ds6LpVjPK1hRh9qwb2s4psjOvvLwVYbVbhfnEj2i\/KZiH8hzbYzoqu1xYh6L0k\/1DFX5OgiGLe3BY9R+QemlG114eZsxx3oOP37bB3j6PAEr3GjfvGZKtwsR1th4IoXl8CjAzBH5l+UOHdW4vDX0f2IKIcpYgvy0XbK2Tkg0\/ZgoplMtTlrUYFRjEuw1mLyIefO+A4Gtf+UQ2qusfgnenDj47nRR+x5LVUyZHagkInrFrrGRmkNaUNvWzT3N9Fo8yPSxQ61qA5fDKQxt9dEzfleEPreqZVG5pZX6N1XI4EUWdatcfre+Om\/0JaT41N7q\/335q4v95e79BGI+sp+vvOrTU\/3yv20on2Gof2RWQ9Xvw1adrom1at668ykK5+YJ25rxud5dqad8ejQcSU5n7BqvVGTyI+R6vWcyu6PmtKGz\/RpQ3N2U5ED73QkPb+KzatoWKN1vxvs49XtFCvZt0VyyyzhnbN5ptZ2efDSPsv3HHteh8l2ltjMtT5HJr1aNw1LUH3\/rX9271w5dehLv6bxALCX3ngGZTLef1BZxDusybUb5A7SJbSUrmWSinK1spVnXk16jZsiJvmNGL1qpsIXNfXRf\/nC1H2xOwbl+J\/KFzmw2ikXZfU3zIRFymIvpJiwratQTiPjEFJemg7y4veQB3qn5KhZN6+BeOfeGUkzlJqkWu6fBEboXwXjSqsT8L9ngfBhKF+PizNu7FlhQyJKHcYt+D1DzvR\/1k\/6v7UhsY\/yFmpKQUT0bUMZZMPo8zr4x8LmWC2VKDiaRnqSkSu8mf1Gt8PLuOCZjSbEb4WP+WXWuDECCr+V2yYnNlxhqfKUb5eLv\/dJFK2UGQSH\/m9ZXwivscJBCNvW84u+bWHsKVINi\/A9FI\/ukvH4ajZCPvJ1K81ThUVzb2HJ80wzVsEE+Vv7sTp1wDXCxvR+J4onnI7EeW4ZWZUH+nFlk8Oi6\/GgsgbZv3XoCKNMWGEbsvVRUjMhxkwpshnS0zmI7Snt8F8qk8+x5nHtA+u29XYGT8qyeC4fIMRRqNclsuHoqFgyoed98xUIVZbq1GdsFTAnMXI0rBuJ7o\/O4fqkTY4b8qNMwpReDsgxoJJrvmhrMiwagr5T1Vj\/yfncajwANqH5UYiegQYYVpxE6FIIjRj9eQo\/JHtMUH4DRVYLSPKpqDlVWCfIwT7a555p9nCf\/wIaKiLjrBiMjhuLhPqawPoOhk\/JlHgGfQmvUG4WHr\/IfR8ei\/GPPkwmQyYmvMGUCnqV\/XiwMyLJjpxDx+IEey\/xE8zZsb0D0ZMTclgUk36pkZEOUcMELx3tqEyMiwSOWt7Ys5SPu1BaHPlkh81\/ZCyeoZm2NqJwX+5CfumKjS+egCuwQE499nR9j8Pw4cAek6ZsTPpuZcu\/XGpGZtP4Ff+NrG\/EwP9TrzxYjuU517O\/m3JeRibO9F0wYqNO9rh7NevR5zrd3FvGKblx+EdLThw3APXe414I9iEnStlU5zSjtOoHLSidp8LHnEPbZusGN1xAruTnqulJorfnkbYjwxg4IgdtZ+sxp6t+vYgnDU\/ibxhSUS5Qz3fjo3Wtkhe0f+bb6wZQNmHO2cKlrH5t6j89xa0RXJCG1qG69HZzHIW7zH9zRC5np1JBWExUtCnCw36kOymB323K9G0LmF8NlfycQuJ7C+KotGQOPK7V6ZVKN+Kbz2ZXk8c\/a\/xmioQxy00TXkX96AqYVHaDDDGX5w+QluWf38+DyJ6gEQ+CitQ85P+m4+j54SpvAzyziNo8QWNiIhoCclqypGIiGipYkEjIqKcwIJGREQ5gQWNiIhyAgsaERHlBBY0IiLKCSxoRESUE1jQiIgoJ7CgERFRTmBBIyKinMCCRkREOYEFjYiIcgILGhER5QDg\/wNq9EGhYwOXLwAAAABJRU5ErkJggg==\" alt=\"\"><\/p>","protected":false},"excerpt":{"rendered":"<p>Tegund:&nbsp;752017-41<\/p>","protected":false},"featured_media":79963,"comment_status":"closed","ping_status":"closed","template":"","meta":[],"product_brand":[],"product_cat":[597,667,517],"product_tag":[],"class_list":{"0":"post-71265","1":"product","2":"type-product","3":"status-publish","4":"has-post-thumbnail","6":"product_cat-hurdabunadur-lykillausnir","7":"product_cat-hurdarhunar-hurdabunadur-lykillausnir","8":"product_cat-lykillausnir","10":"first","11":"instock","12":"taxable","13":"shipping-taxable","14":"purchasable","15":"product-type-simple"},"yoast_head":"<!-- This site is optimized with the Yoast SEO plugin v27.3 - https:\/\/yoast.com\/product\/yoast-seo-wordpress\/ -->\n<title>BESLAG DESIGN Hur\u00f0arhandfang HELIX 200 PLAIN D\u00f6kkbrons ASSA ABLOY 2014 752017-41 - V\u00e9lar &amp; Verkf\u00e6ri<\/title>\n<meta name=\"robots\" content=\"index, follow, max-snippet:-1, max-image-preview:large, max-video-preview:-1\" \/>\n<link rel=\"canonical\" href=\"https:\/\/velarogverkfaeri.is\/en\/lykillausnir\/hurdabunadur-lykillausnir\/hurdarhunar-hurdabunadur-lykillausnir\/product\/beslag-design-hurdarhandfang-helix-200-plain-dokkbrons-assa-abloy-2014-752017-41\/\" \/>\n<meta property=\"og:locale\" content=\"en_US\" \/>\n<meta property=\"og:type\" content=\"article\" \/>\n<meta property=\"og:title\" content=\"BESLAG DESIGN Hur\u00f0arhandfang HELIX 200 PLAIN D\u00f6kkbrons ASSA ABLOY 2014 752017-41 - V\u00e9lar &amp; Verkf\u00e6ri\" \/>\n<meta property=\"og:description\" content=\"Tegund:&nbsp;752017-41\" \/>\n<meta property=\"og:url\" content=\"https:\/\/velarogverkfaeri.is\/en\/lykillausnir\/hurdabunadur-lykillausnir\/hurdarhunar-hurdabunadur-lykillausnir\/product\/beslag-design-hurdarhandfang-helix-200-plain-dokkbrons-assa-abloy-2014-752017-41\/\" \/>\n<meta property=\"og:site_name\" content=\"V\u00e9lar &amp; Verkf\u00e6ri\" \/>\n<meta property=\"article:publisher\" content=\"https:\/\/www.facebook.com\/VelarOgVerkfaeri\" \/>\n<meta property=\"article:modified_time\" content=\"2026-02-16T11:16:10+00:00\" \/>\n<meta name=\"twitter:card\" content=\"summary_large_image\" \/>\n<script type=\"application\/ld+json\" class=\"yoast-schema-graph\">{\"@context\":\"https:\\\/\\\/schema.org\",\"@graph\":[{\"@type\":\"WebPage\",\"@id\":\"https:\\\/\\\/velarogverkfaeri.is\\\/lykillausnir\\\/hurdabunadur-lykillausnir\\\/hurdarhunar-hurdabunadur-lykillausnir\\\/product\\\/beslag-design-hurdarhandfang-helix-200-plain-dokkbrons-assa-abloy-2014-752017-41\\\/\",\"url\":\"https:\\\/\\\/velarogverkfaeri.is\\\/lykillausnir\\\/hurdabunadur-lykillausnir\\\/hurdarhunar-hurdabunadur-lykillausnir\\\/product\\\/beslag-design-hurdarhandfang-helix-200-plain-dokkbrons-assa-abloy-2014-752017-41\\\/\",\"name\":\"BESLAG DESIGN Hur\u00f0arhandfang HELIX 200 PLAIN D\u00f6kkbrons ASSA ABLOY 2014 752017-41 - V\u00e9lar &amp; Verkf\u00e6ri\",\"isPartOf\":{\"@id\":\"https:\\\/\\\/velarogverkfaeri.is\\\/en\\\/#website\"},\"primaryImageOfPage\":{\"@id\":\"https:\\\/\\\/velarogverkfaeri.is\\\/lykillausnir\\\/hurdabunadur-lykillausnir\\\/hurdarhunar-hurdabunadur-lykillausnir\\\/product\\\/beslag-design-hurdarhandfang-helix-200-plain-dokkbrons-assa-abloy-2014-752017-41\\\/#primaryimage\"},\"image\":{\"@id\":\"https:\\\/\\\/velarogverkfaeri.is\\\/lykillausnir\\\/hurdabunadur-lykillausnir\\\/hurdarhunar-hurdabunadur-lykillausnir\\\/product\\\/beslag-design-hurdarhandfang-helix-200-plain-dokkbrons-assa-abloy-2014-752017-41\\\/#primaryimage\"},\"thumbnailUrl\":\"https:\\\/\\\/velarogverkfaeri.is\\\/wp-content\\\/uploads\\\/2026\\\/02\\\/af8dbc41-6485-4eed-830d-911fadddb422.png\",\"datePublished\":\"2025-03-31T10:11:07+00:00\",\"dateModified\":\"2026-02-16T11:16:10+00:00\",\"breadcrumb\":{\"@id\":\"https:\\\/\\\/velarogverkfaeri.is\\\/lykillausnir\\\/hurdabunadur-lykillausnir\\\/hurdarhunar-hurdabunadur-lykillausnir\\\/product\\\/beslag-design-hurdarhandfang-helix-200-plain-dokkbrons-assa-abloy-2014-752017-41\\\/#breadcrumb\"},\"inLanguage\":\"en-US\",\"potentialAction\":[{\"@type\":\"ReadAction\",\"target\":[\"https:\\\/\\\/velarogverkfaeri.is\\\/lykillausnir\\\/hurdabunadur-lykillausnir\\\/hurdarhunar-hurdabunadur-lykillausnir\\\/product\\\/beslag-design-hurdarhandfang-helix-200-plain-dokkbrons-assa-abloy-2014-752017-41\\\/\"]}]},{\"@type\":\"ImageObject\",\"inLanguage\":\"en-US\",\"@id\":\"https:\\\/\\\/velarogverkfaeri.is\\\/lykillausnir\\\/hurdabunadur-lykillausnir\\\/hurdarhunar-hurdabunadur-lykillausnir\\\/product\\\/beslag-design-hurdarhandfang-helix-200-plain-dokkbrons-assa-abloy-2014-752017-41\\\/#primaryimage\",\"url\":\"https:\\\/\\\/velarogverkfaeri.is\\\/wp-content\\\/uploads\\\/2026\\\/02\\\/af8dbc41-6485-4eed-830d-911fadddb422.png\",\"contentUrl\":\"https:\\\/\\\/velarogverkfaeri.is\\\/wp-content\\\/uploads\\\/2026\\\/02\\\/af8dbc41-6485-4eed-830d-911fadddb422.png\",\"width\":810,\"height\":611},{\"@type\":\"BreadcrumbList\",\"@id\":\"https:\\\/\\\/velarogverkfaeri.is\\\/lykillausnir\\\/hurdabunadur-lykillausnir\\\/hurdarhunar-hurdabunadur-lykillausnir\\\/product\\\/beslag-design-hurdarhandfang-helix-200-plain-dokkbrons-assa-abloy-2014-752017-41\\\/#breadcrumb\",\"itemListElement\":[{\"@type\":\"ListItem\",\"position\":1,\"name\":\"Home\",\"item\":\"https:\\\/\\\/velarogverkfaeri.is\\\/\"},{\"@type\":\"ListItem\",\"position\":2,\"name\":\"Vefverslun\",\"item\":\"https:\\\/\\\/velarogverkfaeri.is\\\/vefverslun\\\/\"},{\"@type\":\"ListItem\",\"position\":3,\"name\":\"BESLAG DESIGN Hur\u00f0arhandfang HELIX 200 PLAIN D\u00f6kkbrons ASSA ABLOY 2014 752017-41\"}]},{\"@type\":\"WebSite\",\"@id\":\"https:\\\/\\\/velarogverkfaeri.is\\\/en\\\/#website\",\"url\":\"https:\\\/\\\/velarogverkfaeri.is\\\/en\\\/\",\"name\":\"V\u00e9lar & Verkf\u00e6ri\",\"description\":\"Umbo\u00f0s- og heildverslun fr\u00e1 \u00e1rinu 1919\",\"publisher\":{\"@id\":\"https:\\\/\\\/velarogverkfaeri.is\\\/en\\\/#organization\"},\"potentialAction\":[{\"@type\":\"SearchAction\",\"target\":{\"@type\":\"EntryPoint\",\"urlTemplate\":\"https:\\\/\\\/velarogverkfaeri.is\\\/en\\\/?s={search_term_string}\"},\"query-input\":{\"@type\":\"PropertyValueSpecification\",\"valueRequired\":true,\"valueName\":\"search_term_string\"}}],\"inLanguage\":\"en-US\"},{\"@type\":\"Organization\",\"@id\":\"https:\\\/\\\/velarogverkfaeri.is\\\/en\\\/#organization\",\"name\":\"V\u00e9lar & Verkf\u00e6ri\",\"url\":\"https:\\\/\\\/velarogverkfaeri.is\\\/en\\\/\",\"logo\":{\"@type\":\"ImageObject\",\"inLanguage\":\"en-US\",\"@id\":\"https:\\\/\\\/velarogverkfaeri.is\\\/en\\\/#\\\/schema\\\/logo\\\/image\\\/\",\"url\":\"https:\\\/\\\/velarogverkfaeri.is\\\/wp-content\\\/uploads\\\/2021\\\/10\\\/vv_logo_350x100.png\",\"contentUrl\":\"https:\\\/\\\/velarogverkfaeri.is\\\/wp-content\\\/uploads\\\/2021\\\/10\\\/vv_logo_350x100.png\",\"width\":350,\"height\":100,\"caption\":\"V\u00e9lar & Verkf\u00e6ri\"},\"image\":{\"@id\":\"https:\\\/\\\/velarogverkfaeri.is\\\/en\\\/#\\\/schema\\\/logo\\\/image\\\/\"},\"sameAs\":[\"https:\\\/\\\/www.facebook.com\\\/VelarOgVerkfaeri\"]}]}<\/script>\n<!-- \/ Yoast SEO plugin. -->","yoast_head_json":{"title":"BESLAG DESIGN Hur\u00f0arhandfang HELIX 200 PLAIN D\u00f6kkbrons ASSA ABLOY 2014 752017-41 - V\u00e9lar &amp; Verkf\u00e6ri","robots":{"index":"index","follow":"follow","max-snippet":"max-snippet:-1","max-image-preview":"max-image-preview:large","max-video-preview":"max-video-preview:-1"},"canonical":"https:\/\/velarogverkfaeri.is\/en\/lykillausnir\/hurdabunadur-lykillausnir\/hurdarhunar-hurdabunadur-lykillausnir\/product\/beslag-design-hurdarhandfang-helix-200-plain-dokkbrons-assa-abloy-2014-752017-41\/","og_locale":"en_US","og_type":"article","og_title":"BESLAG DESIGN Hur\u00f0arhandfang HELIX 200 PLAIN D\u00f6kkbrons ASSA ABLOY 2014 752017-41 - V\u00e9lar &amp; Verkf\u00e6ri","og_description":"Tegund:&nbsp;752017-41","og_url":"https:\/\/velarogverkfaeri.is\/en\/lykillausnir\/hurdabunadur-lykillausnir\/hurdarhunar-hurdabunadur-lykillausnir\/product\/beslag-design-hurdarhandfang-helix-200-plain-dokkbrons-assa-abloy-2014-752017-41\/","og_site_name":"V\u00e9lar &amp; Verkf\u00e6ri","article_publisher":"https:\/\/www.facebook.com\/VelarOgVerkfaeri","article_modified_time":"2026-02-16T11:16:10+00:00","twitter_card":"summary_large_image","schema":{"@context":"https:\/\/schema.org","@graph":[{"@type":"WebPage","@id":"https:\/\/velarogverkfaeri.is\/lykillausnir\/hurdabunadur-lykillausnir\/hurdarhunar-hurdabunadur-lykillausnir\/product\/beslag-design-hurdarhandfang-helix-200-plain-dokkbrons-assa-abloy-2014-752017-41\/","url":"https:\/\/velarogverkfaeri.is\/lykillausnir\/hurdabunadur-lykillausnir\/hurdarhunar-hurdabunadur-lykillausnir\/product\/beslag-design-hurdarhandfang-helix-200-plain-dokkbrons-assa-abloy-2014-752017-41\/","name":"BESLAG DESIGN Hur\u00f0arhandfang HELIX 200 PLAIN D\u00f6kkbrons ASSA ABLOY 2014 752017-41 - V\u00e9lar &amp; Verkf\u00e6ri","isPartOf":{"@id":"https:\/\/velarogverkfaeri.is\/en\/#website"},"primaryImageOfPage":{"@id":"https:\/\/velarogverkfaeri.is\/lykillausnir\/hurdabunadur-lykillausnir\/hurdarhunar-hurdabunadur-lykillausnir\/product\/beslag-design-hurdarhandfang-helix-200-plain-dokkbrons-assa-abloy-2014-752017-41\/#primaryimage"},"image":{"@id":"https:\/\/velarogverkfaeri.is\/lykillausnir\/hurdabunadur-lykillausnir\/hurdarhunar-hurdabunadur-lykillausnir\/product\/beslag-design-hurdarhandfang-helix-200-plain-dokkbrons-assa-abloy-2014-752017-41\/#primaryimage"},"thumbnailUrl":"https:\/\/velarogverkfaeri.is\/wp-content\/uploads\/2026\/02\/af8dbc41-6485-4eed-830d-911fadddb422.png","datePublished":"2025-03-31T10:11:07+00:00","dateModified":"2026-02-16T11:16:10+00:00","breadcrumb":{"@id":"https:\/\/velarogverkfaeri.is\/lykillausnir\/hurdabunadur-lykillausnir\/hurdarhunar-hurdabunadur-lykillausnir\/product\/beslag-design-hurdarhandfang-helix-200-plain-dokkbrons-assa-abloy-2014-752017-41\/#breadcrumb"},"inLanguage":"en-US","potentialAction":[{"@type":"ReadAction","target":["https:\/\/velarogverkfaeri.is\/lykillausnir\/hurdabunadur-lykillausnir\/hurdarhunar-hurdabunadur-lykillausnir\/product\/beslag-design-hurdarhandfang-helix-200-plain-dokkbrons-assa-abloy-2014-752017-41\/"]}]},{"@type":"ImageObject","inLanguage":"en-US","@id":"https:\/\/velarogverkfaeri.is\/lykillausnir\/hurdabunadur-lykillausnir\/hurdarhunar-hurdabunadur-lykillausnir\/product\/beslag-design-hurdarhandfang-helix-200-plain-dokkbrons-assa-abloy-2014-752017-41\/#primaryimage","url":"https:\/\/velarogverkfaeri.is\/wp-content\/uploads\/2026\/02\/af8dbc41-6485-4eed-830d-911fadddb422.png","contentUrl":"https:\/\/velarogverkfaeri.is\/wp-content\/uploads\/2026\/02\/af8dbc41-6485-4eed-830d-911fadddb422.png","width":810,"height":611},{"@type":"BreadcrumbList","@id":"https:\/\/velarogverkfaeri.is\/lykillausnir\/hurdabunadur-lykillausnir\/hurdarhunar-hurdabunadur-lykillausnir\/product\/beslag-design-hurdarhandfang-helix-200-plain-dokkbrons-assa-abloy-2014-752017-41\/#breadcrumb","itemListElement":[{"@type":"ListItem","position":1,"name":"Home","item":"https:\/\/velarogverkfaeri.is\/"},{"@type":"ListItem","position":2,"name":"Vefverslun","item":"https:\/\/velarogverkfaeri.is\/vefverslun\/"},{"@type":"ListItem","position":3,"name":"BESLAG DESIGN Hur\u00f0arhandfang HELIX 200 PLAIN D\u00f6kkbrons ASSA ABLOY 2014 752017-41"}]},{"@type":"WebSite","@id":"https:\/\/velarogverkfaeri.is\/en\/#website","url":"https:\/\/velarogverkfaeri.is\/en\/","name":"V\u00e9lar & Verkf\u00e6ri","description":"Umbo\u00f0s- og heildverslun fr\u00e1 \u00e1rinu 1919","publisher":{"@id":"https:\/\/velarogverkfaeri.is\/en\/#organization"},"potentialAction":[{"@type":"SearchAction","target":{"@type":"EntryPoint","urlTemplate":"https:\/\/velarogverkfaeri.is\/en\/?s={search_term_string}"},"query-input":{"@type":"PropertyValueSpecification","valueRequired":true,"valueName":"search_term_string"}}],"inLanguage":"en-US"},{"@type":"Organization","@id":"https:\/\/velarogverkfaeri.is\/en\/#organization","name":"V\u00e9lar & Verkf\u00e6ri","url":"https:\/\/velarogverkfaeri.is\/en\/","logo":{"@type":"ImageObject","inLanguage":"en-US","@id":"https:\/\/velarogverkfaeri.is\/en\/#\/schema\/logo\/image\/","url":"https:\/\/velarogverkfaeri.is\/wp-content\/uploads\/2021\/10\/vv_logo_350x100.png","contentUrl":"https:\/\/velarogverkfaeri.is\/wp-content\/uploads\/2021\/10\/vv_logo_350x100.png","width":350,"height":100,"caption":"V\u00e9lar & Verkf\u00e6ri"},"image":{"@id":"https:\/\/velarogverkfaeri.is\/en\/#\/schema\/logo\/image\/"},"sameAs":["https:\/\/www.facebook.com\/VelarOgVerkfaeri"]}]}},"_links":{"self":[{"href":"https:\/\/velarogverkfaeri.is\/en\/wp-json\/wp\/v2\/product\/71265","targetHints":{"allow":["GET"]}}],"collection":[{"href":"https:\/\/velarogverkfaeri.is\/en\/wp-json\/wp\/v2\/product"}],"about":[{"href":"https:\/\/velarogverkfaeri.is\/en\/wp-json\/wp\/v2\/types\/product"}],"replies":[{"embeddable":true,"href":"https:\/\/velarogverkfaeri.is\/en\/wp-json\/wp\/v2\/comments?post=71265"}],"wp:featuredmedia":[{"embeddable":true,"href":"https:\/\/velarogverkfaeri.is\/en\/wp-json\/wp\/v2\/media\/79963"}],"wp:attachment":[{"href":"https:\/\/velarogverkfaeri.is\/en\/wp-json\/wp\/v2\/media?parent=71265"}],"wp:term":[{"taxonomy":"product_brand","embeddable":true,"href":"https:\/\/velarogverkfaeri.is\/en\/wp-json\/wp\/v2\/product_brand?post=71265"},{"taxonomy":"product_cat","embeddable":true,"href":"https:\/\/velarogverkfaeri.is\/en\/wp-json\/wp\/v2\/product_cat?post=71265"},{"taxonomy":"product_tag","embeddable":true,"href":"https:\/\/velarogverkfaeri.is\/en\/wp-json\/wp\/v2\/product_tag?post=71265"}],"curies":[{"name":"wp","href":"https:\/\/api.w.org\/{rel}","templated":true}]}}