{"id":71246,"date":"2025-03-30T17:56:07","date_gmt":"2025-03-30T17:56:07","guid":{"rendered":"https:\/\/velarogverkfaeri.is\/?post_type=product&#038;p=71246"},"modified":"2026-03-03T15:16:15","modified_gmt":"2026-03-03T15:16:15","slug":"dewalt-filter-15-30l-15t-20p-23g-20pta-20spta","status":"publish","type":"product","link":"https:\/\/velarogverkfaeri.is\/en\/verkfaeralausnir\/rafmagnsverkfaeri\/ryksugur\/product\/dewalt-filter-15-30l-15t-20p-23g-20pta-20spta\/","title":{"rendered":"DeWALT Filter 15-30L 15T, 20P, 23G, 20PTA, 20SPTA"},"content":{"rendered":"<p><img decoding=\"async\" src=\"data:image\/png;base64,iVBORw0KGgoAAAANSUhEUgAAAhUAAAC4CAYAAABU+R5nAAAAAXNSR0IArs4c6QAAAARnQU1BAACxjwv8YQUAAAAJcEhZcwAADsMAAA7DAcdvqGQAACmDSURBVHhe7dwLWFVlvj\/w78z4nN3z73FbHaF8wEtyGQEvkCnIES8jiAXiSbOLlqbmSTylkAlOFF5Sj2gO6niALmqW4qQDTQiNCI6A\/hVMg0KhQPASjBM4Newu\/3Y5w39d3g1rbzewwQUifj\/P8+q6vHtd3rVY67fe913rFz\/9\/HMjiIiIiG7QL8X\/RERERDeEQQURERHpgkEFERER6YJBBREREemCQQURERHpgkEFERER6YJBBREREemCQQURERHpgkEFERER6YJBBREREemCQQURERHpgkEFERER6YJBBREREemCQQURERHpgkEFERER6eL2Diou7sbY\/kNxr5Qic8S0dqlFcrD6+7EptWJaK6rSMX\/0SCW\/koJ347KYRUREdKvTL6i4Vo3UhREYYLlh2qQBQVFIrRJ5b0tXkfpyPLKumMV4F6grQGJMPKJj3kRunZhGRETUSXQLKiq3RCL6UDVaumWaL+Yi+rlu9mQ+aC6Of3kWX0kpOURM6zRlOHZCHQrefEJZ51e5czFAndQ5friAtH3pSN2Xg8ofxDQiIqJOoltQcalGVP9PjMPHZ\/JQqkkfrx+nzvuiDBXq0G3NeLdRDBEREfUc+vepuMcFA5z7wlmTBtzXW8zUaOrPMBPJVSacTonCKHdLc8lIeIZtwrEGkVfWUIRVoYFNzSnaNCAoFulXRD5Zi3lHYtjCdFReE\/lQgEhlurQNF8Uk2ZUCRNv9fSBGWf3eMblR8m8XI12Mp8+3LC8WufKE9uzb9+VIXhhqJ691mSnrDNqESmWsHKuCRL6oAmUKcmLV8ev6dTT3E2nuZ6LtO1KNhqObEOyj9g2x9CWpTI3CsPvFOrTp\/kA8+vqnaD6U0rF+fQE87eQdEGpzzImI6JbSNR01hz6DnclbpPQMhotJzUxIWxKBsHW5uNzUdmJGw2e78ehLufhRTMlduQDJZSYxZs18MQuR8Y7kNaPuUDzmvd1ap0oz0uMXI9Xu7024LP3+t\/uvinF9tGffKpOjsOqQve1Xy2z25k\/FeOe4vFcK\/ubsRqlJ09AlBYjzYnNRZy\/YumbCsa0xSP5CjH\/xDiK3FqFBzmuQgs5+LlJSa27MZZ2\/\/URE1Hn0Cyp+Jf5PW4Hg+duwM7MIlV+LG08\/L4SFB0vJC87qFI1alH4fgsSsbFR8LvdvOIPjL3mpsy7UQu1fWIvKs8oAPGIz1P4IIn0c10rel7R5TyBxojq98vPWeoxexVcX1KEHV2Y3\/\/5CNlY9oE4\/dqZMHXBQ8BZ5GUmYLsan77RsUwKC27Vvzc1MhieTcKkp7xnsfVLcmM+UKDUPyjqPLYeHMtULq46JvFtEU1QHmWuAsM0H8PHZM8ryji9ykQq0TNSIhGHnBcs2ycmyz7W4JKpDfiyvVmtG3Jbg+Pk8lJ7KltIJHI8drMy3bD8REd16dAsqghcvx4O95CETSnPexG8jF2DsCLmKPBDDwqKwYX+5+nR6HemG904cZg13QZ875XEDPLzVG4xdvQxiwAEGbV4j+rvJT8VSuru1ZfRFcLxcq7IFG8KkG6ZFLxd43C+G\/yn+15sD+zZ8vrpte5\/zxx1imlxmnoPFtnbyyyUesclIfMwLA\/rY31aDcg60rO6q\/Vqi\/g\/FqbVZsUF2Ak8iIroV6FdT4TYXWZ\/nITd5OSJDRsC56Z5jQt1nuUhcNhOe02787Y\/Kddb9CUatKxdz2ha0Un4qltJKfzHFHimoGReMSUGD8Y8zuUhP2YRo5bXMeKQUiSydxJF9cx4ejLCJvrjr8jFkvbetadtWfdBak05XycJszfZr+5FYDBjhK5WwpGobxvqEIni+tO0pWThy2YhRE6V9GzdYEywREdGtRN8+FYa+GBY+F6t27kXp+bP46vMTOP5+AlaFi5qHz9KQdgt8q6Ly7dkYODQCj0ZGIXLdbqTKr2UeyMVnfxMZbqKGnHgMGzIBwXOiMP\/lN9Vt25eL41X2+2R0O6NewN5nR6CPXKNhqkVpTjqS18Vi\/pyZ0n6NRNiu7hAcERFRR+gUVJhRWZCLrMxcHKvS1L\/faYRHYBgiY2eItv1qVFQrAx3mEafp56BNen3z4fssrFotdxY0Ijh2B46fyUOFHCBdOIGkaWqWztL2vpUjeUW60r\/C4+ktyD0pbZvSD+UEci39UG6qMOy1t\/1Sav4OiBFBK\/ei4sJZXPo0Two6tyA5bi6C3eT6CzNOr3sHp9WMRER0i9EpqLiK3DXSk7P0ZP\/bHH3fjGhL3dE31SaArQVNnRlbcmx1KIaNltLqVtox6q\/ikjIQhHnP+8PDuS9a6D7Q6a7ft3pcUga8MPu\/gjHMVdo2pR9Kd1WOVNE8k3pOndK0T6nluOOevlLQGYzpi5Zj77a5al8Kswn\/UHISEdGtRr\/mD3HjvXyuBJfrrqJOmy7Xie8UGHHXXcqARjmSXtyE1M9q0aBUcphRWdZKdcY1656IDecy1SaAgxeaXrtsYtbmNeHLqlrUXZHSN470ZizB8U\/kfGY01Mg3x5mYn6bO6TQO71s5jp9Smzt+\/Loaua9HISzBTt+SXhD9E0xoaKl15IsylH4v\/S+tW93PSKyyvP7ZAWZtZ9xrtTimNM+k49hf1Uk\/fpGj7tNJm2aOr5rfcCEioluTTkGFC4Inqm8fmP8Ui1EjJ2CYNs3eLW4YozHKWxnQcMG95ixEh4XCU\/n41UiMfV3cIO93EW8CuMBjqDKAyoQITUfAoRibIAIQe3lf1+YNRPRRdbrHEDd1wB7XIQhSAqRaJE+T314ZCc8xMxG9D\/D8tZJDZ+3ZN2+MEq+15i5TP5Y1cEQEZm8twb3emjdVLFx9MUrsS2KYWK7l41cDXESTShbmD5Gm3y\/2M8uAYe19\/cLDWzRvScvSftTq\/ijRUdMFA0XblPN9Yjv\/FIV7fUTN0egJGDA\/S50e6G\/nWyZERHQr0K2mwuOFZPzPFDs3NgvjCES+vwbTr6uuN2LGtgxkxQVjQFMzgwF9hs\/FH18PbnoTIHj1DkR62\/+8tcH7Sexc40heA5ynrMGuZ1vZzl7+WPHuXAwzWjZG3hZp+acOYIW4+evN8X3ri\/m\/W4OwQc15DYOCserDDOycau\/3I2z2RePXS5CaoC1zIwZMWY6sE1sw424xyVGD5mKXtCxne6+T9nJBWNxGRIqA7I7wV5A8Y7BasWUSNUdXrqpvwvYLRuL66XyllIjoFvWLn37+uVEMdy35M93KZ6TlDzMdQOQgMZ2IiIhuSfr1qSAiIqLbGoMKIiIi0sXNa\/4gIiKiHoU1FURERKQLBhVERESkCwYVREREpAsGFURERKQLBhVERESkCwYVREREpAsGFURERKQLBhVERESkCwYVREREpAsGFURERKQLBhVERESkCwYVREREpAsGFURERKQLBhVERESkCwYVREREpAsGFURERKQLBhVERESkCwYVREREpAsGFURERKQLBhVERESkCwYVREREpAsGFURERKQLBhVERESkCwYVREREpIueE1RcOoAlQUPh5e5hnYZMxPKD9SJTV6rBroc9sPyIGG1B\/vK28+jiSjaWW8rn4R3S1klb+Na0pmGZvC3T37KMdQUzylPmwF8cK93L4dIOTLecBzbJN2g18k1yJjMK4wPhH50NZdRKPdKeGop578plUoat4z2w5KBZnWXryLLmsjTXIH\/L8wgeYlOech4726Kk5XlKFvkY2J0vUltlpBxTO7\/zch+K4Lg8sY8O7vP32VjiPhFbS8UsG8q6xHZbnV\/adS4+gOprahZ5vSUJ05qOd8v5WikHB\/+eb6dyaNc5U5qIYGlai+dxV5H\/NjXXHls37fhV78A8HzvrXJ4tLbGZ+XQipl+XT76uPI+0apFJZnd52uuPLTMyn5PyjElEuZhipZVrmv8TSSj\/vvU8SrIq9zbW1xE\/\/fxzY09IOS8Oahy3qqDx6nfa6d811qYvafTzfKXxlCZvh9OhJY1uISmN1fbmdTDlRA1qXHrI\/jw906lXh0vlc6rxWzvzLEnelvCkC03j1UkPN7pF5Vjl0TX9NbVx9sBnGvd9ZWeeHul8SmP4wCWNOdfN+64xJ2Z4o9+rp9Txf+Q0xgwb1RiT+51VvqvpzzV6hzcf7083jW10W5hptwyby+5C4xshgxr9pixpXCT9ry3Pdp8\/LW5\/y6nFY\/adtI+ewxtfPSnGHdrn7xqzFkp\/V5s+tcqjJnU\/Leeu3fPru1ONawM15\/dFeX\/sHG+RLya3eZrtuWhJ3558rXHcwOVtlsltWw5tnDPK9gVK5\/HjqY21duZ3WZK3s5W\/hZtz\/L5rTJ8\/qHHGmzblLR+XBzXrlH8TPqhx\/p6\/W+eTfn9qrVS2L1q2+6+N+x5vId+qsc3XH21SroljG8dZrU+TWjq+\/+\/vjfvmSOeK7bZLqaVzSEltra8DqYfUVNTjai3gFzAGRoOYpDDAabg3XMwmNIgpt6uGb01S+fhJJdKN\/CAdF88A+N8jxruMAW6DXGH6VpwVd05AzOoHkBYvRfqWp0RTNl5b8SUWbV4AVzHJ6+EIuBw+jELNk6Ti2kkUfOSK8ePlnK6Y9UElig5uxgwfdXa3YHCH20ATTJY\/BIf22YBxD4Wi9vDJ658or+ThcEUoJgeoo\/L5ZXR2sj6\/DH7wHw1UVYtfX6lBrb3jLfKVVVy3lusYHgyAn7Q1Vzta+Xhbl0MxDr7vitnbVyCk8CAKOlqGN1OnHr961H\/pioAHLX\/xgnRc\/AJMKC61\/LoeNRXe8A8winELA3wffAAorRLrMcP0NdC77\/X5+jobm68\/GvV\/OYjCR1bi948bkflRsZjqgF5GaXu8Uftl+w5qh9fXih4SVKgHz67\/44bJjwfAWYzaq47yn7oBhU1VUaLZ4rAJ+etEFeXyPLWK7LkMoGIDQpTfLUO+nF1Ue1dX7BHNL9Ow65JmOZaqx2tVSFs8panK0zdoDjYersdPYrbCTp6t+SbkLLeuwqx+X61at9qHJ6RtsL3ZyURV2KIPoFZzyfkt1V\/ytluq\/WzIVaohCWXABwutfmMq3HBdtZ91VV4elstlUFGF1MUT4SvNt9ekolTZTtqA8qbyFPuolIH6u+Z1DEXYupNNVZxqdWU2TPmWbRHH4gYYp67E2v5JiHu7Shkv2bIaxfP+B4sGK6Mqz1BMdcpDwWkxblFyGJl9IzDZUx01dKvIrWWO7LPhN5MRUpGNgitiglBfcBglk6di3J3quPec7YiZ5KSOtKRBuhmIwRvTANMPYlAHt005nM5AptdMhA+bgKmTTyLzL23cgKS\/xV1PjNT8HUrJZxo2Nl0sNdfKLXOarkm+D8zBLk0TgHzNePIBS5PQSExfvgcl34iZOtDv+EkPBHs+xCIvZZaVf+slBhRSud9g65HTpBXYNsf2qaMeBQfPYdaMCcoDTO\/3M1Ai5jjKXqDSshtfnz1dFlT87au\/o+L8ZSXJw13GaQIWrZsJ9TwxIzNhAwzxZ1B+vlKks9g4\/AA2plnf+HJWPIsCv98h55yUZ9MEuC78EOVvREg3lhXIUX63GeNFXlQk4YUtZszaLy\/3Q8wbKKZr5SfhlYsR2CcvT\/p9UdZK+OU\/i1ekm30T2zwfroT3YSnPQTFfdi0PyXF1mH1EzaOmM4i5cwNeS7NzkRi4AOlSnpRHpCft2KNq\/o+an75bMn5TJXJivYFH3tL8pgZpaw7AO+msZt2VeCc8DzFbtFFuGVIiE2Gesx9Fn1cifeH1a5OXX35khXRcIpAilrNpkjRDLoO6p5Ap\/a5pHefew\/jMl7FL2yZ68GU8d9gPr5+Ut0VzLDrMCTPWrQC2vIhdBxPx0p8m4NVIaf+teGPyDCmiP2wd0Zd8lIHeU0PFOda2ny5JT1KPBIrgcSj8H1mGTG07bJdxYJ\/vlJ7iJhUjx+qxVr4YnUTIQxOansidhoUiYLB1NGWu2IF3PpIu1fe1cZPtCKuL\/I26PcqhMCMDgyNCpb1Vn9wLD1j3E7Bl\/nMiNt65QvkbtvwtliT5IC3hgPpQIijXSs+VSP9UzVMQa8DG+ANi2eo1w3XtCXUZn5\/AGzPMSHlBxzZ8HY+f4R4jDLZleq0YRceN8BvW1lXTlgHGe4CiQ1I5y30dNAyDxyBkmM35cCUbfyyOQMiD0rD8ANM3AwcL1VkOa88dXY\/12dElQYUcRHzT8C3++a9\/KUke7tLAQsP76e1YOk5bHaVWhZeXnRfjqpAN+\/Hqw242zSktGLwAv09agIB+LWeuqZaW7+MNy\/XGYHRDyLoPsVG62Vtcl+ceOc9+rH1IHVfUVqEK\/THYRYwr1KqvhhsNn9t0HmUVrlJ5We+nXOVnHSG7Yd5b2zEvQLp8tfPir5TB\/W5w1f7O4ASnu2tQUyfGZQ+tx751oRjs0AFykBSAvR4FbIzeA78NKzBePH1qeYVKEf2f8zQXxDLk\/9mIqaG2AUgLKqSntoWFcIt9D5knT6Dg5CFsDTiP5U0X4S7W5j4bEBIu3YD+clIKyYXvTyK\/ULpI\/6aFsv+6GLsWBML34UTUzXpLOn91PEYlhSiGj835r4OeXg7XTiInzQ1TQ9QbmeGhRxFekoEcmyd3Kz6zsS1qAoyav0XDIDe4lJZJ16BmIZusr5VGubr\/a5MoJ\/Wa4e0jrrm9DHAKWICUPdEOB+EO0fn4WXV+HfIYUr1XYpF8820XKdhZsx6+hcswboRcgzMF86ITkZpfhno7l+r6nAxUz5iMAKW8vTHjKVdkfnRSmdc2E4oKy6RtdRfjbbux9bWsS4IK07c2YZrE3rTOZ8DgsdITpdGE+vp6VBdmI+ejbBSU2amM\/JX43xHSH8q\/icHOYF31diswwNCe8usIqcw7g6lOvrVLF0Q7f\/SKYRMw3pSBw5Zak9JsHEQEJg8T462ZtBkln5xBweGVmBXgBicnKVhykttwpQtB00W467W1z4aA8Qg4chg54k\/W\/BdpeNJkhNheuM01yImbAt\/RjyGlLhTbjpxBVpz1Tak9yhMmNl\/YLenRPXCKW6BDzdT1enQ5nD6MTL+ZCOknxntNwIxZVTiY03IoqzxNexlhkq6V9RVSUCJdK3OkG6I+TTf60+34SZSaVEvtzMm3MOP8aqR05Cl+8ExsO3ZW+rs\/in2JT8H3h5NIWTwN43wC8coRbUnWIyejCuERY8Q44Bo+E4PT7PThQgYW2Z4P7iPxStlMLJ3haG1Ke9bXPj2kT4XjyrdPgf\/oKXjyv1Zj58F8FNferEv5jbj+pFL6P3SJMmycZL1upa9JT1CaiJfelZ4uZngjZ8Vq5Ni9evph6uMm6QlHrQAuP5KBbx+a4PBTl8FolEKubsSRfXaagPCAbGmf5REzCv6cjYDfjLHaD7ndPGzERCwvcMfSP5xB0cGVCBl4Y3va1Fxnlc5i3zw3kUNHPbwcCj\/KkLbtZYzT\/N3OSzWhJKOVJpDSJGlfAhE+\/b\/x2u6DyC+uuWmBb5t0On72GKTfjRut7ajZfgajK7zGP4Wlb+xHwblKZL3khLTtmmakK9LDSYkJqU9orqtBq1FizkCObR8uTZOxVTq5HuNt+4S2pF3ra58uCSqMva8PBe1N6xT1eUiJOyCqq\/Owc0t\/xJw8gdwPtmPtuvWIWRiBcd6OHonuwv5JZa\/vgv68EWPVn0OkTRPE\/FvUtSqkxCbBGPs7rE14G2v9MvDaa5b34a35PhyB2g+ypQtCDQoPmxD+sJ+Y0zpztfS0V9ryk2GXc3ifnTBu6hhkHspTqtEPHx6D8N9o24NrkJawA4bnD6Ho2HbMe\/AW+3vq6eWgNH08gFfz5eY2bdrcahNI\/ruJ6L\/mKAqO7cc26Vq5Nm4Bwsd7o9sdXd2OXxnS4pKQb+dPtL9bRwLZeuRvt7+8wR7uclzTRG6KqJ\/3rs3xOYH0KH2aJGx15vq6JKi4795\/x919euNXv\/ylkuRheZp+1A4xdv1QhcPvF0Jpjlf6Ixhx3Rs+PUB9fhJS7J29XaH8AF55v6tqSjpHzXsvIsWwAq8rT3\/SE8+m9XD74GVszLfzbOY7GeGX8lF0Wor2L0VgqoNtrfVHNmDJu+fE2M3Xnn12GjcZvh\/lozD\/IDIDpmKcTR8z+QLp5uXW+lNfH2P3uyFJenw55P8RqX6TEeIiN7dpUwTCHynGHzPtPYHXQO7e1Puu7n+x1O\/41aHw\/WxU23mj5ssqbS+SPo71tZNOhuqP7C\/PWg0y\/1CF8aFjbI6PE7ymRsAl9Y\/Iv8EmCWudu74ua\/6QgwhP9wFK0jegkDmhrwtQXHjS5lUfM+o\/K0OtwSidBhKXB+Bn+ES6GYhM39ejPO1lPLfZwRviEG94XZICk+vP1Ta5DpYi03NlqBa\/NZuqkBM3DTGatz8cyQMXN7hJMfhVq1doTShKTUTR38SoTlw9fYALVahpOsHc4e0p90exLoDyrCTkfNGBQrFDKQOrdUrM9aj\/xhWuTe8F3ygzqi7WwNhbOSuAKwfwagKwdPMCDLa0e\/ebiY3r3JEWvQEltn9gvcYgZMY5JC\/bg9oZ0kVKTG6Lsm+nClGoPUmvmVFeLl295V7nYlKravdgUdBEbDwuxh1lPo+qS9LNTOxyu\/e5XyimemXglTV5Ukw1QfqL64B+rnCpKESR7evf5mIUnYJ0brWjpo3l4LD8QxkImGp\/WwPGhaJcqXWz5Qo\/PyOKTxfDLJeBdJ7Wl0oPDwvb+9aGfM2oQdk5UW8gL6dwBxY91cG3Pzr1+MnbWibts00dhzguzW\/vOEnXxjIUNX+HQDCj5PQnwDC35rfrDPbySVfsq9I0y9\/8pVYeTgaOwXiXDGTe6DvzWp28vh7Tp2J81Hb4HVoIf6tvKAzFuOWfIHxbtLjw+2HpjlAUzhXvTI98DBu\/nIx1UQ723HeZiZhZ5xDTkW8jjF+MtYMy8KTYPv+w1Sib\/B7Wat7+sJenePzb1nl6TUDkOgOSA9U8ahqJ1\/66GEvDO3SJa9l\/LMBa5z0Il98\/V75T4YoZ8ZryE+nJD30QM9exJoA2yWVgWadlHT5PIz98PeY50hnyOvY6NQ3F0oIIbIySt9mEzFWr0bDsd5inea9d5vT4Zqz13oOXtlwfdAaMn4DaWrnpo7mjU5vkffPJxqKmd\/alNGQopif3QcyamY7doKSLct2VGru9x5tYvi2iTT7Po\/A\/N2OpciHpyD47YVyoq7TPzW8Q2Gr6DopNavpOictTiF9Yh42jbfJIx\/ewz3rM\/w81m0NYDo65lofMD\/wQcl2Vikr9fkMGcpRv61jzla6pk48\/C1\/5b3HISDyZUIOQ9Yvb+daGfM2YiZpXAtV9HBKI59KMiNnhwNsfXX785G1dgJp4229zPIZM9\/WIanp7xxWz4hajbo1NPum68kymD9Y+Z2kKbimfdG1fY276m685nNHKw4k3Jk91VZtsdNLZ6\/uF\/FlNMUzdlPx6U+YU8R0Hus2ZkR+7DFelC\/4MS0\/+2xLLgag7uu3e\/rjlmKtQfk56oujg62jUw1TvQOb90byRshyIuiXWVHQz8ieorV8PNcBl8kq8uW1mc5shERFRN8SggoiIiHTB5g8iIiLSBYMKIiIi0gWDCiIiItIFgwoiIiLSBYMKIiIi0gWDCiIiItIFgwoiIiLSBYMKIiIi0gWDCiIiItIFgwoiIiLSBYMKIiIi0gWDCiIiItIFgwoiIiLSBYMKIiIi0gWDCiIiItIFgwoiIiLSBYMKIiIi0gWDCiIiItIFgwoiIiLSBYMKIiIi0gWDCiIiItIFgwoiIiLSBYMKIiIi0gWDCiIiItIFgwoiIiLSBYMKIiIi0gWDCiIiItIFgwoiIiLSBYMKIiIi0gWDCiIiItIFgwoiIiLSBYMKIiIi0gWDCiIiItIFgwoiIiLSBYMKIiIi0gWDCiIiItIFgwoiIiLSBYMKIiIi0gWDCiIiItIFgwoiIiLSBYMKIiIi0gWDCiIiItIFgwoiIiLSBYMKIiIi0gWDCiIiItJFzwgqLu7G2P5DcW\/\/mUi+KKbppWnZQxGZI6Z1lpxYZT339o9FrpjULp1ZDkRERG3QJai4nDJT3AzbSMG7cVn8hrqnuqNvIjomHtFbC1AnphERETmCzR9tGTQXx788i6+klBwipvVgP36Rg9R96Ug9eAE\/imlERESO0CWoGLDogHLTtaSP47zUGb9ejo8107\/KnYsB6hwiIiLqYbq+pqKhCKtCA+02jwwIikX6FZFP1mLekRi2MB2V10Q+rX+acDolCqPcLXkDMcomb26UmBdVgB8v5iI6TLMOn9lYdcIkcsoKEKnMs+6nUJkahWH3i99ok\/tMm9+bUfp2C3mvW5eDpHLZ8Hho83LcI\/Do6wVo+KeYb+tKAaLtlqO2bNT9HLWuXPkJvtiEUSJfU18Sh5ZDRES3qy4PKnJXLkBymf0bqfliFiLjc5uq3VvOa0bdoXjMe7tWjFuYkLYkAmHrcnHZLCZJ0y7bzSs5+3uEB0Uh9TPNOkyfIvnxdcht7QZ5cTfmxeaizl4ec7n17794A\/NXt5BXXtec3+O0GHXUsYRoJJ7Q7I+5Gse2LsaoZ9Ls9FkxIz1+MVLtlqNaNr\/df1WMt0av5RARUU\/VxUFFLSrPqkMesRn2m0wu1IoOgpq8L2nznkDiRHV65edV6kCTWpR+H4LErGxUnJfyXmgtr+SLety7NAnHPz2jLPtS+lw4KzOqUVmjDNhXWYZKZSAYO+X1WLbtQzu\/v1yr3ugN07FXk\/fSu9NhkKebS\/Bxa+u6Ti3OnlJv7M7P7sUleXnnT+DjrDWY5WSSbv22rkrloA49uDK7eVsvZGPVA+r0Y2fKpH\/HIVmabq\/pSu1L4uhyiIjodnXzOmr2Um6pjjFo8xrR380Fzv2kdLftMryw6p04zBrugj7yrF5GON+jzrFrxhrsfWkcPO5Rl3OHkzP6KEOOMlhvmrMrhsvb1c8Jhl5i2tBnsDN5C3bufAZjNXnvuN+tuX9JB5sN+tzbF3fIAwYjBgyfjlW\/mwcPZY5WXwTHS+uXtmFDmIuYJunlAo\/7xXBLzSZW9FoOERH1VDctqKhcp+kTIKWmtnwHBElPyqWnpLTSX0zpJlyfxF55u04lYb6rmNbPC2FTgjDqrhocydyHDfLrmnJKyOyi12sN8BgXjElBg\/GPM7lIT9mkrl9KKUUii0P0Wg4REfVUN6+m4nbRUIBo\/5EYFrYY8yPXIVF+XVNKaQW1dpoqOkfl27MxcGgEHo2MQuS63eorowdy8dnfRAYH6bUcIiLqmW5aUOERp2mX16Ye9tppaco6pMqdRH79JHZmZaNU9N+4nPWcnaaKTvB9Flat\/lQaMCI4dgeOn8lr6m+SNE3N4hC9lkNERD1Wt6mpaM+XHI+tDsWw0VJa3c3q3Wv2Yba8XaMXY6fofPnVFfUtDY9Hn0HYcBc4i\/4bXab+Ki4pA0GY97w\/PJz7qv1N2kuv5RARUY9184KKa9aV\/w3nMlv+kqNZm9eEL6tqUSfdrOu+6aoGhJaYrTetrgafydt1pR5mm86XlaeK0CBP+96EyqPbMP+xbeINko5r+OqqWlZmE+q+KMCG+F2tLLMExz+RN9aMhppypMbMxPw0dY4VSwfTbxrQIAatObgcIiK67XRxUOECj6HqUGVChFVHzbEJ1eqM+6WneWVAk\/d1bd5ARB9Vp3sMcVMHupqHt2i6yMX8po9sSWnablHLMhgeoqPm8BEj1IGceHjKH8AaEoixc97EcafBYj\/bywVDRxuVoTq5j4O8XvdADAtejMRzcndKG65DEKRMrEXytJHSdo6E55iZiN4HeP5ayWFlwAhfdRl1byJY7Jfy8at2LoeIiG4\/XV5TEbx6ByK91ZuiLYP3k9i5Jlh9TVLScl4DnKeswa5nNa82dqVBc7ErIRjOlqd6LYMXIt+PQ7CY5\/z0a0icMrj5Zm8YjLC4vfj4f8Pb+fpqs6DYREQHWi8z6NktKN0\/7\/r+KL38seLduRhmtOQ2oM9wqZxPHcAKEbRZGfUC9j47An1s9629yyEiotvOL376+edGMUxERETUYd2moyYRERHd2hhUEBERkS4YVBAREZEuGFQQERGRLhhUEBERkS4YVBAREZEuGFQQERGRLhhUEBERkS4YVBAREZEuGFQQERGRLhhUEBERkS4YVBAREZEuGFQQERGRLhhUEBERkS4YVBAREZEuGFQQERGRLhhUEBERkS4YVBAREZEuGFQQERGRLhhUEBERkS4YVBAREZEuGFQQERGRLhhUEBERkS4YVBAREZEuGFQQERGRLhhUEBERkS4YVBAREZEuekxQUfPWNHi5e9hJQxEclweTyIdLOzDdfRnyxWi3d2QZvB7egRox2tPlL\/fA9Lcse1uDXQ97YPkRMUpERN1az6qpeOQtlJ+vtE7ntiPgT8uw9bTIM3AB0s9vxngx2u1N2ozyjxbAVYwSERF1Vz2\/+cPgDreBJpgaxDgRERF1ituvT4Vt84doXqiu2IMlk0aqTSZDJuK1Iybg6zxsfWoifJVmlJGYnlAMs\/gZTCexcarIb0mW3ylE1f1hE\/K3zEHwEDWP7wNzsKtaZJHUpD3fNE9NIzEvpax5PTbNH6bCDZjuo80vpTELkda0zDwsd5+GXRVVSFs+Df4ij\/+k1ci3bJpSBq00K1w6gCVBQ63W4f9EEsq\/F\/M7WmbXqrDrCZsy85mGjYVNjVNERHQL67Kg4m9f\/R0V5y8rSR7uViqS8MIWM2btOaE0mZT8IRT5S6YgbEE+vOM\/RJHcjHJqBVzfSkRmvfqTmvc3IG34ZpRom1qU3yWiRM2iyFnxLAo8VyL9UzVPQawBG+MPQF1MMXbFn8PkP5xtXoa0nt6vb2haj7UapK05AO8kTX4pFUUBryRkNN+8UYaUyESYZryNgs\/lPGfxxm\/yELOlWJ3dywDnfq5wMqijtkp2b0BZ+HvN+\/b5GcT0ScRG7UZ1oMzMf5aWcecKFCnbpKaSJB+kJRy4bfqMEBH1ZF0SVMhBxDcN3+Kf\/\/qXkuThbhVYeC7GG0kLENBPvcsafAPgZx6DmA9WIsTTCGXqPWPg59kA0w9KFlRVlMFlkLs6z0L5nQnalpaQTfvx6sNuMIqMxr5G6WneJAIAaXnmB+Dvq1nKPRMwIyoAfcWotfMoq3CF2yCrtarL\/LJeBCoybyzauR3zApxg6CWPG9DX2QjTt2LLXJ5CyrGjiBmrjtpq+NYEvwf9mvetlxHjZkXD\/z4xLutAmcFnNrZFTYBR2SaVYZAbXErLUCXGiYjo1tUlQYXpW0u9eTN7024\/znB1ycDG2D3IL61B\/ddyqOGE8c8vxngnNcfN4Oziisz1LyM1vww19VIAdE3aqvGLsegGN8oweAxCvKTgpl4KgCpOIuejbORI62DjBxFRz3D79anQUXnCROv+Ae4LkSnmOcYbSz\/Yj9nGYryz7GmEB8r9GEZielw26qUb+c3i9fyH2DfXiOK3XsQzoYHwHeIB\/6mrkXNFZOio0iSEjQhE+PT\/xmu7DyK\/uEbTZENERLe6LgkqjL3vFEPN7E271XjFHm3qG9Cc2vm66j1+mBW3GbsOH1X7Gnz6NgKOP4+t\/1fMvxl6GeE7ZwU27TmE3E\/Oovzzs3hjbB6WbMkTGTom\/91E9F9zFAXH9mPbuvVYG7cA4eO9YRTziYjo1tYlQcV99\/477u7TG7\/65S+VJA\/L03qeMqTFHUC5GGtT7R4sWrDHupPinX7wHw2lyeHmqEHqgoVIrRWjsl4G+D74APAvMd4hNag+D\/S+iyEEEVFP1WXNH3IQ4ek+QEldGlCYz6PqkhHGPmJcJ26e3jDV1VtX35dmI\/lPmtdB2yLdYP8tPx9FX4txmbkYRcdb2l53eHvWoOqi9RpMV01Afyc43ONBDmaCJmLjcTFuxQnGXnkoOK7t6WBGSeEnMPa+kUJ0hZ+fEcWni9WA6ZoZ9aUH8MrCRMeDMCIi6tZ6Vp+KDxba9HGQks\/zKPzPzVj6oMijE9fHV2By4bPiewwizcyA95oF8BV52nRnBKLizNg4WrMMn6dxeOx6LLK7va6YET8TZYttviGxBVgbG2H9JkprpBt63ZUa1NuNfgwIj10B8xrt9ySG4plDD2DtQj+Rp2N8o7Zj8nGpzOTvcgwZiScTahCyfjG8xHwiIrq1\/eKnn39uFMNEREREHca3P4iIiEgXDCqIiIhIFwwqiIiISBcMKoiIiEgXDCqIiIhIFwwqiIiISBcMKoiIiEgXDCqIiIhIB8D\/By8npWTpFt7fAAAAAElFTkSuQmCC\" alt=\"\"><\/p>","protected":false},"excerpt":{"rendered":"<p>Tegund:&nbsp;4800302100<\/p>","protected":false},"featured_media":80904,"comment_status":"closed","ping_status":"closed","template":"","meta":[],"product_brand":[],"product_cat":[592,744,515],"product_tag":[],"class_list":{"0":"post-71246","1":"product","2":"type-product","3":"status-publish","4":"has-post-thumbnail","6":"product_cat-rafmagnsverkfaeri","7":"product_cat-ryksugur","8":"product_cat-verkfaeralausnir","10":"first","11":"instock","12":"taxable","13":"shipping-taxable","14":"purchasable","15":"product-type-simple"},"yoast_head":"<!-- This site is optimized with the Yoast SEO plugin v27.3 - https:\/\/yoast.com\/product\/yoast-seo-wordpress\/ -->\n<title>DeWALT Filter 15-30L 15T, 20P, 23G, 20PTA, 20SPTA - V\u00e9lar &amp; Verkf\u00e6ri<\/title>\n<meta name=\"robots\" content=\"index, follow, max-snippet:-1, max-image-preview:large, max-video-preview:-1\" \/>\n<link rel=\"canonical\" href=\"https:\/\/velarogverkfaeri.is\/en\/uncategorized\/product\/dewalt-filter-15-30l-15t-20p-23g-20pta-20spta\/\" \/>\n<meta property=\"og:locale\" content=\"en_US\" \/>\n<meta property=\"og:type\" content=\"article\" \/>\n<meta property=\"og:title\" content=\"DeWALT Filter 15-30L 15T, 20P, 23G, 20PTA, 20SPTA - V\u00e9lar &amp; Verkf\u00e6ri\" \/>\n<meta property=\"og:description\" content=\"Tegund:&nbsp;4800302100\" \/>\n<meta property=\"og:url\" content=\"https:\/\/velarogverkfaeri.is\/en\/uncategorized\/product\/dewalt-filter-15-30l-15t-20p-23g-20pta-20spta\/\" \/>\n<meta property=\"og:site_name\" content=\"V\u00e9lar &amp; Verkf\u00e6ri\" \/>\n<meta property=\"article:publisher\" content=\"https:\/\/www.facebook.com\/VelarOgVerkfaeri\" \/>\n<meta property=\"article:modified_time\" content=\"2026-03-03T15:16:15+00:00\" \/>\n<meta name=\"twitter:card\" content=\"summary_large_image\" \/>\n<script type=\"application\/ld+json\" class=\"yoast-schema-graph\">{\"@context\":\"https:\\\/\\\/schema.org\",\"@graph\":[{\"@type\":\"WebPage\",\"@id\":\"https:\\\/\\\/velarogverkfaeri.is\\\/uncategorized\\\/product\\\/dewalt-filter-15-30l-15t-20p-23g-20pta-20spta\\\/\",\"url\":\"https:\\\/\\\/velarogverkfaeri.is\\\/uncategorized\\\/product\\\/dewalt-filter-15-30l-15t-20p-23g-20pta-20spta\\\/\",\"name\":\"DeWALT Filter 15-30L 15T, 20P, 23G, 20PTA, 20SPTA - V\u00e9lar &amp; Verkf\u00e6ri\",\"isPartOf\":{\"@id\":\"https:\\\/\\\/velarogverkfaeri.is\\\/en\\\/#website\"},\"primaryImageOfPage\":{\"@id\":\"https:\\\/\\\/velarogverkfaeri.is\\\/uncategorized\\\/product\\\/dewalt-filter-15-30l-15t-20p-23g-20pta-20spta\\\/#primaryimage\"},\"image\":{\"@id\":\"https:\\\/\\\/velarogverkfaeri.is\\\/uncategorized\\\/product\\\/dewalt-filter-15-30l-15t-20p-23g-20pta-20spta\\\/#primaryimage\"},\"thumbnailUrl\":\"https:\\\/\\\/velarogverkfaeri.is\\\/wp-content\\\/uploads\\\/2026\\\/03\\\/31af7005-0e14-4bf4-99a2-d05efdd9fad2.jpg\",\"datePublished\":\"2025-03-30T17:56:07+00:00\",\"dateModified\":\"2026-03-03T15:16:15+00:00\",\"breadcrumb\":{\"@id\":\"https:\\\/\\\/velarogverkfaeri.is\\\/uncategorized\\\/product\\\/dewalt-filter-15-30l-15t-20p-23g-20pta-20spta\\\/#breadcrumb\"},\"inLanguage\":\"en-US\",\"potentialAction\":[{\"@type\":\"ReadAction\",\"target\":[\"https:\\\/\\\/velarogverkfaeri.is\\\/uncategorized\\\/product\\\/dewalt-filter-15-30l-15t-20p-23g-20pta-20spta\\\/\"]}]},{\"@type\":\"ImageObject\",\"inLanguage\":\"en-US\",\"@id\":\"https:\\\/\\\/velarogverkfaeri.is\\\/uncategorized\\\/product\\\/dewalt-filter-15-30l-15t-20p-23g-20pta-20spta\\\/#primaryimage\",\"url\":\"https:\\\/\\\/velarogverkfaeri.is\\\/wp-content\\\/uploads\\\/2026\\\/03\\\/31af7005-0e14-4bf4-99a2-d05efdd9fad2.jpg\",\"contentUrl\":\"https:\\\/\\\/velarogverkfaeri.is\\\/wp-content\\\/uploads\\\/2026\\\/03\\\/31af7005-0e14-4bf4-99a2-d05efdd9fad2.jpg\",\"width\":692,\"height\":816},{\"@type\":\"BreadcrumbList\",\"@id\":\"https:\\\/\\\/velarogverkfaeri.is\\\/uncategorized\\\/product\\\/dewalt-filter-15-30l-15t-20p-23g-20pta-20spta\\\/#breadcrumb\",\"itemListElement\":[{\"@type\":\"ListItem\",\"position\":1,\"name\":\"Home\",\"item\":\"https:\\\/\\\/velarogverkfaeri.is\\\/\"},{\"@type\":\"ListItem\",\"position\":2,\"name\":\"Vefverslun\",\"item\":\"https:\\\/\\\/velarogverkfaeri.is\\\/vefverslun\\\/\"},{\"@type\":\"ListItem\",\"position\":3,\"name\":\"DeWALT Filter 15-30L 15T, 20P, 23G, 20PTA, 20SPTA\"}]},{\"@type\":\"WebSite\",\"@id\":\"https:\\\/\\\/velarogverkfaeri.is\\\/en\\\/#website\",\"url\":\"https:\\\/\\\/velarogverkfaeri.is\\\/en\\\/\",\"name\":\"V\u00e9lar & Verkf\u00e6ri\",\"description\":\"Umbo\u00f0s- og heildverslun fr\u00e1 \u00e1rinu 1919\",\"publisher\":{\"@id\":\"https:\\\/\\\/velarogverkfaeri.is\\\/en\\\/#organization\"},\"potentialAction\":[{\"@type\":\"SearchAction\",\"target\":{\"@type\":\"EntryPoint\",\"urlTemplate\":\"https:\\\/\\\/velarogverkfaeri.is\\\/en\\\/?s={search_term_string}\"},\"query-input\":{\"@type\":\"PropertyValueSpecification\",\"valueRequired\":true,\"valueName\":\"search_term_string\"}}],\"inLanguage\":\"en-US\"},{\"@type\":\"Organization\",\"@id\":\"https:\\\/\\\/velarogverkfaeri.is\\\/en\\\/#organization\",\"name\":\"V\u00e9lar & Verkf\u00e6ri\",\"url\":\"https:\\\/\\\/velarogverkfaeri.is\\\/en\\\/\",\"logo\":{\"@type\":\"ImageObject\",\"inLanguage\":\"en-US\",\"@id\":\"https:\\\/\\\/velarogverkfaeri.is\\\/en\\\/#\\\/schema\\\/logo\\\/image\\\/\",\"url\":\"https:\\\/\\\/velarogverkfaeri.is\\\/wp-content\\\/uploads\\\/2021\\\/10\\\/vv_logo_350x100.png\",\"contentUrl\":\"https:\\\/\\\/velarogverkfaeri.is\\\/wp-content\\\/uploads\\\/2021\\\/10\\\/vv_logo_350x100.png\",\"width\":350,\"height\":100,\"caption\":\"V\u00e9lar & Verkf\u00e6ri\"},\"image\":{\"@id\":\"https:\\\/\\\/velarogverkfaeri.is\\\/en\\\/#\\\/schema\\\/logo\\\/image\\\/\"},\"sameAs\":[\"https:\\\/\\\/www.facebook.com\\\/VelarOgVerkfaeri\"]}]}<\/script>\n<!-- \/ Yoast SEO plugin. -->","yoast_head_json":{"title":"DeWALT Filter 15-30L 15T, 20P, 23G, 20PTA, 20SPTA - V\u00e9lar &amp; Verkf\u00e6ri","robots":{"index":"index","follow":"follow","max-snippet":"max-snippet:-1","max-image-preview":"max-image-preview:large","max-video-preview":"max-video-preview:-1"},"canonical":"https:\/\/velarogverkfaeri.is\/en\/uncategorized\/product\/dewalt-filter-15-30l-15t-20p-23g-20pta-20spta\/","og_locale":"en_US","og_type":"article","og_title":"DeWALT Filter 15-30L 15T, 20P, 23G, 20PTA, 20SPTA - V\u00e9lar &amp; Verkf\u00e6ri","og_description":"Tegund:&nbsp;4800302100","og_url":"https:\/\/velarogverkfaeri.is\/en\/uncategorized\/product\/dewalt-filter-15-30l-15t-20p-23g-20pta-20spta\/","og_site_name":"V\u00e9lar &amp; Verkf\u00e6ri","article_publisher":"https:\/\/www.facebook.com\/VelarOgVerkfaeri","article_modified_time":"2026-03-03T15:16:15+00:00","twitter_card":"summary_large_image","schema":{"@context":"https:\/\/schema.org","@graph":[{"@type":"WebPage","@id":"https:\/\/velarogverkfaeri.is\/uncategorized\/product\/dewalt-filter-15-30l-15t-20p-23g-20pta-20spta\/","url":"https:\/\/velarogverkfaeri.is\/uncategorized\/product\/dewalt-filter-15-30l-15t-20p-23g-20pta-20spta\/","name":"DeWALT Filter 15-30L 15T, 20P, 23G, 20PTA, 20SPTA - V\u00e9lar &amp; Verkf\u00e6ri","isPartOf":{"@id":"https:\/\/velarogverkfaeri.is\/en\/#website"},"primaryImageOfPage":{"@id":"https:\/\/velarogverkfaeri.is\/uncategorized\/product\/dewalt-filter-15-30l-15t-20p-23g-20pta-20spta\/#primaryimage"},"image":{"@id":"https:\/\/velarogverkfaeri.is\/uncategorized\/product\/dewalt-filter-15-30l-15t-20p-23g-20pta-20spta\/#primaryimage"},"thumbnailUrl":"https:\/\/velarogverkfaeri.is\/wp-content\/uploads\/2026\/03\/31af7005-0e14-4bf4-99a2-d05efdd9fad2.jpg","datePublished":"2025-03-30T17:56:07+00:00","dateModified":"2026-03-03T15:16:15+00:00","breadcrumb":{"@id":"https:\/\/velarogverkfaeri.is\/uncategorized\/product\/dewalt-filter-15-30l-15t-20p-23g-20pta-20spta\/#breadcrumb"},"inLanguage":"en-US","potentialAction":[{"@type":"ReadAction","target":["https:\/\/velarogverkfaeri.is\/uncategorized\/product\/dewalt-filter-15-30l-15t-20p-23g-20pta-20spta\/"]}]},{"@type":"ImageObject","inLanguage":"en-US","@id":"https:\/\/velarogverkfaeri.is\/uncategorized\/product\/dewalt-filter-15-30l-15t-20p-23g-20pta-20spta\/#primaryimage","url":"https:\/\/velarogverkfaeri.is\/wp-content\/uploads\/2026\/03\/31af7005-0e14-4bf4-99a2-d05efdd9fad2.jpg","contentUrl":"https:\/\/velarogverkfaeri.is\/wp-content\/uploads\/2026\/03\/31af7005-0e14-4bf4-99a2-d05efdd9fad2.jpg","width":692,"height":816},{"@type":"BreadcrumbList","@id":"https:\/\/velarogverkfaeri.is\/uncategorized\/product\/dewalt-filter-15-30l-15t-20p-23g-20pta-20spta\/#breadcrumb","itemListElement":[{"@type":"ListItem","position":1,"name":"Home","item":"https:\/\/velarogverkfaeri.is\/"},{"@type":"ListItem","position":2,"name":"Vefverslun","item":"https:\/\/velarogverkfaeri.is\/vefverslun\/"},{"@type":"ListItem","position":3,"name":"DeWALT Filter 15-30L 15T, 20P, 23G, 20PTA, 20SPTA"}]},{"@type":"WebSite","@id":"https:\/\/velarogverkfaeri.is\/en\/#website","url":"https:\/\/velarogverkfaeri.is\/en\/","name":"V\u00e9lar & Verkf\u00e6ri","description":"Umbo\u00f0s- og heildverslun fr\u00e1 \u00e1rinu 1919","publisher":{"@id":"https:\/\/velarogverkfaeri.is\/en\/#organization"},"potentialAction":[{"@type":"SearchAction","target":{"@type":"EntryPoint","urlTemplate":"https:\/\/velarogverkfaeri.is\/en\/?s={search_term_string}"},"query-input":{"@type":"PropertyValueSpecification","valueRequired":true,"valueName":"search_term_string"}}],"inLanguage":"en-US"},{"@type":"Organization","@id":"https:\/\/velarogverkfaeri.is\/en\/#organization","name":"V\u00e9lar & Verkf\u00e6ri","url":"https:\/\/velarogverkfaeri.is\/en\/","logo":{"@type":"ImageObject","inLanguage":"en-US","@id":"https:\/\/velarogverkfaeri.is\/en\/#\/schema\/logo\/image\/","url":"https:\/\/velarogverkfaeri.is\/wp-content\/uploads\/2021\/10\/vv_logo_350x100.png","contentUrl":"https:\/\/velarogverkfaeri.is\/wp-content\/uploads\/2021\/10\/vv_logo_350x100.png","width":350,"height":100,"caption":"V\u00e9lar & Verkf\u00e6ri"},"image":{"@id":"https:\/\/velarogverkfaeri.is\/en\/#\/schema\/logo\/image\/"},"sameAs":["https:\/\/www.facebook.com\/VelarOgVerkfaeri"]}]}},"_links":{"self":[{"href":"https:\/\/velarogverkfaeri.is\/en\/wp-json\/wp\/v2\/product\/71246","targetHints":{"allow":["GET"]}}],"collection":[{"href":"https:\/\/velarogverkfaeri.is\/en\/wp-json\/wp\/v2\/product"}],"about":[{"href":"https:\/\/velarogverkfaeri.is\/en\/wp-json\/wp\/v2\/types\/product"}],"replies":[{"embeddable":true,"href":"https:\/\/velarogverkfaeri.is\/en\/wp-json\/wp\/v2\/comments?post=71246"}],"wp:featuredmedia":[{"embeddable":true,"href":"https:\/\/velarogverkfaeri.is\/en\/wp-json\/wp\/v2\/media\/80904"}],"wp:attachment":[{"href":"https:\/\/velarogverkfaeri.is\/en\/wp-json\/wp\/v2\/media?parent=71246"}],"wp:term":[{"taxonomy":"product_brand","embeddable":true,"href":"https:\/\/velarogverkfaeri.is\/en\/wp-json\/wp\/v2\/product_brand?post=71246"},{"taxonomy":"product_cat","embeddable":true,"href":"https:\/\/velarogverkfaeri.is\/en\/wp-json\/wp\/v2\/product_cat?post=71246"},{"taxonomy":"product_tag","embeddable":true,"href":"https:\/\/velarogverkfaeri.is\/en\/wp-json\/wp\/v2\/product_tag?post=71246"}],"curies":[{"name":"wp","href":"https:\/\/api.w.org\/{rel}","templated":true}]}}