{"id":71227,"date":"2025-03-28T10:41:12","date_gmt":"2025-03-28T10:41:12","guid":{"rendered":"https:\/\/velarogverkfaeri.is\/?post_type=product&#038;p=71227"},"modified":"2026-03-04T13:31:24","modified_gmt":"2026-03-04T13:31:24","slug":"weller-lodspiss-08mm-for-25-40-st7-consumer","status":"publish","type":"product","link":"https:\/\/velarogverkfaeri.is\/en\/verkfaeralausnir\/rafmagnsverkfaeri\/lodbyssur-og-lodboltar\/product\/weller-lodspiss-08mm-for-25-40-st7-consumer\/","title":{"rendered":"WELLER L\u00f3\u00f0sp\u00edss 0,8mm for 25\/40 ST7 CONSUMER"},"content":{"rendered":"<p><img decoding=\"async\" src=\"data:image\/png;base64,iVBORw0KGgoAAAANSUhEUgAAAjEAAAChCAYAAAA2lu6eAAAAAXNSR0IArs4c6QAAAARnQU1BAACxjwv8YQUAAAAJcEhZcwAADsMAAA7DAcdvqGQAAChASURBVHhe7d0PUFRXni\/wbx5b6awztMsWnTUlrBMk7rQkbxt00hJrWmOFP24adWwfPtvFChaWuKaCEwsmcXHU0TVZHLMyFUdTUJKSEjeszBMho9AzUbqega6NSE0CvFGgYsCNz6akbN5Y9lSofufeexq6mz+iYuLV78e61eeePt19Qe7p3\/mdc7ufCAggoofWwMCALBERUaj\/Jm+JiIiIdIWZGKKH3FiZmJiYGFkiInr8BPtFZmKIiIhIlxjEEBERkS4xiCEiIiJdYhBDREREusQghoiIiHSJQQwRERHpEoMYIiIi0iUGMURERKRLDGKIiIhIlxjEEBERkS4xiCEiIiJdYhBDREREusQghoiIiHSJQQwRERHpEoMYVR\/Kl89FwhyxFbll3dh6yx1au+UV6JV1U8Hv60FzSw\/8Q7KCiIiIJhQWxJwrkm\/k425FOCfbfhd8nxTBKo7DWuyGP1h3oQKb7FaY5TGarXasfacGXT7ZQBfc2KEc9zo7Vh3tk3VTaKgHB5UgzexA+RVZR0REpHP6ycQMtWH\/9np4o6zY+roNBlHld29H2pp9aLg0OBzU+Ad60FzxAWqvygpdSECSRfxEUdGIi3lK1k2hqARsftsJ41An9pbUQ1fxHT0exADlwQ+S3NgiBjpbPpG7RKR7YUHM4pIO9FzStqYis1ZpLkSTrOu5VILFWu23zvtRCSq9gHF1PrJnaHXnTtZAVIljLEDj5+L4Oi+irf4wthUVY508fH2IQ87xi+L4PTi0IlbWTbEFDuTMEreuX6GsU6uix4+aucy0DmdX1cxlcf2UTo0SEX1b7joT461yyg4wF9VqBCFd2AOLWm\/Fjgsha0eK3PC17EPWfNlpphWg8lIwbyL52lBZ5ITlBa1Nwnw7NpW3wTe8PqQfZ8+0qaXFNqt6q6xj6e3WSsZkCxKV1EyUAcY5NuTl2WDS7tJcc2Fvrh0WszwGqxNbqsTzy7vHNdSPhp0O+bhkLNpcgY4ho7wznNe1D2uH3xySYcneg4YrIT+nOtIU973pEj+vB3tXam031StttBGisp9VHpxOCtYVoWGgDeWbg8cvjiO3FOcGZDOFcpzv5CJd\/o4TzFZYX07HInXLR6WalTIjMzNO3PbhVCOjmMeRlrmsgH\/pPjSed8NzvhEnxN93vNGA4fyftwZrp3i9FxHRg3LXQYwpzYFUteRB7dl+taRo\/W2dFhTMdCJ7nlqlqSuANbcC7TJi8F9xYcfyIpwKRhBDbdix1IkdJ0VQYYhF\/MxYGP\/Ug4YSJ9J2yLUvt1pwtkUppGHJAuVWEYeU+dFqyVdViPWlbvRGxEaqazVYLwKn8vM9w0GRXwQFp3aK5w9ZWzOW1r0rsamqUz7Oj14RqGw64FHvC+WtzoVVBDjNPX+GcWYc4mOUuKxKjHido9egXKzCWkcuyr8YVHcN05ToayL12GJzYq8rePziOM5\/gPX\/VKVloQT1OCs86DLYsLmkGHkvGOC9KoI8EbzErbAjVRyPImmxDUoI1tvUwjepx1BzYw28aUU4VGBDoikWJlMckpbm4t2itOGg3+9xo1mWiYgedne\/JsZkx7qlWrG5vkm+kXbi7Cfam3L8inQkqSVp6ElkvOfRpqPOFCIpSqlzoaxayzgEp4lgdOKY6ECbzrrR9h8bEa\/cV12BWuW+a1ehJl3mzMXcaUpBk1KwT04t9ePcwXwsmp8ekcERx3i4BOeUSEUc9yGPNi3W9k6aep+3eg\/eHy8pMeTG0SotSDPaS9HWKR77eT22zlGrRgx58H6JFtik7HSh7WwjmsTPcUB5iaFOvH9UyyANu+pB87UE5LxTgyYxEv7n+bJ+An7DyLE3bpXzZBdcOKv+8ttQW6sd57Kdh7F1hRPb\/i1X\/h9E4+VVdiQGf2d\/a9bqO3u03yc9Xv4sb8fUj4a302FRMoWd+7BIZgaD60f8PfVaNnM4W+rAlpM92p2KKxXIUrOGbuzPTZcL7bXsZWtkytOnZBZlG7MV6Zur0DVqNNGP5vIirLKNZDeVDGRzyHMpFyJklYvg3h3M9KZj\/xfyTgyitbwAi+TxWjLHyAATke7dw8JeAzLWONURPVrqtTfSLxpxSk5Z5KyIXIyyCEvTtYwJErKQ8yOt2H5J6wBbP5Nv8jHdqN2xHW8Vi+3fg2\/8HWj\/Stx82Y0uZfevYzFduQ0y2vCuqxGHnGYYleDI36dmcKz\/WIEuNZDpEc8vg6uVuciQGQnjCjuWqaU+tH4+kk0Kc6UTHepzxCFnfZr2\/IYEZK8NTmdJV9pkxxotRrGl2vEXl+D01zJLdLl7OGOiiUZOWT12OcyIFyNh09izU2GMy53Dx5640KYGeOKZ4bulFib2jbxVmEzaiHtoko+lR0rqyyKydpVgS03fGBnIWGS804hGZS1cyDq4A0u0ew3i7\/9p+z7UnVfWbl0U7eJEEJGP\/WGDABe2pJUCG4\/A03ZRBPSHsezrfVi13TXyeiKw3+9wosy\/BkfcF9F54Xf49RIP1r5ZLxsERcNgNOP18t+hUwwgOs8fRsaND7A29LkE3\/ndWLXXh5wPG+E5X4PXZffTvt+BVRV+ca650fn5Rbh\/ZcOneQU4pd1NRI+IewhihAV2LFfffD046\/GjveFjbXpingPLlcWjEZQOUBOLp+WiXM3IuhZc8aC6ukZuHjndMYibN9WCZoZ8Ew5liEPGzhq0fVqDXXZtUaz\/wj7sb1S6uj5cvqRWwThdBlKKqJEpHJ\/vtixFCAZOojMNfagpNuIIhtsNov108Phr0CCni3DTh\/BXiEP8M7I4SfHPhCz2jTZqAeQwC7LXKGtdgFM7xZvKySrs\/WkF2pWK5+3IGOP\/Q\/m9XA+PrOgxYFhagsadc9FanA6zkkkpH2cKdiyz7MhTAm+jchWdAYnZ+ciZ2Yeu7tAn8CPpzQ+wdUEcjNMMMM60YusmO9AYMkXVVIGDV2zY+l4uUmcYYJgWjURHKf41S94\/zICU7FwsniOCGdF\/GEziuTaIIOwPHfJ80\/S2GPF69W5kPy8GBCatrZJFLSvvw+I39yFvQSwMBmWtnAOHdopjIaJHyr0FMcobZ472xtlw+jDOuLWpoZSs9NFBhujYRkb9\/bh+TRZV4g19tizaS7Upp4gtOBJUXfNGZDVCxJiR894H2DxT2+27qrSMw3Ny+sd3UwYViqGQjnc4wIrwg9lIVAsikAp5qP9WRK8\/3C4BW8+MPv6e2lyZOXlwkrYewa4F4s3F68bBoj0o7\/QjZUUxTnw43muLQChkWo4eFyL4cB6G50I9juTPRvfhfCyy2PCWK+QPfNJEcC+i6T5xTo5IwMsiaAijBhUj50zX5Q7AbEVqRAYyaX5EhnMM6vqxq1fD+4AlaciIzGaqWVQzXpJr5oa9IF5XFono0XCPQYzodFa\/hhSl0PExTqkp5TSsG\/PyYBfKqrSpI\/+lGlSqC3SB1Plz1duU+Rb1FiIYKg+ZYlc6vq7OHi11\/PRM7c34Rj9GEjNu7FhZhHJ3z3CQ5L\/kxjkZJMXNUMKpBKRatY6s9zcVaJBX9PhO1su0chwWi1HjmGYkYLYa4PSh+qhbW7Q81IPKIy6lNGKWRXbIPTh6WLaT\/N5OdIUFbQ9Gb3kBdrT4kfHeRS1w+tyDEyVOpER27t5gEGjC06OjTXpcTEvA4rwS1HnE30meCdVvvIHqO\/yd+q+4UV7kxKKXgx8smY69o9aTGUKyrmPr6xYn+d\/NHhVcj8pwDg2ivWYf1trTYQ1edZcfOeUkfM+ofmZUGDU7KgYXkVnI4HQqET0y7jmIwYx0LFeuQlKuglH2l9qRMdboXnRq7SV2tRMy20u1aQ6jHesytYDHtHoPtj0vCsoHsWUmw6JeFmyD5flkpL\/VhOtKo4TZUEOeS93oDlm0e\/OLeuzNs8Ni0To59fmV+00OrF6idW3K4t9lSs\/lrccmq1zk97YWiJhWFGPDeJ8nMy0NG5zaMXpP5muXj5vt2H85ostUPnxP\/HzqSyjt5tu0S5utyTAvdOB9MfB80J6K0brmhjeTtc5ebspixurQwPCrTjnNZBZdPD32oqKRsiUfy4Y8+HSiv1PlCr\/MfNT+TQFOfOxBp5plbMS28c6dCcTNTgD+2D3q6rjIDGfr3leR9V4flr9XA\/dnMqt5eJLTQWp2VAQykVcG3vKFrachIv279yAGschep13lo8jI1D5Fd5TvOfHuQSeSZFbAmJCGd6tLRlLAUQnIO96IQ7lWJBr98KmXBveLCMOCZWsX4GmlzbQFeEm9bLsJnw5f7DMXq4scSFXmzGUNjLHaNMrp3VgcDKiMNhyor8K2tAQo0\/kKQ4x47p1VcL2jXXI8npRtvxlZNCw6\/MS03ag7U6hloEIYl5TAdbwYyyziWHz94vjFz3DrSSQuzMUKLeH0AA2id0D8usYYAft6XHhrowwchfZzWqYofuGCBz7FRTrxJ5\/4m4jG9LAV8+G87no0D9mxdasVpuB5NdSDL+R6s7sR\/7cifL7Uho6IheWtn8kUrUq74i4ptxDZIed3b88kr6lTs6iduNAREbL8oY2XjxM9agL34fZv3wg8+5w58OwPCwNnv5GV0ldlK7X7nhP3ybr7cf3YGvX5\/n5Hi6whxfUTG7Xfy08bAzdD\/w\/6jgQcYb\/\/jsAvX1H20wK\/7FArSCdu3Lgxart7vYHaX5QEjjZ1BL667g1cF9tXn58I\/CxD\/E385EjgK9lKPad\/uDLwfsdtseML3BQ3gc92B\/5e\/N38vMkbuC3+xm5\/3RIo27gy8OJL5oC9rFd74JdHAvbnVgbKvtR2h\/2+MLwP+OZi4OficS++cSJw+cbtwO0\/+QKXf1sccLz0Ykg7b+CjHHFcrx0LXFYOQByH0sb5yo\/DnutsoWhT2CT3wl34hWj70huBj\/7oC9y+fTtw84+NgZ\/9jx+Ln8McKPi9bEREuhXsC+89E6N86ux72rSMcbUDi+8wF36\/TCvyscwoXvajqpEPyiO0X9S+dfvpv5utZYyCBnza+hejvJqppQaVSnp9wUbo6ysZaGo8BaOhA5XFr2HRQhusYlv0WgV6F5Wi6fjIAnDD0u04shooW5mMBMsr2P+ZqJxXgCNFZpzbbIPZPBeWnCog\/0McyoxYODsZURbsqj+MbN8HyFKmXOe9gp+eteLdivVygbwiFtklpci5WYr0+dpx\/NRjw4HKgkkvzE3Z9jGOZPtw0GGF+YVk2N5y4aV3P8SGyM95IiJde0KJaGR5cpQPtUrbNzxFoXyI3JHTJVgcMS+jfO3AohJl5Z+4f4q+c0n5Fus0ZXGf6EQ92+WC4Mec\/3QBzAUimIyKRtKSdCTFALevXsS5FuUTfg1I2V6HE84\/4+BKO\/ZfMmPbmRrkjXnZNT2sBgZCv2NCExMjPziIiOgxFOwX7z6IuVqFVa\/sQat4gzRaHPjXXxUjI+yzXzQPIoihsSnf27Rl\/wk098hLZQ3RSJyfjpzXi5Az7x5Gy\/RQYRBDRBTu3oMYIvpWMYghIgoX7Bfv4+okIiIiou8OgxgiIiLSJQYxREREpEsMYoiIiEiXGMQQERGRLjGIISIiIl1iEENERES6xCCGiIiIdIlBDBEREekSgxgiIiLSJQYxREREpEsMYoiIiEiXGMQQERGRLjGIISIiIl1iEENERES6xCCGiIiIdIlBDBEREenSEwFBlonoITQwMCBLREQUipkYIiIi0qUner76L2ZiiB5if\/X9p2SJiIhCcTqJ6CHH6SQiorFxOomIiIh0iZkYoofcWJmYmJgYWSIievwE+0VmYoiIiEiXGMQQERGRLjGIISIiIl1iEENERES6xCCGiIiIdIlBDBEREekSgxgiIiLSJQYxREREpEsMYoiIiEiXGMQQERGRLjGIISIiIl1iEENERES6xCCGiIiIdIlBDBEREenSdxDEuLFlzlwkiC2rvE\/WfQtu9aO9pRNev9wnIiIiXRsdxAwNorW8AOnWZDXQSJiTDIs9F3treuCTTb5TPhEELRTHtXA7zv2fCmTJgGi8TQuU+lD+jzZkrXPAututPc9k9XygvcbKCvTKKiIiIvruRQQxfpzb8SpWlbjQNRBMWfjhu+RB+eG6kTfxIQ92zBdv7EV3GRBMgdbSYpzyAqkFBVj8l7LyjkxI\/O+x4taAeJNRq5qshI3Y5owGvtiHvfWDspKIJseP1oNF2PtJv9yfAp8UiQFKEc7JXSJ6fIUHMUNunKzWOpukgnp0XupAT5sHjeWF2Pb2WiSp9wj\/6ULtd5GWuVaFvZXi+IxOvO4QQcmsXNQpx6huh7FMNlt2OFjXgbq8OFFjwOKdbrF\/EU0FFq3RXUhd7US8uG0oPYJ2rYpIv\/x9aHgnNzzb+rITW6o7Rcgx1bxo\/9\/1qPV8i1PHRPTYCA9i+vrQrRaikTIvQbz1C9OikWjLRd4SJZMhuiTXHqRvqNKmlk7my07QgfIemZ0R+5bdbWpbTT+q12n1CetqRJc2nkG0VhVhVbBjNVuRvrkCrQPybsHrdqFVKSyxITVKrZqkPpQvl8cwnD0Krs1Rjr0H1ZvTYZavm\/WOG74h2UxhTseymeL2ysc406lVEelSTw3WL0nHlvMmZO+rgee8W2w1OLQhWUmaaOf8lIpDzvEOeN6++8EDEdGdhAcxs5KRos62DKJyaz72u\/siRmZ9OPORG9flHgzRiJ8ZJzYTDAYrli+PVqt9tfVasKHwNqG2RStmZNth0oqjtO5+Fat2isf5noRJPKfpe4Pocu3DKvt2nLultPCjucmjts2wWdXbqdGJ\/csdeMslf9ahQbRX5CPrQGi0YsbLS5SfrQ\/nWjiiJL0SwfxPxfn0N4Woqy1Bni0BJlOs2BKQ6izEgRyzbEdEpA8Ra2Is2FrigEnJcnjdOJiXDktaAcovBNeCiFFVeSMOLJW7S\/eh6Wyj2A4jZyaQskqbdoGvDrUX1Bbwe9xoVgpRaVixZJxxXnCaCNHIqfDAI57T46nB5lmiyluDsnrlvqvovaI0TsDzc6d2vOhPyEfj58r0kwdHVmgZp97yCpwLycbE\/91c9ba9u0e9JdKdlg\/xfmccNv9LLhLvlMkcaEP5ZjssZi2DackU\/UBb+Jqwc0XKwvkedNUUIUtmYRPmO7DDFbr+RcuChl+J6Efv6X1Ym2kdzrpa86rkmjs\/uurFfXarlhlVXntlEU7xtCOiMUQEMYBxyW64z5Qi53ktq+K\/4sLeNTasqphEL2Jei7x5SmEQtb9VppT8aDjtUiqALAcypmnFUT5vk5mb6aID2463isW2o2o4m9P+R+0Ko8uXlD0TTNqhTZnEf0hDohoXRWPx6nSoyaihbnSF9LumWJlDGvBpGRsinWk\/74ZvjgPL75RwueXGW3Ynyv4iFyfcHrR95saJDUBZ9qvYIQcnQe2lDqx1W\/Fvpz3oVNbPvR2HM5ud2D\/BtGtvhROL3mxCfMFxbTrrdx\/iF3k2bQAEg\/gXi+Xv1sCjDCza6rHtmSZs2VjK9WhENMqoIEZhmJWGXb8RnVdtMZbNUGr8aC0pRYM6rTORWGT+RJvq8X3ShPZbLmgxTDRyVtrU+rH0XtFW4iiBSnN1Darl1qxmXsRzDYauIjbh6fHmpO6RIepJWRJiZ8rOdBx93pHpNCId8f5fEZXPSUCi3B+P9+RhVD+Zi0PvOZAoRgxGYywSHaU44PSjsjRiXZvBgQOynUFZP+cowLo5E0y7DnlQfrATKds\/xLtL5XTWTDMyFigL8DXx9lxkPx8HozKwmJaA7E1OxF\/pQfcd+x8ietyMGcQEGc1OHPj1Ru1NfagPveOvyh1mEiO4DCVVffVj1B5yo0GpNGYh80dKYWzxs2bLkh2HOkeuLBreSkIDIBFETOI47obvZkiavP\/qxJ8HM92Ip2SR6FHU+lkb8CMrUiKmnFJti4AWT3hGxGaNWGT\/pBgUiJvQhfGhrrSh2WdG5kJt2nZSoo0wigHOVJ\/3RKR\/4UGMew+yiipw7tIg\/Gon5EfXebd8U48bnQHp7UavbOcPzrFMS8O61doi2IZ67Sql+DWOia8mesGCFLVQj\/cjpq38PZ3oUkdgJsQrVwiJIMY7xR\/X0vsb8TMryZ6hQTQcq9OuvDImI0VZkyN5+2UPOsM07uJkooeZ6W\/igEs96JL7YxODlW4gaU6C3L+Dv7jL9WlfdovXn43EkHMrnB+97gpsyU7HouCVimn7OJVERGMKD2K+8aH95D6sVxbVqQv6kpEuJ7dN2SNrWpLmy6uDLuzDItnuZ+e1KkVqZpa6rqT3qpJSjsOyf7jDJPwMJ94t0tq0l9hhtooO7OV0WOfPhTmzGOfU+CEBz6lra3twOTj7NFVu1GO9sjDRbMUm+YF2SRucMrDS9P6xQ71NMk+ycyd6yCQlW0QQ04Tma7JiTHGIny3OQxHsPBA\/EAEMRCAjp4ojeavzsWhjPeLfrELjpxe1TKyrcOQzqoiIQoQHMXMd2JZtRWLMyOjKOMOCZTur4NpjG\/4MCZNjHw45zTDK7IrS5rlntLJqgQM5wZHWrFeROYkrNxPzqtBUmovUhGj4B8RoUARAXsQiZYUTqWrqw4DUhdpnTZxrCf0cmvuXuqUU29LitJ\/PEI2U3Aoc2xgarHTi7CdKcBOHxT8ambsn0pVFTuSY2rC\/xDXhV4ikLBCDlE\/caI6YEmp2N4lz23p\/AcUsM+ZGdeLM+dArmIL6cbbeA2QVYOuCWG1aStHdyUwMEY0t8EB0BH75ijnw7HPmgL2sV9ZNga+PBRziOZ+dtzvw6Tey7p41BQqU55rMMXYcCNiUtq8cCHwhq4i+LTdu3Bi13aubzbsDaT80B3746u7A0ebuwPXrXrH1Br5oOhb4qMmrNfrmYuDnL5kDL75xInD5xu3A7T\/5ApdPvBF48bkfB37+mdZEcbZQnBOFTXIvqDdQtiz0nIrcDwQul60MPPvDlYF\/aQq+fnfgbN3FwHVx34VfvCjOs92Bs1\/fFsdxO3C9+Ugg9yc\/Fq+9MlD2pfb4wO8LxXlbGDgrd4no8RPsCydc2HuvvFUlOKimiy3Itk9h5mKGA6+viAZ8VTh6eooXxkyg+SPtMyxSN4R89QKRDhkXFKPuzGHkzWrB\/g12WBfaxJaFtTvqR7IdURbsOl2FDd9UYNVLyTBbrFhVBmyo\/hi71I9QuD9K1rVxz2y0Fjq017etwd7z2pqzlIIPsG2OG5tsyUgwL8CqSuD1D3+FzLv8yjMiejw8oUQ0snzflA+\/Wn9S7ghJRfWoy5viNSTKt1gvzccpOHHCXTzqCorJU752QHke5Tgb5XcsjUH5FuvMUrQ\/X4im3+ROfPk10QMwMBDy3RtSTEyMLBERPX6C\/eKUZmIM0+SqGWMCMoqqcGyqAxiF0YYD5zvQc\/5+Api7kLBR+5JJBjBEREQPlSnNxBDR1GMmhogo3APJxBARERF9WxjEEBERkS4xiCEiIiJdYhBDREREusQghoiIiHSJQQwRERHpEoMYIiIi0iUGMURERKRLDGKIiIhIlxjEEBERkS4xiCEiIiJdYhBDREREusQghoiIiHSJQQwRERHpEoMYIiIi0iUGMURERKRLTwQEWSaih9DAwIAsERFRKGZiiIiISJee6Pnqv5iJIXqI\/dX3n5IlIiIKxekkooccp5OIiMbG6SQiIiLSJWZiiB5yY2ViYmJiZImI6PET7BeZiSEiIiJdYhBDREREusQghoiIiHSJQQwRERHpEoMYIiIi0iUGMURERKRLDGKIiIhIlxjEEBERkS4xiCEiIiJdYhBDREREusQghoiIiHSJQQwRERHpEoMYIiIi0iUGMURERKRL9xbEDPnh\/cKDdq9fVnyLvsvXJiIioofGEwFBlnGuaC7Wn5Q7Y7LjyKUSzK5wYNE7nUCUA0c6d2OxvPfeuLFlTj5OyT1VVDRMLyxAdm4hXl8aB4OsVvRO6WsTPfwGBgZkaURMTIwsERE9foL94j1lYp6enQxTFGCIi4VR1k2poUF421w4WJAOy5oKdA3JeuGBv\/Z960flmrlIWF6BXllDREREUy8siFlc0oGeS9rWVGTWKs2FaJJ1PZdK1MyHwVYMT2cHOl0FSNFaTYllh+XrfO5G3c40mESd\/8I+rN3bpjUQHtRrT5lrjai9IMtED5trLuzItsI8RwTaZiuydrrgDRkkhOtD+XLRTmk71hYaqPv70LDTCcsL2n2WzAKUtw3KO8fWW+7QnqfAhXEnh1v2wBL5Wmr2VnmddOzvlFWjyMGEaLflE1lFRI+ce8rEDHc+c4pwLrKuyA1fyz5kzdc6EHNaASov3eX6FUMskpylOLIxTt31Vlbg1C21OOZrY6gfzeVFWPWy7JyV17U6saWqDT7ZZKTjK0LDQBvKN6cPd+TpmyvQ6htEa3kB0oPHLR6\/tyWiE\/a1obJopKNOmG\/HpnLxGvJNwNdWgfXZe9Cq7HTuwyL19cI7Ua9LBGWZVu3xc5JhEe0broT8fj4p0u570yWe0IO9K7W2m+q5Boju01AbdjgKcOaZItSdd8Pzu19h8R8KYH9bnLOySbg45Hwo2iltw7ZG7FoIGJPnIl5t14\/qDenY9AcrDp3R2pzYAJSteQ3lPWqD8c2KQ\/zpejTI8zucHw3HqzBdtBlNPG5WH079dpwopvOYCKJEm5lyn4geSVN\/dVJdAay5FWiXvaL\/ihj5LS\/CqbF7yQklZbwqO0kXPv1MLYwt6jba6+rRevXPMMwUHdeMaPhFoHJKjAw3VffLRkH12GITAYqrTxv9DQ2iSwQWqxbasKrEha7gcSuBTm7xSOeqvAEsdWLHSRG0iCArfmYsjH\/qQUOJE2k73OpztZ8+jvZge2Vdj3IsYntaLurxVufCKgKm5p4\/w6jcF6MEPlXYlOlE+RWtzbCLVVjryEX5F1ogZZgWujKI6O75T1eg0u\/EgfccSDTFir9PK7b+uhjxJ\/egbJxYwBAj2iltQ7chN2rPiwBntVVrJAKGgy0W7Pp1AVLFeaG0SXSIQUjeIPaWTpBlUTxjw2KzC0dPRp6nwi03TjZasHhhtKwIdROLbXb0Hq9B8xiZpPbGj3FztQ3JV2UFET2Spj6IGXoSGe95tGmhM4VIilLqXCir7tPuvxvRxuF1Lzd9E3WFokP9oB6ezy+i7WwjmtweHHNqHV9zfRO8ammE32jHkc+UqSsPDqQFK\/3IeEc77raDdu11xXGflcGT96MSVCpPZHTimMeNprNutP3HRjXI8lZXoFbcl\/p2I07ky2m4Ofk4oRyL2LaJUSuGPHi\/xKPelbLTpR2neB719Yc68f7RkSkz1VUPmq8lIOedGjSJke8\/z5f1RPeoucUFZNqQqpyTQTMW4OU5fWj9fIwgYhztH32I1nmvYZ38U8fXV9GrZEZmyH1JHYQ0utEs98d0cyYyV1vQWtc4+jz9pB4NFjsyx0rEYBA3FziQgzqc+U9ZNawTZ07exPJMGWQR0SNr6oMYLMLSdDlySshCzo+0YvulO+WVJ2YwTJCJGBpE+ycV2OKwwWLWpnDWVsmpoJs+3NZKw+JX5mKxGqVEIzk52BPbsWKFdtzGJWnDVz3d\/ka7bf1MBhkx3ajdsR1vFYvt34OBRwfav5LF8VxpQ7Oa5YmG31OqPb64BKe\/1l7Td7k7ohOPRk5ZPXY5zIg3xcH0cK5iJt3oQ1eHCCx+kCD3gxKQNFecn3+c5CBDBOPVlX3IWOdQ16yppiuDDT98kVNC\/08EGkMd6LpDNiRuiR0pF2pQG5aN7Ef1MRdSf5IuwqNxRFmRaQcqf+OWFVJLDSoHs7B8AbOXRI+6BxDEiIBjeKQXi6cjRmd3pV8Z4SmiMf2v1cKYWve+ilU7a9DcLTppRyEOlJZil33crg\/G6WOkp+fMxuzgcUdFdn596BXPrboiOvHqGrl55PGJzvqmWhjfl93oUgsi4DodfHwNGuR00ehgS4xsn5FFoqkw7gJeEUQPTm6+13e6CpVwYl16yDlisWO5yYV\/ebsGXWog44e3pQLr9zSqd0MOBMY1Ix3ZCzpReTJkTktZIN+WhnX2WFkxttSsLBjrxHkUEkA1n6nD9BzHw7nwn4im1AMIYkJHZP24fk0W70FzXZ224DBqAV4KJkxGcaO6SkuFx+d9gGN7crFsaRqSYu4UVUSIejLs82jCiYBitizaS7WpsojtwBJ5\/3h+MBuJaiEBW8+MfnxPba5c\/0P0sOpEWakL8SJACJuSirJgV00pMr8uQZZlLhLMNqytBF5\/24Hp4tx5ejhlM55YLM9OQ299I9pljTpllW7H4mmyYjzzHMiZ4cLJJjndfMuFox9Nx7L0cTsMInqEPIAgxoWyKm3qyH+pBpUtahGp8+dqhcm41YNzJU6sl1NCSVsKkDFBZ3ZbjjAN35dhiL8NZ9wRVxbdp5T5Fq1w+nD4FRdDfnR19oxevHi1B92y0q\/czrIgVZ0S6sHRw+FXg\/i9nei6j2CPaFJCA49IT8rbiSjTNFcsyFs9RoAwIw27qj3oVALyTg8aD+YiaaAHvUYT4u4UiAiGJXZk9FWhWv14gk6cqb+JnDVpEwwsgszIXBGHhuP16nSsv0lZRxOyXoeIHmlTH8SIjrK9xK6uSzHbS7WRldGOdZkTp4UVp\/K19SwJFjvWl7epgYHJXoIjeZHz+KGsWLpUK3Xtd8Dycjos852o9d\/59e6GafUebHteFIY6sTczWX2dRS\/bYHk+GelvNeG61gzxycnaomBfDdbLS7FXVfaJ34sVW8XvRRmUek\/mi2O0iceL57Amw7zQgfc7lAcRPShxSFTWvnwZuTatB+3KWpnZE51jCu1yZ9\/SXGRPcoq42e0CltgmN60zLQ2rswZRW+cBLohgaSALmXI93Z0krViDJBFgnbnWj9rjLqRkpY+s1yGiR9rUBzHfc+Ldg04kyYWoxoQ0vFtdgoy7WZhqiEaieGPfddQN93vijX+iEaQYq2XsrkDe88o6Fz98124i3lGK+vrtyJjwcXcpKgF5xxtxKNeKRKN4nat96L3aL6IbC5atXYCnZTPMK8CRojTEyyGkISYBSTOfUsvGJSVwHS\/GMks0DL5+8XjxHLeeFD9rLlbcRaKK6F6kLkwDzrjDL0m+1oKzl+KweMH4a8hU12pQdjoOm\/Mnkx0Reiqwvy4WOattsuLOFq90Qpy42Pu\/6oDl9vApq4nMykL2vDbUHq1AdYsV2WlTO4AhooeY8t1JU+GrspWBZ58zi60wcFbWEdH9u3HjxqjtnnzTHXh\/mTnw4hsnApevewPX+1oCv\/yJOGf\/qS5wUzYJXCwJvCjO49wTXlmhufCLHwee\/Z\/HAtfl\/ih\/8gVu3tZuLzcdCOS+JF6nsGnkeceg9hnLjgS+kvuBb1oCP5+n9CFpgV92yDphVLtAU6BAHGPB7+WucP3YGq3\/eaMxoByGZnQ7Ino0BPvCB3J1EhE9hKISsLmyAtm+D5C10AbrK2+g4ZliNL4nPxdJYTBiunJ1XmgW5Jayzq0\/\/LLqCL0fvaZ9krXFilV725BY3Ah3iW3keScjyorly6OBWa8i8y7XtJjSHEgVtxmZtslliojokRD2Ldb3Q\/k6gEUlyiWS2jdd89uliaYGv8WaiCjcfX2LNREREdF3bcoyMUT0YDATQ0QUjpkYIiIi0jUGMURERKRLDGKIiIhIlxjEEBERkS4xiCEiIiJdYhBDREREusQghoiIiHSJQQwRERHpEoMYIiIi0iUGMURERKRLDGKIiIhIlxjEEBERkS4xiCEiIiJdYhBDREREusQghoiIiHSJQQwRERHpEoMYIiIi0iHg\/wMQwCfaAePhDgAAAABJRU5ErkJggg==\" alt=\"\"><\/p>","protected":false},"excerpt":{"rendered":"<p>Tegund:&nbsp;ST7<\/p>","protected":false},"featured_media":80913,"comment_status":"closed","ping_status":"closed","template":"","meta":[],"product_brand":[],"product_cat":[736,592,515],"product_tag":[],"class_list":{"0":"post-71227","1":"product","2":"type-product","3":"status-publish","4":"has-post-thumbnail","6":"product_cat-lodbyssur-og-lodboltar","7":"product_cat-rafmagnsverkfaeri","8":"product_cat-verkfaeralausnir","10":"first","11":"instock","12":"taxable","13":"shipping-taxable","14":"purchasable","15":"product-type-simple"},"yoast_head":"<!-- This site is optimized with the Yoast SEO plugin v27.3 - https:\/\/yoast.com\/product\/yoast-seo-wordpress\/ -->\n<title>WELLER L\u00f3\u00f0sp\u00edss 0,8mm for 25\/40 ST7 CONSUMER - V\u00e9lar &amp; Verkf\u00e6ri<\/title>\n<meta name=\"robots\" content=\"index, follow, max-snippet:-1, max-image-preview:large, max-video-preview:-1\" \/>\n<link rel=\"canonical\" href=\"https:\/\/velarogverkfaeri.is\/en\/lykillausnir\/adgangskerfi\/product\/weller-lodspiss-08mm-for-25-40-st7-consumer\/\" \/>\n<meta property=\"og:locale\" content=\"en_US\" \/>\n<meta property=\"og:type\" content=\"article\" \/>\n<meta property=\"og:title\" content=\"WELLER L\u00f3\u00f0sp\u00edss 0,8mm for 25\/40 ST7 CONSUMER - V\u00e9lar &amp; Verkf\u00e6ri\" \/>\n<meta property=\"og:description\" content=\"Tegund:&nbsp;ST7\" \/>\n<meta property=\"og:url\" content=\"https:\/\/velarogverkfaeri.is\/en\/lykillausnir\/adgangskerfi\/product\/weller-lodspiss-08mm-for-25-40-st7-consumer\/\" \/>\n<meta property=\"og:site_name\" content=\"V\u00e9lar &amp; Verkf\u00e6ri\" \/>\n<meta property=\"article:publisher\" content=\"https:\/\/www.facebook.com\/VelarOgVerkfaeri\" \/>\n<meta property=\"article:modified_time\" content=\"2026-03-04T13:31:24+00:00\" \/>\n<meta name=\"twitter:card\" content=\"summary_large_image\" \/>\n<script type=\"application\/ld+json\" class=\"yoast-schema-graph\">{\"@context\":\"https:\\\/\\\/schema.org\",\"@graph\":[{\"@type\":\"WebPage\",\"@id\":\"https:\\\/\\\/velarogverkfaeri.is\\\/lykillausnir\\\/adgangskerfi\\\/product\\\/weller-lodspiss-08mm-for-25-40-st7-consumer\\\/\",\"url\":\"https:\\\/\\\/velarogverkfaeri.is\\\/lykillausnir\\\/adgangskerfi\\\/product\\\/weller-lodspiss-08mm-for-25-40-st7-consumer\\\/\",\"name\":\"WELLER L\u00f3\u00f0sp\u00edss 0,8mm for 25\\\/40 ST7 CONSUMER - V\u00e9lar &amp; Verkf\u00e6ri\",\"isPartOf\":{\"@id\":\"https:\\\/\\\/velarogverkfaeri.is\\\/en\\\/#website\"},\"primaryImageOfPage\":{\"@id\":\"https:\\\/\\\/velarogverkfaeri.is\\\/lykillausnir\\\/adgangskerfi\\\/product\\\/weller-lodspiss-08mm-for-25-40-st7-consumer\\\/#primaryimage\"},\"image\":{\"@id\":\"https:\\\/\\\/velarogverkfaeri.is\\\/lykillausnir\\\/adgangskerfi\\\/product\\\/weller-lodspiss-08mm-for-25-40-st7-consumer\\\/#primaryimage\"},\"thumbnailUrl\":\"https:\\\/\\\/velarogverkfaeri.is\\\/wp-content\\\/uploads\\\/2026\\\/03\\\/bf93b9d2-e8b0-4f9a-8d8b-efea1b76b847.jpg\",\"datePublished\":\"2025-03-28T10:41:12+00:00\",\"dateModified\":\"2026-03-04T13:31:24+00:00\",\"breadcrumb\":{\"@id\":\"https:\\\/\\\/velarogverkfaeri.is\\\/lykillausnir\\\/adgangskerfi\\\/product\\\/weller-lodspiss-08mm-for-25-40-st7-consumer\\\/#breadcrumb\"},\"inLanguage\":\"en-US\",\"potentialAction\":[{\"@type\":\"ReadAction\",\"target\":[\"https:\\\/\\\/velarogverkfaeri.is\\\/lykillausnir\\\/adgangskerfi\\\/product\\\/weller-lodspiss-08mm-for-25-40-st7-consumer\\\/\"]}]},{\"@type\":\"ImageObject\",\"inLanguage\":\"en-US\",\"@id\":\"https:\\\/\\\/velarogverkfaeri.is\\\/lykillausnir\\\/adgangskerfi\\\/product\\\/weller-lodspiss-08mm-for-25-40-st7-consumer\\\/#primaryimage\",\"url\":\"https:\\\/\\\/velarogverkfaeri.is\\\/wp-content\\\/uploads\\\/2026\\\/03\\\/bf93b9d2-e8b0-4f9a-8d8b-efea1b76b847.jpg\",\"contentUrl\":\"https:\\\/\\\/velarogverkfaeri.is\\\/wp-content\\\/uploads\\\/2026\\\/03\\\/bf93b9d2-e8b0-4f9a-8d8b-efea1b76b847.jpg\",\"width\":1024,\"height\":768},{\"@type\":\"BreadcrumbList\",\"@id\":\"https:\\\/\\\/velarogverkfaeri.is\\\/lykillausnir\\\/adgangskerfi\\\/product\\\/weller-lodspiss-08mm-for-25-40-st7-consumer\\\/#breadcrumb\",\"itemListElement\":[{\"@type\":\"ListItem\",\"position\":1,\"name\":\"Home\",\"item\":\"https:\\\/\\\/velarogverkfaeri.is\\\/\"},{\"@type\":\"ListItem\",\"position\":2,\"name\":\"Vefverslun\",\"item\":\"https:\\\/\\\/velarogverkfaeri.is\\\/vefverslun\\\/\"},{\"@type\":\"ListItem\",\"position\":3,\"name\":\"WELLER L\u00f3\u00f0sp\u00edss 0,8mm for 25\\\/40 ST7 CONSUMER\"}]},{\"@type\":\"WebSite\",\"@id\":\"https:\\\/\\\/velarogverkfaeri.is\\\/en\\\/#website\",\"url\":\"https:\\\/\\\/velarogverkfaeri.is\\\/en\\\/\",\"name\":\"V\u00e9lar & Verkf\u00e6ri\",\"description\":\"Umbo\u00f0s- og heildverslun fr\u00e1 \u00e1rinu 1919\",\"publisher\":{\"@id\":\"https:\\\/\\\/velarogverkfaeri.is\\\/en\\\/#organization\"},\"potentialAction\":[{\"@type\":\"SearchAction\",\"target\":{\"@type\":\"EntryPoint\",\"urlTemplate\":\"https:\\\/\\\/velarogverkfaeri.is\\\/en\\\/?s={search_term_string}\"},\"query-input\":{\"@type\":\"PropertyValueSpecification\",\"valueRequired\":true,\"valueName\":\"search_term_string\"}}],\"inLanguage\":\"en-US\"},{\"@type\":\"Organization\",\"@id\":\"https:\\\/\\\/velarogverkfaeri.is\\\/en\\\/#organization\",\"name\":\"V\u00e9lar & Verkf\u00e6ri\",\"url\":\"https:\\\/\\\/velarogverkfaeri.is\\\/en\\\/\",\"logo\":{\"@type\":\"ImageObject\",\"inLanguage\":\"en-US\",\"@id\":\"https:\\\/\\\/velarogverkfaeri.is\\\/en\\\/#\\\/schema\\\/logo\\\/image\\\/\",\"url\":\"https:\\\/\\\/velarogverkfaeri.is\\\/wp-content\\\/uploads\\\/2021\\\/10\\\/vv_logo_350x100.png\",\"contentUrl\":\"https:\\\/\\\/velarogverkfaeri.is\\\/wp-content\\\/uploads\\\/2021\\\/10\\\/vv_logo_350x100.png\",\"width\":350,\"height\":100,\"caption\":\"V\u00e9lar & Verkf\u00e6ri\"},\"image\":{\"@id\":\"https:\\\/\\\/velarogverkfaeri.is\\\/en\\\/#\\\/schema\\\/logo\\\/image\\\/\"},\"sameAs\":[\"https:\\\/\\\/www.facebook.com\\\/VelarOgVerkfaeri\"]}]}<\/script>\n<!-- \/ Yoast SEO plugin. -->","yoast_head_json":{"title":"WELLER L\u00f3\u00f0sp\u00edss 0,8mm for 25\/40 ST7 CONSUMER - V\u00e9lar &amp; Verkf\u00e6ri","robots":{"index":"index","follow":"follow","max-snippet":"max-snippet:-1","max-image-preview":"max-image-preview:large","max-video-preview":"max-video-preview:-1"},"canonical":"https:\/\/velarogverkfaeri.is\/en\/lykillausnir\/adgangskerfi\/product\/weller-lodspiss-08mm-for-25-40-st7-consumer\/","og_locale":"en_US","og_type":"article","og_title":"WELLER L\u00f3\u00f0sp\u00edss 0,8mm for 25\/40 ST7 CONSUMER - V\u00e9lar &amp; Verkf\u00e6ri","og_description":"Tegund:&nbsp;ST7","og_url":"https:\/\/velarogverkfaeri.is\/en\/lykillausnir\/adgangskerfi\/product\/weller-lodspiss-08mm-for-25-40-st7-consumer\/","og_site_name":"V\u00e9lar &amp; Verkf\u00e6ri","article_publisher":"https:\/\/www.facebook.com\/VelarOgVerkfaeri","article_modified_time":"2026-03-04T13:31:24+00:00","twitter_card":"summary_large_image","schema":{"@context":"https:\/\/schema.org","@graph":[{"@type":"WebPage","@id":"https:\/\/velarogverkfaeri.is\/lykillausnir\/adgangskerfi\/product\/weller-lodspiss-08mm-for-25-40-st7-consumer\/","url":"https:\/\/velarogverkfaeri.is\/lykillausnir\/adgangskerfi\/product\/weller-lodspiss-08mm-for-25-40-st7-consumer\/","name":"WELLER L\u00f3\u00f0sp\u00edss 0,8mm for 25\/40 ST7 CONSUMER - V\u00e9lar &amp; Verkf\u00e6ri","isPartOf":{"@id":"https:\/\/velarogverkfaeri.is\/en\/#website"},"primaryImageOfPage":{"@id":"https:\/\/velarogverkfaeri.is\/lykillausnir\/adgangskerfi\/product\/weller-lodspiss-08mm-for-25-40-st7-consumer\/#primaryimage"},"image":{"@id":"https:\/\/velarogverkfaeri.is\/lykillausnir\/adgangskerfi\/product\/weller-lodspiss-08mm-for-25-40-st7-consumer\/#primaryimage"},"thumbnailUrl":"https:\/\/velarogverkfaeri.is\/wp-content\/uploads\/2026\/03\/bf93b9d2-e8b0-4f9a-8d8b-efea1b76b847.jpg","datePublished":"2025-03-28T10:41:12+00:00","dateModified":"2026-03-04T13:31:24+00:00","breadcrumb":{"@id":"https:\/\/velarogverkfaeri.is\/lykillausnir\/adgangskerfi\/product\/weller-lodspiss-08mm-for-25-40-st7-consumer\/#breadcrumb"},"inLanguage":"en-US","potentialAction":[{"@type":"ReadAction","target":["https:\/\/velarogverkfaeri.is\/lykillausnir\/adgangskerfi\/product\/weller-lodspiss-08mm-for-25-40-st7-consumer\/"]}]},{"@type":"ImageObject","inLanguage":"en-US","@id":"https:\/\/velarogverkfaeri.is\/lykillausnir\/adgangskerfi\/product\/weller-lodspiss-08mm-for-25-40-st7-consumer\/#primaryimage","url":"https:\/\/velarogverkfaeri.is\/wp-content\/uploads\/2026\/03\/bf93b9d2-e8b0-4f9a-8d8b-efea1b76b847.jpg","contentUrl":"https:\/\/velarogverkfaeri.is\/wp-content\/uploads\/2026\/03\/bf93b9d2-e8b0-4f9a-8d8b-efea1b76b847.jpg","width":1024,"height":768},{"@type":"BreadcrumbList","@id":"https:\/\/velarogverkfaeri.is\/lykillausnir\/adgangskerfi\/product\/weller-lodspiss-08mm-for-25-40-st7-consumer\/#breadcrumb","itemListElement":[{"@type":"ListItem","position":1,"name":"Home","item":"https:\/\/velarogverkfaeri.is\/"},{"@type":"ListItem","position":2,"name":"Vefverslun","item":"https:\/\/velarogverkfaeri.is\/vefverslun\/"},{"@type":"ListItem","position":3,"name":"WELLER L\u00f3\u00f0sp\u00edss 0,8mm for 25\/40 ST7 CONSUMER"}]},{"@type":"WebSite","@id":"https:\/\/velarogverkfaeri.is\/en\/#website","url":"https:\/\/velarogverkfaeri.is\/en\/","name":"V\u00e9lar & Verkf\u00e6ri","description":"Umbo\u00f0s- og heildverslun fr\u00e1 \u00e1rinu 1919","publisher":{"@id":"https:\/\/velarogverkfaeri.is\/en\/#organization"},"potentialAction":[{"@type":"SearchAction","target":{"@type":"EntryPoint","urlTemplate":"https:\/\/velarogverkfaeri.is\/en\/?s={search_term_string}"},"query-input":{"@type":"PropertyValueSpecification","valueRequired":true,"valueName":"search_term_string"}}],"inLanguage":"en-US"},{"@type":"Organization","@id":"https:\/\/velarogverkfaeri.is\/en\/#organization","name":"V\u00e9lar & Verkf\u00e6ri","url":"https:\/\/velarogverkfaeri.is\/en\/","logo":{"@type":"ImageObject","inLanguage":"en-US","@id":"https:\/\/velarogverkfaeri.is\/en\/#\/schema\/logo\/image\/","url":"https:\/\/velarogverkfaeri.is\/wp-content\/uploads\/2021\/10\/vv_logo_350x100.png","contentUrl":"https:\/\/velarogverkfaeri.is\/wp-content\/uploads\/2021\/10\/vv_logo_350x100.png","width":350,"height":100,"caption":"V\u00e9lar & Verkf\u00e6ri"},"image":{"@id":"https:\/\/velarogverkfaeri.is\/en\/#\/schema\/logo\/image\/"},"sameAs":["https:\/\/www.facebook.com\/VelarOgVerkfaeri"]}]}},"_links":{"self":[{"href":"https:\/\/velarogverkfaeri.is\/en\/wp-json\/wp\/v2\/product\/71227","targetHints":{"allow":["GET"]}}],"collection":[{"href":"https:\/\/velarogverkfaeri.is\/en\/wp-json\/wp\/v2\/product"}],"about":[{"href":"https:\/\/velarogverkfaeri.is\/en\/wp-json\/wp\/v2\/types\/product"}],"replies":[{"embeddable":true,"href":"https:\/\/velarogverkfaeri.is\/en\/wp-json\/wp\/v2\/comments?post=71227"}],"wp:featuredmedia":[{"embeddable":true,"href":"https:\/\/velarogverkfaeri.is\/en\/wp-json\/wp\/v2\/media\/80913"}],"wp:attachment":[{"href":"https:\/\/velarogverkfaeri.is\/en\/wp-json\/wp\/v2\/media?parent=71227"}],"wp:term":[{"taxonomy":"product_brand","embeddable":true,"href":"https:\/\/velarogverkfaeri.is\/en\/wp-json\/wp\/v2\/product_brand?post=71227"},{"taxonomy":"product_cat","embeddable":true,"href":"https:\/\/velarogverkfaeri.is\/en\/wp-json\/wp\/v2\/product_cat?post=71227"},{"taxonomy":"product_tag","embeddable":true,"href":"https:\/\/velarogverkfaeri.is\/en\/wp-json\/wp\/v2\/product_tag?post=71227"}],"curies":[{"name":"wp","href":"https:\/\/api.w.org\/{rel}","templated":true}]}}