{"id":71180,"date":"2025-03-21T14:41:08","date_gmt":"2025-03-21T14:41:08","guid":{"rendered":"https:\/\/velarogverkfaeri.is\/?post_type=product&#038;p=71180"},"modified":"2025-11-07T09:15:26","modified_gmt":"2025-11-07T09:15:26","slug":"frost-sturtuhilla-rydfri-upphengjanleg-nova2","status":"publish","type":"product","link":"https:\/\/velarogverkfaeri.is\/en\/honnunarlausnir\/badherbergi\/hillur-og-hilluberar-badherbergi\/product\/frost-sturtuhilla-rydfri-upphengjanleg-nova2\/","title":{"rendered":"FROST Sturtuhilla Ry\u00f0fr\u00ed upphengjanleg  NOVA2"},"content":{"rendered":"<p>B\u00e6ttu vi\u00f0 gl\u00e6silegu og notadrj\u00fagu sm\u00e1atri\u00f0i \u00ed sturtuna me\u00f0 s\u00e1puhillu \u00far burstu\u00f0u ry\u00f0fr\u00edu st\u00e1li \u00far NOVA2 l\u00ednunni. S\u00e1puhillan festist au\u00f0veldlega \u00e1 sturtub\u00fana\u00f0inn og veitir \u00fe\u00e6gilega og hagn\u00fdta geymslulausn fyrir s\u00e1puna \u00fe\u00edna. H\u00f6nnu\u00f0 af B\u00f8nnelycke MDD og sameinar t\u00edmalausa fagurfr\u00e6\u00f0i og h\u00e1marks notagildi.<\/p>\n<p><div aria-hidden=\"true\" data-edge=\"true\" class=\"pointer-events-none h-px w-px\"><\/div>\n<\/p>\n<article class=\"text-token-text-primary w-full focus:outline-none [--shadow-height:45px] has-data-writing-block:pointer-events-none has-data-writing-block:-mt-(--shadow-height) has-data-writing-block:pt-(--shadow-height) [&amp;:has([data-writing-block])&gt;*]:pointer-events-auto [content-visibility:auto] supports-[content-visibility:auto]:[contain-intrinsic-size:auto_100lvh] scroll-mt-[calc(var(--header-height)+min(200px,max(70px,20svh)))]\" tabindex=\"-1\" dir=\"auto\" data-turn-id=\"request-WEB:2c1a491f-efa0-4264-999f-6e76ecd72538-4\" data-testid=\"conversation-turn-10\" data-scroll-anchor=\"true\" data-turn=\"assistant\">\n<div class=\"text-base my-auto mx-auto pb-10 [--thread-content-margin:--spacing(4)] thread-sm:[--thread-content-margin:--spacing(6)] thread-lg:[--thread-content-margin:--spacing(16)] px-(--thread-content-margin)\">\n<div class=\"[--thread-content-max-width:40rem] thread-lg:[--thread-content-max-width:48rem] mx-auto max-w-(--thread-content-max-width) flex-1 group\/turn-messages focus-visible:outline-hidden relative flex w-full min-w-0 flex-col agent-turn\" tabindex=\"-1\">\n<div class=\"flex max-w-full flex-col grow\">\n<div data-message-author-role=\"assistant\" data-message-id=\"9fd7566a-0a3b-4a76-9b8b-0b98a44082a3\" dir=\"auto\" class=\"min-h-8 text-message relative flex w-full flex-col items-end gap-2 text-start break-words whitespace-normal [.text-message+&amp;]:mt-1\" data-message-model-slug=\"gpt-5\">\n<div class=\"flex w-full flex-col gap-1 empty:hidden first:pt-[1px]\">\n<div class=\"markdown prose dark:prose-invert w-full break-words light markdown-new-styling\">\n<p data-start=\"0\" data-end=\"135\" data-is-last-node=\"\" data-is-only-node=\"\">D\u00fdpt: 150 mm<br data-start=\"12\" data-end=\"15\"><br \/>\nH\u00e6\u00f0: 380 mm<br data-start=\"26\" data-end=\"29\"><br \/>\nBreidd: 250 mm<br data-start=\"43\" data-end=\"46\"><br \/>\n\u00deyngd: 1 kg<br data-start=\"57\" data-end=\"60\"><br \/>\nH\u00f6nnun: B\u00f8nnelycke MDD<br data-start=\"82\" data-end=\"85\"><br \/>\nEfni: Ry\u00f0fr\u00edtt st\u00e1l<br data-start=\"104\" data-end=\"107\"><br \/>\nLitur: Bursta\u00f0 ry\u00f0fr\u00edtt st\u00e1l<\/p>\n<\/div>\n<\/div>\n<\/div>\n<\/div>\n<div class=\"z-0 flex min-h-[46px] justify-start\"><\/div>\n<div class=\"mt-3 w-full empty:hidden\">\n<div class=\"text-center\"><\/div>\n<\/div>\n<\/div>\n<\/div>\n<\/article>\n","protected":false},"excerpt":{"rendered":"<p>Tegund: Nova 2<\/p>","protected":false},"featured_media":77533,"comment_status":"closed","ping_status":"closed","template":"","meta":[],"product_brand":[],"product_cat":[542,549,518],"product_tag":[1076,1012],"class_list":{"0":"post-71180","1":"product","2":"type-product","3":"status-publish","4":"has-post-thumbnail","6":"product_cat-badherbergi","7":"product_cat-hillur-og-hilluberar-badherbergi","8":"product_cat-honnunarlausnir","9":"product_tag-burstadrydfritt","10":"product_tag-frost","12":"first","13":"instock","14":"taxable","15":"shipping-taxable","16":"purchasable","17":"product-type-simple"},"yoast_head":"<!-- This site is optimized with the Yoast SEO plugin v27.3 - https:\/\/yoast.com\/product\/yoast-seo-wordpress\/ -->\n<title>FROST Sturtuhilla Ry\u00f0fr\u00ed upphengjanleg NOVA2 - V\u00e9lar &amp; Verkf\u00e6ri<\/title>\n<meta name=\"robots\" content=\"index, follow, max-snippet:-1, max-image-preview:large, max-video-preview:-1\" \/>\n<link rel=\"canonical\" href=\"https:\/\/velarogverkfaeri.is\/en\/honnunarlausnir\/badherbergi\/hillur-og-hilluberar-badherbergi\/product\/frost-sturtuhilla-rydfri-upphengjanleg-nova2\/\" \/>\n<meta property=\"og:locale\" content=\"en_US\" \/>\n<meta property=\"og:type\" content=\"article\" \/>\n<meta property=\"og:title\" content=\"FROST Sturtuhilla Ry\u00f0fr\u00ed upphengjanleg NOVA2 - V\u00e9lar &amp; Verkf\u00e6ri\" \/>\n<meta property=\"og:description\" content=\"Tegund: Nova 2\" \/>\n<meta property=\"og:url\" content=\"https:\/\/velarogverkfaeri.is\/en\/honnunarlausnir\/badherbergi\/hillur-og-hilluberar-badherbergi\/product\/frost-sturtuhilla-rydfri-upphengjanleg-nova2\/\" \/>\n<meta property=\"og:site_name\" content=\"V\u00e9lar &amp; Verkf\u00e6ri\" \/>\n<meta property=\"article:publisher\" content=\"https:\/\/www.facebook.com\/VelarOgVerkfaeri\" \/>\n<meta property=\"article:modified_time\" content=\"2025-11-07T09:15:26+00:00\" \/>\n<meta property=\"og:image\" content=\"https:\/\/velarogverkfaeri.is\/wp-content\/uploads\/2025\/11\/d0677b55-c440-4024-8b51-c5bbd3529c3e.jpg\" \/>\n\t<meta property=\"og:image:width\" content=\"650\" \/>\n\t<meta property=\"og:image:height\" content=\"650\" \/>\n\t<meta property=\"og:image:type\" content=\"image\/jpeg\" \/>\n<meta name=\"twitter:card\" content=\"summary_large_image\" \/>\n<script type=\"application\/ld+json\" class=\"yoast-schema-graph\">{\"@context\":\"https:\\\/\\\/schema.org\",\"@graph\":[{\"@type\":\"WebPage\",\"@id\":\"https:\\\/\\\/velarogverkfaeri.is\\\/honnunarlausnir\\\/badherbergi\\\/hillur-og-hilluberar-badherbergi\\\/product\\\/frost-sturtuhilla-rydfri-upphengjanleg-nova2\\\/\",\"url\":\"https:\\\/\\\/velarogverkfaeri.is\\\/honnunarlausnir\\\/badherbergi\\\/hillur-og-hilluberar-badherbergi\\\/product\\\/frost-sturtuhilla-rydfri-upphengjanleg-nova2\\\/\",\"name\":\"FROST Sturtuhilla Ry\u00f0fr\u00ed upphengjanleg NOVA2 - V\u00e9lar &amp; Verkf\u00e6ri\",\"isPartOf\":{\"@id\":\"https:\\\/\\\/velarogverkfaeri.is\\\/en\\\/#website\"},\"primaryImageOfPage\":{\"@id\":\"https:\\\/\\\/velarogverkfaeri.is\\\/honnunarlausnir\\\/badherbergi\\\/hillur-og-hilluberar-badherbergi\\\/product\\\/frost-sturtuhilla-rydfri-upphengjanleg-nova2\\\/#primaryimage\"},\"image\":{\"@id\":\"https:\\\/\\\/velarogverkfaeri.is\\\/honnunarlausnir\\\/badherbergi\\\/hillur-og-hilluberar-badherbergi\\\/product\\\/frost-sturtuhilla-rydfri-upphengjanleg-nova2\\\/#primaryimage\"},\"thumbnailUrl\":\"https:\\\/\\\/velarogverkfaeri.is\\\/wp-content\\\/uploads\\\/2025\\\/11\\\/d0677b55-c440-4024-8b51-c5bbd3529c3e.jpg\",\"datePublished\":\"2025-03-21T14:41:08+00:00\",\"dateModified\":\"2025-11-07T09:15:26+00:00\",\"breadcrumb\":{\"@id\":\"https:\\\/\\\/velarogverkfaeri.is\\\/honnunarlausnir\\\/badherbergi\\\/hillur-og-hilluberar-badherbergi\\\/product\\\/frost-sturtuhilla-rydfri-upphengjanleg-nova2\\\/#breadcrumb\"},\"inLanguage\":\"en-US\",\"potentialAction\":[{\"@type\":\"ReadAction\",\"target\":[\"https:\\\/\\\/velarogverkfaeri.is\\\/honnunarlausnir\\\/badherbergi\\\/hillur-og-hilluberar-badherbergi\\\/product\\\/frost-sturtuhilla-rydfri-upphengjanleg-nova2\\\/\"]}]},{\"@type\":\"ImageObject\",\"inLanguage\":\"en-US\",\"@id\":\"https:\\\/\\\/velarogverkfaeri.is\\\/honnunarlausnir\\\/badherbergi\\\/hillur-og-hilluberar-badherbergi\\\/product\\\/frost-sturtuhilla-rydfri-upphengjanleg-nova2\\\/#primaryimage\",\"url\":\"https:\\\/\\\/velarogverkfaeri.is\\\/wp-content\\\/uploads\\\/2025\\\/11\\\/d0677b55-c440-4024-8b51-c5bbd3529c3e.jpg\",\"contentUrl\":\"https:\\\/\\\/velarogverkfaeri.is\\\/wp-content\\\/uploads\\\/2025\\\/11\\\/d0677b55-c440-4024-8b51-c5bbd3529c3e.jpg\",\"width\":650,\"height\":650},{\"@type\":\"BreadcrumbList\",\"@id\":\"https:\\\/\\\/velarogverkfaeri.is\\\/honnunarlausnir\\\/badherbergi\\\/hillur-og-hilluberar-badherbergi\\\/product\\\/frost-sturtuhilla-rydfri-upphengjanleg-nova2\\\/#breadcrumb\",\"itemListElement\":[{\"@type\":\"ListItem\",\"position\":1,\"name\":\"Home\",\"item\":\"https:\\\/\\\/velarogverkfaeri.is\\\/\"},{\"@type\":\"ListItem\",\"position\":2,\"name\":\"Vefverslun\",\"item\":\"https:\\\/\\\/velarogverkfaeri.is\\\/vefverslun\\\/\"},{\"@type\":\"ListItem\",\"position\":3,\"name\":\"FROST Sturtuhilla Ry\u00f0fr\u00ed upphengjanleg NOVA2\"}]},{\"@type\":\"WebSite\",\"@id\":\"https:\\\/\\\/velarogverkfaeri.is\\\/en\\\/#website\",\"url\":\"https:\\\/\\\/velarogverkfaeri.is\\\/en\\\/\",\"name\":\"V\u00e9lar & Verkf\u00e6ri\",\"description\":\"Umbo\u00f0s- og heildverslun fr\u00e1 \u00e1rinu 1919\",\"publisher\":{\"@id\":\"https:\\\/\\\/velarogverkfaeri.is\\\/en\\\/#organization\"},\"potentialAction\":[{\"@type\":\"SearchAction\",\"target\":{\"@type\":\"EntryPoint\",\"urlTemplate\":\"https:\\\/\\\/velarogverkfaeri.is\\\/en\\\/?s={search_term_string}\"},\"query-input\":{\"@type\":\"PropertyValueSpecification\",\"valueRequired\":true,\"valueName\":\"search_term_string\"}}],\"inLanguage\":\"en-US\"},{\"@type\":\"Organization\",\"@id\":\"https:\\\/\\\/velarogverkfaeri.is\\\/en\\\/#organization\",\"name\":\"V\u00e9lar & Verkf\u00e6ri\",\"url\":\"https:\\\/\\\/velarogverkfaeri.is\\\/en\\\/\",\"logo\":{\"@type\":\"ImageObject\",\"inLanguage\":\"en-US\",\"@id\":\"https:\\\/\\\/velarogverkfaeri.is\\\/en\\\/#\\\/schema\\\/logo\\\/image\\\/\",\"url\":\"https:\\\/\\\/velarogverkfaeri.is\\\/wp-content\\\/uploads\\\/2021\\\/10\\\/vv_logo_350x100.png\",\"contentUrl\":\"https:\\\/\\\/velarogverkfaeri.is\\\/wp-content\\\/uploads\\\/2021\\\/10\\\/vv_logo_350x100.png\",\"width\":350,\"height\":100,\"caption\":\"V\u00e9lar & Verkf\u00e6ri\"},\"image\":{\"@id\":\"https:\\\/\\\/velarogverkfaeri.is\\\/en\\\/#\\\/schema\\\/logo\\\/image\\\/\"},\"sameAs\":[\"https:\\\/\\\/www.facebook.com\\\/VelarOgVerkfaeri\"]}]}<\/script>\n<!-- \/ Yoast SEO plugin. -->","yoast_head_json":{"title":"FROST Sturtuhilla Ry\u00f0fr\u00ed upphengjanleg NOVA2 - V\u00e9lar &amp; Verkf\u00e6ri","robots":{"index":"index","follow":"follow","max-snippet":"max-snippet:-1","max-image-preview":"max-image-preview:large","max-video-preview":"max-video-preview:-1"},"canonical":"https:\/\/velarogverkfaeri.is\/en\/honnunarlausnir\/badherbergi\/hillur-og-hilluberar-badherbergi\/product\/frost-sturtuhilla-rydfri-upphengjanleg-nova2\/","og_locale":"en_US","og_type":"article","og_title":"FROST Sturtuhilla Ry\u00f0fr\u00ed upphengjanleg NOVA2 - V\u00e9lar &amp; Verkf\u00e6ri","og_description":"Tegund: Nova 2","og_url":"https:\/\/velarogverkfaeri.is\/en\/honnunarlausnir\/badherbergi\/hillur-og-hilluberar-badherbergi\/product\/frost-sturtuhilla-rydfri-upphengjanleg-nova2\/","og_site_name":"V\u00e9lar &amp; Verkf\u00e6ri","article_publisher":"https:\/\/www.facebook.com\/VelarOgVerkfaeri","article_modified_time":"2025-11-07T09:15:26+00:00","og_image":[{"width":650,"height":650,"url":"https:\/\/velarogverkfaeri.is\/wp-content\/uploads\/2025\/11\/d0677b55-c440-4024-8b51-c5bbd3529c3e.jpg","type":"image\/jpeg"}],"twitter_card":"summary_large_image","schema":{"@context":"https:\/\/schema.org","@graph":[{"@type":"WebPage","@id":"https:\/\/velarogverkfaeri.is\/honnunarlausnir\/badherbergi\/hillur-og-hilluberar-badherbergi\/product\/frost-sturtuhilla-rydfri-upphengjanleg-nova2\/","url":"https:\/\/velarogverkfaeri.is\/honnunarlausnir\/badherbergi\/hillur-og-hilluberar-badherbergi\/product\/frost-sturtuhilla-rydfri-upphengjanleg-nova2\/","name":"FROST Sturtuhilla Ry\u00f0fr\u00ed upphengjanleg NOVA2 - V\u00e9lar &amp; Verkf\u00e6ri","isPartOf":{"@id":"https:\/\/velarogverkfaeri.is\/en\/#website"},"primaryImageOfPage":{"@id":"https:\/\/velarogverkfaeri.is\/honnunarlausnir\/badherbergi\/hillur-og-hilluberar-badherbergi\/product\/frost-sturtuhilla-rydfri-upphengjanleg-nova2\/#primaryimage"},"image":{"@id":"https:\/\/velarogverkfaeri.is\/honnunarlausnir\/badherbergi\/hillur-og-hilluberar-badherbergi\/product\/frost-sturtuhilla-rydfri-upphengjanleg-nova2\/#primaryimage"},"thumbnailUrl":"https:\/\/velarogverkfaeri.is\/wp-content\/uploads\/2025\/11\/d0677b55-c440-4024-8b51-c5bbd3529c3e.jpg","datePublished":"2025-03-21T14:41:08+00:00","dateModified":"2025-11-07T09:15:26+00:00","breadcrumb":{"@id":"https:\/\/velarogverkfaeri.is\/honnunarlausnir\/badherbergi\/hillur-og-hilluberar-badherbergi\/product\/frost-sturtuhilla-rydfri-upphengjanleg-nova2\/#breadcrumb"},"inLanguage":"en-US","potentialAction":[{"@type":"ReadAction","target":["https:\/\/velarogverkfaeri.is\/honnunarlausnir\/badherbergi\/hillur-og-hilluberar-badherbergi\/product\/frost-sturtuhilla-rydfri-upphengjanleg-nova2\/"]}]},{"@type":"ImageObject","inLanguage":"en-US","@id":"https:\/\/velarogverkfaeri.is\/honnunarlausnir\/badherbergi\/hillur-og-hilluberar-badherbergi\/product\/frost-sturtuhilla-rydfri-upphengjanleg-nova2\/#primaryimage","url":"https:\/\/velarogverkfaeri.is\/wp-content\/uploads\/2025\/11\/d0677b55-c440-4024-8b51-c5bbd3529c3e.jpg","contentUrl":"https:\/\/velarogverkfaeri.is\/wp-content\/uploads\/2025\/11\/d0677b55-c440-4024-8b51-c5bbd3529c3e.jpg","width":650,"height":650},{"@type":"BreadcrumbList","@id":"https:\/\/velarogverkfaeri.is\/honnunarlausnir\/badherbergi\/hillur-og-hilluberar-badherbergi\/product\/frost-sturtuhilla-rydfri-upphengjanleg-nova2\/#breadcrumb","itemListElement":[{"@type":"ListItem","position":1,"name":"Home","item":"https:\/\/velarogverkfaeri.is\/"},{"@type":"ListItem","position":2,"name":"Vefverslun","item":"https:\/\/velarogverkfaeri.is\/vefverslun\/"},{"@type":"ListItem","position":3,"name":"FROST Sturtuhilla Ry\u00f0fr\u00ed upphengjanleg NOVA2"}]},{"@type":"WebSite","@id":"https:\/\/velarogverkfaeri.is\/en\/#website","url":"https:\/\/velarogverkfaeri.is\/en\/","name":"V\u00e9lar & Verkf\u00e6ri","description":"Umbo\u00f0s- og heildverslun fr\u00e1 \u00e1rinu 1919","publisher":{"@id":"https:\/\/velarogverkfaeri.is\/en\/#organization"},"potentialAction":[{"@type":"SearchAction","target":{"@type":"EntryPoint","urlTemplate":"https:\/\/velarogverkfaeri.is\/en\/?s={search_term_string}"},"query-input":{"@type":"PropertyValueSpecification","valueRequired":true,"valueName":"search_term_string"}}],"inLanguage":"en-US"},{"@type":"Organization","@id":"https:\/\/velarogverkfaeri.is\/en\/#organization","name":"V\u00e9lar & Verkf\u00e6ri","url":"https:\/\/velarogverkfaeri.is\/en\/","logo":{"@type":"ImageObject","inLanguage":"en-US","@id":"https:\/\/velarogverkfaeri.is\/en\/#\/schema\/logo\/image\/","url":"https:\/\/velarogverkfaeri.is\/wp-content\/uploads\/2021\/10\/vv_logo_350x100.png","contentUrl":"https:\/\/velarogverkfaeri.is\/wp-content\/uploads\/2021\/10\/vv_logo_350x100.png","width":350,"height":100,"caption":"V\u00e9lar & Verkf\u00e6ri"},"image":{"@id":"https:\/\/velarogverkfaeri.is\/en\/#\/schema\/logo\/image\/"},"sameAs":["https:\/\/www.facebook.com\/VelarOgVerkfaeri"]}]}},"_links":{"self":[{"href":"https:\/\/velarogverkfaeri.is\/en\/wp-json\/wp\/v2\/product\/71180","targetHints":{"allow":["GET"]}}],"collection":[{"href":"https:\/\/velarogverkfaeri.is\/en\/wp-json\/wp\/v2\/product"}],"about":[{"href":"https:\/\/velarogverkfaeri.is\/en\/wp-json\/wp\/v2\/types\/product"}],"replies":[{"embeddable":true,"href":"https:\/\/velarogverkfaeri.is\/en\/wp-json\/wp\/v2\/comments?post=71180"}],"wp:featuredmedia":[{"embeddable":true,"href":"https:\/\/velarogverkfaeri.is\/en\/wp-json\/wp\/v2\/media\/77533"}],"wp:attachment":[{"href":"https:\/\/velarogverkfaeri.is\/en\/wp-json\/wp\/v2\/media?parent=71180"}],"wp:term":[{"taxonomy":"product_brand","embeddable":true,"href":"https:\/\/velarogverkfaeri.is\/en\/wp-json\/wp\/v2\/product_brand?post=71180"},{"taxonomy":"product_cat","embeddable":true,"href":"https:\/\/velarogverkfaeri.is\/en\/wp-json\/wp\/v2\/product_cat?post=71180"},{"taxonomy":"product_tag","embeddable":true,"href":"https:\/\/velarogverkfaeri.is\/en\/wp-json\/wp\/v2\/product_tag?post=71180"}],"curies":[{"name":"wp","href":"https:\/\/api.w.org\/{rel}","templated":true}]}}