{"id":71173,"date":"2025-03-21T09:11:06","date_gmt":"2025-03-21T09:11:06","guid":{"rendered":"https:\/\/velarogverkfaeri.is\/?post_type=product&#038;p=71173"},"modified":"2025-11-18T14:43:16","modified_gmt":"2025-11-18T14:43:16","slug":"frost-hurdarstoppari-golf-stor-svartur-nova2","status":"publish","type":"product","link":"https:\/\/velarogverkfaeri.is\/en\/honnunarlausnir\/hurdabunadur\/hurdarstoppari\/product\/frost-hurdarstoppari-golf-stor-svartur-nova2\/","title":{"rendered":"FROST Nova2 Hur\u00f0arstoppari g\u00f3lf st\u00f3r svartur N1987-1-B"},"content":{"rendered":"<p><img decoding=\"async\" src=\"data:image\/png;base64,iVBORw0KGgoAAAANSUhEUgAAAS8AAAEGCAYAAAA0fRMmAAAAAXNSR0IArs4c6QAAAARnQU1BAACxjwv8YQUAAAAJcEhZcwAADsMAAA7DAcdvqGQAACmPSURBVHhe7Z0PbBzneeafXA2Elxolz2lB9wSYzOnqXUgQtdEZlJFcJOUcM4QCM1tVlFkqkpkelVPgqqVgO6YhyqUt6szUNqSENqrW8pmWbJkWFYeWeipDO1dJaXwW4cQrCiZ2nROOdE+oedfkxMDwMYAA3vdvZmdmZ3dnyZW0H\/38gJFmd2Zn5pudefi+73z7PZ+a+3h2HoQQYhn\/wvxPCCFWQfEihFgJxYsQYiUUL0KIlVC8CCFWQvEihFgJxYsQYiUUL0KIlVC8CCFWQvEihFgJxYsQYiUUL0KIlVC8CCFWQvEihFgJxYsQYiUUL0KIlVC8CCFWYsVIqnOXJ3Dm\/DSuzM2hqqoW8aZ1iN9sFi41PppB6q1xTP3zHOaqqnDryruxIVZlFi5R5maRPn8O6V+KNs9VoSbeiA1rarHEW12UudkM3v7x++q6V9dCfB3uXFH9iT8vDpUdeV0+hZ2fr0XsvuOY+uzt+PJdDaiZu4D+L92GROdzOD+rV5s60IiO03o+yzQOJW9H3R+I6ffFF\/4ZZ6rV7+VMjWi+fwCjmTnz+QA\/7nHXrXG3JabfD27HTL59iqlzzGwoD3PTGLm\/ETWrvoGh6U+j\/oviQq0Hzjws2vz5XRi5ZI7r8nNYf8cApvQrzfRzSJr93vo7nn3e4hxPKw5Nm3VLPi+B9n6mEQcvmU1Jip6XHpwxq+ZwdRbnD7Si7l\/fjf6fzwnRWocvJ6ox9fw9uPVzrTj4lvmCr55D1y2dGNWvojFzBM23PIjz5mVBLg0g4T12Md1q2lR3i+f937ktvK1i8l1\/JX0fIcyO46D4jm7d8CRSc9WI3yWvhU8j\/eJmxMRn3fOShzMPm\/18TvwBcPfdiZF8H3OON3DNqnOQfM5\/rVUSMvKqyOmfhufbqjGfeGx8\/krO8g\/mzz7SOI+bYvMd33tpvns95ttOBNfxTL9+ab4NkBHmPNqHw9f5xzfmu9fodWo3HZ6f\/nXIOmZKPRbT20Jsvv9i+DpyuvL2U\/MbRBsK7ldOoq0dtWKdNXvnU7\/KXf7hUOt8DWrnk4fG50d3181jRd98OrCOO4l19bEVOSdyinJe5PSr9+dHvi32q9bN3+ao50VNvx6f728U61a3zg\/9Y+7yK+\/snU+Iba195NR86tkmsc3W+ZHAOoWm6afF9YGq+Z1vhi\/3Te\/unY8752HNg\/NnvcdzwnM+hzzv\/2pi\/lBLdXZZvnNdyvchp3cH1DWTeOiN+Q9DlrvnZX\/YfRGcxud7Y6ZdYqrZPlzkMx\/MD22pEutWibZ+ELK8sqaKjbzOPLoNQ7\/Zgf7dsZAwuRpr976B1GOfxuCffwP9Z83b+bjp02amAJ9tRO+rA9ggZmde68TqnWO4opfkUHWTmSlCVcMOjJ7pg7jY8nM1g4Nfa8XgTB26v\/8g4iE5QU3LYZzZX4uRnSI6PFDoT7Yg4rEpopwXiUjVm5\/+CUbaq80b4UQ9LyK0wOjOu9E9DjR\/72kkP2ve9lC14kGMnmhF5ol7kLi\/SNSawwx++KrYOOYw+AP5fxEupZGW\/1fvwNkze7E25HgU3vZV1aHjpTfQv8a8zkcp38fsGDo27MKZZXsxuFdE4eZtL\/K8vP7sOpzfI1LrgSLXgrhzqn7LzAquHHlQRLjmRSjVSG66R3xsG77dUvi7rgQqVLzGMXJUpEkt67GhwJcf3\/1S8YunFJZtR1e7nr1ybBt6i4liFGK70L9DKNKVWXEr5TI1sA3d8oJq3IVvF2hL2dtaMtVofkzc2ELSRVMWxdzpB9B2TGykage6NuW\/SWo2PoPB7Qu4iS6fxCtGs+ZeOB4tdRQ3etvzfVhbkvjH0PU3D0Jk90hfKiYkxZjF0H9sxZA4Lcnv\/CniBY6jdttD2CkuqdTD3\/Cn8Hlo3thk5qbR\/61AySGI3O+\/qUOtflXRVKh4iRtE3ulFI4M6dIloRV48H87M6LcWSXx1g5mbww\/\/24SZL4UZjL4wJv7NsuHebaia+hAfmtcuHw2je09Gzca\/3lTkghFt3b\/j+hZrf\/4cBr2nYFkLvrl+BqIpiyCD\/geGtZBvair4x0kKSvNeKZilMXPSI1hzR\/HKW2a+EDLa2LiAs7viW+hqFLu5al4vlLP7sFPVzZqQLHYcN61D8yY5MyGuH3MuC1DzJ8\/g0HrzYrIHO18oz71yo6nsgv3\/mPaJQChr9MXzoVK7xVNfFzNz4ia4vJC79AKGns3g\/5lXioa1Kh0NMnf6OEbUXBU2rK1TcwVZLyKVCKuVi6mzz+HM\/zIvFLVINC7yb\/LPj+MFE6Rs+OJqPVOIZTKFMfORmMYrz4+jub3VCH3E1FFE+aWKpKYWd65fbJwyh6G\/ek6L0Jp1uDPCk\/QNTSaaOvk3GLysZ\/NTi45n+hA3r87c\/6cqwrOdChWvGtTIK298Hx4+Wews1+IP71tn5hfP1KVsqBGPLUApLmWQMrMuN1eH1i9GTzu1nNtRv8zMFiSGjm9lxfVak35PR4VeamrCWhKd9I9PuX+Q6pdFuelFOre91cxH4NJJDE42oe3gt9BhApgoqWN85e1mrnTiKyOIcCE+OoWhk2Y+HlOZRDGq\/m2DidTH8crJCJHU8l0YfMi5nsfQ9fBY0Yit0qlQ8WpEcpu88mYx1HYb6pL78ndhENQ27cLOlUVC7UjM4e2fOjdsHZJfK10oZsZO6uKvjyYMvrMrcFFOIOXW1GKIR9TJ+vX3oHbyQsg+yoxIaQePmXkP9bvHMbjRvCiZOaTOO+dXtHm5mS3Guq+iWZyvdIT6ztTJo0i3bEHyZucaEkRIHW\/93YWLcpX447Qo3jrndgOJr4x4zVXX4F+Z2fM\/PhdJiBJ7D2OnOdTixfvKp2LTxg3fedJNtWbGnkLy87WoubMTB8cyufWFZU3Y2bTY0F3w8yfRa\/rrJPYPo3eFno\/K3ORT+PoDEVIUydVpTC2k9LDmq\/hm7NZrW\/u6OouRrgdMSltORJsjCFAON69D26a6CE8zpzHyckY9MZPnZ8OmbZFSx7nYdvQv5vpZ95AQ9IV\/fuq9aI8UfCyPZZ9i\/8w8LS3GTY3of3G7yQJk8f4ppBdbq7uBVG7Na9l2DP3dDl+0MjcxjO5kI2puuR3NDx9BaqZ8ge\/cpSNo+9pTmBLBePPT4zizO8pfwAwO3Hc31n9FTJ+\/DTV37MtNGfMxPZVdd8Vqtx5RnEb0vtsXWkNbFP+1R7fjK19C3S236aeBZWcaaTcTbYgeeYnvpO2lYewsFp1OHsGhyXuyBe8vtmRTx9d+lPe7qVq+DolIaXsebhZCsohfQaQz2fQ8sXwBpYqZ6dyHQXmoaurDoS3mWCf3oeuovcX7ii7Y16wXfxl+8RK6vhD4q3Z1BmcGduHOz9WKlHIA539p3o+Ce5N6pjsaELvvFOq\/M4zU\/34fI98O61sWRgy7X3wDZ98U07sf4Mo7ewv36apkvtan2\/HmTzD9q\/cxaEE\/nyDpHwxjquXrImU0b9y0Lps6zhzFSKWmSd7op5SuGguiGsnvPSPScI3NxfuKFi\/FsnvQ\/+b7uPI\/T+Fge0OOqMyMCTH63N04mFtbDse9ST3TOxOY\/odh9O9uWtRvJmUHwu\/tjpg+iIvUbcsvr+TtEHtDuElEOk+X3kUhCtnvbxZXPjKzZSGDoWPTbsrokE0dZ\/DC6wvp+nId8ArW9Ujjqlvx1886D7nsLd5XpnhdGkBzoHZUVbsOOw\/\/BFdEVPD2oV3Y4A3zr46je2tl5O9r\/2ibeQrkJ\/WCSHPNvKIulk0VSwj7rxuqT5eZLxuizW4dUbS5nBnL5HEMTbeiY1Pgz5sndZw58nr0tP46Eo9lSxSpqJ1dr\/7GzAhq63CrmY1K7ban3JqurcX7io28PpxMh\/fxqqpFYnsfRn8xiw\/f7EOzoxQif+99rQL+fjQk8GUzm2UaZ549FxCoGBIL6jE\/h\/MiZfZ1Hr0mlKFPVw51iN9hZktk6ngP+sfyq13q1aOYat+C5mDaZUHqWL9yATGut2b67+Il1EwNN8XQbX4dIK9PG4v3lSletbei\/uwY\/r5IWlHzhV0Y+cW4+7OZ0fMVkBaIlKvm98y8SwbpSTPrUocNdzniEK0bgGYaf\/9fzuPKb5uX15Ca3y23eIk07j84P1XJIBU11RekTg+Imyvf8Uxg5MgMan72ZG49U0x\/cc75pUaFpo5fWOfWoML61oUionXnZz5r71qXU06JxJq9ePHbprZpYfG+MsVLdeo8hZHTESIp+fuy7z+oUrW52UqoHDWif8j\/lFR2XH07JLRPfLXFXHRC3KKK10cTeDuztoQndQunftOz6Fpk\/8sgVevvcZ+URv89oOwT14DESvMyyM9fxwuzO\/D6u4FapjO9+7foNrpXkanjzfegzfkVgVD0KEPQzGQypk7ViD9uWfgfmbWPHUaH0S9VvP9nPW8DFV2wH\/mLJ5GKEsquWatStarqxfX+LhdV1f6\/gzPnxpD+bE1uL3sROTp1h7\/7abSIYO706xjduK78XSXCWCYEYzFdCMKo3YKudn1+UmfHoxWKJ1\/HEJqwIU8vgvMvPwPs2l7gAUMDktsd9arE1LEKbX+2Q18fk+fwdoQHGe\/+9JyeafkWOhbVzaMJ\/X\/t\/JRKF+9toaLFC9NPYedAhDB6Rv\/ouXmt86PqSmIGP3zRXGg51GHnf9adBmeOvx6ho+EMhl44heQW\/xM1u6hC8yM9ukuJEOKRCDfq+eefA\/5kS55uKON45QXgD79a+LtPfN15kFKpqeNeHFS\/XBjDULGM46pYR\/36oQH9+x3hWTg1LU\/jkPnVxJVZe\/pNVLZ4CVJ7WtF1tvAJvfKjUzhTvQO7g0+aKoArp\/egt0Cn+6qmJ\/WwL9PP4FCRIXjktrr\/z170VmA7S2L5Lgx9V4rNKfxVsTpLZgB\/fkxEB3+Wp9Pw2eMYnBOpaKN5nY81W\/BNE7lV5lPHarQ9P4w2cSmM\/uUzBYvnM0cHRCQqBPm7L6GrYPlgFldkH8ii2YvY93eLjDtXgVSueFXtwOivP8DZ\/TH88J4voWssj4BdPoKOhzPo+kGBsZi8j5XLQLThT+Ywc\/pB3Ll5WPfh+r1q\/Ev1fhARiTxzEUNCwA61dWIkT4db+dOj5vtn0P\/ygwXHeiqpn5D3vJThHJUyLEz9rjeQ2t+I8w9sRv9knkjjl6fQ0fwc7hx6GsmwPrNy8L42ORqDSLWKpoIxJJy8cuYZHCz6g\/8QSjm3DqV8proJg2cGsOHyPiQfPhfa90\/9BO3+c1j73XG8vatwb\/wrp7+PQ+Jvw9ARcw0WQv5w+7HSf8t7I6lQAw5xUf77DHr\/Qf+Yee7SKfT+pwfwCrbgke9sQfPqWsylx3FGfDlPvFaDR14\/ip0rgtGIHKv9bjzxnpj9aAYz7rVahdplzp2wBS\/+IuJPbeRY7TuPq9nZyzPZWk11LWrDOrb+UuzTe0+2D2PusPOkLYw5TL32EJKdP0L1jofwyL1N+Pwy4J8uiHYefxL9P1uLQ387gGRYfUOOQf6VJ\/GumP3NzAyuODdMlTg2NSroajzypvPzmnznRaQPy2qhn8uV87wU3taVtwbQsbUPU3f1oHtbE74cr8H\/9Xy3u18+jK5Gv3LJMdrvey2wv5uqUVsrrwFvW4Gp51qx\/i8viDnxx+SyX7Cc9v7xoffRf5d+z3d+JN7v0d2HpEC7Svo+QpBj2N\/3DfROr0PvQ9vRfFcMVZcvYPT5fegduxXdL4pz8oUwNdfo8xNor\/o+iuz36gR6V30J\/b\/dh3TOQAKVhxXuQQ6Om8qHykVIuswsQTeVq+KimziH\/z71G8ypdlajfq387d2SamWAOVyZFIKVnjVtXqLfbYncEPegy+MYSVdrwTRvVSpWiRchhDhUfMGeEELCoHgRQqyE4kUIsRKKFyHESihehBAroXgRQqyE4kUIsRKKFyHESihehBAroXgRQqyE4kUIsRKKFyHESihehBAroXgRQqyE4kUIsRKKFyHESihehBAroXgRQqyE4kUIsRKKFyHESihehBAroXgRQqyE4kUIsRKKFyHESihehBAroXgRQqyE4kVKZBaj99+Oqs9Uoy55BFPm3SyLXU5INChepDQuHUH3CzNqdmbsIRx8S81mWexyQiJC8SKlcfU3ZiYPi11OSEQoXqQ0YjvQ\/81aNVvb9CS6vqBmsyx2OSER+dTcx7PzZp4QQqyBkRchxEooXoQQK6F4EUKshOJFCLESihchxEooXoQQK6F4EUKshOJFCLESihchxEooXoQQK6F4EUKshOJFCLESihchxEooXoQQK6F4EUKshOJFCLESihchxEooXoQQK6F4EUKshOJFCLESihchxEooXoQQK6F4XQemDjQqe\/vg1HHarCAY7RTvdY6ZV5ZzaQAJb1tNu6YODGBUzQXOyR0DPtt\/77LEgWnzrsMYOj7Tqbfj208jDl5SKxjkes4ysz5ZUlC8rhcr+pD+eBZzznSiFUOb\/QJ2\/dA39jXZ9+lOVK06io6L2bamV\/YIgWpE8j0gLgVGrBPf04ARtXwC\/ehB3BFuIUjJPUC\/\/PzFPmBPq1+ULmWQWrEacdmGVT3A\/gm9n4vbMLgqK1KjneL8tg+rZSPi\/+RS+cNAXCheN4qNh5HeH8PQozrqaD4sbsDDTXqZtQhB2SzE6OI4upabtwT1LdsQn8wAK1tQL96fykwIMZcCJKlDcmsMSGXUeZg6eRTpFduQlJ9fvgv97RkMnsxGX3I5tortnD6OIbSif3edXqDWHcaQEuQxDB0D2jbp89n8SB\/ix44z+lpiULxuIPWxBmDyAtJiPpg2qtchKZFebwAH73CWyWgjX4rkfd+JtKbFZ0VUIua8kV++NE7uL9HZqdMz9b7cZjBFM0hBcYTHRUZIF9D\/8TASe\/apY\/O2Wx7PyMsZxKUgiVfp94TIJWJq3kG9p5DrAh0tRrBCSGWE0MnoDDG5GQ8TSIccc+TzqVJU0e4DIrI0y2RKWzjFJdcSiteNJCajj5CbSqRVyVQ2zRwR0Uf3E56055iIPl41KdcKkRJ95jja1LrDaMMwutVNpEUq5aZVfUhtlqJTh6535HoiMjkxi8GNYsaXxon9JTxpnCAtoph+ueydXUJUmjD4sT+yclARlU945DHIYzuMZikm4lhVZCSizrmLq9GtbvoGpB6fRcqJoATxlVnV8c4DQpQmGxCX+1bnzmmrQIhLtzjOrNCZ9STLxb7NbCiRzqdEfA\/vbdHnU6T9aXHOkmK5fC2j6LQRZ3J9oHhVIvLmVkIhmUY6pWaytPcZ8ahDXN6V7VuEOEikQKgZcTOfxOBkMK3yp2AOo68NI75\/r9lGSJrlbr8UtHjiVSlcflS0oqIxLZZtrwkRi1KTkpGdcyyiPSkjICryuVdEZO1qrdKJcj4VMfQ\/YlJ7JZ4xNwpU0SS5rlC8biQZmTp5IgQH31O0Vgyat0tCbVtGEc52qpH0RSYOWhxdEZDTqh7x2fA0qyimdjXaKSMqb4QmoyaZypk0MUcse9xU1HuM3nkZ2fkiMSnyRgDn3mkR+\/ZGap7jV2kkWWpQvG4gMuLJFq6zjD4hxMM8KZsTKVp\/wZwnDyoyaHVTQXfKeSigo424k166U3hqWAhdmO9B8o5GDG0yKalh6kBPSD0sF3+aqNHvFat3SXGUWatYHpomhvyRIFZD8bpRyLqWfCL2uJMeBjARjFPLKZnlLehY4a3X6CJ0WFG5eZNMv7L1Gl2E9hb+I6JSUxEtKREx70lUTQ3of1W2VT9d9O5PibURNiWAThSm2m5SM5kGwyt+\/gcHqmvEij70KsFsQpunTqj\/GCwk9SWVDMXreiEikriTlslJdSnwRycOKo1y1r9X3PT7hRI4YhYZXZhPuOmg7vekC+Py5tZPG5WYqW4bE26KqYTmYm6tSpP\/aaMUPVXAPtGA7lWmnXLaDBEBZiO5+t3juu+VWa4eTjg1PiGAI\/uhP6\/6cQ3rz8k02PcwoAmDnv0kj4ko060TinN4eBht4j13mfXdUEiQT4kUYd7ME0KINTDyIoRYCcWLEGIlFC9CiJVQvAghVkLxIoRYCcWLEGIlFC9CiJVQvAghVkLxIoRYCcWLEGIlFC9CiJVQvAghVkLxIoRYCcWLEGIlFC9LUQMGBsxaJfnez+G0dMEpPuBg0NVoQah96XG3fJOz3ZzledyJCPFA8SILJrJQeseal9PFPmVe4ZhZKNchd9jrhQ1BTT55ULw+qShByTda6rVkGgfv9YyQKpAmG2Fj1xNSCIrXUsfnRORJxwJpo9fktqMzmFJmPKasZhtqXPqMHt5aRV\/S6ixrYpuX0\/vQ7bVkM+5FyjijCDSIJV4oXjYTHBdfTEpQXMSNvaoHiRMmHVNjvofUuYQQqXHeVco2gURq2CwwuKasxgD3XiFWatx7ES2tcMafl2Pmh4\/Jn0UI3KN+j0jH9UeOpx9JWGgQSwwUL5uRwqFu3OykBMVB2e87jjqCjXvVDa9cqz0oCzbXXUeI0OOtas7FNWUNtyaLjDLCzRq1KoynonTvVm242AcIockbwdEglhgoXksYVQj3RWci8hJRTirjjWx02nZdak7SASjo3Sidr4VouRGbsU8bem2RTzjJkofitYRREUZIdKbtzxx0BJPrpF1+VITnsy\/LDwv4pBgUr6XMxi1oE5FXr5OCmeJ9MCWTprM4dtzUgHRdqvzoCK9tU8A\/MfDgQNffAqklISFQvJY0TRi82IeUUwxXJq4TuUX1jYc9JrBCyLYGal55cOz940p8ij1t1IX5HGSXjRNwDWirNg+j7QT7eZHi0HSW5CKjoUdXZ12sCalAGHkR3f\/J\/QmQSRsj1qYIuVEw8iIC2dGzFUPmVbbvFiGVC8WLEGIlTBsJIVZC8SKEWAnFixBiJRQvQoiVULwIIVZC8SKEWAnFixBiJRQvQoiVULwIIVZC8SKEWAnFixBiJRSvJUHYWFr6vRxfxeDgfyFEM5rV2y+HC4\/X1Sf\/sZVvf2RpQPFaEuihnP3jvsvB\/2KI4yhGPO7TfrONa0dkp20hpvE9Dca5SLoTDSMZxciWfOKheC0R1FDOqUz2ppfOQe196E8IEXOHp88zFHOA5sNCSA4XXqdsBMxvVTsmLyBtXhOSD4rXUkHae3lueukcJE0spBhkIzIdjSWMt4UvXfNEO\/6oyaSfar1GdHQGLf5P5pi+yu0mj4mZY61mO3K8MI\/hbQEiR4Yq\/fWkyua1mjo71THlH5KaLAUoXkuF5S3ocD0ZpzHyMrSJhRQ1x1xDeiQ61mPBdC3Rg3hImjd1oBXdcByI+oQg+V2G0nsuGNNXYwIrtlG\/e1ykf2KhSAF1BNeEwY+LjEtvxEeab7h+i\/mQ626GOnY9Hr8QRzX2vW5LeuVEdmBFsmSheC0ZdN1LezLKCKsBcSkWStQmkBZRz9TJo8DWFjVCqoxwvM7VzY\/0ZUXORYpgBnHzGSlCvV5TW0F2G8YEdqGo9FGIj3L1LhClvSyiOSVc2VRTpchoRZsxFqnf3Yc2PUuWMBSvJYRMEZX\/oqp3ZR2wk1uBwZPTalkiJi3FdO1LWuC7qdaqHpFyapHLIkVQDmd\/HW3IlKt3Rh1vGGlxPHER4WVt\/XWKjBXSFZt8kqB4LSVkipjKYNTUuxyk+Wz6vZNCsJzoREdJ8f0TOtpxp2Bqpy30\/Q7b15rCghnfP4zUqyJ93dPqRmfKXJdF\/k8cFK+lhEwRcQFD75l6l4M0n00dxSCy0YmK0vbsc9NEXbwP9rGSUVsM6ZdPmgL9GHr3lNlZW9W6svudOtDjSwFDWb4LI\/uB7nvNgwPZPjj1PmcbZKlD8VpSyIhK3MTHTL3LRURQIqJx6l2KjYeRFpGXY\/Ya3wP0X\/TUkQz1u4fRD2ksK9c7jkSg5pUP1eVBPm1UTyYLPG2MeBxBVF1rsgdJlT42YfBEK4aMuW4S2zw1r+hPOold0D2IlISM0OLv9V2\/fmALQgpWDxIX6by9lGHkRQoi+3xlf5Kj00ZvPa0iuDSARE7qGYw+yVKDkRcpjBQG9STS4PbdqiykyKqOsYqYSD0ZdS11KF6EECth2kgIsRKKFyHESihehBAroXgRQqyE4kUIsRKKFyHESihehBAroXgRQqyE4kUIsRKKFyHESihehBAroXgtAr9ZanZatGtNYIC+chN+3Dd4zKvFtFmNKrHY45fD6MjzEHIMxhzEcU2K8r1fs2uDuFC8FssKx1nHTGZQvIq\/SAPHnZYjk666doJpBzE1Pr4zIquDsmMLEuV7t\/XasASKV7lRI4PGMPSo19uwRAJGrNeD+pZtiOcYcHzySCTEd+dzHpdmJTG0tRcZwyzK916Oa4O4ULyuAUFDCF8K4TVsVelOSEoRSKGUCayzTmd2mTaH1QarerkndZLb8JnDFkbaoqUdT0eF12zW2Y85JnN8HZ7jcgcsLLRM4mtzSKoXGFjQOQ733BT7vECfr+w28p7\/EBKbhIh7LeAuncSgHFZ6pXldgChGIDQLKR8Ur2uBdPFxohhxM4ebu4qb8t4eJIxR6tzFPqQ2e29ag\/h88lir+fwEEqlACnNMvHfRbLs94zGlENHbO7uyY9YHmXTGpdeTOkZ3fSkYDehODOtjk4ayYr9ZOzXJMFIrjfuQSIfSHjef\/MvG0LHK02bl0Rhos888VyDFY9Ix5Cj+eTUoodi\/G7nmPf95iPn373hdRrJV837v+YiyDokExesaU8zc1U0hlu9CKiRV9Nvf16Hr8VY159Le544YWtLwzDn1GCDpRDJKMLLO1aOdDUhtDZrStqJ\/t3EoUjeklzzLpJ+k2G+v4wykPBqDNSbtWOSkbioidNofMJcNpteD9xrh8oz0Gs1c14vev7Z706a719W3kkSG4nUtyMi0QI6hXsjcVQjROyKicZ15xJST0ujPX5cx43PMXvUY8DLl6hZR1OBu6UC0uIhBmcP6Ij4ROU3m+kKq+psRGGmU27ZJi1Fhc9mMOK8x8bkeTwQY1VzXj\/K5lHZvvqgvAu73bl6HEWUdEgmK1zVARUvqJitm7ioFzHlv2GPl5aA\/r1ywbwQy5XpPpLMyirqUQWqRN52q9wQjPjGp7XtxU8cxDImU2RGPwvUiESm+Ou73cyx6\/vMgfSAnj6L3CU\/UF4Hs956fKOuQaFC8yo2qUQFtj+v6UX5zV92vKPvYXLtTB1MU7X\/opDnTOPhooOZVLk7vE1FQTJvVGvFIProaaZWC6fpcKTdyKEoUetAbKL7ndh0wqePmVpFmem70gLms\/rxIdT8wrwWOz6TzRyCauW6QJrS1Z4RwZqO+ogS+91CirEMiQ\/FaLIHCd9VmkQpenMWgpy4TbqrahEFVpHc+qwvk7uccxOdH2oWQqHWEkG0N1LzyIW6Ugk\/Wco5bRH4nnIhEWu6LiEcWtz3HtnjXoECbRQoHcW5y2izQXTdE1OQ1yg35fEIe821msULXBd2HBHnPf2HUH41Czt3FvndJlHXIgqF7kG1IUZIRUaEniUsCGseSwjDyqnBUmuM+2jdpYyK29NMO9WTS2++MED+MvCoeGYG0Ysi8UgXvJR51aQNZGseSwlC8CCFWwrSREGIlFC9CiJVQvAghVkLxIoRYCcWLEGIlFC9CiJVQvAghVkLxIoRYCcWLEGIlFC9CiJVQvAghVkLxWhR6QMHQwe3k0DVyWQkOPqUjjTIC7jxhOIP2RRrCWW\/THYNKTAvyGVTtLzbon\/4RdnbUjPIjR+Uoen6CFDr2iO0i1x6K16Ipwag0D2rYm2sqclGRwmUGHnSHTBbt8BilXmuxKTdyCG0aaCxNKF5lYMFGpYtGj4GfMwb8gpEjqCIw9HETeqVRqq99EQg4+9wY\/GPgk6UFxasMRDUq1WaozmTSOJGGxPdk9JDBbvTlpKN68huuZg1dO04H0kafIauYQiMk\/ZnwVFCPox8Uqvrd42oIaBkhyjHYIQTB3baTHpspaD4rz4mO1vKY4wbQY8yb9bzRaKBt2eMPpLneNssBDc24+\/IYEuIY1DbkdoPpX0hqnfYcS\/B85V3mO07P9uT+7hDnQB1r1BSeFILiVQ6iGJWKizeZyjrnKIPYJ8SNpsZYFxGaO8igvBlbkXIcb9SY7d6LPWvo6h8LXXwuYGLrtwFz0NFa+DjqYtmr8nNCnMwN6K0XSREbaRcz7c549kJkzbjsap\/KYDZrduEjnzmuF3GOSjXonTrQGjDHbXXFRFqleW3j0kJ4++V6kQZzHEb3e316u6JdQ4HvIHyZOB+FTHEnRQr+uFzGQRbLAcWrLEQwKpVplMeRWvoJhmK8Al3T1uW70C9u9qyfonH4ySEgSsofcAEo81t980lRdTwPwyO1Jgx6bkTlq5iPCOa4xQxi8xr0uiLtPQfye4D\/XJXkfpQ13c31tMyzrKipLlPYckLxKhNFjUp96USrSCvzoETHcQvSk0zVong3+tLSR0XUYd5fKCpdNCI2ZCIdP\/6ULSnEYuEszKBXHmNaejWuMu+7KZms3y3GZ9L7We3\/mCV8WVRTXVIeKF7loohR6egT0vfQSW\/G0e+7GTwoe\/xWN3Vyp2K2Y0Icu9W472b9V7eZBSWg6jK56Zwyew1DeT1mjzX1eJ71IrFwg15HZOXkpqSeetfiKRApe5ZFNtUlZYHiVTYiGJWmMloYlNCod3Ixhq\/dbq1JF++j9VUS0YYJ0JRY6tnoGFNYXWdyENGVdCzKKwSOdb5ZbxEsxKA32HVDpaQJke6KFLSgYaz6I+GvU\/rPl+c78BryKvIsi2yqS8oBxauMFDIqVfUbJ6W4F+iXRXojZspgVS2TN6qMMIaRcNOnVhFBDBf\/661qYxDpnU5ZhjaJm9cjZll0qpe\/hqWL3nrfcmrA4FYRDZnITzt4i+UyQjP1Hp2yifcfF210xWwB5DWIzW\/Q23zYf7yq4H9YiFdKCFx4aU0TOF9J+XTYLNK0okNMars+Q15JvmXRTXXJ4qF7ECHEShh5EUKshOJFCLESihchxEooXoQQK6F4EUKshOJFCLESihchxEooXoQQK6F4EUKshOJFCLESihchxEooXoQQK6F4EUKshOJFCLESihchxEooXpbgt02LOjqnHniwZMfoIjjHknsMjmVbOa29CrVh8e0LjsRK7IHiVfHoG9Rrm6atv27s8MLxFSFGtHLceDNbFDVEclbkKCKkVChelY5jcuH1Gly+CyPS0cexArsRJBr8RrsC5ZPY3rpo1yJCokDxqnCkl2GY+YVyzPEImi+tLBDBhK9nxrXvNO7X4n1lflEoElq5xWe0K7ehfBI3rTavDcqZOrtPneJpc9Y05Pj3jXi0J8SJO4eTWcftEIcjjW5Hdn9+u7ai58gYZpQ7zSbXBopXRaNttfKZtDooG343rRxGmxCBsBuw2HpDqdV62eEmLY4F7dZiymjXTR2lXyW2Iek7VCFSoY7a2qgiLs1bL47j8b6gE3cu6T1HjeO28W8MEZ8c92yPC5O\/7dq0w3eOpHCtOooOsQ9aldkBxct6tEN3fGuLicKa0CudrqUBrnrtUHy97LJoKNcj44CkrMMSscDnS3DULobruF2Hrselg5E\/ZZX4BVeazprZnLZrD0hXpFI9Rri8DkGk0qF4VTTaiLWwW7a+SaWHYWGirlcCy2NITB7FyCUtDrk+if40bjGO2r7oU3kuhuBLUXuQWmHeL9Z2KXLSwu2JAmkyqTgoXhWO9knMjTL0jSprOtqAtbilfNT1SkEb7Q4+sQ+DkyF+lWV11PaQuRBiqCuE8tFhj+P2MDrMkqJtF1Fd6h2dRtMg1h4oXpWOMnYdRtJXpJa1JHmj7kWziM5k7Smb\/o2hd483RXKIul5pKJfrY8NIX2NH7ayTttlOnv25UaoSTj2b2\/awrhkixT3RiqHN\/iI\/qVwoXhWPrs+MJIzbtppENHYiW7ORtZ7s8vwO21HXkxR92uggLe7Ff6HW+oUctZe3oMMsk9GOz4lbf9pHfP9qDKnjbkA3+pDOKew7tTDjZP3aFvUQwBEzf9tNv7ngNpw\/FFHaTW44dMwmhFgJIy9CiJVQvAghVkLxIoRYCcWLEGIlFC9CiJVQvAghVkLxIoRYCcWLEGIlFC9CiJVQvAghVkLxIoRYCcWLEGIlFC9CiJVQvAghVkLxIoRYCcWLEGIlFC9CiJVQvAghVkLxIoRYCcWLEGIlFC9CiJVQvAghVkLxIoRYCcWLEGIlFC9CiJVQvAghVkLxIoRYCcWLEGIlFC9CiJVQvAghFgL8f1AN2JSXCgiiAAAAAElFTkSuQmCC\" alt=\"\"><\/p>","protected":false},"excerpt":{"rendered":"<p>Tegund:&nbsp;N1987-1-B<\/p>","protected":false},"featured_media":76749,"comment_status":"closed","ping_status":"closed","template":"","meta":[],"product_brand":[],"product_cat":[518,545,572],"product_tag":[1012,1078],"class_list":{"0":"post-71173","1":"product","2":"type-product","3":"status-publish","4":"has-post-thumbnail","6":"product_cat-honnunarlausnir","7":"product_cat-hurdabunadur","8":"product_cat-hurdarstoppari","9":"product_tag-frost","10":"product_tag-mattsvart","12":"first","13":"instock","14":"taxable","15":"shipping-taxable","16":"purchasable","17":"product-type-simple"},"yoast_head":"<!-- This site is optimized with the Yoast SEO plugin v27.3 - https:\/\/yoast.com\/product\/yoast-seo-wordpress\/ -->\n<title>FROST Nova2 Hur\u00f0arstoppari g\u00f3lf st\u00f3r svartur N1987-1-B - V\u00e9lar &amp; Verkf\u00e6ri<\/title>\n<meta name=\"robots\" content=\"index, follow, max-snippet:-1, max-image-preview:large, max-video-preview:-1\" \/>\n<link rel=\"canonical\" href=\"https:\/\/velarogverkfaeri.is\/en\/honnunarlausnir\/hurdabunadur\/hurdarstoppari\/product\/frost-hurdarstoppari-golf-stor-svartur-nova2\/\" \/>\n<meta property=\"og:locale\" content=\"en_US\" \/>\n<meta property=\"og:type\" content=\"article\" \/>\n<meta property=\"og:title\" content=\"FROST Nova2 Hur\u00f0arstoppari g\u00f3lf st\u00f3r svartur N1987-1-B - V\u00e9lar &amp; Verkf\u00e6ri\" \/>\n<meta property=\"og:description\" content=\"Tegund:&nbsp;N1987-1-B\" \/>\n<meta property=\"og:url\" content=\"https:\/\/velarogverkfaeri.is\/en\/honnunarlausnir\/hurdabunadur\/hurdarstoppari\/product\/frost-hurdarstoppari-golf-stor-svartur-nova2\/\" \/>\n<meta property=\"og:site_name\" content=\"V\u00e9lar &amp; Verkf\u00e6ri\" \/>\n<meta property=\"article:publisher\" content=\"https:\/\/www.facebook.com\/VelarOgVerkfaeri\" \/>\n<meta property=\"article:modified_time\" content=\"2025-11-18T14:43:16+00:00\" \/>\n<meta name=\"twitter:card\" content=\"summary_large_image\" \/>\n<script type=\"application\/ld+json\" class=\"yoast-schema-graph\">{\"@context\":\"https:\\\/\\\/schema.org\",\"@graph\":[{\"@type\":\"WebPage\",\"@id\":\"https:\\\/\\\/velarogverkfaeri.is\\\/honnunarlausnir\\\/hurdabunadur\\\/hurdarstoppari\\\/product\\\/frost-hurdarstoppari-golf-stor-svartur-nova2\\\/\",\"url\":\"https:\\\/\\\/velarogverkfaeri.is\\\/honnunarlausnir\\\/hurdabunadur\\\/hurdarstoppari\\\/product\\\/frost-hurdarstoppari-golf-stor-svartur-nova2\\\/\",\"name\":\"FROST Nova2 Hur\u00f0arstoppari g\u00f3lf st\u00f3r svartur N1987-1-B - V\u00e9lar &amp; Verkf\u00e6ri\",\"isPartOf\":{\"@id\":\"https:\\\/\\\/velarogverkfaeri.is\\\/en\\\/#website\"},\"primaryImageOfPage\":{\"@id\":\"https:\\\/\\\/velarogverkfaeri.is\\\/honnunarlausnir\\\/hurdabunadur\\\/hurdarstoppari\\\/product\\\/frost-hurdarstoppari-golf-stor-svartur-nova2\\\/#primaryimage\"},\"image\":{\"@id\":\"https:\\\/\\\/velarogverkfaeri.is\\\/honnunarlausnir\\\/hurdabunadur\\\/hurdarstoppari\\\/product\\\/frost-hurdarstoppari-golf-stor-svartur-nova2\\\/#primaryimage\"},\"thumbnailUrl\":\"https:\\\/\\\/velarogverkfaeri.is\\\/wp-content\\\/uploads\\\/2025\\\/10\\\/fdeab434-2903-428e-95ff-cf3f96f71819-scaled.jpg\",\"datePublished\":\"2025-03-21T09:11:06+00:00\",\"dateModified\":\"2025-11-18T14:43:16+00:00\",\"breadcrumb\":{\"@id\":\"https:\\\/\\\/velarogverkfaeri.is\\\/honnunarlausnir\\\/hurdabunadur\\\/hurdarstoppari\\\/product\\\/frost-hurdarstoppari-golf-stor-svartur-nova2\\\/#breadcrumb\"},\"inLanguage\":\"en-US\",\"potentialAction\":[{\"@type\":\"ReadAction\",\"target\":[\"https:\\\/\\\/velarogverkfaeri.is\\\/honnunarlausnir\\\/hurdabunadur\\\/hurdarstoppari\\\/product\\\/frost-hurdarstoppari-golf-stor-svartur-nova2\\\/\"]}]},{\"@type\":\"ImageObject\",\"inLanguage\":\"en-US\",\"@id\":\"https:\\\/\\\/velarogverkfaeri.is\\\/honnunarlausnir\\\/hurdabunadur\\\/hurdarstoppari\\\/product\\\/frost-hurdarstoppari-golf-stor-svartur-nova2\\\/#primaryimage\",\"url\":\"https:\\\/\\\/velarogverkfaeri.is\\\/wp-content\\\/uploads\\\/2025\\\/10\\\/fdeab434-2903-428e-95ff-cf3f96f71819-scaled.jpg\",\"contentUrl\":\"https:\\\/\\\/velarogverkfaeri.is\\\/wp-content\\\/uploads\\\/2025\\\/10\\\/fdeab434-2903-428e-95ff-cf3f96f71819-scaled.jpg\",\"width\":2417,\"height\":2560},{\"@type\":\"BreadcrumbList\",\"@id\":\"https:\\\/\\\/velarogverkfaeri.is\\\/honnunarlausnir\\\/hurdabunadur\\\/hurdarstoppari\\\/product\\\/frost-hurdarstoppari-golf-stor-svartur-nova2\\\/#breadcrumb\",\"itemListElement\":[{\"@type\":\"ListItem\",\"position\":1,\"name\":\"Home\",\"item\":\"https:\\\/\\\/velarogverkfaeri.is\\\/\"},{\"@type\":\"ListItem\",\"position\":2,\"name\":\"Vefverslun\",\"item\":\"https:\\\/\\\/velarogverkfaeri.is\\\/vefverslun\\\/\"},{\"@type\":\"ListItem\",\"position\":3,\"name\":\"FROST Nova2 Hur\u00f0arstoppari g\u00f3lf st\u00f3r svartur N1987-1-B\"}]},{\"@type\":\"WebSite\",\"@id\":\"https:\\\/\\\/velarogverkfaeri.is\\\/en\\\/#website\",\"url\":\"https:\\\/\\\/velarogverkfaeri.is\\\/en\\\/\",\"name\":\"V\u00e9lar & Verkf\u00e6ri\",\"description\":\"Umbo\u00f0s- og heildverslun fr\u00e1 \u00e1rinu 1919\",\"publisher\":{\"@id\":\"https:\\\/\\\/velarogverkfaeri.is\\\/en\\\/#organization\"},\"potentialAction\":[{\"@type\":\"SearchAction\",\"target\":{\"@type\":\"EntryPoint\",\"urlTemplate\":\"https:\\\/\\\/velarogverkfaeri.is\\\/en\\\/?s={search_term_string}\"},\"query-input\":{\"@type\":\"PropertyValueSpecification\",\"valueRequired\":true,\"valueName\":\"search_term_string\"}}],\"inLanguage\":\"en-US\"},{\"@type\":\"Organization\",\"@id\":\"https:\\\/\\\/velarogverkfaeri.is\\\/en\\\/#organization\",\"name\":\"V\u00e9lar & Verkf\u00e6ri\",\"url\":\"https:\\\/\\\/velarogverkfaeri.is\\\/en\\\/\",\"logo\":{\"@type\":\"ImageObject\",\"inLanguage\":\"en-US\",\"@id\":\"https:\\\/\\\/velarogverkfaeri.is\\\/en\\\/#\\\/schema\\\/logo\\\/image\\\/\",\"url\":\"https:\\\/\\\/velarogverkfaeri.is\\\/wp-content\\\/uploads\\\/2021\\\/10\\\/vv_logo_350x100.png\",\"contentUrl\":\"https:\\\/\\\/velarogverkfaeri.is\\\/wp-content\\\/uploads\\\/2021\\\/10\\\/vv_logo_350x100.png\",\"width\":350,\"height\":100,\"caption\":\"V\u00e9lar & Verkf\u00e6ri\"},\"image\":{\"@id\":\"https:\\\/\\\/velarogverkfaeri.is\\\/en\\\/#\\\/schema\\\/logo\\\/image\\\/\"},\"sameAs\":[\"https:\\\/\\\/www.facebook.com\\\/VelarOgVerkfaeri\"]}]}<\/script>\n<!-- \/ Yoast SEO plugin. -->","yoast_head_json":{"title":"FROST Nova2 Hur\u00f0arstoppari g\u00f3lf st\u00f3r svartur N1987-1-B - V\u00e9lar &amp; Verkf\u00e6ri","robots":{"index":"index","follow":"follow","max-snippet":"max-snippet:-1","max-image-preview":"max-image-preview:large","max-video-preview":"max-video-preview:-1"},"canonical":"https:\/\/velarogverkfaeri.is\/en\/honnunarlausnir\/hurdabunadur\/hurdarstoppari\/product\/frost-hurdarstoppari-golf-stor-svartur-nova2\/","og_locale":"en_US","og_type":"article","og_title":"FROST Nova2 Hur\u00f0arstoppari g\u00f3lf st\u00f3r svartur N1987-1-B - V\u00e9lar &amp; Verkf\u00e6ri","og_description":"Tegund:&nbsp;N1987-1-B","og_url":"https:\/\/velarogverkfaeri.is\/en\/honnunarlausnir\/hurdabunadur\/hurdarstoppari\/product\/frost-hurdarstoppari-golf-stor-svartur-nova2\/","og_site_name":"V\u00e9lar &amp; Verkf\u00e6ri","article_publisher":"https:\/\/www.facebook.com\/VelarOgVerkfaeri","article_modified_time":"2025-11-18T14:43:16+00:00","twitter_card":"summary_large_image","schema":{"@context":"https:\/\/schema.org","@graph":[{"@type":"WebPage","@id":"https:\/\/velarogverkfaeri.is\/honnunarlausnir\/hurdabunadur\/hurdarstoppari\/product\/frost-hurdarstoppari-golf-stor-svartur-nova2\/","url":"https:\/\/velarogverkfaeri.is\/honnunarlausnir\/hurdabunadur\/hurdarstoppari\/product\/frost-hurdarstoppari-golf-stor-svartur-nova2\/","name":"FROST Nova2 Hur\u00f0arstoppari g\u00f3lf st\u00f3r svartur N1987-1-B - V\u00e9lar &amp; Verkf\u00e6ri","isPartOf":{"@id":"https:\/\/velarogverkfaeri.is\/en\/#website"},"primaryImageOfPage":{"@id":"https:\/\/velarogverkfaeri.is\/honnunarlausnir\/hurdabunadur\/hurdarstoppari\/product\/frost-hurdarstoppari-golf-stor-svartur-nova2\/#primaryimage"},"image":{"@id":"https:\/\/velarogverkfaeri.is\/honnunarlausnir\/hurdabunadur\/hurdarstoppari\/product\/frost-hurdarstoppari-golf-stor-svartur-nova2\/#primaryimage"},"thumbnailUrl":"https:\/\/velarogverkfaeri.is\/wp-content\/uploads\/2025\/10\/fdeab434-2903-428e-95ff-cf3f96f71819-scaled.jpg","datePublished":"2025-03-21T09:11:06+00:00","dateModified":"2025-11-18T14:43:16+00:00","breadcrumb":{"@id":"https:\/\/velarogverkfaeri.is\/honnunarlausnir\/hurdabunadur\/hurdarstoppari\/product\/frost-hurdarstoppari-golf-stor-svartur-nova2\/#breadcrumb"},"inLanguage":"en-US","potentialAction":[{"@type":"ReadAction","target":["https:\/\/velarogverkfaeri.is\/honnunarlausnir\/hurdabunadur\/hurdarstoppari\/product\/frost-hurdarstoppari-golf-stor-svartur-nova2\/"]}]},{"@type":"ImageObject","inLanguage":"en-US","@id":"https:\/\/velarogverkfaeri.is\/honnunarlausnir\/hurdabunadur\/hurdarstoppari\/product\/frost-hurdarstoppari-golf-stor-svartur-nova2\/#primaryimage","url":"https:\/\/velarogverkfaeri.is\/wp-content\/uploads\/2025\/10\/fdeab434-2903-428e-95ff-cf3f96f71819-scaled.jpg","contentUrl":"https:\/\/velarogverkfaeri.is\/wp-content\/uploads\/2025\/10\/fdeab434-2903-428e-95ff-cf3f96f71819-scaled.jpg","width":2417,"height":2560},{"@type":"BreadcrumbList","@id":"https:\/\/velarogverkfaeri.is\/honnunarlausnir\/hurdabunadur\/hurdarstoppari\/product\/frost-hurdarstoppari-golf-stor-svartur-nova2\/#breadcrumb","itemListElement":[{"@type":"ListItem","position":1,"name":"Home","item":"https:\/\/velarogverkfaeri.is\/"},{"@type":"ListItem","position":2,"name":"Vefverslun","item":"https:\/\/velarogverkfaeri.is\/vefverslun\/"},{"@type":"ListItem","position":3,"name":"FROST Nova2 Hur\u00f0arstoppari g\u00f3lf st\u00f3r svartur N1987-1-B"}]},{"@type":"WebSite","@id":"https:\/\/velarogverkfaeri.is\/en\/#website","url":"https:\/\/velarogverkfaeri.is\/en\/","name":"V\u00e9lar & Verkf\u00e6ri","description":"Umbo\u00f0s- og heildverslun fr\u00e1 \u00e1rinu 1919","publisher":{"@id":"https:\/\/velarogverkfaeri.is\/en\/#organization"},"potentialAction":[{"@type":"SearchAction","target":{"@type":"EntryPoint","urlTemplate":"https:\/\/velarogverkfaeri.is\/en\/?s={search_term_string}"},"query-input":{"@type":"PropertyValueSpecification","valueRequired":true,"valueName":"search_term_string"}}],"inLanguage":"en-US"},{"@type":"Organization","@id":"https:\/\/velarogverkfaeri.is\/en\/#organization","name":"V\u00e9lar & Verkf\u00e6ri","url":"https:\/\/velarogverkfaeri.is\/en\/","logo":{"@type":"ImageObject","inLanguage":"en-US","@id":"https:\/\/velarogverkfaeri.is\/en\/#\/schema\/logo\/image\/","url":"https:\/\/velarogverkfaeri.is\/wp-content\/uploads\/2021\/10\/vv_logo_350x100.png","contentUrl":"https:\/\/velarogverkfaeri.is\/wp-content\/uploads\/2021\/10\/vv_logo_350x100.png","width":350,"height":100,"caption":"V\u00e9lar & Verkf\u00e6ri"},"image":{"@id":"https:\/\/velarogverkfaeri.is\/en\/#\/schema\/logo\/image\/"},"sameAs":["https:\/\/www.facebook.com\/VelarOgVerkfaeri"]}]}},"_links":{"self":[{"href":"https:\/\/velarogverkfaeri.is\/en\/wp-json\/wp\/v2\/product\/71173","targetHints":{"allow":["GET"]}}],"collection":[{"href":"https:\/\/velarogverkfaeri.is\/en\/wp-json\/wp\/v2\/product"}],"about":[{"href":"https:\/\/velarogverkfaeri.is\/en\/wp-json\/wp\/v2\/types\/product"}],"replies":[{"embeddable":true,"href":"https:\/\/velarogverkfaeri.is\/en\/wp-json\/wp\/v2\/comments?post=71173"}],"wp:featuredmedia":[{"embeddable":true,"href":"https:\/\/velarogverkfaeri.is\/en\/wp-json\/wp\/v2\/media\/76749"}],"wp:attachment":[{"href":"https:\/\/velarogverkfaeri.is\/en\/wp-json\/wp\/v2\/media?parent=71173"}],"wp:term":[{"taxonomy":"product_brand","embeddable":true,"href":"https:\/\/velarogverkfaeri.is\/en\/wp-json\/wp\/v2\/product_brand?post=71173"},{"taxonomy":"product_cat","embeddable":true,"href":"https:\/\/velarogverkfaeri.is\/en\/wp-json\/wp\/v2\/product_cat?post=71173"},{"taxonomy":"product_tag","embeddable":true,"href":"https:\/\/velarogverkfaeri.is\/en\/wp-json\/wp\/v2\/product_tag?post=71173"}],"curies":[{"name":"wp","href":"https:\/\/api.w.org\/{rel}","templated":true}]}}