{"id":71168,"date":"2025-03-21T08:56:13","date_gmt":"2025-03-21T08:56:13","guid":{"rendered":"https:\/\/velarogverkfaeri.is\/?post_type=product&#038;p=71168"},"modified":"2026-02-17T11:33:47","modified_gmt":"2026-02-17T11:33:47","slug":"frost-hurdarstoppari-golf-stor-rydfritt-stal-n1987-1-nova2","status":"publish","type":"product","link":"https:\/\/velarogverkfaeri.is\/en\/honnunarlausnir\/hurdabunadur\/hurdarstoppari\/product\/frost-hurdarstoppari-golf-stor-rydfritt-stal-n1987-1-nova2\/","title":{"rendered":"FROST Hur\u00f0arstoppari g\u00f3lf st\u00f3r ry\u00f0fr\u00edtt st\u00e1l N1987-1 NOVA2"},"content":{"rendered":"<p>Hur\u00f0astopparinn er fr\u00edstandandi og m\u00e1 setja hvar sem er. Hur\u00f0astoppari er hagn\u00fdt og nytsamleg vara sem gegnir mikilv\u00e6gu hlutverki \u00ed daglegu l\u00edfi. Hann er hanna\u00f0ur til a\u00f0 koma \u00ed veg fyrir a\u00f0 hur\u00f0ir skelli og til a\u00f0 vernda veggi, h\u00fasg\u00f6gn og g\u00f3lf fyrir skemmdum. \u00c1 sama t\u00edma er hann f\u00e1gu\u00f0 og st\u00edlhrein vi\u00f0b\u00f3t \u00ed innanh\u00fassh\u00f6nnun heimila, skrifstofa o.fl. H\u00e6gt er a\u00f0 samr\u00e6ma hann vi\u00f0 a\u00f0ra Frost-v\u00f6ru \u00ed sama \u00e1fer\u00f0arlit.<\/p>","protected":false},"excerpt":{"rendered":"<p>Hur\u00f0astopparinn er fr\u00edstandandi og m\u00e1 setja hvar sem er. Hur\u00f0astoppari er hagn\u00fdt og nytsamleg vara sem gegnir mikilv\u00e6gu hlutverki \u00ed daglegu l\u00edfi. Hann er hanna\u00f0ur til a\u00f0 koma \u00ed veg fyrir a\u00f0 hur\u00f0ir skelli og til a\u00f0 vernda veggi, h\u00fasg\u00f6gn og g\u00f3lf fyrir skemmdum. \u00c1 sama t\u00edma er hann f\u00e1gu\u00f0 og st\u00edlhrein vi\u00f0b\u00f3t \u00ed innanh\u00fassh\u00f6nnun [&hellip;]<\/p>\n","protected":false},"featured_media":76454,"comment_status":"closed","ping_status":"closed","template":"","meta":[],"product_brand":[],"product_cat":[518,545,572],"product_tag":[1076,1012],"class_list":{"0":"post-71168","1":"product","2":"type-product","3":"status-publish","4":"has-post-thumbnail","6":"product_cat-honnunarlausnir","7":"product_cat-hurdabunadur","8":"product_cat-hurdarstoppari","9":"product_tag-burstadrydfritt","10":"product_tag-frost","12":"first","13":"instock","14":"taxable","15":"shipping-taxable","16":"purchasable","17":"product-type-simple"},"yoast_head":"<!-- This site is optimized with the Yoast SEO plugin v27.3 - https:\/\/yoast.com\/product\/yoast-seo-wordpress\/ -->\n<title>FROST Hur\u00f0arstoppari g\u00f3lf st\u00f3r ry\u00f0fr\u00edtt st\u00e1l N1987-1 NOVA2 - V\u00e9lar &amp; Verkf\u00e6ri<\/title>\n<meta name=\"robots\" content=\"index, follow, max-snippet:-1, max-image-preview:large, max-video-preview:-1\" \/>\n<link rel=\"canonical\" href=\"https:\/\/velarogverkfaeri.is\/en\/lykillausnir\/hurdabunadur-lykillausnir\/hurdastopparar-og-hurdahaldarar\/product\/frost-hurdarstoppari-golf-stor-rydfritt-stal-n1987-1-nova2\/\" \/>\n<meta property=\"og:locale\" content=\"en_US\" \/>\n<meta property=\"og:type\" content=\"article\" \/>\n<meta property=\"og:title\" content=\"FROST Hur\u00f0arstoppari g\u00f3lf st\u00f3r ry\u00f0fr\u00edtt st\u00e1l N1987-1 NOVA2 - V\u00e9lar &amp; Verkf\u00e6ri\" \/>\n<meta property=\"og:description\" content=\"Hur\u00f0astopparinn er fr\u00edstandandi og m\u00e1 setja hvar sem er. Hur\u00f0astoppari er hagn\u00fdt og nytsamleg vara sem gegnir mikilv\u00e6gu hlutverki \u00ed daglegu l\u00edfi. Hann er hanna\u00f0ur til a\u00f0 koma \u00ed veg fyrir a\u00f0 hur\u00f0ir skelli og til a\u00f0 vernda veggi, h\u00fasg\u00f6gn og g\u00f3lf fyrir skemmdum. \u00c1 sama t\u00edma er hann f\u00e1gu\u00f0 og st\u00edlhrein vi\u00f0b\u00f3t \u00ed innanh\u00fassh\u00f6nnun [&hellip;]\" \/>\n<meta property=\"og:url\" content=\"https:\/\/velarogverkfaeri.is\/en\/lykillausnir\/hurdabunadur-lykillausnir\/hurdastopparar-og-hurdahaldarar\/product\/frost-hurdarstoppari-golf-stor-rydfritt-stal-n1987-1-nova2\/\" \/>\n<meta property=\"og:site_name\" content=\"V\u00e9lar &amp; Verkf\u00e6ri\" \/>\n<meta property=\"article:publisher\" content=\"https:\/\/www.facebook.com\/VelarOgVerkfaeri\" \/>\n<meta property=\"article:modified_time\" content=\"2026-02-17T11:33:47+00:00\" \/>\n<meta name=\"twitter:card\" content=\"summary_large_image\" \/>\n<script type=\"application\/ld+json\" class=\"yoast-schema-graph\">{\"@context\":\"https:\\\/\\\/schema.org\",\"@graph\":[{\"@type\":\"WebPage\",\"@id\":\"https:\\\/\\\/velarogverkfaeri.is\\\/lykillausnir\\\/hurdabunadur-lykillausnir\\\/hurdastopparar-og-hurdahaldarar\\\/product\\\/frost-hurdarstoppari-golf-stor-rydfritt-stal-n1987-1-nova2\\\/\",\"url\":\"https:\\\/\\\/velarogverkfaeri.is\\\/lykillausnir\\\/hurdabunadur-lykillausnir\\\/hurdastopparar-og-hurdahaldarar\\\/product\\\/frost-hurdarstoppari-golf-stor-rydfritt-stal-n1987-1-nova2\\\/\",\"name\":\"FROST Hur\u00f0arstoppari g\u00f3lf st\u00f3r ry\u00f0fr\u00edtt st\u00e1l N1987-1 NOVA2 - V\u00e9lar &amp; Verkf\u00e6ri\",\"isPartOf\":{\"@id\":\"https:\\\/\\\/velarogverkfaeri.is\\\/en\\\/#website\"},\"primaryImageOfPage\":{\"@id\":\"https:\\\/\\\/velarogverkfaeri.is\\\/lykillausnir\\\/hurdabunadur-lykillausnir\\\/hurdastopparar-og-hurdahaldarar\\\/product\\\/frost-hurdarstoppari-golf-stor-rydfritt-stal-n1987-1-nova2\\\/#primaryimage\"},\"image\":{\"@id\":\"https:\\\/\\\/velarogverkfaeri.is\\\/lykillausnir\\\/hurdabunadur-lykillausnir\\\/hurdastopparar-og-hurdahaldarar\\\/product\\\/frost-hurdarstoppari-golf-stor-rydfritt-stal-n1987-1-nova2\\\/#primaryimage\"},\"thumbnailUrl\":\"https:\\\/\\\/velarogverkfaeri.is\\\/wp-content\\\/uploads\\\/2025\\\/10\\\/eb61c799-87e3-4fa7-b55b-bec3c645689e-scaled.png\",\"datePublished\":\"2025-03-21T08:56:13+00:00\",\"dateModified\":\"2026-02-17T11:33:47+00:00\",\"breadcrumb\":{\"@id\":\"https:\\\/\\\/velarogverkfaeri.is\\\/lykillausnir\\\/hurdabunadur-lykillausnir\\\/hurdastopparar-og-hurdahaldarar\\\/product\\\/frost-hurdarstoppari-golf-stor-rydfritt-stal-n1987-1-nova2\\\/#breadcrumb\"},\"inLanguage\":\"en-US\",\"potentialAction\":[{\"@type\":\"ReadAction\",\"target\":[\"https:\\\/\\\/velarogverkfaeri.is\\\/lykillausnir\\\/hurdabunadur-lykillausnir\\\/hurdastopparar-og-hurdahaldarar\\\/product\\\/frost-hurdarstoppari-golf-stor-rydfritt-stal-n1987-1-nova2\\\/\"]}]},{\"@type\":\"ImageObject\",\"inLanguage\":\"en-US\",\"@id\":\"https:\\\/\\\/velarogverkfaeri.is\\\/lykillausnir\\\/hurdabunadur-lykillausnir\\\/hurdastopparar-og-hurdahaldarar\\\/product\\\/frost-hurdarstoppari-golf-stor-rydfritt-stal-n1987-1-nova2\\\/#primaryimage\",\"url\":\"https:\\\/\\\/velarogverkfaeri.is\\\/wp-content\\\/uploads\\\/2025\\\/10\\\/eb61c799-87e3-4fa7-b55b-bec3c645689e-scaled.png\",\"contentUrl\":\"https:\\\/\\\/velarogverkfaeri.is\\\/wp-content\\\/uploads\\\/2025\\\/10\\\/eb61c799-87e3-4fa7-b55b-bec3c645689e-scaled.png\",\"width\":2417,\"height\":2560},{\"@type\":\"BreadcrumbList\",\"@id\":\"https:\\\/\\\/velarogverkfaeri.is\\\/lykillausnir\\\/hurdabunadur-lykillausnir\\\/hurdastopparar-og-hurdahaldarar\\\/product\\\/frost-hurdarstoppari-golf-stor-rydfritt-stal-n1987-1-nova2\\\/#breadcrumb\",\"itemListElement\":[{\"@type\":\"ListItem\",\"position\":1,\"name\":\"Home\",\"item\":\"https:\\\/\\\/velarogverkfaeri.is\\\/\"},{\"@type\":\"ListItem\",\"position\":2,\"name\":\"Vefverslun\",\"item\":\"https:\\\/\\\/velarogverkfaeri.is\\\/vefverslun\\\/\"},{\"@type\":\"ListItem\",\"position\":3,\"name\":\"FROST Hur\u00f0arstoppari g\u00f3lf st\u00f3r ry\u00f0fr\u00edtt st\u00e1l N1987-1 NOVA2\"}]},{\"@type\":\"WebSite\",\"@id\":\"https:\\\/\\\/velarogverkfaeri.is\\\/en\\\/#website\",\"url\":\"https:\\\/\\\/velarogverkfaeri.is\\\/en\\\/\",\"name\":\"V\u00e9lar & Verkf\u00e6ri\",\"description\":\"Umbo\u00f0s- og heildverslun fr\u00e1 \u00e1rinu 1919\",\"publisher\":{\"@id\":\"https:\\\/\\\/velarogverkfaeri.is\\\/en\\\/#organization\"},\"potentialAction\":[{\"@type\":\"SearchAction\",\"target\":{\"@type\":\"EntryPoint\",\"urlTemplate\":\"https:\\\/\\\/velarogverkfaeri.is\\\/en\\\/?s={search_term_string}\"},\"query-input\":{\"@type\":\"PropertyValueSpecification\",\"valueRequired\":true,\"valueName\":\"search_term_string\"}}],\"inLanguage\":\"en-US\"},{\"@type\":\"Organization\",\"@id\":\"https:\\\/\\\/velarogverkfaeri.is\\\/en\\\/#organization\",\"name\":\"V\u00e9lar & Verkf\u00e6ri\",\"url\":\"https:\\\/\\\/velarogverkfaeri.is\\\/en\\\/\",\"logo\":{\"@type\":\"ImageObject\",\"inLanguage\":\"en-US\",\"@id\":\"https:\\\/\\\/velarogverkfaeri.is\\\/en\\\/#\\\/schema\\\/logo\\\/image\\\/\",\"url\":\"https:\\\/\\\/velarogverkfaeri.is\\\/wp-content\\\/uploads\\\/2021\\\/10\\\/vv_logo_350x100.png\",\"contentUrl\":\"https:\\\/\\\/velarogverkfaeri.is\\\/wp-content\\\/uploads\\\/2021\\\/10\\\/vv_logo_350x100.png\",\"width\":350,\"height\":100,\"caption\":\"V\u00e9lar & Verkf\u00e6ri\"},\"image\":{\"@id\":\"https:\\\/\\\/velarogverkfaeri.is\\\/en\\\/#\\\/schema\\\/logo\\\/image\\\/\"},\"sameAs\":[\"https:\\\/\\\/www.facebook.com\\\/VelarOgVerkfaeri\"]}]}<\/script>\n<!-- \/ Yoast SEO plugin. -->","yoast_head_json":{"title":"FROST Hur\u00f0arstoppari g\u00f3lf st\u00f3r ry\u00f0fr\u00edtt st\u00e1l N1987-1 NOVA2 - V\u00e9lar &amp; Verkf\u00e6ri","robots":{"index":"index","follow":"follow","max-snippet":"max-snippet:-1","max-image-preview":"max-image-preview:large","max-video-preview":"max-video-preview:-1"},"canonical":"https:\/\/velarogverkfaeri.is\/en\/lykillausnir\/hurdabunadur-lykillausnir\/hurdastopparar-og-hurdahaldarar\/product\/frost-hurdarstoppari-golf-stor-rydfritt-stal-n1987-1-nova2\/","og_locale":"en_US","og_type":"article","og_title":"FROST Hur\u00f0arstoppari g\u00f3lf st\u00f3r ry\u00f0fr\u00edtt st\u00e1l N1987-1 NOVA2 - V\u00e9lar &amp; Verkf\u00e6ri","og_description":"Hur\u00f0astopparinn er fr\u00edstandandi og m\u00e1 setja hvar sem er. Hur\u00f0astoppari er hagn\u00fdt og nytsamleg vara sem gegnir mikilv\u00e6gu hlutverki \u00ed daglegu l\u00edfi. Hann er hanna\u00f0ur til a\u00f0 koma \u00ed veg fyrir a\u00f0 hur\u00f0ir skelli og til a\u00f0 vernda veggi, h\u00fasg\u00f6gn og g\u00f3lf fyrir skemmdum. \u00c1 sama t\u00edma er hann f\u00e1gu\u00f0 og st\u00edlhrein vi\u00f0b\u00f3t \u00ed innanh\u00fassh\u00f6nnun [&hellip;]","og_url":"https:\/\/velarogverkfaeri.is\/en\/lykillausnir\/hurdabunadur-lykillausnir\/hurdastopparar-og-hurdahaldarar\/product\/frost-hurdarstoppari-golf-stor-rydfritt-stal-n1987-1-nova2\/","og_site_name":"V\u00e9lar &amp; Verkf\u00e6ri","article_publisher":"https:\/\/www.facebook.com\/VelarOgVerkfaeri","article_modified_time":"2026-02-17T11:33:47+00:00","twitter_card":"summary_large_image","schema":{"@context":"https:\/\/schema.org","@graph":[{"@type":"WebPage","@id":"https:\/\/velarogverkfaeri.is\/lykillausnir\/hurdabunadur-lykillausnir\/hurdastopparar-og-hurdahaldarar\/product\/frost-hurdarstoppari-golf-stor-rydfritt-stal-n1987-1-nova2\/","url":"https:\/\/velarogverkfaeri.is\/lykillausnir\/hurdabunadur-lykillausnir\/hurdastopparar-og-hurdahaldarar\/product\/frost-hurdarstoppari-golf-stor-rydfritt-stal-n1987-1-nova2\/","name":"FROST Hur\u00f0arstoppari g\u00f3lf st\u00f3r ry\u00f0fr\u00edtt st\u00e1l N1987-1 NOVA2 - V\u00e9lar &amp; Verkf\u00e6ri","isPartOf":{"@id":"https:\/\/velarogverkfaeri.is\/en\/#website"},"primaryImageOfPage":{"@id":"https:\/\/velarogverkfaeri.is\/lykillausnir\/hurdabunadur-lykillausnir\/hurdastopparar-og-hurdahaldarar\/product\/frost-hurdarstoppari-golf-stor-rydfritt-stal-n1987-1-nova2\/#primaryimage"},"image":{"@id":"https:\/\/velarogverkfaeri.is\/lykillausnir\/hurdabunadur-lykillausnir\/hurdastopparar-og-hurdahaldarar\/product\/frost-hurdarstoppari-golf-stor-rydfritt-stal-n1987-1-nova2\/#primaryimage"},"thumbnailUrl":"https:\/\/velarogverkfaeri.is\/wp-content\/uploads\/2025\/10\/eb61c799-87e3-4fa7-b55b-bec3c645689e-scaled.png","datePublished":"2025-03-21T08:56:13+00:00","dateModified":"2026-02-17T11:33:47+00:00","breadcrumb":{"@id":"https:\/\/velarogverkfaeri.is\/lykillausnir\/hurdabunadur-lykillausnir\/hurdastopparar-og-hurdahaldarar\/product\/frost-hurdarstoppari-golf-stor-rydfritt-stal-n1987-1-nova2\/#breadcrumb"},"inLanguage":"en-US","potentialAction":[{"@type":"ReadAction","target":["https:\/\/velarogverkfaeri.is\/lykillausnir\/hurdabunadur-lykillausnir\/hurdastopparar-og-hurdahaldarar\/product\/frost-hurdarstoppari-golf-stor-rydfritt-stal-n1987-1-nova2\/"]}]},{"@type":"ImageObject","inLanguage":"en-US","@id":"https:\/\/velarogverkfaeri.is\/lykillausnir\/hurdabunadur-lykillausnir\/hurdastopparar-og-hurdahaldarar\/product\/frost-hurdarstoppari-golf-stor-rydfritt-stal-n1987-1-nova2\/#primaryimage","url":"https:\/\/velarogverkfaeri.is\/wp-content\/uploads\/2025\/10\/eb61c799-87e3-4fa7-b55b-bec3c645689e-scaled.png","contentUrl":"https:\/\/velarogverkfaeri.is\/wp-content\/uploads\/2025\/10\/eb61c799-87e3-4fa7-b55b-bec3c645689e-scaled.png","width":2417,"height":2560},{"@type":"BreadcrumbList","@id":"https:\/\/velarogverkfaeri.is\/lykillausnir\/hurdabunadur-lykillausnir\/hurdastopparar-og-hurdahaldarar\/product\/frost-hurdarstoppari-golf-stor-rydfritt-stal-n1987-1-nova2\/#breadcrumb","itemListElement":[{"@type":"ListItem","position":1,"name":"Home","item":"https:\/\/velarogverkfaeri.is\/"},{"@type":"ListItem","position":2,"name":"Vefverslun","item":"https:\/\/velarogverkfaeri.is\/vefverslun\/"},{"@type":"ListItem","position":3,"name":"FROST Hur\u00f0arstoppari g\u00f3lf st\u00f3r ry\u00f0fr\u00edtt st\u00e1l N1987-1 NOVA2"}]},{"@type":"WebSite","@id":"https:\/\/velarogverkfaeri.is\/en\/#website","url":"https:\/\/velarogverkfaeri.is\/en\/","name":"V\u00e9lar & Verkf\u00e6ri","description":"Umbo\u00f0s- og heildverslun fr\u00e1 \u00e1rinu 1919","publisher":{"@id":"https:\/\/velarogverkfaeri.is\/en\/#organization"},"potentialAction":[{"@type":"SearchAction","target":{"@type":"EntryPoint","urlTemplate":"https:\/\/velarogverkfaeri.is\/en\/?s={search_term_string}"},"query-input":{"@type":"PropertyValueSpecification","valueRequired":true,"valueName":"search_term_string"}}],"inLanguage":"en-US"},{"@type":"Organization","@id":"https:\/\/velarogverkfaeri.is\/en\/#organization","name":"V\u00e9lar & Verkf\u00e6ri","url":"https:\/\/velarogverkfaeri.is\/en\/","logo":{"@type":"ImageObject","inLanguage":"en-US","@id":"https:\/\/velarogverkfaeri.is\/en\/#\/schema\/logo\/image\/","url":"https:\/\/velarogverkfaeri.is\/wp-content\/uploads\/2021\/10\/vv_logo_350x100.png","contentUrl":"https:\/\/velarogverkfaeri.is\/wp-content\/uploads\/2021\/10\/vv_logo_350x100.png","width":350,"height":100,"caption":"V\u00e9lar & Verkf\u00e6ri"},"image":{"@id":"https:\/\/velarogverkfaeri.is\/en\/#\/schema\/logo\/image\/"},"sameAs":["https:\/\/www.facebook.com\/VelarOgVerkfaeri"]}]}},"_links":{"self":[{"href":"https:\/\/velarogverkfaeri.is\/en\/wp-json\/wp\/v2\/product\/71168","targetHints":{"allow":["GET"]}}],"collection":[{"href":"https:\/\/velarogverkfaeri.is\/en\/wp-json\/wp\/v2\/product"}],"about":[{"href":"https:\/\/velarogverkfaeri.is\/en\/wp-json\/wp\/v2\/types\/product"}],"replies":[{"embeddable":true,"href":"https:\/\/velarogverkfaeri.is\/en\/wp-json\/wp\/v2\/comments?post=71168"}],"wp:featuredmedia":[{"embeddable":true,"href":"https:\/\/velarogverkfaeri.is\/en\/wp-json\/wp\/v2\/media\/76454"}],"wp:attachment":[{"href":"https:\/\/velarogverkfaeri.is\/en\/wp-json\/wp\/v2\/media?parent=71168"}],"wp:term":[{"taxonomy":"product_brand","embeddable":true,"href":"https:\/\/velarogverkfaeri.is\/en\/wp-json\/wp\/v2\/product_brand?post=71168"},{"taxonomy":"product_cat","embeddable":true,"href":"https:\/\/velarogverkfaeri.is\/en\/wp-json\/wp\/v2\/product_cat?post=71168"},{"taxonomy":"product_tag","embeddable":true,"href":"https:\/\/velarogverkfaeri.is\/en\/wp-json\/wp\/v2\/product_tag?post=71168"}],"curies":[{"name":"wp","href":"https:\/\/api.w.org\/{rel}","templated":true}]}}