{"id":71161,"date":"2025-03-20T14:56:09","date_gmt":"2025-03-20T14:56:09","guid":{"rendered":"https:\/\/velarogverkfaeri.is\/?post_type=product&#038;p=71161"},"modified":"2026-03-04T14:16:42","modified_gmt":"2026-03-04T14:16:42","slug":"starrett-smidavinkill-300mm","status":"publish","type":"product","link":"https:\/\/velarogverkfaeri.is\/en\/verkfaeralausnir\/maelitaeki\/vinklar\/product\/starrett-smidavinkill-300mm\/","title":{"rendered":"Starrett Sm\u00ed\u00f0avinkill 300mm"},"content":{"rendered":"<p><img decoding=\"async\" src=\"data:image\/png;base64,iVBORw0KGgoAAAANSUhEUgAAAOMAAACLCAYAAACTKS57AAAAAXNSR0IArs4c6QAAAARnQU1BAACxjwv8YQUAAAAJcEhZcwAADsMAAA7DAcdvqGQAACusSURBVHhe7Z0PTFRX3ve\/+7aZxidDfDPGhkkb2d04bdOxTST7xqlPRbYiG2GMjK0Fa8FdgbbAdgFX0TVAu4LG4rMC3QdxF8eNUCO0WcAImEWMOG4VsnVILDQtY6xD2o7RQGqY1DCRnPece88Md4aZYRgQBj2f5Cpnzv1zzrn3d8\/v3Ht+3\/szQoFAIJh3\/g\/\/XyAQzDPCGAWCCEEYo0AQIQhjFAgiBGGMAkGEIIxRIIgQhDEKBBGCMEaBIEKIQGPsQXlWExw8NT0caMoqp3tY4NxtQV5iNaw8GZQr5chuDK+1ZoK1MhF5zSM8FYxH5JxMYvbrNcfGyCoQj\/j4iSVxUx7Kz9nh4mvMD3K5SrsDl8JaaUT8wRCb\/vsmZIe6rj+WmlDTmY9YnpwVnANoKtkO4zq53Y0ZO2HudfJMyjTLHFvYiZrNGp5aODgas1F+hScijHnoGRNwqLsb3Xxp+0cmtK2FMH\/Fs+cLrRa2M+3we6+\/b0HrZUDNkwsPerP5YwkGVu9H4zm53Zv\/8jZwIgPVX\/JVBPNOWMbY39+PNWvW4Gc\/+5n0P0uHi0oTC1OSFtYB\/67WyOVq5G1KlHtSYzZq+xR3czhhrcmW7\/aJW1HaaPU2JpcdLSVbkci2Zfltdp7hh0VJeHNZB1pu8LSCkc5WwGiClqcZgcrF7rzx22ph69xL87LR9L30M3CvB7Xv0t51Uj2YW94AS9tebKb1kF1Ob1fd+VUTSjP4tsHqMe6Ca5z\/7YUdtvFU5GyIgVol\/6JaGovMncno+VdPwDIHa3tlD9NzkG7zlXWiflv2on1IzpuMC\/YzpdiaSNeLT8TWknbY3WUeH4Glkp9PKa8JA+5DBsvzQWqvbRPlrr7MrgrZ+9l6zIauffR3Zfv21iLbyPZLPYZ3a2FV7jfgeXsIsIni0+XVV19lk8s9C0uHxg+kMbOMXOUpxtjwNXL893tI2x3+A80ty2yka1Jsx0nGO\/VkcHRMyhkbvkTK3ighl36SkmS0q4SYPmgjt1j6wRgZbN1DTGvd+x8l5z\/IIFWfDxNp659ukTaWvi5l+kDLdYAekx4v68g1\/pubQXL8nSpyzd5Isg7wkk9RLvKdYl3GA7oPWsdmm3t9ZZ1pfV9bT3L\/3k9GH0jZFEUb\/HSJlLxRRi7dkbclPw2S+ncyyHGbnCSfl5Gs09Ka5NqR9STrU\/lvb2j93skix6+P8rQffMs8RR1\/OJ1Fyj6X\/756IJmYfltG2uzyuqOWMmIqaCPDUsr7nLNzllF9lQyzVek5u9XB0v1S3vDZQpJVy9uB5Z0tIWn8fATL86afVL1VQtq+m2jro5m5pJlfX8pyS3x9nOQWNZNBqV5jZNjK0rzsQc\/b5Gt5poTVM\/773\/\/mf8n4poPThb3sLsOXxM3lcLxehOSlPFvJ8kyc\/Fs6dPx2rtLEIWGlAw6p+xvBpbZhpOclI2YRTT6hgm5TDky\/YHmU79vRsTgf+as1kLZeFIPkHQnopz2BX1ivstyEpKFWWO7z3xh9HehZlYTYJ3iaEbRcfuild\/GEIpiWu9envdKbarR283vzomRk7tBDrTyGm0Vx2P9ZMeKW8i5tkQ4Jv1bBcUdOKmHjuLotyv7bjRapfymA+lPas9AxeumJFliHphilT7OOsdn0HC6T11WvSYfpxz4MSiklDrS3LUF+ngEatio9ZzEbMpFwnbYxTY7dH8WSZ2nvzdqB5RmLUbdjBdswaJ43o7Tv1eLnvL1YW+f89SOsXywlJ9HzzwEk7DJBx64heqVoVmYiVd2K87dpcqrzNsuEZYy0J+R\/yfimg+M9Zuw+V4mV3YXU5fHf\/Tt7zdjpdtHosreTZ2AMzp9+Dq2XEaugcl\/QdhusZ3Z6tpOWDDNsga5Bu51eKhokbwJaO91XnAuWM3YkbdTx9ASByzUZx5Ad1srN3mUp6aI3AL5CdDS0\/gyR4\/q2HeW5RtndpgtztaaNWo\/UstNoayxD+i9duFCZBuP75oCuHiP0Omqhi5EvWBnFefCCust9LdjJHyLJy3aYb4xJudoNBdBdSEOicTPySsxo\/8YJ1WJ5v8HyvDHQG9swyo2JMP5uJw439tCjqj3uuTcO2G9aUb1FWZ54lF6gWfTcTHneZhveQ06LL7\/80uOqsv9ZOjQCdO3DbaTQ49b4uKnpFeTSzVHZ1aRcPZBFGr9jf90i9b+vok6JEsX+Fe7b1Ci2e0DdnN8fp84p5U4zKfzgknxspRsXtFwUH5dvkmvkhaK+Hnzd1D2k0Urdbe7Geu1vWvX0ZvRiGcn4X96C\/tzUIHX0dlMVdZdQnmfl3\/7qOpmx0R\/I4MVGUvbb5Elud7A8L6grO3rzGmn+30JieqOCXPXjXnuXbTLBz1vwbcMhrJ5xxYoVuHz5MjNk6X+Wfhg4vuiBLns34n6hll1NysQDiihonhzE4F2e9OVpLVwDA5j2cPsJPdITbOjoA2xnOxCzKc5zbDfByzWZJdFa2AbC6M0YfRbYU3KQupK627y3cVGXelpcKcf2U5Mf+qh1OqjujfKUN9OtY2gsgXZ8IGBv7LrnlF5xqdS0p41PRfHxIsT8yyI9aAmW54XLCScbZlBXVv2LWJjyjqAypR9d9HxOhpbnWRsGvuFJH2Z03sJgHl5t+HDfjvaPzcC6V6iT6I12WQysne1wsLNAL0D7uXJUdct5oGuv37QEDTXK\/Fo0uZ+G0vHfm84KFNZZMeLO765FwxcsERxNYhJGz5SjqdeApJX8RwXBy0VhRuOgbi+\/eFVrUhF7bg9K2ftU9ptrBNZGM7rYuGQqYqjBXOzAwD2WcGGkz4yKk9N8mroyAStaS3G42w4nr75rxIqmj5sQ9fJz8g8+ZZ6yjmGhg+l1Jyr+aIZVOim0HEMW1J6ySobWfyIbez+z8Tq44OjsgvVZLTWZ4Hle3DuPPVnV6OH7x70BdFlofZ6Wk6yeju\/dJqxC3OuxaP9TKdr5GFpql7ouychndN7CYB6M0fsBTvyWUvS+UIb9Rj8vkFcXoDi6Fdkb6HqJm1H+dRyKd9Ae66acrYovQvFSZf4qmFbJecxYkz+qQ9JQNTLc+X16JK\/0O3jwZlEckhb3wJFEB\/b8Jy+mKBei1yP16SZspWOjw700TXvb\/H8UQXs2T340b8xDKx3bGKLl1YPyDO0FUhwol8Y1RuQ1q5FbmADbt5MN0voxy\/fzcGGRAbtpT7LsQinS3I\/wf0fHz6sV7e5b5qnqGCYa4yHUJdlRnSG\/eth8oA\/6xFip943NO4Q118uxWXrtYcTOK3qU7ZI9k2B5Xiw14aM\/qNDwOz7W3VYF59uVyFwuZ2tpr6r9dCvi1x2WZ8+8lI\/6PVp0vC+vb3y\/Ffhvg\/waaybnLQyEBo5AECHMv5sqEAgkhDEKBBGCMEaBIEIQxigQRAjCGAWCCEEYo0AQIQhjFAgihAg0xsdbdkOKDXTHQD7ujNvRftAMK59MEz70mnq3CT1SDKYL1vpqdAWaRjmPzLExRrLsxvwY8awZnxR8mwejNEOFBclWw6K84CTZDXegtRF5NVbvebt3Laj2BNFuDx6IPUcMHKuF8+1MxLJpNuMujHxjQVNNKfLoNTOpzZjhBqrfXQdGdDHQjqsQFaVC7LYUOP6nGgP+pg7OI\/PQM0ao7MYCx3ayEA3qTNS3sXbtRP17ajQUmSFPc3ah5+MSdL2wH20XaH5bHZLullODc4eK0ZvRn6owurUeney8nCpCzNnC+ZXkuGFGgyoTqcvkpKN5L\/b80wFtQgFSV\/neup3o+rAUNzbUoI2V\/0yNVL\/yc3L9HN0D0G9cAostDikv0h+eiEF6GmD+LDz\/62ERljE+krIbwQiynyklJ5wTeYnbStF0wcyFn6jrRH\/b22lD7Ta6nVIM6l7g\/blc\/nyIEQw\/+SaKsmPloF2wINkkJDzhwDBLjlvRZUtG0TadHPmh0iI5Lx1jF67K7fW9BV3PFqAoXiPP9VysR+Z7a9FzcYClZImNc4qelZ8H17ctHnkLVreJcspSIlZ67mQ5Cy6v4XKix32+1hmR7ds7KxjoGMDKpImZwdotR1C3LxVxz\/MyKmGB5BrfQHITHH1yeLN2SzEyn9ch\/cNUxPDIF7pz6C9+CrmGEQKbmzpd3LGM7oWlQ2NyDFjEyG4EjE0Lvp\/gkhPDpK3AREo6fuDbDpLGgmSyVhE36BsLGHR\/d5pJ7msVU8fQ0bYY\/ryKFB6+SktP8Y1VlGCSEjxu019M5E\/nSUnxeancLK4v2bSH1LvlJ27WkyxTGskoOk6uSfoZ9HhdtJzu2E92DpOTScaBS1xeY5RcOmAiaW\/l0ra4JcdlMvmQzLQJ+RAvFGXzg2+bkTuD5BpvLw9WWv8p4jz7q7PI8a95IgIIq2d8JGU3AhHCfgJKTtw+j9YH6SjYoOXb6pBaSO\/O7O8gBNwfk3C8sBsGKccfcm8bvy4RaZ9FIyfPEETRTg31fd5z+mORGirHsCc\/ZnsR0t3yE79IR\/pKIG4HHc9JXTHtideZsPY7GyZ8hvXI3xPH5TXUiHvbBNUvTSjeECP3zrQtklO0sNv99PQjgxh4Wuc\/YsYfS3WI5e0lQcePTY2jSDH6kyCZQKenx\/9ufp9WKAnLGH1lNnzTwYlQ2Y1ATLmfIJIT9iE4X17hHadJbxrKtScTqoSFPwwoZm16oRONGU5UFYX7VHoy2qXeIW4qamBqL0vXIJoezWPcvlIirN7MwHmSodFo4Ljr53Zw34lRun54UFe4shxDmwoQN4W2pmqRyv\/x54mwjLG2ttZjgOx\/lg4b1tP84U2MfHbJe7zHoIP4vJoRpPy5UX6wQJdDiTwPLrhUKkTxlD90752eMHr3si9wvxKImexH\/V\/hXlQzgF7IkrDS012wBHxS64RzkZ\/gXDfUIFzaJYHzIxJqiAfz0LW6ErtXLzyV27CM8ZGW3fBlJvvRvYioHp+HSg8FK2p3tQTuBZ+JwXO0Dl4CEnf7YX0yWja2X1KHkOZ7OQ1f0\/WXcvd6rqE9aNT4dF0YJ6wfl+LymhoUh2iIrvsuRKmf4qn5JyxjnFUiUHbDi5nsR\/MK1j3ZgKpzDvlCZ3Wta\/I2CtUwhqYxbvH\/NHUF9OoGVLOnyVK2LM\/RcNOA2GdY2oCkVe2oqKM3FUk+woH2mgY85W7z6PVIcR5Fubuc9wZgPnYJhl\/rWWru0fwcMXR4ELr6DD0np8rRoS\/G7jWh94j2m8PQ63yvuvljHowxUmU3fMrFFmkm0AzkO9i2ZcXQtmZLrwQS06pxe9V6rwcTho0m9JckIv7dEMZ3d1tQuKHaz+QEFeL21SDJYUaG9CrBiIw6J9IrMj3H0r9XSetQLqmWs1cTHUuLFW1Oy\/lhkaec8dsqYN9YifyXePaco8ca\/QCsIU+GsKKhrgddZT6yikpF90nYYPniORie58kIQMhuzDXfmLH1rB6nd01\/7PpYccOMvRfjcCg75Geq0+PLauT9Jwk1Ox7S\/sNg\/t3URxoXrCeqPcpjkvt3pB2G3whDnJLl6dR1NqMp4Dc7ZgB79XFahdztkWOIDGGMDxUVYjeuxI1DmyPE\/VtIqGD4Qw7Un8zGRHEl7AbZAPV7OdCH\/MpobhBuqkAQIYieUSCIEIQxCgQRgjBGgSBCEMYoEEQIj4kxKiP5F740h8TdFuQlVsPKk0G5Us4\/Tz5TZiKJMhVWVCfmoSUUOYzp1H0BMefGGFBm4vsmHnQbqciSIaXdgZ+zWyuN3kHCwZhpfVk4VWc+YnlyVrlhxlYjvdjnVJYiFvmdNTD5C6Xz5WHWfR4Rbup00GphO9Puf+L3fQtaL7MowYWP7eIA9KvttD6z+oJPMAVhGeNsym4EwvlVE0rdcYw+UheSDMRlpQDR9unJcSiZjjTHoiS8uawDLe7J6ApGOlsBo0n+lBgnkGQIK3\/8tlrYOvd6z5+81zMht+ElMSLLWFja9kpzS2WX09tlDNZeXowH+Iajm3ErOr5dg9zCFKgu98gTx\/3hr2dXuMPTl+pQDh\/kug301XLZjnhs3tcOu6fcirrPejnmj7CMMScnxxPdz\/5n6VmF9jIVH9iQ8JdmOXbwzH7ozpbCrDAC68e1uL1ZFiDq\/FsCrGVmj56J80IFyu+moIaJM507ifRFl3HejwExo+06WIohj5DRIaz6ojSIEJMKho0G9Jz1Ha3Y0NIRg5QERb9IXb3CTzQoONUm1aGzPh3DBytguU872LQ6dJ\/KgS7xEM2rQyqLrBi3wVzciujdcp0763OgOlGOdvcY6tsGNDnSUd\/Zjbo0nwj2ENrLTcBvOLrpvYDRxGRo2Dcq1V04P4P4r566Bri2n5RiUTv\/GkfPUTayj40g5a+sTTrRuEMF8wmLf4O\/3YSKtmUo\/ozW50IbCtRmVHOBqekyo3LMIWEZ48xkN7gAE7tLKRfWU\/A12MdK939WjLilPDJikQ4Jv1bBcUdOMpa8no9M9mlt+rcsA9GPfqmHmUKOQ8l0pTlYr7LchKShVsmoPPR1oGdVEmKV06uCSob4oZf2BAlFMLmlLTSxyHxTjdZubjiLkpG5Qw+1vylcIbSXm9jCTtRtCSRH4YLligpJa+T9xG6MQd\/l8K1x+lIdSmKRs8t9DmXZjuHrssDUdJlZOeaOsIxxZrIbOuSconc7dgdXLqyn4GswXN+2ozzXKLsWdNl6zDu6LWaZ9wU1IU0xhRyHkulKc9jt1DXSIHkT0NrpvkjpBXzGjqSNkycdB5YMmYxjyA5rpU8IUEkXvQHwFXxlLHyYqr1CYuQ8ejWKm8ryOGivtEwjrtCbaUt1KInWyYboZkq5ksDMqBxzSFjGOKuyG\/6gbld50WXosutlnU9qrKffC3WG\/dRyHErCkdRg33qP6eIX6d12tCJlsqBWUMkQ\/yQc9CkHXSa5pP6YUXtNMHK5A+31dDzruSFko6G3Cxa\/Lr5gtgnLGB+67EafBfaUHKQyN5TfpV3URQyNKeQ4lIQrqfGEHukJNnT0Uaf7bAdiNk3+tnxwyZDJLInWwjYQZh80o\/Zy48D57udwhBuzZzme4GeMTGHHYTo5ckqCyVjMOZFSjlkgLGN86MTooLrYgYF7LCFLSFScDNWjn0KOQ8kMJDU0iUkYPVOOpl4DkugYxJfgkiEUdhE5qNvLDZT1trHn9qCUfeqA\/eYagbXRjK7bcn5QptNetCx+bwo3OtC1bI33uJexPAkJQ5cnv3OMXoEVA01o+lZuK9cQdZNrLNLfc0qklGMWiExjfCYVxSkOlG9hrhJ7+qdGbmECbN+GZpCqoHIcSmYgqcGeNi7ugSPJ5F\/fcwrJEKY7k\/p0E7aui8fhXpqmvW3+P4qgPZsnv5Ix5lH31wBDtLx6UKbRXoGeplrPdmFFgr\/X6FrErer3885Rj8ySWFjel18PbC7uxarXE3jeXBIp5Zg5Ip5RIIgQIrNnFAgeQ4QxCgQRgjBGgSBCEMYoEEQIwhgFgghBGKNAECEIYxQIIoTHxBgfLdmNgGoJjyQsNvUwWkKYicRiFw\/38ljH2+2oPTULXyGbQ+bcGBe27Mb8GPHsGZ8LXSVslo73Un6FZzsVQbiJRuQF+eb+XDHSVoULK3Ng4jORnIqAY2OGd1Cww7EEy551AVFqPBWdjPRlLahom0FA5hwj3NTHimEMO3y+HE2X4tUsz4Wej0vQ9cJ+OfKjrQ5Jd8tROp8X830Ljn5hQI77e4vfmFFYr0ERCzju7kR9YQxa\/1grB5W7enDhfhLivu5F1Ja1YEFT6jW5WHnlKHqUsacRTFjG+NjKbgTFBfuZUmxNZHftRGwtmZCJkHq2r6wTkhpb9nrLPDgn8pgERNMFM\/cSqMtFf9vbyQOylZ7DvcD78\/8NR4YdQ0\/oEMNTXoxb0WVLRtE2nRz5odIiOS8dYxeuym0neS7tGGjkdVxnRDbrOYO0H6t3wxcWVCvqxj4C5OxV9G7v1sIaoPsdudABJCZ4dIV6\/jmApH2p0ElxjvLXmdNftspB5SoDdu+Lg3bdbuR7PpaqQXKiC60XFkjvyOamTpdXX32VzWf1LCwdKlcPZJHG73hCyXeNJOvAVfnvny6RkjfKyKU7Yzw9SOrfySDHbXLyh9NZxPTGHnLcOkzYGmM360mWqYr0y9lktKuEmD5oI7d+ookHY2SwdQ8xrS0j8t5\/II2Z7r9HyfkPMkjV5\/J+yE+3SBtLX5cyfVBuNxl2zIzqq2SY7Yge81YHS8slunogmZh+W0ba7HJ9Ri1lxFTQRoal1DBpKzCRko4feBkGSWNBMlnrbguKb5sF3d+dZpL7WoX\/cj64RMo8x\/VB2f4eBsnx3x+n\/1JYfrKJ7PlkkIw9oOmxW\/ScmEhauuI8DJ8nZaYScom1O4WVMzmdnkepUXg530ojucpzczKLpJmlI\/gwRs4Xl5DzfF8sfes\/gz5lHybNBfScsPIEYriNFBafl9s2wgmrZ3xsZTcC4kB72xLk5xkgKTnQY8ZsyETC9Q7PGDM2uwjJy+T6qNekw\/RjHyQRidvn0fogHQUb+Ce7aV1TC1P9914KAu6PyRhe2A2\/4dF3h+EY7kA5F2KSxJl6g40K1VDfV0TA03ae6DljkP52LLAmc+I8aBJginfApuil1xfS8yg1Ci+nSgfTHsW5MaZA+62d+hW+2DDwo473ggzapr\/SSe6nGyd1QXt\/lQ6Db9iXEs1z0P9on3dJjVAIyxh9ZTZ808FZwLIbAbHD1teCncwt9uxrO8w3xni+FroY+YKUUZTHPgTnyyu8LrKpJSaC7C8Y0dRQ62tw5FSn1OadR1Pg+Kgw9IdDWq1POamBRXnpV0DzNL01eaxXi2ianoCVUwW1Uk5DswQausFkyYtRjN4P0g5DdBjzGb2W0qa6bfncUCKYsIzxcZfd8MvyHJz23U93sf8eygf1fwU3vYeFalkyivO06LoSSC3OCeciLZbwVMRADTHvMJD\/P9SDCOUmtEAIyxgfe9mNSSyBdnwAA+HsSPcionqCPGCaRUbaSlHNApn98UwMnqNt4eV\/3O2H9cnoeTLGKEQtojdWnvIw1I69x1wo+kuohkhvKGxfPBXJhGWMD50FILvhDR0Hve5ExR\/NsEo7oqUesqD2lNXPWMgHzStY92QDqs455HXv29Fe1+RtFKphDH0XepkCPU3VrNSj\/4SijCNWmE\/bYFjJXH4Dkla1o6KO3pwk2Q86Dq5pwFPrXvF2TecMLZY\/aYNN+VringWHj91G+r50eHnpwaDtadfq\/asxRBiRaYwRK7vRhb3K8SVbuLK1xngIdUl2VGdw+YcDfdAnxk4x9mPQMpQVQ9uaLY2PE9OqcXvVeq+Lx7DRhP4Sut93Q\/jozN0WFG6o9j85gbZr5Q4XzL\/jrxoyauHaXoPM5XK2\/r1K2hblkmo5e7jTsbQY+43zY4qsXV6Jd6KnjycpjnMNaL\/SgDz+WsSzBJks4uq1wLUqlPMw\/wjZjUjkGzO2ntXj9K4wxq6PEuzZwUcuFHw48a5xeoygfc9RRH1YjDjlQ6MIJTJ7xscKF6wnqqWX4RL3BmA+0g7Dbx5zQ2QsikOmvgu1V8Ib1TuvmNG3JndBGCJDGOO8o0LsxpW4cWiz\/BpnWwXsGyuR\/xLPfszRbinGur7akCaKe3G7BbV961Awb2729BFuqkAQIYieUSCIEIQxCgQRgjBGgSBCEMYoEEQIj6wxPjxpCiuqE\/PQEsp0u\/lE8SntBcPdFuQlVtMWfjyZF2P0ChxeZ8T2XWb0SFPfIhHvb+ezL+rmd9bA5Ps9xlnBKQXvbnfPMDFux84TPfL0NAnfsjxkqEHHbzN7T81TwownPvSb3pQ3SBb+1ZlPW\/jxZO6NcagJhR\/0QV9YL39EtLMZ+40jqM06vGDkER4Wjs8KUfL1KuxvlEOcuj+rxNvjZmTUSMIS84KW3gDYdyj9wb5NaQ9vaozAD2EZY\/iyGy5YTnTAUH5IjshgP7FA3PjdKH79FnqvSyt5JB6sNdulF+FMMCmYDAfD3qaQg6i0eL57yJBkOtyiSxzlXTrgvlnPEL8XXTdqsZWXgwUSewtTyXIb7t7M+G41LB4XVu7JBhQiSpv3Tchx+GKnXVBqdjJi1Hwm5SKNHETc24EeP2UZOJaNah9DsdVN\/k3iXs+ETAcLKlbIlASW6QD0bybR+lkmT3gft6Kj1wCTpJ8zgX9JDf\/yIZIsx+V27GVzkKUe36fn9xLIYvIpC0vtbdqwl\/7ThclssE3dC0uHxlVS8RaXcQgGk3h4zUTKPFIUwWU4yNfHScY7x8k1Sd5hjAx\/XkUyXpuQqmAyHWWfy3+7ueqWsphq37TMZZmN5Aee8pXfGD5bSExFzWRQkofgx36jivRLUhB022QTydjvlpkYJZcOmEjhWb\/CF1I5s\/7eT0YDykj4lMV2nGQducYTjEFyPLOKXGPbf15Gsk7zNR8w+Yw9pNkm13Fs+JqUbrtDE8FkOug+yj4fI5c+KCTNbF0FYxdLSGHrsLckCD0Pucq2sLL0hMyH17qUqwfWkvW\/P076f+Q\/eNXPV46ESaLQ9EV+nh5BwuoZZyK7MbZIHdqk3xfTkeuRogguwzHwry7EvpeJWEneQQXN6nxkxst5UxKCxEdgHDjfqkJmiWlCJIkeu3hDD5q63X1JLHJ2uWUm1Ih724Th65JAxiS0aZUoiKJewWYj8krMaOnjXzEOxPI4GJi0h3udbyzoeTlh8teHe2nvnFAE03K5jipNLDLfVKO1m\/ZBwWQ6GOMqxG2KQcdZ5chxBO1ngJRE76lmTDAqYZeiLVZmIlXdivMBp7KpkbwjE\/rFPKnk+\/NoXVxA29J9DcQgOTsdrq9nX\/wsUgjLGH1lNnzToSO7L5LrRBevp38+Eg\/BZDhGnWpEe6twhCZDwZlK4iMwdtiwErE+dxfd\/zPAeZcLPUTrZEN0E1RSQw192n6cbm5G2ds6uC5UI21THsxfBXLOdDCljKCLBwzbLD1Y8Wu9nFDgGLLDWrnZ087SUtJFDY2vEAT79\/ScrEyCgbrKnk+J32hBx7IUnwnYDthvWlEthb1NLKUXaFbA4\/jKcihgPvsLOu+2esaEQ+89uo93wjLG8GU3ohB1\/7Yiqt2AYrdExcEgn36eQobDNR4F9zBr2sxI4iMAP7kwyv8MC2qwmufjkLrrCJpPpcJxqEHWBvWDZvUajHSyMZ0Nlt4VSAgwwTzhIG9nxVKX5nMHCwg1+o0OdPBPiVvP9sCw0Z9RTNZk7e6uQ+ozPFsQlLCMMXzZDT1W6S+h5UrgBwZ+mUKGY8liB24Eizum27juK4\/pgtP95HZGEh8x0D0xWW7DNmCFdul0xSqol\/C7hskqZot10KmGAxv30mQkoQs9tB7WVUm0hSezhLoNtoFQe3v\/aDa8iajOdozQm1frUBJ1eXmGhyXQPmvDwDc8OVNi6A3xa5v3g6ORHjS0zawekUxYxjgTDNtTYf+Qul59I57xkOuuDS2dVmpUT8k\/+DKFDIc+KQHWY2avfDNzjzjaF1ag\/9Mm2NmZlWQ4ynH0spwXisTHUyND8raT0GL9RieOlrVweQi+\/TkDUuOn21XHIkHfgtL\/oTcHJz+YawTWxmo0Ra3Ec\/IvfspCx3T0WA0fDyA2zn+PrlqTithze1B6jo9Bpf2a0cXHcsGepnp4IhZJy3txtLIV2JTsR4qDluP1WLT\/SRYqZjBZj6a6romno9ORD3lmPVLuVaFcKUfycQVs6qnU4BYuc26MTPqh7lQ6nHUZsuI3HVds\/mMtbsfXYP+GALFnU8lwLM\/E\/o12r\/wkOvD38FImil+2II9La5ReWQXTOp43pcSHASkp\/ShNpGPazxRjWg6T26hc3ce3T0TGMSfSj+ZDP40xq4wKhsJ6FD3bhdJt7lcQGTDfXIWyMvfF778sqjVxiLmvR9zz\/AdfntAj\/x9F0J7Nk9vcmIdWui8D+35FMJkOH3QbV8FxJQYpawLcaF7KR\/0eLTrel8tvfJ8a7n8b6C1LZlryIZIcSRn0V3bCyNpi0170vlCGomnf5BYOIp7xUaCvGtl9SajbMcOxrmBemfueUTC7uOxoOGaFIYCLKlg4CGNcyLBZORvy0Jew36PwJli4CDdVIIgQRM8oEEQIwhgFgghBGKNAECEIYxQIIoRH1hgfe9kNwYJjXoxRyG7MkHEXRr6xoKmmFHmb8h7STUcw18y9MQrZjRnjaN6LPf90QJtQgNRVIc71FEQ8YRmjkN2YPdmNkcvVnrzEbaVoUsQuBpq\/rd1yBHX7UhH3PG9DL9gxG2D17DcRW0voMV1O9NRky3NTWRvVWD0SFpL8xRcWVHNZDlYONtnbv4SG4KHBXvpPFyazwTZ1LywdGkJ2w0t2Y7iNFGYe9chOjNnbSMlbXDbjP1Vk\/TvK4\/rHUw8P7JjJJOPAJSI1Bz9m2lu5pKTjFhlj+2Z1zEzz1PHqgWSSnE7bQNqAkFFLGTG9lUZyP3CXe4wMnswiaeYpz5xgBoTVMwrZDTczlN2gvdXokmWI4Q0ifWP\/b5mQokN\/lY\/Ov6V6Ih6mx3rk74mD1Bz8mKpfmmi5YuSYTVrH5BQt7IpYrPWFtA2kDQD1mnSYVDqY9rjLrYLOmALtt3Y5nEnwUAjLGH1lNnzTofOYy25EJ6Pg+QtI22DE5txSmM\/Z4FSpp1V2v0RHQ6vcBzsmvQl6jkvRaDRwuMs4Sf6Crk+3USvLrVkCjWMY7i0Es09YxihkN6YgZNkNNfQ7jqCtrRE1+QlQ95Uj4\/05FCkWRBRhGaOQ3XAzQ9mN+05IQf20N9QyzZt9J6XgYot4VfFYEpYxzgQhu6HgazOy9zTxbenW37ej67oWWu6fh6KGIXh0mHNjFLIbClbm4FD8AN82HsaiXuj\/XCRLIH5RDaNwWR8rRDyjQBAhzH3PKBAI\/CKMUSCIEIQxCgQRgjBGgSBCEMYoEEQIwhgFgghBGKNAECE8Usb4sKQ2RprzkFhp5akFzpVy7wn5gohhzo2x56A828SzJBqRV2nBiCLgNtLQbK5BZ+EcfKTT5YClMg9GFiTNZuRklKLlWzEn7nFhHnpGnw9qnqlHproBWTWBPgf6uDCC9j20Z1+cifo2uW2ay1ehr0ho3DwuhGWM4ctu+GGRBrHZBVjb3eGRsmBSFHmbEuWe05iN2j5lWIQTA41cYkOSlGiaFDUh46S98HaUX+aZzgE0lWzn82G5FIWyNx5qR+k2+ZiSdMYZhTuncO0kCY\/LdrSXbJXjHxO3Tyqf1S1vwSQ8GrtgfndCpiPgtxC\/bMAnmiJ8tCNWDgqmsGDj\/ftWoPWf\/EY1PuLdc3pJYchyG5a2vdhMj+0pu2+9An5fXzDvsLmp04XJbLBN3QtLh8rVAxOSFRMMkuNvVci\/25iERj0ZHJUlIMaGL5GyN0rIJUnWgstcfNBGfpAkJcbIrY4Smr4kyXNMSFCMkmvVGST39C2WoIyRSx+YSNnFYVl2gslIfJJFMtwyEg\/6SdUbWeT49VEpOTZ8lVS9tZZkneaiF5+Xef5mEh6mN\/aQ41a6L5oeu1lPskxVpF\/KnVy+wU8LSfJaXuc7zST3NV5PHyRpEAtPKHkwSJpPXiVMqGPQnEGyPhkkctOMkeGLZZ66S3Ibr60nuX\/vJ6OS5AeFbnv8t7Re7rKyeqUr6iWIKMIyRqUhupdQmWSMY8Pk2t\/pBX7gKr+oJjNhZD+QxncmDFPmB9JcdJRco3+517t1OldhiAFgOjv0mBI9FcR0hO1BgWXCAH2N0fdivrRfWb5c0nxH+plzi9T\/1t8NyJurB9ZO0umZGqU+D9O+4fo5bq5XkbRg9RJEFGG5qb4yG77p4HRhL3Pv3Av7Ou\/dFFTuMnhkIZy9Zux0q7XRZW8nz2AyF+N6rjfjRgvTRzmQH6+4YDuZje2frkDuFp\/PTbuoa3lwwsWL31YLt7iGY2gQK172CZAOEgIVs8xb42NCJsOOIWcsVnhpqjIJC\/7nTBmnrveJnR4lOkm5jmdJ+MptjI5C\/ayPHslslUUw64RljOHLbjB0yDmleIDT2YaafcmIcVviDTPyakaQ8udGWVeVLocSed6UUGNV5+B0ngNVjcoAYRcsBwtx+ZeZqD\/Dj3sqh5ZkApUqXN0OHxYpNG6mQcwvaWn8PVEet6GlvkeSKrGdzEPtSAr2N3by9juEIGIl0v6iFgUI2BZEHGEZY\/iyG1Pj+KIHuuzdiPvFhICSWxHALXPhjoyXGUFPfTvv5XRIej0W2nVFyLSXovyK++mGFRa7CTlpsdC4e9VxFzVRGaYEMPDFbLxHfA4vRvXAGob0v1ZPy3C5x1MmD9c78OmPUdDAAesVHTIL4xDjFvyZSh7k\/0bBYbvFE4JIZx5ebQRHuywG1s52ONh1xiUyqrrlPLfMRdVHyvwqVNyMomaqRA1DYQ6eqqtCj2SPzIgt6PhSNk7XiBXmww20H+W8mADDlVqYlfknvRzAENHglXVPoaFGWb5aNN2QcxkBn6a+9CZS7OUoPGHFCF\/FxZ6EHuxHyut6mtLS3tOKrnMO2WDvM7e7yttN9eWlJCRcn416CeaCiDNGrC5AcXQrsrlERvnXcSjeQV20m3K2xrgfZS\/0YicbN60zYu8VPcp2xU12DRcZsPvPMTCXtMAxrkVqaQochzZLYy3j+61Q5+QjwWaTDfIJPfL\/kgI7z99c0IGY3wR1AAPCyle8lJd\/w2ZUO1ZhvfsT33dbULih2vOawxtaxr\/WIfVeLTLYtqwcB\/qwqqIGqc\/Iaxj+UAzt2Wz5lcqWctyIL0Ym9QlsASdM0J70zxP1kur9m2R6JEEkImQ3AuC6UIq8kRzUbZnppWuDeVsr9Kd2w8B\/EQj8EXk947zgQMvHZli5f8hU2sqPOZESP31DdH1hRvU5uzzOHXdioK4C7auShCEKpkT0jBz28ZuKQw2wDDmhWqyH6cOPkLMypA8ReMNmyXxcgopzA3COqxGzOgf7P0xGjHilIJgCYYwCQYQg3FSBICIA\/j856vCDDpeKagAAAABJRU5ErkJggg==\" alt=\"\"><\/p>","protected":false},"excerpt":{"rendered":"<p>Tegund:&nbsp;K53M-300-S<\/p>","protected":false},"featured_media":80921,"comment_status":"closed","ping_status":"closed","template":"","meta":[],"product_brand":[],"product_cat":[590,515,1073],"product_tag":[],"class_list":{"0":"post-71161","1":"product","2":"type-product","3":"status-publish","4":"has-post-thumbnail","6":"product_cat-maelitaeki","7":"product_cat-verkfaeralausnir","8":"product_cat-vinklar","10":"first","11":"instock","12":"taxable","13":"shipping-taxable","14":"purchasable","15":"product-type-simple"},"yoast_head":"<!-- This site is optimized with the Yoast SEO plugin v27.3 - https:\/\/yoast.com\/product\/yoast-seo-wordpress\/ -->\n<title>Starrett Sm\u00ed\u00f0avinkill 300mm - V\u00e9lar &amp; Verkf\u00e6ri<\/title>\n<meta name=\"robots\" content=\"index, follow, max-snippet:-1, max-image-preview:large, max-video-preview:-1\" \/>\n<link rel=\"canonical\" href=\"https:\/\/velarogverkfaeri.is\/en\/verkfaeralausnir\/maelitaeki\/vinklar\/product\/starrett-smidavinkill-300mm\/\" \/>\n<meta property=\"og:locale\" content=\"en_US\" \/>\n<meta property=\"og:type\" content=\"article\" \/>\n<meta property=\"og:title\" content=\"Starrett Sm\u00ed\u00f0avinkill 300mm - V\u00e9lar &amp; Verkf\u00e6ri\" \/>\n<meta property=\"og:description\" content=\"Tegund:&nbsp;K53M-300-S\" \/>\n<meta property=\"og:url\" content=\"https:\/\/velarogverkfaeri.is\/en\/verkfaeralausnir\/maelitaeki\/vinklar\/product\/starrett-smidavinkill-300mm\/\" \/>\n<meta property=\"og:site_name\" content=\"V\u00e9lar &amp; Verkf\u00e6ri\" \/>\n<meta property=\"article:publisher\" content=\"https:\/\/www.facebook.com\/VelarOgVerkfaeri\" \/>\n<meta property=\"article:modified_time\" content=\"2026-03-04T14:16:42+00:00\" \/>\n<meta name=\"twitter:card\" content=\"summary_large_image\" \/>\n<script type=\"application\/ld+json\" class=\"yoast-schema-graph\">{\"@context\":\"https:\\\/\\\/schema.org\",\"@graph\":[{\"@type\":\"WebPage\",\"@id\":\"https:\\\/\\\/velarogverkfaeri.is\\\/verkfaeralausnir\\\/maelitaeki\\\/vinklar\\\/product\\\/starrett-smidavinkill-300mm\\\/\",\"url\":\"https:\\\/\\\/velarogverkfaeri.is\\\/verkfaeralausnir\\\/maelitaeki\\\/vinklar\\\/product\\\/starrett-smidavinkill-300mm\\\/\",\"name\":\"Starrett Sm\u00ed\u00f0avinkill 300mm - V\u00e9lar &amp; Verkf\u00e6ri\",\"isPartOf\":{\"@id\":\"https:\\\/\\\/velarogverkfaeri.is\\\/en\\\/#website\"},\"primaryImageOfPage\":{\"@id\":\"https:\\\/\\\/velarogverkfaeri.is\\\/verkfaeralausnir\\\/maelitaeki\\\/vinklar\\\/product\\\/starrett-smidavinkill-300mm\\\/#primaryimage\"},\"image\":{\"@id\":\"https:\\\/\\\/velarogverkfaeri.is\\\/verkfaeralausnir\\\/maelitaeki\\\/vinklar\\\/product\\\/starrett-smidavinkill-300mm\\\/#primaryimage\"},\"thumbnailUrl\":\"https:\\\/\\\/velarogverkfaeri.is\\\/wp-content\\\/uploads\\\/2026\\\/03\\\/277c900e-d36a-4282-98bf-4d63a6c0ef8e.jpg\",\"datePublished\":\"2025-03-20T14:56:09+00:00\",\"dateModified\":\"2026-03-04T14:16:42+00:00\",\"breadcrumb\":{\"@id\":\"https:\\\/\\\/velarogverkfaeri.is\\\/verkfaeralausnir\\\/maelitaeki\\\/vinklar\\\/product\\\/starrett-smidavinkill-300mm\\\/#breadcrumb\"},\"inLanguage\":\"en-US\",\"potentialAction\":[{\"@type\":\"ReadAction\",\"target\":[\"https:\\\/\\\/velarogverkfaeri.is\\\/verkfaeralausnir\\\/maelitaeki\\\/vinklar\\\/product\\\/starrett-smidavinkill-300mm\\\/\"]}]},{\"@type\":\"ImageObject\",\"inLanguage\":\"en-US\",\"@id\":\"https:\\\/\\\/velarogverkfaeri.is\\\/verkfaeralausnir\\\/maelitaeki\\\/vinklar\\\/product\\\/starrett-smidavinkill-300mm\\\/#primaryimage\",\"url\":\"https:\\\/\\\/velarogverkfaeri.is\\\/wp-content\\\/uploads\\\/2026\\\/03\\\/277c900e-d36a-4282-98bf-4d63a6c0ef8e.jpg\",\"contentUrl\":\"https:\\\/\\\/velarogverkfaeri.is\\\/wp-content\\\/uploads\\\/2026\\\/03\\\/277c900e-d36a-4282-98bf-4d63a6c0ef8e.jpg\",\"width\":2284,\"height\":2560},{\"@type\":\"BreadcrumbList\",\"@id\":\"https:\\\/\\\/velarogverkfaeri.is\\\/verkfaeralausnir\\\/maelitaeki\\\/vinklar\\\/product\\\/starrett-smidavinkill-300mm\\\/#breadcrumb\",\"itemListElement\":[{\"@type\":\"ListItem\",\"position\":1,\"name\":\"Home\",\"item\":\"https:\\\/\\\/velarogverkfaeri.is\\\/\"},{\"@type\":\"ListItem\",\"position\":2,\"name\":\"Vefverslun\",\"item\":\"https:\\\/\\\/velarogverkfaeri.is\\\/vefverslun\\\/\"},{\"@type\":\"ListItem\",\"position\":3,\"name\":\"Starrett Sm\u00ed\u00f0avinkill 300mm\"}]},{\"@type\":\"WebSite\",\"@id\":\"https:\\\/\\\/velarogverkfaeri.is\\\/en\\\/#website\",\"url\":\"https:\\\/\\\/velarogverkfaeri.is\\\/en\\\/\",\"name\":\"V\u00e9lar & Verkf\u00e6ri\",\"description\":\"Umbo\u00f0s- og heildverslun fr\u00e1 \u00e1rinu 1919\",\"publisher\":{\"@id\":\"https:\\\/\\\/velarogverkfaeri.is\\\/en\\\/#organization\"},\"potentialAction\":[{\"@type\":\"SearchAction\",\"target\":{\"@type\":\"EntryPoint\",\"urlTemplate\":\"https:\\\/\\\/velarogverkfaeri.is\\\/en\\\/?s={search_term_string}\"},\"query-input\":{\"@type\":\"PropertyValueSpecification\",\"valueRequired\":true,\"valueName\":\"search_term_string\"}}],\"inLanguage\":\"en-US\"},{\"@type\":\"Organization\",\"@id\":\"https:\\\/\\\/velarogverkfaeri.is\\\/en\\\/#organization\",\"name\":\"V\u00e9lar & Verkf\u00e6ri\",\"url\":\"https:\\\/\\\/velarogverkfaeri.is\\\/en\\\/\",\"logo\":{\"@type\":\"ImageObject\",\"inLanguage\":\"en-US\",\"@id\":\"https:\\\/\\\/velarogverkfaeri.is\\\/en\\\/#\\\/schema\\\/logo\\\/image\\\/\",\"url\":\"https:\\\/\\\/velarogverkfaeri.is\\\/wp-content\\\/uploads\\\/2021\\\/10\\\/vv_logo_350x100.png\",\"contentUrl\":\"https:\\\/\\\/velarogverkfaeri.is\\\/wp-content\\\/uploads\\\/2021\\\/10\\\/vv_logo_350x100.png\",\"width\":350,\"height\":100,\"caption\":\"V\u00e9lar & Verkf\u00e6ri\"},\"image\":{\"@id\":\"https:\\\/\\\/velarogverkfaeri.is\\\/en\\\/#\\\/schema\\\/logo\\\/image\\\/\"},\"sameAs\":[\"https:\\\/\\\/www.facebook.com\\\/VelarOgVerkfaeri\"]}]}<\/script>\n<!-- \/ Yoast SEO plugin. -->","yoast_head_json":{"title":"Starrett Sm\u00ed\u00f0avinkill 300mm - V\u00e9lar &amp; Verkf\u00e6ri","robots":{"index":"index","follow":"follow","max-snippet":"max-snippet:-1","max-image-preview":"max-image-preview:large","max-video-preview":"max-video-preview:-1"},"canonical":"https:\/\/velarogverkfaeri.is\/en\/verkfaeralausnir\/maelitaeki\/vinklar\/product\/starrett-smidavinkill-300mm\/","og_locale":"en_US","og_type":"article","og_title":"Starrett Sm\u00ed\u00f0avinkill 300mm - V\u00e9lar &amp; Verkf\u00e6ri","og_description":"Tegund:&nbsp;K53M-300-S","og_url":"https:\/\/velarogverkfaeri.is\/en\/verkfaeralausnir\/maelitaeki\/vinklar\/product\/starrett-smidavinkill-300mm\/","og_site_name":"V\u00e9lar &amp; Verkf\u00e6ri","article_publisher":"https:\/\/www.facebook.com\/VelarOgVerkfaeri","article_modified_time":"2026-03-04T14:16:42+00:00","twitter_card":"summary_large_image","schema":{"@context":"https:\/\/schema.org","@graph":[{"@type":"WebPage","@id":"https:\/\/velarogverkfaeri.is\/verkfaeralausnir\/maelitaeki\/vinklar\/product\/starrett-smidavinkill-300mm\/","url":"https:\/\/velarogverkfaeri.is\/verkfaeralausnir\/maelitaeki\/vinklar\/product\/starrett-smidavinkill-300mm\/","name":"Starrett Sm\u00ed\u00f0avinkill 300mm - V\u00e9lar &amp; Verkf\u00e6ri","isPartOf":{"@id":"https:\/\/velarogverkfaeri.is\/en\/#website"},"primaryImageOfPage":{"@id":"https:\/\/velarogverkfaeri.is\/verkfaeralausnir\/maelitaeki\/vinklar\/product\/starrett-smidavinkill-300mm\/#primaryimage"},"image":{"@id":"https:\/\/velarogverkfaeri.is\/verkfaeralausnir\/maelitaeki\/vinklar\/product\/starrett-smidavinkill-300mm\/#primaryimage"},"thumbnailUrl":"https:\/\/velarogverkfaeri.is\/wp-content\/uploads\/2026\/03\/277c900e-d36a-4282-98bf-4d63a6c0ef8e.jpg","datePublished":"2025-03-20T14:56:09+00:00","dateModified":"2026-03-04T14:16:42+00:00","breadcrumb":{"@id":"https:\/\/velarogverkfaeri.is\/verkfaeralausnir\/maelitaeki\/vinklar\/product\/starrett-smidavinkill-300mm\/#breadcrumb"},"inLanguage":"en-US","potentialAction":[{"@type":"ReadAction","target":["https:\/\/velarogverkfaeri.is\/verkfaeralausnir\/maelitaeki\/vinklar\/product\/starrett-smidavinkill-300mm\/"]}]},{"@type":"ImageObject","inLanguage":"en-US","@id":"https:\/\/velarogverkfaeri.is\/verkfaeralausnir\/maelitaeki\/vinklar\/product\/starrett-smidavinkill-300mm\/#primaryimage","url":"https:\/\/velarogverkfaeri.is\/wp-content\/uploads\/2026\/03\/277c900e-d36a-4282-98bf-4d63a6c0ef8e.jpg","contentUrl":"https:\/\/velarogverkfaeri.is\/wp-content\/uploads\/2026\/03\/277c900e-d36a-4282-98bf-4d63a6c0ef8e.jpg","width":2284,"height":2560},{"@type":"BreadcrumbList","@id":"https:\/\/velarogverkfaeri.is\/verkfaeralausnir\/maelitaeki\/vinklar\/product\/starrett-smidavinkill-300mm\/#breadcrumb","itemListElement":[{"@type":"ListItem","position":1,"name":"Home","item":"https:\/\/velarogverkfaeri.is\/"},{"@type":"ListItem","position":2,"name":"Vefverslun","item":"https:\/\/velarogverkfaeri.is\/vefverslun\/"},{"@type":"ListItem","position":3,"name":"Starrett Sm\u00ed\u00f0avinkill 300mm"}]},{"@type":"WebSite","@id":"https:\/\/velarogverkfaeri.is\/en\/#website","url":"https:\/\/velarogverkfaeri.is\/en\/","name":"V\u00e9lar & Verkf\u00e6ri","description":"Umbo\u00f0s- og heildverslun fr\u00e1 \u00e1rinu 1919","publisher":{"@id":"https:\/\/velarogverkfaeri.is\/en\/#organization"},"potentialAction":[{"@type":"SearchAction","target":{"@type":"EntryPoint","urlTemplate":"https:\/\/velarogverkfaeri.is\/en\/?s={search_term_string}"},"query-input":{"@type":"PropertyValueSpecification","valueRequired":true,"valueName":"search_term_string"}}],"inLanguage":"en-US"},{"@type":"Organization","@id":"https:\/\/velarogverkfaeri.is\/en\/#organization","name":"V\u00e9lar & Verkf\u00e6ri","url":"https:\/\/velarogverkfaeri.is\/en\/","logo":{"@type":"ImageObject","inLanguage":"en-US","@id":"https:\/\/velarogverkfaeri.is\/en\/#\/schema\/logo\/image\/","url":"https:\/\/velarogverkfaeri.is\/wp-content\/uploads\/2021\/10\/vv_logo_350x100.png","contentUrl":"https:\/\/velarogverkfaeri.is\/wp-content\/uploads\/2021\/10\/vv_logo_350x100.png","width":350,"height":100,"caption":"V\u00e9lar & Verkf\u00e6ri"},"image":{"@id":"https:\/\/velarogverkfaeri.is\/en\/#\/schema\/logo\/image\/"},"sameAs":["https:\/\/www.facebook.com\/VelarOgVerkfaeri"]}]}},"_links":{"self":[{"href":"https:\/\/velarogverkfaeri.is\/en\/wp-json\/wp\/v2\/product\/71161","targetHints":{"allow":["GET"]}}],"collection":[{"href":"https:\/\/velarogverkfaeri.is\/en\/wp-json\/wp\/v2\/product"}],"about":[{"href":"https:\/\/velarogverkfaeri.is\/en\/wp-json\/wp\/v2\/types\/product"}],"replies":[{"embeddable":true,"href":"https:\/\/velarogverkfaeri.is\/en\/wp-json\/wp\/v2\/comments?post=71161"}],"wp:featuredmedia":[{"embeddable":true,"href":"https:\/\/velarogverkfaeri.is\/en\/wp-json\/wp\/v2\/media\/80921"}],"wp:attachment":[{"href":"https:\/\/velarogverkfaeri.is\/en\/wp-json\/wp\/v2\/media?parent=71161"}],"wp:term":[{"taxonomy":"product_brand","embeddable":true,"href":"https:\/\/velarogverkfaeri.is\/en\/wp-json\/wp\/v2\/product_brand?post=71161"},{"taxonomy":"product_cat","embeddable":true,"href":"https:\/\/velarogverkfaeri.is\/en\/wp-json\/wp\/v2\/product_cat?post=71161"},{"taxonomy":"product_tag","embeddable":true,"href":"https:\/\/velarogverkfaeri.is\/en\/wp-json\/wp\/v2\/product_tag?post=71161"}],"curies":[{"name":"wp","href":"https:\/\/api.w.org\/{rel}","templated":true}]}}