{"id":71159,"date":"2025-03-20T13:41:10","date_gmt":"2025-03-20T13:41:10","guid":{"rendered":"https:\/\/velarogverkfaeri.is\/?post_type=product&#038;p=71159"},"modified":"2026-03-04T14:30:48","modified_gmt":"2026-03-04T14:30:48","slug":"starrett-kalkfylling-raud","status":"publish","type":"product","link":"https:\/\/velarogverkfaeri.is\/en\/verkfaeralausnir\/handverkfaeri\/kalklinur-og-kalk\/product\/starrett-kalkfylling-raud\/","title":{"rendered":"Starrett kalkfylling rau\u00f0"},"content":{"rendered":"<p><img decoding=\"async\" src=\"data:image\/png;base64,iVBORw0KGgoAAAANSUhEUgAAAOoAAABsCAYAAABkfS6LAAAAAXNSR0IArs4c6QAAAARnQU1BAACxjwv8YQUAAAAJcEhZcwAADsMAAA7DAcdvqGQAACOjSURBVHhe7Z0PbBNXvu+\/+7hyxZPRXgVRYXWFXyvcVjWvUqw+xeWVkLskrEjSS0wLgS0J3Tppm6RtSLdNaG8c7k0MLeFuk\/RtcHeDuyKhImm1EIQTtBAuwbTE0S2OROOKxlWLUVtXRYmKYoFigc47Z+bYGTt24hgIMT0faZI5Pmfm\/Jn5nX8z5zu\/IhQIBIJ5zf\/g\/wUCwTxGGKpAkAIIQxUIUgBhqAJBCiAMVSBIAYShCgQpgDDUXwLfd6F0t4s77jBJxuXaXYqu77ljtpyzorTTL+\/PZV7nkLtiqIEvulBXnI+srCxkrc1HRasLgZvc8zZwSxc9mtt04V27aV5ZfkMby3eTE2O3Md+Ce5e5N9QvWlBc70WG9TD6+\/vR72iHWWVHcZMLQR7k3iQb77L8hrajNN\/qDpS0eri\/QBCfpAx1eHgYq1atwq9+9SvpP3Mnxhh6PhyG6U+1yFumkn9SpcFQugdFvo9xckz+CdRkfUfrsC1fbn3yX2qB8wr3ggvWki54hmwo5f4b3u6BT2qZqB917zjhhe056hduCeXzbVnLwq\/FFksoPODvLIX1rA89li1YK7V022AbCoT9sp6zwXtiBz1uspUeO9sSjnvtc3Xo+lIOzwgmWtssZPnejtX9vTTVMoFBGyrWr41xXg9aSuzwchfLTx9Nr\/0r7qQET9XhdQcvwIAbtpfkHot0ngvhgpW56gr7Z+WXhvMrl20HnI4d2LAma7I7GTc8Zaa4IgjA06m8DvQ6Kk6Fq5Pnytq4Az2X+e+UwJfKXtgW1Dl83GcGLneh4tUO+FK9FWCvEM6Wp556ir12GN6YOzEGSMPz7eQSdykZ\/Ww\/cXj5\/rEqYqo+TEauMdcE9Wsmxc82k+EbzE3PkWcixfUOcon53xgnZ3aZSNWxUeYpMbCrhHR+xx2U8T4LKW4ZIKMT1HFjglzqZe5hye+HQyXE9GwN2e8epTHR2L5pJyUmGpfkS\/muk5TsGuAOyqiDVJn3keGfZeeEz0Esv28m51na\/ruZ5LzYSX6QvSIY2NVAUx7NCNn\/+0b59wvNxFTUTAakRNLzeg+TmmeriOMnyRmZp2tnaDluJlX2Ef6D0n+cnKw1EUvvJTLB0nRthByuNpHVoTzcoHG+UkMOe3k8o+cltxwPLdvf5pDyvw6TcamsKdOGnyGuKKTrutNBflBcB9POM1K5D+zKI6bnG4jDJ8cz7mwgpu0OIl1Vml\/Lsw3kzE+yH4un\/cVisp\/fL+SzBlJyiJe68nrRa1NDzzkwLjtTmaRa1E8\/\/ZTvyUS74\/K9D74FKvC2NIK0lWbkLWd7fpzsVsFsMUG3kLlV1K8Stetc6OoPVYsGlL2RBy3zX6BG5lYTRi+MyF5T8KPHsRiVFUaksYhp\/Np1ZmRfmGzJFj9TCXN6mpQu1YNFKEofxnC8MW4wgPHFy6BVy07VsjzU\/sWMFczxRCVO\/KUQGslnBoJjcLc1oke\/iuaGtmXHXMjZUQmjlEh63uUm1FeocbBbbkcNGRp4LvL8DzkR3FoJ7RdumjuGFx6\/EYYH6O7YGfT+XITt67RQLaDuhTqYKkzQSuEog7QVy66GaTmPJ80A8yY1uvt567kwD+YX9FCzYxnThZ8prgjodT2mxvaaPGjC16EMRdc9CPXHDKXV4Z6WelURTD8PQbqqCzNR\/0ktMpfIfiye7H9Rwf+T7IxJgPYOdg6h4P\/VwsivVSqTlKHSFpTvyUS7bw0fve3SYYgqXN3\/MSJwZVR2LNXJRhoijvHL0PMNHcHrtCsndZukbRvsX09wf0C7LNK0pJsuHkvzsP2RU9i8Lh8byutgP+5FQKWe\/hiJPuwIx0+3\/GLYrxSg6Q0jTbsfvm\/0SH+MB+WoHs+AhudZlZ6B4KBb2vd8HkRGuhGrlnngZj3NH93w6ozQMc\/rtCLRapDG9kMoysd\/2Qd30wZFWdDN0geEJrWWLoVGkZdpw88QVyT0OtzU88o3hAamPWVSRcX2dVrlkfQ8inQEv+2BtTxfHp7QbcsHkwOBKVztg7V4B8ae2X5PGCkjKUO12Wxh42T\/mTshHtBCezMYc9Jo7JwdPV9zRyyuBTHOd2fN8jIcUk7kSButabn37FBD\/8J7cDg60VqZDfWQFcWvdvGWbTp0KPtIEf8JB1rfpr2C+DWM3HrzXaStgN4\/SEerXriupuNJah2GDBUGh2h5ejxQp+vlcLR8VapF8n4csncr0sG3ts3x+wFxwycQ123huhPW6rPQlbbDcUqO\/9DLUrUUG28A6X9qhf5YM5zKMXAKk5ShrlixAmfPnmXjW+k\/cyfGw0j\/ZydcU7qVYzhzyENvRravhW6BJ3KSgeL1uKFZspi7ZsNiaG5OPV\/S0FYkwGoa2opqHslE4dsHUP2bPjhv6XGQBtqHaPdVMTnECF70IBDOsxYGnQ\/D\/U74aOspFVV6JlTnXHBRYw3ZKdRpuM87Qks0NouXamhZTtMaRTFt+BniikS+rt7r3CkxBld7j2KSLA60q+8rKEMhG57wVjZIK4m4PFGAvAf1MP+bDl1vdYUnDlOZpAw1edKQs\/lhdG23oucyL2hprFaDDu0m5Eh3nwY5Twewr+EIv6hBjA3Z0XjciMKs6ZofBapRXP4udCHpuOmZABr\/aKfdRPm34GUnbB+5Y7bsU2A3ht8Hf+hiX7SjtKYrfMMFv+9B3wUNNLz\/l\/CsbxTGpw3o2dUCVziNtKvXGsDWgsmWQ\/9EGnrbPNCm89ZvoRHGBV3ouk6HCjx+pOWgYHEHmo\/75fxd96GnjaZX8qRFs6oQhuM1qDvuozc7\/YGVf6cdfT\/K\/tFMG36GuCKRr2vznh74WWBqaL7jzWj8ZlGcMa0CrQ6q073wXGUOfj8cSGDWd1khajOdaPwkwRniecwcGyq98Blvor1Oh8G3QtP9FTi4wIz2KjZWk0nLfxdNK4dg3cjGI2tR\/EEARfsqoZ9xHChjfNqEYctaZL0kd0nZ+dpyfWgplh99bNg1BP1aQ5yxVBRLc1B4fxe20DHu3kHqTi\/Du1kenrYs5FcPQv8f1chkY6\/PW5CfUDc4Bv+7Eu0VKnT8QS6X\/LfYeeuRt4T7M+i4VHtVC+Mj3E1zYHj8PowtNVAzCKFC5hu10HSXyuO5jVZ8nWGa7OYv0KPyb9XQHKtAPhu30\/Lvpr7Gpdw\/mmnDzxBXFGn59Wh4dBCvs0dba\/Kx45weDW\/QXgH3j8sD1OAK\/LzM81FxWI3yqmx4v53ZADUb96DQW4cW2utIZYTCg0CQAsx5iyoQCGaPMFSBIAUQhioQpADCUAWCFEAYqkCQAghDFQhSAGGoAkEKIAxVcGe4JWUMP7pKrHx1k7z+OKmXSO4h5thQ2QVgb5cotvxtqOv0YN6+O33OGpneqM16jocTCO4gd6FFjZQkOdFZj4yLFlSF1ATmGytrw2nt7z+EsuWR6a9dycMJBHeQpAw1eSmWqajUWuTVlENz2hnu3kwnuzGddIpMAO7WUvm9VHZsZx\/sL4W6UZSgD0fCx0ZJegRjL8FLBCajEpJnyX\/JBncoSVIXsGdSgmRNPkpb3QhMkw4mztZxtgd1z4VkWazoC0vRUKRjt8l5ZOdTiqTx+Nyt26RzSy1+wIOuUPgoKZop4f+rBztePRK5IuZ6H+qif+MoZWkiJXMYQfgck9Ir21i+uQ9ujsHZVIF8yS+qzKaDLQj\/gxVO6QX9XxDsXd\/ZwqRX2KGhjbkT4wfSaY4hSXLtJLGEJExmkN2YSTolWu5j5OMqkrc6FOc4ObmzmDR\/Jh9Lrl0iDua+wByj5PArq0mji+3HI076L+4n5UrpGDdzcxkRJg2SZyI1B0dkuZKJSzQ\/JrK5SJGH0ZOkwWQhZ6TjmSzJapLzyn4u90LPd7qBmH6\/n8jCK6PEsZ2erzt0vlEy0FJMTFxaRorvtybS0PuDnEf698xO6j5N42LhWZkcLCHFIRmXmOGryGEuAcOY6LOQ8u5JqZswTD7mRUU6ab5LnufpZOc10XT+9bwsgcPzLZc1ISP2YlJCy2RcipTnkcuyRJbzAGkw83tj\/Dxpfr6cdPokj18USRmq0khDW2LEuNElY4nUPIqGGWfDZ5P7YX0czpn6kF4QPf+L5RE3GSH0BmG6OWyX3jxV752Xfg3jo4a+d4rpxSG2oQ7siryxGVKa\/HSH3bCvHJaNNoSzgWz+66TeEWO4pYTsvyjvD+wqJu0RN+MEOVnLf2Pno5VApAwQ016ykJPM0GPFFw0LE9IVihF+4rRFUcYs7iriiHFCls6wbhFnoMUi6ymx84YMLATNd\/S1m0RhkBHlzH+\/cYl0vvLLNFJGUl3faOmVaPf0REuSVOHsow2ozw8tqKQdphlkN+JLp\/hwOWDACuXSMCgkPXxeuI++Phk324rt8N7SCigmo+JGC1\/2FtrqTlGvUPdSEy1XAqgXRWqEpN1Pz8SVZiLSLKGCXq+C7zu6S\/OAdAMij9bBmBHAaKhvGh0f7Sr37J7sZkrKitxLIiq8alUBVgzyoch1J5yBNZKiRCQs3zroJZ2rSYyvKZbmPaRVLL+jKPN0MwDXh6+HlSazsnbQOyMON72wl29D16PlKFzGf\/uFkZShJi3FIqGcjHGgduUi6NL1kzfebGU3olkYT7NHRvfyofBEUHh7OzlRlkmiNHulrQ2FTGxsjhgPxhOqCcK5m1aGD5nRfpSn7aMyWV8pHgsMWLWsD71f06PPORFY82Sk4d8GvAcqYBsrQH3nCV5e79JSjMNlLxbR61b+YzM6FBKivySSMtQVSUuxRKNG9mub4P2z4jnZbGU3IngYjy1ywR0xoaHgfo2kL3R7HwUthuY3U2VUbo2grKYQJgiPJwjtb+iulprYlDzQ+Ic0WBzTmtxw+kwo22xAWkhYjJbnTCVqyDXC4\/TA2Q\/krol1Yi4fE6Vz5XV0wDWjNosf7nM6mKsyoVXzanW6a\/xgLjala5BdY4ZvpxWu23sBU4K78HgmiiV5KDP2YW9IPDpZ2Q2JNDy55j50tCrlPmzoCt1My03YFGhEVZsbkuIJ8++3oeNzfpMkNeurQuYzBvS8VReWlwmOudHV1jdZ+cwaH460TkrR+I9bsc+fi2zW7XsgBwWBfbAe9U5KozDZ0YxCZEco\/IVgWkVO9H4h390sbfa9HTSGGXgkE\/qvGtGxIFNWr4iBJB+z1x55rf4ejFNhKGFG7kafUsJld3P8rm8ItRHVL98H2\/uu+fvc\/Q5x9w2Vot1cDf2xfbJi3C3IbjCY3Eftkm6UrqPHr9uAFn8GcsLjqDTk7WlD7uUWFDP\/tRtgHdIjL53V6mM48se1aGFyK7OFyajUaND7KpdRebUb+L\/GyPHZrNAhJyuIjhL2eGYtth1UofydkF4wy0MTMj63YgMbc64rhi1QhP0VIXWzaDQorCuA\/11Z8pOlTV1WiWyvdwZj1SH7cXptVk0jlULzvX9rAM3sqwQhyZxG8\/Tdao7xtVpojikkXLJqYaY9A29ET2IqTMqnXmtH3dF5+tz9DvELkGLxwv5cN\/QfvZmkPOjcw56j+rbN7Rh3KrTiqmrG4t31cVtUwdwxL1rU20nwcztaQop5NwPwSN3C3JQx0vlC4Ow+dPw6G0ZhpPOCe85QVekmpF9sxAapa7sZjZcL0BS3WyiYivw+9oYPFqE6EYVAwZwgVAgFghTgnmtRBYJ7EWGoAkEKIAxVIEgBhKEKBCnAvDRU9hwx9Bn+WXPOGv6kvbR2dc4UGO4dyZBbKn\/BHeGuGGrgC+XC8HxUtLoQmOGNlDtPEP7+FlSslxdrSxIxR31JvFI4x0yRilmL\/PLoBdyCVGfuDfWLFhTXe5FhPSyvmnC0w6yyo7jJdVeNYsyxA6V\/V8P8N4ecrk\/qkTFUhYpP5n8bGbEi6JQD7aVqdDBVi4hvkQpSmaQMNXkpljH0fDgM059qkbeMP0pXpcFQugdFvo9xUrnq4qobtpd4q7txB3oUy5umk2qZDl9nBSo+itVKetBxKA3V75hhSOPpWqhFnqUWK7o\/pr6cqy7YQutkJZmXaVbiTBc2lkJfdJf9OM3\/H1jrLsvIBBP98OoCFdLSzahe58HZC\/w3mmPf0UlJlAgpFkpYLoXLuoS\/BSuYNyRlqGVlZfj000+lffafuRNjBEM\/ZyJzyuLfNKzeomd2zPGja28vlv2b3Oo6XlPD3tQje193onGnF9l\/4i3y0XrojtXBHrXcKhofbTHrvinCnue0U9+2+X4Yw4\/SdEWuxpbWZeZuSsM4i\/imBy0lNgS3tsPB400fstBKQlm7cGYTNg59H9L8W1nrXgvjlSOoWtcyqfs0SwKnrKjz5aLVIbe4764cRF0rr36+sqPumBZvsnWhpw5jT8YQuvtlL8H8ISlDDRlpiGh3XL73wUdr\/FivpaWtNCNPoRZgKK0Ot7rqVUUw\/TxEzZyyMBP1n9Qic0mo5dMh+19U8P8kO2MRoK1V3YUCtL5tjFJG4Pi88NJ0xUK3vghGtmxr8Ahca6pRuTJNTj+N1\/Tv26E+dGTqF7ZnEzYO+q3lyHuAp2mJCa2nEl1UwJebnTAi9wnm9qPHsRiVFUZInQWaT+06M7Iv9EqG7\/lHHwwvh3oStDVeWQlzFjtOMJ9IylBvTYolETTQaflNKhEpTTKTVIuSQL8VxW+PYRO9UWMaaYL4L\/ugfzzqneGFK5Bxvx9hBRXObMLGQ7MkcU0F7wdb5GGAtK3F5veVX2j3wTt0BK9LCoShbRvtgUxIx44H1FgatR4vUgZGMB9IylCTlmJ5QAttHHWBsXN29MzQfZWYpVTLyNV0NO3To\/t9Z\/zxpFYHXRyFAe\/R6RQLJhC4xndnZDZhZ0fEZNJfiqD5jR4GpW7U8jIcCvmHN9qlpl7Bm4sQElkQzF+SMtTkpVgeRvo\/O+Ga8oxuDGcO0TFTIo3ILKVaDOvzoH3MjFpdF2o640w6PbACKy7SdEXPkt50o\/fjMSyi6dIs08LriWq5r3vhCWiwmDtDzBiWpft6IKLCCl5PcLJoJh4xo3pJB2yDofMthoaOmT1xaqnFv\/bj68Tm4gR3kaQMNXnSkLP5YXRtt4ZlS2QpkRp0aDchJxFDTVKqRbuZjms\/a0RXTHEsPTYV+GhLbYdb0mihMHmQBiuGCzZRX0qGCYYTVrScG5MNjPnvaUZgi2mqosFMYZfSisHTha5v5biCl2lXvtUp7ccj4Vlfiv4FMyZabfBIs7d0fPxMAI1\/nMxb8LITto\/cUtr0udlwfxApp2JnCoqCecUcGyod\/2S8ifY6HQbf4o9X8itwcIEZ7VXGmJNMU0haqkWDwncK4a1tgTvGPa\/Z2Io2ekPbivkLDxutGMpoQutGPoBboEfl\/jKoDhYjn\/mv34HBKJnTMDOG1cNsMcD5qhzXhtpBZDwTV4MPmO2srzoT27eNopn3INLy30Vbrg8tPG8bdg1Bv9Ygl\/dyM+qfppWUojxz1yUvIiO4M4j1qAJBCjDnLapAIJg9wlAFghRAGKpAkAIIQxUIUgBhqAJBCiAMVSBIAYShCgQpwL1pqIq1namOu2ktKg4nvjwuFQkM2bD3jn1LJgh3ewv6UlzxYo4NVVZhl1dwyNva9RWwsk9Q8BAzM1Wb6LZqI131oMuyDfnSapO5lzWJ1isyVJ1A6wb+RlOsBefJEFAsymeSMxEL7wPwdNaFPzC89rk6dH2pfFFY9g8tQs8vt8Edd7VDAlzpQfOpdJStl9+GihQFYDI97viLKRJCBcNzBfD\/Zwt\/pTI1uQstauRHfx1\/M0PTXQX7l9z7bnLdhb0ljbi8ph6HT7D0ybImXX94HT33igYR+3r3Hw8i7U154f2J9kpoj1XBxss\/2N8Iy8UM1H\/Cr887GfDsbISTL1gInmuG5bQO9dJHkR1oe9oPq4Uv6p81QTg\/GITxZb4E8aYb9l2D0NeFRAFakXvFSivyW+xRLNCiaDNgTwFZnXgkZajJS7FMRZVmgClXA7dHUYjxZEwkIa8d6Pvahi3Uz3pObqHZetS+t2nYeCqA7HzhFqQUtqHYdfTYiQ5c2tqEN7O0fGWOLGvS9HYaDrLVPYwZZFRwcwzOpsnP8Oe\/pGxx5N6Ah3b1SnmLteHtkCwK9aPuHSe8sLHPGPI4Qr0F9l\/6pP+JHfQ41uoG0FNTgSMRFUgQfRb+G1tOGKsFGaTx59aicLn8ZjUrf\/NWA9wX5PT7AjpUv5YHLf84lGpZHnLT\/fBzW3H3e5H3ZhF0kr8KmnXbUXTjFAZCtqRoraXW+JQ9fi9g7CR6F+QiO7RQ+EcvhvWbwmmT5HC2meD3SJIBEoFBW1iALrK1l8tPusaKrTRknOm50J9WyOqkGuxd39ny1FNPsfeDwxtzJ8YPpNPcQAa4izExep7sf6WGOH7iP9wYJs3PFpPmz0bJBHNfGyGHq02k6tio5E3o0Q3mTnqmSX44VEIaPuMOxmcNpOQQD3FjRDr\/Ya90tqnxhRklju1VxBGKRsmNM6Th+XZyie1\/10lKdilzQFHEN2IvJiUHR8i4FN0EGT3dQEw7z8h5YWnPM5Hiege5dI06b4yTM7uUeaMhdpWQzu+4gxKRt6i4J05bSFW3IsHXThLLK4dpTgg5\/14OKflYWUoyE77zZCQq76PdVZHlF2aCjF88TGre6iSXbjD31OvHGPlrOdl\/ke2xMjQRS+8P4WvXuT2PrI4uL85En4VY+uSSkaHnf6uBOHz8t2uXiGNnMWl0cfeFZmIqaiYDo7J7wkvT9iy9ZlOuJeXaAGl8nqZ1nLspwy0lPJ2pR1ItatJSLBJ92KGo8dZusML\/TDXyQgudb4OMSQSsBcmuhknZgmxSo7s\/uu2dQGA8LfbXshfooFvgi91aR6F74QDantPxxdi0Rc7KhuE7pbKDAWVv8BZrgRqZW00YvTDZYswGVUY21L0nw+kKnnMi8LvV0rJeNrZtC638UaBaZoBOuag84MK+c+koyuBuidBcAh2D7voaBVWF0E6j+qBeFISfZfDHk+i+UYTt6zTha1fIjmX7MfB6RqHT8dZTQoPCt7NxuZb3ftZV4ewT9ajMkMO4jrmQs6MSRi5Ap1puQn2FGge7o++MAFxNHUjbUQujQtZDp9fA913isyHziaQMNVp6Jdo9PZFj1P7jTUjvr6LdO7kLcztkTJSw87mb5K9thzdLH+0a8gC3m5v0Jvnw9fBkjNRV514SS3XhbqVEHA2phFiYiYJHB+GUJp\/oeK8\/gDW0gkuYmz50WT6GrqIoyhCpwexn1+cEHP\/xGHqr9yYmPeq7jMDjKyLX\/0+Tv\/FAMFL2hYnCvdqNpXVcspXeG6s+r0OjdG\/44ftGj\/TH5KAhVI9nQHMl8s4Yc1jR8VA1zI\/wHziqhSr4o8KmCkkZatJSLLFg45DXNmHskzPTTEjcmoxJ9m5FxcC3ts3Rrc19tGUYw2isRNxkn6zX0tt3ZrwHKmAbK0A9U\/WT4nqXVk13DgMdT\/f9g7Yo151wBtbgyUTtlBnp9kag6j0UTlGFDKGC+sE8mLOH0TfEf4pBYJyOVbnMhfp\/Jl3tINjfBR\/tXYV6P7Jkqxk40BO\/NxMMYJzvSlzuguUf6ajdHK8dT02SMtTkpVhmZjaSJ4mweKlm6vlikgZDxjh6z0611OCgEx7aykuXfloZFT\/c53QwV2VCGxIimkYm5raQngvjlzR9tNuL\/JyE1GyYkfZYbAi+3hRlpH4cqWmBK25vQwPtox54vuJOiTEMX7gPS1l3WvcYFrncCc8AL6JlpJzwCtByVS+MIUEnhaFxP0Tvg4i4adlf9CCwhN8ZNF8drV4UvVMYs1Jl12mR+j7uSi2SMtTbCpMped8OrHlSvskSkDy5b+wyfMr7nxqP\/\/vYda5qVSEMx2tQx57VsgvOpF867ej7UfZXollvxv86WIW9\/TwsTQGTJqnaPYatWw1SmOllVNjN5Ebfcf9k2nc3R3Z9Z0I1isvxxlGskvDTsXKEIemQ+ZgXjQeBzJWK1izerC\/tmjubbPhxay2KHoxu\/TRY8YgbtiYnfKHHMTR\/9m4tMtNlt\/F3RvS8Nynd4j\/ejI5\/4i152pNY808daFbmv60r7tyC5qH74PVO5jUtYw0CHyhkeujxziY7vCsNkuEZnzagZxetSMKSMqzsA9hawO6MIB2X1sG3fnvEuFSJ75tR6HWJdjnmGfKc0lzBZg1Xk9WrFVteMbEcGiaKyTlCfh4g+8rySA7zz9k8xX\/kQLHkF57V\/OkkaXiWhv1tozwjqZz1Zcxwvgh+HiadtcUk77csfTkkJ6eY7L+onJkkZNy9j5TkMf\/VJK\/IQhwHFfGNnyf7XszjeSshzc7zpN3cQM5Is6ZTZ6ynzCJfbCfFOfTYF+VwkTPao+RkvUk6d6OL\/8Tw0WNqT\/KZZZl4s75SfCxtUzY+m3tjnAwfspBiRf46PcrSmiCXui1kM0sjLZ+8sn3kvNJbkf+cf60i+3tpWcWZ9SU\/HSZVUX7jnk5iKeLll5NHyt87Q0alspMZd+0j5f+aI5\/\/98q00bKV8hG1hc8\/Qva\/2EyGuSvVmGNDTUFYJfBiDTn8TaSxzifY4xXL6Xmavov7yea9cQyVGv2Zegs5GbfWvI1caCbl9hHuSD3uftd3vrMkG7V\/KoImEKc7ere56sS+g2pk80cYd5cg3B+2THZdr3pgf69H6i7HRoXMF\/To+8B1i68JzgCbODukQvm2+PrP8x0hbpbCsLeVtnwYgOnf21C5Ms7AbK654kTLzkb0fBlAUE3Hti\/Xoz5\/+hlY9lK+7XIB3uTv+95eaOXR1gj\/79iHyfhPKYgwVIEgBRBdX4EgBRCGKhCkAMJQBYIUQBiqQJACCEOVVorIn98XCOYr88xQpzGaeDpIQy3Y0uTmjijoMVs+SLGlwuzxRmjR\/Jp8bLOEFpbHYDZhBSlN6reo6bnyZ+6n3KBBOE94kZ0dtWRuXjOGI\/U2YGs7HGzlzfF2VC7rRlXMymY2YQWpTlKGmrwUC5Mi6YDTMSmOtWV3H8ZuqRXQIXOVF71no94cuu5Cnz8Xucvp\/rTyKJFEi4tNaeWnkXVJ6BumNwPwHm9B6fux+g0j8FwvwKbQonlVGgzbirDiwjBNRTSzCStIdZIy1LKysrCqA\/vP3AnzbQe6\/IVoO05bgROdKMM+VBxIZBlafHRPFyDQ75JXbHCC5\/owmpsjrbrwHqhCx\/3b0elg60NPoH3LKKz\/6YwInxBMGKy2G0vDwmBlUH1olYXPZvqGadAPVyftvm+uQtfVDNSWxnqtzoBs\/RB6h\/jKIbbS50AXRrMzYyzbmk1YQcrD3kyaLeyw6C0xBia1h0IwnZ\/wbzFW1yi2iBUxEYySw69YyEmmQyQxjf6RhHIVS6QOULRmUYT\/Zw2RGkUMZ0PsVSphRsnAn6tIcVkD6XRxLaHpmLhEHG\/JK2TY6pTiPw\/EX+kzm7CClCapFvWWpFiipTkW6qGP0COKkmoJbbun00lIQ14B0HuKL1m+cganfl2AnNDSw5nkURLkzsu6jKHHUoev8\/fjBMsz7XFUqjpQw78cHslswgpSnaQM9bZKsdwmVCuzoT4ly7mMnTsLdZYxXCHcTnmUxGRdlKTBWPEeDjSbof3WjoqNpbB2usILsyP46gi6H1AIu7FxZ2k1jH0fT+1SzyasIOVJylBvSYqFKQ\/wXYnrHngS1COaloWZyF1yFmeu+HGyX4uCVSEznaU8iiqAQMRE06Q7cVmXGKg0MG6uRVtnEwp\/PQhrWwxzCtKIFobSreDmBN9RMJuwgpQnKUO9Jb49AttRL5dF8aNnzz74f5cdV1JyNhjXaXG21Ya+ZatgCKvbzU4e5eFHNej5uxMBKX1j0hKpDi7bMpOsS0KzvgvU0K2rRNtrMSaTHsvGihONsCsniDptOKLNBBeCmdRnSiCs4N5h7g11eQ5WXe\/AtnV0fLd2Gw6qyrEnhv5sUqRTg\/\/cC2Nu5K1qfK0WmmOl8osBG634OqsWZjBlQR5AQRo1IvN1Gzawb8\/kF8MezEUhe8TDWKBH5d+q6bkq5G\/T5FegG0YYl1K\/mWZ9E4Gdf18RAm3FyGdpXVeMFk86Gt7IlLu3LI71Nkivd8wUVnBPMcfrUdlzVB\/M+2OrxAkEgtjMfYsqEAhmjTBUgSAFEFIsAkEKIFpUgSAFEIYqEKQAwlAFghRAGKpAkAIIQxUIUgBhqAJBCiAMVSBIAYShCgQpgDBUgSAFEIYqEMx7gP8PZFciXCj4xoQAAAAASUVORK5CYII=\" alt=\"\"><\/p>","protected":false},"excerpt":{"rendered":"<p>Tegund:&nbsp;DA6600<\/p>","protected":false},"featured_media":80918,"comment_status":"closed","ping_status":"closed","template":"","meta":[],"product_brand":[],"product_cat":[588,767,515],"product_tag":[],"class_list":{"0":"post-71159","1":"product","2":"type-product","3":"status-publish","4":"has-post-thumbnail","6":"product_cat-handverkfaeri","7":"product_cat-kalklinur-og-kalk","8":"product_cat-verkfaeralausnir","10":"first","11":"instock","12":"taxable","13":"shipping-taxable","14":"purchasable","15":"product-type-simple"},"yoast_head":"<!-- This site is optimized with the Yoast SEO plugin v27.3 - https:\/\/yoast.com\/product\/yoast-seo-wordpress\/ -->\n<title>Starrett kalkfylling rau\u00f0 - V\u00e9lar &amp; Verkf\u00e6ri<\/title>\n<meta name=\"robots\" content=\"index, follow, max-snippet:-1, max-image-preview:large, max-video-preview:-1\" \/>\n<link rel=\"canonical\" href=\"https:\/\/velarogverkfaeri.is\/en\/uncategorized\/product\/starrett-kalkfylling-raud\/\" \/>\n<meta property=\"og:locale\" content=\"en_US\" \/>\n<meta property=\"og:type\" content=\"article\" \/>\n<meta property=\"og:title\" content=\"Starrett kalkfylling rau\u00f0 - V\u00e9lar &amp; Verkf\u00e6ri\" \/>\n<meta property=\"og:description\" content=\"Tegund:&nbsp;DA6600\" \/>\n<meta property=\"og:url\" content=\"https:\/\/velarogverkfaeri.is\/en\/uncategorized\/product\/starrett-kalkfylling-raud\/\" \/>\n<meta property=\"og:site_name\" content=\"V\u00e9lar &amp; Verkf\u00e6ri\" \/>\n<meta property=\"article:publisher\" content=\"https:\/\/www.facebook.com\/VelarOgVerkfaeri\" \/>\n<meta property=\"article:modified_time\" content=\"2026-03-04T14:30:48+00:00\" \/>\n<meta name=\"twitter:card\" content=\"summary_large_image\" \/>\n<script type=\"application\/ld+json\" class=\"yoast-schema-graph\">{\"@context\":\"https:\\\/\\\/schema.org\",\"@graph\":[{\"@type\":\"WebPage\",\"@id\":\"https:\\\/\\\/velarogverkfaeri.is\\\/uncategorized\\\/product\\\/starrett-kalkfylling-raud\\\/\",\"url\":\"https:\\\/\\\/velarogverkfaeri.is\\\/uncategorized\\\/product\\\/starrett-kalkfylling-raud\\\/\",\"name\":\"Starrett kalkfylling rau\u00f0 - V\u00e9lar &amp; Verkf\u00e6ri\",\"isPartOf\":{\"@id\":\"https:\\\/\\\/velarogverkfaeri.is\\\/en\\\/#website\"},\"primaryImageOfPage\":{\"@id\":\"https:\\\/\\\/velarogverkfaeri.is\\\/uncategorized\\\/product\\\/starrett-kalkfylling-raud\\\/#primaryimage\"},\"image\":{\"@id\":\"https:\\\/\\\/velarogverkfaeri.is\\\/uncategorized\\\/product\\\/starrett-kalkfylling-raud\\\/#primaryimage\"},\"thumbnailUrl\":\"https:\\\/\\\/velarogverkfaeri.is\\\/wp-content\\\/uploads\\\/2026\\\/03\\\/a89f2fda-00b8-426b-9cb5-925f608f7783.jpg\",\"datePublished\":\"2025-03-20T13:41:10+00:00\",\"dateModified\":\"2026-03-04T14:30:48+00:00\",\"breadcrumb\":{\"@id\":\"https:\\\/\\\/velarogverkfaeri.is\\\/uncategorized\\\/product\\\/starrett-kalkfylling-raud\\\/#breadcrumb\"},\"inLanguage\":\"en-US\",\"potentialAction\":[{\"@type\":\"ReadAction\",\"target\":[\"https:\\\/\\\/velarogverkfaeri.is\\\/uncategorized\\\/product\\\/starrett-kalkfylling-raud\\\/\"]}]},{\"@type\":\"ImageObject\",\"inLanguage\":\"en-US\",\"@id\":\"https:\\\/\\\/velarogverkfaeri.is\\\/uncategorized\\\/product\\\/starrett-kalkfylling-raud\\\/#primaryimage\",\"url\":\"https:\\\/\\\/velarogverkfaeri.is\\\/wp-content\\\/uploads\\\/2026\\\/03\\\/a89f2fda-00b8-426b-9cb5-925f608f7783.jpg\",\"contentUrl\":\"https:\\\/\\\/velarogverkfaeri.is\\\/wp-content\\\/uploads\\\/2026\\\/03\\\/a89f2fda-00b8-426b-9cb5-925f608f7783.jpg\",\"width\":1133,\"height\":2540},{\"@type\":\"BreadcrumbList\",\"@id\":\"https:\\\/\\\/velarogverkfaeri.is\\\/uncategorized\\\/product\\\/starrett-kalkfylling-raud\\\/#breadcrumb\",\"itemListElement\":[{\"@type\":\"ListItem\",\"position\":1,\"name\":\"Home\",\"item\":\"https:\\\/\\\/velarogverkfaeri.is\\\/\"},{\"@type\":\"ListItem\",\"position\":2,\"name\":\"Vefverslun\",\"item\":\"https:\\\/\\\/velarogverkfaeri.is\\\/vefverslun\\\/\"},{\"@type\":\"ListItem\",\"position\":3,\"name\":\"Starrett kalkfylling rau\u00f0\"}]},{\"@type\":\"WebSite\",\"@id\":\"https:\\\/\\\/velarogverkfaeri.is\\\/en\\\/#website\",\"url\":\"https:\\\/\\\/velarogverkfaeri.is\\\/en\\\/\",\"name\":\"V\u00e9lar & Verkf\u00e6ri\",\"description\":\"Umbo\u00f0s- og heildverslun fr\u00e1 \u00e1rinu 1919\",\"publisher\":{\"@id\":\"https:\\\/\\\/velarogverkfaeri.is\\\/en\\\/#organization\"},\"potentialAction\":[{\"@type\":\"SearchAction\",\"target\":{\"@type\":\"EntryPoint\",\"urlTemplate\":\"https:\\\/\\\/velarogverkfaeri.is\\\/en\\\/?s={search_term_string}\"},\"query-input\":{\"@type\":\"PropertyValueSpecification\",\"valueRequired\":true,\"valueName\":\"search_term_string\"}}],\"inLanguage\":\"en-US\"},{\"@type\":\"Organization\",\"@id\":\"https:\\\/\\\/velarogverkfaeri.is\\\/en\\\/#organization\",\"name\":\"V\u00e9lar & Verkf\u00e6ri\",\"url\":\"https:\\\/\\\/velarogverkfaeri.is\\\/en\\\/\",\"logo\":{\"@type\":\"ImageObject\",\"inLanguage\":\"en-US\",\"@id\":\"https:\\\/\\\/velarogverkfaeri.is\\\/en\\\/#\\\/schema\\\/logo\\\/image\\\/\",\"url\":\"https:\\\/\\\/velarogverkfaeri.is\\\/wp-content\\\/uploads\\\/2021\\\/10\\\/vv_logo_350x100.png\",\"contentUrl\":\"https:\\\/\\\/velarogverkfaeri.is\\\/wp-content\\\/uploads\\\/2021\\\/10\\\/vv_logo_350x100.png\",\"width\":350,\"height\":100,\"caption\":\"V\u00e9lar & Verkf\u00e6ri\"},\"image\":{\"@id\":\"https:\\\/\\\/velarogverkfaeri.is\\\/en\\\/#\\\/schema\\\/logo\\\/image\\\/\"},\"sameAs\":[\"https:\\\/\\\/www.facebook.com\\\/VelarOgVerkfaeri\"]}]}<\/script>\n<!-- \/ Yoast SEO plugin. -->","yoast_head_json":{"title":"Starrett kalkfylling rau\u00f0 - V\u00e9lar &amp; Verkf\u00e6ri","robots":{"index":"index","follow":"follow","max-snippet":"max-snippet:-1","max-image-preview":"max-image-preview:large","max-video-preview":"max-video-preview:-1"},"canonical":"https:\/\/velarogverkfaeri.is\/en\/uncategorized\/product\/starrett-kalkfylling-raud\/","og_locale":"en_US","og_type":"article","og_title":"Starrett kalkfylling rau\u00f0 - V\u00e9lar &amp; Verkf\u00e6ri","og_description":"Tegund:&nbsp;DA6600","og_url":"https:\/\/velarogverkfaeri.is\/en\/uncategorized\/product\/starrett-kalkfylling-raud\/","og_site_name":"V\u00e9lar &amp; Verkf\u00e6ri","article_publisher":"https:\/\/www.facebook.com\/VelarOgVerkfaeri","article_modified_time":"2026-03-04T14:30:48+00:00","twitter_card":"summary_large_image","schema":{"@context":"https:\/\/schema.org","@graph":[{"@type":"WebPage","@id":"https:\/\/velarogverkfaeri.is\/uncategorized\/product\/starrett-kalkfylling-raud\/","url":"https:\/\/velarogverkfaeri.is\/uncategorized\/product\/starrett-kalkfylling-raud\/","name":"Starrett kalkfylling rau\u00f0 - V\u00e9lar &amp; Verkf\u00e6ri","isPartOf":{"@id":"https:\/\/velarogverkfaeri.is\/en\/#website"},"primaryImageOfPage":{"@id":"https:\/\/velarogverkfaeri.is\/uncategorized\/product\/starrett-kalkfylling-raud\/#primaryimage"},"image":{"@id":"https:\/\/velarogverkfaeri.is\/uncategorized\/product\/starrett-kalkfylling-raud\/#primaryimage"},"thumbnailUrl":"https:\/\/velarogverkfaeri.is\/wp-content\/uploads\/2026\/03\/a89f2fda-00b8-426b-9cb5-925f608f7783.jpg","datePublished":"2025-03-20T13:41:10+00:00","dateModified":"2026-03-04T14:30:48+00:00","breadcrumb":{"@id":"https:\/\/velarogverkfaeri.is\/uncategorized\/product\/starrett-kalkfylling-raud\/#breadcrumb"},"inLanguage":"en-US","potentialAction":[{"@type":"ReadAction","target":["https:\/\/velarogverkfaeri.is\/uncategorized\/product\/starrett-kalkfylling-raud\/"]}]},{"@type":"ImageObject","inLanguage":"en-US","@id":"https:\/\/velarogverkfaeri.is\/uncategorized\/product\/starrett-kalkfylling-raud\/#primaryimage","url":"https:\/\/velarogverkfaeri.is\/wp-content\/uploads\/2026\/03\/a89f2fda-00b8-426b-9cb5-925f608f7783.jpg","contentUrl":"https:\/\/velarogverkfaeri.is\/wp-content\/uploads\/2026\/03\/a89f2fda-00b8-426b-9cb5-925f608f7783.jpg","width":1133,"height":2540},{"@type":"BreadcrumbList","@id":"https:\/\/velarogverkfaeri.is\/uncategorized\/product\/starrett-kalkfylling-raud\/#breadcrumb","itemListElement":[{"@type":"ListItem","position":1,"name":"Home","item":"https:\/\/velarogverkfaeri.is\/"},{"@type":"ListItem","position":2,"name":"Vefverslun","item":"https:\/\/velarogverkfaeri.is\/vefverslun\/"},{"@type":"ListItem","position":3,"name":"Starrett kalkfylling rau\u00f0"}]},{"@type":"WebSite","@id":"https:\/\/velarogverkfaeri.is\/en\/#website","url":"https:\/\/velarogverkfaeri.is\/en\/","name":"V\u00e9lar & Verkf\u00e6ri","description":"Umbo\u00f0s- og heildverslun fr\u00e1 \u00e1rinu 1919","publisher":{"@id":"https:\/\/velarogverkfaeri.is\/en\/#organization"},"potentialAction":[{"@type":"SearchAction","target":{"@type":"EntryPoint","urlTemplate":"https:\/\/velarogverkfaeri.is\/en\/?s={search_term_string}"},"query-input":{"@type":"PropertyValueSpecification","valueRequired":true,"valueName":"search_term_string"}}],"inLanguage":"en-US"},{"@type":"Organization","@id":"https:\/\/velarogverkfaeri.is\/en\/#organization","name":"V\u00e9lar & Verkf\u00e6ri","url":"https:\/\/velarogverkfaeri.is\/en\/","logo":{"@type":"ImageObject","inLanguage":"en-US","@id":"https:\/\/velarogverkfaeri.is\/en\/#\/schema\/logo\/image\/","url":"https:\/\/velarogverkfaeri.is\/wp-content\/uploads\/2021\/10\/vv_logo_350x100.png","contentUrl":"https:\/\/velarogverkfaeri.is\/wp-content\/uploads\/2021\/10\/vv_logo_350x100.png","width":350,"height":100,"caption":"V\u00e9lar & Verkf\u00e6ri"},"image":{"@id":"https:\/\/velarogverkfaeri.is\/en\/#\/schema\/logo\/image\/"},"sameAs":["https:\/\/www.facebook.com\/VelarOgVerkfaeri"]}]}},"_links":{"self":[{"href":"https:\/\/velarogverkfaeri.is\/en\/wp-json\/wp\/v2\/product\/71159","targetHints":{"allow":["GET"]}}],"collection":[{"href":"https:\/\/velarogverkfaeri.is\/en\/wp-json\/wp\/v2\/product"}],"about":[{"href":"https:\/\/velarogverkfaeri.is\/en\/wp-json\/wp\/v2\/types\/product"}],"replies":[{"embeddable":true,"href":"https:\/\/velarogverkfaeri.is\/en\/wp-json\/wp\/v2\/comments?post=71159"}],"wp:featuredmedia":[{"embeddable":true,"href":"https:\/\/velarogverkfaeri.is\/en\/wp-json\/wp\/v2\/media\/80918"}],"wp:attachment":[{"href":"https:\/\/velarogverkfaeri.is\/en\/wp-json\/wp\/v2\/media?parent=71159"}],"wp:term":[{"taxonomy":"product_brand","embeddable":true,"href":"https:\/\/velarogverkfaeri.is\/en\/wp-json\/wp\/v2\/product_brand?post=71159"},{"taxonomy":"product_cat","embeddable":true,"href":"https:\/\/velarogverkfaeri.is\/en\/wp-json\/wp\/v2\/product_cat?post=71159"},{"taxonomy":"product_tag","embeddable":true,"href":"https:\/\/velarogverkfaeri.is\/en\/wp-json\/wp\/v2\/product_tag?post=71159"}],"curies":[{"name":"wp","href":"https:\/\/api.w.org\/{rel}","templated":true}]}}