{"id":71158,"date":"2025-03-20T13:26:09","date_gmt":"2025-03-20T13:26:09","guid":{"rendered":"https:\/\/velarogverkfaeri.is\/?post_type=product&#038;p=71158"},"modified":"2026-03-04T14:30:46","modified_gmt":"2026-03-04T14:30:46","slug":"starrett-ledurhulstur-f-vinnuhnif","status":"publish","type":"product","link":"https:\/\/velarogverkfaeri.is\/en\/verkfaeralausnir\/handverkfaeri\/hnifar-og-bryni\/product\/starrett-ledurhulstur-f-vinnuhnif\/","title":{"rendered":"Starrett le\u00f0urhulstur f. vinnuhn\u00edf"},"content":{"rendered":"<p><img decoding=\"async\" src=\"data:image\/png;base64,iVBORw0KGgoAAAANSUhEUgAAAQ0AAABoCAYAAADrXKVVAAAAAXNSR0IArs4c6QAAAARnQU1BAACxjwv8YQUAAAAJcEhZcwAADsMAAA7DAcdvqGQAACBjSURBVHhe7Z0PTFRnvve\/+3ozxjdjdjPGxokbJ2sc23SsCRNvmHIr5VZgo9CUsVWkFtwt0i6wXcCt4hpguzB6rb0t0Hsp3YvjRmwjuFnECJhXMRXc6pDrDokyxmWMdUztNDVM1jDROJGc93nOeWY4c5h\/Z0DB9fkko\/Oc5zDnOWfO+Z3fc855PvMjgQAOh8NJkP\/D\/udwOJyE4EGDw+GoggcNDoejCh40OByOKnjQ4HA4qngCg4YXndttcLDSXMLbUQLbBVaYBo59Jei8zQoczhxjVoKG\/0on6opykZGRgYzsXJS3OOCfYJVzFgdstL2yV27RDtiH\/Kyew3k6ePxB40oziurdSLV14dy5czjX045ijR1FjQ4E2CxzlhWlOErbzF5dtnXw\/KcNvT5Wz+E8BSQVNEZGRrB27Vr86Ec\/Ev+n5cTwoffQCKwf1yBnmUaapNHBXPIhCj3HcCZ08AXgOVGHbbnsjP5uMwbvsKopxJqXZAfbO0mHRsbtTpTsY50b8X0vnC3bkE3+VuxaTAQQSDDr0SzLQV7aCK662QQ5Ez4MNpYjNzvYrlY45UmJ34XO2gJxuRnZBajrcCFyzuIn3ZVtsJ3nGQ1nbpBU0CgtLcVf\/\/pX8T39n5YTYxTD\/0hH+jJWDKHDywUmGlNEfD27UXUhBTV\/pmf002jfBtjLmuGKcDCrmTciZ+3oW74fPSRzqEkDnJ+S7lJXWJiJSuBWL7ovZ2HDGjZBhvtwFY48U4mOHtaugjHY\/nOQZVMkeNbWwpX2ibjccyf2I\/VaLQ6cU+ZaftKechxZXo+atVo2jcOZXZIKGsGAEURZjsptDzzzNGA5Rhi6tGLkrKDvvDjTrUFxrRXGBbSsIXUVqFnvQOeUg0rNvFF4vhBl6\/WhNpmrTqNtk56VFFxvRQHNDNgru6gbxrpSmOaxehnGtw+jbasRWvGDSbsyMmH+1osxWrx9Bt0\/riTtZMtdYEBOSSEC18IzNk9HNezP1KNli4FN4XBmn6SCxksvvcTeSSjL08MDN1JgVpxYjf9qgf+OeMjJUDNvFPR6kuckiOKaxumuUgQ+qULnLVYvZ4J0Kw7tCHWbMjJ2o59VwUP6M88ZQ4FKZKkV+39lZoUAyVRKsO3YKpRt4gGDM7dIKmi0traGAgX9n5YTYqkBBnrNgBXl+C7Y0XudFSJxL4Bx9jYuauadBhqdGcXvrER3t4tNmcR9uBytvjzUd5xmQWY\/MlldfEgw1JIAVe5FU4eHTeNw5gZJBY1Vq1bh\/PnzoANk6f+0nBgrkfKTQTimPIPgw8BRcuCJp3wDjPNccCmu+7ldTugXL2KlIPHnnX\/fH36B0a8oPxK8cF4worgqHQapfyJeYA1hMALX3OHB0+fAkZ7gFVUjNrxuhn7dLhR76mC7wC+CcuYOSQWN5NEha8tKdFba0HuLHTIBH5xt1Thi2IwsMWjokfWqH581HIf7vjgDfMN2HDhlQX5GWEJPiDfvSjz\/TC862Z2HgM8J+ydHwu+mKFFx90T8vP8egOXfTWxKED0My53oP+WVAsN9D3r3NU12T5ZmIe9uE2zy+k8PkOxC2RXRwlJVivltTXDwuMGZIzzmoEFS+tSdaK8zYuh37OGu3HJ8Ma8Y7VWWUB9fl7sfjWnDsG2i1wKyUfS5H4WfVUS84Bh7Xh1yqooR+HyjuKzcX9oR2JBPzuPRiXn3RHEhlH6e\/62DqHiB1cuw\/KYG+pMl0i3VTTZcz6hBMdxwiwGJtKuhAaYLO5BL61\/bjaHnGrBrSlAkLLBg5x8MsNcehzfRO0IcziOES3g4HI4qHnumweFwnmx40OBwOKrgQYPD4aiCBw0Oh6MKHjQ4HI4qeNDgcDiq4EGDw+Go4qkPGs7GbJR3JWLRieDmmFXmWns4TwuPPWg49mWg4FAka42E70Q5MlQcDNP1adKh8C0bEx7nGp8LNpR0PIpDmQcJztxgFjINPTDUB2fER6LdON7nAdfNcDhzl6SCRvK6P4oJmzd40H0+bIynxHAfHKlWWFhRRNTibUPuOmlsSUFtLzxiwJFEv7tPu9G6ldQFFX6Q9H8FomZPPj+zhZ9yovWX2aROMpqHGcSjLmsqgUCE9ifCXQda3w2OuylB6\/DkSDT\/VblwuQB1PWxYPMleRB8HG\/siN577hltRwpwdG\/eEt9c\/NFkXphuMpDnkcBKFjj1Ry0svvUTHq4RetJwoF\/c2CBfvDQi1lV3CGJsm8UAY+H2V0PXDRaGhuEP4LjTNKjR8NSY8eEiKDx8Io19sF4rso2It5eLe7ULHt6xAGO+vFYqaLwpjD0iBzH+zj5ZHxLrvjm4XXn6jQej5llZK0GkNX9N38ZYla9cPXULZKwfIlAh83SBsPyq1fgoPR4WDv64WutzS8h+M\/U0s9\/xACnSbkLYN\/MDadm9UaH+nSDjolophyxch5RyrUFTfI9y8R4oPx4WBvVah6iTbqtcOCmW7uoRRWkfWbcxJyz3SNv+2Q9j+ClnXvu9IDYejjqQyjaR1f4yAJh15y\/pwXC7dudOLbuQhZzEri2iQ\/kEXajJ00NBRq\/M0MGZkQvN9NCuXF709i1BRboGODhgl8xvWFyPzMslgpBlgeqsMOUsjjCZVs6zFVrSc3RmeESXCUCdcmbtgXSEtX5T4bNai+5wXWJCO+j\/XIH0xa9sCIzL\/XQPvD1IxMmaUvp8DA1UdztMi\/S0rxi6PijWOv7iQ+b5Mg5hSjHxtN858L1ZP0RxyOImSVNBQ6v2U5dh44CU7rvlVCxwnnWwa4D7ZB8Nr6VN34gB1UUxavTO2tiL6ZVQP3MPHsUPsXgRf22C\/\/oDVA\/rFMS56qlqWery3PHA2SsP0Q6\/afoB1KQLf9MJWlisNpyevgs\/jLH2JUQoYQUL+VS88N5xoFnUBk6+6s6Qq2H1RoznkcGQkFTSS1v3JWWFF3vd9GKTynAkn+oYs2JAiVU0SwOC+KpxfXoz2E8zN+WVpTB+G0uMpvWoSyAqSWFYSZO6Tt0t6tW3RA\/cHYdt1HsaSdvSclaYf\/dV0lp6J\/YrlnDvXhvylrJrDSZKkgkbyuj85OuRsWYi+0z4EznfDs4Gk0qxmEicGPVaUbjFDFzyjRnGMSiyCfmKq\/i8x1C5LPYuW6OF2RckehgfhyStFfgrrHhECckWgKsh2+Kkbrr+zIoczgyQVNGaMlA0wXvgMB04AedmRkmXqAB1E3xWZru+jI6QTIkMzhlvfBg8uI6yv+3Hgt3Y4fdK0wK1BtH7pTODgT2BZMpK5e6JZmw\/zqWrUnfJISkGqOuywo59eZzAYofmqD667dE6mLTwcvvT5vlvwJLRYDdJfN6P3d3UhrSJdn862fv6cB2fazG7QoAd5mheOZXlIl\/fNQ+iRX5cH736m63uvG9rSCmS63aGD2fKqFSO12ch4V3rwier\/2jZ40FxEb6tmYOPeYZiyzQlc8Iu\/rBB3jqNqfXPo4qoS9+cFoesIwZd4W3OeCRV\/2gX9yXLptm5uObpJx8myhNQtzUdNnpdpC6lyUIuyqky4vwmtKfLyRlCXnYGSPydw6L9QgfZqPfrek27h0vXBv1noUzIczrTguj8Oh6OKWc40OBzOkwYPGhwORxU8aHA4HFXwoMHhcFTBgwaHw1EFDxocDkcVPGhwOBxV8KCRBHJFYGxzmBed2yVvx6PG11WO7MbJAYDhPE3WLyeas8tx\/A4rKhFdIjG+kXj1j4u50o4IzErQ8F+Ry2ZyUd7igD+K7GYuoAwMM64IVODr2YG6s4rnxf9uR8GUA9+H3qo69N8HdBtbcLrKzKbPYJAIExNlILdoB+xD4YN7fOebJ2U\/RfTRdVZBmQjA9\/dBdLbUofy18qkB9r4P7nOdaK0tR+57sdscNUCHHWBmVJxugTVMsTD7UM2luL8rXo9GDRkBvwe9jZMjuLPJd2E74UrquHv8QeNKM4rq3Ui1dUkjL3vaUayxo6jRMaODw55kdKtT4B0Kzxq8w1SDOAyH\/Ax634mheyaYIj6CPxOQTOm3tXCl1aPjlDRStuvjt4BDRWi+wmYhB2x14zgK20+L9R07Dej+bTNcbGf0du1G9V+80GdWIj9V+Q2Tz99Tjc7v9cisyoeFjnj+p8WI0i\/lI46llzjC+VFzqxe7363D9ecqQyO4e77chcyxIyip7Ixqp4tGUkEjed0fOTMeGoH14xrkLGOjQTQ6mEs+RKHnGM6EpOCSsm9bSFXXjMHQwULPokfgDJ3dmJYv4IejpUQ6I67LRUmLE8HzYUjzF9LskbPlVdnZUqVSMEwRSAjc6EXdVmmsS\/ZWG\/qjpcZsvSKpCMNYZsaqGy6Zy8MH57AGhdu0GBqSmdOvu+BdY5bGkwSFxkmqASOPv\/PAPZGP0vUGaINf12IzinfkwPH\/2LY43w\/9b3YhXbQeAdoXilGa5kD\/VbEI\/aZP0LYnH+nP6iKM\/9Ejv7ENNVvSYWR\/P30UXUL\/5PeevbUOnZcV5vl49VH1jFI254qxTVURrx3kwA\/uY+LxcCJcYB1V7Ui3x+dXseGzw6j4cSc2rmdt\/W0fNJv3o63AjboWF5s3QejYE7VQvR\/90+CLlhPjotDwi3bhJivJGfv6oNDD1HZjJ6sEq1xV93WTUPRGkzBCNXyi5i5HKNo7wJR+kuZuy5tlQm3fTUnVR1V5xVtCqjyl5u+Bu13YnlUrDLDPV6sUnFQE0rqXhaxfHxT+JjaGtPWrBsH65kFB+uvvhI7ihpAWMJaKUMlAPVmmlxXGeoTqveRT7p0RamvOhBR9N78oE5ous0KYZlClGvB\/m4Ssd+TzByHtf2e7cPDyOCtPRbltKA\/Ietb2B1s5SaR5J1G2eSpR\/57qC+n2EZFv83HhTI01bL\/o2mUVXg7NG6c+lp4x3jZVEHvd47VjRGh6Y\/J7eDB2UWh68+XJ7zuW2pHUNXSzNpF9JLjfjpP9tJa19W\/NB9ixkBhJZRpJ6\/5ue+AJ2aXC0aUVI2cFfefFmW4Nimtlqrq0CtSsd6DzXPB0mIWK6nSm9JM0d5rlVjKPQXJRLDAiJ08Pj2wceeZvSHbDNH+aFYXYtcmNwUtiSaVSUAk5W\/66GGaxMaStGTXYZXLAIe\/Xi8RXEcpZlbIQLpfU\/sDwEDSpZrJeZqQGHMzk7sPIpUUwidssEaKrAbGmAqf\/mB9hBCxZt48roT1GMjjSB647dBxONtQ+FpoFGnjvJLr91MAyPnKmDHtFM6z5BtD3j0JUyvYLa7kVBqk2fn0sPaNIjG06hQhtD153iteOS30YSCtF8QuSp1+js6DiV5nie4ojhtrR5\/bDuCbC9bf7AWi00ueZU5bAEzU7nkpSQUOp91OWpwdJiZECs+J3DIz\/aoE\/uCMuWQI93bhBaCBaoA0LRjqdLnzHlc9PMJpM8NxmX\/60NH9asG0fwrCcrMW3rBAivopQjnhdY1i6ruEcCiA1ha6dDi+uDWCIpv4TIxhGKsyJXs+IqgaMg9aE\/Iaj6OloQOHyAM42bkHue\/YkRUfTJfJ1gaiGtft+jBsUWkP5esepj6dnVLdNI7T9IAvUcdsxilWrFaKr0P6cgNpRRv8eqT73qAH5axPaA6aQVNBIWve31ABDFBuW74IdvXLRsJJ7AYyztzPL49H8iahREdLrGtfodQ0XhvypeJHtUboUE8YcJKRdHYZ3zarwHe1RskBHMrB87GzsQsfrXhw4HL0fHCBnMf3iRaw0i5B9TaNZyAoRiFdPiKpnnEkSaIdGE+sAj6521Bm1cF+avD4SXJ+eAg+6xUybnJSGv4dBxd2mpIJG8rq\/lUj5ySAcU26b+TBwlOyE4hFADVpTlX1ul3N6O6Ii6rpdLhiW0i9\/upo\/Mq\/isz03yFr8lBVCqFURmpC63AnnqX54VpMuDZuKpWYYrjswSNLglatDCeyj4YIN276c6i7TGo3Q3JVCuIFEV9e18K01ctmNRc8kdxabUbQ6zHePkr0rCnHqY+oZZ5I47dA\/twquS9GewYmjdnxWsuMNika4SbS6hRj3B+An33EzNkSRYEUmqaCRPDpkbVmJzkpbSEMnKu\/aqnHEsBlZ4pGhR9arfnzWcBxu8RYcU9+dsiA\/I\/kdsb+tGQ6mAPRfoZ9nQuYaWlKrFFTigX1vUC9I2nrOhgM3MpG5TKqdRL2KcOXq+ej\/yxhMKfIzmxGWpcM48pUeKc+zSRFIXA0oEfHuSUomVnXX4aNzHpD9S0TUBn7aiYWrV4plfUYe\/J+T7\/O2NAPdtq0XLMiM0bbHhi4LeYuOoOmUV9rG90k3tK1zsusZpz6mnnEmidfO5zNhudAKu3wfPUy6SSLx1I565JenoK9sG5rv5qOMybsDps3Y4KlDyVEj6stN0sQEecxBg6xi6k601xkx9LvgbaxyfDGPdA2qLKE+HFX2NaYNM\/VdNoo+96PwswqYFNcl1JCZl0KWyVR+v3PBYquERYyu8TV\/SqVgOEbk52nRLWr1srGlDSj7j0gXFaX1UqMi1KWkkqPQgPRn2QSGaY0O7oUpWBV1e6hUA15qjvxg1QILdh7chWVn67AleDvvl3a40xpQn8tyn8U5qH9fj+53pXXa8pEHeR9P77uaOcgB9X4N9N0l0s9CbLLhetgv+MWpj6VnVE3ki7jSbdME2vFxHjxsH91Y2QfDzycvhMZVOy7Lwf4\/1mPFtSYUvSYtN3frAfQvKkRbUz4MKr+rp0L3R5+rsC9rQ00am8DhPOEESCAv95WibdMMX19JgMeeaXA4HLV4cfxTWbf2di9sJPvOy3j8AYPCgwaHM+fRIyuTdIErWRe6rA\/6PfWKnzB9fHAbOYfDUQXPNDgcjip40OBwOKrgQYPD4aiCBw0Oh6OKORY04qjapqB2\/tlAjUXr8ekBOZxkeexBI7b2LFzVppTdTD0AH4fajR7I4W0VVWn00WI2hxqmrhOH82QxC5nGLGrPkiZ8FGHPn4qh766CndmpOJyniaSCRvK6v3gE03Pp7F7wuVsa\/0+zi4gau\/B0XhTPXpVp\/TbtDpfcKpVqZ+1hxufIyrupUBmLdYMeTpes0xFVCxckwjqxmqgEPDge1BBShWHjIHzyEbWx6kXZbi+cMgXijkOukAKRw0ka+nCXWqjej\/5p8EXLiRJbexaux5Nr9SSUSrjw+S\/uzRGsv2gQejySnm18sEGwVjLtGfm3p5Iq1b6TdHn3RoWOypxJpVos5Z1sGZRw7RshnhZO1uap6yRHviypvdXdo5IC7sGYcLG5SLCG9IBx6qkC7xWr0CBb3\/Z3soTar6Q2cjjJklSmkbTuTyTCaL8Z\/H0Hc8mukLRYu7YQ1n8MQxSwfX8G3Q+pUk0vjSpdYER+Vf6kUi2q8o7Sj92y9mZvtMH7OllO8FpKXC1cEtwm7dUUo+Y1o6SA0+hgocpCsiz6kwVx6ykZlaiRrW\/hjny4z\/PLrJzpkVTQUOr9lOXYRLimsSeiuyoJ9DAa5APNNdIBRfHcgn+1wnSVqPJOaUY61YiUc1WkiyQl+3G1cMngcQMpZoSbBI2wpPoxRm0t8eopZP3CeNYEk8cbv1vE4cQgqaCRtO5vltH+38RCRFwWGJDzm83w\/XkgZFt6LFo4wnggtvQwXj2HM12SChrJ6\/5mEePzWOhwRle\/TYNHooUTPXrKC5duuIb1WETTpXj1lAnFld2\/u+Ay6KN0wTicxEgqaDw2SNfCGzSGM9Rq7ELoXsS6f4mhVCMkevdE\/NtP7cC6F8XujiotXIR1isjSLOT5P4PthHvyM9sOoDc1H5nUOBavnnLOjuYLPml977pg\/6QXpnUz1RXkPK3M6aChz8iH\/lgBMtZ9xG6rqtTYhaFDTsOkUi17SzO+T81CyDoeTXknEn4hNGNTHYaekynvVGjhpq5TNEh7P2xE6iUbNtKfVlhfhFZ\/IQ6GfI7x6gkZeUgZqsZG2qaN1XClNqAybYa6aJynlqfbp0F\/VPmkCUff\/yc8+9LnNA4b0DZjF5k5HIm53T2ZUQJwHmqetKCzdN3yc35QcThqeIqChgbmV1Nwff9Gyfi89QA8rzai4gVWzeFwEoLr\/jgcjiqeokyDw+HMBDxocDgcVfCgweFwVMGDBofDUcU\/VdAQfRpTfpF++vi6ypHdGO1Xu58wLtiYJS15Ym8PNXrDR\/edUbgl7dHw2IPGFN1fdi7KlXKZOYZuYwtOV5lZ6RES8GKwsRy59AlPsm1yi+pw\/Jtknpl\/tIRvD3VBgvPkMwuZhmKY+Yl2FGuPYHuLi9U\/rfjQW03Ouj8uRnuPtG26bKkY3lX+yM7EHE4yJBU0ZlT3t0AHc0klXj7XFxqL4TvfjPLXsqVMZIo6zw9XRx0KxLNxNgpqO+GK6LDzk6xmG2znWaXfhc6gGk\/8u1545NnNrV7UbZWWmftuMwZPyNJ4WUovprznPeitLZAeEsveNqV9IcVedgHqOvphf3dSSRiINiruyhF8oduFD982Q8eGh2iW5aB+zyp0\/4UF1AlfeCbybiucoUXTM\/4RDPbsFseahNquXK9Ig+gIvp4dqDsraxt9xL62XyZPdsO+vRliS4LbI6KCUcI33IqSXKmdG\/cotrWSuzEUjVSjWJbLtjXdnoqRvfHqZXg6ylH+ZXJCaI4M+nCXWqjej\/5p8EXLiXJxb7g6T2JUOPjmAWm6+6BQ9E67MDoeVOcNCA1v1AoD98SiMHaySrD+vkf4jlY\/fCDc7Ksl5QFRaTepEhwX\/tZcJJQdvUkLhAfCwO+tQsNXY5Iaj\/zd6BfbhSL7qFT9cERoemO7cPDyuFh8MHZRaHrzZWH7USbp+7oh9J7q+qxvVAsHneSzSPnBjXZhu7VJCEn4FO0bPVYl5LzM1vmHLqHsFbaeCkQN4CAryHk4KnQdvigqC0ftRcL2L0YFadM8EMa+agitu6gVfCVLKPufEWGcriOFagh\/QdYr2Fa6XoWy9ZJD9YBB9SFh1F4tbPnF5HYPq5dtD6XOUCznWIWi+h7hJv3bh+PCwF6rUHVSki4qialoFL+XIqHpa6n9VFnYtUv2WXHq5WrFmyerhSLSfukb5kyHpDKN6en+FASHdJvWQuwlryjG4T8WwqiVTrcaXToyU7zwiiIML86c1KKyOgd6Wj1PA8P6UhTed0Ge63g6qmF\/ph4tW4IyPw3SP+hCTYZOMnmRvzNmZELz\/ZhUfakPA2mlKH5B8mBpdBZU\/CpTfB+JRa9XoDiFfBZ5r\/lZIQpTRjAidiFo+x6gsHyyfcZNFcj\/Ga0jLLai5exORBrt4rnhFofNT2GeEdYiizgE3\/j2YbRtNULaNBroyDqYv\/WCrQXJ2nJQ\/LYJ2uDnXO1D\/2qyXsG20vUqibJeS82weF1MFeCF8xsjKl4PYHBYnIDANRf0qYle1zGj9P0cGOgQ\/XlapL9lxdhlUboYkaiKxqHjcKzbhYo0qf1UWWj9oBLao8eldsarZ\/hJRlR3OQ8teywK0xknGZIKGkq9n7IcG8Uw89wi2O\/kofF9i\/TFE\/xDduwoYukqee0+zSrggXvCBGPQFyGih\/XDUingkMTTfbgE246tQtmmkP1TIkC6FPsmU\/uMra2hHct7axSrVitEQpEOYIZhWbjGJqQUJO275TdjVdjvsMiUg9NlgnS5Du3ANpb2i10DViWyZAn08mWNj0P7U4VyJ2pbjLAYXXDS4OdzwrXYAktqKvyXpK6RcziA1JTgNxSHJUYpYASJqVWMrmikGkXTatlQf8qCVUh9RgqU8eop\/nM2FO3xYXM5DxgzRVJBY3q6P4Uj9HQPOQOQs1Jwv7luR3mLD3l\/6MBpNs\/+bFYXFxJUtKU4Wu5FU4eHTaOQM+a+KpxfXoz2E2y5X5ZOujQIGk2CB0Q8FiTqHQ3HsJy0JlK\/f8KN4+0O0TjmPlyOVl8e6jtOs+23H9HzIQL5vIUL5rNCfEwkIxka9iEwPIxFa8nBSAJHyh0HCa5uuO6YsCpoBJtVHsB\/j72NSHj96N0UNH5mQveng1GvdXDUkVTQeJS6P+8lB4wlO5H+M23o4BPNVCIGGOeRFDpo2xbxwdHey7IGIza8boaepKzFnrqQ+Jf+fOOgx4rSLWbogmfAiUDogpj+uVVwXZqJ5zBW4vmFDjiT+JlIvYm04bxj6kW6y3049o+FpHtCugwXjCiuSoeBdd2m6PyU\/GQhvO6brJAAphRoLpNtdWE+UlfTCXqYf+bG4Hkn3KT7osjdHjn6ZYapGsX7JID59VhE3sarp5hfIyek54tRY+xEddiJhJMsSQWNRwndEZyne+GlxwM5KDynbGg6J9XRnTjrVT+aPpTXN+HAjYWKHVoLS1Up5rc1wSHGDRpsBtF3RQoiAZJ+2z86QvISxvOZsFxohV1efzgs8U8QHV5cNx9HWuTta0XndamWEvXuyQubkeexoeqQEz42S4De+dg3grzXaQquJ9mIE\/1yXeG+pvDuiZIXNiDzsor10pmRct8O+0QKzKyLYPw3I7zHhqBdo+gGyEhawRiPVCvMp22TykK6zh82wV9glbLEePUyDFtqkP71AXTK78xwkmLOBQ2kVaJmSTdK1pM+e\/ZG2K6lo+ZtkprfkKp1ufVoeG4IO2i\/fl0udl8woeH99KldggUW7PyDAfba4\/BO6JFflwfvfulnBnLf64a2tAKZbrcUOKiu7+M8eFj9xso+GH4eM\/GPCm1fzWLW\/vUb0exNRdYKVnnnOKrWN4duv4ZD2vhfbci\/24oi+re0HXuHkXqgBflLpTno75roT0q6woxNNlzPqEEx7TxEvZ1JMpM\/TK6XuN4\/zyFLigbJLJaRf9eYJ7fnsxYs\/IYE4RRWnsJ0FIxxoN\/LwVJovihCLl3n13ZP1SzGqg+DbN\/\/yIe7phnORxHgniK4TyMKgbN1KPeVom3TdN3dbti3dsP0ZeS7JhzOk8bcyzRmBS+Of2qHk\/ULArd7Yfvcj7wM9QEjcMmO5qCVfMIPl2gI38ADBuefBp5pMPxXO3Fg\/xEM3vJD82MTrB98iNKUJG7S0ac2P63FgVMu+Ce0MKSVov6DHBhm6rYrhzPL8KDB4XBUwbsnHA5HFTxocDgcVfCgweFwVMGDBofDUQUPGhwORxU8aHA4HFXwoMHhcFQA\/H9ygTzdki3W0QAAAABJRU5ErkJggg==\" alt=\"\"><\/p>","protected":false},"excerpt":{"rendered":"<p>Tegund:&nbsp;DA63865<\/p>","protected":false},"featured_media":80930,"comment_status":"closed","ping_status":"closed","template":"","meta":[],"product_brand":[],"product_cat":[588,766,515],"product_tag":[],"class_list":{"0":"post-71158","1":"product","2":"type-product","3":"status-publish","4":"has-post-thumbnail","6":"product_cat-handverkfaeri","7":"product_cat-hnifar-og-bryni","8":"product_cat-verkfaeralausnir","10":"first","11":"instock","12":"taxable","13":"shipping-taxable","14":"purchasable","15":"product-type-simple"},"yoast_head":"<!-- This site is optimized with the Yoast SEO plugin v27.3 - https:\/\/yoast.com\/product\/yoast-seo-wordpress\/ -->\n<title>Starrett le\u00f0urhulstur f. vinnuhn\u00edf - V\u00e9lar &amp; Verkf\u00e6ri<\/title>\n<meta name=\"robots\" content=\"index, follow, max-snippet:-1, max-image-preview:large, max-video-preview:-1\" \/>\n<link rel=\"canonical\" href=\"https:\/\/velarogverkfaeri.is\/en\/verkfaeralausnir\/handverkfaeri\/hnifar-og-bryni\/product\/starrett-ledurhulstur-f-vinnuhnif\/\" \/>\n<meta property=\"og:locale\" content=\"en_US\" \/>\n<meta property=\"og:type\" content=\"article\" \/>\n<meta property=\"og:title\" content=\"Starrett le\u00f0urhulstur f. vinnuhn\u00edf - V\u00e9lar &amp; Verkf\u00e6ri\" \/>\n<meta property=\"og:description\" content=\"Tegund:&nbsp;DA63865\" \/>\n<meta property=\"og:url\" content=\"https:\/\/velarogverkfaeri.is\/en\/verkfaeralausnir\/handverkfaeri\/hnifar-og-bryni\/product\/starrett-ledurhulstur-f-vinnuhnif\/\" \/>\n<meta property=\"og:site_name\" content=\"V\u00e9lar &amp; Verkf\u00e6ri\" \/>\n<meta property=\"article:publisher\" content=\"https:\/\/www.facebook.com\/VelarOgVerkfaeri\" \/>\n<meta property=\"article:modified_time\" content=\"2026-03-04T14:30:46+00:00\" \/>\n<meta name=\"twitter:card\" content=\"summary_large_image\" \/>\n<script type=\"application\/ld+json\" class=\"yoast-schema-graph\">{\"@context\":\"https:\\\/\\\/schema.org\",\"@graph\":[{\"@type\":\"WebPage\",\"@id\":\"https:\\\/\\\/velarogverkfaeri.is\\\/verkfaeralausnir\\\/handverkfaeri\\\/hnifar-og-bryni\\\/product\\\/starrett-ledurhulstur-f-vinnuhnif\\\/\",\"url\":\"https:\\\/\\\/velarogverkfaeri.is\\\/verkfaeralausnir\\\/handverkfaeri\\\/hnifar-og-bryni\\\/product\\\/starrett-ledurhulstur-f-vinnuhnif\\\/\",\"name\":\"Starrett le\u00f0urhulstur f. vinnuhn\u00edf - V\u00e9lar &amp; Verkf\u00e6ri\",\"isPartOf\":{\"@id\":\"https:\\\/\\\/velarogverkfaeri.is\\\/en\\\/#website\"},\"primaryImageOfPage\":{\"@id\":\"https:\\\/\\\/velarogverkfaeri.is\\\/verkfaeralausnir\\\/handverkfaeri\\\/hnifar-og-bryni\\\/product\\\/starrett-ledurhulstur-f-vinnuhnif\\\/#primaryimage\"},\"image\":{\"@id\":\"https:\\\/\\\/velarogverkfaeri.is\\\/verkfaeralausnir\\\/handverkfaeri\\\/hnifar-og-bryni\\\/product\\\/starrett-ledurhulstur-f-vinnuhnif\\\/#primaryimage\"},\"thumbnailUrl\":\"https:\\\/\\\/velarogverkfaeri.is\\\/wp-content\\\/uploads\\\/2026\\\/03\\\/0aa0245d-628c-44ce-8bae-05cf5be0940b.jpg\",\"datePublished\":\"2025-03-20T13:26:09+00:00\",\"dateModified\":\"2026-03-04T14:30:46+00:00\",\"breadcrumb\":{\"@id\":\"https:\\\/\\\/velarogverkfaeri.is\\\/verkfaeralausnir\\\/handverkfaeri\\\/hnifar-og-bryni\\\/product\\\/starrett-ledurhulstur-f-vinnuhnif\\\/#breadcrumb\"},\"inLanguage\":\"en-US\",\"potentialAction\":[{\"@type\":\"ReadAction\",\"target\":[\"https:\\\/\\\/velarogverkfaeri.is\\\/verkfaeralausnir\\\/handverkfaeri\\\/hnifar-og-bryni\\\/product\\\/starrett-ledurhulstur-f-vinnuhnif\\\/\"]}]},{\"@type\":\"ImageObject\",\"inLanguage\":\"en-US\",\"@id\":\"https:\\\/\\\/velarogverkfaeri.is\\\/verkfaeralausnir\\\/handverkfaeri\\\/hnifar-og-bryni\\\/product\\\/starrett-ledurhulstur-f-vinnuhnif\\\/#primaryimage\",\"url\":\"https:\\\/\\\/velarogverkfaeri.is\\\/wp-content\\\/uploads\\\/2026\\\/03\\\/0aa0245d-628c-44ce-8bae-05cf5be0940b.jpg\",\"contentUrl\":\"https:\\\/\\\/velarogverkfaeri.is\\\/wp-content\\\/uploads\\\/2026\\\/03\\\/0aa0245d-628c-44ce-8bae-05cf5be0940b.jpg\",\"width\":521,\"height\":846},{\"@type\":\"BreadcrumbList\",\"@id\":\"https:\\\/\\\/velarogverkfaeri.is\\\/verkfaeralausnir\\\/handverkfaeri\\\/hnifar-og-bryni\\\/product\\\/starrett-ledurhulstur-f-vinnuhnif\\\/#breadcrumb\",\"itemListElement\":[{\"@type\":\"ListItem\",\"position\":1,\"name\":\"Home\",\"item\":\"https:\\\/\\\/velarogverkfaeri.is\\\/\"},{\"@type\":\"ListItem\",\"position\":2,\"name\":\"Vefverslun\",\"item\":\"https:\\\/\\\/velarogverkfaeri.is\\\/vefverslun\\\/\"},{\"@type\":\"ListItem\",\"position\":3,\"name\":\"Starrett le\u00f0urhulstur f. vinnuhn\u00edf\"}]},{\"@type\":\"WebSite\",\"@id\":\"https:\\\/\\\/velarogverkfaeri.is\\\/en\\\/#website\",\"url\":\"https:\\\/\\\/velarogverkfaeri.is\\\/en\\\/\",\"name\":\"V\u00e9lar & Verkf\u00e6ri\",\"description\":\"Umbo\u00f0s- og heildverslun fr\u00e1 \u00e1rinu 1919\",\"publisher\":{\"@id\":\"https:\\\/\\\/velarogverkfaeri.is\\\/en\\\/#organization\"},\"potentialAction\":[{\"@type\":\"SearchAction\",\"target\":{\"@type\":\"EntryPoint\",\"urlTemplate\":\"https:\\\/\\\/velarogverkfaeri.is\\\/en\\\/?s={search_term_string}\"},\"query-input\":{\"@type\":\"PropertyValueSpecification\",\"valueRequired\":true,\"valueName\":\"search_term_string\"}}],\"inLanguage\":\"en-US\"},{\"@type\":\"Organization\",\"@id\":\"https:\\\/\\\/velarogverkfaeri.is\\\/en\\\/#organization\",\"name\":\"V\u00e9lar & Verkf\u00e6ri\",\"url\":\"https:\\\/\\\/velarogverkfaeri.is\\\/en\\\/\",\"logo\":{\"@type\":\"ImageObject\",\"inLanguage\":\"en-US\",\"@id\":\"https:\\\/\\\/velarogverkfaeri.is\\\/en\\\/#\\\/schema\\\/logo\\\/image\\\/\",\"url\":\"https:\\\/\\\/velarogverkfaeri.is\\\/wp-content\\\/uploads\\\/2021\\\/10\\\/vv_logo_350x100.png\",\"contentUrl\":\"https:\\\/\\\/velarogverkfaeri.is\\\/wp-content\\\/uploads\\\/2021\\\/10\\\/vv_logo_350x100.png\",\"width\":350,\"height\":100,\"caption\":\"V\u00e9lar & Verkf\u00e6ri\"},\"image\":{\"@id\":\"https:\\\/\\\/velarogverkfaeri.is\\\/en\\\/#\\\/schema\\\/logo\\\/image\\\/\"},\"sameAs\":[\"https:\\\/\\\/www.facebook.com\\\/VelarOgVerkfaeri\"]}]}<\/script>\n<!-- \/ Yoast SEO plugin. -->","yoast_head_json":{"title":"Starrett le\u00f0urhulstur f. vinnuhn\u00edf - V\u00e9lar &amp; Verkf\u00e6ri","robots":{"index":"index","follow":"follow","max-snippet":"max-snippet:-1","max-image-preview":"max-image-preview:large","max-video-preview":"max-video-preview:-1"},"canonical":"https:\/\/velarogverkfaeri.is\/en\/verkfaeralausnir\/handverkfaeri\/hnifar-og-bryni\/product\/starrett-ledurhulstur-f-vinnuhnif\/","og_locale":"en_US","og_type":"article","og_title":"Starrett le\u00f0urhulstur f. vinnuhn\u00edf - V\u00e9lar &amp; Verkf\u00e6ri","og_description":"Tegund:&nbsp;DA63865","og_url":"https:\/\/velarogverkfaeri.is\/en\/verkfaeralausnir\/handverkfaeri\/hnifar-og-bryni\/product\/starrett-ledurhulstur-f-vinnuhnif\/","og_site_name":"V\u00e9lar &amp; Verkf\u00e6ri","article_publisher":"https:\/\/www.facebook.com\/VelarOgVerkfaeri","article_modified_time":"2026-03-04T14:30:46+00:00","twitter_card":"summary_large_image","schema":{"@context":"https:\/\/schema.org","@graph":[{"@type":"WebPage","@id":"https:\/\/velarogverkfaeri.is\/verkfaeralausnir\/handverkfaeri\/hnifar-og-bryni\/product\/starrett-ledurhulstur-f-vinnuhnif\/","url":"https:\/\/velarogverkfaeri.is\/verkfaeralausnir\/handverkfaeri\/hnifar-og-bryni\/product\/starrett-ledurhulstur-f-vinnuhnif\/","name":"Starrett le\u00f0urhulstur f. vinnuhn\u00edf - V\u00e9lar &amp; Verkf\u00e6ri","isPartOf":{"@id":"https:\/\/velarogverkfaeri.is\/en\/#website"},"primaryImageOfPage":{"@id":"https:\/\/velarogverkfaeri.is\/verkfaeralausnir\/handverkfaeri\/hnifar-og-bryni\/product\/starrett-ledurhulstur-f-vinnuhnif\/#primaryimage"},"image":{"@id":"https:\/\/velarogverkfaeri.is\/verkfaeralausnir\/handverkfaeri\/hnifar-og-bryni\/product\/starrett-ledurhulstur-f-vinnuhnif\/#primaryimage"},"thumbnailUrl":"https:\/\/velarogverkfaeri.is\/wp-content\/uploads\/2026\/03\/0aa0245d-628c-44ce-8bae-05cf5be0940b.jpg","datePublished":"2025-03-20T13:26:09+00:00","dateModified":"2026-03-04T14:30:46+00:00","breadcrumb":{"@id":"https:\/\/velarogverkfaeri.is\/verkfaeralausnir\/handverkfaeri\/hnifar-og-bryni\/product\/starrett-ledurhulstur-f-vinnuhnif\/#breadcrumb"},"inLanguage":"en-US","potentialAction":[{"@type":"ReadAction","target":["https:\/\/velarogverkfaeri.is\/verkfaeralausnir\/handverkfaeri\/hnifar-og-bryni\/product\/starrett-ledurhulstur-f-vinnuhnif\/"]}]},{"@type":"ImageObject","inLanguage":"en-US","@id":"https:\/\/velarogverkfaeri.is\/verkfaeralausnir\/handverkfaeri\/hnifar-og-bryni\/product\/starrett-ledurhulstur-f-vinnuhnif\/#primaryimage","url":"https:\/\/velarogverkfaeri.is\/wp-content\/uploads\/2026\/03\/0aa0245d-628c-44ce-8bae-05cf5be0940b.jpg","contentUrl":"https:\/\/velarogverkfaeri.is\/wp-content\/uploads\/2026\/03\/0aa0245d-628c-44ce-8bae-05cf5be0940b.jpg","width":521,"height":846},{"@type":"BreadcrumbList","@id":"https:\/\/velarogverkfaeri.is\/verkfaeralausnir\/handverkfaeri\/hnifar-og-bryni\/product\/starrett-ledurhulstur-f-vinnuhnif\/#breadcrumb","itemListElement":[{"@type":"ListItem","position":1,"name":"Home","item":"https:\/\/velarogverkfaeri.is\/"},{"@type":"ListItem","position":2,"name":"Vefverslun","item":"https:\/\/velarogverkfaeri.is\/vefverslun\/"},{"@type":"ListItem","position":3,"name":"Starrett le\u00f0urhulstur f. vinnuhn\u00edf"}]},{"@type":"WebSite","@id":"https:\/\/velarogverkfaeri.is\/en\/#website","url":"https:\/\/velarogverkfaeri.is\/en\/","name":"V\u00e9lar & Verkf\u00e6ri","description":"Umbo\u00f0s- og heildverslun fr\u00e1 \u00e1rinu 1919","publisher":{"@id":"https:\/\/velarogverkfaeri.is\/en\/#organization"},"potentialAction":[{"@type":"SearchAction","target":{"@type":"EntryPoint","urlTemplate":"https:\/\/velarogverkfaeri.is\/en\/?s={search_term_string}"},"query-input":{"@type":"PropertyValueSpecification","valueRequired":true,"valueName":"search_term_string"}}],"inLanguage":"en-US"},{"@type":"Organization","@id":"https:\/\/velarogverkfaeri.is\/en\/#organization","name":"V\u00e9lar & Verkf\u00e6ri","url":"https:\/\/velarogverkfaeri.is\/en\/","logo":{"@type":"ImageObject","inLanguage":"en-US","@id":"https:\/\/velarogverkfaeri.is\/en\/#\/schema\/logo\/image\/","url":"https:\/\/velarogverkfaeri.is\/wp-content\/uploads\/2021\/10\/vv_logo_350x100.png","contentUrl":"https:\/\/velarogverkfaeri.is\/wp-content\/uploads\/2021\/10\/vv_logo_350x100.png","width":350,"height":100,"caption":"V\u00e9lar & Verkf\u00e6ri"},"image":{"@id":"https:\/\/velarogverkfaeri.is\/en\/#\/schema\/logo\/image\/"},"sameAs":["https:\/\/www.facebook.com\/VelarOgVerkfaeri"]}]}},"_links":{"self":[{"href":"https:\/\/velarogverkfaeri.is\/en\/wp-json\/wp\/v2\/product\/71158","targetHints":{"allow":["GET"]}}],"collection":[{"href":"https:\/\/velarogverkfaeri.is\/en\/wp-json\/wp\/v2\/product"}],"about":[{"href":"https:\/\/velarogverkfaeri.is\/en\/wp-json\/wp\/v2\/types\/product"}],"replies":[{"embeddable":true,"href":"https:\/\/velarogverkfaeri.is\/en\/wp-json\/wp\/v2\/comments?post=71158"}],"wp:featuredmedia":[{"embeddable":true,"href":"https:\/\/velarogverkfaeri.is\/en\/wp-json\/wp\/v2\/media\/80930"}],"wp:attachment":[{"href":"https:\/\/velarogverkfaeri.is\/en\/wp-json\/wp\/v2\/media?parent=71158"}],"wp:term":[{"taxonomy":"product_brand","embeddable":true,"href":"https:\/\/velarogverkfaeri.is\/en\/wp-json\/wp\/v2\/product_brand?post=71158"},{"taxonomy":"product_cat","embeddable":true,"href":"https:\/\/velarogverkfaeri.is\/en\/wp-json\/wp\/v2\/product_cat?post=71158"},{"taxonomy":"product_tag","embeddable":true,"href":"https:\/\/velarogverkfaeri.is\/en\/wp-json\/wp\/v2\/product_tag?post=71158"}],"curies":[{"name":"wp","href":"https:\/\/api.w.org\/{rel}","templated":true}]}}