{"id":71125,"date":"2025-03-17T15:11:17","date_gmt":"2025-03-17T15:11:17","guid":{"rendered":"https:\/\/velarogverkfaeri.is\/?post_type=product&#038;p=71125"},"modified":"2026-03-04T14:46:34","modified_gmt":"2026-03-04T14:46:34","slug":"starmix-filter-aeroxx-750-pre-filter-466118","status":"publish","type":"product","link":"https:\/\/velarogverkfaeri.is\/en\/verkfaeralausnir\/rafmagnsverkfaeri\/aukahlutir-med-rafmagnsverkfaerum-fagmenn\/product\/starmix-filter-aeroxx-750-pre-filter-466118\/","title":{"rendered":"STARMIX F\u00edlter AEROXX 750 PRE-FILTER 466118"},"content":{"rendered":"<p><img decoding=\"async\" src=\"data:image\/png;base64,iVBORw0KGgoAAAANSUhEUgAAAXAAAAA4CAYAAADkZaOKAAAAAXNSR0IArs4c6QAAAARnQU1BAACxjwv8YQUAAAAJcEhZcwAADsMAAA7DAcdvqGQAABx8SURBVHhe7Z1xaFvJnce\/dzWsIH8ovZS+kC1WyYK09RFtXbC2KWt196i0SYl2fZzlGlaRD2LXC45s2FVyXCKlbKTsH4kSSBSXSyVfa1nLuVGOJqtwm1qBpPKyITI0RKHJStBwMjREBz6iP5Z1wIfuN++N7Pck2ZYd21l35wMTW\/NG82Z+83u\/+f3mTTx\/UyqVyhAIBALBpuNv+U+BQCAQbDKEARcIBIJNijDgAoFAsEkRBlwgEAg2KcKACwQCwSZFGHCBQCDYpAgDLhAIBJuUTWDAS8icdcEs6aHXU5KMaO+OIDPLLzM+6ZWv9X7CP28wpckAHN\/j7etMUIsF60LNOBeR6LfA2BFBgeesF8WkB+3NfIy3NcOyz4vkNL\/IeM46KPh6sowBn0AvU9iaJMH4ei8iU+tvqoqjLtiOJTHb6kbwQhyhQSu2PilBp+MFnjePYnDtCyGtc8jtix+1Qs8vCdafL\/+SQ\/EvJajn8zXnlhdtrhiykh3eM3FEj7lhePIEs9v4dcHSzBaQHGxH8zZuPyQzXGczDTk6pVthuFqledvT\/LoHyYd1RpvGSJq3T9q0bpPqzAR8r\/G2bTPCNZrjFzaOxjzw3R7ER8k4VdKZPhgeJeD9yS4Sznoa8QIu\/joNSF5cuhaGp9uBvqNRJK95YeYlFmOinw1eL01B60sxlUAaErz\/Hpfb5yBlE2wUEtxXSyhNeWHiOUuxWp2YiEfI2NgRvZmA\/4ADzqEgEp9G4dzCCyyG8MqJImKdZLBHS7Aei8r2I\/QzHZLHbGj\/IMvL1KdE8tu1x4fMSwcRlW1PCG+XyGFqtSH8kBeqwCZU6GDucMPdo03W7\/Ayawr164AT4a1BZPJ5ZM68gtRgL8LqqGwDaMyAG6xwdJBxqqQDQaSmEnDqS0gcPod1nXeeUtq29Svr1c4+KdK\/W7FVuN1\/vcyxf8j4L2ewBbXc+RWCk4DlZArxIadsP\/rOpZHo1qFw5iQSX\/ByNWRxbiiBUlsIk5f8cMq2pw\/hm2GaSrMI\/luGl1Mo5Nlk4MDhkTDC57TJvUsps7bo8fYv85j+bR9MkgTTTgPP31hWvwaut2PwAHmb00lMyLMhX27pjyF9pF0JZ\/oXfJ3Zh0l4Xm9Wwg29BLMrjMxSzrvsvZjhu0+\/3\/fBrKpP9qR2h+uuexbOWuR7OMfZJzbJaNtBLUHhsmo9syacKyC8m9UfQnLUBSML++reS+mv+RibvnLwtbL6LBrPoDQVQe98n+uFf43eawFtSEly3BfAxAy\/WOFREr595vmQUmp1IXyrjrBnMoj0q0Lb5nZ4kmxCqrB0+7RjyvpXb1ltOXkvwlxRDrsrfZBlV+PdVNpXaVP99n62rE4swsMwLNXf4\/dS9GwRb55\/T9+dkD8muul3TdnlZaLUb0EoSR6n\/H5Fq1taWH0+OfqT66v3fFWigXh6PuxfiAwaG6PSrTr6\/IhfXITCZxPkq1qxv0Mdmepg3+egnyncXsIJN+xxw\/v+WxRnqdD\/GNYWavGMWk+pbeSBQ7cVUhPPaIgFm6V5z0bPgS9Fvec6WHk+5OdoXr910O8gObJJ\/VECrncieKHbD3ezcnWjeKaXmPqtW\/lvKsY9cIwAVha+\/Gi7kpcPw0adv9LkRoiFQhcOwpD2wbbLi4zs3dThjdPI51PwGul3oxcpClPyJ63KtSUw9Kboe3lEO9gnB6JV38udtcHccwU6V0gO56KDBqQpnNt1WDuj434ArvcyMLGQ7B9NNFzVWHGa6k69x4J3E7zX6T7U3j4+gLMpD3b9xEsextu8z0FYK+FfXikzz7L3UqiElGkDDymZHLMhOFvJOFT0ioxH+\/dI0fImHGRr8hR29m2jh3ZP1XJXiZSX2uK9sR19w6xcFN4fFBBztcGTqlpjrNe+RzG6rwuxEu+fHN4qy2reW\/K3ZBqWt4YSJgbaKOzOwtCjfM\/\/o88xcFgxiMtS1d6XltGJRWnuk\/VO872rfVjW1+Lfy19gRoq+eYHpxmnSGIXGZZJDwOVB5iUn3D1dMC0SASj1hVFsD8r1xc90AUl6vt6udQYSAw5EqCXqpYVG2qPonhfpb\/Vx3fPilYekzz\/0YGJRL5rqvs8stITt1SuLppfpqZllKx+LYIabvGf\/3qovzuVwl5w63TZt\/uNHzKDfxtGVOIkVmM2KfxMe9ryc8cBCHn64sx3mNiMG7v8Y\/hEl3zzDHKP3tf3Nx+D4YS8yjjjuDds3fqWA\/TXCxVOi7ATK6E7UuVYsRx10DfZy9JGqrN5ZTkyry2XLwRbKb\/GXMzOq\/JveMj0IZeu5vKpsdap8N1jOqvIT3VV54072FxXLzvGqMqC2VMqwdCdYJnNbNv0is5BHafI9A5W1lsN59pnfE+ZycGqhzGIpe9xEZU3l4B11fqbsba7T52mSkZ7y20LlvJy3kntV6tTKovQgVLawPh3P0mc+JjpnOa4eg5lMOdjK8vvKSd6e\/Dl7WdphLYfU7Z5Jlvt0VG5vtFyU8xZvX\/ZDs9xvvzp\/Oly2Mx1wcX1pSN510nVPmR6EsuG9SU3+9LCdvqce52r9WFqedXWigVTve8q4q\/Lq6GDdvAZlotSPsvm4tlxtSpY9zVJZ6tc+o\/mTFvq+VPbe5Hm8LRQVlKdV5RprT74c3kv3eCOk1b2rfWWazMv2keJCXlVaVOaV+8p6W3VtsfQoUw479FQfja\/meauMu1S2dHrLodFQ2btXkR+aveVJ9TOoSdxmVT+npH80PdTkF0cU\/XNf4p9v+ctm+mweSpSz+XyZnITytGwLNy6tzgOfLSJ91on3k+SFu\/rgUHsGe7tgV09DDz\/GGM2Y1nf3w6QOb1rfhJ1GP\/3ZXZ6x\/hSSY+TTWHHwHVIdFWa7nbzKNNJ\/5BmMli68xbz\/1XDnIsYo3K\/pc2XZaepj\/F4dATZyr\/k6u7Qe4I79OH+ZPFQrCfOLJC7SmOh6fg6HegyaTOg7SKZ1dgwfTylZUk8C+QdJ9O1UPss0GWBgnwuPKexVUad9ksRaUcDtWwXyozh6N+hBRYk8EcaK5K0iNzlBPji1eb\/2VbWeQtmGeJaxW2dWJhMTuhzacrVYEbzHIgpF5hWkZjY+RTaUGuwdWi+xsfZIcI\/TPS5XRR8vkr7Qj8JftMsZa01lWVS\/wwJP0gDvpyl41HpLrfDcmEZ+OovUiB99HX3wj2eQOU76Mx3C0Y+WaZ\/ZrH1Oybtnawsmp0OTr\/uBVX5Z\/qW8alBA5ECAfHUgS7bQbDTCSMkWXWoBdO1pzICPO3lYwpNkhONYGjpbGKmzbKCXIHeXFIQM9aBRW4fehkjlyefrcwtpfXaP5O7LLYHHqL4XpT2RBSO0FjwuyAZQ+nZ13Ei6YmGBdAbZRdczF2HROnUwvcF3vxQfyyGz4cXa+yrKN4tcfkGZ2Rq2b59lYQ288s6hAXQdpxHt0GNi0AxpWzPau30Ip3KYVS2JrVbehRz7Hj1Umof0r4N10cG5EjIXetFurKyBU+Lr78vReHv4Onvbwhq4vtUnP9vrjbRXWdphy5BOYxah1x21y5A6PSS91hKZBg6DPOzVO4nfWMqy0aRxi5wV5rCoUmZIM8WtO40Z8OpthJcmkZ0uIn\/JrZ25lsAypPq+Or37CvDKYFX+ICh3naBZXHOvhTS4fjddYLE1\/\/Vmjm3nUXEnACtbw25yYPh6Vl4jnn\/n0AhNEpyjeRQfTCJ+zI3tj2PwdVogtTgR00xOz1neX0nWUiYlJP65GbbDGXz\/XxLyljZ5LPn6e2Ms357sCSvMPTGgYxiTzONn97jewPbNxewD10ezcXmDpzPyXXDdHkRvTcK7IwPfezFtlFiPJiNe\/opGYmtFYwa8ehuhzQxD1Wy3KNsNylvkFy3aOiqJeY47zFX55NXJX15btu9QajVY1PdaSOYd8uVnh\/e5+D+1Kpb9Y5r+tcC8Uu\/yJfbShx7XL2r9NPZGvliifGn7oiHtbPY2eUvkrZOXxpiIhuizE9FLfhoDaq8kyWlrgxOyfM+ZWejY2LF90TenUbzlh6k4Ac9pJX5arbwNJtbTHHIbvKd2I1hzHZyO4VySvM3jSYQPUJTFx7HaG12MxtozgchJ8rW7o0gepbxmfo9tdTYxVGFqYctgdcYy97msj\/X2QciQHoUGPQilqnS5yYxXf0Q\/J6cw71ffi8Ez6EOiJqot4PNqT\/2vjGfahdIQrW+iSw9kTpxCusr25JJJ5FYdN64c80+7oEcGgVBaGx7O5ZC8TOE\/\/\/jMtHZhfzOFbv82hpza4y5N4NwIKWTbW3hTeW4ah7wQ9m5hgurUqHQpgf07jbCdLwBbHOgix2t29FdIqt++U\/8i58mo6vbjrbZKnvJD45eXsrjb0NJOERd7jDC2+JBW9U\/XYoeD9YvnrVbepj0OmoiyGLukDdCL0xu7vrgerLkOkqzlMfw\/7TdzD5b+TzIVGm3Pl+yfqiiu9Ke7NbtcqjG8YZfH8uNP1FpLUcNHbInHAXtFH6vZBnw+GkNgJK3dzjiXQfoG\/WxvW4jSvw3892gYgTFtn0vJi6C5jRzOBnYcbVLW34CTt3noghP6UgSO3S6Ex5OkGAmEe8ywuAYQYPst1wGD\/BJnArGzdL8bXBHbDiHarUdpxAFLTxiJy3RtPAxXmwWuwQBS1fupV40Jh864ob8fgGW3B5HKfV53IlEyI\/jLvlVEGFyOU160dQR42wNwtvViQu9E6CDzWnVwHg\/CPJugPjkRkGUdgW+PDb47ejh\/44eVe9hWGwuxqdzuXnlMIiecsOx0IdGQBZHQNUT9m2VjyvtHYxro7ESIntP5B2a18m4ZRIi+l\/vAAstghOqm9h2xoW3JrYfLU1cn5PcvS+2xfgYMyku+iY\/C1Ic0cmz72Vrr4E6aNMlZyH3ggO0IyYrq8uwxwvJBg6vTDbXHijeZulxywdLPykQQ6Lag2ZVYfsKhsfTvJQfucDucJxLKWA60y3vQzccPwV6J+KYC8r59R5wb+iY7DrGXkDQ+bZ1c32Vd7kS4qId7qGvhGZLc8PfrUTjTPq8vyREP2ln7WoPwdzS4WrCGZE4Yod\/mQGyZffLPygYYcEC\/N4p710Nw6tPw9bvg6unFqYIFoWv3ENdsl1g7TAfPw7PrKZLH6H4n0txr1cN+4R5SJ8kQ3vCht4euDZxCwRJC6k4cjjX82xbsBa\/c5y1X4GX36SdvVe9G\/E4KnlWuy8lyvBaEtXBeaXv\/eeQsQWp7dGHnz04PJh\/E6R45nJdl7UVkxoogyTq6d0HWus448nE3zNMJeUy8Fx7j1d9kEe+ki\/fvIquOHOpQ0z8a0\/N\/NsETz1MdlQdmtfKm7w1PIU6TfGHUS3W7EPjsZQxf9i+\/5roE9XViHSHjdX7AjKdJH\/UhgLRsDNdaB03wf5pCkAxsZphk1R\/EH77lQeqaIqvsg+UMeSPtIcfgNzSubDzGWRnSqcevki7H5ZeEuexS3j45DkwneiTcPtMrj6X3Ek3yx1O4OqQeTfLuSeeesKVAjmkoheyoB6Y\/c32n+8bm7Ahdv4ewTWuULSeVPrxwWdEX1+Er0HdTH67Q9xtcFlxTWLAy9wSq7qwL4lR6wdea3Bny8j+QEM4n4V55WCQQPFc2xAMXCL6aFJH+L\/JQHW50CeMt2IQIAy74+jJzF9mSBcFjTmz8KqlA8OyIJRSBQCDYpAgPXCAQCDYpwoALBALBJkUYcIFAINikCAMuEAgEmxRhwAUCgWCTIgy4QCAQbFKEARcIBIJNytfCgFcOiF2XP1gk2Dj4wR8Lh\/EKBF9vljHg\/NTmxdIyJ6gLBAKBYP1ozAOvPpGnkj60r8vBC4INQHizAsGmpzEDXn0iTyW9YRJ\/Q0IgEAieE2u3Bj5XRPKIA2aJL69IZrjOZlBS\/13pitcXT8P3mnIA6+IeIDtE1YP2Zl4fOzi3P4KM6vyHxda2J\/rZd2oPRn5aSMLzeuVQVonqi9WeCDSTQdhlhiSX0UNqdcCXrP3L0exAYHVdZldY0zYZua7KYc68TLzqAIFFPOG6fWOH1551Lci4uR0eTdsKCO+m\/N10n6kwXK38kNttRmUsWJGHYVhYHj\/0NtHN6lr8EGmlHQ5EpqpkN5hEUTW2jY5FpVwoGYPre+zawne0MtWj+fVexO7X+YPKTNcG2+cPY5Ze8yBZ\/YfzZwv19ZFfrlDvnpGpmlJaXVykLoFgo1kjA06G4ydkJIZzMA1G5eWV0AEJ6WM27BqYqFH0xAAZBFjh7nHD+h2eWUVx1Ckfolpy8BOpT76N0rgXtl1eZJY5bKA+OQQ6BvD5j\/xK+wbYH6f3wNKpOhx1LgNvqw2+tAEHL7BloigOGu7KRtgxqjKU+TBsrS5caXIjxNp24SAMaZ+2bZW6kjo4jjOZROH5uzE4Bho7LbyWEiYGdsF2LAvzES5jRwmx6rYxHp5C574xfPMgKxeCp3UWyWMOvP8JGcPmPqRUh946LrADak\/TaCxFGt497+Ox7bTcj2CHhOyoC0ZXYpVGjMbC5UHmJSfpQBdMWyiLyzRWeluRKbX77VICnt22mhPIJwba8f4jO06PxBE97oB0jyaDf1K9j5nLIbyHjOyFIn78IauLZNUJkoEN+4ZVb20exeCsc0\/vT3bBe4uXIXJnbaSLV6BzKboYHTQouv2MJwQJBM\/Kmhjw2UtH4bujgzM+hcRRp7y80vdhCqnjZjK6+xGY5AU5zPvLf5pA+FwY7l08U0MBF3+dBox+JIb7lOWaA2FMDtvJjkUwxs7EWwXWc1NIfajUJ7fvFyZg8hBOVR7WG2OIkEVyDifh72bLRE74L12CRyIT9uuL3EDQZNXjQ7bFj9S1IPpY27r9SF7xwkBtC3ykGNPiyFGqi8lkEvEhLpNzGSSHVvfWYPaT97F\/\/Km2vuFJRPdS2w6fgsaUzBpwaJK8\/wOsD30IXjkNO3mRiask0yYdeZALh97qyJuWyEtdeimMnchSGVsnPKNZpMizxicBnLvPi6wQ8\/EM8lejpANe2CVq23GSqc6JxKdhRabU7jB5\/X26LHz8kOR59p7H1CU\/nFTOOUSG9z2S6f2L+LhycO4tGseihL7xigyYrFIItQHZszFUzo8p\/C5CU5MJ\/t+q7nkzTLIqIRLn96SIZT9NmqZfkL5w3XEeTeLqewaULgQQq5o7BYKNpDEDPu6cDzEXUiUsJu\/uUpKe8f34edXxaKbeQdlwjCW1noq9ww5tyWokbGee+fRt3H64EELrmcdXKiFs4xkrwgR7u9Z4mjr3w0ztS2e4V\/bit+UzDLNTqqWfJguC+RJKNz3yNTz8GGNktKzv7tce1dT6JuxkBdOfsbOyqc4brM9d6KqSSSMnedcjfTmB2RoZ62HdS77zbJrkxLMYLV14S31s2xYzXmWfVxW5MAx45e+1\/bDQ2JpoMpu4sZp9SCaSi+o4rS+SuMhUqOfnsDNvvEKTFYeukYHuNpBEF6jWH\/MPWPygHMkl0x5E9kEeIY2eSDC8RD+KBTxWMmjiYiNawO1bhYX69W4kSMdKzFkgCskxihesOPiO9jA3s91O01oa6T\/yDIHgOdCYAa+7C2WQnwpdxGP2DO801O5I2WKBtYXsy\/3PV3j+IHl8J6Nw6Cco\/JfktV7nkTAm8nXWQ5+FZpN8bmDuPj83sGUQ0cMWOWRu3ibBvK8XgXgWRfVtc3fpgSaDOlhZ264kGyLz5bhMWoxy\/c9OATnmNs5GYNPcUw\/jIHnVy6LDC2t9LqDRTJMfkC+sgQtafCxHN4YXa6MT9g5i2Zfl9fo2k0Gkvx3Gyho4Jec4v8bRdZxGtEOPiUEzTazNaO\/2IZzKYVY10Sm6kYbHqJW7fk9EM6kIBM+Dxgx43V0opPT88uLM4ulqvb4dTsTvF5G\/GUfQtR2P4z442yQYO2Pyw74+6GE5mkJxOoPkmYOwIIPzA2QEXrTAd0v7uFpY6F4zqVF6V5nW1gXJyddqq1MI9uUH4+tDKQGX0QZv5vs4dCmDPFvzpxTt4NcrNElwjuZRfDCJ+DE3tj+OwddpgdTiREzzMtYCT125xzG4jsMtECzHGqyBS9jOItGHhVov+4ssbufJ02l5uQFjr2JuFqViEaWnOtkD83yYwOR0EZmjJhRTHoRSvNyz8jAnr4eaWhQ\/ebZURLFYIjtugvWAH9Gr5H0\/jMPZlEP4XyPKxEGdlftCRr12UqNEEQNbcvguRR51ZbIquIxLW2HaV+eeHVblReBGks\/KsjMa1mDmaP6u7M0\/eVL7SlQek5mV+bqF+Dkk50wI\/mcYfe0mSGzNnxJf9p9ndkapW7fDDMdQEImb0yje8sNUpMiPr7tv36H0z2CpJ3cHzDvkywLBc2ENDLgOjk4HPQ1j+FVS+wDmoucwQdf3Oyw8p0FmLpIHZYTRr14e0MFkc8jG80vu1Rt2ssc+h7t8BUShiMKf+a8acriY1BRE7jJb3zTAYZNXt5E9YYbR2Ikx9Za0bTa8+Qb9fKp8ZGvdXXogc+IU0lV2JZdMzm9LtFjZ2nStTIozT\/hvnJdelpdZsnltXFEoqD\/rYN3H6ovg1EhV\/FFKI5mqNXxrSwF3\/6S9R\/Y\/YrLs7G8oslvZWFTRZIGVZFz8ZQxpdcQ2l8Wp10gPhpIrW66YUwZLE\/3N0WRdeXspU8TFHqq7xae5p67FDgdTMp5n\/mkXxWUZBEJpbRuovuTlnFhGETxX1sCAk9J3nkCwdRYJVxucJxKk2ElEjtjkLW\/67jH423nBRpG64HHpMTvigGUwIteXHA\/A+bMQPXYOvFnZ8\/YPb9InINHvQGCclQmjt80I75RyuZrsMct8fZFB+v0DsjZ7\/Rhk3jJheddHnmAG3tedSn1yOau8R9uwz668xKRw+tAFJ\/SlCBy7XQjL5RII95hhcQ0gwI2p9M4JeJuZTNrhOstlQve0na3yyY3kyTWT6TtGkcYIqysC3x4jHCNa0yB1h0jGbMdJO2xHuExG2NZFB1wnIrX72ZfDYJD7M\/FRmOpKI\/eFkl2f2n60nynQ2IbmZbfSsdAiwX0yCDNNUI42DyKsbyQHz+52hKbNKz502EATvYEmk8A+G3wk08RZD2wtFgQ0O2YkdA25oWf33F25ZwKBzk6EaIgcNq5kbYcQ7dajxHSxJ4wEK0d9c7VZ4BoMIDWjFMucMEK\/zYFY9X50gWAdWRMDTo8MPNfziA+YkDvXC1ePC96RIqzHU7g3vNyOk3roYB++h9RJJ1647JXrc\/WfR87oQfxBHM7KcsEWJ4avB+HYkkaon8oMnEJudxxJtj2wBjIEV+N4NRtQ2jdagLknjnycjDEvgZ0eTFL9HmMO51l9rNzlF+A8mcLk0YU69XujuHc9BKc+DZ9crhenChaErt1DvLJLpMkM\/6cpBB1sDzaTSS\/C\/7sf4aHqtpng\/30c7l1FxN5jdfnw8bc8SA07+XVOk4nL+BUUR7hMjnwMnSuO7DUvTCuxcIyWQZwfMONp0kd1BZDmhqg+1MZLJ\/DN370v37ciuyn12K5oLOpAY5u6Q3LQX4GX9a3Hiytb3IjfSdF48DKN0uLHJGvLNzIIk0x7P\/wDpAG+bRRZinaUYjpbWBnHLZV79uL8n0nOcZJzZ0WgetgvKLqov+FDLytHfStYQnJ7Hdt4Meb0zz1BSbjkgg1EnEq\/wbD\/iWg+BgTvZODZyTO\/wmy29goEXyfWyAMXCAQCwUYjDLhAIBBsUoQBFwgEgk2KWAMXCASCTYrwwAUCgWCTIgy4QCAQbFKEARcIBIJNijDgAoFAsCkB\/h+so68Rv3BtiQAAAABJRU5ErkJggg==\" alt=\"\"><\/p>","protected":false},"excerpt":{"rendered":"<p>Tegund:&nbsp;466118<\/p>","protected":false},"featured_media":80934,"comment_status":"closed","ping_status":"closed","template":"","meta":[],"product_brand":[],"product_cat":[739,592,515],"product_tag":[],"class_list":{"0":"post-71125","1":"product","2":"type-product","3":"status-publish","4":"has-post-thumbnail","6":"product_cat-aukahlutir-med-rafmagnsverkfaerum-fagmenn","7":"product_cat-rafmagnsverkfaeri","8":"product_cat-verkfaeralausnir","10":"first","11":"instock","12":"taxable","13":"shipping-taxable","14":"purchasable","15":"product-type-simple"},"yoast_head":"<!-- This site is optimized with the Yoast SEO plugin v27.3 - https:\/\/yoast.com\/product\/yoast-seo-wordpress\/ -->\n<title>STARMIX F\u00edlter AEROXX 750 PRE-FILTER 466118 - V\u00e9lar &amp; Verkf\u00e6ri<\/title>\n<meta name=\"robots\" content=\"index, follow, max-snippet:-1, max-image-preview:large, max-video-preview:-1\" \/>\n<link rel=\"canonical\" href=\"https:\/\/velarogverkfaeri.is\/en\/uncategorized\/product\/starmix-filter-aeroxx-750-pre-filter-466118\/\" \/>\n<meta property=\"og:locale\" content=\"en_US\" \/>\n<meta property=\"og:type\" content=\"article\" \/>\n<meta property=\"og:title\" content=\"STARMIX F\u00edlter AEROXX 750 PRE-FILTER 466118 - V\u00e9lar &amp; Verkf\u00e6ri\" \/>\n<meta property=\"og:description\" content=\"Tegund:&nbsp;466118\" \/>\n<meta property=\"og:url\" content=\"https:\/\/velarogverkfaeri.is\/en\/uncategorized\/product\/starmix-filter-aeroxx-750-pre-filter-466118\/\" \/>\n<meta property=\"og:site_name\" content=\"V\u00e9lar &amp; Verkf\u00e6ri\" \/>\n<meta property=\"article:publisher\" content=\"https:\/\/www.facebook.com\/VelarOgVerkfaeri\" \/>\n<meta property=\"article:modified_time\" content=\"2026-03-04T14:46:34+00:00\" \/>\n<meta name=\"twitter:card\" content=\"summary_large_image\" \/>\n<script type=\"application\/ld+json\" class=\"yoast-schema-graph\">{\"@context\":\"https:\\\/\\\/schema.org\",\"@graph\":[{\"@type\":\"WebPage\",\"@id\":\"https:\\\/\\\/velarogverkfaeri.is\\\/uncategorized\\\/product\\\/starmix-filter-aeroxx-750-pre-filter-466118\\\/\",\"url\":\"https:\\\/\\\/velarogverkfaeri.is\\\/uncategorized\\\/product\\\/starmix-filter-aeroxx-750-pre-filter-466118\\\/\",\"name\":\"STARMIX F\u00edlter AEROXX 750 PRE-FILTER 466118 - V\u00e9lar &amp; Verkf\u00e6ri\",\"isPartOf\":{\"@id\":\"https:\\\/\\\/velarogverkfaeri.is\\\/en\\\/#website\"},\"primaryImageOfPage\":{\"@id\":\"https:\\\/\\\/velarogverkfaeri.is\\\/uncategorized\\\/product\\\/starmix-filter-aeroxx-750-pre-filter-466118\\\/#primaryimage\"},\"image\":{\"@id\":\"https:\\\/\\\/velarogverkfaeri.is\\\/uncategorized\\\/product\\\/starmix-filter-aeroxx-750-pre-filter-466118\\\/#primaryimage\"},\"thumbnailUrl\":\"https:\\\/\\\/velarogverkfaeri.is\\\/wp-content\\\/uploads\\\/2026\\\/03\\\/b4187b9f-e702-4694-a8d8-22c7c79357f3.png\",\"datePublished\":\"2025-03-17T15:11:17+00:00\",\"dateModified\":\"2026-03-04T14:46:34+00:00\",\"breadcrumb\":{\"@id\":\"https:\\\/\\\/velarogverkfaeri.is\\\/uncategorized\\\/product\\\/starmix-filter-aeroxx-750-pre-filter-466118\\\/#breadcrumb\"},\"inLanguage\":\"en-US\",\"potentialAction\":[{\"@type\":\"ReadAction\",\"target\":[\"https:\\\/\\\/velarogverkfaeri.is\\\/uncategorized\\\/product\\\/starmix-filter-aeroxx-750-pre-filter-466118\\\/\"]}]},{\"@type\":\"ImageObject\",\"inLanguage\":\"en-US\",\"@id\":\"https:\\\/\\\/velarogverkfaeri.is\\\/uncategorized\\\/product\\\/starmix-filter-aeroxx-750-pre-filter-466118\\\/#primaryimage\",\"url\":\"https:\\\/\\\/velarogverkfaeri.is\\\/wp-content\\\/uploads\\\/2026\\\/03\\\/b4187b9f-e702-4694-a8d8-22c7c79357f3.png\",\"contentUrl\":\"https:\\\/\\\/velarogverkfaeri.is\\\/wp-content\\\/uploads\\\/2026\\\/03\\\/b4187b9f-e702-4694-a8d8-22c7c79357f3.png\",\"width\":1968,\"height\":1347},{\"@type\":\"BreadcrumbList\",\"@id\":\"https:\\\/\\\/velarogverkfaeri.is\\\/uncategorized\\\/product\\\/starmix-filter-aeroxx-750-pre-filter-466118\\\/#breadcrumb\",\"itemListElement\":[{\"@type\":\"ListItem\",\"position\":1,\"name\":\"Home\",\"item\":\"https:\\\/\\\/velarogverkfaeri.is\\\/\"},{\"@type\":\"ListItem\",\"position\":2,\"name\":\"Vefverslun\",\"item\":\"https:\\\/\\\/velarogverkfaeri.is\\\/vefverslun\\\/\"},{\"@type\":\"ListItem\",\"position\":3,\"name\":\"STARMIX F\u00edlter AEROXX 750 PRE-FILTER 466118\"}]},{\"@type\":\"WebSite\",\"@id\":\"https:\\\/\\\/velarogverkfaeri.is\\\/en\\\/#website\",\"url\":\"https:\\\/\\\/velarogverkfaeri.is\\\/en\\\/\",\"name\":\"V\u00e9lar & Verkf\u00e6ri\",\"description\":\"Umbo\u00f0s- og heildverslun fr\u00e1 \u00e1rinu 1919\",\"publisher\":{\"@id\":\"https:\\\/\\\/velarogverkfaeri.is\\\/en\\\/#organization\"},\"potentialAction\":[{\"@type\":\"SearchAction\",\"target\":{\"@type\":\"EntryPoint\",\"urlTemplate\":\"https:\\\/\\\/velarogverkfaeri.is\\\/en\\\/?s={search_term_string}\"},\"query-input\":{\"@type\":\"PropertyValueSpecification\",\"valueRequired\":true,\"valueName\":\"search_term_string\"}}],\"inLanguage\":\"en-US\"},{\"@type\":\"Organization\",\"@id\":\"https:\\\/\\\/velarogverkfaeri.is\\\/en\\\/#organization\",\"name\":\"V\u00e9lar & Verkf\u00e6ri\",\"url\":\"https:\\\/\\\/velarogverkfaeri.is\\\/en\\\/\",\"logo\":{\"@type\":\"ImageObject\",\"inLanguage\":\"en-US\",\"@id\":\"https:\\\/\\\/velarogverkfaeri.is\\\/en\\\/#\\\/schema\\\/logo\\\/image\\\/\",\"url\":\"https:\\\/\\\/velarogverkfaeri.is\\\/wp-content\\\/uploads\\\/2021\\\/10\\\/vv_logo_350x100.png\",\"contentUrl\":\"https:\\\/\\\/velarogverkfaeri.is\\\/wp-content\\\/uploads\\\/2021\\\/10\\\/vv_logo_350x100.png\",\"width\":350,\"height\":100,\"caption\":\"V\u00e9lar & Verkf\u00e6ri\"},\"image\":{\"@id\":\"https:\\\/\\\/velarogverkfaeri.is\\\/en\\\/#\\\/schema\\\/logo\\\/image\\\/\"},\"sameAs\":[\"https:\\\/\\\/www.facebook.com\\\/VelarOgVerkfaeri\"]}]}<\/script>\n<!-- \/ Yoast SEO plugin. -->","yoast_head_json":{"title":"STARMIX F\u00edlter AEROXX 750 PRE-FILTER 466118 - V\u00e9lar &amp; Verkf\u00e6ri","robots":{"index":"index","follow":"follow","max-snippet":"max-snippet:-1","max-image-preview":"max-image-preview:large","max-video-preview":"max-video-preview:-1"},"canonical":"https:\/\/velarogverkfaeri.is\/en\/uncategorized\/product\/starmix-filter-aeroxx-750-pre-filter-466118\/","og_locale":"en_US","og_type":"article","og_title":"STARMIX F\u00edlter AEROXX 750 PRE-FILTER 466118 - V\u00e9lar &amp; Verkf\u00e6ri","og_description":"Tegund:&nbsp;466118","og_url":"https:\/\/velarogverkfaeri.is\/en\/uncategorized\/product\/starmix-filter-aeroxx-750-pre-filter-466118\/","og_site_name":"V\u00e9lar &amp; Verkf\u00e6ri","article_publisher":"https:\/\/www.facebook.com\/VelarOgVerkfaeri","article_modified_time":"2026-03-04T14:46:34+00:00","twitter_card":"summary_large_image","schema":{"@context":"https:\/\/schema.org","@graph":[{"@type":"WebPage","@id":"https:\/\/velarogverkfaeri.is\/uncategorized\/product\/starmix-filter-aeroxx-750-pre-filter-466118\/","url":"https:\/\/velarogverkfaeri.is\/uncategorized\/product\/starmix-filter-aeroxx-750-pre-filter-466118\/","name":"STARMIX F\u00edlter AEROXX 750 PRE-FILTER 466118 - V\u00e9lar &amp; Verkf\u00e6ri","isPartOf":{"@id":"https:\/\/velarogverkfaeri.is\/en\/#website"},"primaryImageOfPage":{"@id":"https:\/\/velarogverkfaeri.is\/uncategorized\/product\/starmix-filter-aeroxx-750-pre-filter-466118\/#primaryimage"},"image":{"@id":"https:\/\/velarogverkfaeri.is\/uncategorized\/product\/starmix-filter-aeroxx-750-pre-filter-466118\/#primaryimage"},"thumbnailUrl":"https:\/\/velarogverkfaeri.is\/wp-content\/uploads\/2026\/03\/b4187b9f-e702-4694-a8d8-22c7c79357f3.png","datePublished":"2025-03-17T15:11:17+00:00","dateModified":"2026-03-04T14:46:34+00:00","breadcrumb":{"@id":"https:\/\/velarogverkfaeri.is\/uncategorized\/product\/starmix-filter-aeroxx-750-pre-filter-466118\/#breadcrumb"},"inLanguage":"en-US","potentialAction":[{"@type":"ReadAction","target":["https:\/\/velarogverkfaeri.is\/uncategorized\/product\/starmix-filter-aeroxx-750-pre-filter-466118\/"]}]},{"@type":"ImageObject","inLanguage":"en-US","@id":"https:\/\/velarogverkfaeri.is\/uncategorized\/product\/starmix-filter-aeroxx-750-pre-filter-466118\/#primaryimage","url":"https:\/\/velarogverkfaeri.is\/wp-content\/uploads\/2026\/03\/b4187b9f-e702-4694-a8d8-22c7c79357f3.png","contentUrl":"https:\/\/velarogverkfaeri.is\/wp-content\/uploads\/2026\/03\/b4187b9f-e702-4694-a8d8-22c7c79357f3.png","width":1968,"height":1347},{"@type":"BreadcrumbList","@id":"https:\/\/velarogverkfaeri.is\/uncategorized\/product\/starmix-filter-aeroxx-750-pre-filter-466118\/#breadcrumb","itemListElement":[{"@type":"ListItem","position":1,"name":"Home","item":"https:\/\/velarogverkfaeri.is\/"},{"@type":"ListItem","position":2,"name":"Vefverslun","item":"https:\/\/velarogverkfaeri.is\/vefverslun\/"},{"@type":"ListItem","position":3,"name":"STARMIX F\u00edlter AEROXX 750 PRE-FILTER 466118"}]},{"@type":"WebSite","@id":"https:\/\/velarogverkfaeri.is\/en\/#website","url":"https:\/\/velarogverkfaeri.is\/en\/","name":"V\u00e9lar & Verkf\u00e6ri","description":"Umbo\u00f0s- og heildverslun fr\u00e1 \u00e1rinu 1919","publisher":{"@id":"https:\/\/velarogverkfaeri.is\/en\/#organization"},"potentialAction":[{"@type":"SearchAction","target":{"@type":"EntryPoint","urlTemplate":"https:\/\/velarogverkfaeri.is\/en\/?s={search_term_string}"},"query-input":{"@type":"PropertyValueSpecification","valueRequired":true,"valueName":"search_term_string"}}],"inLanguage":"en-US"},{"@type":"Organization","@id":"https:\/\/velarogverkfaeri.is\/en\/#organization","name":"V\u00e9lar & Verkf\u00e6ri","url":"https:\/\/velarogverkfaeri.is\/en\/","logo":{"@type":"ImageObject","inLanguage":"en-US","@id":"https:\/\/velarogverkfaeri.is\/en\/#\/schema\/logo\/image\/","url":"https:\/\/velarogverkfaeri.is\/wp-content\/uploads\/2021\/10\/vv_logo_350x100.png","contentUrl":"https:\/\/velarogverkfaeri.is\/wp-content\/uploads\/2021\/10\/vv_logo_350x100.png","width":350,"height":100,"caption":"V\u00e9lar & Verkf\u00e6ri"},"image":{"@id":"https:\/\/velarogverkfaeri.is\/en\/#\/schema\/logo\/image\/"},"sameAs":["https:\/\/www.facebook.com\/VelarOgVerkfaeri"]}]}},"_links":{"self":[{"href":"https:\/\/velarogverkfaeri.is\/en\/wp-json\/wp\/v2\/product\/71125","targetHints":{"allow":["GET"]}}],"collection":[{"href":"https:\/\/velarogverkfaeri.is\/en\/wp-json\/wp\/v2\/product"}],"about":[{"href":"https:\/\/velarogverkfaeri.is\/en\/wp-json\/wp\/v2\/types\/product"}],"replies":[{"embeddable":true,"href":"https:\/\/velarogverkfaeri.is\/en\/wp-json\/wp\/v2\/comments?post=71125"}],"wp:featuredmedia":[{"embeddable":true,"href":"https:\/\/velarogverkfaeri.is\/en\/wp-json\/wp\/v2\/media\/80934"}],"wp:attachment":[{"href":"https:\/\/velarogverkfaeri.is\/en\/wp-json\/wp\/v2\/media?parent=71125"}],"wp:term":[{"taxonomy":"product_brand","embeddable":true,"href":"https:\/\/velarogverkfaeri.is\/en\/wp-json\/wp\/v2\/product_brand?post=71125"},{"taxonomy":"product_cat","embeddable":true,"href":"https:\/\/velarogverkfaeri.is\/en\/wp-json\/wp\/v2\/product_cat?post=71125"},{"taxonomy":"product_tag","embeddable":true,"href":"https:\/\/velarogverkfaeri.is\/en\/wp-json\/wp\/v2\/product_tag?post=71125"}],"curies":[{"name":"wp","href":"https:\/\/api.w.org\/{rel}","templated":true}]}}