{"id":71043,"date":"2025-03-15T16:26:11","date_gmt":"2025-03-15T16:26:11","guid":{"rendered":"https:\/\/velarogverkfaeri.is\/?post_type=product&#038;p=71043"},"modified":"2026-02-18T01:02:34","modified_gmt":"2026-02-18T01:02:34","slug":"smedbo-dot-klosettburstihaldari-krom-tk332","status":"publish","type":"product","link":"https:\/\/velarogverkfaeri.is\/en\/lykillausnir\/badherbergi-lykillausnir\/salernisburstar-badherbergi-lykillausnir\/product\/smedbo-dot-klosettburstihaldari-krom-tk332\/","title":{"rendered":"SMEDBO DOT Kl\u00f3settbursti+haldari Kr\u00f3m TK332"},"content":{"rendered":"<p><img decoding=\"async\" src=\"data:image\/png;base64,iVBORw0KGgoAAAANSUhEUgAAAWwAAACiCAYAAABlCvfJAAAAAXNSR0IArs4c6QAAAARnQU1BAACxjwv8YQUAAAAJcEhZcwAADsMAAA7DAcdvqGQAACa+SURBVHhe7Z0JvFXj+sdf1zVlKCGFNMmUjEU0XU1EN7fJWGYRTUIyxUUSdcuUKzNRylVSKVcyJEKSLgqJUiGVsT+Xy\/98n\/a7vS1777P3Pmcf7bN\/389nfdZea71rrX32Pvu7nvW873rfTX4twgkhhNjo+VNsLoQQYiNHwhZCiDxBwhZCiDxBwhZCiDxBwhZCiDxBwhZCiDxBwhZCiDxBwhZCiDxBwhZCiDxBwhZCiDwhI2G\/\/PLL7s0333Q\/\/\/yzLf\/vf\/9zb731lq3\/9ttvbR2899577oUXXnCffvppbE1yPvroI3f++ee7WbNmxdakxp9zzpw57scff4ytLT14Up\/3zft\/++23439ryBdffGHv94033nA\/\/PBDbO1vsA\/7+s9AT\/8LIUqDjIR99913u0GDBrlVq1bZMuK67rrr3JVXXukWLFhg6xDYPffc4\/7+97+7zz\/\/3NalYs2aNe799993S5Ysia1JzX\/\/+1\/3wAMPuH\/84x\/uu+++i63dENaPGjXKjR071sqnC2J97LHH3DnnnOOef\/55d9ttt7lzzz13g7\/jxRdfdKeeeqp7+umn3ejRo90pp5ziFi1aFNvq3Pfff+8uvfRSN2TIEPfSSy+5Xr16uREjRiQUvxBCZEJGwq5Ro4YJdunSpba8YsUKt3btWnv97rvv2pxIm+1VqlSx8sXRoEED9+yzz7pu3brF1pQcIu8ZM2a4V1991SLydOFvmDRpkrv99tvd1Vdf7e6880635557un\/961+2feXKle6uu+5y1157rV24hg8f7jp27Gji9heG8ePHu80228wuWlzIOMb8+fPdf\/7zH9suhBDZkpGwkSv4aHrevHlu0003dZUqVTIh\/d\/\/\/Z\/JevXq1W6vvfZy22+\/vUWWROYtW7Z0Rx55pOvQoYN75ZVX4mmC2bNn2\/oxY8bYMuuffPJJ17p1a1uPFBHk0UcfbZG455dffnFPPPHEBuU4F+cmxUL0jyg5H\/t99dVXrnv37q5Pnz4WBSfi66+\/tgvNLrvsYst\/\/vOfXdOmTS29wYWIaauttnJ16tSx7Ztssolr2LChW7ZsmZ0XkPoBBxxg5aBq1ar2WZA+ScaHH37oTjvtNPs7\/va3v9nfj+z5PIUQwpORsBHPFltsYYIh7cAceR1yyCEmLaSIHJEuckfmSBUZH3XUUe6KK65wO+64oxs4cGA8Io8yd+5cd+utt7rNN9\/cxIuESU9E+fLLL91rr71mwq5cubJFxixvs802Jmbm1atXd\/3793fVqlVzP\/30k0XevO9kUTfvl5QOZT2kQ7iLIIJmO+8nFCl\/M3cdPoeP5L\/55pv4BYlzsr9PI0Vh\/8GDB7s2bdrYXcHDDz9s+fFkFxUhROGSkbARX82aNd3ixYtt+uCDD1ytWrXcYYcdZtIiD71w4UKTOnJHYs8995zt16VLF3fQQQdZJEl0TJSdCNazndwv+5x33nmWloiCpIm8EXKPHj1s3SeffGLnPvDAA12FChWszOGHH+623XZbt9NOO7n77rvPctvbbbedlY+y3377ua233trdcMMNVnE6YcIEy4OT4gBSPPXr17f8PBWf\/G2kSP70p98+xr\/+9a\/umWeecQ899JBdvLj48Jkkg8+RaLx9+\/Z2HN4rr73whRDCk5GwkUm9evVMxKQJiByJrhEq24iOkSZSR9JEpZQh133mmWe6zp07u6uuusqEnCzi9BWJXqpEyrvttpu9DiGSJQoH5JwORMhMyUDWVKJyESLqJa0yYMAAS2twLs7Zs2dP17ZtW6v0pMXMJZdcYu+Pvx\/23ntv24akb7rpJkuZnHDCCXbBSAQROMdl8qR6j0KIwiUjYQPRK5Lx6Ye6deta3rd27dru9ddft1wuaRIEhuTIYxOZTpw40c2cOTM+XXbZZbEjbogXm2+ZgcDTaR5YGpBmQbRnnXWWRci0EOHv4T3xt\/oL1THHHGPbL774YkufsI08PhCZk3JB+FQ8kgMndbTvvvva9ih8TqRYwuaB69ati70SQojfyFjYu+++u0mGSkYq50g7+Io48tgIltQHUK5Ro0YWdSMvUihEnVRAkk5IBCkMok1SDUiPiJz9soEKQFIsyDCdSkfkO2zYMGuOR0pi+fLlln\/n\/VLBSMriwQcftFYj3CUgcJoYHnHEEfFKRs5JyoR9OQbNAFmXTNh77LGH3SE88sgjdteB8MljCyGyozynEzMWto+mgfSITwWQGgGWibo9J554ojV9mzx5sglz+vTptq5Zs2axEhuC2K6\/\/npLqZBiQYbNmzePbU0Pol0qI0lpkI9G+OlUOnLO3r17u6FDh7oWLVq4008\/3fLJ\/m8jZdK3b183depUkzjbSAcRcXv4u3jPXbt2tWNwoSIS9xF4FETPRYnUEemWe++911q2CCFElDIbhJfWFciS9EGYr43C2yEdQjqF6B3JIjQq52gfjVSzxYu6uBwx74H3iqDDCsUQonQqOJP9Lfy9vHeOURyU5Tz+XDR1HDdunN1h+MhdCJEcfrPcBZd3NrpR04mG+\/XrZymHJk2aWDqBdt9Es0S\/5a1CjgsDLV1IKVE5SWsbLkytWrVyxx9\/fKyUECIV+AJhM3mlha89+S71jU7YQC6cJwZ52IRUQqdOnUzeRLTlER7Yefzxx63vEe5ASBnx9yaL7oXId9AO7vz1VyT7q0NCRa9KFClTeU\/902effWYV9\/iCY\/EwWsWKFePHzmdpb5TCFkKUP2jmy0NlBCI820A6cfPNtyy6a16\/HRNlK1MibFKLPB9Ba6877rjD+vkhAOIJYlKTqI5zS9hCCFEMPEhG5T8toRB348aNi4S6ndtll6pFEqVEyUSKtBEySqNJLv39hM8\/sJ4pn6Ns3XMLIXIOokSo1EEhbR9p\/xrLPZcUju9lHb722zg35LOsQcIWQpQJXpTMSYkg0t\/kWTKJelF7SUMo5vDc+YyELYTIOaEoQ7EWKXv9PBBtNvjcNFMYXYNfH76HfEXCFkKUGb+X5\/pnI0pLpuVByqmQsIUQZUYYXYvMkbCFEGVKGAVL3pkhYQshygyfDvGiLu8pjNJGwhZC\/CF4eYv0kbCFEGWCj6wl6eyRsIUQZYpvggeSd2ZI2EIIkSdI2EIIkSdI2EKIMiFsGaJUSHZI2EKIMiNa6ShxZ4aELYQoUyTp7JGwhRBlRvTJxuiySE1GwqbjcYaxYmKgWEYlZ5SHEAa6vf\/++93AgQNtoNqNEUZwv\/DCC22wXyFE2SJJZ09Gwp44caK75pprbLriiits0Ni2bdu6J598Mv4lIHAG0mV0CQaY3djgfX788cd28Vm9enVsrRCirOA3qLRIdmSVEmGQWKTdq1cvt91227kRI0a4Z5991rYx8OUNN9zgxo4d63beeWdbtzHBP0rPnj3dtGnT3L777htbK4TINVFJS9qZk5Ww69ev75o3b+46duzohg4dagNdTpgwwVIgjFzct29fi76JYP1ynz593AMPPGADYh599NHuzTffdHfddZctM40bNy4epXOc66+\/Pr7ttNNOcwsXLrRtMHjwYDv+lClT3LHHHmtlLr300ngKhiif43EetrVs2dLdfvvt7ocffrDt7M827gKA8nfffbeVozzbwrsG0j+s5w4D2fOakZgXLVpk22H+\/Pn2PtnGdMEFF7hPP\/3Utv3444+WIuJCpzSMKFQSRdaSdmaUuNKxatWqrk6dOiYnRitOxttvv23SRbSM6YZgFy9e7E4++WSLykePHu2WLl1qOfBRo0a5mTNn2raLLrrIRHvVVVe5lStXxo7mLH9OFM+Fo3r16u61115zkyZNsm2IFAHvsccebuTIka5Lly4mYMSbiCeeeMI9+uijrmHDhm7AgAF2vFtuucXNmjUrVmI99913n9txxx3doYce6r7++mt355132gWJCwUXnzVr1piYmZYtW2bH5GLAeHKUQ9yMHC1EISNJZ0+Jhe1BRAgpGYgO+Z5zzjmuSZMmNhjn2WefbRPLfn9EjCj3339\/165dO3f44Yeb5LkYvPPOO7GjOdu\/f\/\/+Nl1yySW2TG4aEDziB2RJ5Pvvf\/\/btWjRwtaFfPvtt+65555zlStXtruAo446yvXu3dv6OyDN448D7du3t1TQlVde6fbaay+7gKxbt86kzBy4GB100EF2geC9MZT\/Vltt5YYMGeLGjx9vFwMhChk\/IC5I3plRYmEjKwS59dZbu2233Ta29vcgQCbEuuWWW8bWrv\/CWOdBoESsb731lkXYnTt3drfddpttW7Vqlc0BERKZA3OWPQcccIBJHsGTwjjmmGNcjx494imKEC4Ua9eutf0333xzW8ddw\/bbb29RdBgR8zcCZcO\/oWLFinZ8\/hFJt3To0MEuNtwl+LQKf3v4HoUoRPzvQaLOjhILe968edYqhAq8HXbYIbY2e5A+YjzssMPc9OnTTXp+Oumkk2KlUoMYTz31VMtxP\/zwwyZP0jFjxoyJlfgNJI2cufB4OX\/22WcmcUTsJV4chxxyiKVoyOVzJ0FkTlrmq6++ipUQQgCyZvLyFumTlbCR0k033WRSvPrqq12FChXcKaeckrbcUlGlShV34IEHutdff90ES\/M7Uh5ULr777ruxUqkhxUFUffPNN5s4ETL4CDmEC0SjRo0s\/0zemovErbfeavuRHw+j\/2SQGuFicu6551pahgsXw\/iTCmF\/VToKsSGJKiBF8WQl7DfeeMM9\/fTTJipkR+Xb3nvvHdtaMhAcLSwaN25srUrOP\/98t2DBAte9e3e3zz77xEqlplmzZpZOefHFF93pp59uUTb5627dusVKbAiyJYUyZ84cd+ONN5p0kS\/HSYdq1aq5iy++2CoWeSDn8ssvt5w4FxqaParSUYj1SNQlY5OiD3CjvS9BblTmIT1ywJmCKMmJE1mnkz8mLUL+nKg7m\/MBDwtx0SG6DuG9MCmPLQoVWm\/xG2NO44JWrVpZk2DqjEobAi6aBu+0006xNeWDEuewcwkplkqVKmUtT\/YjD52uJClH+WzPB\/wDRmUNHFOyFoWOz10rys6OjVrYQojyQyhpCTs7JGwhRJngI2tF2NkjYQshyoyNuMosL5CwhRBlio+yJe\/MkbCFEGWKRJ09ErYQokyheSutppTHzhwJWwgRJ5fRrxd0eA5JOzMkbCFEHJ9fzjUSdXZI2EIII9ei5vhM4YNpEndmSNhCCBMp8qTTM98HfGkLPNcXhEJAwhZCxFMh9IPje6gszehXsi4dJGwhhJHL9IQ\/NuIuK3mXx4uEhC2EiFMWkuMcubw4eDgHTQjLk7glbCFEnFzLrSxEHYVzlhdpS9hCiDjIrSykWlYC9X\/LH3GhyAVZDWDAoLsMkssIKjVr1nQ1atSIbUkPaqEZRYZBbkPoL5rR0hlA4JNPPomPgu6pV6+ejb4uhMgtaKG0Jce4qgxgwFB\/DCzCEHwMTsKwgKWNH8AAX\/B35OLv+SPIStivvfaaGzBggH0IDJZ77bXXZjSeI8JnTEhGNfcwugxf5ogRI1ydOnVspPSpU6faF+rp37+\/DXYrhMgtuRY2IzMxBF+uhR2OOEOA+Oab82JLzlWsVNHV27ee22KLko9FW1ZknBLhi3zllVes6Q+jwSDd5cuXx7amx5ZbbmmD0j722GPxiQF969ev73bbbTc7Bx8uo4+HZdKRNftyQfBEl6PwD8TkiS4LUYjkMhrlN+kfnuF1WbFw4fvuxqJAkbFol69Y6e659343\/+35sa35QcbC\/uqrr4quUm9aFNy5c2e7UpIeCZk7d65r06aNDX6bDmvXrrVoumPHjkVXuy1MsKtXr7bUSLoMHjzYjRw50nXt2tW1bdvWDRs2zM2aNcu1a9fOlnv16mXHhPfff9\/16dPHyrRu3dp16NDBBhbmToFlyj\/11FNWVghRuiDpskpPkH6NXxSK5qRvTz75JHfKySe6Zk2OcB8vWbJ+W56QsbA\/+OADt2zZMssnN2zY0AT7wgsv2KjgHnLbfFDkqdLh+eeft1sXImxA2GvWrLG0yJFHHmnTP\/\/5TztuKhYvXuxGjRrlJk+e7JYuXerGjx\/vxo0bZ8tc0WfPnh0r6SxHzvufOXOm69evn7vssstc06ZNbZlRzydNmvS7HLsQ5Z1cRrw+lxyeI9fi3qBXwKL5ys9WuunPTHfTpk93L740K+P6tz+ajITNB43QmJOe2HXXXV3t2rUtN4XEPUcccYSbXvSB9OjRI7YmOdHoGipUqODOP\/98N2TIEDvf6NGjLQ3DMVPRoEEDGyGdiZGYGzVqFF\/mNXcDHiojuOgAfwdfHBWewJx9lBoRovTwombuJZpLYYcXBs\/PP\/3svvnmW\/ftd98W3cFvV+StT2Nb8oOMhE1KYd68efYhP\/300xb1Ilwi3zB6BVp8pPNlRKNrQNxUZiJSYN6tWzeL5FPlo4UQ2RMKNReEov4j+PWXX1z13au7Lp07u+M7d3GdOnV0K1asiG3NDzISNrnfzz\/\/3ITKa1qL\/PTTT7aN199\/\/729TpcvvvjCUg9hdA2kUsgpF5cCEUKUHsg0V0L1sg7nwJOIuST8ezbZ9E9uxfLlbuqUqW7y5CluyuTJrmatmrGt+UFGwn7ppZdsHrbeePDBB90+++xjAv\/oo49se7qVjjNmzHDVqlXbILoGUhfDhw+3qJ0vdtWqVVYJSNRNCxMhRO7wMi1NQnGGx8+lsKMXnz32qOPOOuss9+PPP7uf\/veza9GyhWvVsmVsa36QkbCJeitXrhzP\/QK53kMPPdQqGb1g06l0\/OyzzywnHY2uAYlffPHF7o477nAtWrRwxx9\/vF0UjjvuuFgJIUQu4Pcb9ledC0JhR6WaC\/z5dihyV4cih3Q4rr3NmzdrZvVluY7yS5OsHpxJByrsaKtd0i+ENAtCJycuhMgtyIvfbC5E6h+coRkwAV3jxo2t6e7OO+8cK1F6JHpwJhVosCwuHiUlZ5fSdCsdi4MIXrIWouzIUQwX98HGKMd8kDXk9t5HCJFXbNBuOYeUlSD9xSc6j5Kri1RpI2ELIeKQEmHKhcBCaYavc4m\/METnIbyHsrqAlBQJW4gCwsuSyVe2eUEzgR8irDh8eT9PF+QYTunsn+k5MiFfZA0SthAFRCgnL0svzui6VJIMy\/h9ec3EBYCWYnTtwLMWPJzy6aefxvv1CMvRkozO43i+gwfzWObZjrAc+HMUOhK2EAUEAvTyY440vXj9Or\/syyXCb2Pum\/B++eWX1ocPz2PQVw8SprM4nqugryGOSVkf2QPL69atM7kjbHrSW7JkifULhOR5kpqWYuE+hYyELUQBEYoWgfo21yz7bRC+TgXCRcxMvpuKRHLlXEib7fR9z2ua+PkLRRSOQRkkzjMbHF\/SlrCFKDi8JJNJme3JRBoFARMhI+5UcDya6G611VZuhx12iI8cxQUj1bnYhqjpQwjRFzoSthAFRnGRNOvSjbCRKWkPxA1esH5\/lr2QWYeg9913X5uAbeG5oudlmUibh27U8ZuELYQoAQiVHDOpC59eoZUJ6RFEy\/bNNtvMnlbmMfBtttkm\/uRyoiehQ7nzmrw4Q4qREhFFn0vRh5LevY8QQkRA1oxARYRdq1YtS40gYrpfpoUIr5Gzn5A6478efPDBJmTGdEToCDoqb47FhYC+9mk50r59e1exYsXY1tRk+mh6vqAIWwhRYnxE7CGKpmdNL2Pk6\/PdtAghvUHLklSDhHiBR+eFjIQthMiaUKK89tKOvvbliLB57SNvv97Po7A+zIkXOhK2ECJrkDIyDcUblStlvLzD8uEk0kPCFkJkhZdwFNYTQYd4KYeS9pWU0eOEAvevfWRe6EjYQois8fL1ePlG5eoj65BMBZxp+fKIhC2ESIt0ImFPIrmG+yeTb7L9kpUvNDIS9nvvvWcjl\/uJxuy0tSwJ1BLTLIhjh\/Al0Z+AH50CqGWeM2fOBu8h3C6E+GPxYk0kWL\/OpzfCKRl+W3HlCoWMhD1x4kR3zTXXxKcePXq4Y445xo0bN+53V990YWBfxm\/k2B7EfOedd7ru3bu7Bx54IP5IKn0K3Hjjje62225zI0eOtIlR1\/3I7UKIkhP+lqNRcXQb6xCwXx8KNkr0WH4qjvA8hU5Wn8Bll13mHn\/8cZvT3nL8+PEm00xhNHSOwyC+IRMmTLA2mpdffnlszXqI5mmcf\/\/998dHbR84cGBaI6kTyYdtPqPLIfyDhI\/BRpeFKO\/wP+9FCTStS9S8jodjwt+R3y+UuId9w2P65WREzyWyFDaPl9KBS5MmTdyee+5pX6Rn7ty5rk2bNu7hhx+OrUkMXxTCPeSQQ9z+++8fW7uedu3auf79+1tHMSFr1qyxL5HG+Onw\/vvvuz59+rhhw4a51q1buw4dOtjI79dee60tt23b1j311FOx0s4NHjzYovauXbvaNvabNWuWvR+We\/XqZU9eCVGeCKXpX0+ePNnde++9Nt13331uwYIFtj6Ex8\/5fUTvcPmNJpKtP3YqSadCAs9S2Hx55I\/vueceyz2fcMIJrmrVqraNdAY5ZSLkVHAM9u3YsePvvgguCIm+HDo6\/\/jjj12nTp3ckUce6U455RTLo6eCfnkbNmzoZs6c6fr162d3BU2bNrVlInhSKjx55SFvPmrUKPuHpW9f7h5I+bBM1DB79uxYSSHyG8TJFP2tscwj4Pwu+L1VqVLFetqLpiSQNWUS\/VYTrfOk2haFsoneY6GSlbDHjh1rOWxSF\/7xU3\/VPOKII9z06dMtv52Mb775xq7cZ5xxhqtUqVJsbfGQOkG4TzzxhJsxY4blz2+++WbrLSwZdONYr149e73rrru6GjVqxCN65vwjhrd0DRo0sHVMXIQaNWoUX+Y1nbELUR5Agl6I0alZs2Zuv\/32c7Vr13bHHnusq1OnzgZ30kTVyJrfBYTboLQFy\/GUw85S2IMGDbIIddq0adaJC5WApBo84SOnUfhnIA1Rs2ZNd9BBB8XWpgeyRajkzfny6AyGjmQWLVoUKyGESAd+hx4vbv\/aQ5kwmAmFSUMAAhhETblwv\/B4pUVpHy9fKdElC3GSw+YLI5WQDkTDU6ZMsVREq1atLLVBCuKZZ55xffv2TdlMkBQKKQ4hRMkhB00zWU8oRR8x+ycWw2383qnLQdqkP9kWSpvXyD2ZZJOtTwX7ZLNfeSMrYZMKoUKOtAjN7oiofZqhuEpHcmNU7NE6xE\/dunVzzZs3t8rAVC0++Oe65ZZbLD\/OPxRNAokAuG0TQqQPvx9+vy1atHCvvvqqSZZ1XoxMrPMiZg5+mZRIGF377R7WpSJaPhHplCk0shI26Q8q4ah4RMBU3vkRJIqrdOTKS96aViZ+ojUI0Tp946b6ok888URXrVo1S4W0bNnSPfLII+6iiy4qd33eClHaROXHALdU\/J955pnWWstH1B7\/O2Q\/Jr\/s59Rb8Vv2x\/XlgDJMfjlKeGz\/OiTRfsmOVWjkZAADol5upRJ9GaUBx+fC4Cs8hBDFEwqSAQZorjd06FBrqTVmzBhLb3ooS+MBxH722Wf\/Tq4MKkDjgZdfftn2Iz1CxSTBGr\/9+fPn20gxYd7bw130YYcdZheJ7bff3uqh\/LH9nPOxnRTqBx98YAEdzXK5m08HDWCQAakqHUsDji9ZC5Ee0ZiMZVpaAQ0HqDeaN2\/eBuXC369PlYR4Efu0SJRUv\/\/otnTKpipTSORE2EKIjQsvVeZErfTBU7duXYuSaYpLvRRSTCTfRFFyVKDR\/ULRhmXD95HoXMmIHqdQkbCFKKcgRFIUUTGSCqHu6Morr7R+fHiClxZYpD8SSdTnt8NtUXlG90skeQ\/7JjqPKB4JW4hyCmJEnF6uSJLXPBBDfpdcMjImB33DDTfYeIvAulDSySLsULyJBOzPGyW6XvJOHwlbiHJMKEcv3qOOOsr68AHWIW6eGiZF4iXs92O7z1P7bUA9UngxiJJsfaZwPgn9NyRsIQqAUHz+6UWWEWsoV9Z5Eft9vOj9QzJAsz7fIgT8sT3FCTtaPhnhcfz7KGT0CQhRzkF6XnyhZEPZhmVoNUJlJA\/HUJ4+Q2i2FwqTZyYol0y8oWij+HOlK21IdbxCQsIWohyDFL2QIZSuF6aXJ9P3339vTy\/zFCRN\/55\/\/nnLd9MzXwj77LbbbtaG2ue7M8GfGzhWMiGH71FI2EKUa6Ki83L0UwjLdG188sknu6uvvtqNGDHC3XHHHdaahKZ\/YUUk7LzzzvZoO08qhwLmdfTYIX5buE8yfFnOneqYhYKELUQ5x4suXYluu+22lvKgC4nKlStb9xO+h0wIj0OXxZQldeLxIk4m5PBcfkpGqm2FiIQthIiDlBOlTSAqz6h4MyX1Pmz77fgprjUFhYQthNgAROxl7Ode5Ikk68uEhMdIRCaSXy9sGRskbCFE1hQn5mQg4WSVletFnp7MCw0JWwiRNlE5e2FHo+Vk5fxrSBZhh\/smK1OoSNhCiBKRSs7J8CJOLuSiY8Ry2OI3JGwhRIlJJxIOy\/jXxYkdKJtOuUJAwhZClIioTNORt8eXDefx\/Tf5bZ2EvZ6shM1jqvSnyxBhb7\/99gYjK2fCDz\/8YMON8RTVF198EVu7ITwiO3v2bCtHeSHExoEXaVSo6cg1lYTXr99wWzrHLAQyEjYfMvJkTMULL7zQHl\/t06eP69y5s3vnnXdipdLj888\/t2F87rrrLjdjxgx3xhlnuHHjxtk5PAyye9JJJ9ko6w899JCVZz8hxB8PEg2lHcK6qGSjy+zjpyi+bKJthUxGwmZsNUY2h969e9vI6KeffroNuHvTTTe5VatW2bbi4KmoUaNGWRePCJvHYBlbDjHTiTrQpwEjqtPB+qBBg2y09IYNG7qxY8cW+yWyPYzGo8tRuEMI7xKiy0KIxCSSNXjhRiUdJdl2f0y267H038hI2AzcyeC3jFTOgJh0\/nLqqadaFMz6Tz75xMrNnTvXtWnTxoSeCFIqq1evdg0aNIg\/VVWzZk0bkHPRokW2\/NFHH1m5gw8+2Jb5wpo3b24pGIY4SsTgwYPdyJEjXdeuXV3btm3dsGHDLN3Srl07W2ZkDc4LzHv27Gnl2UYfwUT6XEBat25t0z333LPBI7dCiN\/j5ZpI3NkQyprXzCXs9WQk7CVLllg\/A+HoynyQjKpM5IuAAXkjOiLvRLAPXTuSn\/YQAa9duzYepbNvhQoVrA8Dzy677GKCX7NmTWzN71m8eLFF75MnT3ZLly5148ePt1QLy+xLSsfz5ZdfWl8JzzzzjLv99tvdzTffbJ3fPPfccyZyeirzEb8QIjF0\/sTv3cu1OHH77emUY+LYe+xRJ7Y2Ob58lGTr85GMhA18OUgtFfTsxRD5PXr0iK3ZEEa4OO6440yKiHTBggVu+PDhv8tPE3GHwgb\/BSaDiwYjqjNVrVrVNWrUKL7M6++++y5W0tnfQQTPP1mVKlXsjoG0C8tE\/ExcfIQQyeF3w2\/FSzsbovt58ZOaPOCAA1zdunvFtiQm3J\/X0QsHy7y\/bLqC3ZjISNhExXRm7tMKHjoyZx1zD0MI8SElo2nTptbPLtHt3XffbRWXpDx22mmnWIn1EXCYeyZFwnGJ8oUQZYeXn5cogY+XH6PPUB+144472m8+Kkvwy94JUXH69ZTjtQ\/KatWqZUGYH2whGb48+\/r6J17783BcjuFTsPlKRu++fv36FnFOmzYt\/kGwfN1117kuXbq4d99919YVBx\/u\/PnzrT\/dW2+91Sa+GKS\/++67Wxm2kasO89XLli0zYRcX4QshShcvVAKoMWPGmKRJW9I4wEfWjMTO75duWbkzZl20Ap91oUSZ\/Gvg982+3F1zrOrVq6clWfYjVUoAyEQqk\/nUqVPjqVkv9XwmI2Efe+yx9iFOmDDBmthRqXfeeee5V155xdINjMYMxVU6cqWjHfeQIUPsw+QLnDRpkn1RNWrUsDLcZpGz5lx84ZQjT964cWNF2EKUIV6mQIBG3Q6\/YfrJJr2JzH0ZL1tSjSeccIJr1aqV22uvvSzI8tGvFzBz1iF\/+tQmLVmtWjVLZfKa9KsnfA\/JQMjclRP40dCAiwuvy4OoPRkJm3QFze\/+8pe\/uA8\/\/DBesdepUyc3cODAeL65uEpHICLnSkyb7pYtW5r0+\/btGz8Gc9p6E7XTYoNyfJm0ThFClB0+uvbQvJff76OPPupWrlxpYz96+SJWZI6guWsmkDv++OOtGfCAAQOsCe8FF1xgv2mCuv3339\/Vrl3bJM0FAEkjcAglHX0PUbgQkJKhxRoj5nTv3t2dddZZ7rTTTrPjcizeI\/N05L+xsknRm8\/q3fMBcTtEtJvoloXtfHHFfdDkpZF7eDWNQm6cYzF+nBDij4MUJcLlgTma+a5YscICKSJqUqb+Dtk7gd+2l3mu8TKOnitc5m4+ka\/yhayFLYQoPBB2v3797HkFREiumPTmnDlzTN5169a1O25ajZAu8cJm8jJNJFWRHhK2EKJYvCbIC0+cONHy00jXixcx85wGdVHUXZHCZNpnn33s7pn9vbTXrVtnka7Pa4v0kbCFEBkRpjnQh58Dr2n6O3r0aLdw4UJbJl1CLpuWX1RIMgr7OeecE0+fiPSRsIUQSfFCToewLBWRpE+ooJw3b56bOXOmCbpJkybu0ksvtW4gaAmW7rHFeiRsIUTaJBN4ovXhOl6T96Y1GK3L6P6BFiISdmZI2EKIEpFIIclETLvoww8\/3B5oqVOnjoSdIfnbvkUI8Yfzi\/vVPTFxgvtr+\/ZF01\/ddYOux9ZxiTP3E\/A0JM1zfdcViWQvkiNhCyEyBtH+8usvbtq06e7x8Y+7YUOHurFjxrrvvvnW9end21qBMFGOSkq\/D5x55pn2yDkows4MpUSEEFlBEz8GNOnYsaN1\/oRK6BSKXDVdV\/BQXVTIlGFivWSdOYqwhRBZQeRMFxI8Vu4lTJ8gjBLlZR2NB1kXPmkY3S5SI2ELIbLCouQi+f743x\/jEiYNsnz58ngaJJS2n9PkL5HMRfFI2EKIrNi8KLreYccd3Ljxj7uvvv7axD15yhR3Qc+e9jQjQg6l7CXtO3eCaBmRGuWwhRAbgBKQazqs+nKV+8fw4e6ll15yf950U1ezVi036PpBbtdddomVSHy8UDvpnktI2EKICF4J6YiUsky+LPNUPeL5sqRM6IEzXCeKR8IWQqSN1wWCDV97JN\/cohy2ECJtQhknErNknVsUYQshRJ6gCFsIIfIECVsIIfIECVsIIfIECVsIIfIECVsIIfIECVsIIfIECVsIIfIECVsIIfIECVsIIfIC5\/4fmphiBvqp4FgAAAAASUVORK5CYII=\" alt=\"\"><\/p>","protected":false},"excerpt":{"rendered":"<p>Tegund:&nbsp;TK332&nbsp;<\/p>","protected":false},"featured_media":80452,"comment_status":"closed","ping_status":"closed","template":"","meta":[],"product_brand":[],"product_cat":[580,619,517],"product_tag":[],"class_list":{"0":"post-71043","1":"product","2":"type-product","3":"status-publish","4":"has-post-thumbnail","6":"product_cat-badherbergi-lykillausnir","7":"product_cat-salernisburstar-badherbergi-lykillausnir","8":"product_cat-lykillausnir","10":"first","11":"instock","12":"taxable","13":"shipping-taxable","14":"purchasable","15":"product-type-simple"},"yoast_head":"<!-- This site is optimized with the Yoast SEO plugin v27.3 - https:\/\/yoast.com\/product\/yoast-seo-wordpress\/ -->\n<title>SMEDBO DOT Kl\u00f3settbursti+haldari Kr\u00f3m TK332 - V\u00e9lar &amp; Verkf\u00e6ri<\/title>\n<meta name=\"robots\" content=\"index, follow, max-snippet:-1, max-image-preview:large, max-video-preview:-1\" \/>\n<link rel=\"canonical\" href=\"https:\/\/velarogverkfaeri.is\/en\/lykillausnir\/badherbergi-lykillausnir\/salernisburstar-badherbergi-lykillausnir\/product\/smedbo-dot-klosettburstihaldari-krom-tk332\/\" \/>\n<meta property=\"og:locale\" content=\"en_US\" \/>\n<meta property=\"og:type\" content=\"article\" \/>\n<meta property=\"og:title\" content=\"SMEDBO DOT Kl\u00f3settbursti+haldari Kr\u00f3m TK332 - V\u00e9lar &amp; Verkf\u00e6ri\" \/>\n<meta property=\"og:description\" content=\"Tegund:&nbsp;TK332&nbsp;\" \/>\n<meta property=\"og:url\" content=\"https:\/\/velarogverkfaeri.is\/en\/lykillausnir\/badherbergi-lykillausnir\/salernisburstar-badherbergi-lykillausnir\/product\/smedbo-dot-klosettburstihaldari-krom-tk332\/\" \/>\n<meta property=\"og:site_name\" content=\"V\u00e9lar &amp; Verkf\u00e6ri\" \/>\n<meta property=\"article:publisher\" content=\"https:\/\/www.facebook.com\/VelarOgVerkfaeri\" \/>\n<meta property=\"article:modified_time\" content=\"2026-02-18T01:02:34+00:00\" \/>\n<meta name=\"twitter:card\" content=\"summary_large_image\" \/>\n<script type=\"application\/ld+json\" class=\"yoast-schema-graph\">{\"@context\":\"https:\\\/\\\/schema.org\",\"@graph\":[{\"@type\":\"WebPage\",\"@id\":\"https:\\\/\\\/velarogverkfaeri.is\\\/lykillausnir\\\/badherbergi-lykillausnir\\\/salernisburstar-badherbergi-lykillausnir\\\/product\\\/smedbo-dot-klosettburstihaldari-krom-tk332\\\/\",\"url\":\"https:\\\/\\\/velarogverkfaeri.is\\\/lykillausnir\\\/badherbergi-lykillausnir\\\/salernisburstar-badherbergi-lykillausnir\\\/product\\\/smedbo-dot-klosettburstihaldari-krom-tk332\\\/\",\"name\":\"SMEDBO DOT Kl\u00f3settbursti+haldari Kr\u00f3m TK332 - V\u00e9lar &amp; Verkf\u00e6ri\",\"isPartOf\":{\"@id\":\"https:\\\/\\\/velarogverkfaeri.is\\\/en\\\/#website\"},\"primaryImageOfPage\":{\"@id\":\"https:\\\/\\\/velarogverkfaeri.is\\\/lykillausnir\\\/badherbergi-lykillausnir\\\/salernisburstar-badherbergi-lykillausnir\\\/product\\\/smedbo-dot-klosettburstihaldari-krom-tk332\\\/#primaryimage\"},\"image\":{\"@id\":\"https:\\\/\\\/velarogverkfaeri.is\\\/lykillausnir\\\/badherbergi-lykillausnir\\\/salernisburstar-badherbergi-lykillausnir\\\/product\\\/smedbo-dot-klosettburstihaldari-krom-tk332\\\/#primaryimage\"},\"thumbnailUrl\":\"https:\\\/\\\/velarogverkfaeri.is\\\/wp-content\\\/uploads\\\/2026\\\/02\\\/d3f4ccde-b7aa-4879-8334-2ffa99b7f5d4.png\",\"datePublished\":\"2025-03-15T16:26:11+00:00\",\"dateModified\":\"2026-02-18T01:02:34+00:00\",\"breadcrumb\":{\"@id\":\"https:\\\/\\\/velarogverkfaeri.is\\\/lykillausnir\\\/badherbergi-lykillausnir\\\/salernisburstar-badherbergi-lykillausnir\\\/product\\\/smedbo-dot-klosettburstihaldari-krom-tk332\\\/#breadcrumb\"},\"inLanguage\":\"en-US\",\"potentialAction\":[{\"@type\":\"ReadAction\",\"target\":[\"https:\\\/\\\/velarogverkfaeri.is\\\/lykillausnir\\\/badherbergi-lykillausnir\\\/salernisburstar-badherbergi-lykillausnir\\\/product\\\/smedbo-dot-klosettburstihaldari-krom-tk332\\\/\"]}]},{\"@type\":\"ImageObject\",\"inLanguage\":\"en-US\",\"@id\":\"https:\\\/\\\/velarogverkfaeri.is\\\/lykillausnir\\\/badherbergi-lykillausnir\\\/salernisburstar-badherbergi-lykillausnir\\\/product\\\/smedbo-dot-klosettburstihaldari-krom-tk332\\\/#primaryimage\",\"url\":\"https:\\\/\\\/velarogverkfaeri.is\\\/wp-content\\\/uploads\\\/2026\\\/02\\\/d3f4ccde-b7aa-4879-8334-2ffa99b7f5d4.png\",\"contentUrl\":\"https:\\\/\\\/velarogverkfaeri.is\\\/wp-content\\\/uploads\\\/2026\\\/02\\\/d3f4ccde-b7aa-4879-8334-2ffa99b7f5d4.png\",\"width\":354,\"height\":626},{\"@type\":\"BreadcrumbList\",\"@id\":\"https:\\\/\\\/velarogverkfaeri.is\\\/lykillausnir\\\/badherbergi-lykillausnir\\\/salernisburstar-badherbergi-lykillausnir\\\/product\\\/smedbo-dot-klosettburstihaldari-krom-tk332\\\/#breadcrumb\",\"itemListElement\":[{\"@type\":\"ListItem\",\"position\":1,\"name\":\"Home\",\"item\":\"https:\\\/\\\/velarogverkfaeri.is\\\/\"},{\"@type\":\"ListItem\",\"position\":2,\"name\":\"Vefverslun\",\"item\":\"https:\\\/\\\/velarogverkfaeri.is\\\/vefverslun\\\/\"},{\"@type\":\"ListItem\",\"position\":3,\"name\":\"SMEDBO DOT Kl\u00f3settbursti+haldari Kr\u00f3m TK332\"}]},{\"@type\":\"WebSite\",\"@id\":\"https:\\\/\\\/velarogverkfaeri.is\\\/en\\\/#website\",\"url\":\"https:\\\/\\\/velarogverkfaeri.is\\\/en\\\/\",\"name\":\"V\u00e9lar & Verkf\u00e6ri\",\"description\":\"Umbo\u00f0s- og heildverslun fr\u00e1 \u00e1rinu 1919\",\"publisher\":{\"@id\":\"https:\\\/\\\/velarogverkfaeri.is\\\/en\\\/#organization\"},\"potentialAction\":[{\"@type\":\"SearchAction\",\"target\":{\"@type\":\"EntryPoint\",\"urlTemplate\":\"https:\\\/\\\/velarogverkfaeri.is\\\/en\\\/?s={search_term_string}\"},\"query-input\":{\"@type\":\"PropertyValueSpecification\",\"valueRequired\":true,\"valueName\":\"search_term_string\"}}],\"inLanguage\":\"en-US\"},{\"@type\":\"Organization\",\"@id\":\"https:\\\/\\\/velarogverkfaeri.is\\\/en\\\/#organization\",\"name\":\"V\u00e9lar & Verkf\u00e6ri\",\"url\":\"https:\\\/\\\/velarogverkfaeri.is\\\/en\\\/\",\"logo\":{\"@type\":\"ImageObject\",\"inLanguage\":\"en-US\",\"@id\":\"https:\\\/\\\/velarogverkfaeri.is\\\/en\\\/#\\\/schema\\\/logo\\\/image\\\/\",\"url\":\"https:\\\/\\\/velarogverkfaeri.is\\\/wp-content\\\/uploads\\\/2021\\\/10\\\/vv_logo_350x100.png\",\"contentUrl\":\"https:\\\/\\\/velarogverkfaeri.is\\\/wp-content\\\/uploads\\\/2021\\\/10\\\/vv_logo_350x100.png\",\"width\":350,\"height\":100,\"caption\":\"V\u00e9lar & Verkf\u00e6ri\"},\"image\":{\"@id\":\"https:\\\/\\\/velarogverkfaeri.is\\\/en\\\/#\\\/schema\\\/logo\\\/image\\\/\"},\"sameAs\":[\"https:\\\/\\\/www.facebook.com\\\/VelarOgVerkfaeri\"]}]}<\/script>\n<!-- \/ Yoast SEO plugin. -->","yoast_head_json":{"title":"SMEDBO DOT Kl\u00f3settbursti+haldari Kr\u00f3m TK332 - V\u00e9lar &amp; Verkf\u00e6ri","robots":{"index":"index","follow":"follow","max-snippet":"max-snippet:-1","max-image-preview":"max-image-preview:large","max-video-preview":"max-video-preview:-1"},"canonical":"https:\/\/velarogverkfaeri.is\/en\/lykillausnir\/badherbergi-lykillausnir\/salernisburstar-badherbergi-lykillausnir\/product\/smedbo-dot-klosettburstihaldari-krom-tk332\/","og_locale":"en_US","og_type":"article","og_title":"SMEDBO DOT Kl\u00f3settbursti+haldari Kr\u00f3m TK332 - V\u00e9lar &amp; Verkf\u00e6ri","og_description":"Tegund:&nbsp;TK332&nbsp;","og_url":"https:\/\/velarogverkfaeri.is\/en\/lykillausnir\/badherbergi-lykillausnir\/salernisburstar-badherbergi-lykillausnir\/product\/smedbo-dot-klosettburstihaldari-krom-tk332\/","og_site_name":"V\u00e9lar &amp; Verkf\u00e6ri","article_publisher":"https:\/\/www.facebook.com\/VelarOgVerkfaeri","article_modified_time":"2026-02-18T01:02:34+00:00","twitter_card":"summary_large_image","schema":{"@context":"https:\/\/schema.org","@graph":[{"@type":"WebPage","@id":"https:\/\/velarogverkfaeri.is\/lykillausnir\/badherbergi-lykillausnir\/salernisburstar-badherbergi-lykillausnir\/product\/smedbo-dot-klosettburstihaldari-krom-tk332\/","url":"https:\/\/velarogverkfaeri.is\/lykillausnir\/badherbergi-lykillausnir\/salernisburstar-badherbergi-lykillausnir\/product\/smedbo-dot-klosettburstihaldari-krom-tk332\/","name":"SMEDBO DOT Kl\u00f3settbursti+haldari Kr\u00f3m TK332 - V\u00e9lar &amp; Verkf\u00e6ri","isPartOf":{"@id":"https:\/\/velarogverkfaeri.is\/en\/#website"},"primaryImageOfPage":{"@id":"https:\/\/velarogverkfaeri.is\/lykillausnir\/badherbergi-lykillausnir\/salernisburstar-badherbergi-lykillausnir\/product\/smedbo-dot-klosettburstihaldari-krom-tk332\/#primaryimage"},"image":{"@id":"https:\/\/velarogverkfaeri.is\/lykillausnir\/badherbergi-lykillausnir\/salernisburstar-badherbergi-lykillausnir\/product\/smedbo-dot-klosettburstihaldari-krom-tk332\/#primaryimage"},"thumbnailUrl":"https:\/\/velarogverkfaeri.is\/wp-content\/uploads\/2026\/02\/d3f4ccde-b7aa-4879-8334-2ffa99b7f5d4.png","datePublished":"2025-03-15T16:26:11+00:00","dateModified":"2026-02-18T01:02:34+00:00","breadcrumb":{"@id":"https:\/\/velarogverkfaeri.is\/lykillausnir\/badherbergi-lykillausnir\/salernisburstar-badherbergi-lykillausnir\/product\/smedbo-dot-klosettburstihaldari-krom-tk332\/#breadcrumb"},"inLanguage":"en-US","potentialAction":[{"@type":"ReadAction","target":["https:\/\/velarogverkfaeri.is\/lykillausnir\/badherbergi-lykillausnir\/salernisburstar-badherbergi-lykillausnir\/product\/smedbo-dot-klosettburstihaldari-krom-tk332\/"]}]},{"@type":"ImageObject","inLanguage":"en-US","@id":"https:\/\/velarogverkfaeri.is\/lykillausnir\/badherbergi-lykillausnir\/salernisburstar-badherbergi-lykillausnir\/product\/smedbo-dot-klosettburstihaldari-krom-tk332\/#primaryimage","url":"https:\/\/velarogverkfaeri.is\/wp-content\/uploads\/2026\/02\/d3f4ccde-b7aa-4879-8334-2ffa99b7f5d4.png","contentUrl":"https:\/\/velarogverkfaeri.is\/wp-content\/uploads\/2026\/02\/d3f4ccde-b7aa-4879-8334-2ffa99b7f5d4.png","width":354,"height":626},{"@type":"BreadcrumbList","@id":"https:\/\/velarogverkfaeri.is\/lykillausnir\/badherbergi-lykillausnir\/salernisburstar-badherbergi-lykillausnir\/product\/smedbo-dot-klosettburstihaldari-krom-tk332\/#breadcrumb","itemListElement":[{"@type":"ListItem","position":1,"name":"Home","item":"https:\/\/velarogverkfaeri.is\/"},{"@type":"ListItem","position":2,"name":"Vefverslun","item":"https:\/\/velarogverkfaeri.is\/vefverslun\/"},{"@type":"ListItem","position":3,"name":"SMEDBO DOT Kl\u00f3settbursti+haldari Kr\u00f3m TK332"}]},{"@type":"WebSite","@id":"https:\/\/velarogverkfaeri.is\/en\/#website","url":"https:\/\/velarogverkfaeri.is\/en\/","name":"V\u00e9lar & Verkf\u00e6ri","description":"Umbo\u00f0s- og heildverslun fr\u00e1 \u00e1rinu 1919","publisher":{"@id":"https:\/\/velarogverkfaeri.is\/en\/#organization"},"potentialAction":[{"@type":"SearchAction","target":{"@type":"EntryPoint","urlTemplate":"https:\/\/velarogverkfaeri.is\/en\/?s={search_term_string}"},"query-input":{"@type":"PropertyValueSpecification","valueRequired":true,"valueName":"search_term_string"}}],"inLanguage":"en-US"},{"@type":"Organization","@id":"https:\/\/velarogverkfaeri.is\/en\/#organization","name":"V\u00e9lar & Verkf\u00e6ri","url":"https:\/\/velarogverkfaeri.is\/en\/","logo":{"@type":"ImageObject","inLanguage":"en-US","@id":"https:\/\/velarogverkfaeri.is\/en\/#\/schema\/logo\/image\/","url":"https:\/\/velarogverkfaeri.is\/wp-content\/uploads\/2021\/10\/vv_logo_350x100.png","contentUrl":"https:\/\/velarogverkfaeri.is\/wp-content\/uploads\/2021\/10\/vv_logo_350x100.png","width":350,"height":100,"caption":"V\u00e9lar & Verkf\u00e6ri"},"image":{"@id":"https:\/\/velarogverkfaeri.is\/en\/#\/schema\/logo\/image\/"},"sameAs":["https:\/\/www.facebook.com\/VelarOgVerkfaeri"]}]}},"_links":{"self":[{"href":"https:\/\/velarogverkfaeri.is\/en\/wp-json\/wp\/v2\/product\/71043","targetHints":{"allow":["GET"]}}],"collection":[{"href":"https:\/\/velarogverkfaeri.is\/en\/wp-json\/wp\/v2\/product"}],"about":[{"href":"https:\/\/velarogverkfaeri.is\/en\/wp-json\/wp\/v2\/types\/product"}],"replies":[{"embeddable":true,"href":"https:\/\/velarogverkfaeri.is\/en\/wp-json\/wp\/v2\/comments?post=71043"}],"wp:featuredmedia":[{"embeddable":true,"href":"https:\/\/velarogverkfaeri.is\/en\/wp-json\/wp\/v2\/media\/80452"}],"wp:attachment":[{"href":"https:\/\/velarogverkfaeri.is\/en\/wp-json\/wp\/v2\/media?parent=71043"}],"wp:term":[{"taxonomy":"product_brand","embeddable":true,"href":"https:\/\/velarogverkfaeri.is\/en\/wp-json\/wp\/v2\/product_brand?post=71043"},{"taxonomy":"product_cat","embeddable":true,"href":"https:\/\/velarogverkfaeri.is\/en\/wp-json\/wp\/v2\/product_cat?post=71043"},{"taxonomy":"product_tag","embeddable":true,"href":"https:\/\/velarogverkfaeri.is\/en\/wp-json\/wp\/v2\/product_tag?post=71043"}],"curies":[{"name":"wp","href":"https:\/\/api.w.org\/{rel}","templated":true}]}}