{"id":70611,"date":"2023-04-28T17:39:36","date_gmt":"2023-04-28T17:39:36","guid":{"rendered":"https:\/\/velarogverkfaeri.is\/uncategorized\/product\/frost-fatahengi-unu-svart\/"},"modified":"2026-05-06T14:31:31","modified_gmt":"2026-05-06T14:31:31","slug":"frost-fatahengi-unu-svart","status":"publish","type":"product","link":"https:\/\/velarogverkfaeri.is\/en\/honnunarlausnir\/heimilid\/hillur\/product\/frost-fatahengi-unu-svart\/","title":{"rendered":"FROST Fatahengi UNU Svart"},"content":{"rendered":"<p><img decoding=\"async\" src=\"data:image\/png;base64,iVBORw0KGgoAAAANSUhEUgAAASEAAADcCAYAAAA\/ZhdoAAAAAXNSR0IArs4c6QAAAARnQU1BAACxjwv8YQUAAAAJcEhZcwAADsMAAA7DAcdvqGQAABsWSURBVHhe7Z1PaxRL98fP77e6PJv7Egy4yBAxzuLheQkidyFBMhoUIQu3gu5ySa6IRsxO4W6zCIghOiIhCxFfgrgYI4bJQtCXcDfi7nnOOVXVXV39Z7rzZ6on8\/3AYGaqZqa7p+vb55xq6\/t\/v37+818CAIBI\/L\/9FwAAogARAgBEBSIEAIgKRAgAEBWIEAAgKhAhAEBUIEIAgKhAhAAAUYEIAQCiAhECAEQFIgQAiApECAAQFYhQdD7Q8r9+p99yj\/\/Q82+2ywnw\/dl\/6Lc7H+wzovd3+Du8583JbvfyO\/uy492dyn3R7Una79B7+zqYPiBCrWCWNr78Q79+eo8387Ry8WSF6OQQAerR4Mm+2dYv6zRY9Lb129\/UXdxP90n3xRMaFqjO6jzt2n0d8ucs\/Ptv+m6bwXQBEWorf2zy4CRaueEPziBq8iIZF+lohGPbXXQibZ3VQ6LtHv2WGeyvS6KZH\/T8379T99kP+zzg3WvaoR5t3D9nnp+\/Sstzh7S1Z\/q\/f7pGw5vrdO+8PuV9+Ys25vq0o5\/Pn\/2gT50nf9EVbSSaub9OSwcvaLdQcGWfWeDesbC5bdV98I9FIIASWfmRmBwnfd31R+TVJiBCLWbm6m3qHHymoT4z0Qe9sdHFT440Br2sULDIrFzwoxMjLDP3P7KgzRLd7NOvT3dpxnan7X3q2mhF2ncW3eA8R\/c+\/UMDJzIhLJC\/fm4mIkLf9mjrYJaWr0r\/HzQcEHUu8PclnKNOl2jnrYjmIQ0OiLqz\/mfPUtcTsTyHtPKAbOTUZ8Fao86\/1pJt373J7U\/91LJPC2+vJ8ehI+J78TNt6Pv5uLEgrpQJLBg7EKE2c54HJ+3TkK\/y35+t0Q6LyNYftk2E4tU60erj9Ko+t067SXRylzZuuoFfghetqODZ76qPjUYurhE96aeRD5MVmVCUeL\/8p1akqlh65MTzMi3xfvnbfuUai\/Pg0IvwOL3987L5U6M0\/v4k8jpHC7dmafiVI0PQCiBCE4IOGrmiJymFGfwmSrLwyE6iHEYHfmZwnjSXaUuji39o4+v8MQvdzciK2mhCUQTtASLUZr5x6kLz1HERhqRTdtCnDy8tiohGI9uvk6hscJhNd7KRB+9XJhAxKRyYTiBCLeb73gsazl3iNKlmVBO068APoqOTQIvgpbNZJrXKio4RmaVrkiJJ\/ScUKakTuZoSmDYgQm1Fp7GJNl6ZWoiZQVqjBa+gmhMDbn\/oZri+\/U0r215t5ARx25J8l9SGFtMZryt\/SjF4LZ2xeveYVg56tKT1rHN071GPhl4tS+tdc7dpwaspgekBItQKDmnlolfrkceizAZ99Iq9l2nrixSi55M+nZe3aejPds1xSvTAvv\/iGnXfpO\/XwrPWlOpMT4+YorfbIrNvZlvMPUPJbNr5uzTQe4Nsu94z5KWNevvBPi24\/ZB7hvz9AFMFLH\/OCHovUChKAEwAiIQAAFGBCAEAooJ0DAAQFURCAICoQIQAAFGBCAEAogIRAgBEBSIEAIgKRAgAEBWIEAAgKhAhAEBUIEIAgKhAhAAAUYEIAQCiAhECAEQFIgQAiApECAAQFYhQNMwSqjkPd0HdQ+u6hBrvr8LPCVEX0iprafmso1lPOwfYDBnXU\/vI9DHHoLgNTAsQoYnHeH+lpojjJ7GZDhC3EHJ+9e6xmS68\/\/7OPK10nY1RgaMsmAogQhOCRhpJROFHK0EkFHiuPw8dOZjBU++zkjb5nB7t2EX39fNGRWT2u2ShenVFDRDbn1LTwZwbiHXheLlXaCXkIq3Qaz9zXLxISvp1n33wIi1zzPz3Q\/DaAURoAtBIQxaxd9GEOlkUiQMLiVoyOz\/6S7SVi1AOWWjWbfRhfN2NjZBEVPxcLJS\/2Mgq9JwvYFm98Tf5fSHiNTZLA+f+EYgEHYrHvmfsKMxeos7BC9otSwe3WSSvmWNgvPNZAL\/afVHPec9miBmu8rF4ZfqrXz2La+LV\/yZrOwTiARGKjAykZJC6x2Lftgof6KHnP6awOOze7NNKeCV\/95p2Cvzos\/jRh\/F1zxoVNoA\/\/15pGiiGhvy5t1w6ZtKtjBBZY8cE9d6vgPftof0+450fes4Hzq6hXz31aMMdmz+us3A29d4HpwFEKDJLGkkED75KJ6gVdN6XbGHbtnt8P9wv9qOPgqlVJV5kkm69ykcrxyOIpEYRih5oBRChicCkSKFYpQN8QggjnQNJyTxUcMG0ARFqOzpwgzSjhJnZ+WI\/+hgUFbVVZGz0IvWfMB2SOhHsoKcOiFDruUwPtQjrD+iSe4OkzuH71esMlPlz7GjNxa9b\/aDnN6RobvzqTb2K08ynrkbE7Q\/61Ll1FQ6yUwZEaAKYuf9RC9HOu1283+lN0b1BgV\/9xc+0zAIW1onKkUK1qT\/p9HWjmyZDzGxbN\/HON\/cE+SnklU1brC5pB9MBzA\/PODq9L9PY3k2CALQJREJniVzkItP7h7R0DQIE2gsioTOG3BHsT9\/LLQAx\/0sHAKOACAEAooJ0DAAQFYgQACAqECEAQFQgQgCAqECEAABRgQgBAKICEQIARAUiBACICkQIABAViBAAICoQIQBAVCBCAICoQIQAAFGBCAEAogIRGjfqWpr3ezfOoOFSqsarXZdaLXmfQ9+feHplPeXVpTRwYT0aZf75ozzlzZrYrj3nfKqLsbn28n0EZxOI0LgpMunjQSxupZ25Pu1kBjj3O5Alos\/pwvCDnx8TM7\/xI0IzTyu8PSHVnvLyvh4NEk96s+50xrZ6kd\/jLI1K3WXBWQUiNHbOUadLtPPWixa+7dEW3abdR73s6+KoSj1akpURw0hIn7vo4Q73cxR4yiuf6aEXrfjRyKhIyfi9i9DwttjXEng7Kj3l3z1m4fKcT517iN3P90\/XaOg5pdIff9FGToxTGnnM6zFiQfMjLYnSgmMHwYsLRCgCakns+YN933tBJFY34sW1\/ToZFOqoevN63gteBtHFNeo699Y3LGrJkq4FnvLCQZ\/okesvPuy9RNDEzePXJ89mOgcLpLxv87p97jHCU173IXA+VX803U+JAEOX2AKRDmjmMd+nhbfXTZv61ffUhWRDnkvUxoKXs9MGYwUiFAP1BzODVBCDQpNySaqWRgHyepGNs4jW0PNlN9709u8yMv3FE6yeoaIwc\/9uXgh9RnnKh5ZDanyYovvuMdK6upHHfOhXz5\/vvM9Y8BZuzcYziAQKRCgKPEiTutAHjmJsymUHxeBQrszy+iwtX80OUEEHTWs851tAQ4\/5UPRAXCBCUfDERuo+Xso1c\/U2kdRTfMvktjPKUz6wpjYpXIoR3RREJtMFRCgSTmyev+1noxhJZXhQ70rKVVQPYrR\/MLCjDdwRnvJa\/wlEKq11mfpPdttNnQheadMDRCgWKjYvaGsQplxixdynlQrTwpn76+o5\/9DNIL27k\/EaGyujPOXtbFda\/M0aMl75U4rFa+msn51NM+kpmAYgQtEwvu9DMhGDjym2skiVlnmM5\/xg0U4zP7jEQmCblMBTfgTHvZmx2lP+HN375HvSm3uGklk7uf9J7w2y+6L3DG1WF8LBmQLmhwCAqCASAgBEBSIEAIgKRAgAEBWIEAAgKhAhAEBUIEIAgKhAhAAAUYEIAQCiAhECAEQFIgQAiApECAAQFYgQACAqECEAQFQgQgCAqECEAABRgQgBAKICEQIARAUi1CbUGTTvxT7Sp34EWZ\/6KoxnfN5r3pH1uG+EuKCWLCGry8tWbt+o7QKTDESoTRzVp34EVzbFPTWie4UI0GLfPskiAtRZhcXPNAMRahVH9KlnjF+8XSw+iFaykZCJoFzf5WcF0ddbz7s9icCKPO7rRE78GYv7tHQzWLXf+sF3Vue5zb5WF+cl7\/Yp8JZ\/fsyF+8F4gQi1jKP41Gs08fI2DdVfXfzYxb0iTN8M7+9wG63bvvvUfbmWNS5kdgaXknax61nQwV7kcS+veX73BXSfiEf8R3p4wb7gsaxe+pv8mQ3wffg1umOh4+ek38OvfblEW4isJgqIUNto7FMvPl5EG6\/uprbQ6k3ve305jLV02vcc3eMIK2TpUdouTrE5B9XaXKZ7ifVPwPm7dK+xt1gqOInwSUQ4t0677nvUB838CSYDiFDraOhTr5bLJkVKU6jfi80Qi6yl1UF1MthZlHQwaxapESF8+ScaiFDrOIpPvUmRNB3xHqkB4dmgwxHQ8AnRyg3Ue84SEKEW0sinXl6TmbI6ZRDtW+Abb\/9sO5KWOgvsBZtqqtd9kC5G8+UHRwIi1EYa+dRfpodPZjlV8QvRZbNW1h46iSSMb\/xkcZm23vRouNozM3paQ0tFSQrXK7F8+cGRgAi1kmY+9TP3P2oheiGpCXGfN8WzVuobT2vU0X7zNLi1Tp2wTlRK6HE\/aor+lNDCuxNT48tPzuv+4mdaZlFO60SRthHUBl70045OeX+mjZ+bSe1p0tFbFr6ux71BE9QGkdBUkY8K3j9dS+tLk4jcjZ35Ly1yy4KfroK2g0ho2gj\/CwWncZMeMcgd4f4tCUslqShoJxAhAEBUkI4BAKICEQIARAUiBACICkQIABAViBAAICoQIQBAVCBCAICoQIQAAFGBCAEAogIRAgBEBSIEAIgKRAgAEBWIEAAgKhAhAEBUpl6Ess6l3qOWd3s96nvBHxezaFl+f47oH38qnMRyqye4ZKt1by39rLBdF1ErOMah42vdfgAipMjCXhm7nH3aGPROTDjG6wWft\/9Rm5wSR1YgzNLgQZFQs9hdzDvU0pxzsE0fu9016oQCU7fflAMRKuQc3fvUp6XtXvYKGVzdMm32iunazELwhiZe8NK3y6\/5EU36Pea9\/mfXQSyEQoPDnHf9M943u43adufvzHb63zmqXch9fkEklo8Qw\/0LIruyi4I79iXHuE70sXxrnrb2guOqvm+9WjbVzkAgcf0ooW6\/aQIiVIo4S4illT1ZdFlUol13VfuyToNFN7jMFVP90bW9T93V+cIQv44X\/HD1BXVtNDPM2PmIODY3NVQ\/+yd\/JetIi0B0ePvMvojf\/CGtvLxEQz9a216jwSO7P77FjqOiXT+\/hje+Ood4\/vr0bY+2Dnq0ofsnQtKjgfOYt9FpToB1oX7fm17ex4Jyy73PRh9lAua4ep1\/i72MWL1\/yxeia9fts1EY08rRnmd1+00PEKEKxHjQnCx8Yj\/gE\/KN50hx\/i7tSprztOjkvkxbfPLn1zmu5wVPN9fpnrXgMVFMYFhYSd4SurN66J30diH4ZF8OaXDA\/xys0UNfNDmVeOi2X7y9QoPF0vYG3vj6vtRfX8QyWXT\/3WNaSQRJKBJgI\/5Zb3p+H4t84k3PXNmUqHatMBpL4YtO9wXtJn18C+56FBkxFlG337QAEaqFGag7i\/nBbXAGhLatNG3gzzl1L\/gCS2iOVCRy0UGo25D6lr2\/w1EE99\/lqG\/n7YhooQ5NvPGDaFOE0rlkqMf8XPWxKfWmZ0E1vmruIf1Gc+Wal5IFFtzg9IAIVSCDwrdhFheHzOCWh01hxIAwHfA9Pfmb1m5OjT\/+0pQrrHlI2rRyoa9RV8Zu+tjU98aXlGyoaVDzyKPUm76gIPzr58ckuiyFI7Pu6mNND00q1mwyQQUwMV0sp26\/aQEiVIoMCuN\/LoOqO+fVh6rg1ENOeqnlmMHlEdkLXvdFt4HZu6MGgU4YQsE9Mk288QW1ceY06Fk28tCU5aD62JR60494XzkSmUl62FwQJWXffVnnGNbtNz1AhAoxRdEdPiFNrcHUbrLFWTMDY6Kd8L4Ve6Lduhpc7ayN8ri94G19xQwquw1eIVoiooXt0Pf+qDTxxhfs9qwGkYdGb9k6UvH9VqE3vXnfgt9PZzXr3aIgkZmmeQ1TMTfh4Neiiqjbb5qACAk2fUofdnbFny3iCMfcb5PtYyIJMxDSmhGfaN1+cfpxLC94X\/jKyNdjflvk7\/ziCtH2Ki8zRra9I4XkLzXSlZo08cYXjL9+GHmY2yRkltHtx8KA0yz\/N3FkvOnN++T2Cvc+M6tZ0+Zai+WcelelYrmaE28b9enXJ68YL9TtN+XA\/DA2OsV8trzgGyORytvrE+8EC44GIqGxkk9LJt4L\/gQ4ShEYnB0gQmMlTNtseD6tEYC901mOAbzjpxekYwCAqCASAgBEBSIEAIgKRAgAEBWIEAAgKhAhAEBUIEIAgKhAhAAAUYEIAQCiAhECAEQFIgQAiApECAAQFYgQACAqECEAQFQgQgCAqLRShIx7Z\/mawKPas5glUYvXN65HEy\/5Jn0NZqGzQpdQXW+n2L30uNTfzqr1oU8IWVlx1LZInwb2ya3av0Yc\/3z1aX4+jp\/2RkJz+7RSdNLxyZj6fY2H0\/SS\/\/5szVgNh+aDp0z9fSozcjw5TmNlxdP8zcDJ0uJ07DYtZxwxDXrC8qDNYq4e\/oLiZjF4eX2eVqxxYbpAvI0+3MO7UkiU5XvByxUpvJro85L3+2jEVnn1Nq4cS9c2eZ9GmA8WREX+dul38d\/+tsm2m6gxv53+e+Xvcv\/7bKTgv0\/JbJf05b\/fmRUT9bN0\/\/3jHUZ2vr1Oye8iUdBi3y4cn0bA\/r5m+jP19y9P5pgF23vUtpDivs3PV0WOj9detW9tpNU1oQXfEVOxJ+w1+1SxP1y3nxjdqeeXWsCI84J4rRvjQuN+IT+ocX8w\/fMe574XfBgByAmtrg\/2u5zZYdEPr4aIVc4K1ntdBmDOl\/0o8HbsXDPbZTzsf1dvMd3OL+vUqbBCLve\/b8ohrTxwnv18wVDhMC6v8tnqiuFbZydOp\/I7lnjPi5ebHGc1NTSGAE1+B6Hu\/ok4lProaxTuPPwbtIWU9j3C+aoC7Y43P\/h3HixWC2DbaHdhWhwxfQPBQmte+eH44Huht\/FvL8akP\/6axvz+V+tE1nlTmbtNCyX2Nxrm+8JiLWKOQmaR+wKfrcZ4\/vDmGMzSxp\/2uJy\/SstzFaaEx\/K\/z7L0yB0fY\/Psf7aKrefDLm6kxUaA5nctsk0SGv8OtfavgY++oEaXJS4pVW0hFX2rz1cW7gcs9G+8956\/S7tiTeULfctptwjJSeylZKNqB0l4fpEHt30tRJxGcz5jFf3LSMNpjj7sa82QqM4TCT65Fm4VuLYei7p+ZqdLuduopKNkTRd5cKnBpPUZq1mEPv7v4DHKR98ZK9rXM1FXVVtIg77V5ytvr03d\/PZx10yPS8tFSK6cHKqqqpdb8zrxScJzST1sWyF8ZTGhrf+od9VyJ30aTrMw2rYm6BUuOOH15BlzgToqko6SF3VqRMDHVH4\/ZxwY1j8sJ\/U75Kny0bdRNz\/flRqeDn6X+lS1hTTpy4w4XyV1y7VPUFG+9SKkYbbUSgpTMcFGFHLi1HC21Kuylw40wxaS9UevGWoXYm2ik\/qHe5h6QGWB+gzxfe8FUc4qm+GUYiDHQ+s8RXWyk\/odAhr46Gs6qL\/XYVC3rG4LGdW3+nzl7eXzZXB4jBS+BbRfhLSuwKHrYlUq5p84H2i5Ir2aub+uxdIFL8fXq2qDe1DSH90UUxunAVqQLvJ+NylJ4cCzAyQ5Ub\/9TSsuTRgjOii87dO6lv27KZJqdGfdMZBj6c8ImfSbKowhj\/075Bjho6+zUF6b\/ztWtYU06Ft9vroU1vrwK\/nj2HYmQIQkJeOBmfMqd4SGgjITI6G5G7Cm1qLtGtpzfw73ydUeJKSX2ZBa\/uD8o2tR0L13ngaPyqOXMnHTgVtW\/NYCa1Eh1OxnUjO5QbTBA2bczNzv8\/6m9Yyda0dNg8L0Ojy2Nr12aYUcF03RJG1p9js0odJH3xapkza+2HXfWA\/\/qraQyr4Nz1f+rKEUopO0fp62bu2XFvTbCMwPAQBRmYhICABwdoEIAQCiAhECAEQFIgQAiApECAAQFYgQACAqECEAQFQgQgCAqECEAABRgQgBAKICEQIARAUiBACICkQIABAViBAAICoQIQBAVCBCAICoQIQAAFGBCEXBrAPsluuUR6M1gU\/Ro15Q95KKNbdHtWeRNZq9bZX1lUd9donDRma952NxUp8DTgKI0LhRATHrAKcuG33qyhrCpYMvBi9ooWB7ZN3sxIcLgBMAIjRWOAK6sUb0JFyI3CxmnrVpDqKlSoGq6Cuix5HHc2cMKW2h20MR3du0PAhdP4xZ4dLNYIF9\/Tzv+5PPlohDXDCMv9ryI+5X4Cmf57VGKuazqiK+URGliXiS9rJjqBeGinZwqkCExkmVDYx6bTnHBRlc856\/\/r76jxcPkhp9edBvXbCRl7hXqMngKL+uWVrgaG3HT1lk++k2LV2wzwURoEX+zsQwUNw3+jaKYnHV58YXbusBf2\/gKV\/INguVM\/RTn\/YiIQr323jMp\/Y30l7ibe8jAqRuF9xnggwDzxIQoXFy+JmGdayZ3z2mlYMe7SaDwljcZCMlS62+JcI3AvFsH3gWOs6sMONuq4LmW9tY\/\/njcNPzXlfL5CJjQN5PcTH1hMN4zFvscdlIIk7TPxuBcqTEAiSRaer1DsYNRKiFfD\/c52jhUnawq\/lhniZ9G3P+qpeS+b7xBbiUhh\/HrRllvevPUYd3Rj3ZS3A24KlHe8lxCdhZlFTxaAINTg6I0DiZlUGxT8PSGkfbECO+fWPEaFOxnGGjEx+X0nDqI\/7q48CJj5okSsoldTXbVgex4VbjwBt1Z\/rAaQARGicSWZT6k6fTxjOz80QHkrp5fDukgf3Tp0nfoyApDr3co\/clvvGSog05fRLxOamUJhv1\/KAh70w2OhLEwdXUmn4VuOcWHpcAsaAuslkG4wUiNFZS++L8LA6nBnPr9FDthqUO4oq7wg+dVRveXM\/bCjfpexREOIkH6WpFKjY4TCKJE5nC9+pZ35\/1gtqOD4ttolemvpOIjj0uvp128T1Izl7b93MH4wQiNG50FszeFyRpjD7sLE5yRZciqp3l0nY7C1Q4e9Okr6XOFH2C8UanEu989aZnkerYfel85dRIPPK3XS1JCtVmil6FN+Mprx1ydJ7cpoH1Vu+w+G18KZpJM+Khnu363ZwOfpGZOBdpynHJHueMt72PesPzNiItiwK86AEAUUEkBACICkQIABAViBAAICoQIQBAVCBCAICoQIQAAFGBCAEAogIRAgBEBSIEAIgKRAgAEBWIEAAgKhAhAEBUIEIAgKhAhAAAUYEIAQCiAhECAEQFIgQAiApECAAQFYgQACAqECEAQFQgQgCAqECEAABRgQgBAKICEQIARAUiBACICkQIABAViBAAICoQIQBARIj+B5TREMYX5IILAAAAAElFTkSuQmCC\" alt=\"\"><\/p>","protected":false},"excerpt":{"rendered":"<p>Fatahengi me\u00f0 hillu, sl\u00e1 og 6 sn\u00f6gum. Sv\u00f6rt, p\u00f3leru\u00f0 sl\u00e1 og snagar.<\/p>","protected":false},"featured_media":70608,"comment_status":"closed","ping_status":"closed","template":"","meta":[],"product_brand":[],"product_cat":[544,845,518],"product_tag":[1012,1013],"class_list":{"0":"post-70611","1":"product","2":"type-product","3":"status-publish","4":"has-post-thumbnail","6":"product_cat-heimilid","7":"product_cat-hillur","8":"product_cat-honnunarlausnir","9":"product_tag-frost","10":"product_tag-unu","12":"first","13":"instock","14":"taxable","15":"shipping-taxable","16":"product-type-simple"},"yoast_head":"<!-- This site is optimized with the Yoast SEO plugin v27.3 - https:\/\/yoast.com\/product\/yoast-seo-wordpress\/ -->\n<title>FROST Fatahengi UNU Svart - V\u00e9lar &amp; Verkf\u00e6ri<\/title>\n<meta name=\"robots\" content=\"index, follow, max-snippet:-1, max-image-preview:large, max-video-preview:-1\" \/>\n<link rel=\"canonical\" href=\"https:\/\/velarogverkfaeri.is\/en\/honnunarlausnir\/heimilid\/hillur\/product\/frost-fatahengi-unu-svart\/\" \/>\n<meta property=\"og:locale\" content=\"en_US\" \/>\n<meta property=\"og:type\" content=\"article\" \/>\n<meta property=\"og:title\" content=\"FROST Fatahengi UNU Svart - V\u00e9lar &amp; Verkf\u00e6ri\" \/>\n<meta property=\"og:description\" content=\"Fatahengi me\u00f0 hillu, sl\u00e1 og 6 sn\u00f6gum. Sv\u00f6rt, p\u00f3leru\u00f0 sl\u00e1 og snagar.\" \/>\n<meta property=\"og:url\" content=\"https:\/\/velarogverkfaeri.is\/en\/honnunarlausnir\/heimilid\/hillur\/product\/frost-fatahengi-unu-svart\/\" \/>\n<meta property=\"og:site_name\" content=\"V\u00e9lar &amp; Verkf\u00e6ri\" \/>\n<meta property=\"article:publisher\" content=\"https:\/\/www.facebook.com\/VelarOgVerkfaeri\" \/>\n<meta property=\"article:modified_time\" content=\"2026-05-06T14:31:31+00:00\" \/>\n<meta property=\"og:image\" content=\"https:\/\/velarogverkfaeri.is\/wp-content\/uploads\/2025\/02\/51f003a9-bc84-4811-9905-a625fee755cb.jpg\" \/>\n\t<meta property=\"og:image:width\" content=\"650\" \/>\n\t<meta property=\"og:image:height\" content=\"650\" \/>\n\t<meta property=\"og:image:type\" content=\"image\/jpeg\" \/>\n<meta name=\"twitter:card\" content=\"summary_large_image\" \/>\n<script type=\"application\/ld+json\" class=\"yoast-schema-graph\">{\"@context\":\"https:\\\/\\\/schema.org\",\"@graph\":[{\"@type\":\"WebPage\",\"@id\":\"https:\\\/\\\/velarogverkfaeri.is\\\/honnunarlausnir\\\/heimilid\\\/hillur\\\/product\\\/frost-fatahengi-unu-svart\\\/\",\"url\":\"https:\\\/\\\/velarogverkfaeri.is\\\/honnunarlausnir\\\/heimilid\\\/hillur\\\/product\\\/frost-fatahengi-unu-svart\\\/\",\"name\":\"FROST Fatahengi UNU Svart - V\u00e9lar &amp; Verkf\u00e6ri\",\"isPartOf\":{\"@id\":\"https:\\\/\\\/velarogverkfaeri.is\\\/en\\\/#website\"},\"primaryImageOfPage\":{\"@id\":\"https:\\\/\\\/velarogverkfaeri.is\\\/honnunarlausnir\\\/heimilid\\\/hillur\\\/product\\\/frost-fatahengi-unu-svart\\\/#primaryimage\"},\"image\":{\"@id\":\"https:\\\/\\\/velarogverkfaeri.is\\\/honnunarlausnir\\\/heimilid\\\/hillur\\\/product\\\/frost-fatahengi-unu-svart\\\/#primaryimage\"},\"thumbnailUrl\":\"https:\\\/\\\/velarogverkfaeri.is\\\/wp-content\\\/uploads\\\/2025\\\/02\\\/51f003a9-bc84-4811-9905-a625fee755cb.jpg\",\"datePublished\":\"2023-04-28T17:39:36+00:00\",\"dateModified\":\"2026-05-06T14:31:31+00:00\",\"breadcrumb\":{\"@id\":\"https:\\\/\\\/velarogverkfaeri.is\\\/honnunarlausnir\\\/heimilid\\\/hillur\\\/product\\\/frost-fatahengi-unu-svart\\\/#breadcrumb\"},\"inLanguage\":\"en-US\",\"potentialAction\":[{\"@type\":\"ReadAction\",\"target\":[\"https:\\\/\\\/velarogverkfaeri.is\\\/honnunarlausnir\\\/heimilid\\\/hillur\\\/product\\\/frost-fatahengi-unu-svart\\\/\"]}]},{\"@type\":\"ImageObject\",\"inLanguage\":\"en-US\",\"@id\":\"https:\\\/\\\/velarogverkfaeri.is\\\/honnunarlausnir\\\/heimilid\\\/hillur\\\/product\\\/frost-fatahengi-unu-svart\\\/#primaryimage\",\"url\":\"https:\\\/\\\/velarogverkfaeri.is\\\/wp-content\\\/uploads\\\/2025\\\/02\\\/51f003a9-bc84-4811-9905-a625fee755cb.jpg\",\"contentUrl\":\"https:\\\/\\\/velarogverkfaeri.is\\\/wp-content\\\/uploads\\\/2025\\\/02\\\/51f003a9-bc84-4811-9905-a625fee755cb.jpg\",\"width\":650,\"height\":650},{\"@type\":\"BreadcrumbList\",\"@id\":\"https:\\\/\\\/velarogverkfaeri.is\\\/honnunarlausnir\\\/heimilid\\\/hillur\\\/product\\\/frost-fatahengi-unu-svart\\\/#breadcrumb\",\"itemListElement\":[{\"@type\":\"ListItem\",\"position\":1,\"name\":\"Home\",\"item\":\"https:\\\/\\\/velarogverkfaeri.is\\\/\"},{\"@type\":\"ListItem\",\"position\":2,\"name\":\"Vefverslun\",\"item\":\"https:\\\/\\\/velarogverkfaeri.is\\\/vefverslun\\\/\"},{\"@type\":\"ListItem\",\"position\":3,\"name\":\"FROST Fatahengi UNU Svart\"}]},{\"@type\":\"WebSite\",\"@id\":\"https:\\\/\\\/velarogverkfaeri.is\\\/en\\\/#website\",\"url\":\"https:\\\/\\\/velarogverkfaeri.is\\\/en\\\/\",\"name\":\"V\u00e9lar & Verkf\u00e6ri\",\"description\":\"Umbo\u00f0s- og heildverslun fr\u00e1 \u00e1rinu 1919\",\"publisher\":{\"@id\":\"https:\\\/\\\/velarogverkfaeri.is\\\/en\\\/#organization\"},\"potentialAction\":[{\"@type\":\"SearchAction\",\"target\":{\"@type\":\"EntryPoint\",\"urlTemplate\":\"https:\\\/\\\/velarogverkfaeri.is\\\/en\\\/?s={search_term_string}\"},\"query-input\":{\"@type\":\"PropertyValueSpecification\",\"valueRequired\":true,\"valueName\":\"search_term_string\"}}],\"inLanguage\":\"en-US\"},{\"@type\":\"Organization\",\"@id\":\"https:\\\/\\\/velarogverkfaeri.is\\\/en\\\/#organization\",\"name\":\"V\u00e9lar & Verkf\u00e6ri\",\"url\":\"https:\\\/\\\/velarogverkfaeri.is\\\/en\\\/\",\"logo\":{\"@type\":\"ImageObject\",\"inLanguage\":\"en-US\",\"@id\":\"https:\\\/\\\/velarogverkfaeri.is\\\/en\\\/#\\\/schema\\\/logo\\\/image\\\/\",\"url\":\"https:\\\/\\\/velarogverkfaeri.is\\\/wp-content\\\/uploads\\\/2021\\\/10\\\/vv_logo_350x100.png\",\"contentUrl\":\"https:\\\/\\\/velarogverkfaeri.is\\\/wp-content\\\/uploads\\\/2021\\\/10\\\/vv_logo_350x100.png\",\"width\":350,\"height\":100,\"caption\":\"V\u00e9lar & Verkf\u00e6ri\"},\"image\":{\"@id\":\"https:\\\/\\\/velarogverkfaeri.is\\\/en\\\/#\\\/schema\\\/logo\\\/image\\\/\"},\"sameAs\":[\"https:\\\/\\\/www.facebook.com\\\/VelarOgVerkfaeri\"]}]}<\/script>\n<!-- \/ Yoast SEO plugin. -->","yoast_head_json":{"title":"FROST Fatahengi UNU Svart - V\u00e9lar &amp; Verkf\u00e6ri","robots":{"index":"index","follow":"follow","max-snippet":"max-snippet:-1","max-image-preview":"max-image-preview:large","max-video-preview":"max-video-preview:-1"},"canonical":"https:\/\/velarogverkfaeri.is\/en\/honnunarlausnir\/heimilid\/hillur\/product\/frost-fatahengi-unu-svart\/","og_locale":"en_US","og_type":"article","og_title":"FROST Fatahengi UNU Svart - V\u00e9lar &amp; Verkf\u00e6ri","og_description":"Fatahengi me\u00f0 hillu, sl\u00e1 og 6 sn\u00f6gum. Sv\u00f6rt, p\u00f3leru\u00f0 sl\u00e1 og snagar.","og_url":"https:\/\/velarogverkfaeri.is\/en\/honnunarlausnir\/heimilid\/hillur\/product\/frost-fatahengi-unu-svart\/","og_site_name":"V\u00e9lar &amp; Verkf\u00e6ri","article_publisher":"https:\/\/www.facebook.com\/VelarOgVerkfaeri","article_modified_time":"2026-05-06T14:31:31+00:00","og_image":[{"width":650,"height":650,"url":"https:\/\/velarogverkfaeri.is\/wp-content\/uploads\/2025\/02\/51f003a9-bc84-4811-9905-a625fee755cb.jpg","type":"image\/jpeg"}],"twitter_card":"summary_large_image","schema":{"@context":"https:\/\/schema.org","@graph":[{"@type":"WebPage","@id":"https:\/\/velarogverkfaeri.is\/honnunarlausnir\/heimilid\/hillur\/product\/frost-fatahengi-unu-svart\/","url":"https:\/\/velarogverkfaeri.is\/honnunarlausnir\/heimilid\/hillur\/product\/frost-fatahengi-unu-svart\/","name":"FROST Fatahengi UNU Svart - V\u00e9lar &amp; Verkf\u00e6ri","isPartOf":{"@id":"https:\/\/velarogverkfaeri.is\/en\/#website"},"primaryImageOfPage":{"@id":"https:\/\/velarogverkfaeri.is\/honnunarlausnir\/heimilid\/hillur\/product\/frost-fatahengi-unu-svart\/#primaryimage"},"image":{"@id":"https:\/\/velarogverkfaeri.is\/honnunarlausnir\/heimilid\/hillur\/product\/frost-fatahengi-unu-svart\/#primaryimage"},"thumbnailUrl":"https:\/\/velarogverkfaeri.is\/wp-content\/uploads\/2025\/02\/51f003a9-bc84-4811-9905-a625fee755cb.jpg","datePublished":"2023-04-28T17:39:36+00:00","dateModified":"2026-05-06T14:31:31+00:00","breadcrumb":{"@id":"https:\/\/velarogverkfaeri.is\/honnunarlausnir\/heimilid\/hillur\/product\/frost-fatahengi-unu-svart\/#breadcrumb"},"inLanguage":"en-US","potentialAction":[{"@type":"ReadAction","target":["https:\/\/velarogverkfaeri.is\/honnunarlausnir\/heimilid\/hillur\/product\/frost-fatahengi-unu-svart\/"]}]},{"@type":"ImageObject","inLanguage":"en-US","@id":"https:\/\/velarogverkfaeri.is\/honnunarlausnir\/heimilid\/hillur\/product\/frost-fatahengi-unu-svart\/#primaryimage","url":"https:\/\/velarogverkfaeri.is\/wp-content\/uploads\/2025\/02\/51f003a9-bc84-4811-9905-a625fee755cb.jpg","contentUrl":"https:\/\/velarogverkfaeri.is\/wp-content\/uploads\/2025\/02\/51f003a9-bc84-4811-9905-a625fee755cb.jpg","width":650,"height":650},{"@type":"BreadcrumbList","@id":"https:\/\/velarogverkfaeri.is\/honnunarlausnir\/heimilid\/hillur\/product\/frost-fatahengi-unu-svart\/#breadcrumb","itemListElement":[{"@type":"ListItem","position":1,"name":"Home","item":"https:\/\/velarogverkfaeri.is\/"},{"@type":"ListItem","position":2,"name":"Vefverslun","item":"https:\/\/velarogverkfaeri.is\/vefverslun\/"},{"@type":"ListItem","position":3,"name":"FROST Fatahengi UNU Svart"}]},{"@type":"WebSite","@id":"https:\/\/velarogverkfaeri.is\/en\/#website","url":"https:\/\/velarogverkfaeri.is\/en\/","name":"V\u00e9lar & Verkf\u00e6ri","description":"Umbo\u00f0s- og heildverslun fr\u00e1 \u00e1rinu 1919","publisher":{"@id":"https:\/\/velarogverkfaeri.is\/en\/#organization"},"potentialAction":[{"@type":"SearchAction","target":{"@type":"EntryPoint","urlTemplate":"https:\/\/velarogverkfaeri.is\/en\/?s={search_term_string}"},"query-input":{"@type":"PropertyValueSpecification","valueRequired":true,"valueName":"search_term_string"}}],"inLanguage":"en-US"},{"@type":"Organization","@id":"https:\/\/velarogverkfaeri.is\/en\/#organization","name":"V\u00e9lar & Verkf\u00e6ri","url":"https:\/\/velarogverkfaeri.is\/en\/","logo":{"@type":"ImageObject","inLanguage":"en-US","@id":"https:\/\/velarogverkfaeri.is\/en\/#\/schema\/logo\/image\/","url":"https:\/\/velarogverkfaeri.is\/wp-content\/uploads\/2021\/10\/vv_logo_350x100.png","contentUrl":"https:\/\/velarogverkfaeri.is\/wp-content\/uploads\/2021\/10\/vv_logo_350x100.png","width":350,"height":100,"caption":"V\u00e9lar & Verkf\u00e6ri"},"image":{"@id":"https:\/\/velarogverkfaeri.is\/en\/#\/schema\/logo\/image\/"},"sameAs":["https:\/\/www.facebook.com\/VelarOgVerkfaeri"]}]}},"_links":{"self":[{"href":"https:\/\/velarogverkfaeri.is\/en\/wp-json\/wp\/v2\/product\/70611","targetHints":{"allow":["GET"]}}],"collection":[{"href":"https:\/\/velarogverkfaeri.is\/en\/wp-json\/wp\/v2\/product"}],"about":[{"href":"https:\/\/velarogverkfaeri.is\/en\/wp-json\/wp\/v2\/types\/product"}],"replies":[{"embeddable":true,"href":"https:\/\/velarogverkfaeri.is\/en\/wp-json\/wp\/v2\/comments?post=70611"}],"wp:featuredmedia":[{"embeddable":true,"href":"https:\/\/velarogverkfaeri.is\/en\/wp-json\/wp\/v2\/media\/70608"}],"wp:attachment":[{"href":"https:\/\/velarogverkfaeri.is\/en\/wp-json\/wp\/v2\/media?parent=70611"}],"wp:term":[{"taxonomy":"product_brand","embeddable":true,"href":"https:\/\/velarogverkfaeri.is\/en\/wp-json\/wp\/v2\/product_brand?post=70611"},{"taxonomy":"product_cat","embeddable":true,"href":"https:\/\/velarogverkfaeri.is\/en\/wp-json\/wp\/v2\/product_cat?post=70611"},{"taxonomy":"product_tag","embeddable":true,"href":"https:\/\/velarogverkfaeri.is\/en\/wp-json\/wp\/v2\/product_tag?post=70611"}],"curies":[{"name":"wp","href":"https:\/\/api.w.org\/{rel}","templated":true}]}}