{"id":70567,"date":"2025-02-22T14:56:08","date_gmt":"2025-02-22T14:56:08","guid":{"rendered":"https:\/\/velarogverkfaeri.is\/?post_type=product&#038;p=70567"},"modified":"2026-04-16T13:01:42","modified_gmt":"2026-04-16T13:01:42","slug":"daewoo-verkfaerasett-96-stk","status":"publish","type":"product","link":"https:\/\/velarogverkfaeri.is\/en\/verkfaeralausnir\/handverkfaeri\/verkfaerasett-handverkfaeri\/product\/daewoo-verkfaerasett-96-stk\/","title":{"rendered":"DAEWOO Verkf\u00e6rasett 96 stk"},"content":{"rendered":"<p style=\"margin: 0cm; background-image: initial; background-position: initial; background-size: initial; background-repeat: initial; background-attachment: initial; background-origin: initial; background-clip: initial; vertical-align: baseline;\"><span style=\"font-size: 11.5pt; font-family: Arial, sans-serif; color: rgb(26, 18, 15); background-image: initial; background-position: initial; background-size: initial; background-repeat: initial; background-attachment: initial; background-origin: initial; background-clip: initial;\"><b style=\"font-size: 15.3333px;\">Inniheldur:<\/b><\/span><\/p>\n<p style=\"margin: 0cm; background-image: initial; background-position: initial; background-size: initial; background-repeat: initial; background-attachment: initial; background-origin: initial; background-clip: initial; vertical-align: baseline;\"><span style=\"font-size: 11.5pt; font-family: Arial, sans-serif; color: rgb(26, 18, 15); background-image: initial; background-position: initial; background-size: initial; background-repeat: initial; background-attachment: initial; background-origin: initial; background-clip: initial;\">Open-end wrenches: 7 units (6 x 7;&nbsp;<\/span><span style=\"color: rgb(26, 18, 15); font-family: Arial, sans-serif; font-size: 11.5pt;\">8 x 9; 10<br \/>\nx 14; 12 x 13; 14 x 15; 16 x&nbsp;<\/span><span style=\"color: rgb(26, 18, 15); font-family: Arial, sans-serif; font-size: 11.5pt;\">17; 18 x 19)<\/span><\/p>\n<p style=\"margin: 0cm; background-image: initial; background-position: initial; background-size: initial; background-repeat: initial; background-attachment: initial; background-origin: initial; background-clip: initial; vertical-align: baseline;\"><span style=\"font-size:11.5pt;font-family:&quot;Arial&quot;,sans-serif;color:#1A120F\"><br \/>\nHex key wrench: 8 units<br \/>\nGroove joint plier 10\u201d: 1 unit<br \/>\nCombination plier 6\u201d: 1 unit<br \/>\nLong nose plier 6\u201d: 1 unit<br \/>\nDiagonal cutting plier 6\u201d: 1 unit<br \/>\nTest pencil: 1 unit (100-250 V)<br \/>\nScrewdriver: 3 units (PH: 2 x 100; 1&nbsp;x 100; SL: 6 x 100)<br \/>\nScrewdriver holder: 1 unit<br \/>\nBits: 20 units<br \/>\nPrecision bits: 10 units<br \/>\nPrecision screwdriver: 1 unit&nbsp;3\/8\u201d <\/span><\/p>\n<p style=\"margin: 0cm; background-image: initial; background-position: initial; background-size: initial; background-repeat: initial; background-attachment: initial; background-origin: initial; background-clip: initial; vertical-align: baseline;\"><span style=\"font-size:11.5pt;font-family:&quot;Arial&quot;,sans-serif;color:#1A120F\">Dr. ratchet handle 72T: 1 unit&nbsp;1\/4\u201d <\/span><\/p>\n<p style=\"margin: 0cm; background-image: initial; background-position: initial; background-size: initial; background-repeat: initial; background-attachment: initial; background-origin: initial; background-clip: initial; vertical-align: baseline;\"><span style=\"font-size:11.5pt;font-family:&quot;Arial&quot;,sans-serif;color:#1A120F\">Dr. sockets: 9 units (5 \u2013 6 \u2013 7 \u2013 8&nbsp;\u2013 9 \u2013 10 \u2013 11 \u2013 12 \u2013 13 mm)<br \/><\/span><span style=\"color: rgb(26, 18, 15); font-family: Arial, sans-serif; font-size: 11.5pt;\">1\/4\u201d Dr. extension bar 75 mm: 1&nbsp;<\/span><span style=\"color: rgb(26, 18, 15); font-family: Arial, sans-serif; font-size: 11.5pt;\">unit&nbsp;<\/span><\/p>\n<p style=\"margin: 0cm; background-image: initial; background-position: initial; background-size: initial; background-repeat: initial; background-attachment: initial; background-origin: initial; background-clip: initial; vertical-align: baseline;\"><span style=\"font-size:11.5pt;font-family:&quot;Arial&quot;,sans-serif;color:#1A120F\"><br \/>\nSpark plug socket: 1 unit&nbsp;3\/8\u201d <\/span><\/p>\n<p style=\"margin: 0cm; background-image: initial; background-position: initial; background-size: initial; background-repeat: initial; background-attachment: initial; background-origin: initial; background-clip: initial; vertical-align: baseline;\"><span style=\"font-size:11.5pt;font-family:&quot;Arial&quot;,sans-serif;color:#1A120F\">Dr. sockets: 8 units (11 -12 -13&nbsp;-14 -14 -16 -17 -18 mm)<br \/>\nSocket adapter: 2 units<br \/>\nMachinist hammer 300 g: 1 unit<br \/>\nSpirit level: 1 unit<br \/>\nTape measure 5 m: 1 unit<br \/>\nKnife 18 mm: 1 unit<br \/>\nBlades: 10 units<br \/>\nHack saw: 1 units (12\u201d x 1\/2\u201d 24T)<br \/>\nSaw blade 300 mm: 3 units<br \/>\nBlow molding box: 1 unit<o:p><\/o:p><\/span><\/p>","protected":false},"excerpt":{"rendered":"<p>Tegund:&nbsp;DAHTS96<\/p>","protected":false},"featured_media":76776,"comment_status":"closed","ping_status":"closed","template":"","meta":[],"product_brand":[],"product_cat":[588,515,791],"product_tag":[1106,817],"class_list":{"0":"post-70567","1":"product","2":"type-product","3":"status-publish","4":"has-post-thumbnail","6":"product_cat-handverkfaeri","7":"product_cat-verkfaeralausnir","8":"product_cat-verkfaerasett-handverkfaeri","9":"product_tag-jolatilbod","10":"product_tag-outlet","12":"first","13":"instock","14":"sale","15":"taxable","16":"shipping-taxable","17":"purchasable","18":"product-type-simple"},"yoast_head":"<!-- This site is optimized with the Yoast SEO plugin v27.3 - https:\/\/yoast.com\/product\/yoast-seo-wordpress\/ -->\n<title>DAEWOO Verkf\u00e6rasett 96 stk - V\u00e9lar &amp; Verkf\u00e6ri<\/title>\n<meta name=\"robots\" content=\"index, follow, max-snippet:-1, max-image-preview:large, max-video-preview:-1\" \/>\n<link rel=\"canonical\" href=\"https:\/\/velarogverkfaeri.is\/en\/verkfaeralausnir\/handverkfaeri\/verkfaerasett-handverkfaeri\/product\/daewoo-verkfaerasett-96-stk\/\" \/>\n<meta property=\"og:locale\" content=\"en_US\" \/>\n<meta property=\"og:type\" content=\"article\" \/>\n<meta property=\"og:title\" content=\"DAEWOO Verkf\u00e6rasett 96 stk - V\u00e9lar &amp; Verkf\u00e6ri\" \/>\n<meta property=\"og:description\" content=\"Tegund:&nbsp;DAHTS96\" \/>\n<meta property=\"og:url\" content=\"https:\/\/velarogverkfaeri.is\/en\/verkfaeralausnir\/handverkfaeri\/verkfaerasett-handverkfaeri\/product\/daewoo-verkfaerasett-96-stk\/\" \/>\n<meta property=\"og:site_name\" content=\"V\u00e9lar &amp; Verkf\u00e6ri\" \/>\n<meta property=\"article:publisher\" content=\"https:\/\/www.facebook.com\/VelarOgVerkfaeri\" \/>\n<meta property=\"article:modified_time\" content=\"2026-04-16T13:01:42+00:00\" \/>\n<meta name=\"twitter:card\" content=\"summary_large_image\" \/>\n<meta name=\"twitter:label1\" content=\"Est. reading time\" \/>\n\t<meta name=\"twitter:data1\" content=\"1 minute\" \/>\n<script type=\"application\/ld+json\" class=\"yoast-schema-graph\">{\"@context\":\"https:\\\/\\\/schema.org\",\"@graph\":[{\"@type\":\"WebPage\",\"@id\":\"https:\\\/\\\/velarogverkfaeri.is\\\/verkfaeralausnir\\\/handverkfaeri\\\/verkfaerasett-handverkfaeri\\\/product\\\/daewoo-verkfaerasett-96-stk\\\/\",\"url\":\"https:\\\/\\\/velarogverkfaeri.is\\\/verkfaeralausnir\\\/handverkfaeri\\\/verkfaerasett-handverkfaeri\\\/product\\\/daewoo-verkfaerasett-96-stk\\\/\",\"name\":\"DAEWOO Verkf\u00e6rasett 96 stk - V\u00e9lar &amp; Verkf\u00e6ri\",\"isPartOf\":{\"@id\":\"https:\\\/\\\/velarogverkfaeri.is\\\/en\\\/#website\"},\"primaryImageOfPage\":{\"@id\":\"https:\\\/\\\/velarogverkfaeri.is\\\/verkfaeralausnir\\\/handverkfaeri\\\/verkfaerasett-handverkfaeri\\\/product\\\/daewoo-verkfaerasett-96-stk\\\/#primaryimage\"},\"image\":{\"@id\":\"https:\\\/\\\/velarogverkfaeri.is\\\/verkfaeralausnir\\\/handverkfaeri\\\/verkfaerasett-handverkfaeri\\\/product\\\/daewoo-verkfaerasett-96-stk\\\/#primaryimage\"},\"thumbnailUrl\":\"https:\\\/\\\/velarogverkfaeri.is\\\/wp-content\\\/uploads\\\/2025\\\/10\\\/43f7b25a-0bf8-4e43-9101-6c31f313f6f4.jpg\",\"datePublished\":\"2025-02-22T14:56:08+00:00\",\"dateModified\":\"2026-04-16T13:01:42+00:00\",\"breadcrumb\":{\"@id\":\"https:\\\/\\\/velarogverkfaeri.is\\\/verkfaeralausnir\\\/handverkfaeri\\\/verkfaerasett-handverkfaeri\\\/product\\\/daewoo-verkfaerasett-96-stk\\\/#breadcrumb\"},\"inLanguage\":\"en-US\",\"potentialAction\":[{\"@type\":\"ReadAction\",\"target\":[\"https:\\\/\\\/velarogverkfaeri.is\\\/verkfaeralausnir\\\/handverkfaeri\\\/verkfaerasett-handverkfaeri\\\/product\\\/daewoo-verkfaerasett-96-stk\\\/\"]}]},{\"@type\":\"ImageObject\",\"inLanguage\":\"en-US\",\"@id\":\"https:\\\/\\\/velarogverkfaeri.is\\\/verkfaeralausnir\\\/handverkfaeri\\\/verkfaerasett-handverkfaeri\\\/product\\\/daewoo-verkfaerasett-96-stk\\\/#primaryimage\",\"url\":\"https:\\\/\\\/velarogverkfaeri.is\\\/wp-content\\\/uploads\\\/2025\\\/10\\\/43f7b25a-0bf8-4e43-9101-6c31f313f6f4.jpg\",\"contentUrl\":\"https:\\\/\\\/velarogverkfaeri.is\\\/wp-content\\\/uploads\\\/2025\\\/10\\\/43f7b25a-0bf8-4e43-9101-6c31f313f6f4.jpg\",\"width\":1379,\"height\":1379},{\"@type\":\"BreadcrumbList\",\"@id\":\"https:\\\/\\\/velarogverkfaeri.is\\\/verkfaeralausnir\\\/handverkfaeri\\\/verkfaerasett-handverkfaeri\\\/product\\\/daewoo-verkfaerasett-96-stk\\\/#breadcrumb\",\"itemListElement\":[{\"@type\":\"ListItem\",\"position\":1,\"name\":\"Home\",\"item\":\"https:\\\/\\\/velarogverkfaeri.is\\\/\"},{\"@type\":\"ListItem\",\"position\":2,\"name\":\"Vefverslun\",\"item\":\"https:\\\/\\\/velarogverkfaeri.is\\\/vefverslun\\\/\"},{\"@type\":\"ListItem\",\"position\":3,\"name\":\"DAEWOO Verkf\u00e6rasett 96 stk\"}]},{\"@type\":\"WebSite\",\"@id\":\"https:\\\/\\\/velarogverkfaeri.is\\\/en\\\/#website\",\"url\":\"https:\\\/\\\/velarogverkfaeri.is\\\/en\\\/\",\"name\":\"V\u00e9lar & Verkf\u00e6ri\",\"description\":\"Umbo\u00f0s- og heildverslun fr\u00e1 \u00e1rinu 1919\",\"publisher\":{\"@id\":\"https:\\\/\\\/velarogverkfaeri.is\\\/en\\\/#organization\"},\"potentialAction\":[{\"@type\":\"SearchAction\",\"target\":{\"@type\":\"EntryPoint\",\"urlTemplate\":\"https:\\\/\\\/velarogverkfaeri.is\\\/en\\\/?s={search_term_string}\"},\"query-input\":{\"@type\":\"PropertyValueSpecification\",\"valueRequired\":true,\"valueName\":\"search_term_string\"}}],\"inLanguage\":\"en-US\"},{\"@type\":\"Organization\",\"@id\":\"https:\\\/\\\/velarogverkfaeri.is\\\/en\\\/#organization\",\"name\":\"V\u00e9lar & Verkf\u00e6ri\",\"url\":\"https:\\\/\\\/velarogverkfaeri.is\\\/en\\\/\",\"logo\":{\"@type\":\"ImageObject\",\"inLanguage\":\"en-US\",\"@id\":\"https:\\\/\\\/velarogverkfaeri.is\\\/en\\\/#\\\/schema\\\/logo\\\/image\\\/\",\"url\":\"https:\\\/\\\/velarogverkfaeri.is\\\/wp-content\\\/uploads\\\/2021\\\/10\\\/vv_logo_350x100.png\",\"contentUrl\":\"https:\\\/\\\/velarogverkfaeri.is\\\/wp-content\\\/uploads\\\/2021\\\/10\\\/vv_logo_350x100.png\",\"width\":350,\"height\":100,\"caption\":\"V\u00e9lar & Verkf\u00e6ri\"},\"image\":{\"@id\":\"https:\\\/\\\/velarogverkfaeri.is\\\/en\\\/#\\\/schema\\\/logo\\\/image\\\/\"},\"sameAs\":[\"https:\\\/\\\/www.facebook.com\\\/VelarOgVerkfaeri\"]}]}<\/script>\n<!-- \/ Yoast SEO plugin. -->","yoast_head_json":{"title":"DAEWOO Verkf\u00e6rasett 96 stk - V\u00e9lar &amp; Verkf\u00e6ri","robots":{"index":"index","follow":"follow","max-snippet":"max-snippet:-1","max-image-preview":"max-image-preview:large","max-video-preview":"max-video-preview:-1"},"canonical":"https:\/\/velarogverkfaeri.is\/en\/verkfaeralausnir\/handverkfaeri\/verkfaerasett-handverkfaeri\/product\/daewoo-verkfaerasett-96-stk\/","og_locale":"en_US","og_type":"article","og_title":"DAEWOO Verkf\u00e6rasett 96 stk - V\u00e9lar &amp; Verkf\u00e6ri","og_description":"Tegund:&nbsp;DAHTS96","og_url":"https:\/\/velarogverkfaeri.is\/en\/verkfaeralausnir\/handverkfaeri\/verkfaerasett-handverkfaeri\/product\/daewoo-verkfaerasett-96-stk\/","og_site_name":"V\u00e9lar &amp; Verkf\u00e6ri","article_publisher":"https:\/\/www.facebook.com\/VelarOgVerkfaeri","article_modified_time":"2026-04-16T13:01:42+00:00","twitter_card":"summary_large_image","twitter_misc":{"Est. reading time":"1 minute"},"schema":{"@context":"https:\/\/schema.org","@graph":[{"@type":"WebPage","@id":"https:\/\/velarogverkfaeri.is\/verkfaeralausnir\/handverkfaeri\/verkfaerasett-handverkfaeri\/product\/daewoo-verkfaerasett-96-stk\/","url":"https:\/\/velarogverkfaeri.is\/verkfaeralausnir\/handverkfaeri\/verkfaerasett-handverkfaeri\/product\/daewoo-verkfaerasett-96-stk\/","name":"DAEWOO Verkf\u00e6rasett 96 stk - V\u00e9lar &amp; Verkf\u00e6ri","isPartOf":{"@id":"https:\/\/velarogverkfaeri.is\/en\/#website"},"primaryImageOfPage":{"@id":"https:\/\/velarogverkfaeri.is\/verkfaeralausnir\/handverkfaeri\/verkfaerasett-handverkfaeri\/product\/daewoo-verkfaerasett-96-stk\/#primaryimage"},"image":{"@id":"https:\/\/velarogverkfaeri.is\/verkfaeralausnir\/handverkfaeri\/verkfaerasett-handverkfaeri\/product\/daewoo-verkfaerasett-96-stk\/#primaryimage"},"thumbnailUrl":"https:\/\/velarogverkfaeri.is\/wp-content\/uploads\/2025\/10\/43f7b25a-0bf8-4e43-9101-6c31f313f6f4.jpg","datePublished":"2025-02-22T14:56:08+00:00","dateModified":"2026-04-16T13:01:42+00:00","breadcrumb":{"@id":"https:\/\/velarogverkfaeri.is\/verkfaeralausnir\/handverkfaeri\/verkfaerasett-handverkfaeri\/product\/daewoo-verkfaerasett-96-stk\/#breadcrumb"},"inLanguage":"en-US","potentialAction":[{"@type":"ReadAction","target":["https:\/\/velarogverkfaeri.is\/verkfaeralausnir\/handverkfaeri\/verkfaerasett-handverkfaeri\/product\/daewoo-verkfaerasett-96-stk\/"]}]},{"@type":"ImageObject","inLanguage":"en-US","@id":"https:\/\/velarogverkfaeri.is\/verkfaeralausnir\/handverkfaeri\/verkfaerasett-handverkfaeri\/product\/daewoo-verkfaerasett-96-stk\/#primaryimage","url":"https:\/\/velarogverkfaeri.is\/wp-content\/uploads\/2025\/10\/43f7b25a-0bf8-4e43-9101-6c31f313f6f4.jpg","contentUrl":"https:\/\/velarogverkfaeri.is\/wp-content\/uploads\/2025\/10\/43f7b25a-0bf8-4e43-9101-6c31f313f6f4.jpg","width":1379,"height":1379},{"@type":"BreadcrumbList","@id":"https:\/\/velarogverkfaeri.is\/verkfaeralausnir\/handverkfaeri\/verkfaerasett-handverkfaeri\/product\/daewoo-verkfaerasett-96-stk\/#breadcrumb","itemListElement":[{"@type":"ListItem","position":1,"name":"Home","item":"https:\/\/velarogverkfaeri.is\/"},{"@type":"ListItem","position":2,"name":"Vefverslun","item":"https:\/\/velarogverkfaeri.is\/vefverslun\/"},{"@type":"ListItem","position":3,"name":"DAEWOO Verkf\u00e6rasett 96 stk"}]},{"@type":"WebSite","@id":"https:\/\/velarogverkfaeri.is\/en\/#website","url":"https:\/\/velarogverkfaeri.is\/en\/","name":"V\u00e9lar & Verkf\u00e6ri","description":"Umbo\u00f0s- og heildverslun fr\u00e1 \u00e1rinu 1919","publisher":{"@id":"https:\/\/velarogverkfaeri.is\/en\/#organization"},"potentialAction":[{"@type":"SearchAction","target":{"@type":"EntryPoint","urlTemplate":"https:\/\/velarogverkfaeri.is\/en\/?s={search_term_string}"},"query-input":{"@type":"PropertyValueSpecification","valueRequired":true,"valueName":"search_term_string"}}],"inLanguage":"en-US"},{"@type":"Organization","@id":"https:\/\/velarogverkfaeri.is\/en\/#organization","name":"V\u00e9lar & Verkf\u00e6ri","url":"https:\/\/velarogverkfaeri.is\/en\/","logo":{"@type":"ImageObject","inLanguage":"en-US","@id":"https:\/\/velarogverkfaeri.is\/en\/#\/schema\/logo\/image\/","url":"https:\/\/velarogverkfaeri.is\/wp-content\/uploads\/2021\/10\/vv_logo_350x100.png","contentUrl":"https:\/\/velarogverkfaeri.is\/wp-content\/uploads\/2021\/10\/vv_logo_350x100.png","width":350,"height":100,"caption":"V\u00e9lar & Verkf\u00e6ri"},"image":{"@id":"https:\/\/velarogverkfaeri.is\/en\/#\/schema\/logo\/image\/"},"sameAs":["https:\/\/www.facebook.com\/VelarOgVerkfaeri"]}]}},"_links":{"self":[{"href":"https:\/\/velarogverkfaeri.is\/en\/wp-json\/wp\/v2\/product\/70567","targetHints":{"allow":["GET"]}}],"collection":[{"href":"https:\/\/velarogverkfaeri.is\/en\/wp-json\/wp\/v2\/product"}],"about":[{"href":"https:\/\/velarogverkfaeri.is\/en\/wp-json\/wp\/v2\/types\/product"}],"replies":[{"embeddable":true,"href":"https:\/\/velarogverkfaeri.is\/en\/wp-json\/wp\/v2\/comments?post=70567"}],"wp:featuredmedia":[{"embeddable":true,"href":"https:\/\/velarogverkfaeri.is\/en\/wp-json\/wp\/v2\/media\/76776"}],"wp:attachment":[{"href":"https:\/\/velarogverkfaeri.is\/en\/wp-json\/wp\/v2\/media?parent=70567"}],"wp:term":[{"taxonomy":"product_brand","embeddable":true,"href":"https:\/\/velarogverkfaeri.is\/en\/wp-json\/wp\/v2\/product_brand?post=70567"},{"taxonomy":"product_cat","embeddable":true,"href":"https:\/\/velarogverkfaeri.is\/en\/wp-json\/wp\/v2\/product_cat?post=70567"},{"taxonomy":"product_tag","embeddable":true,"href":"https:\/\/velarogverkfaeri.is\/en\/wp-json\/wp\/v2\/product_tag?post=70567"}],"curies":[{"name":"wp","href":"https:\/\/api.w.org\/{rel}","templated":true}]}}