{"id":70452,"date":"2023-04-28T18:06:16","date_gmt":"2023-04-28T18:06:16","guid":{"rendered":"https:\/\/velarogverkfaeri.is\/?post_type=product&#038;p=70452"},"modified":"2026-03-05T15:46:41","modified_gmt":"2026-03-05T15:46:41","slug":"usag-skrall-3-4-237-a-4-515-u02370008","status":"publish","type":"product","link":"https:\/\/velarogverkfaeri.is\/en\/verkfaeralausnir\/handverkfaeri\/skralllyklar\/product\/usag-skrall-3-4-237-a-4-515-u02370008\/","title":{"rendered":"USAG Skrall 3\/4&#8243; 237 A\/4.515 U02370008"},"content":{"rendered":"<p><img decoding=\"async\" src=\"data:image\/png;base64,iVBORw0KGgoAAAANSUhEUgAAAcwAAAB+CAYAAACpriFMAAAAAXNSR0IArs4c6QAAAARnQU1BAACxjwv8YQUAAAAJcEhZcwAADsMAAA7DAcdvqGQAACuZSURBVHhe7Z3da1tJtujX7TTTgwNhkxhjbAdErDBujjGZIxEcGIQbhoN0yUNynjIHQ5ye++jHPPphIP4LOnlOREdcMnRIhzxEmpzDtBGcjia9DUGYTsgoc4UtZ4yRMyIznR76NJ27Vn3sXXtrb+1tSf7M+tHqaH\/U16pVtapWlVz\/6x0CDMMwDMN05AP1L8MwDMMwHWCDyTAMwzAxYIPJMAzDMDFgg8kwDMMwMWCDyTAMwzAxYIPJMAzDMDFgg8kwDMMwMWCDyTAMwzAxYIPJMAzDMDFgg8kwDMMwMWCDyTAMwzAx2P2\/Jbteghu3bGipSw+JLCzMpsVXu7AIpbr4iiQguzAL8kkYNhQKALMqfH\/wx4nXiyWA3ALMptStPULIB1x5hdOA0o08NM\/1kmdZ7rpRP1SPheokzObGnOsbt2qQvDIP2VF5qx949YCwIK3TWC7AYlE+tFJzMK\/zEhMZd7RuxZf1QYHqswKD3dSVI3OjHvYxjeINyL9Mwtx8Ftq0Q\/VF0IXuhBPQVvYDZr9rpYPl0Q92qB\/YL+z+DHM0C\/MLC7Dg+WTRJKJZ\/FgqmNNBqedzqRaUFguoih1Yfg6efrUf7EScB5F1\/Fj434lheY00qrXgQU9faUCzRR2zqSu6IWLHVAQ0dnRvDpIv70OJ8hmbBn6oUIPglorpDMm8perj8HSI1lAfTUdAW9lzlLG0cKAv2tBOGcv3gH3hkm0UK1DHUc+MmAHZ8LyOneQn7uhsLDeNBrUFzQ4dYmOz\/933TsR5IBlNw+z8gmcUvrG1G7LZEAZzMKhjXm9CKzGhZoZjMDkO0NwQFzEZg\/TsPHce24FkjtYgsD4OImrw3ldvUUBb2XM2sN6c\/pXphUiX7ObmJhSLRVhbW4OTJ09CLpeDoaEh9bQfSBdGRzdnxDS\/zW0X6tr1u5GU+0Rdma6K4DhB5jWVhtaydisHu6aEK2hrGufJJRUPuf5moHkjD7ayNQlPmcPzIjDcjxRXIlHHdw23j+lyQdy4g12y7a4qmX7LdE+JNGkWJ\/Mt45Dx6TIQwh06tSLrKGWBvezmM9jd6StrmPtKlKkJ06FxPIcJ8YzydB\/gorcedB3MnahAflkL3U1LPw+ToXbz+l2yIhzG560\/F\/\/7urxax+l55cQcTG\/lHR0LcynrtCSGrmnZ5ABKhl6Y8m7TYULo1SAs+Vyy3nQC6s2jf4T7jjcdsz1QuTGdXBJqRSlXU2Yizdg6SGn59MZsI23ykPmYrPrSUOWQ8t6Q+VP5lfWSheTLkqPfnnrx6YfGqwfe9qZ1zO0HkFB3ra98fl116idAjiFp+MO5uPUUWW5fvrzPvP2BlUgA1FsBfbWv39B1p+vtyiBUHNma+hcSTl2GtVnCo5dtuhIcJoojv0PU90Du3r0rjCXx5s0bYUDPnDkjrvtBo3gPlr6fhAsXknBM3fNjP7gDKzAJ\/\/br4HdGpjJw6rsqPP1oBmcMlyAzNSLuC4G1UFBXP4XzmQxkjr6AO1+U4e34WUgecxvn1d+ehww+H3hxB+6W38Kps0mYCIzzFVTLNah\/PwKXVJwDq4+g\/FSGMfP2pvYEnj5bgR+x4cxforjKcPf3FfjZJ\/I6c3QVHhSrMJCZghGjowjKyzGq4C++hWFsJCJs5geoPqjhqDEp86UUgFwu8vkAVG\/eg1einG+g9uQpvD2ZASUWwbHTH8Dqoyr8Q7yDN5b\/CA9qLfjn9x86ZbH\/+ACa4xfgwmkw4jgGybNU7jI+k\/k9exrf\/nsNnjz9C\/zlIzRAJK\/MKXhbXYLyiwGnPjR24aboUGRe8b3yXagc8eZP8OcKPKrVoVYuQ1l8qqru6OEITI2\/gnuf3YFHZczbv1yC\/\/hXswbcOqiPXFJyHYDVByWoHpVpieffj4XIMAMjta\/hxekkYKUDDgXEe7IDsrBBY4fgz6\/ilfG+uiP0Bk7LdOn5yrOnjm5kxt\/Ck4dfw2unbArM0+dfH3d0Tejvf76S9SPk\/S2s\/BgibzQMN2toKJywq1BuasNB+WnAwC9lemaZLol3q3DznkpHZQUbmchn9enPYEa8R3ob1cYonRX4tum2F0ckyPZ08EXnNtImDxmnqOO\/HYcz9I4wluRSvqp0xSsHWS9NGPnNVfj0vJSZ0C2RP+y4P38IP+n2K+T9VLRn11gS3vbm7weEDJfK8ELpoEt7H5D5nyqU3iXh5\/\/tqx+Mo\/zFHSeOTmn8CuXg1L2uI1GPr+F4rHL783UKXv8h77RXu\/AZlP\/p1v\/Iehkqf0V1UXFrGsXP4eHfJt08jLbgxd9HUIdUvdXNPvUBlKpSjync18d1+5V1\/l\/rp2Sf06HNvvLp5amtEuT\/9AHG+ZOox9f\/4sp55M0LeDMyEmhb\/ES6ZLWx1Pive8OGJRqpnzNGDD6oMYuNGc6ogipwERbV50aR1qKCUK7di0bcqRlIWy2oVTEMrU\/iqOOCMbIgN7DVqsFKxFqYmd\/0xziiajUh0BuI8Ws3yNiQhf9PwIRuXMODOMZTbuaIvIj1Qhwxug0zDRO06KsIek7pinKGMgyDWhaI\/ayOo9YsJJyySPklp9w8RYPydlzp5CbFMmN8\/lykZ81OZgzzga9tBuQ1NavWLdUnh7PXW6gPun6M9fDQEaJHrlJu9Wftq+FChkZ9EWMoD888ADtc2XG5sy\/ST62Li1Hr7CZmfY1OQtKoCwcqnzmaJp3x6Fq4vOMvJzRg5SXNlo0ZJbUT7Mii2kFkG1OEt+9t6GCs9mrKwwd1rsJY+mc+PhI4U9PPUxPYYrGNiszQ8oC4u31MvRJ1HaDvYr9EAmfIhqRSWcxLQP2gXkz79ThOGp0IK3eb3Mcgey6h0m6v\/7GpJNZCCKbujqYh7dSDNw7Rp9afi7Y0lpv3tO3hE9hrbslYwttsQL5oWU\/FSeg4iLFUOkQ\/24k0mOSGNfFf94J37bIdOfJFAV4xlAW\/zRqdaGhHKdZb\/KjOGYUV2KGMKiPmynJXiMpL1HqheF4vGR33Isqt5VGKdmQH23q5gl0mKRgZczIodXiOMpcNJQmTnTqXHqCZic5rm9swjIDOeLtQgwsy4kKG1mB4wyH5ClceGRMXatCOQfe7MWPj6mUb1NHrejXcSFFQvubGa5DXYclYmIbNQRqCelG9Jz7kAovRDiLaWDTxdbCn9tqyIU+yM43CtqF+JwvgyAllZJmD1N4Q5QvcgBZsqMP0uN+IfJH8HN3AD7m8Ke3A+g9GtBNyl6s4wic6iDmZQMxBqeleDm2zIl8tHFwbecZZcl3EiQZ\/fkG4r+V9YwAeg0iDSWuW2kjqNcz+0Hl26RrLiBFhGKIx+aFdlyjjE8NqxudDb2rY5Q1uveZFNB5aszAGEuITuE7iIkaDNOqjjkltoKHRHY0eabRvjU8G1k1v0JqEXMPT+cwas+WdJqyRRXZAJN8rKKHlPBSoM+8rrl56IBeiWMNV9YnpB2hKMGho79PanQ4buquVZnlYvJx+z\/1EGoOINhaHuDrYUxvBQfkc7cTHQU\/HjjoCuyDXoR0ZRbSv7SDKR3JQ1y6yfvxEDvD6hMiXkJ9RbvqYno+4OB6jLFid2tGGqlfUVxpYi30GKt25lCuM0DYr9BJnmJ7d9fRx2wB5ucQ94bWK7xmKNJi0wefy5csicvq3Xxt+Os0uezaWAhqp4ijjy5Ir0OUlHDkrFw+5HXDkdN9oQPZXOArdwVlVKBF5kS6KijsSws6wYszKRKdjPifWG+Gdv0a4bupik4T+SY\/IC8ZV0XLqO3Lnqxs3zSzUVx+NYsFTpkbxPtafz20VhdkJKbk5ZTWQHTcN4tQNlF4JO0iPDMlFmsPOHPWz06i0rSGTMVBfHTzPDb00EKN7ZycwXm\/npzxUtyhbz8wgcDQtZ3n1x96yNlB\/ooloY3GIq4M9t1ecIfY44BGG3DMTx08hblcbAZUPtaRilq9AHbmqH2wLTkod9LjvKLm77YLAvoX0SNQd1j\/Wg0bUifruYRkHQOqrxBzomF4CbHePqXCk93Lw5ZZTuqc14W1W6aWRL0LrtI158RA4sw\/mQ\/Xv7iLWgsgvHzBKUc8ImlKbReu0m0kI7xZNs3EUSCMiHAHRKAJohLKoY6FRhzbC5GKhx3lY1AJX4XQK7XEOqif9JiIvODKb28RBhJYHPsviSKu0RRcIdeRXaAEcG7C6BZYFifELMNvRISAbo71suWurQtlKYsG8U0dEnUepqPJLs69P5P1oaJBUccuC3UQay9LeyGxYwfLVPGWike42R7bYoCvYsWENCsJ2tkpj2IRF6hCL8paVSMOg38DQKBlo5rcItRB9HMtdgPSNvKt3GE8ajUJTXilqcB\/zJctt6qWLWHdB3RP6h1ipNErLG0sYdkHu1Fwwyio26GAnkp1VNxTCfUuDVMyPxrISkLw4Gzlg7dzG4hBXB6PbaySinYBsJ89oF6m6HwdyjT8eRP2bddOje7dooIrtMXZ5wyCD3sT4jPIlEpDF76J+QNZPpB73HS13t11QHVupaZgfxXKj\/JuGjoo1aBzs+LE3cQCE7+j8U18+SzIT7Qvb\/2MjfupP1Oyd1kvdNom6lcLJg9nvhbRZrZc6X4SF+jI9jwP2xxV838kJ6qtRpxHs\/l\/6YZhdQngqwv7Kyx4iDJfnZyf9htzeeaiNt2\/\/JyO6Ox3tIUPssNU\/b1HQPTKi+0y\/DhRi0HFw\/jIQG0zm0PL+GkxC\/hzAdAXv3qzkcCKXigxfyHZnuEw7bDAZhmEY5vCxL\/40HsMwDMPsd9hgMgzDMEwM2GAyDMMwTAzYYDIMwzBMDNhgMgzDMEwM2GAyDMMwTAzYYDIMwzBMDNhgMgzDMEwM2GAyDMMwTAzYYDIMwzBMDNhgMgzDMEwM9uRvyYo\/Pu0\/INA40sX5w9Gee8xOQGdOrkxFH+PEMAzzvrN3M0wyhs5J2L7T0OmMNDroO+ap7Uy3eA9kZRiGYcLZJy5ZOlTYgtbLFezCkdE0zM4vhB4WzfSLDXGiOcMwDBNNpEt2c3MTisUirK2twcmTJyGXy8HQ0JB62h1B5wF6zy70HnYrnm1NY4iS68oNcuGqKw2d6m0aXUq3ciILyZclsMlQOHF4w8twIPJgWz63sOcg2aBwMr2wtLzu6IRxIG14XCZB4YfFOX2W93BbFR\/QGYhAeXYCyXMRh+kcOlud+E8YJ+WLM+rcZ+45ihRnBQZzSagV5XORz6ElN34+I5BhmEPKkd8h6nsgd+\/eFcaSePPmjTCgZ86cEdfd8qpahhokITM1Im9gB\/35w7\/A8Cefwq\/ErTdQe\/IU3p7MAL3ypvYEnj5bgR\/RgM5fykBm\/C1Ul8rw4qh8bhduitPlr\/72PGQyGRhYLUPTc9q8hNJdedaEkd9chU\/PYzwifWlYWtjxy\/Cn4PUf8lA5ch7+\/eQqlO0mDGSmQOYUDfm9JfjZJ2hYRsLCyTwFpoXG9qZNhm0eLmE+M5kf4NXyCIxExOUQEn4iMwJvq0tQ3ToFZ08fE682ivdg6aMZmM++gsJNGyw0ekJ2GO6Hv9ow8osMnM0MwGq5CckrlMezkKSgyli67w9A9eY9eDVOz19BtbwC3zZH4NLVT+E8Pnvx+7vwoIkDHXF9Ct4+eQhfG\/lgGIY5LES6ZLWx1Pivu6ZegsXFRfkRJ25HnAaPM5cZ\/Xx0EpIWQGuTHLiN7bkVEzhTNTe4LD+HOsZ9wTGuY5A9l4D6MxsgNQNpqw4VZ211BWqtBExQPjqF0\/jTErSgSWu0gjSk48blEBBeve+4tHEQsLTcgsTH7nxTykqSThkzZh+Nag1aOBt260LKvVZ1wyfO6RnkMAzSWvP4pLoeE9etrQ1xxTAMc5iINJjkhjXxX3eN3vSTS6gb3YLGYn4Oki\/zjgEutUzj05nGJlrblg15bbzpQ+7FVhONzxhMjrtrq\/ZXNhqTCeH27BwuhNQsLFxJQu2Wer8gDWLsuELCC1ITkMA4lpbxuzLAcoCRhtkFUz4FNKfhbGxhXszBDH7yaHzZCDIM874T6ZIdGRkRblhyx+o1zKNHj6qn3eFxyY5MwcDqIyg\/fQunziZBOvICXLJ\/Ow5nfM9fHz8jXH+N4ufw9fFLjks247znpc0VjBx78wLKjktRuizNOI6d\/gBWH1XhH+P471ITkhcvCNdlVLigtATHknBWvHsK3pbvQmnrFPx6aKNjXB4Cwkv35wgc\/64KS9UXsNqog3VOu7eJY5A8K+M89V0Z7v7htZI1uVgbMPBL5Y5FflqvwtOPZmBh\/pKbD\/qIctD7NYDT2lXsrQcitNwMwzAHnMgZJm3wuXz5spgN0r+9bvgJIj07h\/MgnGGZM6ZtMDaVxFmVO8MUnxul8JmeiTkzc2hAw3B7TiRaUPuygrO2JExqF2tkuADWbbB9z60hnAnHjSssvGIsN43x1KGu3KiSBtjLPklYg8qF2g7J0qpXoGSms455UV8ZhmHeVyJnmDtB+ywEZ0CjciPPoyrNNIdgM\/YM8wUUPluFM85GGPoM4KywDHW1KUgTPPsZgSmxseUmPCiXoSw+aHSOfIBxy\/dGTryFJxVzUxLROVxQWo0\/\/xH+64sH8Ei8+xReDWdhPkvPo\/NAhIfXjMAPtOFp9N\/g13rTzfoL+ON\/3oUHKA+K9+lfhyE7n8U3CXofZ\/cod3q2SvL6Bc5gx19D6dYdlQ5+6nVobWEeT\/+DZ5gMw7y37Mlf+ukrYlcndtH6JxHOvSZMe35m8R7wvpabYRhmFzj4BpMQv410f2cInt83vi+4P03hP\/jAMAzTfw6HwWQYhmGYHWaf\/Gk8hmEYhtnfsMFkGIZhmBiwwWQYhmGYGLDBZBiGYZgYsMFkGIZhmBiwwWQYhmGYGLDBZBiGYZgYsMFkGIZhmBiwwWQYhmGYGLDBZBiGYZgYsMFkGIZhmBjswfFeDSjd+AzuqOOmzI84XuqgnwpFJ4Z8dgeefKcPdo6mUbwBnzmHOu8wIn8leD1Oh0bLuqgc2abcuyijA4Yt\/PfPYWq74ZiuaRQL8PXAlHNI+HYQuvmnD3o8rs2GQuEVTBlx2IVFuPlgFQYyU+qouV2mH3q4nXZAB0Tce7U7bZzZMfZshmml5sSh1OZn1jn0+OBjHux8WOmmjI1qDVrqO7MbNGDl5R5LfPk5mGcJUZ5Qe8RB5sPyxq7TTz18H9o6I2GXbL8ZzcL8ITP+bfRQxo0tNpe7ywY091jkjU1\/BsYgPTsPC\/NZ\/LY39EUP34e2zniIPN5rc3MTisUirK2twcmTJyGXy8HQ0JB62g3kBsxDbTz83EZy11ROZCH5sgQ26XUiCwuzaXG\/5B2q4vAuDXOi4cnzIJ3Hzn2EXCd0sHIOoOScm+k9M5NcT\/lltxElcm5DaMuPiHsQlpz0LEg7B1hTPiowaBxo7c13+1mdIu2XSUhbNthO9mSZJVJmIm3CKJsIuzUNWSi5aXQIayUSAPWWOnBbPmueMxq9kJXtjL5NObh4y9gmH4Q8CN769ZUBsVL\/G8M89OqCONu0ZchTyQ9LKMrky5+3rMGEy397OkOymNk09MRIW8pgDqa38k5aXhn0Uz+NZ53C+mXl0VOJ1p+5E5XAcunnnmsnH974guSMhTbuISpuf7z+em3XH6VzuSTUivI98c7QknsWrinT0DYTpIcqLV8eOvYBohxUPLOth6WJkF4\/HjTyxxxIyGB2Ip\/Pv7t27ZrzoeveWHtXvH7t3fWHa+q6nW9uU1rX3xUb6gZh33537XoRQys819+8u415M+MUcejnjeK765T\/29+IZzoP+nrt4XVM7zbGolDv37blpT8\/\/msR3pMX37tmvvF50Vd2mb6bnj99eu4vm76OCutPX76v8yflEBbWXxaXgDKa71HdBIbz5l3gq1cZl\/mOkVZb\/rz1GIS\/\/BSflP82dcZ\/rcJ75GzmTbyvZbDNtHzlknVm6Kcps4iwMu3guiC0\/njl7ZZDPNdxUVqmLM18iDo38ojfvgmKQ9EWr5EmsfawaMRFyHy5dem\/luXW5aD4\/fLudN2eB6\/cZP365eh9p2OaPj1nDiaRLlmaWZr4r7ultZyHxcVF53OjSOsaBgmcNZkj4Ta3jgGtkeBo7oIxIk1\/kgarVYOVdXWDRsN4TzIGk+MWZqKJY0K5xpPIGbO+0SxM00Tsma1uIEZ+hk\/Q+ksSJtX12JCMa0NeGtjwHAe\/iXPmqDINWc\/IWYH5n9EzudFJSFKUm1ImY7l5z2ib0m9tGamFhqX0sdwX3fTHppK0ehSIWNfBkbM7o5Tx1qq+ugnCrK\/UBM4vWtBsF0g7w4NGPVF+cWaSw9C6fKJupazb8zcG2XNUUc8xJI3uXX1aLFDddZD\/dnVmFPOJ\/yQ+1loyDINGHQnMvIl6aEnZ9Vs\/UzP4PU7YmHjyloYJv+5ryAVpzpBE3Zl6j3Xu5CkNaaeeOiPq1dRhZCyXdctr4NallL81Pqmux2R9KL2JbDM+Yum+r0\/ys900mYNHpMEkN6yJ\/7pbyA1ibvjxul\/aIWWcG69BXneI5LZThiDQmIoOLk6nHbzGI4zidjqdINabmAMLBvuws4FcWNoYmK7jjoj04yPWdeol1+iotHa00fsNS2ICO1o0uMIIosl7Vnc6xcB1J+q0RUeNxnPe2ERGrr4O8u9NZ+LgduD90M960a2TxUVy+\/Urn+101H1yW+p8mO7e1CwsXElC7ZZ6JgYs8RD1ag0qw9c\/ttNm+qX7XbVT5sAQaTBpzVIbSb2GuSdgQ73\/MglzjpF1107EDM9PbGMlR6p++tKI+9QB0\/qJWO9RZZ9LBWS4D4iOktZmHBmrj15n2hHkjIg6JjKOcgZHs5w6PF+WM+TklKwFkT8\/G6qeg0b+HeTfm87EoSEMnXViuC\/6Setp\/npxZ0P9JVT3aR2O1kt1Hq7gLFk9EqhNMAsLc5BuoWH1e41C6Mvg1Md220w\/dH+32imzd0QaTNrgc\/nyZaEA9G9vG356gGYiOOdwZpjicwNK5AKiGUnLhvtGA7W\/wtGv4TYNR3bY9WJBzGgEaJwr5Mpz3G\/dotxbj0tuZ4CdTmFZfY+F7HjdvGzjZwJq9kay0Ai5qO9+hLu2XpEy1ayTU3BnkenSpqUETCgjkP44gXKreOpQv+fKrwGlx1RROCtVd7x0kH9POhOC2ekvL+EsUBn7fuinWQakgfXSN0y3agfdFzNlQ9aen2as22CbeoPE\/bmFqFeUz5JZrwVvebfH9ttM77rfQztlDgwfqn93HbGG6TMcwTsyJXZB7uZcMJ6LXXnY8WRxFDi7QDvWjDgtc8dcZ4S7F24IY1xS9zrlZTukZ+egeSOPcWujlcC46XtwF9+OXKdbJJdcka4tSKfQCmyJhxGQmzILzUVyNcmSJXJZSGDHEAjNEK7QTkFMS90Cy4LE+AWYjXCZx4UMYamo6olG9DSCF4YdO1zLMHxkZIolaKX0GhUi8gcyf0IWiI4jhE7y70VngqnBfdQh2U1iPTm7J\/ugn7SrFOPWWFYCkhdnIauuw6FBAw5GUGZU6kC9xkFVJYbuj+WmIWHokpVKozSb4ntj4zlUsL50HKJeVBzCGN1S4VS5PVC95pqGjuNriTQMovEa62rwEt1m2vWwV93vpZ0yB4XIn5XsD+R2be9PUeQ9MqI75ZpimLiIwZv+6csBQvy8g5Y6ehooMMz7wQH5wwVypmR5dtaysWQYhmF2jwMyw2QYhmGYveWAzDAZhmEYZm9hg8kwDMMwMWCDyTAMwzAxYIPJMAzDMDFgg8kwDMMwMWCDyTAMwzAxYIPJMAzDMDFgg8kwDMMwMWCDyTAMwzAxYIPJMAzDMDE48jtEfd8l6I+mfwZ3HpWhXDY+qwOQmRpR72wf+uPXN6u9xdFX6KDdz0rwevwsJI+pe33BhsLiTXiAMqt+dwrOnu5r5NtA5SNOvdE5ivdewamzSfDkNkpG4vkdeBKjnP2tf6mjlSMZkNFRWe\/Bq77XJRHUHlZhIDMFlPS+0+tAInRhG\/XYL0y50R+Y\/+z3T+DtjtRfPOxCAV5NyTrtFVGeP32wz3XicLJnM0wrNece0qoOnN3OKe3vK3aBjrySsnNPbtkD6NxAC\/870ZfTljsS91zFAwcNJBblKTxuW6CDh1toRHs5D3K3ScNsjg4efS6OEPMjzs200nBhL\/UVlTXwkPFdgQ5CV1+ZA80+ccnKQ3LDGhyjUaf47wcDMoqd5PwOG211gv\/hPJEGZ2XFuhg4+mVI518uHLTjtuj8UqhDxTgkW0IHQ7fAGjfONd1lhDwXZt2zVneb9Wbooe3MwSLytJLNzU0oFouwtrYGJ0+ehFwuB0NDQ+ppNwSdbSndDN5z+cjNU8ImqPAfuEujc+xwJAlIJOr4Lp1HSAf1yllY5\/jVva1pDEWn\/dOdBGQXZsSBw7bScM9hup40fc9UuXQ4K0Ej7hYknUOEveUJ6iglYeX23UfaDvoNyR+5pyon5mB6K6\/K6U+\/c94ovA4nZUSdjyyve8Sat\/ye+qJ8PR701h9BrrpbNUimLLCXdQI6foLyVYFBLUPxvt3W+VA5J57ReZRpSLdstw5CZawIrU9\/2Xz5oDsemejDopUMLN+5mCIdMMqFBN0LQKQTWi6Vr1wSakUpF6cMflkZB21vW+8j9EMT1Mb85RTvoAGVmIdst5fF+7xTWMRTl2Z\/gKnSM0f\/ZB15+h+thyK+9nyI8g4tufH7+yKNJw9KhuC9J2UdJAtT7xFf\/Zn1oevvoJ29eiggg9mJfD7\/7tq1a86Hrntj7V3x+rV31x+uqWvim3e3Me7btrpU1+Y739zG9K8XMTTSKL67HvD+tdvfyEv7Nub1Nt7V0PPr74oNdalYe3hdlEnH47\/2xkNxGHGKPLjXnvwhMi6dpr88UgZu\/jUR5Q4NR8iw5rNvbJVzisN8JvIeL2\/+ctH7RfGu9z0qrz\/fzjXJ0ROHQtWjU28qTvea8qbz6S97QD7NOhZ1117nLhR3WH360zLzodIyy2Om5ZEt4Y9LIvQjSCY+OpdL1l1bPEqufllpuW5f7+PoLhKRrnjul5tz3V4Wj5w7hW1LV8Vl9gdOWJknU1dl+DCZ+q8Dwgvke6ZcdPuT8Ru6hkiZG\/ciy+PqgAjrtBFmN4l0ydLM0sR\/3S0tz2HQckbojGiXn0Pdt+aR\/iQNVqsGK+s4wqI1ERwxuyPgNEzghM4hNQNpqw7Pl+Vlo1jB+JIwqUejJpjOjIpnbMjC\/ydgQsc7PIjj2BY0ab0O05g1R4Cj5jNao8AR70V31Dk2lcTnirbyjEH2XALqz3wO6Ihyx6G16brE0iljBGrKa3QSklYLalV8t2Pe5NpL4pw5mk5D1sifhtxe5qxj+ARKZ2tDXXUC5YZllCjXfKuJ8wA\/G8Id3ZEEzpp0HQsXIdaPyALNGrSuLcIN4TbsVJ+daK9rqW9KnqNZmE6o78TyEs7aDJ3qhtBySbz1E9Q+ZJ16ljzi6n1c3SVE2TEZ\/Wx9BWoto37JxW7OzCgdrGtTS8yypD\/GyPTzDmEj+4MucPMxDIMoHtelPCauw3Q7tP15aMDKyxbOGg39Ix2C8P6N6srRKWbPiDSY5IY18V93C7k5zI0OF+A+dmYF0aAbmwE9o+7QUE83tqJ6Ttnx1h\/TxgmlnL5OpTvMjtdwj0asUYjytGzIG522cNP4DENUuTtDBmAOki\/1QETKMhi30XfMmyiXBYMx9\/WQq0jH4bqa+gWVLwtQ1PmUrk+3U+kEhXV1zTXsIfXZicC69nai1NG3yFDid\/sZrVNSZ+hFGCmfsegXge3DM\/iLT1zd1QgjV69ASXf8\/oEquRp1PAHu9Y6EhI3uD3aD7bQ\/OfirO7pMH3KHG\/1bvWQ8k+0p3gCU2UkiDSatWWojqdcwd4Kx3DSOceWsUI54fWyz8xbxYUNfKlDH5Y6mu0Y0VlrH0h1vFvMbD1EeHKXPGZ22+PjWQXovN47+52XcnXdaqs1DJ4Y75y22sUbDUMBGTesqKvxcKqAsPUI7hCFn5LGXNZxu61PIxI8rT4HycFQKBajUEzAdMCMP3yTTOzS7b2ND6VGQl6UDcXXXwZltl8RmH89Aldb4bjVhWsdxJR0gyxB6CbtrxG1\/ctZK65KOPNWHBoCi\/nCG6X\/Ga5Z7T6TBpA0+ly9fFhVG\/\/a24Scc4TbVbiHqTNDY3Tc6E\/srHFGq0ao5ihVg51dpmx6QkcRZZh1j7cfskjocc7RMrir1Vbs4KY8akV\/1XZdnSbmIJTj39Y\/2I8rdmQbYy77maQ265TZnBMJNaEFyCp92zJt0bcmZugI7roLnXUIajMTHukHLWX2\/oXr3jsrx0+1PkTrVZ0dIJljXX5oyMeQpkG7LFuqedLUFgTOSHM1E88pF7EKDj15+YiWWA3CG4tZTA0qPMS+JiZC8dCCu7jpI705r2Xbbs0LMVo08iBmo+h5Fp7Dx+gNNu0t1O\/kIJ6L9eTA9YC6NdXkl688oD4HPfLEze8CH6t9dR6xhehqhuUuM3Bu029V4h0a5elSbmoW5zRuQv7Uo3R74LIvGsbRFFy5C8Zabva0faajje5yH\/KLqyBJpMZKW0MgyC81FcqPgLAhJ5HDGgkov0eXBjrCobuH42EpNw\/yo2YVFlLsT6xvwHBtgyYmf5GnGXYP7mL7MsbnDsHPe0rNzYvekU26MN5Gj7+aUVxqIRTJmIg6MP4WdmK8+eoJmhLTTEXXEkQXdu0UdSxoG1a3YdKzPzqSlwAyZmPJUkKEptmDQMaIBoB4vpMgt7GsLNLv4ZLj7DpLW+64AysaoU4qzqxlKXN11Ed6dZdqX4B0siPtGG7FSadSmpvgeRcewMfsDTXo2C8\/b4qqJ713Tqf2JAXUeSijDktaV3DzM0W5XvKexrAQkL86iHlH9kW6jzNUzfAiJ8Qs4yIrsCZgdJPJnJQcZGqnTzymCtsC\/T8ifJnTbYe4TxJb9gJ9mBP1cZR\/AW\/8Z5vCxT\/5wQf+hDqsUtn7EHDxoFkHrQjTT0Z99aizJkOdxxuju\/mUY5jBwqGeYDMMwDNMvDu0Mk2EYhmH6CRtMhmEYhokBG0yGYRiGiQEbTIZhGIaJARtMhmEYhokBG0yGYRiGiQEbTIZhGIaJARtMhmEYhokBG0yGYRiGiQEbTIZhGIaJARtMhmEYhonBnv4tWXGKhufcOveYJHHaw8vk\/vzj2vucRrEAK1N0TJC6IY7BsgFSfHILwzBMt+zNDJM6cHE2nO9U8ZwF9q2CPNOO6ZLww5utITaWDMMw3bIHBrMBpS9taAUdaEsH6prnHTJdsAFNv72kA2lxQDLbj4O0GYZh3lMiXbKbm5tQLBZhbW0NTp48CblcDoaGhtTTLhDuwRok\/SfU+9Au2bRlg63dtoaRlYdDZyH5sgQ2GQjnGZ1gXwLH02ulXbeuSLsJ0zmAUlG+kcgtwAyd1r6srIzPkHvcxmZcPgLfE4ce10Ua2liJctFZiaL83rxaPpep12VNJ7jjYCLgIGXxHs3WP2kK16trL7WLm9KpwKAhc2\/criucoGce2SL+vDEMw7xvHPkdor4HcvfuXWEsiTdv3ggDeubMGXHdFX+uwKPaz2Hq\/BSMqFtBvKk9gaf\/7y\/ws3MLMH8pA5nxt1BdKsOLoxmYwoCvqmVYedaEkd9chU\/P43O6qYxlCzv3q789D5lMBgZe3IG75bdw6mwSjv29Bk+efgsrP07DwvwlEWf5iztQ+WhGXmcGYPVBCaoqDWFUWmj8rn4K5zGuU1slyP\/pA5WWS+h72Sxkjq7Cg2IVBjJYXjTYnz\/8CWYW\/g9kjvnzegpe\/yEPlSPBaWcyP0C1+BMkj9ahXANIUnwqfZIFDkEg86sMnKUylJs4ICG5nIXkMfEGVMsNGPilvG6L++gLuPNFGd6Oy+dtssUyPCo\/dZ4zDMO8j0S6ZLWx1PivdxScqc1oN+LoJCQtgNZmQ91AEtPeWeryc6hjmAvGTIhOvbdaNVhZVzdoNqVPwh8dxCuM5mM9VxuGQScNG57X8d2L7oxyLDcNifpz3xprxHupWcgm6lAqlIQr2sqpmWFbXscgey4B9WcUiuLEfJ0zZ7NpyPZlhteeX0jN4Ey+BbVqiGxTEzi\/bUFzQ10zDMO8h0QaTHLDmvivt80wGSnsfB0D1j8am\/7FO0QYxS46+\/UmhmqBfWsRFhf1h9ynvrzHeC89m0UDaqOpcgcAIq8tG\/JOGPyQm7jVhIaI04LBYfluXxFx+xmTA4UttogMwzBhRBpMWrPURlKvYfaEmCmigfmq\/3thx4ZovuijW+MjDC2t7Rm7eMXHt\/Ya4z0bZ5f1RBrNpQ33i3IWJ\/JKa52eMPihtc9ujXwc1KzaS0NsFLJO7ISFZhiGORxEGkza4HP58mXRmdO\/PW34EYxB9mIarHoJFgteo0kbYhZvlLD77hJyHeKsTRslggxzy0rCpGnkYpGGiUS7YW+s+3MX8d5yQa4X4iyTyg3L96FEM0+V16Vl+ZqkgeHoX4oToP7YkAXGU6B322bo0n0bH5XfL824l8BuWZCc6ofLl2EY5nASuelnRziWhLOZU\/C2fBfuPCpDuSw\/T7+fhLmLk\/j8GABt+vnbcThDm3VEoDd46ym8Pn4Gzp4+5m508WzAGYGpzAC8+P1deKDirKGBcHa2ik0\/r+G42vwiN8PUAE7LjTb+NEamMjBQvQk3H7h5rNc\/hA8wT55UQ957s1WC\/1v+J6R\/8x\/wr5Qelnvkuyfw8OETeDt+Af79\/ABUb9508lou16F+5ANMewTjRPk8eQgPtXxqOI89\/QNM\/SKj4nikwvwIyRSW5PsxJYsR+GEVny3JcKtiA5N304\/IL22G0vlFEZi7ZNtl65cTwzDM+8ee\/qUfhmEYhjko7MEfLmAYhmGYgwcbTIZhGIaJARtMhmEYhokBG0yGYRiGiQEbTIZhGIaJARtMhmEYhokBG0yGYRiGiQEbTIZhGIaJBOD\/A3ZKXrY49GscAAAAAElFTkSuQmCC\" alt=\"\"><\/p>","protected":false},"excerpt":{"rendered":"<p>Tegund:&nbsp;U02370008<\/p>","protected":false},"featured_media":81017,"comment_status":"closed","ping_status":"closed","template":"","meta":[],"product_brand":[],"product_cat":[588,780,515],"product_tag":[],"class_list":{"0":"post-70452","1":"product","2":"type-product","3":"status-publish","4":"has-post-thumbnail","6":"product_cat-handverkfaeri","7":"product_cat-skralllyklar","8":"product_cat-verkfaeralausnir","10":"first","11":"instock","12":"taxable","13":"shipping-taxable","14":"purchasable","15":"product-type-simple"},"yoast_head":"<!-- This site is optimized with the Yoast SEO plugin v27.3 - https:\/\/yoast.com\/product\/yoast-seo-wordpress\/ -->\n<title>USAG Skrall 3\/4&quot; 237 A\/4.515 U02370008 - V\u00e9lar &amp; Verkf\u00e6ri<\/title>\n<meta name=\"robots\" content=\"index, follow, max-snippet:-1, max-image-preview:large, max-video-preview:-1\" \/>\n<link rel=\"canonical\" href=\"https:\/\/velarogverkfaeri.is\/en\/verkfaeralausnir\/handverkfaeri\/skroll-og-ataksmaelar\/product\/usag-skrall-3-4-237-a-4-515-u02370008\/\" \/>\n<meta property=\"og:locale\" content=\"en_US\" \/>\n<meta property=\"og:type\" content=\"article\" \/>\n<meta property=\"og:title\" content=\"USAG Skrall 3\/4&quot; 237 A\/4.515 U02370008 - V\u00e9lar &amp; Verkf\u00e6ri\" \/>\n<meta property=\"og:description\" content=\"Tegund:&nbsp;U02370008\" \/>\n<meta property=\"og:url\" content=\"https:\/\/velarogverkfaeri.is\/en\/verkfaeralausnir\/handverkfaeri\/skroll-og-ataksmaelar\/product\/usag-skrall-3-4-237-a-4-515-u02370008\/\" \/>\n<meta property=\"og:site_name\" content=\"V\u00e9lar &amp; Verkf\u00e6ri\" \/>\n<meta property=\"article:publisher\" content=\"https:\/\/www.facebook.com\/VelarOgVerkfaeri\" \/>\n<meta property=\"article:modified_time\" content=\"2026-03-05T15:46:41+00:00\" \/>\n<meta name=\"twitter:card\" content=\"summary_large_image\" \/>\n<script type=\"application\/ld+json\" class=\"yoast-schema-graph\">{\"@context\":\"https:\\\/\\\/schema.org\",\"@graph\":[{\"@type\":\"WebPage\",\"@id\":\"https:\\\/\\\/velarogverkfaeri.is\\\/verkfaeralausnir\\\/handverkfaeri\\\/skroll-og-ataksmaelar\\\/product\\\/usag-skrall-3-4-237-a-4-515-u02370008\\\/\",\"url\":\"https:\\\/\\\/velarogverkfaeri.is\\\/verkfaeralausnir\\\/handverkfaeri\\\/skroll-og-ataksmaelar\\\/product\\\/usag-skrall-3-4-237-a-4-515-u02370008\\\/\",\"name\":\"USAG Skrall 3\\\/4\\\" 237 A\\\/4.515 U02370008 - V\u00e9lar &amp; Verkf\u00e6ri\",\"isPartOf\":{\"@id\":\"https:\\\/\\\/velarogverkfaeri.is\\\/en\\\/#website\"},\"primaryImageOfPage\":{\"@id\":\"https:\\\/\\\/velarogverkfaeri.is\\\/verkfaeralausnir\\\/handverkfaeri\\\/skroll-og-ataksmaelar\\\/product\\\/usag-skrall-3-4-237-a-4-515-u02370008\\\/#primaryimage\"},\"image\":{\"@id\":\"https:\\\/\\\/velarogverkfaeri.is\\\/verkfaeralausnir\\\/handverkfaeri\\\/skroll-og-ataksmaelar\\\/product\\\/usag-skrall-3-4-237-a-4-515-u02370008\\\/#primaryimage\"},\"thumbnailUrl\":\"https:\\\/\\\/velarogverkfaeri.is\\\/wp-content\\\/uploads\\\/2026\\\/03\\\/7d10b8e0-c3d8-44a5-96a0-06fccc1324be.png\",\"datePublished\":\"2023-04-28T18:06:16+00:00\",\"dateModified\":\"2026-03-05T15:46:41+00:00\",\"breadcrumb\":{\"@id\":\"https:\\\/\\\/velarogverkfaeri.is\\\/verkfaeralausnir\\\/handverkfaeri\\\/skroll-og-ataksmaelar\\\/product\\\/usag-skrall-3-4-237-a-4-515-u02370008\\\/#breadcrumb\"},\"inLanguage\":\"en-US\",\"potentialAction\":[{\"@type\":\"ReadAction\",\"target\":[\"https:\\\/\\\/velarogverkfaeri.is\\\/verkfaeralausnir\\\/handverkfaeri\\\/skroll-og-ataksmaelar\\\/product\\\/usag-skrall-3-4-237-a-4-515-u02370008\\\/\"]}]},{\"@type\":\"ImageObject\",\"inLanguage\":\"en-US\",\"@id\":\"https:\\\/\\\/velarogverkfaeri.is\\\/verkfaeralausnir\\\/handverkfaeri\\\/skroll-og-ataksmaelar\\\/product\\\/usag-skrall-3-4-237-a-4-515-u02370008\\\/#primaryimage\",\"url\":\"https:\\\/\\\/velarogverkfaeri.is\\\/wp-content\\\/uploads\\\/2026\\\/03\\\/7d10b8e0-c3d8-44a5-96a0-06fccc1324be.png\",\"contentUrl\":\"https:\\\/\\\/velarogverkfaeri.is\\\/wp-content\\\/uploads\\\/2026\\\/03\\\/7d10b8e0-c3d8-44a5-96a0-06fccc1324be.png\",\"width\":828,\"height\":337},{\"@type\":\"BreadcrumbList\",\"@id\":\"https:\\\/\\\/velarogverkfaeri.is\\\/verkfaeralausnir\\\/handverkfaeri\\\/skroll-og-ataksmaelar\\\/product\\\/usag-skrall-3-4-237-a-4-515-u02370008\\\/#breadcrumb\",\"itemListElement\":[{\"@type\":\"ListItem\",\"position\":1,\"name\":\"Home\",\"item\":\"https:\\\/\\\/velarogverkfaeri.is\\\/\"},{\"@type\":\"ListItem\",\"position\":2,\"name\":\"Vefverslun\",\"item\":\"https:\\\/\\\/velarogverkfaeri.is\\\/vefverslun\\\/\"},{\"@type\":\"ListItem\",\"position\":3,\"name\":\"USAG Skrall 3\\\/4&#8243; 237 A\\\/4.515 U02370008\"}]},{\"@type\":\"WebSite\",\"@id\":\"https:\\\/\\\/velarogverkfaeri.is\\\/en\\\/#website\",\"url\":\"https:\\\/\\\/velarogverkfaeri.is\\\/en\\\/\",\"name\":\"V\u00e9lar & Verkf\u00e6ri\",\"description\":\"Umbo\u00f0s- og heildverslun fr\u00e1 \u00e1rinu 1919\",\"publisher\":{\"@id\":\"https:\\\/\\\/velarogverkfaeri.is\\\/en\\\/#organization\"},\"potentialAction\":[{\"@type\":\"SearchAction\",\"target\":{\"@type\":\"EntryPoint\",\"urlTemplate\":\"https:\\\/\\\/velarogverkfaeri.is\\\/en\\\/?s={search_term_string}\"},\"query-input\":{\"@type\":\"PropertyValueSpecification\",\"valueRequired\":true,\"valueName\":\"search_term_string\"}}],\"inLanguage\":\"en-US\"},{\"@type\":\"Organization\",\"@id\":\"https:\\\/\\\/velarogverkfaeri.is\\\/en\\\/#organization\",\"name\":\"V\u00e9lar & Verkf\u00e6ri\",\"url\":\"https:\\\/\\\/velarogverkfaeri.is\\\/en\\\/\",\"logo\":{\"@type\":\"ImageObject\",\"inLanguage\":\"en-US\",\"@id\":\"https:\\\/\\\/velarogverkfaeri.is\\\/en\\\/#\\\/schema\\\/logo\\\/image\\\/\",\"url\":\"https:\\\/\\\/velarogverkfaeri.is\\\/wp-content\\\/uploads\\\/2021\\\/10\\\/vv_logo_350x100.png\",\"contentUrl\":\"https:\\\/\\\/velarogverkfaeri.is\\\/wp-content\\\/uploads\\\/2021\\\/10\\\/vv_logo_350x100.png\",\"width\":350,\"height\":100,\"caption\":\"V\u00e9lar & Verkf\u00e6ri\"},\"image\":{\"@id\":\"https:\\\/\\\/velarogverkfaeri.is\\\/en\\\/#\\\/schema\\\/logo\\\/image\\\/\"},\"sameAs\":[\"https:\\\/\\\/www.facebook.com\\\/VelarOgVerkfaeri\"]}]}<\/script>\n<!-- \/ Yoast SEO plugin. -->","yoast_head_json":{"title":"USAG Skrall 3\/4\" 237 A\/4.515 U02370008 - V\u00e9lar &amp; Verkf\u00e6ri","robots":{"index":"index","follow":"follow","max-snippet":"max-snippet:-1","max-image-preview":"max-image-preview:large","max-video-preview":"max-video-preview:-1"},"canonical":"https:\/\/velarogverkfaeri.is\/en\/verkfaeralausnir\/handverkfaeri\/skroll-og-ataksmaelar\/product\/usag-skrall-3-4-237-a-4-515-u02370008\/","og_locale":"en_US","og_type":"article","og_title":"USAG Skrall 3\/4\" 237 A\/4.515 U02370008 - V\u00e9lar &amp; Verkf\u00e6ri","og_description":"Tegund:&nbsp;U02370008","og_url":"https:\/\/velarogverkfaeri.is\/en\/verkfaeralausnir\/handverkfaeri\/skroll-og-ataksmaelar\/product\/usag-skrall-3-4-237-a-4-515-u02370008\/","og_site_name":"V\u00e9lar &amp; Verkf\u00e6ri","article_publisher":"https:\/\/www.facebook.com\/VelarOgVerkfaeri","article_modified_time":"2026-03-05T15:46:41+00:00","twitter_card":"summary_large_image","schema":{"@context":"https:\/\/schema.org","@graph":[{"@type":"WebPage","@id":"https:\/\/velarogverkfaeri.is\/verkfaeralausnir\/handverkfaeri\/skroll-og-ataksmaelar\/product\/usag-skrall-3-4-237-a-4-515-u02370008\/","url":"https:\/\/velarogverkfaeri.is\/verkfaeralausnir\/handverkfaeri\/skroll-og-ataksmaelar\/product\/usag-skrall-3-4-237-a-4-515-u02370008\/","name":"USAG Skrall 3\/4\" 237 A\/4.515 U02370008 - V\u00e9lar &amp; Verkf\u00e6ri","isPartOf":{"@id":"https:\/\/velarogverkfaeri.is\/en\/#website"},"primaryImageOfPage":{"@id":"https:\/\/velarogverkfaeri.is\/verkfaeralausnir\/handverkfaeri\/skroll-og-ataksmaelar\/product\/usag-skrall-3-4-237-a-4-515-u02370008\/#primaryimage"},"image":{"@id":"https:\/\/velarogverkfaeri.is\/verkfaeralausnir\/handverkfaeri\/skroll-og-ataksmaelar\/product\/usag-skrall-3-4-237-a-4-515-u02370008\/#primaryimage"},"thumbnailUrl":"https:\/\/velarogverkfaeri.is\/wp-content\/uploads\/2026\/03\/7d10b8e0-c3d8-44a5-96a0-06fccc1324be.png","datePublished":"2023-04-28T18:06:16+00:00","dateModified":"2026-03-05T15:46:41+00:00","breadcrumb":{"@id":"https:\/\/velarogverkfaeri.is\/verkfaeralausnir\/handverkfaeri\/skroll-og-ataksmaelar\/product\/usag-skrall-3-4-237-a-4-515-u02370008\/#breadcrumb"},"inLanguage":"en-US","potentialAction":[{"@type":"ReadAction","target":["https:\/\/velarogverkfaeri.is\/verkfaeralausnir\/handverkfaeri\/skroll-og-ataksmaelar\/product\/usag-skrall-3-4-237-a-4-515-u02370008\/"]}]},{"@type":"ImageObject","inLanguage":"en-US","@id":"https:\/\/velarogverkfaeri.is\/verkfaeralausnir\/handverkfaeri\/skroll-og-ataksmaelar\/product\/usag-skrall-3-4-237-a-4-515-u02370008\/#primaryimage","url":"https:\/\/velarogverkfaeri.is\/wp-content\/uploads\/2026\/03\/7d10b8e0-c3d8-44a5-96a0-06fccc1324be.png","contentUrl":"https:\/\/velarogverkfaeri.is\/wp-content\/uploads\/2026\/03\/7d10b8e0-c3d8-44a5-96a0-06fccc1324be.png","width":828,"height":337},{"@type":"BreadcrumbList","@id":"https:\/\/velarogverkfaeri.is\/verkfaeralausnir\/handverkfaeri\/skroll-og-ataksmaelar\/product\/usag-skrall-3-4-237-a-4-515-u02370008\/#breadcrumb","itemListElement":[{"@type":"ListItem","position":1,"name":"Home","item":"https:\/\/velarogverkfaeri.is\/"},{"@type":"ListItem","position":2,"name":"Vefverslun","item":"https:\/\/velarogverkfaeri.is\/vefverslun\/"},{"@type":"ListItem","position":3,"name":"USAG Skrall 3\/4&#8243; 237 A\/4.515 U02370008"}]},{"@type":"WebSite","@id":"https:\/\/velarogverkfaeri.is\/en\/#website","url":"https:\/\/velarogverkfaeri.is\/en\/","name":"V\u00e9lar & Verkf\u00e6ri","description":"Umbo\u00f0s- og heildverslun fr\u00e1 \u00e1rinu 1919","publisher":{"@id":"https:\/\/velarogverkfaeri.is\/en\/#organization"},"potentialAction":[{"@type":"SearchAction","target":{"@type":"EntryPoint","urlTemplate":"https:\/\/velarogverkfaeri.is\/en\/?s={search_term_string}"},"query-input":{"@type":"PropertyValueSpecification","valueRequired":true,"valueName":"search_term_string"}}],"inLanguage":"en-US"},{"@type":"Organization","@id":"https:\/\/velarogverkfaeri.is\/en\/#organization","name":"V\u00e9lar & Verkf\u00e6ri","url":"https:\/\/velarogverkfaeri.is\/en\/","logo":{"@type":"ImageObject","inLanguage":"en-US","@id":"https:\/\/velarogverkfaeri.is\/en\/#\/schema\/logo\/image\/","url":"https:\/\/velarogverkfaeri.is\/wp-content\/uploads\/2021\/10\/vv_logo_350x100.png","contentUrl":"https:\/\/velarogverkfaeri.is\/wp-content\/uploads\/2021\/10\/vv_logo_350x100.png","width":350,"height":100,"caption":"V\u00e9lar & Verkf\u00e6ri"},"image":{"@id":"https:\/\/velarogverkfaeri.is\/en\/#\/schema\/logo\/image\/"},"sameAs":["https:\/\/www.facebook.com\/VelarOgVerkfaeri"]}]}},"_links":{"self":[{"href":"https:\/\/velarogverkfaeri.is\/en\/wp-json\/wp\/v2\/product\/70452","targetHints":{"allow":["GET"]}}],"collection":[{"href":"https:\/\/velarogverkfaeri.is\/en\/wp-json\/wp\/v2\/product"}],"about":[{"href":"https:\/\/velarogverkfaeri.is\/en\/wp-json\/wp\/v2\/types\/product"}],"replies":[{"embeddable":true,"href":"https:\/\/velarogverkfaeri.is\/en\/wp-json\/wp\/v2\/comments?post=70452"}],"wp:featuredmedia":[{"embeddable":true,"href":"https:\/\/velarogverkfaeri.is\/en\/wp-json\/wp\/v2\/media\/81017"}],"wp:attachment":[{"href":"https:\/\/velarogverkfaeri.is\/en\/wp-json\/wp\/v2\/media?parent=70452"}],"wp:term":[{"taxonomy":"product_brand","embeddable":true,"href":"https:\/\/velarogverkfaeri.is\/en\/wp-json\/wp\/v2\/product_brand?post=70452"},{"taxonomy":"product_cat","embeddable":true,"href":"https:\/\/velarogverkfaeri.is\/en\/wp-json\/wp\/v2\/product_cat?post=70452"},{"taxonomy":"product_tag","embeddable":true,"href":"https:\/\/velarogverkfaeri.is\/en\/wp-json\/wp\/v2\/product_tag?post=70452"}],"curies":[{"name":"wp","href":"https:\/\/api.w.org\/{rel}","templated":true}]}}