{"id":70447,"date":"2023-04-28T17:51:40","date_gmt":"2023-04-28T17:51:40","guid":{"rendered":"https:\/\/velarogverkfaeri.is\/?post_type=product&#038;p=70447"},"modified":"2026-03-05T15:46:20","modified_gmt":"2026-03-05T15:46:20","slug":"usag-skrall-3-4-237-d-3-4-515-u02370058","status":"publish","type":"product","link":"https:\/\/velarogverkfaeri.is\/en\/verkfaeralausnir\/handverkfaeri\/skralllyklar\/product\/usag-skrall-3-4-237-d-3-4-515-u02370058\/","title":{"rendered":"USAG Skrall 3\/4&#8243; 237 D 3\/4.515 U02370058"},"content":{"rendered":"<p><img decoding=\"async\" src=\"data:image\/png;base64,iVBORw0KGgoAAAANSUhEUgAAAdUAAABoCAYAAACnmmroAAAAAXNSR0IArs4c6QAAAARnQU1BAACxjwv8YQUAAAAJcEhZcwAADsMAAA7DAcdvqGQAACYeSURBVHhe7Z3da1tJtujX7TQzgxvCpmOMsRUQsXJvmhNMzpEIDhyE+0265CG5Tz0HQ5w599GP\/eiHgegvSPKcmIm4ZOjQE\/IQaXIOZ4xgOpq0DMGEiclV5ohYzjVGzojM7XQzd5jctepj79qlvbe2pO34o9ePVkf7q2rVqlW1qlZtuf7LewQYhmEYhhmZj9S\/DMMwDMOMCDtVhmEYhkkIdqoMwzAMkxDsVBmGYRgmIdipMgzDMExCsFNlGIZhmIRgp8owDMMwCcFOlWEYhmES4tgvEfV9X2mUS3DrQQ1efZKH2Sl1EtpQvXkd7j6qQa2Gn\/V3cOp8Bo6rq8E0oFx+DbNeIglgp4nHpVuw7pN1fxB6Wx+DfF9BpC7rx0aRWZb7wSsjv60qlH\/\/M5g9rWoFj29er8KbmfOQia6o4VgrQ+nWA6iZMuhzaCPr352C81qWmEjbewVj+VmIUk18XR8WqD6\/htfD1JWr83V4t1d1nSDtyk24\/ts3wf2HsNm78GQI2wknoK0cBFRZH8XuT4dkr\/uBA8zBmKliA622HMhdXYaFrDqHNMor0HAKsLy8LD6LM01YuVlF9xDB2ga01NfE2Is0DyNb+HHwvxOT8hhprzehq77vPdhRVVrgZBdheSFnnAMoCBtZhMzL+1AlOWND1kSFGgevVEw0pPOuaK\/Ly0tQmFanDznOREp9S4CAtrLvkKO73QCnKPvT5aUCJFhiRrH\/TpUqGjvKdNFqnHi+3kpDwe08AVLFOUh3G7C6pk4E0N5JvovfizQPJdM5WFhahqWi1xS3dz+UbmimXYVWuuDLH7Y60E2fAWklKTg7A9DZFgcxSUFuYYk7mEEgnaPHGD8izhSm0abQyZgD+pEJaCv7zjbWm5OD+STLyfQQ+2\/\/7uzsQKVSgc3NTTh58iQUi0WYmJhQV4eFOko1GzWcJ0HhmpWXGVi0OjsKwVWh935CXDOnlNgB6\/v812hWbDpxCtVgh62OAA1P5xucJoj7IZuD7lpDzdTsNCWiHLtzKHFVpYMDheV56FC5lT9K48jRa9Dhsggo7IaDEEka0ukW3mvoQ41Gtavz0pa67lzwdx69epb5d3E26HYIIk+aDUq5ZRqq7gyfSjPIpdlnmH8TMlkHGmuenAVUWkCN+ctq1JeNkHPNCUiH0tiAM+I8yXQf4LK\/HnQdLJ6oYxpa6V5e+nqYDkW5UBe27UmZulb9efTaqiwvqPvpev3EIsztrrg2pvOy0XlJDFsTsnZgrghQNezC1FOPDRPCrsZhtVSHccNu\/fkE1JvP\/gjvHn8+ZnugcmM+xQw0K1Kvps5EnrFtkPKy7MZsIz36kHKcXbfyUOWQ+t6W8il5Zb0UIPOy6tq3r14s+9D47cDf3rSNef0AEmrvVvlsW3XrJ0CPIXnYz3l49dS33JZc\/mv+\/sBJpwFaXcgYtiWx+g1dd7rero5D3dWtaX8hz6nDsDZL+Oyyx1aCnxmF2Guq9+7dEw6VePv2rXCy586dE8fD0q78Ch7+5w8A3aZcM8WPXlN923wCT9\/\/V7horUe8Xq8BdtmB6xRTs3k49d06PP3pPM48vnDvEUrtojK\/\/AVczOch\/8kLuPtVDeRakNeAv\/zXi5DH62Mv7sK9mlxvOBOY5mtYrzWh9f0UfKHSHHv1CGpPe9coRDmeP4O\/YeNa+oLSqsG9X9fhJ5\/L4\/wnr+BBZV2t50XLcpyM4Ks\/wiQ2JPFs\/q+w\/qCJo0+lD2UkFN6R18dg\/ZZeM3sLzSdP4d1J\/5rq8dMfwatH6\/B\/9drH2n\/Ag2YXfvj+Y7csjf94AJ2ZS3DpNBhpHIfMeSp3Da9JecV61F+a8OTpn+BPP0UnRfrKn4J366tQe9G7ttQo3xKdjpQV76vdC17zxXL96uGf4Ac0\/6ayE29NdQpmZ17D12KdCGX7hy\/gX\/7Jv4ij66A19YXS6xi8elB118TF9e9TITrMw1TzG3hxOgNY6a7tyU6KnDx2Gra8il5blXYDp2W+dP3Z86eubeRn3sGTh9\/0rkNR+b\/51LU1Yb\/\/9lrWj9D3H+HZ30L0jc7jVhOdifvsK6h1tHMhedow9o8yP7NMX4h71+HW1yofJQo2MiHn+tOfwLy4T65DR7cxyucZ\/LHjtRdXJchgNvgiuo306EOmKer4z5\/CObpHOFQKX3+pbMWvB1kvHZj6+Zfwi4tSZ8K2hHzYuf\/qIfxdt1+h76eiPXsOlfC3N7sfEDpcrcGLnvcyevuA\/P9bh+r7DPzs91b9YBq1r+66aUTl8c+oB7fudR2JenwDn8Yqty3XKXjz2xW3vTbK16H2g1f\/U1s1qP8fNBeVtkb0+X8+68kw3YUXf5lCG1L11jL71AdQVe8w0HPffKrbr6zzf99Sa+ARbfa1ZZendquw8oePMM2\/i3p88w+enqfevoC3U1MjrzHHDv9qh6qxjweHwrg4RqCRlFozXS6moYUNO96aGFVyCUrqc7MSttLagA1ar71sjGqy85BzsINex2dovRRHL5eMEUru8xw46Oif9ZEjfcFLM\/cZjsy6HQiMPGL6OuSSmnDw\/2k4oxvg5DiOFbvQobz6yCLWL1FfXuPNwRnMVhN0nfIV5QxlEsa1LpDGcwrFFyDtlkXqLzM7yAgO9Y1ySygki2XG9GwpcgtmR5RCOfC2nV5ZG7+j0SSNWpWdLKN8LWxIus5V+I6uhY40fXqVems9b6hjD6FDo76IFOrDN5\/ATtmeNZND0rZYKpVRazEx62v6LGSMunCh8pmjcrIZn62F6zv+0kUbnr2kWbcxM6V2gp1dv3bQt40pzPbiZwAbjNVeTX1YUAcsHKo9g7JI44xPX8+eQevDNiqE2YZOXJXamHYl6jrA3sX7G2mcaRuayhZQloD6QbuYs+04Th5RhJW7R+8pKFzA\/lrk3Vv\/qdkM1kIIpu1O5yDn1oM\/DdGntjZEW0oVl3xte\/IE9pq7MpXwNhsgFy0hqjQJnQaRyuZC7HMwYjtVCvma2McDI9ZlsKM0wx92QwzoiD1ysOB2shGdqcjHRnXgqNDATmdaOTpP3x+EfrL0W78U19HZeJ17SYR8TMPpRXbC3ZfPUNdkhOTwyem0YIPWrkVjysDZqA5oBGiGo2XtCVEK2qIT83Um+G0+q2UeDmqUQfYldOiMhzcu0q8IG5LD8aBGr21x2Q6Zxsazyx7IGeh6NUJW\/SC5xAt++llyKKbzc5HOolVR94kPhdtitIM+baw\/8W1wpPbabcAK6c50HAND\/U4BwNUT6sgxB7KjIcoX+NJcsDMPs+OkEXKR\/lzbwA+F1ynvwPoPRrQTCs2rNMInQ4g54UDMgasZyg5ts0KuLjRuGzLjbLsl0sRBwdKyCJXL83Enc\/2J7VRpDVU7Ur2mOhLb0RUhRjrmiEZADQ472M8G6LJEg7ORHTW9mSdnjhaiMhwY\/8Av7o0qi2hg5sxffwLXbTxcXVPnpV76oVEijUJp1uDMnA3ohEeF1kjkmqKWs2DMuj1GmBlEENYQ+3ZSpN+rqKG1FShHvDA3HJ5d+qBwJa036frE\/AMsJRh0xvdpLVE\/G\/q2Ls0WafCi7\/M+fR1GnzYWh7g2OFIbwdnMoh3lGIJGWa6Luzrq074GQZSvp98jZP3Y9B0EJoSQS+jPKDd9zAhKXLIL6vkCOFHtSPgI+UIcDb7Few8q30UcVGtC26ywS5ypirfUzY\/XBihaJs4VHXS+A0SYIojtVOmlpCtXrggB6N+RX1ISs9IW1E3jXlvFkbEKfYjQRguqZa+Y7UpdhCDMaX5\/aMSLo5XfGD\/FEfmocBKFOHAEdt+QQ4Qb93B2FkofWWQ4pO6NqLDDrBuzO9ExmdeJrXa4g9CIMBHqGkee7oCFZMG06lpPiUPO0kxbDph6kbPS1mPzp1Ry6SA8nBiA2VEpvQUNzmTnbr5hjs4fO1GfDikcG2Opoqexk8NQX1181w27NBCzBPcNZzwe5GdMVLeoL98MI3BULmeLfj1jXmg\/\/enTxuIQ1wZHbq840xxxUCScvW9Gjx+jnxoJKh9aidkvNsrU2av6qRgdf4QdJ47Su\/+XF9i3kB2JusP6x3rQyCWbANZwkKS+SszBkBltwHb3mApHdq+iVW45ZShcE95mlV0achHaphsoi4\/ACMHgfKz+3Qdo+r0o3uhCm1T43zbMLSyKt01pyi6gkVKfkZFQ8G2a0uMz6n4ajQCNdEpaiTR60aMVCufQZcxHV4qVT2+a4+pK0vSRBUd4izs3YeV2SRomXiugw6nu0gFCnf1VWrTHRq5OgeNAeuYSLEQGFmSDbaw53lqvMMiqWOSP6qyog6lWlLw0i\/tcnu8POcu6Vxas+xyFdMV3PyKESS\/ReIYiZlQDhdyw0dfxeWVJ4c8Lh9mBEnWaFXnKSedg3HZCNNoGmkGWoJkNfmswVbwEObRf1+4wHRpIduSRogn3US5ZbtMuPcQ6ENqebgdONofa8qcSBv3Wu3MBR+JGWcVLRdjRFBbUCUWQnh0nDZnLC33DpdFtLA5xbbB\/e+2LaCcg28lzejtWnY8DheEfj+OMbcHLj87dpsEstsfY5Q2DnH4H0zPKl8Z+Eb+L+gFZP33tOHG03r12QXXsZOdgaRrLjfrvGDYq1sRxQGTT2MFBEt6j5ac3bhdIZ6J9Yft\/bKRP\/YmKAtD6rdcm0bayOMEw+72QNqvt0vUhiIP2MreEg\/rHdbzflQTt1ajTEYj9kxqGOayIt1oDfp613wjn5vvJTdJQiH0FmjO9P30gR\/thOuMjhnhzWP+0R0HnyNEeMPs6VIiBSTPgJziHD3aqzJHnx+tUCflTCDPs\/OFmN0cT+dMjI6Yy6EyZ6YWdKsMwDMMwNvv\/ZwoZhmEY5ojATpVhGIZhEoKdKsMwDMMkBDtVhmEYhkkIdqoMwzAMkxDsVBmGYRgmIdipMgzDMExCsFNlGIZhmIRgp8owDMMwCcFOlWEYhmESgp0qwzAMwyTEsV8i6vsHhnbLuA53H9WgVvN\/Xn2Sh9kpddthhf5A9PW78OS7U3D+9HF1Mhr6Q93Xf\/sGTp3PQLwnRkDIV4U3M+chc1zWRf3YgHofoowu+Gz59z+D2UGfY4amXSnDN2OzWN\/qxAAI2\/zDR5AfqWE2oFx+DbNGGrSpwK0Hr2AsPwv70uSTsMNB2gHtaPP16w\/Txpl9Yd9nqrSfnn9X9qO1g4YzcfT3rhimjANttM0kgH9j532hZ5N22izawf+S2Rx6GJK0wx9DW2f6w+HfvYI2zj1iA4QeRijj9i671A\/LNnT2WeXtHVuAFOQWlmB5H7dNS8QOfwxtnYlN7K3fdnZ2oFKpwObmJpw8eRKKxSJMTEyoq8MQtIGyHwoN1U8UIPOyCg2yfbUTvNiH0j\/kxWGi3tPQ2j\/S3OuQwjS3OzBXBKhW9B1p34bD9l6J5t6TPfKItMdh1c2Pdo\/X+wGSHHUYN\/YH9Mvtz5fQ+37mnAY0XPHM\/TalzkTehFE28ezuHBSg6uUR8ayTTgO0umr\/QnnNt3G10FXDHcUH78HpL2OPfhCKRPjr1yoD4mT\/Oz7z0G8LYjPorqFPpT+9\/6gln7+swYTrfzCbIV3M7xh2YuQtdbAIc7srbl5+HSRpn8a1qGdtXfnsVKLtZ\/FEPbBc+rrv2JXDn16QnrHQxjlEpW2na9drr\/0omytmoFmR94l7JlbRXlQGpk5D20yQHaq8LBki+wBRDiqe2dbD8kR4Q\/OjDznVOKysrLy\/du2a+6Hj0dh8X7lx7f2Nh5vquJdv71BeN95X2uoE0bjz\/tqNCj6t8B1\/+\/4OymamKdLQ19uV9zdI\/jvfimtaBn28+fAG5ncHU1Go++805KEtj30snvfJYt1ryo3XK1bZZf5efnb+dN0umz7u96ydv7xfyyf1EPasXRaPgDKa91HdBD7nl11g1atMy7zHyKtHPn89BmGXn9KT+h\/QZuxj9bxPz6Zs4n6tgwHzssol68ywT1NnfZ6VeQfXBaHtx69vrxziuk6L8jJ1acoh6tyQEb99G5SGoiddI09i82HFSIuQcnl1aR\/LcutyUPq2vqOOe2Xw603Wr61H\/z2ReVp2zhw9Yod\/aYZqYh8PS3dtBUqlkvu5WaF1FoM0zr7MEXVPCMmA1mxwVHjJGNnmPs+B023Csy11gkbVeE6SgrMzDgrRwbGlXHNKF43Z43QB5mhC97yhTiCGPJMnaD0oA2fVcWpCprUtDw0asIGD6PQFc3Sag4JvBK5A+ef1jHD6LGQoyR2pk1RxyTdqp\/y7u0Zuoc9S\/ljuy17+qdkMrWYFItaZcATuzUxlus11q26CMOsrewbnKV3o9Cqkl8lxo55IXpzhFPFpXT5Rt1LXvfKloHCBKmoDn6RZgmdPpTLVXYT+B7WZaZQT\/0l\/pq1kEsaNOhKYsol66ErdJW2f2Xn8HufZmPhky8EZ2\/Y1FO40Z1qi7ky7xzp3ZcpBzq2naES9mjaMpIoFr7wGXl1K\/TszZ9VxStaHspu+bcYilu1bfZLNoHkyR4vYTpVCvib28bBQyMV8Sckf6umFDHZxpgkrutOkEKFyFoEOV3SCcTr24DUn4TgH6ZiC2OqgBA6MJ\/A2BoXLtMMww9SRiPzjI9aZWlXPMam89rRjsJ1P+gx2xuiUhaNEt\/i85Xacgetg1LGLzhwd7JLx4huFFSP0P5rNxMHr5JOwz1bFq5NSiUKMScnZS6TtU4hUy2GGlrMLsHw1A83b6poY1MRD1KszrpxjcgzSZpKy\/aHaKXMkiO1UaQ1VO1K9provYGO+\/zIDi64j9tZyxEzRJrZDkyNem0QaekKdNK3niPUnVfbFbIDACSA6U1orcnWsPnrda0+QMyvqvMiBypkgzZZasLEmZ9qZWVkLQj6bbVXPQTOICP2PZjNxaAtn6JyYTMQ+aX3PrhdvVpUsobZP64K0fqtluIqzbXVJoF7cWV5ehFwXna8dfQohkQGsxaBtJgnb\/1DtlDmYxHaq9FLSlStXhJHQv6O9pDQCNKPBuYs7UxWfm1ClcBPNbLoNuG804sbvcBRthGjDkZ16q1IWMyMBOvA6hQ3dUN+wqFDa46rXYWDHVF5T32MhO2dPlgF+IqFmgaQLjdCL+m4jQsOtutSpZosCkHuLzJdetErDGeUocp+lUW91Xx3q+zz9taH6mCoKZ7fqjJ8I\/Y9kMyGYjmFtFWeTakCQhH2aZUDaWC+JYYZwI2xfzLgNXft+lrLVgIZpN0jcn5qIekX9rJr1WvaXdzAGbzOj2\/4I7ZQ5Enys\/t03xJqq5VyC3zSVNMryLdVl47p42xA7pwKOJheW6U08I03HfBMwGhFahpvCYVfVuShZBiG3sAidmyuYtnZsaUybvge7gV7kumGJwn8VOnYgl0VPsSsu9oFCogXolCisJUuWLhYgjZ1HIDTTuEpvQGJe6hQ4DqRnLsFCn\/B8XMhZViuqnmhmQDMB4fyxU3YM50iOqFKFblavmSFCPpDyCV0gOo0QovQ\/is0E04T7aEOyK8V6ct8KTcA+6W1ZTFvjOGnIXF6AgjoOhwYWOGBBnVGpA+0aB171GLafKs5B2rAlJ5tDbXbE9\/b2BtSxvnQaol5UGsJh3VbPqXL7oHotdgwbx9vSORhHB5caaoDTv8302uGotj9KO2WOArF\/UnMwkK+q+3+GI8+Ro92rMBjDxEUM8PTPfg4R4qcttKwy0mCCYZhD9scf5IzL8b0xzA6VYRiGORgcspkqwzAMwxxcDtlMlWEYhmEOLuxUGYZhGCYh2KkyDMMwTEKwU2UYhmGYhGCnyjAMwzAJwU6VYRiGYRKCnSrDMAzDJAQ7VYZhGIZJCHaqDMMwDJMQ7FQZhmEYJiHYqTIMwzBMQhz7JaK+f2Bod5nrcPdRDWo14\/NqDPKzU+qewaFdQm6tj5ZGomxV4eb1KryZOQ+Z4+pcIjSgXLoFD1Bn69+dgvOnE018AJQcceqNNrf++jWcOp8Bn7T9dCSu34UnMcqZbP1LG60fy4NMjsr6NbxOvC6JoPbwCsbys0BZHzi7DqSPLQxQj0lh6o124rn+6yfwbk\/qLx6Nchlez8o6HRVRnj98dMBt4sfHvs9Uneyit7v+8iLkulUolfWel0wYjTLtMSp1522Dtw\/QZs4O\/ndiUh7vIXE3uz500GCjJLc09NrCMixmu+hoR9mk+0OTg4Ui7Qa\/IfZstRGbmTs5uLSf9orGOj7s5vMj04CNlvrKHFkOWPg3BWdnsIcOaZSMpg2d7gFxMtPYkS7tsWOnzavRyRzN7f1wdldpicGlrUPalHz5sO1vSpvKQwvqFXso0IDVtS44M8Zm8x8Yoc\/lBW8D\/A\/NVkdtXM8cZWJv\/bazswOVSgU2Nzfh5MmTUCwWYWJiQl0dhqANx2VIw79ZMoWUqthMFTjS9W2kTKN87JQkaUinW3gvbRIN4jmazUWnr87tzuFTVaiKpNJQWJ6HDsrXUK0gXTQ6dV+e1jVVLv2ck6aRexcyV5egIEbI\/vIEdaaSsHJb5xF\/\/kiIfBQKq59YhLndFVVOO\/9o2eh5\/ZzUEXVQsrzenrb+8vvqi+R6PO6vP4LCgrebkMk60FjTGej0CZKrDuNah+L+Rk8HReU885w2Cc9Brtvw6iBUx4rQ+rTLZslBZ3w6cSAnrikdONZm5SIfMMqFBJ0LQOQTWi4lVzEDzYrUi1sGW1dpT6aB7b6PfWiC2phdTnEPOlmJ1ht97y2L\/3rUs4ivLs3+AHOla679yTry9T\/aDkV6vXKI8k6seunbfZHGJ4PSIfjPSV0H6cK0e8SqP7M+dP0dtg3xjzzkVOOwsrLy\/tq1a+6Hjkdj833lxrX3Nx5uqmPi2\/d3MO07DXWojs17vr2D+d+o4NNIu\/L+RsD91+58Kw8bd1DWO3hWQ9dvvK+01aFi8+ENUSadjn3sT4fSMNIUMnjHPvkQmZbO0y6P1IEnv6ZPuUOfI+Sz5rVvG0pySsO8JmSPJ5tdLrq\/Iu7130flteV2j0mPvjQUqh7delNpesckm5bTLnuAnGYdi7rrrXMPSjusPu28TDlUXmZ5zLx8uiXstCTCPoJ0YhFdLll3Pekovdq60nod3O7j2C7SJ19x3dabe9xbFp+eo57tyVelZfYH7rNSJtNW5fNhOrWPA54XyPtMvej2J9M3bA2ROjfO9S2PZwPiWbeNMAeF2OFfmqGa2MfD0l1bgVKppD5yZumOjNc2oGWtweQ+z4HTbcKzLRyp0RoNjry9kXQOzuDE0CU7DzmnBRtr8rBdqWN6GTirR7UmmM+8Sic14eD\/03BGpzs5juPhLnRo\/RDzWDBHktPmNVozwZHzZW\/0mprN4HVFT3lSULiQhtZzK9jdp9xx6O544bdc1hjJmvqaPgsZpwvNdbw3Uja5FpS+YI7Kc1Aw5NNQiM2cvUyeQO3sbqujKFBvWEaJWgbodnA+YbMtQt+RpHH2petYhCOxfoQINPvQtlaCmyJEGVWfUfTWtbQ3pc\/pAsyl1XdibRVnf4ZNDUNouST++glqH7JOfcsrce0+ru0SouyYjb629QyaXaN+KZxvzvAoH6xr00rMsuQ+w8T09Yhn+\/YHQ+DJMQnjqB4vfJ0Sx2G2Hdr+fLTh2csuzj4N+yMbgvD+jerKtSnmQBLbqVLI18Q+HhYKqZgvZ1yC+9jhlUWjb+8E9J6600Nb3t7t17vKzrn1mF72UAZsdTzDYXbORii2z5qJKE+3AStGxy5CQpbz6FfuaMhJLELmpR6sSF0G43UMkbKJcjkwHvNdJApL6TS8sFZSUPkKABUtpwyzeh1PFPSsZ2ue8w+pzygC69rf0ZIz6JIzxe+N57RuSh2mH+HILIeSFIHtwzdAjE9c29UIR9iqQ1U7B3swS2FNnU5AKD+SkGf79wcfgkHanxwgtlxbpg+F3o3+rVU1rsn2FG+QyuwXsZ0qraFqR6rXVPeCVHEOx8pydilHzhYDdvAiPewMVsvUuXmj8qERDZrW1XTnXEB54yHKg6P9RaNjFx9rXWb0cuMsYkmmHf0GqXrh6cRktGyxHTo6jzI2fFrnUc8vZgPKMiL05jMUDRlHWVMatj6FTmw8fQpUpKReLkO9lYa5gJl9+Is9o0NRgh62lR0FRWsiiGu7Lu6svSpeUPINZmnN8XYH5nQaV3MBugxhlGc\/GHHbn5z90jqpq0\/1oUGiqD+cqdrXeA31YBPbqdJLSVeuXBGVSv+O9pJSOCJEq0NQ1OGgQ7xvdDiN3+HIVI16zdGwADvIes80gxwpzlZbmGoSs1TqlMxRN4XF1FcdTiUZNUJe9V2XZ1WFoyU4h7ZnDX3KHU0bGmtWE3bGvXKbMwsRknQgM4tXI2WTYTQ541dg51b23UtIp5L+TDd6GR1IGqp3\/+geP8P+DCuqPiMhnWBd\/8bUiaFPgQyRdtH2ZFgvCJzZFGlGu6LC0R40QBnl52Vi6QFnOl49taH6GGVJnwmRJYK4tusio0TdtYbXnhVi1mvIIGay6ns\/op6N1x9oesO3g8gRTp\/258OMpHm0t+SRrD+jPARes1JnDhgfq3\/3DbGm6muo5ttvFEqht3iNe2i0rEfH2QVY3LkJK7dLMsSC1wroQKu7dOAhjHOtM9p6loY6x8crsFJSnV06J0bkEhqhFqBTopANzqaQdBFnPtgwJLo82FlW1CkcZzvZOViaNru5PuWOYmsbNrCRVt30SZ9m2k24j\/lLic03J6Nlyy0sirdC3XJjuukifTenztKJlMjhiTQw\/Sx2dFZ9jATNLOkNTrQRVxd07jZ1PjkYV6diE1mf0eSkwgydmPpUkDOqdGHcdbQBoB0vZykEbbUFmqV8Pjl8J0rrj1cBdWPUKaU51Ewnru16iCjRGr0n4R9QiPNGG3GyObSmjvjej8hnY\/YHmtxCATZ60mqK70MT1f7EoHsFqqjDqraV4hIs0lu8eE7jOGnIXF5AO6L6I9tGnatreBHSM5dwINa3J2D2idg\/qTnM0IiffkoS9Pr\/jwn5s4xhO9UDgvi5QsDPUoJ+qnMA4J89MMyPiwP2xx+Shzq1ath6FnP4oNkIrVPRjEl\/DqhDJWe\/gjNP761mhmGOOj+KmSrDMAzDfAiO\/EyVYRiGYT4U7FQZhmEYJiHYqTIMwzBMQrBTZRiGYZiEYKfKMAzDMAnBTpVhGIZhEoKdKsMwDMMkBDtVhmEYhkkIdqoMwzAMkxDsVBmGYRgmIQ7EnykUf+jdt0WTt9uH+IPkLzMH82+7HnDalTI8m6XdLtQJsZtLAyDLmwswDMPsBfs7U6VOXmyDZG3EW3SgcTtqx3ymP+F7mToT7FAZhmH2gn10qm2o\/qYB3aD9HWl\/SXNrL2YItsWG4T5of0YctCwksa8swzAM00Ps8O\/Ozg5UKhXY3NyEkydPQrFYhImJCXV1CEQosgkZe1NnCx3+zTkNaOgQseGI5V6pBci8rEKDnIh7jTZ9roIbVTY3+RZ5d2CuCFCtyDvSxWWYpw2O15Qnspy9L0QdsWF44H1iD9CWyEM7NFEu2hZMlN8vq2OFZ\/3hcbWJe8C+ouI+mvV\/3hFhXs+n6nA65VOHcUPn\/rT9m2zTNZ9uEVs2hmEYxuPYLxH1PZJ79+4Jh0q8fftWONlz586J46H433V41PwZzF6chSl1Koi3zSfw9D\/\/BD+5sAxLX+QhP\/MO1ldr8OKTPMzig6\/Xa\/DseQemfv4l\/OIiXqeTyqF20QF8+a8XIZ\/Pw9iLu3Cv9g5Onc\/A8b804cnTP8Kzv83B8tIXIs3aV3eh\/tN5eZwfg1cPqrCu8hCOp4sO8stfwEVM69RuFVb+8JHKyyP0vkIB8p+8ggeVdRjLY3nRqf\/q4d9hfvl\/Qv64LespePPbFagfC847n\/8rrFf+DplPWlBrAmQoPZU\/6QKHKZD\/5zycpzLUOjhoIb2ch8xxcQes19ow9o\/yuCftT17A3a9q8G5GXu\/RLZbhUe2pe51hGIbxEzv8qx2qxj7eU3DGN69DltNnIeMAdHfa6gSSnvPPdtc2oIXPXDJmVLRRtNNtwrMtdYJmZXrz6OlxPMJkPtNzvkkYd\/NowEYL773szUxTxTlItzasNd8+92UXoJBuQbVcFWFvp6hmmD2ypqBwIQ2t5\/QUpYlyXTBnxTkoJDJT7JUXsvOQc7rQXA\/RbfYMzpO70NlWxwzDMIyP2E6VQr4m9vHATJIjww7adXLJ0d6xFxMR4TiHcAhbHXyqC43bJSiV9IdCtZbsMe7LLRTQyTbQnXmDBCFrtwEr7jP4oZB0twNtkaYD45Py3kQRaduk5GBil70mwzDMMMR2qrSGqh2pXlMdCTHjRCf0u+Tf8U1N0LzTYlgHJZwxrTUabyeLj7UWHOO+Bs5SW+kcutQG3K\/I2aCQldZefc\/gh9Zihx0IxEHNzv20xctNzom98OIMwzBHn9hOlV5KunLliujw6d+RXlISpKBwOQdOqwqlst+x0ks8pZtV7OKHhMKUOPvTjosg5911MnDWdISxyMGZdK\/zb2\/Z0vW5b60s1y9xtkrlhrX7UKUZrJJ1dU3eJmnjc\/QvpQnQemzoAtMp0709M30ZKo6Pkvc3Ztqr0Og6kJlNIrzMMAzz4yP2i0p7wvEMnM+fgne1e3D3UQ1qNfl5+v1ZWLx8Fq8fB6AXlf78KZyjF4zEQ2\/x1FN48+k5OH\/6uPdyju+loSmYzY\/Bi1\/fgwcqzSY6EfeNXfGi0hv4VL2wI1\/gaQKcli8H2XlMzeZhbP0W3HrgydhqfQwfoUy+XEPue7tbhf9V+wFyP\/8X+CfKD8s99d0TePjwCbybuQT\/4+IYrN+65cpaq7WgdewjzHsK00T9PHkID7V+mjgfPv1XmP1veZXGI\/XM3yCTxZJ8n1K6mIK\/vsJrq\/K5V+KlK\/+LSkJeeoFLy4sqMN\/+7dWtrSeGYRjG5ED8RSWGYRiGOQrs4x9\/YBiGYZijBTtVhmEYhkkIdqoMwzAMkxDsVBmGYRgmIdipMgzDMExCsFNlGIZhmIRgp8owDMMwCcFOlWEYhmESgp0qwzAMwyQEO1WGYRiGSQh2qgzDMAyTEOxUGYZhGCYh2KkyDMMwTCIA\/H\/sXU4Z8e6frQAAAABJRU5ErkJggg==\" alt=\"\"><\/p>","protected":false},"excerpt":{"rendered":"<p>Tegund:&nbsp;U02370058<\/p>","protected":false},"featured_media":81014,"comment_status":"closed","ping_status":"closed","template":"","meta":[],"product_brand":[],"product_cat":[588,780,515],"product_tag":[],"class_list":{"0":"post-70447","1":"product","2":"type-product","3":"status-publish","4":"has-post-thumbnail","6":"product_cat-handverkfaeri","7":"product_cat-skralllyklar","8":"product_cat-verkfaeralausnir","10":"first","11":"instock","12":"taxable","13":"shipping-taxable","14":"purchasable","15":"product-type-simple"},"yoast_head":"<!-- This site is optimized with the Yoast SEO plugin v27.3 - https:\/\/yoast.com\/product\/yoast-seo-wordpress\/ -->\n<title>USAG Skrall 3\/4&quot; 237 D 3\/4.515 U02370058 - V\u00e9lar &amp; Verkf\u00e6ri<\/title>\n<meta name=\"robots\" content=\"index, follow, max-snippet:-1, max-image-preview:large, max-video-preview:-1\" \/>\n<link rel=\"canonical\" href=\"https:\/\/velarogverkfaeri.is\/en\/verkfaeralausnir\/handverkfaeri\/skroll-og-ataksmaelar\/product\/usag-skrall-3-4-237-d-3-4-515-u02370058\/\" \/>\n<meta property=\"og:locale\" content=\"en_US\" \/>\n<meta property=\"og:type\" content=\"article\" \/>\n<meta property=\"og:title\" content=\"USAG Skrall 3\/4&quot; 237 D 3\/4.515 U02370058 - V\u00e9lar &amp; Verkf\u00e6ri\" \/>\n<meta property=\"og:description\" content=\"Tegund:&nbsp;U02370058\" \/>\n<meta property=\"og:url\" content=\"https:\/\/velarogverkfaeri.is\/en\/verkfaeralausnir\/handverkfaeri\/skroll-og-ataksmaelar\/product\/usag-skrall-3-4-237-d-3-4-515-u02370058\/\" \/>\n<meta property=\"og:site_name\" content=\"V\u00e9lar &amp; Verkf\u00e6ri\" \/>\n<meta property=\"article:publisher\" content=\"https:\/\/www.facebook.com\/VelarOgVerkfaeri\" \/>\n<meta property=\"article:modified_time\" content=\"2026-03-05T15:46:20+00:00\" \/>\n<meta name=\"twitter:card\" content=\"summary_large_image\" \/>\n<script type=\"application\/ld+json\" class=\"yoast-schema-graph\">{\"@context\":\"https:\\\/\\\/schema.org\",\"@graph\":[{\"@type\":\"WebPage\",\"@id\":\"https:\\\/\\\/velarogverkfaeri.is\\\/verkfaeralausnir\\\/handverkfaeri\\\/skroll-og-ataksmaelar\\\/product\\\/usag-skrall-3-4-237-d-3-4-515-u02370058\\\/\",\"url\":\"https:\\\/\\\/velarogverkfaeri.is\\\/verkfaeralausnir\\\/handverkfaeri\\\/skroll-og-ataksmaelar\\\/product\\\/usag-skrall-3-4-237-d-3-4-515-u02370058\\\/\",\"name\":\"USAG Skrall 3\\\/4\\\" 237 D 3\\\/4.515 U02370058 - V\u00e9lar &amp; Verkf\u00e6ri\",\"isPartOf\":{\"@id\":\"https:\\\/\\\/velarogverkfaeri.is\\\/en\\\/#website\"},\"primaryImageOfPage\":{\"@id\":\"https:\\\/\\\/velarogverkfaeri.is\\\/verkfaeralausnir\\\/handverkfaeri\\\/skroll-og-ataksmaelar\\\/product\\\/usag-skrall-3-4-237-d-3-4-515-u02370058\\\/#primaryimage\"},\"image\":{\"@id\":\"https:\\\/\\\/velarogverkfaeri.is\\\/verkfaeralausnir\\\/handverkfaeri\\\/skroll-og-ataksmaelar\\\/product\\\/usag-skrall-3-4-237-d-3-4-515-u02370058\\\/#primaryimage\"},\"thumbnailUrl\":\"https:\\\/\\\/velarogverkfaeri.is\\\/wp-content\\\/uploads\\\/2026\\\/03\\\/ef50eae4-24a4-4eec-a7a5-e5b6b44b9c26.png\",\"datePublished\":\"2023-04-28T17:51:40+00:00\",\"dateModified\":\"2026-03-05T15:46:20+00:00\",\"breadcrumb\":{\"@id\":\"https:\\\/\\\/velarogverkfaeri.is\\\/verkfaeralausnir\\\/handverkfaeri\\\/skroll-og-ataksmaelar\\\/product\\\/usag-skrall-3-4-237-d-3-4-515-u02370058\\\/#breadcrumb\"},\"inLanguage\":\"en-US\",\"potentialAction\":[{\"@type\":\"ReadAction\",\"target\":[\"https:\\\/\\\/velarogverkfaeri.is\\\/verkfaeralausnir\\\/handverkfaeri\\\/skroll-og-ataksmaelar\\\/product\\\/usag-skrall-3-4-237-d-3-4-515-u02370058\\\/\"]}]},{\"@type\":\"ImageObject\",\"inLanguage\":\"en-US\",\"@id\":\"https:\\\/\\\/velarogverkfaeri.is\\\/verkfaeralausnir\\\/handverkfaeri\\\/skroll-og-ataksmaelar\\\/product\\\/usag-skrall-3-4-237-d-3-4-515-u02370058\\\/#primaryimage\",\"url\":\"https:\\\/\\\/velarogverkfaeri.is\\\/wp-content\\\/uploads\\\/2026\\\/03\\\/ef50eae4-24a4-4eec-a7a5-e5b6b44b9c26.png\",\"contentUrl\":\"https:\\\/\\\/velarogverkfaeri.is\\\/wp-content\\\/uploads\\\/2026\\\/03\\\/ef50eae4-24a4-4eec-a7a5-e5b6b44b9c26.png\",\"width\":842,\"height\":267},{\"@type\":\"BreadcrumbList\",\"@id\":\"https:\\\/\\\/velarogverkfaeri.is\\\/verkfaeralausnir\\\/handverkfaeri\\\/skroll-og-ataksmaelar\\\/product\\\/usag-skrall-3-4-237-d-3-4-515-u02370058\\\/#breadcrumb\",\"itemListElement\":[{\"@type\":\"ListItem\",\"position\":1,\"name\":\"Home\",\"item\":\"https:\\\/\\\/velarogverkfaeri.is\\\/\"},{\"@type\":\"ListItem\",\"position\":2,\"name\":\"Vefverslun\",\"item\":\"https:\\\/\\\/velarogverkfaeri.is\\\/vefverslun\\\/\"},{\"@type\":\"ListItem\",\"position\":3,\"name\":\"USAG Skrall 3\\\/4&#8243; 237 D 3\\\/4.515 U02370058\"}]},{\"@type\":\"WebSite\",\"@id\":\"https:\\\/\\\/velarogverkfaeri.is\\\/en\\\/#website\",\"url\":\"https:\\\/\\\/velarogverkfaeri.is\\\/en\\\/\",\"name\":\"V\u00e9lar & Verkf\u00e6ri\",\"description\":\"Umbo\u00f0s- og heildverslun fr\u00e1 \u00e1rinu 1919\",\"publisher\":{\"@id\":\"https:\\\/\\\/velarogverkfaeri.is\\\/en\\\/#organization\"},\"potentialAction\":[{\"@type\":\"SearchAction\",\"target\":{\"@type\":\"EntryPoint\",\"urlTemplate\":\"https:\\\/\\\/velarogverkfaeri.is\\\/en\\\/?s={search_term_string}\"},\"query-input\":{\"@type\":\"PropertyValueSpecification\",\"valueRequired\":true,\"valueName\":\"search_term_string\"}}],\"inLanguage\":\"en-US\"},{\"@type\":\"Organization\",\"@id\":\"https:\\\/\\\/velarogverkfaeri.is\\\/en\\\/#organization\",\"name\":\"V\u00e9lar & Verkf\u00e6ri\",\"url\":\"https:\\\/\\\/velarogverkfaeri.is\\\/en\\\/\",\"logo\":{\"@type\":\"ImageObject\",\"inLanguage\":\"en-US\",\"@id\":\"https:\\\/\\\/velarogverkfaeri.is\\\/en\\\/#\\\/schema\\\/logo\\\/image\\\/\",\"url\":\"https:\\\/\\\/velarogverkfaeri.is\\\/wp-content\\\/uploads\\\/2021\\\/10\\\/vv_logo_350x100.png\",\"contentUrl\":\"https:\\\/\\\/velarogverkfaeri.is\\\/wp-content\\\/uploads\\\/2021\\\/10\\\/vv_logo_350x100.png\",\"width\":350,\"height\":100,\"caption\":\"V\u00e9lar & Verkf\u00e6ri\"},\"image\":{\"@id\":\"https:\\\/\\\/velarogverkfaeri.is\\\/en\\\/#\\\/schema\\\/logo\\\/image\\\/\"},\"sameAs\":[\"https:\\\/\\\/www.facebook.com\\\/VelarOgVerkfaeri\"]}]}<\/script>\n<!-- \/ Yoast SEO plugin. -->","yoast_head_json":{"title":"USAG Skrall 3\/4\" 237 D 3\/4.515 U02370058 - V\u00e9lar &amp; Verkf\u00e6ri","robots":{"index":"index","follow":"follow","max-snippet":"max-snippet:-1","max-image-preview":"max-image-preview:large","max-video-preview":"max-video-preview:-1"},"canonical":"https:\/\/velarogverkfaeri.is\/en\/verkfaeralausnir\/handverkfaeri\/skroll-og-ataksmaelar\/product\/usag-skrall-3-4-237-d-3-4-515-u02370058\/","og_locale":"en_US","og_type":"article","og_title":"USAG Skrall 3\/4\" 237 D 3\/4.515 U02370058 - V\u00e9lar &amp; Verkf\u00e6ri","og_description":"Tegund:&nbsp;U02370058","og_url":"https:\/\/velarogverkfaeri.is\/en\/verkfaeralausnir\/handverkfaeri\/skroll-og-ataksmaelar\/product\/usag-skrall-3-4-237-d-3-4-515-u02370058\/","og_site_name":"V\u00e9lar &amp; Verkf\u00e6ri","article_publisher":"https:\/\/www.facebook.com\/VelarOgVerkfaeri","article_modified_time":"2026-03-05T15:46:20+00:00","twitter_card":"summary_large_image","schema":{"@context":"https:\/\/schema.org","@graph":[{"@type":"WebPage","@id":"https:\/\/velarogverkfaeri.is\/verkfaeralausnir\/handverkfaeri\/skroll-og-ataksmaelar\/product\/usag-skrall-3-4-237-d-3-4-515-u02370058\/","url":"https:\/\/velarogverkfaeri.is\/verkfaeralausnir\/handverkfaeri\/skroll-og-ataksmaelar\/product\/usag-skrall-3-4-237-d-3-4-515-u02370058\/","name":"USAG Skrall 3\/4\" 237 D 3\/4.515 U02370058 - V\u00e9lar &amp; Verkf\u00e6ri","isPartOf":{"@id":"https:\/\/velarogverkfaeri.is\/en\/#website"},"primaryImageOfPage":{"@id":"https:\/\/velarogverkfaeri.is\/verkfaeralausnir\/handverkfaeri\/skroll-og-ataksmaelar\/product\/usag-skrall-3-4-237-d-3-4-515-u02370058\/#primaryimage"},"image":{"@id":"https:\/\/velarogverkfaeri.is\/verkfaeralausnir\/handverkfaeri\/skroll-og-ataksmaelar\/product\/usag-skrall-3-4-237-d-3-4-515-u02370058\/#primaryimage"},"thumbnailUrl":"https:\/\/velarogverkfaeri.is\/wp-content\/uploads\/2026\/03\/ef50eae4-24a4-4eec-a7a5-e5b6b44b9c26.png","datePublished":"2023-04-28T17:51:40+00:00","dateModified":"2026-03-05T15:46:20+00:00","breadcrumb":{"@id":"https:\/\/velarogverkfaeri.is\/verkfaeralausnir\/handverkfaeri\/skroll-og-ataksmaelar\/product\/usag-skrall-3-4-237-d-3-4-515-u02370058\/#breadcrumb"},"inLanguage":"en-US","potentialAction":[{"@type":"ReadAction","target":["https:\/\/velarogverkfaeri.is\/verkfaeralausnir\/handverkfaeri\/skroll-og-ataksmaelar\/product\/usag-skrall-3-4-237-d-3-4-515-u02370058\/"]}]},{"@type":"ImageObject","inLanguage":"en-US","@id":"https:\/\/velarogverkfaeri.is\/verkfaeralausnir\/handverkfaeri\/skroll-og-ataksmaelar\/product\/usag-skrall-3-4-237-d-3-4-515-u02370058\/#primaryimage","url":"https:\/\/velarogverkfaeri.is\/wp-content\/uploads\/2026\/03\/ef50eae4-24a4-4eec-a7a5-e5b6b44b9c26.png","contentUrl":"https:\/\/velarogverkfaeri.is\/wp-content\/uploads\/2026\/03\/ef50eae4-24a4-4eec-a7a5-e5b6b44b9c26.png","width":842,"height":267},{"@type":"BreadcrumbList","@id":"https:\/\/velarogverkfaeri.is\/verkfaeralausnir\/handverkfaeri\/skroll-og-ataksmaelar\/product\/usag-skrall-3-4-237-d-3-4-515-u02370058\/#breadcrumb","itemListElement":[{"@type":"ListItem","position":1,"name":"Home","item":"https:\/\/velarogverkfaeri.is\/"},{"@type":"ListItem","position":2,"name":"Vefverslun","item":"https:\/\/velarogverkfaeri.is\/vefverslun\/"},{"@type":"ListItem","position":3,"name":"USAG Skrall 3\/4&#8243; 237 D 3\/4.515 U02370058"}]},{"@type":"WebSite","@id":"https:\/\/velarogverkfaeri.is\/en\/#website","url":"https:\/\/velarogverkfaeri.is\/en\/","name":"V\u00e9lar & Verkf\u00e6ri","description":"Umbo\u00f0s- og heildverslun fr\u00e1 \u00e1rinu 1919","publisher":{"@id":"https:\/\/velarogverkfaeri.is\/en\/#organization"},"potentialAction":[{"@type":"SearchAction","target":{"@type":"EntryPoint","urlTemplate":"https:\/\/velarogverkfaeri.is\/en\/?s={search_term_string}"},"query-input":{"@type":"PropertyValueSpecification","valueRequired":true,"valueName":"search_term_string"}}],"inLanguage":"en-US"},{"@type":"Organization","@id":"https:\/\/velarogverkfaeri.is\/en\/#organization","name":"V\u00e9lar & Verkf\u00e6ri","url":"https:\/\/velarogverkfaeri.is\/en\/","logo":{"@type":"ImageObject","inLanguage":"en-US","@id":"https:\/\/velarogverkfaeri.is\/en\/#\/schema\/logo\/image\/","url":"https:\/\/velarogverkfaeri.is\/wp-content\/uploads\/2021\/10\/vv_logo_350x100.png","contentUrl":"https:\/\/velarogverkfaeri.is\/wp-content\/uploads\/2021\/10\/vv_logo_350x100.png","width":350,"height":100,"caption":"V\u00e9lar & Verkf\u00e6ri"},"image":{"@id":"https:\/\/velarogverkfaeri.is\/en\/#\/schema\/logo\/image\/"},"sameAs":["https:\/\/www.facebook.com\/VelarOgVerkfaeri"]}]}},"_links":{"self":[{"href":"https:\/\/velarogverkfaeri.is\/en\/wp-json\/wp\/v2\/product\/70447","targetHints":{"allow":["GET"]}}],"collection":[{"href":"https:\/\/velarogverkfaeri.is\/en\/wp-json\/wp\/v2\/product"}],"about":[{"href":"https:\/\/velarogverkfaeri.is\/en\/wp-json\/wp\/v2\/types\/product"}],"replies":[{"embeddable":true,"href":"https:\/\/velarogverkfaeri.is\/en\/wp-json\/wp\/v2\/comments?post=70447"}],"wp:featuredmedia":[{"embeddable":true,"href":"https:\/\/velarogverkfaeri.is\/en\/wp-json\/wp\/v2\/media\/81014"}],"wp:attachment":[{"href":"https:\/\/velarogverkfaeri.is\/en\/wp-json\/wp\/v2\/media?parent=70447"}],"wp:term":[{"taxonomy":"product_brand","embeddable":true,"href":"https:\/\/velarogverkfaeri.is\/en\/wp-json\/wp\/v2\/product_brand?post=70447"},{"taxonomy":"product_cat","embeddable":true,"href":"https:\/\/velarogverkfaeri.is\/en\/wp-json\/wp\/v2\/product_cat?post=70447"},{"taxonomy":"product_tag","embeddable":true,"href":"https:\/\/velarogverkfaeri.is\/en\/wp-json\/wp\/v2\/product_tag?post=70447"}],"curies":[{"name":"wp","href":"https:\/\/api.w.org\/{rel}","templated":true}]}}