{"id":70446,"date":"2023-04-28T17:49:01","date_gmt":"2023-04-28T17:49:01","guid":{"rendered":"https:\/\/velarogverkfaeri.is\/?post_type=product&#038;p=70446"},"modified":"2026-03-05T15:30:49","modified_gmt":"2026-03-05T15:30:49","slug":"usag-skrall-1-4-med-gir-u02370003","status":"publish","type":"product","link":"https:\/\/velarogverkfaeri.is\/en\/verkfaeralausnir\/handverkfaeri\/skralllyklar\/product\/usag-skrall-1-4-med-gir-u02370003\/","title":{"rendered":"USAG Skrall 1\/4&#8243; me\u00f0 g\u00edr U02370003"},"content":{"rendered":"<p><img decoding=\"async\" src=\"data:image\/png;base64,iVBORw0KGgoAAAANSUhEUgAAAdoAAACBCAYAAABn2nsvAAAAAXNSR0IArs4c6QAAAARnQU1BAACxjwv8YQUAAAAJcEhZcwAADsMAAA7DAcdvqGQAACncSURBVHhe7Z3fa1zJte\/XzYRk8IDZ2EIYqQ2N1b7IHCF80o2R4SA0b90wD\/abExos57zqcR71EBj9BWM\/2yLuhwkxM8YP7o5vSIwg4z52C3yFiI1Pe25jtRwh2k7jnHHCOUN816qqvXft3Xv3T21bsr8fZo97\/6paterHqlVVW\/W\/3jAEAAAAgET4kfkXAAAAAAkAQwsAAAAkCAwtAAAAkCAwtAAAAECCwNACAAAACQJDCwAAACQIDC0AAACQIDC0AAAAQILA0AIAAAAJAkMLAAAAJAgMLQAAAJAgMLQAAABAgnz0K8b83pfUSit09dYaPftknmYnzEVqUuXKl\/TVnTVaW+Nj4zWdOJOhw+ZuNDUqlZ7TrB\/IHhAOk89XrtJGQNZ3g9LbxiGa7ymI1mX1o1Fk1um+9cyKb7tCpT99TLMnTa7w+ZUvK\/Ry6gxlumfUcKyXaOXqLVqzZXCvcRnZ+P4EnXFl6RNd9p7RoflZ6qaa\/nV9UJD8\/JqeD5NXns436HVSeb2HNMtX6MvfvYxuP1SZ\/YruD1F24omoK\/sBk9Y7fbenQ5J0O7BP2d8eLVfaSsOh3KVlKmbNNaZWWqWak6fl5WV1LE7VafVKhU1GF9YfU8P83DOSCPMgss2Hw\/8dPabPmeZGndrmd\/Jw41VukJNdpOVizrpGlFdlZJEyT29SReTsGylNkqgx8lMFuiM6b6v6ury8RPlJc\/mA44ynzK89IKKuvHPE+F2rkVPQ7enyUp72MMWA2b+GVjKfG890IVRh+Xq1kaa816ASpQpzlG7X6O66uRBBc3fvm\/0kwjyQTOaouLRMSwW\/eu68eFu6EY+8Qo10PhA\/bbeonZ4mXUpSNDNF1NpRJ32SolxxCY3OIIjO2YqMvScGlia5TLHhsTv5IxNRV945O5xvTo4W9jKdIMDI+9Hu7u5SuVymra0tOn78OBUKBRofHzd3h0UaT+O1WgZVkKGe1acZWgw1gDJ8V6HO5wV1z3Y9uVF2nwveE+\/ZNuwyzMONuDkjLoxuvNFhknqesjlqr9eMRxcOU6PS8WKOJa6YcLjzsLxALUm3sVFp7mH6lTxeFoUM2XHHRJOmdLrBz1r6ML1W1\/z5YWtdt84GG5ROPev42+w1eo2EilO8Ri23DsPknWVnxdNcmt3k+OuUyTpUW\/flzLPSInIsmFYrv8IoOdediHAkjMc0ra6LTDeJzgfzwc2DxaNVDsNVuh+Xez9OhypdrItw2dMytUP559NZVnV6yTwv96tHF2nuxapXxty4wrhxaayypmRt0VyBqGKVC1tPHWVYUOVqjO6uVGnMKrfBeCLyLVD+BP+ZYDx2fZB0czyFDNXLWq+2zlScfZdBiStUbuw60qEPLcfMRigOkw6t7x0tn5FX50ueMk8rXvkO5EuofLgEy0GwvrllzG8HmNjyHkpfuKx6+ROhx5g4wu\/5+PnUM90huYL3gu2Bk04TNdqUscqWJtRuuHnn5tulMap6urXLX8x75jSuzgqBctlRVqLfGZaR52hv3LihjKzw6tUrZXhPnz6tzoelWf413f5\/\/yBq1\/UcLB\/uHO2r+n16+OZ\/02eh+Y3nG2vEzXjkvMfE7Dyd+H6DHv50gT2UC94zStFtVvDnv6TP5udp\/pMn9NVv10jPLfmV+vN\/\/4zm+f6hJ1\/RjTU9fzEdGeZz2lirU+PvE3TBhHno2R1ae9g556HS8WiTfuAKt3RBwlqjG7+p0k8+1efznzyjW+UNMz\/YXZbDUjB++2c6xpVLvTv\/37Rxq869VKMPU3BkaEjfP0QbV905uFdUv\/+QXh8PztEePvkjenZng\/7LnUtZ\/wPdqrfpH3\/\/sZeW2h9uUWvqHJ07SVYYhylzRtK9xve0vGp+6291uv\/wO\/rup2y4RF\/zJ+j1xl1ae9I5V1UrXVUNkZaVn1u7ET2HzOn69e3v6B9cJeqmnPhztBM0O\/WcvlbzTizbv1ygX\/wsOCnk5kFj4oLR6yF6dqvizbGr+39Pxehwnibq39KTkxniTPfKnm64xPBzQxKW19BZVnW5oZM6Xrm\/+eihVzbmp17T\/dvfds5rSfq\/PeKVNVV+\/89znT9K33+mzR9i9M0G5WqdDYz37jNaa7kGR+Rp0qF\/1fHZabqgnt2gq1+beIwoXMmUnBsPf0IL6jk9r929jkk8m\/Tnll9fPJUwg5XBJ93rSIc+dJgqj\/96hE7LM8rIytD356asBPWg86VFEz\/\/nH75mdaZKltKPm7wf32b\/unWX6Xvh6o++0ZWCNa3cDugdHh3jZ50rPPobAPm\/2eDKm8y9PGfQvnDYaz99isvjG5x\/Bvrwct7N49UPr6kI32lOyzXCXr5u1WvvtZKX9LaP\/z8n9heo+pfuLiYsF1Um\/\/XGV+GyTY9+dsElyGTbw27Tb1FFbMmQt779ohbf3We\/37bzKl3qbPPQ+XyxIsKrf7HjzjMf6p8fPkvvp4nXj2hVxMTI81Zjzx07BpZl\/D54MgQMPclpMdl5mCXC2lqcGXvb45NMn6FVsxxpRw3c1ujxzL\/e97q\/WQXKOdwo73B78j8K\/dyzlk9mdynOXLY+G\/2kCN91g8zd4p7cO0WRY5acvjucE1q3OH\/p2narZTHxrhP2aaWxNVDFjUfyvryK3SOpjlal6j7Eq9KZyzHaMzVBVN7JMP4eUp7adH6y8wO0tNjfbPcGhnO5TRzeGEpckW7cUqxHPzYbqestT9Kr1N6t6acLLN8Da5cbp6boT+5F9sjDehV663xqGbOfZQOrfwSUqyPgN\/BDXXYuxYj5ZbFlZUSa61P7PyanKGMlRcekj679y5lJlDW4vXd\/7RHkzafinduebBST7gB7FUPetYxg11fggxQBvuqr7Y+QkijrIxs2NMKkWbP0L2fnebSx3VUCbNDrX5VGsYuVyqvI8q7Wg+SZo\/c0lQ2z7JE5A+Xi7lwOe4njm7EpbtD7ynKn+X2WsXdmf+p2QznQgx22Z3MUc7Lh2AYqk1tPFZ1KVVYCtTtY0e51XyhQ4mvsxFyyfSjCVNwwxBS2VxM+eyfkQ2tDBfbhM8HRs3zcONpD52EK2dE4+yTo6LX8HZpYFU8YUyjzkqObIgmjfHz8+Ct0EuWXvOh6j4bIL\/BX1HDRXZh6kQ3zO2nm6xrKZjSCRBD1KDHMheuKliGZro1SiMgnpAra8fwpqKpGrZAA8O\/FrKuzMMhFTWqfCkdOmPxFU70q4YcxQj5SEPglsXl8HBr3\/jlsgMxEG6+WsNdvRC51CJC910xMrZB9NAGpFE2z6lDhur6qAc96lhv+i+DI9XXdo1WRXe2MRkYaXfyRJ6eWEeO3bkdDZW+yIV50QY+rhzvNUou0Z9XNviQoXmJOzL\/o1H1RIb1TRjxDhJjOyGM3Zm1h8Fj66ySq021a5bM7JU3VJjcUVhaVsPs+nq\/Dl53Rja0MifrGld3jnYkdrpnjuoR2T0fhVRCbnRPDdCMqUoYRjfesiJQe5ghVAY5NPaWFwyOKouqdPYIgXtEzgP5eLqWBs0sLJLepPRWxbtwpmYiGuZRkTkXPUfpypm3vHOfETyILsRVzp4Nl+j3EmtofZVKXRblDYdfLgPIUKfMX7n5yfFHlJRo2EDflLlJ993YVcLiVUqHxn3OP3oakR51rB\/6LYMj1RH2ehbDoyFDUCvpeXZPRz3q1yCo9HW0e4LOnzA9O4Z7hJJL6c9Ktxz2SEu\/ZIvm\/Tw53eqRshF60Z10yNU6ChPvIne0XWLrrCqX7NGq1fH24dcBGVVT1woOG+QBRqJiGNnQysKnixcvKqHk35EXQinvtUFVu8Cv3+UetBk2UcMiDaqU\/KQ3y1U1fGEPEfRGesbcq\/nG+ixIxWOGomR4hHtqNy051FBlgl5cLD1k0UMpVb\/nxY1o1fICVWNl3xe2m\/FGw0UNMbGuuYfqdWJEFg6r6uppzxEDaoetO1GdaO+1cc\/+rEtPO8QPRUZgN15Gb1EdNt3g2yvbuUPADWtAhzKU28c0R0cDIEbE\/PQI3LfKpYXyJryV1Xw+yCdVkresr4AnEtl7115lUM8cF5ef3vSoY\/3Qbxkcub6yRzpiR0l1AAKePx9WOzUSkj4uJXa7WCuJATD5U7aMQZdyvOcYvQe\/+OC2RcqRyjvOf84HFz3dE8E6d5zMT43dQbJHJbje3ZPESbk3o1peOvUwukt8nTXl0pJLcMt0jWUJEDmSMBg\/Nv\/uI8R1X1QrybicGoKrHHPFRbXKVdx9hfSoevSglNKvyXAAv2Oel14LSY9oxVWs9HLcXo0MBcltjsfNqFA8nWGOmTt7TQ9ZuCe4uHuFVq+t6MLK9\/JshCov5IQRA3BJFgZwxTeXyHEoPXWOil0HIHQlrq07\/tyxKqQVtZCgWwMmjU6lbOQVb+9Tfb03YkCrflo473MyHKx+B1HDn7JQxy8oyvMaaLiOG4Iqv29KUvz7yoi2aEUa0rK+5KRzNBY2TNIrJ\/E0V6iejV6tmCqcoxyXX6\/ccTjSuWzpM0OdbrJcOt12ufRR80pc9tx64GRzrK1gKHHIt+its9xjt9KqFi5x45MvmguGKD07Tpoy54s9h1q717F+6LcM9q6vPVH1hHQ9eSSrcs31fpAh\/Htj7NkV\/fjk2jXp4HJ97Du9cUhHoMXhWelLc7vIv1X+kM6fnuV4z3H17tcLyWMnO0dLk5xu1n\/LKqNqjp07SWFqu9xx4mdc+WWlb1F0puoX1\/97VvjSnpjRApkP9uskl60sOx12uxdTZ91y6dkQxuHyMrfEHf17VX7ek4TLq5WnQzLy5z0AHFTUatqIT8XeNcrgBT7\/2WtkeH6V6lOdn2GI8X07DfR7hlqx7H5mZJBrYnz3Wfk6UKjOSj3ic6CDBQwt+GD5cA2toD\/LsIes354X9H6iP4Oyxl4G9ahBJzC0AAAAAOjF\/v0TjAAAAMB7AAwtAAAAkCAwtAAAAECCwNACAAAACQJDCwAAACQIDC0AAACQIDC0AAAAQILA0AIAAAAJAkMLAAAAJAgMLQAAAJAgMLQAAABAguxLQyt\/VD2wp6McgX0d5Q+ih699uMgfM38rutiuUMnaD\/NA0CGzLjt7vzl7f+g9RPthdDm7xaXq2FsqM1ci97kF4MNh\/3q0suegt\/O97GHIFdZtMKXSysb+R0fdjhcMwkAbi+8T9pfMcZvYJ8HbjAsA0I0DMnQsm4E71H66ScrUTuaouLQcuak2SI6dFwfNzO4zmbdbb8\/ov824AABdGXmbvN3dXSqXy7S1tUXHjx+nQqFA4+Pj5u5wRO3HGdw7NLhJtbr3Yo7fqFDF7cVbu\/BL7z6896Ygu\/jbxlrirR7NU+ZphWrSSnlhBN\/X75GSoeaE9g0NbAAd9Z6OLy4ulXZP0LS\/kbQK10+BvXeom\/6AHILay7HmNbgq\/vG7HE6bcoH9He2NwE26vJdkT80Z2rSvMX5aBkijCmuM7nrPOyE5fMJ7e9rp7QiXsePV6DR1yryj5KVsjtrrrm5CcoT0FrlPq3qmRXOiL5UvbhihsuaWoVD+2XkbTGswnKHk7BKXiypnfCXXrsXoMD5fw\/eCdS2odyedJmq0D\/x+ogCMhBjaUVhdXX3zxRdfeIecj8qD6xzW9QfmjGmW31zmsK\/XzPmbrTfly\/751u3LKm7vfuh5Ce\/y7S19woTPXVS8X1x+U26aC4oHb65zWP7zVty16\/z8dX7CxZary3tMZFwd4T1488ALy7qu0uefq\/Tb+lLo+Ox0btUe8FUTt\/28xHu5rO6psMxvRZNlMDJ26m2wNIbPO+Iy6PwMp7eL7pTewvmmiZPZjleF5553lDV5PiJs81xY7xKW\/25QH+F8EzrSKu\/clrMR5YyIy6a7Dnvna1waAzIyOn3ReQPAh8LIQ8fiydqEz4emUfEXQqkd9iO8Chv2lhbc+5MzlHGI2rsy0Nykltvl74c0e8Z2z3v9MTU47HNebz5F+bNpajyqsbexQDmnQVVv7niT6u00TSuvost7LuG4FG1qeQtH2ONQacpR0fZIJsfYt7Gfi6f9Ysf8YgnYOxJpcp\/myGk8Zr9EYA\/kXoOcqRl1T9FukffWJMsQ54kMmMZjR2ViPUMz5jw1LplkxaVo0ubTNntndnrzNCeOUZzustPss7E+ggF1JX1WRkY0uVMcuJFDzemyh+aXNV2u6hv2gioX9jBZlza5ol1OUzTmlcModFodKUfmitJhwT\/bGzljiNNhj3yNT6PMC7NOzvsyp2YzrCUAPmxGNrQyXGwTPh8aGY6ShVAFblxGghuJpUXKPF31DHelbTci3WnuspVu12jVNfpyyLAcN3hNDntmyp87rv2xxo3ftGo0u78XQ7ZIy5cyVL9mno9aaa0Oa9guFkn3shpO1+9YKz9VR8R0EEznYM7oI1VYYp0TVUxc3gK0CIZKY092IjtGykiPFG5\/qDldu5PHhwzr2h2WXsiwrPuuPw0QhU6rM95fWbTZCznj6CdfI9OIeWEAIhnZ0MqcrGtc3TnaPYWNTz7dpto3laEb2Wb5ppp\/9FYxq3ne\/lBeF\/fuF70V0MEwUoU5SrfrtLltevPGw+n1XizsvS2pZxcp1zYrrdUnElUaY69eh5Nn76M\/xPtQ7xQcql1zP\/fQHkp7\/S6VuHOgPHN13SAG38TjrK\/GfmIydBq7ckx5SGGUYXHGRgi3P5RBdzt59hGe\/45E5idl\/tgva\/muGaXTGu\/xxjOanN3pnq+DphEAMLKhlYVPFy9eVBVO\/h11IVQUuSIbHTYRq0N+9yfDV8QGw+udy3GlT8MtQ2rcu78bMDZNalrDu9PcEah\/U6WGNSza+70I2FjXQveVt7PDnoIdtgztmZ\/dqK2H9MWGyvsgygx7Nxq+N6vgd4JvOTQW9xXVMGnsiR4laJStb0C5o1HlBKdPjW5EeqGGOhvV4Hef25wm87M74qE6lJl19dnrExszIsIdHjut\/XyrPJqcPeiar13SqEZKuFMsnTeDGuUxvwH4UPnoV4z5vW94vrFGdcrQ\/OyEuXKYMpOvaePuGt3ZeE0nzozT7v2H9Pr4PMkjr+r36eFfj9DpMxl+UnhFdb7\/8shpOnPyCZW+fEanl5fowvw8zavjED27s0aNT\/T7Lp3xChM0y89vXL1Kt9bWaE0dbKA++hGHrZ+bOPqa7le\/o2Of\/pL+zXu1+3tRcTX\/8w\/0+9\/eojvq2Yf0\/Bh7t3m+P3GEXt+\/TbdZZhXODxk27y+JTp2hDCdYpf\/vqZDcNdr4ukpf3bmj36lzl+Dnv6CfaQUxh+njFxv08Ken6YL1Xu3\/fk3V39wxMvBL2Qv0C\/PSxP884+t3dXjPDnF8uYHS2JFPf9lQcmXmZ1lbPodPnqET36\/RDZZDhfnwOR2zVv526u45bUhAJ4P5KXTKTJ3P2nIcztCZqZdUufaV0QEfjQa1X3B+nvSUR\/S3Ot1\/+JKO\/KvOA80EHfn+Pt2+beRe+4EyLPNLmmZ98EOHP6aXGyyLyscNej11hn72szN06NktqtwycT18Tc6EQ0dOEjVGkTMiLl\/OXjrsVnZzXdKYoswZrlu3Kt57P5zNk1Nv0qGAngD4sBj58559j\/oEgpuUjs8iWjQX+uThw0LmfGU4Gp9dAABAkrz\/hlbo47vCDwvzrWP4G2AAAAB7zodhaAEAAIB3xAH5E4wAAADAwQSGFgAAAEgQGFoAAAAgQWBoAQAAgASBoQUAAAASBIYWAAAASBAYWgAAACBBYGgBAACABIGhBQAAABIEhhYAAABIEBhaAAAAIEH29d86rpVWqBLYz9Oh3Ie+24xskHBvjBZH2lx9D4jaFWlAaqUSUTG4uUOzXKLN2SJ2FAIAvDfsT49WGvEVNrKUVxvKe0fBodo1a0NwcICJ2hS9SZtPsU04AOD9Yh8a2iZVvqlROx2xhVu2yAb3Q97e7j1iu0WdJnWHWrCzAID3jJGHjnd3d6lcLtPW1hYdP36cCoUCjY+Pm7tDMMCQZLN8hVbX\/ZY5XVimYlb\/lmHn6tE8ZZ5WqCaPODlaXBqjuysV0o6UNQztbgR\/aYyq19jIq\/v2nrVm\/1Y3KhWWO3Qbd6\/bOxol\/4s59tsreojceiYwbG6\/2zF0LBu4u2niR7OLtFRwY+kig0qzm9bge0G9xuzd6+ZTIUP1cqfOlPwyIuF1lrScJHlEEfsDB3QvhPPHumd1wjp0KER10gAA4B3x0a8Y83sobty4oYys8OrVK2V4T58+rc6H4j+rdKf+Mc1+NksT5lIU2hg43LAv0YX5eZqfek1rv\/2KnnwyT7P84vONNdp81KKJn39Ov\/xsng49+Ypu3GqxAdfnJ76\/T7e\/fUknzmTo8N\/qdP\/hn2mzMUEXPv8lfcbhHXp2iyobh2ieA2uWf03fHrlAn\/\/7ZzQv9zis32+foDMnD6t7t\/86Q4vmvfnJNj352wT980\/R1ycOmwQwr+r36eGjTfrh7DItXeBnRBa+roxUm42ieffEiwqt\/sePlCz0lw1aax6i0+pZbbzabCS1bCfo5e9WqfqR1kG83K+o8uvb9PJf3PfmaeLVE3o1MUGvwnr9ZIOufv1c60mLrVE6+46+a4V0tvZaPftfrH82w1pmxXPaWKsTnWTZsrMqvzYe\/oQWVDyc14czdGb+ED1bc\/PoDGUkQmNkHTbQSkecxtdrN+irJzpvOnQo4d5d88oBAAC8a0YeOnaNrEv4PBn0XF66YHlak3maSxM1HlkzuGn2dIxXfOyow05ShmbMeWqcz9st2tGnDHtQ532PM3dKAnus5oNThSXLS9RhtV\/4bwbCmcxRzvXE467bsJe5YLxwjcxdBmVJFeYobWQJsP6YGvz+OU+2FOXPpj0d9JLb\/p3K5vjtCL1mF\/h3nTa3zXmAkM4+zZHTjnt2OJobdTWN4I5UuGl080Zh63ByhjKStbtNcwEAAN4tIxtaGS62CZ8PzLExbr7b1OraWEfP5SljysZtT5rYkBziQa+srKjDHq4WY7ZcIKqYe1fKOva46z1Rc5dtql3T7+lDhoY7ddLcZTnaNVr1nuNDhmQtHUTLzcZqaVkNt+p7V6iiwtZ6bZSt8FZk6JnjtvoVb5OdF1EZ3U8ZAQCA\/cHIhlbmZF3j6s7RjoTySNjQ\/LHDf7M4RmNsU8OoRtkZ8zyskdgRg+fQGHuhMpQr84Du6ufFbChytUhL7uXJWV+l0nqP692YFCMi85NmpbV3dM5ZK69c5l0Dz\/FhzfN2kztXNM97q7m1XmWu2wvLHL5H2QVLZ3uF6jyFSSAeAABIipENrSx8unjxomqM5d+RFkIp2Ns6nyOnwd5WKWhslXd2pcLeWopmphz2vKxPfbYrVGVnLn1q2EUwttfWpMo9CWyacvxbvDw\/3NAnKOu10JAuG4Bj\/E\/c9Z7kaDrd2dFobkd4xNlpSrNHezdgwJv8rP63m9w1li8Ad1COuXq9Jzr2iYxbEaeziNEFGeY2PwchNZtRZcHvpATjAQCA\/c4+\/oMVoRWzgnhv52fY60spj00viPIfCK86tle9qmefZoKrd8ukV8maFbTEnnTbDc5euaqedc0Ee5vsGdZeTKv7NQ63yjK4r7mrd+Ou23TIZKHktyyTw2mf4+dyPVYdi3xOdo7jYtlj5SbWbVUNCXv3rFXeYb06Tpoy50N\/RELprEVOukENLwprVXM4\/9I5ynGnoHXWzSP7vh+\/nW4vP3utOg7oUIdbn+rUNwAAvAv29V+GemsYQzvKXzkCAAAAotiHf7ACAAAAeH+ARwsAAAAkCDxaAAAAIEFgaAEAAIAEgaEFAAAAEgSGFgAAAEgQGFoAAAAgQWBoAQAAgASBoQUAAAASBIYWAAAASBAYWgAAACBBYGgBAACABNmHf4IxYtcewd5Nx92xJnAtSTi+ElFxxLj0zjRpvWOQuRaN1oG\/080ovG1dAQAAsNm3Hq1sK+dvPL5Iuba1P63styp7nh\/ta4PX0RlyL9UgsjOrCC37vr5F3rauAAAABDggQ8d6Q3JqPNabqU\/mqLi0\/Nb2G23uht3rYUhRrrhEyxF7zybKW9YVAACAICMPHe\/u7lK5XKatrS06fvw4FQoFGh8fN3eHIXrj7uAG372HVtXzL+YoTxWzkbgM2S5QyxqWtjeKD26S7t8Lb8BuD2EH7tmbnptN0ecKRBUVpt7YfGZDy+QN4cbE6eogMn3hTdAN8u7CbijNSqYZ2rTDcmW7NEZVL5x+hrMBAAAMw8gerWtkBflXzveeGt1db1P67IDeYKNCj0\/p4efFbJsqK9rgqOHoQpoa5ZL2kGUek8XOu0PVl3LUNvdyRXmXvWkxsHLPNrJtNmTmncWpOq26Q9uKBlUeTet3lqM2lI+PMx42wN\/UyGGjqsNdpJyIZncYrDTHe88s2zdE50zc+TSfB2QHAACwV4xsaF0j6xI+H5b2+iqtrKyYo0Lt7GKnd2cQ79V\/1jJW7NEtmHdS42yR2HObdsM4NsZ+ZptaMofJvlzR9ugm7XtR1Ohxg73U874hSxXmKO0ObSv4\/qfdfMRB4xR2qNVrFNtKczxB2XOn0v6wPAAAgD1lZEMrw8U24fNhCS6GWqZzdDNoRC1ShSXr2WGHQGV1rm\/Y7dHiDrZbbBLbVLvmPu++08tQhhkgToUY5zxR2X1nlWpOPrYD0jeBTgcAAIC9ZGRDK3OyrnF152iTQHmMbIoer5sLe4nMW65UaeySa6zzHFcXlPcp867u8+4RNUQcw6BxGmqlCivdinMvPtnZkY6DQ2P9yg4AAKBvRja0svDp4sWLqtGXf0dbCBVPs1xlM2sN\/e4lYmicDM24hqbn5zw5mk6zR\/vHoH\/d3JZPePpk4Dg1Mszb8Dxacww8v8re6475KfO+9zjm9PSQIwEAAAC6MbKhTYrgHO0Kra47ya2MzS5wuDVadeN7NKYWGbmkZjPkNCr63pUKmyY2eMVltbrXlvHmN5v9z3P2iDMS8YLvjXkLsNRxKceyVaky0LCvQ+17rtx6+Bl\/zAIAAJJhH\/5lKBCL+hxIVipbHQ65Jsa33+9z1ec9dcpcGmCYGwAAwNDA0B4w1PfB69bSY\/v73X6AoQUAgLcKDC0AAACQIPt2jhYAAAB4H4ChBQAAABIEhhYAAABIEBhaAAAAIEFgaAEAAIAEgaEFAAAAEgSGFgAAAEgQGFoAAAAgQWBoAQAAgASBoQUAAAASBIYWAAAASJCPfsWY3\/uGWmmFrt5ao7U163h2iOZnJ8wTfbBdodKfPqbZk4fNhV7UqFR6TrNWHFqOZ3RofpYGiLkrsinAl797SSfOZKhfyYZGNhD4skIvp85Q5nCTKle+pOpH8zSIGveeTj0nB8e1cpVucfnZ+P4Enem7LLxbkih37zcmn00b0auOqfu\/uU+vI+pF8J5+vlYq0fNZ5AUYnv3r0abz\/p6ry3lKN9holPvfWL25USdrj5vedGy8LnE5\/N8YHdMXwF7Q5wb3e0GtVKF2dlGVoaVC3\/sbvWNQ7gZG9mIWlR0dRGMOjcXuXmXfq9Hjt1VgwXvLARk6ztFC1qH2003VDPXDzouBzCw1d8PPpyhXXKLlQbagAz3p1HNSNKnFUTnjBy33UO4GZjJHxaX+O1OpAuvX3tPZouPedmuwDjsAEYy8Td7u7i6Vy2Xa2tqi48ePU6FQoPHxcXN3OGTorELs0Rb9qqD2YX2asfZeleGiiu8defuyylDQKtWs2uGwV6Mqodo43e+epgvLVMya+Oxeq3jTHLeK88WckUPiq9JYIUP1cs1UPody1r6uHeEIof1i3XTknBrV3GdNfJpQuqx7rjx51o4XT+DdYNqddJqo0TZ7z+p7rbM6zQq1N62bFl8fQUL6VOkZo7sso3iLduNm59FOQBdptVk9JyxSz0JAd5bOOtMsYS1Qy5KpU+6QDhn3GRWetZ+v\/a7IUD2ap8zTig47oNshZIkpb+51+1ktF3cpOa9mNnQ8Km6VRy2aKxBVTFjy3sKulQ5PTp1X9SkrXwL7D3eWYVU3xu\/6csbubxxfLoWgXu160aM8e+\/oMmLuRJQ5LVOwjrnvBMu2CpfLYX6qTpUOHTGi\/3tjJsxQvbDvhfJP4pvLtqm67liyCjqNZOc9ADZiaEdhdXX1zRdffOEdcj4qD65zWNcfmDOmWX5zmcO+XjPnbx68uc7nl29vmXPzzuXyG\/eKnNv39TvX+f8GFaZ\/vnX7cjBOJnhNxxmOwzuvXQ\/c6zg3qDDttITSJmH66dx6U77sn\/fzrh2nfv7ym3JTnQXCitap+6yPCsNOR\/PBmwfyjKTP1qf9fsS9B3YaQnqOlNs8E05z+LwzLpdQehn9brgM+M8oOSJ04DKYLN3LW+DZ0D0VrqsjI2PsuYrHlUGnOVDu1fNumsJlOHwe8b6hd7m00ib3b8uZDj8QXq2sZOl4R\/Rh5FD3+ixzulxFyWPHG5LDiiv8bvAeE84387ydpkB+ARDByEPH4snahM+HplGhlZUVfageudVblHk+7uWes7yp3Kc5ctp12pT5mkhyVLR7oZNj3O9uUyv2+WjSZ\/3efu4Ue4ztFu3w74GGRFn2BTctkzOUcTiYXT0onivaveIUjVn3FLHvylwSexLnfflSsxlOYzRqDpt7+X5cOtz6RsTgvEmjYjJHOfFUsgvslTfoMXthQrNc5TzJ0Iw3t2Xrlt\/x4gkTIXdhjtKNx3zHYKU5NS4pStO0G96xfvOxSZtP2+wN2mUgT3Pi9D\/yYuKg2WP10hBB37L0KG\/ZIuXTDaqU2Dv+pkaOLVcHrB8u3woVDsd6yn36WGcZ6YFfhvW7ztSMOTfl7YWX2x7x5VLr1ZHyoG8yKcoX+EzNx7MXaA\/pZvNqdKUjL9T7Vv2NKnOKPstVoH2QPBts6ikeTtvZtBVWje6y1+znBwCdjGxoZbjYJnw+NDLUIwuhCtwShog0am5D1tlGWMgQjzHeoaHFUZG5ncWpOq264ZfbAeMxCDI85nYyAkOt3RhwLknNYdudGT5kGC\/cyKo5Kxm2NM\/4C9JSNDPlUONehRsc03C6DTgbkeVLGapfM2GXLEMWRsndppr7rDokb\/oxnoOwo+Zswxw7KhajtQcNcBTdy1uuKIv8avyU1Xnax0SXS63XqLlwVU8jF3XpdxplP7yVFRkq1vU3tswNUq6SJDtN6bYYWP5tOv0HIf\/Au2NkQytzsq5xdedo9xTV8+eG+Btp0DXakwihGmyHxuIWHspclcxPsWfsrWQ2t\/YEDv+mzE96K6X9udv+kfkimSfUK2XlyO+pkD7KwLidGfuw5t08pIFT9\/PkrK9SyXixyvOUBqd0t9NYsLe4pN5ZpFy7y4px1UGSOT1LBnUMo79uaO8tjOpwsDEYpkPUlT7Km6yKbqTZK2Pt3RxgRf3bp1u5jPeoVT21PVMP\/Y7MNfv5rQ\/Pa44pc32XqxB7m8\/aQ27cK1HpHvvs1igXAFGMbGhl4dPFixdVpZB\/R10IFUWuyJWKG6NVtwdrepR241T7Y43agaHLEDtsiO37e\/2ZiQzjioxeD12OK1QZyCuTnr5DmVm32g7waYEaRuYOCevBRenE\/A6jhpUb1aB82+KbhlgXj8vG7syYBqcRamy2+Z1QuuNX\/+ZoWjpSltxCk2XZW4wHXi756WFjWGX9JjLs16u8rZeo0s7RInu1+fMyzHpzwLISRefQ78CfuUXSrVxqvbbXpbNlYL2WpG5KPeVUV+16WhL926MhPl6ex5W5QcqVbeATyGfdyWxw6uDNgt782Py7z0mpxqh+rUIrV1pqRWBxWRaxrtKK29N1gqslZf60Ujb31YrDBcrdW2VDaKqweBJsmFyU4ZHwZfWgCWsQaiW9cnHZqnRqhSQbkHyUlxiJVNoqrV5bMQ1NmnIyt6R+94J1xDK3WH6VBiZdkKHJqvrdgXgGl2RFKncIzCVyHEpPnaOiNadW261SlcPTIfIj2UUqWp0Zpbf1lj9PyTR3HnPj6r+j9G\/uR+lZ5v84Mz25BYfvzS2lIoYdh0cN79MV1RlyYwqsEt5LZM4xprz5K4yLurxyXpzL8rVrV4hk1bF6ajhkOPqxVQacbI5LUV39Hp7u5VL0mn\/BOvX0yuUoO8ZGNEfFSy0uY1Y9Tacpz79VXoge+B0Xx0lT5nyRxmLKXJM7K3HlqgP2uB9b+azCGCafVQd21aTNXk0tHcQKtY+689sAxDPy5z1A0J8IBD6rMNfE+CbSkO8T9Ccxwc98AHjvkakB+ewq8JkPANHA0O4Zoe8FmcS8pX2C9szC3xQC8L6j63r4O3IA4oChBQAAABLkgPwJRgAAAOBgAkMLAAAAJAgMLQAAAJAgMLQAAABAgsDQAgAAAAkCQwsAAAAkCAwtAAAAkCAwtAAAAEBiEP1\/WBGXVl5P9owAAAAASUVORK5CYII=\" alt=\"\"><\/p>","protected":false},"excerpt":{"rendered":"<p>Tegund:&nbsp;U02370003<\/p>","protected":false},"featured_media":81001,"comment_status":"closed","ping_status":"closed","template":"","meta":[],"product_brand":[],"product_cat":[588,780,515],"product_tag":[],"class_list":{"0":"post-70446","1":"product","2":"type-product","3":"status-publish","4":"has-post-thumbnail","6":"product_cat-handverkfaeri","7":"product_cat-skralllyklar","8":"product_cat-verkfaeralausnir","10":"first","11":"instock","12":"taxable","13":"shipping-taxable","14":"purchasable","15":"product-type-simple"},"yoast_head":"<!-- This site is optimized with the Yoast SEO plugin v27.3 - https:\/\/yoast.com\/product\/yoast-seo-wordpress\/ -->\n<title>USAG Skrall 1\/4&quot; me\u00f0 g\u00edr U02370003 - V\u00e9lar &amp; Verkf\u00e6ri<\/title>\n<meta name=\"robots\" content=\"index, follow, max-snippet:-1, max-image-preview:large, max-video-preview:-1\" \/>\n<link rel=\"canonical\" href=\"https:\/\/velarogverkfaeri.is\/en\/verkfaeralausnir\/handverkfaeri\/skralllyklar\/product\/usag-skrall-1-4-med-gir-u02370003\/\" \/>\n<meta property=\"og:locale\" content=\"en_US\" \/>\n<meta property=\"og:type\" content=\"article\" \/>\n<meta property=\"og:title\" content=\"USAG Skrall 1\/4&quot; me\u00f0 g\u00edr U02370003 - V\u00e9lar &amp; Verkf\u00e6ri\" \/>\n<meta property=\"og:description\" content=\"Tegund:&nbsp;U02370003\" \/>\n<meta property=\"og:url\" content=\"https:\/\/velarogverkfaeri.is\/en\/verkfaeralausnir\/handverkfaeri\/skralllyklar\/product\/usag-skrall-1-4-med-gir-u02370003\/\" \/>\n<meta property=\"og:site_name\" content=\"V\u00e9lar &amp; Verkf\u00e6ri\" \/>\n<meta property=\"article:publisher\" content=\"https:\/\/www.facebook.com\/VelarOgVerkfaeri\" \/>\n<meta property=\"article:modified_time\" content=\"2026-03-05T15:30:49+00:00\" \/>\n<meta name=\"twitter:card\" content=\"summary_large_image\" \/>\n<script type=\"application\/ld+json\" class=\"yoast-schema-graph\">{\"@context\":\"https:\\\/\\\/schema.org\",\"@graph\":[{\"@type\":\"WebPage\",\"@id\":\"https:\\\/\\\/velarogverkfaeri.is\\\/verkfaeralausnir\\\/handverkfaeri\\\/skralllyklar\\\/product\\\/usag-skrall-1-4-med-gir-u02370003\\\/\",\"url\":\"https:\\\/\\\/velarogverkfaeri.is\\\/verkfaeralausnir\\\/handverkfaeri\\\/skralllyklar\\\/product\\\/usag-skrall-1-4-med-gir-u02370003\\\/\",\"name\":\"USAG Skrall 1\\\/4\\\" me\u00f0 g\u00edr U02370003 - V\u00e9lar &amp; Verkf\u00e6ri\",\"isPartOf\":{\"@id\":\"https:\\\/\\\/velarogverkfaeri.is\\\/en\\\/#website\"},\"primaryImageOfPage\":{\"@id\":\"https:\\\/\\\/velarogverkfaeri.is\\\/verkfaeralausnir\\\/handverkfaeri\\\/skralllyklar\\\/product\\\/usag-skrall-1-4-med-gir-u02370003\\\/#primaryimage\"},\"image\":{\"@id\":\"https:\\\/\\\/velarogverkfaeri.is\\\/verkfaeralausnir\\\/handverkfaeri\\\/skralllyklar\\\/product\\\/usag-skrall-1-4-med-gir-u02370003\\\/#primaryimage\"},\"thumbnailUrl\":\"https:\\\/\\\/velarogverkfaeri.is\\\/wp-content\\\/uploads\\\/2026\\\/03\\\/bc977032-d4f5-46ce-821d-e19f85a6ab17.png\",\"datePublished\":\"2023-04-28T17:49:01+00:00\",\"dateModified\":\"2026-03-05T15:30:49+00:00\",\"breadcrumb\":{\"@id\":\"https:\\\/\\\/velarogverkfaeri.is\\\/verkfaeralausnir\\\/handverkfaeri\\\/skralllyklar\\\/product\\\/usag-skrall-1-4-med-gir-u02370003\\\/#breadcrumb\"},\"inLanguage\":\"en-US\",\"potentialAction\":[{\"@type\":\"ReadAction\",\"target\":[\"https:\\\/\\\/velarogverkfaeri.is\\\/verkfaeralausnir\\\/handverkfaeri\\\/skralllyklar\\\/product\\\/usag-skrall-1-4-med-gir-u02370003\\\/\"]}]},{\"@type\":\"ImageObject\",\"inLanguage\":\"en-US\",\"@id\":\"https:\\\/\\\/velarogverkfaeri.is\\\/verkfaeralausnir\\\/handverkfaeri\\\/skralllyklar\\\/product\\\/usag-skrall-1-4-med-gir-u02370003\\\/#primaryimage\",\"url\":\"https:\\\/\\\/velarogverkfaeri.is\\\/wp-content\\\/uploads\\\/2026\\\/03\\\/bc977032-d4f5-46ce-821d-e19f85a6ab17.png\",\"contentUrl\":\"https:\\\/\\\/velarogverkfaeri.is\\\/wp-content\\\/uploads\\\/2026\\\/03\\\/bc977032-d4f5-46ce-821d-e19f85a6ab17.png\",\"width\":819,\"height\":359},{\"@type\":\"BreadcrumbList\",\"@id\":\"https:\\\/\\\/velarogverkfaeri.is\\\/verkfaeralausnir\\\/handverkfaeri\\\/skralllyklar\\\/product\\\/usag-skrall-1-4-med-gir-u02370003\\\/#breadcrumb\",\"itemListElement\":[{\"@type\":\"ListItem\",\"position\":1,\"name\":\"Home\",\"item\":\"https:\\\/\\\/velarogverkfaeri.is\\\/\"},{\"@type\":\"ListItem\",\"position\":2,\"name\":\"Vefverslun\",\"item\":\"https:\\\/\\\/velarogverkfaeri.is\\\/vefverslun\\\/\"},{\"@type\":\"ListItem\",\"position\":3,\"name\":\"USAG Skrall 1\\\/4&#8243; me\u00f0 g\u00edr U02370003\"}]},{\"@type\":\"WebSite\",\"@id\":\"https:\\\/\\\/velarogverkfaeri.is\\\/en\\\/#website\",\"url\":\"https:\\\/\\\/velarogverkfaeri.is\\\/en\\\/\",\"name\":\"V\u00e9lar & Verkf\u00e6ri\",\"description\":\"Umbo\u00f0s- og heildverslun fr\u00e1 \u00e1rinu 1919\",\"publisher\":{\"@id\":\"https:\\\/\\\/velarogverkfaeri.is\\\/en\\\/#organization\"},\"potentialAction\":[{\"@type\":\"SearchAction\",\"target\":{\"@type\":\"EntryPoint\",\"urlTemplate\":\"https:\\\/\\\/velarogverkfaeri.is\\\/en\\\/?s={search_term_string}\"},\"query-input\":{\"@type\":\"PropertyValueSpecification\",\"valueRequired\":true,\"valueName\":\"search_term_string\"}}],\"inLanguage\":\"en-US\"},{\"@type\":\"Organization\",\"@id\":\"https:\\\/\\\/velarogverkfaeri.is\\\/en\\\/#organization\",\"name\":\"V\u00e9lar & Verkf\u00e6ri\",\"url\":\"https:\\\/\\\/velarogverkfaeri.is\\\/en\\\/\",\"logo\":{\"@type\":\"ImageObject\",\"inLanguage\":\"en-US\",\"@id\":\"https:\\\/\\\/velarogverkfaeri.is\\\/en\\\/#\\\/schema\\\/logo\\\/image\\\/\",\"url\":\"https:\\\/\\\/velarogverkfaeri.is\\\/wp-content\\\/uploads\\\/2021\\\/10\\\/vv_logo_350x100.png\",\"contentUrl\":\"https:\\\/\\\/velarogverkfaeri.is\\\/wp-content\\\/uploads\\\/2021\\\/10\\\/vv_logo_350x100.png\",\"width\":350,\"height\":100,\"caption\":\"V\u00e9lar & Verkf\u00e6ri\"},\"image\":{\"@id\":\"https:\\\/\\\/velarogverkfaeri.is\\\/en\\\/#\\\/schema\\\/logo\\\/image\\\/\"},\"sameAs\":[\"https:\\\/\\\/www.facebook.com\\\/VelarOgVerkfaeri\"]}]}<\/script>\n<!-- \/ Yoast SEO plugin. -->","yoast_head_json":{"title":"USAG Skrall 1\/4\" me\u00f0 g\u00edr U02370003 - V\u00e9lar &amp; Verkf\u00e6ri","robots":{"index":"index","follow":"follow","max-snippet":"max-snippet:-1","max-image-preview":"max-image-preview:large","max-video-preview":"max-video-preview:-1"},"canonical":"https:\/\/velarogverkfaeri.is\/en\/verkfaeralausnir\/handverkfaeri\/skralllyklar\/product\/usag-skrall-1-4-med-gir-u02370003\/","og_locale":"en_US","og_type":"article","og_title":"USAG Skrall 1\/4\" me\u00f0 g\u00edr U02370003 - V\u00e9lar &amp; Verkf\u00e6ri","og_description":"Tegund:&nbsp;U02370003","og_url":"https:\/\/velarogverkfaeri.is\/en\/verkfaeralausnir\/handverkfaeri\/skralllyklar\/product\/usag-skrall-1-4-med-gir-u02370003\/","og_site_name":"V\u00e9lar &amp; Verkf\u00e6ri","article_publisher":"https:\/\/www.facebook.com\/VelarOgVerkfaeri","article_modified_time":"2026-03-05T15:30:49+00:00","twitter_card":"summary_large_image","schema":{"@context":"https:\/\/schema.org","@graph":[{"@type":"WebPage","@id":"https:\/\/velarogverkfaeri.is\/verkfaeralausnir\/handverkfaeri\/skralllyklar\/product\/usag-skrall-1-4-med-gir-u02370003\/","url":"https:\/\/velarogverkfaeri.is\/verkfaeralausnir\/handverkfaeri\/skralllyklar\/product\/usag-skrall-1-4-med-gir-u02370003\/","name":"USAG Skrall 1\/4\" me\u00f0 g\u00edr U02370003 - V\u00e9lar &amp; Verkf\u00e6ri","isPartOf":{"@id":"https:\/\/velarogverkfaeri.is\/en\/#website"},"primaryImageOfPage":{"@id":"https:\/\/velarogverkfaeri.is\/verkfaeralausnir\/handverkfaeri\/skralllyklar\/product\/usag-skrall-1-4-med-gir-u02370003\/#primaryimage"},"image":{"@id":"https:\/\/velarogverkfaeri.is\/verkfaeralausnir\/handverkfaeri\/skralllyklar\/product\/usag-skrall-1-4-med-gir-u02370003\/#primaryimage"},"thumbnailUrl":"https:\/\/velarogverkfaeri.is\/wp-content\/uploads\/2026\/03\/bc977032-d4f5-46ce-821d-e19f85a6ab17.png","datePublished":"2023-04-28T17:49:01+00:00","dateModified":"2026-03-05T15:30:49+00:00","breadcrumb":{"@id":"https:\/\/velarogverkfaeri.is\/verkfaeralausnir\/handverkfaeri\/skralllyklar\/product\/usag-skrall-1-4-med-gir-u02370003\/#breadcrumb"},"inLanguage":"en-US","potentialAction":[{"@type":"ReadAction","target":["https:\/\/velarogverkfaeri.is\/verkfaeralausnir\/handverkfaeri\/skralllyklar\/product\/usag-skrall-1-4-med-gir-u02370003\/"]}]},{"@type":"ImageObject","inLanguage":"en-US","@id":"https:\/\/velarogverkfaeri.is\/verkfaeralausnir\/handverkfaeri\/skralllyklar\/product\/usag-skrall-1-4-med-gir-u02370003\/#primaryimage","url":"https:\/\/velarogverkfaeri.is\/wp-content\/uploads\/2026\/03\/bc977032-d4f5-46ce-821d-e19f85a6ab17.png","contentUrl":"https:\/\/velarogverkfaeri.is\/wp-content\/uploads\/2026\/03\/bc977032-d4f5-46ce-821d-e19f85a6ab17.png","width":819,"height":359},{"@type":"BreadcrumbList","@id":"https:\/\/velarogverkfaeri.is\/verkfaeralausnir\/handverkfaeri\/skralllyklar\/product\/usag-skrall-1-4-med-gir-u02370003\/#breadcrumb","itemListElement":[{"@type":"ListItem","position":1,"name":"Home","item":"https:\/\/velarogverkfaeri.is\/"},{"@type":"ListItem","position":2,"name":"Vefverslun","item":"https:\/\/velarogverkfaeri.is\/vefverslun\/"},{"@type":"ListItem","position":3,"name":"USAG Skrall 1\/4&#8243; me\u00f0 g\u00edr U02370003"}]},{"@type":"WebSite","@id":"https:\/\/velarogverkfaeri.is\/en\/#website","url":"https:\/\/velarogverkfaeri.is\/en\/","name":"V\u00e9lar & Verkf\u00e6ri","description":"Umbo\u00f0s- og heildverslun fr\u00e1 \u00e1rinu 1919","publisher":{"@id":"https:\/\/velarogverkfaeri.is\/en\/#organization"},"potentialAction":[{"@type":"SearchAction","target":{"@type":"EntryPoint","urlTemplate":"https:\/\/velarogverkfaeri.is\/en\/?s={search_term_string}"},"query-input":{"@type":"PropertyValueSpecification","valueRequired":true,"valueName":"search_term_string"}}],"inLanguage":"en-US"},{"@type":"Organization","@id":"https:\/\/velarogverkfaeri.is\/en\/#organization","name":"V\u00e9lar & Verkf\u00e6ri","url":"https:\/\/velarogverkfaeri.is\/en\/","logo":{"@type":"ImageObject","inLanguage":"en-US","@id":"https:\/\/velarogverkfaeri.is\/en\/#\/schema\/logo\/image\/","url":"https:\/\/velarogverkfaeri.is\/wp-content\/uploads\/2021\/10\/vv_logo_350x100.png","contentUrl":"https:\/\/velarogverkfaeri.is\/wp-content\/uploads\/2021\/10\/vv_logo_350x100.png","width":350,"height":100,"caption":"V\u00e9lar & Verkf\u00e6ri"},"image":{"@id":"https:\/\/velarogverkfaeri.is\/en\/#\/schema\/logo\/image\/"},"sameAs":["https:\/\/www.facebook.com\/VelarOgVerkfaeri"]}]}},"_links":{"self":[{"href":"https:\/\/velarogverkfaeri.is\/en\/wp-json\/wp\/v2\/product\/70446","targetHints":{"allow":["GET"]}}],"collection":[{"href":"https:\/\/velarogverkfaeri.is\/en\/wp-json\/wp\/v2\/product"}],"about":[{"href":"https:\/\/velarogverkfaeri.is\/en\/wp-json\/wp\/v2\/types\/product"}],"replies":[{"embeddable":true,"href":"https:\/\/velarogverkfaeri.is\/en\/wp-json\/wp\/v2\/comments?post=70446"}],"wp:featuredmedia":[{"embeddable":true,"href":"https:\/\/velarogverkfaeri.is\/en\/wp-json\/wp\/v2\/media\/81001"}],"wp:attachment":[{"href":"https:\/\/velarogverkfaeri.is\/en\/wp-json\/wp\/v2\/media?parent=70446"}],"wp:term":[{"taxonomy":"product_brand","embeddable":true,"href":"https:\/\/velarogverkfaeri.is\/en\/wp-json\/wp\/v2\/product_brand?post=70446"},{"taxonomy":"product_cat","embeddable":true,"href":"https:\/\/velarogverkfaeri.is\/en\/wp-json\/wp\/v2\/product_cat?post=70446"},{"taxonomy":"product_tag","embeddable":true,"href":"https:\/\/velarogverkfaeri.is\/en\/wp-json\/wp\/v2\/product_tag?post=70446"}],"curies":[{"name":"wp","href":"https:\/\/api.w.org\/{rel}","templated":true}]}}