{"id":70443,"date":"2023-04-28T17:45:36","date_gmt":"2023-04-28T17:45:36","guid":{"rendered":"https:\/\/velarogverkfaeri.is\/?post_type=product&#038;p=70443"},"modified":"2026-03-05T15:30:43","modified_gmt":"2026-03-05T15:30:43","slug":"usag-skralllykill-10mm-d-285-ka-u02856010d","status":"publish","type":"product","link":"https:\/\/velarogverkfaeri.is\/en\/verkfaeralausnir\/handverkfaeri\/skralllyklar\/product\/usag-skralllykill-10mm-d-285-ka-u02856010d\/","title":{"rendered":"USAG Skralllykill 10mm D 285 KA U02856010D"},"content":{"rendered":"<p><img decoding=\"async\" src=\"data:image\/png;base64,iVBORw0KGgoAAAANSUhEUgAAAfYAAAB\/CAYAAAAdI+AYAAAAAXNSR0IArs4c6QAAAARnQU1BAACxjwv8YQUAAAAJcEhZcwAADsMAAA7DAcdvqGQAACkESURBVHhe7Z3fa1tZtufXdDV3LikoDhVjjO2AiFWMQxtTUxbBeTEpGAYJ6iFhXqovgjh9X\/1Yj35oiP+Cip8TceOHajpUhXqIdDPDVDBMxV2RIRjTMUGeEbGcdhu5RmTmpi89zfiutfc+5+zzS9Kx5F\/K99OljrbO2XuvtfY+e+1fx\/vfHTIEAAAAgIHgF+ZfAAAAAAwAcOwAAADAAAHHDgAAAAwQcOwAAADAAAHHDgAAAAwQcOwAAADAAAHHDgAAAAwQcOwAAADAAHFGHHuVVpaWaMn7LFNl11xiGuWVQLgXGuVlWlqpmlBnqisizwpL2D+UDCEd27JboZVywwROAy6fFDaLost3Zd0EPUy5p0i717pQXQmWpSqL5QqdpnW1HVLUh1Mg7XPTV3qo\/72Vb4Mqy3H11ke1Dwl2OZt1jUlpz3Y6dkf65\/w8Emmb2M7LrPfyKbTdZ8Cxy8NTodbMPC0uLupPwaHqD24laNDmdst8P2mkQBz+b4hG9A99xKGhMfO1A42NGp2WBRTrW1Q3X\/uKPARi3ovdWrfXulClrWNRBBwnp17\/j8TZrWsnbs\/Uz\/l5JLltcobHzbeT4\/Qd++4m1VoOZact5WeKtFjMmcAeNU\/tqR6nXHGBFhfy\/K1\/jBc4zcUiuRp2Yu\/gdJu1xv4x5T+Wo+LCIi0UurVuj3Vht3kOHQQ47fp\/JM5wXTtxe6Z+zs8jMW3TWJ4WeKBanDHhEyT134rf39+ncrlMOzs7dOnSJSoUCjQ8PGyuHgWZpqlQPZO3nLlBpjLuV60HxKHc7QXKy0g3dC1TsA1o0jQhZ2beq1QyHVY6mI3k5f6epwpVJKKTo3l26GTfr\/Js0myBqFJ2U89Q3nPSwXxd7PwV6yu09GxIpT+u4qzRUCFLtbKrj6unzGaUqGpVGD+tZB3byXGDHsXqOS4yeTr59pRpOHWfi1VOgWtuOiYYuJbJUKbOgUAZCVq\/5jXzezv7pqgLtoweIf3cdEekfLezlHOqVPWyDMZvp6eL3LN2cZ5mD0revW3LJJCOqQOsz9QGy7PuWHVK0HG1\/ZLLVuXVxhaROi4EdA2lHRM3YldGXVt3c3SfB52WzMTZdV\/dy\/ZWuodkDT7DQvf1P6lc3Py6Ll+7XoXrpxCoR1yvM3WWIZjeydS1PGW3K55tguVfo6yng23zKdpMtKdFGx2VfAF97boZI5vSbyRgR7cuJdbDyLOuidaPdmUncskzNUvN+249sa8zifXPxLXaZH0tVB\/d8onI6+bjyuDn2VHeWD+gAukQx56GUql0eOfOHe8j4V7ZeXzXSvPuYblhLiieHz4I\/9YoH97lex9UTThwj3y\/c3j38Y66wqkflu\/696q8HjzXAQtXBj9NTeB+k68fX6fthp8\/sPONhj2qDw7v3C1zbEHL64d1vHA4mE57HdvJEa+npPeA\/9+g9PTDcTYLy2jfo\/Ow0hN9Y2wblruTfbWcnepCOI5FSC8hYo9Qeu30tFH3RdJJqpPhdG29tPz2vXaedlkKgXAHW3SjaziuG07SW6cZKmtXL1Xutr0tPSOyxpStIayzvredPX260TkQT8kcLIukuK4cp1PXLFvZMqs0g3ZU6VjpRu1p0UFHlXdAJn09oEOkHGPqUqIdQjaPhH3C9gqWnZHbKoOAHWL1DMW102YkfuKzF4jvEvytK3lD5RSWoVtST8XLSN0mHD4Kemp6keZnHA61qHq\/\/YYDtUbEPTy\/95aj6\/y9tsFxZD2Ye1I3vF7oOOWvZaj+souNGxxP0mkP96I+d3ur4zQ1wTK3mty3b\/Q0TZy55vfMc1cyKs09E47QVscu5IjomaOiPUIcG2ItW9RM3Mwl64dsh5u+zOOFWR6Vb\/EVvdaUKVjpzUxyv79bkuwbT7QuaFuQkqVLbHuMTVFWstyXHNvpGYMth0qnlVAn2eKso9Oq0WbExlr+1vam0blKT3k0nLkiNmlftl3ZIlFXlqloj4jGaci6Fk9cWV\/n70Yv+e7UactsPmuU19gOWZriEUjbZ7gTqezJpChfLbMptxBxMk92X7E1fatrPOJ1R3Lq+eLnNbHB6J6+6GjLlkSiHbpdbuuu7Oy6OT6d9epIN\/XPbpMF8VP27MbIRW4lD7o1epfypvEDbUjt2GX63SYc7gXbwfsNWxS1RlSvWLvol9RUoBhZrQe3qlSyrqlppTbOoT9wI7owT9ntkpdvpRVsfPpFex2PKodMBbnpRad6A6j1Q90B8\/JXcaQzcLJ7ImLXC0c6dUy6pK2e5p5EjGN062QYt\/MU99RKQ83l+1QconFiuhFsX7b9sIVMFXppt60Egi7retmPs7QkU5WuXrpjVn8mO8FNJ8A0XO2e4U6ktmcSsevgfrmFOda16Z7qWv84Vh27QgYZsgTq2oDrk2M7YEPKslNYdeSo9U+WEez7u+Yo8vZAascua+quM3fX2PvN+DBr2wbpKak1GXcXvfsp5nRcbgjnw9di1qr6TaP8iGoT1u7+Y8qzk46p5ZA1IrUW5KaVbz\/CVg8I9z69+93PEdeDekDVhTB78hB1\/9ZBIj3pqUfXshM4tj6rB51ljN0oLI5cHOIKrTyrB3rx7cq2N1vI+qHeJ+Cmne84UhtRDZOsP3rymI\/bEKtRp3RSVp5y19EfpbV7hjuR3p4JqPIN45fbiXKGnqnTprqi1+zb1omjlJ1VR45S\/6TTq\/aZmHv1DHOXnHBdS+3YZaPcrVu3lGLyb28b5xjZqBF4t5MbGG7MnImpRGekplTqa6F3BmVMwNijHQ++dgK9XpGL1v3RlPocx3urHXRMLYc0\/maKVCGjRPM1Hpme49GF90qipsFloK9xZ1iN0jRqCtZ87ze6LlSsd411\/aHMJEvSK+30jMGeFVpnR+a+7WHK65G1vCRpBmweQjtE2bRkTVky7cq2N1vI6Nt+O0WmDs3XROwRuU\/QPqaTUg92ULSsCc9wJ45gz3hM+X5nyW+XWwg1NWrLzB3itb5V7JR1LQnlQOyZi3SviHbSUTnEQD3v1FakR2QIzgLxJ\/IOfHdlZy8l2XUkff3TTlgvielwGrt2K2+\/+KX599So0iTlnQqVlvyCC+7UFINUqHJ\/ie9lw6rdiXlauC07EbnA9U0cyaHMxA0qFmQqh\/S0ctlc46ruzMzSwljvTX0yVVqRHd3c4fFzkentCjvgmKmkFEhFr5S5MZcGW3qZ3KtM1pF\/byPHdfNLAFnreVbyyyCTU2s\/LuohuC\/TVtyTlpkCHiXKeiwnqn8zOHxtdkFeEZyn5rKfnsPlleMybqpQLyTVBdJ1wbWFsVEEtZZXogrbrcL2kh2nU+ZSEm31NGGfGj3itLXldPp6tOWWlylDwdgx+ZHWurYu2h3cTnUshS0iiANeo5KxLUeknCyJqe\/JyPLZvOxyZr1dHCdD2ZtFb6Sp6s96kybtZ0BeBUp8hoNWSa7\/aewZj1u+fvtjl1uImSLN77Ouro04zzzbqHKgrgY59rqWBNumsMXl79YBznuGnfW2uqiIs6dHBx3HCzcoZz3buq2o9+HZNsjsobwxtFj0y1LtOhcnzLJY5dJV2W0\/YnuaWmzXkbb1z4QD6P0qEbt6ZR\/XNukrLqnqWo+kft0NJKAqX\/A1E\/2bNMTW5qLj5qzI8Z6hXmMJv\/bUC3Fldk7LVmwjU\/yR16oACKNetaPg657ym\/d6cLfoDm\/0Fdv3Azj2fpLw\/uqJN7hnRY73iP46dt0ohd8BV5yzslXvLEfeywcgGV1nrLmiI83GwLHDsQMAAAADwun\/SVkAAAAA9A04dgAAAGCAgGMHAAAABgg4dgAAAGCAgGMHAAAABgg4dgAAAGCAgGMHAAAABgg4dgAAAGCAgGMHAAAABgg4dgAAAGCAgGMHAAAABogPfsuY76dEgyrLX9M3T1ZpdTX4ef3hHE2PmtvSICdefV2hnyeuUvYj81uPyMEEX\/\/uJ3pnpVldWaE309Pkiqju+eef6fLVLPUp23hYv5X\/8fc0\/Ymbixx4cI++f32B5tIaTA4V+faNkbmHdPpMo7xCP16Y7lv5HR2rfsbYJSJnn+reidWlM4AcoHNvo5c6d3z19tSecQB64MyM2OUM9sXFxcDn7J3K49CQd3ZulbbsQ7ZOkMZGLXhO9i5\/HP7v4ogOH5V+pdMzDdrc7nQS+MnQKD+iqpPXdTJyctvZkfO95tjq7ek94wD0Aqbiu2S8sMCNu3X05G4z6FxPkL2DUM5jOSouLPZ+3nW\/0umZPWqeEX8ptk52GGdHzvea46q3p\/iMA9ALqY9t3d\/fp3K5TDs7O3Tp0iUqFAo0PDxsrh4FmeosUW0i5uxpQ\/h83ox1xq5M461dzFN2u0JVuSXDo6vPm7R8v0bZ2wuUVyNsfTZvPXCub0y+6qzrFuW8eDp9dc72lS3\/sP+EM7FHRM7tLOWcKlXdyyJP3BndoTR8nUTWNRoqZKlWrpqGxTEyaZmVngaZ6VgokPq9ea3NLIdMEd9303Pjsd4ih6uXsYmXjorTpNnbQ7TmxU04\/ztGn+v7cWdx67JQ5ySPxMg0vRn4zdedv4Z0aGczldbwU1+mNmc6qzL2RO9ka5NCSBYvHtcWVfdmHKque5UgYINgfY63p7qnQ10KyO3qZ8rBfkZ0fmT0Ms+CvhRMM6KTxk0r1XPIBOxlE6grGcpk6iyPlsN73jw9rfrCeUXyUfKPBOqtkvNgVpWFZ58UeipC9Vnk7PYZjy0XE3SJ6KHuG6KnXtlY9Z4J2j78TPAzKm2AZdNAnUp6btTvdjvp1ztXllaoDP3rrFNSujHPY8C24PgRx56GUql0eOfOHe8j4d7YOSzfvXN49\/GOCQfZeXyX83lw+NyEDxvlw7uc74OqDj5\/IHLcPSw3dFih7nF\/e374gO+PTb\/64PDO3TJLoNFp2fdKXJNO6F6dhyUXo2X1ZQvL6iPphnVyw1reiFyhcFAfbcNoPi5RG+9Un+v0AnqF0jHyR2R5YGstaJnt\/J9z+rH5io1U\/DYyqfTiytTOw74nbLNwOJqXS9i2yh5W3lFb2yTL6dtI5+2GI\/U5XK8MnepSWG7frozSweQRqFs6nm9Du7zt70IwHJE7Th7bFiE7esSWo28flY5nO0FfT8xHESerlUcgz\/Z6BgjZTuipXCzCeoTDKp6bjuQRrqP2Nc7fz0Pr44VD8ml7mnzUtaAt7XwDMijCcRPSNWUWjAtOktRT8TJStwmHj0prvURLS0v+Z6XKv+o1zEzB6n2O5Wk2Q1R\/KdcNGe6dmx5nEBl1RXudHiND5LRqtClrdNzL3KpzT7eQodbBnrpM61s8ys\/SVGzaCXDP+7rbMx2boqzDuu03zA8uOSraPeoxloP7tU0lhyZzze\/l566wwq0mGak6IDqH7ajx9GLGZ3Kxo9coPDq4GZKlvsXWimLrmeP0ORfKX2N7bm+yVEKVnvKoI3PFH910K5PaV8AjI7\/Xr+1c2\/Dz9G02QkOy5joxZcLjKmznpZEyD+pHM9d5NNYKpJseTvNzV8dxmpqQzJtsg5j6LPmRWwdDJNalqNzjhVnKuOUyU6Q8j4IrKzxi\/a5KjpVfrmiPnIxdVJrtlhWO8BzOTPK4ket0yORx5TjJ6aQi8Xm3SLRdH5ZPjlouYSw9Ri5yIlZbMz4siZpnnm29YI\/6VbtltwdJ9a275yYJJXtLnlnzg9UepnsewUmT2rHL9LtNOHxUZNousHlOTW3FP4TqITAVN5kWVe\/LVGqGZuOcuqAeStOIS6XNTLJD4gbJPIjVl3XLOfQbma5yHbA1Ndoz7EwXwnbUv8nUpM5vmSpxjqQbpFEJdULkoS4uzlN22+2crfgNmdjTbRxUw+A2iulkUvsK6u69+iNTk1FnnYLYNdSkTkA\/0PW5XvZ1WFqSOhp1gG1Rckv9ttOROuSXS66Y53pc5XKwnJBBpoHdeP4ShJRhnsiTjeVy3Ia7l+cwSGR\/yInTTs8e6aJcjoxMe7tpxiwjJNHbc6M7XbrzxgOGZ357eCzPI+gbqR27rKm7ztxdYz8+9MgrjKpUzpCqYMlwL\/Y2Ow4ZufCoPb7x0b1bqYzixPVIUipznbbWde87O30Mbl09pGs0xPJpB8yNsLl0nMhoTeVXcLjxsZxvGvak8bLfDnDxOxTzMy3L5uJYHKo\/W6EVbhjCvfhuZVJORNYylb2sj7W2mRo1UxKmoZzY8bwZoOuzrDeG9UjlWJTcun4H0\/HXSqs8Wq9ncmz9Kj0qu7Vfz+asXfQ70Xmr4kkcWcv20vNs28tzePZI1rNHuiiXIyHr\/bKO7qZ3OxdTb+Pp9bmRmQBHBjq7m1SzBknH8jyCvpHasctGuVu3bqlClH972zjXCe1462WrwWenuMajDHs6tx254rxq3ErWlLTN+HSWK65sssnQpGlcZbq5\/myNWmmn4btFnKOdtoxkzdfjosodlQDcIHfnuuzRpO61k8xsmF80DU4\/1HWyGnw9pScbpIKjxzQy6XJaC47qd2VyuxekE8cjrO+sjt\/6Ux5BH1OHzq3Pz4IdzQbrkQ4j9w9B+3npsCOotHI0z6P2\/E0uqfVHxm4y8rZ1k86r+cqoeh+YTeCPem56fw5d9FKOVY4mHZfILMAxPBvJevZKh3I5Io197kBZz1zkddc2tH1u3CVA6\/mOvL6pZjXrtPadTL37MhzP8wj6xS\/Nv2cWec1snpapxA8f97MV6XZYykhynmhZpom3ojuQVcWtUtWxnJVMH5dlbb7NNLyKV6KKkkt66Qs0ZS51RNZVn5VYJ9MAyMjK6fZR1Q1Tpcz6yPS29JqLnVx0lZrcUVlinTQibzFZtwD86D\/jhq9sgiq\/UGO+u0db7Kwq7j1qV659jzR4bM+Ltj3byaTvr9xfUo5El3eeFm7LLlyWRd3DOA5lJm5QsYdJI5kxoJUlvyxMWXY3woqRs0NRqPosO4u53rg4ToayN4upRnWu3DLV6+I4LM\/EI1pTO+CNLcfydGOG87u\/TMR6XZ9Z4+9aXimn3Iw07YzMIsnbEfx8eGUkv92XxjtH+Z6fQ8NMkeblbQlXBpY5zzJUDtRVts8NyvGzGnw26tTUod7ppKddBkd4xpPKZXZhPNjupEB1jDk9N01nJscl16VFZH0+8bnJ8WeLn0H3+WYdZ7jjta3uMnD7eS3D11uUk06iS9t0TRicGqlfdwPvEarBC74OcyRUOjKVGOpUgbODer2Lgh1f+c17FXJAeF\/0BO81cOwgmb44dv0ecuKbCeDMEH5PXUbTg+js3hc9wfsLHDsAAAAwQOBPygIAAAADBBw7AAAAMEDAsQMAAAADBBw7AAAAMEDAsQMAAAADBBw7AAAAMEDAsQMAAAADBBw7AAAAMEDAsQMAAAADBBw7AAAAMEDAsQMAAAADxJlw7HIow9Jy8Izq9lRppS\/nJx+d6op1NvURqMrRjqesw3GhynNAdQMAgLPO+Ryxr29R3Xw9Haq0dboCAAAAALGcS8fe2LeOXDwNdpt0yhIAAAAAsaQ+tnV\/f5\/K5TLt7OzQpUuXqFAo0PDwsLl6NNT5yNtZ70xkmaZeu5in7HaFqsaDOuY8b7lWsUfLmTwtFnPqa+Ba6IzlSDxB7rlJ9Oh+k2YLRJWy3OBQTp0\/rs8R96K4+ayv0JK6zyVD+cUiiQTBc5793xWBeBnKZOqcti+7S0R3T7+gPK49dJ5OMC9zLxUWqTiTbBcV92CWpajo6+baXsBWQT3a2djFTdfTTZ3rXvU6QxklV4MqyyWqOiEbKDuRyTNeZyHZTgAA8J4jjj0NpVLp8M6dO95Hwr2y8\/ju4Z275cMdE37+QNK+e1humB+qDwJhdf+D5zpgUHGsNAL3SHzrWiDcKB\/eFV1i0ntQNQG+s3zXCqs4Dw7tGCo\/+7eYPPz0nh8+iMlTiOiu0PfffexpZ8mjr\/lpB3VvZxctczCutrWt2\/PD5+Z6WxtbBH6P1d3oF8krqle8zkaWiJ0AAACknoqXkbpNONw3MjySHDPfZyZ53Nii5p4JR5A1bx5p3\/RHj+OFWcrUt\/hKN1P3HPfz4GgvV9SjXc04DTlErf2k7X0N2txu8UjUGjXPXOfvNdrc5asbNWrxiNJPL0eTGfM1Dlt3QfYU8Oj4hhmtijz5axmqvxTtcnR9xqH6M3fzoZHlikjS3i4KTve6J5cL25rl1uQop653kVYMcbpLfrUNllZs5NRprWzsurtJtVaGJuXetjobwnYCAACQfo1dpt9twuFTQa15t6h6f4mWltyPTOFqBzVeWKD5iRqV3GvlVsBBJSHTvW56kWn8AHvU5L5Dvezfv7RUompLd0b2Djp1LNqjOiatqi+\/fGRav9VUznx8OktOS3ciaP0p52ucYwe7xDJTpMXbWaq5cdzd7UdJi1G61ytWnCW1XNE6kF7aOE1NONTa3lR6VH+ocidgkl1\/Z50BAAAkYEbuXfPnP\/\/Zm46XfyXcK2rq1priVdOsgSne4HRzdArYmt6NQ6aDrfQDqKnicFw97etPA2uZvHBkKj40VR8iqk\/8b0Ls7+GlhBhc+QJydrBL2O5RbDt0sLGFXT7RsgrjphtKv4POSfYDAID3ndQjdtkod+vWLVpcXFT\/9rpxrj\/I1DaPJnnEZ9PYNWO7sSnKUmj0t7RMlcSRpozAHcpOu2P6Tq+36ZGnPx2ucfPPXcnwqHXNz2+3Qmtt0wshSxE8en26bsKKBqdvvjKSR2v7Eadry93BLnHsVqkasoszLOkdIS1GzSbYugscx4+l0619t0Z1J0tT9vJLB50BAABESb0r\/jiI2xVfCewYD+7yDuyytnZmB3ZsMw5fm+VrHJm2rthr5lYenzc5rRpl1U54c5EJ73DPzbDzoRtmV7bZ0a0FMLvow3Ek\/wxlbxaj11iu\/ESNKvbOcUNUd5fQLn3O15mZZXnc+xJ2mTNJdhkJ2V1orK\/Qo7JMsBtCu82T0rJz7LQrniNRZuIGFd31c3PdccvXI1nnZDsBAMD7zZlw7MeLdni1Cf9VKfe35rWwIwEAAADON++BYxfCIz8eiEZGhwAAAMD55z1x7AAAAMD7wfn8W\/EAAAAAiAWOHQAAABgg4NgBAACAAQKOHQAAABgg4NgBAACAAQKOHQAAABgg4NgBAACAAQKOHQAAABgg4NgBAACAAQKOHQAAABggPvgtY76fPnLK19ff0KsP52h61PymkL\/1fo++X12lVfez8Y4uX83SR3J5fYWW7n2vft\/4l8t09RP1q4ecNvb1736idxNXKRu8lA7J59s3Jl8j0+sLNBcUti\/I6WX3Nvqdtsj8Lb3p1Q7HiCqrP\/ziWGzqo8tuI1LPBDkg6Gv65gnXsR7KttvyO55yjqOdzgCAQeLsjNjFadpHe9rsNqklx7MuLqpz4NXHO2qUG6wyUV79Pk\/Z7UcJ56w7NGQdy9ozkofD\/10c0WEwEDTKj\/TRt1KfcCQsAOAcciYcu4zSlsotyt2epxw7ywh74tiHvDPDA4jTz0ya88DHaWqCqLmnAh7jhQVuqIuBM8N7ZixHxYVF6yhYMAjsHbTQWQMAnGtSn+62v79P5XKZdnZ26NKlS1QoFGh4eNhcPRqN3QaNj4mDjD8nXRx\/6WA2YQQlU4xbNKkct8R\/RHRzgfL26FxmA54N0bwa5cv9azRUyFKt7M4QONypsOLIkoA1e+DMmLPcA+kEZXVlzFOFKu75sBke+Vkyy7Srd01mILxZB0bSLnsRKZOpU51TC+ssaaxdnKfZg5KXliefQvSzjqgN5GN0Z12nNljedYfygQ6PjkvqSNtQOgYvr5CNbF072yKUdkzcsN5u3ah6hWLppWRp0myBqGLZ0NYtYPsM27fOgcDRvaH0mSPpauTak\/ys8lP3rbcixwUruVjKXKvq5d2uPNuWdbv6FtY5UN\/4Mo4xBmBgSL3G\/vDhQ+XUhbdv3ypH\/+mnn6rwUfnoI3fB9y3VfnpB7y4F1wFf\/eEJ1eq1+PV1GqXpiTf07dff0JNVjvurL+kfPgstIP9pg1YbF+hTFecNbaxu0h+bo\/TlV7+hL+bm6MLrJ7T6wqRpGnGHG7qFL+dojq+P1n6kV59kaTSQTlDWt7Wf6MXLTfobO3oVb+IdbTxd9fYLqEa2xY2+yfPyQYVK7lqy5Pn7P9KIl+dfaeP7GrWcbGTt9c3GKm2+fBHI56fHP9LPat1cN\/Qtbvy\/+scvlOwXXn1DD1dde4nuDbrwH6\/SZ5+N0ruNp7Rx4O9JaJS\/paf\/\/jot5EdZ3ntUm7DSeb1KTQ7bjs630WV6t\/qQvnml14o72+Ke6hDZcdc+sOz4l\/GI3o3yP9GPH38Z0Ou\/7RrZ\/0+NfnrxR9r8G3cIFr7UabJuq0YecaoPX46wo1+gLznu3P\/boO9rPDL\/xK5nH1H2qq+n5KPSTqurqZdSTjXS5aedunSiuPMYVEvfV39Ho7\/+in7zBcf\/8LWux7HleZl+\/ueSZ6t2dmyvM6d7L1jH\/\/qnKo2OhoQDAJxLUk\/Fu07dJRw+DnJFa22dP3mnSqXlCo+xDGN5WjDX\/NFMezLX\/NFy7kqGqNUkmcFvbIhDzdF1a\/QyXsh3N41vxxuboqzDye6LlFXaqjuUu+nnOV6Y5RHUFl8xefJoyx8x5WiSRUrEvlfl06LaBuezvkV1luGGZYPc5zlyWjXajOw7GKf8tQy1tjeNHav0VEaUV0TTBjWtkWuYqLw6LTL6KBJtocvTjjtkXUtCllPssh256FDrwF5zYfuyrhpZkpFEm6xJgza3ZaRszUzMTPJ4vjtS6xqGR8bRmZEQGR7xu7NFSraWXk6KlKfOu\/5S55xsx+50tm2em0mUDgBwzkjt2GX63SYcPgmSnVXvyBorJa3nHxXZB8D\/q95foqUl9yNTqNyAsw4qzyNjGnR2co39mHTGhtjlGUcRRhr7ljh0\/m6ciHZQ7EAWZCNiyZNXZhtcBxMr74jJp8sykRkML21\/RrgtMgp148i0dnfste2kdKInXesVNd3tzFzvrmMYQpUnl0\/J6Kw+Mn2uOiyaeDt20jlHRbXR1C3fFb+TAgA496R27LKm7jpzd419kJCRoN1w9gXlXGUdPzjzsChTsz3v1Neja9nwNT7MsodRnQqHhmL3g4kjd6j+bIVWntUDsxiyO1ym4j1Zrf0AykZhZIOj5NNRH1nL1vsE3LTzXQyfxYGptXcTZ57lPgl60lXWvG+zS18v0Yp0nlKiypM7W4G3QeSjyuJodvSRzpuONz\/T4rSsGTAAwLkmtWOXjXK3bt1SDYL82+vGuc5wA7ZiNzoc\/q5KLXv6so+MT2fJcUexinD+R0Gm1nnE\/kNwXCSbBgW1FFBf81\/T263QWrtRrN3xWH9K1ZZD2Wl2u2YE\/qjsSyt5ylr9VIKt1JJASzbqBaeTxQ7ikLyRonxM469sxKNR31mxjbhjQN7bCe2Q0aSRVyHLFOZrIrrzopcJdFimmrtDL2vUn\/ll2Civ+RvOOtCbrowsExUyVC8vJ7yG2QZ7RsWjwfVG\/m1nx046N6i67tcRRb9nqQAAp8YZ+QM1sklI\/gDNC3rzr+y3anqT3GvZbPWnH2mtWaOn3z8xm+dkg9w8ffVfJk3cLohsnqsR2Run5Dr\/lJ2bptGPsnT1w9f0fVn\/wRuVnzPKI+Isjf7fDpvn\/vfH5pqgr\/\/88adqE9bo9Bxd2LhH9743GwD5U6\/\/kn7B94+OTtPlf\/mJHj82OtZH6fqv3lEtZhOZ2mz1r++o\/uQJPZF7WW5\/R\/8oTc9doFe\/e+j9MZ8aN\/L+rnh\/85z\/B2pG6a+yYWzsP9N\/8v6wD5fH16\/pU3fjlfpcoNdPWGYpk\/\/ANpp4R6u\/lw2Lkg+X24i\/I7u9LSbpY1vX1b9RljsUP9OkslP85rmPKPuBXSZ1Gv3VCL35y5C+T22e+5k+tvSyZZicvkzvfnpMj+WPznD8+uh1mvpLLbJJUxD7Ni7oMlNIfUilq8bePMeFT3MfvqJvfv995A8oBe7Tv1j1U5fnxj37jzNxJ+yDX3AaubZ2HG2n8+Er+u\/\/leuIufbiTyM8es9zTQAADAKpX3cDp4vaXR\/zGtyRUbu+mzRrb+5Sv7G7ibwCGLoPAADAmQOO\/ZzRX8fuv04VeZsg9J4zhd4LBwAAcDaBYwcAAAAGiDPxJ2UBAAAA0B\/g2AEAAIABAo4dAAAAGCDg2AEAAIABAo4dAAAAGCDg2AEAAIABAo4dAAAAGCDg2AEAAIABAo4dAAAAGCDg2AEAAIABAo4dAAAAGCDOyN+K14eRBM7IdvzjRtXBJ+qiYx1R2plGeZlK21nr2NI+s1uhlY0pKnoHqBg9Mn08fe0YUfY5mD0XsgIAAOiOszFi321SSxz54iItuh\/XGa+v6NPM5LfbWap9V6GGinT6NDZq1DLfFbv8cfi\/iyM6DAAAAJwwZ8Ox74ljH4odVTf2W5S5YkaUY1OUpSbt6dCps3cQcOssX46KC4vRI1ABAACAEyL1VPz+\/j6Vy2Xa2dmhS5cuUaFQoOHhYXP1aLSdEpZzwV9O6mu7FVr+juhGeGpdfr9f9UbPjjlf3J2KzzlVqrrz\/KFpcn+aXwhP9YeWCLzlgQZVlktUtfy6zpPU781ri1Sc8fXKU8XPI5B\/zBIE48rvE7rPSkPkX7uYp+x2xZMnED9kG5dMYZGu74fsHrpX7hE9AAAAnB8++C1jvnfFw4cPlVMX3r59qxz9p59+qsJH5dUfnlCtXqPV1VX92XhHl69m6SO5ODpNl3e\/pa9\/94RWX7yjqV\/\/A32mLriwk\/2nx\/Tzr+bpq3\/8gubm5mj07St6OzpKVPuJXvyv\/0l\/x4524cs5mpt4RxtPV+nVh3M0zZeVU2+xs\/7qN\/QFx5v78BV98\/tVejdxlbIfaWfaYifppnvh1Tf0cFVk+4w+u8rh16vUnNDXr34iQr3lLF\/Qu0s6\/beS\/8tN+lti\/veoZuKr9E164RG\/3CedBZXG3GV6t\/qQ1j7QabzZWKXNl00a\/fVX9JsvRIfX9GSVZVA6aNv8\/8+tuBsv6O84LA5byfeXcZqThIxTd9iZ63sv0Ma9b+mNSscIAgAA4MyTeiredeou4fBRyBWttXX+5HmEXVr219LHCwvmWvLGudaBP0E\/PpPzR\/Q8yr7ujjplKt\/he\/cl5Spt1XmEftMa\/c9c59F9i2obfH19i+oc94blZHOf58hp1WhT1tK7JTH\/BjXDw+gExD7+yHmchrw0DJlZ3y4zk5ThMXdTmWOv6zzUfoFM3spHy61sAQAA4NyQ2rHL9LtNONwP0jnQccovcGeAKrS0tMSfZap0E0827JmvPsZpcidB1vYjjA2R4znNXhG55ym7XTJy69kDuyNhI7ML3n3huftEclRczBOV3bglqjq28\/ZR+wXqrg31p7TeCnSYAAAAnH1SO3ZZU3edubvGfhbwRv0Fh6r3V3g83gHlpMPoUbTsah8fjl7VnQGHhvq06b1RfqSm4r3ZitjX8mQ9X9bR\/fvyGXOpC6orFS40k758rP0FNiMXWV9Zu3fv63A\/AACAs0lqxy4b5W7duqUaffm3141zynGx8\/EnfDn8XZVa9vRyB6rrITfuDFFn35ujyUyLqvbrc+tPqdpyKDvN7lWmtFtVelT2Jav+wHI5WZrqUq5OjE9nOU9\/xK4+1hKERqbTjUwKWUIwX7sgdyVDdW\/Ebj4r0W6PyOLU14KzHbuNkCwAAADOOqf\/B2rWK7Tyskb1uj\/1Hd0V3o4qj2jX2CG78f2d7dE\/UCOj35IaJbvpH21XvEF27JfNVbVTfSS6Kz4x\/z1Oe4smF4vcxXDR+ckI254uV+msu\/plKDfTohrdUDoo+eU9\/9BOe5XGSMxbBGqTXI2yrOfURvtd8eQ4lJm4Yf0BHgAAAGedM\/KX595DLAfrdSTUb02aDTj7HlAdD6K8nZ789mzo+P4aHwAAgFMFjv00sUf8ikzQCfeB4GifCc86AAAAGCjg2AEAAIAB4mz8SVkAAAAA9AU4dgAAAGCAgGMHAAAABgg4dgAAAGCAgGMHAAAABgg4dgAAAGCAgGMHAAAABgg4dgAAAGCAgGMHAAAABgg4dgAAAGBgIPo3qEXio+0TZqQAAAAASUVORK5CYII=\" alt=\"\"><\/p>","protected":false},"excerpt":{"rendered":"<p>Tegund:&nbsp;U02856010D<\/p>","protected":false},"featured_media":81000,"comment_status":"closed","ping_status":"closed","template":"","meta":[],"product_brand":[],"product_cat":[588,780,515],"product_tag":[],"class_list":{"0":"post-70443","1":"product","2":"type-product","3":"status-publish","4":"has-post-thumbnail","6":"product_cat-handverkfaeri","7":"product_cat-skralllyklar","8":"product_cat-verkfaeralausnir","10":"first","11":"instock","12":"taxable","13":"shipping-taxable","14":"purchasable","15":"product-type-simple"},"yoast_head":"<!-- This site is optimized with the Yoast SEO plugin v27.3 - https:\/\/yoast.com\/product\/yoast-seo-wordpress\/ -->\n<title>USAG Skralllykill 10mm D 285 KA U02856010D - V\u00e9lar &amp; Verkf\u00e6ri<\/title>\n<meta name=\"robots\" content=\"index, follow, max-snippet:-1, max-image-preview:large, max-video-preview:-1\" \/>\n<link rel=\"canonical\" href=\"https:\/\/velarogverkfaeri.is\/en\/verkfaeralausnir\/handverkfaeri\/skralllyklar\/product\/usag-skralllykill-10mm-d-285-ka-u02856010d\/\" \/>\n<meta property=\"og:locale\" content=\"en_US\" \/>\n<meta property=\"og:type\" content=\"article\" \/>\n<meta property=\"og:title\" content=\"USAG Skralllykill 10mm D 285 KA U02856010D - V\u00e9lar &amp; Verkf\u00e6ri\" \/>\n<meta property=\"og:description\" content=\"Tegund:&nbsp;U02856010D\" \/>\n<meta property=\"og:url\" content=\"https:\/\/velarogverkfaeri.is\/en\/verkfaeralausnir\/handverkfaeri\/skralllyklar\/product\/usag-skralllykill-10mm-d-285-ka-u02856010d\/\" \/>\n<meta property=\"og:site_name\" content=\"V\u00e9lar &amp; Verkf\u00e6ri\" \/>\n<meta property=\"article:publisher\" content=\"https:\/\/www.facebook.com\/VelarOgVerkfaeri\" \/>\n<meta property=\"article:modified_time\" content=\"2026-03-05T15:30:43+00:00\" \/>\n<meta name=\"twitter:card\" content=\"summary_large_image\" \/>\n<script type=\"application\/ld+json\" class=\"yoast-schema-graph\">{\"@context\":\"https:\\\/\\\/schema.org\",\"@graph\":[{\"@type\":\"WebPage\",\"@id\":\"https:\\\/\\\/velarogverkfaeri.is\\\/verkfaeralausnir\\\/handverkfaeri\\\/skralllyklar\\\/product\\\/usag-skralllykill-10mm-d-285-ka-u02856010d\\\/\",\"url\":\"https:\\\/\\\/velarogverkfaeri.is\\\/verkfaeralausnir\\\/handverkfaeri\\\/skralllyklar\\\/product\\\/usag-skralllykill-10mm-d-285-ka-u02856010d\\\/\",\"name\":\"USAG Skralllykill 10mm D 285 KA U02856010D - V\u00e9lar &amp; Verkf\u00e6ri\",\"isPartOf\":{\"@id\":\"https:\\\/\\\/velarogverkfaeri.is\\\/en\\\/#website\"},\"primaryImageOfPage\":{\"@id\":\"https:\\\/\\\/velarogverkfaeri.is\\\/verkfaeralausnir\\\/handverkfaeri\\\/skralllyklar\\\/product\\\/usag-skralllykill-10mm-d-285-ka-u02856010d\\\/#primaryimage\"},\"image\":{\"@id\":\"https:\\\/\\\/velarogverkfaeri.is\\\/verkfaeralausnir\\\/handverkfaeri\\\/skralllyklar\\\/product\\\/usag-skralllykill-10mm-d-285-ka-u02856010d\\\/#primaryimage\"},\"thumbnailUrl\":\"https:\\\/\\\/velarogverkfaeri.is\\\/wp-content\\\/uploads\\\/2026\\\/03\\\/ea98f12f-7da4-4956-91c1-b6aa73e44897.png\",\"datePublished\":\"2023-04-28T17:45:36+00:00\",\"dateModified\":\"2026-03-05T15:30:43+00:00\",\"breadcrumb\":{\"@id\":\"https:\\\/\\\/velarogverkfaeri.is\\\/verkfaeralausnir\\\/handverkfaeri\\\/skralllyklar\\\/product\\\/usag-skralllykill-10mm-d-285-ka-u02856010d\\\/#breadcrumb\"},\"inLanguage\":\"en-US\",\"potentialAction\":[{\"@type\":\"ReadAction\",\"target\":[\"https:\\\/\\\/velarogverkfaeri.is\\\/verkfaeralausnir\\\/handverkfaeri\\\/skralllyklar\\\/product\\\/usag-skralllykill-10mm-d-285-ka-u02856010d\\\/\"]}]},{\"@type\":\"ImageObject\",\"inLanguage\":\"en-US\",\"@id\":\"https:\\\/\\\/velarogverkfaeri.is\\\/verkfaeralausnir\\\/handverkfaeri\\\/skralllyklar\\\/product\\\/usag-skralllykill-10mm-d-285-ka-u02856010d\\\/#primaryimage\",\"url\":\"https:\\\/\\\/velarogverkfaeri.is\\\/wp-content\\\/uploads\\\/2026\\\/03\\\/ea98f12f-7da4-4956-91c1-b6aa73e44897.png\",\"contentUrl\":\"https:\\\/\\\/velarogverkfaeri.is\\\/wp-content\\\/uploads\\\/2026\\\/03\\\/ea98f12f-7da4-4956-91c1-b6aa73e44897.png\",\"width\":757,\"height\":318},{\"@type\":\"BreadcrumbList\",\"@id\":\"https:\\\/\\\/velarogverkfaeri.is\\\/verkfaeralausnir\\\/handverkfaeri\\\/skralllyklar\\\/product\\\/usag-skralllykill-10mm-d-285-ka-u02856010d\\\/#breadcrumb\",\"itemListElement\":[{\"@type\":\"ListItem\",\"position\":1,\"name\":\"Home\",\"item\":\"https:\\\/\\\/velarogverkfaeri.is\\\/\"},{\"@type\":\"ListItem\",\"position\":2,\"name\":\"Vefverslun\",\"item\":\"https:\\\/\\\/velarogverkfaeri.is\\\/vefverslun\\\/\"},{\"@type\":\"ListItem\",\"position\":3,\"name\":\"USAG Skralllykill 10mm D 285 KA U02856010D\"}]},{\"@type\":\"WebSite\",\"@id\":\"https:\\\/\\\/velarogverkfaeri.is\\\/en\\\/#website\",\"url\":\"https:\\\/\\\/velarogverkfaeri.is\\\/en\\\/\",\"name\":\"V\u00e9lar & Verkf\u00e6ri\",\"description\":\"Umbo\u00f0s- og heildverslun fr\u00e1 \u00e1rinu 1919\",\"publisher\":{\"@id\":\"https:\\\/\\\/velarogverkfaeri.is\\\/en\\\/#organization\"},\"potentialAction\":[{\"@type\":\"SearchAction\",\"target\":{\"@type\":\"EntryPoint\",\"urlTemplate\":\"https:\\\/\\\/velarogverkfaeri.is\\\/en\\\/?s={search_term_string}\"},\"query-input\":{\"@type\":\"PropertyValueSpecification\",\"valueRequired\":true,\"valueName\":\"search_term_string\"}}],\"inLanguage\":\"en-US\"},{\"@type\":\"Organization\",\"@id\":\"https:\\\/\\\/velarogverkfaeri.is\\\/en\\\/#organization\",\"name\":\"V\u00e9lar & Verkf\u00e6ri\",\"url\":\"https:\\\/\\\/velarogverkfaeri.is\\\/en\\\/\",\"logo\":{\"@type\":\"ImageObject\",\"inLanguage\":\"en-US\",\"@id\":\"https:\\\/\\\/velarogverkfaeri.is\\\/en\\\/#\\\/schema\\\/logo\\\/image\\\/\",\"url\":\"https:\\\/\\\/velarogverkfaeri.is\\\/wp-content\\\/uploads\\\/2021\\\/10\\\/vv_logo_350x100.png\",\"contentUrl\":\"https:\\\/\\\/velarogverkfaeri.is\\\/wp-content\\\/uploads\\\/2021\\\/10\\\/vv_logo_350x100.png\",\"width\":350,\"height\":100,\"caption\":\"V\u00e9lar & Verkf\u00e6ri\"},\"image\":{\"@id\":\"https:\\\/\\\/velarogverkfaeri.is\\\/en\\\/#\\\/schema\\\/logo\\\/image\\\/\"},\"sameAs\":[\"https:\\\/\\\/www.facebook.com\\\/VelarOgVerkfaeri\"]}]}<\/script>\n<!-- \/ Yoast SEO plugin. -->","yoast_head_json":{"title":"USAG Skralllykill 10mm D 285 KA U02856010D - V\u00e9lar &amp; Verkf\u00e6ri","robots":{"index":"index","follow":"follow","max-snippet":"max-snippet:-1","max-image-preview":"max-image-preview:large","max-video-preview":"max-video-preview:-1"},"canonical":"https:\/\/velarogverkfaeri.is\/en\/verkfaeralausnir\/handverkfaeri\/skralllyklar\/product\/usag-skralllykill-10mm-d-285-ka-u02856010d\/","og_locale":"en_US","og_type":"article","og_title":"USAG Skralllykill 10mm D 285 KA U02856010D - V\u00e9lar &amp; Verkf\u00e6ri","og_description":"Tegund:&nbsp;U02856010D","og_url":"https:\/\/velarogverkfaeri.is\/en\/verkfaeralausnir\/handverkfaeri\/skralllyklar\/product\/usag-skralllykill-10mm-d-285-ka-u02856010d\/","og_site_name":"V\u00e9lar &amp; Verkf\u00e6ri","article_publisher":"https:\/\/www.facebook.com\/VelarOgVerkfaeri","article_modified_time":"2026-03-05T15:30:43+00:00","twitter_card":"summary_large_image","schema":{"@context":"https:\/\/schema.org","@graph":[{"@type":"WebPage","@id":"https:\/\/velarogverkfaeri.is\/verkfaeralausnir\/handverkfaeri\/skralllyklar\/product\/usag-skralllykill-10mm-d-285-ka-u02856010d\/","url":"https:\/\/velarogverkfaeri.is\/verkfaeralausnir\/handverkfaeri\/skralllyklar\/product\/usag-skralllykill-10mm-d-285-ka-u02856010d\/","name":"USAG Skralllykill 10mm D 285 KA U02856010D - V\u00e9lar &amp; Verkf\u00e6ri","isPartOf":{"@id":"https:\/\/velarogverkfaeri.is\/en\/#website"},"primaryImageOfPage":{"@id":"https:\/\/velarogverkfaeri.is\/verkfaeralausnir\/handverkfaeri\/skralllyklar\/product\/usag-skralllykill-10mm-d-285-ka-u02856010d\/#primaryimage"},"image":{"@id":"https:\/\/velarogverkfaeri.is\/verkfaeralausnir\/handverkfaeri\/skralllyklar\/product\/usag-skralllykill-10mm-d-285-ka-u02856010d\/#primaryimage"},"thumbnailUrl":"https:\/\/velarogverkfaeri.is\/wp-content\/uploads\/2026\/03\/ea98f12f-7da4-4956-91c1-b6aa73e44897.png","datePublished":"2023-04-28T17:45:36+00:00","dateModified":"2026-03-05T15:30:43+00:00","breadcrumb":{"@id":"https:\/\/velarogverkfaeri.is\/verkfaeralausnir\/handverkfaeri\/skralllyklar\/product\/usag-skralllykill-10mm-d-285-ka-u02856010d\/#breadcrumb"},"inLanguage":"en-US","potentialAction":[{"@type":"ReadAction","target":["https:\/\/velarogverkfaeri.is\/verkfaeralausnir\/handverkfaeri\/skralllyklar\/product\/usag-skralllykill-10mm-d-285-ka-u02856010d\/"]}]},{"@type":"ImageObject","inLanguage":"en-US","@id":"https:\/\/velarogverkfaeri.is\/verkfaeralausnir\/handverkfaeri\/skralllyklar\/product\/usag-skralllykill-10mm-d-285-ka-u02856010d\/#primaryimage","url":"https:\/\/velarogverkfaeri.is\/wp-content\/uploads\/2026\/03\/ea98f12f-7da4-4956-91c1-b6aa73e44897.png","contentUrl":"https:\/\/velarogverkfaeri.is\/wp-content\/uploads\/2026\/03\/ea98f12f-7da4-4956-91c1-b6aa73e44897.png","width":757,"height":318},{"@type":"BreadcrumbList","@id":"https:\/\/velarogverkfaeri.is\/verkfaeralausnir\/handverkfaeri\/skralllyklar\/product\/usag-skralllykill-10mm-d-285-ka-u02856010d\/#breadcrumb","itemListElement":[{"@type":"ListItem","position":1,"name":"Home","item":"https:\/\/velarogverkfaeri.is\/"},{"@type":"ListItem","position":2,"name":"Vefverslun","item":"https:\/\/velarogverkfaeri.is\/vefverslun\/"},{"@type":"ListItem","position":3,"name":"USAG Skralllykill 10mm D 285 KA U02856010D"}]},{"@type":"WebSite","@id":"https:\/\/velarogverkfaeri.is\/en\/#website","url":"https:\/\/velarogverkfaeri.is\/en\/","name":"V\u00e9lar & Verkf\u00e6ri","description":"Umbo\u00f0s- og heildverslun fr\u00e1 \u00e1rinu 1919","publisher":{"@id":"https:\/\/velarogverkfaeri.is\/en\/#organization"},"potentialAction":[{"@type":"SearchAction","target":{"@type":"EntryPoint","urlTemplate":"https:\/\/velarogverkfaeri.is\/en\/?s={search_term_string}"},"query-input":{"@type":"PropertyValueSpecification","valueRequired":true,"valueName":"search_term_string"}}],"inLanguage":"en-US"},{"@type":"Organization","@id":"https:\/\/velarogverkfaeri.is\/en\/#organization","name":"V\u00e9lar & Verkf\u00e6ri","url":"https:\/\/velarogverkfaeri.is\/en\/","logo":{"@type":"ImageObject","inLanguage":"en-US","@id":"https:\/\/velarogverkfaeri.is\/en\/#\/schema\/logo\/image\/","url":"https:\/\/velarogverkfaeri.is\/wp-content\/uploads\/2021\/10\/vv_logo_350x100.png","contentUrl":"https:\/\/velarogverkfaeri.is\/wp-content\/uploads\/2021\/10\/vv_logo_350x100.png","width":350,"height":100,"caption":"V\u00e9lar & Verkf\u00e6ri"},"image":{"@id":"https:\/\/velarogverkfaeri.is\/en\/#\/schema\/logo\/image\/"},"sameAs":["https:\/\/www.facebook.com\/VelarOgVerkfaeri"]}]}},"_links":{"self":[{"href":"https:\/\/velarogverkfaeri.is\/en\/wp-json\/wp\/v2\/product\/70443","targetHints":{"allow":["GET"]}}],"collection":[{"href":"https:\/\/velarogverkfaeri.is\/en\/wp-json\/wp\/v2\/product"}],"about":[{"href":"https:\/\/velarogverkfaeri.is\/en\/wp-json\/wp\/v2\/types\/product"}],"replies":[{"embeddable":true,"href":"https:\/\/velarogverkfaeri.is\/en\/wp-json\/wp\/v2\/comments?post=70443"}],"wp:featuredmedia":[{"embeddable":true,"href":"https:\/\/velarogverkfaeri.is\/en\/wp-json\/wp\/v2\/media\/81000"}],"wp:attachment":[{"href":"https:\/\/velarogverkfaeri.is\/en\/wp-json\/wp\/v2\/media?parent=70443"}],"wp:term":[{"taxonomy":"product_brand","embeddable":true,"href":"https:\/\/velarogverkfaeri.is\/en\/wp-json\/wp\/v2\/product_brand?post=70443"},{"taxonomy":"product_cat","embeddable":true,"href":"https:\/\/velarogverkfaeri.is\/en\/wp-json\/wp\/v2\/product_cat?post=70443"},{"taxonomy":"product_tag","embeddable":true,"href":"https:\/\/velarogverkfaeri.is\/en\/wp-json\/wp\/v2\/product_tag?post=70443"}],"curies":[{"name":"wp","href":"https:\/\/api.w.org\/{rel}","templated":true}]}}