{"id":70351,"date":"2025-02-15T16:41:08","date_gmt":"2025-02-15T16:41:08","guid":{"rendered":"https:\/\/velarogverkfaeri.is\/?post_type=product&#038;p=70351"},"modified":"2026-05-15T10:17:07","modified_gmt":"2026-05-15T10:17:07","slug":"skil-kedjusog-hledslu-20v-max-1x4-0ah","status":"publish","type":"product","link":"https:\/\/velarogverkfaeri.is\/en\/verkfaeralausnir\/gardverkfaeri\/gardverkfaeri-rafhloduknuin\/product\/skil-kedjusog-hledslu-20v-max-1x4-0ah\/","title":{"rendered":"SKIL Ke\u00f0jus\u00f6g hle\u00f0slu 20V Max 1&#215;4.0Ah"},"content":{"rendered":"<p data-start=\"425\" data-end=\"657\"><strong data-start=\"425\" data-end=\"453\">SKIL ke\u00f0jus\u00f6g GS1E0534AA<\/strong> er h\u00f6nnu\u00f0 me\u00f0 notandann \u00ed huga \u2013 \u00f6flug, \u00f6rugg og einf\u00f6ld \u00ed notkun. Ke\u00f0jus\u00f6gin er me\u00f0 2.000 W rafm\u00f3tor sem tryggir mikil afk\u00f6st og st\u00f6\u00f0ugan kraft fyrir krefjandi verkefni \u00e1 heimilinu e\u00f0a \u00ed sumarb\u00fasta\u00f0num.<\/p>\n<p data-start=\"659\" data-end=\"925\">Sver\u00f0i\u00f0 er 35 cm langt og hentar \u00fev\u00ed vel til a\u00f0 saga me\u00f0alst\u00f3ra trj\u00e1boli, greinar og eldivi\u00f0. Ke\u00f0jan er spennanleg \u00e1n verkf\u00e6ra (\u201etool-less chain tensioning\u201c) sem gerir vi\u00f0hald einfalt og flj\u00f3tlegt. Sj\u00e1lfvirkt smurkerfi heldur ke\u00f0junni \u00ed toppformi og dregur \u00far sliti.<\/p>\n<\/p>\n<p data-start=\"927\" data-end=\"1157\">\u00d6ryggi\u00f0 er \u00ed fyrirr\u00fami me\u00f0 tv\u00f6faldri v\u00f6rn: ke\u00f0jubremsa og ke\u00f0juvernd st\u00f6\u00f0va s\u00f6gina samstundis ef eitthva\u00f0 breg\u00f0ur \u00fat af.&nbsp;<\/p>\n<p data-start=\"927\" data-end=\"1157\">Eiginleikar:<\/p>\n<ul>\n<li><strong data-start=\"1197\" data-end=\"1207\">M\u00f3tor:<\/strong> 2.000 W rafmagnsm\u00f3tor<\/li>\n<li><strong data-start=\"1234\" data-end=\"1250\">Sver\u00f0slengd:<\/strong> 35 cm<\/li>\n<li><strong data-start=\"1261\" data-end=\"1276\">Ke\u00f0juhra\u00f0i:<\/strong> u.\u00fe.b. 13,5 m\/sek<\/li>\n<li><strong data-start=\"1299\" data-end=\"1326\">Ke\u00f0juspenna \u00e1n verkf\u00e6ra<\/strong><\/li>\n<li><strong data-start=\"1331\" data-end=\"1358\">Sj\u00e1lfvirk ke\u00f0jusmurning<\/strong><\/li>\n<li><strong data-start=\"1363\" data-end=\"1397\">Ke\u00f0jubremsa fyrir auki\u00f0 \u00f6ryggi<\/strong><\/li>\n<li><strong data-start=\"1363\" data-end=\"1397\">E<\/strong><strong data-start=\"1402\" data-end=\"1439\">rg\u00f3n\u00f3m\u00edsk h\u00f6nnun me\u00f0 mj\u00faku gripi<\/strong><\/li>\n<li><strong data-start=\"1444\" data-end=\"1454\">\u00deyngd:<\/strong> u.\u00fe.b. 5,5 kg<\/li>\n<\/ul>","protected":false},"excerpt":{"rendered":"<p>\u00d6flug og notendav\u00e6n rafmagnske\u00f0jus\u00f6g fr\u00e1 SKIL \u2013 GS1E0534AA \u2013 tilvalin \u00ed gar\u00f0vinnu, eldivi\u00f0 e\u00f0a \u00f6nnur tr\u00e9verk. 2.000 W m\u00f3tor, 35 cm sver\u00f0 og sj\u00e1lfvirk ke\u00f0juol\u00eda tryggja \u00f6ryggi og n\u00e1kv\u00e6mni.<\/p>","protected":false},"featured_media":73161,"comment_status":"closed","ping_status":"closed","template":"","meta":[],"product_brand":[],"product_cat":[587,797,515],"product_tag":[1023,923],"class_list":{"0":"post-70351","1":"product","2":"type-product","3":"status-publish","4":"has-post-thumbnail","6":"product_cat-gardverkfaeri","7":"product_cat-gardverkfaeri-rafhloduknuin","8":"product_cat-verkfaeralausnir","9":"product_tag-skil","10":"product_tag-skilgardurinn","12":"first","13":"instock","14":"taxable","15":"shipping-taxable","16":"purchasable","17":"product-type-simple"},"yoast_head":"<!-- This site is optimized with the Yoast SEO plugin v27.6 - https:\/\/yoast.com\/product\/yoast-seo-wordpress\/ -->\n<title>SKIL Ke\u00f0jus\u00f6g hle\u00f0slu 20V Max 1x4.0Ah - V\u00e9lar &amp; Verkf\u00e6ri<\/title>\n<meta name=\"robots\" content=\"index, follow, max-snippet:-1, max-image-preview:large, max-video-preview:-1\" \/>\n<link rel=\"canonical\" href=\"https:\/\/velarogverkfaeri.is\/en\/verkfaeralausnir\/gardverkfaeri\/gardverkfaeri-rafhloduknuin\/product\/skil-kedjusog-hledslu-20v-max-1x4-0ah\/\" \/>\n<meta property=\"og:locale\" content=\"en_US\" \/>\n<meta property=\"og:type\" content=\"article\" \/>\n<meta property=\"og:title\" content=\"SKIL Ke\u00f0jus\u00f6g hle\u00f0slu 20V Max 1x4.0Ah - V\u00e9lar &amp; Verkf\u00e6ri\" \/>\n<meta property=\"og:description\" content=\"\u00d6flug og notendav\u00e6n rafmagnske\u00f0jus\u00f6g fr\u00e1 SKIL \u2013 GS1E0534AA \u2013 tilvalin \u00ed gar\u00f0vinnu, eldivi\u00f0 e\u00f0a \u00f6nnur tr\u00e9verk. 2.000 W m\u00f3tor, 35 cm sver\u00f0 og sj\u00e1lfvirk ke\u00f0juol\u00eda tryggja \u00f6ryggi og n\u00e1kv\u00e6mni.\" \/>\n<meta property=\"og:url\" content=\"https:\/\/velarogverkfaeri.is\/en\/verkfaeralausnir\/gardverkfaeri\/gardverkfaeri-rafhloduknuin\/product\/skil-kedjusog-hledslu-20v-max-1x4-0ah\/\" \/>\n<meta property=\"og:site_name\" content=\"V\u00e9lar &amp; Verkf\u00e6ri\" \/>\n<meta property=\"article:publisher\" content=\"https:\/\/www.facebook.com\/VelarOgVerkfaeri\" \/>\n<meta property=\"article:modified_time\" content=\"2026-05-15T10:17:07+00:00\" \/>\n<meta property=\"og:image\" content=\"https:\/\/velarogverkfaeri.is\/wp-content\/uploads\/2025\/07\/d7766e10-7523-4421-b401-8f00e002840a.png\" \/>\n\t<meta property=\"og:image:width\" content=\"991\" \/>\n\t<meta property=\"og:image:height\" content=\"989\" \/>\n\t<meta property=\"og:image:type\" content=\"image\/png\" \/>\n<meta name=\"twitter:card\" content=\"summary_large_image\" \/>\n<meta name=\"twitter:label1\" content=\"Est. reading time\" \/>\n\t<meta name=\"twitter:data1\" content=\"1 minute\" \/>\n<script type=\"application\/ld+json\" class=\"yoast-schema-graph\">{\"@context\":\"https:\\\/\\\/schema.org\",\"@graph\":[{\"@type\":\"WebPage\",\"@id\":\"https:\\\/\\\/velarogverkfaeri.is\\\/verkfaeralausnir\\\/gardverkfaeri\\\/gardverkfaeri-rafhloduknuin\\\/product\\\/skil-kedjusog-hledslu-20v-max-1x4-0ah\\\/\",\"url\":\"https:\\\/\\\/velarogverkfaeri.is\\\/verkfaeralausnir\\\/gardverkfaeri\\\/gardverkfaeri-rafhloduknuin\\\/product\\\/skil-kedjusog-hledslu-20v-max-1x4-0ah\\\/\",\"name\":\"SKIL Ke\u00f0jus\u00f6g hle\u00f0slu 20V Max 1x4.0Ah - V\u00e9lar &amp; Verkf\u00e6ri\",\"isPartOf\":{\"@id\":\"https:\\\/\\\/velarogverkfaeri.is\\\/en\\\/#website\"},\"primaryImageOfPage\":{\"@id\":\"https:\\\/\\\/velarogverkfaeri.is\\\/verkfaeralausnir\\\/gardverkfaeri\\\/gardverkfaeri-rafhloduknuin\\\/product\\\/skil-kedjusog-hledslu-20v-max-1x4-0ah\\\/#primaryimage\"},\"image\":{\"@id\":\"https:\\\/\\\/velarogverkfaeri.is\\\/verkfaeralausnir\\\/gardverkfaeri\\\/gardverkfaeri-rafhloduknuin\\\/product\\\/skil-kedjusog-hledslu-20v-max-1x4-0ah\\\/#primaryimage\"},\"thumbnailUrl\":\"https:\\\/\\\/velarogverkfaeri.is\\\/wp-content\\\/uploads\\\/2025\\\/07\\\/d7766e10-7523-4421-b401-8f00e002840a.png\",\"datePublished\":\"2025-02-15T16:41:08+00:00\",\"dateModified\":\"2026-05-15T10:17:07+00:00\",\"breadcrumb\":{\"@id\":\"https:\\\/\\\/velarogverkfaeri.is\\\/verkfaeralausnir\\\/gardverkfaeri\\\/gardverkfaeri-rafhloduknuin\\\/product\\\/skil-kedjusog-hledslu-20v-max-1x4-0ah\\\/#breadcrumb\"},\"inLanguage\":\"en-US\",\"potentialAction\":[{\"@type\":\"ReadAction\",\"target\":[\"https:\\\/\\\/velarogverkfaeri.is\\\/verkfaeralausnir\\\/gardverkfaeri\\\/gardverkfaeri-rafhloduknuin\\\/product\\\/skil-kedjusog-hledslu-20v-max-1x4-0ah\\\/\"]}]},{\"@type\":\"ImageObject\",\"inLanguage\":\"en-US\",\"@id\":\"https:\\\/\\\/velarogverkfaeri.is\\\/verkfaeralausnir\\\/gardverkfaeri\\\/gardverkfaeri-rafhloduknuin\\\/product\\\/skil-kedjusog-hledslu-20v-max-1x4-0ah\\\/#primaryimage\",\"url\":\"https:\\\/\\\/velarogverkfaeri.is\\\/wp-content\\\/uploads\\\/2025\\\/07\\\/d7766e10-7523-4421-b401-8f00e002840a.png\",\"contentUrl\":\"https:\\\/\\\/velarogverkfaeri.is\\\/wp-content\\\/uploads\\\/2025\\\/07\\\/d7766e10-7523-4421-b401-8f00e002840a.png\",\"width\":991,\"height\":989},{\"@type\":\"BreadcrumbList\",\"@id\":\"https:\\\/\\\/velarogverkfaeri.is\\\/verkfaeralausnir\\\/gardverkfaeri\\\/gardverkfaeri-rafhloduknuin\\\/product\\\/skil-kedjusog-hledslu-20v-max-1x4-0ah\\\/#breadcrumb\",\"itemListElement\":[{\"@type\":\"ListItem\",\"position\":1,\"name\":\"Home\",\"item\":\"https:\\\/\\\/velarogverkfaeri.is\\\/\"},{\"@type\":\"ListItem\",\"position\":2,\"name\":\"Vefverslun\",\"item\":\"https:\\\/\\\/velarogverkfaeri.is\\\/vefverslun\\\/\"},{\"@type\":\"ListItem\",\"position\":3,\"name\":\"SKIL Ke\u00f0jus\u00f6g hle\u00f0slu 20V Max 1&#215;4.0Ah\"}]},{\"@type\":\"WebSite\",\"@id\":\"https:\\\/\\\/velarogverkfaeri.is\\\/en\\\/#website\",\"url\":\"https:\\\/\\\/velarogverkfaeri.is\\\/en\\\/\",\"name\":\"V\u00e9lar & Verkf\u00e6ri\",\"description\":\"Umbo\u00f0s- og heildverslun fr\u00e1 \u00e1rinu 1919\",\"publisher\":{\"@id\":\"https:\\\/\\\/velarogverkfaeri.is\\\/en\\\/#organization\"},\"potentialAction\":[{\"@type\":\"SearchAction\",\"target\":{\"@type\":\"EntryPoint\",\"urlTemplate\":\"https:\\\/\\\/velarogverkfaeri.is\\\/en\\\/?s={search_term_string}\"},\"query-input\":{\"@type\":\"PropertyValueSpecification\",\"valueRequired\":true,\"valueName\":\"search_term_string\"}}],\"inLanguage\":\"en-US\"},{\"@type\":\"Organization\",\"@id\":\"https:\\\/\\\/velarogverkfaeri.is\\\/en\\\/#organization\",\"name\":\"V\u00e9lar & Verkf\u00e6ri\",\"url\":\"https:\\\/\\\/velarogverkfaeri.is\\\/en\\\/\",\"logo\":{\"@type\":\"ImageObject\",\"inLanguage\":\"en-US\",\"@id\":\"https:\\\/\\\/velarogverkfaeri.is\\\/en\\\/#\\\/schema\\\/logo\\\/image\\\/\",\"url\":\"https:\\\/\\\/velarogverkfaeri.is\\\/wp-content\\\/uploads\\\/2021\\\/10\\\/vv_logo_350x100.png\",\"contentUrl\":\"https:\\\/\\\/velarogverkfaeri.is\\\/wp-content\\\/uploads\\\/2021\\\/10\\\/vv_logo_350x100.png\",\"width\":350,\"height\":100,\"caption\":\"V\u00e9lar & Verkf\u00e6ri\"},\"image\":{\"@id\":\"https:\\\/\\\/velarogverkfaeri.is\\\/en\\\/#\\\/schema\\\/logo\\\/image\\\/\"},\"sameAs\":[\"https:\\\/\\\/www.facebook.com\\\/VelarOgVerkfaeri\"]}]}<\/script>\n<!-- \/ Yoast SEO plugin. -->","yoast_head_json":{"title":"SKIL Ke\u00f0jus\u00f6g hle\u00f0slu 20V Max 1x4.0Ah - V\u00e9lar &amp; Verkf\u00e6ri","robots":{"index":"index","follow":"follow","max-snippet":"max-snippet:-1","max-image-preview":"max-image-preview:large","max-video-preview":"max-video-preview:-1"},"canonical":"https:\/\/velarogverkfaeri.is\/en\/verkfaeralausnir\/gardverkfaeri\/gardverkfaeri-rafhloduknuin\/product\/skil-kedjusog-hledslu-20v-max-1x4-0ah\/","og_locale":"en_US","og_type":"article","og_title":"SKIL Ke\u00f0jus\u00f6g hle\u00f0slu 20V Max 1x4.0Ah - V\u00e9lar &amp; Verkf\u00e6ri","og_description":"\u00d6flug og notendav\u00e6n rafmagnske\u00f0jus\u00f6g fr\u00e1 SKIL \u2013 GS1E0534AA \u2013 tilvalin \u00ed gar\u00f0vinnu, eldivi\u00f0 e\u00f0a \u00f6nnur tr\u00e9verk. 2.000 W m\u00f3tor, 35 cm sver\u00f0 og sj\u00e1lfvirk ke\u00f0juol\u00eda tryggja \u00f6ryggi og n\u00e1kv\u00e6mni.","og_url":"https:\/\/velarogverkfaeri.is\/en\/verkfaeralausnir\/gardverkfaeri\/gardverkfaeri-rafhloduknuin\/product\/skil-kedjusog-hledslu-20v-max-1x4-0ah\/","og_site_name":"V\u00e9lar &amp; Verkf\u00e6ri","article_publisher":"https:\/\/www.facebook.com\/VelarOgVerkfaeri","article_modified_time":"2026-05-15T10:17:07+00:00","og_image":[{"width":991,"height":989,"url":"https:\/\/velarogverkfaeri.is\/wp-content\/uploads\/2025\/07\/d7766e10-7523-4421-b401-8f00e002840a.png","type":"image\/png"}],"twitter_card":"summary_large_image","twitter_misc":{"Est. reading time":"1 minute"},"schema":{"@context":"https:\/\/schema.org","@graph":[{"@type":"WebPage","@id":"https:\/\/velarogverkfaeri.is\/verkfaeralausnir\/gardverkfaeri\/gardverkfaeri-rafhloduknuin\/product\/skil-kedjusog-hledslu-20v-max-1x4-0ah\/","url":"https:\/\/velarogverkfaeri.is\/verkfaeralausnir\/gardverkfaeri\/gardverkfaeri-rafhloduknuin\/product\/skil-kedjusog-hledslu-20v-max-1x4-0ah\/","name":"SKIL Ke\u00f0jus\u00f6g hle\u00f0slu 20V Max 1x4.0Ah - V\u00e9lar &amp; Verkf\u00e6ri","isPartOf":{"@id":"https:\/\/velarogverkfaeri.is\/en\/#website"},"primaryImageOfPage":{"@id":"https:\/\/velarogverkfaeri.is\/verkfaeralausnir\/gardverkfaeri\/gardverkfaeri-rafhloduknuin\/product\/skil-kedjusog-hledslu-20v-max-1x4-0ah\/#primaryimage"},"image":{"@id":"https:\/\/velarogverkfaeri.is\/verkfaeralausnir\/gardverkfaeri\/gardverkfaeri-rafhloduknuin\/product\/skil-kedjusog-hledslu-20v-max-1x4-0ah\/#primaryimage"},"thumbnailUrl":"https:\/\/velarogverkfaeri.is\/wp-content\/uploads\/2025\/07\/d7766e10-7523-4421-b401-8f00e002840a.png","datePublished":"2025-02-15T16:41:08+00:00","dateModified":"2026-05-15T10:17:07+00:00","breadcrumb":{"@id":"https:\/\/velarogverkfaeri.is\/verkfaeralausnir\/gardverkfaeri\/gardverkfaeri-rafhloduknuin\/product\/skil-kedjusog-hledslu-20v-max-1x4-0ah\/#breadcrumb"},"inLanguage":"en-US","potentialAction":[{"@type":"ReadAction","target":["https:\/\/velarogverkfaeri.is\/verkfaeralausnir\/gardverkfaeri\/gardverkfaeri-rafhloduknuin\/product\/skil-kedjusog-hledslu-20v-max-1x4-0ah\/"]}]},{"@type":"ImageObject","inLanguage":"en-US","@id":"https:\/\/velarogverkfaeri.is\/verkfaeralausnir\/gardverkfaeri\/gardverkfaeri-rafhloduknuin\/product\/skil-kedjusog-hledslu-20v-max-1x4-0ah\/#primaryimage","url":"https:\/\/velarogverkfaeri.is\/wp-content\/uploads\/2025\/07\/d7766e10-7523-4421-b401-8f00e002840a.png","contentUrl":"https:\/\/velarogverkfaeri.is\/wp-content\/uploads\/2025\/07\/d7766e10-7523-4421-b401-8f00e002840a.png","width":991,"height":989},{"@type":"BreadcrumbList","@id":"https:\/\/velarogverkfaeri.is\/verkfaeralausnir\/gardverkfaeri\/gardverkfaeri-rafhloduknuin\/product\/skil-kedjusog-hledslu-20v-max-1x4-0ah\/#breadcrumb","itemListElement":[{"@type":"ListItem","position":1,"name":"Home","item":"https:\/\/velarogverkfaeri.is\/"},{"@type":"ListItem","position":2,"name":"Vefverslun","item":"https:\/\/velarogverkfaeri.is\/vefverslun\/"},{"@type":"ListItem","position":3,"name":"SKIL Ke\u00f0jus\u00f6g hle\u00f0slu 20V Max 1&#215;4.0Ah"}]},{"@type":"WebSite","@id":"https:\/\/velarogverkfaeri.is\/en\/#website","url":"https:\/\/velarogverkfaeri.is\/en\/","name":"V\u00e9lar & Verkf\u00e6ri","description":"Umbo\u00f0s- og heildverslun fr\u00e1 \u00e1rinu 1919","publisher":{"@id":"https:\/\/velarogverkfaeri.is\/en\/#organization"},"potentialAction":[{"@type":"SearchAction","target":{"@type":"EntryPoint","urlTemplate":"https:\/\/velarogverkfaeri.is\/en\/?s={search_term_string}"},"query-input":{"@type":"PropertyValueSpecification","valueRequired":true,"valueName":"search_term_string"}}],"inLanguage":"en-US"},{"@type":"Organization","@id":"https:\/\/velarogverkfaeri.is\/en\/#organization","name":"V\u00e9lar & Verkf\u00e6ri","url":"https:\/\/velarogverkfaeri.is\/en\/","logo":{"@type":"ImageObject","inLanguage":"en-US","@id":"https:\/\/velarogverkfaeri.is\/en\/#\/schema\/logo\/image\/","url":"https:\/\/velarogverkfaeri.is\/wp-content\/uploads\/2021\/10\/vv_logo_350x100.png","contentUrl":"https:\/\/velarogverkfaeri.is\/wp-content\/uploads\/2021\/10\/vv_logo_350x100.png","width":350,"height":100,"caption":"V\u00e9lar & Verkf\u00e6ri"},"image":{"@id":"https:\/\/velarogverkfaeri.is\/en\/#\/schema\/logo\/image\/"},"sameAs":["https:\/\/www.facebook.com\/VelarOgVerkfaeri"]}]}},"_links":{"self":[{"href":"https:\/\/velarogverkfaeri.is\/en\/wp-json\/wp\/v2\/product\/70351","targetHints":{"allow":["GET"]}}],"collection":[{"href":"https:\/\/velarogverkfaeri.is\/en\/wp-json\/wp\/v2\/product"}],"about":[{"href":"https:\/\/velarogverkfaeri.is\/en\/wp-json\/wp\/v2\/types\/product"}],"replies":[{"embeddable":true,"href":"https:\/\/velarogverkfaeri.is\/en\/wp-json\/wp\/v2\/comments?post=70351"}],"wp:featuredmedia":[{"embeddable":true,"href":"https:\/\/velarogverkfaeri.is\/en\/wp-json\/wp\/v2\/media\/73161"}],"wp:attachment":[{"href":"https:\/\/velarogverkfaeri.is\/en\/wp-json\/wp\/v2\/media?parent=70351"}],"wp:term":[{"taxonomy":"product_brand","embeddable":true,"href":"https:\/\/velarogverkfaeri.is\/en\/wp-json\/wp\/v2\/product_brand?post=70351"},{"taxonomy":"product_cat","embeddable":true,"href":"https:\/\/velarogverkfaeri.is\/en\/wp-json\/wp\/v2\/product_cat?post=70351"},{"taxonomy":"product_tag","embeddable":true,"href":"https:\/\/velarogverkfaeri.is\/en\/wp-json\/wp\/v2\/product_tag?post=70351"}],"curies":[{"name":"wp","href":"https:\/\/api.w.org\/{rel}","templated":true}]}}