{"id":70350,"date":"2025-02-15T16:26:12","date_gmt":"2025-02-15T16:26:12","guid":{"rendered":"https:\/\/velarogverkfaeri.is\/?post_type=product&#038;p=70350"},"modified":"2026-04-04T00:04:51","modified_gmt":"2026-04-04T00:04:51","slug":"skil-borvel-med-hoggi-kolalaus-motor-20v-max-2x2-0ah-3076hc","status":"publish","type":"product","link":"https:\/\/velarogverkfaeri.is\/en\/verkfaeralausnir\/rafmagnsverkfaeri\/hoggborvelar\/product\/skil-borvel-med-hoggi-kolalaus-motor-20v-max-2x2-0ah-3076hc\/","title":{"rendered":"SKIL Borv\u00e9l me\u00f0 h\u00f6ggi &#8211; kolalaus m\u00f3tor 20V Max 2&#215;2.0Ah 3076HC"},"content":{"rendered":"<h3 data-start=\"123\" data-end=\"160\">\ud83d\udd0b Helstu eiginleikar &amp; notagildi<\/h3>\n<h3 data-start=\"123\" data-end=\"160\"><span class=\"relative -mx-px my-[-0.2rem] rounded px-px py-[0.2rem] transition-colors duration-100 ease-in-out\" style=\"font-size: 14px;\"><strong data-start=\"0\" data-end=\"22\" data-is-only-node=\"\">Kolalaus rafm\u00f3tor<\/strong> gefur meiri kraft, skilvirkni og 10\u00d7 lengri l\u00edft\u00edma en hef\u00f0bundnir m\u00f3torar!<\/span><\/h3>\n<ul data-start=\"161\" data-end=\"779\">\n<li data-start=\"240\" data-end=\"451\">\n<p data-start=\"242\" data-end=\"279\"><span class=\"relative -mx-px my-[-0.2rem] rounded px-px py-[0.2rem] transition-colors duration-100 ease-in-out\"><strong data-start=\"0\" data-end=\"30\" data-is-only-node=\"\">4 lausnir \u00ed einum b\u00fana\u00f0i<\/strong>:<\/span><\/p>\n<ol data-start=\"282\" data-end=\"451\">\n<li data-start=\"282\" data-end=\"322\">\n<p data-start=\"285\" data-end=\"322\"><span class=\"relative -mx-px my-[-0.2rem] rounded px-px py-[0.2rem] transition-colors duration-100 ease-in-out\">10\u202fmm venjuleg sk\u00edfuhaus (chuck) fyrir almennar skr\u00fafu-\/borvirkni.<\/span><\/p>\n<\/li>\n<li data-start=\"325\" data-end=\"365\">\n<p data-start=\"328\" data-end=\"365\"><span class=\"relative -mx-px my-[-0.2rem] rounded px-px py-[0.2rem] transition-colors duration-100 ease-in-out\">R\u00e9ttvinkla\u00f0ur haus \u2013 fyrir \u00fer\u00f6ng r\u00fdmi.<\/span><\/p>\n<\/li>\n<li data-start=\"368\" data-end=\"408\">\n<p data-start=\"371\" data-end=\"408\"><span class=\"relative -mx-px my-[-0.2rem] rounded px-px py-[0.2rem] transition-colors duration-100 ease-in-out\">\u00de\u00e9ttar ja\u00f0ara\u00f0l\u00f6gn \u2013 til a\u00f0 bora n\u00e1l\u00e6gt veggjum.<\/span><\/p>\n<\/li>\n<li data-start=\"411\" data-end=\"451\">\n<p data-start=\"414\" data-end=\"451\"><span class=\"relative -mx-px my-[-0.2rem] rounded px-px py-[0.2rem] transition-colors duration-100 ease-in-out\">\u00bc\u2033 hex-bitahaldari \u2013 fyrir hra\u00f0bitaskipti og stutt heim.<\/span><\/p>\n<\/li>\n<\/ol>\n<\/li>\n<li data-start=\"452\" data-end=\"530\">\n<p data-start=\"454\" data-end=\"530\"><b>Mesta hersla: 60Nm<\/b><\/p>\n<\/li>\n<li data-start=\"531\" data-end=\"613\">\n<p data-start=\"533\" data-end=\"613\"><span class=\"relative -mx-px my-[-0.2rem] rounded px-px py-[0.2rem] transition-colors duration-100 ease-in-out\"><strong data-start=\"0\" data-end=\"17\" data-is-only-node=\"\">Tv\u00f6 hra\u00f0astig<\/strong>: Hra\u00f0ur fyrir borun, sterkur fyrir skr\u00fafuvinnu<\/span> .<\/p>\n<\/li>\n<li data-start=\"614\" data-end=\"696\">\n<p data-start=\"616\" data-end=\"696\"><span class=\"relative -mx-px my-[-0.2rem] rounded px-px py-[0.2rem] transition-colors duration-100 ease-in-out\"><strong data-start=\"0\" data-end=\"13\" data-is-only-node=\"\">H\u00f6ggborun<\/strong> \u2013 hentugur til a\u00f0 bora \u00ed m\u00far\/m\u00e1lm<\/span> .<\/p>\n<\/li>\n<li data-start=\"697\" data-end=\"779\">\n<p data-start=\"699\" data-end=\"779\"><span class=\"relative -mx-px my-[-0.2rem] rounded px-px py-[0.2rem] transition-colors duration-100 ease-in-out\"><strong data-start=\"0\" data-end=\"19\" data-is-only-node=\"\">\u00d6flugt LED lj\u00f3s<\/strong> me\u00f0 tveimur stillingum og sj\u00e1lfvirkri sl\u00f6kkun eftir 10 m\u00edn.<\/span> .<\/p>\n<\/li>\n<\/ul>\n<hr data-start=\"781\" data-end=\"784\">\n<h3 data-start=\"786\" data-end=\"815\">\u2699\ufe0f T\u00e6kni- &amp; afkastal\u00fdsing<\/h3>\n<h3 data-start=\"786\" data-end=\"815\"><span class=\"relative -mx-px my-[-0.2rem] rounded px-px py-[0.2rem] transition-colors duration-100 ease-in-out\" style=\"font-size: 14px;\">20\u202fV Max, PWRCORE\u202f20\u2122 rafhl\u00f6\u00f0u- og hle\u00f0slut\u00e6kni<\/span><span style=\"font-size: 14px;\">&nbsp;<\/span><\/h3>\n<ul data-start=\"816\" data-end=\"1394\">\n<li data-start=\"1024\" data-end=\"1106\">\n<p data-start=\"1026\" data-end=\"1106\"><span class=\"relative -mx-px my-[-0.2rem] rounded px-px py-[0.2rem] transition-colors duration-100 ease-in-out\"><strong data-start=\"0\" data-end=\"14\" data-is-only-node=\"\">H\u00f6gg\/m\u00edn\u00fatu<\/strong>: 0\u20137\u202f500 \/\u202f0\u201327\u202f000 h\u00f6gg\/m\u00edn<\/span> .<\/p>\n<\/li>\n<li data-start=\"1190\" data-end=\"1272\">\n<p data-start=\"1192\" data-end=\"1272\"><span class=\"relative -mx-px my-[-0.2rem] rounded px-px py-[0.2rem] transition-colors duration-100 ease-in-out\"><b>Mesta borun<\/b>: 50\u202fmm (vi\u00f0ur), 13\u202fmm (st\u00e1l\/m\u00far)<\/span><\/p>\n<\/li>\n<li data-start=\"1273\" data-end=\"1394\">\n<p data-start=\"1275\" data-end=\"1394\"><span class=\"relative -mx-px my-[-0.2rem] rounded px-px py-[0.2rem] transition-colors duration-100 ease-in-out\"><strong data-start=\"0\" data-end=\"9\" data-is-only-node=\"\">\u00deyngd<\/strong>: 0,74\u202fkg \u00e1n rafhl\u00f6\u00f0u<\/span>  <span class=\"relative -mx-px my-[-0.2rem] rounded px-px py-[0.2rem] transition-colors duration-100 ease-in-out\">\u2013 l\u00e9ttur og \u00fe\u00e6gilegur til notkunar, jafnvel ofan \u00ed sk\u00e1p.<\/span><\/p>\n<\/li>\n<\/ul>\n<hr data-start=\"1396\" data-end=\"1399\">\n<h3 data-start=\"1401\" data-end=\"1431\">Innihald pakkningar<\/h3>\n<ul data-start=\"1432\" data-end=\"1639\">\n<li data-start=\"1432\" data-end=\"1473\">\n<p data-start=\"1434\" data-end=\"1473\"><span class=\"relative -mx-px my-[-0.2rem] rounded px-px py-[0.2rem] transition-colors duration-100 ease-in-out\">SKIL\u202f3076\u202fHC bor-\/skr\u00fafut\u00e6ki me\u00f0 fj\u00f3rum hausum<\/span><\/p>\n<\/li>\n<li data-start=\"1474\" data-end=\"1515\">\n<p data-start=\"1476\" data-end=\"1515\"><span class=\"relative -mx-px my-[-0.2rem] rounded px-px py-[0.2rem] transition-colors duration-100 ease-in-out\">2\u00d7 20\u202fV Max 2,0\u202fAh Li\u2011Ion rafhl\u00f6\u00f0ur (KEEPCOOL\u2122)<\/span><\/p>\n<\/li>\n<li data-start=\"1516\" data-end=\"1557\">\n<p data-start=\"1518\" data-end=\"1557\"><span class=\"relative -mx-px my-[-0.2rem] rounded px-px py-[0.2rem] transition-colors duration-100 ease-in-out\">Hle\u00f0slut\u00e6ki (fastur 2,4\u202fA hra\u00f0hle\u00f0slut\u00e6ki \u2013 60 m\u00edn)<\/span><\/p>\n<\/li>\n<li data-start=\"1558\" data-end=\"1639\">\n<p data-start=\"1560\" data-end=\"1639\"><span class=\"relative -mx-px my-[-0.2rem] rounded px-px py-[0.2rem] transition-colors duration-100 ease-in-out\">Samanleggjanlegur flutningskassi<\/span>&nbsp;<\/p>\n<\/li>\n<\/ul>\n<ul data-start=\"1671\" data-end=\"2046\">\n<li data-start=\"1989\" data-end=\"2046\">\n<\/li>\n<\/ul>\n<hr data-start=\"2048\" data-end=\"2051\">\n<h3 data-start=\"2053\" data-end=\"2077\">\ud83c\udfe1 Hentar vel fyrir\u2026<\/h3>\n<\/p>\n<ul data-start=\"2078\" data-end=\"2275\">\n<li data-start=\"2078\" data-end=\"2134\">\n<p data-start=\"2080\" data-end=\"2134\">Uppbyggingu \u00e1 heimili, verandar- og pallasm\u00ed\u00f0i<\/p>\n<\/li>\n<li data-start=\"2135\" data-end=\"2173\">\n<p data-start=\"2137\" data-end=\"2173\">Boranir \u00ed vatnshelt efni eins og m\u00far<\/p>\n<\/li>\n<li data-start=\"2174\" data-end=\"2205\">\n<p data-start=\"2176\" data-end=\"2205\">Hra\u00f0a samsetningu og skr\u00fafuvinnu<\/p>\n<\/li>\n<\/ul>\n","protected":false},"excerpt":{"rendered":"<p>Kr\u00f6ftug h\u00f6ggborv\u00e9l me\u00f0 fj\u00f6lbreyttum hausum<\/p>","protected":false},"featured_media":72976,"comment_status":"closed","ping_status":"closed","template":"","meta":[],"product_brand":[],"product_cat":[733,592,515],"product_tag":[1023],"class_list":{"0":"post-70350","1":"product","2":"type-product","3":"status-publish","4":"has-post-thumbnail","6":"product_cat-hoggborvelar","7":"product_cat-rafmagnsverkfaeri","8":"product_cat-verkfaeralausnir","9":"product_tag-skil","11":"first","12":"instock","13":"taxable","14":"shipping-taxable","15":"purchasable","16":"product-type-simple"},"yoast_head":"<!-- This site is optimized with the Yoast SEO plugin v27.3 - https:\/\/yoast.com\/product\/yoast-seo-wordpress\/ -->\n<title>SKIL Borv\u00e9l me\u00f0 h\u00f6ggi - kolalaus m\u00f3tor 20V Max 2x2.0Ah 3076HC - V\u00e9lar &amp; Verkf\u00e6ri<\/title>\n<meta name=\"robots\" content=\"index, follow, max-snippet:-1, max-image-preview:large, max-video-preview:-1\" \/>\n<link rel=\"canonical\" href=\"https:\/\/velarogverkfaeri.is\/en\/verkfaeralausnir\/rafmagnsverkfaeri\/hoggborvelar\/product\/skil-borvel-med-hoggi-kolalaus-motor-20v-max-2x2-0ah-3076hc\/\" \/>\n<meta property=\"og:locale\" content=\"en_US\" \/>\n<meta property=\"og:type\" content=\"article\" \/>\n<meta property=\"og:title\" content=\"SKIL Borv\u00e9l me\u00f0 h\u00f6ggi - kolalaus m\u00f3tor 20V Max 2x2.0Ah 3076HC - V\u00e9lar &amp; Verkf\u00e6ri\" \/>\n<meta property=\"og:description\" content=\"Kr\u00f6ftug h\u00f6ggborv\u00e9l me\u00f0 fj\u00f6lbreyttum hausum\" \/>\n<meta property=\"og:url\" content=\"https:\/\/velarogverkfaeri.is\/en\/verkfaeralausnir\/rafmagnsverkfaeri\/hoggborvelar\/product\/skil-borvel-med-hoggi-kolalaus-motor-20v-max-2x2-0ah-3076hc\/\" \/>\n<meta property=\"og:site_name\" content=\"V\u00e9lar &amp; Verkf\u00e6ri\" \/>\n<meta property=\"article:publisher\" content=\"https:\/\/www.facebook.com\/VelarOgVerkfaeri\" \/>\n<meta property=\"article:modified_time\" content=\"2026-04-04T00:04:51+00:00\" \/>\n<meta property=\"og:image\" content=\"https:\/\/velarogverkfaeri.is\/wp-content\/uploads\/2025\/06\/b493321d-a71f-4f34-bab2-dd4f51f3f9dc.png\" \/>\n\t<meta property=\"og:image:width\" content=\"1809\" \/>\n\t<meta property=\"og:image:height\" content=\"1163\" \/>\n\t<meta property=\"og:image:type\" content=\"image\/png\" \/>\n<meta name=\"twitter:card\" content=\"summary_large_image\" \/>\n<meta name=\"twitter:label1\" content=\"Est. reading time\" \/>\n\t<meta name=\"twitter:data1\" content=\"1 minute\" \/>\n<script type=\"application\/ld+json\" class=\"yoast-schema-graph\">{\"@context\":\"https:\\\/\\\/schema.org\",\"@graph\":[{\"@type\":\"WebPage\",\"@id\":\"https:\\\/\\\/velarogverkfaeri.is\\\/verkfaeralausnir\\\/rafmagnsverkfaeri\\\/hoggborvelar\\\/product\\\/skil-borvel-med-hoggi-kolalaus-motor-20v-max-2x2-0ah-3076hc\\\/\",\"url\":\"https:\\\/\\\/velarogverkfaeri.is\\\/verkfaeralausnir\\\/rafmagnsverkfaeri\\\/hoggborvelar\\\/product\\\/skil-borvel-med-hoggi-kolalaus-motor-20v-max-2x2-0ah-3076hc\\\/\",\"name\":\"SKIL Borv\u00e9l me\u00f0 h\u00f6ggi - kolalaus m\u00f3tor 20V Max 2x2.0Ah 3076HC - V\u00e9lar &amp; Verkf\u00e6ri\",\"isPartOf\":{\"@id\":\"https:\\\/\\\/velarogverkfaeri.is\\\/en\\\/#website\"},\"primaryImageOfPage\":{\"@id\":\"https:\\\/\\\/velarogverkfaeri.is\\\/verkfaeralausnir\\\/rafmagnsverkfaeri\\\/hoggborvelar\\\/product\\\/skil-borvel-med-hoggi-kolalaus-motor-20v-max-2x2-0ah-3076hc\\\/#primaryimage\"},\"image\":{\"@id\":\"https:\\\/\\\/velarogverkfaeri.is\\\/verkfaeralausnir\\\/rafmagnsverkfaeri\\\/hoggborvelar\\\/product\\\/skil-borvel-med-hoggi-kolalaus-motor-20v-max-2x2-0ah-3076hc\\\/#primaryimage\"},\"thumbnailUrl\":\"https:\\\/\\\/velarogverkfaeri.is\\\/wp-content\\\/uploads\\\/2025\\\/06\\\/b493321d-a71f-4f34-bab2-dd4f51f3f9dc.png\",\"datePublished\":\"2025-02-15T16:26:12+00:00\",\"dateModified\":\"2026-04-04T00:04:51+00:00\",\"breadcrumb\":{\"@id\":\"https:\\\/\\\/velarogverkfaeri.is\\\/verkfaeralausnir\\\/rafmagnsverkfaeri\\\/hoggborvelar\\\/product\\\/skil-borvel-med-hoggi-kolalaus-motor-20v-max-2x2-0ah-3076hc\\\/#breadcrumb\"},\"inLanguage\":\"en-US\",\"potentialAction\":[{\"@type\":\"ReadAction\",\"target\":[\"https:\\\/\\\/velarogverkfaeri.is\\\/verkfaeralausnir\\\/rafmagnsverkfaeri\\\/hoggborvelar\\\/product\\\/skil-borvel-med-hoggi-kolalaus-motor-20v-max-2x2-0ah-3076hc\\\/\"]}]},{\"@type\":\"ImageObject\",\"inLanguage\":\"en-US\",\"@id\":\"https:\\\/\\\/velarogverkfaeri.is\\\/verkfaeralausnir\\\/rafmagnsverkfaeri\\\/hoggborvelar\\\/product\\\/skil-borvel-med-hoggi-kolalaus-motor-20v-max-2x2-0ah-3076hc\\\/#primaryimage\",\"url\":\"https:\\\/\\\/velarogverkfaeri.is\\\/wp-content\\\/uploads\\\/2025\\\/06\\\/b493321d-a71f-4f34-bab2-dd4f51f3f9dc.png\",\"contentUrl\":\"https:\\\/\\\/velarogverkfaeri.is\\\/wp-content\\\/uploads\\\/2025\\\/06\\\/b493321d-a71f-4f34-bab2-dd4f51f3f9dc.png\",\"width\":1809,\"height\":1163},{\"@type\":\"BreadcrumbList\",\"@id\":\"https:\\\/\\\/velarogverkfaeri.is\\\/verkfaeralausnir\\\/rafmagnsverkfaeri\\\/hoggborvelar\\\/product\\\/skil-borvel-med-hoggi-kolalaus-motor-20v-max-2x2-0ah-3076hc\\\/#breadcrumb\",\"itemListElement\":[{\"@type\":\"ListItem\",\"position\":1,\"name\":\"Home\",\"item\":\"https:\\\/\\\/velarogverkfaeri.is\\\/\"},{\"@type\":\"ListItem\",\"position\":2,\"name\":\"Vefverslun\",\"item\":\"https:\\\/\\\/velarogverkfaeri.is\\\/vefverslun\\\/\"},{\"@type\":\"ListItem\",\"position\":3,\"name\":\"SKIL Borv\u00e9l me\u00f0 h\u00f6ggi &#8211; kolalaus m\u00f3tor 20V Max 2&#215;2.0Ah 3076HC\"}]},{\"@type\":\"WebSite\",\"@id\":\"https:\\\/\\\/velarogverkfaeri.is\\\/en\\\/#website\",\"url\":\"https:\\\/\\\/velarogverkfaeri.is\\\/en\\\/\",\"name\":\"V\u00e9lar & Verkf\u00e6ri\",\"description\":\"Umbo\u00f0s- og heildverslun fr\u00e1 \u00e1rinu 1919\",\"publisher\":{\"@id\":\"https:\\\/\\\/velarogverkfaeri.is\\\/en\\\/#organization\"},\"potentialAction\":[{\"@type\":\"SearchAction\",\"target\":{\"@type\":\"EntryPoint\",\"urlTemplate\":\"https:\\\/\\\/velarogverkfaeri.is\\\/en\\\/?s={search_term_string}\"},\"query-input\":{\"@type\":\"PropertyValueSpecification\",\"valueRequired\":true,\"valueName\":\"search_term_string\"}}],\"inLanguage\":\"en-US\"},{\"@type\":\"Organization\",\"@id\":\"https:\\\/\\\/velarogverkfaeri.is\\\/en\\\/#organization\",\"name\":\"V\u00e9lar & Verkf\u00e6ri\",\"url\":\"https:\\\/\\\/velarogverkfaeri.is\\\/en\\\/\",\"logo\":{\"@type\":\"ImageObject\",\"inLanguage\":\"en-US\",\"@id\":\"https:\\\/\\\/velarogverkfaeri.is\\\/en\\\/#\\\/schema\\\/logo\\\/image\\\/\",\"url\":\"https:\\\/\\\/velarogverkfaeri.is\\\/wp-content\\\/uploads\\\/2021\\\/10\\\/vv_logo_350x100.png\",\"contentUrl\":\"https:\\\/\\\/velarogverkfaeri.is\\\/wp-content\\\/uploads\\\/2021\\\/10\\\/vv_logo_350x100.png\",\"width\":350,\"height\":100,\"caption\":\"V\u00e9lar & Verkf\u00e6ri\"},\"image\":{\"@id\":\"https:\\\/\\\/velarogverkfaeri.is\\\/en\\\/#\\\/schema\\\/logo\\\/image\\\/\"},\"sameAs\":[\"https:\\\/\\\/www.facebook.com\\\/VelarOgVerkfaeri\"]}]}<\/script>\n<!-- \/ Yoast SEO plugin. -->","yoast_head_json":{"title":"SKIL Borv\u00e9l me\u00f0 h\u00f6ggi - kolalaus m\u00f3tor 20V Max 2x2.0Ah 3076HC - V\u00e9lar &amp; Verkf\u00e6ri","robots":{"index":"index","follow":"follow","max-snippet":"max-snippet:-1","max-image-preview":"max-image-preview:large","max-video-preview":"max-video-preview:-1"},"canonical":"https:\/\/velarogverkfaeri.is\/en\/verkfaeralausnir\/rafmagnsverkfaeri\/hoggborvelar\/product\/skil-borvel-med-hoggi-kolalaus-motor-20v-max-2x2-0ah-3076hc\/","og_locale":"en_US","og_type":"article","og_title":"SKIL Borv\u00e9l me\u00f0 h\u00f6ggi - kolalaus m\u00f3tor 20V Max 2x2.0Ah 3076HC - V\u00e9lar &amp; Verkf\u00e6ri","og_description":"Kr\u00f6ftug h\u00f6ggborv\u00e9l me\u00f0 fj\u00f6lbreyttum hausum","og_url":"https:\/\/velarogverkfaeri.is\/en\/verkfaeralausnir\/rafmagnsverkfaeri\/hoggborvelar\/product\/skil-borvel-med-hoggi-kolalaus-motor-20v-max-2x2-0ah-3076hc\/","og_site_name":"V\u00e9lar &amp; Verkf\u00e6ri","article_publisher":"https:\/\/www.facebook.com\/VelarOgVerkfaeri","article_modified_time":"2026-04-04T00:04:51+00:00","og_image":[{"width":1809,"height":1163,"url":"https:\/\/velarogverkfaeri.is\/wp-content\/uploads\/2025\/06\/b493321d-a71f-4f34-bab2-dd4f51f3f9dc.png","type":"image\/png"}],"twitter_card":"summary_large_image","twitter_misc":{"Est. reading time":"1 minute"},"schema":{"@context":"https:\/\/schema.org","@graph":[{"@type":"WebPage","@id":"https:\/\/velarogverkfaeri.is\/verkfaeralausnir\/rafmagnsverkfaeri\/hoggborvelar\/product\/skil-borvel-med-hoggi-kolalaus-motor-20v-max-2x2-0ah-3076hc\/","url":"https:\/\/velarogverkfaeri.is\/verkfaeralausnir\/rafmagnsverkfaeri\/hoggborvelar\/product\/skil-borvel-med-hoggi-kolalaus-motor-20v-max-2x2-0ah-3076hc\/","name":"SKIL Borv\u00e9l me\u00f0 h\u00f6ggi - kolalaus m\u00f3tor 20V Max 2x2.0Ah 3076HC - V\u00e9lar &amp; Verkf\u00e6ri","isPartOf":{"@id":"https:\/\/velarogverkfaeri.is\/en\/#website"},"primaryImageOfPage":{"@id":"https:\/\/velarogverkfaeri.is\/verkfaeralausnir\/rafmagnsverkfaeri\/hoggborvelar\/product\/skil-borvel-med-hoggi-kolalaus-motor-20v-max-2x2-0ah-3076hc\/#primaryimage"},"image":{"@id":"https:\/\/velarogverkfaeri.is\/verkfaeralausnir\/rafmagnsverkfaeri\/hoggborvelar\/product\/skil-borvel-med-hoggi-kolalaus-motor-20v-max-2x2-0ah-3076hc\/#primaryimage"},"thumbnailUrl":"https:\/\/velarogverkfaeri.is\/wp-content\/uploads\/2025\/06\/b493321d-a71f-4f34-bab2-dd4f51f3f9dc.png","datePublished":"2025-02-15T16:26:12+00:00","dateModified":"2026-04-04T00:04:51+00:00","breadcrumb":{"@id":"https:\/\/velarogverkfaeri.is\/verkfaeralausnir\/rafmagnsverkfaeri\/hoggborvelar\/product\/skil-borvel-med-hoggi-kolalaus-motor-20v-max-2x2-0ah-3076hc\/#breadcrumb"},"inLanguage":"en-US","potentialAction":[{"@type":"ReadAction","target":["https:\/\/velarogverkfaeri.is\/verkfaeralausnir\/rafmagnsverkfaeri\/hoggborvelar\/product\/skil-borvel-med-hoggi-kolalaus-motor-20v-max-2x2-0ah-3076hc\/"]}]},{"@type":"ImageObject","inLanguage":"en-US","@id":"https:\/\/velarogverkfaeri.is\/verkfaeralausnir\/rafmagnsverkfaeri\/hoggborvelar\/product\/skil-borvel-med-hoggi-kolalaus-motor-20v-max-2x2-0ah-3076hc\/#primaryimage","url":"https:\/\/velarogverkfaeri.is\/wp-content\/uploads\/2025\/06\/b493321d-a71f-4f34-bab2-dd4f51f3f9dc.png","contentUrl":"https:\/\/velarogverkfaeri.is\/wp-content\/uploads\/2025\/06\/b493321d-a71f-4f34-bab2-dd4f51f3f9dc.png","width":1809,"height":1163},{"@type":"BreadcrumbList","@id":"https:\/\/velarogverkfaeri.is\/verkfaeralausnir\/rafmagnsverkfaeri\/hoggborvelar\/product\/skil-borvel-med-hoggi-kolalaus-motor-20v-max-2x2-0ah-3076hc\/#breadcrumb","itemListElement":[{"@type":"ListItem","position":1,"name":"Home","item":"https:\/\/velarogverkfaeri.is\/"},{"@type":"ListItem","position":2,"name":"Vefverslun","item":"https:\/\/velarogverkfaeri.is\/vefverslun\/"},{"@type":"ListItem","position":3,"name":"SKIL Borv\u00e9l me\u00f0 h\u00f6ggi &#8211; kolalaus m\u00f3tor 20V Max 2&#215;2.0Ah 3076HC"}]},{"@type":"WebSite","@id":"https:\/\/velarogverkfaeri.is\/en\/#website","url":"https:\/\/velarogverkfaeri.is\/en\/","name":"V\u00e9lar & Verkf\u00e6ri","description":"Umbo\u00f0s- og heildverslun fr\u00e1 \u00e1rinu 1919","publisher":{"@id":"https:\/\/velarogverkfaeri.is\/en\/#organization"},"potentialAction":[{"@type":"SearchAction","target":{"@type":"EntryPoint","urlTemplate":"https:\/\/velarogverkfaeri.is\/en\/?s={search_term_string}"},"query-input":{"@type":"PropertyValueSpecification","valueRequired":true,"valueName":"search_term_string"}}],"inLanguage":"en-US"},{"@type":"Organization","@id":"https:\/\/velarogverkfaeri.is\/en\/#organization","name":"V\u00e9lar & Verkf\u00e6ri","url":"https:\/\/velarogverkfaeri.is\/en\/","logo":{"@type":"ImageObject","inLanguage":"en-US","@id":"https:\/\/velarogverkfaeri.is\/en\/#\/schema\/logo\/image\/","url":"https:\/\/velarogverkfaeri.is\/wp-content\/uploads\/2021\/10\/vv_logo_350x100.png","contentUrl":"https:\/\/velarogverkfaeri.is\/wp-content\/uploads\/2021\/10\/vv_logo_350x100.png","width":350,"height":100,"caption":"V\u00e9lar & Verkf\u00e6ri"},"image":{"@id":"https:\/\/velarogverkfaeri.is\/en\/#\/schema\/logo\/image\/"},"sameAs":["https:\/\/www.facebook.com\/VelarOgVerkfaeri"]}]}},"_links":{"self":[{"href":"https:\/\/velarogverkfaeri.is\/en\/wp-json\/wp\/v2\/product\/70350","targetHints":{"allow":["GET"]}}],"collection":[{"href":"https:\/\/velarogverkfaeri.is\/en\/wp-json\/wp\/v2\/product"}],"about":[{"href":"https:\/\/velarogverkfaeri.is\/en\/wp-json\/wp\/v2\/types\/product"}],"replies":[{"embeddable":true,"href":"https:\/\/velarogverkfaeri.is\/en\/wp-json\/wp\/v2\/comments?post=70350"}],"wp:featuredmedia":[{"embeddable":true,"href":"https:\/\/velarogverkfaeri.is\/en\/wp-json\/wp\/v2\/media\/72976"}],"wp:attachment":[{"href":"https:\/\/velarogverkfaeri.is\/en\/wp-json\/wp\/v2\/media?parent=70350"}],"wp:term":[{"taxonomy":"product_brand","embeddable":true,"href":"https:\/\/velarogverkfaeri.is\/en\/wp-json\/wp\/v2\/product_brand?post=70350"},{"taxonomy":"product_cat","embeddable":true,"href":"https:\/\/velarogverkfaeri.is\/en\/wp-json\/wp\/v2\/product_cat?post=70350"},{"taxonomy":"product_tag","embeddable":true,"href":"https:\/\/velarogverkfaeri.is\/en\/wp-json\/wp\/v2\/product_tag?post=70350"}],"curies":[{"name":"wp","href":"https:\/\/api.w.org\/{rel}","templated":true}]}}