{"id":69011,"date":"2024-12-04T12:12:45","date_gmt":"2024-12-04T12:12:45","guid":{"rendered":"https:\/\/velarogverkfaeri.is\/?post_type=product&#038;p=69011"},"modified":"2026-02-18T01:02:29","modified_gmt":"2026-02-18T01:02:29","slug":"smedbo-dot-klosettburstihaldari-svartur-tb332","status":"publish","type":"product","link":"https:\/\/velarogverkfaeri.is\/en\/lykillausnir\/badherbergi-lykillausnir\/salernisburstar-badherbergi-lykillausnir\/product\/smedbo-dot-klosettburstihaldari-svartur-tb332\/","title":{"rendered":"SMEDBO DOT Kl\u00f3settbursti+haldari Svartur TB332"},"content":{"rendered":"<p><img decoding=\"async\" src=\"data:image\/png;base64,iVBORw0KGgoAAAANSUhEUgAAAUsAAACZCAYAAACmNhgOAAAAAXNSR0IArs4c6QAAAARnQU1BAACxjwv8YQUAAAAJcEhZcwAADsMAAA7DAcdvqGQAACTiSURBVHhe7Z0JvI1lGsCfQsUgW7KWrVSiFJIskyVrGnvZhzKULS1apKZNtiGKsbRriJIMiqmotGghlFBUQkqiVENk5vyfe97ru8dZvnvvOde59z7\/+X3zbe+3nKPzv8+7fN9zwv8CiGEYhhGVE4NzwzAMIwomS8MwDB+YLA3DMHxgsjQMw\/CBydIwDMMHJkvDMAwfxJTl22+\/LatXr5bDhw\/r+h9\/\/CEff\/yxbt+\/f79ug88++0zeeOMN2b59e3BLZLZu3SrXX3+9rFy5MrglOu6aq1atkoMHDwa3xg9GT3Hf3P+6detSP6uX77\/\/Xu\/3ww8\/lAMHDgS3HoVjONZ9BzYiyzByFjFlOWPGDHnggQdk9+7duo407rvvPhkxYoSsX79etyGPmTNnyt\/\/\/nf57rvvdFs0fvzxR9m8ebN8+eWXwS3R+f333+XJJ5+Uf\/zjH\/LLL78Et6aF7dOnT5c5c+Zoeb8gteeee06uu+46WbFihUyePFn+9re\/pfkcb775pvTs2VNefvllmTVrlnTr1k02bdoU3Cvy66+\/yvDhw2X06NHy1ltvyaBBg2TixIlhpWsYRvYkpizPPPNMldu2bdt0fefOnbJ3715d3rBhg86JMNlfsmRJLR+LWrVqyauvvio9evQIbsk8RJyvvfaavPfeexqJ+oXPsHDhQnnkkUfk7rvvlqlTp8rZZ58tL7zwgu7\/9ttvZdq0aXLvvffqH40JEyZI+\/btVZpOyvPmzZN8+fLpHwz+iHCOtWvXyieffKL7DcPI\/sSUJWIDF0WuWbNG8uTJI0WKFFEZ\/Pe\/\/1VR7tmzR6pWrSpFixbViIqItEmTJnL55ZdLu3bt5N13302tmr7zzju6ffbs2brO9pdeekmaNWum2xEScmrRooVGoI4jR47I\/Pnz05TjWlybaj1RL5Liehy3b98+6devnwwZMkSjv3D89NNPKvkyZcroet68eaVBgwZapeaPAFP+\/PmlcuXKuv+EE06Q2rVryzfffKPXBYR6wQUXaDkoVaqUfhdU2SPxxRdfSK9evfRz\/OUvf9HPj2j5Pg3DSD5iypIf\/cknn6w\/bqq6zBHHxRdfrMJASIgJ4SFWRIrQEGHz5s3lzjvvlBIlSsjIkSNTI9FQPvroI5k0aZKcdNJJKj0ESJU4lB9++EHef\/99lWWxYsU0ImS9YMGCKkXm5cuXl1tvvVVKly4thw4d0oiT+44UbXK\/NCNQ1kEVnOiZyJH93I9XYnxmom3XZotgf\/7559Q\/BlyT413TRSgcP2rUKLniiis0Gn7mmWe0PTSS0A3DOP7ElCXSqVChgmzZskWnzz\/\/XCpWrCiXXHKJCoN2x40bN6pQESsCef311\/W4Tp06Sc2aNTWCIiokugwH29lPWx\/H9O\/fX6vCoSBIIk5kOGDAAN329ddf67UvvPBCKVCggJa59NJLpVChQnLaaafJ448\/rm2ZhQsX1vKhnH\/++fKnP\/1JHnzwQe2kevHFF7Xdk2o10KxQvXp1bY+lk4nPRrX8xBOPfnVXXnmlLFu2TJ5++mn9w4H4+U4iwfdIFNq2bVs9D\/fKspOtYRjJR0xZ8kOuVq2aSpCqKRETUSUyYx9RIcJCqAiSaIwytG326dNHOnbsKHfddZfKMFKk5TptnNCIEMuVK6fLXojgiD4BMfqByJApEoiSDiv+ABDtUZW\/7bbbtCrNtbjmwIEDpWXLltrBxMiAW265Re+Pzw\/nnHOO7kOQY8aM0Wp6ly5dVNbhIPLkvEyOaPdoGMbxJ6YsgaiNH7ir8p511lnazlepUiX54IMPtO2OqjnyQDC0WxKRLViwQJYvX5463X777cEzpsVJxfVAI08\/Q5DiAVV7JNe3b1+NDOkJ5\/NwT3xW90eiVatWuv\/mm2\/WKjv7aLcFIlKq+ciWTh7aPGmuOO+883R\/KHxPVOu9Q5B+++234JJhGMmIL1meccYZ+gOnQ4eOEKq6rtODdkvkRnUbKFe3bl2NNhEH1XaiLTp7qMKGg2ozURbVW4RDJMpxGYHOFqr1iMhPBw\/iGz9+vA75oRq8Y8cObW\/lfunMoZr81FNPae840THyZBhTvXr1Ujt0uCbVdI7lHAw1YlskWVapUkUj42effVajbWRLu6VhGBkjK5qwfMnSRZFAldxVP6mOA+tEm46rr75ah9csWrRIZbV06VLd1rBhw2CJtCCV+++\/X6vxVOsRUaNGjYJ7\/UGUR8cP1WjaH5Gtnw4erjl48GAZN26cNG7cWHr37q3th+6zUU0fOnSoLFmyRAXKPpogiDQdfC7uuXv37noO\/kgQgbrIMxQkyx8Emiuo4j\/22GPag28YRvKS0Jf\/0ouMqKiyetvnQuEWqIJThSdqRXDIhI4Qxj8itIziJBmrTZB74F6Ro7fzxgvRKZ1JkT4Ln5d75xyxoCzXcddiONXcuXM1snYRq2EYkeE3S+0vq0iKN6UTBQ4bNkyrufXr19cqLOM6ieKI+nJa5wdSpkefZgw6ghhVwB+Fpk2bSufOnYOlDMOIBr5AlkxOY95lR7yEmjRpJWj75EkYBnJTfe3QoYOKk0guJ8Jg+Oeff16fJSfyppmCzxspqjWM7A+qiW8kSEcp\/Q27du3STlJ8gRx50OPUU09NjT7jIUzLwWMYRsKgGWzTpo1aW8yT58RANPg\/yZs3nz7AQienk1lGILKkOYvxz4xqefTRR\/W9DQQfPBlHcxjnJwAxWRqGkdTQhk9b\/Kef8p6EgLjy5JG8efLpQyWZ6YtwIExkiMYY9sf7G7zjm9nOFI\/o0up8hmEkDARFx23+\/AXklFMC08n5fXWA+gEJOlF6l90+RArxECWYLA3DSAhOXOCE5pbjgTun93xeKbrleIgSTJaGYSQEr6TiJUgvri2SyRtVgtvuvYfMYrI0DCNbE08hRsNkaRhGlpKIKDMrMFkahpHlZFU0GE9MloZhZDkmS8MwjByKydIwDMMHJkvDMLIcq4YbhmHkUEyWhmEYPjBZGoaRpVAFt2q4YRhGDsVkaRhGlpFdn94Bk6VhGFlOjqyGk6aV1AdMJNUieyJvJ\/bC25CfeOIJGTlyZMSUs8cbMk3eeOONqbnJDcMw0kNMWS5YsEDuuecene68805NsNWyZUt56aWXUkNq5EnSsc2bN2syrmSD+\/zqq69U\/Hv27AluNQzD8I\/vajgJtRDmoEGDpHDhwjJx4kR59dVXdR9JgsjVPWfOHDn99NN1WzJByE9+7ldeeUVzlBuGYaQX37KsXr26NGrUSNq3by\/jxo3TpEAvvviiVrvJsDZ06FCNOonc3PqQIUPkySef1ORBLVq0kNWrV8u0adN0nYncHC465Tz3339\/6r5evXrJxo0bdR+QT5vzL168WFq3bq1lhg8fnlrtJ7rlfFyHfU2aNNH0sgcOHND9HM8+ol+g\/IwZM7Qc5dnnjZZpcmA7kTWiZZmMcZs2bdL9sHbtWr1P9jHdcMMNsn37dt1H7hGaJfgjY1V\/w8j+ZKiDp1SpUprzGjGQVS0S69atU+EhuUOHDqnctmzZIl27dtVodNasWbJt2zZt85w+fbosX75c9910000qubvuukuzwjloLyV6Rdrly5eX999\/XxYuXKj7kBjyq1KlikyZMkU6deqk8kN64Zg\/f77861\/\/ktq1a8ttt92m53v44Ydl5cqVwRIpPP7441KiRAmpU6eOpq+dOnWq\/jFA0oifnN9IkYl0vpwTEZP\/g3JI8\/fffw+ezTCM7EqGZOlAAsggEkgG8V133XWaEztPnjxy7bXX6sS6Ox4JIqkaNWpImzZt5NJLL1XBIuJPP\/00eDbR42+99VadbrnlFl2nLRKQK9IFREXE95\/\/\/EcaN26s27zs379fXn\/9dSlWrJhGv82bN5fBgwfrq+lpWnDngbZt22rzw4gRI6Rq1aoqb\/ITI0TmwB+CmjVrqpy5t7x580r+\/Pll9OjRmgsdERuGkUKuGpSOKJATWdoKFSoU3HosyIcJqZ1yyinBrSlfFtscyItIjfy\/RJYdO3aUyZMn677du3frHJAQESkwZ91xwQUXqGCRK9XmVq1aabpNVy32gqT37t2rx5N5DoiWixYtqtGjNxJ0mego6\/0MJHDn\/IiZKn67du1U9ETHrirPZ\/feo2EYKeQaWa5Zs0Z7v+ksKV68eHBrxkG4SOmSSy6RpUuXqnDcdM011wRLRQcp9ezZU9s0n3nmGRUXTQCzZ88OljgKgkSMSN+JcdeuXSpQJOgEGouLL75YmwVouyWCJiKlKWDfvn3BEoZhhEIwkaNliRDGjBmjQrr77rulQIEC0q1bN99iiUbJkiXlwgsvlA8++EDlxhAfqtl05GzYsCFYKjpUq4kmx44dq9JChhAuRzFyrlu3rrY30k6JoCdNmqTH0R7qjXojQXUckZPYnaYA\/mjky5dPq98cbx08hpGz8C3LDz\/8UF5++WWVBKKho+Occ84J7s0cyIWe5Msuu0x7z6+\/\/npZv3699OvXT84999xgqeg0bNhQq\/Bvvvmm9O7dW6NL2it79OgRLJEWREe1fdWqVfLQQw+p8BAf5\/FD6dKl5eabb9ZOHAa733HHHdoGiuQZWmUdPIYRHtdMld04IXDjSXXniIWOE4RDm196QVK0gRJR+mkvpCpOeynRZkauBwzER\/hElV64FyZrtzRyK\/yeqZW6GiK\/MWqj\/fv319pfPKvkBDsMPzzttNOCW+JLxuyQQPgiixQpkmFxcRztjn4FRTnKZ\/R6wJjTUFEC5zRRGsZRQmOz7NR2mXSyNAwjZ0MQkWt6ww3DMDICkkSWmanJHS9MloZhZBnI0k3ZDZOlYRhZjsnSMAwjh2KyNAwjy7HI0jCMbEd2HSSe1ZgsDSOXQ5RnwoyNydIwcjFZLUn3xI5Vww3DyDY4cfECGfcOV4swI2OyNIxciqt+814D96atrIj4LLI0DCPbcTyklcjoNZHnNlkaRi4nJ1W9kT9v+krEZzJZGkYuJyfJ0oE04\/25TJaGkcvJrm2IkXCfJd6fybcsSVD23nvvyRtvvCFff\/11cKt\/6G0jIRnHe6e3335bX9YLnDd0f7RUu4ZhZB4nlayKMLPqFW3x\/jy+35ROjm7ya1OcxGL33ntvuvLvIFty+HhT2\/IWZd5UPnHiRM1DTkbHJUuW6FvSHaSWJTGYYRiJhd92vCUW+qZ0zu8yo3qzpcaDcG9KJ1vr6tVrgmsipxY5VaqdV01OPjn9ucN8RZZ8ie+++64OL+At5ghvx44dwb3+4Ishgddzzz2XOpH8rHr16lKuXDm9Bh+MLIneMn5EybHI2BG6HgqCZnKErhtGbiQror2sZuPGzfJQIEgjd9iOnd\/KzMeekLXr1gb3pg9fsiS16+rVqzX6I6c3OWeoUnv56KOP5IorrtBEYX4g7SxRZPv27TUHOHLbs2dP1DzkoZCve8qUKdK9e3dp2bKljB8\/XlauXKlpcFkfNGiQnhM2b94sQ4YM0TLNmjXTPN8kYSNCZp3y\/\/73v7WsYRiJIxERrBea\/LiGEpifeeaZ0rXrNdKt69XSsH49+erLL1P2pRNfsiRH+DfffCPVqlWT2rVrq9xoTyR7oYMshtyka3+MxYoVKzRcJrIEZElqWqril19+uU7\/\/Oc\/9bzR2LJli0yfPl0WLVok27Ztk3nz5sncuXN1nbaRd955J1gypU2U+ycf+bBhw+T222+XBg0a6DrZGRcuXKjRrWHkJlLFkkNI0yYamH+761tZumypvLJ0qbz51kqVZ0aIKUu+SGTCnCpx2bJlpVKlSoHwdqMK1FGvXj3Nv01bRCxCo0ogDzkpcEePHq3XmzVrllb9OWc0atWqpZkcmUqVKqVpet06y0TBjhIlSqjwgc\/Bl1ajRg1dZ84xVh03jOxLOPEfPnRYfv55v+z\/ZX+g5lo44K3twT3pI6YsqcauWbNGTU3ecKI9ZEfE543agEyGfsLr0KgSkCYdR0gMmJPzmwg2WvujYRgZx8klK6PLLL3WkSNS\/ozy0qljR+ncsZN06NBedu7cGdybPmLKkra+7777TmXGMr3ihw4d0n0sk3M7PXz\/\/fda3fVGlUD1nTbEWNVuwzDiB8FNItsPw8ETNonE+3lOyHOi7NyxQ5YsXiKLFi2WxYsWSYWKFYJ700dMWb711ls69\/ZSP\/XUU3LuueeqPLdu3ar7\/XbwvPbaa1K6dOk0USVQXZ4wYYJGq\/zl2b17t3a4EG3Ge4iBYRhpyYpoz13DveEoEYSKv0qVytK3b185ePiwHPrjsDRu0liaNmkS3Js+YsqSaK9YsWKpbX1A216dOnX0Qzu5+eng2bVrl7ZBhkaVgEBvvvlmefTRR6Vx48bSuXNnFfJVV10VLGEYRiLg95vo1LRZIWMv7nrFA+5qF3BIu6va6rxRw4baP5KR6Nb3oHQ\/0DnCWMzMhvVU7ZEpbaCGYSQWxJGo6rgblO4eRkHK\/LapqabnoRY\/hBuUHg3Ul57PHNc\/J347eGJB5GqiNIysI5GRXyLPnRnS66rExt6GYSQ9WfWstiPR8nTnD52Hkt77MFkaRi6Hanii3gEJiDhUXIlsI3XiD5174T7S+wfCZGkYORzE4CbXseHkyAQurUQ0XNlIhO7nGgwzZI6YnJwQJW2Z7l6OB+kVJcS1g8cwjOQk3M8cYXi3u\/VoInH73RzhMfGYME\/0MSb7559\/1onRMUwMC2TiGKTMUECepgP6JvLnzy9FixYJbCsupUuXleLFiwXK5Q1IlRLciz+xpbeDJ72YLA0jhxMqOASGtNxP38nR7Y+FK\/fVV1\/Jpk2b9J0LDB1kNIy7DtEjcyaewHNP4bEdWTK5aJYyLsrMmzeP5MuXT4cSVq16jj6SHDrMMBKJlqVVww0jh+ME6BWZW3f7wLscCx6DfuGFF+STTz6R3377TQXMed05XcTJdidCh5Mjc8eJJ6ZkmDxyJGXM9tdfb5NXXnlFtm7dEiyRctzxxGRpGLkAJ5pIQmR\/LBl5z8Ebwqh6OzEiRdonmRNhOkkyhzx5UkTqIk72Uc5Nf\/xxOPX4P\/5I2cfygQMHY957VmGyNIxcgFc04aTDtlgy8u5HegiP6jWdNYgOwbnsB26iTAopogQnUSYnRSavsKmKsxzrnrISk6VhGOkGiTn5OcEBy06GXhEC29nPdqraiJY5gnWSdXL1njNZhGmyNAwj3YQKjHXv5EB6bgInQ+ZOnm7uyoSeO1kwWRqGkWmc6CLh3R+pbLjtySROk6VhGJkmnNSQn4skw8H+cIJkG+dz82TBZGkYRrrxI7GMis4dF06kxxOTpWEY6cZ17kCoFP1KLpJM0xyfRMI0WRqGkW68okNu8YgC3TmPnjtQDT8xvFCPByZLwzAiEirBcFJEbpGixMwQOGtCzptRYsrys88+0wyLbiIFrjdfeEZgPNXq1av13F74hyAP+Mcff5w6NotxWKtWrUpzD979hmFkHU5e3mp4IkGYyULMT7xgwQK55557Uifygrdq1Urmzp2b4dCbJGjk2+HcDqQ4depU6devnzz55JM6SBXI2\/PQQw\/J5MmTZcqUKTqRHdJlmDQMI\/N4f8veZeTo1r3bSQmBMNnmpriTPJ5UfP95uP322+X555\/XOW8BmTdvnoosvZC1kfOQ8MwLeTpIdnbHHXcEt6RAFFuxYkV54oknUrNLjhw50lfGRyJYJkfouhf+sb35yUPXDSOn46Tnokc3cNytO3FSq6NmGLrPLedUfMuyYMGCUrx4calfv76cffbZacZP+U2DyxeN7C6++GKpUaNGcGsKbdq0kVtvvVXfbeeFB\/b5R+BZUT+QnnfIkCEyfvx4adasmbRr104zVN5777263rJlS02x6xg1apRGq927d9d9HLdy5Uq9H9YHDRqkb1gxjJwEv0WHW160aJE89thjOj3++OOyfv163e5wIt22bZv+5t2r09zxbn9OlaZvWfLF0V44c+ZMbWvs0qWLlCpVSvdRheavTbQ0uMA5OJZUuKFfKDIO9yXv2LFD35vXoUMHufzyy6Vbt27abhoN3q9Xu3ZtWb58uQwbNkyj4QYNGug6kSvVeN6Y4qCddPr06fofC\/8hEDXTzMA6VQ3S\/RpGTgChOal5Yf3UU0\/V3wW\/t5IlS2riwNAhQvzO+Q2HRpUOJ864cawSjhu+ZTlnzhxts6S6TBXYvRUE6tWrp\/nAac+MBG9O5i\/WX\/\/6VylSpEhwa2yoriO7+fPny2uvvabtpWPHjpV9+\/YFSxwLb2F2ec7Lli2rLxB1kSxz\/iPwVsdr1aql25j4A1C3bt3UdZZ5y7Nh5AQQG5OTpndq2LChnH\/++VKpUiVp3bq1VK5cOU0NEuhL2Lp1axpBRsNvOeAeQkkiV\/qX5QMPPKCRGS\/kvOiii7TDheqtI1oaXL4Eqr4VKlSQmjVrBrf6A9EhM0J+\/sq1bdtWG5d5Q7NhGP7xyshJ0y07KOMNJEJ7vWkW42W\/4cQWDr\/lwpNMqkyHLB1IizZLvgSqr34gCly8eLFWf5s2barVaaq9y5Ytk6FDh0YdikTIT7XaMIzMs3fvXh2K5\/CK0kWRLt1DqESBZionUz8i9J4jFqFlWcuUa+OMb1lS\/abzg6o4Q3uIJF3VNlYHD20hdKLQC+6mHj16SKNGjbTjJVrPNv+wDz\/8sLaH8o\/JsCP+sagqGIbhH34\/\/H4bN24s7733nsrOtT26iW1MbhncOvzwww+p2922RMFVEnyJdOFbllS56fCgkwf50VFy3nnn6b5YHTyE8rRT0pvuJnq9iVILFy4c9Uu\/+uqrNXkR1e8mTZrIs88+KzfddFPCkhIZRk7BSc2xfft27WTt06ePjkoJbY90v0OO8wrS+\/s89PsB\/a0nWpSgV8iC6\/glbtkdifYI3xP1JXJ+pEyni2EY\/vBK7+WXX9YhQePGjdMRKbNnz9YmNQdl6ahFqtdee22aY5WAKebN+5ds+OxzrVkC+5lc2ybHMCHi0GUv7jjv8fiD87rp4MED0qJFi0BQltJZG4tsk92RD8eHThSc30RpGP4IlRPrjCgBOmnpJ1izZk2act7fr6ueh0Jxtz2Rv\/ejZMU1\/BE3WRqGkVw4ETKnk5V3Kpx11lk6jI\/hfvRDILxQsUJoL7gDP1I+3DHx4ui5iTqDi0mAydIwchCIhjbFUJlR\/aavYMSIEfpeBp5MY6QJVe5w4nPtmcfsC6x6I8pwx2aWo5Fr2msdb0yWhpGDQC5EhU4yyIxlBpvTnsfIE0RIW+WDDz6oYyaBbV5BRoos83pS1LopHJG2++WohE2WhmEkCK+onPSaN2+u72QAtiFNnoajWk55J0C3H3G6bUfFJVKgQMHUfd7t8SJUsiGrxxWTpWHkULxC8w4kR0heKbHNRaPuGCfZNMOEArOy5crroivnJVR0mUHvUf+XPJgsDSMHorIJygvhuady3BzRecvQO07HD++JpTwv1OA5cCdNB48fh3vCJ16EClgNnSSYLA0jh+GiPiczr\/CcjNjnyv3666\/6VB5P9zC8aMWKFdq+yasKQ+FhkurVq+uY50TIMg2B0yf6EukhboPSDcNIHvhZOyFGkpq3DJGkW6ZNkuiRF9YwsewtyzAketeJRHkKj+2uGu9tz3TLbu6Fst6J47mOd1D64UCU27p1K6ly1tGB89HINoPSDcNIHhCQdx4Otw+RFSpUSB895rHkYsWK6SPN7k1f4D1f0aJFpX\/\/\/mle0xgPvOdCsIGLRb3\/rMZkaRi5HIQYrqoOkWToIspIZFaiHB\/Us\/5\/MmCyNAxDxeeNHsFJNJz4VGaBcpmVosN7\/WTFZGkYRrqJt9giSTeZ\/GmyNAwjKuHEmKhIMM05dTF5bGmyNAwjKQno2CJLwzCyNy6yjFebZVgCojzhhORRlMnSMIx0E1oFj3eVXGWcXSNLHn3ifXiklVi3bl3qs6bp5cCBA5qigqcDvv\/+++DWtDDYlVzdlKO8YRjJgTeS1LGQQbzLkFl5JjRizSAxZclNIy5y4Nx44436SNSQIUOkY8eO8umnnwZL+eO7777TUfbTpk3THODkEJ87d26aL4aEZNdcc41mg3z66ae1PMcZhnH8cVVv5l5Bhsoxo7ILPS6z0o0nMWX5+eefawZGGDx4sGZw7N27tyYnGzNmjOzevVv3xYKH80l\/y2uikOXdd9+tuUCQIi8gBZ5RJfMjLyclTzlZHWvXri1z5syJ+eWz3xuFhq6HQmTsjY5D1w3DOBZ+V5HE6P2NZkRy3nN7B8knCzHviCRHPDRPRsV27dpJuXLlpGfPnhr9sd3l9I6VDpdq\/J49e6RWrVqpX0SFChX00alNmzbp+tatW7XcRRddpOt8caTLpdrP86jhGDVqlKbZ7d69u7Rs2VLT9VLFb9Omja7zRmiuC8wHDhyo5dnHO\/6IcJF3s2bNdJo5c6aK3TCMY+E36ZWjiy69csyMKL3C5Co8I54sxJTll19+qc+NerPA8WHI\/kbEh\/wgVjpcjuFBedojHUR+JH130SnHFihQQB+lcpQpU0bl+uOPPwa3HMuWLVs0aiVVL0ng582bp9V71jmWZgQHeY959nXZsmXyyCOPyNixY6VgwYLy+uuvq0R544qLdA3DSItXZgQXyJJtaSQXWPaDtxzHes\/BG9zLlCktJUqU0PVIuGuHEml7ZvAV6\/JaJoQSDRIgkUZzwIABwS1p4c3MV111lQoJiZG\/eMKECce0RxJpemUJfOho0R7CJvMjU6lSpaRu3bqp6yz\/8ssvwZKin4PIlX+UkiVLaqRMVZ91Il0mxG8YxrF4hcjv7pJL6sihQ78Hfp+HNTBx0guUCE7+cecmiCpdurQ0adxETjr5FN0WDq8MWT567RRYxxuhnU8ZJaYsiQZ5fZOryjp4WSjbmDsImd0HDkeDBg30FUpEdTNmzNBOIqrZ3lcqEfl52xqplnNeolvDMLIOJx7mtOcTdHir3biB1BS8Ru3AgYNaM0ROKQ5wU1qppWxL0Q7l3AT87okoeV8mzXxFAoFTNFwAxfGuv4Fld49cl3uMV\/tnzLO4F32Sa9jdBOv33XefdOrUSTZs2KDbYsEHW7t2rZx++ukyadIknSpWrKjCPeOMM7QM+2ib9LZPfvPNNyrLWJGtYRjxxSux2bNn6yvZECJC4\/eMjPBg7dqXyPDhw6Vp06b6W+YdmAQ5CIw5b18\/dPhQsBOV7SnbDge2HTjwXz3PaaeV1EiVzmP6E\/y0VVKG5jmCLyaaz5gvWbIktTnQCTUexJRl69at9QsgxzDDeOhA4V127777rlZxyRoHsTp4MDzjNEePHq0fBPEuXLhQq9y8qh6oEtNGybX4YilHu+hll11mkaVhZCHeaJDgiLZ8fsO885ImNUTqyjCnqY6aI7VFokImok6q6VXPOVvKlysrpUqfLmXLlpFKlSrIhRfWkCZNmmi57t27SZcunbU8DkgPyJDaKEEXnbqIneV4StIRU5ZUkRni8+c\/\/1m++OKL1E6UDh06yMiRI1PbF2N18ACRKC8XZcwmXxTCHTp0aOo5mDOWk2iVxmPK0XZBL7xhGFmHiyodDCHk90uEuXPnTo0MXfWWsm6ZaI+Ap2rVqlKnTp1AsNVGevboFQi0BsjAGwbJgAE3SJ8+1wak2lkaNfqzVKt2vlSoUDEg4ULHXDMWBFR0ACHcrl27Sr9+\/aRv377Sq1cvfXkxEue+mHvln1HSlVaCm2MsJFFeuHYA9vPXJ9aHJjRHrPw1igRtoZyLkN4wjOMHzWIMueNhFKq4yJIghjHTNNO5ZjTnBH7bLEfzANpJrxzD4UQYei7vOrXYcL5KL5aDxzCMqCDLYcOG6XhkpEM\/Ak1qq1atkm+\/\/VaqVKmiNU1GklBFd7JkciILJ7TshsnSMIywODXQDrhgwQLp0qWLCs9JDykyDpu+B\/oqaDZjOvfcc7XWyPFOmHQKEeHRUZtdpWmyNAwjJt6qNcpwc2CZ4YWzZs2SjRs36jpjmekAZoQLY6dHjBgh1113XWpnbnbEZGkYRhqcDP3gLUunD1V2OoPWrFkjy5cvVznWr19fhxbxaDG93X7PnWyYLA3DiEokeYbb7t3GMu2cjHphFA2PFNeoUcNkaRhG7iGcNiJJkHGPl156qfakV65cOdvKMvP96YZh5CqOyP9k\/oIX5cq2bQPTlXLfA\/djylSBMncTFC9eXIcAMgYTUYYTbXbAZGkYhi+Q3JH\/HZFXXlkqz897XsaPGydzZs+RX37eL0MGD9bebibK0SHkjoE+ffpI+fLlddmq4YZh5HgYRsTLwNu3b6+D0tEHL9igbZLHoXlgJVSGlGFie3YVJVhkaRiGb4gYeSyZVyE6AfK8ONkNnChD4y+2MezIEbo\/u2CyNAzDNxodBsR38PeDqQKk6r1jx47UqrdXmG7OsKJwIs1OmCwNw\/DNSYGosniJ4jJ33vOy76efVJqLFi+WGwYO1Kd0kKFXiE6QvN7NEVomu2BtloZhqLwQmx92\/7Bb\/jFhgmZizZsnj1SoWFEeuP8BKVumTLBE+PN5VeP3WsmEydIwjFSR+ZEYZZlcWebR3uzjylJN501i3m3ZCZOlYRhRcYpAbt5lR3YUX0awNkvDMKLiFWE4KeYGUYJFloZhGD6wyNIwDMMHJkvDMAwfmCwNwzB8YLI0DMOIicj\/Ae+WwRBE1ZQEAAAAAElFTkSuQmCC\" alt=\"\"><\/p>","protected":false},"excerpt":{"rendered":"<p>Tegund:&nbsp;TB332<\/p>","protected":false},"featured_media":80459,"comment_status":"closed","ping_status":"closed","template":"","meta":[],"product_brand":[],"product_cat":[580,619,517],"product_tag":[],"class_list":{"0":"post-69011","1":"product","2":"type-product","3":"status-publish","4":"has-post-thumbnail","6":"product_cat-badherbergi-lykillausnir","7":"product_cat-salernisburstar-badherbergi-lykillausnir","8":"product_cat-lykillausnir","10":"first","11":"instock","12":"taxable","13":"shipping-taxable","14":"purchasable","15":"product-type-simple"},"yoast_head":"<!-- This site is optimized with the Yoast SEO plugin v27.3 - https:\/\/yoast.com\/product\/yoast-seo-wordpress\/ -->\n<title>SMEDBO DOT Kl\u00f3settbursti+haldari Svartur TB332 - V\u00e9lar &amp; Verkf\u00e6ri<\/title>\n<meta name=\"robots\" content=\"index, follow, max-snippet:-1, max-image-preview:large, max-video-preview:-1\" \/>\n<link rel=\"canonical\" href=\"https:\/\/velarogverkfaeri.is\/en\/lykillausnir\/badherbergi-lykillausnir\/salernisburstar-badherbergi-lykillausnir\/product\/smedbo-dot-klosettburstihaldari-svartur-tb332\/\" \/>\n<meta property=\"og:locale\" content=\"en_US\" \/>\n<meta property=\"og:type\" content=\"article\" \/>\n<meta property=\"og:title\" content=\"SMEDBO DOT Kl\u00f3settbursti+haldari Svartur TB332 - V\u00e9lar &amp; Verkf\u00e6ri\" \/>\n<meta property=\"og:description\" content=\"Tegund:&nbsp;TB332\" \/>\n<meta property=\"og:url\" content=\"https:\/\/velarogverkfaeri.is\/en\/lykillausnir\/badherbergi-lykillausnir\/salernisburstar-badherbergi-lykillausnir\/product\/smedbo-dot-klosettburstihaldari-svartur-tb332\/\" \/>\n<meta property=\"og:site_name\" content=\"V\u00e9lar &amp; Verkf\u00e6ri\" \/>\n<meta property=\"article:publisher\" content=\"https:\/\/www.facebook.com\/VelarOgVerkfaeri\" \/>\n<meta property=\"article:modified_time\" content=\"2026-02-18T01:02:29+00:00\" \/>\n<meta name=\"twitter:card\" content=\"summary_large_image\" \/>\n<script type=\"application\/ld+json\" class=\"yoast-schema-graph\">{\"@context\":\"https:\\\/\\\/schema.org\",\"@graph\":[{\"@type\":\"WebPage\",\"@id\":\"https:\\\/\\\/velarogverkfaeri.is\\\/lykillausnir\\\/badherbergi-lykillausnir\\\/salernisburstar-badherbergi-lykillausnir\\\/product\\\/smedbo-dot-klosettburstihaldari-svartur-tb332\\\/\",\"url\":\"https:\\\/\\\/velarogverkfaeri.is\\\/lykillausnir\\\/badherbergi-lykillausnir\\\/salernisburstar-badherbergi-lykillausnir\\\/product\\\/smedbo-dot-klosettburstihaldari-svartur-tb332\\\/\",\"name\":\"SMEDBO DOT Kl\u00f3settbursti+haldari Svartur TB332 - V\u00e9lar &amp; Verkf\u00e6ri\",\"isPartOf\":{\"@id\":\"https:\\\/\\\/velarogverkfaeri.is\\\/en\\\/#website\"},\"primaryImageOfPage\":{\"@id\":\"https:\\\/\\\/velarogverkfaeri.is\\\/lykillausnir\\\/badherbergi-lykillausnir\\\/salernisburstar-badherbergi-lykillausnir\\\/product\\\/smedbo-dot-klosettburstihaldari-svartur-tb332\\\/#primaryimage\"},\"image\":{\"@id\":\"https:\\\/\\\/velarogverkfaeri.is\\\/lykillausnir\\\/badherbergi-lykillausnir\\\/salernisburstar-badherbergi-lykillausnir\\\/product\\\/smedbo-dot-klosettburstihaldari-svartur-tb332\\\/#primaryimage\"},\"thumbnailUrl\":\"https:\\\/\\\/velarogverkfaeri.is\\\/wp-content\\\/uploads\\\/2026\\\/02\\\/284c6e92-0cb7-44bf-9a25-307777e4062d.png\",\"datePublished\":\"2024-12-04T12:12:45+00:00\",\"dateModified\":\"2026-02-18T01:02:29+00:00\",\"breadcrumb\":{\"@id\":\"https:\\\/\\\/velarogverkfaeri.is\\\/lykillausnir\\\/badherbergi-lykillausnir\\\/salernisburstar-badherbergi-lykillausnir\\\/product\\\/smedbo-dot-klosettburstihaldari-svartur-tb332\\\/#breadcrumb\"},\"inLanguage\":\"en-US\",\"potentialAction\":[{\"@type\":\"ReadAction\",\"target\":[\"https:\\\/\\\/velarogverkfaeri.is\\\/lykillausnir\\\/badherbergi-lykillausnir\\\/salernisburstar-badherbergi-lykillausnir\\\/product\\\/smedbo-dot-klosettburstihaldari-svartur-tb332\\\/\"]}]},{\"@type\":\"ImageObject\",\"inLanguage\":\"en-US\",\"@id\":\"https:\\\/\\\/velarogverkfaeri.is\\\/lykillausnir\\\/badherbergi-lykillausnir\\\/salernisburstar-badherbergi-lykillausnir\\\/product\\\/smedbo-dot-klosettburstihaldari-svartur-tb332\\\/#primaryimage\",\"url\":\"https:\\\/\\\/velarogverkfaeri.is\\\/wp-content\\\/uploads\\\/2026\\\/02\\\/284c6e92-0cb7-44bf-9a25-307777e4062d.png\",\"contentUrl\":\"https:\\\/\\\/velarogverkfaeri.is\\\/wp-content\\\/uploads\\\/2026\\\/02\\\/284c6e92-0cb7-44bf-9a25-307777e4062d.png\",\"width\":410,\"height\":637},{\"@type\":\"BreadcrumbList\",\"@id\":\"https:\\\/\\\/velarogverkfaeri.is\\\/lykillausnir\\\/badherbergi-lykillausnir\\\/salernisburstar-badherbergi-lykillausnir\\\/product\\\/smedbo-dot-klosettburstihaldari-svartur-tb332\\\/#breadcrumb\",\"itemListElement\":[{\"@type\":\"ListItem\",\"position\":1,\"name\":\"Home\",\"item\":\"https:\\\/\\\/velarogverkfaeri.is\\\/\"},{\"@type\":\"ListItem\",\"position\":2,\"name\":\"Vefverslun\",\"item\":\"https:\\\/\\\/velarogverkfaeri.is\\\/vefverslun\\\/\"},{\"@type\":\"ListItem\",\"position\":3,\"name\":\"SMEDBO DOT Kl\u00f3settbursti+haldari Svartur TB332\"}]},{\"@type\":\"WebSite\",\"@id\":\"https:\\\/\\\/velarogverkfaeri.is\\\/en\\\/#website\",\"url\":\"https:\\\/\\\/velarogverkfaeri.is\\\/en\\\/\",\"name\":\"V\u00e9lar & Verkf\u00e6ri\",\"description\":\"Umbo\u00f0s- og heildverslun fr\u00e1 \u00e1rinu 1919\",\"publisher\":{\"@id\":\"https:\\\/\\\/velarogverkfaeri.is\\\/en\\\/#organization\"},\"potentialAction\":[{\"@type\":\"SearchAction\",\"target\":{\"@type\":\"EntryPoint\",\"urlTemplate\":\"https:\\\/\\\/velarogverkfaeri.is\\\/en\\\/?s={search_term_string}\"},\"query-input\":{\"@type\":\"PropertyValueSpecification\",\"valueRequired\":true,\"valueName\":\"search_term_string\"}}],\"inLanguage\":\"en-US\"},{\"@type\":\"Organization\",\"@id\":\"https:\\\/\\\/velarogverkfaeri.is\\\/en\\\/#organization\",\"name\":\"V\u00e9lar & Verkf\u00e6ri\",\"url\":\"https:\\\/\\\/velarogverkfaeri.is\\\/en\\\/\",\"logo\":{\"@type\":\"ImageObject\",\"inLanguage\":\"en-US\",\"@id\":\"https:\\\/\\\/velarogverkfaeri.is\\\/en\\\/#\\\/schema\\\/logo\\\/image\\\/\",\"url\":\"https:\\\/\\\/velarogverkfaeri.is\\\/wp-content\\\/uploads\\\/2021\\\/10\\\/vv_logo_350x100.png\",\"contentUrl\":\"https:\\\/\\\/velarogverkfaeri.is\\\/wp-content\\\/uploads\\\/2021\\\/10\\\/vv_logo_350x100.png\",\"width\":350,\"height\":100,\"caption\":\"V\u00e9lar & Verkf\u00e6ri\"},\"image\":{\"@id\":\"https:\\\/\\\/velarogverkfaeri.is\\\/en\\\/#\\\/schema\\\/logo\\\/image\\\/\"},\"sameAs\":[\"https:\\\/\\\/www.facebook.com\\\/VelarOgVerkfaeri\"]}]}<\/script>\n<!-- \/ Yoast SEO plugin. -->","yoast_head_json":{"title":"SMEDBO DOT Kl\u00f3settbursti+haldari Svartur TB332 - V\u00e9lar &amp; Verkf\u00e6ri","robots":{"index":"index","follow":"follow","max-snippet":"max-snippet:-1","max-image-preview":"max-image-preview:large","max-video-preview":"max-video-preview:-1"},"canonical":"https:\/\/velarogverkfaeri.is\/en\/lykillausnir\/badherbergi-lykillausnir\/salernisburstar-badherbergi-lykillausnir\/product\/smedbo-dot-klosettburstihaldari-svartur-tb332\/","og_locale":"en_US","og_type":"article","og_title":"SMEDBO DOT Kl\u00f3settbursti+haldari Svartur TB332 - V\u00e9lar &amp; Verkf\u00e6ri","og_description":"Tegund:&nbsp;TB332","og_url":"https:\/\/velarogverkfaeri.is\/en\/lykillausnir\/badherbergi-lykillausnir\/salernisburstar-badherbergi-lykillausnir\/product\/smedbo-dot-klosettburstihaldari-svartur-tb332\/","og_site_name":"V\u00e9lar &amp; Verkf\u00e6ri","article_publisher":"https:\/\/www.facebook.com\/VelarOgVerkfaeri","article_modified_time":"2026-02-18T01:02:29+00:00","twitter_card":"summary_large_image","schema":{"@context":"https:\/\/schema.org","@graph":[{"@type":"WebPage","@id":"https:\/\/velarogverkfaeri.is\/lykillausnir\/badherbergi-lykillausnir\/salernisburstar-badherbergi-lykillausnir\/product\/smedbo-dot-klosettburstihaldari-svartur-tb332\/","url":"https:\/\/velarogverkfaeri.is\/lykillausnir\/badherbergi-lykillausnir\/salernisburstar-badherbergi-lykillausnir\/product\/smedbo-dot-klosettburstihaldari-svartur-tb332\/","name":"SMEDBO DOT Kl\u00f3settbursti+haldari Svartur TB332 - V\u00e9lar &amp; Verkf\u00e6ri","isPartOf":{"@id":"https:\/\/velarogverkfaeri.is\/en\/#website"},"primaryImageOfPage":{"@id":"https:\/\/velarogverkfaeri.is\/lykillausnir\/badherbergi-lykillausnir\/salernisburstar-badherbergi-lykillausnir\/product\/smedbo-dot-klosettburstihaldari-svartur-tb332\/#primaryimage"},"image":{"@id":"https:\/\/velarogverkfaeri.is\/lykillausnir\/badherbergi-lykillausnir\/salernisburstar-badherbergi-lykillausnir\/product\/smedbo-dot-klosettburstihaldari-svartur-tb332\/#primaryimage"},"thumbnailUrl":"https:\/\/velarogverkfaeri.is\/wp-content\/uploads\/2026\/02\/284c6e92-0cb7-44bf-9a25-307777e4062d.png","datePublished":"2024-12-04T12:12:45+00:00","dateModified":"2026-02-18T01:02:29+00:00","breadcrumb":{"@id":"https:\/\/velarogverkfaeri.is\/lykillausnir\/badherbergi-lykillausnir\/salernisburstar-badherbergi-lykillausnir\/product\/smedbo-dot-klosettburstihaldari-svartur-tb332\/#breadcrumb"},"inLanguage":"en-US","potentialAction":[{"@type":"ReadAction","target":["https:\/\/velarogverkfaeri.is\/lykillausnir\/badherbergi-lykillausnir\/salernisburstar-badherbergi-lykillausnir\/product\/smedbo-dot-klosettburstihaldari-svartur-tb332\/"]}]},{"@type":"ImageObject","inLanguage":"en-US","@id":"https:\/\/velarogverkfaeri.is\/lykillausnir\/badherbergi-lykillausnir\/salernisburstar-badherbergi-lykillausnir\/product\/smedbo-dot-klosettburstihaldari-svartur-tb332\/#primaryimage","url":"https:\/\/velarogverkfaeri.is\/wp-content\/uploads\/2026\/02\/284c6e92-0cb7-44bf-9a25-307777e4062d.png","contentUrl":"https:\/\/velarogverkfaeri.is\/wp-content\/uploads\/2026\/02\/284c6e92-0cb7-44bf-9a25-307777e4062d.png","width":410,"height":637},{"@type":"BreadcrumbList","@id":"https:\/\/velarogverkfaeri.is\/lykillausnir\/badherbergi-lykillausnir\/salernisburstar-badherbergi-lykillausnir\/product\/smedbo-dot-klosettburstihaldari-svartur-tb332\/#breadcrumb","itemListElement":[{"@type":"ListItem","position":1,"name":"Home","item":"https:\/\/velarogverkfaeri.is\/"},{"@type":"ListItem","position":2,"name":"Vefverslun","item":"https:\/\/velarogverkfaeri.is\/vefverslun\/"},{"@type":"ListItem","position":3,"name":"SMEDBO DOT Kl\u00f3settbursti+haldari Svartur TB332"}]},{"@type":"WebSite","@id":"https:\/\/velarogverkfaeri.is\/en\/#website","url":"https:\/\/velarogverkfaeri.is\/en\/","name":"V\u00e9lar & Verkf\u00e6ri","description":"Umbo\u00f0s- og heildverslun fr\u00e1 \u00e1rinu 1919","publisher":{"@id":"https:\/\/velarogverkfaeri.is\/en\/#organization"},"potentialAction":[{"@type":"SearchAction","target":{"@type":"EntryPoint","urlTemplate":"https:\/\/velarogverkfaeri.is\/en\/?s={search_term_string}"},"query-input":{"@type":"PropertyValueSpecification","valueRequired":true,"valueName":"search_term_string"}}],"inLanguage":"en-US"},{"@type":"Organization","@id":"https:\/\/velarogverkfaeri.is\/en\/#organization","name":"V\u00e9lar & Verkf\u00e6ri","url":"https:\/\/velarogverkfaeri.is\/en\/","logo":{"@type":"ImageObject","inLanguage":"en-US","@id":"https:\/\/velarogverkfaeri.is\/en\/#\/schema\/logo\/image\/","url":"https:\/\/velarogverkfaeri.is\/wp-content\/uploads\/2021\/10\/vv_logo_350x100.png","contentUrl":"https:\/\/velarogverkfaeri.is\/wp-content\/uploads\/2021\/10\/vv_logo_350x100.png","width":350,"height":100,"caption":"V\u00e9lar & Verkf\u00e6ri"},"image":{"@id":"https:\/\/velarogverkfaeri.is\/en\/#\/schema\/logo\/image\/"},"sameAs":["https:\/\/www.facebook.com\/VelarOgVerkfaeri"]}]}},"_links":{"self":[{"href":"https:\/\/velarogverkfaeri.is\/en\/wp-json\/wp\/v2\/product\/69011","targetHints":{"allow":["GET"]}}],"collection":[{"href":"https:\/\/velarogverkfaeri.is\/en\/wp-json\/wp\/v2\/product"}],"about":[{"href":"https:\/\/velarogverkfaeri.is\/en\/wp-json\/wp\/v2\/types\/product"}],"replies":[{"embeddable":true,"href":"https:\/\/velarogverkfaeri.is\/en\/wp-json\/wp\/v2\/comments?post=69011"}],"wp:featuredmedia":[{"embeddable":true,"href":"https:\/\/velarogverkfaeri.is\/en\/wp-json\/wp\/v2\/media\/80459"}],"wp:attachment":[{"href":"https:\/\/velarogverkfaeri.is\/en\/wp-json\/wp\/v2\/media?parent=69011"}],"wp:term":[{"taxonomy":"product_brand","embeddable":true,"href":"https:\/\/velarogverkfaeri.is\/en\/wp-json\/wp\/v2\/product_brand?post=69011"},{"taxonomy":"product_cat","embeddable":true,"href":"https:\/\/velarogverkfaeri.is\/en\/wp-json\/wp\/v2\/product_cat?post=69011"},{"taxonomy":"product_tag","embeddable":true,"href":"https:\/\/velarogverkfaeri.is\/en\/wp-json\/wp\/v2\/product_tag?post=69011"}],"curies":[{"name":"wp","href":"https:\/\/api.w.org\/{rel}","templated":true}]}}