{"id":68387,"date":"2024-11-11T10:12:47","date_gmt":"2024-11-11T10:12:47","guid":{"rendered":"https:\/\/velarogverkfaeri.is\/?post_type=product&#038;p=68387"},"modified":"2026-02-19T01:15:58","modified_gmt":"2026-02-19T01:15:58","slug":"ninja-hnifasett-staysharp-white","status":"publish","type":"product","link":"https:\/\/velarogverkfaeri.is\/en\/lykillausnir\/heimilid-lykillausnir\/eldhus-heimilid-lykillausnir\/ahold-og-taeki\/product\/ninja-hnifasett-staysharp-white\/","title":{"rendered":"NINJA Hn\u00edfasett StaySharp white"},"content":{"rendered":"<h1 class=\"a-size-base-plus a-text-bold\" style=\"padding: 0px 0px 4px; margin-top: 0px; margin-bottom: 0px; text-rendering: optimizelegibility; color: rgb(15, 17, 17); font-family: &quot;Amazon Ember&quot;, Arial, sans-serif; white-space: normal; font-size: 16px !important; line-height: 24px !important;\">About this item<\/h1>\n<ul class=\"a-unordered-list a-vertical a-spacing-mini\" style=\"margin-right: 0px; margin-left: 18px; color: rgb(15, 17, 17); padding-top: 0px; padding-right: 0px; padding-bottom: 0px; font-family: &quot;Amazon Ember&quot;, Arial, sans-serif;\">\n<li class=\"a-spacing-mini\" style=\"list-style: disc; overflow-wrap: break-word; margin: 0px;\"><span class=\"a-list-item\" style=\"color: var(--__N4QdCheV6mGo,#0f1111);\">6-PIECE KNIFE SET: Premium Stainless Steel kitchen knife set includes a Chef Knife, Bread Knife, Slicing Knife, Utility Knife, Paring Knife and Scissors, plus on-trend White Knife Block.<\/span><\/li>\n<li class=\"a-spacing-mini\" style=\"list-style: disc; overflow-wrap: break-word; margin: 0px;\"><span class=\"a-list-item\" style=\"color: var(--__N4QdCheV6mGo,#0f1111);\">DURABLE STAINLESS STEEL: Built to last from forged German stainless-steel, Ninja knives are rust resistant and strong enough for all your kitchen cutting tasks.<\/span><\/li>\n<li class=\"a-spacing-mini\" style=\"list-style: disc; overflow-wrap: break-word; margin: 0px;\"><span class=\"a-list-item\" style=\"color: var(--__N4QdCheV6mGo,#0f1111);\">FULL TANG DESIGN: Made from a single piece of metal to create a stronger, more durable knife that feels expertly balanced in your hand.<\/span><\/li>\n<li class=\"a-spacing-mini\" style=\"list-style: disc; overflow-wrap: break-word; margin: 0px;\"><span class=\"a-list-item\" style=\"color: var(--__N4QdCheV6mGo,#0f1111);\">BUILT-IN SHARPENER: No guesswork, practice or mess! An integrated stone wheel sharpens knives at the optimum angle, with a few swipes of the lever.<\/span><\/li>\n<li class=\"a-spacing-mini\" style=\"list-style: disc; overflow-wrap: break-word; margin: 0px;\"><span class=\"a-list-item\" style=\"color: var(--__N4QdCheV6mGo,#0f1111);\">INCLUDES: 6-Piece Knife Set; 20cm Chef Knife, 20cm Slicing Knife, 20cm Bread Knife, 13cm Utility Knife, 9cm Paring Knife, Scissors. Knife Block with integrated Sharpener. Weight: 2.5kg. Dimensions: L: 361cm x W: 173cm x H: 327cm. Colour: White.<\/span><\/li>\n<\/ul>","protected":false},"excerpt":{"rendered":"<p>About this item 6-PIECE KNIFE SET: Premium Stainless Steel kitchen knife set includes a Chef Knife, Bread Knife, Slicing Knife, Utility Knife, Paring Knife and Scissors, plus on-trend White Knife Block. DURABLE STAINLESS STEEL: Built to last from forged German stainless-steel, Ninja knives are rust resistant and strong enough for all your kitchen cutting tasks. [&hellip;]<\/p>\n","protected":false},"featured_media":68662,"comment_status":"closed","ping_status":"closed","template":"","meta":[],"product_brand":[],"product_cat":[935,1056,895,517],"product_tag":[],"class_list":{"0":"post-68387","1":"product","2":"type-product","3":"status-publish","4":"has-post-thumbnail","6":"product_cat-eldhus-heimilid-lykillausnir","7":"product_cat-ahold-og-taeki","8":"product_cat-heimilid-lykillausnir","9":"product_cat-lykillausnir","11":"first","12":"instock","13":"taxable","14":"shipping-taxable","15":"purchasable","16":"product-type-simple"},"yoast_head":"<!-- This site is optimized with the Yoast SEO plugin v27.3 - https:\/\/yoast.com\/product\/yoast-seo-wordpress\/ -->\n<title>NINJA Hn\u00edfasett StaySharp white - V\u00e9lar &amp; Verkf\u00e6ri<\/title>\n<meta name=\"robots\" content=\"index, follow, max-snippet:-1, max-image-preview:large, max-video-preview:-1\" \/>\n<link rel=\"canonical\" href=\"https:\/\/velarogverkfaeri.is\/en\/lykillausnir\/heimilid-lykillausnir\/eldhus-heimilid-lykillausnir\/product\/ninja-hnifasett-staysharp-white\/\" \/>\n<meta property=\"og:locale\" content=\"en_US\" \/>\n<meta property=\"og:type\" content=\"article\" \/>\n<meta property=\"og:title\" content=\"NINJA Hn\u00edfasett StaySharp white - V\u00e9lar &amp; Verkf\u00e6ri\" \/>\n<meta property=\"og:description\" content=\"About this item 6-PIECE KNIFE SET: Premium Stainless Steel kitchen knife set includes a Chef Knife, Bread Knife, Slicing Knife, Utility Knife, Paring Knife and Scissors, plus on-trend White Knife Block. DURABLE STAINLESS STEEL: Built to last from forged German stainless-steel, Ninja knives are rust resistant and strong enough for all your kitchen cutting tasks. [&hellip;]\" \/>\n<meta property=\"og:url\" content=\"https:\/\/velarogverkfaeri.is\/en\/lykillausnir\/heimilid-lykillausnir\/eldhus-heimilid-lykillausnir\/product\/ninja-hnifasett-staysharp-white\/\" \/>\n<meta property=\"og:site_name\" content=\"V\u00e9lar &amp; Verkf\u00e6ri\" \/>\n<meta property=\"article:publisher\" content=\"https:\/\/www.facebook.com\/VelarOgVerkfaeri\" \/>\n<meta property=\"article:modified_time\" content=\"2026-02-19T01:15:58+00:00\" \/>\n<meta property=\"og:image\" content=\"https:\/\/velarogverkfaeri.is\/wp-content\/uploads\/2024\/11\/3b57119c-dfd3-4e46-b680-1d74a8cf34c2.jpg\" \/>\n\t<meta property=\"og:image:width\" content=\"1880\" \/>\n\t<meta property=\"og:image:height\" content=\"1880\" \/>\n\t<meta property=\"og:image:type\" content=\"image\/jpeg\" \/>\n<meta name=\"twitter:card\" content=\"summary_large_image\" \/>\n<meta name=\"twitter:label1\" content=\"Est. reading time\" \/>\n\t<meta name=\"twitter:data1\" content=\"1 minute\" \/>\n<script type=\"application\/ld+json\" class=\"yoast-schema-graph\">{\"@context\":\"https:\\\/\\\/schema.org\",\"@graph\":[{\"@type\":\"WebPage\",\"@id\":\"https:\\\/\\\/velarogverkfaeri.is\\\/lykillausnir\\\/heimilid-lykillausnir\\\/eldhus-heimilid-lykillausnir\\\/product\\\/ninja-hnifasett-staysharp-white\\\/\",\"url\":\"https:\\\/\\\/velarogverkfaeri.is\\\/lykillausnir\\\/heimilid-lykillausnir\\\/eldhus-heimilid-lykillausnir\\\/product\\\/ninja-hnifasett-staysharp-white\\\/\",\"name\":\"NINJA Hn\u00edfasett StaySharp white - V\u00e9lar &amp; Verkf\u00e6ri\",\"isPartOf\":{\"@id\":\"https:\\\/\\\/velarogverkfaeri.is\\\/en\\\/#website\"},\"primaryImageOfPage\":{\"@id\":\"https:\\\/\\\/velarogverkfaeri.is\\\/lykillausnir\\\/heimilid-lykillausnir\\\/eldhus-heimilid-lykillausnir\\\/product\\\/ninja-hnifasett-staysharp-white\\\/#primaryimage\"},\"image\":{\"@id\":\"https:\\\/\\\/velarogverkfaeri.is\\\/lykillausnir\\\/heimilid-lykillausnir\\\/eldhus-heimilid-lykillausnir\\\/product\\\/ninja-hnifasett-staysharp-white\\\/#primaryimage\"},\"thumbnailUrl\":\"https:\\\/\\\/velarogverkfaeri.is\\\/wp-content\\\/uploads\\\/2024\\\/11\\\/3b57119c-dfd3-4e46-b680-1d74a8cf34c2.jpg\",\"datePublished\":\"2024-11-11T10:12:47+00:00\",\"dateModified\":\"2026-02-19T01:15:58+00:00\",\"breadcrumb\":{\"@id\":\"https:\\\/\\\/velarogverkfaeri.is\\\/lykillausnir\\\/heimilid-lykillausnir\\\/eldhus-heimilid-lykillausnir\\\/product\\\/ninja-hnifasett-staysharp-white\\\/#breadcrumb\"},\"inLanguage\":\"en-US\",\"potentialAction\":[{\"@type\":\"ReadAction\",\"target\":[\"https:\\\/\\\/velarogverkfaeri.is\\\/lykillausnir\\\/heimilid-lykillausnir\\\/eldhus-heimilid-lykillausnir\\\/product\\\/ninja-hnifasett-staysharp-white\\\/\"]}]},{\"@type\":\"ImageObject\",\"inLanguage\":\"en-US\",\"@id\":\"https:\\\/\\\/velarogverkfaeri.is\\\/lykillausnir\\\/heimilid-lykillausnir\\\/eldhus-heimilid-lykillausnir\\\/product\\\/ninja-hnifasett-staysharp-white\\\/#primaryimage\",\"url\":\"https:\\\/\\\/velarogverkfaeri.is\\\/wp-content\\\/uploads\\\/2024\\\/11\\\/3b57119c-dfd3-4e46-b680-1d74a8cf34c2.jpg\",\"contentUrl\":\"https:\\\/\\\/velarogverkfaeri.is\\\/wp-content\\\/uploads\\\/2024\\\/11\\\/3b57119c-dfd3-4e46-b680-1d74a8cf34c2.jpg\",\"width\":1880,\"height\":1880},{\"@type\":\"BreadcrumbList\",\"@id\":\"https:\\\/\\\/velarogverkfaeri.is\\\/lykillausnir\\\/heimilid-lykillausnir\\\/eldhus-heimilid-lykillausnir\\\/product\\\/ninja-hnifasett-staysharp-white\\\/#breadcrumb\",\"itemListElement\":[{\"@type\":\"ListItem\",\"position\":1,\"name\":\"Home\",\"item\":\"https:\\\/\\\/velarogverkfaeri.is\\\/\"},{\"@type\":\"ListItem\",\"position\":2,\"name\":\"Vefverslun\",\"item\":\"https:\\\/\\\/velarogverkfaeri.is\\\/vefverslun\\\/\"},{\"@type\":\"ListItem\",\"position\":3,\"name\":\"NINJA Hn\u00edfasett StaySharp white\"}]},{\"@type\":\"WebSite\",\"@id\":\"https:\\\/\\\/velarogverkfaeri.is\\\/en\\\/#website\",\"url\":\"https:\\\/\\\/velarogverkfaeri.is\\\/en\\\/\",\"name\":\"V\u00e9lar & Verkf\u00e6ri\",\"description\":\"Umbo\u00f0s- og heildverslun fr\u00e1 \u00e1rinu 1919\",\"publisher\":{\"@id\":\"https:\\\/\\\/velarogverkfaeri.is\\\/en\\\/#organization\"},\"potentialAction\":[{\"@type\":\"SearchAction\",\"target\":{\"@type\":\"EntryPoint\",\"urlTemplate\":\"https:\\\/\\\/velarogverkfaeri.is\\\/en\\\/?s={search_term_string}\"},\"query-input\":{\"@type\":\"PropertyValueSpecification\",\"valueRequired\":true,\"valueName\":\"search_term_string\"}}],\"inLanguage\":\"en-US\"},{\"@type\":\"Organization\",\"@id\":\"https:\\\/\\\/velarogverkfaeri.is\\\/en\\\/#organization\",\"name\":\"V\u00e9lar & Verkf\u00e6ri\",\"url\":\"https:\\\/\\\/velarogverkfaeri.is\\\/en\\\/\",\"logo\":{\"@type\":\"ImageObject\",\"inLanguage\":\"en-US\",\"@id\":\"https:\\\/\\\/velarogverkfaeri.is\\\/en\\\/#\\\/schema\\\/logo\\\/image\\\/\",\"url\":\"https:\\\/\\\/velarogverkfaeri.is\\\/wp-content\\\/uploads\\\/2021\\\/10\\\/vv_logo_350x100.png\",\"contentUrl\":\"https:\\\/\\\/velarogverkfaeri.is\\\/wp-content\\\/uploads\\\/2021\\\/10\\\/vv_logo_350x100.png\",\"width\":350,\"height\":100,\"caption\":\"V\u00e9lar & Verkf\u00e6ri\"},\"image\":{\"@id\":\"https:\\\/\\\/velarogverkfaeri.is\\\/en\\\/#\\\/schema\\\/logo\\\/image\\\/\"},\"sameAs\":[\"https:\\\/\\\/www.facebook.com\\\/VelarOgVerkfaeri\"]}]}<\/script>\n<!-- \/ Yoast SEO plugin. -->","yoast_head_json":{"title":"NINJA Hn\u00edfasett StaySharp white - V\u00e9lar &amp; Verkf\u00e6ri","robots":{"index":"index","follow":"follow","max-snippet":"max-snippet:-1","max-image-preview":"max-image-preview:large","max-video-preview":"max-video-preview:-1"},"canonical":"https:\/\/velarogverkfaeri.is\/en\/lykillausnir\/heimilid-lykillausnir\/eldhus-heimilid-lykillausnir\/product\/ninja-hnifasett-staysharp-white\/","og_locale":"en_US","og_type":"article","og_title":"NINJA Hn\u00edfasett StaySharp white - V\u00e9lar &amp; Verkf\u00e6ri","og_description":"About this item 6-PIECE KNIFE SET: Premium Stainless Steel kitchen knife set includes a Chef Knife, Bread Knife, Slicing Knife, Utility Knife, Paring Knife and Scissors, plus on-trend White Knife Block. DURABLE STAINLESS STEEL: Built to last from forged German stainless-steel, Ninja knives are rust resistant and strong enough for all your kitchen cutting tasks. [&hellip;]","og_url":"https:\/\/velarogverkfaeri.is\/en\/lykillausnir\/heimilid-lykillausnir\/eldhus-heimilid-lykillausnir\/product\/ninja-hnifasett-staysharp-white\/","og_site_name":"V\u00e9lar &amp; Verkf\u00e6ri","article_publisher":"https:\/\/www.facebook.com\/VelarOgVerkfaeri","article_modified_time":"2026-02-19T01:15:58+00:00","og_image":[{"width":1880,"height":1880,"url":"https:\/\/velarogverkfaeri.is\/wp-content\/uploads\/2024\/11\/3b57119c-dfd3-4e46-b680-1d74a8cf34c2.jpg","type":"image\/jpeg"}],"twitter_card":"summary_large_image","twitter_misc":{"Est. reading time":"1 minute"},"schema":{"@context":"https:\/\/schema.org","@graph":[{"@type":"WebPage","@id":"https:\/\/velarogverkfaeri.is\/lykillausnir\/heimilid-lykillausnir\/eldhus-heimilid-lykillausnir\/product\/ninja-hnifasett-staysharp-white\/","url":"https:\/\/velarogverkfaeri.is\/lykillausnir\/heimilid-lykillausnir\/eldhus-heimilid-lykillausnir\/product\/ninja-hnifasett-staysharp-white\/","name":"NINJA Hn\u00edfasett StaySharp white - V\u00e9lar &amp; Verkf\u00e6ri","isPartOf":{"@id":"https:\/\/velarogverkfaeri.is\/en\/#website"},"primaryImageOfPage":{"@id":"https:\/\/velarogverkfaeri.is\/lykillausnir\/heimilid-lykillausnir\/eldhus-heimilid-lykillausnir\/product\/ninja-hnifasett-staysharp-white\/#primaryimage"},"image":{"@id":"https:\/\/velarogverkfaeri.is\/lykillausnir\/heimilid-lykillausnir\/eldhus-heimilid-lykillausnir\/product\/ninja-hnifasett-staysharp-white\/#primaryimage"},"thumbnailUrl":"https:\/\/velarogverkfaeri.is\/wp-content\/uploads\/2024\/11\/3b57119c-dfd3-4e46-b680-1d74a8cf34c2.jpg","datePublished":"2024-11-11T10:12:47+00:00","dateModified":"2026-02-19T01:15:58+00:00","breadcrumb":{"@id":"https:\/\/velarogverkfaeri.is\/lykillausnir\/heimilid-lykillausnir\/eldhus-heimilid-lykillausnir\/product\/ninja-hnifasett-staysharp-white\/#breadcrumb"},"inLanguage":"en-US","potentialAction":[{"@type":"ReadAction","target":["https:\/\/velarogverkfaeri.is\/lykillausnir\/heimilid-lykillausnir\/eldhus-heimilid-lykillausnir\/product\/ninja-hnifasett-staysharp-white\/"]}]},{"@type":"ImageObject","inLanguage":"en-US","@id":"https:\/\/velarogverkfaeri.is\/lykillausnir\/heimilid-lykillausnir\/eldhus-heimilid-lykillausnir\/product\/ninja-hnifasett-staysharp-white\/#primaryimage","url":"https:\/\/velarogverkfaeri.is\/wp-content\/uploads\/2024\/11\/3b57119c-dfd3-4e46-b680-1d74a8cf34c2.jpg","contentUrl":"https:\/\/velarogverkfaeri.is\/wp-content\/uploads\/2024\/11\/3b57119c-dfd3-4e46-b680-1d74a8cf34c2.jpg","width":1880,"height":1880},{"@type":"BreadcrumbList","@id":"https:\/\/velarogverkfaeri.is\/lykillausnir\/heimilid-lykillausnir\/eldhus-heimilid-lykillausnir\/product\/ninja-hnifasett-staysharp-white\/#breadcrumb","itemListElement":[{"@type":"ListItem","position":1,"name":"Home","item":"https:\/\/velarogverkfaeri.is\/"},{"@type":"ListItem","position":2,"name":"Vefverslun","item":"https:\/\/velarogverkfaeri.is\/vefverslun\/"},{"@type":"ListItem","position":3,"name":"NINJA Hn\u00edfasett StaySharp white"}]},{"@type":"WebSite","@id":"https:\/\/velarogverkfaeri.is\/en\/#website","url":"https:\/\/velarogverkfaeri.is\/en\/","name":"V\u00e9lar & Verkf\u00e6ri","description":"Umbo\u00f0s- og heildverslun fr\u00e1 \u00e1rinu 1919","publisher":{"@id":"https:\/\/velarogverkfaeri.is\/en\/#organization"},"potentialAction":[{"@type":"SearchAction","target":{"@type":"EntryPoint","urlTemplate":"https:\/\/velarogverkfaeri.is\/en\/?s={search_term_string}"},"query-input":{"@type":"PropertyValueSpecification","valueRequired":true,"valueName":"search_term_string"}}],"inLanguage":"en-US"},{"@type":"Organization","@id":"https:\/\/velarogverkfaeri.is\/en\/#organization","name":"V\u00e9lar & Verkf\u00e6ri","url":"https:\/\/velarogverkfaeri.is\/en\/","logo":{"@type":"ImageObject","inLanguage":"en-US","@id":"https:\/\/velarogverkfaeri.is\/en\/#\/schema\/logo\/image\/","url":"https:\/\/velarogverkfaeri.is\/wp-content\/uploads\/2021\/10\/vv_logo_350x100.png","contentUrl":"https:\/\/velarogverkfaeri.is\/wp-content\/uploads\/2021\/10\/vv_logo_350x100.png","width":350,"height":100,"caption":"V\u00e9lar & Verkf\u00e6ri"},"image":{"@id":"https:\/\/velarogverkfaeri.is\/en\/#\/schema\/logo\/image\/"},"sameAs":["https:\/\/www.facebook.com\/VelarOgVerkfaeri"]}]}},"_links":{"self":[{"href":"https:\/\/velarogverkfaeri.is\/en\/wp-json\/wp\/v2\/product\/68387","targetHints":{"allow":["GET"]}}],"collection":[{"href":"https:\/\/velarogverkfaeri.is\/en\/wp-json\/wp\/v2\/product"}],"about":[{"href":"https:\/\/velarogverkfaeri.is\/en\/wp-json\/wp\/v2\/types\/product"}],"replies":[{"embeddable":true,"href":"https:\/\/velarogverkfaeri.is\/en\/wp-json\/wp\/v2\/comments?post=68387"}],"wp:featuredmedia":[{"embeddable":true,"href":"https:\/\/velarogverkfaeri.is\/en\/wp-json\/wp\/v2\/media\/68662"}],"wp:attachment":[{"href":"https:\/\/velarogverkfaeri.is\/en\/wp-json\/wp\/v2\/media?parent=68387"}],"wp:term":[{"taxonomy":"product_brand","embeddable":true,"href":"https:\/\/velarogverkfaeri.is\/en\/wp-json\/wp\/v2\/product_brand?post=68387"},{"taxonomy":"product_cat","embeddable":true,"href":"https:\/\/velarogverkfaeri.is\/en\/wp-json\/wp\/v2\/product_cat?post=68387"},{"taxonomy":"product_tag","embeddable":true,"href":"https:\/\/velarogverkfaeri.is\/en\/wp-json\/wp\/v2\/product_tag?post=68387"}],"curies":[{"name":"wp","href":"https:\/\/api.w.org\/{rel}","templated":true}]}}