{"id":67803,"date":"2024-10-24T13:12:43","date_gmt":"2024-10-24T13:12:43","guid":{"rendered":"https:\/\/velarogverkfaeri.is\/?post_type=product&#038;p=67803"},"modified":"2026-02-17T14:03:26","modified_gmt":"2026-02-17T14:03:26","slug":"randi-sylinderhringur-fyrir-assa-13mm-svartur-pvd","status":"publish","type":"product","link":"https:\/\/velarogverkfaeri.is\/en\/lykillausnir\/hurdabunadur-lykillausnir\/sylinderhringir\/product\/randi-sylinderhringur-fyrir-assa-13mm-svartur-pvd\/","title":{"rendered":"RANDI Sylinderhringur fyrir ASSA 13mm Svartur PVD"},"content":{"rendered":"<p><img decoding=\"async\" src=\"data:image\/png;base64,iVBORw0KGgoAAAANSUhEUgAAAL0AAABGCAYAAACZgpXqAAAAAXNSR0IArs4c6QAAAARnQU1BAACxjwv8YQUAAAAJcEhZcwAADsMAAA7DAcdvqGQAABKVSURBVHhe7Z1\/VJNXmse\/QgrRoERTjRhstMGmJdZQU0FghYItbXFKZ7ETHTrLdGmPrT1Tz3C6nD3+t\/\/5R\/9oT89ObZ0Zz5adsVO2xRGP7khbKhYiQYJECRoxB7OaxRRTYCBDsCm7977vfSW\/+KHVbve89+N5D\/e975t773vvc5\/7PDe+Txb8DwEcjoxIYn85HNnAhZ4jO7jQc2QHF3qO7OBCz5EdXOg5soMLPUd2cKHnyA4u9BzZMes3siM9x9F8aZydUZS4f40e+rVGGJYrWZ7I9L1a5FmLoR924vhnbgifXmjA1ucs0NB0JP2taDjrF9Mr82At0ieok6EyomybGeqIctXZ21C2XiVepwyQ8s7Q8tJgfKoc5qVi9siADafOXENIOFMi87FC5K7TQCGcA95TDbBfJwmpDjFbIORzwdbtwo0JeqaAeo0ZlhwDNCnCZYHpNqth2lYGU0STEpcdhr+nBe2XRkiKcJ8axtwimHXRfcq5NyT\/C4Gl4wg4P8fJvkEMDw+zYwi+gX64ujvQ5ZnAsnUG3M8Gf\/reJGRseRSrvjmHz0+6MEg\/9\/V1hDPzsI4JoUgI9mP\/gW4vKzspA1seXZWgTnaEliB7kwFLIsodvHIdi8ykLkkAiXA3nRkg909iSfYmGJYE4Wj4DT7+yoOhW2UNwdvnQPfgImwwrQL9qKe9CV0DEXXQsqYCsP3hA\/zpKxd8X0ufDWBwwAWHvRdjK7Kxjkn+dJsH4bm+CDnkOaQmxZU95UPzB\/tx\/PwgAlKbbgyi39mB3tCD2GQQaufcQ+Zp3iihMRhg0GugYqMZGnSg8cNm+KbE89kJwuVwsTQjYIPTx9IJYXVKh16LCAUqctOLliMOUvoMEM3f7hH1u2K5CcVb82BghYQ8LTjRJ6bjIZPlTwfRek38LBQqaPQGaJeytWFqBM7D9WhO0P6wtwVHumdsEUKdX8AxLKaV+jyUFpmhZX060nUMrewa594xT6HXwmK1wlq1C3verENVDjMARh041hoQ03MQ9jhgF0wEEW9HL2b\/JKtTOmLMDgkqZMfOMeGMZXjk1oTQmMpQkFsK64tWlG4tJUcRjEsF4yIeOlm84jWFvgy739yDXVVW1LxWh7oq1g4i+I4v7MxkiiQM75fH4Ix41kgCo1KLlDDklSKvsBxVO8pZmyzI5F7WPecOulgB\/bPEbl0ongU8vRgRkzNDayHLurODifmUC\/Y+NvgztmAcvk477OxwSlo3AkUK1bxheD5rSixk2vtvTRT\/qf04cNgGz5QOebl5wmHKkKz6aDy9bjZZNLA8bYE6oo0KfTly9exk0As3S4ooSJvIn5seNB91JpgQgG55OkuF4PrkXRw64YR\/qYm1yQKDdJlzz7hDvWKATvJKb07ObF4wtBk64W\/gggPUIgh1OuChijSdOMWLhUsJCMD1RQta2GFzxa8Lus2l0M8mZLoyVORrRYd1KoTAReLo\/u5t7HuHmCaXZm71yJhUUhrS47xv4nNr2FQidr8\/ysTRobBEL9QX9jSjKdEKtPF5VDzEbKypILzdx3Ho3bfw1nsNcAyJ2Zx7yx0KvR+BMZacB8psosGoJIxehHMgBOclUVI0j5hxv5BKRLRNr9fGWfTAQgueL9ZNC9nleCHTPVGDutpqlG80QKNimn3CB8env0eTRzyNRcFuo6sIEvgsoZtSPalIW8aSjFQi1KWZQouEFchzU8yfRgXT9j2o22VF8Xot1MyeD4+SiXvwIGxzaRDO9+bOhP4a0dSjYlKh1RH9NgdJJpjWUkEgDm3rIebAarF+cyIrXSLapi+X\/IgYVI9vnxYyD9v+lLgZxAix60cmVMgqsWLXnjrs3ipOEtoW3+UEnijB+ID0RMQks8dIITHNnJeY0KdnQs\/MvGlUsFSWQkcrISuQZ1DMvUWItIe0aTxJg43baoi\/QHykDdLK4ceVaHuJcw+Yp9CHMUmFZ9gL15eN2P+xk9nxapg3m4TUXJgeMxLdTUoaJKsEzdCZsDFOYO6ECCGL5fIJ\/Pb9\/dhPjt8fc1O9jbQlaUzoCUmJPkTWGGJbG5kG9p86gIPHnPCS5\/f2taDhvSa4mfbWPlaYeMKrLNheIk2uaEY6GoT20OPQadqLCqQvThUvEqZXGc69Yp5C70OrMFCH0NThxogw6Apo8ytQNqeaZxjMMEZYKPr1ecIkmBkvmvftwz7peK9Z8AcSMpOQPZwHM3MMgxcb8RYp563DbtH2J5o2e6NWuBYHWZkqdzAHlvgC\/nPE7qZCesQODzPrlIYy7MhPYHIxplegaNSbLKIfQqDONX22\/e1shUoxwrReTHLuHbdv3hDtqFpuROlLtah5Yr4ST9HDbGTLuMIAc46YvFskFLIkHcp+WQmLTgVFxJMqiANdvLMGxQmc1FtklmH3a5XI06ujPouFGhi31uANqyX+e4MoZliByAStqi6DQdrzZyiXm1D+SiVMtz8inNtEVi+Gh4PEPleRCcDOb4fv89nZCAVDUKr4fz\/4IeHREDiygy+mHNnBhZ4jO7jQc2QHF3qO7OBCz5EdXOg5soMLPUd2cKHnyA4u9BzZwYWeIzu40HNkBxd6juzgQs+RHVzoObJj9v9a7G\/FwY+6wV6HjUL\/ZC0qpbd8pgJwfNKAloERhOmL1ElK6HLKsf1p4xwvWpAqTh7EoR6xhqgyg240f3ocDh97H1WhhqHECuvjs735wRGYCmFkNARluhrK21JrPjS\/Vw+PoRq7n76dF4T+fzF7l4QnMTmhgqGgAAUxhzmD3YOQEA2s+aoKhTt3Y\/dru1HznAHBnkb88eTcgaDSsyykPANUEyGEbkUOIJ3\/YSMc4wZU1IhlVhWo4P3sIBpnjErGucXgKXz0\/kc4FftSOkdgHnogDToWHCnyMEgKd8oN79cKGJ+qRoFeDfVSNbTZFchdDQT++wq5IYwgfak8GB1NLBwkeVQbZZpJeTpSSwQ+N67c1CDv+QqYtGKZ+sKtMKeH4b\/K3pQVIh0EhZe9wwEPnJ12uLziuURoKHE+JTRK6qeLCNGKvj477D0eBKTIHhRSvjdR\/myQz\/j7nbB3uuCNeV6JcNALFw1e1R9AKFFIRKleWgbpnyioBid9GYwNKxKZT\/tlLIRvyb\/QmBh5Ifp+Mh5elxBAy+UdSdwGCikzMMezzOd5KdPjkKA+2t6YcZyxb+4Ss5s3vmbsr7+B3L1VMAf98PZfBzKyhBg0s782F4Lt395G++IK1G03wfef+1Hfq0LZ69WwUHsnaMPBf22H8qnXUbWRZjhwaF8z8PReci4UkAAPmt5pwPWc3dj1hBroPoR9J0IwPDQOz+VJKFNJrROk61RGVLxcjPHGerSQ5irvC4v5S82w\/rIcBiECg7iMX1xsRNrXbgSIOaYIk5UmTF92r8KO1U7Uf+LEeCrJ\/5bkTxFzrbga1ZtnNq0Cp+tRf8qHkEIJZbJYpzKjANbqYugE1UKDyR5AsycExUIlMBlCWKFFwY4aFGcKRcxdhjAeDqTH9lNkPmi\/eNkFEb10\/5AN9X9ohe+mgvSXgizkpA0ppA0\/k9qQoF+I8NMVWJ1jxT8+a7j1Mv\/cz0sYdaLx34\/DPUasU+mZicFr3PYyMWOZ4Rs3jlK7DCjbZRXl5S4za9RijHnQ5fwG44Mncbz5LDzXyEw8cxq2s0NYtv4RrGBv9UvQGe1yXcS5lqM4\/c0DeHJHiRBReIlhFcbOtaHTSyP6LsP5Tz5BX1op\/uEZPYvuO4jzbR4gawsevWU2UahWuoCzl3rRebQFFxSP4WeVJixZQC4Nnkebx4extBK8+uoLKMkvxJYNi3C1qxPdXU4EtD\/Brpd\/gqLNJP\/hZPRTTTP+APIeoi+nj8Fzxglv4DtkWd\/AS88UIr8wHw+M96KjywHHlSlsqt6DnVvzSf5GrBhyobP7ClIsZmTeJzQsmr5G\/ObEVWQ8+Spef6EE+bRO0paB9pOwXV+GwuwVZM7+BR+3\/RVG6z+hpjwfhQUPYsxpQ5cvBZvMmVCwMpYXv4JfWUvFMmi7O9rQIZUhjMcglLH9FJm\/8VFseXACvc4JmKpr8VI5u3fKhcYPmnH1\/mK8snsnSvNpG7KRfNmGtk4\/lm0m47kgQb8UbEF2+ALauy5gQoo8PZ\/nnSJK6rd\/xoVkM6p+VYNy0r+FBY9ixUgf2mxOTKylUaVJWXHjSO57bBkGezrQNcD6hj7jXWQe5o0fvnARdtfVofbXddj7JtH6CjeaPo0NXuqH\/WgTWlpb4SAaVrfBjIelWZqkQ\/nTJqTSiL6HG9Hi06K0cq5oAhQ3Thxuxqkv7XAH02B83DKtRQRiYk2mW1CcrUKYmEbmZyKc6OUFKH5YSSaQOyqMiMJQhHK91KUKohFzoSMTTbG2GAXLWTbVTM+YoZ3ywXOBZcXg6HEjnFGIyscjAlKRtlQWaBG+7IQjYqkOTbDgUbRPqL\/yvFnQnkIZGgu25UesJqTd218oR5FeOXe80LnoccJN+sWyrQAaqb+SNCjYbkX5Fj2UEbsV0f1CermkEEYFMbsui6FK5vW8PUTJBImJuqP8VsgTJKlhfK4c5oUjcHZERrGOGUeVCWUbSD\/ExQq9O8wu9BlF+DlxIt\/YGdGgFD3KiQ0e3yAtimtqUVu3F3U1hVCeb0T9ZxEiZqjA1ocA70UvNH+3fZ7LlgmVv65F3T\/vRe1Pjbjx5UE0RMWHjI81qdPSQIFKpMYEklKmxEccSFscMWiUpJVYmZ7g3oWps8To8SFAJXLIjv3vvI23I479NiIkU6MIUIfSsBVlDxOFf\/RdvPXuATScsMNDJrI6nZYslqFabYz74QqVnvg8jxsSRmy+HXxDRKoXZ8IYXwHMNHBsxG8HxPULqT2NjtcUtbzn97wz1gc9jauLsN9H1KRE\/DiqlxAvj9Q3s6dw58wu9MSmo05k3LYXjQwmNSjCEZFQEI1VlqPBiNsZoVmDCP1NTI3foD\/NMQs09F2ME6c0lKLwQSI0zpg49z8SlCtNcTtcBVto+O0CmIR4lyqY\/n4P9tbuQuXmNcBVGxoOvI2DxC6W+I74FbPyfdf5MLG9WfL7MvfzEiaIg82ScaSkYjqu2w\/L7EJ\/rgH79sUHFQ2MjpMxVIvBV4fb8dH7B3A8JhjqdzHucbDrU7R8rUdpiQGTvcdmDJ4qcIk4Zu8dgi02\/PaPMliJjqwuCmK2KJAVs8OVpSDOv486rmQeX6O7HB4ElBoYcstgfaUW1Tmp8Pe6iGJgZQy4Ee2CEo15uhENh+2iVtRqBdNkfDRmK3h4RPyZo1nQrdZCMXEF7gGWIXHNhsaGRtin1e4czO95hfrC1+CJHecJB9xknqtXZ33v1etOmV3o1xfCku5H64eNcHrF7S9vDxmEzgA0G\/LIQkXQWpC9PATXsQbY6dYg3T7z2nCsOwBFhl6M9Rh04EirD5qCbcjbvA2lmZNwnTg+86+YrDfBmOJH+0fNcA0R3US3xvqacMoThmY10ZI\/MkxP5EIzbMcfG+wQv0sLI0Da2\/CZC4G0TGL4Ec34rQ\/2LxpxhO540OcO+XDZP0kupAq+h1DGhBNHpDLolmF3Iz495cbI0iyhDMAI41oFyT+C5r4AqYU6+jbUn\/BErbTiijCO6\/\/ln96yzC5G7vIgnEfJOLEv\/EJDDjQ2tsL9Vw2yZohwmIj5PK9Un+vP9WgRtiBpW53Cr9d4kwwoKPq\/+\/Jr9t2bBUtgIJ74hOcsbB02dJ7pwvkr30FbWIlfFGWwGbMIa9Y\/gOQr54hX3oq2NuJ1u3xI1j+JX2w3Y9GCoPBtbXfyZrz4\/DpydwpWZS1Af5sdfX97EJuyBBc+evdmwQo8YlqCgKuTlNeGttN2nO0fgyanAjueXC3u+AhePzGV6e9b0XOJGfLHPF1wDi+DWfhNKXGXYniZmdUvMVP+TLtLjEVrYDEugrfzc5xsJe1ts8HB2vvzsrVie5euQ9ZCH861ncTJr8g9HU5cXbAO5TufxRpq1pMyzKu\/Rf8Zco1eb++AYyCIFblWVJdIfa3AykfWYMrTTcbCDhupx35hFKssenx3LTC9q5O2EotuXEBP92lhzK4vofniOH17mfUpOTq6PQiuyIP1xRJkJNPy59kv83leKhc52Vjk64HtdLvY1vP9CBLTt6KqAibpi5nbHMe7AY9wdreh\/sgk8YUEBzUx9Iu58WQ11DPdMo8yhC+kiImhlmLu3w70s3f03xQSMJ+20hVpeBzJd6O+uwAXeo7s+BHMOw7nh4ULPUd2cKHnyA4u9BzZwYWeIzu40HNkBxd6juzgQs+RHVzoObKDCz1HdnCh58gOLvQc2cGFniM7uNBzZAcXeo7s4ELPkR1c6Dmygws9R3ZwoefIDi70HJkB\/C9t51FAFVKcUgAAAABJRU5ErkJggg==\" alt=\"\"><\/p>","protected":false},"excerpt":{"rendered":"<p>Tegund: 1100.28.AR.13<\/p>","protected":false},"featured_media":80376,"comment_status":"closed","ping_status":"closed","template":"","meta":[],"product_brand":[],"product_cat":[518,597,545,517,909,1134],"product_tag":[],"class_list":{"0":"post-67803","1":"product","2":"type-product","3":"status-publish","4":"has-post-thumbnail","6":"product_cat-honnunarlausnir","7":"product_cat-hurdabunadur-lykillausnir","8":"product_cat-hurdabunadur","9":"product_cat-lykillausnir","10":"product_cat-sylinderhringir","11":"product_cat-sylinderhringir-hurdabunadur","13":"first","14":"instock","15":"taxable","16":"shipping-taxable","17":"purchasable","18":"product-type-simple"},"yoast_head":"<!-- This site is optimized with the Yoast SEO plugin v27.3 - https:\/\/yoast.com\/product\/yoast-seo-wordpress\/ -->\n<title>RANDI Sylinderhringur fyrir ASSA 13mm Svartur PVD - V\u00e9lar &amp; Verkf\u00e6ri<\/title>\n<meta name=\"robots\" content=\"index, follow, max-snippet:-1, max-image-preview:large, max-video-preview:-1\" \/>\n<link rel=\"canonical\" href=\"https:\/\/velarogverkfaeri.is\/en\/lykillausnir\/hurdabunadur-lykillausnir\/hurdarhunar-hurdabunadur-lykillausnir\/product\/randi-sylinderhringur-fyrir-assa-13mm-svartur-pvd\/\" \/>\n<meta property=\"og:locale\" content=\"en_US\" \/>\n<meta property=\"og:type\" content=\"article\" \/>\n<meta property=\"og:title\" content=\"RANDI Sylinderhringur fyrir ASSA 13mm Svartur PVD - V\u00e9lar &amp; Verkf\u00e6ri\" \/>\n<meta property=\"og:description\" content=\"Tegund: 1100.28.AR.13\" \/>\n<meta property=\"og:url\" content=\"https:\/\/velarogverkfaeri.is\/en\/lykillausnir\/hurdabunadur-lykillausnir\/hurdarhunar-hurdabunadur-lykillausnir\/product\/randi-sylinderhringur-fyrir-assa-13mm-svartur-pvd\/\" \/>\n<meta property=\"og:site_name\" content=\"V\u00e9lar &amp; Verkf\u00e6ri\" \/>\n<meta property=\"article:publisher\" content=\"https:\/\/www.facebook.com\/VelarOgVerkfaeri\" \/>\n<meta property=\"article:modified_time\" content=\"2026-02-17T14:03:26+00:00\" \/>\n<meta name=\"twitter:card\" content=\"summary_large_image\" \/>\n<script type=\"application\/ld+json\" class=\"yoast-schema-graph\">{\"@context\":\"https:\\\/\\\/schema.org\",\"@graph\":[{\"@type\":\"WebPage\",\"@id\":\"https:\\\/\\\/velarogverkfaeri.is\\\/lykillausnir\\\/hurdabunadur-lykillausnir\\\/hurdarhunar-hurdabunadur-lykillausnir\\\/product\\\/randi-sylinderhringur-fyrir-assa-13mm-svartur-pvd\\\/\",\"url\":\"https:\\\/\\\/velarogverkfaeri.is\\\/lykillausnir\\\/hurdabunadur-lykillausnir\\\/hurdarhunar-hurdabunadur-lykillausnir\\\/product\\\/randi-sylinderhringur-fyrir-assa-13mm-svartur-pvd\\\/\",\"name\":\"RANDI Sylinderhringur fyrir ASSA 13mm Svartur PVD - V\u00e9lar &amp; Verkf\u00e6ri\",\"isPartOf\":{\"@id\":\"https:\\\/\\\/velarogverkfaeri.is\\\/en\\\/#website\"},\"primaryImageOfPage\":{\"@id\":\"https:\\\/\\\/velarogverkfaeri.is\\\/lykillausnir\\\/hurdabunadur-lykillausnir\\\/hurdarhunar-hurdabunadur-lykillausnir\\\/product\\\/randi-sylinderhringur-fyrir-assa-13mm-svartur-pvd\\\/#primaryimage\"},\"image\":{\"@id\":\"https:\\\/\\\/velarogverkfaeri.is\\\/lykillausnir\\\/hurdabunadur-lykillausnir\\\/hurdarhunar-hurdabunadur-lykillausnir\\\/product\\\/randi-sylinderhringur-fyrir-assa-13mm-svartur-pvd\\\/#primaryimage\"},\"thumbnailUrl\":\"https:\\\/\\\/velarogverkfaeri.is\\\/wp-content\\\/uploads\\\/2026\\\/02\\\/988d5a85-7f64-47df-8496-760de1ceae3d.png\",\"datePublished\":\"2024-10-24T13:12:43+00:00\",\"dateModified\":\"2026-02-17T14:03:26+00:00\",\"breadcrumb\":{\"@id\":\"https:\\\/\\\/velarogverkfaeri.is\\\/lykillausnir\\\/hurdabunadur-lykillausnir\\\/hurdarhunar-hurdabunadur-lykillausnir\\\/product\\\/randi-sylinderhringur-fyrir-assa-13mm-svartur-pvd\\\/#breadcrumb\"},\"inLanguage\":\"en-US\",\"potentialAction\":[{\"@type\":\"ReadAction\",\"target\":[\"https:\\\/\\\/velarogverkfaeri.is\\\/lykillausnir\\\/hurdabunadur-lykillausnir\\\/hurdarhunar-hurdabunadur-lykillausnir\\\/product\\\/randi-sylinderhringur-fyrir-assa-13mm-svartur-pvd\\\/\"]}]},{\"@type\":\"ImageObject\",\"inLanguage\":\"en-US\",\"@id\":\"https:\\\/\\\/velarogverkfaeri.is\\\/lykillausnir\\\/hurdabunadur-lykillausnir\\\/hurdarhunar-hurdabunadur-lykillausnir\\\/product\\\/randi-sylinderhringur-fyrir-assa-13mm-svartur-pvd\\\/#primaryimage\",\"url\":\"https:\\\/\\\/velarogverkfaeri.is\\\/wp-content\\\/uploads\\\/2026\\\/02\\\/988d5a85-7f64-47df-8496-760de1ceae3d.png\",\"contentUrl\":\"https:\\\/\\\/velarogverkfaeri.is\\\/wp-content\\\/uploads\\\/2026\\\/02\\\/988d5a85-7f64-47df-8496-760de1ceae3d.png\",\"width\":458,\"height\":594},{\"@type\":\"BreadcrumbList\",\"@id\":\"https:\\\/\\\/velarogverkfaeri.is\\\/lykillausnir\\\/hurdabunadur-lykillausnir\\\/hurdarhunar-hurdabunadur-lykillausnir\\\/product\\\/randi-sylinderhringur-fyrir-assa-13mm-svartur-pvd\\\/#breadcrumb\",\"itemListElement\":[{\"@type\":\"ListItem\",\"position\":1,\"name\":\"Home\",\"item\":\"https:\\\/\\\/velarogverkfaeri.is\\\/\"},{\"@type\":\"ListItem\",\"position\":2,\"name\":\"Vefverslun\",\"item\":\"https:\\\/\\\/velarogverkfaeri.is\\\/vefverslun\\\/\"},{\"@type\":\"ListItem\",\"position\":3,\"name\":\"RANDI Sylinderhringur fyrir ASSA 13mm Svartur PVD\"}]},{\"@type\":\"WebSite\",\"@id\":\"https:\\\/\\\/velarogverkfaeri.is\\\/en\\\/#website\",\"url\":\"https:\\\/\\\/velarogverkfaeri.is\\\/en\\\/\",\"name\":\"V\u00e9lar & Verkf\u00e6ri\",\"description\":\"Umbo\u00f0s- og heildverslun fr\u00e1 \u00e1rinu 1919\",\"publisher\":{\"@id\":\"https:\\\/\\\/velarogverkfaeri.is\\\/en\\\/#organization\"},\"potentialAction\":[{\"@type\":\"SearchAction\",\"target\":{\"@type\":\"EntryPoint\",\"urlTemplate\":\"https:\\\/\\\/velarogverkfaeri.is\\\/en\\\/?s={search_term_string}\"},\"query-input\":{\"@type\":\"PropertyValueSpecification\",\"valueRequired\":true,\"valueName\":\"search_term_string\"}}],\"inLanguage\":\"en-US\"},{\"@type\":\"Organization\",\"@id\":\"https:\\\/\\\/velarogverkfaeri.is\\\/en\\\/#organization\",\"name\":\"V\u00e9lar & Verkf\u00e6ri\",\"url\":\"https:\\\/\\\/velarogverkfaeri.is\\\/en\\\/\",\"logo\":{\"@type\":\"ImageObject\",\"inLanguage\":\"en-US\",\"@id\":\"https:\\\/\\\/velarogverkfaeri.is\\\/en\\\/#\\\/schema\\\/logo\\\/image\\\/\",\"url\":\"https:\\\/\\\/velarogverkfaeri.is\\\/wp-content\\\/uploads\\\/2021\\\/10\\\/vv_logo_350x100.png\",\"contentUrl\":\"https:\\\/\\\/velarogverkfaeri.is\\\/wp-content\\\/uploads\\\/2021\\\/10\\\/vv_logo_350x100.png\",\"width\":350,\"height\":100,\"caption\":\"V\u00e9lar & Verkf\u00e6ri\"},\"image\":{\"@id\":\"https:\\\/\\\/velarogverkfaeri.is\\\/en\\\/#\\\/schema\\\/logo\\\/image\\\/\"},\"sameAs\":[\"https:\\\/\\\/www.facebook.com\\\/VelarOgVerkfaeri\"]}]}<\/script>\n<!-- \/ Yoast SEO plugin. -->","yoast_head_json":{"title":"RANDI Sylinderhringur fyrir ASSA 13mm Svartur PVD - V\u00e9lar &amp; Verkf\u00e6ri","robots":{"index":"index","follow":"follow","max-snippet":"max-snippet:-1","max-image-preview":"max-image-preview:large","max-video-preview":"max-video-preview:-1"},"canonical":"https:\/\/velarogverkfaeri.is\/en\/lykillausnir\/hurdabunadur-lykillausnir\/hurdarhunar-hurdabunadur-lykillausnir\/product\/randi-sylinderhringur-fyrir-assa-13mm-svartur-pvd\/","og_locale":"en_US","og_type":"article","og_title":"RANDI Sylinderhringur fyrir ASSA 13mm Svartur PVD - V\u00e9lar &amp; Verkf\u00e6ri","og_description":"Tegund: 1100.28.AR.13","og_url":"https:\/\/velarogverkfaeri.is\/en\/lykillausnir\/hurdabunadur-lykillausnir\/hurdarhunar-hurdabunadur-lykillausnir\/product\/randi-sylinderhringur-fyrir-assa-13mm-svartur-pvd\/","og_site_name":"V\u00e9lar &amp; Verkf\u00e6ri","article_publisher":"https:\/\/www.facebook.com\/VelarOgVerkfaeri","article_modified_time":"2026-02-17T14:03:26+00:00","twitter_card":"summary_large_image","schema":{"@context":"https:\/\/schema.org","@graph":[{"@type":"WebPage","@id":"https:\/\/velarogverkfaeri.is\/lykillausnir\/hurdabunadur-lykillausnir\/hurdarhunar-hurdabunadur-lykillausnir\/product\/randi-sylinderhringur-fyrir-assa-13mm-svartur-pvd\/","url":"https:\/\/velarogverkfaeri.is\/lykillausnir\/hurdabunadur-lykillausnir\/hurdarhunar-hurdabunadur-lykillausnir\/product\/randi-sylinderhringur-fyrir-assa-13mm-svartur-pvd\/","name":"RANDI Sylinderhringur fyrir ASSA 13mm Svartur PVD - V\u00e9lar &amp; Verkf\u00e6ri","isPartOf":{"@id":"https:\/\/velarogverkfaeri.is\/en\/#website"},"primaryImageOfPage":{"@id":"https:\/\/velarogverkfaeri.is\/lykillausnir\/hurdabunadur-lykillausnir\/hurdarhunar-hurdabunadur-lykillausnir\/product\/randi-sylinderhringur-fyrir-assa-13mm-svartur-pvd\/#primaryimage"},"image":{"@id":"https:\/\/velarogverkfaeri.is\/lykillausnir\/hurdabunadur-lykillausnir\/hurdarhunar-hurdabunadur-lykillausnir\/product\/randi-sylinderhringur-fyrir-assa-13mm-svartur-pvd\/#primaryimage"},"thumbnailUrl":"https:\/\/velarogverkfaeri.is\/wp-content\/uploads\/2026\/02\/988d5a85-7f64-47df-8496-760de1ceae3d.png","datePublished":"2024-10-24T13:12:43+00:00","dateModified":"2026-02-17T14:03:26+00:00","breadcrumb":{"@id":"https:\/\/velarogverkfaeri.is\/lykillausnir\/hurdabunadur-lykillausnir\/hurdarhunar-hurdabunadur-lykillausnir\/product\/randi-sylinderhringur-fyrir-assa-13mm-svartur-pvd\/#breadcrumb"},"inLanguage":"en-US","potentialAction":[{"@type":"ReadAction","target":["https:\/\/velarogverkfaeri.is\/lykillausnir\/hurdabunadur-lykillausnir\/hurdarhunar-hurdabunadur-lykillausnir\/product\/randi-sylinderhringur-fyrir-assa-13mm-svartur-pvd\/"]}]},{"@type":"ImageObject","inLanguage":"en-US","@id":"https:\/\/velarogverkfaeri.is\/lykillausnir\/hurdabunadur-lykillausnir\/hurdarhunar-hurdabunadur-lykillausnir\/product\/randi-sylinderhringur-fyrir-assa-13mm-svartur-pvd\/#primaryimage","url":"https:\/\/velarogverkfaeri.is\/wp-content\/uploads\/2026\/02\/988d5a85-7f64-47df-8496-760de1ceae3d.png","contentUrl":"https:\/\/velarogverkfaeri.is\/wp-content\/uploads\/2026\/02\/988d5a85-7f64-47df-8496-760de1ceae3d.png","width":458,"height":594},{"@type":"BreadcrumbList","@id":"https:\/\/velarogverkfaeri.is\/lykillausnir\/hurdabunadur-lykillausnir\/hurdarhunar-hurdabunadur-lykillausnir\/product\/randi-sylinderhringur-fyrir-assa-13mm-svartur-pvd\/#breadcrumb","itemListElement":[{"@type":"ListItem","position":1,"name":"Home","item":"https:\/\/velarogverkfaeri.is\/"},{"@type":"ListItem","position":2,"name":"Vefverslun","item":"https:\/\/velarogverkfaeri.is\/vefverslun\/"},{"@type":"ListItem","position":3,"name":"RANDI Sylinderhringur fyrir ASSA 13mm Svartur PVD"}]},{"@type":"WebSite","@id":"https:\/\/velarogverkfaeri.is\/en\/#website","url":"https:\/\/velarogverkfaeri.is\/en\/","name":"V\u00e9lar & Verkf\u00e6ri","description":"Umbo\u00f0s- og heildverslun fr\u00e1 \u00e1rinu 1919","publisher":{"@id":"https:\/\/velarogverkfaeri.is\/en\/#organization"},"potentialAction":[{"@type":"SearchAction","target":{"@type":"EntryPoint","urlTemplate":"https:\/\/velarogverkfaeri.is\/en\/?s={search_term_string}"},"query-input":{"@type":"PropertyValueSpecification","valueRequired":true,"valueName":"search_term_string"}}],"inLanguage":"en-US"},{"@type":"Organization","@id":"https:\/\/velarogverkfaeri.is\/en\/#organization","name":"V\u00e9lar & Verkf\u00e6ri","url":"https:\/\/velarogverkfaeri.is\/en\/","logo":{"@type":"ImageObject","inLanguage":"en-US","@id":"https:\/\/velarogverkfaeri.is\/en\/#\/schema\/logo\/image\/","url":"https:\/\/velarogverkfaeri.is\/wp-content\/uploads\/2021\/10\/vv_logo_350x100.png","contentUrl":"https:\/\/velarogverkfaeri.is\/wp-content\/uploads\/2021\/10\/vv_logo_350x100.png","width":350,"height":100,"caption":"V\u00e9lar & Verkf\u00e6ri"},"image":{"@id":"https:\/\/velarogverkfaeri.is\/en\/#\/schema\/logo\/image\/"},"sameAs":["https:\/\/www.facebook.com\/VelarOgVerkfaeri"]}]}},"_links":{"self":[{"href":"https:\/\/velarogverkfaeri.is\/en\/wp-json\/wp\/v2\/product\/67803","targetHints":{"allow":["GET"]}}],"collection":[{"href":"https:\/\/velarogverkfaeri.is\/en\/wp-json\/wp\/v2\/product"}],"about":[{"href":"https:\/\/velarogverkfaeri.is\/en\/wp-json\/wp\/v2\/types\/product"}],"replies":[{"embeddable":true,"href":"https:\/\/velarogverkfaeri.is\/en\/wp-json\/wp\/v2\/comments?post=67803"}],"wp:featuredmedia":[{"embeddable":true,"href":"https:\/\/velarogverkfaeri.is\/en\/wp-json\/wp\/v2\/media\/80376"}],"wp:attachment":[{"href":"https:\/\/velarogverkfaeri.is\/en\/wp-json\/wp\/v2\/media?parent=67803"}],"wp:term":[{"taxonomy":"product_brand","embeddable":true,"href":"https:\/\/velarogverkfaeri.is\/en\/wp-json\/wp\/v2\/product_brand?post=67803"},{"taxonomy":"product_cat","embeddable":true,"href":"https:\/\/velarogverkfaeri.is\/en\/wp-json\/wp\/v2\/product_cat?post=67803"},{"taxonomy":"product_tag","embeddable":true,"href":"https:\/\/velarogverkfaeri.is\/en\/wp-json\/wp\/v2\/product_tag?post=67803"}],"curies":[{"name":"wp","href":"https:\/\/api.w.org\/{rel}","templated":true}]}}