{"id":67463,"date":"2024-10-15T15:42:40","date_gmt":"2024-10-15T15:42:40","guid":{"rendered":"https:\/\/velarogverkfaeri.is\/?post_type=product&#038;p=67463"},"modified":"2026-02-11T14:00:59","modified_gmt":"2026-02-11T14:00:59","slug":"abloy-aalto-1-007-haegri-al-svart-40-60-dpp-handfang-par","status":"publish","type":"product","link":"https:\/\/velarogverkfaeri.is\/en\/lykillausnir\/hurdabunadur-lykillausnir\/hurdarhunar-hurdabunadur-lykillausnir\/product\/abloy-aalto-1-007-haegri-al-svart-40-60-dpp-handfang-par\/","title":{"rendered":"ABLOY AALTO 1\/007 H\u00e6gri \u00c1l Svart 40-60 DPP handfang (par)"},"content":{"rendered":"<p><img decoding=\"async\" src=\"data:image\/png;base64,iVBORw0KGgoAAAANSUhEUgAAAloAAABjCAYAAABDsa6mAAAAAXNSR0IArs4c6QAAAARnQU1BAACxjwv8YQUAAAAJcEhZcwAADsMAAA7DAcdvqGQAACgZSURBVHhe7Z1PaBXJ9sfP\/Pht3y6IAQ2DPK+biIuXuHIhIgMSk0XIbxMXL7iK42Qx+lYBTVRw9eImarIKbgwML2SRGAIigzxcGTdiNrmCDJmBBHHvMr86VdXdp+pWdfe9uZ1c4\/cDjf236tSpU6dPnep4f\/j69eseAQAAAACAtvM\/9l8AAAAAANBmEGgBAAAAAFQEAi0AAAAAgIpAoAUAAAAAUBEItAAAAAAAKgKBFgAAAABARSDQAgAAAACoCARaAAAAAAAVgUALAAAAAKAiEGgBAAAAAFQEAi0AAAAAgIpAoAUAAAAAUBEItAAAAAAAKgKBFgAAAABARSDQAgAAAACoCARaAAAAAAAVgUALAAAAAKAiEGgBAAAAAFTENxZobdD42Rt0TG0Xnu3Ycx3I6yd0bGSFtu1hCp\/X8t+huYaLB8eryQ7X3yFzkPrZfnaHjk1u2KM4efeVLaOtbK\/QhbNP6JU9rJR21XWQMqfs0NyI8VkH3kegfZS1nbz7mrS\/QxnXlcDv7Xa+88yYGn9tD78Bmg+0bLDQ8CLSRlSxM3n9lpbPXKF3H+bozVi3PdkMh9tBr15uUu32Xfr84QHd6LEnjwgcnJTqe20nhxtoHjaldXWomElNMlY6x+k3jmEtW2hi0wlsb9DzrV5aVD7r88N+e7LdVOPXDr7P29MOPb74XbRPm+hou+oQvg1fdvi0nNGqzyw7kfmr+XWq233w\/XH5YckXSc8QvTmCgWYzlNbVodJP8yo4mL9oDzuYnrEH9HlpiL5jkwIpG7S02kX31q7T8NYGre0jSoJdFfNt+LLDp7VA60wvDZ\/ZpKVk5rG9QtPKuIcHu+wJQzqz8GYXfH58MllG4y1Jp\/ozGnHMmbSJTaKtdepTz+hzSRbNbnIm5NRty381eZ+mtoiWJ9Q5Kw\/fJ7Nz8ljPaJyys6VLvYlIXtZ34fGuPZvB10dXOUC9r+5J5EmeMRkeWR9vaXu4nSNPaFzpIrtmdGOOwxkiKVNsZibby8hjlufC5BOhYyW31LnXp\/HnhHz6edvfcp9xjlnXqs2iDVw+15Mcy\/5OcHWYlc3PhW2Okf16h6aDMwa3701bzTmpP5PxNWXnyeI8I4g9o6kL3edkBaWO\/DJ0+aLf4sfcNluHalPfzBei1YWGepfy+qMZu2W9SRv1jy2hMaxlTsairlPZn62Pt5iujb3l3OddT9rn9588lv03\/h\/1\/ABPQDdpVB0n9zj94+s+Oe\/o2bU9P4MQ82tOOTltDcoT6HOWr6w\/iMqs+8e1iUwvkb5Ny\/HGQwi96tFPAz39NDL4hZ7\/zmXnj9NYPzt25RN5xrBL04H2+cT7WxAa81J2jRlTTj05beLxEa43bmcxWaXt+8\/H2p3h1SfsJ99+n9Jzc5vBa2tarzwf68cDosWM1kkaudpFy4\/tYPh9g+qDQzRZM1c1yhhG62aZ7\/MHnl2s00NhjMv1k\/baXbqngrbpok65eJM+z\/aqIM+UOX9RGdetdeqd5TLm6N1tIY8yiqxuvrZLo0rRlx9yXUTD\/EzZmcrgdV2Grm9kgTb10p+Vu76gDdivb\/GqfVbAkf\/iINmlw5t02Z5PlxI\/sWM7bpYYeFNtXZ4Qg2lLBZm\/mGu6rRNPiR7Z+pRDmZr3DKlA\/2Wpq+BwWpdh+mn0FlkZ88vMnovIV4pN2qxZfSt9cJC69JMpU\/Z3ihpYo6kOG+0qbHN+v\/5M18ztDq8mxT1aFs7o9tOkkqP+YiNzEHp5eJguF8gSpPCZ\/tQ+3t0mmrrltV8Rs\/2Enkv9VNv602afd2jthXqZpjN\/czz8izc21NhjfZuxILORyiZtf2h79fuDadZuCyg1htXL+tqalWvtCtHM08BLTDl5FQQl\/oPtude7j7P06XVVzmaofSESn\/F\/Q\/RGPVcjs3SoP3eIjUt13h3\/x23\/xv1OQkwn2WcKOW2NyRPp83L+oEBmYRPZWAq1Y4MeCp2wLReNIT3+rvZrHdRqamzW\/1J7OeOUZY28R+IUP3PN2njU\/qL97RMY8xeHte6zRIdZnp4Wn9Pk2W5dlZn5h8SP5PRZSVnDPjJGoD5ap1HRv3H7HaJeNcYNReO46mX7crS8dFgbG1IDix00DwblnH\/yGsKBUTroT9A5NYAkyWAg6qbTMkArTTfdWMqWNnp+PG52EmrdqcPRKeA2KdpkpDhKNrOvFFmfL0tZzpxUTtly8TwNq5nRR2EwI7KtetZmjtmhNFCg\/9IMnrdBoemnrN8Kykyfi8hXii66dsk6j1OsG08HPnpZMgliG+0qz+Z6f0ycVNgeOVBOvwvUshhM4JIEKmbZQstcIEuQomfK2ph64XHWl+1UZyUkaqZ\/LXXSf9F75aCHVcDz\/lNy3EXnTvF+GbL+0DpJAzhJk3bbFo7T6VRR3UqCODp7onW1QMv2XALLl1wf\/6T6JhbYNUPeuHTGv7wvx+80QbCtzfqJJvxBXGbPbuxuI1ymyQZyBqeu\/Hj+t7k79LGe+Qw9Nlff6pd9dJyqduS+R4IUPVPW\/pK2qY1Xa0IEx3w3DXCi46WZpJhER+ZvmVzbzfEj0T7Lsc2EmI\/MQ\/pdbpMJjENIv9Roa3njuBNoOdAyswQVDQ+ohp25QpPJwElw0nmtO4c8nJR3zFDbjJ5t6cjZbB37DcsB6L\/zcFPRvFTbLpzUuV4OsujAxQYq6bIFX2hFljbJbzMq6eZMMoST3t6hTeVAR5RT3vxDzSQd+b8H+FseoScnW6e6lidofJ4zAtqRl1i6KqLFcbl\/vxNpa4V+Yv8ym4CGn9WZWZYxbwlIZ3a+qHeSbY8ep3ZSER2nrb1H2vLusaszqY4CwUuMLIi0WWgv0dGq7e6nz6I+snLyx3EnsI9Ay3a2+rdhqUHBqUuSacGimZLGzJK002f0wDG7DSgHMb1q04K8zXrzhvpOmtrUBhAZoBz5Z1E0z3TsboRkFmFSn2JtXtb3R+M3WqWQGQF2BnJm1CRl9d9s+9uKnu1lWTs9MzO7LbH9bIWWRZDBS7VlSW1Oz4rtbgpnbSkbzHo5KCELXOSyRSuyFD5T1sbsLJ4J2X7ipOeUvknJe1nNatkGpPwHjpcRY1laR2SCOZi0u40k3\/AwHOS638mk35\/oTOP1NMO8nzGTOy6d8e9+oxb1O6UJt7U1P12O\/cucyakDB\/bxYgz4mMyOO8nQy3pajvA4LXyPhCh8pqT9yY\/1vf5OiY35JDP9zCwbphlCS8x2NTl+JNpnObZpyPORcaTf5YCxVjthj32SrDvDmXe7q8kfx53AvgIt04nhqPfyOK9NJ2lI7+O1HJznBv6k3tgLStU9PShSr493047lQblYk8snx2lRz+rtYNMRfjKAh2hYf\/DJ51aIBmPLGTy7Ugab3qtmf7Xruu0N9b1Qztg+VZqL\/E2EnbXxNrGrjDb7lqtZ8vSvXxTqGg\/E8u2vgiQravVWP64cQuu4bblB0\/UybTH92itS5s\/VDMnFlfPYrcQZGUzgskCj6XJEeVl06p7vU8FQ0TM15UQcm7YzYLcMZYtiXGS2L7BOemrmi0nd8zK1J79P0kYus\/gj1xbwxvO0CsHTMaQDcr7Gs\/LGMRzi+S1TDs+se2ftDNcpp5\/m1csgGyP8vcjPzkzYHUMLKgge0tf3M2ai4zI0\/h9x\/8b9TkaRTuJtzfMTrfd5GZlD+O3wxt3EZjqp1xklZwIR\/oTFjI0V4+sD4zTvPeIgbafoGRWsPhdZtaD96f6WbUv62yU25lNdzaw3LBsyMds1bKSyZ2Xm9FnUNiV5PpKX+jjTKG2z0e9yfeGlYWO\/JjPH2wptphOC4nHcCfzw9evXPbsPAADfNrwUpiZo0+IPTgA4mnDW6T69\/6X8Eh9nuPvqQ\/gvGQ6Y\/WW0AAAAAHCAmGU9nQWiwPfRoONARgsAAAAAoCKQ0QIAAAAAqAgEWgAAAAAAFYFACwAAAACgIhBoAQAAAABUBAItAAAAAICKQKAFAAAAAFARCLQAAAAAACoCgRYAAAAAQEUg0AIAAAAAqAgEWocK\/9K4+aHMSn6ot4NIf00eBOHfIHN\/JPdg2W\/\/aPm1LfMPNn\/nvH5Cx0ZWKPJ71+Xg32ws1KX5KZbx1\/awYvY\/htnfxX8IHADD0bOToxtotcPZVc3rt7R85gq9+zAX+dXyo4l+Kbetb1oZlMlvhcmtsQx+sehrjqwH+3JrH6E289aOwGiH1l58oeHZOfrc6o85H8p4xYs\/TnN23t4xXS0ty8o2ymPGmxClfsJuhz6hTOSMyNNx8n4HIKMFDpyesQf0eWmIeuzxYWECA7O9u000dUs63w1aWu2ie2vXaXhrg9a++ZdxN91YStraRTR43ba9xcAIAEGnjOkytCarCjwfb1LtjBo7Ag7aRld7adH6kc8frlPvzP3Dm4hxkDWxq\/yWlOdpOpnoOHm\/E1oItLLlLjcajp3PcCLp0IxCp8sDZfizXXnsPaMNhs9NbBJtrVNfck7hRvLZTJaN78LkE1GOmuXLcgOy6lmRvF+f9WeB7nFWv6r7PzwgPBlDbbG4smdZCFeO8Ow8pvf4s25fyhlcng6T80ZuWcYdmq7r2zT63qRMbvPIExoX2RZpO46MI6qfnL5g\/S7QMn2hqQF1XZaZPMNbiSW5nh+Pq774k1IxdbaxnwZ6+mlk8As9\/72ZWV\/z+vNx+0bYgmwbl5tjM01TXw7bvFeHO7a5D+7T1BbR8kT2XMzmgmXxucB4LaeD37SuZbv1c46dhHxTOduRsrg+wu072d4Lj3ftWUNMF9l5U5bT3lsRm3Xke0rP7WmNJ7u0u9L2ZHk12dinmoiN6PKjdh7Ompp7zDXeH5+UmRj5TGw8hfpVEenDBEfWgnsTtp89panadVq8ak9oTCa3dntYTFbYXyi9vTTlN9qNapes07MHRwd8TWanhH5jvHqpxtHgEN1Io8h+mv\/wMw3o\/U6TN9J\/Hq7tCrvw+q6Mfg6Nr1+\/7jWzrf46tvePuU\/meP3fe3\/7+7\/3VtX+1ty\/svNf\/7v3T3s+fZbvHfhtbyu9Prb3z3VxveEcH\/9r79GW2needY9ZnvSZrd\/2\/pHc5z3D8sWO9X4q76e9RwNj4t6YrFn7srabZ7N73WNHd7w5Mrr3Nsjny\/7rf83zUs++nhrOibZEnzVyZHJmcgXlsMepTOIZv4zk2LmX+0zqV8rlyejXbzZhJ+mxKC\/Yf66uefPLln0VaptbntzCbef7\/TrksVNHqG+SY62v7FrU\/nM2tz1m43Iy2WQbQ\/qU+ubN00lqS3wsn88py3nGHpfUQVH\/8PWsP7jO5Fm\/Le6zDf3j6T2pU97XcBzVhecP8tqbbiH9Jcc515rQZbY16jFuI7bNefrQ11gmo2\/\/nlDZRjdy362Xywj1K5eVyh0YE1LWonvT87Zs+WyjbGaTbdP7qX7N\/Vk73T5zdWCupXVpGfxx17jpMn79zdTDz8syOkxefj6VxbFRLit5lveT80Y+84wrS+NxZ21NZ7QuPxTfE506STWzpzMC9Zn7OrK88OyEiqK9JYmLN0W69gSdO6N3PLro3Cm7qyPxByIyD1OrdZlZl6p3\/NMQvclLCde602s9l\/qpJjMYg+etvN10WjWqdrU\/R1Y+t0mjOpJ+QvWxB234xsos7cxfNEc6wyKRsnPq+2G\/PUrkUBtnBXzy9H4m6z\/3PqLeH5P2uHLl6tBDlsE6jdNLI0n5wqa2\/9h1ZNT12f18XDviGdvmH6HZksk4su76ZojuPUrav0Mf61107ZKRX9e7+jY4K4+xb\/05fXOehmmXPqZphYym7L+AzOZNf0mdJXUcO8tZoAJyx3oTY7ykDpz+2d6g51vCnhSFvimlYAymPsLo3UH2q3yulN+zyPaKceAi9ZevW8fuS+qyiDwbcYj6K5NBdMebwS9bkvTfsbMm08bE+rWZMVF8r\/IRt9aJnCxQkzTxbvGvDf9k9dbTrbxkgpfh401mc1bV\/qNsaXB4dSGaLQrSdnnDxGIJFy439q4t6+cPn6YDLSeNN7CevSTYoYg134ZlESfNlw2W\/aIHMde7doU29YCRKeeqkN+77BojaEPaklOxqW5DQVMI+zG90b3afEdRkd6PBqoff2F3wN8siBe+flnbJSXWm7bzTVqKLCscJgdj\/\/ytmrCxognQQdtcTz9dU86Y+2f79w2qi4BIU+SbBC2NwTww\/jyMLS0OqvE1X95nyu8pedPBcKRfmxkThfe+XqYpukKLTUyk6\/UvKgLJAs32wxOUTBd6SwNZhf7kwe7bACSP6uUNE40lHKp51x40TQdaD3kmkjhdZZxJFKqVphXARnCX7p35Qu8\/mWvMq3meFdy1hsHX7QUH+QxH7dYhcrS7lc389Tq0hR2jjtZ71GyEo\/e8mVp9J\/umgB2ynOU1RSabHqiz6mWty\/ZmefqFbXYLUQ55Wn6kyGVKpOyprhXyQ23\/WzZFrt6FTv1ns5mByfqk3y40oUNZxsfwKMpFZwaEjLo+u5+Pa0dLqzLD5KGctRnAmYM1L+vkY3Gz8QfkyXcMZdi3\/py+eUvLdJxOBzxhU\/bfMvIbNTEuI+SP9cgYD1FSB+yMB65y\/6yYv35MZtWWIt+UUjQG85D9yplYSzm\/Z5Ht\/ST2HaTsf9F7x7\/k2H1pXbaJmL+yXH5oMi2xb6J8srGXjadYvzYzJvLvVXU9Vu8a++0gBwR9MyooUXKbeo3d1WeWRXBm9O7b4EFx+Sdls7KvHTvoJHk3orGES+xdy+TYe4fxv\/bf0kzeJupTM\/0pPjjTpZRj0uQ9Y0M0fFYZoDJCDWdaRPr+8vgVmh5Qsw6lXJ7V1JTDcd2YGixrO3SBswj2TE05qHntDIZoevCGjmb1+cHetFPcchXqBamf6TlPwxMLaoAoR8cvzYcPaLGuBgofa9ihmuxPZAzm0K\/0sJLpQTE8e1OX1ePI00vDBbOJFDXQZRuNbk\/qXTawRtl5YPSrAOCOkINni0aOhKjedYChnk3qE8\/eWLpO79XsW+r0s+7LsjrkWYhbhv\/XOqXwZdQ68eEZ2wKNah2wPDeDdvRG2KJPol\/W\/fDsdSLlTIdnXcejg76ZFZob\/1kf83JDtoTGukuyPI1tL6M\/0uWr8aN2Pz8M9c2D4NJFzP75JdT3QtlHzrJJOZJxKfoyHZdh4mM9Z4w3jNfyOmD08uHMurEBr6\/jvqnRdmJjMI+G8SnstNjvWYK2LpYgNb7+inVr7L45XRrMS3lK27m5\/7S9UkTcX8lgy\/rQiTt0LrfsZDyJ\/kvHU7hfe06Fx0SI6PtDY7IpidYYPa7qQ2kGidv6jqRui\/1NpTT4dVeew5K30R9571DH3nm5kFcU7hAp24i9a5v184fJD\/yhlt0HoLPgZZeBP2k6+aaGs26PT7YheABHEf8lCADoDDhzuPST+Fb1OwOBFuho9MuT0\/Uak3XIn4mD743MRmRmEQDQGfDy31sa+Y59NwItAAAAAICKwP8MDwAAAABQEQi0AAAAAAAqAoEWAAAAAEBFINACAAAAAKgIBFoAAAAAABWBQAsAAAAAoCIQaAEAAAAAVAQCLQAAAACAikCgBQAAAABQER0TaPHPaPi\/8B4i\/bX1AHnXqqKs3KXh3\/c7+0T8unqb4d8LHFlp4Ye0W6ANbWm7fjuJfeqnet3s0NzIDRp\/bY4OY3ztl3Iy80+E3KG54KDIu3b0KGVTuXbL+rpBx9Rm9G5siI+P7DhuA1rvWm9l\/cHh22Wn+INvwS8daqDFCur4waedSmLQ7ounLRxk4FMxTb34Hb0eZbIXj7MdkT6PY9rd1rFSisOqN+Gw6z9ovPa+fkvLZ67Quw9z9GasW43zDXq+xb9ROndAP\/bN8oT9SudO2nZo7cUXGp5VOmr77wHG9XEU0X3cgb71UAOtyw8PavDtg54hevMBP1Tbdr4bvfbTPL9k1LY4SFS7fVfvf14aoqPddNPug\/+1\/sOqN+Gw6z9ovrf2gk6mZ+xBR\/rWFgItM4NJZuY6ZaezE+4sTkaWOnOVPCOizbyUX5ZK5c1Lp754Gr8mcOr17vMj3+ixSJO\/mrxPU1tEyxOqPHEv0Vuhk7A8rix2hsFlT2wSba1Tnzov9bck7m\/Qq1+Od96fTcu6LzzetWcNQbkY26fptXQmKPpf6uD1E+qb+UK0uuCWowi2RehVH0ba5WBlSm1u5AmNJ8sSyXlLrDynvan8AZu2NFdOazTb1y4x24u1ic8rvUn55Szf6fen9NyebsQtvzFTwNeb0Jdnb6wH037ZJpNRNm3Ja19MV7FnDM9vZdfimY\/m2z0++SS7P+Af3H4W1z2dsLz5OvHHc3KfkNnqPlpnBOf+W7LNor2cnZf+7D9K\/oF1qtMmjarjUL\/l+RVXxkynfP6C0mmmm+Qa62KBlukLTQ2o87JvfP\/0H+6TsB51+SPhukvJrzbfthi3PclY53pj7xWj2wvCx5W1S1N\/RB8Bu9KnHflCNiHruEPTdXtak6eXeBua72MmLocuT7az7DtC9feFffrxXL5+\/brXzLb669jeP+Y+meP1f+\/97e\/\/3lu15\/\/263\/tfZ\/2Hg2M7f1z3d4z8Nvelj7\/371\/\/t2e98ramvtX9vzWb3v\/sOUmZSX3ufW4xw3lpfV65fMWqONvf\/\/X3qOt7FjLGbgvkT8tN73uyuDc48uSHDv6UZuuT9Qhrwt9+9ca2me3vLrj19x+cvuN9xM9uVuDDHltkXot1S5PplDZReXxM6K93Ff8PNeR9RnX01o55vn41mAbefqJ1Z0cq03rRtwjy3fqcsoyekyvaRmS\/vR07B1nZbpjMjQuzLO23EJ9uc9H7VDLatqR377MPpvRSSaTPJblNdludcx1Zv3mP5\/cn\/VhZoshmbhc77zQSaa3rKxs7GQyyWd8mbJn7L28hWzR0Z0om69JO82py9VfoBy\/TluullFc0zpOZfbKEZvbNq\/vivSoj+Py8z3ZeZZByM5brg49WdKNy5Hn5bHbzrLjIVwmX+d\/M\/nc9vAWbrs5juslXJ89bqmP8+SwzyV9rPtU1C3r8+rO+tje2+at6YwWL\/fptXfm1EmqmT26\/FOvmi28NVGwXZcf4XTyxZsilXeCzp3RO\/noZaVkrbqbTieVWGq1E3aP97vsXgA7s+KIVc9mJD39dO3MJi3pWcVf9F7JOzz4hd5\/So676Nwp3i\/B4Pl0XZ3lqdf\/skeCWneazuy51E+1rT\/VTC+G1R3DOnbuNbNDHYXz7LEMsu4fj9s9S1Qu2f5+GhlUNf\/ROEsrJq8tgjOZLbk2o9CzUDUzG7zuLVF4ZdtdQ0BPPd3Um9iEmr3UlC1zeayT+sx9fe+FZydo3vlOonw5rbHPvo7YXmycGrro2iV7jdti9iyy3\/PHa6KzY2fNjDxKob666cZSdi6zUWN3yy\/NDHX79w2q2\/bmty9MkU7a3m5L7Wq\/teVGX2bqSvr5CdXHHmQyKnSWQ1\/jzAQT14kmz+clFPjXIHJ8ltR3jPL6y7F\/z+6bp5sGrnbF9ZjjM0Py5\/sQi+PjztMw7dLHwhRKObtsdjw02lW+HSb0\/pica7SbeL\/mtaG1Ps6TwyX8jtj+Y9fpD\/3us\/tV0HSg5aTbdFrYIgzHMVonTVnOMflpyNFVe7pZ1ItZfw+TbM73YGKgbe\/QplL6iOpMHUzoDzr7aSB903cQ9kPTtE1H\/lsfBffj2hWqra6I9HEBQT2J76Vq5oWkU8kc2Onz16lXOwuRpm6mnHazj76OjtM2Yj7ezbZ4sFmsL2fJSzhcPYGr79A22Q+GfzJjuJX2tUsn5dtdBhNkcjnvbu+al066tNJF99ZkXeabxphONLk+L6FN\/rVFSuuvYl+nX646ORDQYw5B+fN8yAHQnG2H7CrPDsvR0rj4Tt5nTQdaD2co6yR++dnzZqb1hZ6rIEsa7av5daLkA+APd+leiYzW9rMVnb1IlM8fEUtkxqhej8zamCTDptCG6BlOMtDmlMykZp2XeVaiyn71clPMQtuEdowGHYjK2U0zbCn9JgWV\/YtFWTdH8pKoXEl2j9mgJeWMs1lEBchMTqhdaha+eJto6lbJdfSQnnTQb7494Bngu9smA5TZBgcEbKOi7U2U03Za6WvNRs44LUL2O2d27W6AJBuQfN\/ifxuYUqQvdX161f5lGm+zIsfGEzjWw2uRJW+pfUXPVNDuUphvWPilrD\/k5banY5L9aRKQZveFdWIp8HlMkX8NIsfnp0hWuiSl9dey\/ZckWdV4FtBjjs8MyZ\/rQxIcH6cm83ScThe+ZMrYZbPjIWRXeXaYka1q7NBHzwji\/ZrThhb7OE+OMugspegP\/e6z+1Xwv\/bf0kyql13fwA2a4oMzXapDs7Qqz7RGJxbUNeU0rdFeHr9C0wMqwleGwJF0TQVawo2m6IbPLNAxtf\/54RANn1X7qwv6Wk3VIy2nVl9Rkbu5piPiJRPU6aUTNZu4QHfpjTKWxbqaranI3MCO3Jux6IG2TlNKtuFZFUSwA1Pyj+qIPxRUmCzY1MQNNUj4ngc0YK\/kwYbLsvSdVUGnhmWxkbutU19j5zeubwijZk3vbt\/J9K9luKnLiRlnQ926zwx5cs2v7dAF\/oDSXNB\/LfemYIaiA1fuQ9Vv+v5L9kIRSbvSvgq3q2dM2YUqv2+yuzU9qQKnB6VN8HkVUKvz0t60Tem2NlcOw5mZUVL9uN+\/ps3p62L61ThdiY7TOOol4fS7O16d8bV0nd5LnbHtxuxDBckxfWn861rek2ZfT+DUmJww48MsJZRvn5SZA\/X4M120+Vi1e8IcZfbOSx38MfEdIjXebzTT7lJ4bVEMz5p+Nn2R+E4j07w2gJBOsvHc6PPcYEuPo4h\/df2w7SN\/fJa2Jx\/OmpTUXwu+zmB1o5\/j9mdLeA3+acz68xlXj4YNpcckM5T5xbj8rk4zH2IJ+rgHXp0hytllfDw06iNsV920HbFDQ9J34jm2G01Rv8ba0Eof58nRBEGbro4f+EMtuw8AAAB8R3D25T69\/yVb6uLsVF99aP+TpX3DWaYVOscBfhbxfGN0aBs4yz7wJ00ngThn0x6fpHcVLV0e6v+jBQAAABw8ZnlLfzdMV2hSZp\/A0Ud\/imK\/ReNtgmixwu\/DkNECAAAAAKgIZLQAAAAAACoCgRYAAAAAQEUg0AIAAAAAqAgEWgAAAAAAFYFACwAAAACgIhBoAQAAAABUBAItAAAAAICKQKAFAAAAAFARbQ60+L\/bN\/\/Tqv\/r\/C7ZD1i2hSp+cPRbJKiH\/es69uO0oHPg31jMH3PfNi21T\/yYdesU\/PAxAAAU0N5Ai3+RnH9M88Oc\/sHOlG84EEKQ0dno\/kl+RqFUkP890eYJTYeg+3zf\/uRo6gYA0Hlg6RB8+\/AvxavgXm9rV4hmnuIFeoTpGXtAnyv8XTIAAGgnLQRa2fKg3pKZJWetJjaJttapT51PU+2cvg+dV7yfz7IRMgvhZinCs05eSkiffbxrzxrkNed5vZQgrqWZKtEmOVNWbeqb+UK0umDLMffJNqSzay575I5TvmyTK1NgOcOTzdHfyBMa1z+AarZYub4egkR1YNuSXovM9u3zftYo2r5Iu9y64vc3nZ3q6aZe+kLvP5nDsnJl9UTsW8FljU8qO5fX2O6TY8eeVJ\/JvlHlS1kabMiel3rn8xdUfZmcsk+knHdoum5Pp\/CS1wItK11MDah7rGxuXa4cGj\/7LI8jfdmgs1AG2Hs2T1fB5wW6DeIep008BqX8iqUGvYd1k+LI+pSe29OaaDs8OdSW6kc+w\/dH9QgAOIo0HWixg9q8fddmEO7SPVqnUX5JXbxJn2d7iezS4Xzya+g9Q\/QmdF45uc3azyILsWxegjq4OU6Luny1zR6nqVuu42SHNlo35fE9i1ftBYV\/7d1tss8rhz6wTr2zttwP12lYBVCZk+uie2vqvJwpqza9u91lMyYP6EZPP02q4+WXiXPdobUXX2j4F\/vMFtE1LoPLF5mVRpl2adRx7srx38pk4zqXH4s2b6lA9RdbrtJl3eoqTw9hcnRQQu\/yebk0HG9frF0b9FDUxfdP60CnUb7eZrNT2zu0qfry3Kk8uWL1mBdw0L4ty\/WTtjylO548vDxv7lX9XVtdEbJuKvu25eg+u09LP\/FzXv8W6L2+SjRtry0OqsBg3urVkfNnumZuF3TTjSUlY2LXD\/sDdfXS8kT5b5hezQudqfZu6jYEdFaX44opGntCVw16LMBr0zs1BtyYU40dq3fdXi1zQDcpvqxD1KvGtSGnHYW67TXXVF1hPQIAjiotLR32\/pi8ZLtp4GoX1et\/2eNm6KJrl2w5OguxSx\/FS2o0mfFxNixErTsNiHp+PG73LPLapX6qbf1pna95ARv6aWRQ1fRHcxkTXd7qW+NAtzfo+VYvjaTB43E6nVbMbRLYjB63SWfJHNjxZ0FoQ3tUSWkdp05Sze5q8vQQJEcHZ0TZHDjLoFNn9RZoWQWdWbAskHLw0o5+ecXadYLOnUn6+AnV1f0ycFuesH3P9dlzRXBQpZ9RL0K6\/bMKiu2FqN5dPczrQNoc5dl37Wq\/bSe3gWj4J\/uS9vtb2rfus6wPG\/spx94Hz9Nlu1urqaBfIOU87RhFDk4fn1fBhhx3+XD9Sd+Mf1ITKGEfHEiaPrtPU2lgIskbe74vKM\/2H7tOm\/T4tPsGb+ykviAPKavp54yy4yeu2zw9AgCOHp35jZbNfplZo9o6yRH19NM1FSQsqVns9u8bVBcvwlzkd0S8ObNob4krFlweJix\/s9kGRbhdJgBjPegsE19LM3w2y5DqKguA8ugZG1IvNhX4zHp\/iFGg946gk+1doANolo+zMDpQyDI2rPdUfrUFg3GgydMjAODo0VKglc1EzdJZrXbCHreJrQ1aS17mr71vRhLqO+k5PauVyGscDKUzzezbHV4GWFqVWYGymCzH8ssVs2yYZDQ0Ygarl7AESRZMobMvculwe4WmV+3SAm+zTczp8\/QQJEcHcrYf0nvPEC2mS7EeUo6kfdF2bVDyF1\/6pcPn0+e\/0PPfE\/vK7iumn+bti8tZtorq3dWDrKdy+\/YpY+8BpJwfi9M0BqeP39KyzMIyXtbn1cvMijlo1t+y8ecAvGwm7F0up4f\/O4R2jL1GdHZQyKvHu91vHSnrX\/TeydCVHT8B3Vry9AgAOHo0HWjxtw29cpmgdt3NIITgNHqyhCMDjBD6uyj1MuePVHUWZJfuPXJn+PxyXqyJJaEXlC0d+Nf4uwmdIchexEZ2811J0czbLBXysln2wbQ5t05TzrKh4fktW77+lsNkY7RMg9nykJZJZlaUw50W14893vWWP8Lk6SGDlz74o18OJHJ0oPVus0u8BfTO6MwR96Xox6DOuX3RdvG3brKPN+13bkY+Su2L5bPLgPoD4oKgi19c+tsY9aySL673kB64HvPtTtP2vR9K2HsjjXI+J3dZ0cBLW\/aDb86ahPp47aabkfX6bJp6U5u6PO72zfLgUKoz\/lYpkYV15o6r1saehJfbeHky+6MFi9em8BgI4enGnm2UdYU206XDJsePr1tLWI92IlAyyAYAfDv88PXr1z27D5qAnWJffShbiuJAYOBPmv4Qdq4AgArwxx1nBB+fpHf47gkA0CF05jdaHYyedaqZaN8M0b1xuWwIADhweng5W2aSyGawAQCgM0BGCwAAAACgIpDRAgAAAACoCARaAAAAAAAVgUALAAAAAKAiEGgBAAAAAFQEAi0AAAAAgIpAoAUAAAAAUAlE\/w9oFvEGddv1UAAAAABJRU5ErkJggg==\" alt=\"\"><\/p>","protected":false},"excerpt":{"rendered":"<p>Tegund: AALTO1\/DH001<\/p>","protected":false},"featured_media":79966,"comment_status":"closed","ping_status":"closed","template":"","meta":[],"product_brand":[],"product_cat":[597,667,517],"product_tag":[],"class_list":{"0":"post-67463","1":"product","2":"type-product","3":"status-publish","4":"has-post-thumbnail","6":"product_cat-hurdabunadur-lykillausnir","7":"product_cat-hurdarhunar-hurdabunadur-lykillausnir","8":"product_cat-lykillausnir","10":"first","11":"instock","12":"taxable","13":"shipping-taxable","14":"purchasable","15":"product-type-simple"},"yoast_head":"<!-- This site is optimized with the Yoast SEO plugin v27.3 - https:\/\/yoast.com\/product\/yoast-seo-wordpress\/ -->\n<title>ABLOY AALTO 1\/007 H\u00e6gri \u00c1l Svart 40-60 DPP handfang (par) - V\u00e9lar &amp; Verkf\u00e6ri<\/title>\n<meta name=\"robots\" content=\"index, follow, max-snippet:-1, max-image-preview:large, max-video-preview:-1\" \/>\n<link rel=\"canonical\" href=\"https:\/\/velarogverkfaeri.is\/en\/lykillausnir\/hurdabunadur-lykillausnir\/hurdarhunar-hurdabunadur-lykillausnir\/product\/abloy-aalto-1-007-haegri-al-svart-40-60-dpp-handfang-par\/\" \/>\n<meta property=\"og:locale\" content=\"en_US\" \/>\n<meta property=\"og:type\" content=\"article\" \/>\n<meta property=\"og:title\" content=\"ABLOY AALTO 1\/007 H\u00e6gri \u00c1l Svart 40-60 DPP handfang (par) - V\u00e9lar &amp; Verkf\u00e6ri\" \/>\n<meta property=\"og:description\" content=\"Tegund: AALTO1\/DH001\" \/>\n<meta property=\"og:url\" content=\"https:\/\/velarogverkfaeri.is\/en\/lykillausnir\/hurdabunadur-lykillausnir\/hurdarhunar-hurdabunadur-lykillausnir\/product\/abloy-aalto-1-007-haegri-al-svart-40-60-dpp-handfang-par\/\" \/>\n<meta property=\"og:site_name\" content=\"V\u00e9lar &amp; Verkf\u00e6ri\" \/>\n<meta property=\"article:publisher\" content=\"https:\/\/www.facebook.com\/VelarOgVerkfaeri\" \/>\n<meta property=\"article:modified_time\" content=\"2026-02-11T14:00:59+00:00\" \/>\n<meta name=\"twitter:card\" content=\"summary_large_image\" \/>\n<script type=\"application\/ld+json\" class=\"yoast-schema-graph\">{\"@context\":\"https:\\\/\\\/schema.org\",\"@graph\":[{\"@type\":\"WebPage\",\"@id\":\"https:\\\/\\\/velarogverkfaeri.is\\\/lykillausnir\\\/hurdabunadur-lykillausnir\\\/hurdarhunar-hurdabunadur-lykillausnir\\\/product\\\/abloy-aalto-1-007-haegri-al-svart-40-60-dpp-handfang-par\\\/\",\"url\":\"https:\\\/\\\/velarogverkfaeri.is\\\/lykillausnir\\\/hurdabunadur-lykillausnir\\\/hurdarhunar-hurdabunadur-lykillausnir\\\/product\\\/abloy-aalto-1-007-haegri-al-svart-40-60-dpp-handfang-par\\\/\",\"name\":\"ABLOY AALTO 1\\\/007 H\u00e6gri \u00c1l Svart 40-60 DPP handfang (par) - V\u00e9lar &amp; Verkf\u00e6ri\",\"isPartOf\":{\"@id\":\"https:\\\/\\\/velarogverkfaeri.is\\\/en\\\/#website\"},\"primaryImageOfPage\":{\"@id\":\"https:\\\/\\\/velarogverkfaeri.is\\\/lykillausnir\\\/hurdabunadur-lykillausnir\\\/hurdarhunar-hurdabunadur-lykillausnir\\\/product\\\/abloy-aalto-1-007-haegri-al-svart-40-60-dpp-handfang-par\\\/#primaryimage\"},\"image\":{\"@id\":\"https:\\\/\\\/velarogverkfaeri.is\\\/lykillausnir\\\/hurdabunadur-lykillausnir\\\/hurdarhunar-hurdabunadur-lykillausnir\\\/product\\\/abloy-aalto-1-007-haegri-al-svart-40-60-dpp-handfang-par\\\/#primaryimage\"},\"thumbnailUrl\":\"https:\\\/\\\/velarogverkfaeri.is\\\/wp-content\\\/uploads\\\/2026\\\/02\\\/2276e0dc-d486-4f66-81de-ec6753c3c510.png\",\"datePublished\":\"2024-10-15T15:42:40+00:00\",\"dateModified\":\"2026-02-11T14:00:59+00:00\",\"breadcrumb\":{\"@id\":\"https:\\\/\\\/velarogverkfaeri.is\\\/lykillausnir\\\/hurdabunadur-lykillausnir\\\/hurdarhunar-hurdabunadur-lykillausnir\\\/product\\\/abloy-aalto-1-007-haegri-al-svart-40-60-dpp-handfang-par\\\/#breadcrumb\"},\"inLanguage\":\"en-US\",\"potentialAction\":[{\"@type\":\"ReadAction\",\"target\":[\"https:\\\/\\\/velarogverkfaeri.is\\\/lykillausnir\\\/hurdabunadur-lykillausnir\\\/hurdarhunar-hurdabunadur-lykillausnir\\\/product\\\/abloy-aalto-1-007-haegri-al-svart-40-60-dpp-handfang-par\\\/\"]}]},{\"@type\":\"ImageObject\",\"inLanguage\":\"en-US\",\"@id\":\"https:\\\/\\\/velarogverkfaeri.is\\\/lykillausnir\\\/hurdabunadur-lykillausnir\\\/hurdarhunar-hurdabunadur-lykillausnir\\\/product\\\/abloy-aalto-1-007-haegri-al-svart-40-60-dpp-handfang-par\\\/#primaryimage\",\"url\":\"https:\\\/\\\/velarogverkfaeri.is\\\/wp-content\\\/uploads\\\/2026\\\/02\\\/2276e0dc-d486-4f66-81de-ec6753c3c510.png\",\"contentUrl\":\"https:\\\/\\\/velarogverkfaeri.is\\\/wp-content\\\/uploads\\\/2026\\\/02\\\/2276e0dc-d486-4f66-81de-ec6753c3c510.png\",\"width\":522,\"height\":350},{\"@type\":\"BreadcrumbList\",\"@id\":\"https:\\\/\\\/velarogverkfaeri.is\\\/lykillausnir\\\/hurdabunadur-lykillausnir\\\/hurdarhunar-hurdabunadur-lykillausnir\\\/product\\\/abloy-aalto-1-007-haegri-al-svart-40-60-dpp-handfang-par\\\/#breadcrumb\",\"itemListElement\":[{\"@type\":\"ListItem\",\"position\":1,\"name\":\"Home\",\"item\":\"https:\\\/\\\/velarogverkfaeri.is\\\/\"},{\"@type\":\"ListItem\",\"position\":2,\"name\":\"Vefverslun\",\"item\":\"https:\\\/\\\/velarogverkfaeri.is\\\/vefverslun\\\/\"},{\"@type\":\"ListItem\",\"position\":3,\"name\":\"ABLOY AALTO 1\\\/007 H\u00e6gri \u00c1l Svart 40-60 DPP handfang (par)\"}]},{\"@type\":\"WebSite\",\"@id\":\"https:\\\/\\\/velarogverkfaeri.is\\\/en\\\/#website\",\"url\":\"https:\\\/\\\/velarogverkfaeri.is\\\/en\\\/\",\"name\":\"V\u00e9lar & Verkf\u00e6ri\",\"description\":\"Umbo\u00f0s- og heildverslun fr\u00e1 \u00e1rinu 1919\",\"publisher\":{\"@id\":\"https:\\\/\\\/velarogverkfaeri.is\\\/en\\\/#organization\"},\"potentialAction\":[{\"@type\":\"SearchAction\",\"target\":{\"@type\":\"EntryPoint\",\"urlTemplate\":\"https:\\\/\\\/velarogverkfaeri.is\\\/en\\\/?s={search_term_string}\"},\"query-input\":{\"@type\":\"PropertyValueSpecification\",\"valueRequired\":true,\"valueName\":\"search_term_string\"}}],\"inLanguage\":\"en-US\"},{\"@type\":\"Organization\",\"@id\":\"https:\\\/\\\/velarogverkfaeri.is\\\/en\\\/#organization\",\"name\":\"V\u00e9lar & Verkf\u00e6ri\",\"url\":\"https:\\\/\\\/velarogverkfaeri.is\\\/en\\\/\",\"logo\":{\"@type\":\"ImageObject\",\"inLanguage\":\"en-US\",\"@id\":\"https:\\\/\\\/velarogverkfaeri.is\\\/en\\\/#\\\/schema\\\/logo\\\/image\\\/\",\"url\":\"https:\\\/\\\/velarogverkfaeri.is\\\/wp-content\\\/uploads\\\/2021\\\/10\\\/vv_logo_350x100.png\",\"contentUrl\":\"https:\\\/\\\/velarogverkfaeri.is\\\/wp-content\\\/uploads\\\/2021\\\/10\\\/vv_logo_350x100.png\",\"width\":350,\"height\":100,\"caption\":\"V\u00e9lar & Verkf\u00e6ri\"},\"image\":{\"@id\":\"https:\\\/\\\/velarogverkfaeri.is\\\/en\\\/#\\\/schema\\\/logo\\\/image\\\/\"},\"sameAs\":[\"https:\\\/\\\/www.facebook.com\\\/VelarOgVerkfaeri\"]}]}<\/script>\n<!-- \/ Yoast SEO plugin. -->","yoast_head_json":{"title":"ABLOY AALTO 1\/007 H\u00e6gri \u00c1l Svart 40-60 DPP handfang (par) - V\u00e9lar &amp; Verkf\u00e6ri","robots":{"index":"index","follow":"follow","max-snippet":"max-snippet:-1","max-image-preview":"max-image-preview:large","max-video-preview":"max-video-preview:-1"},"canonical":"https:\/\/velarogverkfaeri.is\/en\/lykillausnir\/hurdabunadur-lykillausnir\/hurdarhunar-hurdabunadur-lykillausnir\/product\/abloy-aalto-1-007-haegri-al-svart-40-60-dpp-handfang-par\/","og_locale":"en_US","og_type":"article","og_title":"ABLOY AALTO 1\/007 H\u00e6gri \u00c1l Svart 40-60 DPP handfang (par) - V\u00e9lar &amp; Verkf\u00e6ri","og_description":"Tegund: AALTO1\/DH001","og_url":"https:\/\/velarogverkfaeri.is\/en\/lykillausnir\/hurdabunadur-lykillausnir\/hurdarhunar-hurdabunadur-lykillausnir\/product\/abloy-aalto-1-007-haegri-al-svart-40-60-dpp-handfang-par\/","og_site_name":"V\u00e9lar &amp; Verkf\u00e6ri","article_publisher":"https:\/\/www.facebook.com\/VelarOgVerkfaeri","article_modified_time":"2026-02-11T14:00:59+00:00","twitter_card":"summary_large_image","schema":{"@context":"https:\/\/schema.org","@graph":[{"@type":"WebPage","@id":"https:\/\/velarogverkfaeri.is\/lykillausnir\/hurdabunadur-lykillausnir\/hurdarhunar-hurdabunadur-lykillausnir\/product\/abloy-aalto-1-007-haegri-al-svart-40-60-dpp-handfang-par\/","url":"https:\/\/velarogverkfaeri.is\/lykillausnir\/hurdabunadur-lykillausnir\/hurdarhunar-hurdabunadur-lykillausnir\/product\/abloy-aalto-1-007-haegri-al-svart-40-60-dpp-handfang-par\/","name":"ABLOY AALTO 1\/007 H\u00e6gri \u00c1l Svart 40-60 DPP handfang (par) - V\u00e9lar &amp; Verkf\u00e6ri","isPartOf":{"@id":"https:\/\/velarogverkfaeri.is\/en\/#website"},"primaryImageOfPage":{"@id":"https:\/\/velarogverkfaeri.is\/lykillausnir\/hurdabunadur-lykillausnir\/hurdarhunar-hurdabunadur-lykillausnir\/product\/abloy-aalto-1-007-haegri-al-svart-40-60-dpp-handfang-par\/#primaryimage"},"image":{"@id":"https:\/\/velarogverkfaeri.is\/lykillausnir\/hurdabunadur-lykillausnir\/hurdarhunar-hurdabunadur-lykillausnir\/product\/abloy-aalto-1-007-haegri-al-svart-40-60-dpp-handfang-par\/#primaryimage"},"thumbnailUrl":"https:\/\/velarogverkfaeri.is\/wp-content\/uploads\/2026\/02\/2276e0dc-d486-4f66-81de-ec6753c3c510.png","datePublished":"2024-10-15T15:42:40+00:00","dateModified":"2026-02-11T14:00:59+00:00","breadcrumb":{"@id":"https:\/\/velarogverkfaeri.is\/lykillausnir\/hurdabunadur-lykillausnir\/hurdarhunar-hurdabunadur-lykillausnir\/product\/abloy-aalto-1-007-haegri-al-svart-40-60-dpp-handfang-par\/#breadcrumb"},"inLanguage":"en-US","potentialAction":[{"@type":"ReadAction","target":["https:\/\/velarogverkfaeri.is\/lykillausnir\/hurdabunadur-lykillausnir\/hurdarhunar-hurdabunadur-lykillausnir\/product\/abloy-aalto-1-007-haegri-al-svart-40-60-dpp-handfang-par\/"]}]},{"@type":"ImageObject","inLanguage":"en-US","@id":"https:\/\/velarogverkfaeri.is\/lykillausnir\/hurdabunadur-lykillausnir\/hurdarhunar-hurdabunadur-lykillausnir\/product\/abloy-aalto-1-007-haegri-al-svart-40-60-dpp-handfang-par\/#primaryimage","url":"https:\/\/velarogverkfaeri.is\/wp-content\/uploads\/2026\/02\/2276e0dc-d486-4f66-81de-ec6753c3c510.png","contentUrl":"https:\/\/velarogverkfaeri.is\/wp-content\/uploads\/2026\/02\/2276e0dc-d486-4f66-81de-ec6753c3c510.png","width":522,"height":350},{"@type":"BreadcrumbList","@id":"https:\/\/velarogverkfaeri.is\/lykillausnir\/hurdabunadur-lykillausnir\/hurdarhunar-hurdabunadur-lykillausnir\/product\/abloy-aalto-1-007-haegri-al-svart-40-60-dpp-handfang-par\/#breadcrumb","itemListElement":[{"@type":"ListItem","position":1,"name":"Home","item":"https:\/\/velarogverkfaeri.is\/"},{"@type":"ListItem","position":2,"name":"Vefverslun","item":"https:\/\/velarogverkfaeri.is\/vefverslun\/"},{"@type":"ListItem","position":3,"name":"ABLOY AALTO 1\/007 H\u00e6gri \u00c1l Svart 40-60 DPP handfang (par)"}]},{"@type":"WebSite","@id":"https:\/\/velarogverkfaeri.is\/en\/#website","url":"https:\/\/velarogverkfaeri.is\/en\/","name":"V\u00e9lar & Verkf\u00e6ri","description":"Umbo\u00f0s- og heildverslun fr\u00e1 \u00e1rinu 1919","publisher":{"@id":"https:\/\/velarogverkfaeri.is\/en\/#organization"},"potentialAction":[{"@type":"SearchAction","target":{"@type":"EntryPoint","urlTemplate":"https:\/\/velarogverkfaeri.is\/en\/?s={search_term_string}"},"query-input":{"@type":"PropertyValueSpecification","valueRequired":true,"valueName":"search_term_string"}}],"inLanguage":"en-US"},{"@type":"Organization","@id":"https:\/\/velarogverkfaeri.is\/en\/#organization","name":"V\u00e9lar & Verkf\u00e6ri","url":"https:\/\/velarogverkfaeri.is\/en\/","logo":{"@type":"ImageObject","inLanguage":"en-US","@id":"https:\/\/velarogverkfaeri.is\/en\/#\/schema\/logo\/image\/","url":"https:\/\/velarogverkfaeri.is\/wp-content\/uploads\/2021\/10\/vv_logo_350x100.png","contentUrl":"https:\/\/velarogverkfaeri.is\/wp-content\/uploads\/2021\/10\/vv_logo_350x100.png","width":350,"height":100,"caption":"V\u00e9lar & Verkf\u00e6ri"},"image":{"@id":"https:\/\/velarogverkfaeri.is\/en\/#\/schema\/logo\/image\/"},"sameAs":["https:\/\/www.facebook.com\/VelarOgVerkfaeri"]}]}},"_links":{"self":[{"href":"https:\/\/velarogverkfaeri.is\/en\/wp-json\/wp\/v2\/product\/67463","targetHints":{"allow":["GET"]}}],"collection":[{"href":"https:\/\/velarogverkfaeri.is\/en\/wp-json\/wp\/v2\/product"}],"about":[{"href":"https:\/\/velarogverkfaeri.is\/en\/wp-json\/wp\/v2\/types\/product"}],"replies":[{"embeddable":true,"href":"https:\/\/velarogverkfaeri.is\/en\/wp-json\/wp\/v2\/comments?post=67463"}],"wp:featuredmedia":[{"embeddable":true,"href":"https:\/\/velarogverkfaeri.is\/en\/wp-json\/wp\/v2\/media\/79966"}],"wp:attachment":[{"href":"https:\/\/velarogverkfaeri.is\/en\/wp-json\/wp\/v2\/media?parent=67463"}],"wp:term":[{"taxonomy":"product_brand","embeddable":true,"href":"https:\/\/velarogverkfaeri.is\/en\/wp-json\/wp\/v2\/product_brand?post=67463"},{"taxonomy":"product_cat","embeddable":true,"href":"https:\/\/velarogverkfaeri.is\/en\/wp-json\/wp\/v2\/product_cat?post=67463"},{"taxonomy":"product_tag","embeddable":true,"href":"https:\/\/velarogverkfaeri.is\/en\/wp-json\/wp\/v2\/product_tag?post=67463"}],"curies":[{"name":"wp","href":"https:\/\/api.w.org\/{rel}","templated":true}]}}