{"id":66809,"date":"2023-04-28T17:57:05","date_gmt":"2023-04-28T17:57:05","guid":{"rendered":"https:\/\/velarogverkfaeri.is\/uncategorized\/product\/jackloc-gluggalaesing-barnaoryggi-hvit\/"},"modified":"2026-04-20T10:00:45","modified_gmt":"2026-04-20T10:00:45","slug":"jackloc-gluggalaesing-barnaoryggi-hvit","status":"publish","type":"product","link":"https:\/\/velarogverkfaeri.is\/en\/lykillausnir\/oryggisvorur\/barnaoryggi-oryggisvorur\/product\/jackloc-gluggalaesing-barnaoryggi-hvit\/","title":{"rendered":"JACKLOC Gluggal\u00e6sing\/Barna\u00f6ryggi Hv\u00edt"},"content":{"rendered":"<p>Pro-5 gluggal\u00e6singin fr\u00e1 Jackloc er me\u00f0 sterkri sn\u00faru sem festist me\u00f0 lykli vi\u00f0 glugga. L\u00e6singin gengur \u00e1 flestar st\u00e6r\u00f0ir og ger\u00f0ir glugga (plast, timbur, \u00e1l).<\/p>\n<p>L\u00e6singin gefur \u00feann sveigjanleika a\u00f0 geta opna\u00f0 gluggann a\u00f0 fullu ef h\u00e6gt er a\u00f0 vakta hann vel \u00e1 me\u00f0an.<\/p>","protected":false},"excerpt":{"rendered":"<p>H\u00f6ldum okkar mikilv\u00e6gasta f\u00f3lki \u00f6ruggum me\u00f0 gluggal\u00e6singunni fr\u00e1 Jackloc<\/p>","protected":false},"featured_media":66808,"comment_status":"closed","ping_status":"closed","template":"","meta":[],"product_brand":[],"product_cat":[698,584,649,517,602],"product_tag":[],"class_list":{"0":"post-66809","1":"product","2":"type-product","3":"status-publish","4":"has-post-thumbnail","6":"product_cat-barnaoryggi-oryggisvorur","7":"product_cat-gluggabunadur","8":"product_cat-gluggalaesingar-gluggabunadur","9":"product_cat-lykillausnir","10":"product_cat-oryggisvorur","12":"first","13":"instock","14":"taxable","15":"shipping-taxable","16":"purchasable","17":"product-type-simple"},"yoast_head":"<!-- This site is optimized with the Yoast SEO plugin v27.3 - https:\/\/yoast.com\/product\/yoast-seo-wordpress\/ -->\n<title>JACKLOC Gluggal\u00e6sing\/Barna\u00f6ryggi Hv\u00edt - V\u00e9lar &amp; Verkf\u00e6ri<\/title>\n<meta name=\"robots\" content=\"index, follow, max-snippet:-1, max-image-preview:large, max-video-preview:-1\" \/>\n<link rel=\"canonical\" href=\"https:\/\/velarogverkfaeri.is\/en\/lykillausnir\/oryggisvorur\/barnaoryggi-oryggisvorur\/product\/jackloc-gluggalaesing-barnaoryggi-hvit\/\" \/>\n<meta property=\"og:locale\" content=\"en_US\" \/>\n<meta property=\"og:type\" content=\"article\" \/>\n<meta property=\"og:title\" content=\"JACKLOC Gluggal\u00e6sing\/Barna\u00f6ryggi Hv\u00edt - V\u00e9lar &amp; Verkf\u00e6ri\" \/>\n<meta property=\"og:description\" content=\"H\u00f6ldum okkar mikilv\u00e6gasta f\u00f3lki \u00f6ruggum me\u00f0 gluggal\u00e6singunni fr\u00e1 Jackloc\" \/>\n<meta property=\"og:url\" content=\"https:\/\/velarogverkfaeri.is\/en\/lykillausnir\/oryggisvorur\/barnaoryggi-oryggisvorur\/product\/jackloc-gluggalaesing-barnaoryggi-hvit\/\" \/>\n<meta property=\"og:site_name\" content=\"V\u00e9lar &amp; Verkf\u00e6ri\" \/>\n<meta property=\"article:publisher\" content=\"https:\/\/www.facebook.com\/VelarOgVerkfaeri\" \/>\n<meta property=\"article:modified_time\" content=\"2026-04-20T10:00:45+00:00\" \/>\n<meta property=\"og:image\" content=\"https:\/\/velarogverkfaeri.is\/wp-content\/uploads\/2024\/10\/93c72984-ad3a-4beb-a1bf-07a2104c11fe.jpg\" \/>\n\t<meta property=\"og:image:width\" content=\"1386\" \/>\n\t<meta property=\"og:image:height\" content=\"495\" \/>\n\t<meta property=\"og:image:type\" content=\"image\/jpeg\" \/>\n<meta name=\"twitter:card\" content=\"summary_large_image\" \/>\n<script type=\"application\/ld+json\" class=\"yoast-schema-graph\">{\"@context\":\"https:\\\/\\\/schema.org\",\"@graph\":[{\"@type\":\"WebPage\",\"@id\":\"https:\\\/\\\/velarogverkfaeri.is\\\/lykillausnir\\\/oryggisvorur\\\/barnaoryggi-oryggisvorur\\\/product\\\/jackloc-gluggalaesing-barnaoryggi-hvit\\\/\",\"url\":\"https:\\\/\\\/velarogverkfaeri.is\\\/lykillausnir\\\/oryggisvorur\\\/barnaoryggi-oryggisvorur\\\/product\\\/jackloc-gluggalaesing-barnaoryggi-hvit\\\/\",\"name\":\"JACKLOC Gluggal\u00e6sing\\\/Barna\u00f6ryggi Hv\u00edt - V\u00e9lar &amp; Verkf\u00e6ri\",\"isPartOf\":{\"@id\":\"https:\\\/\\\/velarogverkfaeri.is\\\/en\\\/#website\"},\"primaryImageOfPage\":{\"@id\":\"https:\\\/\\\/velarogverkfaeri.is\\\/lykillausnir\\\/oryggisvorur\\\/barnaoryggi-oryggisvorur\\\/product\\\/jackloc-gluggalaesing-barnaoryggi-hvit\\\/#primaryimage\"},\"image\":{\"@id\":\"https:\\\/\\\/velarogverkfaeri.is\\\/lykillausnir\\\/oryggisvorur\\\/barnaoryggi-oryggisvorur\\\/product\\\/jackloc-gluggalaesing-barnaoryggi-hvit\\\/#primaryimage\"},\"thumbnailUrl\":\"https:\\\/\\\/velarogverkfaeri.is\\\/wp-content\\\/uploads\\\/2024\\\/10\\\/93c72984-ad3a-4beb-a1bf-07a2104c11fe.jpg\",\"datePublished\":\"2023-04-28T17:57:05+00:00\",\"dateModified\":\"2026-04-20T10:00:45+00:00\",\"breadcrumb\":{\"@id\":\"https:\\\/\\\/velarogverkfaeri.is\\\/lykillausnir\\\/oryggisvorur\\\/barnaoryggi-oryggisvorur\\\/product\\\/jackloc-gluggalaesing-barnaoryggi-hvit\\\/#breadcrumb\"},\"inLanguage\":\"en-US\",\"potentialAction\":[{\"@type\":\"ReadAction\",\"target\":[\"https:\\\/\\\/velarogverkfaeri.is\\\/lykillausnir\\\/oryggisvorur\\\/barnaoryggi-oryggisvorur\\\/product\\\/jackloc-gluggalaesing-barnaoryggi-hvit\\\/\"]}]},{\"@type\":\"ImageObject\",\"inLanguage\":\"en-US\",\"@id\":\"https:\\\/\\\/velarogverkfaeri.is\\\/lykillausnir\\\/oryggisvorur\\\/barnaoryggi-oryggisvorur\\\/product\\\/jackloc-gluggalaesing-barnaoryggi-hvit\\\/#primaryimage\",\"url\":\"https:\\\/\\\/velarogverkfaeri.is\\\/wp-content\\\/uploads\\\/2024\\\/10\\\/93c72984-ad3a-4beb-a1bf-07a2104c11fe.jpg\",\"contentUrl\":\"https:\\\/\\\/velarogverkfaeri.is\\\/wp-content\\\/uploads\\\/2024\\\/10\\\/93c72984-ad3a-4beb-a1bf-07a2104c11fe.jpg\",\"width\":1386,\"height\":495},{\"@type\":\"BreadcrumbList\",\"@id\":\"https:\\\/\\\/velarogverkfaeri.is\\\/lykillausnir\\\/oryggisvorur\\\/barnaoryggi-oryggisvorur\\\/product\\\/jackloc-gluggalaesing-barnaoryggi-hvit\\\/#breadcrumb\",\"itemListElement\":[{\"@type\":\"ListItem\",\"position\":1,\"name\":\"Home\",\"item\":\"https:\\\/\\\/velarogverkfaeri.is\\\/\"},{\"@type\":\"ListItem\",\"position\":2,\"name\":\"Vefverslun\",\"item\":\"https:\\\/\\\/velarogverkfaeri.is\\\/vefverslun\\\/\"},{\"@type\":\"ListItem\",\"position\":3,\"name\":\"JACKLOC Gluggal\u00e6sing\\\/Barna\u00f6ryggi Hv\u00edt\"}]},{\"@type\":\"WebSite\",\"@id\":\"https:\\\/\\\/velarogverkfaeri.is\\\/en\\\/#website\",\"url\":\"https:\\\/\\\/velarogverkfaeri.is\\\/en\\\/\",\"name\":\"V\u00e9lar & Verkf\u00e6ri\",\"description\":\"Umbo\u00f0s- og heildverslun fr\u00e1 \u00e1rinu 1919\",\"publisher\":{\"@id\":\"https:\\\/\\\/velarogverkfaeri.is\\\/en\\\/#organization\"},\"potentialAction\":[{\"@type\":\"SearchAction\",\"target\":{\"@type\":\"EntryPoint\",\"urlTemplate\":\"https:\\\/\\\/velarogverkfaeri.is\\\/en\\\/?s={search_term_string}\"},\"query-input\":{\"@type\":\"PropertyValueSpecification\",\"valueRequired\":true,\"valueName\":\"search_term_string\"}}],\"inLanguage\":\"en-US\"},{\"@type\":\"Organization\",\"@id\":\"https:\\\/\\\/velarogverkfaeri.is\\\/en\\\/#organization\",\"name\":\"V\u00e9lar & Verkf\u00e6ri\",\"url\":\"https:\\\/\\\/velarogverkfaeri.is\\\/en\\\/\",\"logo\":{\"@type\":\"ImageObject\",\"inLanguage\":\"en-US\",\"@id\":\"https:\\\/\\\/velarogverkfaeri.is\\\/en\\\/#\\\/schema\\\/logo\\\/image\\\/\",\"url\":\"https:\\\/\\\/velarogverkfaeri.is\\\/wp-content\\\/uploads\\\/2021\\\/10\\\/vv_logo_350x100.png\",\"contentUrl\":\"https:\\\/\\\/velarogverkfaeri.is\\\/wp-content\\\/uploads\\\/2021\\\/10\\\/vv_logo_350x100.png\",\"width\":350,\"height\":100,\"caption\":\"V\u00e9lar & Verkf\u00e6ri\"},\"image\":{\"@id\":\"https:\\\/\\\/velarogverkfaeri.is\\\/en\\\/#\\\/schema\\\/logo\\\/image\\\/\"},\"sameAs\":[\"https:\\\/\\\/www.facebook.com\\\/VelarOgVerkfaeri\"]}]}<\/script>\n<!-- \/ Yoast SEO plugin. -->","yoast_head_json":{"title":"JACKLOC Gluggal\u00e6sing\/Barna\u00f6ryggi Hv\u00edt - V\u00e9lar &amp; Verkf\u00e6ri","robots":{"index":"index","follow":"follow","max-snippet":"max-snippet:-1","max-image-preview":"max-image-preview:large","max-video-preview":"max-video-preview:-1"},"canonical":"https:\/\/velarogverkfaeri.is\/en\/lykillausnir\/oryggisvorur\/barnaoryggi-oryggisvorur\/product\/jackloc-gluggalaesing-barnaoryggi-hvit\/","og_locale":"en_US","og_type":"article","og_title":"JACKLOC Gluggal\u00e6sing\/Barna\u00f6ryggi Hv\u00edt - V\u00e9lar &amp; Verkf\u00e6ri","og_description":"H\u00f6ldum okkar mikilv\u00e6gasta f\u00f3lki \u00f6ruggum me\u00f0 gluggal\u00e6singunni fr\u00e1 Jackloc","og_url":"https:\/\/velarogverkfaeri.is\/en\/lykillausnir\/oryggisvorur\/barnaoryggi-oryggisvorur\/product\/jackloc-gluggalaesing-barnaoryggi-hvit\/","og_site_name":"V\u00e9lar &amp; Verkf\u00e6ri","article_publisher":"https:\/\/www.facebook.com\/VelarOgVerkfaeri","article_modified_time":"2026-04-20T10:00:45+00:00","og_image":[{"width":1386,"height":495,"url":"https:\/\/velarogverkfaeri.is\/wp-content\/uploads\/2024\/10\/93c72984-ad3a-4beb-a1bf-07a2104c11fe.jpg","type":"image\/jpeg"}],"twitter_card":"summary_large_image","schema":{"@context":"https:\/\/schema.org","@graph":[{"@type":"WebPage","@id":"https:\/\/velarogverkfaeri.is\/lykillausnir\/oryggisvorur\/barnaoryggi-oryggisvorur\/product\/jackloc-gluggalaesing-barnaoryggi-hvit\/","url":"https:\/\/velarogverkfaeri.is\/lykillausnir\/oryggisvorur\/barnaoryggi-oryggisvorur\/product\/jackloc-gluggalaesing-barnaoryggi-hvit\/","name":"JACKLOC Gluggal\u00e6sing\/Barna\u00f6ryggi Hv\u00edt - V\u00e9lar &amp; Verkf\u00e6ri","isPartOf":{"@id":"https:\/\/velarogverkfaeri.is\/en\/#website"},"primaryImageOfPage":{"@id":"https:\/\/velarogverkfaeri.is\/lykillausnir\/oryggisvorur\/barnaoryggi-oryggisvorur\/product\/jackloc-gluggalaesing-barnaoryggi-hvit\/#primaryimage"},"image":{"@id":"https:\/\/velarogverkfaeri.is\/lykillausnir\/oryggisvorur\/barnaoryggi-oryggisvorur\/product\/jackloc-gluggalaesing-barnaoryggi-hvit\/#primaryimage"},"thumbnailUrl":"https:\/\/velarogverkfaeri.is\/wp-content\/uploads\/2024\/10\/93c72984-ad3a-4beb-a1bf-07a2104c11fe.jpg","datePublished":"2023-04-28T17:57:05+00:00","dateModified":"2026-04-20T10:00:45+00:00","breadcrumb":{"@id":"https:\/\/velarogverkfaeri.is\/lykillausnir\/oryggisvorur\/barnaoryggi-oryggisvorur\/product\/jackloc-gluggalaesing-barnaoryggi-hvit\/#breadcrumb"},"inLanguage":"en-US","potentialAction":[{"@type":"ReadAction","target":["https:\/\/velarogverkfaeri.is\/lykillausnir\/oryggisvorur\/barnaoryggi-oryggisvorur\/product\/jackloc-gluggalaesing-barnaoryggi-hvit\/"]}]},{"@type":"ImageObject","inLanguage":"en-US","@id":"https:\/\/velarogverkfaeri.is\/lykillausnir\/oryggisvorur\/barnaoryggi-oryggisvorur\/product\/jackloc-gluggalaesing-barnaoryggi-hvit\/#primaryimage","url":"https:\/\/velarogverkfaeri.is\/wp-content\/uploads\/2024\/10\/93c72984-ad3a-4beb-a1bf-07a2104c11fe.jpg","contentUrl":"https:\/\/velarogverkfaeri.is\/wp-content\/uploads\/2024\/10\/93c72984-ad3a-4beb-a1bf-07a2104c11fe.jpg","width":1386,"height":495},{"@type":"BreadcrumbList","@id":"https:\/\/velarogverkfaeri.is\/lykillausnir\/oryggisvorur\/barnaoryggi-oryggisvorur\/product\/jackloc-gluggalaesing-barnaoryggi-hvit\/#breadcrumb","itemListElement":[{"@type":"ListItem","position":1,"name":"Home","item":"https:\/\/velarogverkfaeri.is\/"},{"@type":"ListItem","position":2,"name":"Vefverslun","item":"https:\/\/velarogverkfaeri.is\/vefverslun\/"},{"@type":"ListItem","position":3,"name":"JACKLOC Gluggal\u00e6sing\/Barna\u00f6ryggi Hv\u00edt"}]},{"@type":"WebSite","@id":"https:\/\/velarogverkfaeri.is\/en\/#website","url":"https:\/\/velarogverkfaeri.is\/en\/","name":"V\u00e9lar & Verkf\u00e6ri","description":"Umbo\u00f0s- og heildverslun fr\u00e1 \u00e1rinu 1919","publisher":{"@id":"https:\/\/velarogverkfaeri.is\/en\/#organization"},"potentialAction":[{"@type":"SearchAction","target":{"@type":"EntryPoint","urlTemplate":"https:\/\/velarogverkfaeri.is\/en\/?s={search_term_string}"},"query-input":{"@type":"PropertyValueSpecification","valueRequired":true,"valueName":"search_term_string"}}],"inLanguage":"en-US"},{"@type":"Organization","@id":"https:\/\/velarogverkfaeri.is\/en\/#organization","name":"V\u00e9lar & Verkf\u00e6ri","url":"https:\/\/velarogverkfaeri.is\/en\/","logo":{"@type":"ImageObject","inLanguage":"en-US","@id":"https:\/\/velarogverkfaeri.is\/en\/#\/schema\/logo\/image\/","url":"https:\/\/velarogverkfaeri.is\/wp-content\/uploads\/2021\/10\/vv_logo_350x100.png","contentUrl":"https:\/\/velarogverkfaeri.is\/wp-content\/uploads\/2021\/10\/vv_logo_350x100.png","width":350,"height":100,"caption":"V\u00e9lar & Verkf\u00e6ri"},"image":{"@id":"https:\/\/velarogverkfaeri.is\/en\/#\/schema\/logo\/image\/"},"sameAs":["https:\/\/www.facebook.com\/VelarOgVerkfaeri"]}]}},"_links":{"self":[{"href":"https:\/\/velarogverkfaeri.is\/en\/wp-json\/wp\/v2\/product\/66809","targetHints":{"allow":["GET"]}}],"collection":[{"href":"https:\/\/velarogverkfaeri.is\/en\/wp-json\/wp\/v2\/product"}],"about":[{"href":"https:\/\/velarogverkfaeri.is\/en\/wp-json\/wp\/v2\/types\/product"}],"replies":[{"embeddable":true,"href":"https:\/\/velarogverkfaeri.is\/en\/wp-json\/wp\/v2\/comments?post=66809"}],"wp:featuredmedia":[{"embeddable":true,"href":"https:\/\/velarogverkfaeri.is\/en\/wp-json\/wp\/v2\/media\/66808"}],"wp:attachment":[{"href":"https:\/\/velarogverkfaeri.is\/en\/wp-json\/wp\/v2\/media?parent=66809"}],"wp:term":[{"taxonomy":"product_brand","embeddable":true,"href":"https:\/\/velarogverkfaeri.is\/en\/wp-json\/wp\/v2\/product_brand?post=66809"},{"taxonomy":"product_cat","embeddable":true,"href":"https:\/\/velarogverkfaeri.is\/en\/wp-json\/wp\/v2\/product_cat?post=66809"},{"taxonomy":"product_tag","embeddable":true,"href":"https:\/\/velarogverkfaeri.is\/en\/wp-json\/wp\/v2\/product_tag?post=66809"}],"curies":[{"name":"wp","href":"https:\/\/api.w.org\/{rel}","templated":true}]}}