{"id":66060,"date":"2024-08-14T14:28:27","date_gmt":"2024-08-14T14:28:27","guid":{"rendered":"https:\/\/velarogverkfaeri.is\/?post_type=product&#038;p=66060"},"modified":"2025-12-15T14:48:22","modified_gmt":"2025-12-15T14:48:22","slug":"kapro-thrifotur-allt-ad-15mtr-lettur-5-8-festing-886-28","status":"publish","type":"product","link":"https:\/\/velarogverkfaeri.is\/en\/verkfaeralausnir\/laser\/thrifaetur-og-aukahlutir\/product\/kapro-thrifotur-allt-ad-15mtr-lettur-5-8-festing-886-28\/","title":{"rendered":"KAPRO \u00der\u00edf\u00f3tur allt a\u00f0 1,5mtr, l\u00e9ttur, 5\/8&#8243; festing 886-28"},"content":{"rendered":"<p><img decoding=\"async\" src=\"data:image\/png;base64,iVBORw0KGgoAAAANSUhEUgAAAQIAAACuCAYAAADd5gNxAAAAAXNSR0IArs4c6QAAAARnQU1BAACxjwv8YQUAAAAJcEhZcwAADsMAAA7DAcdvqGQAACaFSURBVHhe7Z1\/aFPX\/\/+ffukgBTdS2Pv7vQH9YIYDI47PO0XBFv3DiH8Y8fPFFAdLUehShRkdaPoW9m7dH76rH9B0A5cquHaDvUkE3yTjO2mEtzT+sdEOHOlAaQYbjTAhgQ0a5qAB5Xs+r3PvSXtvmrRpm9ZUXw84Nvfec+8959x7nvf8uN7nBkGAYZhXmv+l\/jIM8wrDQsAwDAsBwzAsBAzDECwEDMOwEDAMw0LAMAzBQsAwDAsBwzAsBAzDECwEDMOwEDAMw0LAMAzx6ghBsYB8voCiWlwPFH\/Po\/CnWmDWnFep\/F8dIbgXhMMRREotNj5ZDO5zoP1GVi0za8urVf4NKgRZDLyzARuOJ9WylfHzDmxo6UZyvah1PoZDr21A66drfVMtXI4vlDud2LCB0lYxbMfALyqeiXV33dcR67JFoG3eDk2zo8WmVtSFPJL\/6Malu3m1XEc22uHcqsFpb1Yr6sSPw+g+OYwJtbiucPcgfjtuhL+10QoN\/mtq+XYEXs2IZmZ1rjsjWZdC4DwzilwmjLYmtaIuzCBzexjRRzNquY5s9CKSySHeVeHuXgm\/pjD8eQo5tbiu2OSG76jPCHudtKIFrQfV8lEPXBuNaGZW57ozkroKQTAYxBtvvKEH+ful4nmBB+6Yl5a6CYGs+NevX8fTp0\/1IH+vlhhkbxyCwztIPeASBYx\/1onWFqOP2fx2Bwa+n8Cg14FDZYM9ue8H0LHZiNeyqwepAq18PIhDm9vR9wjIfNyO\/\/Ofbvzvzd1ImCv+t33ouWOec8jgUpsDb51K6jMRhe\/ouG83G33c1+jpdnwQ4\/LYOin0bHag555alDxJoMfzFppL8U8mkL\/bA8dmSpOKovM8i8TJViNe81vo+Dyjr06dc8BxPEa\/YugsP3ZNFJH9Vw\/2l9K8oRlvefqQ\/F1tfp7BsM+avmwp+ySK41c78Faz3I9CSys6Pxunq6C4J\/NxGgOfthv7v015Wsp0jX49DuHSp91wvEb7Nx\/C8JPy655V13fCkpaWXZ0Y\/H42JTrFXxLo3uUw0qLnswcJOt4cle6fVegiNjLy46X14PXXX5cfQbUEuW55TInwDjrGsRG1bGXqiktgR5hiGYydsdP5NOG9EBWjDyfF6PWAcDbZhd0G4bqiYn3jN9K1LSAiqUkxmewVHjstH4mKmae0z+2I8GsQ2nsREf9\/V8T\/pbht13LGvmJGRI9Q3N0RUVojHvYKJ2wimKKtyYCwwy48F0bEZC4nph4MicBWir+zlMYR4afj+b\/RF4T4dUh4SmlJpsXkg7joPUDptct8+Cm2RJUB5ctzIS7SD9NiqMtJy07R+1CIHO1DfWtabhOh27T9V32nMhYox2eTIrzHLQLXR\/U05x6OiODOuTxOfeIWsHnF0MPcbFlpZ0epJGbESBel0+4RvclJkctNifQXVN6UH\/cn1rJ2nxkRaSqLyDezpVYZPb5LhH9Wyz+HhYv2tx+J0P4jIvxVWl9tve5G3myyzLb6RPh2WqRTUdF7UKNj2UUgOaPHEpmwcNOxtIO9IiqveyoiQrtlObtFOGNEqen+eclZ\/0Lwa0S00bm8sWl92yzfBqlylgtBm4iYKkzupofWBSwVrxR\/9APb3DmeRoVXz5NRCSX69i29YrJ0Q34wamwoURKKb+WCVQhK+6afGcsGOTG0T57DKgTW446JIN2c1gpXil+JhctxHom54xlC4Bfx34xNYkZVLL2SGgJoZvICiZQtSCkkVLrilvwtQEUhcIl+VVFLVBICPY2WSz8t4u+Vrl1ORHZTnMNRWmtCiqAUPfkQqPX+ecmpW9fg2LFj6tccldbVnYkxjMOPwFG6bGb2BBCcNzbnhHOT+klomoxQeXDQ834I2qNBDFN3If9lBMnd\/QgfyWLg5jg1jZMYvlFE27nTcFEXIU1xirc6qTlMzfVSOCibsEWkxsunDLOY+LYI18lOuC2DXho6T5DclOF0yoG0EhqcW+lcz9XiilBdA5dKLzWpB+7NpdXZFUZoSwwdf2mmbs4AkqWmdCZNOS4ietyUVwqez2jfYgpjpmk\/2woH9WrZ33biNHyWS2+H7z0f8CiNiedpjH1PktTlp7UmmlwInqOy\/jqF1JLun5eXugnB4OAgTp06BWoF6EH+luvWivk3jQ3NZdd2SezsRGALVfzrw4jGxkkYAgidCQKfR5H41zD1zH04bZoFaDsxiMFPzGFYnwqLHHaoGGU0zZ8Ds9lWkuClIYXrrXcTcJ5PYuzBBCa+DMD2p6lfbPcgnJnBVLIfrod9OPS2A513Sn3vNgQseaVws\/q032pi31htLrGAYmlcooKgGGU99xCo+\/2zzqjrrIGs+H\/88Yce1kwE6InpRALJ+2q5xE8JRH9Sv5eFC6fPtaF4oxs93\/sQeI\/u8H1BhLRBdPgTsH0QhF+f4qLzb5HPecfcdJge2uFwtMOzrfxGpSfo2\/RgTSRhHY4qkMAk1O\/VJ3WXznU0jEiXG05qGWk7POjYZarFxTzyBRucB0OITuQQf6+I2MVhZPXypqf\/ZnNeKbRRvtoqT\/utJvlbcXryqwWFnjfNTWlxoXUHqFyNAd05Coh9GaPr6UHrqt0\/64u6CkHdyab0ymEOE5bRXmJHD\/oPFzHo24++uxnk83lkf6DK2tZHTdiVoXVRs5P+zlV6Qxzk0yJw1CNXELTu7x7kr\/rQ8aVx\/vzjCQy+60b7Xh8GH6tos9jg\/3svnN+fRvv7w5h4TPHzGSQ\/pIp4aylD60ugQjn+\/\/9wAXeotfOLcc7ij4Po\/Ji6PTp5DB6gin2gD6knRRT\/zCGXp3iyG7DjNHr35TFwpIO6TTLtqrx3taP9qHkmZ414fAke7wBSejlmkbq6Hx3UbfNcPA2SOAQu+2H75yF4ziWRkdeGyjrxfiu1buwIXgyQAK7e\/bOuUGMFDYYaCNIH6KxBDriVzxqIZzkRPSZHi0vxNOG9GRf9dAzrYGHZwJplnXHO8sGh0Q9coveBWpA8jQrfNjlIaGZajF3xCnqezqVhk09EHqoBNjqDZdaAmB7vFW02U\/xtITH6xWLpKVtX62Bh6Rym4P9azhrY5tZpXjF02XS86VER+mvZ9tLg3fSYCOuj82obBe1IREyWsrtousqoMlg4u6yoNFjoujwqokdNaWnShO\/apCglRTKdDAm3uaxtbhFKmgYHa7l\/XnIaVAiWQC4t4rdHxeRT+j0zLXK5aTGjj1anRa9mGmFfLj9PqRtvjqlslemwZzNiOpcT0zItVZkRU6m4iD8wjjHzW07kpo3bdibmpZuwNIuxNsxM0\/l\/M1cbKwtuf2ou77WmTBRLaTGWKqKX9QJ5td4\/rxYvgRAYc\/Ll0z\/T9JSxm6b7GomxMxWmD81TWmoVsxCVWkzMcln\/QkAYL4TYRdvZCLUO4iJ6wWim24+NWOePG4XSC0XyRZivqHVwOyIC22STdO4lF2YxWAjqyUshBNSmE1O3Q8KzTRN2m01o2zwidHuqsZ+sv42JyDG30DSbsNk14T4WEWOll3eYGpgSkYPUl7\/OQlAPNsh\/wDDMK01jTx8yDLMmsBAwDMNCwDAMCwHDMAQLAcMwLAQMw7AQMAxDsBAwDMNCwDAMCwHDMAQLAcMwLAQMw7xKQsC26AxTlVdHCNgWnWGq0qBCwLbo9UGVo271ZQ2dd1QUhiHWZYuAbdEVtdqi7wkpu\/G50ONW2xiGWJdCwLboilpt0Z0eqwcBBbfJ8Ylh6ioEbIvOMOuTugkB26I3sC26PmNimJEYoWD4J1a0L1\/ELr1kWX5rrhwdvmFkSChT51rRIm3MX3PMprPEwuXDvHD0LxfWgRfmhkywLfoitujyXJagzENUmVjsyxexSy9ZlhvlmBbp20HddtyuacLVFRGjD9IifsZNx537lPzi5cO8aNa\/ELAtuopfCVWOR6MiJyv1bFAmHmr\/Re3LTXbphhBoFvcn3adBo\/yoZWs6aykf5kVTt64B26I3sC26za7ndS7YLe6\/Vifghe3SDVrQYipubTOl8c0Wk\/W4OZ1LLR\/mRVA3IWBb9DKb8Aa3Ra\/Gonbpy2TJ5cOsKXWdNWBbdPMUXWPboldjUbv0JbPU8mFeBHUVgrrDtuhrjuudhezSl8NSy4d5ETS2EMgpp3c7LCE87zU6O\/yJHKKHJ3HJu52eMg68tasfxStx9O9QUZbLRj+CH7gQer9U6ZU4bAshuE+tILQTcYxdacXY+8b5Hc5WnB5vR+RhCkF6Gs5jZz\/S473QbnWj1UnxHdtx6J4Ho1\/4VYQXh\/NsHOGdKXSrqb7mg0n4z68sXUsuH2btUYOG6xe2RV8VFrNLXxY1lQ\/zIngJhIBt0RlmpbwUbshsi84wK+OlEAK9uc226AyzbDbIf9RwAcMwryiNPWvAMMyawELAMAwLAcMwLAQMwxAsBAzDsBAwDMNCwDAMwULAMAwLAcMwLAQMwxAsBAzDsBAwDPMKC0HjWY4XUchTmtaTbzvz0rAOhUB+40\/9XDaNaDmeQtDhQHAhxyKGWSUaUAgy6HNuwAbPcNlXfhVP4ghctJiCzfHdad26S1p+r4Z1evI4peudAZKRtSaPmJfOvWsNzn2nU1mdzQ\/brzaScK5VmRjW8kvK+\/c9cGxoQffd9dO8a0AhUF8Kvj+MePkXi4n811EkbwwiVqGCp2LDKNqCCBzEPOv0ic+70f35ogbiDYod9q0uypMddTZWr4IG\/zWrjXptHgSraC0\/j7UukyXwphPbNzlgf73WT7WvZblVQf88SaOhvkM45z1YYlL0bpGf9ILwxcq+P\/RsVLfZsp0ZUyusjByj\/WYt1Kz2ZrWiH8PkuVhfyvwRXxS6DZryRlwyyyvXxmYt8vTiy62uLYK62aJrnQgcoeb9JxGrN8GjKGKPnXBtAxKfR61dh7vDGCw6ETopfQcYhlkSShBWzKlTp\/QntTnIdctlJuajY1i\/Qqx\/\/Xd3REylgsJWZmiqP611U1KDqeteoR2kuGJUhDZpwt5E25vsQtsUojVKgS+PivgJNx2LttmcwneztHdlFmsRzPwcF4GdmnE82IRzX0jELS7F02Lsml+4pQuzOqfnbFzk9K8ZlzsmR4V\/m1O0\/W1U\/wDr6FlNaGdLRqJTInJQE95rI2LoiKaO5RaBhLUFNT0eEf6d8sOuxrl8V8ZEerZcqqBaBL3jZtNUGeRn4mfE2EduoW0LibHZLzDn9DQ4j3aLA1TORllSWtU5jDJRaZhXJjXkY5quX1keptW5rWVCPKPyveITrlL52t3Cf43iq80iGxHeTV4R+WZI+DYZcWx\/DZRdo3IqPK1\/GxPhIy7jnqJj2Hf6RWTc9Jnc0nmyavnfIf2+i6ZCwk2tVrmPdiQsxuQuetyycns2SeXhNNbRPes+ERdTq\/wBzroJQX3dkAnV1Nc+Uh67atlzU94khmeB84KquE+jwkfnM3cl5hyTcyJ9Oy5CeyhNe+gmvJ2mNcbFpaZHRcvxaiwoBJmwbg+uHeylCz4pJlMREdotb+DSl4lnxEiXXJb27XTO7KQY\/SosfFtLld8kBBnqGtHN7DxjiICkUtdmwfQrN2hzeqQVud1OYrpQ90YXAnns8qC6C8+o7Kl7ZlddsKlP3HQD+0X8SZm1\/L8nSQSMMnF2DVF+SUwejuj277AHxIjubbB4Pka6aPsOEu\/slEh\/ERBOOp5xD5SXyTQt07GbXCJwfUQ\/VpxEQcaf\/Zp1ydJd84heug8mS\/bspgfIfMqEYJqukxQak6V9+KhMs52unbpa+nlM3atSmdZiyU\/lltHL1CuGHuZm40rBW00taFwhIPQWgC0o9FtOL0yfiCpzjMkLVPjqAhqtB48YMj1ILNbpRKWKtKDleAWqC0FORHbTtsPRuaePxOxVoGzA\/QlLDL1ipfWb3hAC38WwaKMnjfsyVSQ9gsGi6VdCaaS\/Wnooj\/IGXFQIqrUIVBxd9OjGv9Jr\/C1VAJWuUqXR00wtONNlmRVtozIvlg86hi4E\/WJSFcbMzFypWMpEbyWSgJjs2iUWfwu9gtpEMGVs09H3I7EuPb3nYc1TZUt7JUIlQakoBGWW\/NfaaF1lS\/5ZcS191dqU59WibmMEq2GL3nYyBGdxGNH7BcS+jJk8COlWpW1tjwcwSNsStxLAkQA6l+jVWRfLcZ00xr4H\/F1+kzU40eRC8JwX+DqFW\/eSyNoCOH2kzPG4yQ23yZot8XEPxvcOIfUR3bJqXTUs6W9ymtJfLT1tCHxQWyG1vGm2US+zUt8WQvSKE7Hzl5DtimL4cCUX5ywycpLmx364zXborhCStDr1bVqPJameD8B7fgje3\/uw\/XUH9p8bRubPyqWS\/SGF4ja6B3aqFQr74R4EtSySs9budPzN6qdkMy2jCNR03atZ2tvh\/TAI7XESyapejnQesyX\/Fpnnypb8zq4wQlti6PhLM1qPDyBZYfas3tRNCFbFFn1HJ\/xbihj8tBPRr20I+Oc8CLGpA4F9RQxf7UTkDrUVjvoWrTirzjxrduoV61bn6oLbqTIZv6rivxyG+343PFdXauFKVErP6y3qV52gCrTQbLl2pK\/MDn0QUTkd+WGrirEIVLlHfp1G+mYn8K9utP6lFQPVXK6bbBXK17DHX57AV6GCpT02NqOlZkFZBLsH4cwMppL9cD3sw6G3Hei8U1AbV4e6zhrU3xZdvVNwh5R2SwjBPWq1jobOEz4U7yYxbgsiePRFyoALrfRUT\/wrWVYpjJYM9nlwcFc7bPkY4j+oTbPkkTcr\/g56Yt70YOJ8+wouPj19tlB67pa9ePU8g0SsDgLzA92c57MI3gzD+c8OBL+ulE56+r9NuSvY4LHYofvgcjjg2Vlj802+Ck5PXDc9JUezk+jfMYGeK7JNYcW5zQ08GkbiF7WixA\/UYvmJ0tBmbv0tFydcdJrMV4l5LzFNfEWtFZsH7dSaWTFFuieo3JwHqeU1kUP8vSJiF4dX9cWpBnyhyIp2pBNyQrDt3GmqblZsR0kAqP7bTnTCU+Hptyr8nkayzKo99ZMDgct+2P55CJ5zSWSk9XeeKt37rVSZ7QheDEDb04fIviwuHdiPgftZwx78URJ9Xjf6yt5zku7B1P9F7L881Z9+C+JCz2Uvijc6sP9jlR7dirwdfY9UlAWhJ\/Bdax6NfMon3jhOH7gEfJRC5IQUrXbEfJ2IzdMCG\/zngrDf7Yb34xSyqkyS59qxfa8XPfcWakcoiimcfscB57tUyQpFFH\/PIvcnVcdNFSr1wT6Ed2bQs7cDgz8Y5Zu9P4D9lNbsvgj6LA+R5eP9O7XYHvWg\/d1BZWmfRerqfnj+OwvPtT79Xl0ZeQweIBE90IfUE8rznznk8lRWslulYqwKaqyggZkR0SMey0CLmdEP3BVH+msZLLRMCVVcZ0U\/hhoINYfSPtPJuekhPdjcIpQ0Ddc9y4n4CUqXaV\/bX0NiVI9SNn1YGmjcaQyULSf9uZhfaGqKSwbt4JCIX7aWyzxKI9wVguvKj8agmBy8mx0smxbRw7R9Z5jWVUhDIiBcpjRYy6SGfGTmpvr0sK1UXuVlQsxMikhpGlIF7UhkdqBx3iCepNI6C\/PTOPMwYk1TkyZ810yDuxUHC\/1qYFBhWVd2Djll+lfb3PE1rxhaZU\/MdSAEVPA\/y0nAKlSwLX\/R6FbnC1mKl+zBV20wOCfSibgYzcgTWK3I0x9RRaFKu7ZlZqShZP++HMz28Yui2+PXq3wriZWBbh0vZ1PUcr1ZFWv6KmyQ\/5DqMC8VeQx7HOjeGMX0N6aZg0ISnc5DGD8ziamL5R0txoIc9NO7mxPoc7QicW4Kk3+rxzhDY8JC8LLy3Wm07B0EdofQT\/1yRzGN4fOXkCz6MZKNwltpxo9RZDGwazvCr\/vQmosh+ZMdofFphHerzS8hLAQvMcVfEug72YfoRBYFmxPt7\/Vj6LIPzhc5wbJOKHw3iJ6PBzGGdgQ+6kfowBJfUllnsBAwDNP404cMw6w+LAQMw7AQMAzDQsAwDMFCwDAMCwHDMCwEDMMQLAQMw7AQMAzDQsAwDMFCwDAMCwHDMCwEDMMQLAQroohCPo9CDZ\/fY5hGhoVgRaQQdDgQvKcWGWad0qBCYHjSV\/Lo37ChUzfIWPfc6ayal+Rxyufx5ecye3V7WZmZQ\/3KL3O1Fd131EJFql\/HzgX3Y9aaxm4R7AnN8+iP3+7BotYYPw6j++Qwyr4S\/srgOByZLa\/Ie\/LLOm0ILaX8auGnS+g4P1HFq6eMCtexx622rZCJz7vR\/fmreqXriPxCUeNhfDnW8qnqpVDp89GrQtknyJfCAmmc95nuFaB\/1r3eZaGMUOXts3DeV3gda6CeZfUqU9cWQTAYxBtvvKEH+Zt5ORk\/58GlN93zDGeY9UvdhEBW\/OvXr+Pp06d6kL9XLAbFguEIZA5yiP5JDB1OBzq+zKuIxHc92L55PwLHNDiOx2hFDJ2bHeiRA3nPCxi\/2oG3mlUftaUVnZ+NY9ac514PHJt7ELtPzWYVx+EbwLjZved5Holz+2eP0bKrG4kn1umCgty\/xdje\/HYHBr5brmWZCZW25JMEune1GOlvfgv7zyWQX5bPXhFZ6SHoaF7esb47De9nToRv9aPm1v2861iY9SIsfDeAjrdVWl5rQevxQWu5F7NInGxFy2ulct2Pnq\/ldU+hh65v5y36eatTL6MygzdmKaiWwYqpry26alKWHU8Pqhk4HfPSskcMSQekpyMiYIdwXZ4UuQdxEf+btJxuE9QvFulfZ8RIl\/Tk94jeJG3Pzfnsz1qgl9x9KvnX6xFyYmgfLZu99y94hN1uF3baz2geUxrot+tvo2Iqq3z+m1T6KlFr10CPR+ehc7WdjYjRB2kxcl25B9VgVFLeNZi84qZlTXgvRMXow0kxej0k2mRedaciFakaqpyNcqulW1TtOhouQDPJAJWfXXgujIjJXE5MPRgSga20fTZftL90e9oaEEMPpujaTYoRWe60TyD5WKTp+ob20PY9IRG\/na5ugsMsSmMLwdGo7lhjCbP2NcqTfmevCOt\/TTeyuZJV8sQnJi9QRbUFxZhc0OMv4F9fxXs\/d9Oj59MiBBdL1lczC9vaL0kIDJGzkOmnfC0+PmERgl8joo328cZMNmySTFjQ0134YgsluFTepUq6BCGYdx2nxYyyR7N9MKriKh72kkjT9fqWfle4LrJco0fomPuG9IrPYwT1oW5dg2PHjqlfc1RatyRs9jKPfgr20kf57fBei8L\/yyX0\/FM2VUOgp+R8MmlkqDkcPa78+VXwfJalZmcKY7PuudX966t572vvBeBVv0G\/Qje9mP54O5qpi9LzJZ21bsasHoS6ynrk2\/wI7AAmHi3B3XhiDOOg\/Y6WuZtsC6LnMJC4V71xXbgTRKcq5yX7\/cy7jnbYmjJIP6JLoDfrTdfm4CCydL1S41lkf5KzARPobzNt3+xE6C6tvp9CWj84Uw\/qJgTSBv3UqVOgVoAe5O\/6WKPXyIJ93DYEyjz6B2\/KaawIvLX6VlTy3rfZ5uzECNeJEeR+S2PoKBCV\/dq2AWQWTFcBhT\/Vz1nyyJlt0nVsaN6ofpYx\/XTprzXa5gkU5U0ev1paCwkE342hsMOJzJVudJ+UYYBEBRj\/TP6+hKRpuGYptJ0ouy6fDOvTi5HDyvtX86HPsp3CV3WcBmV06jprICv+H3\/8oYfVF4ECYscPIeYOY6gri56jlypXOic96aWz\/GarR79PPmXaPHBVqWBmHJvoafwojmRZBS3ciSOhfksK+QLwpptEZxS5h\/1w\/dCDgWpvHbpa4UIS0TtlA4qFFBL3afM75hZAhXhPkojTE7XVEm8R9HMm6Fhl4lGIYfgWtTv2VqpaRUzcSqH5WACBtha1rh7QddkiXzlyWK\/L0XY4HO3wbLMZ5U5lajtg3k7hHbp2B9x4ub2H1hjVRWgwVN9SHwSKlwVjUMjon3tFVHZ3n42JoB3C+VFa39va\/1YDfZpPDD00+qhTDyLCp9G63RGjv1upv25eV5o3nx20yonJZFC4ld237CfPpIJCg134vpgU0zMzIkfb6VavaNluoPrcFCfwRVpM6elSg2V2Om+pG6\/GCNBE8W7LwU7Kw8O4ihcUY4sM8FkHC9U5m9pESB84XdqxrCxhjKBKH964hppeZnpasmkROSptzdtEJEsR1HXF7l4xmjWu3WQyJNqo3O0nRvWxGB4jqA+NLQSyAswLdFPrg1s24U+YBr0eyEEmO92YtK68Yk+PifDBBXzzFxMCCR2jd4\/Js77JJUKpIUtlmLzpE5oSBxlcZ0ep6i3As5yIn5AVdW4f218DIm4eHFPpGBrv1SvAXLyQGPlNxVmAeS8UPSMxOOsW1M1Z8rGsrFwIpDCNXfGSgM6lBZt8IvLQNGj5KwnVNtN2uu7usyNiWokWC0F9eLW8D\/8sIE99cvubcrBKrVsqpWPIAS+1ysLzIgq\/UzPeTu2DWs1GS\/tspH3Kuyry\/yT8FzAiovDq\/9uxSrylstA515oa0lIsyP\/laate7syKYBPURsciBAyzOtR1sJBhmPUJC0GjY3NA2+Tg5jCzqnDXgGEYbhEwDMNCwDAMwULAMAwLAcMwLAQMwxAsBAzDsBAwDMNCwDAMwULAMAwLAcMwLAQMwxAsBAzDsBCsNvKDGropy1qhm4kUsIZnZF4CGlcI\/qQKNO8Lv\/ORzjmNTOpDBxwf1tuDh8pm3peOFfeCcDiC7PrDLInGFYJ8FKEbWbVQhUIMoSuLxKk33\/fAsaEF3Xdf3DO3eCcE780l+BnUmfHzDmxo6UayBqFm1gcNLARZJM6fRqyglisw\/nEQsXxOLS1GHsl\/dOPS3RW2IN50YvsmB+yvv6hPheQxfDmGiauDSC3ombB6aJu36yYlLfy1lJeGxhWC36apn5tE8GNpo1GBXwYQ+IxU4mFWuhbUwAwyt4cRfVSTo391tgYx+uskwnvU8lrzKIKB7+lvcRB9N15Mt8h5ZhS5TBhtdXNyYl40dRWCetqiZ3+RdlfU+v8sgIFZW7ISBcTO9UBvHP+SpWfkq0Pq+gCyu8OInrFj\/JOIUQYMs1Lkp8rqwalTp9R35+eCXLdcRrroGDsDIiC\/i384avUH+DaoO+IGzxjf\/I+rb9xPfxsR\/p3SNMQ4v32nXwzJb+RnI8K7STO+5W\/ThHbQMDaZ+TkuArPxbcK5L2TyFJgSkYOa8F4Oi8AmY7v3Zk4dy2sYcEh+GxORY25hL3kO2N3C\/0XJCLWG7+6Ph3RHZc8XNXj5KhNT3axU\/z3f3NXqx6DycN2wLTUoW\/fvkNA2BcVQIiDcNiOfbunH8GxSDB1xqjJzi1Bq7gpMXffOlqFk9CyV6dko\/VV+CU2a8F0Zm7tm5WUmKVunH+PMkIifUMconTMzJHxbDT8J6b8wuqBRBLNcGtQNeUZED9MxZAUqVXrpjqujTDOkODzoFZqy2NZdfLrcwnshLtLSFUe65hyhSm4L0s0zKUZvk0hoENp7ERH\/N1XUnw0HYGfXkBH\/4YjoPUDx7QEx8tR0HrtPRKQV+ZWoSEvB0d2VS+eks35DFehgr4jrDkhTIn3dR+mdq6CLCsHPdKNv84hwRi0vQMnBeVQXPuUKvDtitQMvEwKZB9cVqxBY1unxqVz0PKTF6BWZflrWXMIjy\/LBqAjLcoRPRPVyoSNI05Qdc5bseh5pH1dXRLdaN6zLTe7KZWWmU7bOOIa0azefk8SByqb3dlqkU2Hhs1jVM\/WkoW3RNd3CbNoQBXXjTce8dGx1A2WNyhxIyn0qoFuHl242awXQb7zySvQ0Knx0PI988pfil9uRV7qpLUyK\/m1l56mHE8+zURGkJ7bzgik9Jbt2s63asoTAO1vJZy3iSGhnK1xuSHhM5VxRCCxlmROR3bSuS+W7ViGocE6vyardsEhTVvVMXanbGEF9bdEzyDwCHH+RXsN2+D8Jw\/WoB6e\/TKDvVBL2M8MIbaVNW+hWoj859cJO4btBdO5S9tmu\/ej5ahLT+pZyssjIIYgf++GetduW+4SQpNWpb02G202LDI3\/Po7B463qGNux\/1wUkwvMdCyX\/I0+DFI2s\/\/Yjg0bNhjBM4gi5WXg+krfGqA216zDkAaHtIe3mxyFNIduODqz0CzF206TKakG59v0Z6mzGhXOad84V\/7SUr1kVc\/Ul7oJQV1t0f8sQE4KurYqJ\/6tIQyfsSP5fgcGC14MXqSeso4DTro3sk8o9qM+tO7tQ\/7gMFIPJjBxN4x25LFQndSOUOUqs9yO3o4j\/mGthtsZ9O1qR1\/ei+G7dM4HIwhT0qQrWX3JIPLJOLCvV7cMN4foBy4Ub1zCcLUXjBimBuo6a1A3W\/R8jp5z9FRRFvmStouDuuWX60oEftlQ0LGj5U2qJg8zyN5NILulB5GLXrjoyaFtccN3oJplOD296YmVL9jgMdttU3A5HPDsnHu2LcgvSSQeO9HzST+8O+icmhPuIx69lVJX7g9i4LENwQv9lrTK4L\/SBx9SuLTQC0bPTS8\/Pc8iO28WZm0omlsIv9Y67cusBY35HkEmTc9Ah17JZ7H7EfliCMNnVStBxwmXm\/5Qi6B5G\/14HMXwd8bjuJhP4vRJ2XSuhA3+c0HY73bD+3EK2Xwe+XwGyXPt2L7Xi557Nb41SF0TN93O0a\/GUZA3eTFPx+jWm\/A1U6Cuxbk+JKs+0fMY\/gflY0sIwX1qlZmNfgQ\/sCFb8QUjEqa9NmRILIYfGXlMnDy9tPTVAxJljy2D8N+HkZFl\/SiB7lPVrg3zImhIITD+\/wD1\/7cYyyWcXYF5L7E4NtHTO5fH9OFBjJyYxsDeFr3\/3Ly5B7YPQ9WfznsiyCQCKPz3frxFrQCHYzsO3SgilMxi6MAi4wIlmqib8k0A05+2o+U16rM3O9DTFEJoh9peC+PDOP3pJQxUe+Pxhwgu3Qd8l\/uq5sVzKgRncRCXvpx\/DM\/lOAI2qnjvGHkMb1pi+upBkwf9twOwfd2N7bKs3WFo5xe4Nsya8\/JZni1mWz4Pw2q8aLNDq9nHvIzlWKHPIs9fhG2V7b6Lv+cpjy\/YAl0vJ8rrm5RXfiuxoXj5hIBhmCXTmGMEDMOsKSwEDMOwEDAMw0LAMAzBQsAwDAsBwzAsBAzDECwEDMOwEDAMw0LAMAzBQsAwDAsBwzAsBAzDECwEDMOwEDAMw0LAMAzBQsAwDAsBwzAsBAzDAPgfz\/2tgCCvDf0AAAAASUVORK5CYII=\" alt=\"\"><\/p>","protected":false},"excerpt":{"rendered":"<p>Tegund:&nbsp;886-28<\/p>","protected":false},"featured_media":77727,"comment_status":"closed","ping_status":"closed","template":"","meta":[],"product_brand":[],"product_cat":[589,515,1075],"product_tag":[],"class_list":{"0":"post-66060","1":"product","2":"type-product","3":"status-publish","4":"has-post-thumbnail","6":"product_cat-laser","7":"product_cat-verkfaeralausnir","8":"product_cat-thrifaetur-og-aukahlutir","10":"first","11":"instock","12":"taxable","13":"shipping-taxable","14":"purchasable","15":"product-type-simple"},"yoast_head":"<!-- This site is optimized with the Yoast SEO plugin v27.3 - https:\/\/yoast.com\/product\/yoast-seo-wordpress\/ -->\n<title>KAPRO \u00der\u00edf\u00f3tur allt a\u00f0 1,5mtr, l\u00e9ttur, 5\/8&quot; festing 886-28 - V\u00e9lar &amp; Verkf\u00e6ri<\/title>\n<meta name=\"robots\" content=\"index, follow, max-snippet:-1, max-image-preview:large, max-video-preview:-1\" \/>\n<link rel=\"canonical\" href=\"https:\/\/velarogverkfaeri.is\/en\/verkfaeralausnir\/laser\/linulaserar\/product\/kapro-thrifotur-allt-ad-15mtr-lettur-5-8-festing-886-28\/\" \/>\n<meta property=\"og:locale\" content=\"en_US\" \/>\n<meta property=\"og:type\" content=\"article\" \/>\n<meta property=\"og:title\" content=\"KAPRO \u00der\u00edf\u00f3tur allt a\u00f0 1,5mtr, l\u00e9ttur, 5\/8&quot; festing 886-28 - V\u00e9lar &amp; Verkf\u00e6ri\" \/>\n<meta property=\"og:description\" content=\"Tegund:&nbsp;886-28\" \/>\n<meta property=\"og:url\" content=\"https:\/\/velarogverkfaeri.is\/en\/verkfaeralausnir\/laser\/linulaserar\/product\/kapro-thrifotur-allt-ad-15mtr-lettur-5-8-festing-886-28\/\" \/>\n<meta property=\"og:site_name\" content=\"V\u00e9lar &amp; Verkf\u00e6ri\" \/>\n<meta property=\"article:publisher\" content=\"https:\/\/www.facebook.com\/VelarOgVerkfaeri\" \/>\n<meta property=\"article:modified_time\" content=\"2025-12-15T14:48:22+00:00\" \/>\n<meta name=\"twitter:card\" content=\"summary_large_image\" \/>\n<script type=\"application\/ld+json\" class=\"yoast-schema-graph\">{\"@context\":\"https:\\\/\\\/schema.org\",\"@graph\":[{\"@type\":\"WebPage\",\"@id\":\"https:\\\/\\\/velarogverkfaeri.is\\\/verkfaeralausnir\\\/laser\\\/linulaserar\\\/product\\\/kapro-thrifotur-allt-ad-15mtr-lettur-5-8-festing-886-28\\\/\",\"url\":\"https:\\\/\\\/velarogverkfaeri.is\\\/verkfaeralausnir\\\/laser\\\/linulaserar\\\/product\\\/kapro-thrifotur-allt-ad-15mtr-lettur-5-8-festing-886-28\\\/\",\"name\":\"KAPRO \u00der\u00edf\u00f3tur allt a\u00f0 1,5mtr, l\u00e9ttur, 5\\\/8\\\" festing 886-28 - V\u00e9lar &amp; Verkf\u00e6ri\",\"isPartOf\":{\"@id\":\"https:\\\/\\\/velarogverkfaeri.is\\\/en\\\/#website\"},\"primaryImageOfPage\":{\"@id\":\"https:\\\/\\\/velarogverkfaeri.is\\\/verkfaeralausnir\\\/laser\\\/linulaserar\\\/product\\\/kapro-thrifotur-allt-ad-15mtr-lettur-5-8-festing-886-28\\\/#primaryimage\"},\"image\":{\"@id\":\"https:\\\/\\\/velarogverkfaeri.is\\\/verkfaeralausnir\\\/laser\\\/linulaserar\\\/product\\\/kapro-thrifotur-allt-ad-15mtr-lettur-5-8-festing-886-28\\\/#primaryimage\"},\"thumbnailUrl\":\"https:\\\/\\\/velarogverkfaeri.is\\\/wp-content\\\/uploads\\\/2025\\\/11\\\/618c9d2f-3f0d-4550-81d2-d6b9eacf1bff.png\",\"datePublished\":\"2024-08-14T14:28:27+00:00\",\"dateModified\":\"2025-12-15T14:48:22+00:00\",\"breadcrumb\":{\"@id\":\"https:\\\/\\\/velarogverkfaeri.is\\\/verkfaeralausnir\\\/laser\\\/linulaserar\\\/product\\\/kapro-thrifotur-allt-ad-15mtr-lettur-5-8-festing-886-28\\\/#breadcrumb\"},\"inLanguage\":\"en-US\",\"potentialAction\":[{\"@type\":\"ReadAction\",\"target\":[\"https:\\\/\\\/velarogverkfaeri.is\\\/verkfaeralausnir\\\/laser\\\/linulaserar\\\/product\\\/kapro-thrifotur-allt-ad-15mtr-lettur-5-8-festing-886-28\\\/\"]}]},{\"@type\":\"ImageObject\",\"inLanguage\":\"en-US\",\"@id\":\"https:\\\/\\\/velarogverkfaeri.is\\\/verkfaeralausnir\\\/laser\\\/linulaserar\\\/product\\\/kapro-thrifotur-allt-ad-15mtr-lettur-5-8-festing-886-28\\\/#primaryimage\",\"url\":\"https:\\\/\\\/velarogverkfaeri.is\\\/wp-content\\\/uploads\\\/2025\\\/11\\\/618c9d2f-3f0d-4550-81d2-d6b9eacf1bff.png\",\"contentUrl\":\"https:\\\/\\\/velarogverkfaeri.is\\\/wp-content\\\/uploads\\\/2025\\\/11\\\/618c9d2f-3f0d-4550-81d2-d6b9eacf1bff.png\",\"width\":517,\"height\":672},{\"@type\":\"BreadcrumbList\",\"@id\":\"https:\\\/\\\/velarogverkfaeri.is\\\/verkfaeralausnir\\\/laser\\\/linulaserar\\\/product\\\/kapro-thrifotur-allt-ad-15mtr-lettur-5-8-festing-886-28\\\/#breadcrumb\",\"itemListElement\":[{\"@type\":\"ListItem\",\"position\":1,\"name\":\"Home\",\"item\":\"https:\\\/\\\/velarogverkfaeri.is\\\/\"},{\"@type\":\"ListItem\",\"position\":2,\"name\":\"Vefverslun\",\"item\":\"https:\\\/\\\/velarogverkfaeri.is\\\/vefverslun\\\/\"},{\"@type\":\"ListItem\",\"position\":3,\"name\":\"KAPRO \u00der\u00edf\u00f3tur allt a\u00f0 1,5mtr, l\u00e9ttur, 5\\\/8&#8243; festing 886-28\"}]},{\"@type\":\"WebSite\",\"@id\":\"https:\\\/\\\/velarogverkfaeri.is\\\/en\\\/#website\",\"url\":\"https:\\\/\\\/velarogverkfaeri.is\\\/en\\\/\",\"name\":\"V\u00e9lar & Verkf\u00e6ri\",\"description\":\"Umbo\u00f0s- og heildverslun fr\u00e1 \u00e1rinu 1919\",\"publisher\":{\"@id\":\"https:\\\/\\\/velarogverkfaeri.is\\\/en\\\/#organization\"},\"potentialAction\":[{\"@type\":\"SearchAction\",\"target\":{\"@type\":\"EntryPoint\",\"urlTemplate\":\"https:\\\/\\\/velarogverkfaeri.is\\\/en\\\/?s={search_term_string}\"},\"query-input\":{\"@type\":\"PropertyValueSpecification\",\"valueRequired\":true,\"valueName\":\"search_term_string\"}}],\"inLanguage\":\"en-US\"},{\"@type\":\"Organization\",\"@id\":\"https:\\\/\\\/velarogverkfaeri.is\\\/en\\\/#organization\",\"name\":\"V\u00e9lar & Verkf\u00e6ri\",\"url\":\"https:\\\/\\\/velarogverkfaeri.is\\\/en\\\/\",\"logo\":{\"@type\":\"ImageObject\",\"inLanguage\":\"en-US\",\"@id\":\"https:\\\/\\\/velarogverkfaeri.is\\\/en\\\/#\\\/schema\\\/logo\\\/image\\\/\",\"url\":\"https:\\\/\\\/velarogverkfaeri.is\\\/wp-content\\\/uploads\\\/2021\\\/10\\\/vv_logo_350x100.png\",\"contentUrl\":\"https:\\\/\\\/velarogverkfaeri.is\\\/wp-content\\\/uploads\\\/2021\\\/10\\\/vv_logo_350x100.png\",\"width\":350,\"height\":100,\"caption\":\"V\u00e9lar & Verkf\u00e6ri\"},\"image\":{\"@id\":\"https:\\\/\\\/velarogverkfaeri.is\\\/en\\\/#\\\/schema\\\/logo\\\/image\\\/\"},\"sameAs\":[\"https:\\\/\\\/www.facebook.com\\\/VelarOgVerkfaeri\"]}]}<\/script>\n<!-- \/ Yoast SEO plugin. -->","yoast_head_json":{"title":"KAPRO \u00der\u00edf\u00f3tur allt a\u00f0 1,5mtr, l\u00e9ttur, 5\/8\" festing 886-28 - V\u00e9lar &amp; Verkf\u00e6ri","robots":{"index":"index","follow":"follow","max-snippet":"max-snippet:-1","max-image-preview":"max-image-preview:large","max-video-preview":"max-video-preview:-1"},"canonical":"https:\/\/velarogverkfaeri.is\/en\/verkfaeralausnir\/laser\/linulaserar\/product\/kapro-thrifotur-allt-ad-15mtr-lettur-5-8-festing-886-28\/","og_locale":"en_US","og_type":"article","og_title":"KAPRO \u00der\u00edf\u00f3tur allt a\u00f0 1,5mtr, l\u00e9ttur, 5\/8\" festing 886-28 - V\u00e9lar &amp; Verkf\u00e6ri","og_description":"Tegund:&nbsp;886-28","og_url":"https:\/\/velarogverkfaeri.is\/en\/verkfaeralausnir\/laser\/linulaserar\/product\/kapro-thrifotur-allt-ad-15mtr-lettur-5-8-festing-886-28\/","og_site_name":"V\u00e9lar &amp; Verkf\u00e6ri","article_publisher":"https:\/\/www.facebook.com\/VelarOgVerkfaeri","article_modified_time":"2025-12-15T14:48:22+00:00","twitter_card":"summary_large_image","schema":{"@context":"https:\/\/schema.org","@graph":[{"@type":"WebPage","@id":"https:\/\/velarogverkfaeri.is\/verkfaeralausnir\/laser\/linulaserar\/product\/kapro-thrifotur-allt-ad-15mtr-lettur-5-8-festing-886-28\/","url":"https:\/\/velarogverkfaeri.is\/verkfaeralausnir\/laser\/linulaserar\/product\/kapro-thrifotur-allt-ad-15mtr-lettur-5-8-festing-886-28\/","name":"KAPRO \u00der\u00edf\u00f3tur allt a\u00f0 1,5mtr, l\u00e9ttur, 5\/8\" festing 886-28 - V\u00e9lar &amp; Verkf\u00e6ri","isPartOf":{"@id":"https:\/\/velarogverkfaeri.is\/en\/#website"},"primaryImageOfPage":{"@id":"https:\/\/velarogverkfaeri.is\/verkfaeralausnir\/laser\/linulaserar\/product\/kapro-thrifotur-allt-ad-15mtr-lettur-5-8-festing-886-28\/#primaryimage"},"image":{"@id":"https:\/\/velarogverkfaeri.is\/verkfaeralausnir\/laser\/linulaserar\/product\/kapro-thrifotur-allt-ad-15mtr-lettur-5-8-festing-886-28\/#primaryimage"},"thumbnailUrl":"https:\/\/velarogverkfaeri.is\/wp-content\/uploads\/2025\/11\/618c9d2f-3f0d-4550-81d2-d6b9eacf1bff.png","datePublished":"2024-08-14T14:28:27+00:00","dateModified":"2025-12-15T14:48:22+00:00","breadcrumb":{"@id":"https:\/\/velarogverkfaeri.is\/verkfaeralausnir\/laser\/linulaserar\/product\/kapro-thrifotur-allt-ad-15mtr-lettur-5-8-festing-886-28\/#breadcrumb"},"inLanguage":"en-US","potentialAction":[{"@type":"ReadAction","target":["https:\/\/velarogverkfaeri.is\/verkfaeralausnir\/laser\/linulaserar\/product\/kapro-thrifotur-allt-ad-15mtr-lettur-5-8-festing-886-28\/"]}]},{"@type":"ImageObject","inLanguage":"en-US","@id":"https:\/\/velarogverkfaeri.is\/verkfaeralausnir\/laser\/linulaserar\/product\/kapro-thrifotur-allt-ad-15mtr-lettur-5-8-festing-886-28\/#primaryimage","url":"https:\/\/velarogverkfaeri.is\/wp-content\/uploads\/2025\/11\/618c9d2f-3f0d-4550-81d2-d6b9eacf1bff.png","contentUrl":"https:\/\/velarogverkfaeri.is\/wp-content\/uploads\/2025\/11\/618c9d2f-3f0d-4550-81d2-d6b9eacf1bff.png","width":517,"height":672},{"@type":"BreadcrumbList","@id":"https:\/\/velarogverkfaeri.is\/verkfaeralausnir\/laser\/linulaserar\/product\/kapro-thrifotur-allt-ad-15mtr-lettur-5-8-festing-886-28\/#breadcrumb","itemListElement":[{"@type":"ListItem","position":1,"name":"Home","item":"https:\/\/velarogverkfaeri.is\/"},{"@type":"ListItem","position":2,"name":"Vefverslun","item":"https:\/\/velarogverkfaeri.is\/vefverslun\/"},{"@type":"ListItem","position":3,"name":"KAPRO \u00der\u00edf\u00f3tur allt a\u00f0 1,5mtr, l\u00e9ttur, 5\/8&#8243; festing 886-28"}]},{"@type":"WebSite","@id":"https:\/\/velarogverkfaeri.is\/en\/#website","url":"https:\/\/velarogverkfaeri.is\/en\/","name":"V\u00e9lar & Verkf\u00e6ri","description":"Umbo\u00f0s- og heildverslun fr\u00e1 \u00e1rinu 1919","publisher":{"@id":"https:\/\/velarogverkfaeri.is\/en\/#organization"},"potentialAction":[{"@type":"SearchAction","target":{"@type":"EntryPoint","urlTemplate":"https:\/\/velarogverkfaeri.is\/en\/?s={search_term_string}"},"query-input":{"@type":"PropertyValueSpecification","valueRequired":true,"valueName":"search_term_string"}}],"inLanguage":"en-US"},{"@type":"Organization","@id":"https:\/\/velarogverkfaeri.is\/en\/#organization","name":"V\u00e9lar & Verkf\u00e6ri","url":"https:\/\/velarogverkfaeri.is\/en\/","logo":{"@type":"ImageObject","inLanguage":"en-US","@id":"https:\/\/velarogverkfaeri.is\/en\/#\/schema\/logo\/image\/","url":"https:\/\/velarogverkfaeri.is\/wp-content\/uploads\/2021\/10\/vv_logo_350x100.png","contentUrl":"https:\/\/velarogverkfaeri.is\/wp-content\/uploads\/2021\/10\/vv_logo_350x100.png","width":350,"height":100,"caption":"V\u00e9lar & Verkf\u00e6ri"},"image":{"@id":"https:\/\/velarogverkfaeri.is\/en\/#\/schema\/logo\/image\/"},"sameAs":["https:\/\/www.facebook.com\/VelarOgVerkfaeri"]}]}},"_links":{"self":[{"href":"https:\/\/velarogverkfaeri.is\/en\/wp-json\/wp\/v2\/product\/66060","targetHints":{"allow":["GET"]}}],"collection":[{"href":"https:\/\/velarogverkfaeri.is\/en\/wp-json\/wp\/v2\/product"}],"about":[{"href":"https:\/\/velarogverkfaeri.is\/en\/wp-json\/wp\/v2\/types\/product"}],"replies":[{"embeddable":true,"href":"https:\/\/velarogverkfaeri.is\/en\/wp-json\/wp\/v2\/comments?post=66060"}],"wp:featuredmedia":[{"embeddable":true,"href":"https:\/\/velarogverkfaeri.is\/en\/wp-json\/wp\/v2\/media\/77727"}],"wp:attachment":[{"href":"https:\/\/velarogverkfaeri.is\/en\/wp-json\/wp\/v2\/media?parent=66060"}],"wp:term":[{"taxonomy":"product_brand","embeddable":true,"href":"https:\/\/velarogverkfaeri.is\/en\/wp-json\/wp\/v2\/product_brand?post=66060"},{"taxonomy":"product_cat","embeddable":true,"href":"https:\/\/velarogverkfaeri.is\/en\/wp-json\/wp\/v2\/product_cat?post=66060"},{"taxonomy":"product_tag","embeddable":true,"href":"https:\/\/velarogverkfaeri.is\/en\/wp-json\/wp\/v2\/product_tag?post=66060"}],"curies":[{"name":"wp","href":"https:\/\/api.w.org\/{rel}","templated":true}]}}