{"id":66037,"date":"2024-09-25T10:13:02","date_gmt":"2024-09-25T10:13:02","guid":{"rendered":"https:\/\/velarogverkfaeri.is\/?post_type=product&#038;p=66037"},"modified":"2026-04-28T09:46:41","modified_gmt":"2026-04-28T09:46:41","slug":"beslagsgruppen-takkalas-silfur-fyrir-assa-sylinder-fyrir-assa-lashus","status":"publish","type":"product","link":"https:\/\/velarogverkfaeri.is\/en\/lykillausnir\/adgangskerfi\/snjalllasar-adgangskerfi\/product\/beslagsgruppen-takkalas-silfur-fyrir-assa-sylinder-fyrir-assa-lashus\/","title":{"rendered":"BESLAGSGRUPPEN Takkal\u00e1s Silfur  fyrir ASSA sylinder \/ ASSA L\u00e1sh\u00fas"},"content":{"rendered":"<p data-start=\"160\" data-end=\"303\"><span style=\"color: rgb(101, 101, 101);\">Tegund:&nbsp;BG5000-01-O<\/span><\/p>\n<p data-start=\"216\" data-end=\"413\">BG5000 er h\u00e1\u00fer\u00f3a\u00f0ur stafr\u00e6nn hur\u00f0arh\u00fann sem sameinar \u00f6ryggi, \u00fe\u00e6gindi og n\u00fat\u00edmat\u00e6kni. L\u00e1sinn er hanna\u00f0ur til a\u00f0 b\u00e6ta vi\u00f0 stafr\u00e6num eiginleikum \u00e1 n\u00faverandi l\u00e6singar.<\/p>\n<p data-start=\"415\" data-end=\"626\">L\u00e1sinn m\u00e1 opna me\u00f0 <strong data-start=\"434\" data-end=\"482\">fingrafari, k\u00f3\u00f0a, snjallkorti e\u00f0a snjalls\u00edma<\/strong>, og kemur me\u00f0 <strong data-start=\"497\" data-end=\"512\">ney\u00f0arlykli<\/strong>. H\u00e6gt er a\u00f0 b\u00e6ta vi\u00f0 <strong data-start=\"534\" data-end=\"552\">Wi-Fi tengingu<\/strong>, <strong data-start=\"554\" data-end=\"570\">fjarst\u00fdringu<\/strong> og <strong data-start=\"574\" data-end=\"592\">hur\u00f0arskynjara<\/strong> fyrir fulla stj\u00f3rn og eftirlit.<\/p>\n<p data-start=\"628\" data-end=\"746\">St\u00fdring fer fram me\u00f0 <strong data-start=\"649\" data-end=\"665\">\u00f3keypis appi<\/strong>, \u00fear sem h\u00e6gt er a\u00f0 stilla a\u00f0gang, t\u00edmast\u00fdringar og senda k\u00f3\u00f0a \u00ed SMS.<\/p>\n<p data-start=\"748\" data-end=\"921\">BG5000 er <strong data-start=\"758\" data-end=\"786\">IP66 vatns- og rykvarinn<\/strong>, hentar jafnt fyrir <strong data-start=\"807\" data-end=\"852\">\u00fatihur\u00f0ir, skrifstofur, v\u00f6ruh\u00fas og \u00edb\u00fa\u00f0ir<\/strong>, og au\u00f0velt er a\u00f0 sn\u00faa handfanginu fyrir h\u00e6gri e\u00f0a vinstri hur\u00f0ir.<\/p>\n<p data-start=\"923\" data-end=\"1031\">Handfangi\u00f0 er <strong data-start=\"937\" data-end=\"967\">fja\u00f0randi \u00ed \u00f3virku \u00e1standi<\/strong>, og h\u00e6gt er a\u00f0 fjarl\u00e6gja sn\u00faningsl\u00e1sinn a\u00f0 innan ef \u00f3ska\u00f0 er.<\/p>\n<p data-start=\"1033\" data-end=\"1051\"><strong data-start=\"1033\" data-end=\"1049\">T\u00e6knil\u00fdsing:<\/strong><\/p>\n<ul data-start=\"1052\" data-end=\"1273\">\n<li data-start=\"1052\" data-end=\"1079\">\n<p data-start=\"1054\" data-end=\"1079\">St\u00e6r\u00f0: 295 \u00d7 49 \u00d7 22 mm<\/p>\n<\/li>\n<li data-start=\"1080\" data-end=\"1105\">\n<p data-start=\"1082\" data-end=\"1105\">Hur\u00f0ar\u00feykkt: 30\u201395 mm<\/p>\n<\/li>\n<li data-start=\"1106\" data-end=\"1135\">\n<p data-start=\"1108\" data-end=\"1135\">Hitastig: -30\u00b0C til +60\u00b0C<\/p>\n<\/li>\n<li data-start=\"1136\" data-end=\"1170\">\n<p data-start=\"1138\" data-end=\"1170\">Rafmagn: 6V (4\u00d7 AAA rafhl\u00f6\u00f0ur)<\/p>\n<\/li>\n<li data-start=\"1171\" data-end=\"1196\">\n<p data-start=\"1173\" data-end=\"1196\">RFID Mifare 13,56 MHz<\/p>\n<\/li>\n<li data-start=\"1197\" data-end=\"1256\">\n<p data-start=\"1199\" data-end=\"1256\">Geymslugeta: allt a\u00f0 200 fingraf\u00f6r, 200 kort, 150 k\u00f3\u00f0ar<\/p>\n<\/li>\n<\/ul>\n<p data-start=\"160\" data-end=\"303\">\n<p data-start=\"1275\" data-end=\"1342\"><\/p>\n<p data-start=\"1275\" data-end=\"1342\"><a href=\"https:\/\/cdn.prod.website-files.com\/5e20c5a657d90e002bdeaeb7\/670d66208e0c075d3884a904_bg5000_manual_r4_en_WEB.pdf\" target=\"_blank\">Notkunarlei\u00f0beiningar<\/a><\/p>\n<p data-start=\"1275\" data-end=\"1342\"><\/p>\n<p data-start=\"1275\" data-end=\"1342\"><a href=\"https:\/\/www.youtube.com\/watch?v=Q7Igprkweck\" target=\"_blank\">Uppsetning<\/a><\/p>","protected":false},"excerpt":{"rendered":"<p><span style=\"color: rgb(0, 0, 0);\">BG5000 \u2013 fyrir snjallari, \u00f6ruggari og einfaldari a\u00f0gangsst\u00fdringu.<\/span><\/p>","protected":false},"featured_media":66388,"comment_status":"closed","ping_status":"closed","template":"","meta":[],"product_brand":[],"product_cat":[579,517,607],"product_tag":[1101,1144],"class_list":{"0":"post-66037","1":"product","2":"type-product","3":"status-publish","4":"has-post-thumbnail","6":"product_cat-adgangskerfi","7":"product_cat-lykillausnir","8":"product_cat-snjalllasar-adgangskerfi","9":"product_tag-bg5000","10":"product_tag-snjallvorudagar","12":"first","13":"instock","14":"sale","15":"taxable","16":"shipping-taxable","17":"purchasable","18":"product-type-simple"},"yoast_head":"<!-- This site is optimized with the Yoast SEO plugin v27.3 - https:\/\/yoast.com\/product\/yoast-seo-wordpress\/ -->\n<title>BESLAGSGRUPPEN Takkal\u00e1s Silfur fyrir ASSA sylinder \/ ASSA L\u00e1sh\u00fas - V\u00e9lar &amp; Verkf\u00e6ri<\/title>\n<meta name=\"robots\" content=\"index, follow, max-snippet:-1, max-image-preview:large, max-video-preview:-1\" \/>\n<link rel=\"canonical\" href=\"https:\/\/velarogverkfaeri.is\/en\/lykillausnir\/adgangskerfi\/snjalllasar-adgangskerfi\/product\/beslagsgruppen-takkalas-silfur-fyrir-assa-sylinder-fyrir-assa-lashus\/\" \/>\n<meta property=\"og:locale\" content=\"en_US\" \/>\n<meta property=\"og:type\" content=\"article\" \/>\n<meta property=\"og:title\" content=\"BESLAGSGRUPPEN Takkal\u00e1s Silfur fyrir ASSA sylinder \/ ASSA L\u00e1sh\u00fas - V\u00e9lar &amp; Verkf\u00e6ri\" \/>\n<meta property=\"og:description\" content=\"BG5000 \u2013 fyrir snjallari, \u00f6ruggari og einfaldari a\u00f0gangsst\u00fdringu.\" \/>\n<meta property=\"og:url\" content=\"https:\/\/velarogverkfaeri.is\/en\/lykillausnir\/adgangskerfi\/snjalllasar-adgangskerfi\/product\/beslagsgruppen-takkalas-silfur-fyrir-assa-sylinder-fyrir-assa-lashus\/\" \/>\n<meta property=\"og:site_name\" content=\"V\u00e9lar &amp; Verkf\u00e6ri\" \/>\n<meta property=\"article:publisher\" content=\"https:\/\/www.facebook.com\/VelarOgVerkfaeri\" \/>\n<meta property=\"article:modified_time\" content=\"2026-04-28T09:46:41+00:00\" \/>\n<meta property=\"og:image\" content=\"https:\/\/velarogverkfaeri.is\/wp-content\/uploads\/2024\/09\/9f1f7268-b8ea-4ecb-a7a1-ff3210fe2daa-scaled.jpeg\" \/>\n\t<meta property=\"og:image:width\" content=\"1322\" \/>\n\t<meta property=\"og:image:height\" content=\"2560\" \/>\n\t<meta property=\"og:image:type\" content=\"image\/jpeg\" \/>\n<meta name=\"twitter:card\" content=\"summary_large_image\" \/>\n<meta name=\"twitter:label1\" content=\"Est. reading time\" \/>\n\t<meta name=\"twitter:data1\" content=\"1 minute\" \/>\n<script type=\"application\/ld+json\" class=\"yoast-schema-graph\">{\"@context\":\"https:\\\/\\\/schema.org\",\"@graph\":[{\"@type\":\"WebPage\",\"@id\":\"https:\\\/\\\/velarogverkfaeri.is\\\/lykillausnir\\\/adgangskerfi\\\/snjalllasar-adgangskerfi\\\/product\\\/beslagsgruppen-takkalas-silfur-fyrir-assa-sylinder-fyrir-assa-lashus\\\/\",\"url\":\"https:\\\/\\\/velarogverkfaeri.is\\\/lykillausnir\\\/adgangskerfi\\\/snjalllasar-adgangskerfi\\\/product\\\/beslagsgruppen-takkalas-silfur-fyrir-assa-sylinder-fyrir-assa-lashus\\\/\",\"name\":\"BESLAGSGRUPPEN Takkal\u00e1s Silfur fyrir ASSA sylinder \\\/ ASSA L\u00e1sh\u00fas - V\u00e9lar &amp; Verkf\u00e6ri\",\"isPartOf\":{\"@id\":\"https:\\\/\\\/velarogverkfaeri.is\\\/en\\\/#website\"},\"primaryImageOfPage\":{\"@id\":\"https:\\\/\\\/velarogverkfaeri.is\\\/lykillausnir\\\/adgangskerfi\\\/snjalllasar-adgangskerfi\\\/product\\\/beslagsgruppen-takkalas-silfur-fyrir-assa-sylinder-fyrir-assa-lashus\\\/#primaryimage\"},\"image\":{\"@id\":\"https:\\\/\\\/velarogverkfaeri.is\\\/lykillausnir\\\/adgangskerfi\\\/snjalllasar-adgangskerfi\\\/product\\\/beslagsgruppen-takkalas-silfur-fyrir-assa-sylinder-fyrir-assa-lashus\\\/#primaryimage\"},\"thumbnailUrl\":\"https:\\\/\\\/velarogverkfaeri.is\\\/wp-content\\\/uploads\\\/2024\\\/09\\\/9f1f7268-b8ea-4ecb-a7a1-ff3210fe2daa-scaled.jpeg\",\"datePublished\":\"2024-09-25T10:13:02+00:00\",\"dateModified\":\"2026-04-28T09:46:41+00:00\",\"breadcrumb\":{\"@id\":\"https:\\\/\\\/velarogverkfaeri.is\\\/lykillausnir\\\/adgangskerfi\\\/snjalllasar-adgangskerfi\\\/product\\\/beslagsgruppen-takkalas-silfur-fyrir-assa-sylinder-fyrir-assa-lashus\\\/#breadcrumb\"},\"inLanguage\":\"en-US\",\"potentialAction\":[{\"@type\":\"ReadAction\",\"target\":[\"https:\\\/\\\/velarogverkfaeri.is\\\/lykillausnir\\\/adgangskerfi\\\/snjalllasar-adgangskerfi\\\/product\\\/beslagsgruppen-takkalas-silfur-fyrir-assa-sylinder-fyrir-assa-lashus\\\/\"]}]},{\"@type\":\"ImageObject\",\"inLanguage\":\"en-US\",\"@id\":\"https:\\\/\\\/velarogverkfaeri.is\\\/lykillausnir\\\/adgangskerfi\\\/snjalllasar-adgangskerfi\\\/product\\\/beslagsgruppen-takkalas-silfur-fyrir-assa-sylinder-fyrir-assa-lashus\\\/#primaryimage\",\"url\":\"https:\\\/\\\/velarogverkfaeri.is\\\/wp-content\\\/uploads\\\/2024\\\/09\\\/9f1f7268-b8ea-4ecb-a7a1-ff3210fe2daa-scaled.jpeg\",\"contentUrl\":\"https:\\\/\\\/velarogverkfaeri.is\\\/wp-content\\\/uploads\\\/2024\\\/09\\\/9f1f7268-b8ea-4ecb-a7a1-ff3210fe2daa-scaled.jpeg\",\"width\":1322,\"height\":2560},{\"@type\":\"BreadcrumbList\",\"@id\":\"https:\\\/\\\/velarogverkfaeri.is\\\/lykillausnir\\\/adgangskerfi\\\/snjalllasar-adgangskerfi\\\/product\\\/beslagsgruppen-takkalas-silfur-fyrir-assa-sylinder-fyrir-assa-lashus\\\/#breadcrumb\",\"itemListElement\":[{\"@type\":\"ListItem\",\"position\":1,\"name\":\"Home\",\"item\":\"https:\\\/\\\/velarogverkfaeri.is\\\/\"},{\"@type\":\"ListItem\",\"position\":2,\"name\":\"Vefverslun\",\"item\":\"https:\\\/\\\/velarogverkfaeri.is\\\/vefverslun\\\/\"},{\"@type\":\"ListItem\",\"position\":3,\"name\":\"BESLAGSGRUPPEN Takkal\u00e1s Silfur fyrir ASSA sylinder \\\/ ASSA L\u00e1sh\u00fas\"}]},{\"@type\":\"WebSite\",\"@id\":\"https:\\\/\\\/velarogverkfaeri.is\\\/en\\\/#website\",\"url\":\"https:\\\/\\\/velarogverkfaeri.is\\\/en\\\/\",\"name\":\"V\u00e9lar & Verkf\u00e6ri\",\"description\":\"Umbo\u00f0s- og heildverslun fr\u00e1 \u00e1rinu 1919\",\"publisher\":{\"@id\":\"https:\\\/\\\/velarogverkfaeri.is\\\/en\\\/#organization\"},\"potentialAction\":[{\"@type\":\"SearchAction\",\"target\":{\"@type\":\"EntryPoint\",\"urlTemplate\":\"https:\\\/\\\/velarogverkfaeri.is\\\/en\\\/?s={search_term_string}\"},\"query-input\":{\"@type\":\"PropertyValueSpecification\",\"valueRequired\":true,\"valueName\":\"search_term_string\"}}],\"inLanguage\":\"en-US\"},{\"@type\":\"Organization\",\"@id\":\"https:\\\/\\\/velarogverkfaeri.is\\\/en\\\/#organization\",\"name\":\"V\u00e9lar & Verkf\u00e6ri\",\"url\":\"https:\\\/\\\/velarogverkfaeri.is\\\/en\\\/\",\"logo\":{\"@type\":\"ImageObject\",\"inLanguage\":\"en-US\",\"@id\":\"https:\\\/\\\/velarogverkfaeri.is\\\/en\\\/#\\\/schema\\\/logo\\\/image\\\/\",\"url\":\"https:\\\/\\\/velarogverkfaeri.is\\\/wp-content\\\/uploads\\\/2021\\\/10\\\/vv_logo_350x100.png\",\"contentUrl\":\"https:\\\/\\\/velarogverkfaeri.is\\\/wp-content\\\/uploads\\\/2021\\\/10\\\/vv_logo_350x100.png\",\"width\":350,\"height\":100,\"caption\":\"V\u00e9lar & Verkf\u00e6ri\"},\"image\":{\"@id\":\"https:\\\/\\\/velarogverkfaeri.is\\\/en\\\/#\\\/schema\\\/logo\\\/image\\\/\"},\"sameAs\":[\"https:\\\/\\\/www.facebook.com\\\/VelarOgVerkfaeri\"]}]}<\/script>\n<!-- \/ Yoast SEO plugin. -->","yoast_head_json":{"title":"BESLAGSGRUPPEN Takkal\u00e1s Silfur fyrir ASSA sylinder \/ ASSA L\u00e1sh\u00fas - V\u00e9lar &amp; Verkf\u00e6ri","robots":{"index":"index","follow":"follow","max-snippet":"max-snippet:-1","max-image-preview":"max-image-preview:large","max-video-preview":"max-video-preview:-1"},"canonical":"https:\/\/velarogverkfaeri.is\/en\/lykillausnir\/adgangskerfi\/snjalllasar-adgangskerfi\/product\/beslagsgruppen-takkalas-silfur-fyrir-assa-sylinder-fyrir-assa-lashus\/","og_locale":"en_US","og_type":"article","og_title":"BESLAGSGRUPPEN Takkal\u00e1s Silfur fyrir ASSA sylinder \/ ASSA L\u00e1sh\u00fas - V\u00e9lar &amp; Verkf\u00e6ri","og_description":"BG5000 \u2013 fyrir snjallari, \u00f6ruggari og einfaldari a\u00f0gangsst\u00fdringu.","og_url":"https:\/\/velarogverkfaeri.is\/en\/lykillausnir\/adgangskerfi\/snjalllasar-adgangskerfi\/product\/beslagsgruppen-takkalas-silfur-fyrir-assa-sylinder-fyrir-assa-lashus\/","og_site_name":"V\u00e9lar &amp; Verkf\u00e6ri","article_publisher":"https:\/\/www.facebook.com\/VelarOgVerkfaeri","article_modified_time":"2026-04-28T09:46:41+00:00","og_image":[{"width":1322,"height":2560,"url":"https:\/\/velarogverkfaeri.is\/wp-content\/uploads\/2024\/09\/9f1f7268-b8ea-4ecb-a7a1-ff3210fe2daa-scaled.jpeg","type":"image\/jpeg"}],"twitter_card":"summary_large_image","twitter_misc":{"Est. reading time":"1 minute"},"schema":{"@context":"https:\/\/schema.org","@graph":[{"@type":"WebPage","@id":"https:\/\/velarogverkfaeri.is\/lykillausnir\/adgangskerfi\/snjalllasar-adgangskerfi\/product\/beslagsgruppen-takkalas-silfur-fyrir-assa-sylinder-fyrir-assa-lashus\/","url":"https:\/\/velarogverkfaeri.is\/lykillausnir\/adgangskerfi\/snjalllasar-adgangskerfi\/product\/beslagsgruppen-takkalas-silfur-fyrir-assa-sylinder-fyrir-assa-lashus\/","name":"BESLAGSGRUPPEN Takkal\u00e1s Silfur fyrir ASSA sylinder \/ ASSA L\u00e1sh\u00fas - V\u00e9lar &amp; Verkf\u00e6ri","isPartOf":{"@id":"https:\/\/velarogverkfaeri.is\/en\/#website"},"primaryImageOfPage":{"@id":"https:\/\/velarogverkfaeri.is\/lykillausnir\/adgangskerfi\/snjalllasar-adgangskerfi\/product\/beslagsgruppen-takkalas-silfur-fyrir-assa-sylinder-fyrir-assa-lashus\/#primaryimage"},"image":{"@id":"https:\/\/velarogverkfaeri.is\/lykillausnir\/adgangskerfi\/snjalllasar-adgangskerfi\/product\/beslagsgruppen-takkalas-silfur-fyrir-assa-sylinder-fyrir-assa-lashus\/#primaryimage"},"thumbnailUrl":"https:\/\/velarogverkfaeri.is\/wp-content\/uploads\/2024\/09\/9f1f7268-b8ea-4ecb-a7a1-ff3210fe2daa-scaled.jpeg","datePublished":"2024-09-25T10:13:02+00:00","dateModified":"2026-04-28T09:46:41+00:00","breadcrumb":{"@id":"https:\/\/velarogverkfaeri.is\/lykillausnir\/adgangskerfi\/snjalllasar-adgangskerfi\/product\/beslagsgruppen-takkalas-silfur-fyrir-assa-sylinder-fyrir-assa-lashus\/#breadcrumb"},"inLanguage":"en-US","potentialAction":[{"@type":"ReadAction","target":["https:\/\/velarogverkfaeri.is\/lykillausnir\/adgangskerfi\/snjalllasar-adgangskerfi\/product\/beslagsgruppen-takkalas-silfur-fyrir-assa-sylinder-fyrir-assa-lashus\/"]}]},{"@type":"ImageObject","inLanguage":"en-US","@id":"https:\/\/velarogverkfaeri.is\/lykillausnir\/adgangskerfi\/snjalllasar-adgangskerfi\/product\/beslagsgruppen-takkalas-silfur-fyrir-assa-sylinder-fyrir-assa-lashus\/#primaryimage","url":"https:\/\/velarogverkfaeri.is\/wp-content\/uploads\/2024\/09\/9f1f7268-b8ea-4ecb-a7a1-ff3210fe2daa-scaled.jpeg","contentUrl":"https:\/\/velarogverkfaeri.is\/wp-content\/uploads\/2024\/09\/9f1f7268-b8ea-4ecb-a7a1-ff3210fe2daa-scaled.jpeg","width":1322,"height":2560},{"@type":"BreadcrumbList","@id":"https:\/\/velarogverkfaeri.is\/lykillausnir\/adgangskerfi\/snjalllasar-adgangskerfi\/product\/beslagsgruppen-takkalas-silfur-fyrir-assa-sylinder-fyrir-assa-lashus\/#breadcrumb","itemListElement":[{"@type":"ListItem","position":1,"name":"Home","item":"https:\/\/velarogverkfaeri.is\/"},{"@type":"ListItem","position":2,"name":"Vefverslun","item":"https:\/\/velarogverkfaeri.is\/vefverslun\/"},{"@type":"ListItem","position":3,"name":"BESLAGSGRUPPEN Takkal\u00e1s Silfur fyrir ASSA sylinder \/ ASSA L\u00e1sh\u00fas"}]},{"@type":"WebSite","@id":"https:\/\/velarogverkfaeri.is\/en\/#website","url":"https:\/\/velarogverkfaeri.is\/en\/","name":"V\u00e9lar & Verkf\u00e6ri","description":"Umbo\u00f0s- og heildverslun fr\u00e1 \u00e1rinu 1919","publisher":{"@id":"https:\/\/velarogverkfaeri.is\/en\/#organization"},"potentialAction":[{"@type":"SearchAction","target":{"@type":"EntryPoint","urlTemplate":"https:\/\/velarogverkfaeri.is\/en\/?s={search_term_string}"},"query-input":{"@type":"PropertyValueSpecification","valueRequired":true,"valueName":"search_term_string"}}],"inLanguage":"en-US"},{"@type":"Organization","@id":"https:\/\/velarogverkfaeri.is\/en\/#organization","name":"V\u00e9lar & Verkf\u00e6ri","url":"https:\/\/velarogverkfaeri.is\/en\/","logo":{"@type":"ImageObject","inLanguage":"en-US","@id":"https:\/\/velarogverkfaeri.is\/en\/#\/schema\/logo\/image\/","url":"https:\/\/velarogverkfaeri.is\/wp-content\/uploads\/2021\/10\/vv_logo_350x100.png","contentUrl":"https:\/\/velarogverkfaeri.is\/wp-content\/uploads\/2021\/10\/vv_logo_350x100.png","width":350,"height":100,"caption":"V\u00e9lar & Verkf\u00e6ri"},"image":{"@id":"https:\/\/velarogverkfaeri.is\/en\/#\/schema\/logo\/image\/"},"sameAs":["https:\/\/www.facebook.com\/VelarOgVerkfaeri"]}]}},"_links":{"self":[{"href":"https:\/\/velarogverkfaeri.is\/en\/wp-json\/wp\/v2\/product\/66037","targetHints":{"allow":["GET"]}}],"collection":[{"href":"https:\/\/velarogverkfaeri.is\/en\/wp-json\/wp\/v2\/product"}],"about":[{"href":"https:\/\/velarogverkfaeri.is\/en\/wp-json\/wp\/v2\/types\/product"}],"replies":[{"embeddable":true,"href":"https:\/\/velarogverkfaeri.is\/en\/wp-json\/wp\/v2\/comments?post=66037"}],"wp:featuredmedia":[{"embeddable":true,"href":"https:\/\/velarogverkfaeri.is\/en\/wp-json\/wp\/v2\/media\/66388"}],"wp:attachment":[{"href":"https:\/\/velarogverkfaeri.is\/en\/wp-json\/wp\/v2\/media?parent=66037"}],"wp:term":[{"taxonomy":"product_brand","embeddable":true,"href":"https:\/\/velarogverkfaeri.is\/en\/wp-json\/wp\/v2\/product_brand?post=66037"},{"taxonomy":"product_cat","embeddable":true,"href":"https:\/\/velarogverkfaeri.is\/en\/wp-json\/wp\/v2\/product_cat?post=66037"},{"taxonomy":"product_tag","embeddable":true,"href":"https:\/\/velarogverkfaeri.is\/en\/wp-json\/wp\/v2\/product_tag?post=66037"}],"curies":[{"name":"wp","href":"https:\/\/api.w.org\/{rel}","templated":true}]}}