{"id":65978,"date":"2024-09-23T12:12:37","date_gmt":"2024-09-23T12:12:37","guid":{"rendered":"https:\/\/velarogverkfaeri.is\/?post_type=product&#038;p=65978"},"modified":"2026-02-17T14:03:24","modified_gmt":"2026-02-17T14:03:24","slug":"randi-sylinderskiltasett-glansmessing-solid-fyrir-assa-p1140-91a13","status":"publish","type":"product","link":"https:\/\/velarogverkfaeri.is\/en\/lykillausnir\/hurdabunadur-lykillausnir\/sylinderskiltasett\/product\/randi-sylinderskiltasett-glansmessing-solid-fyrir-assa-p1140-91a13\/","title":{"rendered":"RANDI Sylinderskiltasett Glansmessing SOLID Fyrir ASSA P1140.91A13"},"content":{"rendered":"<p><img decoding=\"async\" src=\"data:image\/png;base64,iVBORw0KGgoAAAANSUhEUgAAALUAAAA+CAYAAABtJFqyAAAAAXNSR0IArs4c6QAAAARnQU1BAACxjwv8YQUAAAAJcEhZcwAADsMAAA7DAcdvqGQAABB7SURBVHhe7Z1vUFNnvse\/i1GiQY1GjDTY1AYbl2hjjRKBK1HcYjfu2rnoRpedpR3aS+vO1lmn1xe+u+984Qt3OrOyde8ys7SXttwWVzo6l7ilwiolSqiphhr1DOZqBlOaJRQyBBu59znnPAfyjz\/WsN177vNhzvDkOec8\/873\/J7fc8L58YP\/IYDBkBFZ9DeDIRuYqBmyg4maITuYqBmyg4maITuYqBmyg4maITuYqBmyg4maITuYqBmyg4maITuYqBmyg4maITsy8ld64avn4Lw5Qj\/xKLHiKT30a4ww5CppnsjksVpYHTboBz04d94H4eyFBuz8qQUaPh3PrXY0fR4U06uscJTp09RJURlRsdsMdVy56sLdqFivEvfz9JHyrvDl5cD4vB3mZWJ2uK8THVfuISp8UiL\/uVIUrdVAIXwG\/B1NcN0nCakOMVsgGvCis8eLr0f5TwqonzLDstEAzQJht8Bkm9Uw7a6AKa5J6cuOIXi1DZduhkmKMF8NY1EZzLrEMWUkMu\/fCDT9nQl5\/oILvf0YHByk2wACfbfg7elCNzeK5WsNWEEv7uSxWcjbtgFP\/O0L\/OWCF\/38eV\/dRyzfirVUZCJRuM7+J3r8tOysPGzb8ESaOukWXYLCLQYsiSu3\/859LDKTuiSBEfG2XOkjx49hSeEWGJZE4G76HT74K4eBibIG4O91o6d\/EZ41PQH+VO5SC7r74urgyxoPofPdt\/H+X70IfCWdG0J\/nxdu13UMryzEWqrsyTb3g7u\/CBtJP6QmpZQ9HoDz7Tqcu9aPkNSmr\/txy9OF69GnscUg1M5IQ4bdDyU0BgMMeg1U9GpF+91o\/pMTgXHx8\/RE4HV7aZoS6oQnQNNpoXVKm16LOAMo8sCPtjNuUvoUEMt9iRPtsyLXBNtOKwy0kCjXhtZeMZ0KuRner0f7PfFcKFTQ6A3QLqO2fTwMz+kGONO0P+Zvw5meKVuE6OVP4B4U00q9FeVlZmjpmIa7z6Kd7mOkkmFRa2FxOOCoqsWhN4+gaiOdoIfcONseEtMzEOPccAlTuIi\/6zqmP5PWKW1JboEEL6KzX1DxJTMYnhC8xlSBkqJyOH7hQPnOcrKVwbhMmPxT4W8Gv7hPoa\/AwTcPobbKgZrXj+BIFW0HEbb7Exd1aeKJwf\/pWXji+hpPaEhqkRIGazmspXZU7bfTNlmQz1ZDUzKHQ6OA\/sfEb1wofgpx1xEWk1PDt4ZMu54uKuNxL1y99OJO2dIRBC674KKbR7KacSgW8JYzBu58S3oRaVdM3AjBjjqcOt0JblwHa5FV2Ex5kledCHfdR28GDSy7LFDHtVGht6NITz\/0++GjSREFaRP59YCD82NPGsEDutylNBWF98O30NjqQXCZibbJAoO0m5HCHN\/vBuikVd+Dsamnf4o2Tyf8Dn3pBj9jRy+7wfGGcClZdC4WdqUhBO8nbWijW6c31a7rtpZDP52IdBXYU6wVF4TjUYRukIXkv5\/Asd8S1+Hm1K0OD0sl5WBpyuqWrGk19FYhfncwwQXRoXSHXqgvxjnRkm4G2fQi9jxDfaDxCPw959D41nEcP9kE94CYzUjPHIs6iNAwTc4CZSGxQPyVHroBT18UnpuiEjQ\/NGOFkEpHok+t16Z41MBCC1606SZFdDtVRLrtNThyuBr2TQZoVNQyjwbg\/uiPaOHEj8ko6GH8LIA0a4boA6mebOQsp0lKNhFteb7QImEG4R6I+ZOoYNp7CEdqHbCt10JN\/enYELkx6+vROZOF+H\/M3Ir6HrG0Q2JSodUR+zQDWSaY1vAXmiwY2xvpAlGL9VvTeckSiT61XfLjk1Bt3jspIo4+HpR4EEGY+NXhURUKdjhQe+gIDu4UbwK+LYHbaVZ6BOOTUo+Iy+RKUhlxnTw3qaiX5kNP3bBJVLBUlkPHV0JmEK5fzJ0gStpD2jSSpcGm3TXEXydrlGclyx\/EnUR\/hhFHhkUdwxgvjkE\/vJ82o+4DD\/Wj1TBvNQmpmTA9ZyS2l5TUT6w8n6EzYVOKIL4LcSJK5nYr\/vD7OtSR7Y9nfbzdRc6SHCpqQla6k8gcQXxbI7WgwY5TqD\/rgZ\/039\/bhqaTLfBR66t9rjT9Da2yYO8O6eZJJNzVJLSH3xo\/40dRgaWLs8WdhMlZgpFMhkUdQLtwIRrR0uVDWLioCmiL96BiRjNNMZhhjPMg9Outgsinxg\/nsWM4Jm0nnYI\/npapRLTOCjNdeEVuNOM4Kef4aZ\/oexNLWbhJK+xLgcwslfvpApH44sEviN\/Li\/CMCxx1u5SGCuwvTuMSUSZnkETUWyziOoDAL175vtVdojPMAiNM68UkI5W5cz+IdVPlGlH+8mHUbJ+tonn0MBvpNKswwLxRTGaKtCLK0qHipUpYdCoo4kZEQRaotgM1sKVZBE6QX4GDr1fCqlcnnIuFGhh31uANhyX1uXkCU8wg5Aasqq6AQXrmTVHmmmB\/tRKmubty\/+dhwWzSEIsQ\/1hFBE4\/PwqPc+50RCNRKFXs6\/HZwETNkB1sEmPIDiZqhuxgombIDiZqhuxgombIDiZqhuxgombIDiZqhuxgombIDiZqhuxgombIDiZqhuxgombIDiZqhuzIzJ+eBttR\/14P6OuICeh\/dBiV0lsa4yG4P2xCW18YMf5FVYUahh0OODZP91f4DIHxKMJDUSiXqqF8JFPkRuMxJ7DrKKo20SyZkxlLHRvD2KgKhpISlCRt5jx6DKLwfFgP510VSg8cxMHXD6KqRAX\/+Xo0TxkBiTFBfwfe+\/176Eh+QZeRQgbdjxzoaPCX+M0gGeHRHrg5wLCrGiV6NdTL1NCX7kFRbgzclzTUmPBWd0R48TUW4uC57ILXL36WiA6kz+eJDoUR5l8sJFYt0OuC6yqHUHw0BFK+P13+dJBzgrc8cF32wh9JrlEkFvHDywfSuRVCNF14NalevgxibRPgLTAfISo5REJ8Pj8uw1F8S36iw+Jb5onHxxDxe4VgPl5\/OH0beGbT\/1n0l2fyOqSpj38TnvaTD5wptiv1es0VmXE\/Ak7UNXyNoqNVMEeC8N+6D+QVCDE4Jl5rGg3Ac+1rrNhghi7u7XD3O8fgnFeBo1UWoKcRx1qjMDwzAu72GJTZZFBGyVCojNjzig0jzQ1oI0Ur58fE\/GVmOF6ywyCUF4DzZANuLDYi5ysfQllKKGJRRGP8i79V2L\/ag4YPPRjJJvnfkvxxJXS2alRvndr1CX3WgIaOAKIKJZTzxDqVeSVwVNugE8wBH1jyFJxcFIqFSmAsiphCi5L9NbDlC0XMXIYwdm4sTXYP4vPBj4uf7hDRS8cPdKLh3XYEHijIeCnIpEnasIC04WdSG0T3I7rWiBHOh7Fp+j9zfwlDHjS\/cw6+YeI9Sn2GCsbdrxA3U3wbM9Bah4ZbJG9REL4QadfE9bKgurZisqw5IiNRTzHModvzN4z0X8A55+fg7pG7+Mpn6Px8AMvX\/xAr+bei5y\/BKt0qLJkvniIw7sXF8z5krauA5SkyQP3XcJELYDhnB157bR92FJdi27OLcLf7Mnq6PQhpf4LaV36Csq0kf9083OItwMiTsD7Dv6g7DO6KB\/7QQxQ43sDLL5SiuLQYT45cR1e3G+4749hSfQgHdhaT\/E1YOeDF5Z47WGAxIz++TRK9zfhd613k\/eg1\/GrfDhTzdZK29F26gM77y1FauBLg\/gsfXPwGRse\/osZejNKSpzHs6UR3YAG2mPOhoGXk2l7Frx3lYhl8u7suoksqQxi7figLtmHDhKtGiM\/ftAHbnh7Fdc8oTNWH8bKdHkvGr\/ltJ+6usOHVgwdQXsy3oRDzbnfi4uUglm8lY\/+Dfly7yCEwkoMdtb\/Cvu1i\/5ffv4ruz+9O9n82\/R3n0PKHP+PLeWZU\/boGdjK+pSUbsDLci4udHoyu4SPI8k3vhsc\/gIdrD+CNl15AqdDvb\/Fl1xVc+0a6XnNHBu+ZIAKxMhw8cgSHf3MER98kVlvhQ8tH6YIjigRaO8BlGWC1xncyKS7dUgtshSrEHmhgfsE4+WZ2bgls65Rk2vUlhERQGMpg10vzg4JYtCLoiC1RrLGhJJdm85blBTO04wHi+tCsJNxXfYjllaJyc1zbSFsqS7SI3fbAHTflRkdpIJssHew1ZL3wolkI6yCUobFgd3HcbEDavXefHWV65cyxBWfiqgc+Mi6W3SXQSOOVpUHJXgfs2\/RQxq3cNZt2wTIRf08F004zNKT\/\/ltizqz6e5UYkYgG1v32ifANyFLD+FM7zAvD8HTFRaxVGFC2SwytJpBbjtIChXC9kkIJZZzMiDqvDD8nC783DsSJcYEe9iJdmuCIIhHiajReHYF+x24yIDRTIDUunU7LBx1TIjspqI1yQerb1TmLk6xA1iqsIhcz5diF2dPEEwkgxCtuwIW6357AibitrpNckvEhhPgFm2EnKtYRg\/3xWzj+1ik0tbrARXKgXsqXLJahWm1MCSKv0pth3WxIG531UQgMENUuzocxtQKY+SCScXG+c5IHdVkOGWnijQuO7uz6O2V90PMxNhELBiYFqyLrpiR1qXP4GvkVwNySGVET\/5Vf+KU8auIjG43HUjrB+24nWwPQbq8hfuH0UTG+T5SrTClPc0q28aF0S2ASYuMRi\/fPh3D0cC0qtz4F3O1E06kTqCd+qcRD4tdPy+PGUiCqnKGGWTNzfwmjZAFLkyksyMZkDKnvj8yI+osmHDuWGrQwNDQi3LGTwR0j8J2tw6mOMAy7\/wXV8dPyPxQ6MjsoiFuhQEHS05wCBVkIB\/iFIXE77vFPCTiElBoYiirgePUwqjdmI3jdS2wfLaPPh8QlHrF4nzWj6bRLtGpareA6jAwlRWsdDIv\/MmQadKu1UIzega+PZkjc60RzUzNcs57nZ9dfob7YPXDJATNH3fCR+1i9uuCxZ59MkBlRry8l\/loQ7X9qJgsE8ZGT\/yq5cJdD0DxrJZMTgf83Eu+cEp5Jm368H+WrIRwnbpG\/2+Oe2WLaXgTNoAv\/0eQCuaaEGEK9LWg670UoJx98IDLltwG4PmnGGf6JAe9zRgO4HRwjO7IF318oY9SDM1IZ41GEeprxUYcP4WUFQhmAEcY1CpJ\/Bs7eEKmFfzzXiYZWLnFMBIs+gvv\/HZx8pFdoQ1FuBJ6Pm+ASG4nogBvNze3wfaNBwRTR0tIxm\/5K9Xn\/3IA24fEl31aP8J8i\/GRtVFL2KJG45o7HnfxEaNgufNQK5\/t1E98W6v+pCo5Sao0HruMGMUbK+VFwbY1IvNn1qPhNJWYXQvLvhMaG2pocNH3gRMOJNjGPuFm6jZXY+zy9eGvs+MXzI2j6tAEnLolZWGyE\/Zc20WKRMmoOPETj6bbEMoqqULVdmqWUMO+rQvjdJnSeOQX3GZJFxs642Qh1V9xqRFuKsnUcznXUo+6C9EhPA1t1FR6+34y2hhOgNUCps6LqgC31H0JNx2z6S0q01dQih\/9WuPkUXHSxrNSRBeXPK2BMWvN8X7AITbOB\/zJhjKwbhAVgemIR4i7MI4ujqQ6ZRRnCFy7EBVBL8bEfBf7c7\/Q1ehpm01Z+RhkcwbxM1JdhmKgZsuMf7B5jMB4fJmqG7GCiZsgOJmqG7GCiZsgOJmqG7GCiZsgOJmqGzAD+FylLIGku23iMAAAAAElFTkSuQmCC\" alt=\"\"><\/p>","protected":false},"excerpt":{"rendered":"<p>Tegund:&nbsp;P1140.91A13&nbsp;<\/p>","protected":false},"featured_media":80379,"comment_status":"closed","ping_status":"closed","template":"","meta":[],"product_brand":[],"product_cat":[518,545,597,517,1134,910],"product_tag":[],"class_list":{"0":"post-65978","1":"product","2":"type-product","3":"status-publish","4":"has-post-thumbnail","6":"product_cat-honnunarlausnir","7":"product_cat-hurdabunadur","8":"product_cat-hurdabunadur-lykillausnir","9":"product_cat-lykillausnir","10":"product_cat-sylinderhringir-hurdabunadur","11":"product_cat-sylinderskiltasett","13":"first","14":"instock","15":"taxable","16":"shipping-taxable","17":"purchasable","18":"product-type-simple"},"yoast_head":"<!-- This site is optimized with the Yoast SEO plugin v27.3 - https:\/\/yoast.com\/product\/yoast-seo-wordpress\/ -->\n<title>RANDI Sylinderskiltasett Glansmessing SOLID Fyrir ASSA P1140.91A13 - V\u00e9lar &amp; Verkf\u00e6ri<\/title>\n<meta name=\"robots\" content=\"index, follow, max-snippet:-1, max-image-preview:large, max-video-preview:-1\" \/>\n<link rel=\"canonical\" href=\"https:\/\/velarogverkfaeri.is\/en\/lykillausnir\/hurdabunadur-lykillausnir\/hurdarhunar-hurdabunadur-lykillausnir\/product\/randi-sylinderskiltasett-glansmessing-solid-fyrir-assa-p1140-91a13\/\" \/>\n<meta property=\"og:locale\" content=\"en_US\" \/>\n<meta property=\"og:type\" content=\"article\" \/>\n<meta property=\"og:title\" content=\"RANDI Sylinderskiltasett Glansmessing SOLID Fyrir ASSA P1140.91A13 - V\u00e9lar &amp; Verkf\u00e6ri\" \/>\n<meta property=\"og:description\" content=\"Tegund:&nbsp;P1140.91A13&nbsp;\" \/>\n<meta property=\"og:url\" content=\"https:\/\/velarogverkfaeri.is\/en\/lykillausnir\/hurdabunadur-lykillausnir\/hurdarhunar-hurdabunadur-lykillausnir\/product\/randi-sylinderskiltasett-glansmessing-solid-fyrir-assa-p1140-91a13\/\" \/>\n<meta property=\"og:site_name\" content=\"V\u00e9lar &amp; Verkf\u00e6ri\" \/>\n<meta property=\"article:publisher\" content=\"https:\/\/www.facebook.com\/VelarOgVerkfaeri\" \/>\n<meta property=\"article:modified_time\" content=\"2026-02-17T14:03:24+00:00\" \/>\n<meta name=\"twitter:card\" content=\"summary_large_image\" \/>\n<script type=\"application\/ld+json\" class=\"yoast-schema-graph\">{\"@context\":\"https:\\\/\\\/schema.org\",\"@graph\":[{\"@type\":\"WebPage\",\"@id\":\"https:\\\/\\\/velarogverkfaeri.is\\\/lykillausnir\\\/hurdabunadur-lykillausnir\\\/hurdarhunar-hurdabunadur-lykillausnir\\\/product\\\/randi-sylinderskiltasett-glansmessing-solid-fyrir-assa-p1140-91a13\\\/\",\"url\":\"https:\\\/\\\/velarogverkfaeri.is\\\/lykillausnir\\\/hurdabunadur-lykillausnir\\\/hurdarhunar-hurdabunadur-lykillausnir\\\/product\\\/randi-sylinderskiltasett-glansmessing-solid-fyrir-assa-p1140-91a13\\\/\",\"name\":\"RANDI Sylinderskiltasett Glansmessing SOLID Fyrir ASSA P1140.91A13 - V\u00e9lar &amp; Verkf\u00e6ri\",\"isPartOf\":{\"@id\":\"https:\\\/\\\/velarogverkfaeri.is\\\/en\\\/#website\"},\"primaryImageOfPage\":{\"@id\":\"https:\\\/\\\/velarogverkfaeri.is\\\/lykillausnir\\\/hurdabunadur-lykillausnir\\\/hurdarhunar-hurdabunadur-lykillausnir\\\/product\\\/randi-sylinderskiltasett-glansmessing-solid-fyrir-assa-p1140-91a13\\\/#primaryimage\"},\"image\":{\"@id\":\"https:\\\/\\\/velarogverkfaeri.is\\\/lykillausnir\\\/hurdabunadur-lykillausnir\\\/hurdarhunar-hurdabunadur-lykillausnir\\\/product\\\/randi-sylinderskiltasett-glansmessing-solid-fyrir-assa-p1140-91a13\\\/#primaryimage\"},\"thumbnailUrl\":\"https:\\\/\\\/velarogverkfaeri.is\\\/wp-content\\\/uploads\\\/2026\\\/02\\\/a84efe55-bc1f-4cff-977a-90ff8d93f4ab.png\",\"datePublished\":\"2024-09-23T12:12:37+00:00\",\"dateModified\":\"2026-02-17T14:03:24+00:00\",\"breadcrumb\":{\"@id\":\"https:\\\/\\\/velarogverkfaeri.is\\\/lykillausnir\\\/hurdabunadur-lykillausnir\\\/hurdarhunar-hurdabunadur-lykillausnir\\\/product\\\/randi-sylinderskiltasett-glansmessing-solid-fyrir-assa-p1140-91a13\\\/#breadcrumb\"},\"inLanguage\":\"en-US\",\"potentialAction\":[{\"@type\":\"ReadAction\",\"target\":[\"https:\\\/\\\/velarogverkfaeri.is\\\/lykillausnir\\\/hurdabunadur-lykillausnir\\\/hurdarhunar-hurdabunadur-lykillausnir\\\/product\\\/randi-sylinderskiltasett-glansmessing-solid-fyrir-assa-p1140-91a13\\\/\"]}]},{\"@type\":\"ImageObject\",\"inLanguage\":\"en-US\",\"@id\":\"https:\\\/\\\/velarogverkfaeri.is\\\/lykillausnir\\\/hurdabunadur-lykillausnir\\\/hurdarhunar-hurdabunadur-lykillausnir\\\/product\\\/randi-sylinderskiltasett-glansmessing-solid-fyrir-assa-p1140-91a13\\\/#primaryimage\",\"url\":\"https:\\\/\\\/velarogverkfaeri.is\\\/wp-content\\\/uploads\\\/2026\\\/02\\\/a84efe55-bc1f-4cff-977a-90ff8d93f4ab.png\",\"contentUrl\":\"https:\\\/\\\/velarogverkfaeri.is\\\/wp-content\\\/uploads\\\/2026\\\/02\\\/a84efe55-bc1f-4cff-977a-90ff8d93f4ab.png\",\"width\":458,\"height\":594},{\"@type\":\"BreadcrumbList\",\"@id\":\"https:\\\/\\\/velarogverkfaeri.is\\\/lykillausnir\\\/hurdabunadur-lykillausnir\\\/hurdarhunar-hurdabunadur-lykillausnir\\\/product\\\/randi-sylinderskiltasett-glansmessing-solid-fyrir-assa-p1140-91a13\\\/#breadcrumb\",\"itemListElement\":[{\"@type\":\"ListItem\",\"position\":1,\"name\":\"Home\",\"item\":\"https:\\\/\\\/velarogverkfaeri.is\\\/\"},{\"@type\":\"ListItem\",\"position\":2,\"name\":\"Vefverslun\",\"item\":\"https:\\\/\\\/velarogverkfaeri.is\\\/vefverslun\\\/\"},{\"@type\":\"ListItem\",\"position\":3,\"name\":\"RANDI Sylinderskiltasett Glansmessing SOLID Fyrir ASSA P1140.91A13\"}]},{\"@type\":\"WebSite\",\"@id\":\"https:\\\/\\\/velarogverkfaeri.is\\\/en\\\/#website\",\"url\":\"https:\\\/\\\/velarogverkfaeri.is\\\/en\\\/\",\"name\":\"V\u00e9lar & Verkf\u00e6ri\",\"description\":\"Umbo\u00f0s- og heildverslun fr\u00e1 \u00e1rinu 1919\",\"publisher\":{\"@id\":\"https:\\\/\\\/velarogverkfaeri.is\\\/en\\\/#organization\"},\"potentialAction\":[{\"@type\":\"SearchAction\",\"target\":{\"@type\":\"EntryPoint\",\"urlTemplate\":\"https:\\\/\\\/velarogverkfaeri.is\\\/en\\\/?s={search_term_string}\"},\"query-input\":{\"@type\":\"PropertyValueSpecification\",\"valueRequired\":true,\"valueName\":\"search_term_string\"}}],\"inLanguage\":\"en-US\"},{\"@type\":\"Organization\",\"@id\":\"https:\\\/\\\/velarogverkfaeri.is\\\/en\\\/#organization\",\"name\":\"V\u00e9lar & Verkf\u00e6ri\",\"url\":\"https:\\\/\\\/velarogverkfaeri.is\\\/en\\\/\",\"logo\":{\"@type\":\"ImageObject\",\"inLanguage\":\"en-US\",\"@id\":\"https:\\\/\\\/velarogverkfaeri.is\\\/en\\\/#\\\/schema\\\/logo\\\/image\\\/\",\"url\":\"https:\\\/\\\/velarogverkfaeri.is\\\/wp-content\\\/uploads\\\/2021\\\/10\\\/vv_logo_350x100.png\",\"contentUrl\":\"https:\\\/\\\/velarogverkfaeri.is\\\/wp-content\\\/uploads\\\/2021\\\/10\\\/vv_logo_350x100.png\",\"width\":350,\"height\":100,\"caption\":\"V\u00e9lar & Verkf\u00e6ri\"},\"image\":{\"@id\":\"https:\\\/\\\/velarogverkfaeri.is\\\/en\\\/#\\\/schema\\\/logo\\\/image\\\/\"},\"sameAs\":[\"https:\\\/\\\/www.facebook.com\\\/VelarOgVerkfaeri\"]}]}<\/script>\n<!-- \/ Yoast SEO plugin. -->","yoast_head_json":{"title":"RANDI Sylinderskiltasett Glansmessing SOLID Fyrir ASSA P1140.91A13 - V\u00e9lar &amp; Verkf\u00e6ri","robots":{"index":"index","follow":"follow","max-snippet":"max-snippet:-1","max-image-preview":"max-image-preview:large","max-video-preview":"max-video-preview:-1"},"canonical":"https:\/\/velarogverkfaeri.is\/en\/lykillausnir\/hurdabunadur-lykillausnir\/hurdarhunar-hurdabunadur-lykillausnir\/product\/randi-sylinderskiltasett-glansmessing-solid-fyrir-assa-p1140-91a13\/","og_locale":"en_US","og_type":"article","og_title":"RANDI Sylinderskiltasett Glansmessing SOLID Fyrir ASSA P1140.91A13 - V\u00e9lar &amp; Verkf\u00e6ri","og_description":"Tegund:&nbsp;P1140.91A13&nbsp;","og_url":"https:\/\/velarogverkfaeri.is\/en\/lykillausnir\/hurdabunadur-lykillausnir\/hurdarhunar-hurdabunadur-lykillausnir\/product\/randi-sylinderskiltasett-glansmessing-solid-fyrir-assa-p1140-91a13\/","og_site_name":"V\u00e9lar &amp; Verkf\u00e6ri","article_publisher":"https:\/\/www.facebook.com\/VelarOgVerkfaeri","article_modified_time":"2026-02-17T14:03:24+00:00","twitter_card":"summary_large_image","schema":{"@context":"https:\/\/schema.org","@graph":[{"@type":"WebPage","@id":"https:\/\/velarogverkfaeri.is\/lykillausnir\/hurdabunadur-lykillausnir\/hurdarhunar-hurdabunadur-lykillausnir\/product\/randi-sylinderskiltasett-glansmessing-solid-fyrir-assa-p1140-91a13\/","url":"https:\/\/velarogverkfaeri.is\/lykillausnir\/hurdabunadur-lykillausnir\/hurdarhunar-hurdabunadur-lykillausnir\/product\/randi-sylinderskiltasett-glansmessing-solid-fyrir-assa-p1140-91a13\/","name":"RANDI Sylinderskiltasett Glansmessing SOLID Fyrir ASSA P1140.91A13 - V\u00e9lar &amp; Verkf\u00e6ri","isPartOf":{"@id":"https:\/\/velarogverkfaeri.is\/en\/#website"},"primaryImageOfPage":{"@id":"https:\/\/velarogverkfaeri.is\/lykillausnir\/hurdabunadur-lykillausnir\/hurdarhunar-hurdabunadur-lykillausnir\/product\/randi-sylinderskiltasett-glansmessing-solid-fyrir-assa-p1140-91a13\/#primaryimage"},"image":{"@id":"https:\/\/velarogverkfaeri.is\/lykillausnir\/hurdabunadur-lykillausnir\/hurdarhunar-hurdabunadur-lykillausnir\/product\/randi-sylinderskiltasett-glansmessing-solid-fyrir-assa-p1140-91a13\/#primaryimage"},"thumbnailUrl":"https:\/\/velarogverkfaeri.is\/wp-content\/uploads\/2026\/02\/a84efe55-bc1f-4cff-977a-90ff8d93f4ab.png","datePublished":"2024-09-23T12:12:37+00:00","dateModified":"2026-02-17T14:03:24+00:00","breadcrumb":{"@id":"https:\/\/velarogverkfaeri.is\/lykillausnir\/hurdabunadur-lykillausnir\/hurdarhunar-hurdabunadur-lykillausnir\/product\/randi-sylinderskiltasett-glansmessing-solid-fyrir-assa-p1140-91a13\/#breadcrumb"},"inLanguage":"en-US","potentialAction":[{"@type":"ReadAction","target":["https:\/\/velarogverkfaeri.is\/lykillausnir\/hurdabunadur-lykillausnir\/hurdarhunar-hurdabunadur-lykillausnir\/product\/randi-sylinderskiltasett-glansmessing-solid-fyrir-assa-p1140-91a13\/"]}]},{"@type":"ImageObject","inLanguage":"en-US","@id":"https:\/\/velarogverkfaeri.is\/lykillausnir\/hurdabunadur-lykillausnir\/hurdarhunar-hurdabunadur-lykillausnir\/product\/randi-sylinderskiltasett-glansmessing-solid-fyrir-assa-p1140-91a13\/#primaryimage","url":"https:\/\/velarogverkfaeri.is\/wp-content\/uploads\/2026\/02\/a84efe55-bc1f-4cff-977a-90ff8d93f4ab.png","contentUrl":"https:\/\/velarogverkfaeri.is\/wp-content\/uploads\/2026\/02\/a84efe55-bc1f-4cff-977a-90ff8d93f4ab.png","width":458,"height":594},{"@type":"BreadcrumbList","@id":"https:\/\/velarogverkfaeri.is\/lykillausnir\/hurdabunadur-lykillausnir\/hurdarhunar-hurdabunadur-lykillausnir\/product\/randi-sylinderskiltasett-glansmessing-solid-fyrir-assa-p1140-91a13\/#breadcrumb","itemListElement":[{"@type":"ListItem","position":1,"name":"Home","item":"https:\/\/velarogverkfaeri.is\/"},{"@type":"ListItem","position":2,"name":"Vefverslun","item":"https:\/\/velarogverkfaeri.is\/vefverslun\/"},{"@type":"ListItem","position":3,"name":"RANDI Sylinderskiltasett Glansmessing SOLID Fyrir ASSA P1140.91A13"}]},{"@type":"WebSite","@id":"https:\/\/velarogverkfaeri.is\/en\/#website","url":"https:\/\/velarogverkfaeri.is\/en\/","name":"V\u00e9lar & Verkf\u00e6ri","description":"Umbo\u00f0s- og heildverslun fr\u00e1 \u00e1rinu 1919","publisher":{"@id":"https:\/\/velarogverkfaeri.is\/en\/#organization"},"potentialAction":[{"@type":"SearchAction","target":{"@type":"EntryPoint","urlTemplate":"https:\/\/velarogverkfaeri.is\/en\/?s={search_term_string}"},"query-input":{"@type":"PropertyValueSpecification","valueRequired":true,"valueName":"search_term_string"}}],"inLanguage":"en-US"},{"@type":"Organization","@id":"https:\/\/velarogverkfaeri.is\/en\/#organization","name":"V\u00e9lar & Verkf\u00e6ri","url":"https:\/\/velarogverkfaeri.is\/en\/","logo":{"@type":"ImageObject","inLanguage":"en-US","@id":"https:\/\/velarogverkfaeri.is\/en\/#\/schema\/logo\/image\/","url":"https:\/\/velarogverkfaeri.is\/wp-content\/uploads\/2021\/10\/vv_logo_350x100.png","contentUrl":"https:\/\/velarogverkfaeri.is\/wp-content\/uploads\/2021\/10\/vv_logo_350x100.png","width":350,"height":100,"caption":"V\u00e9lar & Verkf\u00e6ri"},"image":{"@id":"https:\/\/velarogverkfaeri.is\/en\/#\/schema\/logo\/image\/"},"sameAs":["https:\/\/www.facebook.com\/VelarOgVerkfaeri"]}]}},"_links":{"self":[{"href":"https:\/\/velarogverkfaeri.is\/en\/wp-json\/wp\/v2\/product\/65978","targetHints":{"allow":["GET"]}}],"collection":[{"href":"https:\/\/velarogverkfaeri.is\/en\/wp-json\/wp\/v2\/product"}],"about":[{"href":"https:\/\/velarogverkfaeri.is\/en\/wp-json\/wp\/v2\/types\/product"}],"replies":[{"embeddable":true,"href":"https:\/\/velarogverkfaeri.is\/en\/wp-json\/wp\/v2\/comments?post=65978"}],"wp:featuredmedia":[{"embeddable":true,"href":"https:\/\/velarogverkfaeri.is\/en\/wp-json\/wp\/v2\/media\/80379"}],"wp:attachment":[{"href":"https:\/\/velarogverkfaeri.is\/en\/wp-json\/wp\/v2\/media?parent=65978"}],"wp:term":[{"taxonomy":"product_brand","embeddable":true,"href":"https:\/\/velarogverkfaeri.is\/en\/wp-json\/wp\/v2\/product_brand?post=65978"},{"taxonomy":"product_cat","embeddable":true,"href":"https:\/\/velarogverkfaeri.is\/en\/wp-json\/wp\/v2\/product_cat?post=65978"},{"taxonomy":"product_tag","embeddable":true,"href":"https:\/\/velarogverkfaeri.is\/en\/wp-json\/wp\/v2\/product_tag?post=65978"}],"curies":[{"name":"wp","href":"https:\/\/api.w.org\/{rel}","templated":true}]}}