{"id":65941,"date":"2024-09-22T13:27:47","date_gmt":"2024-09-22T13:27:47","guid":{"rendered":"https:\/\/velarogverkfaeri.is\/?post_type=product&#038;p=65941"},"modified":"2026-02-23T16:05:03","modified_gmt":"2026-02-23T16:05:03","slug":"randi-hurdarhandfang-1073-kome-rydfritt-cover-fyrir-thyskar-1073-085-ab","status":"publish","type":"product","link":"https:\/\/velarogverkfaeri.is\/en\/honnunarlausnir\/hurdabunadur\/hurdarhunar\/product\/randi-hurdarhandfang-1073-kome-rydfritt-cover-fyrir-thyskar-1073-085-ab\/","title":{"rendered":"RANDI Hur\u00f0arhandfang 1073 KOME Ry\u00f0fr\u00edtt COVER Fyrir \u00de\u00fdskar 1073.085.AB"},"content":{"rendered":"<p><img decoding=\"async\" src=\"data:image\/png;base64,iVBORw0KGgoAAAANSUhEUgAAATYAAAB2CAYAAABCk79xAAAAAXNSR0IArs4c6QAAAARnQU1BAACxjwv8YQUAAAAJcEhZcwAADsMAAA7DAcdvqGQAACR9SURBVHhe7Z1\/VFNnnv\/fYiqBoEQjBg022lBjSTVqFBRWU3EGWzplprSDDtOlls7Y6s54xp3jmeN\/859nj2ePc7qzZWo7fju0ZafsDK3M6qzMlIqDKVBiiTVoxKzmaBYzmC9hICViZPZzfwRCIIK\/+iP9vHpuvffhuc+Pz32e9\/18nnvhTvs7AYZhmAQiSf6XYRgmYWBhYxgm4WBhYxgm4WBhYxgm4WBhYxgm4WBhYxgm4WBhYxgm4WBhYxgm4WBhYxgm4WBhYxgm4WBhYxgm4WBhYxgm4WBhYxgm4WBhYxgm4WBhYxgm4WBhYxgm4bjtPzQZ6DiKhvMD8pGAEnMX6aFfbIQhQymnSYzm1SKvzAp9rwNH\/+SCeHaKAZueskAj7EfT1YTaT3zSfmYeyjboJ6hTRmVE0ZNmqKPKVec8iaJHVdLPBS5SeR8L5aXB+M1imGdLyYGLNpz4+ApC4pESWSsLkPuwBgrxGPCcqEXrVdqJ1CEli4S8TthOOXFtUDhSQL3IDMsKAzQzxB+LjLZZDdOTRTBFNWnissPwdTTi5PkA7REPqGHM3QCzbqxNGYaZnOk\/J+T9KeF3\/BnHO7vR29srbz3wXuyC81QL2t2DmPOwAXPlCT6aNwnz1y\/Dgv9\/Gn8+7kS3cN5fryKclYeHZaGRCKH1yH\/ilEcuO2k+1i9bMEGd8haahZw1BsyKKrf70lWkmqmuiMiQgNV\/fJHyX8esnDUwzArCXvvvePcvbvSMlNUDT6cdp7pTsdy0AMKp7pP1aL8YVYdQ1rAftrdfw2\/\/4oT3r5Fz\/ei+6IS99Qz65+XgYVndRtvcDffVVKygfkSaNK7sYS8aXqvC0U+74Y+06Vo3uhwtOBN6CGsMYu0Mw0yRuwhFldAYDDDoNVDJMzbUbUfdbxrgHZaOb00QTrtT3pfx2+DwyvsTItcZ2fRaRDlCEkMeNB62U+lxIA\/upFvy0xQZJlg35cEgFxJyN+JYp7Q\/HhLE3x5C0xXpXChU0OgN0M6WfbzhABzvVaNhgvaHPY04fCpuixBq+wD2Xmlfqc9D4QYztLJNA+1H0CT\/jGGYqXEXwqaFpawMZeXbseune1C+Qg7W+uw40uSX9ich7LajVQznJDwtZ3DrM+U6I1tMiBhBEJIjp2UBiqU3MCJ6GlMR8nMLUfb9MhRuKqRtA4yzxUBwPIIgeqSfKfRF2PHTXdheXobKl\/dgT7ncDhI3+wetcngbTRieD4\/AEdXXaPx9kRYpYcgrRF5BMcq3FMttsiCLV0IZ5ra4R1NGAf0TRTClSEd+9xkEpN34CDVTCOZokaVs2InWTnmCx23VALxtrWiVN0fEe4pCMUPwoMJw\/6l+YiHRzh0RQ9+JKhx8zwb3sA55uXniZpofWWUbi\/uMSxZEDSybLVBHtVGhL0auXj7o9sAl70ooqE30z5AbDX9wTCB6gC4jXd4Lwfm7V1BzzAHfbJPcJgsMkR8zDDMl7qEvYIAu8iRg6Hr8UFBGO18n\/us\/a4cQvYXa7HALDlG6HvqZ4o8mwA\/nB41olDebc7x\/p1tbCP2thERXhJJ1WukhwXAI\/nNNqH3jAPb9gsLI8\/FbHeiPlJSG9HFPPIBMjSyXw374xoSjOhRs1Iv1hd0NqJ\/Ik1z1bZQskePh4SA8p46i5pX92P9qLew9UjLDMFPnHgqbD\/5+eXcKKHPIExFme985OC6G4DgvqYHmETPminsTMXaNTa8dt8IGpFjwbatuVEgujBcS3WOV2LO7AsWrDNCoZA9t0Av773+Nerd0GItCziZ4g5hgDTE0FKknGWlz5F2ZZBKuwiyxRaIn6R6S0kdRwfTMLuzZXgbro1qo5fW1cB+J86FDsE12l2AYZgz3TtiukMfVJ+0qtDryUyYhyQTTYmGyB+FsqpEfGmjx6NqJVs0ijF1jK46s68WgWv3MqJC45VdHIgwFEegNIDCoQvbGMmzftQc7NklCKLTFe2GC1X\/C+GCkRxQ+t8YoDYXRjvOysKVnQS+H5KOoYCkthE6ohDxJd7eUOkKI2kNtGkjSYNWTldghrFkuj3iAPlwaG9syDDMJdyFsYVwXBKLXA+eHdah61yGvq6lhXmsS9ybDtNJIPhiV1E3enpCgM2HVOFG4E6KEJJYLx\/D6r6pQRduvj7gE\/wtps9JkYSOSJjqJfMVcC4yyJ+U7cRCHjjjgof57OhtR+2o9XLIXpl1ZMLGoqyx4ZmNEQMcSaKkV2yNsNR8JVlQgfWay9ENi1FtkGGYq3IWwedEkTsYa1Le4EBAntgLadSUomtRdkzGYYYyKJvWP5olCFx8PGvbtw77I9mqDuD43IfGEZGkezPJifPBcHfZTOfvfc0lrceQx5azSij8bB3mYpVvkhwbDIfhOH0WNIESHW+GWQ3CloQhb1k0QHsuMepJjUa+xSOuChPBAQ+hb1UnZ05xhhOlRaZdhmKlxb0JR8nJUGUYUbtuNysemqmoCepiNcsilMMC8Qtq9V0woJEk6FD1fCotOBUVU7xXpeli3VsI6wYOBEbKKsOPlUuTp1WPORYoGxk2V+HGZZfx7dWOI40mSCJdXFMEQeSdORplhQvEPSmG6N1eJYb423PavVCUa4WCQhIVETj6+He7m3FsRCoagVPGvUjHMnfK1FzaGYRIPDnIYhkk4WNgYhkk4WNgYhkk4WNgYhkk4WNgYhkk4WNgYhkk4WNgYhkk4WNgYhkk4WNgYhkk4WNgYhkk4WNgYhkk4WNgYhkk4WNgYhkk4WNgYhkk4bvPPFjlR94sGeITdWatQXmmF1teEQ\/9xCuLnDvRF2P306J8FF77vWfNeK7zyZ\/AU6UYUP18K063\/GuMXw6ka7DsGFO0th0VO+iLxHqtCtduAip1F0MGLhler4TZUYMfm2\/lDngzz9eQ2PbZMmPPzYZ4HhELXxe8FYFY2LJRmSA0hNBj1RaigDdW\/tSP8SAm2796LPbvKUZDmRr3wpXg5C8MwzP3gNoVNA0NuHoyaqL\/umqKDmdJ0afKxjLfZAZ+2AFs2myBkV6j0yH+qALqhK7gQ+XCU+MWooCiQYb8bjrZWOD3ScYRQz8TpAqG+AAKClg6H4O1sRWuHG\/4obRXK90yUPgnhoAdO4YPMXX6EJvjUnkjID3cHld3pQVD83kMYQeEr85FP6wlfnuqTKg15neIHnifqgwSd6xHyOOGRz5kadJ4vvn3iMdo\/32h7I0xwTW5phwgx\/Y39mPXodQzEKStiAwfcPXFsQHXcyfVkvn7c0V\/QHRsmSdhr9qEBRdhbLgRyATS9UQVX9g5sf0xNEymAAZpAynQ1lNFSKoZ\/IRiWDMB94TqUyTR2B2lKqYwoedGKgbpqNF6l8x4IS+mzzSh7vhgG8UtWUnh2bqYRaX91wZ+khCJMXmNY+KBMObYsdKD6dw4MJFP6DUofVkJnrUDF2jgfNRjXFgXC10MIz9ChsKICeSOnBeF879eoPxcktVZCqaC2DSXD+ORqhP7QBGzei\/JVso26VDCm+uDyK6L6YEHFdrJbxA5XKJT\/Txt8NFEVKXQHoDoV2nxs0Hai4eItQtEe8ojfboJ3iMoeaasW+d+thDVLyjKOIQ8aa+rQ2k11KGV7kV20eWWj36qIawcDiraXwRJnGUEaE1pY1G7YPWGoV8lt7XOg7q2jcPWP9i8MssuTL6L0UbmwoB21BxvgFvsijQHBBuXbrLKdgnAdqUbd6YDUbiohFKJSlpbgxadNk3xngvk6Mv3nhLw\/Zfrd7XD0zoF5jQGz5LTuT5vhhgHrly2gIz\/OtzgQXrAAXf\/1G9SfaEN7eztaPmrH5elLsGxhauQkNLu96E\/biJdeehYb1xVg\/fJUXG5vw6l2B\/zab2H7i9\/ChrWUvnQ6uoQ7\/sCDyFsifACmH+6PHfD4byK77MfY9ngB1hWsw4MDZ9DSbof90jDWVOzC1k3rKH0V5vU40XbqEmZYzMh6QKp+DOPasg4FK+egu6Mdpy7PwBpzlvhtA\/\/xN1HTEYR+0w+wvawQBdTmdYabsNc34TLpljp7PZbNl23k6cHNh7fix88\/jgKxDzdwtuVjfPo3uQ\/DTtS98Wd4lCTYOyvxrX+gOvOXYc6VD\/FfZwJA8gLZxlJfe+eYsSabLC6c91oDLmcWjbaVzku91IzjLT7MWfsI5k2TujVKELa33sBJvw5FL+3Es48JdlmHJdPcaDnZAm+6BSYt9TCuHVrQfnHUDrGI\/b3kxd+038ALFWXYsFRopxv1r7+Ps9PNKP9RJYqpPqGd8wKdaLY5MLh4DQyUzX3sXTT3GVG2m\/IIY2BxP07b2nFlxhqYsxSizd\/+5O8wf0++zoLNH+xHR9MJnAnnwLJIHk8MI3Oboejt4Wn+AOHVFdizdy\/2\/mw3ypYr4Tn+Do5elDOIaGDZLH\/WToAmmDVHhfCQBubHjaN344x8WJcqKVxxjVmjUxg2oFgfmWoK6DfnkodDd\/zFVuRnyMmCh\/C4GdphL9xn5aQJiWmLyoSi5eSqdXsgfbPYC3unH4qHi1GeqxmZ4Ir5+aj4pmH8hFcYsGGzfjQ9g4QwWyH2QYzGOxxwUT\/ztpAXGonuk9QwPlWGvNny8USI52lR8HRUW+k8y9MF0A654OiQ06LxnoSjWwHD5nJY5M8PCvbSFpAI6cJw001D+i6swGR2iEOSXmzTyEoFherOoNS\/yOcFpf4Vw5wSgKPFKScKCGu08m5WMV7YuQMlK4SCJJsrc4qirjO1XF+Mohwl\/J32MeOBYQTuq7Apl2xGWa5WmtgUKhqeKKFJFcSFc9FDMQ3pMdGhTjuX\/q9EcszHk5UzIjNmlLSZMV+DT8pEJk3ccXlTkif5ZqnA+LaoZ6WR5xEW15yAq7jWR9NeZxCPxmDIIjmIQaUeFQcZdZq0GCmU5+2hwlIyoR93ogb6+fFbK56X5Efrawdw4BdR22snRcHs65lgqvuukXBpYciRj0dQIktLNvT7pKfdIpPZIQ4z5yIzqr9iO2dmwTiuf3oIlzjs84rtNRQWwZhE3t0v9+OVN2rR0OZGMIVsJ5pAsnnofP3YvtJWf47i975rlINhxnKfhE2FZLpDK1NjniiQL6WhORTs\/WoPRWHNaRyhG7ee9PG4EZY+1hxDaGiS0mZoYcrPR\/6YbQMKNxUi3zROSWRCGCCRmJAkxXiP814wGIryBGOYkQzxe\/fkEZb+aC92V5YibyFwyVaLg\/92CE1R+qx+KLavtFkLqb95WCTnYZgI90nY1Fg0X4UB\/9WYSeuG96\/004x4q9tfdgzQUXjrv+CAX06J4O9wjUubDN1C8mbDbrg65YQIw044\/ye+sInnhUIU6eYhLzdqMyjgu+RF6IEJvL3FdFOhFrqFhx5j8MLpJunR6TH6BuK9QerfFbjdckKEQTtcJFrqhdk0UkLwnm5FaxeFmxkG5G0uw\/afVMCc7EPnGUHZJJsP3Ewb21fa5n7mgadfeBTBMGO5b6Gofq0Z6ZcbUXPMCV9vAIFeD1prj8B5XQtzvlbO9VVDDWu+EYoeG96pbYUnSOIjvFLSVot3Ovpu3+PJsSI3IwzXHw+hoVN6pSLU40TDmw24mnyLwFk8j0LRd2rR6pVuHWG\/E\/XvNsB5LY1CSzFpLLOtKFhCwneiGnUd0isqwisYjW\/Vwt6vhsV6H15LFtsZhPP9ajSKr4wIr3Q4UPebBniSDMjfIDyJVSJ8uRWN7x8mD03qS8h7AVcHgeQUQbIkm6PrKA7RWPILr6cIr\/ecpH58RMFzhn4KSwzM1437JmzQWFG5tQBKNw3IX1Wh6lc1OHFtLqxbK5D\/Vb7F5pTih08a8YDwWxWv7Me+f30Fte0KWCsLR159mToaWCvKkZfRB\/vhgzjwL\/tw4FADriwuxbeNt5qudF7ldhRlXkVj9QHs27cP+w\/Ww51mQenzo6\/gxGJ6ZidKV6jgOVaDV\/6V6npDEDXhdZYfouj2Gz8F5HYuDMJeJ\/RvP16pOQpPKrXzB2Uwy2uo+ie+jyL9dbS9LfXlQLUNA9nFKP0Hef2UbL7zGTPQWY+D1O59\/3IA1bYg9N+sFB9IMUws\/CX4u0B8P296ZJH7LiEvJNB3E2mzVbfn+Ynnhca\/IzgJwsvNN1PUUEWeVt53yFvrHcD0W7Zz8jyizZEGteq+rAgyCQILG8MwCcf9C0UZhmG+IFjYGIZJOFjYGIZJOFjYGIZJOFjYGIZJOFjYGIZJOFjYGIZJOFjYGIZJOFjYGIZJOFjYGIZJOFjYGIZJOFjYGIZJOFjYGIZJOFjYGIZJOFjYGIZJOFjYGIZJOFjYGIZJOFjYGIZJOFjYGIZJOFjYGIZJOFjYGIZJOFjYGIZJOFjYGIZJOFjYGIZJOFjYGIZJOFjYGIZJOFjYGIZJOFjYGIZJOFjYovCfa4WrRz5gGOYry7S\/E\/L+1PC70eq+Jh9IKGdnw2jQQPllkMlQAIHrSqjTlXIC4D1WhWq3ARU7i6CT08ZjR82+Bnh0hdhdkYfRs2+FdA4270X5KjnpK4EXDa9Ww22owI7N8S0ydcII9g4AKjVUM+SkryjB8w34\/VE7vIPSsSLdgMLvlsGSIR2PI2hH7f87AW\/qKpRXWqGVk+8W53sH0OCRD6KZFVNPjx11h0\/QDTkkHc9QQ7+2GGUFeiiklK8lty9FnlY0fmCD45IHHmHrPIXG+oM4sP8Aqj\/00BD\/YvE2\/Qeq3qGBJh9PHQs2P12I0iemKmrMKA4c\/lUVDp+RD7+qeBtQ\/Xs7goYSVL68AzteLkdBmgcN1XVwDst5xhCE\/XAj3MEQQqHr93TshwZJqOaZkZ+fP3ZbnY10OQ+GnairboA7yYSSSqG9O1C+XoNrzTU4dNwvZ\/p6coc+lhaWsjKUCdu2Hdj9073Y8YQegbYavP6n8ZISDnrgbGuFo8uH4JCcOAGhHjcclM\/pCSAUO5AET6xPuiuFvE44rsh3qCjCwQAGhm7QBQ9hoJfy9wbHDbbROsb\/TDXfCO1M+WAE8kY8TrTGa1csQjuFuoXmDQVH2hAmT1eo19Hlj1tGqC9ip3h5Im1xwB25Q0dD\/fZ3OejnTniCU59mt7LJCNQvT2crWjvc8EdXTXUGeqVJHR4c7Xuoj\/6NbYNom5g6RBvF2DVeXdHQeb64fRU8yIA01ob8cHdMUpaM9\/wlhDLyUPKUCdrZaqhn65G\/yQz1kA\/ebjlTFP7j76ChWw9LjlpOubcoNUbk5eaN3ZbrRm+8Z5xwDWlR8L0imLRCe8lbyy3DpmwF\/BfOICBnE6+F0He6Vt6J7Eq2jGvvmHk3fuxNMia\/IG4\/FD1Vg33HgKK95eTjjMX\/4UEcbFOicFcF8lIoYciDxpo6tHaHoFAqoQjTnW1YCW1eGSofiwqB+hyoe+soXP3k+qfQZbseInOpYHzyRZQ+qhKzSOEkCaraDbsnDPWq8WGUvWZfjPuuF9uZKZzbReWl+uDyK6B8IEx3RJoMs80oe74YBqGtE4VnPTZUv90E7xCdk6xAWGjXDC3yv1sJa5aQISYUvdJA3qIdA\/OtqHwuH5oOwVYhGJYMwH3helQZBhRtp\/BG6hrd+F04+lYdHH1SPbgh2Gls\/8WQ5yDdncW20CCj9iu0+SjfZoVOuD3JdQeSlFAqqH8hsuCSErz4jIksGYvc18VFyPGdgM0XHikTSh2sz1UgfyT0CsJ1pBp1pwPSNaQrI5a9lMp+msomL6eqmuqVcwsI12bDQA3qe3Ox4wdWSNM+BNubB9DUrUH+y9thnS0mInD8IKo6MlH2kxIYJqtLOgX+j6pRfcKLkIL6Ol26lsr5+SirkG0hX5fQw0YMuF24nkxliTZVwvDN7ShbNd4icXHX40DtVayKarOIaG8HtE\/tQd7lqSx13B7CWG7T0Fj8pgaBy264gmkwPqSHOjqc6KzD\/sMBFPykEvniGJZw\/n4\/6vsLsHtbPomgdK3PzTQi7a8u+Gl8iPMwrIB2XTm2LHSg+ncODETZSGetQMVajViWOO+i5448tsSxtyULjrdq4QjSdUiS0pVZhaj4xzxIZ39xTP85Ie9Pje5P0ewGDOuXYYGcFCE18zq6PvoUg5r1dAcJwvbWGzjp16HopZ149rF1WFewDkumudFysgXedAvloUk87Eb96+\/j7HQzyn9UiWLKU5C\/DPMCnWi2OTC4eA0Ms4B+dzuFv178TfsNvFBRhg1LKTGGBcvW46HPzsDxmQkV\/7wNxXIbxXM9Pbj58Fb8+PnHUbC2AOuX3sDZFjvOBh9E3hJh6vXD\/bEDvXPMWJNNZQtu\/msNuDzXih\/s2IrCdUK7cjD9gg3NbT7MWfsI5k3rxqeCMbLXY9ksmky\/aYZPZcFzlY9BK0ww0VZe9KdtxEsvPYuNQhkr56C7owXtF2dgjTmLJq8fTdVvoz1M\/f+nbXic+i\/Y6cH+DhxvPoPhRyxYlErz69i7aO4zomw32WgdtX9xP07b2nFlxhqYs8Kw1dXBlWbFrn8i29DPV6VcRMvHZ\/FZVh4ejp6QIlJfL9KE6deX4IVtJdQ2KnP5PPR2tuHj071YsMaIOdMEr+RNvP3J32H+3o+x7fECrKN86x7sR0fTCZwJ58CyfBnWrE\/FZbKDmgR+Z9l60X7z4EPLqW6krF6JhQ9QlcMO\/KXBjb5pgxhSrcHKhcIKUAinjjfCp9uIYuOcyesSDEGT+d+PXcb8b7yEnc9uxDrhWi5PxcWTx2G7OgcFOfOoXOm6eAfSsHF7ZOytwpyrHWhpv4gZFjOyhDbFQ\/BgXJ\/AdaYNf\/jwLBQrv4tnTVHjbZjE4p3\/Ru\/S51CRP0saX71zYF5jwPhReWd0f9qMSwMDOHXsKFrOe+Cl9rTYWtB1cxFWLpJryZiF604bWrtuIDNzHlIVn8F7qh5\/PHUTy79TCqOYTbrWHv9NZJfJdhXG18AZsoUd9kvDWFOxC1s3STaa1+NE26lLIzYaN3fka3KmrR12yjdseQG7thSK12qVtgfO1nZcekAYk1\/sCt8dhqJxSEkW3WR\/N4Wj3pNwdCtg2Eye3ciiAN0lCmji6cJwU+gj3uUpTHAGNcjbUgx9ZOE5SQ3jU8UwpwTgaHHKiUSSHgVPW6C5k0UwhQEbNkctqGYUooBc9qDHRVNwAjoc5OZrYHmSPK+IlZLI23imjARTD2WfnCYgDPTfNMCTYkHFy3TXHmNVKmOzBepImsqEouV0P+v2wCUce+3o7FHCtDmq\/9RK\/RMUXiT70dkeHdrTHVVe1EZWMV7YuQMlK6KMIXrE0q5qdTl2vlwB661ciNl5KHvKONq2dCNKvk1tDVJo0SEkeGHv9EOZU4Ri\/ehAVeiLUZSjhL\/THn8tc6kReoUPl87Kx50kNDMtKCQP1HdRvqZ087jko74aDHQwtbrsHS6E5xegdHVU+Ec3ydJ8LcIXHLBHhbSaVZujxp4KJgorNXStPF1yUjzOH0Ndwwk0trgwoDIid8VYIzrfqyGf0IKSqT54EaKcffvGbzV2OcPEBP\/XD\/3WPdizezd279lL3puOvNXf4+hFOQP5hxueovHZ04raQ6\/gwIEq1HzgwQM5G5Ab43UoDBui7Eo235xLZ5Pntdga5Z2TZ\/a4GVqykTty3QRi5o5wTYTyw9MXwVow6pupltCcnU9X8n+i5uwXxL0VNpnpyeTq+66RcGlhyJETR1AiS0uD0u+DEDV6e0ghZmbBOM531UM7l4zn844Kz8y5yLzTFqvUoxNYRp2WJv4bu0IjELddKj3MuRYYorwgb5Mw0E0ofT5W1ATSkB5ThnoW1TscluoV7RSC6w8HcOAX0Vs9XNcpVPNfFc8xFBbBmETe7S\/345U3atHQ5kYwhfok6poS+d\/Ih7a\/FQf370fVm\/Vo7PRhevqtn1KqFhrHhww6HQRHuq9HkJGruEZmCJ2ncGxM2w6g\/lyIMl2jHHFIMsG0WAGvLGJOlweKhQbkLV0E5WWXJEDnyBNJMsAojpGp1OWFX7gb0kSuislTZaNRMtxHN1WhLIm0WMPPTqOrQdd7ogsezaOl2P2TPdj7s90offgaGqsp3JJvKEESqaMX0mApmehax2FVOfbu3Tt+K49dzBnF\/O0d2PGjH44RefVqK0wzyZu8IM8IbwNef7sNirUV2P0zqcw92zZAc7Eer1N4Gb3ilTYz6kYgkJSJTBJ95YwYL0F2TsYwwdzJnEfl0blj8yqR\/CV5Kn6nMjExF324Rp3LXBgxYggD0Z5NNEmKUe9pMDRmjWYMM5KRLO9+7tAMmMpyaFoKTZd+8gR65YTbRg3D2pinX7Rt2FiIwjWLpCzk6ZX+aC92V5YibyFwyVaLg\/92CE0RlynLisrde7BrazGJ8TVxrerAL+vgjHh4E3CTPLzxkOAKokPXJ4L6ofFty7dS2zblQW7dhJgeIp+Awl3xv8vkveeQZ0bemT6JbHWO5uVlmqCLjXRLGGUqdSkzTePzrBfy5MM0R850B4wsskdIUsKwqQCGYTccoj67cOxDuh2rVAiQ\/Wtrpe0D9wApnhsf0H7TiDd1dygEMVGNXoMICmHG0k1RwHv6HAKaXJQU6EZetVLMJy88n+zuduKL95u+OO6dsA0HYGtyIJhugkWILBbryBvww30uKP18BC+cbpIxnV4c0LqFWijCV+B2Sz8dYdAOF01a9cJsefH580Vs1+AluGIH6hUb6mrr0BoVv6bTHbNo4QDs75LQXJETp4popwGE02Kefq2ei9AlD4I3hYXuEA3iVrR2UaiWQV7P5jJs\/0kFzMk+dJ4RlI3sLDxNvRImh9KEwqcqseOn5FEEXXBEhxQxhMibckc\/jRQ444JnWAV9tvCmlAE6ClMGbqaNbRttcz\/zwNMvPOK5BSsoHL1OYc0pCkNv6AVNI0wwPgR43HZcuByA7qGIrE2lLh105E6GBhXIjsmTTWGvxxuCImoR\/XZxHatC1W9tY29mZJ9RB08JDXmd+nnjfJp7jA8Nr+7DgffExYpRaI4FaDqpZE80FL5JSvbAeA+LuVNhC+O6+DqFtHk6G1H7ahWa\/FrkCy66kGW2FQVLFPCdqEZdB03QIboQPW40vlULe78aFqvshudYkZsRhPP9ajSKrzkIj48dqBPWrChMyd9we8+ZxDta8Co8PqFtwQnDzCkht8vxh1q00oQRCAkvQ9Y1wfU3DcR5P4IKlq3lyJ\/th+1dCktjtfxWiHYSHg4cQkOnX2pvyAvb23WwXQY0emHYKsnzaUXj+4fJQ5Pb4r2Aq+SNJacI0qLCtXONOFp\/FE6\/UEIYfgrzguQTK6Voe0IUN1yof7MBTuExvfCqSGcDDh1zIzx\/NayLhRxqWPONQNdRSnfCL7w+IbwycJKu6UfkuWTo5UlF3jfZva\/bLY2JiDJQOGqYH4DjQwcGHhr1zEwk5qGLJ+Hw62FcISdOsS7TY7nQ9LbindpWSKagvnbWo\/ZPdE5a1l29IGt+1AhF90nUCPVT2eGgD84jJ0j8NdCL9tDDGnnNKWrbZCAjqwzYRPuS3e4WLQrW6hE+V4\/qD93wCTb10dx5+yjcSUZYciWrGwx6sb117VHxTh9d0za62WXobulNJzp3+FT0Mjzt7WiXt7MemkIUQmwpfwqmqLWneTkrMC94Ae0nbThpa0bLKSd80\/R4bOtzsC6IaGoqFq3IQaq3A7aPTsLWbEPrp10IaiwoKS+BSZ6YU33ylJaZip7ODthb2qhtV5G2fhnS4pw7tsyYp6JCux59EDcutKG5uVncWsjzCM4jV\/\/7GzF\/ulBC1FPRBbOwyLwIg44TaG65jFTTMizojfMEOebJsminfidsJ07gxF+orhYHvEmL8Y3yMqyUF7\/V2dlI\/d\/TaD5xXMzT4iDVW1KMrUWLoJymQFb2PAxSf44fp\/rJhvauINLznkXZavUEdy+pr8Gl30HRLCf++49\/xvHmFthd3cCiIrzwvTykT5OzZjyCFVq68dikeptPtsDhnY7Fm55D2cqINTOhDl+E45MWtHzcjgtDD8k2VJC31QWbux8LV5di2XwpN9Sf4eLJ8\/DPp2u8QngyLDOVulIXwWJMhaeN2twkXBehr\/3QrCjB94oWQ1riiboukTpF4qXLUP2mdD8+\/ZjKpfptrZ\/A1a+BpWQLNi2Mv3h0P56Kzpi\/DEtTvOhoacZHrTTPPiGxVT6Con\/8DpZFvFJq76KbLrT95TiOf0R52prpXyd6lUZ867kn5IdRseM6Qrz0sTaK17d46cLTXDd53+uXxTy9+Jy5\/ffY7hBh\/eJmymS\/ciO8WDkgLnp\/KX49KwJ5DsJLisr73i6p\/7f+1aRJbCS29SbSZqtGBWNSpmZ38QVopE249nOvmVJdwsujMb8+97VEHp8iMz6f6\/Nl53MTNoZhmM+LL5NfxDAMc09gYWMYJuFgYWMYJuFgYWMYJuFgYWMYJuFgYWMYJuFgYWMYJuFgYWMYJuFgYWMYJuFgYWMYJuFgYWMYJuFgYWMYJuFgYWMYJuFgYWMYJuFgYWMYJuFgYWMYJuFgYWMYJuFgYWMYJuFgYWMYJsEA\/g8K796QTthUdgAAAABJRU5ErkJggg==\" alt=\"\"><\/p>","protected":false},"excerpt":{"rendered":"<p>Tegund:&nbsp;1073.085.AB<\/p>","protected":false},"featured_media":80378,"comment_status":"closed","ping_status":"closed","template":"","meta":[],"product_brand":[],"product_cat":[518,545,571],"product_tag":[],"class_list":{"0":"post-65941","1":"product","2":"type-product","3":"status-publish","4":"has-post-thumbnail","6":"product_cat-honnunarlausnir","7":"product_cat-hurdabunadur","8":"product_cat-hurdarhunar","10":"first","11":"instock","12":"taxable","13":"shipping-taxable","14":"purchasable","15":"product-type-simple"},"yoast_head":"<!-- This site is optimized with the Yoast SEO plugin v27.3 - https:\/\/yoast.com\/product\/yoast-seo-wordpress\/ -->\n<title>RANDI Hur\u00f0arhandfang 1073 KOME Ry\u00f0fr\u00edtt COVER Fyrir \u00de\u00fdskar 1073.085.AB - V\u00e9lar &amp; Verkf\u00e6ri<\/title>\n<meta name=\"robots\" content=\"index, follow, max-snippet:-1, max-image-preview:large, max-video-preview:-1\" \/>\n<link rel=\"canonical\" href=\"https:\/\/velarogverkfaeri.is\/en\/lykillausnir\/hurdabunadur-lykillausnir\/hurdarhunar-hurdabunadur-lykillausnir\/product\/randi-hurdarhandfang-1073-kome-rydfritt-cover-fyrir-thyskar-1073-085-ab\/\" \/>\n<meta property=\"og:locale\" content=\"en_US\" \/>\n<meta property=\"og:type\" content=\"article\" \/>\n<meta property=\"og:title\" content=\"RANDI Hur\u00f0arhandfang 1073 KOME Ry\u00f0fr\u00edtt COVER Fyrir \u00de\u00fdskar 1073.085.AB - V\u00e9lar &amp; Verkf\u00e6ri\" \/>\n<meta property=\"og:description\" content=\"Tegund:&nbsp;1073.085.AB\" \/>\n<meta property=\"og:url\" content=\"https:\/\/velarogverkfaeri.is\/en\/lykillausnir\/hurdabunadur-lykillausnir\/hurdarhunar-hurdabunadur-lykillausnir\/product\/randi-hurdarhandfang-1073-kome-rydfritt-cover-fyrir-thyskar-1073-085-ab\/\" \/>\n<meta property=\"og:site_name\" content=\"V\u00e9lar &amp; Verkf\u00e6ri\" \/>\n<meta property=\"article:publisher\" content=\"https:\/\/www.facebook.com\/VelarOgVerkfaeri\" \/>\n<meta property=\"article:modified_time\" content=\"2026-02-23T16:05:03+00:00\" \/>\n<meta name=\"twitter:card\" content=\"summary_large_image\" \/>\n<script type=\"application\/ld+json\" class=\"yoast-schema-graph\">{\"@context\":\"https:\\\/\\\/schema.org\",\"@graph\":[{\"@type\":\"WebPage\",\"@id\":\"https:\\\/\\\/velarogverkfaeri.is\\\/lykillausnir\\\/hurdabunadur-lykillausnir\\\/hurdarhunar-hurdabunadur-lykillausnir\\\/product\\\/randi-hurdarhandfang-1073-kome-rydfritt-cover-fyrir-thyskar-1073-085-ab\\\/\",\"url\":\"https:\\\/\\\/velarogverkfaeri.is\\\/lykillausnir\\\/hurdabunadur-lykillausnir\\\/hurdarhunar-hurdabunadur-lykillausnir\\\/product\\\/randi-hurdarhandfang-1073-kome-rydfritt-cover-fyrir-thyskar-1073-085-ab\\\/\",\"name\":\"RANDI Hur\u00f0arhandfang 1073 KOME Ry\u00f0fr\u00edtt COVER Fyrir \u00de\u00fdskar 1073.085.AB - V\u00e9lar &amp; Verkf\u00e6ri\",\"isPartOf\":{\"@id\":\"https:\\\/\\\/velarogverkfaeri.is\\\/en\\\/#website\"},\"primaryImageOfPage\":{\"@id\":\"https:\\\/\\\/velarogverkfaeri.is\\\/lykillausnir\\\/hurdabunadur-lykillausnir\\\/hurdarhunar-hurdabunadur-lykillausnir\\\/product\\\/randi-hurdarhandfang-1073-kome-rydfritt-cover-fyrir-thyskar-1073-085-ab\\\/#primaryimage\"},\"image\":{\"@id\":\"https:\\\/\\\/velarogverkfaeri.is\\\/lykillausnir\\\/hurdabunadur-lykillausnir\\\/hurdarhunar-hurdabunadur-lykillausnir\\\/product\\\/randi-hurdarhandfang-1073-kome-rydfritt-cover-fyrir-thyskar-1073-085-ab\\\/#primaryimage\"},\"thumbnailUrl\":\"https:\\\/\\\/velarogverkfaeri.is\\\/wp-content\\\/uploads\\\/2026\\\/02\\\/f8624aa8-f80e-4710-ac58-525c02b57372.jpg\",\"datePublished\":\"2024-09-22T13:27:47+00:00\",\"dateModified\":\"2026-02-23T16:05:03+00:00\",\"breadcrumb\":{\"@id\":\"https:\\\/\\\/velarogverkfaeri.is\\\/lykillausnir\\\/hurdabunadur-lykillausnir\\\/hurdarhunar-hurdabunadur-lykillausnir\\\/product\\\/randi-hurdarhandfang-1073-kome-rydfritt-cover-fyrir-thyskar-1073-085-ab\\\/#breadcrumb\"},\"inLanguage\":\"en-US\",\"potentialAction\":[{\"@type\":\"ReadAction\",\"target\":[\"https:\\\/\\\/velarogverkfaeri.is\\\/lykillausnir\\\/hurdabunadur-lykillausnir\\\/hurdarhunar-hurdabunadur-lykillausnir\\\/product\\\/randi-hurdarhandfang-1073-kome-rydfritt-cover-fyrir-thyskar-1073-085-ab\\\/\"]}]},{\"@type\":\"ImageObject\",\"inLanguage\":\"en-US\",\"@id\":\"https:\\\/\\\/velarogverkfaeri.is\\\/lykillausnir\\\/hurdabunadur-lykillausnir\\\/hurdarhunar-hurdabunadur-lykillausnir\\\/product\\\/randi-hurdarhandfang-1073-kome-rydfritt-cover-fyrir-thyskar-1073-085-ab\\\/#primaryimage\",\"url\":\"https:\\\/\\\/velarogverkfaeri.is\\\/wp-content\\\/uploads\\\/2026\\\/02\\\/f8624aa8-f80e-4710-ac58-525c02b57372.jpg\",\"contentUrl\":\"https:\\\/\\\/velarogverkfaeri.is\\\/wp-content\\\/uploads\\\/2026\\\/02\\\/f8624aa8-f80e-4710-ac58-525c02b57372.jpg\",\"width\":458,\"height\":594},{\"@type\":\"BreadcrumbList\",\"@id\":\"https:\\\/\\\/velarogverkfaeri.is\\\/lykillausnir\\\/hurdabunadur-lykillausnir\\\/hurdarhunar-hurdabunadur-lykillausnir\\\/product\\\/randi-hurdarhandfang-1073-kome-rydfritt-cover-fyrir-thyskar-1073-085-ab\\\/#breadcrumb\",\"itemListElement\":[{\"@type\":\"ListItem\",\"position\":1,\"name\":\"Home\",\"item\":\"https:\\\/\\\/velarogverkfaeri.is\\\/\"},{\"@type\":\"ListItem\",\"position\":2,\"name\":\"Vefverslun\",\"item\":\"https:\\\/\\\/velarogverkfaeri.is\\\/vefverslun\\\/\"},{\"@type\":\"ListItem\",\"position\":3,\"name\":\"RANDI Hur\u00f0arhandfang 1073 KOME Ry\u00f0fr\u00edtt COVER Fyrir \u00de\u00fdskar 1073.085.AB\"}]},{\"@type\":\"WebSite\",\"@id\":\"https:\\\/\\\/velarogverkfaeri.is\\\/en\\\/#website\",\"url\":\"https:\\\/\\\/velarogverkfaeri.is\\\/en\\\/\",\"name\":\"V\u00e9lar & Verkf\u00e6ri\",\"description\":\"Umbo\u00f0s- og heildverslun fr\u00e1 \u00e1rinu 1919\",\"publisher\":{\"@id\":\"https:\\\/\\\/velarogverkfaeri.is\\\/en\\\/#organization\"},\"potentialAction\":[{\"@type\":\"SearchAction\",\"target\":{\"@type\":\"EntryPoint\",\"urlTemplate\":\"https:\\\/\\\/velarogverkfaeri.is\\\/en\\\/?s={search_term_string}\"},\"query-input\":{\"@type\":\"PropertyValueSpecification\",\"valueRequired\":true,\"valueName\":\"search_term_string\"}}],\"inLanguage\":\"en-US\"},{\"@type\":\"Organization\",\"@id\":\"https:\\\/\\\/velarogverkfaeri.is\\\/en\\\/#organization\",\"name\":\"V\u00e9lar & Verkf\u00e6ri\",\"url\":\"https:\\\/\\\/velarogverkfaeri.is\\\/en\\\/\",\"logo\":{\"@type\":\"ImageObject\",\"inLanguage\":\"en-US\",\"@id\":\"https:\\\/\\\/velarogverkfaeri.is\\\/en\\\/#\\\/schema\\\/logo\\\/image\\\/\",\"url\":\"https:\\\/\\\/velarogverkfaeri.is\\\/wp-content\\\/uploads\\\/2021\\\/10\\\/vv_logo_350x100.png\",\"contentUrl\":\"https:\\\/\\\/velarogverkfaeri.is\\\/wp-content\\\/uploads\\\/2021\\\/10\\\/vv_logo_350x100.png\",\"width\":350,\"height\":100,\"caption\":\"V\u00e9lar & Verkf\u00e6ri\"},\"image\":{\"@id\":\"https:\\\/\\\/velarogverkfaeri.is\\\/en\\\/#\\\/schema\\\/logo\\\/image\\\/\"},\"sameAs\":[\"https:\\\/\\\/www.facebook.com\\\/VelarOgVerkfaeri\"]}]}<\/script>\n<!-- \/ Yoast SEO plugin. -->","yoast_head_json":{"title":"RANDI Hur\u00f0arhandfang 1073 KOME Ry\u00f0fr\u00edtt COVER Fyrir \u00de\u00fdskar 1073.085.AB - V\u00e9lar &amp; Verkf\u00e6ri","robots":{"index":"index","follow":"follow","max-snippet":"max-snippet:-1","max-image-preview":"max-image-preview:large","max-video-preview":"max-video-preview:-1"},"canonical":"https:\/\/velarogverkfaeri.is\/en\/lykillausnir\/hurdabunadur-lykillausnir\/hurdarhunar-hurdabunadur-lykillausnir\/product\/randi-hurdarhandfang-1073-kome-rydfritt-cover-fyrir-thyskar-1073-085-ab\/","og_locale":"en_US","og_type":"article","og_title":"RANDI Hur\u00f0arhandfang 1073 KOME Ry\u00f0fr\u00edtt COVER Fyrir \u00de\u00fdskar 1073.085.AB - V\u00e9lar &amp; Verkf\u00e6ri","og_description":"Tegund:&nbsp;1073.085.AB","og_url":"https:\/\/velarogverkfaeri.is\/en\/lykillausnir\/hurdabunadur-lykillausnir\/hurdarhunar-hurdabunadur-lykillausnir\/product\/randi-hurdarhandfang-1073-kome-rydfritt-cover-fyrir-thyskar-1073-085-ab\/","og_site_name":"V\u00e9lar &amp; Verkf\u00e6ri","article_publisher":"https:\/\/www.facebook.com\/VelarOgVerkfaeri","article_modified_time":"2026-02-23T16:05:03+00:00","twitter_card":"summary_large_image","schema":{"@context":"https:\/\/schema.org","@graph":[{"@type":"WebPage","@id":"https:\/\/velarogverkfaeri.is\/lykillausnir\/hurdabunadur-lykillausnir\/hurdarhunar-hurdabunadur-lykillausnir\/product\/randi-hurdarhandfang-1073-kome-rydfritt-cover-fyrir-thyskar-1073-085-ab\/","url":"https:\/\/velarogverkfaeri.is\/lykillausnir\/hurdabunadur-lykillausnir\/hurdarhunar-hurdabunadur-lykillausnir\/product\/randi-hurdarhandfang-1073-kome-rydfritt-cover-fyrir-thyskar-1073-085-ab\/","name":"RANDI Hur\u00f0arhandfang 1073 KOME Ry\u00f0fr\u00edtt COVER Fyrir \u00de\u00fdskar 1073.085.AB - V\u00e9lar &amp; Verkf\u00e6ri","isPartOf":{"@id":"https:\/\/velarogverkfaeri.is\/en\/#website"},"primaryImageOfPage":{"@id":"https:\/\/velarogverkfaeri.is\/lykillausnir\/hurdabunadur-lykillausnir\/hurdarhunar-hurdabunadur-lykillausnir\/product\/randi-hurdarhandfang-1073-kome-rydfritt-cover-fyrir-thyskar-1073-085-ab\/#primaryimage"},"image":{"@id":"https:\/\/velarogverkfaeri.is\/lykillausnir\/hurdabunadur-lykillausnir\/hurdarhunar-hurdabunadur-lykillausnir\/product\/randi-hurdarhandfang-1073-kome-rydfritt-cover-fyrir-thyskar-1073-085-ab\/#primaryimage"},"thumbnailUrl":"https:\/\/velarogverkfaeri.is\/wp-content\/uploads\/2026\/02\/f8624aa8-f80e-4710-ac58-525c02b57372.jpg","datePublished":"2024-09-22T13:27:47+00:00","dateModified":"2026-02-23T16:05:03+00:00","breadcrumb":{"@id":"https:\/\/velarogverkfaeri.is\/lykillausnir\/hurdabunadur-lykillausnir\/hurdarhunar-hurdabunadur-lykillausnir\/product\/randi-hurdarhandfang-1073-kome-rydfritt-cover-fyrir-thyskar-1073-085-ab\/#breadcrumb"},"inLanguage":"en-US","potentialAction":[{"@type":"ReadAction","target":["https:\/\/velarogverkfaeri.is\/lykillausnir\/hurdabunadur-lykillausnir\/hurdarhunar-hurdabunadur-lykillausnir\/product\/randi-hurdarhandfang-1073-kome-rydfritt-cover-fyrir-thyskar-1073-085-ab\/"]}]},{"@type":"ImageObject","inLanguage":"en-US","@id":"https:\/\/velarogverkfaeri.is\/lykillausnir\/hurdabunadur-lykillausnir\/hurdarhunar-hurdabunadur-lykillausnir\/product\/randi-hurdarhandfang-1073-kome-rydfritt-cover-fyrir-thyskar-1073-085-ab\/#primaryimage","url":"https:\/\/velarogverkfaeri.is\/wp-content\/uploads\/2026\/02\/f8624aa8-f80e-4710-ac58-525c02b57372.jpg","contentUrl":"https:\/\/velarogverkfaeri.is\/wp-content\/uploads\/2026\/02\/f8624aa8-f80e-4710-ac58-525c02b57372.jpg","width":458,"height":594},{"@type":"BreadcrumbList","@id":"https:\/\/velarogverkfaeri.is\/lykillausnir\/hurdabunadur-lykillausnir\/hurdarhunar-hurdabunadur-lykillausnir\/product\/randi-hurdarhandfang-1073-kome-rydfritt-cover-fyrir-thyskar-1073-085-ab\/#breadcrumb","itemListElement":[{"@type":"ListItem","position":1,"name":"Home","item":"https:\/\/velarogverkfaeri.is\/"},{"@type":"ListItem","position":2,"name":"Vefverslun","item":"https:\/\/velarogverkfaeri.is\/vefverslun\/"},{"@type":"ListItem","position":3,"name":"RANDI Hur\u00f0arhandfang 1073 KOME Ry\u00f0fr\u00edtt COVER Fyrir \u00de\u00fdskar 1073.085.AB"}]},{"@type":"WebSite","@id":"https:\/\/velarogverkfaeri.is\/en\/#website","url":"https:\/\/velarogverkfaeri.is\/en\/","name":"V\u00e9lar & Verkf\u00e6ri","description":"Umbo\u00f0s- og heildverslun fr\u00e1 \u00e1rinu 1919","publisher":{"@id":"https:\/\/velarogverkfaeri.is\/en\/#organization"},"potentialAction":[{"@type":"SearchAction","target":{"@type":"EntryPoint","urlTemplate":"https:\/\/velarogverkfaeri.is\/en\/?s={search_term_string}"},"query-input":{"@type":"PropertyValueSpecification","valueRequired":true,"valueName":"search_term_string"}}],"inLanguage":"en-US"},{"@type":"Organization","@id":"https:\/\/velarogverkfaeri.is\/en\/#organization","name":"V\u00e9lar & Verkf\u00e6ri","url":"https:\/\/velarogverkfaeri.is\/en\/","logo":{"@type":"ImageObject","inLanguage":"en-US","@id":"https:\/\/velarogverkfaeri.is\/en\/#\/schema\/logo\/image\/","url":"https:\/\/velarogverkfaeri.is\/wp-content\/uploads\/2021\/10\/vv_logo_350x100.png","contentUrl":"https:\/\/velarogverkfaeri.is\/wp-content\/uploads\/2021\/10\/vv_logo_350x100.png","width":350,"height":100,"caption":"V\u00e9lar & Verkf\u00e6ri"},"image":{"@id":"https:\/\/velarogverkfaeri.is\/en\/#\/schema\/logo\/image\/"},"sameAs":["https:\/\/www.facebook.com\/VelarOgVerkfaeri"]}]}},"_links":{"self":[{"href":"https:\/\/velarogverkfaeri.is\/en\/wp-json\/wp\/v2\/product\/65941","targetHints":{"allow":["GET"]}}],"collection":[{"href":"https:\/\/velarogverkfaeri.is\/en\/wp-json\/wp\/v2\/product"}],"about":[{"href":"https:\/\/velarogverkfaeri.is\/en\/wp-json\/wp\/v2\/types\/product"}],"replies":[{"embeddable":true,"href":"https:\/\/velarogverkfaeri.is\/en\/wp-json\/wp\/v2\/comments?post=65941"}],"wp:featuredmedia":[{"embeddable":true,"href":"https:\/\/velarogverkfaeri.is\/en\/wp-json\/wp\/v2\/media\/80378"}],"wp:attachment":[{"href":"https:\/\/velarogverkfaeri.is\/en\/wp-json\/wp\/v2\/media?parent=65941"}],"wp:term":[{"taxonomy":"product_brand","embeddable":true,"href":"https:\/\/velarogverkfaeri.is\/en\/wp-json\/wp\/v2\/product_brand?post=65941"},{"taxonomy":"product_cat","embeddable":true,"href":"https:\/\/velarogverkfaeri.is\/en\/wp-json\/wp\/v2\/product_cat?post=65941"},{"taxonomy":"product_tag","embeddable":true,"href":"https:\/\/velarogverkfaeri.is\/en\/wp-json\/wp\/v2\/product_tag?post=65941"}],"curies":[{"name":"wp","href":"https:\/\/api.w.org\/{rel}","templated":true}]}}