{"id":64899,"date":"2024-09-08T11:12:26","date_gmt":"2024-09-08T11:12:26","guid":{"rendered":"https:\/\/velarogverkfaeri.is\/?post_type=product&#038;p=64899"},"modified":"2025-04-25T19:26:40","modified_gmt":"2025-04-25T19:26:40","slug":"stayer-kex-100-stk-p10-f-bj-120","status":"publish","type":"product","link":"https:\/\/velarogverkfaeri.is\/en\/verkfaeralausnir\/rafmagnsverkfaeri\/aukahlutir-med-rafmagnsverkfaerum-fagmenn\/product\/stayer-kex-100-stk-p10-f-bj-120\/","title":{"rendered":"STAYER Kex 100 stk P10 f. BJ 120"},"content":{"rendered":"<p><img decoding=\"async\" src=\"data:image\/png;base64,iVBORw0KGgoAAAANSUhEUgAAAoMAAAA3CAYAAAB3qkDEAAAAAXNSR0IArs4c6QAAAARnQU1BAACxjwv8YQUAAAAJcEhZcwAADsMAAA7DAcdvqGQAAAsFSURBVHhe7d17bJX1HcfxjxvxmJmWsbSoW7lIxzZaykopOcUWCt0BuagDYVFhUWChoLNinAymXDKh2wpkETET6lKKkYHjOlBg2JVCd0Qm90urlKNAj9FwiIQ2JDuGxf2ec34t5VJg2Bt73q+k4fn+fucp\/PHN9\/n+nud3Hm77yigrK9PAgQMFtAbyD62F3ENrIv\/QWi7PvW\/YPwEAAOBCNIMAAAAuFnlMXFxcrK5du9ohoGWdOHGC\/EOrIPfQmsg\/tBYn98aPH28j2ww6z469Xq8dAlqW3+9XZmamjYCWQ+6hNZF\/aC1O7vl8PhvxmBgAAMDVaAYBAABcjGYQAADAxWgGAQAAXIxmEAAAwMVoBgEAAFyMZhAAAMDFaAYBAABcjGYQAADAxWgGAQAAXIxmEAAAwMVoBgEAAFyMZhAAAMDFaAYBAABcjGYQAADAxWgGAQAAXIxmEAAAwMVoBoGbFlLlZr8C520IAMAtqOmawXCNzoRqFLZhQ7WV21WyeavKK2vsyEXhk\/7IXMmu6queCzQmsH6WZr911EaOkMoXT9fKwzZ0nN+n4hfe0IFmSa4jWpY3R+VnbAh3usnaBzSF8NmQahtbkJ43uXn2OsXvQo0qd5hr8PXy9Gq\/6+xRlTvX7x1HdabRvyas2pD5NzZLDUZTaYJmMKSS6VnKSEpRdsYs\/cuO1gkUDlf2L1cpGNyrZRNSNKao2s6YQlk6VUN+ulD7g6e0bU6WhkzfTkOIG9b+y4DWrvQraGOd92vNy6u0aN0+O2BUrteS0tPyeGwMNJmbr33A11a5WONSuygtPV0TVlyeW0e1dGSK0nqZ3By7\/GKNvNzZrZqdla7pb27Xzn9u0ZLHTJ4WVtnJBs5v1+zMy35XoFBjMiZrU\/C0gpvMtdw7VeW1dq6BYNEoZWSka67fDqBNaoJmMF79Z6zX22vylGhH6oVWKb\/Ao2l\/WarxuS+q6K0Xpfx5KomsYvZp0dNbNPi19ZqWm6v564vl3TRLS49FzgSuKy4pTQmHA\/rExtq9XQeyMpXw\/p76ghU8tFe1GT3Vw8YRzgrXWak2spoO14ai842sTJyVeGN3guAmN1v7gCbQ7QkteneP5g+38SW+r7Gvl2rbwqE2bkS7GA0o2KONrxfopd8t0oq\/5qm24FWVXLDzEWGVv\/SMKnwjG9TRkNbOyVdc\/mbNz31c4xeWaMXP92ragss6vpOFevaV7hqRY2O0WU3ymNjTIV5x34nV7Taut3+Xdvd7RIPvtnGXQRqcuFU795jjgN+spB\/RA\/2iU7pzkIYMqTarE1bPuEE9eurH2quKQDSs3OdX6phJSj1Zpt2h6NgnHx1Vj17J0UA12p3vU1papsaNHKbBvbpoXFGDVfCFKq2dmK5+3mFmPkfZSemaXdrgsYkz\/4RZbWfkROeHzNJBOwV3uqnaBzQFT6zi4uMVe9WnHh7FmLm49nfYuBExmfJlx9rA6ObU1CoFP7exEd4xWzMP5argybo66qjWx0e6K6PvxXN73D9S7bftUqWNnc8UT12sbvPn6sH2dghtVrN+gSR44qh0912Ks7H0bcV1lM7VhM2K4bgCXTo1mJPiOnhU+wV7a3CD2iUrKaVKgUgzWK3d\/+io3r3vU+9Mv3ZH9g1WqWK\/R6m9OjmBwpumaeLqZC3ac1h\/9+\/R+3sKzMr2Yc2zF+jKVydo9he5Wn1oj5k\/rF1rRmn3pClaawtjZP50rjYesue\/9bTujU4Bl7hm7QPaqPDOLdqZkCNvgh04v135U\/dq7Kt5SmxnxyLiFd+1Su9\/cPF6XftZtc6FqlW3hTpYNFnLui7QrCENmk20Wc3aDF4pXh3NSvnTz07b+FJx93Q2K5KrzwFX6qTU3h4dPGQuvCG\/dp51iphHXl+mdpbvky4ETKNomsPIs42wSjZuVeLkp9U\/JnKy1OFRTXg8rJWrt5vgqN5dVa0RT+XWFz1P71zl9vNr5WbnbnV03ufM163EO9wlyhxuzLVrH9DqnMbvuS0a8GKufRxco\/I501Tx1GuafMU+iE4a\/cxIVU4frikvTNfsScM1rrBK9TcAA4V6trC75s0dqrpyi7ateZvBdpc\/PKlW4LjUrWsn6ZtX3r7+JFClxMS6JQlwfT3S7lPwoyqFK\/brQFafSBFz9hK2d\/YNVh7RwcQ++tGdzidPKxSU7u3S2QnqOQsQ\/cc5Oq1gqJMSu0aGregFXJH9M868aRDv5JsouAHXqn1AW3MhpHeef0Y7fEvr7+SFd+Rr5nopNvBnzXYavoUbFDy5QQteWKxyUwtjchZp24FlmpA1SCNmrNfGgmHyeGJN81et4l\/l6+MO\/9a7vzfnmXOXfSAdXG6OL3n7A9qSZm0GE3r1UcyhI7JbuoyQgsfilXCPOUzqLe+xo\/qwfqNqSKc\/NRfrhEsv1sC1eJL6KNG\/V+sq9iq1b8\/oYEqO+p98T+Um94K9e9rN\/R0Vb9YZH1aYK3IDnwZPKSbGWc92VEJ8tSo+avgYz+TrCVMMI\/tunHnzxyUbq4Gru2btA9qUGpXPyNGsUJ6K\/jDo4p28hIc0a\/E8jc0epAGm4RvQt7vax3ZXRlaavvut6Ec8Md3lHT5U3kSPzvhLFch2FuR3yJu7VPPzRkXPMz89zKI6LskcJ3WMnog2p3nvDKaO0gOnC7XUbsKv3bZcb8c\/qsEpJoj\/iUb026AldRv4A6u0ctdQPZjDnRf8DxJ7KjW8S2s3SgMynG7Nkazeme9p7ZtH5E2zDaI88j02UueKClVy1g4FCrVghUcPjEgzQbIenthdJX8qVMD2g7Wl87Rkf6ZGZDu\/N1kDhsXqHWfeNoS1O0r5Agmu7lq1D2hNgQ1akL\/B1jHTCE7P0dTjeVq96uIWGYcnMVM+0+jV\/2QnK6ZDsvoPz1Si87QlsE8H6mrp2a2a\/8fjeuwXI02ljVePhueZn4xO0vf6muOUuhqNtubrN4OlU5Wc2EXJOfmq1AZNcY6HFUZf7dEuTVNfe1QfPpmiDOcdRXmnNKXoebsfIV6jf1uguCJf5B1EGcOXK+n1BfJFHukBN+o+eXOqVHmyn1K72CFTjry+dFUeM9fkpIvFx5MzXytmnNPcjB8o2+Rj2pBCdXu5VDPTo\/MJE9dpSdbf9LNeKbrffCbjyVMavWaJRttvhKY+t1yT2+XroWQzn5qiMZvamxVxdA4udNO1D\/i6qlU8zOSbybkp66XKgqzI8a9Lo7PBQl80NydtkI7l637n+Hlnb7SZ21GoYrMoLv\/cHL\/xhKasCSl82NS1H0Z\/X+THfrZxYVX6X9HUulqaPlM1v1lXX0tx67ntK6OsrExer9cONYMLYdWeDev2DrHyXPKNJIfzdnKzeo6NVww3BV3J7\/crMzPTRi3gmvloOP+jhEnJmHgzb4cact5D+OU3TL6ycLnlNXvuXS\/X4GotXvsiTE7WmvrWFBdc8vuW5eSez+ezUUt9m7id886jxpIl+j4kGkG0mGvmoxF5f9fVG0GHJ4ZGEDfoerkGtDiTk011wSW\/\/2+0TDMIAACANolmEAAAwMVoBgEAAFyMZhAAAMDFaAYBAABcjGYQAADAxWgGAQAAXIxmEAAAwMVoBgEAAFyMZhAAAMDFaAYBAABcjGYQAADAxWgGAQAAXIxmEAAAwMVoBgEAAFyMZhAAAMDFaAYBAABcjGYQAADAxW77yiguLlZCQoIdAlrWqVOn1LlzZxsBLYfcQ2si\/9BanNybOHGijWwzWFZWpoEDB9ohoGWRf2gt5B5aE\/mH1nJp7kn\/BbEc3ExgcKsYAAAAAElFTkSuQmCC\" alt=\"\"><\/p>","protected":false},"excerpt":{"rendered":"<p>Tegund:&nbsp;11.2494<\/p>","protected":false},"featured_media":67941,"comment_status":"closed","ping_status":"closed","template":"","meta":[],"product_brand":[],"product_cat":[739,592,515],"product_tag":[],"class_list":{"0":"post-64899","1":"product","2":"type-product","3":"status-publish","4":"has-post-thumbnail","6":"product_cat-aukahlutir-med-rafmagnsverkfaerum-fagmenn","7":"product_cat-rafmagnsverkfaeri","8":"product_cat-verkfaeralausnir","10":"first","11":"instock","12":"taxable","13":"shipping-taxable","14":"purchasable","15":"product-type-simple"},"yoast_head":"<!-- This site is optimized with the Yoast SEO plugin v27.3 - https:\/\/yoast.com\/product\/yoast-seo-wordpress\/ -->\n<title>STAYER Kex 100 stk P10 f. BJ 120 - V\u00e9lar &amp; Verkf\u00e6ri<\/title>\n<meta name=\"robots\" content=\"index, follow, max-snippet:-1, max-image-preview:large, max-video-preview:-1\" \/>\n<link rel=\"canonical\" href=\"https:\/\/velarogverkfaeri.is\/en\/verkfaeralausnir\/rafmagnsverkfaeri\/aukahlutir-med-rafmagnsverkfaerum-fagmenn\/product\/stayer-kex-100-stk-p10-f-bj-120\/\" \/>\n<meta property=\"og:locale\" content=\"en_US\" \/>\n<meta property=\"og:type\" content=\"article\" \/>\n<meta property=\"og:title\" content=\"STAYER Kex 100 stk P10 f. BJ 120 - V\u00e9lar &amp; Verkf\u00e6ri\" \/>\n<meta property=\"og:description\" content=\"Tegund:&nbsp;11.2494\" \/>\n<meta property=\"og:url\" content=\"https:\/\/velarogverkfaeri.is\/en\/verkfaeralausnir\/rafmagnsverkfaeri\/aukahlutir-med-rafmagnsverkfaerum-fagmenn\/product\/stayer-kex-100-stk-p10-f-bj-120\/\" \/>\n<meta property=\"og:site_name\" content=\"V\u00e9lar &amp; Verkf\u00e6ri\" \/>\n<meta property=\"article:publisher\" content=\"https:\/\/www.facebook.com\/VelarOgVerkfaeri\" \/>\n<meta property=\"article:modified_time\" content=\"2025-04-25T19:26:40+00:00\" \/>\n<meta property=\"og:image\" content=\"https:\/\/velarogverkfaeri.is\/wp-content\/uploads\/2024\/10\/c473a676-33d4-42d0-acba-2a20a740e843.jpeg\" \/>\n\t<meta property=\"og:image:width\" content=\"568\" \/>\n\t<meta property=\"og:image:height\" content=\"568\" \/>\n\t<meta property=\"og:image:type\" content=\"image\/jpeg\" \/>\n<meta name=\"twitter:card\" content=\"summary_large_image\" \/>\n<script type=\"application\/ld+json\" class=\"yoast-schema-graph\">{\"@context\":\"https:\\\/\\\/schema.org\",\"@graph\":[{\"@type\":\"WebPage\",\"@id\":\"https:\\\/\\\/velarogverkfaeri.is\\\/verkfaeralausnir\\\/rafmagnsverkfaeri\\\/aukahlutir-med-rafmagnsverkfaerum-fagmenn\\\/product\\\/stayer-kex-100-stk-p10-f-bj-120\\\/\",\"url\":\"https:\\\/\\\/velarogverkfaeri.is\\\/verkfaeralausnir\\\/rafmagnsverkfaeri\\\/aukahlutir-med-rafmagnsverkfaerum-fagmenn\\\/product\\\/stayer-kex-100-stk-p10-f-bj-120\\\/\",\"name\":\"STAYER Kex 100 stk P10 f. BJ 120 - V\u00e9lar &amp; Verkf\u00e6ri\",\"isPartOf\":{\"@id\":\"https:\\\/\\\/velarogverkfaeri.is\\\/en\\\/#website\"},\"primaryImageOfPage\":{\"@id\":\"https:\\\/\\\/velarogverkfaeri.is\\\/verkfaeralausnir\\\/rafmagnsverkfaeri\\\/aukahlutir-med-rafmagnsverkfaerum-fagmenn\\\/product\\\/stayer-kex-100-stk-p10-f-bj-120\\\/#primaryimage\"},\"image\":{\"@id\":\"https:\\\/\\\/velarogverkfaeri.is\\\/verkfaeralausnir\\\/rafmagnsverkfaeri\\\/aukahlutir-med-rafmagnsverkfaerum-fagmenn\\\/product\\\/stayer-kex-100-stk-p10-f-bj-120\\\/#primaryimage\"},\"thumbnailUrl\":\"https:\\\/\\\/velarogverkfaeri.is\\\/wp-content\\\/uploads\\\/2024\\\/10\\\/c473a676-33d4-42d0-acba-2a20a740e843.jpeg\",\"datePublished\":\"2024-09-08T11:12:26+00:00\",\"dateModified\":\"2025-04-25T19:26:40+00:00\",\"breadcrumb\":{\"@id\":\"https:\\\/\\\/velarogverkfaeri.is\\\/verkfaeralausnir\\\/rafmagnsverkfaeri\\\/aukahlutir-med-rafmagnsverkfaerum-fagmenn\\\/product\\\/stayer-kex-100-stk-p10-f-bj-120\\\/#breadcrumb\"},\"inLanguage\":\"en-US\",\"potentialAction\":[{\"@type\":\"ReadAction\",\"target\":[\"https:\\\/\\\/velarogverkfaeri.is\\\/verkfaeralausnir\\\/rafmagnsverkfaeri\\\/aukahlutir-med-rafmagnsverkfaerum-fagmenn\\\/product\\\/stayer-kex-100-stk-p10-f-bj-120\\\/\"]}]},{\"@type\":\"ImageObject\",\"inLanguage\":\"en-US\",\"@id\":\"https:\\\/\\\/velarogverkfaeri.is\\\/verkfaeralausnir\\\/rafmagnsverkfaeri\\\/aukahlutir-med-rafmagnsverkfaerum-fagmenn\\\/product\\\/stayer-kex-100-stk-p10-f-bj-120\\\/#primaryimage\",\"url\":\"https:\\\/\\\/velarogverkfaeri.is\\\/wp-content\\\/uploads\\\/2024\\\/10\\\/c473a676-33d4-42d0-acba-2a20a740e843.jpeg\",\"contentUrl\":\"https:\\\/\\\/velarogverkfaeri.is\\\/wp-content\\\/uploads\\\/2024\\\/10\\\/c473a676-33d4-42d0-acba-2a20a740e843.jpeg\",\"width\":568,\"height\":568},{\"@type\":\"BreadcrumbList\",\"@id\":\"https:\\\/\\\/velarogverkfaeri.is\\\/verkfaeralausnir\\\/rafmagnsverkfaeri\\\/aukahlutir-med-rafmagnsverkfaerum-fagmenn\\\/product\\\/stayer-kex-100-stk-p10-f-bj-120\\\/#breadcrumb\",\"itemListElement\":[{\"@type\":\"ListItem\",\"position\":1,\"name\":\"Home\",\"item\":\"https:\\\/\\\/velarogverkfaeri.is\\\/\"},{\"@type\":\"ListItem\",\"position\":2,\"name\":\"Vefverslun\",\"item\":\"https:\\\/\\\/velarogverkfaeri.is\\\/vefverslun\\\/\"},{\"@type\":\"ListItem\",\"position\":3,\"name\":\"STAYER Kex 100 stk P10 f. BJ 120\"}]},{\"@type\":\"WebSite\",\"@id\":\"https:\\\/\\\/velarogverkfaeri.is\\\/en\\\/#website\",\"url\":\"https:\\\/\\\/velarogverkfaeri.is\\\/en\\\/\",\"name\":\"V\u00e9lar & Verkf\u00e6ri\",\"description\":\"Umbo\u00f0s- og heildverslun fr\u00e1 \u00e1rinu 1919\",\"publisher\":{\"@id\":\"https:\\\/\\\/velarogverkfaeri.is\\\/en\\\/#organization\"},\"potentialAction\":[{\"@type\":\"SearchAction\",\"target\":{\"@type\":\"EntryPoint\",\"urlTemplate\":\"https:\\\/\\\/velarogverkfaeri.is\\\/en\\\/?s={search_term_string}\"},\"query-input\":{\"@type\":\"PropertyValueSpecification\",\"valueRequired\":true,\"valueName\":\"search_term_string\"}}],\"inLanguage\":\"en-US\"},{\"@type\":\"Organization\",\"@id\":\"https:\\\/\\\/velarogverkfaeri.is\\\/en\\\/#organization\",\"name\":\"V\u00e9lar & Verkf\u00e6ri\",\"url\":\"https:\\\/\\\/velarogverkfaeri.is\\\/en\\\/\",\"logo\":{\"@type\":\"ImageObject\",\"inLanguage\":\"en-US\",\"@id\":\"https:\\\/\\\/velarogverkfaeri.is\\\/en\\\/#\\\/schema\\\/logo\\\/image\\\/\",\"url\":\"https:\\\/\\\/velarogverkfaeri.is\\\/wp-content\\\/uploads\\\/2021\\\/10\\\/vv_logo_350x100.png\",\"contentUrl\":\"https:\\\/\\\/velarogverkfaeri.is\\\/wp-content\\\/uploads\\\/2021\\\/10\\\/vv_logo_350x100.png\",\"width\":350,\"height\":100,\"caption\":\"V\u00e9lar & Verkf\u00e6ri\"},\"image\":{\"@id\":\"https:\\\/\\\/velarogverkfaeri.is\\\/en\\\/#\\\/schema\\\/logo\\\/image\\\/\"},\"sameAs\":[\"https:\\\/\\\/www.facebook.com\\\/VelarOgVerkfaeri\"]}]}<\/script>\n<!-- \/ Yoast SEO plugin. -->","yoast_head_json":{"title":"STAYER Kex 100 stk P10 f. BJ 120 - V\u00e9lar &amp; Verkf\u00e6ri","robots":{"index":"index","follow":"follow","max-snippet":"max-snippet:-1","max-image-preview":"max-image-preview:large","max-video-preview":"max-video-preview:-1"},"canonical":"https:\/\/velarogverkfaeri.is\/en\/verkfaeralausnir\/rafmagnsverkfaeri\/aukahlutir-med-rafmagnsverkfaerum-fagmenn\/product\/stayer-kex-100-stk-p10-f-bj-120\/","og_locale":"en_US","og_type":"article","og_title":"STAYER Kex 100 stk P10 f. BJ 120 - V\u00e9lar &amp; Verkf\u00e6ri","og_description":"Tegund:&nbsp;11.2494","og_url":"https:\/\/velarogverkfaeri.is\/en\/verkfaeralausnir\/rafmagnsverkfaeri\/aukahlutir-med-rafmagnsverkfaerum-fagmenn\/product\/stayer-kex-100-stk-p10-f-bj-120\/","og_site_name":"V\u00e9lar &amp; Verkf\u00e6ri","article_publisher":"https:\/\/www.facebook.com\/VelarOgVerkfaeri","article_modified_time":"2025-04-25T19:26:40+00:00","og_image":[{"width":568,"height":568,"url":"https:\/\/velarogverkfaeri.is\/wp-content\/uploads\/2024\/10\/c473a676-33d4-42d0-acba-2a20a740e843.jpeg","type":"image\/jpeg"}],"twitter_card":"summary_large_image","schema":{"@context":"https:\/\/schema.org","@graph":[{"@type":"WebPage","@id":"https:\/\/velarogverkfaeri.is\/verkfaeralausnir\/rafmagnsverkfaeri\/aukahlutir-med-rafmagnsverkfaerum-fagmenn\/product\/stayer-kex-100-stk-p10-f-bj-120\/","url":"https:\/\/velarogverkfaeri.is\/verkfaeralausnir\/rafmagnsverkfaeri\/aukahlutir-med-rafmagnsverkfaerum-fagmenn\/product\/stayer-kex-100-stk-p10-f-bj-120\/","name":"STAYER Kex 100 stk P10 f. BJ 120 - V\u00e9lar &amp; Verkf\u00e6ri","isPartOf":{"@id":"https:\/\/velarogverkfaeri.is\/en\/#website"},"primaryImageOfPage":{"@id":"https:\/\/velarogverkfaeri.is\/verkfaeralausnir\/rafmagnsverkfaeri\/aukahlutir-med-rafmagnsverkfaerum-fagmenn\/product\/stayer-kex-100-stk-p10-f-bj-120\/#primaryimage"},"image":{"@id":"https:\/\/velarogverkfaeri.is\/verkfaeralausnir\/rafmagnsverkfaeri\/aukahlutir-med-rafmagnsverkfaerum-fagmenn\/product\/stayer-kex-100-stk-p10-f-bj-120\/#primaryimage"},"thumbnailUrl":"https:\/\/velarogverkfaeri.is\/wp-content\/uploads\/2024\/10\/c473a676-33d4-42d0-acba-2a20a740e843.jpeg","datePublished":"2024-09-08T11:12:26+00:00","dateModified":"2025-04-25T19:26:40+00:00","breadcrumb":{"@id":"https:\/\/velarogverkfaeri.is\/verkfaeralausnir\/rafmagnsverkfaeri\/aukahlutir-med-rafmagnsverkfaerum-fagmenn\/product\/stayer-kex-100-stk-p10-f-bj-120\/#breadcrumb"},"inLanguage":"en-US","potentialAction":[{"@type":"ReadAction","target":["https:\/\/velarogverkfaeri.is\/verkfaeralausnir\/rafmagnsverkfaeri\/aukahlutir-med-rafmagnsverkfaerum-fagmenn\/product\/stayer-kex-100-stk-p10-f-bj-120\/"]}]},{"@type":"ImageObject","inLanguage":"en-US","@id":"https:\/\/velarogverkfaeri.is\/verkfaeralausnir\/rafmagnsverkfaeri\/aukahlutir-med-rafmagnsverkfaerum-fagmenn\/product\/stayer-kex-100-stk-p10-f-bj-120\/#primaryimage","url":"https:\/\/velarogverkfaeri.is\/wp-content\/uploads\/2024\/10\/c473a676-33d4-42d0-acba-2a20a740e843.jpeg","contentUrl":"https:\/\/velarogverkfaeri.is\/wp-content\/uploads\/2024\/10\/c473a676-33d4-42d0-acba-2a20a740e843.jpeg","width":568,"height":568},{"@type":"BreadcrumbList","@id":"https:\/\/velarogverkfaeri.is\/verkfaeralausnir\/rafmagnsverkfaeri\/aukahlutir-med-rafmagnsverkfaerum-fagmenn\/product\/stayer-kex-100-stk-p10-f-bj-120\/#breadcrumb","itemListElement":[{"@type":"ListItem","position":1,"name":"Home","item":"https:\/\/velarogverkfaeri.is\/"},{"@type":"ListItem","position":2,"name":"Vefverslun","item":"https:\/\/velarogverkfaeri.is\/vefverslun\/"},{"@type":"ListItem","position":3,"name":"STAYER Kex 100 stk P10 f. BJ 120"}]},{"@type":"WebSite","@id":"https:\/\/velarogverkfaeri.is\/en\/#website","url":"https:\/\/velarogverkfaeri.is\/en\/","name":"V\u00e9lar & Verkf\u00e6ri","description":"Umbo\u00f0s- og heildverslun fr\u00e1 \u00e1rinu 1919","publisher":{"@id":"https:\/\/velarogverkfaeri.is\/en\/#organization"},"potentialAction":[{"@type":"SearchAction","target":{"@type":"EntryPoint","urlTemplate":"https:\/\/velarogverkfaeri.is\/en\/?s={search_term_string}"},"query-input":{"@type":"PropertyValueSpecification","valueRequired":true,"valueName":"search_term_string"}}],"inLanguage":"en-US"},{"@type":"Organization","@id":"https:\/\/velarogverkfaeri.is\/en\/#organization","name":"V\u00e9lar & Verkf\u00e6ri","url":"https:\/\/velarogverkfaeri.is\/en\/","logo":{"@type":"ImageObject","inLanguage":"en-US","@id":"https:\/\/velarogverkfaeri.is\/en\/#\/schema\/logo\/image\/","url":"https:\/\/velarogverkfaeri.is\/wp-content\/uploads\/2021\/10\/vv_logo_350x100.png","contentUrl":"https:\/\/velarogverkfaeri.is\/wp-content\/uploads\/2021\/10\/vv_logo_350x100.png","width":350,"height":100,"caption":"V\u00e9lar & Verkf\u00e6ri"},"image":{"@id":"https:\/\/velarogverkfaeri.is\/en\/#\/schema\/logo\/image\/"},"sameAs":["https:\/\/www.facebook.com\/VelarOgVerkfaeri"]}]}},"_links":{"self":[{"href":"https:\/\/velarogverkfaeri.is\/en\/wp-json\/wp\/v2\/product\/64899","targetHints":{"allow":["GET"]}}],"collection":[{"href":"https:\/\/velarogverkfaeri.is\/en\/wp-json\/wp\/v2\/product"}],"about":[{"href":"https:\/\/velarogverkfaeri.is\/en\/wp-json\/wp\/v2\/types\/product"}],"replies":[{"embeddable":true,"href":"https:\/\/velarogverkfaeri.is\/en\/wp-json\/wp\/v2\/comments?post=64899"}],"wp:featuredmedia":[{"embeddable":true,"href":"https:\/\/velarogverkfaeri.is\/en\/wp-json\/wp\/v2\/media\/67941"}],"wp:attachment":[{"href":"https:\/\/velarogverkfaeri.is\/en\/wp-json\/wp\/v2\/media?parent=64899"}],"wp:term":[{"taxonomy":"product_brand","embeddable":true,"href":"https:\/\/velarogverkfaeri.is\/en\/wp-json\/wp\/v2\/product_brand?post=64899"},{"taxonomy":"product_cat","embeddable":true,"href":"https:\/\/velarogverkfaeri.is\/en\/wp-json\/wp\/v2\/product_cat?post=64899"},{"taxonomy":"product_tag","embeddable":true,"href":"https:\/\/velarogverkfaeri.is\/en\/wp-json\/wp\/v2\/product_tag?post=64899"}],"curies":[{"name":"wp","href":"https:\/\/api.w.org\/{rel}","templated":true}]}}